{"id":166195,"date":"2023-06-16T11:31:43","date_gmt":"2023-06-16T11:31:43","guid":{"rendered":"http:\/\/talkpal.ai\/ermenice-dilbilgisi-alistirmalari\/"},"modified":"2025-05-22T19:39:57","modified_gmt":"2025-05-22T19:39:57","slug":"ermenice-dilbilgisi-alistirmalari","status":"publish","type":"page","link":"https:\/\/talkpal.ai\/tr\/ermenice-dilbilgisi-alistirmalari\/","title":{"rendered":"Ermenice Dilbilgisi Al\u0131\u015ft\u0131rmalar\u0131"},"content":{"rendered":"\r\n\r\n\r\n<section class=\"languageChallengeSection\">\r\n    <div class=\"languageInfoWrapper\">\r\n        \r\n        <h1>Ermenice Dilbilgisi Al\u0131\u015ft\u0131rmalar\u0131<\/h1>\r\n        <p>Hadi baz\u0131 kolay ve e\u011flenceli al\u0131\u015ft\u0131rmalarla Ermenice dilbilgisini tan\u0131yal\u0131m! Bu aktiviteler temel bilgilere al\u0131\u015fman\u0131za yard\u0131mc\u0131 olacak ve \u00f6\u011frenme yolculu\u011funuza harika bir ba\u015flang\u0131\u00e7 yapman\u0131z\u0131 sa\u011flayacakt\u0131r.<\/p>\r\n\r\n                            <a class=\"getStartedHidden\" href=\"https:\/\/app.talkpal.ai\/tr\/signup?lng=\">Hadi ba\u015fla<\/a>\r\n        \r\n    <\/div>\r\n\r\n    <figure>\r\n    <img decoding=\"async\" width=\"768\" height=\"768\" src=\"https:\/\/talkpal.ai\/wp-content\/uploads\/2023\/06\/armenian-768x768.png\" class=\"languageImage no-lazy\" alt=\"Language learning for higher cognition\" fetchpriority=\"high\" sizes=\"(max-width: 768px) 150px, 768px\" srcset=\"https:\/\/talkpal.ai\/wp-content\/uploads\/2023\/06\/armenian-768x768.png 768w, https:\/\/talkpal.ai\/wp-content\/uploads\/2023\/06\/armenian-300x300.png 300w\" \/>\r\n    \r\n\r\n    <\/figure>\r\n\r\n            <a class=\"getStartedVisible\" href=\"https:\/\/app.talkpal.ai\/tr\/signup?lng=\">Hadi ba\u015fla<\/a>\r\n    \r\n<\/section>\r\n\r\n\r\n<!-- <section class=\"grammarSection\">\r\n    <div class=\"grammarLinks\">\r\n            <\/div>\r\n<\/section> -->\r\n\r\n\r\n\r\n\r\n<section class=\"promotionalBanner\">\r\n    <p class=\"promotionalText\">Dil \u00f6\u011frenmenin en etkili yolu<\/p>\r\n    <a class=\"promotionalLink\" href=\"https:\/\/app.talkpal.ai\/tr\/signup?lng=\">Talkpal \u00fccretsiz deneyin<\/a>\r\n<\/section>\n<div class=\"wp-block-group pageContainerStyle\"><div class=\"wp-block-group__inner-container is-layout-constrained wp-block-group-is-layout-constrained\">\n<h2 class=\"wp-block-heading\" id=\"h-armenian-grammar-topics\">Ermenice Dilbilgisi Konular\u0131<\/h2>\n\n\n\n<p>Ermenice, esas olarak Ermenistan Cumhuriyeti&#8217;nde ve d\u00fcnyadaki <a href=\"https:\/\/talkpal.ai\/learn-armenian\/\">Ermeni<\/a> diasporas\u0131 taraf\u0131ndan konu\u015fulan bir Hint-Avrupa dilidir. Uzun bir ge\u00e7mi\u015fi ve benzersiz yaz\u0131 sistemi ile Ermenice, dil \u00f6\u011frenenler i\u00e7in b\u00fcy\u00fcleyici bir dil deneyimi sunar. Her dilde oldu\u011fu gibi, grameri anlamak Ermenice&#8217;ye hakim olman\u0131n \u00f6nemli bir par\u00e7as\u0131d\u0131r. Bu k\u0131lavuz, dilde sa\u011flam bir temel edinmenize yard\u0131mc\u0131 olmak i\u00e7in temel <a href=\"https:\/\/talkpal.ai\/armenian-grammar\/\">Ermenice dilbilgisi<\/a> konular\u0131na genel bir bak\u0131\u015f sa\u011flar. \u00d6nerilen konu s\u0131ras\u0131n\u0131 takip ederek Ermeniceyi daha etkili ve verimli bir \u015fekilde \u00f6\u011frenebileceksiniz.<\/p>\n\n\n\n<h3 class=\"wp-block-heading\" id=\"h-1-nouns\">1. \u0130simler:<\/h3>\n\n\n\n<p><a href=\"https:\/\/talkpal.ai\/armenian-grammar\/\">Ermenice dilbilgisi<\/a> yolculu\u011funuza herhangi bir dilin bel kemi\u011fi olan isimlerle ba\u015flay\u0131n. Ermenice isim s\u0131n\u0131flar\u0131 (yayg\u0131n ve uygun), \u00e7ekim ve durumlar (nominatif, genitive, dative, accusative, ablative, instrumental ve locative) hakk\u0131nda bilgi edinin. Ermenicede isimlerin nas\u0131l i\u015fledi\u011fini anlamak, c\u00fcmle kurmak i\u00e7in sa\u011flam bir temel sa\u011flayacakt\u0131r.<\/p>\n\n\n\n<h3 class=\"wp-block-heading\" id=\"h-2-articles\">2. Makaleler:<\/h3>\n\n\n\n<p>Ermenice, \u0130ngilizce&#8217;ye benzer \u015fekilde belirli ve belirsiz artikellere sahiptir. Spesifikli\u011fi belirtmek ve tutarl\u0131 c\u00fcmleler olu\u015fturmak i\u00e7in bunlar\u0131 isimlerle nas\u0131l do\u011fru kullanaca\u011f\u0131n\u0131z\u0131 \u00f6\u011frenin.<\/p>\n\n\n\n<h3 class=\"wp-block-heading\" id=\"h-3-adjectives\">3. S\u0131fatlar:<\/h3>\n\n\n\n<p>S\u0131fatlar, isimleri tan\u0131mlamak i\u00e7in gereklidir. Cinsiyet, say\u0131 ve durumdaki isimlerle anla\u015fma da dahil olmak \u00fczere Ermenice&#8217;de s\u0131fat kullanma kurallar\u0131n\u0131 inceleyin.<\/p>\n\n\n\n<h3 class=\"wp-block-heading\" id=\"h-4-pronouns-determiners\">4. Zamirler\/Belirleyiciler:<\/h3>\n\n\n\n<p>Zamirler c\u00fcmlelerde isimlerin yerini al\u0131rken, belirleyiciler onlar\u0131 belirtir ve nicelle\u015ftirir. Ermenice&#8217;deki farkl\u0131 zamir t\u00fcrleri (ki\u015fisel, iyelik, g\u00f6sterici, g\u00f6receli, sorgulay\u0131c\u0131, d\u00f6n\u00fc\u015fl\u00fc) ve belirleyiciler ve kullan\u0131mlar\u0131 hakk\u0131nda bilgi edinin.<\/p>\n\n\n\n<h3 class=\"wp-block-heading\" id=\"h-5-verbs\">5. Fiiller:<\/h3>\n\n\n\n<p>Fiiller bir dilin eylem s\u00f6zc\u00fckleridir. Ermenice fiil \u00e7ekimleri, d\u00fczenli ve d\u00fczensiz fiiller ve farkl\u0131 fiil bi\u00e7imleri (mastar, emir, dilek kipi) hakk\u0131nda bilgi edinin.<\/p>\n\n\n\n<h3 class=\"wp-block-heading\" id=\"h-6-tenses\">6. Zamanlar:<\/h3>\n\n\n\n<p>Ermenicenin d\u00f6rt fiil zaman\u0131 vard\u0131r: \u015fimdi, ge\u00e7mi\u015f, gelecek ve aorist. Her bir zaman\u0131n olu\u015fumu ve kullan\u0131m\u0131n\u0131n yan\u0131 s\u0131ra basit ve s\u00fcrekli formlar aras\u0131ndaki farklar\u0131 inceleyin.<\/p>\n\n\n\n<h3 class=\"wp-block-heading\" id=\"h-7-tense-comparison\">7. Gergin Kar\u015f\u0131la\u015ft\u0131rma:<\/h3>\n\n\n\n<p>Farkl\u0131 zamanlar aras\u0131ndaki n\u00fcanslar\u0131 anlamak, etkili ileti\u015fim i\u00e7in \u00e7ok \u00f6nemlidir. Ama\u00e7lad\u0131\u011f\u0131n\u0131z anlam\u0131 do\u011fru bir \u015fekilde iletmek i\u00e7in Ermeni zamanlar\u0131n\u0131 nas\u0131l kar\u015f\u0131la\u015ft\u0131raca\u011f\u0131n\u0131z\u0131 ve kar\u015f\u0131la\u015ft\u0131raca\u011f\u0131n\u0131z\u0131 \u00f6\u011frenin.<\/p>\n\n\n\n<h3 class=\"wp-block-heading\" id=\"h-8-progressive\">8. \u0130lerici:<\/h3>\n\n\n\n<p>Ermenice&#8217;deki ilerici y\u00f6n, devam eden eylemlere i\u015faret ediyor. Farkl\u0131 zamanlarda ilerici y\u00f6n\u00fc nas\u0131l olu\u015fturaca\u011f\u0131n\u0131z\u0131 ve kullanaca\u011f\u0131n\u0131z\u0131 \u00f6\u011frenin.<\/p>\n\n\n\n<h3 class=\"wp-block-heading\" id=\"h-9-perfect-progressive\">9. M\u00fckemmel \u0130lerici:<\/h3>\n\n\n\n<p>M\u00fckemmel ilerici, m\u00fckemmel ve ilerici y\u00f6nleri birle\u015ftirerek ge\u00e7mi\u015fte ba\u015flayan ve g\u00fcn\u00fcm\u00fczde devam eden bir eylemi g\u00f6sterir. Ermenicede olu\u015fumunu ve kullan\u0131m\u0131n\u0131 \u00f6\u011frenin.<\/p>\n\n\n\n<h3 class=\"wp-block-heading\" id=\"h-10-adverbs\">10. Zarflar:<\/h3>\n\n\n\n<p>Zarflar fiilleri, s\u0131fatlar\u0131 ve di\u011fer zarflar\u0131 de\u011fi\u015ftirerek eylemler veya nitelikler hakk\u0131nda ek bilgi sa\u011flar. Ermenicedeki farkl\u0131 zarf t\u00fcrlerini ve bunlar\u0131n c\u00fcmle i\u00e7indeki yerle\u015fimlerini inceleyin.<\/p>\n\n\n\n<h3 class=\"wp-block-heading\" id=\"h-11-prepositions\">11. Edatlar:<\/h3>\n\n\n\n<p>Ermenice&#8217;de edatlar, kelimeler aras\u0131ndaki yer, y\u00f6n, zaman ve neden gibi ili\u015fkileri belirtmek i\u00e7in gereklidir. En yayg\u0131n Ermenice edatlar\u0131 ve kullan\u0131mlar\u0131n\u0131 \u00f6\u011frenin.<\/p>\n\n\n\n<h3 class=\"wp-block-heading\" id=\"h-12-conditionals\">12. Ko\u015fullar:<\/h3>\n\n\n\n<p>Ko\u015fullar, varsay\u0131msal durumlar\u0131 ve olas\u0131 sonu\u00e7lar\u0131n\u0131 ifade eder. Ermenice&#8217;deki farkl\u0131 ko\u015ful t\u00fcrlerini (s\u0131f\u0131r, birinci, ikinci ve \u00fc\u00e7\u00fcnc\u00fc) ve bunlara kar\u015f\u0131l\u0131k gelen fiil bi\u00e7imlerini inceleyin.<\/p>\n\n\n\n<h3 class=\"wp-block-heading\" id=\"h-13-sentences\">13. C\u00fcmleler:<\/h3>\n\n\n\n<p>Son olarak, Ermenice tam c\u00fcmleler olu\u015fturmak i\u00e7in t\u00fcm dilbilgisi \u00f6\u011felerini bir araya getirin. Farkl\u0131 c\u00fcmle yap\u0131lar\u0131, kelime s\u0131ras\u0131 ve noktalama kurallar\u0131 hakk\u0131nda bilgi edinin.<\/p>\n<\/div><\/div>\n\r\n<section class=\"learnNavigationSection\">\r\n            \r\n        <a href=\"https:\/\/talkpal.ai\/tr\/ermenice-ogren\/\">\r\n            <div class=\"learnNavigationWrapper\">\r\n                <div class=\"learnNavigationContent\">\r\n                    <img decoding=\"async\" src=\"https:\/\/talkpal.ai\/wp-content\/uploads\/2024\/08\/Armenian.jpg\" alt=\"Armenian Flag\">\r\n                    <div>\r\n                        <h4>Armenian Learning Hakk\u0131nda<\/h4>\r\n                        <p>Ermenice dilbilgisi hakk\u0131nda her \u015feyi \u00f6\u011frenin .<\/p>\r\n                    <\/div>\r\n                <\/div>\r\n            <\/div>\r\n        <\/a>\r\n\r\n        \r\n        <a href=\"https:\/\/talkpal.ai\/tr\/ermenice-dilbilgisi\/\">\r\n            <div class=\"learnNavigationWrapper\">\r\n                <div class=\"learnNavigationContent\">\r\n                    <img decoding=\"async\" src=\"https:\/\/talkpal.ai\/wp-content\/uploads\/2024\/08\/Armenian.jpg\" alt=\"Armenian Flag\">\r\n                    <div>\r\n                        <h4>Ermenice Gramer Dersleri<\/h4>\r\n                        <p>Ermenice dilbilgisi al\u0131\u015ft\u0131rmas\u0131 yap\u0131n .<\/p>\r\n                    <\/div>\r\n                <\/div>\r\n            <\/div>\r\n        <\/a>\r\n\r\n        \r\n        <a href=\"https:\/\/talkpal.ai\/vocabulary_language\/armenian\/\">\r\n            <div class=\"learnNavigationWrapper\">\r\n                <div class=\"learnNavigationContent\">\r\n                    <img decoding=\"async\" src=\"https:\/\/talkpal.ai\/wp-content\/uploads\/2024\/08\/Armenian.jpg\" alt=\"Armenian Flag\">\r\n                    <div>\r\n                        <h4>Ermenice Kelime Bilgisi<\/h4>\r\n                        <p>Ermenice kelime da\u011farc\u0131\u011f\u0131n\u0131z\u0131 geni\u015fletin.<\/p>\r\n                    <\/div>\r\n                <\/div>\r\n            <\/div>\r\n        <\/a>\r\n\r\n            <\/section>","protected":false},"excerpt":{"rendered":"<p>Ermenice Dilbilgisi Konular\u0131 Ermenice, esas olarak Ermenistan Cumhuriyeti&#8217;nde ve d\u00fcnyadaki Ermeni diasporas\u0131 taraf\u0131ndan konu\u015fulan bir Hint-Avrupa dilidir. Uzun bir ge\u00e7mi\u015fi ve benzersiz yaz\u0131 sistemi ile Ermenice, dil \u00f6\u011frenenler i\u00e7in b\u00fcy\u00fcleyici bir dil deneyimi sunar. Her dilde oldu\u011fu gibi, grameri anlamak Ermenice&#8217;ye hakim olman\u0131n \u00f6nemli bir par\u00e7as\u0131d\u0131r. Bu k\u0131lavuz, dilde sa\u011flam bir temel edinmenize yard\u0131mc\u0131 olmak [&hellip;]<\/p>\n","protected":false},"author":6,"featured_media":109238,"parent":0,"menu_order":0,"comment_status":"closed","ping_status":"closed","template":"LearningContentPage.php","meta":{"_acf_changed":false,"footnotes":""},"class_list":["post-166195","page","type-page","status-publish","has-post-thumbnail","hentry"],"acf":[],"yoast_head":"<!-- This site is optimized with the Yoast SEO Premium plugin v27.2 (Yoast SEO v27.2) - https:\/\/yoast.com\/product\/yoast-seo-premium-wordpress\/ -->\n<title>Ermenice Dilbilgisi Al\u0131\u015ft\u0131rmalar\u0131 - Talkpal<\/title>\n<meta name=\"description\" content=\"\u00d6zel olarak haz\u0131rlanm\u0131\u015f ilgi \u00e7ekici Ermenice Dilbilgisi Al\u0131\u015ft\u0131rmalar\u0131 ile Ermenice dilbilgisinde uzmanla\u015f\u0131n TalkpalYapay zeka destekli dil \u00f6\u011fretmeniniz.\" \/>\n<meta name=\"robots\" content=\"index, follow, max-snippet:-1, max-image-preview:large, max-video-preview:-1\" \/>\n<link rel=\"canonical\" href=\"https:\/\/talkpal.ai\/tr\/ermenice-dilbilgisi-alistirmalari\/\" \/>\n<meta property=\"og:locale\" content=\"tr_TR\" \/>\n<meta property=\"og:type\" content=\"article\" \/>\n<meta property=\"og:title\" content=\"Ermenice Dilbilgisi Al\u0131\u015ft\u0131rmalar\u0131\" \/>\n<meta property=\"og:description\" content=\"Ermenice Dilbilgisi Konular\u0131 Ermenice, esas olarak Ermenistan Cumhuriyeti&#039;nde ve d\u00fcnyadaki Ermeni diasporas\u0131 taraf\u0131ndan konu\u015fulan bir Hint-Avrupa dilidir.\" \/>\n<meta property=\"og:url\" content=\"https:\/\/talkpal.ai\/tr\/ermenice-dilbilgisi-alistirmalari\/\" \/>\n<meta property=\"og:site_name\" content=\"Talkpal\" \/>\n<meta property=\"article:publisher\" content=\"https:\/\/www.facebook.com\/profile.php?id=100090733639311\" \/>\n<meta property=\"article:modified_time\" content=\"2025-05-22T19:39:57+00:00\" \/>\n<meta property=\"og:image\" content=\"https:\/\/talkpal.ai\/wp-content\/uploads\/2023\/05\/armenia.png\" \/>\n\t<meta property=\"og:image:width\" content=\"512\" \/>\n\t<meta property=\"og:image:height\" content=\"512\" \/>\n\t<meta property=\"og:image:type\" content=\"image\/png\" \/>\n<meta name=\"twitter:card\" content=\"summary_large_image\" \/>\n<meta name=\"twitter:site\" content=\"@talkpalai\" \/>\n<meta name=\"twitter:label1\" content=\"Tahmini okuma s\u00fcresi\" \/>\n\t<meta name=\"twitter:data1\" content=\"3 dakika\" \/>\n<script type=\"application\/ld+json\" class=\"yoast-schema-graph\">{\"@context\":\"https:\/\/schema.org\",\"@graph\":[{\"@type\":\"WebPage\",\"@id\":\"https:\/\/talkpal.ai\/tr\/ermenice-dilbilgisi-alistirmalari\/\",\"url\":\"https:\/\/talkpal.ai\/tr\/ermenice-dilbilgisi-alistirmalari\/\",\"name\":\"Ermenice Dilbilgisi Al\u0131\u015ft\u0131rmalar\u0131 - Talkpal\",\"isPartOf\":{\"@id\":\"https:\/\/talkpal.ai\/tr\/#website\"},\"primaryImageOfPage\":{\"@id\":\"https:\/\/talkpal.ai\/tr\/ermenice-dilbilgisi-alistirmalari\/#primaryimage\"},\"image\":{\"@id\":\"https:\/\/talkpal.ai\/tr\/ermenice-dilbilgisi-alistirmalari\/#primaryimage\"},\"thumbnailUrl\":\"https:\/\/talkpal.ai\/wp-content\/uploads\/2023\/05\/armenia.png\",\"datePublished\":\"2023-06-16T11:31:43+00:00\",\"dateModified\":\"2025-05-22T19:39:57+00:00\",\"description\":\"\u00d6zel olarak haz\u0131rlanm\u0131\u015f ilgi \u00e7ekici Ermenice Dilbilgisi Al\u0131\u015ft\u0131rmalar\u0131 ile Ermenice dilbilgisinde uzmanla\u015f\u0131n TalkpalYapay zeka destekli dil \u00f6\u011fretmeniniz.\",\"breadcrumb\":{\"@id\":\"https:\/\/talkpal.ai\/tr\/ermenice-dilbilgisi-alistirmalari\/#breadcrumb\"},\"inLanguage\":\"tr\",\"potentialAction\":[{\"@type\":\"ReadAction\",\"target\":[\"https:\/\/talkpal.ai\/tr\/ermenice-dilbilgisi-alistirmalari\/\"]}]},{\"@type\":\"ImageObject\",\"inLanguage\":\"tr\",\"@id\":\"https:\/\/talkpal.ai\/tr\/ermenice-dilbilgisi-alistirmalari\/#primaryimage\",\"url\":\"https:\/\/talkpal.ai\/wp-content\/uploads\/2023\/05\/armenia.png\",\"contentUrl\":\"https:\/\/talkpal.ai\/wp-content\/uploads\/2023\/05\/armenia.png\",\"width\":512,\"height\":512},{\"@type\":\"BreadcrumbList\",\"@id\":\"https:\/\/talkpal.ai\/tr\/ermenice-dilbilgisi-alistirmalari\/#breadcrumb\",\"itemListElement\":[{\"@type\":\"ListItem\",\"position\":1,\"name\":\"Homepage\",\"item\":\"https:\/\/talkpal.ai\/tr\/\"},{\"@type\":\"ListItem\",\"position\":2,\"name\":\"Ermenice Dilbilgisi Al\u0131\u015ft\u0131rmalar\u0131\"}]},{\"@type\":\"WebSite\",\"@id\":\"https:\/\/talkpal.ai\/tr\/#website\",\"url\":\"https:\/\/talkpal.ai\/tr\/\",\"name\":\"Talkpal\",\"description\":\"AI Language Learning\",\"publisher\":{\"@id\":\"https:\/\/talkpal.ai\/tr\/#organization\"},\"alternateName\":\"Talkpal AI\",\"potentialAction\":[{\"@type\":\"SearchAction\",\"target\":{\"@type\":\"EntryPoint\",\"urlTemplate\":\"https:\/\/talkpal.ai\/tr\/?s={search_term_string}\"},\"query-input\":{\"@type\":\"PropertyValueSpecification\",\"valueRequired\":true,\"valueName\":\"search_term_string\"}}],\"inLanguage\":\"tr\"},{\"@type\":\"Organization\",\"@id\":\"https:\/\/talkpal.ai\/tr\/#organization\",\"name\":\"Talkpal, Inc.\",\"alternateName\":\"Talkpal AI\",\"url\":\"https:\/\/talkpal.ai\/tr\/\",\"logo\":{\"@type\":\"ImageObject\",\"inLanguage\":\"tr\",\"@id\":\"https:\/\/talkpal.ai\/tr\/#\/schema\/logo\/image\/\",\"url\":\"https:\/\/talkpal.ai\/wp-content\/uploads\/2024\/03\/Talkpal-Logo-Icon.png\",\"contentUrl\":\"https:\/\/talkpal.ai\/wp-content\/uploads\/2024\/03\/Talkpal-Logo-Icon.png\",\"width\":2880,\"height\":2880,\"caption\":\"Talkpal, Inc.\"},\"image\":{\"@id\":\"https:\/\/talkpal.ai\/tr\/#\/schema\/logo\/image\/\"},\"sameAs\":[\"https:\/\/www.facebook.com\/profile.php?id=100090733639311\",\"https:\/\/x.com\/talkpalai\",\"https:\/\/www.linkedin.com\/company\/talkpal\/\",\"https:\/\/www.youtube.com\/@TalkPal\/\",\"https:\/\/www.tiktok.com\/@talkpal\",\"https:\/\/www.instagram.com\/talkpal_ai\/\",\"https:\/\/www.crunchbase.com\/organization\/talkpal-9cde\",\"https:\/\/www.g2.com\/products\/talkpal-for-business\/\",\"https:\/\/www.trustpilot.com\/review\/talkpal.ai\",\"https:\/\/www.capterra.com\/p\/10006800\/TalkPal\/\"],\"description\":\"Talkpal is a language learning web and mobile education app, powered by the latest AI technologies, that provides engaging experiences to its customers in many different languages to help them improve their language skills. Users can chat about unlimited amount of topics with the app and use other modes to practice their language learning.\",\"email\":\"support@talkpal.ai\",\"legalName\":\"Talkpal, Inc.\",\"foundingDate\":\"2023-04-03\",\"duns\":\"118989042\",\"numberOfEmployees\":{\"@type\":\"QuantitativeValue\",\"minValue\":\"11\",\"maxValue\":\"50\"},\"publishingPrinciples\":\"https:\/\/talkpal.ai\/publishing-principles\/\",\"actionableFeedbackPolicy\":\"https:\/\/talkpal.ai\/actionable-feedback-policy\/\",\"correctionsPolicy\":\"https:\/\/talkpal.ai\/corrections-policy\/\",\"ethicsPolicy\":\"https:\/\/talkpal.ai\/ethics-policy\/\",\"diversityPolicy\":\"https:\/\/talkpal.ai\/diversity-policy\/\",\"diversityStaffingReport\":\"https:\/\/talkpal.ai\/diversity-policy\/\"}]}<\/script>\n<!-- \/ Yoast SEO Premium plugin. -->","yoast_head_json":{"title":"Ermenice Dilbilgisi Al\u0131\u015ft\u0131rmalar\u0131 - Talkpal","description":"\u00d6zel olarak haz\u0131rlanm\u0131\u015f ilgi \u00e7ekici Ermenice Dilbilgisi Al\u0131\u015ft\u0131rmalar\u0131 ile Ermenice dilbilgisinde uzmanla\u015f\u0131n TalkpalYapay zeka destekli dil \u00f6\u011fretmeniniz.","robots":{"index":"index","follow":"follow","max-snippet":"max-snippet:-1","max-image-preview":"max-image-preview:large","max-video-preview":"max-video-preview:-1"},"canonical":"https:\/\/talkpal.ai\/tr\/ermenice-dilbilgisi-alistirmalari\/","og_locale":"tr_TR","og_type":"article","og_title":"Ermenice Dilbilgisi Al\u0131\u015ft\u0131rmalar\u0131","og_description":"Ermenice Dilbilgisi Konular\u0131 Ermenice, esas olarak Ermenistan Cumhuriyeti'nde ve d\u00fcnyadaki Ermeni diasporas\u0131 taraf\u0131ndan konu\u015fulan bir Hint-Avrupa dilidir.","og_url":"https:\/\/talkpal.ai\/tr\/ermenice-dilbilgisi-alistirmalari\/","og_site_name":"Talkpal","article_publisher":"https:\/\/www.facebook.com\/profile.php?id=100090733639311","article_modified_time":"2025-05-22T19:39:57+00:00","og_image":[{"width":512,"height":512,"url":"https:\/\/talkpal.ai\/wp-content\/uploads\/2023\/05\/armenia.png","type":"image\/png"}],"twitter_card":"summary_large_image","twitter_site":"@talkpalai","twitter_misc":{"Tahmini okuma s\u00fcresi":"3 dakika"},"schema":{"@context":"https:\/\/schema.org","@graph":[{"@type":"WebPage","@id":"https:\/\/talkpal.ai\/tr\/ermenice-dilbilgisi-alistirmalari\/","url":"https:\/\/talkpal.ai\/tr\/ermenice-dilbilgisi-alistirmalari\/","name":"Ermenice Dilbilgisi Al\u0131\u015ft\u0131rmalar\u0131 - Talkpal","isPartOf":{"@id":"https:\/\/talkpal.ai\/tr\/#website"},"primaryImageOfPage":{"@id":"https:\/\/talkpal.ai\/tr\/ermenice-dilbilgisi-alistirmalari\/#primaryimage"},"image":{"@id":"https:\/\/talkpal.ai\/tr\/ermenice-dilbilgisi-alistirmalari\/#primaryimage"},"thumbnailUrl":"https:\/\/talkpal.ai\/wp-content\/uploads\/2023\/05\/armenia.png","datePublished":"2023-06-16T11:31:43+00:00","dateModified":"2025-05-22T19:39:57+00:00","description":"\u00d6zel olarak haz\u0131rlanm\u0131\u015f ilgi \u00e7ekici Ermenice Dilbilgisi Al\u0131\u015ft\u0131rmalar\u0131 ile Ermenice dilbilgisinde uzmanla\u015f\u0131n TalkpalYapay zeka destekli dil \u00f6\u011fretmeniniz.","breadcrumb":{"@id":"https:\/\/talkpal.ai\/tr\/ermenice-dilbilgisi-alistirmalari\/#breadcrumb"},"inLanguage":"tr","potentialAction":[{"@type":"ReadAction","target":["https:\/\/talkpal.ai\/tr\/ermenice-dilbilgisi-alistirmalari\/"]}]},{"@type":"ImageObject","inLanguage":"tr","@id":"https:\/\/talkpal.ai\/tr\/ermenice-dilbilgisi-alistirmalari\/#primaryimage","url":"https:\/\/talkpal.ai\/wp-content\/uploads\/2023\/05\/armenia.png","contentUrl":"https:\/\/talkpal.ai\/wp-content\/uploads\/2023\/05\/armenia.png","width":512,"height":512},{"@type":"BreadcrumbList","@id":"https:\/\/talkpal.ai\/tr\/ermenice-dilbilgisi-alistirmalari\/#breadcrumb","itemListElement":[{"@type":"ListItem","position":1,"name":"Homepage","item":"https:\/\/talkpal.ai\/tr\/"},{"@type":"ListItem","position":2,"name":"Ermenice Dilbilgisi Al\u0131\u015ft\u0131rmalar\u0131"}]},{"@type":"WebSite","@id":"https:\/\/talkpal.ai\/tr\/#website","url":"https:\/\/talkpal.ai\/tr\/","name":"Talkpal","description":"AI Language Learning","publisher":{"@id":"https:\/\/talkpal.ai\/tr\/#organization"},"alternateName":"Talkpal AI","potentialAction":[{"@type":"SearchAction","target":{"@type":"EntryPoint","urlTemplate":"https:\/\/talkpal.ai\/tr\/?s={search_term_string}"},"query-input":{"@type":"PropertyValueSpecification","valueRequired":true,"valueName":"search_term_string"}}],"inLanguage":"tr"},{"@type":"Organization","@id":"https:\/\/talkpal.ai\/tr\/#organization","name":"Talkpal, Inc.","alternateName":"Talkpal AI","url":"https:\/\/talkpal.ai\/tr\/","logo":{"@type":"ImageObject","inLanguage":"tr","@id":"https:\/\/talkpal.ai\/tr\/#\/schema\/logo\/image\/","url":"https:\/\/talkpal.ai\/wp-content\/uploads\/2024\/03\/Talkpal-Logo-Icon.png","contentUrl":"https:\/\/talkpal.ai\/wp-content\/uploads\/2024\/03\/Talkpal-Logo-Icon.png","width":2880,"height":2880,"caption":"Talkpal, Inc."},"image":{"@id":"https:\/\/talkpal.ai\/tr\/#\/schema\/logo\/image\/"},"sameAs":["https:\/\/www.facebook.com\/profile.php?id=100090733639311","https:\/\/x.com\/talkpalai","https:\/\/www.linkedin.com\/company\/talkpal\/","https:\/\/www.youtube.com\/@TalkPal\/","https:\/\/www.tiktok.com\/@talkpal","https:\/\/www.instagram.com\/talkpal_ai\/","https:\/\/www.crunchbase.com\/organization\/talkpal-9cde","https:\/\/www.g2.com\/products\/talkpal-for-business\/","https:\/\/www.trustpilot.com\/review\/talkpal.ai","https:\/\/www.capterra.com\/p\/10006800\/TalkPal\/"],"description":"Talkpal is a language learning web and mobile education app, powered by the latest AI technologies, that provides engaging experiences to its customers in many different languages to help them improve their language skills. Users can chat about unlimited amount of topics with the app and use other modes to practice their language learning.","email":"support@talkpal.ai","legalName":"Talkpal, Inc.","foundingDate":"2023-04-03","duns":"118989042","numberOfEmployees":{"@type":"QuantitativeValue","minValue":"11","maxValue":"50"},"publishingPrinciples":"https:\/\/talkpal.ai\/publishing-principles\/","actionableFeedbackPolicy":"https:\/\/talkpal.ai\/actionable-feedback-policy\/","correctionsPolicy":"https:\/\/talkpal.ai\/corrections-policy\/","ethicsPolicy":"https:\/\/talkpal.ai\/ethics-policy\/","diversityPolicy":"https:\/\/talkpal.ai\/diversity-policy\/","diversityStaffingReport":"https:\/\/talkpal.ai\/diversity-policy\/"}]}},"_links":{"self":[{"href":"https:\/\/talkpal.ai\/tr\/wp-json\/wp\/v2\/pages\/166195","targetHints":{"allow":["GET"]}}],"collection":[{"href":"https:\/\/talkpal.ai\/tr\/wp-json\/wp\/v2\/pages"}],"about":[{"href":"https:\/\/talkpal.ai\/tr\/wp-json\/wp\/v2\/types\/page"}],"author":[{"embeddable":true,"href":"https:\/\/talkpal.ai\/tr\/wp-json\/wp\/v2\/users\/6"}],"replies":[{"embeddable":true,"href":"https:\/\/talkpal.ai\/tr\/wp-json\/wp\/v2\/comments?post=166195"}],"version-history":[{"count":0,"href":"https:\/\/talkpal.ai\/tr\/wp-json\/wp\/v2\/pages\/166195\/revisions"}],"wp:featuredmedia":[{"embeddable":true,"href":"https:\/\/talkpal.ai\/tr\/wp-json\/wp\/v2\/media\/109238"}],"wp:attachment":[{"href":"https:\/\/talkpal.ai\/tr\/wp-json\/wp\/v2\/media?parent=166195"}],"curies":[{"name":"wp","href":"https:\/\/api.w.org\/{rel}","templated":true}]}}