{"id":165846,"date":"2023-06-16T11:55:18","date_gmt":"2023-06-16T11:55:18","guid":{"rendered":"http:\/\/talkpal.ai\/beyaz-rusca-dilbilgisi-alistirmalari\/"},"modified":"2025-05-23T11:19:40","modified_gmt":"2025-05-23T11:19:40","slug":"beyaz-rusca-dilbilgisi-alistirmalari","status":"publish","type":"page","link":"https:\/\/talkpal.ai\/tr\/beyaz-rusca-dilbilgisi-alistirmalari\/","title":{"rendered":"Beyaz Rus\u00e7a Dilbilgisi Al\u0131\u015ft\u0131rmalar\u0131"},"content":{"rendered":"\r\n\r\n\r\n<section class=\"languageChallengeSection\">\r\n    <div class=\"languageInfoWrapper\">\r\n        \r\n        <h1>Beyaz Rus\u00e7a Dilbilgisi Al\u0131\u015ft\u0131rmalar\u0131<\/h1>\r\n        <p><a href=\"https:\/\/talkpal.ai\/learn-belarusian\/\">Belarus\u00e7a<\/a> dil becerilerinizi geli\u015ftirmek mi istiyorsunuz? <a href=\"https:\/\/talkpal.ai\/grammar\/\">Dilbilgisi<\/a> al\u0131\u015ft\u0131rmalar\u0131 yapmak c\u00fcmle yap\u0131s\u0131, fiil formlar\u0131 ve Belarus dilinin ay\u0131rt edici \u00f6zelliklerine hakim olmak i\u00e7in harika bir yoldur. Belarus\u00e7a dilbilgisini ke\u015ffetmeye bug\u00fcn ba\u015flay\u0131n ve her al\u0131\u015ft\u0131rmada anlay\u0131\u015f\u0131n\u0131z\u0131n ve ak\u0131c\u0131l\u0131\u011f\u0131n\u0131z\u0131n artmas\u0131n\u0131 izleyin!<\/p>\r\n\r\n                            <a class=\"getStartedHidden\" href=\"https:\/\/app.talkpal.ai\/tr\/signup?lng=\">Hadi ba\u015fla<\/a>\r\n        \r\n    <\/div>\r\n\r\n    <figure>\r\n    <img decoding=\"async\" width=\"768\" height=\"768\" src=\"https:\/\/talkpal.ai\/wp-content\/uploads\/2023\/06\/belarusian-768x768.png\" class=\"languageImage no-lazy\" alt=\"Language learning for academic excellence\" fetchpriority=\"high\" sizes=\"(max-width: 768px) 150px, 768px\" srcset=\"https:\/\/talkpal.ai\/wp-content\/uploads\/2023\/06\/belarusian-768x768.png 768w, https:\/\/talkpal.ai\/wp-content\/uploads\/2023\/06\/belarusian-300x300.png 300w\" \/>\r\n    \r\n\r\n    <\/figure>\r\n\r\n            <a class=\"getStartedVisible\" href=\"https:\/\/app.talkpal.ai\/tr\/signup?lng=\">Hadi ba\u015fla<\/a>\r\n    \r\n<\/section>\r\n\r\n\r\n<!-- <section class=\"grammarSection\">\r\n    <div class=\"grammarLinks\">\r\n            <\/div>\r\n<\/section> -->\r\n\r\n\r\n\r\n\r\n<section class=\"promotionalBanner\">\r\n    <p class=\"promotionalText\">Dil \u00f6\u011frenmenin en etkili yolu<\/p>\r\n    <a class=\"promotionalLink\" href=\"https:\/\/app.talkpal.ai\/tr\/signup?lng=\">Talkpal \u00fccretsiz deneyin<\/a>\r\n<\/section>\n<div class=\"wp-block-group pageContainerStyle\"><div class=\"wp-block-group__inner-container is-layout-constrained wp-block-group-is-layout-constrained\">\n<h2 class=\"wp-block-heading\" id=\"h-belarusian-grammar-topics\">Beyaz Rus\u00e7a Dilbilgisi Konular\u0131<\/h2>\n\n\n\n<p>Belarus\u00e7a, a\u011f\u0131rl\u0131kl\u0131 olarak Belarus&#8217;ta n\u00fcfusun yakla\u015f\u0131k %70&#8217;i taraf\u0131ndan konu\u015fulan bir Do\u011fu Slav dilidir. Bir Slav dili olarak, <a href=\"https:\/\/talkpal.ai\/learn-russian\/\">Rus\u00e7a<\/a> ve Ukraynaca ile benzerlikler payla\u015f\u0131r, bu da bu dilleri konu\u015fanlar\u0131n Belarus\u00e7a \u00f6\u011frenmesini kolayla\u015ft\u0131r\u0131r. Bununla birlikte, kendine \u00f6zg\u00fc \u00f6zellikleri vard\u0131r ve dilbilgisini \u00f6\u011frenmek, <a href=\"https:\/\/talkpal.ai\/talkpal-discount-for-language-enthusiasts\/\">dil merakl\u0131lar\u0131<\/a> i\u00e7in \u00f6d\u00fcllendirici bir deneyim olabilir. Bu yaz\u0131da, dili daha etkili bir \u015fekilde \u00f6\u011frenmenize yard\u0131mc\u0131 olacak temel <a href=\"https:\/\/talkpal.ai\/belarusian-grammar\/\">Belarus\u00e7a dilbilgisi<\/a> konular\u0131n\u0131 s\u0131rayla inceleyece\u011fiz.<\/p>\n\n\n\n<h3 class=\"wp-block-heading\" id=\"h-1-nouns\">1. \u0130simler:<\/h3>\n\n\n\n<p>Eril, di\u015fil veya n\u00f6tr olabilen Belarus\u00e7a isimleri \u00f6\u011frenerek ba\u015flay\u0131n. Alt\u0131 durumlar\u0131 vard\u0131r: nominatif, accusative, genitive, dative, instrumental ve prepositional, ismin c\u00fcmle i\u00e7indeki i\u015flevini belirler. \u0130simlerin farkl\u0131 durumlarda nas\u0131l de\u011fi\u015fti\u011fini anlaman\u0131za yard\u0131mc\u0131 olaca\u011f\u0131ndan, isim sonlar\u0131na ve \u00e7ekim kal\u0131plar\u0131na dikkat edin.<\/p>\n\n\n\n<h3 class=\"wp-block-heading\" id=\"h-2-articles\">2. Makaleler:<\/h3>\n\n\n\n<p>\u0130ngilizce&#8217;den farkl\u0131 olarak, Belarus\u00e7a&#8217;n\u0131n makaleleri yoktur. Bu nedenle, bu konu hakk\u0131nda endi\u015felenmeden dilin di\u011fer y\u00f6nlerini \u00f6\u011frenmeye odaklanabilirsiniz.<\/p>\n\n\n\n<h3 class=\"wp-block-heading\" id=\"h-3-pronouns-determiners\">3. Zamirler\/Belirleyiciler:<\/h3>\n\n\n\n<p>Ard\u0131ndan, \u0130ngilizce e\u015fde\u011ferlerine benzer \u015fekilde i\u015flev g\u00f6ren zamirleri ve belirleyicileri \u00f6\u011frenin. \u0130simlerin yerini al\u0131rlar ve m\u00fclkiyet, miktar veya kimlik hakk\u0131nda bilgi iletirler. Belarus\u00e7a&#8217;da ki\u015fisel, iyelik, g\u00f6sterici, soru ve ilgi zamirleri vard\u0131r ve bunlar\u0131n bi\u00e7imlerini ve kullan\u0131mlar\u0131n\u0131 ezberlemeniz gerekir.<\/p>\n\n\n\n<h3 class=\"wp-block-heading\" id=\"h-4-adjectives\">4. S\u0131fatlar:<\/h3>\n\n\n\n<p>Belarus\u00e7a&#8217;daki s\u0131fatlar, cinsiyet, say\u0131 ve durum bak\u0131m\u0131ndan de\u011fi\u015ftirdikleri isimle ayn\u0131 fikirdedir. S\u0131fat sonlar\u0131n\u0131 ve farkl\u0131 kar\u015f\u0131la\u015ft\u0131rma d\u00fczeylerini ifade etmek i\u00e7in kar\u015f\u0131la\u015ft\u0131rmal\u0131 ve \u00fcst\u00fcn derecelerin nas\u0131l olu\u015fturulaca\u011f\u0131n\u0131 \u00f6\u011frenin.<\/p>\n\n\n\n<h3 class=\"wp-block-heading\" id=\"h-5-verbs\">5. Fiiller:<\/h3>\n\n\n\n<p>Fiiller, eylemleri, durumlar\u0131 ve olaylar\u0131 ilettikleri i\u00e7in Belarus\u00e7a&#8217;da \u00e7ok \u00f6nemlidir. \u0130ki gruptan olu\u015fan fiil \u00e7ekimi hakk\u0131nda bilgi edinin: ilk konjugasyon (\u00e7o\u011funlukla eril fiiller) ve ikinci konjugasyon (\u00e7o\u011funlukla di\u015fil fiiller). Ayr\u0131ca, zorunlu ve s\u00fcbjektif ruh hallerini ve bunlar\u0131n nas\u0131l olu\u015fturulaca\u011f\u0131n\u0131 inceleyin.<\/p>\n\n\n\n<h3 class=\"wp-block-heading\" id=\"h-6-tenses\">6. Zamanlar:<\/h3>\n\n\n\n<p>Belarus\u00e7a&#8217;n\u0131n \u00fc\u00e7 ana zaman\u0131 vard\u0131r: ge\u00e7mi\u015f, \u015fimdi ve gelecek. Farkl\u0131 zamanlardaki olaylar ve eylemler hakk\u0131nda konu\u015fmak i\u00e7in bu zamanlar\u0131 nas\u0131l olu\u015fturaca\u011f\u0131n\u0131z\u0131 ve kullanaca\u011f\u0131n\u0131z\u0131 \u00f6\u011frenin.<\/p>\n\n\n\n<h3 class=\"wp-block-heading\" id=\"h-7-tense-comparison\">7. Gergin Kar\u015f\u0131la\u015ft\u0131rma:<\/h3>\n\n\n\n<p>Belarus\u00e7a&#8217;daki zamanlar\u0131 kar\u015f\u0131la\u015ft\u0131rmak, ge\u00e7mi\u015f, \u015fimdiki ve gelecekteki olaylar aras\u0131ndaki ili\u015fkiyi anlamak i\u00e7in \u00e7ok \u00f6nemlidir. Zaman dizisini ve bunlar\u0131n karma\u015f\u0131k c\u00fcmlelerde nas\u0131l kullan\u0131laca\u011f\u0131n\u0131 inceleyin.<\/p>\n\n\n\n<h3 class=\"wp-block-heading\" id=\"h-8-progressive\">8. \u0130lerici:<\/h3>\n\n\n\n<p>Belarus\u00e7a, devam eden eylemleri ifade etmek i\u00e7in ilerici formu kullan\u0131r. Uygun fiil \u00e7ekimi ve yard\u0131mc\u0131 fiillerle bu y\u00f6n\u00fc nas\u0131l olu\u015fturaca\u011f\u0131n\u0131z\u0131 \u00f6\u011frenin.<\/p>\n\n\n\n<h3 class=\"wp-block-heading\" id=\"h-9-perfect-progressive\">9. M\u00fckemmel \u0130lerici:<\/h3>\n\n\n\n<p>Belarus\u00e7a&#8217;daki m\u00fckemmel ilerici y\u00f6n, tamamlama ve s\u00fcre kavramlar\u0131n\u0131 birle\u015ftirir. Yard\u0131mc\u0131 fiilleri ve do\u011fru fiil formlar\u0131n\u0131 kullanarak bu y\u00f6n\u00fc nas\u0131l olu\u015fturaca\u011f\u0131n\u0131z\u0131 \u00f6\u011frenin.<\/p>\n\n\n\n<h3 class=\"wp-block-heading\" id=\"h-10-adverbs\">10. Zarflar:<\/h3>\n\n\n\n<p>Zarflar fiilleri, s\u0131fatlar\u0131 ve di\u011fer zarflar\u0131 de\u011fi\u015ftirerek c\u00fcmleye daha fazla bilgi ekler. Belarus\u00e7a&#8217;daki farkl\u0131 zarf t\u00fcrlerini, olu\u015fumlar\u0131n\u0131 ve c\u00fcmle i\u00e7indeki yerlerini \u00f6\u011frenin.<\/p>\n\n\n\n<h3 class=\"wp-block-heading\" id=\"h-11-prepositions\">11. Edatlar:<\/h3>\n\n\n\n<p>Edatlar, bir c\u00fcmledeki kelimeler aras\u0131ndaki ili\u015fkileri ifade etmek i\u00e7in gereklidir. En yayg\u0131n Belarus\u00e7a edatlar\u0131, durumlar\u0131n\u0131 ve bunlar\u0131 isimler ve zamirlerle nas\u0131l kullanaca\u011f\u0131n\u0131z\u0131 \u00f6\u011frenin.<\/p>\n\n\n\n<h3 class=\"wp-block-heading\" id=\"h-12-conditionals\">12. Ko\u015fullar:<\/h3>\n\n\n\n<p>Ko\u015fullar, varsay\u0131msal durumlar\u0131 ve sonu\u00e7lar\u0131n\u0131 ifade eder. Belarus\u00e7a&#8217;daki \u00fc\u00e7 t\u00fcr ko\u015fulu inceleyin: ger\u00e7ek, ger\u00e7ek d\u0131\u015f\u0131 ve kar\u0131\u015f\u0131k ve bunlara kar\u015f\u0131l\u0131k gelen fiil bi\u00e7imleri.<\/p>\n\n\n\n<h3 class=\"wp-block-heading\" id=\"h-13-sentences\">13. C\u00fcmleler:<\/h3>\n\n\n\n<p>Son olarak, basit, bile\u015fik ve karma\u015f\u0131k c\u00fcmleler dahil olmak \u00fczere Belarus\u00e7a c\u00fcmle yap\u0131lar\u0131 hakk\u0131nda bilgi edinin. C\u00fcmleler olu\u015fturmak ve genel dil becerilerinizi geli\u015ftirmek i\u00e7in farkl\u0131 dilbilgisi \u00f6\u011felerini birle\u015ftirme al\u0131\u015ft\u0131rmas\u0131 yap\u0131n.<\/p>\n<\/div><\/div>\n\r\n<section class=\"learnNavigationSection\">\r\n            \r\n        <a href=\"https:\/\/talkpal.ai\/tr\/beyaz-rusca-ogren\/\">\r\n            <div class=\"learnNavigationWrapper\">\r\n                <div class=\"learnNavigationContent\">\r\n                    <img decoding=\"async\" src=\"https:\/\/talkpal.ai\/wp-content\/uploads\/2024\/08\/Belarusian.jpg\" alt=\"Belarusian Flag\">\r\n                    <div>\r\n                        <h4>Belarus\u00e7a \u00d6\u011frenim Hakk\u0131nda<\/h4>\r\n                        <p>Belarus\u00e7a dilbilgisi hakk\u0131nda her \u015feyi \u00f6\u011frenin .<\/p>\r\n                    <\/div>\r\n                <\/div>\r\n            <\/div>\r\n        <\/a>\r\n\r\n        \r\n        <a href=\"https:\/\/talkpal.ai\/tr\/beyaz-rusca-dilbilgisi\/\">\r\n            <div class=\"learnNavigationWrapper\">\r\n                <div class=\"learnNavigationContent\">\r\n                    <img decoding=\"async\" src=\"https:\/\/talkpal.ai\/wp-content\/uploads\/2024\/08\/Belarusian.jpg\" alt=\"Belarusian Flag\">\r\n                    <div>\r\n                        <h4>Beyaz Rus\u00e7a Gramer Dersleri<\/h4>\r\n                        <p>Belarus\u00e7a dilbilgisi prati\u011fi yap\u0131n .<\/p>\r\n                    <\/div>\r\n                <\/div>\r\n            <\/div>\r\n        <\/a>\r\n\r\n        \r\n        <a href=\"https:\/\/talkpal.ai\/vocabulary_language\/belarusian\/\">\r\n            <div class=\"learnNavigationWrapper\">\r\n                <div class=\"learnNavigationContent\">\r\n                    <img decoding=\"async\" src=\"https:\/\/talkpal.ai\/wp-content\/uploads\/2024\/08\/Belarusian.jpg\" alt=\"Belarusian Flag\">\r\n                    <div>\r\n                        <h4>Belarus\u00e7a Kelime Bilgisi<\/h4>\r\n                        <p>Belarus\u00e7a kelime da\u011farc\u0131\u011f\u0131n\u0131z\u0131 geni\u015fletin.<\/p>\r\n                    <\/div>\r\n                <\/div>\r\n            <\/div>\r\n        <\/a>\r\n\r\n            <\/section>","protected":false},"excerpt":{"rendered":"<p>Beyaz Rus\u00e7a Dilbilgisi Konular\u0131 Belarus\u00e7a, a\u011f\u0131rl\u0131kl\u0131 olarak Belarus&#8217;ta n\u00fcfusun yakla\u015f\u0131k %70&#8217;i taraf\u0131ndan konu\u015fulan bir Do\u011fu Slav dilidir. Bir Slav dili olarak, Rus\u00e7a ve Ukraynaca ile benzerlikler payla\u015f\u0131r, bu da bu dilleri konu\u015fanlar\u0131n Belarus\u00e7a \u00f6\u011frenmesini kolayla\u015ft\u0131r\u0131r. Bununla birlikte, kendine \u00f6zg\u00fc \u00f6zellikleri vard\u0131r ve dilbilgisini \u00f6\u011frenmek, dil merakl\u0131lar\u0131 i\u00e7in \u00f6d\u00fcllendirici bir deneyim olabilir. Bu yaz\u0131da, dili daha [&hellip;]<\/p>\n","protected":false},"author":6,"featured_media":110519,"parent":0,"menu_order":0,"comment_status":"closed","ping_status":"closed","template":"LearningContentPage.php","meta":{"_acf_changed":false,"footnotes":""},"class_list":["post-165846","page","type-page","status-publish","has-post-thumbnail","hentry"],"acf":[],"yoast_head":"<!-- This site is optimized with the Yoast SEO Premium plugin v27.2 (Yoast SEO v27.2) - https:\/\/yoast.com\/product\/yoast-seo-premium-wordpress\/ -->\n<title>Beyaz Rus\u00e7a Dilbilgisi Al\u0131\u015ft\u0131rmalar\u0131 - Talkpal<\/title>\n<meta name=\"description\" content=\"Etkile\u015fimli Belarus\u00e7a Dilbilgisi Al\u0131\u015ft\u0131rmalar\u0131 ile Belarus\u00e7a becerilerinizi g\u00fc\u00e7lendirin TalkpalYapay zeka destekli dil \u00f6\u011fretmeniniz.\" \/>\n<meta name=\"robots\" content=\"index, follow, max-snippet:-1, max-image-preview:large, max-video-preview:-1\" \/>\n<link rel=\"canonical\" href=\"https:\/\/talkpal.ai\/tr\/beyaz-rusca-dilbilgisi-alistirmalari\/\" \/>\n<meta property=\"og:locale\" content=\"tr_TR\" \/>\n<meta property=\"og:type\" content=\"article\" \/>\n<meta property=\"og:title\" content=\"Beyaz Rus\u00e7a Dilbilgisi Al\u0131\u015ft\u0131rmalar\u0131\" \/>\n<meta property=\"og:description\" content=\"Beyaz Rus\u00e7a Dilbilgisi Konular\u0131 Belarus\u00e7a, a\u011f\u0131rl\u0131kl\u0131 olarak Belarus&#039;ta n\u00fcfusun yakla\u015f\u0131k %70&#039;i taraf\u0131ndan konu\u015fulan bir Do\u011fu Slav dilidir. Bir Slav dili\" \/>\n<meta property=\"og:url\" content=\"https:\/\/talkpal.ai\/tr\/beyaz-rusca-dilbilgisi-alistirmalari\/\" \/>\n<meta property=\"og:site_name\" content=\"Talkpal\" \/>\n<meta property=\"article:publisher\" content=\"https:\/\/www.facebook.com\/profile.php?id=100090733639311\" \/>\n<meta property=\"article:modified_time\" content=\"2025-05-23T11:19:40+00:00\" \/>\n<meta property=\"og:image\" content=\"https:\/\/talkpal.ai\/wp-content\/uploads\/2023\/05\/belarus.png\" \/>\n\t<meta property=\"og:image:width\" content=\"512\" \/>\n\t<meta property=\"og:image:height\" content=\"512\" \/>\n\t<meta property=\"og:image:type\" content=\"image\/png\" \/>\n<meta name=\"twitter:card\" content=\"summary_large_image\" \/>\n<meta name=\"twitter:site\" content=\"@talkpalai\" \/>\n<meta name=\"twitter:label1\" content=\"Tahmini okuma s\u00fcresi\" \/>\n\t<meta name=\"twitter:data1\" content=\"3 dakika\" \/>\n<script type=\"application\/ld+json\" class=\"yoast-schema-graph\">{\"@context\":\"https:\/\/schema.org\",\"@graph\":[{\"@type\":\"WebPage\",\"@id\":\"https:\/\/talkpal.ai\/tr\/beyaz-rusca-dilbilgisi-alistirmalari\/\",\"url\":\"https:\/\/talkpal.ai\/tr\/beyaz-rusca-dilbilgisi-alistirmalari\/\",\"name\":\"Beyaz Rus\u00e7a Dilbilgisi Al\u0131\u015ft\u0131rmalar\u0131 - Talkpal\",\"isPartOf\":{\"@id\":\"https:\/\/talkpal.ai\/tr\/#website\"},\"primaryImageOfPage\":{\"@id\":\"https:\/\/talkpal.ai\/tr\/beyaz-rusca-dilbilgisi-alistirmalari\/#primaryimage\"},\"image\":{\"@id\":\"https:\/\/talkpal.ai\/tr\/beyaz-rusca-dilbilgisi-alistirmalari\/#primaryimage\"},\"thumbnailUrl\":\"https:\/\/talkpal.ai\/wp-content\/uploads\/2023\/05\/belarus.png\",\"datePublished\":\"2023-06-16T11:55:18+00:00\",\"dateModified\":\"2025-05-23T11:19:40+00:00\",\"description\":\"Etkile\u015fimli Belarus\u00e7a Dilbilgisi Al\u0131\u015ft\u0131rmalar\u0131 ile Belarus\u00e7a becerilerinizi g\u00fc\u00e7lendirin TalkpalYapay zeka destekli dil \u00f6\u011fretmeniniz.\",\"breadcrumb\":{\"@id\":\"https:\/\/talkpal.ai\/tr\/beyaz-rusca-dilbilgisi-alistirmalari\/#breadcrumb\"},\"inLanguage\":\"tr\",\"potentialAction\":[{\"@type\":\"ReadAction\",\"target\":[\"https:\/\/talkpal.ai\/tr\/beyaz-rusca-dilbilgisi-alistirmalari\/\"]}]},{\"@type\":\"ImageObject\",\"inLanguage\":\"tr\",\"@id\":\"https:\/\/talkpal.ai\/tr\/beyaz-rusca-dilbilgisi-alistirmalari\/#primaryimage\",\"url\":\"https:\/\/talkpal.ai\/wp-content\/uploads\/2023\/05\/belarus.png\",\"contentUrl\":\"https:\/\/talkpal.ai\/wp-content\/uploads\/2023\/05\/belarus.png\",\"width\":512,\"height\":512},{\"@type\":\"BreadcrumbList\",\"@id\":\"https:\/\/talkpal.ai\/tr\/beyaz-rusca-dilbilgisi-alistirmalari\/#breadcrumb\",\"itemListElement\":[{\"@type\":\"ListItem\",\"position\":1,\"name\":\"Homepage\",\"item\":\"https:\/\/talkpal.ai\/tr\/\"},{\"@type\":\"ListItem\",\"position\":2,\"name\":\"Beyaz Rus\u00e7a Dilbilgisi Al\u0131\u015ft\u0131rmalar\u0131\"}]},{\"@type\":\"WebSite\",\"@id\":\"https:\/\/talkpal.ai\/tr\/#website\",\"url\":\"https:\/\/talkpal.ai\/tr\/\",\"name\":\"Talkpal\",\"description\":\"AI Language Learning\",\"publisher\":{\"@id\":\"https:\/\/talkpal.ai\/tr\/#organization\"},\"alternateName\":\"Talkpal AI\",\"potentialAction\":[{\"@type\":\"SearchAction\",\"target\":{\"@type\":\"EntryPoint\",\"urlTemplate\":\"https:\/\/talkpal.ai\/tr\/?s={search_term_string}\"},\"query-input\":{\"@type\":\"PropertyValueSpecification\",\"valueRequired\":true,\"valueName\":\"search_term_string\"}}],\"inLanguage\":\"tr\"},{\"@type\":\"Organization\",\"@id\":\"https:\/\/talkpal.ai\/tr\/#organization\",\"name\":\"Talkpal, Inc.\",\"alternateName\":\"Talkpal AI\",\"url\":\"https:\/\/talkpal.ai\/tr\/\",\"logo\":{\"@type\":\"ImageObject\",\"inLanguage\":\"tr\",\"@id\":\"https:\/\/talkpal.ai\/tr\/#\/schema\/logo\/image\/\",\"url\":\"https:\/\/talkpal.ai\/wp-content\/uploads\/2024\/03\/Talkpal-Logo-Icon.png\",\"contentUrl\":\"https:\/\/talkpal.ai\/wp-content\/uploads\/2024\/03\/Talkpal-Logo-Icon.png\",\"width\":2880,\"height\":2880,\"caption\":\"Talkpal, Inc.\"},\"image\":{\"@id\":\"https:\/\/talkpal.ai\/tr\/#\/schema\/logo\/image\/\"},\"sameAs\":[\"https:\/\/www.facebook.com\/profile.php?id=100090733639311\",\"https:\/\/x.com\/talkpalai\",\"https:\/\/www.linkedin.com\/company\/talkpal\/\",\"https:\/\/www.youtube.com\/@TalkPal\/\",\"https:\/\/www.tiktok.com\/@talkpal\",\"https:\/\/www.instagram.com\/talkpal_ai\/\",\"https:\/\/www.crunchbase.com\/organization\/talkpal-9cde\",\"https:\/\/www.g2.com\/products\/talkpal-for-business\/\",\"https:\/\/www.trustpilot.com\/review\/talkpal.ai\",\"https:\/\/www.capterra.com\/p\/10006800\/TalkPal\/\"],\"description\":\"Talkpal is a language learning web and mobile education app, powered by the latest AI technologies, that provides engaging experiences to its customers in many different languages to help them improve their language skills. Users can chat about unlimited amount of topics with the app and use other modes to practice their language learning.\",\"email\":\"support@talkpal.ai\",\"legalName\":\"Talkpal, Inc.\",\"foundingDate\":\"2023-04-03\",\"duns\":\"118989042\",\"numberOfEmployees\":{\"@type\":\"QuantitativeValue\",\"minValue\":\"11\",\"maxValue\":\"50\"},\"publishingPrinciples\":\"https:\/\/talkpal.ai\/publishing-principles\/\",\"actionableFeedbackPolicy\":\"https:\/\/talkpal.ai\/actionable-feedback-policy\/\",\"correctionsPolicy\":\"https:\/\/talkpal.ai\/corrections-policy\/\",\"ethicsPolicy\":\"https:\/\/talkpal.ai\/ethics-policy\/\",\"diversityPolicy\":\"https:\/\/talkpal.ai\/diversity-policy\/\",\"diversityStaffingReport\":\"https:\/\/talkpal.ai\/diversity-policy\/\"}]}<\/script>\n<!-- \/ Yoast SEO Premium plugin. -->","yoast_head_json":{"title":"Beyaz Rus\u00e7a Dilbilgisi Al\u0131\u015ft\u0131rmalar\u0131 - Talkpal","description":"Etkile\u015fimli Belarus\u00e7a Dilbilgisi Al\u0131\u015ft\u0131rmalar\u0131 ile Belarus\u00e7a becerilerinizi g\u00fc\u00e7lendirin TalkpalYapay zeka destekli dil \u00f6\u011fretmeniniz.","robots":{"index":"index","follow":"follow","max-snippet":"max-snippet:-1","max-image-preview":"max-image-preview:large","max-video-preview":"max-video-preview:-1"},"canonical":"https:\/\/talkpal.ai\/tr\/beyaz-rusca-dilbilgisi-alistirmalari\/","og_locale":"tr_TR","og_type":"article","og_title":"Beyaz Rus\u00e7a Dilbilgisi Al\u0131\u015ft\u0131rmalar\u0131","og_description":"Beyaz Rus\u00e7a Dilbilgisi Konular\u0131 Belarus\u00e7a, a\u011f\u0131rl\u0131kl\u0131 olarak Belarus'ta n\u00fcfusun yakla\u015f\u0131k %70'i taraf\u0131ndan konu\u015fulan bir Do\u011fu Slav dilidir. Bir Slav dili","og_url":"https:\/\/talkpal.ai\/tr\/beyaz-rusca-dilbilgisi-alistirmalari\/","og_site_name":"Talkpal","article_publisher":"https:\/\/www.facebook.com\/profile.php?id=100090733639311","article_modified_time":"2025-05-23T11:19:40+00:00","og_image":[{"width":512,"height":512,"url":"https:\/\/talkpal.ai\/wp-content\/uploads\/2023\/05\/belarus.png","type":"image\/png"}],"twitter_card":"summary_large_image","twitter_site":"@talkpalai","twitter_misc":{"Tahmini okuma s\u00fcresi":"3 dakika"},"schema":{"@context":"https:\/\/schema.org","@graph":[{"@type":"WebPage","@id":"https:\/\/talkpal.ai\/tr\/beyaz-rusca-dilbilgisi-alistirmalari\/","url":"https:\/\/talkpal.ai\/tr\/beyaz-rusca-dilbilgisi-alistirmalari\/","name":"Beyaz Rus\u00e7a Dilbilgisi Al\u0131\u015ft\u0131rmalar\u0131 - Talkpal","isPartOf":{"@id":"https:\/\/talkpal.ai\/tr\/#website"},"primaryImageOfPage":{"@id":"https:\/\/talkpal.ai\/tr\/beyaz-rusca-dilbilgisi-alistirmalari\/#primaryimage"},"image":{"@id":"https:\/\/talkpal.ai\/tr\/beyaz-rusca-dilbilgisi-alistirmalari\/#primaryimage"},"thumbnailUrl":"https:\/\/talkpal.ai\/wp-content\/uploads\/2023\/05\/belarus.png","datePublished":"2023-06-16T11:55:18+00:00","dateModified":"2025-05-23T11:19:40+00:00","description":"Etkile\u015fimli Belarus\u00e7a Dilbilgisi Al\u0131\u015ft\u0131rmalar\u0131 ile Belarus\u00e7a becerilerinizi g\u00fc\u00e7lendirin TalkpalYapay zeka destekli dil \u00f6\u011fretmeniniz.","breadcrumb":{"@id":"https:\/\/talkpal.ai\/tr\/beyaz-rusca-dilbilgisi-alistirmalari\/#breadcrumb"},"inLanguage":"tr","potentialAction":[{"@type":"ReadAction","target":["https:\/\/talkpal.ai\/tr\/beyaz-rusca-dilbilgisi-alistirmalari\/"]}]},{"@type":"ImageObject","inLanguage":"tr","@id":"https:\/\/talkpal.ai\/tr\/beyaz-rusca-dilbilgisi-alistirmalari\/#primaryimage","url":"https:\/\/talkpal.ai\/wp-content\/uploads\/2023\/05\/belarus.png","contentUrl":"https:\/\/talkpal.ai\/wp-content\/uploads\/2023\/05\/belarus.png","width":512,"height":512},{"@type":"BreadcrumbList","@id":"https:\/\/talkpal.ai\/tr\/beyaz-rusca-dilbilgisi-alistirmalari\/#breadcrumb","itemListElement":[{"@type":"ListItem","position":1,"name":"Homepage","item":"https:\/\/talkpal.ai\/tr\/"},{"@type":"ListItem","position":2,"name":"Beyaz Rus\u00e7a Dilbilgisi Al\u0131\u015ft\u0131rmalar\u0131"}]},{"@type":"WebSite","@id":"https:\/\/talkpal.ai\/tr\/#website","url":"https:\/\/talkpal.ai\/tr\/","name":"Talkpal","description":"AI Language Learning","publisher":{"@id":"https:\/\/talkpal.ai\/tr\/#organization"},"alternateName":"Talkpal AI","potentialAction":[{"@type":"SearchAction","target":{"@type":"EntryPoint","urlTemplate":"https:\/\/talkpal.ai\/tr\/?s={search_term_string}"},"query-input":{"@type":"PropertyValueSpecification","valueRequired":true,"valueName":"search_term_string"}}],"inLanguage":"tr"},{"@type":"Organization","@id":"https:\/\/talkpal.ai\/tr\/#organization","name":"Talkpal, Inc.","alternateName":"Talkpal AI","url":"https:\/\/talkpal.ai\/tr\/","logo":{"@type":"ImageObject","inLanguage":"tr","@id":"https:\/\/talkpal.ai\/tr\/#\/schema\/logo\/image\/","url":"https:\/\/talkpal.ai\/wp-content\/uploads\/2024\/03\/Talkpal-Logo-Icon.png","contentUrl":"https:\/\/talkpal.ai\/wp-content\/uploads\/2024\/03\/Talkpal-Logo-Icon.png","width":2880,"height":2880,"caption":"Talkpal, Inc."},"image":{"@id":"https:\/\/talkpal.ai\/tr\/#\/schema\/logo\/image\/"},"sameAs":["https:\/\/www.facebook.com\/profile.php?id=100090733639311","https:\/\/x.com\/talkpalai","https:\/\/www.linkedin.com\/company\/talkpal\/","https:\/\/www.youtube.com\/@TalkPal\/","https:\/\/www.tiktok.com\/@talkpal","https:\/\/www.instagram.com\/talkpal_ai\/","https:\/\/www.crunchbase.com\/organization\/talkpal-9cde","https:\/\/www.g2.com\/products\/talkpal-for-business\/","https:\/\/www.trustpilot.com\/review\/talkpal.ai","https:\/\/www.capterra.com\/p\/10006800\/TalkPal\/"],"description":"Talkpal is a language learning web and mobile education app, powered by the latest AI technologies, that provides engaging experiences to its customers in many different languages to help them improve their language skills. Users can chat about unlimited amount of topics with the app and use other modes to practice their language learning.","email":"support@talkpal.ai","legalName":"Talkpal, Inc.","foundingDate":"2023-04-03","duns":"118989042","numberOfEmployees":{"@type":"QuantitativeValue","minValue":"11","maxValue":"50"},"publishingPrinciples":"https:\/\/talkpal.ai\/publishing-principles\/","actionableFeedbackPolicy":"https:\/\/talkpal.ai\/actionable-feedback-policy\/","correctionsPolicy":"https:\/\/talkpal.ai\/corrections-policy\/","ethicsPolicy":"https:\/\/talkpal.ai\/ethics-policy\/","diversityPolicy":"https:\/\/talkpal.ai\/diversity-policy\/","diversityStaffingReport":"https:\/\/talkpal.ai\/diversity-policy\/"}]}},"_links":{"self":[{"href":"https:\/\/talkpal.ai\/tr\/wp-json\/wp\/v2\/pages\/165846","targetHints":{"allow":["GET"]}}],"collection":[{"href":"https:\/\/talkpal.ai\/tr\/wp-json\/wp\/v2\/pages"}],"about":[{"href":"https:\/\/talkpal.ai\/tr\/wp-json\/wp\/v2\/types\/page"}],"author":[{"embeddable":true,"href":"https:\/\/talkpal.ai\/tr\/wp-json\/wp\/v2\/users\/6"}],"replies":[{"embeddable":true,"href":"https:\/\/talkpal.ai\/tr\/wp-json\/wp\/v2\/comments?post=165846"}],"version-history":[{"count":0,"href":"https:\/\/talkpal.ai\/tr\/wp-json\/wp\/v2\/pages\/165846\/revisions"}],"wp:featuredmedia":[{"embeddable":true,"href":"https:\/\/talkpal.ai\/tr\/wp-json\/wp\/v2\/media\/110519"}],"wp:attachment":[{"href":"https:\/\/talkpal.ai\/tr\/wp-json\/wp\/v2\/media?parent=165846"}],"curies":[{"name":"wp","href":"https:\/\/api.w.org\/{rel}","templated":true}]}}