{"id":164983,"date":"2023-06-16T12:01:29","date_gmt":"2023-06-16T12:01:29","guid":{"rendered":"http:\/\/talkpal.ai\/bosnakca-dilbilgisi-alistirmalari\/"},"modified":"2025-05-23T12:06:16","modified_gmt":"2025-05-23T12:06:16","slug":"bosnakca-dilbilgisi-alistirmalari","status":"publish","type":"page","link":"https:\/\/talkpal.ai\/tr\/bosnakca-dilbilgisi-alistirmalari\/","title":{"rendered":"Bo\u015fnak\u00e7a Dilbilgisi Al\u0131\u015ft\u0131rmalar\u0131"},"content":{"rendered":"\r\n\r\n\r\n<section class=\"languageChallengeSection\">\r\n    <div class=\"languageInfoWrapper\">\r\n        \r\n        <h1>Bo\u015fnak\u00e7a Dilbilgisi Al\u0131\u015ft\u0131rmalar\u0131<\/h1>\r\n        <p>Bo\u015fnak\u00e7ada kendinize daha fazla g\u00fcvenmeye haz\u0131r m\u0131s\u0131n\u0131z? <a href=\"https:\/\/talkpal.ai\/grammar\/\">Dilbilgisi<\/a> al\u0131\u015ft\u0131rmalar\u0131 yapmak c\u00fcmle yap\u0131s\u0131, fiil formlar\u0131 ve Bo\u015fnak\u00e7an\u0131n kendine \u00f6zg\u00fc kal\u0131plar\u0131na hakim olmak i\u00e7in harika bir yoldur. <a href=\"https:\/\/talkpal.ai\/bosnian-grammar\/\">Bo\u015fnak\u00e7a dilbilgisi<\/a> \u00fczerinde \u00e7al\u0131\u015fmaya bug\u00fcn ba\u015flay\u0131n ve her al\u0131\u015ft\u0131rmada anlay\u0131\u015f\u0131n\u0131z\u0131n ve ak\u0131c\u0131l\u0131\u011f\u0131n\u0131z\u0131n artt\u0131\u011f\u0131n\u0131 g\u00f6r\u00fcn!\n\n<\/p>\r\n\r\n                            <a class=\"getStartedHidden\" href=\"https:\/\/app.talkpal.ai\/tr\/signup?lng=\">Hadi ba\u015fla<\/a>\r\n        \r\n    <\/div>\r\n\r\n    <figure>\r\n    <img decoding=\"async\" width=\"768\" height=\"768\" src=\"https:\/\/talkpal.ai\/wp-content\/uploads\/2023\/06\/bosinian-768x768.png\" class=\"languageImage no-lazy\" alt=\"Language learning for increasing employability\" fetchpriority=\"high\" sizes=\"(max-width: 768px) 150px, 768px\" srcset=\"https:\/\/talkpal.ai\/wp-content\/uploads\/2023\/06\/bosinian-768x768.png 768w, https:\/\/talkpal.ai\/wp-content\/uploads\/2023\/06\/bosinian-300x300.png 300w\" \/>\r\n    \r\n\r\n    <\/figure>\r\n\r\n            <a class=\"getStartedVisible\" href=\"https:\/\/app.talkpal.ai\/tr\/signup?lng=\">Hadi ba\u015fla<\/a>\r\n    \r\n<\/section>\r\n\r\n\r\n<!-- <section class=\"grammarSection\">\r\n    <div class=\"grammarLinks\">\r\n            <\/div>\r\n<\/section> -->\r\n\r\n\r\n\r\n\r\n<section class=\"promotionalBanner\">\r\n    <p class=\"promotionalText\">Dil \u00f6\u011frenmenin en etkili yolu<\/p>\r\n    <a class=\"promotionalLink\" href=\"https:\/\/app.talkpal.ai\/tr\/signup?lng=\">Talkpal \u00fccretsiz deneyin<\/a>\r\n<\/section>\n<div class=\"wp-block-group pageContainerStyle\"><div class=\"wp-block-group__inner-container is-layout-constrained wp-block-group-is-layout-constrained\">\n<h2 class=\"wp-block-heading\" id=\"h-bosnian-grammar-topics\">Bo\u015fnak\u00e7a Dilbilgisi Konular\u0131<\/h2>\n\n\n\n<p>Bo\u015fnak\u00e7a, \u00f6ncelikle Bosna-Hersek, S\u0131rbistan, Karada\u011f ve H\u0131rvatistan&#8217;da konu\u015fulan bir G\u00fcney Slav dilidir. <a href=\"https:\/\/talkpal.ai\/learn-serbian\/\">S\u0131rp\u00e7a<\/a> ve H\u0131rvat\u00e7a ile kar\u015f\u0131l\u0131kl\u0131 olarak anla\u015f\u0131labilir ve standartla\u015ft\u0131r\u0131lm\u0131\u015f S\u0131rp-<a href=\"https:\/\/talkpal.ai\/learn-croatian\/\">H\u0131rvat<\/a> dilinin bir par\u00e7as\u0131d\u0131r. Bo\u015fnak\u00e7a \u00f6\u011frenmek, Balkan b\u00f6lgesinin zengin tarihi, k\u00fclt\u00fcr\u00fc ve gelenekleri hakk\u0131nda fikir verdi\u011fi i\u00e7in b\u00fcy\u00fcleyici ve \u00f6d\u00fcllendirici bir deneyim olabilir. Bo\u015fnak\u00e7a&#8217;y\u0131 etkili bir \u015fekilde \u00f6\u011frenmek i\u00e7in \u00e7e\u015fitli zamanlar, isim ve s\u0131fat bi\u00e7imleri ve c\u00fcmle yap\u0131lar\u0131n\u0131 i\u00e7eren dilbilgisi sistemini anlamak \u00f6nemlidir. Bu k\u0131lavuzda, dilde verimli bir \u015fekilde ustala\u015fman\u0131za yard\u0131mc\u0131 olmak i\u00e7in <a href=\"https:\/\/talkpal.ai\/bosnian-grammar\/\">Bo\u015fnak\u00e7a dilbilgisi<\/a> konular\u0131n\u0131n s\u0131ras\u0131n\u0131 inceleyece\u011fiz.<\/p>\n\n\n\n<h3 class=\"wp-block-heading\" id=\"h-1-nouns-and-articles\">1. \u0130simler ve Makaleler:<\/h3>\n\n\n\n<p>\u00dc\u00e7 cinsiyete (eril, di\u015fil, n\u00f6tr) ayr\u0131lan, tekil ve \u00e7o\u011ful bi\u00e7imleri olan isimleri \u00f6\u011frenerek ba\u015flay\u0131n. Bo\u015fnak\u00e7ada \u0130ngilizcedeki gibi artikeller yoktur, ancak \u00f6zg\u00fcll\u00fc\u011f\u00fc belirtmek i\u00e7in i\u015faret zamirleri kullan\u0131l\u0131r.<\/p>\n\n\n\n<h3 class=\"wp-block-heading\" id=\"h-2-adjectives\">2. S\u0131fatlar:<\/h3>\n\n\n\n<p>S\u0131fatlar cinsiyet, say\u0131 ve durum bak\u0131m\u0131ndan isimlerle ayn\u0131 fikirdedir. \u0130simleri do\u011fru bir \u015fekilde tan\u0131mlamak i\u00e7in s\u0131fatlar\u0131 nas\u0131l olu\u015fturaca\u011f\u0131n\u0131z\u0131 ve kullanaca\u011f\u0131n\u0131z\u0131 \u00f6\u011frenin.<\/p>\n\n\n\n<h3 class=\"wp-block-heading\" id=\"h-3-pronouns-determiners\">3. Zamirler\/Belirleyiciler:<\/h3>\n\n\n\n<p>Bo\u015fnak\u00e7a zamirler ve belirleyiciler de cinsiyet, say\u0131 ve durum bak\u0131m\u0131ndan isimlerle ayn\u0131 fikirdedir. \u0130leti\u015fim becerilerinizi geli\u015ftirmek i\u00e7in ki\u015fisel, iyelik, g\u00f6sterici ve soru zamirlerini inceleyin.<\/p>\n\n\n\n<h3 class=\"wp-block-heading\" id=\"h-4-verbs\">4. Fiiller:<\/h3>\n\n\n\n<p>D\u00fczenli ve d\u00fczensiz fiillere, \u00e7ekim kal\u0131plar\u0131na ve m\u00fckemmel ve kusurlu y\u00f6nler aras\u0131ndaki ayr\u0131ma a\u015fina olun.<\/p>\n\n\n\n<h3 class=\"wp-block-heading\" id=\"h-5-tenses\">5. Zamanlar:<\/h3>\n\n\n\n<p>Bo\u015fnak\u00e7a&#8217;n\u0131n \u00fc\u00e7 zaman\u0131 vard\u0131r: ge\u00e7mi\u015f, \u015fimdiki zaman ve gelecek. Farkl\u0131 zaman dilimlerindeki eylemleri ve olaylar\u0131 ifade etmek i\u00e7in bu zamanlar\u0131 nas\u0131l olu\u015fturaca\u011f\u0131n\u0131z\u0131 ve kullanaca\u011f\u0131n\u0131z\u0131 \u00f6\u011frenin.<\/p>\n\n\n\n<h3 class=\"wp-block-heading\" id=\"h-6-tense-comparison\">6. Gergin Kar\u015f\u0131la\u015ft\u0131rma:<\/h3>\n\n\n\n<p>Zamanlar aras\u0131ndaki farkl\u0131l\u0131klar\u0131 ve benzerlikleri, \u00e7e\u015fitli ba\u011flamlardaki kullan\u0131mlar\u0131na odaklanarak anlay\u0131n.<\/p>\n\n\n\n<h3 class=\"wp-block-heading\" id=\"h-7-progressive-and-perfect-progressive\">7. \u0130lerici ve M\u00fckemmel \u0130lerici:<\/h3>\n\n\n\n<p>Bo\u015fnak\u00e7a&#8217;n\u0131n \u0130ngilizce ilerici ve m\u00fckemmel ilerici zamanlar\u0131n\u0131n do\u011frudan bir kar\u015f\u0131l\u0131\u011f\u0131 yoktur. Bununla birlikte, benzer anlamlar\u0131 iletmek i\u00e7in s\u00f6zel y\u00f6n\u00fc (m\u00fckemmel ve kusurlu) kullan\u0131r.<\/p>\n\n\n\n<h3 class=\"wp-block-heading\" id=\"h-8-adverbs\">8. Zarflar:<\/h3>\n\n\n\n<p>Zaman\u0131, \u015fekli ve dereceyi ifade etmek i\u00e7in zarflar\u0131 ve c\u00fcmlelerdeki yerle\u015fimlerini inceleyin.<\/p>\n\n\n\n<h3 class=\"wp-block-heading\" id=\"h-9-conditionals\">9. Ko\u015fullar:<\/h3>\n\n\n\n<p>Varsay\u0131msal durumlar\u0131 ve sonu\u00e7lar\u0131n\u0131 ifade etmek i\u00e7in ko\u015fullu c\u00fcmleleri (ger\u00e7ek ve ger\u00e7ek olmayan) nas\u0131l olu\u015fturaca\u011f\u0131n\u0131z\u0131 ve kullanaca\u011f\u0131n\u0131z\u0131 \u00f6\u011frenin.<\/p>\n\n\n\n<h3 class=\"wp-block-heading\" id=\"h-10-prepositions\">10. Edatlar:<\/h3>\n\n\n\n<p>Edatlar, kelimeler ve ifadeler aras\u0131ndaki ili\u015fkileri belirtmek i\u00e7in gereklidir. Bunlar\u0131 \u00e7e\u015fitli ba\u011flamlarda do\u011fru bir \u015fekilde nas\u0131l kullanaca\u011f\u0131n\u0131z\u0131 \u00f6\u011frenin.<\/p>\n\n\n\n<h3 class=\"wp-block-heading\" id=\"h-11-sentences\">11. C\u00fcmleler:<\/h3>\n\n\n\n<p>Son olarak, \u00f6\u011frendi\u011finiz t\u00fcm dilbilgisi \u00f6\u011felerini kullanarak basit ve karma\u015f\u0131k c\u00fcmleler kurma al\u0131\u015ft\u0131rmas\u0131 yap\u0131n. Bu, Bo\u015fnak\u00e7a&#8217;da g\u00fc\u00e7l\u00fc bir temel geli\u015ftirmenize yard\u0131mc\u0131 olacak ve anadili \u0130ngilizce olan ki\u015filerle etkili bir \u015fekilde ileti\u015fim kurman\u0131za olanak sa\u011flayacakt\u0131r.<\/p>\n<\/div><\/div>\n\r\n<section class=\"learnNavigationSection\">\r\n            \r\n        <a href=\"https:\/\/talkpal.ai\/tr\/bosnakca-ogren\/\">\r\n            <div class=\"learnNavigationWrapper\">\r\n                <div class=\"learnNavigationContent\">\r\n                    <img decoding=\"async\" src=\"https:\/\/talkpal.ai\/wp-content\/uploads\/2024\/08\/Bosnian.jpg\" alt=\"Bosnian Flag\">\r\n                    <div>\r\n                        <h4>Bosnian Learning Hakk\u0131nda<\/h4>\r\n                        <p>Bo\u015fnak\u00e7a dilbilgisi hakk\u0131nda her \u015feyi \u00f6\u011frenin .<\/p>\r\n                    <\/div>\r\n                <\/div>\r\n            <\/div>\r\n        <\/a>\r\n\r\n        \r\n        <a href=\"https:\/\/talkpal.ai\/tr\/bosnakca-dilbilgisi\/\">\r\n            <div class=\"learnNavigationWrapper\">\r\n                <div class=\"learnNavigationContent\">\r\n                    <img decoding=\"async\" src=\"https:\/\/talkpal.ai\/wp-content\/uploads\/2024\/08\/Bosnian.jpg\" alt=\"Bosnian Flag\">\r\n                    <div>\r\n                        <h4>Bo\u015fnak\u00e7a Gramer Dersleri<\/h4>\r\n                        <p>Bo\u015fnak\u00e7a dilbilgisi al\u0131\u015ft\u0131rmas\u0131 yap\u0131n .<\/p>\r\n                    <\/div>\r\n                <\/div>\r\n            <\/div>\r\n        <\/a>\r\n\r\n        \r\n        <a href=\"https:\/\/talkpal.ai\/vocabulary_language\/bosnian\/\">\r\n            <div class=\"learnNavigationWrapper\">\r\n                <div class=\"learnNavigationContent\">\r\n                    <img decoding=\"async\" src=\"https:\/\/talkpal.ai\/wp-content\/uploads\/2024\/08\/Bosnian.jpg\" alt=\"Bosnian Flag\">\r\n                    <div>\r\n                        <h4>Bo\u015fnak\u00e7a Kelime Bilgisi<\/h4>\r\n                        <p>Bo\u015fnak\u00e7a kelime da\u011farc\u0131\u011f\u0131n\u0131z\u0131 geni\u015fletin.<\/p>\r\n                    <\/div>\r\n                <\/div>\r\n            <\/div>\r\n        <\/a>\r\n\r\n            <\/section>","protected":false},"excerpt":{"rendered":"<p>Bo\u015fnak\u00e7a Dilbilgisi Konular\u0131 Bo\u015fnak\u00e7a, \u00f6ncelikle Bosna-Hersek, S\u0131rbistan, Karada\u011f ve H\u0131rvatistan&#8217;da konu\u015fulan bir G\u00fcney Slav dilidir. S\u0131rp\u00e7a ve H\u0131rvat\u00e7a ile kar\u015f\u0131l\u0131kl\u0131 olarak anla\u015f\u0131labilir ve standartla\u015ft\u0131r\u0131lm\u0131\u015f S\u0131rp-H\u0131rvat dilinin bir par\u00e7as\u0131d\u0131r. Bo\u015fnak\u00e7a \u00f6\u011frenmek, Balkan b\u00f6lgesinin zengin tarihi, k\u00fclt\u00fcr\u00fc ve gelenekleri hakk\u0131nda fikir verdi\u011fi i\u00e7in b\u00fcy\u00fcleyici ve \u00f6d\u00fcllendirici bir deneyim olabilir. Bo\u015fnak\u00e7a&#8217;y\u0131 etkili bir \u015fekilde \u00f6\u011frenmek i\u00e7in \u00e7e\u015fitli zamanlar, [&hellip;]<\/p>\n","protected":false},"author":6,"featured_media":111322,"parent":0,"menu_order":0,"comment_status":"closed","ping_status":"closed","template":"LearningContentPage.php","meta":{"_acf_changed":false,"footnotes":""},"class_list":["post-164983","page","type-page","status-publish","has-post-thumbnail","hentry"],"acf":[],"yoast_head":"<!-- This site is optimized with the Yoast SEO Premium plugin v27.2 (Yoast SEO v27.2) - https:\/\/yoast.com\/product\/yoast-seo-premium-wordpress\/ -->\n<title>Bo\u015fnak\u00e7a Dilbilgisi Al\u0131\u015ft\u0131rmalar\u0131 - Talkpal<\/title>\n<meta name=\"description\" content=\"C\u00fcmle yap\u0131lar\u0131n\u0131 ve zamanlar\u0131 anlaman\u0131z\u0131 geli\u015ftirmek i\u00e7in tasarlanm\u0131\u015f ilgi \u00e7ekici Bo\u015fnak\u00e7a Dilbilgisi Al\u0131\u015ft\u0131rmalar\u0131 ile Bo\u015fnak\u00e7ada ustala\u015f\u0131n.\" \/>\n<meta name=\"robots\" content=\"index, follow, max-snippet:-1, max-image-preview:large, max-video-preview:-1\" \/>\n<link rel=\"canonical\" href=\"https:\/\/talkpal.ai\/tr\/bosnakca-dilbilgisi-alistirmalari\/\" \/>\n<meta property=\"og:locale\" content=\"tr_TR\" \/>\n<meta property=\"og:type\" content=\"article\" \/>\n<meta property=\"og:title\" content=\"Bo\u015fnak\u00e7a Dilbilgisi Al\u0131\u015ft\u0131rmalar\u0131\" \/>\n<meta property=\"og:description\" content=\"Bo\u015fnak\u00e7a Dilbilgisi Konular\u0131 Bo\u015fnak\u00e7a, \u00f6ncelikle Bosna-Hersek, S\u0131rbistan, Karada\u011f ve H\u0131rvatistan&#039;da konu\u015fulan bir G\u00fcney Slav dilidir. S\u0131rp\u00e7a ve H\u0131rvat\u00e7a\" \/>\n<meta property=\"og:url\" content=\"https:\/\/talkpal.ai\/tr\/bosnakca-dilbilgisi-alistirmalari\/\" \/>\n<meta property=\"og:site_name\" content=\"Talkpal\" \/>\n<meta property=\"article:publisher\" content=\"https:\/\/www.facebook.com\/profile.php?id=100090733639311\" \/>\n<meta property=\"article:modified_time\" content=\"2025-05-23T12:06:16+00:00\" \/>\n<meta property=\"og:image\" content=\"https:\/\/talkpal.ai\/wp-content\/uploads\/2023\/05\/bosnia-and-herzegovina.png\" \/>\n\t<meta property=\"og:image:width\" content=\"512\" \/>\n\t<meta property=\"og:image:height\" content=\"512\" \/>\n\t<meta property=\"og:image:type\" content=\"image\/png\" \/>\n<meta name=\"twitter:card\" content=\"summary_large_image\" \/>\n<meta name=\"twitter:site\" content=\"@talkpalai\" \/>\n<meta name=\"twitter:label1\" content=\"Tahmini okuma s\u00fcresi\" \/>\n\t<meta name=\"twitter:data1\" content=\"3 dakika\" \/>\n<script type=\"application\/ld+json\" class=\"yoast-schema-graph\">{\"@context\":\"https:\/\/schema.org\",\"@graph\":[{\"@type\":\"WebPage\",\"@id\":\"https:\/\/talkpal.ai\/tr\/bosnakca-dilbilgisi-alistirmalari\/\",\"url\":\"https:\/\/talkpal.ai\/tr\/bosnakca-dilbilgisi-alistirmalari\/\",\"name\":\"Bo\u015fnak\u00e7a Dilbilgisi Al\u0131\u015ft\u0131rmalar\u0131 - Talkpal\",\"isPartOf\":{\"@id\":\"https:\/\/talkpal.ai\/tr\/#website\"},\"primaryImageOfPage\":{\"@id\":\"https:\/\/talkpal.ai\/tr\/bosnakca-dilbilgisi-alistirmalari\/#primaryimage\"},\"image\":{\"@id\":\"https:\/\/talkpal.ai\/tr\/bosnakca-dilbilgisi-alistirmalari\/#primaryimage\"},\"thumbnailUrl\":\"https:\/\/talkpal.ai\/wp-content\/uploads\/2023\/05\/bosnia-and-herzegovina.png\",\"datePublished\":\"2023-06-16T12:01:29+00:00\",\"dateModified\":\"2025-05-23T12:06:16+00:00\",\"description\":\"C\u00fcmle yap\u0131lar\u0131n\u0131 ve zamanlar\u0131 anlaman\u0131z\u0131 geli\u015ftirmek i\u00e7in tasarlanm\u0131\u015f ilgi \u00e7ekici Bo\u015fnak\u00e7a Dilbilgisi Al\u0131\u015ft\u0131rmalar\u0131 ile Bo\u015fnak\u00e7ada ustala\u015f\u0131n.\",\"breadcrumb\":{\"@id\":\"https:\/\/talkpal.ai\/tr\/bosnakca-dilbilgisi-alistirmalari\/#breadcrumb\"},\"inLanguage\":\"tr\",\"potentialAction\":[{\"@type\":\"ReadAction\",\"target\":[\"https:\/\/talkpal.ai\/tr\/bosnakca-dilbilgisi-alistirmalari\/\"]}]},{\"@type\":\"ImageObject\",\"inLanguage\":\"tr\",\"@id\":\"https:\/\/talkpal.ai\/tr\/bosnakca-dilbilgisi-alistirmalari\/#primaryimage\",\"url\":\"https:\/\/talkpal.ai\/wp-content\/uploads\/2023\/05\/bosnia-and-herzegovina.png\",\"contentUrl\":\"https:\/\/talkpal.ai\/wp-content\/uploads\/2023\/05\/bosnia-and-herzegovina.png\",\"width\":512,\"height\":512},{\"@type\":\"BreadcrumbList\",\"@id\":\"https:\/\/talkpal.ai\/tr\/bosnakca-dilbilgisi-alistirmalari\/#breadcrumb\",\"itemListElement\":[{\"@type\":\"ListItem\",\"position\":1,\"name\":\"Homepage\",\"item\":\"https:\/\/talkpal.ai\/tr\/\"},{\"@type\":\"ListItem\",\"position\":2,\"name\":\"Bo\u015fnak\u00e7a Dilbilgisi Al\u0131\u015ft\u0131rmalar\u0131\"}]},{\"@type\":\"WebSite\",\"@id\":\"https:\/\/talkpal.ai\/tr\/#website\",\"url\":\"https:\/\/talkpal.ai\/tr\/\",\"name\":\"Talkpal\",\"description\":\"AI Language Learning\",\"publisher\":{\"@id\":\"https:\/\/talkpal.ai\/tr\/#organization\"},\"alternateName\":\"Talkpal AI\",\"potentialAction\":[{\"@type\":\"SearchAction\",\"target\":{\"@type\":\"EntryPoint\",\"urlTemplate\":\"https:\/\/talkpal.ai\/tr\/?s={search_term_string}\"},\"query-input\":{\"@type\":\"PropertyValueSpecification\",\"valueRequired\":true,\"valueName\":\"search_term_string\"}}],\"inLanguage\":\"tr\"},{\"@type\":\"Organization\",\"@id\":\"https:\/\/talkpal.ai\/tr\/#organization\",\"name\":\"Talkpal, Inc.\",\"alternateName\":\"Talkpal AI\",\"url\":\"https:\/\/talkpal.ai\/tr\/\",\"logo\":{\"@type\":\"ImageObject\",\"inLanguage\":\"tr\",\"@id\":\"https:\/\/talkpal.ai\/tr\/#\/schema\/logo\/image\/\",\"url\":\"https:\/\/talkpal.ai\/wp-content\/uploads\/2024\/03\/Talkpal-Logo-Icon.png\",\"contentUrl\":\"https:\/\/talkpal.ai\/wp-content\/uploads\/2024\/03\/Talkpal-Logo-Icon.png\",\"width\":2880,\"height\":2880,\"caption\":\"Talkpal, Inc.\"},\"image\":{\"@id\":\"https:\/\/talkpal.ai\/tr\/#\/schema\/logo\/image\/\"},\"sameAs\":[\"https:\/\/www.facebook.com\/profile.php?id=100090733639311\",\"https:\/\/x.com\/talkpalai\",\"https:\/\/www.linkedin.com\/company\/talkpal\/\",\"https:\/\/www.youtube.com\/@TalkPal\/\",\"https:\/\/www.tiktok.com\/@talkpal\",\"https:\/\/www.instagram.com\/talkpal_ai\/\",\"https:\/\/www.crunchbase.com\/organization\/talkpal-9cde\",\"https:\/\/www.g2.com\/products\/talkpal-for-business\/\",\"https:\/\/www.trustpilot.com\/review\/talkpal.ai\",\"https:\/\/www.capterra.com\/p\/10006800\/TalkPal\/\"],\"description\":\"Talkpal is a language learning web and mobile education app, powered by the latest AI technologies, that provides engaging experiences to its customers in many different languages to help them improve their language skills. Users can chat about unlimited amount of topics with the app and use other modes to practice their language learning.\",\"email\":\"support@talkpal.ai\",\"legalName\":\"Talkpal, Inc.\",\"foundingDate\":\"2023-04-03\",\"duns\":\"118989042\",\"numberOfEmployees\":{\"@type\":\"QuantitativeValue\",\"minValue\":\"11\",\"maxValue\":\"50\"},\"publishingPrinciples\":\"https:\/\/talkpal.ai\/publishing-principles\/\",\"actionableFeedbackPolicy\":\"https:\/\/talkpal.ai\/actionable-feedback-policy\/\",\"correctionsPolicy\":\"https:\/\/talkpal.ai\/corrections-policy\/\",\"ethicsPolicy\":\"https:\/\/talkpal.ai\/ethics-policy\/\",\"diversityPolicy\":\"https:\/\/talkpal.ai\/diversity-policy\/\",\"diversityStaffingReport\":\"https:\/\/talkpal.ai\/diversity-policy\/\"}]}<\/script>\n<!-- \/ Yoast SEO Premium plugin. -->","yoast_head_json":{"title":"Bo\u015fnak\u00e7a Dilbilgisi Al\u0131\u015ft\u0131rmalar\u0131 - Talkpal","description":"C\u00fcmle yap\u0131lar\u0131n\u0131 ve zamanlar\u0131 anlaman\u0131z\u0131 geli\u015ftirmek i\u00e7in tasarlanm\u0131\u015f ilgi \u00e7ekici Bo\u015fnak\u00e7a Dilbilgisi Al\u0131\u015ft\u0131rmalar\u0131 ile Bo\u015fnak\u00e7ada ustala\u015f\u0131n.","robots":{"index":"index","follow":"follow","max-snippet":"max-snippet:-1","max-image-preview":"max-image-preview:large","max-video-preview":"max-video-preview:-1"},"canonical":"https:\/\/talkpal.ai\/tr\/bosnakca-dilbilgisi-alistirmalari\/","og_locale":"tr_TR","og_type":"article","og_title":"Bo\u015fnak\u00e7a Dilbilgisi Al\u0131\u015ft\u0131rmalar\u0131","og_description":"Bo\u015fnak\u00e7a Dilbilgisi Konular\u0131 Bo\u015fnak\u00e7a, \u00f6ncelikle Bosna-Hersek, S\u0131rbistan, Karada\u011f ve H\u0131rvatistan'da konu\u015fulan bir G\u00fcney Slav dilidir. S\u0131rp\u00e7a ve H\u0131rvat\u00e7a","og_url":"https:\/\/talkpal.ai\/tr\/bosnakca-dilbilgisi-alistirmalari\/","og_site_name":"Talkpal","article_publisher":"https:\/\/www.facebook.com\/profile.php?id=100090733639311","article_modified_time":"2025-05-23T12:06:16+00:00","og_image":[{"width":512,"height":512,"url":"https:\/\/talkpal.ai\/wp-content\/uploads\/2023\/05\/bosnia-and-herzegovina.png","type":"image\/png"}],"twitter_card":"summary_large_image","twitter_site":"@talkpalai","twitter_misc":{"Tahmini okuma s\u00fcresi":"3 dakika"},"schema":{"@context":"https:\/\/schema.org","@graph":[{"@type":"WebPage","@id":"https:\/\/talkpal.ai\/tr\/bosnakca-dilbilgisi-alistirmalari\/","url":"https:\/\/talkpal.ai\/tr\/bosnakca-dilbilgisi-alistirmalari\/","name":"Bo\u015fnak\u00e7a Dilbilgisi Al\u0131\u015ft\u0131rmalar\u0131 - Talkpal","isPartOf":{"@id":"https:\/\/talkpal.ai\/tr\/#website"},"primaryImageOfPage":{"@id":"https:\/\/talkpal.ai\/tr\/bosnakca-dilbilgisi-alistirmalari\/#primaryimage"},"image":{"@id":"https:\/\/talkpal.ai\/tr\/bosnakca-dilbilgisi-alistirmalari\/#primaryimage"},"thumbnailUrl":"https:\/\/talkpal.ai\/wp-content\/uploads\/2023\/05\/bosnia-and-herzegovina.png","datePublished":"2023-06-16T12:01:29+00:00","dateModified":"2025-05-23T12:06:16+00:00","description":"C\u00fcmle yap\u0131lar\u0131n\u0131 ve zamanlar\u0131 anlaman\u0131z\u0131 geli\u015ftirmek i\u00e7in tasarlanm\u0131\u015f ilgi \u00e7ekici Bo\u015fnak\u00e7a Dilbilgisi Al\u0131\u015ft\u0131rmalar\u0131 ile Bo\u015fnak\u00e7ada ustala\u015f\u0131n.","breadcrumb":{"@id":"https:\/\/talkpal.ai\/tr\/bosnakca-dilbilgisi-alistirmalari\/#breadcrumb"},"inLanguage":"tr","potentialAction":[{"@type":"ReadAction","target":["https:\/\/talkpal.ai\/tr\/bosnakca-dilbilgisi-alistirmalari\/"]}]},{"@type":"ImageObject","inLanguage":"tr","@id":"https:\/\/talkpal.ai\/tr\/bosnakca-dilbilgisi-alistirmalari\/#primaryimage","url":"https:\/\/talkpal.ai\/wp-content\/uploads\/2023\/05\/bosnia-and-herzegovina.png","contentUrl":"https:\/\/talkpal.ai\/wp-content\/uploads\/2023\/05\/bosnia-and-herzegovina.png","width":512,"height":512},{"@type":"BreadcrumbList","@id":"https:\/\/talkpal.ai\/tr\/bosnakca-dilbilgisi-alistirmalari\/#breadcrumb","itemListElement":[{"@type":"ListItem","position":1,"name":"Homepage","item":"https:\/\/talkpal.ai\/tr\/"},{"@type":"ListItem","position":2,"name":"Bo\u015fnak\u00e7a Dilbilgisi Al\u0131\u015ft\u0131rmalar\u0131"}]},{"@type":"WebSite","@id":"https:\/\/talkpal.ai\/tr\/#website","url":"https:\/\/talkpal.ai\/tr\/","name":"Talkpal","description":"AI Language Learning","publisher":{"@id":"https:\/\/talkpal.ai\/tr\/#organization"},"alternateName":"Talkpal AI","potentialAction":[{"@type":"SearchAction","target":{"@type":"EntryPoint","urlTemplate":"https:\/\/talkpal.ai\/tr\/?s={search_term_string}"},"query-input":{"@type":"PropertyValueSpecification","valueRequired":true,"valueName":"search_term_string"}}],"inLanguage":"tr"},{"@type":"Organization","@id":"https:\/\/talkpal.ai\/tr\/#organization","name":"Talkpal, Inc.","alternateName":"Talkpal AI","url":"https:\/\/talkpal.ai\/tr\/","logo":{"@type":"ImageObject","inLanguage":"tr","@id":"https:\/\/talkpal.ai\/tr\/#\/schema\/logo\/image\/","url":"https:\/\/talkpal.ai\/wp-content\/uploads\/2024\/03\/Talkpal-Logo-Icon.png","contentUrl":"https:\/\/talkpal.ai\/wp-content\/uploads\/2024\/03\/Talkpal-Logo-Icon.png","width":2880,"height":2880,"caption":"Talkpal, Inc."},"image":{"@id":"https:\/\/talkpal.ai\/tr\/#\/schema\/logo\/image\/"},"sameAs":["https:\/\/www.facebook.com\/profile.php?id=100090733639311","https:\/\/x.com\/talkpalai","https:\/\/www.linkedin.com\/company\/talkpal\/","https:\/\/www.youtube.com\/@TalkPal\/","https:\/\/www.tiktok.com\/@talkpal","https:\/\/www.instagram.com\/talkpal_ai\/","https:\/\/www.crunchbase.com\/organization\/talkpal-9cde","https:\/\/www.g2.com\/products\/talkpal-for-business\/","https:\/\/www.trustpilot.com\/review\/talkpal.ai","https:\/\/www.capterra.com\/p\/10006800\/TalkPal\/"],"description":"Talkpal is a language learning web and mobile education app, powered by the latest AI technologies, that provides engaging experiences to its customers in many different languages to help them improve their language skills. Users can chat about unlimited amount of topics with the app and use other modes to practice their language learning.","email":"support@talkpal.ai","legalName":"Talkpal, Inc.","foundingDate":"2023-04-03","duns":"118989042","numberOfEmployees":{"@type":"QuantitativeValue","minValue":"11","maxValue":"50"},"publishingPrinciples":"https:\/\/talkpal.ai\/publishing-principles\/","actionableFeedbackPolicy":"https:\/\/talkpal.ai\/actionable-feedback-policy\/","correctionsPolicy":"https:\/\/talkpal.ai\/corrections-policy\/","ethicsPolicy":"https:\/\/talkpal.ai\/ethics-policy\/","diversityPolicy":"https:\/\/talkpal.ai\/diversity-policy\/","diversityStaffingReport":"https:\/\/talkpal.ai\/diversity-policy\/"}]}},"_links":{"self":[{"href":"https:\/\/talkpal.ai\/tr\/wp-json\/wp\/v2\/pages\/164983","targetHints":{"allow":["GET"]}}],"collection":[{"href":"https:\/\/talkpal.ai\/tr\/wp-json\/wp\/v2\/pages"}],"about":[{"href":"https:\/\/talkpal.ai\/tr\/wp-json\/wp\/v2\/types\/page"}],"author":[{"embeddable":true,"href":"https:\/\/talkpal.ai\/tr\/wp-json\/wp\/v2\/users\/6"}],"replies":[{"embeddable":true,"href":"https:\/\/talkpal.ai\/tr\/wp-json\/wp\/v2\/comments?post=164983"}],"version-history":[{"count":0,"href":"https:\/\/talkpal.ai\/tr\/wp-json\/wp\/v2\/pages\/164983\/revisions"}],"wp:featuredmedia":[{"embeddable":true,"href":"https:\/\/talkpal.ai\/tr\/wp-json\/wp\/v2\/media\/111322"}],"wp:attachment":[{"href":"https:\/\/talkpal.ai\/tr\/wp-json\/wp\/v2\/media?parent=164983"}],"curies":[{"name":"wp","href":"https:\/\/api.w.org\/{rel}","templated":true}]}}