{"id":164930,"date":"2023-06-16T12:39:48","date_gmt":"2023-06-16T12:39:48","guid":{"rendered":"http:\/\/talkpal.ai\/bulgarca-dilbilgisi-alistirmalari\/"},"modified":"2025-05-23T11:59:08","modified_gmt":"2025-05-23T11:59:08","slug":"bulgarca-dilbilgisi-alistirmalari","status":"publish","type":"page","link":"https:\/\/talkpal.ai\/tr\/bulgarca-dilbilgisi-alistirmalari\/","title":{"rendered":"Bulgarca Dilbilgisi Al\u0131\u015ft\u0131rmalar\u0131"},"content":{"rendered":"\r\n\r\n\r\n<section class=\"languageChallengeSection\">\r\n    <div class=\"languageInfoWrapper\">\r\n        \r\n        <h1>Bulgarca Dilbilgisi Al\u0131\u015ft\u0131rmalar\u0131<\/h1>\r\n        <p><a href=\"https:\/\/talkpal.ai\/learn-bulgarian\/\">Bulgarca<\/a> dil becerilerinizi geli\u015ftirmek mi istiyorsunuz? Dilbilgisi al\u0131\u015ft\u0131rmalar\u0131 yapmak, c\u00fcmle yap\u0131s\u0131, fiil formlar\u0131 ve <a href=\"https:\/\/talkpal.ai\/learn-bulgarian\/\">Bulgar<\/a> dilinin kendine \u00f6zg\u00fc kal\u0131plar\u0131na hakim olmak i\u00e7in m\u00fckemmel bir yoldur. <a href=\"https:\/\/talkpal.ai\/tr\/kolay-ve-hizli-bulgarca-ogrenmenin-en-etkili-yollari\/\">Bulgarca dilbilgisi<\/a> \u00fczerinde \u00e7al\u0131\u015fmaya bug\u00fcn ba\u015flay\u0131n ve her al\u0131\u015ft\u0131rmada kendinize olan g\u00fcveninizin ve ak\u0131c\u0131l\u0131\u011f\u0131n\u0131z\u0131n artmas\u0131n\u0131 izleyin!<\/p>\r\n\r\n                            <a class=\"getStartedHidden\" href=\"https:\/\/app.talkpal.ai\/tr\/signup?lng=\">Hadi ba\u015fla<\/a>\r\n        \r\n    <\/div>\r\n\r\n    <figure>\r\n    <img decoding=\"async\" width=\"768\" height=\"768\" src=\"https:\/\/talkpal.ai\/wp-content\/uploads\/2023\/06\/bulgarian-768x768.png\" class=\"languageImage no-lazy\" alt=\"Language learning for deeper cultural understanding\" fetchpriority=\"high\" sizes=\"(max-width: 768px) 150px, 768px\" srcset=\"https:\/\/talkpal.ai\/wp-content\/uploads\/2023\/06\/bulgarian-768x768.png 768w, https:\/\/talkpal.ai\/wp-content\/uploads\/2023\/06\/bulgarian-300x300.png 300w\" \/>\r\n    \r\n\r\n    <\/figure>\r\n\r\n            <a class=\"getStartedVisible\" href=\"https:\/\/app.talkpal.ai\/tr\/signup?lng=\">Hadi ba\u015fla<\/a>\r\n    \r\n<\/section>\r\n\r\n\r\n<!-- <section class=\"grammarSection\">\r\n    <div class=\"grammarLinks\">\r\n            <\/div>\r\n<\/section> -->\r\n\r\n\r\n\r\n\r\n<section class=\"promotionalBanner\">\r\n    <p class=\"promotionalText\">Dil \u00f6\u011frenmenin en etkili yolu<\/p>\r\n    <a class=\"promotionalLink\" href=\"https:\/\/app.talkpal.ai\/tr\/signup?lng=\">Talkpal \u00fccretsiz deneyin<\/a>\r\n<\/section>\n<div class=\"wp-block-group pageContainerStyle\"><div class=\"wp-block-group__inner-container is-layout-constrained wp-block-group-is-layout-constrained\">\n<h2 class=\"wp-block-heading\" id=\"h-bulgarian-grammar-topics\">Bulgarca Dilbilgisi Konular\u0131<\/h2>\n\n\n\n<p>Bulgarca, \u00f6ncelikle Bulgaristan&#8217;da ve kom\u015fu \u00fclkelerdeki Bulgar topluluklar\u0131 taraf\u0131ndan konu\u015fulan bir G\u00fcney Slav dilidir. Bulgaristan&#8217;\u0131n resmi dili olarak, \u00fclkenin k\u00fclt\u00fcr\u00fc, tarihi ve g\u00fcnl\u00fck ya\u015fam\u0131nda hayati bir rol oynamaktad\u0131r. Bulgarca \u00f6\u011frenmek, \u00fclkenin zengin edebiyat\u0131n\u0131, g\u00fczel manzaralar\u0131n\u0131 ve lezzetli mutfa\u011f\u0131n\u0131 ke\u015ffetmenize izin verdi\u011fi i\u00e7in \u00f6d\u00fcllendirici bir deneyim olabilir. Bulgarca&#8217;ya hakim olmak i\u00e7in, kendine has \u00f6zellikleri ve yap\u0131lar\u0131 olan gramerini anlamak \u00e7ok \u00f6nemlidir. Bu k\u0131lavuzda, dilde sa\u011flam bir temel elde etmek i\u00e7in s\u0131rayla \u00f6\u011frenmeniz gereken \u00f6nemli <a href=\"https:\/\/talkpal.ai\/tr\/kolay-ve-hizli-bulgarca-ogrenmenin-en-etkili-yollari\/\">Bulgarca dilbilgisi<\/a> konular\u0131n\u0131 inceleyece\u011fiz.<\/p>\n\n\n\n<h3 class=\"wp-block-heading\" id=\"h-1-nouns\">1. \u0130simler:<\/h3>\n\n\n\n<p>Bulgarca isimlerin cinsiyeti (eril, di\u015fil ve n\u00f6tr) vard\u0131r, bu da s\u0131fatlar ve artikeller gibi bir c\u00fcmledeki di\u011fer kelimelerin bi\u00e7imini etkiledi\u011fi i\u00e7in bilinmesi \u00f6nemlidir. Ayr\u0131ca tekil ve \u00e7o\u011ful bi\u00e7imleri vard\u0131r, ancak \u0130ngilizce&#8217;den farkl\u0131 olarak durum yoktur.<\/p>\n\n\n\n<h3 class=\"wp-block-heading\" id=\"h-2-articles\">2. Makaleler:<\/h3>\n\n\n\n<p>Bulgarca&#8217;da artikeller de\u011fi\u015ftirdikleri ismin sonuna eklenir. Belirli ve belirsiz artikeller vard\u0131r ve bunlar ismin cinsiyetine ve say\u0131s\u0131na g\u00f6re de\u011fi\u015fir.<\/p>\n\n\n\n<h3 class=\"wp-block-heading\" id=\"h-3-pronouns-determiners\">3. Zamirler\/Belirleyiciler:<\/h3>\n\n\n\n<p>Bulgarca&#8217;da \u015fah\u0131s, iyelik, g\u00f6sterici, soru ve ilgi zamirleri vard\u0131r. De\u011fi\u015ftirdikleri veya de\u011fi\u015ftirdikleri isimle cinsiyet ve say\u0131 konusunda hemfikirdirler. Belirleyiciler, isimleri belirtmek veya \u00f6l\u00e7mek i\u00e7in kullan\u0131l\u0131r.<\/p>\n\n\n\n<h3 class=\"wp-block-heading\" id=\"h-4-adjectives\">4. S\u0131fatlar:<\/h3>\n\n\n\n<p>Bulgarca&#8217;daki s\u0131fatlar, de\u011fi\u015ftirdikleri isimle cinsiyet, say\u0131 ve kesinlik bak\u0131m\u0131ndan hemfikirdir. \u00dc\u00e7 kar\u015f\u0131la\u015ft\u0131rma derecesi vard\u0131r &#8211; pozitif, kar\u015f\u0131la\u015ft\u0131rmal\u0131 ve \u00fcst\u00fcnl\u00fck derecesi.<\/p>\n\n\n\n<h3 class=\"wp-block-heading\" id=\"h-5-adverbs\">5. Zarflar:<\/h3>\n\n\n\n<p>Zarflar fiilleri, s\u0131fatlar\u0131 veya di\u011fer zarflar\u0131 de\u011fi\u015ftirir. Bi\u00e7im olarak de\u011fi\u015fmezler ve zaman, yer, tarz ve dereceyi ifade etmek i\u00e7in gereklidirler.<\/p>\n\n\n\n<h3 class=\"wp-block-heading\" id=\"h-6-verbs\">6. Fiiller:<\/h3>\n\n\n\n<p>Bulgarca fiillerin \u00fc\u00e7 ana \u00e7ekimi vard\u0131r ve ki\u015fi, say\u0131, zaman, ruh hali ve ses i\u00e7in \u00e7ekilir. Do\u011fru \u00e7ekimi \u00f6\u011frenmek ve farkl\u0131 fiil y\u00f6nlerini anlamak, do\u011fru ileti\u015fim i\u00e7in \u00e7ok \u00f6nemlidir.<\/p>\n\n\n\n<h3 class=\"wp-block-heading\" id=\"h-7-tenses\">7. Zamanlar:<\/h3>\n\n\n\n<p>Bulgarcada \u00fc\u00e7 ana zaman vard\u0131r &#8211; ge\u00e7mi\u015f, \u015fimdiki zaman ve gelecek zaman. Bu zamanlar\u0131n nas\u0131l olu\u015fturulaca\u011f\u0131n\u0131 ve kullan\u0131laca\u011f\u0131n\u0131 \u00f6\u011frenmek, Bulgarca&#8217;da zaman\u0131 anlamak ve ifade etmek i\u00e7in \u00e7ok \u00f6nemlidir.<\/p>\n\n\n\n<h3 class=\"wp-block-heading\" id=\"h-8-tense-comparison\">8. Gergin Kar\u015f\u0131la\u015ft\u0131rma:<\/h3>\n\n\n\n<p>Farkl\u0131 zamanlar\u0131 kar\u015f\u0131la\u015ft\u0131rabilmek, Bulgarca&#8217;da karma\u015f\u0131k c\u00fcmleleri anlamak ve \u00e7e\u015fitli zaman ili\u015fkilerini ifade etmek i\u00e7in \u00f6nemlidir.<\/p>\n\n\n\n<h3 class=\"wp-block-heading\" id=\"h-9-progressive\">9. \u0130lerici:<\/h3>\n\n\n\n<p>Bulgarca&#8217;da ilerici y\u00f6n, devam eden eylemleri tan\u0131mlamak i\u00e7in kullan\u0131l\u0131r. Yard\u0131mc\u0131 fiiller ve ana fiilin \u015fimdiki kat\u0131l\u0131mc\u0131s\u0131 ile olu\u015fturulabilir.<\/p>\n\n\n\n<h3 class=\"wp-block-heading\" id=\"h-10-perfect-progressive\">10. M\u00fckemmel \u0130lerici:<\/h3>\n\n\n\n<p>M\u00fckemmel ilerici y\u00f6n, ge\u00e7mi\u015fte ba\u015flayan, \u015fu anda devam eden ve gelecekte de devam edebilecek eylemleri ifade etmek i\u00e7in m\u00fckemmel ve ilerici y\u00f6nleri birle\u015ftirir.<\/p>\n\n\n\n<h3 class=\"wp-block-heading\" id=\"h-11-conditionals\">11. Ko\u015fullar:<\/h3>\n\n\n\n<p>Bulgarcada \u00fc\u00e7 t\u00fcr \u015fart kipi vard\u0131r &#8211; ger\u00e7ek, ger\u00e7ek olmayan ve potansiyel. Varsay\u0131msal veya ger\u00e7e\u011fe ayk\u0131r\u0131 durumlar\u0131 ifade etmek, tahminlerde bulunmak veya tavsiye vermek i\u00e7in kullan\u0131l\u0131rlar.<\/p>\n\n\n\n<h3 class=\"wp-block-heading\" id=\"h-12-prepositions\">12. Edatlar:<\/h3>\n\n\n\n<p>Edatlar, bir c\u00fcmledeki kelimeler aras\u0131ndaki ili\u015fkileri ifade etmek i\u00e7in gereklidir. Konum, zaman, y\u00f6n, neden ve di\u011fer ili\u015fkileri belirtmek i\u00e7in kullan\u0131l\u0131rlar.<\/p>\n\n\n\n<h3 class=\"wp-block-heading\" id=\"h-13-sentences\">13. C\u00fcmleler:<\/h3>\n\n\n\n<p>Bulgarca basit ve karma\u015f\u0131k c\u00fcmleler kurmay\u0131 \u00f6\u011frenmek, etkili ileti\u015fim i\u00e7in \u00e7ok \u00f6nemlidir. Bu, do\u011fru kelime s\u0131ras\u0131n\u0131, \u00f6zne-fiil anla\u015fmas\u0131n\u0131 ve ba\u011fla\u00e7lar\u0131n ve di\u011fer c\u00fcmle yap\u0131lar\u0131n\u0131n kullan\u0131m\u0131n\u0131 anlamay\u0131 i\u00e7erir.<\/p>\n<\/div><\/div>\n\r\n<section class=\"learnNavigationSection\">\r\n            \r\n        <a href=\"https:\/\/talkpal.ai\/tr\/bulgarca-ogren\/\">\r\n            <div class=\"learnNavigationWrapper\">\r\n                <div class=\"learnNavigationContent\">\r\n                    <img decoding=\"async\" src=\"https:\/\/talkpal.ai\/wp-content\/uploads\/2024\/08\/Bulgarian.jpg\" alt=\"Bulgarian Flag\">\r\n                    <div>\r\n                        <h4>Bulgarca \u00d6\u011frenimi Hakk\u0131nda<\/h4>\r\n                        <p>Bulgarca dilbilgisi hakk\u0131nda her \u015feyi \u00f6\u011frenin .<\/p>\r\n                    <\/div>\r\n                <\/div>\r\n            <\/div>\r\n        <\/a>\r\n\r\n        \r\n        <a href=\"https:\/\/talkpal.ai\/tr\/bulgarca-dilbilgisi\/\">\r\n            <div class=\"learnNavigationWrapper\">\r\n                <div class=\"learnNavigationContent\">\r\n                    <img decoding=\"async\" src=\"https:\/\/talkpal.ai\/wp-content\/uploads\/2024\/08\/Bulgarian.jpg\" alt=\"Bulgarian Flag\">\r\n                    <div>\r\n                        <h4>Bulgarca Dilbilgisi Dersleri<\/h4>\r\n                        <p>Bulgarca dilbilgisi prati\u011fi yap\u0131n .<\/p>\r\n                    <\/div>\r\n                <\/div>\r\n            <\/div>\r\n        <\/a>\r\n\r\n        \r\n        <a href=\"https:\/\/talkpal.ai\/vocabulary_language\/bulgarian\/\">\r\n            <div class=\"learnNavigationWrapper\">\r\n                <div class=\"learnNavigationContent\">\r\n                    <img decoding=\"async\" src=\"https:\/\/talkpal.ai\/wp-content\/uploads\/2024\/08\/Bulgarian.jpg\" alt=\"Bulgarian Flag\">\r\n                    <div>\r\n                        <h4>Bulgarca Kelime Bilgisi<\/h4>\r\n                        <p>Bulgarca kelime da\u011farc\u0131\u011f\u0131n\u0131z\u0131 geni\u015fletin.<\/p>\r\n                    <\/div>\r\n                <\/div>\r\n            <\/div>\r\n        <\/a>\r\n\r\n            <\/section>","protected":false},"excerpt":{"rendered":"<p>Bulgarca Dilbilgisi Konular\u0131 Bulgarca, \u00f6ncelikle Bulgaristan&#8217;da ve kom\u015fu \u00fclkelerdeki Bulgar topluluklar\u0131 taraf\u0131ndan konu\u015fulan bir G\u00fcney Slav dilidir. Bulgaristan&#8217;\u0131n resmi dili olarak, \u00fclkenin k\u00fclt\u00fcr\u00fc, tarihi ve g\u00fcnl\u00fck ya\u015fam\u0131nda hayati bir rol oynamaktad\u0131r. Bulgarca \u00f6\u011frenmek, \u00fclkenin zengin edebiyat\u0131n\u0131, g\u00fczel manzaralar\u0131n\u0131 ve lezzetli mutfa\u011f\u0131n\u0131 ke\u015ffetmenize izin verdi\u011fi i\u00e7in \u00f6d\u00fcllendirici bir deneyim olabilir. Bulgarca&#8217;ya hakim olmak i\u00e7in, kendine has [&hellip;]<\/p>\n","protected":false},"author":6,"featured_media":111121,"parent":0,"menu_order":0,"comment_status":"closed","ping_status":"closed","template":"LearningContentPage.php","meta":{"_acf_changed":false,"footnotes":""},"class_list":["post-164930","page","type-page","status-publish","has-post-thumbnail","hentry"],"acf":[],"yoast_head":"<!-- This site is optimized with the Yoast SEO Premium plugin v27.2 (Yoast SEO v27.2) - https:\/\/yoast.com\/product\/yoast-seo-premium-wordpress\/ -->\n<title>Bulgarca Dilbilgisi Al\u0131\u015ft\u0131rmalar\u0131 - Talkpal<\/title>\n<meta name=\"description\" content=\"Bulgarca Dilbilgisi Al\u0131\u015ft\u0131rmalar\u0131 ile dil becerilerinizi geli\u015ftirin. Bulgarcada sa\u011flam bir temel i\u00e7in dilbilgisine hakim olun.\" \/>\n<meta name=\"robots\" content=\"index, follow, max-snippet:-1, max-image-preview:large, max-video-preview:-1\" \/>\n<link rel=\"canonical\" href=\"https:\/\/talkpal.ai\/tr\/bulgarca-dilbilgisi-alistirmalari\/\" \/>\n<meta property=\"og:locale\" content=\"tr_TR\" \/>\n<meta property=\"og:type\" content=\"article\" \/>\n<meta property=\"og:title\" content=\"Bulgarca Dilbilgisi Al\u0131\u015ft\u0131rmalar\u0131\" \/>\n<meta property=\"og:description\" content=\"Bulgarca Dilbilgisi Konular\u0131 Bulgarca, \u00f6ncelikle Bulgaristan&#039;da ve kom\u015fu \u00fclkelerdeki Bulgar topluluklar\u0131 taraf\u0131ndan konu\u015fulan bir G\u00fcney Slav dilidir.\" \/>\n<meta property=\"og:url\" content=\"https:\/\/talkpal.ai\/tr\/bulgarca-dilbilgisi-alistirmalari\/\" \/>\n<meta property=\"og:site_name\" content=\"Talkpal\" \/>\n<meta property=\"article:publisher\" content=\"https:\/\/www.facebook.com\/profile.php?id=100090733639311\" \/>\n<meta property=\"article:modified_time\" content=\"2025-05-23T11:59:08+00:00\" \/>\n<meta property=\"og:image\" content=\"https:\/\/talkpal.ai\/wp-content\/uploads\/2023\/05\/bulgaria.png\" \/>\n\t<meta property=\"og:image:width\" content=\"512\" \/>\n\t<meta property=\"og:image:height\" content=\"512\" \/>\n\t<meta property=\"og:image:type\" content=\"image\/png\" \/>\n<meta name=\"twitter:card\" content=\"summary_large_image\" \/>\n<meta name=\"twitter:site\" content=\"@talkpalai\" \/>\n<meta name=\"twitter:label1\" content=\"Tahmini okuma s\u00fcresi\" \/>\n\t<meta name=\"twitter:data1\" content=\"3 dakika\" \/>\n<script type=\"application\/ld+json\" class=\"yoast-schema-graph\">{\"@context\":\"https:\/\/schema.org\",\"@graph\":[{\"@type\":\"WebPage\",\"@id\":\"https:\/\/talkpal.ai\/tr\/bulgarca-dilbilgisi-alistirmalari\/\",\"url\":\"https:\/\/talkpal.ai\/tr\/bulgarca-dilbilgisi-alistirmalari\/\",\"name\":\"Bulgarca Dilbilgisi Al\u0131\u015ft\u0131rmalar\u0131 - Talkpal\",\"isPartOf\":{\"@id\":\"https:\/\/talkpal.ai\/tr\/#website\"},\"primaryImageOfPage\":{\"@id\":\"https:\/\/talkpal.ai\/tr\/bulgarca-dilbilgisi-alistirmalari\/#primaryimage\"},\"image\":{\"@id\":\"https:\/\/talkpal.ai\/tr\/bulgarca-dilbilgisi-alistirmalari\/#primaryimage\"},\"thumbnailUrl\":\"https:\/\/talkpal.ai\/wp-content\/uploads\/2023\/05\/bulgaria.png\",\"datePublished\":\"2023-06-16T12:39:48+00:00\",\"dateModified\":\"2025-05-23T11:59:08+00:00\",\"description\":\"Bulgarca Dilbilgisi Al\u0131\u015ft\u0131rmalar\u0131 ile dil becerilerinizi geli\u015ftirin. Bulgarcada sa\u011flam bir temel i\u00e7in dilbilgisine hakim olun.\",\"breadcrumb\":{\"@id\":\"https:\/\/talkpal.ai\/tr\/bulgarca-dilbilgisi-alistirmalari\/#breadcrumb\"},\"inLanguage\":\"tr\",\"potentialAction\":[{\"@type\":\"ReadAction\",\"target\":[\"https:\/\/talkpal.ai\/tr\/bulgarca-dilbilgisi-alistirmalari\/\"]}]},{\"@type\":\"ImageObject\",\"inLanguage\":\"tr\",\"@id\":\"https:\/\/talkpal.ai\/tr\/bulgarca-dilbilgisi-alistirmalari\/#primaryimage\",\"url\":\"https:\/\/talkpal.ai\/wp-content\/uploads\/2023\/05\/bulgaria.png\",\"contentUrl\":\"https:\/\/talkpal.ai\/wp-content\/uploads\/2023\/05\/bulgaria.png\",\"width\":512,\"height\":512},{\"@type\":\"BreadcrumbList\",\"@id\":\"https:\/\/talkpal.ai\/tr\/bulgarca-dilbilgisi-alistirmalari\/#breadcrumb\",\"itemListElement\":[{\"@type\":\"ListItem\",\"position\":1,\"name\":\"Homepage\",\"item\":\"https:\/\/talkpal.ai\/tr\/\"},{\"@type\":\"ListItem\",\"position\":2,\"name\":\"Bulgarca Dilbilgisi Al\u0131\u015ft\u0131rmalar\u0131\"}]},{\"@type\":\"WebSite\",\"@id\":\"https:\/\/talkpal.ai\/tr\/#website\",\"url\":\"https:\/\/talkpal.ai\/tr\/\",\"name\":\"Talkpal\",\"description\":\"AI Language Learning\",\"publisher\":{\"@id\":\"https:\/\/talkpal.ai\/tr\/#organization\"},\"alternateName\":\"Talkpal AI\",\"potentialAction\":[{\"@type\":\"SearchAction\",\"target\":{\"@type\":\"EntryPoint\",\"urlTemplate\":\"https:\/\/talkpal.ai\/tr\/?s={search_term_string}\"},\"query-input\":{\"@type\":\"PropertyValueSpecification\",\"valueRequired\":true,\"valueName\":\"search_term_string\"}}],\"inLanguage\":\"tr\"},{\"@type\":\"Organization\",\"@id\":\"https:\/\/talkpal.ai\/tr\/#organization\",\"name\":\"Talkpal, Inc.\",\"alternateName\":\"Talkpal AI\",\"url\":\"https:\/\/talkpal.ai\/tr\/\",\"logo\":{\"@type\":\"ImageObject\",\"inLanguage\":\"tr\",\"@id\":\"https:\/\/talkpal.ai\/tr\/#\/schema\/logo\/image\/\",\"url\":\"https:\/\/talkpal.ai\/wp-content\/uploads\/2024\/03\/Talkpal-Logo-Icon.png\",\"contentUrl\":\"https:\/\/talkpal.ai\/wp-content\/uploads\/2024\/03\/Talkpal-Logo-Icon.png\",\"width\":2880,\"height\":2880,\"caption\":\"Talkpal, Inc.\"},\"image\":{\"@id\":\"https:\/\/talkpal.ai\/tr\/#\/schema\/logo\/image\/\"},\"sameAs\":[\"https:\/\/www.facebook.com\/profile.php?id=100090733639311\",\"https:\/\/x.com\/talkpalai\",\"https:\/\/www.linkedin.com\/company\/talkpal\/\",\"https:\/\/www.youtube.com\/@TalkPal\/\",\"https:\/\/www.tiktok.com\/@talkpal\",\"https:\/\/www.instagram.com\/talkpal_ai\/\",\"https:\/\/www.crunchbase.com\/organization\/talkpal-9cde\",\"https:\/\/www.g2.com\/products\/talkpal-for-business\/\",\"https:\/\/www.trustpilot.com\/review\/talkpal.ai\",\"https:\/\/www.capterra.com\/p\/10006800\/TalkPal\/\"],\"description\":\"Talkpal is a language learning web and mobile education app, powered by the latest AI technologies, that provides engaging experiences to its customers in many different languages to help them improve their language skills. Users can chat about unlimited amount of topics with the app and use other modes to practice their language learning.\",\"email\":\"support@talkpal.ai\",\"legalName\":\"Talkpal, Inc.\",\"foundingDate\":\"2023-04-03\",\"duns\":\"118989042\",\"numberOfEmployees\":{\"@type\":\"QuantitativeValue\",\"minValue\":\"11\",\"maxValue\":\"50\"},\"publishingPrinciples\":\"https:\/\/talkpal.ai\/publishing-principles\/\",\"actionableFeedbackPolicy\":\"https:\/\/talkpal.ai\/actionable-feedback-policy\/\",\"correctionsPolicy\":\"https:\/\/talkpal.ai\/corrections-policy\/\",\"ethicsPolicy\":\"https:\/\/talkpal.ai\/ethics-policy\/\",\"diversityPolicy\":\"https:\/\/talkpal.ai\/diversity-policy\/\",\"diversityStaffingReport\":\"https:\/\/talkpal.ai\/diversity-policy\/\"}]}<\/script>\n<!-- \/ Yoast SEO Premium plugin. -->","yoast_head_json":{"title":"Bulgarca Dilbilgisi Al\u0131\u015ft\u0131rmalar\u0131 - Talkpal","description":"Bulgarca Dilbilgisi Al\u0131\u015ft\u0131rmalar\u0131 ile dil becerilerinizi geli\u015ftirin. Bulgarcada sa\u011flam bir temel i\u00e7in dilbilgisine hakim olun.","robots":{"index":"index","follow":"follow","max-snippet":"max-snippet:-1","max-image-preview":"max-image-preview:large","max-video-preview":"max-video-preview:-1"},"canonical":"https:\/\/talkpal.ai\/tr\/bulgarca-dilbilgisi-alistirmalari\/","og_locale":"tr_TR","og_type":"article","og_title":"Bulgarca Dilbilgisi Al\u0131\u015ft\u0131rmalar\u0131","og_description":"Bulgarca Dilbilgisi Konular\u0131 Bulgarca, \u00f6ncelikle Bulgaristan'da ve kom\u015fu \u00fclkelerdeki Bulgar topluluklar\u0131 taraf\u0131ndan konu\u015fulan bir G\u00fcney Slav dilidir.","og_url":"https:\/\/talkpal.ai\/tr\/bulgarca-dilbilgisi-alistirmalari\/","og_site_name":"Talkpal","article_publisher":"https:\/\/www.facebook.com\/profile.php?id=100090733639311","article_modified_time":"2025-05-23T11:59:08+00:00","og_image":[{"width":512,"height":512,"url":"https:\/\/talkpal.ai\/wp-content\/uploads\/2023\/05\/bulgaria.png","type":"image\/png"}],"twitter_card":"summary_large_image","twitter_site":"@talkpalai","twitter_misc":{"Tahmini okuma s\u00fcresi":"3 dakika"},"schema":{"@context":"https:\/\/schema.org","@graph":[{"@type":"WebPage","@id":"https:\/\/talkpal.ai\/tr\/bulgarca-dilbilgisi-alistirmalari\/","url":"https:\/\/talkpal.ai\/tr\/bulgarca-dilbilgisi-alistirmalari\/","name":"Bulgarca Dilbilgisi Al\u0131\u015ft\u0131rmalar\u0131 - Talkpal","isPartOf":{"@id":"https:\/\/talkpal.ai\/tr\/#website"},"primaryImageOfPage":{"@id":"https:\/\/talkpal.ai\/tr\/bulgarca-dilbilgisi-alistirmalari\/#primaryimage"},"image":{"@id":"https:\/\/talkpal.ai\/tr\/bulgarca-dilbilgisi-alistirmalari\/#primaryimage"},"thumbnailUrl":"https:\/\/talkpal.ai\/wp-content\/uploads\/2023\/05\/bulgaria.png","datePublished":"2023-06-16T12:39:48+00:00","dateModified":"2025-05-23T11:59:08+00:00","description":"Bulgarca Dilbilgisi Al\u0131\u015ft\u0131rmalar\u0131 ile dil becerilerinizi geli\u015ftirin. Bulgarcada sa\u011flam bir temel i\u00e7in dilbilgisine hakim olun.","breadcrumb":{"@id":"https:\/\/talkpal.ai\/tr\/bulgarca-dilbilgisi-alistirmalari\/#breadcrumb"},"inLanguage":"tr","potentialAction":[{"@type":"ReadAction","target":["https:\/\/talkpal.ai\/tr\/bulgarca-dilbilgisi-alistirmalari\/"]}]},{"@type":"ImageObject","inLanguage":"tr","@id":"https:\/\/talkpal.ai\/tr\/bulgarca-dilbilgisi-alistirmalari\/#primaryimage","url":"https:\/\/talkpal.ai\/wp-content\/uploads\/2023\/05\/bulgaria.png","contentUrl":"https:\/\/talkpal.ai\/wp-content\/uploads\/2023\/05\/bulgaria.png","width":512,"height":512},{"@type":"BreadcrumbList","@id":"https:\/\/talkpal.ai\/tr\/bulgarca-dilbilgisi-alistirmalari\/#breadcrumb","itemListElement":[{"@type":"ListItem","position":1,"name":"Homepage","item":"https:\/\/talkpal.ai\/tr\/"},{"@type":"ListItem","position":2,"name":"Bulgarca Dilbilgisi Al\u0131\u015ft\u0131rmalar\u0131"}]},{"@type":"WebSite","@id":"https:\/\/talkpal.ai\/tr\/#website","url":"https:\/\/talkpal.ai\/tr\/","name":"Talkpal","description":"AI Language Learning","publisher":{"@id":"https:\/\/talkpal.ai\/tr\/#organization"},"alternateName":"Talkpal AI","potentialAction":[{"@type":"SearchAction","target":{"@type":"EntryPoint","urlTemplate":"https:\/\/talkpal.ai\/tr\/?s={search_term_string}"},"query-input":{"@type":"PropertyValueSpecification","valueRequired":true,"valueName":"search_term_string"}}],"inLanguage":"tr"},{"@type":"Organization","@id":"https:\/\/talkpal.ai\/tr\/#organization","name":"Talkpal, Inc.","alternateName":"Talkpal AI","url":"https:\/\/talkpal.ai\/tr\/","logo":{"@type":"ImageObject","inLanguage":"tr","@id":"https:\/\/talkpal.ai\/tr\/#\/schema\/logo\/image\/","url":"https:\/\/talkpal.ai\/wp-content\/uploads\/2024\/03\/Talkpal-Logo-Icon.png","contentUrl":"https:\/\/talkpal.ai\/wp-content\/uploads\/2024\/03\/Talkpal-Logo-Icon.png","width":2880,"height":2880,"caption":"Talkpal, Inc."},"image":{"@id":"https:\/\/talkpal.ai\/tr\/#\/schema\/logo\/image\/"},"sameAs":["https:\/\/www.facebook.com\/profile.php?id=100090733639311","https:\/\/x.com\/talkpalai","https:\/\/www.linkedin.com\/company\/talkpal\/","https:\/\/www.youtube.com\/@TalkPal\/","https:\/\/www.tiktok.com\/@talkpal","https:\/\/www.instagram.com\/talkpal_ai\/","https:\/\/www.crunchbase.com\/organization\/talkpal-9cde","https:\/\/www.g2.com\/products\/talkpal-for-business\/","https:\/\/www.trustpilot.com\/review\/talkpal.ai","https:\/\/www.capterra.com\/p\/10006800\/TalkPal\/"],"description":"Talkpal is a language learning web and mobile education app, powered by the latest AI technologies, that provides engaging experiences to its customers in many different languages to help them improve their language skills. Users can chat about unlimited amount of topics with the app and use other modes to practice their language learning.","email":"support@talkpal.ai","legalName":"Talkpal, Inc.","foundingDate":"2023-04-03","duns":"118989042","numberOfEmployees":{"@type":"QuantitativeValue","minValue":"11","maxValue":"50"},"publishingPrinciples":"https:\/\/talkpal.ai\/publishing-principles\/","actionableFeedbackPolicy":"https:\/\/talkpal.ai\/actionable-feedback-policy\/","correctionsPolicy":"https:\/\/talkpal.ai\/corrections-policy\/","ethicsPolicy":"https:\/\/talkpal.ai\/ethics-policy\/","diversityPolicy":"https:\/\/talkpal.ai\/diversity-policy\/","diversityStaffingReport":"https:\/\/talkpal.ai\/diversity-policy\/"}]}},"_links":{"self":[{"href":"https:\/\/talkpal.ai\/tr\/wp-json\/wp\/v2\/pages\/164930","targetHints":{"allow":["GET"]}}],"collection":[{"href":"https:\/\/talkpal.ai\/tr\/wp-json\/wp\/v2\/pages"}],"about":[{"href":"https:\/\/talkpal.ai\/tr\/wp-json\/wp\/v2\/types\/page"}],"author":[{"embeddable":true,"href":"https:\/\/talkpal.ai\/tr\/wp-json\/wp\/v2\/users\/6"}],"replies":[{"embeddable":true,"href":"https:\/\/talkpal.ai\/tr\/wp-json\/wp\/v2\/comments?post=164930"}],"version-history":[{"count":0,"href":"https:\/\/talkpal.ai\/tr\/wp-json\/wp\/v2\/pages\/164930\/revisions"}],"wp:featuredmedia":[{"embeddable":true,"href":"https:\/\/talkpal.ai\/tr\/wp-json\/wp\/v2\/media\/111121"}],"wp:attachment":[{"href":"https:\/\/talkpal.ai\/tr\/wp-json\/wp\/v2\/media?parent=164930"}],"curies":[{"name":"wp","href":"https:\/\/api.w.org\/{rel}","templated":true}]}}