{"id":164312,"date":"2023-06-16T12:49:04","date_gmt":"2023-06-16T12:49:04","guid":{"rendered":"http:\/\/talkpal.ai\/katalanca-dilbilgisi-alistirmalari\/"},"modified":"2025-05-23T13:32:03","modified_gmt":"2025-05-23T13:32:03","slug":"katalanca-dilbilgisi-alistirmalari","status":"publish","type":"page","link":"https:\/\/talkpal.ai\/tr\/katalanca-dilbilgisi-alistirmalari\/","title":{"rendered":"Katalanca Dilbilgisi Al\u0131\u015ft\u0131rmalar\u0131"},"content":{"rendered":"\r\n\r\n\r\n<section class=\"languageChallengeSection\">\r\n    <div class=\"languageInfoWrapper\">\r\n        \r\n        <h1>Katalanca Dilbilgisi Al\u0131\u015ft\u0131rmalar\u0131<\/h1>\r\n        <p>Katalanca&#039;da kendinize daha fazla g\u00fcvenmek mi istiyorsunuz? Dilbilgisi al\u0131\u015ft\u0131rmalar\u0131 yapmak, c\u00fcmle yap\u0131s\u0131, fiil formlar\u0131 ve Katalan dilinin kendine \u00f6zg\u00fc kal\u0131plar\u0131na hakim olmak i\u00e7in harika bir yoldur. <a href=\"https:\/\/talkpal.ai\/catalan-grammar\/\">Katalanca dilbilgisi<\/a> \u00fczerinde \u00e7al\u0131\u015fmaya bug\u00fcn ba\u015flay\u0131n ve her al\u0131\u015ft\u0131rmada anlay\u0131\u015f\u0131n\u0131z\u0131n ve ak\u0131c\u0131l\u0131\u011f\u0131n\u0131z\u0131n artmas\u0131n\u0131 izleyin!<\/p>\r\n\r\n                            <a class=\"getStartedHidden\" href=\"https:\/\/app.talkpal.ai\/tr\/signup?lng=\">Hadi ba\u015fla<\/a>\r\n        \r\n    <\/div>\r\n\r\n    <figure>\r\n    <img decoding=\"async\" width=\"768\" height=\"768\" src=\"https:\/\/talkpal.ai\/wp-content\/uploads\/2023\/06\/catalan-768x768.png\" class=\"languageImage no-lazy\" alt=\"Language learning techniques for fast learning\" fetchpriority=\"high\" sizes=\"(max-width: 768px) 150px, 768px\" srcset=\"https:\/\/talkpal.ai\/wp-content\/uploads\/2023\/06\/catalan-768x768.png 768w, https:\/\/talkpal.ai\/wp-content\/uploads\/2023\/06\/catalan-300x300.png 300w\" \/>\r\n    \r\n\r\n    <\/figure>\r\n\r\n            <a class=\"getStartedVisible\" href=\"https:\/\/app.talkpal.ai\/tr\/signup?lng=\">Hadi ba\u015fla<\/a>\r\n    \r\n<\/section>\r\n\r\n\r\n<!-- <section class=\"grammarSection\">\r\n    <div class=\"grammarLinks\">\r\n            <\/div>\r\n<\/section> -->\r\n\r\n\r\n\r\n\r\n<section class=\"promotionalBanner\">\r\n    <p class=\"promotionalText\">Dil \u00f6\u011frenmenin en etkili yolu<\/p>\r\n    <a class=\"promotionalLink\" href=\"https:\/\/app.talkpal.ai\/tr\/signup?lng=\">Talkpal \u00fccretsiz deneyin<\/a>\r\n<\/section>\n<div class=\"wp-block-group pageContainerStyle\"><div class=\"wp-block-group__inner-container is-layout-constrained wp-block-group-is-layout-constrained\">\n<h2 class=\"wp-block-heading\" id=\"h-catalan-grammar-topics\">Katalanca Dilbilgisi Konular\u0131<\/h2>\n\n\n\n<p>\u0130spanya&#8217;n\u0131n Katalonya b\u00f6lgesinde ve \u0130talya ve Fransa&#8217;n\u0131n baz\u0131 b\u00f6lgelerinde milyonlarca ki\u015fi taraf\u0131ndan konu\u015fulan bir Roman dili olan Katalanca, zengin bir tarihe sahip g\u00fczel ve canl\u0131 bir dildir. Katalanca \u00f6\u011frenmek, yeni k\u00fclt\u00fcrel ve dilsel ufuklar a\u00e7an keyifli ve \u00f6d\u00fcllendirici bir deneyim olabilir. Bu dili do\u011fru bir \u015fekilde \u00f6\u011frenmek i\u00e7in gramerine hakim olmak \u00e7ok \u00f6nemlidir. Katalanca dilbilgisi, di\u011fer dillerde oldu\u011fu gibi, ifadelerin ve c\u00fcmlelerin yap\u0131m\u0131n\u0131 d\u00fczenleyen bir kurallar sistemidir. Bu yaz\u0131da, Katalanca dilbilgisinin temel y\u00f6nlerini mant\u0131kl\u0131 bir s\u0131rayla ke\u015ffedece\u011fiz ve dil \u00f6\u011frenme yolculu\u011funuz i\u00e7in sa\u011flam bir temel sa\u011flayaca\u011f\u0131z.<\/p>\n\n\n\n<h3 class=\"wp-block-heading\" id=\"h-1-nouns-and-articles\">1. \u0130simler ve Makaleler:<\/h3>\n\n\n\n<p>Cinsiyetleri (eril veya di\u015fil) ve say\u0131lar\u0131 (tekil veya \u00e7o\u011ful) olan Katalanca isimleri \u00f6\u011frenerek ba\u015flay\u0131n. Katalanca&#8217;daki belirli ve belirsiz artikeller de cinsiyete ve say\u0131ya g\u00f6re de\u011fi\u015fir ve bu da onlar\u0131 c\u00fcmle kurmak i\u00e7in \u00f6nemli bir ba\u015flang\u0131\u00e7 noktas\u0131 haline getirir.<\/p>\n\n\n\n<h3 class=\"wp-block-heading\" id=\"h-2-adjectives\">2. S\u0131fatlar:<\/h3>\n\n\n\n<p>Katalanca&#8217;daki s\u0131fatlar, cinsiyet ve say\u0131 olarak de\u011fi\u015ftirdikleri isimlerle ayn\u0131 fikirdedir. \u0130simlerin \u00f6zelliklerini do\u011fru bir \u015fekilde tan\u0131mlamak i\u00e7in s\u0131fatlar\u0131n nas\u0131l olu\u015fturulaca\u011f\u0131n\u0131 ve konumland\u0131r\u0131laca\u011f\u0131n\u0131 \u00f6\u011frenin.<\/p>\n\n\n\n<h3 class=\"wp-block-heading\" id=\"h-3-pronouns-determiners\">3. Zamirler\/Belirleyiciler:<\/h3>\n\n\n\n<p>Zamirler, tekrardan ka\u00e7\u0131nmak i\u00e7in isimlerin yerini al\u0131rken, belirleyiciler onlar\u0131 belirtir veya nicelle\u015ftirir. C\u00fcmlelerinize \u00e7e\u015fitlilik katmak i\u00e7in farkl\u0131 zamir t\u00fcrlerinde (\u00f6zne, nesne, d\u00f6n\u00fc\u015fl\u00fc) ve belirleyicilerde (g\u00f6sterici, iyelik, soru) ustala\u015f\u0131n.<\/p>\n\n\n\n<h3 class=\"wp-block-heading\" id=\"h-4-verbs-and-tenses\">4. Fiiller ve Zamanlar:<\/h3>\n\n\n\n<p>Katalanca fiiller zamanlar\u0131na, ruh hallerine ve ki\u015filerine g\u00f6re \u00e7ekimlenir. \u015eimdiki zaman, ge\u00e7mi\u015f ve gelecek zamanlardaki d\u00fczenli ve d\u00fczensiz fiil formlar\u0131n\u0131 ve komut vermek i\u00e7in emir kipini \u00f6\u011frenin.<\/p>\n\n\n\n<h3 class=\"wp-block-heading\" id=\"h-5-tense-comparison\">5. Gergin Kar\u015f\u0131la\u015ft\u0131rma:<\/h3>\n\n\n\n<p>\u00c7e\u015fitli zamanlarda meydana gelen eylemleri veya durumlar\u0131 ifade etmek i\u00e7in Katalanca&#8217;daki farkl\u0131 zamanlar\u0131 nas\u0131l kar\u015f\u0131la\u015ft\u0131raca\u011f\u0131n\u0131z\u0131 anlay\u0131n.<\/p>\n\n\n\n<h3 class=\"wp-block-heading\" id=\"h-6-progressive-and-perfect-progressive\">6. \u0130lerici ve M\u00fckemmel \u0130lerici:<\/h3>\n\n\n\n<p>Progresif form, devam eden bir eylemi g\u00f6sterirken, m\u00fckemmel progresif, progresif ve m\u00fckemmel y\u00f6nleri birle\u015ftirir. Devam eden eylemleri veya s\u00fcrekli alaka d\u00fczeyine sahip tamamlanm\u0131\u015f eylemleri ifade etmek i\u00e7in bu yap\u0131lar\u0131 nas\u0131l olu\u015fturaca\u011f\u0131n\u0131z\u0131 ve kullanaca\u011f\u0131n\u0131z\u0131 \u00f6\u011frenin.<\/p>\n\n\n\n<h3 class=\"wp-block-heading\" id=\"h-7-adverbs\">7. Zarflar:<\/h3>\n\n\n\n<p>Zarflar, eylemler veya nitelikler hakk\u0131nda ek bilgi sa\u011flamak i\u00e7in fiilleri, s\u0131fatlar\u0131 veya di\u011fer zarflar\u0131 de\u011fi\u015ftirir. Farkl\u0131 zarf t\u00fcrlerini ve c\u00fcmle i\u00e7indeki yerle\u015fimlerini \u00f6\u011frenin.<\/p>\n\n\n\n<h3 class=\"wp-block-heading\" id=\"h-8-prepositions\">8. Edatlar:<\/h3>\n\n\n\n<p>Edatlar, konum, zaman veya y\u00f6n gibi ili\u015fkileri belirtmek i\u00e7in bir c\u00fcmle i\u00e7indeki isimleri, zamirleri veya di\u011fer \u00f6\u011feleri birbirine ba\u011flar. En yayg\u0131n Katalanca edatlar ve kullan\u0131mlar\u0131 hakk\u0131nda bilgi edinin.<\/p>\n\n\n\n<h3 class=\"wp-block-heading\" id=\"h-9-conditionals\">9. Ko\u015fullar:<\/h3>\n\n\n\n<p>Ko\u015fullar, varsay\u0131msal durumlar\u0131 veya ko\u015fullar\u0131 ve bunlar\u0131n sonu\u00e7lar\u0131n\u0131 ifade eder. Farkl\u0131 ko\u015ful t\u00fcrlerini (s\u0131f\u0131r, birinci, ikinci, \u00fc\u00e7\u00fcnc\u00fc) ve bunlar\u0131n nas\u0131l olu\u015fturulaca\u011f\u0131n\u0131 ve do\u011fru \u015fekilde kullan\u0131laca\u011f\u0131n\u0131 \u00f6\u011frenin.<\/p>\n\n\n\n<h3 class=\"wp-block-heading\" id=\"h-10-sentences\">10. C\u00fcmleler:<\/h3>\n\n\n\n<p>Son olarak, Katalancada tam ve tutarl\u0131 c\u00fcmleler kurmak i\u00e7in \u00f6\u011frendi\u011finiz t\u00fcm unsurlar\u0131 birle\u015ftirme al\u0131\u015ft\u0131rmas\u0131 yap\u0131n. Farkl\u0131 c\u00fcmle yap\u0131lar\u0131yla denemeler yap\u0131n ve bildirim, soru ve \u00fcnlem i\u015fareti gibi \u00e7e\u015fitli c\u00fcmle t\u00fcrleri olu\u015fturma al\u0131\u015ft\u0131rmas\u0131 yap\u0131n.<\/p>\n\n\n\n<p>Bu konular\u0131 \u00f6nerilen s\u0131rayla \u00f6\u011frenerek, Katalanca dilbilgisinde g\u00fc\u00e7l\u00fc bir temel geli\u015ftirecek ve bu b\u00fcy\u00fcleyici dilde etkili ve kendinden emin bir \u015fekilde ileti\u015fim kurman\u0131z\u0131 sa\u011flayacaks\u0131n\u0131z.<\/p>\n<\/div><\/div>\n\r\n<section class=\"learnNavigationSection\">\r\n            \r\n        <a href=\"https:\/\/talkpal.ai\/tr\/katalanca-ogren\/\">\r\n            <div class=\"learnNavigationWrapper\">\r\n                <div class=\"learnNavigationContent\">\r\n                    <img decoding=\"async\" src=\"https:\/\/talkpal.ai\/wp-content\/uploads\/2024\/08\/Catalan.jpg\" alt=\"Catalan Flag\">\r\n                    <div>\r\n                        <h4>Catalan Learning Hakk\u0131nda<\/h4>\r\n                        <p>Katalanca dilbilgisi hakk\u0131nda her \u015feyi \u00f6\u011frenin .<\/p>\r\n                    <\/div>\r\n                <\/div>\r\n            <\/div>\r\n        <\/a>\r\n\r\n        \r\n        <a href=\"https:\/\/talkpal.ai\/tr\/katalanca-dilbilgisi\/\">\r\n            <div class=\"learnNavigationWrapper\">\r\n                <div class=\"learnNavigationContent\">\r\n                    <img decoding=\"async\" src=\"https:\/\/talkpal.ai\/wp-content\/uploads\/2024\/08\/Catalan.jpg\" alt=\"Catalan Flag\">\r\n                    <div>\r\n                        <h4>Katalanca Dilbilgisi Dersleri<\/h4>\r\n                        <p>Katalanca dilbilgisi prati\u011fi yap\u0131n .<\/p>\r\n                    <\/div>\r\n                <\/div>\r\n            <\/div>\r\n        <\/a>\r\n\r\n        \r\n        <a href=\"https:\/\/talkpal.ai\/vocabulary_language\/catalan\/\">\r\n            <div class=\"learnNavigationWrapper\">\r\n                <div class=\"learnNavigationContent\">\r\n                    <img decoding=\"async\" src=\"https:\/\/talkpal.ai\/wp-content\/uploads\/2024\/08\/Catalan.jpg\" alt=\"Catalan Flag\">\r\n                    <div>\r\n                        <h4>Katalanca Kelime Bilgisi<\/h4>\r\n                        <p>Katalanca kelime da\u011farc\u0131\u011f\u0131n\u0131z\u0131 geni\u015fletin.<\/p>\r\n                    <\/div>\r\n                <\/div>\r\n            <\/div>\r\n        <\/a>\r\n\r\n            <\/section>","protected":false},"excerpt":{"rendered":"<p>Katalanca Dilbilgisi Konular\u0131 \u0130spanya&#8217;n\u0131n Katalonya b\u00f6lgesinde ve \u0130talya ve Fransa&#8217;n\u0131n baz\u0131 b\u00f6lgelerinde milyonlarca ki\u015fi taraf\u0131ndan konu\u015fulan bir Roman dili olan Katalanca, zengin bir tarihe sahip g\u00fczel ve canl\u0131 bir dildir. Katalanca \u00f6\u011frenmek, yeni k\u00fclt\u00fcrel ve dilsel ufuklar a\u00e7an keyifli ve \u00f6d\u00fcllendirici bir deneyim olabilir. Bu dili do\u011fru bir \u015fekilde \u00f6\u011frenmek i\u00e7in gramerine hakim olmak \u00e7ok [&hellip;]<\/p>\n","protected":false},"author":6,"featured_media":141992,"parent":0,"menu_order":0,"comment_status":"closed","ping_status":"closed","template":"LearningContentPage.php","meta":{"_acf_changed":false,"footnotes":""},"class_list":["post-164312","page","type-page","status-publish","has-post-thumbnail","hentry"],"acf":[],"yoast_head":"<!-- This site is optimized with the Yoast SEO Premium plugin v27.2 (Yoast SEO v27.2) - https:\/\/yoast.com\/product\/yoast-seo-premium-wordpress\/ -->\n<title>Katalanca Dilbilgisi Al\u0131\u015ft\u0131rmalar\u0131 - Talkpal<\/title>\n<meta name=\"description\" content=\"Bu g\u00fczel dili ve yap\u0131s\u0131n\u0131 daha iyi anlaman\u0131z\u0131 sa\u011flayacak temel Katalanca dilbilgisi al\u0131\u015ft\u0131rmalar\u0131n\u0131 ke\u015ffedin.\" \/>\n<meta name=\"robots\" content=\"index, follow, max-snippet:-1, max-image-preview:large, max-video-preview:-1\" \/>\n<link rel=\"canonical\" href=\"https:\/\/talkpal.ai\/tr\/katalanca-dilbilgisi-alistirmalari\/\" \/>\n<meta property=\"og:locale\" content=\"tr_TR\" \/>\n<meta property=\"og:type\" content=\"article\" \/>\n<meta property=\"og:title\" content=\"Katalanca Dilbilgisi Al\u0131\u015ft\u0131rmalar\u0131\" \/>\n<meta property=\"og:description\" content=\"Katalanca Dilbilgisi Konular\u0131 \u0130spanya&#039;n\u0131n Katalonya b\u00f6lgesinde ve \u0130talya ve Fransa&#039;n\u0131n baz\u0131 b\u00f6lgelerinde milyonlarca ki\u015fi taraf\u0131ndan konu\u015fulan bir Roman\" \/>\n<meta property=\"og:url\" content=\"https:\/\/talkpal.ai\/tr\/katalanca-dilbilgisi-alistirmalari\/\" \/>\n<meta property=\"og:site_name\" content=\"Talkpal\" \/>\n<meta property=\"article:publisher\" content=\"https:\/\/www.facebook.com\/profile.php?id=100090733639311\" \/>\n<meta property=\"article:modified_time\" content=\"2025-05-23T13:32:03+00:00\" \/>\n<meta property=\"og:image\" content=\"https:\/\/talkpal.ai\/wp-content\/uploads\/2023\/08\/Catalan.png\" \/>\n\t<meta property=\"og:image:width\" content=\"479\" \/>\n\t<meta property=\"og:image:height\" content=\"479\" \/>\n\t<meta property=\"og:image:type\" content=\"image\/png\" \/>\n<meta name=\"twitter:card\" content=\"summary_large_image\" \/>\n<meta name=\"twitter:site\" content=\"@talkpalai\" \/>\n<meta name=\"twitter:label1\" content=\"Tahmini okuma s\u00fcresi\" \/>\n\t<meta name=\"twitter:data1\" content=\"3 dakika\" \/>\n<script type=\"application\/ld+json\" class=\"yoast-schema-graph\">{\"@context\":\"https:\/\/schema.org\",\"@graph\":[{\"@type\":\"WebPage\",\"@id\":\"https:\/\/talkpal.ai\/tr\/katalanca-dilbilgisi-alistirmalari\/\",\"url\":\"https:\/\/talkpal.ai\/tr\/katalanca-dilbilgisi-alistirmalari\/\",\"name\":\"Katalanca Dilbilgisi Al\u0131\u015ft\u0131rmalar\u0131 - Talkpal\",\"isPartOf\":{\"@id\":\"https:\/\/talkpal.ai\/tr\/#website\"},\"primaryImageOfPage\":{\"@id\":\"https:\/\/talkpal.ai\/tr\/katalanca-dilbilgisi-alistirmalari\/#primaryimage\"},\"image\":{\"@id\":\"https:\/\/talkpal.ai\/tr\/katalanca-dilbilgisi-alistirmalari\/#primaryimage\"},\"thumbnailUrl\":\"https:\/\/talkpal.ai\/wp-content\/uploads\/2023\/08\/Catalan.png\",\"datePublished\":\"2023-06-16T12:49:04+00:00\",\"dateModified\":\"2025-05-23T13:32:03+00:00\",\"description\":\"Bu g\u00fczel dili ve yap\u0131s\u0131n\u0131 daha iyi anlaman\u0131z\u0131 sa\u011flayacak temel Katalanca dilbilgisi al\u0131\u015ft\u0131rmalar\u0131n\u0131 ke\u015ffedin.\",\"breadcrumb\":{\"@id\":\"https:\/\/talkpal.ai\/tr\/katalanca-dilbilgisi-alistirmalari\/#breadcrumb\"},\"inLanguage\":\"tr\",\"potentialAction\":[{\"@type\":\"ReadAction\",\"target\":[\"https:\/\/talkpal.ai\/tr\/katalanca-dilbilgisi-alistirmalari\/\"]}]},{\"@type\":\"ImageObject\",\"inLanguage\":\"tr\",\"@id\":\"https:\/\/talkpal.ai\/tr\/katalanca-dilbilgisi-alistirmalari\/#primaryimage\",\"url\":\"https:\/\/talkpal.ai\/wp-content\/uploads\/2023\/08\/Catalan.png\",\"contentUrl\":\"https:\/\/talkpal.ai\/wp-content\/uploads\/2023\/08\/Catalan.png\",\"width\":479,\"height\":479},{\"@type\":\"BreadcrumbList\",\"@id\":\"https:\/\/talkpal.ai\/tr\/katalanca-dilbilgisi-alistirmalari\/#breadcrumb\",\"itemListElement\":[{\"@type\":\"ListItem\",\"position\":1,\"name\":\"Homepage\",\"item\":\"https:\/\/talkpal.ai\/tr\/\"},{\"@type\":\"ListItem\",\"position\":2,\"name\":\"Katalanca Dilbilgisi Al\u0131\u015ft\u0131rmalar\u0131\"}]},{\"@type\":\"WebSite\",\"@id\":\"https:\/\/talkpal.ai\/tr\/#website\",\"url\":\"https:\/\/talkpal.ai\/tr\/\",\"name\":\"Talkpal\",\"description\":\"AI Language Learning\",\"publisher\":{\"@id\":\"https:\/\/talkpal.ai\/tr\/#organization\"},\"alternateName\":\"Talkpal AI\",\"potentialAction\":[{\"@type\":\"SearchAction\",\"target\":{\"@type\":\"EntryPoint\",\"urlTemplate\":\"https:\/\/talkpal.ai\/tr\/?s={search_term_string}\"},\"query-input\":{\"@type\":\"PropertyValueSpecification\",\"valueRequired\":true,\"valueName\":\"search_term_string\"}}],\"inLanguage\":\"tr\"},{\"@type\":\"Organization\",\"@id\":\"https:\/\/talkpal.ai\/tr\/#organization\",\"name\":\"Talkpal, Inc.\",\"alternateName\":\"Talkpal AI\",\"url\":\"https:\/\/talkpal.ai\/tr\/\",\"logo\":{\"@type\":\"ImageObject\",\"inLanguage\":\"tr\",\"@id\":\"https:\/\/talkpal.ai\/tr\/#\/schema\/logo\/image\/\",\"url\":\"https:\/\/talkpal.ai\/wp-content\/uploads\/2024\/03\/Talkpal-Logo-Icon.png\",\"contentUrl\":\"https:\/\/talkpal.ai\/wp-content\/uploads\/2024\/03\/Talkpal-Logo-Icon.png\",\"width\":2880,\"height\":2880,\"caption\":\"Talkpal, Inc.\"},\"image\":{\"@id\":\"https:\/\/talkpal.ai\/tr\/#\/schema\/logo\/image\/\"},\"sameAs\":[\"https:\/\/www.facebook.com\/profile.php?id=100090733639311\",\"https:\/\/x.com\/talkpalai\",\"https:\/\/www.linkedin.com\/company\/talkpal\/\",\"https:\/\/www.youtube.com\/@TalkPal\/\",\"https:\/\/www.tiktok.com\/@talkpal\",\"https:\/\/www.instagram.com\/talkpal_ai\/\",\"https:\/\/www.crunchbase.com\/organization\/talkpal-9cde\",\"https:\/\/www.g2.com\/products\/talkpal-for-business\/\",\"https:\/\/www.trustpilot.com\/review\/talkpal.ai\",\"https:\/\/www.capterra.com\/p\/10006800\/TalkPal\/\"],\"description\":\"Talkpal is a language learning web and mobile education app, powered by the latest AI technologies, that provides engaging experiences to its customers in many different languages to help them improve their language skills. Users can chat about unlimited amount of topics with the app and use other modes to practice their language learning.\",\"email\":\"support@talkpal.ai\",\"legalName\":\"Talkpal, Inc.\",\"foundingDate\":\"2023-04-03\",\"duns\":\"118989042\",\"numberOfEmployees\":{\"@type\":\"QuantitativeValue\",\"minValue\":\"11\",\"maxValue\":\"50\"},\"publishingPrinciples\":\"https:\/\/talkpal.ai\/publishing-principles\/\",\"actionableFeedbackPolicy\":\"https:\/\/talkpal.ai\/actionable-feedback-policy\/\",\"correctionsPolicy\":\"https:\/\/talkpal.ai\/corrections-policy\/\",\"ethicsPolicy\":\"https:\/\/talkpal.ai\/ethics-policy\/\",\"diversityPolicy\":\"https:\/\/talkpal.ai\/diversity-policy\/\",\"diversityStaffingReport\":\"https:\/\/talkpal.ai\/diversity-policy\/\"}]}<\/script>\n<!-- \/ Yoast SEO Premium plugin. -->","yoast_head_json":{"title":"Katalanca Dilbilgisi Al\u0131\u015ft\u0131rmalar\u0131 - Talkpal","description":"Bu g\u00fczel dili ve yap\u0131s\u0131n\u0131 daha iyi anlaman\u0131z\u0131 sa\u011flayacak temel Katalanca dilbilgisi al\u0131\u015ft\u0131rmalar\u0131n\u0131 ke\u015ffedin.","robots":{"index":"index","follow":"follow","max-snippet":"max-snippet:-1","max-image-preview":"max-image-preview:large","max-video-preview":"max-video-preview:-1"},"canonical":"https:\/\/talkpal.ai\/tr\/katalanca-dilbilgisi-alistirmalari\/","og_locale":"tr_TR","og_type":"article","og_title":"Katalanca Dilbilgisi Al\u0131\u015ft\u0131rmalar\u0131","og_description":"Katalanca Dilbilgisi Konular\u0131 \u0130spanya'n\u0131n Katalonya b\u00f6lgesinde ve \u0130talya ve Fransa'n\u0131n baz\u0131 b\u00f6lgelerinde milyonlarca ki\u015fi taraf\u0131ndan konu\u015fulan bir Roman","og_url":"https:\/\/talkpal.ai\/tr\/katalanca-dilbilgisi-alistirmalari\/","og_site_name":"Talkpal","article_publisher":"https:\/\/www.facebook.com\/profile.php?id=100090733639311","article_modified_time":"2025-05-23T13:32:03+00:00","og_image":[{"width":479,"height":479,"url":"https:\/\/talkpal.ai\/wp-content\/uploads\/2023\/08\/Catalan.png","type":"image\/png"}],"twitter_card":"summary_large_image","twitter_site":"@talkpalai","twitter_misc":{"Tahmini okuma s\u00fcresi":"3 dakika"},"schema":{"@context":"https:\/\/schema.org","@graph":[{"@type":"WebPage","@id":"https:\/\/talkpal.ai\/tr\/katalanca-dilbilgisi-alistirmalari\/","url":"https:\/\/talkpal.ai\/tr\/katalanca-dilbilgisi-alistirmalari\/","name":"Katalanca Dilbilgisi Al\u0131\u015ft\u0131rmalar\u0131 - Talkpal","isPartOf":{"@id":"https:\/\/talkpal.ai\/tr\/#website"},"primaryImageOfPage":{"@id":"https:\/\/talkpal.ai\/tr\/katalanca-dilbilgisi-alistirmalari\/#primaryimage"},"image":{"@id":"https:\/\/talkpal.ai\/tr\/katalanca-dilbilgisi-alistirmalari\/#primaryimage"},"thumbnailUrl":"https:\/\/talkpal.ai\/wp-content\/uploads\/2023\/08\/Catalan.png","datePublished":"2023-06-16T12:49:04+00:00","dateModified":"2025-05-23T13:32:03+00:00","description":"Bu g\u00fczel dili ve yap\u0131s\u0131n\u0131 daha iyi anlaman\u0131z\u0131 sa\u011flayacak temel Katalanca dilbilgisi al\u0131\u015ft\u0131rmalar\u0131n\u0131 ke\u015ffedin.","breadcrumb":{"@id":"https:\/\/talkpal.ai\/tr\/katalanca-dilbilgisi-alistirmalari\/#breadcrumb"},"inLanguage":"tr","potentialAction":[{"@type":"ReadAction","target":["https:\/\/talkpal.ai\/tr\/katalanca-dilbilgisi-alistirmalari\/"]}]},{"@type":"ImageObject","inLanguage":"tr","@id":"https:\/\/talkpal.ai\/tr\/katalanca-dilbilgisi-alistirmalari\/#primaryimage","url":"https:\/\/talkpal.ai\/wp-content\/uploads\/2023\/08\/Catalan.png","contentUrl":"https:\/\/talkpal.ai\/wp-content\/uploads\/2023\/08\/Catalan.png","width":479,"height":479},{"@type":"BreadcrumbList","@id":"https:\/\/talkpal.ai\/tr\/katalanca-dilbilgisi-alistirmalari\/#breadcrumb","itemListElement":[{"@type":"ListItem","position":1,"name":"Homepage","item":"https:\/\/talkpal.ai\/tr\/"},{"@type":"ListItem","position":2,"name":"Katalanca Dilbilgisi Al\u0131\u015ft\u0131rmalar\u0131"}]},{"@type":"WebSite","@id":"https:\/\/talkpal.ai\/tr\/#website","url":"https:\/\/talkpal.ai\/tr\/","name":"Talkpal","description":"AI Language Learning","publisher":{"@id":"https:\/\/talkpal.ai\/tr\/#organization"},"alternateName":"Talkpal AI","potentialAction":[{"@type":"SearchAction","target":{"@type":"EntryPoint","urlTemplate":"https:\/\/talkpal.ai\/tr\/?s={search_term_string}"},"query-input":{"@type":"PropertyValueSpecification","valueRequired":true,"valueName":"search_term_string"}}],"inLanguage":"tr"},{"@type":"Organization","@id":"https:\/\/talkpal.ai\/tr\/#organization","name":"Talkpal, Inc.","alternateName":"Talkpal AI","url":"https:\/\/talkpal.ai\/tr\/","logo":{"@type":"ImageObject","inLanguage":"tr","@id":"https:\/\/talkpal.ai\/tr\/#\/schema\/logo\/image\/","url":"https:\/\/talkpal.ai\/wp-content\/uploads\/2024\/03\/Talkpal-Logo-Icon.png","contentUrl":"https:\/\/talkpal.ai\/wp-content\/uploads\/2024\/03\/Talkpal-Logo-Icon.png","width":2880,"height":2880,"caption":"Talkpal, Inc."},"image":{"@id":"https:\/\/talkpal.ai\/tr\/#\/schema\/logo\/image\/"},"sameAs":["https:\/\/www.facebook.com\/profile.php?id=100090733639311","https:\/\/x.com\/talkpalai","https:\/\/www.linkedin.com\/company\/talkpal\/","https:\/\/www.youtube.com\/@TalkPal\/","https:\/\/www.tiktok.com\/@talkpal","https:\/\/www.instagram.com\/talkpal_ai\/","https:\/\/www.crunchbase.com\/organization\/talkpal-9cde","https:\/\/www.g2.com\/products\/talkpal-for-business\/","https:\/\/www.trustpilot.com\/review\/talkpal.ai","https:\/\/www.capterra.com\/p\/10006800\/TalkPal\/"],"description":"Talkpal is a language learning web and mobile education app, powered by the latest AI technologies, that provides engaging experiences to its customers in many different languages to help them improve their language skills. Users can chat about unlimited amount of topics with the app and use other modes to practice their language learning.","email":"support@talkpal.ai","legalName":"Talkpal, Inc.","foundingDate":"2023-04-03","duns":"118989042","numberOfEmployees":{"@type":"QuantitativeValue","minValue":"11","maxValue":"50"},"publishingPrinciples":"https:\/\/talkpal.ai\/publishing-principles\/","actionableFeedbackPolicy":"https:\/\/talkpal.ai\/actionable-feedback-policy\/","correctionsPolicy":"https:\/\/talkpal.ai\/corrections-policy\/","ethicsPolicy":"https:\/\/talkpal.ai\/ethics-policy\/","diversityPolicy":"https:\/\/talkpal.ai\/diversity-policy\/","diversityStaffingReport":"https:\/\/talkpal.ai\/diversity-policy\/"}]}},"_links":{"self":[{"href":"https:\/\/talkpal.ai\/tr\/wp-json\/wp\/v2\/pages\/164312","targetHints":{"allow":["GET"]}}],"collection":[{"href":"https:\/\/talkpal.ai\/tr\/wp-json\/wp\/v2\/pages"}],"about":[{"href":"https:\/\/talkpal.ai\/tr\/wp-json\/wp\/v2\/types\/page"}],"author":[{"embeddable":true,"href":"https:\/\/talkpal.ai\/tr\/wp-json\/wp\/v2\/users\/6"}],"replies":[{"embeddable":true,"href":"https:\/\/talkpal.ai\/tr\/wp-json\/wp\/v2\/comments?post=164312"}],"version-history":[{"count":0,"href":"https:\/\/talkpal.ai\/tr\/wp-json\/wp\/v2\/pages\/164312\/revisions"}],"wp:featuredmedia":[{"embeddable":true,"href":"https:\/\/talkpal.ai\/tr\/wp-json\/wp\/v2\/media\/141992"}],"wp:attachment":[{"href":"https:\/\/talkpal.ai\/tr\/wp-json\/wp\/v2\/media?parent=164312"}],"curies":[{"name":"wp","href":"https:\/\/api.w.org\/{rel}","templated":true}]}}