{"id":163972,"date":"2023-06-16T13:02:09","date_gmt":"2023-06-16T13:02:09","guid":{"rendered":"http:\/\/talkpal.ai\/hirvatca-dilbilgisi-alistirmalari\/"},"modified":"2025-12-17T16:25:35","modified_gmt":"2025-12-17T16:25:35","slug":"hirvatca-dilbilgisi-alistirmalari","status":"publish","type":"page","link":"https:\/\/talkpal.ai\/tr\/hirvatca-dilbilgisi-alistirmalari\/","title":{"rendered":"H\u0131rvat\u00e7a Dilbilgisi Al\u0131\u015ft\u0131rmalar\u0131"},"content":{"rendered":"\r\n\r\n\r\n<section class=\"languageChallengeSection\">\r\n    <div class=\"languageInfoWrapper\">\r\n        \r\n        <h1>H\u0131rvat\u00e7a Dilbilgisi Al\u0131\u015ft\u0131rmalar\u0131<\/h1>\r\n        <p>H\u0131rvat\u00e7ada kendinize daha fazla g\u00fcvenmek ister misiniz? <a href=\"https:\/\/talkpal.ai\/grammar\/\">Dilbilgisi<\/a> al\u0131\u015ft\u0131rmalar\u0131 yapmak c\u00fcmle yap\u0131s\u0131, fiil formlar\u0131 ve H\u0131rvat\u00e7an\u0131n kendine has \u00f6zelliklerinde ustala\u015fman\u0131za yard\u0131mc\u0131 olacakt\u0131r. H\u0131rvat\u00e7a dilbilgisini ke\u015ffetmeye bug\u00fcn ba\u015flay\u0131n ve her yeni al\u0131\u015ft\u0131rmada becerilerinizin ve ak\u0131c\u0131l\u0131\u011f\u0131n\u0131z\u0131n geli\u015fmesini izleyin!\n\n<\/p>\r\n\r\n                            <a class=\"getStartedHidden\" href=\"https:\/\/app.talkpal.ai\/tr\/signup?lng=\">Hadi ba\u015fla<\/a>\r\n        \r\n    <\/div>\r\n\r\n    <figure>\r\n    <img decoding=\"async\" width=\"768\" height=\"768\" src=\"https:\/\/talkpal.ai\/wp-content\/uploads\/2023\/06\/croatian-768x768.png\" class=\"languageImage no-lazy\" alt=\"Language learning for successful interaction\" fetchpriority=\"high\" sizes=\"(max-width: 768px) 150px, 768px\" srcset=\"https:\/\/talkpal.ai\/wp-content\/uploads\/2023\/06\/croatian-768x768.png 768w, https:\/\/talkpal.ai\/wp-content\/uploads\/2023\/06\/croatian-300x300.png 300w\" \/>\r\n    \r\n\r\n    <\/figure>\r\n\r\n            <a class=\"getStartedVisible\" href=\"https:\/\/app.talkpal.ai\/tr\/signup?lng=\">Hadi ba\u015fla<\/a>\r\n    \r\n<\/section>\r\n\r\n\r\n<!-- <section class=\"grammarSection\">\r\n    <div class=\"grammarLinks\">\r\n            <\/div>\r\n<\/section> -->\r\n\r\n\r\n\r\n\r\n<section class=\"promotionalBanner\">\r\n    <p class=\"promotionalText\">Dil \u00f6\u011frenmenin en etkili yolu<\/p>\r\n    <a class=\"promotionalLink\" href=\"https:\/\/app.talkpal.ai\/tr\/signup?lng=\">Talkpal \u00fccretsiz deneyin<\/a>\r\n<\/section>\n<div class=\"wp-block-group pageContainerStyle\"><div class=\"wp-block-group__inner-container is-layout-constrained wp-block-group-is-layout-constrained\">\n<h2 class=\"wp-block-heading\" id=\"h-croatian-grammar-topics\">H\u0131rvat\u00e7a Dilbilgisi Konular\u0131<\/h2>\n\n\n\n<p>Bir G\u00fcney Slav dili olan H\u0131rvat\u00e7a, H\u0131rvatistan&#8217;\u0131n resmi dili ve Bosna Hersek&#8217;in resmi dillerinden biridir. Uzun bir ge\u00e7mi\u015fi ve benzersiz bir gramer sistemi ile karma\u015f\u0131k ve zengin bir dildir. <a href=\"https:\/\/talkpal.ai\/talkpal-discount-for-students\/\">\u00d6\u011frenciler<\/a> i\u00e7in, dilde yetkin olmak i\u00e7in H\u0131rvat\u00e7a dilbilgisinin temel y\u00f6nlerini anlamak \u00e7ok \u00f6nemlidir. Bu k\u0131lavuz, zamanlar, fiiller, isimler ve daha fazlas\u0131 gibi temel dilbilgisi konular\u0131nda, \u00f6\u011frenme s\u00fcrecinizi kolayla\u015ft\u0131racak ve bu g\u00fczel dilde ustala\u015fmak i\u00e7in g\u00fc\u00e7l\u00fc bir temel sa\u011flayacak bir s\u0131rayla gezinmenize yard\u0131mc\u0131 olacakt\u0131r.<\/p>\n\n\n\n<h3 class=\"wp-block-heading\" id=\"h-1-nouns\">1. \u0130simler:<\/h3>\n\n\n\n<p>\u0130simler herhangi bir dilin ilk yap\u0131 ta\u015f\u0131d\u0131r ve H\u0131rvat\u00e7a isimlerin \u00fc\u00e7 cinsiyeti vard\u0131r &#8211; eril, di\u015fil ve n\u00f6tr, bu da \u00e7ekimi ve s\u0131fatlar ve zamirlerle uyumu etkiler. Farkl\u0131 cinsiyetleri ve ilgili sonlar\u0131n\u0131 tan\u0131y\u0131n.<\/p>\n\n\n\n<h3 class=\"wp-block-heading\" id=\"h-2-articles\">2. Makaleler:<\/h3>\n\n\n\n<p>H\u0131rvat\u00e7ada \u0130ngilizcedeki &#8220;the&#8221; veya &#8220;a&#8221; gibi artikeller yoktur, bu da yeni ba\u015flayanlar\u0131n artikel kullan\u0131m\u0131 konusunda endi\u015felenmeden basit c\u00fcmleler kurmaya ba\u015flamas\u0131n\u0131 kolayla\u015ft\u0131r\u0131r.<\/p>\n\n\n\n<h3 class=\"wp-block-heading\" id=\"h-3-pronouns-determiners\">3. Zamirler\/Belirleyiciler:<\/h3>\n\n\n\n<p>Zamirler c\u00fcmlelerde isimlerin yerini almak i\u00e7in kullan\u0131l\u0131rken, belirleyiciler bir ismin \u00f6zg\u00fcll\u00fc\u011f\u00fcn\u00fc g\u00f6sterir. Farkl\u0131 zamir t\u00fcrlerini (ki\u015fisel, iyelik, g\u00f6sterici vb.) ve bunlar\u0131n cinsiyete, say\u0131ya ve duruma g\u00f6re \u00e7ekimlerini \u00f6\u011frenin.<\/p>\n\n\n\n<h3 class=\"wp-block-heading\" id=\"h-4-adjectives\">4. S\u0131fatlar:<\/h3>\n\n\n\n<p>S\u0131fatlar isimlerin niteliklerini tan\u0131mlar ve de\u011fi\u015ftirdikleri ismin cinsiyeti, say\u0131s\u0131 ve durumu ile ayn\u0131 fikirdedirler. S\u0131fatlar\u0131n temel bi\u00e7imlerini ve \u00e7ekim kal\u0131plar\u0131n\u0131 \u00f6\u011frenin.<\/p>\n\n\n\n<h3 class=\"wp-block-heading\" id=\"h-5-verbs\">5. Fiiller:<\/h3>\n\n\n\n<p>Fiiller, eylemleri veya durumlar\u0131 ifade eden herhangi bir c\u00fcmlenin \u00f6z\u00fcd\u00fcr. H\u0131rvat\u00e7a fiiller zaman, ruh hali, ses ve ki\u015fiye g\u00f6re \u00e7ekimlenir. \u015eimdiki zamanda en yayg\u0131n d\u00fczenli fiiller ve bunlar\u0131n \u00e7ekim kal\u0131plar\u0131 ile ba\u015flay\u0131n.<\/p>\n\n\n\n<h3 class=\"wp-block-heading\" id=\"h-6-tenses\">6. Zamanlar:<\/h3>\n\n\n\n<p>H\u0131rvat\u00e7ada yedi zaman vard\u0131r &#8211; \u015fimdiki zaman, gelecek I, gelecek II, ge\u00e7mi\u015f, mi\u015f&#8217;li ge\u00e7mi\u015f, aorist ve imperfect. \u015eimdiki zamanla ba\u015flay\u0131n ve ard\u0131ndan her biri i\u00e7in \u00e7ekim kal\u0131plar\u0131n\u0131 \u00f6\u011frenerek ge\u00e7mi\u015f ve gelecek zamanlara ge\u00e7in.<\/p>\n\n\n\n<h3 class=\"wp-block-heading\" id=\"h-7-tense-comparison\">7. Gergin Kar\u015f\u0131la\u015ft\u0131rma:<\/h3>\n\n\n\n<p>Zamanlar aras\u0131ndaki farkl\u0131l\u0131klar\u0131 ve benzerlikleri anlamak, H\u0131rvat\u00e7a&#8217;da ustala\u015fmak i\u00e7in \u00e7ok \u00f6nemlidir. Zamanlar\u0131 kar\u015f\u0131la\u015ft\u0131r\u0131n ve bunlar\u0131 ba\u011flam i\u00e7inde kullanma al\u0131\u015ft\u0131rmas\u0131 yap\u0131n.<\/p>\n\n\n\n<h3 class=\"wp-block-heading\" id=\"h-8-progressive\">8. \u0130lerici:<\/h3>\n\n\n\n<p>\u0130lerleyen y\u00f6n, devam eden veya s\u00fcrekli olan eylemleri ifade eder. H\u0131rvat\u00e7a&#8217;n\u0131n \u0130ngilizce gibi ayr\u0131 bir ilerici bi\u00e7imi yoktur, ancak belirli fiil formlar\u0131n\u0131, zarflar\u0131 veya yap\u0131lar\u0131 kullanarak ilerici anlam\u0131 iletebilirsiniz.<\/p>\n\n\n\n<h3 class=\"wp-block-heading\" id=\"h-9-perfect-progressive\">9. M\u00fckemmel \u0130lerici:<\/h3>\n\n\n\n<p>Bu y\u00f6n, m\u00fckemmel ve ilerici anlamlar\u0131 birle\u015ftirir. H\u0131rvat\u00e7a&#8217;da, s\u00fcrekli eylemi belirten belirli bir fiil formu veya yap\u0131s\u0131 ile m\u00fckemmel zaman kullan\u0131larak ifade edilir.<\/p>\n\n\n\n<h3 class=\"wp-block-heading\" id=\"h-10-adverbs\">10. Zarflar:<\/h3>\n\n\n\n<p>Zarflar fiilleri, s\u0131fatlar\u0131 veya di\u011fer zarflar\u0131 de\u011fi\u015ftirir ve genellikle \u015fekil, yer, zaman veya dereceyi belirtir. En yayg\u0131n H\u0131rvat\u00e7a zarflar\u0131 ve c\u00fcmle i\u00e7indeki yerlerini \u00f6\u011frenin.<\/p>\n\n\n\n<h3 class=\"wp-block-heading\" id=\"h-11-prepositions\">11. Edatlar:<\/h3>\n\n\n\n<p>Edatlar, konum, y\u00f6n, zaman veya sahiplik gibi kelimeler aras\u0131ndaki ili\u015fkileri belirtmek i\u00e7in kullan\u0131l\u0131r. En yayg\u0131n H\u0131rvat\u00e7a edatlar\u0131 ve y\u00f6nettikleri durumlar\u0131 \u00f6\u011frenin.<\/p>\n\n\n\n<h3 class=\"wp-block-heading\" id=\"h-12-conditionals\">12. Ko\u015fullar:<\/h3>\n\n\n\n<p>Ko\u015fullar, varsay\u0131msal durumlar\u0131 veya ko\u015fullar\u0131 ve bunlar\u0131n sonu\u00e7lar\u0131n\u0131 ifade eder. H\u0131rvat\u00e7ada ger\u00e7ek, ger\u00e7ek olmayan ve kar\u0131\u015f\u0131k olmak \u00fczere \u00fc\u00e7 t\u00fcr ko\u015ful c\u00fcmlesi vard\u0131r. Her t\u00fcr\u00fcn olu\u015fumunu ve kullan\u0131m\u0131n\u0131 \u00f6\u011frenin.<\/p>\n\n\n\n<h3 class=\"wp-block-heading\" id=\"h-13-sentences\">13. C\u00fcmleler:<\/h3>\n\n\n\n<p>Son olarak, H\u0131rvat\u00e7ada basit ve karma\u015f\u0131k c\u00fcmleler kurmak i\u00e7in \u00f6\u011frendi\u011finiz t\u00fcm dilbilgisi \u00f6\u011felerini birle\u015ftirerek pratik yap\u0131n. Bu, dil ak\u0131c\u0131l\u0131\u011f\u0131n\u0131z\u0131 ve bir b\u00fct\u00fcn olarak <a href=\"https:\/\/talkpal.ai\/uz\/xorvat-tili-grammatikasi\/\">H\u0131rvat\u00e7a dilbilgisi<\/a> anlay\u0131\u015f\u0131n\u0131z\u0131 geli\u015ftirmenize yard\u0131mc\u0131 olacakt\u0131r.<\/p>\n<\/div><\/div>\n\r\n<section class=\"learnNavigationSection\">\r\n            \r\n        <a href=\"https:\/\/talkpal.ai\/tr\/hirvatca-ogren\/\">\r\n            <div class=\"learnNavigationWrapper\">\r\n                <div class=\"learnNavigationContent\">\r\n                    <img decoding=\"async\" src=\"https:\/\/talkpal.ai\/wp-content\/uploads\/2024\/08\/Croatian.jpg\" alt=\"Croatian Flag\">\r\n                    <div>\r\n                        <h4>Croatian Learning Hakk\u0131nda<\/h4>\r\n                        <p>H\u0131rvat\u00e7a dilbilgisi hakk\u0131nda her \u015feyi \u00f6\u011frenin .<\/p>\r\n                    <\/div>\r\n                <\/div>\r\n            <\/div>\r\n        <\/a>\r\n\r\n        \r\n        <a href=\"https:\/\/talkpal.ai\/tr\/hirvatca-dilbilgisi\/\">\r\n            <div class=\"learnNavigationWrapper\">\r\n                <div class=\"learnNavigationContent\">\r\n                    <img decoding=\"async\" src=\"https:\/\/talkpal.ai\/wp-content\/uploads\/2024\/08\/Croatian.jpg\" alt=\"Croatian Flag\">\r\n                    <div>\r\n                        <h4>H\u0131rvat\u00e7a Dilbilgisi Dersleri<\/h4>\r\n                        <p>H\u0131rvat\u00e7a dilbilgisi al\u0131\u015ft\u0131rmas\u0131 yap\u0131n .<\/p>\r\n                    <\/div>\r\n                <\/div>\r\n            <\/div>\r\n        <\/a>\r\n\r\n        \r\n        <a href=\"https:\/\/talkpal.ai\/vocabulary_language\/croatian\/\">\r\n            <div class=\"learnNavigationWrapper\">\r\n                <div class=\"learnNavigationContent\">\r\n                    <img decoding=\"async\" src=\"https:\/\/talkpal.ai\/wp-content\/uploads\/2024\/08\/Croatian.jpg\" alt=\"Croatian Flag\">\r\n                    <div>\r\n                        <h4>H\u0131rvat\u00e7a Kelime Bilgisi<\/h4>\r\n                        <p>H\u0131rvat\u00e7a kelime da\u011farc\u0131\u011f\u0131n\u0131z\u0131 geni\u015fletin.<\/p>\r\n                    <\/div>\r\n                <\/div>\r\n            <\/div>\r\n        <\/a>\r\n\r\n            <\/section>","protected":false},"excerpt":{"rendered":"<p>H\u0131rvat\u00e7a Dilbilgisi Konular\u0131 Bir G\u00fcney Slav dili olan H\u0131rvat\u00e7a, H\u0131rvatistan&#8217;\u0131n resmi dili ve Bosna Hersek&#8217;in resmi dillerinden biridir. Uzun bir ge\u00e7mi\u015fi ve benzersiz bir gramer sistemi ile karma\u015f\u0131k ve zengin bir dildir. \u00d6\u011frenciler i\u00e7in, dilde yetkin olmak i\u00e7in H\u0131rvat\u00e7a dilbilgisinin temel y\u00f6nlerini anlamak \u00e7ok \u00f6nemlidir. Bu k\u0131lavuz, zamanlar, fiiller, isimler ve daha fazlas\u0131 gibi temel [&hellip;]<\/p>\n","protected":false},"author":6,"featured_media":110017,"parent":0,"menu_order":0,"comment_status":"closed","ping_status":"closed","template":"LearningContentPage.php","meta":{"_acf_changed":false,"footnotes":""},"class_list":["post-163972","page","type-page","status-publish","has-post-thumbnail","hentry"],"acf":[],"yoast_head":"<!-- This site is optimized with the Yoast SEO Premium plugin v27.2 (Yoast SEO v27.2) - https:\/\/yoast.com\/product\/yoast-seo-premium-wordpress\/ -->\n<title>H\u0131rvat\u00e7a Dilbilgisi Al\u0131\u015ft\u0131rmalar\u0131 - Talkpal<\/title>\n<meta name=\"description\" content=\"Kullan\u0131c\u0131lar i\u00e7in zamanlar\u0131, fiilleri ve isimleri \u00f6\u011frenmeyi basitle\u015ftiren etkili H\u0131rvat\u00e7a dilbilgisi al\u0131\u015ft\u0131rmalar\u0131yla H\u0131rvat\u00e7ada ustala\u015f\u0131n.\" \/>\n<meta name=\"robots\" content=\"index, follow, max-snippet:-1, max-image-preview:large, max-video-preview:-1\" \/>\n<link rel=\"canonical\" href=\"https:\/\/talkpal.ai\/tr\/hirvatca-dilbilgisi-alistirmalari\/\" \/>\n<meta property=\"og:locale\" content=\"tr_TR\" \/>\n<meta property=\"og:type\" content=\"article\" \/>\n<meta property=\"og:title\" content=\"H\u0131rvat\u00e7a Dilbilgisi Al\u0131\u015ft\u0131rmalar\u0131\" \/>\n<meta property=\"og:description\" content=\"H\u0131rvat\u00e7a Dilbilgisi Konular\u0131 Bir G\u00fcney Slav dili olan H\u0131rvat\u00e7a, H\u0131rvatistan&#039;\u0131n resmi dili ve Bosna Hersek&#039;in resmi dillerinden biridir. Uzun bir ge\u00e7mi\u015fi\" \/>\n<meta property=\"og:url\" content=\"https:\/\/talkpal.ai\/tr\/hirvatca-dilbilgisi-alistirmalari\/\" \/>\n<meta property=\"og:site_name\" content=\"Talkpal\" \/>\n<meta property=\"article:publisher\" content=\"https:\/\/www.facebook.com\/profile.php?id=100090733639311\" \/>\n<meta property=\"article:modified_time\" content=\"2025-12-17T16:25:35+00:00\" \/>\n<meta property=\"og:image\" content=\"https:\/\/talkpal.ai\/wp-content\/uploads\/2023\/05\/croatia.png\" \/>\n\t<meta property=\"og:image:width\" content=\"512\" \/>\n\t<meta property=\"og:image:height\" content=\"512\" \/>\n\t<meta property=\"og:image:type\" content=\"image\/png\" \/>\n<meta name=\"twitter:card\" content=\"summary_large_image\" \/>\n<meta name=\"twitter:site\" content=\"@talkpalai\" \/>\n<meta name=\"twitter:label1\" content=\"Tahmini okuma s\u00fcresi\" \/>\n\t<meta name=\"twitter:data1\" content=\"3 dakika\" \/>\n<script type=\"application\/ld+json\" class=\"yoast-schema-graph\">{\"@context\":\"https:\/\/schema.org\",\"@graph\":[{\"@type\":\"WebPage\",\"@id\":\"https:\/\/talkpal.ai\/tr\/hirvatca-dilbilgisi-alistirmalari\/\",\"url\":\"https:\/\/talkpal.ai\/tr\/hirvatca-dilbilgisi-alistirmalari\/\",\"name\":\"H\u0131rvat\u00e7a Dilbilgisi Al\u0131\u015ft\u0131rmalar\u0131 - Talkpal\",\"isPartOf\":{\"@id\":\"https:\/\/talkpal.ai\/tr\/#website\"},\"primaryImageOfPage\":{\"@id\":\"https:\/\/talkpal.ai\/tr\/hirvatca-dilbilgisi-alistirmalari\/#primaryimage\"},\"image\":{\"@id\":\"https:\/\/talkpal.ai\/tr\/hirvatca-dilbilgisi-alistirmalari\/#primaryimage\"},\"thumbnailUrl\":\"https:\/\/talkpal.ai\/wp-content\/uploads\/2023\/05\/croatia.png\",\"datePublished\":\"2023-06-16T13:02:09+00:00\",\"dateModified\":\"2025-12-17T16:25:35+00:00\",\"description\":\"Kullan\u0131c\u0131lar i\u00e7in zamanlar\u0131, fiilleri ve isimleri \u00f6\u011frenmeyi basitle\u015ftiren etkili H\u0131rvat\u00e7a dilbilgisi al\u0131\u015ft\u0131rmalar\u0131yla H\u0131rvat\u00e7ada ustala\u015f\u0131n.\",\"breadcrumb\":{\"@id\":\"https:\/\/talkpal.ai\/tr\/hirvatca-dilbilgisi-alistirmalari\/#breadcrumb\"},\"inLanguage\":\"tr\",\"potentialAction\":[{\"@type\":\"ReadAction\",\"target\":[\"https:\/\/talkpal.ai\/tr\/hirvatca-dilbilgisi-alistirmalari\/\"]}]},{\"@type\":\"ImageObject\",\"inLanguage\":\"tr\",\"@id\":\"https:\/\/talkpal.ai\/tr\/hirvatca-dilbilgisi-alistirmalari\/#primaryimage\",\"url\":\"https:\/\/talkpal.ai\/wp-content\/uploads\/2023\/05\/croatia.png\",\"contentUrl\":\"https:\/\/talkpal.ai\/wp-content\/uploads\/2023\/05\/croatia.png\",\"width\":512,\"height\":512},{\"@type\":\"BreadcrumbList\",\"@id\":\"https:\/\/talkpal.ai\/tr\/hirvatca-dilbilgisi-alistirmalari\/#breadcrumb\",\"itemListElement\":[{\"@type\":\"ListItem\",\"position\":1,\"name\":\"Homepage\",\"item\":\"https:\/\/talkpal.ai\/tr\/\"},{\"@type\":\"ListItem\",\"position\":2,\"name\":\"H\u0131rvat\u00e7a Dilbilgisi Al\u0131\u015ft\u0131rmalar\u0131\"}]},{\"@type\":\"WebSite\",\"@id\":\"https:\/\/talkpal.ai\/tr\/#website\",\"url\":\"https:\/\/talkpal.ai\/tr\/\",\"name\":\"Talkpal\",\"description\":\"AI Language Learning\",\"publisher\":{\"@id\":\"https:\/\/talkpal.ai\/tr\/#organization\"},\"alternateName\":\"Talkpal AI\",\"potentialAction\":[{\"@type\":\"SearchAction\",\"target\":{\"@type\":\"EntryPoint\",\"urlTemplate\":\"https:\/\/talkpal.ai\/tr\/?s={search_term_string}\"},\"query-input\":{\"@type\":\"PropertyValueSpecification\",\"valueRequired\":true,\"valueName\":\"search_term_string\"}}],\"inLanguage\":\"tr\"},{\"@type\":\"Organization\",\"@id\":\"https:\/\/talkpal.ai\/tr\/#organization\",\"name\":\"Talkpal, Inc.\",\"alternateName\":\"Talkpal AI\",\"url\":\"https:\/\/talkpal.ai\/tr\/\",\"logo\":{\"@type\":\"ImageObject\",\"inLanguage\":\"tr\",\"@id\":\"https:\/\/talkpal.ai\/tr\/#\/schema\/logo\/image\/\",\"url\":\"https:\/\/talkpal.ai\/wp-content\/uploads\/2024\/03\/Talkpal-Logo-Icon.png\",\"contentUrl\":\"https:\/\/talkpal.ai\/wp-content\/uploads\/2024\/03\/Talkpal-Logo-Icon.png\",\"width\":2880,\"height\":2880,\"caption\":\"Talkpal, Inc.\"},\"image\":{\"@id\":\"https:\/\/talkpal.ai\/tr\/#\/schema\/logo\/image\/\"},\"sameAs\":[\"https:\/\/www.facebook.com\/profile.php?id=100090733639311\",\"https:\/\/x.com\/talkpalai\",\"https:\/\/www.linkedin.com\/company\/talkpal\/\",\"https:\/\/www.youtube.com\/@TalkPal\/\",\"https:\/\/www.tiktok.com\/@talkpal\",\"https:\/\/www.instagram.com\/talkpal_ai\/\",\"https:\/\/www.crunchbase.com\/organization\/talkpal-9cde\",\"https:\/\/www.g2.com\/products\/talkpal-for-business\/\",\"https:\/\/www.trustpilot.com\/review\/talkpal.ai\",\"https:\/\/www.capterra.com\/p\/10006800\/TalkPal\/\"],\"description\":\"Talkpal is a language learning web and mobile education app, powered by the latest AI technologies, that provides engaging experiences to its customers in many different languages to help them improve their language skills. Users can chat about unlimited amount of topics with the app and use other modes to practice their language learning.\",\"email\":\"support@talkpal.ai\",\"legalName\":\"Talkpal, Inc.\",\"foundingDate\":\"2023-04-03\",\"duns\":\"118989042\",\"numberOfEmployees\":{\"@type\":\"QuantitativeValue\",\"minValue\":\"11\",\"maxValue\":\"50\"},\"publishingPrinciples\":\"https:\/\/talkpal.ai\/publishing-principles\/\",\"actionableFeedbackPolicy\":\"https:\/\/talkpal.ai\/actionable-feedback-policy\/\",\"correctionsPolicy\":\"https:\/\/talkpal.ai\/corrections-policy\/\",\"ethicsPolicy\":\"https:\/\/talkpal.ai\/ethics-policy\/\",\"diversityPolicy\":\"https:\/\/talkpal.ai\/diversity-policy\/\",\"diversityStaffingReport\":\"https:\/\/talkpal.ai\/diversity-policy\/\"}]}<\/script>\n<!-- \/ Yoast SEO Premium plugin. -->","yoast_head_json":{"title":"H\u0131rvat\u00e7a Dilbilgisi Al\u0131\u015ft\u0131rmalar\u0131 - Talkpal","description":"Kullan\u0131c\u0131lar i\u00e7in zamanlar\u0131, fiilleri ve isimleri \u00f6\u011frenmeyi basitle\u015ftiren etkili H\u0131rvat\u00e7a dilbilgisi al\u0131\u015ft\u0131rmalar\u0131yla H\u0131rvat\u00e7ada ustala\u015f\u0131n.","robots":{"index":"index","follow":"follow","max-snippet":"max-snippet:-1","max-image-preview":"max-image-preview:large","max-video-preview":"max-video-preview:-1"},"canonical":"https:\/\/talkpal.ai\/tr\/hirvatca-dilbilgisi-alistirmalari\/","og_locale":"tr_TR","og_type":"article","og_title":"H\u0131rvat\u00e7a Dilbilgisi Al\u0131\u015ft\u0131rmalar\u0131","og_description":"H\u0131rvat\u00e7a Dilbilgisi Konular\u0131 Bir G\u00fcney Slav dili olan H\u0131rvat\u00e7a, H\u0131rvatistan'\u0131n resmi dili ve Bosna Hersek'in resmi dillerinden biridir. Uzun bir ge\u00e7mi\u015fi","og_url":"https:\/\/talkpal.ai\/tr\/hirvatca-dilbilgisi-alistirmalari\/","og_site_name":"Talkpal","article_publisher":"https:\/\/www.facebook.com\/profile.php?id=100090733639311","article_modified_time":"2025-12-17T16:25:35+00:00","og_image":[{"width":512,"height":512,"url":"https:\/\/talkpal.ai\/wp-content\/uploads\/2023\/05\/croatia.png","type":"image\/png"}],"twitter_card":"summary_large_image","twitter_site":"@talkpalai","twitter_misc":{"Tahmini okuma s\u00fcresi":"3 dakika"},"schema":{"@context":"https:\/\/schema.org","@graph":[{"@type":"WebPage","@id":"https:\/\/talkpal.ai\/tr\/hirvatca-dilbilgisi-alistirmalari\/","url":"https:\/\/talkpal.ai\/tr\/hirvatca-dilbilgisi-alistirmalari\/","name":"H\u0131rvat\u00e7a Dilbilgisi Al\u0131\u015ft\u0131rmalar\u0131 - Talkpal","isPartOf":{"@id":"https:\/\/talkpal.ai\/tr\/#website"},"primaryImageOfPage":{"@id":"https:\/\/talkpal.ai\/tr\/hirvatca-dilbilgisi-alistirmalari\/#primaryimage"},"image":{"@id":"https:\/\/talkpal.ai\/tr\/hirvatca-dilbilgisi-alistirmalari\/#primaryimage"},"thumbnailUrl":"https:\/\/talkpal.ai\/wp-content\/uploads\/2023\/05\/croatia.png","datePublished":"2023-06-16T13:02:09+00:00","dateModified":"2025-12-17T16:25:35+00:00","description":"Kullan\u0131c\u0131lar i\u00e7in zamanlar\u0131, fiilleri ve isimleri \u00f6\u011frenmeyi basitle\u015ftiren etkili H\u0131rvat\u00e7a dilbilgisi al\u0131\u015ft\u0131rmalar\u0131yla H\u0131rvat\u00e7ada ustala\u015f\u0131n.","breadcrumb":{"@id":"https:\/\/talkpal.ai\/tr\/hirvatca-dilbilgisi-alistirmalari\/#breadcrumb"},"inLanguage":"tr","potentialAction":[{"@type":"ReadAction","target":["https:\/\/talkpal.ai\/tr\/hirvatca-dilbilgisi-alistirmalari\/"]}]},{"@type":"ImageObject","inLanguage":"tr","@id":"https:\/\/talkpal.ai\/tr\/hirvatca-dilbilgisi-alistirmalari\/#primaryimage","url":"https:\/\/talkpal.ai\/wp-content\/uploads\/2023\/05\/croatia.png","contentUrl":"https:\/\/talkpal.ai\/wp-content\/uploads\/2023\/05\/croatia.png","width":512,"height":512},{"@type":"BreadcrumbList","@id":"https:\/\/talkpal.ai\/tr\/hirvatca-dilbilgisi-alistirmalari\/#breadcrumb","itemListElement":[{"@type":"ListItem","position":1,"name":"Homepage","item":"https:\/\/talkpal.ai\/tr\/"},{"@type":"ListItem","position":2,"name":"H\u0131rvat\u00e7a Dilbilgisi Al\u0131\u015ft\u0131rmalar\u0131"}]},{"@type":"WebSite","@id":"https:\/\/talkpal.ai\/tr\/#website","url":"https:\/\/talkpal.ai\/tr\/","name":"Talkpal","description":"AI Language Learning","publisher":{"@id":"https:\/\/talkpal.ai\/tr\/#organization"},"alternateName":"Talkpal AI","potentialAction":[{"@type":"SearchAction","target":{"@type":"EntryPoint","urlTemplate":"https:\/\/talkpal.ai\/tr\/?s={search_term_string}"},"query-input":{"@type":"PropertyValueSpecification","valueRequired":true,"valueName":"search_term_string"}}],"inLanguage":"tr"},{"@type":"Organization","@id":"https:\/\/talkpal.ai\/tr\/#organization","name":"Talkpal, Inc.","alternateName":"Talkpal AI","url":"https:\/\/talkpal.ai\/tr\/","logo":{"@type":"ImageObject","inLanguage":"tr","@id":"https:\/\/talkpal.ai\/tr\/#\/schema\/logo\/image\/","url":"https:\/\/talkpal.ai\/wp-content\/uploads\/2024\/03\/Talkpal-Logo-Icon.png","contentUrl":"https:\/\/talkpal.ai\/wp-content\/uploads\/2024\/03\/Talkpal-Logo-Icon.png","width":2880,"height":2880,"caption":"Talkpal, Inc."},"image":{"@id":"https:\/\/talkpal.ai\/tr\/#\/schema\/logo\/image\/"},"sameAs":["https:\/\/www.facebook.com\/profile.php?id=100090733639311","https:\/\/x.com\/talkpalai","https:\/\/www.linkedin.com\/company\/talkpal\/","https:\/\/www.youtube.com\/@TalkPal\/","https:\/\/www.tiktok.com\/@talkpal","https:\/\/www.instagram.com\/talkpal_ai\/","https:\/\/www.crunchbase.com\/organization\/talkpal-9cde","https:\/\/www.g2.com\/products\/talkpal-for-business\/","https:\/\/www.trustpilot.com\/review\/talkpal.ai","https:\/\/www.capterra.com\/p\/10006800\/TalkPal\/"],"description":"Talkpal is a language learning web and mobile education app, powered by the latest AI technologies, that provides engaging experiences to its customers in many different languages to help them improve their language skills. Users can chat about unlimited amount of topics with the app and use other modes to practice their language learning.","email":"support@talkpal.ai","legalName":"Talkpal, Inc.","foundingDate":"2023-04-03","duns":"118989042","numberOfEmployees":{"@type":"QuantitativeValue","minValue":"11","maxValue":"50"},"publishingPrinciples":"https:\/\/talkpal.ai\/publishing-principles\/","actionableFeedbackPolicy":"https:\/\/talkpal.ai\/actionable-feedback-policy\/","correctionsPolicy":"https:\/\/talkpal.ai\/corrections-policy\/","ethicsPolicy":"https:\/\/talkpal.ai\/ethics-policy\/","diversityPolicy":"https:\/\/talkpal.ai\/diversity-policy\/","diversityStaffingReport":"https:\/\/talkpal.ai\/diversity-policy\/"}]}},"_links":{"self":[{"href":"https:\/\/talkpal.ai\/tr\/wp-json\/wp\/v2\/pages\/163972","targetHints":{"allow":["GET"]}}],"collection":[{"href":"https:\/\/talkpal.ai\/tr\/wp-json\/wp\/v2\/pages"}],"about":[{"href":"https:\/\/talkpal.ai\/tr\/wp-json\/wp\/v2\/types\/page"}],"author":[{"embeddable":true,"href":"https:\/\/talkpal.ai\/tr\/wp-json\/wp\/v2\/users\/6"}],"replies":[{"embeddable":true,"href":"https:\/\/talkpal.ai\/tr\/wp-json\/wp\/v2\/comments?post=163972"}],"version-history":[{"count":0,"href":"https:\/\/talkpal.ai\/tr\/wp-json\/wp\/v2\/pages\/163972\/revisions"}],"wp:featuredmedia":[{"embeddable":true,"href":"https:\/\/talkpal.ai\/tr\/wp-json\/wp\/v2\/media\/110017"}],"wp:attachment":[{"href":"https:\/\/talkpal.ai\/tr\/wp-json\/wp\/v2\/media?parent=163972"}],"curies":[{"name":"wp","href":"https:\/\/api.w.org\/{rel}","templated":true}]}}