{"id":163629,"date":"2023-06-16T13:10:39","date_gmt":"2023-06-16T13:10:39","guid":{"rendered":"http:\/\/talkpal.ai\/cekce-dilbilgisi-alistirmalari\/"},"modified":"2025-12-17T16:27:49","modified_gmt":"2025-12-17T16:27:49","slug":"cekce-dilbilgisi-alistirmalari","status":"publish","type":"page","link":"https:\/\/talkpal.ai\/tr\/cekce-dilbilgisi-alistirmalari\/","title":{"rendered":"\u00c7ek\u00e7e Dilbilgisi Al\u0131\u015ft\u0131rmalar\u0131"},"content":{"rendered":"\r\n\r\n\r\n<section class=\"languageChallengeSection\">\r\n    <div class=\"languageInfoWrapper\">\r\n        \r\n        <h1>\u00c7ek\u00e7e Dilbilgisi Al\u0131\u015ft\u0131rmalar\u0131<\/h1>\r\n        <p>\u00c7ek\u00e7e becerilerinizi geli\u015ftirmeye haz\u0131r m\u0131s\u0131n\u0131z? <a href=\"https:\/\/talkpal.ai\/grammar\/\">Dilbilgisi<\/a> al\u0131\u015ft\u0131rmalar\u0131 yapmak, c\u00fcmle yap\u0131s\u0131, fiil sonlar\u0131 ve <a href=\"https:\/\/talkpal.ai\/learn-czech\/\">\u00c7ek<\/a> dilinin kendine \u00f6zg\u00fc kal\u0131plar\u0131 konusunda uzmanla\u015fmak i\u00e7in m\u00fckemmel bir yoldur. <a href=\"https:\/\/talkpal.ai\/czech-grammar\/\">\u00c7ek\u00e7e dilbilgisi<\/a> \u00fczerinde \u00e7al\u0131\u015fmaya bug\u00fcn ba\u015flay\u0131n ve her al\u0131\u015ft\u0131rmada kendinize olan g\u00fcveninizin ve ak\u0131c\u0131l\u0131\u011f\u0131n\u0131z\u0131n artmas\u0131n\u0131 izleyin!\n\n<\/p>\r\n\r\n                            <a class=\"getStartedHidden\" href=\"https:\/\/app.talkpal.ai\/tr\/signup?lng=\">Hadi ba\u015fla<\/a>\r\n        \r\n    <\/div>\r\n\r\n    <figure>\r\n    <img decoding=\"async\" width=\"768\" height=\"768\" src=\"https:\/\/talkpal.ai\/wp-content\/uploads\/2023\/06\/Czech-768x768.png\" class=\"languageImage no-lazy\" alt=\"Language learning for intellectual development\" fetchpriority=\"high\" sizes=\"(max-width: 768px) 150px, 768px\" srcset=\"https:\/\/talkpal.ai\/wp-content\/uploads\/2023\/06\/Czech-768x768.png 768w, https:\/\/talkpal.ai\/wp-content\/uploads\/2023\/06\/Czech-300x300.png 300w\" \/>\r\n    \r\n\r\n    <\/figure>\r\n\r\n            <a class=\"getStartedVisible\" href=\"https:\/\/app.talkpal.ai\/tr\/signup?lng=\">Hadi ba\u015fla<\/a>\r\n    \r\n<\/section>\r\n\r\n\r\n<!-- <section class=\"grammarSection\">\r\n    <div class=\"grammarLinks\">\r\n            <\/div>\r\n<\/section> -->\r\n\r\n\r\n\r\n\r\n<section class=\"promotionalBanner\">\r\n    <p class=\"promotionalText\">Dil \u00f6\u011frenmenin en etkili yolu<\/p>\r\n    <a class=\"promotionalLink\" href=\"https:\/\/app.talkpal.ai\/tr\/signup?lng=\">Talkpal \u00fccretsiz deneyin<\/a>\r\n<\/section>\n<div class=\"wp-block-group pageContainerStyle\"><div class=\"wp-block-group__inner-container is-layout-constrained wp-block-group-is-layout-constrained\">\n<h2 class=\"wp-block-heading\" id=\"h-czech-grammar-topics\">\u00c7ek\u00e7e Dilbilgisi Konular\u0131<\/h2>\n\n\n\n<p>Yeni bir dil \u00f6\u011frenmek heyecan verici ve zenginle\u015ftirici bir deneyim olabilir ve \u00c7ek dili de bir istisna de\u011fildir. Zengin tarihi ve e\u015fsiz Slav cazibesi ile \u00c7ek dili, \u00f6\u011frencilere Orta Avrupa&#8217;n\u0131n kalbine a\u00e7\u0131lan bir kap\u0131 sunar. \u00c7ek\u00e7e dil yolculu\u011funuzdan en iyi \u015fekilde yararlanmak i\u00e7in, herhangi bir dilin bel kemi\u011fi olan gramerini anlamak ve ustala\u015fmak \u00e7ok \u00f6nemlidir. Zaman ve fiillerden s\u0131fatlara ve edatlara kadar, bu dilbilgisi konular\u0131n\u0131 bilmek, etkili ve kendinden emin bir \u015fekilde ileti\u015fim kurman\u0131za yard\u0131mc\u0131 olacakt\u0131r. Bu k\u0131lavuzda, dili \u00f6\u011frenmenizi ve anlaman\u0131z\u0131 kolayla\u015ft\u0131racak bir s\u0131rayla k\u00fcmelenmi\u015f temel <a href=\"https:\/\/talkpal.ai\/czech-grammar\/\">\u00c7ek\u00e7e dilbilgisi<\/a> konular\u0131n\u0131 ele alaca\u011f\u0131z.<\/p>\n\n\n\n<h3 class=\"wp-block-heading\" id=\"h-1-nouns\">1. \u0130simler:<\/h3>\n\n\n\n<p>Dilin temeli olduklar\u0131 i\u00e7in \u00f6\u011frenmeye \u00c7ek\u00e7e isimlerle ba\u015flay\u0131n. \u00c7ek\u00e7e isimlerin \u00fc\u00e7 cinsiyeti (eril, di\u015fil ve n\u00f6tr) ve yedi durumu (nominatif, genitive, dative, accusative, vocative, locative ve instrumental) vard\u0131r. Cinsiyet ve vaka sistemini anlamak, do\u011fru c\u00fcmle olu\u015fumu i\u00e7in \u00e7ok \u00f6nemlidir.<\/p>\n\n\n\n<h3 class=\"wp-block-heading\" id=\"h-2-articles\">2. Makaleler:<\/h3>\n\n\n\n<p>\u00c7ek dilinde belirsiz artikeller (a, an) yoktur ve belirli artikel (the) yaln\u0131zca baz\u0131 \u00f6zel durumlarda kullan\u0131l\u0131r. \u00c7ek\u00e7e dilbilgisi anlay\u0131\u015f\u0131n\u0131z\u0131 geli\u015ftirmek i\u00e7in kesin makaleyi ne zaman ve nas\u0131l kullanaca\u011f\u0131n\u0131z\u0131 \u00f6\u011frenin.<\/p>\n\n\n\n<h3 class=\"wp-block-heading\" id=\"h-3-pronouns-determiners\">3. Zamirler\/Belirleyiciler:<\/h3>\n\n\n\n<p>Zamirler c\u00fcmlelerdeki isimlerin yerini al\u0131rken, belirleyiciler isimleri belirtir veya de\u011fi\u015ftirir. Daha karma\u015f\u0131k c\u00fcmleler olu\u015fturmak i\u00e7in \u00c7ek\u00e7e ki\u015fisel, iyelik, g\u00f6sterici, d\u00f6n\u00fc\u015fl\u00fc ve soru zamirlerinin yan\u0131 s\u0131ra belirleyicileri tan\u0131y\u0131n.<\/p>\n\n\n\n<h3 class=\"wp-block-heading\" id=\"h-4-adjectives\">4. S\u0131fatlar:<\/h3>\n\n\n\n<p>S\u0131fatlar \u00c7ek\u00e7e&#8217;de isimleri tan\u0131mlar veya de\u011fi\u015ftirir. Tan\u0131mlad\u0131klar\u0131 isimle ayn\u0131 fikirde olmak i\u00e7in bunlar\u0131 do\u011fru cinsiyet, say\u0131 ve b\u00fcy\u00fck\/k\u00fc\u00e7\u00fck harfte nas\u0131l kullanaca\u011f\u0131n\u0131z\u0131 \u00f6\u011frenin.<\/p>\n\n\n\n<h3 class=\"wp-block-heading\" id=\"h-5-adverbs\">5. Zarflar:<\/h3>\n\n\n\n<p>Zarflar fiilleri, s\u0131fatlar\u0131 veya di\u011fer zarflar\u0131 de\u011fi\u015ftirir. Eylem hakk\u0131nda \u015fekil, zaman veya yer gibi ek bilgiler sa\u011flarlar. \u00c7ek\u00e7e zarflara hakim olmak, mesaj\u0131n\u0131z\u0131 daha kesin bir \u015fekilde iletmenize yard\u0131mc\u0131 olacakt\u0131r.<\/p>\n\n\n\n<h3 class=\"wp-block-heading\" id=\"h-6-verbs\">6. Fiiller:<\/h3>\n\n\n\n<p>\u00c7ek\u00e7e fiiller eylemleri, olaylar\u0131 veya durumlar\u0131 ifade etmek i\u00e7in gereklidir. Etkili ileti\u015fim kurmak i\u00e7in \u00e7ekim kal\u0131plar\u0131n\u0131, zamanlar\u0131 (ge\u00e7mi\u015f, \u015fimdiki zaman ve gelecek) ve y\u00f6nleri (m\u00fckemmel ve kusurlu) \u00f6\u011frenin.<\/p>\n\n\n\n<h3 class=\"wp-block-heading\" id=\"h-7-tense-comparison\">7. Gergin Kar\u015f\u0131la\u015ft\u0131rma:<\/h3>\n\n\n\n<p>\u00c7ek zamanlar\u0131n\u0131n (ge\u00e7mi\u015f, \u015fimdiki zaman ve gelecek) farkl\u0131l\u0131klar\u0131n\u0131 ve kullan\u0131mlar\u0131n\u0131 anlamak, d\u00fc\u015f\u00fcncelerinizi do\u011fru bir \u015fekilde ifade etmenizi ve kafa kar\u0131\u015f\u0131kl\u0131\u011f\u0131n\u0131 \u00f6nlemenizi sa\u011flayacakt\u0131r.<\/p>\n\n\n\n<h3 class=\"wp-block-heading\" id=\"h-8-progressive-and-perfect-progressive\">8. \u0130lerici ve M\u00fckemmel \u0130lerici:<\/h3>\n\n\n\n<p>\u00c7ek\u00e7e&#8217;nin \u0130ngilizce ilerici ve m\u00fckemmel ilerici zamanlar i\u00e7in do\u011frudan bir kar\u015f\u0131l\u0131\u011f\u0131 yoktur. Bunun yerine, dil, benzer anlamlar\u0131 iletmek i\u00e7in farkl\u0131 fiil y\u00f6nleri (m\u00fckemmel ve kusurlu) ve yap\u0131lar kullan\u0131r. Devam eden veya tamamlanm\u0131\u015f eylemleri ifade etmek i\u00e7in bu yap\u0131lar\u0131 nas\u0131l olu\u015fturaca\u011f\u0131n\u0131z\u0131 ve kullanaca\u011f\u0131n\u0131z\u0131 \u00f6\u011frenin.<\/p>\n\n\n\n<h3 class=\"wp-block-heading\" id=\"h-9-conditionals\">9. Ko\u015fullar:<\/h3>\n\n\n\n<p>Ko\u015fullar, varsay\u0131msal durumlar\u0131 veya ko\u015fullar\u0131 ifade etmek i\u00e7in kullan\u0131l\u0131r. Olas\u0131l\u0131klar\u0131 tart\u0131\u015fmak ve tahminlerde bulunmak i\u00e7in \u00c7ek ko\u015fullu formlar\u0131nda ustala\u015f\u0131n.<\/p>\n\n\n\n<h3 class=\"wp-block-heading\" id=\"h-10-prepositions\">10. Edatlar:<\/h3>\n\n\n\n<p>Edatlar, konum, y\u00f6n, zaman veya neden gibi s\u00f6zc\u00fckler aras\u0131ndaki ili\u015fkileri belirtmek i\u00e7in kullan\u0131l\u0131r. \u00c7ek\u00e7e edatlar\u0131 do\u011fru \u00f6\u011frenmek ve kullanmak, net ve anlaml\u0131 c\u00fcmleler kurman\u0131za yard\u0131mc\u0131 olacakt\u0131r.<\/p>\n\n\n\n<h3 class=\"wp-block-heading\" id=\"h-11-sentences\">11. C\u00fcmleler:<\/h3>\n\n\n\n<p>Son olarak, \u00f6\u011frendi\u011finiz gramer \u00f6\u011felerini birle\u015ftirerek \u00c7ek\u00e7e c\u00fcmleler kurma al\u0131\u015ft\u0131rmas\u0131 yap\u0131n. \u00c7ek dilinde ak\u0131c\u0131l\u0131\u011f\u0131n\u0131z\u0131 ve ileti\u015fim becerilerinizi geli\u015ftirmek i\u00e7in basit, bile\u015fik, karma\u015f\u0131k ve bile\u015fik karma\u015f\u0131k c\u00fcmleler olu\u015fturmaya odaklan\u0131n.<\/p>\n<\/div><\/div>\n\r\n<section class=\"learnNavigationSection\">\r\n            \r\n        <a href=\"https:\/\/talkpal.ai\/tr\/cekce-ogren\/\">\r\n            <div class=\"learnNavigationWrapper\">\r\n                <div class=\"learnNavigationContent\">\r\n                    <img decoding=\"async\" src=\"https:\/\/talkpal.ai\/wp-content\/uploads\/2024\/08\/Czech.jpg\" alt=\"Czech Flag\">\r\n                    <div>\r\n                        <h4>\u00c7ek\u00e7e \u00d6\u011frenimi Hakk\u0131nda<\/h4>\r\n                        <p>\u00c7ek\u00e7e dilbilgisi hakk\u0131nda her \u015feyi \u00f6\u011frenin .<\/p>\r\n                    <\/div>\r\n                <\/div>\r\n            <\/div>\r\n        <\/a>\r\n\r\n        \r\n        <a href=\"https:\/\/talkpal.ai\/tr\/cekce-dilbilgisi\/\">\r\n            <div class=\"learnNavigationWrapper\">\r\n                <div class=\"learnNavigationContent\">\r\n                    <img decoding=\"async\" src=\"https:\/\/talkpal.ai\/wp-content\/uploads\/2024\/08\/Czech.jpg\" alt=\"Czech Flag\">\r\n                    <div>\r\n                        <h4>\u00c7ek\u00e7e Dilbilgisi Dersleri<\/h4>\r\n                        <p>\u00c7ek\u00e7e dilbilgisi prati\u011fi yap\u0131n.<\/p>\r\n                    <\/div>\r\n                <\/div>\r\n            <\/div>\r\n        <\/a>\r\n\r\n        \r\n        <a href=\"https:\/\/talkpal.ai\/vocabulary_language\/czech\/\">\r\n            <div class=\"learnNavigationWrapper\">\r\n                <div class=\"learnNavigationContent\">\r\n                    <img decoding=\"async\" src=\"https:\/\/talkpal.ai\/wp-content\/uploads\/2024\/08\/Czech.jpg\" alt=\"Czech Flag\">\r\n                    <div>\r\n                        <h4>\u00c7ek\u00e7e Kelime Bilgisi<\/h4>\r\n                        <p>\u00c7ek\u00e7e kelime da\u011farc\u0131\u011f\u0131n\u0131z\u0131 geni\u015fletin.<\/p>\r\n                    <\/div>\r\n                <\/div>\r\n            <\/div>\r\n        <\/a>\r\n\r\n            <\/section>","protected":false},"excerpt":{"rendered":"<p>\u00c7ek\u00e7e Dilbilgisi Konular\u0131 Yeni bir dil \u00f6\u011frenmek heyecan verici ve zenginle\u015ftirici bir deneyim olabilir ve \u00c7ek dili de bir istisna de\u011fildir. Zengin tarihi ve e\u015fsiz Slav cazibesi ile \u00c7ek dili, \u00f6\u011frencilere Orta Avrupa&#8217;n\u0131n kalbine a\u00e7\u0131lan bir kap\u0131 sunar. \u00c7ek\u00e7e dil yolculu\u011funuzdan en iyi \u015fekilde yararlanmak i\u00e7in, herhangi bir dilin bel kemi\u011fi olan gramerini anlamak ve [&hellip;]<\/p>\n","protected":false},"author":6,"featured_media":111630,"parent":0,"menu_order":0,"comment_status":"closed","ping_status":"closed","template":"LearningContentPage.php","meta":{"_acf_changed":false,"footnotes":""},"class_list":["post-163629","page","type-page","status-publish","has-post-thumbnail","hentry"],"acf":[],"yoast_head":"<!-- This site is optimized with the Yoast SEO Premium plugin v27.2 (Yoast SEO v27.2) - https:\/\/yoast.com\/product\/yoast-seo-premium-wordpress\/ -->\n<title>\u00c7ek\u00e7e Dilbilgisi Al\u0131\u015ft\u0131rmalar\u0131 - Talkpal<\/title>\n<meta name=\"description\" content=\"Kendinden emin ileti\u015fim i\u00e7in gerekli \u00c7ek\u00e7e Dilbilgisi Al\u0131\u015ft\u0131rmalar\u0131 ile \u00c7ek dilinin s\u0131rlar\u0131n\u0131 \u00e7\u00f6z\u00fcn.\" \/>\n<meta name=\"robots\" content=\"index, follow, max-snippet:-1, max-image-preview:large, max-video-preview:-1\" \/>\n<link rel=\"canonical\" href=\"https:\/\/talkpal.ai\/tr\/cekce-dilbilgisi-alistirmalari\/\" \/>\n<meta property=\"og:locale\" content=\"tr_TR\" \/>\n<meta property=\"og:type\" content=\"article\" \/>\n<meta property=\"og:title\" content=\"\u00c7ek\u00e7e Dilbilgisi Al\u0131\u015ft\u0131rmalar\u0131\" \/>\n<meta property=\"og:description\" content=\"\u00c7ek\u00e7e Dilbilgisi Konular\u0131 Yeni bir dil \u00f6\u011frenmek heyecan verici ve zenginle\u015ftirici bir deneyim olabilir ve \u00c7ek dili de bir istisna de\u011fildir. Zengin tarihi\" \/>\n<meta property=\"og:url\" content=\"https:\/\/talkpal.ai\/tr\/cekce-dilbilgisi-alistirmalari\/\" \/>\n<meta property=\"og:site_name\" content=\"Talkpal\" \/>\n<meta property=\"article:publisher\" content=\"https:\/\/www.facebook.com\/profile.php?id=100090733639311\" \/>\n<meta property=\"article:modified_time\" content=\"2025-12-17T16:27:49+00:00\" \/>\n<meta property=\"og:image\" content=\"https:\/\/talkpal.ai\/wp-content\/uploads\/2023\/05\/czech-republic.png\" \/>\n\t<meta property=\"og:image:width\" content=\"512\" \/>\n\t<meta property=\"og:image:height\" content=\"512\" \/>\n\t<meta property=\"og:image:type\" content=\"image\/png\" \/>\n<meta name=\"twitter:card\" content=\"summary_large_image\" \/>\n<meta name=\"twitter:site\" content=\"@talkpalai\" \/>\n<meta name=\"twitter:label1\" content=\"Tahmini okuma s\u00fcresi\" \/>\n\t<meta name=\"twitter:data1\" content=\"3 dakika\" \/>\n<script type=\"application\/ld+json\" class=\"yoast-schema-graph\">{\"@context\":\"https:\/\/schema.org\",\"@graph\":[{\"@type\":\"WebPage\",\"@id\":\"https:\/\/talkpal.ai\/tr\/cekce-dilbilgisi-alistirmalari\/\",\"url\":\"https:\/\/talkpal.ai\/tr\/cekce-dilbilgisi-alistirmalari\/\",\"name\":\"\u00c7ek\u00e7e Dilbilgisi Al\u0131\u015ft\u0131rmalar\u0131 - Talkpal\",\"isPartOf\":{\"@id\":\"https:\/\/talkpal.ai\/tr\/#website\"},\"primaryImageOfPage\":{\"@id\":\"https:\/\/talkpal.ai\/tr\/cekce-dilbilgisi-alistirmalari\/#primaryimage\"},\"image\":{\"@id\":\"https:\/\/talkpal.ai\/tr\/cekce-dilbilgisi-alistirmalari\/#primaryimage\"},\"thumbnailUrl\":\"https:\/\/talkpal.ai\/wp-content\/uploads\/2023\/05\/czech-republic.png\",\"datePublished\":\"2023-06-16T13:10:39+00:00\",\"dateModified\":\"2025-12-17T16:27:49+00:00\",\"description\":\"Kendinden emin ileti\u015fim i\u00e7in gerekli \u00c7ek\u00e7e Dilbilgisi Al\u0131\u015ft\u0131rmalar\u0131 ile \u00c7ek dilinin s\u0131rlar\u0131n\u0131 \u00e7\u00f6z\u00fcn.\",\"breadcrumb\":{\"@id\":\"https:\/\/talkpal.ai\/tr\/cekce-dilbilgisi-alistirmalari\/#breadcrumb\"},\"inLanguage\":\"tr\",\"potentialAction\":[{\"@type\":\"ReadAction\",\"target\":[\"https:\/\/talkpal.ai\/tr\/cekce-dilbilgisi-alistirmalari\/\"]}]},{\"@type\":\"ImageObject\",\"inLanguage\":\"tr\",\"@id\":\"https:\/\/talkpal.ai\/tr\/cekce-dilbilgisi-alistirmalari\/#primaryimage\",\"url\":\"https:\/\/talkpal.ai\/wp-content\/uploads\/2023\/05\/czech-republic.png\",\"contentUrl\":\"https:\/\/talkpal.ai\/wp-content\/uploads\/2023\/05\/czech-republic.png\",\"width\":512,\"height\":512},{\"@type\":\"BreadcrumbList\",\"@id\":\"https:\/\/talkpal.ai\/tr\/cekce-dilbilgisi-alistirmalari\/#breadcrumb\",\"itemListElement\":[{\"@type\":\"ListItem\",\"position\":1,\"name\":\"Homepage\",\"item\":\"https:\/\/talkpal.ai\/tr\/\"},{\"@type\":\"ListItem\",\"position\":2,\"name\":\"\u00c7ek\u00e7e Dilbilgisi Al\u0131\u015ft\u0131rmalar\u0131\"}]},{\"@type\":\"WebSite\",\"@id\":\"https:\/\/talkpal.ai\/tr\/#website\",\"url\":\"https:\/\/talkpal.ai\/tr\/\",\"name\":\"Talkpal\",\"description\":\"AI Language Learning\",\"publisher\":{\"@id\":\"https:\/\/talkpal.ai\/tr\/#organization\"},\"alternateName\":\"Talkpal AI\",\"potentialAction\":[{\"@type\":\"SearchAction\",\"target\":{\"@type\":\"EntryPoint\",\"urlTemplate\":\"https:\/\/talkpal.ai\/tr\/?s={search_term_string}\"},\"query-input\":{\"@type\":\"PropertyValueSpecification\",\"valueRequired\":true,\"valueName\":\"search_term_string\"}}],\"inLanguage\":\"tr\"},{\"@type\":\"Organization\",\"@id\":\"https:\/\/talkpal.ai\/tr\/#organization\",\"name\":\"Talkpal, Inc.\",\"alternateName\":\"Talkpal AI\",\"url\":\"https:\/\/talkpal.ai\/tr\/\",\"logo\":{\"@type\":\"ImageObject\",\"inLanguage\":\"tr\",\"@id\":\"https:\/\/talkpal.ai\/tr\/#\/schema\/logo\/image\/\",\"url\":\"https:\/\/talkpal.ai\/wp-content\/uploads\/2024\/03\/Talkpal-Logo-Icon.png\",\"contentUrl\":\"https:\/\/talkpal.ai\/wp-content\/uploads\/2024\/03\/Talkpal-Logo-Icon.png\",\"width\":2880,\"height\":2880,\"caption\":\"Talkpal, Inc.\"},\"image\":{\"@id\":\"https:\/\/talkpal.ai\/tr\/#\/schema\/logo\/image\/\"},\"sameAs\":[\"https:\/\/www.facebook.com\/profile.php?id=100090733639311\",\"https:\/\/x.com\/talkpalai\",\"https:\/\/www.linkedin.com\/company\/talkpal\/\",\"https:\/\/www.youtube.com\/@TalkPal\/\",\"https:\/\/www.tiktok.com\/@talkpal\",\"https:\/\/www.instagram.com\/talkpal_ai\/\",\"https:\/\/www.crunchbase.com\/organization\/talkpal-9cde\",\"https:\/\/www.g2.com\/products\/talkpal-for-business\/\",\"https:\/\/www.trustpilot.com\/review\/talkpal.ai\",\"https:\/\/www.capterra.com\/p\/10006800\/TalkPal\/\"],\"description\":\"Talkpal is a language learning web and mobile education app, powered by the latest AI technologies, that provides engaging experiences to its customers in many different languages to help them improve their language skills. Users can chat about unlimited amount of topics with the app and use other modes to practice their language learning.\",\"email\":\"support@talkpal.ai\",\"legalName\":\"Talkpal, Inc.\",\"foundingDate\":\"2023-04-03\",\"duns\":\"118989042\",\"numberOfEmployees\":{\"@type\":\"QuantitativeValue\",\"minValue\":\"11\",\"maxValue\":\"50\"},\"publishingPrinciples\":\"https:\/\/talkpal.ai\/publishing-principles\/\",\"actionableFeedbackPolicy\":\"https:\/\/talkpal.ai\/actionable-feedback-policy\/\",\"correctionsPolicy\":\"https:\/\/talkpal.ai\/corrections-policy\/\",\"ethicsPolicy\":\"https:\/\/talkpal.ai\/ethics-policy\/\",\"diversityPolicy\":\"https:\/\/talkpal.ai\/diversity-policy\/\",\"diversityStaffingReport\":\"https:\/\/talkpal.ai\/diversity-policy\/\"}]}<\/script>\n<!-- \/ Yoast SEO Premium plugin. -->","yoast_head_json":{"title":"\u00c7ek\u00e7e Dilbilgisi Al\u0131\u015ft\u0131rmalar\u0131 - Talkpal","description":"Kendinden emin ileti\u015fim i\u00e7in gerekli \u00c7ek\u00e7e Dilbilgisi Al\u0131\u015ft\u0131rmalar\u0131 ile \u00c7ek dilinin s\u0131rlar\u0131n\u0131 \u00e7\u00f6z\u00fcn.","robots":{"index":"index","follow":"follow","max-snippet":"max-snippet:-1","max-image-preview":"max-image-preview:large","max-video-preview":"max-video-preview:-1"},"canonical":"https:\/\/talkpal.ai\/tr\/cekce-dilbilgisi-alistirmalari\/","og_locale":"tr_TR","og_type":"article","og_title":"\u00c7ek\u00e7e Dilbilgisi Al\u0131\u015ft\u0131rmalar\u0131","og_description":"\u00c7ek\u00e7e Dilbilgisi Konular\u0131 Yeni bir dil \u00f6\u011frenmek heyecan verici ve zenginle\u015ftirici bir deneyim olabilir ve \u00c7ek dili de bir istisna de\u011fildir. Zengin tarihi","og_url":"https:\/\/talkpal.ai\/tr\/cekce-dilbilgisi-alistirmalari\/","og_site_name":"Talkpal","article_publisher":"https:\/\/www.facebook.com\/profile.php?id=100090733639311","article_modified_time":"2025-12-17T16:27:49+00:00","og_image":[{"width":512,"height":512,"url":"https:\/\/talkpal.ai\/wp-content\/uploads\/2023\/05\/czech-republic.png","type":"image\/png"}],"twitter_card":"summary_large_image","twitter_site":"@talkpalai","twitter_misc":{"Tahmini okuma s\u00fcresi":"3 dakika"},"schema":{"@context":"https:\/\/schema.org","@graph":[{"@type":"WebPage","@id":"https:\/\/talkpal.ai\/tr\/cekce-dilbilgisi-alistirmalari\/","url":"https:\/\/talkpal.ai\/tr\/cekce-dilbilgisi-alistirmalari\/","name":"\u00c7ek\u00e7e Dilbilgisi Al\u0131\u015ft\u0131rmalar\u0131 - Talkpal","isPartOf":{"@id":"https:\/\/talkpal.ai\/tr\/#website"},"primaryImageOfPage":{"@id":"https:\/\/talkpal.ai\/tr\/cekce-dilbilgisi-alistirmalari\/#primaryimage"},"image":{"@id":"https:\/\/talkpal.ai\/tr\/cekce-dilbilgisi-alistirmalari\/#primaryimage"},"thumbnailUrl":"https:\/\/talkpal.ai\/wp-content\/uploads\/2023\/05\/czech-republic.png","datePublished":"2023-06-16T13:10:39+00:00","dateModified":"2025-12-17T16:27:49+00:00","description":"Kendinden emin ileti\u015fim i\u00e7in gerekli \u00c7ek\u00e7e Dilbilgisi Al\u0131\u015ft\u0131rmalar\u0131 ile \u00c7ek dilinin s\u0131rlar\u0131n\u0131 \u00e7\u00f6z\u00fcn.","breadcrumb":{"@id":"https:\/\/talkpal.ai\/tr\/cekce-dilbilgisi-alistirmalari\/#breadcrumb"},"inLanguage":"tr","potentialAction":[{"@type":"ReadAction","target":["https:\/\/talkpal.ai\/tr\/cekce-dilbilgisi-alistirmalari\/"]}]},{"@type":"ImageObject","inLanguage":"tr","@id":"https:\/\/talkpal.ai\/tr\/cekce-dilbilgisi-alistirmalari\/#primaryimage","url":"https:\/\/talkpal.ai\/wp-content\/uploads\/2023\/05\/czech-republic.png","contentUrl":"https:\/\/talkpal.ai\/wp-content\/uploads\/2023\/05\/czech-republic.png","width":512,"height":512},{"@type":"BreadcrumbList","@id":"https:\/\/talkpal.ai\/tr\/cekce-dilbilgisi-alistirmalari\/#breadcrumb","itemListElement":[{"@type":"ListItem","position":1,"name":"Homepage","item":"https:\/\/talkpal.ai\/tr\/"},{"@type":"ListItem","position":2,"name":"\u00c7ek\u00e7e Dilbilgisi Al\u0131\u015ft\u0131rmalar\u0131"}]},{"@type":"WebSite","@id":"https:\/\/talkpal.ai\/tr\/#website","url":"https:\/\/talkpal.ai\/tr\/","name":"Talkpal","description":"AI Language Learning","publisher":{"@id":"https:\/\/talkpal.ai\/tr\/#organization"},"alternateName":"Talkpal AI","potentialAction":[{"@type":"SearchAction","target":{"@type":"EntryPoint","urlTemplate":"https:\/\/talkpal.ai\/tr\/?s={search_term_string}"},"query-input":{"@type":"PropertyValueSpecification","valueRequired":true,"valueName":"search_term_string"}}],"inLanguage":"tr"},{"@type":"Organization","@id":"https:\/\/talkpal.ai\/tr\/#organization","name":"Talkpal, Inc.","alternateName":"Talkpal AI","url":"https:\/\/talkpal.ai\/tr\/","logo":{"@type":"ImageObject","inLanguage":"tr","@id":"https:\/\/talkpal.ai\/tr\/#\/schema\/logo\/image\/","url":"https:\/\/talkpal.ai\/wp-content\/uploads\/2024\/03\/Talkpal-Logo-Icon.png","contentUrl":"https:\/\/talkpal.ai\/wp-content\/uploads\/2024\/03\/Talkpal-Logo-Icon.png","width":2880,"height":2880,"caption":"Talkpal, Inc."},"image":{"@id":"https:\/\/talkpal.ai\/tr\/#\/schema\/logo\/image\/"},"sameAs":["https:\/\/www.facebook.com\/profile.php?id=100090733639311","https:\/\/x.com\/talkpalai","https:\/\/www.linkedin.com\/company\/talkpal\/","https:\/\/www.youtube.com\/@TalkPal\/","https:\/\/www.tiktok.com\/@talkpal","https:\/\/www.instagram.com\/talkpal_ai\/","https:\/\/www.crunchbase.com\/organization\/talkpal-9cde","https:\/\/www.g2.com\/products\/talkpal-for-business\/","https:\/\/www.trustpilot.com\/review\/talkpal.ai","https:\/\/www.capterra.com\/p\/10006800\/TalkPal\/"],"description":"Talkpal is a language learning web and mobile education app, powered by the latest AI technologies, that provides engaging experiences to its customers in many different languages to help them improve their language skills. Users can chat about unlimited amount of topics with the app and use other modes to practice their language learning.","email":"support@talkpal.ai","legalName":"Talkpal, Inc.","foundingDate":"2023-04-03","duns":"118989042","numberOfEmployees":{"@type":"QuantitativeValue","minValue":"11","maxValue":"50"},"publishingPrinciples":"https:\/\/talkpal.ai\/publishing-principles\/","actionableFeedbackPolicy":"https:\/\/talkpal.ai\/actionable-feedback-policy\/","correctionsPolicy":"https:\/\/talkpal.ai\/corrections-policy\/","ethicsPolicy":"https:\/\/talkpal.ai\/ethics-policy\/","diversityPolicy":"https:\/\/talkpal.ai\/diversity-policy\/","diversityStaffingReport":"https:\/\/talkpal.ai\/diversity-policy\/"}]}},"_links":{"self":[{"href":"https:\/\/talkpal.ai\/tr\/wp-json\/wp\/v2\/pages\/163629","targetHints":{"allow":["GET"]}}],"collection":[{"href":"https:\/\/talkpal.ai\/tr\/wp-json\/wp\/v2\/pages"}],"about":[{"href":"https:\/\/talkpal.ai\/tr\/wp-json\/wp\/v2\/types\/page"}],"author":[{"embeddable":true,"href":"https:\/\/talkpal.ai\/tr\/wp-json\/wp\/v2\/users\/6"}],"replies":[{"embeddable":true,"href":"https:\/\/talkpal.ai\/tr\/wp-json\/wp\/v2\/comments?post=163629"}],"version-history":[{"count":0,"href":"https:\/\/talkpal.ai\/tr\/wp-json\/wp\/v2\/pages\/163629\/revisions"}],"wp:featuredmedia":[{"embeddable":true,"href":"https:\/\/talkpal.ai\/tr\/wp-json\/wp\/v2\/media\/111630"}],"wp:attachment":[{"href":"https:\/\/talkpal.ai\/tr\/wp-json\/wp\/v2\/media?parent=163629"}],"curies":[{"name":"wp","href":"https:\/\/api.w.org\/{rel}","templated":true}]}}