{"id":163298,"date":"2023-06-16T13:19:10","date_gmt":"2023-06-16T13:19:10","guid":{"rendered":"http:\/\/talkpal.ai\/danca-dilbilgisi-alistirmalari\/"},"modified":"2025-12-17T16:29:54","modified_gmt":"2025-12-17T16:29:54","slug":"danca-dilbilgisi-alistirmalari","status":"publish","type":"page","link":"https:\/\/talkpal.ai\/tr\/danca-dilbilgisi-alistirmalari\/","title":{"rendered":"Danca Dilbilgisi Al\u0131\u015ft\u0131rmalar\u0131"},"content":{"rendered":"\r\n\r\n\r\n<section class=\"languageChallengeSection\">\r\n    <div class=\"languageInfoWrapper\">\r\n        \r\n        <h1>Danca Dilbilgisi Al\u0131\u015ft\u0131rmalar\u0131<\/h1>\r\n        <p>Dancan\u0131z\u0131 geli\u015ftirmeye haz\u0131r m\u0131s\u0131n\u0131z? Dilbilgisi al\u0131\u015ft\u0131rmalar\u0131 yapmak, c\u00fcmle yap\u0131s\u0131, fiil \u00e7ekimleri ve Danca dilinin \u00f6zel nitelikleri konusunda uzmanla\u015fmak i\u00e7in harika bir yoldur. <a href=\"https:\/\/talkpal.ai\/danish-grammar\/\">Danca dilbilgisi<\/a> \u00fczerinde \u00e7al\u0131\u015fmaya bug\u00fcn ba\u015flay\u0131n ve her al\u0131\u015ft\u0131rmada becerilerinizin ve \u00f6zg\u00fcveninizin artmas\u0131n\u0131 izleyin!\n\n<\/p>\r\n\r\n                            <a class=\"getStartedHidden\" href=\"https:\/\/app.talkpal.ai\/tr\/signup?lng=\">Hadi ba\u015fla<\/a>\r\n        \r\n    <\/div>\r\n\r\n    <figure>\r\n    <img decoding=\"async\" width=\"768\" height=\"768\" src=\"https:\/\/talkpal.ai\/wp-content\/uploads\/2023\/06\/danish-768x768.png\" class=\"languageImage no-lazy\" alt=\"Language learning for career enhancement\" fetchpriority=\"high\" sizes=\"(max-width: 768px) 150px, 768px\" srcset=\"https:\/\/talkpal.ai\/wp-content\/uploads\/2023\/06\/danish-768x768.png 768w, https:\/\/talkpal.ai\/wp-content\/uploads\/2023\/06\/danish-300x300.png 300w\" \/>\r\n    \r\n\r\n    <\/figure>\r\n\r\n            <a class=\"getStartedVisible\" href=\"https:\/\/app.talkpal.ai\/tr\/signup?lng=\">Hadi ba\u015fla<\/a>\r\n    \r\n<\/section>\r\n\r\n\r\n<!-- <section class=\"grammarSection\">\r\n    <div class=\"grammarLinks\">\r\n            <\/div>\r\n<\/section> -->\r\n\r\n\r\n\r\n\r\n<section class=\"promotionalBanner\">\r\n    <p class=\"promotionalText\">Dil \u00f6\u011frenmenin en etkili yolu<\/p>\r\n    <a class=\"promotionalLink\" href=\"https:\/\/app.talkpal.ai\/tr\/signup?lng=\">Talkpal \u00fccretsiz deneyin<\/a>\r\n<\/section>\n<div class=\"wp-block-group pageContainerStyle\"><div class=\"wp-block-group__inner-container is-layout-constrained wp-block-group-is-layout-constrained\">\n<h2 class=\"wp-block-heading\" id=\"h-danish-grammar-topics\">Danca Dilbilgisi Konular\u0131<\/h2>\n\n\n\n<p>Danca \u00f6\u011frenmek, Danimarka&#8217;n\u0131n zengin k\u00fclt\u00fcr\u00fcn\u00fc ve tarihini ke\u015ffetmek isteyenler i\u00e7in \u00f6d\u00fcllendirici ve e\u011flenceli bir deneyim olabilir. Bir Kuzey Cermen dili olarak Danca, \u0130sve\u00e7\u00e7e ve Norve\u00e7\u00e7e gibi di\u011fer \u0130skandinav dilleriyle bir\u00e7ok benzerli\u011fi payla\u015f\u0131r. <a href=\"https:\/\/talkpal.ai\/learn-danish\/\">Danimarka<\/a> diline hakim olarak, anadili \u0130ngilizce olan ki\u015filerle ba\u011flant\u0131 kurma, Danimarka edebiyat\u0131n\u0131n tad\u0131n\u0131 \u00e7\u0131karma ve Danimarka toplumu hakk\u0131ndaki anlay\u0131\u015f\u0131n\u0131z\u0131 derinle\u015ftirme f\u0131rsatlar\u0131 yarat\u0131rs\u0131n\u0131z. Danca&#8217;da ak\u0131c\u0131l\u0131k elde etmek i\u00e7in, dilin yap\u0131 ta\u015flar\u0131 olan \u00e7e\u015fitli gramer konular\u0131na a\u015fina olman\u0131z \u00e7ok \u00f6nemlidir. Bu k\u0131lavuzda, zamanlar, fiiller, isimler ve daha fazlas\u0131 gibi konular\u0131 kapsayan Danca dilbilgisi \u00f6\u011frenirken izlemeniz gereken s\u0131ray\u0131 ke\u015ffedece\u011fiz.<\/p>\n\n\n\n<h3 class=\"wp-block-heading\" id=\"h-1-nouns-articles-and-pronouns-determiners\">1. \u0130simler, Makaleler ve Zamirler\/Belirleyiciler:<\/h3>\n\n\n\n<p>Cinsiyetleri ve say\u0131lar\u0131 da dahil olmak \u00fczere Danca isimlerin temellerini \u00f6\u011frenerek ba\u015flay\u0131n. Belirli ve belirsiz makalelerin yan\u0131 s\u0131ra farkl\u0131 zamir t\u00fcrleri ve belirleyicileri hakk\u0131nda bilgi edinin. Bu, basit c\u00fcmleler olu\u015fturmak i\u00e7in sa\u011flam bir temel olu\u015fturman\u0131za yard\u0131mc\u0131 olacakt\u0131r.<\/p>\n\n\n\n<h3 class=\"wp-block-heading\" id=\"h-2-adjectives-and-adverbs\">2. S\u0131fatlar ve Zarflar:<\/h3>\n\n\n\n<p>\u0130simlerin ve zamirlerin temellerini anlad\u0131ktan sonra, s\u0131fatlara ve zarflara ge\u00e7in. \u0130simleri uygun s\u0131fat anla\u015fmas\u0131yla nas\u0131l tan\u0131mlayaca\u011f\u0131n\u0131z\u0131 ve fiilleri, s\u0131fatlar\u0131 ve di\u011fer zarflar\u0131 de\u011fi\u015ftirmek i\u00e7in zarflar\u0131 nas\u0131l kullanaca\u011f\u0131n\u0131z\u0131 \u00f6\u011frenin.<\/p>\n\n\n\n<h3 class=\"wp-block-heading\" id=\"h-3-verbs-and-tenses\">3. Fiiller ve Zamanlar:<\/h3>\n\n\n\n<p>\u015eimdiki zaman, ge\u00e7mi\u015f ve gelecek zamanlardaki d\u00fczenli ve d\u00fczensiz fiillerin \u00e7ekiminde ustala\u015f\u0131n. Gergin kar\u015f\u0131la\u015ft\u0131rmay\u0131 anlamak, farkl\u0131 zamanlarda meydana gelen eylemleri veya olaylar\u0131 ifade etmenize yard\u0131mc\u0131 olacakt\u0131r.<\/p>\n\n\n\n<h3 class=\"wp-block-heading\" id=\"h-4-progressive-and-perfect-progressive\">4. \u0130lerici ve M\u00fckemmel \u0130lerici:<\/h3>\n\n\n\n<p>Danca dilbilgisinin bu y\u00f6nleri, devam eden eylemleri veya tamamlanm\u0131\u015f ancak hala ge\u00e7erli olan olaylar\u0131 ve eylemleri tan\u0131mlaman\u0131za olanak tan\u0131r. \u0130lerleyen ve m\u00fckemmel ilerleyen zamanlarda kullan\u0131lan uygun fiil bi\u00e7imlerini ve yard\u0131mc\u0131 fiilleri \u00f6\u011frenin.<\/p>\n\n\n\n<h3 class=\"wp-block-heading\" id=\"h-5-prepositions\">5. Edatlar:<\/h3>\n\n\n\n<p>Konum, y\u00f6n, zaman ve neden gibi kelimeler aras\u0131ndaki ili\u015fkileri ifade etmek i\u00e7in edatlar\u0131n kullan\u0131m\u0131n\u0131 inceleyin.<\/p>\n\n\n\n<h3 class=\"wp-block-heading\" id=\"h-6-sentences\">6. C\u00fcmleler:<\/h3>\n\n\n\n<p>Danca&#8217;da a\u00e7\u0131k ve etkili ileti\u015fim i\u00e7in gerekli olan do\u011fru kelime s\u0131ras\u0131n\u0131 kullanarak basit ve karma\u015f\u0131k c\u00fcmleler kurmay\u0131 \u00f6\u011frenin.<\/p>\n\n\n\n<h3 class=\"wp-block-heading\" id=\"h-7-conditionals\">7. Ko\u015fullar:<\/h3>\n\n\n\n<p>Son olarak, Danca&#8217;da varsay\u0131msal durumlar\u0131 ve sonu\u00e7lar\u0131n\u0131 ifade etmek i\u00e7in kullan\u0131lan farkl\u0131 ko\u015ful t\u00fcrlerini \u00f6\u011frenin.<\/p>\n\n\n\n<p>Bu s\u0131ray\u0131 takip ederek, Danca dilbilgisi bilginizi sistematik olarak geli\u015ftirebilir ve dilde etkili bir \u015fekilde ileti\u015fim kurmak i\u00e7in gerekli becerileri geli\u015ftirebilirsiniz. En iyi sonu\u00e7lar\u0131 elde etmek i\u00e7in d\u00fczenli olarak pratik yapmay\u0131 ve kendinizi m\u00fcmk\u00fcn oldu\u011funca dile kapt\u0131rmay\u0131 unutmay\u0131n.<\/p>\n<\/div><\/div>\n\r\n<section class=\"learnNavigationSection\">\r\n            \r\n        <a href=\"https:\/\/talkpal.ai\/tr\/danca-ogren\/\">\r\n            <div class=\"learnNavigationWrapper\">\r\n                <div class=\"learnNavigationContent\">\r\n                    <img decoding=\"async\" src=\"https:\/\/talkpal.ai\/wp-content\/uploads\/2024\/08\/Danish.jpg\" alt=\"Danish Flag\">\r\n                    <div>\r\n                        <h4>Danish Learning Hakk\u0131nda<\/h4>\r\n                        <p>Danca dilbilgisi hakk\u0131nda her \u015feyi \u00f6\u011frenin .<\/p>\r\n                    <\/div>\r\n                <\/div>\r\n            <\/div>\r\n        <\/a>\r\n\r\n        \r\n        <a href=\"https:\/\/talkpal.ai\/tr\/danca-dilbilgisi\/\">\r\n            <div class=\"learnNavigationWrapper\">\r\n                <div class=\"learnNavigationContent\">\r\n                    <img decoding=\"async\" src=\"https:\/\/talkpal.ai\/wp-content\/uploads\/2024\/08\/Danish.jpg\" alt=\"Danish Flag\">\r\n                    <div>\r\n                        <h4>Danca Dilbilgisi Dersleri<\/h4>\r\n                        <p>Danca dilbilgisi prati\u011fi yap\u0131n .<\/p>\r\n                    <\/div>\r\n                <\/div>\r\n            <\/div>\r\n        <\/a>\r\n\r\n        \r\n        <a href=\"https:\/\/talkpal.ai\/vocabulary_language\/danish\/\">\r\n            <div class=\"learnNavigationWrapper\">\r\n                <div class=\"learnNavigationContent\">\r\n                    <img decoding=\"async\" src=\"https:\/\/talkpal.ai\/wp-content\/uploads\/2024\/08\/Danish.jpg\" alt=\"Danish Flag\">\r\n                    <div>\r\n                        <h4>Danca S\u00f6zc\u00fck Da\u011farc\u0131\u011f\u0131<\/h4>\r\n                        <p>Danca kelime da\u011farc\u0131\u011f\u0131n\u0131z\u0131 geni\u015fletin.<\/p>\r\n                    <\/div>\r\n                <\/div>\r\n            <\/div>\r\n        <\/a>\r\n\r\n            <\/section>","protected":false},"excerpt":{"rendered":"<p>Danca Dilbilgisi Konular\u0131 Danca \u00f6\u011frenmek, Danimarka&#8217;n\u0131n zengin k\u00fclt\u00fcr\u00fcn\u00fc ve tarihini ke\u015ffetmek isteyenler i\u00e7in \u00f6d\u00fcllendirici ve e\u011flenceli bir deneyim olabilir. Bir Kuzey Cermen dili olarak Danca, \u0130sve\u00e7\u00e7e ve Norve\u00e7\u00e7e gibi di\u011fer \u0130skandinav dilleriyle bir\u00e7ok benzerli\u011fi payla\u015f\u0131r. Danimarka diline hakim olarak, anadili \u0130ngilizce olan ki\u015filerle ba\u011flant\u0131 kurma, Danimarka edebiyat\u0131n\u0131n tad\u0131n\u0131 \u00e7\u0131karma ve Danimarka toplumu hakk\u0131ndaki anlay\u0131\u015f\u0131n\u0131z\u0131 derinle\u015ftirme [&hellip;]<\/p>\n","protected":false},"author":6,"featured_media":111037,"parent":0,"menu_order":0,"comment_status":"closed","ping_status":"closed","template":"LearningContentPage.php","meta":{"_acf_changed":false,"footnotes":""},"class_list":["post-163298","page","type-page","status-publish","has-post-thumbnail","hentry"],"acf":[],"yoast_head":"<!-- This site is optimized with the Yoast SEO Premium plugin v27.2 (Yoast SEO v27.2) - https:\/\/yoast.com\/product\/yoast-seo-premium-wordpress\/ -->\n<title>Danca Dilbilgisi Al\u0131\u015ft\u0131rmalar\u0131 - Talkpal<\/title>\n<meta name=\"description\" content=\"Dil becerilerinizi geli\u015ftirmek ve Danimarka k\u00fclt\u00fcr\u00fcyle etkili bir \u015fekilde ba\u011flant\u0131 kurmak i\u00e7in Danca Dilbilgisi Al\u0131\u015ft\u0131rmalar\u0131n\u0131n s\u0131rlar\u0131n\u0131 a\u00e7\u0131\u011fa \u00e7\u0131kar\u0131n.\" \/>\n<meta name=\"robots\" content=\"index, follow, max-snippet:-1, max-image-preview:large, max-video-preview:-1\" \/>\n<link rel=\"canonical\" href=\"https:\/\/talkpal.ai\/tr\/danca-dilbilgisi-alistirmalari\/\" \/>\n<meta property=\"og:locale\" content=\"tr_TR\" \/>\n<meta property=\"og:type\" content=\"article\" \/>\n<meta property=\"og:title\" content=\"Danca Dilbilgisi Al\u0131\u015ft\u0131rmalar\u0131\" \/>\n<meta property=\"og:description\" content=\"Danca Dilbilgisi Konular\u0131 Danca \u00f6\u011frenmek, Danimarka&#039;n\u0131n zengin k\u00fclt\u00fcr\u00fcn\u00fc ve tarihini ke\u015ffetmek isteyenler i\u00e7in \u00f6d\u00fcllendirici ve e\u011flenceli bir deneyim\" \/>\n<meta property=\"og:url\" content=\"https:\/\/talkpal.ai\/tr\/danca-dilbilgisi-alistirmalari\/\" \/>\n<meta property=\"og:site_name\" content=\"Talkpal\" \/>\n<meta property=\"article:publisher\" content=\"https:\/\/www.facebook.com\/profile.php?id=100090733639311\" \/>\n<meta property=\"article:modified_time\" content=\"2025-12-17T16:29:54+00:00\" \/>\n<meta property=\"og:image\" content=\"https:\/\/talkpal.ai\/wp-content\/uploads\/2023\/05\/denmark.png\" \/>\n\t<meta property=\"og:image:width\" content=\"512\" \/>\n\t<meta property=\"og:image:height\" content=\"512\" \/>\n\t<meta property=\"og:image:type\" content=\"image\/png\" \/>\n<meta name=\"twitter:card\" content=\"summary_large_image\" \/>\n<meta name=\"twitter:site\" content=\"@talkpalai\" \/>\n<meta name=\"twitter:label1\" content=\"Tahmini okuma s\u00fcresi\" \/>\n\t<meta name=\"twitter:data1\" content=\"2 dakika\" \/>\n<script type=\"application\/ld+json\" class=\"yoast-schema-graph\">{\"@context\":\"https:\/\/schema.org\",\"@graph\":[{\"@type\":\"WebPage\",\"@id\":\"https:\/\/talkpal.ai\/tr\/danca-dilbilgisi-alistirmalari\/\",\"url\":\"https:\/\/talkpal.ai\/tr\/danca-dilbilgisi-alistirmalari\/\",\"name\":\"Danca Dilbilgisi Al\u0131\u015ft\u0131rmalar\u0131 - Talkpal\",\"isPartOf\":{\"@id\":\"https:\/\/talkpal.ai\/tr\/#website\"},\"primaryImageOfPage\":{\"@id\":\"https:\/\/talkpal.ai\/tr\/danca-dilbilgisi-alistirmalari\/#primaryimage\"},\"image\":{\"@id\":\"https:\/\/talkpal.ai\/tr\/danca-dilbilgisi-alistirmalari\/#primaryimage\"},\"thumbnailUrl\":\"https:\/\/talkpal.ai\/wp-content\/uploads\/2023\/05\/denmark.png\",\"datePublished\":\"2023-06-16T13:19:10+00:00\",\"dateModified\":\"2025-12-17T16:29:54+00:00\",\"description\":\"Dil becerilerinizi geli\u015ftirmek ve Danimarka k\u00fclt\u00fcr\u00fcyle etkili bir \u015fekilde ba\u011flant\u0131 kurmak i\u00e7in Danca Dilbilgisi Al\u0131\u015ft\u0131rmalar\u0131n\u0131n s\u0131rlar\u0131n\u0131 a\u00e7\u0131\u011fa \u00e7\u0131kar\u0131n.\",\"breadcrumb\":{\"@id\":\"https:\/\/talkpal.ai\/tr\/danca-dilbilgisi-alistirmalari\/#breadcrumb\"},\"inLanguage\":\"tr\",\"potentialAction\":[{\"@type\":\"ReadAction\",\"target\":[\"https:\/\/talkpal.ai\/tr\/danca-dilbilgisi-alistirmalari\/\"]}]},{\"@type\":\"ImageObject\",\"inLanguage\":\"tr\",\"@id\":\"https:\/\/talkpal.ai\/tr\/danca-dilbilgisi-alistirmalari\/#primaryimage\",\"url\":\"https:\/\/talkpal.ai\/wp-content\/uploads\/2023\/05\/denmark.png\",\"contentUrl\":\"https:\/\/talkpal.ai\/wp-content\/uploads\/2023\/05\/denmark.png\",\"width\":512,\"height\":512},{\"@type\":\"BreadcrumbList\",\"@id\":\"https:\/\/talkpal.ai\/tr\/danca-dilbilgisi-alistirmalari\/#breadcrumb\",\"itemListElement\":[{\"@type\":\"ListItem\",\"position\":1,\"name\":\"Homepage\",\"item\":\"https:\/\/talkpal.ai\/tr\/\"},{\"@type\":\"ListItem\",\"position\":2,\"name\":\"Danca Dilbilgisi Al\u0131\u015ft\u0131rmalar\u0131\"}]},{\"@type\":\"WebSite\",\"@id\":\"https:\/\/talkpal.ai\/tr\/#website\",\"url\":\"https:\/\/talkpal.ai\/tr\/\",\"name\":\"Talkpal\",\"description\":\"AI Language Learning\",\"publisher\":{\"@id\":\"https:\/\/talkpal.ai\/tr\/#organization\"},\"alternateName\":\"Talkpal AI\",\"potentialAction\":[{\"@type\":\"SearchAction\",\"target\":{\"@type\":\"EntryPoint\",\"urlTemplate\":\"https:\/\/talkpal.ai\/tr\/?s={search_term_string}\"},\"query-input\":{\"@type\":\"PropertyValueSpecification\",\"valueRequired\":true,\"valueName\":\"search_term_string\"}}],\"inLanguage\":\"tr\"},{\"@type\":\"Organization\",\"@id\":\"https:\/\/talkpal.ai\/tr\/#organization\",\"name\":\"Talkpal, Inc.\",\"alternateName\":\"Talkpal AI\",\"url\":\"https:\/\/talkpal.ai\/tr\/\",\"logo\":{\"@type\":\"ImageObject\",\"inLanguage\":\"tr\",\"@id\":\"https:\/\/talkpal.ai\/tr\/#\/schema\/logo\/image\/\",\"url\":\"https:\/\/talkpal.ai\/wp-content\/uploads\/2024\/03\/Talkpal-Logo-Icon.png\",\"contentUrl\":\"https:\/\/talkpal.ai\/wp-content\/uploads\/2024\/03\/Talkpal-Logo-Icon.png\",\"width\":2880,\"height\":2880,\"caption\":\"Talkpal, Inc.\"},\"image\":{\"@id\":\"https:\/\/talkpal.ai\/tr\/#\/schema\/logo\/image\/\"},\"sameAs\":[\"https:\/\/www.facebook.com\/profile.php?id=100090733639311\",\"https:\/\/x.com\/talkpalai\",\"https:\/\/www.linkedin.com\/company\/talkpal\/\",\"https:\/\/www.youtube.com\/@TalkPal\/\",\"https:\/\/www.tiktok.com\/@talkpal\",\"https:\/\/www.instagram.com\/talkpal_ai\/\",\"https:\/\/www.crunchbase.com\/organization\/talkpal-9cde\",\"https:\/\/www.g2.com\/products\/talkpal-for-business\/\",\"https:\/\/www.trustpilot.com\/review\/talkpal.ai\",\"https:\/\/www.capterra.com\/p\/10006800\/TalkPal\/\"],\"description\":\"Talkpal is a language learning web and mobile education app, powered by the latest AI technologies, that provides engaging experiences to its customers in many different languages to help them improve their language skills. Users can chat about unlimited amount of topics with the app and use other modes to practice their language learning.\",\"email\":\"support@talkpal.ai\",\"legalName\":\"Talkpal, Inc.\",\"foundingDate\":\"2023-04-03\",\"duns\":\"118989042\",\"numberOfEmployees\":{\"@type\":\"QuantitativeValue\",\"minValue\":\"11\",\"maxValue\":\"50\"},\"publishingPrinciples\":\"https:\/\/talkpal.ai\/publishing-principles\/\",\"actionableFeedbackPolicy\":\"https:\/\/talkpal.ai\/actionable-feedback-policy\/\",\"correctionsPolicy\":\"https:\/\/talkpal.ai\/corrections-policy\/\",\"ethicsPolicy\":\"https:\/\/talkpal.ai\/ethics-policy\/\",\"diversityPolicy\":\"https:\/\/talkpal.ai\/diversity-policy\/\",\"diversityStaffingReport\":\"https:\/\/talkpal.ai\/diversity-policy\/\"}]}<\/script>\n<!-- \/ Yoast SEO Premium plugin. -->","yoast_head_json":{"title":"Danca Dilbilgisi Al\u0131\u015ft\u0131rmalar\u0131 - Talkpal","description":"Dil becerilerinizi geli\u015ftirmek ve Danimarka k\u00fclt\u00fcr\u00fcyle etkili bir \u015fekilde ba\u011flant\u0131 kurmak i\u00e7in Danca Dilbilgisi Al\u0131\u015ft\u0131rmalar\u0131n\u0131n s\u0131rlar\u0131n\u0131 a\u00e7\u0131\u011fa \u00e7\u0131kar\u0131n.","robots":{"index":"index","follow":"follow","max-snippet":"max-snippet:-1","max-image-preview":"max-image-preview:large","max-video-preview":"max-video-preview:-1"},"canonical":"https:\/\/talkpal.ai\/tr\/danca-dilbilgisi-alistirmalari\/","og_locale":"tr_TR","og_type":"article","og_title":"Danca Dilbilgisi Al\u0131\u015ft\u0131rmalar\u0131","og_description":"Danca Dilbilgisi Konular\u0131 Danca \u00f6\u011frenmek, Danimarka'n\u0131n zengin k\u00fclt\u00fcr\u00fcn\u00fc ve tarihini ke\u015ffetmek isteyenler i\u00e7in \u00f6d\u00fcllendirici ve e\u011flenceli bir deneyim","og_url":"https:\/\/talkpal.ai\/tr\/danca-dilbilgisi-alistirmalari\/","og_site_name":"Talkpal","article_publisher":"https:\/\/www.facebook.com\/profile.php?id=100090733639311","article_modified_time":"2025-12-17T16:29:54+00:00","og_image":[{"width":512,"height":512,"url":"https:\/\/talkpal.ai\/wp-content\/uploads\/2023\/05\/denmark.png","type":"image\/png"}],"twitter_card":"summary_large_image","twitter_site":"@talkpalai","twitter_misc":{"Tahmini okuma s\u00fcresi":"2 dakika"},"schema":{"@context":"https:\/\/schema.org","@graph":[{"@type":"WebPage","@id":"https:\/\/talkpal.ai\/tr\/danca-dilbilgisi-alistirmalari\/","url":"https:\/\/talkpal.ai\/tr\/danca-dilbilgisi-alistirmalari\/","name":"Danca Dilbilgisi Al\u0131\u015ft\u0131rmalar\u0131 - Talkpal","isPartOf":{"@id":"https:\/\/talkpal.ai\/tr\/#website"},"primaryImageOfPage":{"@id":"https:\/\/talkpal.ai\/tr\/danca-dilbilgisi-alistirmalari\/#primaryimage"},"image":{"@id":"https:\/\/talkpal.ai\/tr\/danca-dilbilgisi-alistirmalari\/#primaryimage"},"thumbnailUrl":"https:\/\/talkpal.ai\/wp-content\/uploads\/2023\/05\/denmark.png","datePublished":"2023-06-16T13:19:10+00:00","dateModified":"2025-12-17T16:29:54+00:00","description":"Dil becerilerinizi geli\u015ftirmek ve Danimarka k\u00fclt\u00fcr\u00fcyle etkili bir \u015fekilde ba\u011flant\u0131 kurmak i\u00e7in Danca Dilbilgisi Al\u0131\u015ft\u0131rmalar\u0131n\u0131n s\u0131rlar\u0131n\u0131 a\u00e7\u0131\u011fa \u00e7\u0131kar\u0131n.","breadcrumb":{"@id":"https:\/\/talkpal.ai\/tr\/danca-dilbilgisi-alistirmalari\/#breadcrumb"},"inLanguage":"tr","potentialAction":[{"@type":"ReadAction","target":["https:\/\/talkpal.ai\/tr\/danca-dilbilgisi-alistirmalari\/"]}]},{"@type":"ImageObject","inLanguage":"tr","@id":"https:\/\/talkpal.ai\/tr\/danca-dilbilgisi-alistirmalari\/#primaryimage","url":"https:\/\/talkpal.ai\/wp-content\/uploads\/2023\/05\/denmark.png","contentUrl":"https:\/\/talkpal.ai\/wp-content\/uploads\/2023\/05\/denmark.png","width":512,"height":512},{"@type":"BreadcrumbList","@id":"https:\/\/talkpal.ai\/tr\/danca-dilbilgisi-alistirmalari\/#breadcrumb","itemListElement":[{"@type":"ListItem","position":1,"name":"Homepage","item":"https:\/\/talkpal.ai\/tr\/"},{"@type":"ListItem","position":2,"name":"Danca Dilbilgisi Al\u0131\u015ft\u0131rmalar\u0131"}]},{"@type":"WebSite","@id":"https:\/\/talkpal.ai\/tr\/#website","url":"https:\/\/talkpal.ai\/tr\/","name":"Talkpal","description":"AI Language Learning","publisher":{"@id":"https:\/\/talkpal.ai\/tr\/#organization"},"alternateName":"Talkpal AI","potentialAction":[{"@type":"SearchAction","target":{"@type":"EntryPoint","urlTemplate":"https:\/\/talkpal.ai\/tr\/?s={search_term_string}"},"query-input":{"@type":"PropertyValueSpecification","valueRequired":true,"valueName":"search_term_string"}}],"inLanguage":"tr"},{"@type":"Organization","@id":"https:\/\/talkpal.ai\/tr\/#organization","name":"Talkpal, Inc.","alternateName":"Talkpal AI","url":"https:\/\/talkpal.ai\/tr\/","logo":{"@type":"ImageObject","inLanguage":"tr","@id":"https:\/\/talkpal.ai\/tr\/#\/schema\/logo\/image\/","url":"https:\/\/talkpal.ai\/wp-content\/uploads\/2024\/03\/Talkpal-Logo-Icon.png","contentUrl":"https:\/\/talkpal.ai\/wp-content\/uploads\/2024\/03\/Talkpal-Logo-Icon.png","width":2880,"height":2880,"caption":"Talkpal, Inc."},"image":{"@id":"https:\/\/talkpal.ai\/tr\/#\/schema\/logo\/image\/"},"sameAs":["https:\/\/www.facebook.com\/profile.php?id=100090733639311","https:\/\/x.com\/talkpalai","https:\/\/www.linkedin.com\/company\/talkpal\/","https:\/\/www.youtube.com\/@TalkPal\/","https:\/\/www.tiktok.com\/@talkpal","https:\/\/www.instagram.com\/talkpal_ai\/","https:\/\/www.crunchbase.com\/organization\/talkpal-9cde","https:\/\/www.g2.com\/products\/talkpal-for-business\/","https:\/\/www.trustpilot.com\/review\/talkpal.ai","https:\/\/www.capterra.com\/p\/10006800\/TalkPal\/"],"description":"Talkpal is a language learning web and mobile education app, powered by the latest AI technologies, that provides engaging experiences to its customers in many different languages to help them improve their language skills. Users can chat about unlimited amount of topics with the app and use other modes to practice their language learning.","email":"support@talkpal.ai","legalName":"Talkpal, Inc.","foundingDate":"2023-04-03","duns":"118989042","numberOfEmployees":{"@type":"QuantitativeValue","minValue":"11","maxValue":"50"},"publishingPrinciples":"https:\/\/talkpal.ai\/publishing-principles\/","actionableFeedbackPolicy":"https:\/\/talkpal.ai\/actionable-feedback-policy\/","correctionsPolicy":"https:\/\/talkpal.ai\/corrections-policy\/","ethicsPolicy":"https:\/\/talkpal.ai\/ethics-policy\/","diversityPolicy":"https:\/\/talkpal.ai\/diversity-policy\/","diversityStaffingReport":"https:\/\/talkpal.ai\/diversity-policy\/"}]}},"_links":{"self":[{"href":"https:\/\/talkpal.ai\/tr\/wp-json\/wp\/v2\/pages\/163298","targetHints":{"allow":["GET"]}}],"collection":[{"href":"https:\/\/talkpal.ai\/tr\/wp-json\/wp\/v2\/pages"}],"about":[{"href":"https:\/\/talkpal.ai\/tr\/wp-json\/wp\/v2\/types\/page"}],"author":[{"embeddable":true,"href":"https:\/\/talkpal.ai\/tr\/wp-json\/wp\/v2\/users\/6"}],"replies":[{"embeddable":true,"href":"https:\/\/talkpal.ai\/tr\/wp-json\/wp\/v2\/comments?post=163298"}],"version-history":[{"count":0,"href":"https:\/\/talkpal.ai\/tr\/wp-json\/wp\/v2\/pages\/163298\/revisions"}],"wp:featuredmedia":[{"embeddable":true,"href":"https:\/\/talkpal.ai\/tr\/wp-json\/wp\/v2\/media\/111037"}],"wp:attachment":[{"href":"https:\/\/talkpal.ai\/tr\/wp-json\/wp\/v2\/media?parent=163298"}],"curies":[{"name":"wp","href":"https:\/\/api.w.org\/{rel}","templated":true}]}}