{"id":162724,"date":"2023-06-21T14:01:18","date_gmt":"2023-06-21T14:01:18","guid":{"rendered":"http:\/\/talkpal.ai\/galicyaca-dilbilgisi-alistirmalari\/"},"modified":"2025-12-17T15:59:00","modified_gmt":"2025-12-17T15:59:00","slug":"galicyaca-dilbilgisi-alistirmalari","status":"publish","type":"page","link":"https:\/\/talkpal.ai\/tr\/galicyaca-dilbilgisi-alistirmalari\/","title":{"rendered":"Gali\u00e7yaca Dilbilgisi Al\u0131\u015ft\u0131rmalar\u0131"},"content":{"rendered":"\r\n\r\n\r\n<section class=\"languageChallengeSection\">\r\n    <div class=\"languageInfoWrapper\">\r\n        \r\n        <h1>Gali\u00e7yaca Dilbilgisi Al\u0131\u015ft\u0131rmalar\u0131<\/h1>\r\n        <p>Gali\u00e7yaca dil becerilerinizi geli\u015ftirmek mi istiyorsunuz? <a href=\"https:\/\/talkpal.ai\/grammar\/\">Dilbilgisi<\/a> al\u0131\u015ft\u0131rmalar\u0131 yapmak c\u00fcmle yap\u0131s\u0131, fiil formlar\u0131 ve Gali\u00e7yacan\u0131n ay\u0131rt edici \u00f6zelliklerine hakim olmak i\u00e7in harika bir yoldur. Gali\u00e7yaca <a href=\"https:\/\/talkpal.ai\/grammar\/\">dilbilgisi<\/a> \u00fczerinde \u00e7al\u0131\u015fmaya bug\u00fcn ba\u015flay\u0131n ve her al\u0131\u015ft\u0131rmada anlay\u0131\u015f\u0131n\u0131z\u0131n ve g\u00fcveninizin artmas\u0131n\u0131 izleyin!<\/p>\r\n\r\n                            <a class=\"getStartedHidden\" href=\"https:\/\/app.talkpal.ai\/tr\/signup?lng=\">Hadi ba\u015fla<\/a>\r\n        \r\n    <\/div>\r\n\r\n    <figure>\r\n    <img decoding=\"async\" width=\"768\" height=\"768\" src=\"https:\/\/talkpal.ai\/wp-content\/uploads\/2023\/06\/galician-768x768.png\" class=\"languageImage no-lazy\" alt=\"Language immersion powerful learning method\" fetchpriority=\"high\" sizes=\"(max-width: 768px) 150px, 768px\" srcset=\"https:\/\/talkpal.ai\/wp-content\/uploads\/2023\/06\/galician-768x768.png 768w, https:\/\/talkpal.ai\/wp-content\/uploads\/2023\/06\/galician-300x300.png 300w\" \/>\r\n    \r\n\r\n    <\/figure>\r\n\r\n            <a class=\"getStartedVisible\" href=\"https:\/\/app.talkpal.ai\/tr\/signup?lng=\">Hadi ba\u015fla<\/a>\r\n    \r\n<\/section>\r\n\r\n\r\n<!-- <section class=\"grammarSection\">\r\n    <div class=\"grammarLinks\">\r\n            <\/div>\r\n<\/section> -->\r\n\r\n\r\n\r\n\r\n<section class=\"promotionalBanner\">\r\n    <p class=\"promotionalText\">Dil \u00f6\u011frenmenin en etkili yolu<\/p>\r\n    <a class=\"promotionalLink\" href=\"https:\/\/app.talkpal.ai\/tr\/signup?lng=\">Talkpal \u00fccretsiz deneyin<\/a>\r\n<\/section>\n<div class=\"wp-block-group pageContainerStyle\"><div class=\"wp-block-group__inner-container is-layout-constrained wp-block-group-is-layout-constrained\">\n<h2 class=\"wp-block-heading\" id=\"h-galician-grammar-topics\">Gali\u00e7yaca Dilbilgisi Konular\u0131<\/h2>\n\n\n\n<p>Gali\u00e7yaca dilbilgisi, \u0130spanya&#8217;n\u0131n kuzeybat\u0131s\u0131ndaki Gali\u00e7ya \u00f6zerk toplulu\u011funda konu\u015fulan bir Roman dili olan Gali\u00e7ya dilinin dil yap\u0131s\u0131, kurallar\u0131 ve bile\u015fenlerinin incelenmesidir. Portekizce ile yak\u0131n bir ili\u015fki payla\u015fan Gali\u00e7yaca dilbilgisi, fiil \u00e7ekimi, isim ve s\u0131fat anla\u015fmas\u0131 ve artikellerin, zamirlerin, zarflar\u0131n ve edatlar\u0131n kullan\u0131m\u0131 gibi dilin olu\u015fumuna ve anla\u015f\u0131lmas\u0131na yard\u0131mc\u0131 olan \u00e7e\u015fitli unsurlardan olu\u015fur. Gali\u00e7yaca dilbilgisini yap\u0131land\u0131r\u0131lm\u0131\u015f bir \u015fekilde \u00f6\u011frenmek, bu zengin ve canl\u0131 dilin derinlemesine anla\u015f\u0131lmas\u0131n\u0131 sa\u011flarken sorunsuz ve verimli bir \u00f6\u011frenme s\u00fcreci sa\u011flayacakt\u0131r.<\/p>\n\n\n\n<h3 class=\"wp-block-heading\" id=\"h-1-nouns\">1. \u0130simler:<\/h3>\n\n\n\n<p>Gali\u00e7yaca&#8217;da iki cinsiyete (eril ve di\u015fil) ayr\u0131lan ve tekil veya \u00e7o\u011ful olabilen isim kavram\u0131n\u0131 anlamakla ba\u015flay\u0131n. Bunlar\u0131 nas\u0131l tan\u0131mlayaca\u011f\u0131n\u0131z\u0131 ve c\u00fcmle i\u00e7inde do\u011fru kullanaca\u011f\u0131n\u0131z\u0131 \u00f6\u011frenin.<\/p>\n\n\n\n<h3 class=\"wp-block-heading\" id=\"h-2-articles\">2. Makaleler:<\/h3>\n\n\n\n<p>Gali\u00e7yaca&#8217;da, e\u015flik ettikleri isimlerle cinsiyet ve say\u0131 bak\u0131m\u0131ndan hemfikir olan belirli ve belirsiz makaleleri inceleyin. Bu, ifadelerin ve temel c\u00fcmlelerin daha etkili bir \u015fekilde olu\u015fturulmas\u0131na yard\u0131mc\u0131 olacakt\u0131r.<\/p>\n\n\n\n<h3 class=\"wp-block-heading\" id=\"h-3-adjectives\">3. S\u0131fatlar:<\/h3>\n\n\n\n<p>Gali\u00e7yaca&#8217;da, de\u011fi\u015ftirdikleri isimlerle cinsiyet ve say\u0131 olarak hemfikir olan s\u0131fatlar hakk\u0131nda bilgi edinin. Yerle\u015ftirme ve anla\u015fma kurallar\u0131n\u0131 anlamak, nesneleri ve ki\u015fileri do\u011fru bir \u015fekilde tan\u0131mlaman\u0131za olanak tan\u0131r.<\/p>\n\n\n\n<h3 class=\"wp-block-heading\" id=\"h-4-pronouns-determiners\">4. Zamirler\/Belirleyiciler:<\/h3>\n\n\n\n<p>Gali\u00e7yaca&#8217;da bir c\u00fcmledeki isimleri de\u011fi\u015ftirebilen veya g\u00f6sterebilen \u00e7e\u015fitli zamir ve belirleyici t\u00fcrlerini inceleyin. Bu, di\u011ferlerinin yan\u0131 s\u0131ra ki\u015fisel, g\u00f6sterici, iyelik ve soru zamirlerini i\u00e7erir.<\/p>\n\n\n\n<h3 class=\"wp-block-heading\" id=\"h-5-verbs\">5. Fiiller:<\/h3>\n\n\n\n<p>Gali\u00e7ya dilbilgisinin \u00e7ok \u00f6nemli bir y\u00f6n\u00fc olan fiil \u00e7ekimine odaklan\u0131n. Farkl\u0131 zamanlar\u0131 ve ruh hallerini \u00f6\u011frenin ve d\u00fczenli ve d\u00fczensiz fiilleri \u00e7ekme al\u0131\u015ft\u0131rmas\u0131 yap\u0131n.<\/p>\n\n\n\n<h3 class=\"wp-block-heading\" id=\"h-6-tense-comparison\">6. Gergin Kar\u015f\u0131la\u015ft\u0131rma:<\/h3>\n\n\n\n<p>Gali\u00e7yaca&#8217;daki \u00e7e\u015fitli zamanlar aras\u0131ndaki farklar\u0131 anlay\u0131n ve konu\u015fman\u0131zda veya yaz\u0131n\u0131zda uygun zaman referans\u0131n\u0131 iletmek i\u00e7in bunlar\u0131 do\u011fru \u015fekilde nas\u0131l kullanaca\u011f\u0131n\u0131z\u0131 \u00f6\u011frenin.<\/p>\n\n\n\n<h3 class=\"wp-block-heading\" id=\"h-7-progressive\">7. \u0130lerici:<\/h3>\n\n\n\n<p>Devam eden bir eylemi g\u00f6steren Gali\u00e7yaca&#8217;daki ilerici y\u00f6n\u00fc inceleyin ve onu farkl\u0131 zamanlarla nas\u0131l olu\u015fturaca\u011f\u0131n\u0131z\u0131 ve kullanaca\u011f\u0131n\u0131z\u0131 \u00f6\u011frenin.<\/p>\n\n\n\n<h3 class=\"wp-block-heading\" id=\"h-8-perfect-progressive\">8. M\u00fckemmel \u0130lerici:<\/h3>\n\n\n\n<p>Devam eden ve gelecekte devam edebilecek bir eylemi ifade etmek i\u00e7in m\u00fckemmel ve ilerici y\u00f6nleri birle\u015ftiren m\u00fckemmel ilerici y\u00f6n hakk\u0131nda bilgi edinin.<\/p>\n\n\n\n<h3 class=\"wp-block-heading\" id=\"h-9-adverbs\">9. Zarflar:<\/h3>\n\n\n\n<p>Fiiller, s\u0131fatlar veya di\u011fer zarflar hakk\u0131nda ek bilgi sa\u011flayan Gali\u00e7ya zarflar\u0131n\u0131 ke\u015ffedin. \u00c7e\u015fitli t\u00fcrleri ve bunlar\u0131n c\u00fcmle i\u00e7indeki yerle\u015ftirme kurallar\u0131n\u0131 \u00f6\u011frenin.<\/p>\n\n\n\n<h3 class=\"wp-block-heading\" id=\"h-10-prepositions\">10. Edatlar:<\/h3>\n\n\n\n<p>Gali\u00e7yaca&#8217;da bir c\u00fcmledeki konum, y\u00f6n, zaman veya neden gibi \u00f6\u011feler aras\u0131ndaki ili\u015fkiyi g\u00f6steren \u00e7e\u015fitli edatlar\u0131 inceleyin.<\/p>\n\n\n\n<h3 class=\"wp-block-heading\" id=\"h-11-conditionals\">11. Ko\u015fullar:<\/h3>\n\n\n\n<p>Gali\u00e7yaca&#8217;da varsay\u0131msal veya ger\u00e7ek d\u0131\u015f\u0131 durumlar\u0131 ve sonu\u00e7lar\u0131n\u0131 ifade eden ko\u015fullu c\u00fcmleler hakk\u0131nda bilgi edinin. Farkl\u0131 ko\u015fullu t\u00fcrlerin olu\u015fumunu ve kullan\u0131m\u0131n\u0131 inceleyin.<\/p>\n\n\n\n<h3 class=\"wp-block-heading\" id=\"h-12-sentences\">12. C\u00fcmleler:<\/h3>\n\n\n\n<p>Son olarak, Gali\u00e7yaca&#8217;da basit ve karma\u015f\u0131k c\u00fcmleler olu\u015fturmak i\u00e7in \u00f6nceden \u00f6\u011frenilen t\u00fcm dilbilgisi bile\u015fenlerini birle\u015ftirme al\u0131\u015ft\u0131rmas\u0131 yap\u0131n. Bu, dil anlay\u0131\u015f\u0131n\u0131z\u0131 g\u00fc\u00e7lendirmenize ve ak\u0131c\u0131l\u0131\u011f\u0131n\u0131z\u0131 geli\u015ftirmenize yard\u0131mc\u0131 olacakt\u0131r.<\/p>\n<\/div><\/div>\n\r\n<section class=\"learnNavigationSection\">\r\n            \r\n        <a href=\"https:\/\/talkpal.ai\/tr\/galicyaca-ogren\/\">\r\n            <div class=\"learnNavigationWrapper\">\r\n                <div class=\"learnNavigationContent\">\r\n                    <img decoding=\"async\" src=\"https:\/\/talkpal.ai\/wp-content\/uploads\/2024\/08\/Galician.jpg\" alt=\"Galicia Flag\">\r\n                    <div>\r\n                        <h4>Gali\u00e7yaca \u00d6\u011frenimi Hakk\u0131nda<\/h4>\r\n                        <p>Gali\u00e7yaca dilbilgisi hakk\u0131nda her \u015feyi \u00f6\u011frenin .<\/p>\r\n                    <\/div>\r\n                <\/div>\r\n            <\/div>\r\n        <\/a>\r\n\r\n        \r\n        <a href=\"https:\/\/talkpal.ai\/tr\/galicyaca-dilbilgisi\/\">\r\n            <div class=\"learnNavigationWrapper\">\r\n                <div class=\"learnNavigationContent\">\r\n                    <img decoding=\"async\" src=\"https:\/\/talkpal.ai\/wp-content\/uploads\/2024\/08\/Galician.jpg\" alt=\"Galicia Flag\">\r\n                    <div>\r\n                        <h4>Gali\u00e7yaca Dilbilgisi Dersleri<\/h4>\r\n                        <p>Gali\u00e7yaca dilbilgisi al\u0131\u015ft\u0131rmas\u0131 yap\u0131n .<\/p>\r\n                    <\/div>\r\n                <\/div>\r\n            <\/div>\r\n        <\/a>\r\n\r\n        \r\n        <a href=\"https:\/\/talkpal.ai\/vocabulary_language\/galician\/\">\r\n            <div class=\"learnNavigationWrapper\">\r\n                <div class=\"learnNavigationContent\">\r\n                    <img decoding=\"async\" src=\"https:\/\/talkpal.ai\/wp-content\/uploads\/2024\/08\/Galician.jpg\" alt=\"Galicia Flag\">\r\n                    <div>\r\n                        <h4>Gali\u00e7yaca Kelime Bilgisi<\/h4>\r\n                        <p>Gali\u00e7yaca kelime da\u011farc\u0131\u011f\u0131n\u0131z\u0131 geni\u015fletin.<\/p>\r\n                    <\/div>\r\n                <\/div>\r\n            <\/div>\r\n        <\/a>\r\n\r\n            <\/section>","protected":false},"excerpt":{"rendered":"<p>Gali\u00e7yaca Dilbilgisi Konular\u0131 Gali\u00e7yaca dilbilgisi, \u0130spanya&#8217;n\u0131n kuzeybat\u0131s\u0131ndaki Gali\u00e7ya \u00f6zerk toplulu\u011funda konu\u015fulan bir Roman dili olan Gali\u00e7ya dilinin dil yap\u0131s\u0131, kurallar\u0131 ve bile\u015fenlerinin incelenmesidir. Portekizce ile yak\u0131n bir ili\u015fki payla\u015fan Gali\u00e7yaca dilbilgisi, fiil \u00e7ekimi, isim ve s\u0131fat anla\u015fmas\u0131 ve artikellerin, zamirlerin, zarflar\u0131n ve edatlar\u0131n kullan\u0131m\u0131 gibi dilin olu\u015fumuna ve anla\u015f\u0131lmas\u0131na yard\u0131mc\u0131 olan \u00e7e\u015fitli unsurlardan olu\u015fur. Gali\u00e7yaca [&hellip;]<\/p>\n","protected":false},"author":6,"featured_media":112107,"parent":0,"menu_order":0,"comment_status":"closed","ping_status":"closed","template":"LearningContentPage.php","meta":{"_acf_changed":false,"footnotes":""},"class_list":["post-162724","page","type-page","status-publish","has-post-thumbnail","hentry"],"acf":[],"yoast_head":"<!-- This site is optimized with the Yoast SEO Premium plugin v27.2 (Yoast SEO v27.2) - https:\/\/yoast.com\/product\/yoast-seo-premium-wordpress\/ -->\n<title>Gali\u00e7yaca Dilbilgisi Al\u0131\u015ft\u0131rmalar\u0131 - Talkpal<\/title>\n<meta name=\"description\" content=\"Gali\u00e7yaca dilbilgisini kolayca uygulay\u0131n - h\u0131zl\u0131 bir \u015fekilde geli\u015fin, anla\u015f\u0131l\u0131r interaktif al\u0131\u015ft\u0131rmalara kat\u0131l\u0131n ve dil g\u00fcveni kazan\u0131n\" \/>\n<meta name=\"robots\" content=\"index, follow, max-snippet:-1, max-image-preview:large, max-video-preview:-1\" \/>\n<link rel=\"canonical\" href=\"https:\/\/talkpal.ai\/tr\/galicyaca-dilbilgisi-alistirmalari\/\" \/>\n<meta property=\"og:locale\" content=\"tr_TR\" \/>\n<meta property=\"og:type\" content=\"article\" \/>\n<meta property=\"og:title\" content=\"Gali\u00e7yaca Dilbilgisi Al\u0131\u015ft\u0131rmalar\u0131\" \/>\n<meta property=\"og:description\" content=\"Gali\u00e7yaca Dilbilgisi Konular\u0131 Gali\u00e7yaca dilbilgisi, \u0130spanya&#039;n\u0131n kuzeybat\u0131s\u0131ndaki Gali\u00e7ya \u00f6zerk toplulu\u011funda konu\u015fulan bir Roman dili olan Gali\u00e7ya dilinin\" \/>\n<meta property=\"og:url\" content=\"https:\/\/talkpal.ai\/tr\/galicyaca-dilbilgisi-alistirmalari\/\" \/>\n<meta property=\"og:site_name\" content=\"Talkpal\" \/>\n<meta property=\"article:publisher\" content=\"https:\/\/www.facebook.com\/profile.php?id=100090733639311\" \/>\n<meta property=\"article:modified_time\" content=\"2025-12-17T15:59:00+00:00\" \/>\n<meta property=\"og:image\" content=\"https:\/\/talkpal.ai\/wp-content\/uploads\/2023\/05\/Galician-spain.png\" \/>\n\t<meta property=\"og:image:width\" content=\"512\" \/>\n\t<meta property=\"og:image:height\" content=\"512\" \/>\n\t<meta property=\"og:image:type\" content=\"image\/png\" \/>\n<meta name=\"twitter:card\" content=\"summary_large_image\" \/>\n<meta name=\"twitter:site\" content=\"@talkpalai\" \/>\n<meta name=\"twitter:label1\" content=\"Tahmini okuma s\u00fcresi\" \/>\n\t<meta name=\"twitter:data1\" content=\"3 dakika\" \/>\n<script type=\"application\/ld+json\" class=\"yoast-schema-graph\">{\"@context\":\"https:\/\/schema.org\",\"@graph\":[{\"@type\":\"WebPage\",\"@id\":\"https:\/\/talkpal.ai\/tr\/galicyaca-dilbilgisi-alistirmalari\/\",\"url\":\"https:\/\/talkpal.ai\/tr\/galicyaca-dilbilgisi-alistirmalari\/\",\"name\":\"Gali\u00e7yaca Dilbilgisi Al\u0131\u015ft\u0131rmalar\u0131 - Talkpal\",\"isPartOf\":{\"@id\":\"https:\/\/talkpal.ai\/tr\/#website\"},\"primaryImageOfPage\":{\"@id\":\"https:\/\/talkpal.ai\/tr\/galicyaca-dilbilgisi-alistirmalari\/#primaryimage\"},\"image\":{\"@id\":\"https:\/\/talkpal.ai\/tr\/galicyaca-dilbilgisi-alistirmalari\/#primaryimage\"},\"thumbnailUrl\":\"https:\/\/talkpal.ai\/wp-content\/uploads\/2023\/05\/Galician-spain.png\",\"datePublished\":\"2023-06-21T14:01:18+00:00\",\"dateModified\":\"2025-12-17T15:59:00+00:00\",\"description\":\"Gali\u00e7yaca dilbilgisini kolayca uygulay\u0131n - h\u0131zl\u0131 bir \u015fekilde geli\u015fin, anla\u015f\u0131l\u0131r interaktif al\u0131\u015ft\u0131rmalara kat\u0131l\u0131n ve dil g\u00fcveni kazan\u0131n\",\"breadcrumb\":{\"@id\":\"https:\/\/talkpal.ai\/tr\/galicyaca-dilbilgisi-alistirmalari\/#breadcrumb\"},\"inLanguage\":\"tr\",\"potentialAction\":[{\"@type\":\"ReadAction\",\"target\":[\"https:\/\/talkpal.ai\/tr\/galicyaca-dilbilgisi-alistirmalari\/\"]}]},{\"@type\":\"ImageObject\",\"inLanguage\":\"tr\",\"@id\":\"https:\/\/talkpal.ai\/tr\/galicyaca-dilbilgisi-alistirmalari\/#primaryimage\",\"url\":\"https:\/\/talkpal.ai\/wp-content\/uploads\/2023\/05\/Galician-spain.png\",\"contentUrl\":\"https:\/\/talkpal.ai\/wp-content\/uploads\/2023\/05\/Galician-spain.png\",\"width\":512,\"height\":512},{\"@type\":\"BreadcrumbList\",\"@id\":\"https:\/\/talkpal.ai\/tr\/galicyaca-dilbilgisi-alistirmalari\/#breadcrumb\",\"itemListElement\":[{\"@type\":\"ListItem\",\"position\":1,\"name\":\"Homepage\",\"item\":\"https:\/\/talkpal.ai\/tr\/\"},{\"@type\":\"ListItem\",\"position\":2,\"name\":\"Gali\u00e7yaca Dilbilgisi Al\u0131\u015ft\u0131rmalar\u0131\"}]},{\"@type\":\"WebSite\",\"@id\":\"https:\/\/talkpal.ai\/tr\/#website\",\"url\":\"https:\/\/talkpal.ai\/tr\/\",\"name\":\"Talkpal\",\"description\":\"AI Language Learning\",\"publisher\":{\"@id\":\"https:\/\/talkpal.ai\/tr\/#organization\"},\"alternateName\":\"Talkpal AI\",\"potentialAction\":[{\"@type\":\"SearchAction\",\"target\":{\"@type\":\"EntryPoint\",\"urlTemplate\":\"https:\/\/talkpal.ai\/tr\/?s={search_term_string}\"},\"query-input\":{\"@type\":\"PropertyValueSpecification\",\"valueRequired\":true,\"valueName\":\"search_term_string\"}}],\"inLanguage\":\"tr\"},{\"@type\":\"Organization\",\"@id\":\"https:\/\/talkpal.ai\/tr\/#organization\",\"name\":\"Talkpal, Inc.\",\"alternateName\":\"Talkpal AI\",\"url\":\"https:\/\/talkpal.ai\/tr\/\",\"logo\":{\"@type\":\"ImageObject\",\"inLanguage\":\"tr\",\"@id\":\"https:\/\/talkpal.ai\/tr\/#\/schema\/logo\/image\/\",\"url\":\"https:\/\/talkpal.ai\/wp-content\/uploads\/2024\/03\/Talkpal-Logo-Icon.png\",\"contentUrl\":\"https:\/\/talkpal.ai\/wp-content\/uploads\/2024\/03\/Talkpal-Logo-Icon.png\",\"width\":2880,\"height\":2880,\"caption\":\"Talkpal, Inc.\"},\"image\":{\"@id\":\"https:\/\/talkpal.ai\/tr\/#\/schema\/logo\/image\/\"},\"sameAs\":[\"https:\/\/www.facebook.com\/profile.php?id=100090733639311\",\"https:\/\/x.com\/talkpalai\",\"https:\/\/www.linkedin.com\/company\/talkpal\/\",\"https:\/\/www.youtube.com\/@TalkPal\/\",\"https:\/\/www.tiktok.com\/@talkpal\",\"https:\/\/www.instagram.com\/talkpal_ai\/\",\"https:\/\/www.crunchbase.com\/organization\/talkpal-9cde\",\"https:\/\/www.g2.com\/products\/talkpal-for-business\/\",\"https:\/\/www.trustpilot.com\/review\/talkpal.ai\",\"https:\/\/www.capterra.com\/p\/10006800\/TalkPal\/\"],\"description\":\"Talkpal is a language learning web and mobile education app, powered by the latest AI technologies, that provides engaging experiences to its customers in many different languages to help them improve their language skills. Users can chat about unlimited amount of topics with the app and use other modes to practice their language learning.\",\"email\":\"support@talkpal.ai\",\"legalName\":\"Talkpal, Inc.\",\"foundingDate\":\"2023-04-03\",\"duns\":\"118989042\",\"numberOfEmployees\":{\"@type\":\"QuantitativeValue\",\"minValue\":\"11\",\"maxValue\":\"50\"},\"publishingPrinciples\":\"https:\/\/talkpal.ai\/publishing-principles\/\",\"actionableFeedbackPolicy\":\"https:\/\/talkpal.ai\/actionable-feedback-policy\/\",\"correctionsPolicy\":\"https:\/\/talkpal.ai\/corrections-policy\/\",\"ethicsPolicy\":\"https:\/\/talkpal.ai\/ethics-policy\/\",\"diversityPolicy\":\"https:\/\/talkpal.ai\/diversity-policy\/\",\"diversityStaffingReport\":\"https:\/\/talkpal.ai\/diversity-policy\/\"}]}<\/script>\n<!-- \/ Yoast SEO Premium plugin. -->","yoast_head_json":{"title":"Gali\u00e7yaca Dilbilgisi Al\u0131\u015ft\u0131rmalar\u0131 - Talkpal","description":"Gali\u00e7yaca dilbilgisini kolayca uygulay\u0131n - h\u0131zl\u0131 bir \u015fekilde geli\u015fin, anla\u015f\u0131l\u0131r interaktif al\u0131\u015ft\u0131rmalara kat\u0131l\u0131n ve dil g\u00fcveni kazan\u0131n","robots":{"index":"index","follow":"follow","max-snippet":"max-snippet:-1","max-image-preview":"max-image-preview:large","max-video-preview":"max-video-preview:-1"},"canonical":"https:\/\/talkpal.ai\/tr\/galicyaca-dilbilgisi-alistirmalari\/","og_locale":"tr_TR","og_type":"article","og_title":"Gali\u00e7yaca Dilbilgisi Al\u0131\u015ft\u0131rmalar\u0131","og_description":"Gali\u00e7yaca Dilbilgisi Konular\u0131 Gali\u00e7yaca dilbilgisi, \u0130spanya'n\u0131n kuzeybat\u0131s\u0131ndaki Gali\u00e7ya \u00f6zerk toplulu\u011funda konu\u015fulan bir Roman dili olan Gali\u00e7ya dilinin","og_url":"https:\/\/talkpal.ai\/tr\/galicyaca-dilbilgisi-alistirmalari\/","og_site_name":"Talkpal","article_publisher":"https:\/\/www.facebook.com\/profile.php?id=100090733639311","article_modified_time":"2025-12-17T15:59:00+00:00","og_image":[{"width":512,"height":512,"url":"https:\/\/talkpal.ai\/wp-content\/uploads\/2023\/05\/Galician-spain.png","type":"image\/png"}],"twitter_card":"summary_large_image","twitter_site":"@talkpalai","twitter_misc":{"Tahmini okuma s\u00fcresi":"3 dakika"},"schema":{"@context":"https:\/\/schema.org","@graph":[{"@type":"WebPage","@id":"https:\/\/talkpal.ai\/tr\/galicyaca-dilbilgisi-alistirmalari\/","url":"https:\/\/talkpal.ai\/tr\/galicyaca-dilbilgisi-alistirmalari\/","name":"Gali\u00e7yaca Dilbilgisi Al\u0131\u015ft\u0131rmalar\u0131 - Talkpal","isPartOf":{"@id":"https:\/\/talkpal.ai\/tr\/#website"},"primaryImageOfPage":{"@id":"https:\/\/talkpal.ai\/tr\/galicyaca-dilbilgisi-alistirmalari\/#primaryimage"},"image":{"@id":"https:\/\/talkpal.ai\/tr\/galicyaca-dilbilgisi-alistirmalari\/#primaryimage"},"thumbnailUrl":"https:\/\/talkpal.ai\/wp-content\/uploads\/2023\/05\/Galician-spain.png","datePublished":"2023-06-21T14:01:18+00:00","dateModified":"2025-12-17T15:59:00+00:00","description":"Gali\u00e7yaca dilbilgisini kolayca uygulay\u0131n - h\u0131zl\u0131 bir \u015fekilde geli\u015fin, anla\u015f\u0131l\u0131r interaktif al\u0131\u015ft\u0131rmalara kat\u0131l\u0131n ve dil g\u00fcveni kazan\u0131n","breadcrumb":{"@id":"https:\/\/talkpal.ai\/tr\/galicyaca-dilbilgisi-alistirmalari\/#breadcrumb"},"inLanguage":"tr","potentialAction":[{"@type":"ReadAction","target":["https:\/\/talkpal.ai\/tr\/galicyaca-dilbilgisi-alistirmalari\/"]}]},{"@type":"ImageObject","inLanguage":"tr","@id":"https:\/\/talkpal.ai\/tr\/galicyaca-dilbilgisi-alistirmalari\/#primaryimage","url":"https:\/\/talkpal.ai\/wp-content\/uploads\/2023\/05\/Galician-spain.png","contentUrl":"https:\/\/talkpal.ai\/wp-content\/uploads\/2023\/05\/Galician-spain.png","width":512,"height":512},{"@type":"BreadcrumbList","@id":"https:\/\/talkpal.ai\/tr\/galicyaca-dilbilgisi-alistirmalari\/#breadcrumb","itemListElement":[{"@type":"ListItem","position":1,"name":"Homepage","item":"https:\/\/talkpal.ai\/tr\/"},{"@type":"ListItem","position":2,"name":"Gali\u00e7yaca Dilbilgisi Al\u0131\u015ft\u0131rmalar\u0131"}]},{"@type":"WebSite","@id":"https:\/\/talkpal.ai\/tr\/#website","url":"https:\/\/talkpal.ai\/tr\/","name":"Talkpal","description":"AI Language Learning","publisher":{"@id":"https:\/\/talkpal.ai\/tr\/#organization"},"alternateName":"Talkpal AI","potentialAction":[{"@type":"SearchAction","target":{"@type":"EntryPoint","urlTemplate":"https:\/\/talkpal.ai\/tr\/?s={search_term_string}"},"query-input":{"@type":"PropertyValueSpecification","valueRequired":true,"valueName":"search_term_string"}}],"inLanguage":"tr"},{"@type":"Organization","@id":"https:\/\/talkpal.ai\/tr\/#organization","name":"Talkpal, Inc.","alternateName":"Talkpal AI","url":"https:\/\/talkpal.ai\/tr\/","logo":{"@type":"ImageObject","inLanguage":"tr","@id":"https:\/\/talkpal.ai\/tr\/#\/schema\/logo\/image\/","url":"https:\/\/talkpal.ai\/wp-content\/uploads\/2024\/03\/Talkpal-Logo-Icon.png","contentUrl":"https:\/\/talkpal.ai\/wp-content\/uploads\/2024\/03\/Talkpal-Logo-Icon.png","width":2880,"height":2880,"caption":"Talkpal, Inc."},"image":{"@id":"https:\/\/talkpal.ai\/tr\/#\/schema\/logo\/image\/"},"sameAs":["https:\/\/www.facebook.com\/profile.php?id=100090733639311","https:\/\/x.com\/talkpalai","https:\/\/www.linkedin.com\/company\/talkpal\/","https:\/\/www.youtube.com\/@TalkPal\/","https:\/\/www.tiktok.com\/@talkpal","https:\/\/www.instagram.com\/talkpal_ai\/","https:\/\/www.crunchbase.com\/organization\/talkpal-9cde","https:\/\/www.g2.com\/products\/talkpal-for-business\/","https:\/\/www.trustpilot.com\/review\/talkpal.ai","https:\/\/www.capterra.com\/p\/10006800\/TalkPal\/"],"description":"Talkpal is a language learning web and mobile education app, powered by the latest AI technologies, that provides engaging experiences to its customers in many different languages to help them improve their language skills. Users can chat about unlimited amount of topics with the app and use other modes to practice their language learning.","email":"support@talkpal.ai","legalName":"Talkpal, Inc.","foundingDate":"2023-04-03","duns":"118989042","numberOfEmployees":{"@type":"QuantitativeValue","minValue":"11","maxValue":"50"},"publishingPrinciples":"https:\/\/talkpal.ai\/publishing-principles\/","actionableFeedbackPolicy":"https:\/\/talkpal.ai\/actionable-feedback-policy\/","correctionsPolicy":"https:\/\/talkpal.ai\/corrections-policy\/","ethicsPolicy":"https:\/\/talkpal.ai\/ethics-policy\/","diversityPolicy":"https:\/\/talkpal.ai\/diversity-policy\/","diversityStaffingReport":"https:\/\/talkpal.ai\/diversity-policy\/"}]}},"_links":{"self":[{"href":"https:\/\/talkpal.ai\/tr\/wp-json\/wp\/v2\/pages\/162724","targetHints":{"allow":["GET"]}}],"collection":[{"href":"https:\/\/talkpal.ai\/tr\/wp-json\/wp\/v2\/pages"}],"about":[{"href":"https:\/\/talkpal.ai\/tr\/wp-json\/wp\/v2\/types\/page"}],"author":[{"embeddable":true,"href":"https:\/\/talkpal.ai\/tr\/wp-json\/wp\/v2\/users\/6"}],"replies":[{"embeddable":true,"href":"https:\/\/talkpal.ai\/tr\/wp-json\/wp\/v2\/comments?post=162724"}],"version-history":[{"count":0,"href":"https:\/\/talkpal.ai\/tr\/wp-json\/wp\/v2\/pages\/162724\/revisions"}],"wp:featuredmedia":[{"embeddable":true,"href":"https:\/\/talkpal.ai\/tr\/wp-json\/wp\/v2\/media\/112107"}],"wp:attachment":[{"href":"https:\/\/talkpal.ai\/tr\/wp-json\/wp\/v2\/media?parent=162724"}],"curies":[{"name":"wp","href":"https:\/\/api.w.org\/{rel}","templated":true}]}}