{"id":162437,"date":"2023-06-21T14:18:43","date_gmt":"2023-06-21T14:18:43","guid":{"rendered":"http:\/\/talkpal.ai\/yunanca-dilbilgisi-alistirmalari\/"},"modified":"2025-12-17T16:03:29","modified_gmt":"2025-12-17T16:03:29","slug":"yunanca-dilbilgisi-alistirmalari","status":"publish","type":"page","link":"https:\/\/talkpal.ai\/tr\/yunanca-dilbilgisi-alistirmalari\/","title":{"rendered":"Yunanca Dilbilgisi Al\u0131\u015ft\u0131rmalar\u0131"},"content":{"rendered":"\r\n\r\n\r\n<section class=\"languageChallengeSection\">\r\n    <div class=\"languageInfoWrapper\">\r\n        \r\n        <h1>Yunanca Dilbilgisi Al\u0131\u015ft\u0131rmalar\u0131<\/h1>\r\n        <p>Yunanca \u00f6\u011frenmeyi e\u011flenceli ve kolay hale getirelim! Yunanca dilbilgisinin baz\u0131 temellerini uygulamak ve dil yolculu\u011funuza ba\u015flamak i\u00e7in bu basit al\u0131\u015ft\u0131rmalar\u0131 deneyin.<\/p>\r\n\r\n                            <a class=\"getStartedHidden\" href=\"https:\/\/app.talkpal.ai\/tr\/signup?lng=\">Hadi ba\u015fla<\/a>\r\n        \r\n    <\/div>\r\n\r\n    <figure>\r\n    <img decoding=\"async\" width=\"768\" height=\"768\" src=\"https:\/\/talkpal.ai\/wp-content\/uploads\/2023\/06\/greek-768x768.png\" class=\"languageImage no-lazy\" alt=\"Language learning to boost personal capability\" fetchpriority=\"high\" sizes=\"(max-width: 768px) 150px, 768px\" srcset=\"https:\/\/talkpal.ai\/wp-content\/uploads\/2023\/06\/greek-768x768.png 768w, https:\/\/talkpal.ai\/wp-content\/uploads\/2023\/06\/greek-300x300.png 300w\" \/>\r\n    \r\n\r\n    <\/figure>\r\n\r\n            <a class=\"getStartedVisible\" href=\"https:\/\/app.talkpal.ai\/tr\/signup?lng=\">Hadi ba\u015fla<\/a>\r\n    \r\n<\/section>\r\n\r\n\r\n<!-- <section class=\"grammarSection\">\r\n    <div class=\"grammarLinks\">\r\n            <\/div>\r\n<\/section> -->\r\n\r\n\r\n\r\n\r\n<section class=\"promotionalBanner\">\r\n    <p class=\"promotionalText\">Dil \u00f6\u011frenmenin en etkili yolu<\/p>\r\n    <a class=\"promotionalLink\" href=\"https:\/\/app.talkpal.ai\/tr\/signup?lng=\">Talkpal \u00fccretsiz deneyin<\/a>\r\n<\/section>\n<div class=\"wp-block-group pageContainerStyle\"><div class=\"wp-block-group__inner-container is-layout-constrained wp-block-group-is-layout-constrained\">\n<h2 class=\"wp-block-heading\" id=\"h-greek-grammar-topics\">Yunanca Dilbilgisi Konular\u0131<\/h2>\n\n\n\n<p>Yunanca \u00f6\u011frenmek, zengin ve \u00e7e\u015fitli bir k\u00fclt\u00fcre, edebiyata ve tarihe a\u00e7\u0131lan bir kap\u0131 sa\u011flad\u0131\u011f\u0131 i\u00e7in inan\u0131lmaz derecede \u00f6d\u00fcllendirici bir deneyim olabilir. <a href=\"https:\/\/talkpal.ai\/learn-greek\/\">Yunan<\/a> dili, ke\u015ffetmesi b\u00fcy\u00fcleyici olabilecek benzersiz bir gramer yap\u0131s\u0131na sahiptir. Etkili ve do\u011fru bir \u015fekilde ileti\u015fim kurman\u0131z\u0131 sa\u011flayaca\u011f\u0131ndan, Yunanca dilbilgisine a\u015fina olmak \u00e7ok \u00f6nemlidir. Bu k\u0131lavuz, dili \u00f6\u011frenmeye elveri\u015fli bir s\u0131rayla k\u00fcmelenmi\u015f baz\u0131 \u00f6nemli <a href=\"https:\/\/talkpal.ai\/greek-grammar\/\">Yunanca dilbilgisi<\/a> konular\u0131na genel bir bak\u0131\u015f sa\u011flayacakt\u0131r. Zaman ve fiillerden edatlara ve c\u00fcmlelere kadar, bu k\u0131lavuz sizi Yunanca&#8217;da yetkin olma yoluna sokacakt\u0131r.<\/p>\n\n\n\n<h3 class=\"wp-block-heading\" id=\"h-1-nouns\">1. \u0130simler:<\/h3>\n\n\n\n<p>\u0130simler herhangi bir dilin yap\u0131 ta\u015flar\u0131d\u0131r ve Yunanca da bir istisna de\u011fildir. \u0130nsanlar\u0131, yerleri, \u015feyleri veya fikirleri temsil etmek i\u00e7in kullan\u0131l\u0131rlar. Yunanca&#8217;da isimlerin cinsiyeti (eril, di\u015fil veya n\u00f6tr), say\u0131s\u0131 (tekil veya \u00e7o\u011ful) ve durumu (nominatif, genitive, accusative veya vocative) vard\u0131r. Bu \u00f6zellikleri ve \u00e7ekimlerini anlamak, c\u00fcmle kurmak i\u00e7in \u00e7ok \u00f6nemlidir.<\/p>\n\n\n\n<h3 class=\"wp-block-heading\" id=\"h-2-articles\">2. Makaleler:<\/h3>\n\n\n\n<p>Yunanca makaleler, bir ismin kesinli\u011fini belirtmek i\u00e7in gereklidir. Cinsiyet, say\u0131 ve durum bak\u0131m\u0131ndan isimle hemfikirdirler. \u00d6\u011frenmeniz ve do\u011fru kullanman\u0131z gereken belirli (&#8216;the&#8217; kelimesine kar\u015f\u0131l\u0131k gelen) ve belirsiz (&#8216;a&#8217; veya &#8216;an&#8217; kelimesine kar\u015f\u0131l\u0131k gelen) artikeller vard\u0131r.<\/p>\n\n\n\n<h3 class=\"wp-block-heading\" id=\"h-3-adjectives\">3. S\u0131fatlar:<\/h3>\n\n\n\n<p>S\u0131fatlar, isimleri tan\u0131mlar veya de\u011fi\u015ftirir, nitelikleri veya \u00f6zellikleri hakk\u0131nda ek bilgi sa\u011flar. Yunanca&#8217;da s\u0131fatlar cinsiyet, say\u0131 ve durum bak\u0131m\u0131ndan de\u011fi\u015ftirdikleri isimlerle uyu\u015furlar ve bu \u00f6zelliklere ba\u011fl\u0131 olarak farkl\u0131 \u00e7ekimleri vard\u0131r.<\/p>\n\n\n\n<h3 class=\"wp-block-heading\" id=\"h-4-pronouns-determiners\">4. Zamirler\/Belirleyiciler:<\/h3>\n\n\n\n<p>Zamirler isimlerin yerini almak i\u00e7in kullan\u0131l\u0131rken, belirleyiciler onlar\u0131 belirtir veya nicelle\u015ftirir. Yunanca&#8217;da hem zamirler hem de belirleyiciler, t\u0131pk\u0131 isimler ve s\u0131fatlar gibi cinsiyet, say\u0131 ve durum i\u00e7in \u00e7ekim yapar. Baz\u0131 \u00f6rnekler aras\u0131nda ki\u015fi zamirleri (ben, sen, o, o, vb.), i\u015faret zamirleri (bu, o) ve iyelik zamirleri (benim, senin, onun, onun, vb.) bulunur.<\/p>\n\n\n\n<h3 class=\"wp-block-heading\" id=\"h-5-verbs\">5. Fiiller:<\/h3>\n\n\n\n<p>Fiiller eylemleri, olu\u015fumlar\u0131 veya durumlar\u0131 ifade eder. Yunanca fiillerin zaman, ruh hali, ses ve ki\u015fiye ba\u011fl\u0131 olarak \u00e7e\u015fitli bi\u00e7imleri vard\u0131r. Farkl\u0131 \u00e7ekimleri ve bunlar\u0131n nas\u0131l kullan\u0131ld\u0131\u011f\u0131n\u0131 anlamak, c\u00fcmle kurmak ve anlamak i\u00e7in \u00e7ok \u00f6nemlidir.<\/p>\n\n\n\n<h3 class=\"wp-block-heading\" id=\"h-6-tenses\">6. Zamanlar:<\/h3>\n\n\n\n<p>Yunanca&#8217;n\u0131n \u015fimdiki zaman, ge\u00e7mi\u015f ve gelecek gibi birka\u00e7 zaman\u0131 vard\u0131r. Her zaman, bir eylemin, olay\u0131n veya durumun zaman\u0131n\u0131 belirtmek i\u00e7in kullan\u0131l\u0131r. Farkl\u0131 zamanlar\u0131 ve \u00e7ekimlerini \u00f6\u011frenmek, kendinizi do\u011fru bir \u015fekilde ifade etmenize ve ba\u015fkalar\u0131n\u0131 anlaman\u0131za yard\u0131mc\u0131 olacakt\u0131r.<\/p>\n\n\n\n<h3 class=\"wp-block-heading\" id=\"h-7-tense-comparison\">7. Gergin Kar\u015f\u0131la\u015ft\u0131rma:<\/h3>\n\n\n\n<p>Yunanca&#8217;daki zamanlar\u0131 kar\u015f\u0131la\u015ft\u0131rmak, dilin n\u00fcanslar\u0131n\u0131 anlamak i\u00e7in \u00f6nemlidir. Bu, e\u015fzamanl\u0131, s\u0131ral\u0131 veya ko\u015fullu olarak meydana gelen eylemlerin veya durumlar\u0131n nas\u0131l ifade edilece\u011fini \u00f6\u011frenmeyi i\u00e7erir.<\/p>\n\n\n\n<h3 class=\"wp-block-heading\" id=\"h-8-progressive\">8. \u0130lerici:<\/h3>\n\n\n\n<p>Yunanca&#8217;da ilerici y\u00f6n, devam eden veya s\u00fcrekli eylemleri belirtmek i\u00e7in kullan\u0131l\u0131r. \u0130lerici y\u00f6n\u00fcn nas\u0131l olu\u015fturulaca\u011f\u0131n\u0131 ve kullan\u0131laca\u011f\u0131n\u0131 \u00f6\u011frenmek, \u015fu anda olan veya ge\u00e7mi\u015fte ger\u00e7ekle\u015fmekte olan eylemleri aktarman\u0131za yard\u0131mc\u0131 olacakt\u0131r.<\/p>\n\n\n\n<h3 class=\"wp-block-heading\" id=\"h-9-perfect-progressive\">9. M\u00fckemmel \u0130lerici:<\/h3>\n\n\n\n<p>Yunanca&#8217;daki m\u00fckemmel ilerici y\u00f6n, tamamlanma ve s\u00fcreklilik kavramlar\u0131n\u0131 birle\u015ftirir. Ge\u00e7mi\u015fte ba\u015flayan ve belirli bir zamana kadar devam eden eylemleri veya durumlar\u0131 ifade etmek i\u00e7in kullan\u0131l\u0131r.<\/p>\n\n\n\n<h3 class=\"wp-block-heading\" id=\"h-10-adverbs\">10. Zarflar:<\/h3>\n\n\n\n<p>Zarflar fiiller, s\u0131fatlar veya di\u011fer zarflar hakk\u0131nda ek bilgi sa\u011flar. Tarz, s\u0131kl\u0131k, derece, zaman veya yer ifade edebilirler. Farkl\u0131 zarf t\u00fcrlerini ve bunlar\u0131n bir c\u00fcmle i\u00e7inde do\u011fru \u015fekilde yerle\u015ftirilmesini \u00f6\u011frenmek, Yunanca&#8217;daki genel ak\u0131c\u0131l\u0131\u011f\u0131n\u0131z\u0131 geli\u015ftirecektir.<\/p>\n\n\n\n<h3 class=\"wp-block-heading\" id=\"h-11-conditionals\">11. Ko\u015fullar:<\/h3>\n\n\n\n<p>Ko\u015fullar, varsay\u0131msal durumlar\u0131 ve sonu\u00e7lar\u0131n\u0131 ifade etmek i\u00e7in kullan\u0131l\u0131r. Yunanca, ger\u00e7ek, ger\u00e7ek d\u0131\u015f\u0131 ve kar\u0131\u015f\u0131k dahil olmak \u00fczere \u00e7e\u015fitli ko\u015ful t\u00fcrlerine sahiptir. Karma\u015f\u0131k d\u00fc\u015f\u00fcnce ve fikirleri ifade etmek i\u00e7in ko\u015fullar\u0131 anlamak ve kullanmak gereklidir.<\/p>\n\n\n\n<h3 class=\"wp-block-heading\" id=\"h-12-prepositions\">12. Edatlar:<\/h3>\n\n\n\n<p>Edatlar, bir c\u00fcmledeki isimler, zamirler veya di\u011fer kelimeler aras\u0131ndaki ili\u015fkileri g\u00f6steren k\u00fc\u00e7\u00fck kelimelerdir. Konumu, zaman\u0131, y\u00f6n\u00fc, nedeni ve daha fazlas\u0131n\u0131 ifade edebilirler. \u00c7e\u015fitli edatlar\u0131 ve do\u011fru kullan\u0131mlar\u0131n\u0131 \u00f6\u011frenmek, daha kesin ve tutarl\u0131 c\u00fcmleler kurman\u0131za yard\u0131mc\u0131 olacakt\u0131r.<\/p>\n\n\n\n<h3 class=\"wp-block-heading\" id=\"h-13-sentences\">13. C\u00fcmleler:<\/h3>\n\n\n\n<p>Son olarak, Yunanca&#8217;da etkili ileti\u015fim kurmak i\u00e7in c\u00fcmle yap\u0131s\u0131na hakim olmak \u00e7ok \u00f6nemlidir. Bu, do\u011fru kelime s\u0131ras\u0131n\u0131 anlamay\u0131 ve \u00f6zne, fiil ve nesne gibi \u00e7e\u015fitli gramer \u00f6\u011felerinin kullan\u0131m\u0131n\u0131 i\u00e7erir. Farkl\u0131 c\u00fcmle t\u00fcrlerini nas\u0131l kuraca\u011f\u0131n\u0131z\u0131 \u00f6\u011frenerek, Yunanca&#8217;da yetkin olma yolunda ilerleyeceksiniz.<\/p>\n<\/div><\/div>\n\r\n<section class=\"learnNavigationSection\">\r\n            \r\n        <a href=\"https:\/\/talkpal.ai\/tr\/yunanca-ogren\/\">\r\n            <div class=\"learnNavigationWrapper\">\r\n                <div class=\"learnNavigationContent\">\r\n                    <img decoding=\"async\" src=\"https:\/\/talkpal.ai\/wp-content\/uploads\/2024\/08\/Greek.jpg\" alt=\"Greek Flag\">\r\n                    <div>\r\n                        <h4>Yunanca \u00d6\u011frenimi Hakk\u0131nda<\/h4>\r\n                        <p>Yunanca Dilbilgisi hakk\u0131nda her \u015feyi \u00f6\u011frenin.<\/p>\r\n                    <\/div>\r\n                <\/div>\r\n            <\/div>\r\n        <\/a>\r\n\r\n        \r\n        <a href=\"https:\/\/talkpal.ai\/tr\/yunanca-dilbilgisi\/\">\r\n            <div class=\"learnNavigationWrapper\">\r\n                <div class=\"learnNavigationContent\">\r\n                    <img decoding=\"async\" src=\"https:\/\/talkpal.ai\/wp-content\/uploads\/2024\/08\/Greek.jpg\" alt=\"Greek Flag\">\r\n                    <div>\r\n                        <h4>Yunanca Dilbilgisi Dersleri<\/h4>\r\n                        <p>Yunanca dilbilgisi al\u0131\u015ft\u0131rmas\u0131 yap\u0131n .<\/p>\r\n                    <\/div>\r\n                <\/div>\r\n            <\/div>\r\n        <\/a>\r\n\r\n        \r\n        <a href=\"https:\/\/talkpal.ai\/vocabulary_language\/greek\/\">\r\n            <div class=\"learnNavigationWrapper\">\r\n                <div class=\"learnNavigationContent\">\r\n                    <img decoding=\"async\" src=\"https:\/\/talkpal.ai\/wp-content\/uploads\/2024\/08\/Greek.jpg\" alt=\"Greek Flag\">\r\n                    <div>\r\n                        <h4>Yunanca Kelime Bilgisi<\/h4>\r\n                        <p>Yunanca kelime da\u011farc\u0131\u011f\u0131n\u0131z\u0131 geni\u015fletin.<\/p>\r\n                    <\/div>\r\n                <\/div>\r\n            <\/div>\r\n        <\/a>\r\n\r\n            <\/section>","protected":false},"excerpt":{"rendered":"<p>Yunanca Dilbilgisi Konular\u0131 Yunanca \u00f6\u011frenmek, zengin ve \u00e7e\u015fitli bir k\u00fclt\u00fcre, edebiyata ve tarihe a\u00e7\u0131lan bir kap\u0131 sa\u011flad\u0131\u011f\u0131 i\u00e7in inan\u0131lmaz derecede \u00f6d\u00fcllendirici bir deneyim olabilir. Yunan dili, ke\u015ffetmesi b\u00fcy\u00fcleyici olabilecek benzersiz bir gramer yap\u0131s\u0131na sahiptir. Etkili ve do\u011fru bir \u015fekilde ileti\u015fim kurman\u0131z\u0131 sa\u011flayaca\u011f\u0131ndan, Yunanca dilbilgisine a\u015fina olmak \u00e7ok \u00f6nemlidir. Bu k\u0131lavuz, dili \u00f6\u011frenmeye elveri\u015fli bir s\u0131rayla [&hellip;]<\/p>\n","protected":false},"author":6,"featured_media":112762,"parent":0,"menu_order":0,"comment_status":"closed","ping_status":"closed","template":"LearningContentPage.php","meta":{"_acf_changed":false,"footnotes":""},"class_list":["post-162437","page","type-page","status-publish","has-post-thumbnail","hentry"],"acf":[],"yoast_head":"<!-- This site is optimized with the Yoast SEO Premium plugin v27.2 (Yoast SEO v27.2) - https:\/\/yoast.com\/product\/yoast-seo-premium-wordpress\/ -->\n<title>Yunanca Dilbilgisi Al\u0131\u015ft\u0131rmalar\u0131 - Talkpal<\/title>\n<meta name=\"description\" content=\"Yunanca dilbilgisi becerilerinizi kolayca geli\u015ftirin - interaktif al\u0131\u015ft\u0131rmalar yap\u0131n, h\u0131zla geli\u015fin ve kendinize g\u00fcvenin Talkpal AI.\" \/>\n<meta name=\"robots\" content=\"index, follow, max-snippet:-1, max-image-preview:large, max-video-preview:-1\" \/>\n<link rel=\"canonical\" href=\"https:\/\/talkpal.ai\/tr\/yunanca-dilbilgisi-alistirmalari\/\" \/>\n<meta property=\"og:locale\" content=\"tr_TR\" \/>\n<meta property=\"og:type\" content=\"article\" \/>\n<meta property=\"og:title\" content=\"Yunanca Dilbilgisi Al\u0131\u015ft\u0131rmalar\u0131\" \/>\n<meta property=\"og:description\" content=\"Yunanca Dilbilgisi Konular\u0131 Yunanca \u00f6\u011frenmek, zengin ve \u00e7e\u015fitli bir k\u00fclt\u00fcre, edebiyata ve tarihe a\u00e7\u0131lan bir kap\u0131 sa\u011flad\u0131\u011f\u0131 i\u00e7in inan\u0131lmaz derecede\" \/>\n<meta property=\"og:url\" content=\"https:\/\/talkpal.ai\/tr\/yunanca-dilbilgisi-alistirmalari\/\" \/>\n<meta property=\"og:site_name\" content=\"Talkpal\" \/>\n<meta property=\"article:publisher\" content=\"https:\/\/www.facebook.com\/profile.php?id=100090733639311\" \/>\n<meta property=\"article:modified_time\" content=\"2025-12-17T16:03:29+00:00\" \/>\n<meta property=\"og:image\" content=\"https:\/\/talkpal.ai\/wp-content\/uploads\/2023\/05\/greece.png\" \/>\n\t<meta property=\"og:image:width\" content=\"512\" \/>\n\t<meta property=\"og:image:height\" content=\"512\" \/>\n\t<meta property=\"og:image:type\" content=\"image\/png\" \/>\n<meta name=\"twitter:card\" content=\"summary_large_image\" \/>\n<meta name=\"twitter:site\" content=\"@talkpalai\" \/>\n<meta name=\"twitter:label1\" content=\"Tahmini okuma s\u00fcresi\" \/>\n\t<meta name=\"twitter:data1\" content=\"4 dakika\" \/>\n<script type=\"application\/ld+json\" class=\"yoast-schema-graph\">{\"@context\":\"https:\/\/schema.org\",\"@graph\":[{\"@type\":\"WebPage\",\"@id\":\"https:\/\/talkpal.ai\/tr\/yunanca-dilbilgisi-alistirmalari\/\",\"url\":\"https:\/\/talkpal.ai\/tr\/yunanca-dilbilgisi-alistirmalari\/\",\"name\":\"Yunanca Dilbilgisi Al\u0131\u015ft\u0131rmalar\u0131 - Talkpal\",\"isPartOf\":{\"@id\":\"https:\/\/talkpal.ai\/tr\/#website\"},\"primaryImageOfPage\":{\"@id\":\"https:\/\/talkpal.ai\/tr\/yunanca-dilbilgisi-alistirmalari\/#primaryimage\"},\"image\":{\"@id\":\"https:\/\/talkpal.ai\/tr\/yunanca-dilbilgisi-alistirmalari\/#primaryimage\"},\"thumbnailUrl\":\"https:\/\/talkpal.ai\/wp-content\/uploads\/2023\/05\/greece.png\",\"datePublished\":\"2023-06-21T14:18:43+00:00\",\"dateModified\":\"2025-12-17T16:03:29+00:00\",\"description\":\"Yunanca dilbilgisi becerilerinizi kolayca geli\u015ftirin - interaktif al\u0131\u015ft\u0131rmalar yap\u0131n, h\u0131zla geli\u015fin ve kendinize g\u00fcvenin Talkpal AI.\",\"breadcrumb\":{\"@id\":\"https:\/\/talkpal.ai\/tr\/yunanca-dilbilgisi-alistirmalari\/#breadcrumb\"},\"inLanguage\":\"tr\",\"potentialAction\":[{\"@type\":\"ReadAction\",\"target\":[\"https:\/\/talkpal.ai\/tr\/yunanca-dilbilgisi-alistirmalari\/\"]}]},{\"@type\":\"ImageObject\",\"inLanguage\":\"tr\",\"@id\":\"https:\/\/talkpal.ai\/tr\/yunanca-dilbilgisi-alistirmalari\/#primaryimage\",\"url\":\"https:\/\/talkpal.ai\/wp-content\/uploads\/2023\/05\/greece.png\",\"contentUrl\":\"https:\/\/talkpal.ai\/wp-content\/uploads\/2023\/05\/greece.png\",\"width\":512,\"height\":512},{\"@type\":\"BreadcrumbList\",\"@id\":\"https:\/\/talkpal.ai\/tr\/yunanca-dilbilgisi-alistirmalari\/#breadcrumb\",\"itemListElement\":[{\"@type\":\"ListItem\",\"position\":1,\"name\":\"Homepage\",\"item\":\"https:\/\/talkpal.ai\/tr\/\"},{\"@type\":\"ListItem\",\"position\":2,\"name\":\"Yunanca Dilbilgisi Al\u0131\u015ft\u0131rmalar\u0131\"}]},{\"@type\":\"WebSite\",\"@id\":\"https:\/\/talkpal.ai\/tr\/#website\",\"url\":\"https:\/\/talkpal.ai\/tr\/\",\"name\":\"Talkpal\",\"description\":\"AI Language Learning\",\"publisher\":{\"@id\":\"https:\/\/talkpal.ai\/tr\/#organization\"},\"alternateName\":\"Talkpal AI\",\"potentialAction\":[{\"@type\":\"SearchAction\",\"target\":{\"@type\":\"EntryPoint\",\"urlTemplate\":\"https:\/\/talkpal.ai\/tr\/?s={search_term_string}\"},\"query-input\":{\"@type\":\"PropertyValueSpecification\",\"valueRequired\":true,\"valueName\":\"search_term_string\"}}],\"inLanguage\":\"tr\"},{\"@type\":\"Organization\",\"@id\":\"https:\/\/talkpal.ai\/tr\/#organization\",\"name\":\"Talkpal, Inc.\",\"alternateName\":\"Talkpal AI\",\"url\":\"https:\/\/talkpal.ai\/tr\/\",\"logo\":{\"@type\":\"ImageObject\",\"inLanguage\":\"tr\",\"@id\":\"https:\/\/talkpal.ai\/tr\/#\/schema\/logo\/image\/\",\"url\":\"https:\/\/talkpal.ai\/wp-content\/uploads\/2024\/03\/Talkpal-Logo-Icon.png\",\"contentUrl\":\"https:\/\/talkpal.ai\/wp-content\/uploads\/2024\/03\/Talkpal-Logo-Icon.png\",\"width\":2880,\"height\":2880,\"caption\":\"Talkpal, Inc.\"},\"image\":{\"@id\":\"https:\/\/talkpal.ai\/tr\/#\/schema\/logo\/image\/\"},\"sameAs\":[\"https:\/\/www.facebook.com\/profile.php?id=100090733639311\",\"https:\/\/x.com\/talkpalai\",\"https:\/\/www.linkedin.com\/company\/talkpal\/\",\"https:\/\/www.youtube.com\/@TalkPal\/\",\"https:\/\/www.tiktok.com\/@talkpal\",\"https:\/\/www.instagram.com\/talkpal_ai\/\",\"https:\/\/www.crunchbase.com\/organization\/talkpal-9cde\",\"https:\/\/www.g2.com\/products\/talkpal-for-business\/\",\"https:\/\/www.trustpilot.com\/review\/talkpal.ai\",\"https:\/\/www.capterra.com\/p\/10006800\/TalkPal\/\"],\"description\":\"Talkpal is a language learning web and mobile education app, powered by the latest AI technologies, that provides engaging experiences to its customers in many different languages to help them improve their language skills. Users can chat about unlimited amount of topics with the app and use other modes to practice their language learning.\",\"email\":\"support@talkpal.ai\",\"legalName\":\"Talkpal, Inc.\",\"foundingDate\":\"2023-04-03\",\"duns\":\"118989042\",\"numberOfEmployees\":{\"@type\":\"QuantitativeValue\",\"minValue\":\"11\",\"maxValue\":\"50\"},\"publishingPrinciples\":\"https:\/\/talkpal.ai\/publishing-principles\/\",\"actionableFeedbackPolicy\":\"https:\/\/talkpal.ai\/actionable-feedback-policy\/\",\"correctionsPolicy\":\"https:\/\/talkpal.ai\/corrections-policy\/\",\"ethicsPolicy\":\"https:\/\/talkpal.ai\/ethics-policy\/\",\"diversityPolicy\":\"https:\/\/talkpal.ai\/diversity-policy\/\",\"diversityStaffingReport\":\"https:\/\/talkpal.ai\/diversity-policy\/\"}]}<\/script>\n<!-- \/ Yoast SEO Premium plugin. -->","yoast_head_json":{"title":"Yunanca Dilbilgisi Al\u0131\u015ft\u0131rmalar\u0131 - Talkpal","description":"Yunanca dilbilgisi becerilerinizi kolayca geli\u015ftirin - interaktif al\u0131\u015ft\u0131rmalar yap\u0131n, h\u0131zla geli\u015fin ve kendinize g\u00fcvenin Talkpal AI.","robots":{"index":"index","follow":"follow","max-snippet":"max-snippet:-1","max-image-preview":"max-image-preview:large","max-video-preview":"max-video-preview:-1"},"canonical":"https:\/\/talkpal.ai\/tr\/yunanca-dilbilgisi-alistirmalari\/","og_locale":"tr_TR","og_type":"article","og_title":"Yunanca Dilbilgisi Al\u0131\u015ft\u0131rmalar\u0131","og_description":"Yunanca Dilbilgisi Konular\u0131 Yunanca \u00f6\u011frenmek, zengin ve \u00e7e\u015fitli bir k\u00fclt\u00fcre, edebiyata ve tarihe a\u00e7\u0131lan bir kap\u0131 sa\u011flad\u0131\u011f\u0131 i\u00e7in inan\u0131lmaz derecede","og_url":"https:\/\/talkpal.ai\/tr\/yunanca-dilbilgisi-alistirmalari\/","og_site_name":"Talkpal","article_publisher":"https:\/\/www.facebook.com\/profile.php?id=100090733639311","article_modified_time":"2025-12-17T16:03:29+00:00","og_image":[{"width":512,"height":512,"url":"https:\/\/talkpal.ai\/wp-content\/uploads\/2023\/05\/greece.png","type":"image\/png"}],"twitter_card":"summary_large_image","twitter_site":"@talkpalai","twitter_misc":{"Tahmini okuma s\u00fcresi":"4 dakika"},"schema":{"@context":"https:\/\/schema.org","@graph":[{"@type":"WebPage","@id":"https:\/\/talkpal.ai\/tr\/yunanca-dilbilgisi-alistirmalari\/","url":"https:\/\/talkpal.ai\/tr\/yunanca-dilbilgisi-alistirmalari\/","name":"Yunanca Dilbilgisi Al\u0131\u015ft\u0131rmalar\u0131 - Talkpal","isPartOf":{"@id":"https:\/\/talkpal.ai\/tr\/#website"},"primaryImageOfPage":{"@id":"https:\/\/talkpal.ai\/tr\/yunanca-dilbilgisi-alistirmalari\/#primaryimage"},"image":{"@id":"https:\/\/talkpal.ai\/tr\/yunanca-dilbilgisi-alistirmalari\/#primaryimage"},"thumbnailUrl":"https:\/\/talkpal.ai\/wp-content\/uploads\/2023\/05\/greece.png","datePublished":"2023-06-21T14:18:43+00:00","dateModified":"2025-12-17T16:03:29+00:00","description":"Yunanca dilbilgisi becerilerinizi kolayca geli\u015ftirin - interaktif al\u0131\u015ft\u0131rmalar yap\u0131n, h\u0131zla geli\u015fin ve kendinize g\u00fcvenin Talkpal AI.","breadcrumb":{"@id":"https:\/\/talkpal.ai\/tr\/yunanca-dilbilgisi-alistirmalari\/#breadcrumb"},"inLanguage":"tr","potentialAction":[{"@type":"ReadAction","target":["https:\/\/talkpal.ai\/tr\/yunanca-dilbilgisi-alistirmalari\/"]}]},{"@type":"ImageObject","inLanguage":"tr","@id":"https:\/\/talkpal.ai\/tr\/yunanca-dilbilgisi-alistirmalari\/#primaryimage","url":"https:\/\/talkpal.ai\/wp-content\/uploads\/2023\/05\/greece.png","contentUrl":"https:\/\/talkpal.ai\/wp-content\/uploads\/2023\/05\/greece.png","width":512,"height":512},{"@type":"BreadcrumbList","@id":"https:\/\/talkpal.ai\/tr\/yunanca-dilbilgisi-alistirmalari\/#breadcrumb","itemListElement":[{"@type":"ListItem","position":1,"name":"Homepage","item":"https:\/\/talkpal.ai\/tr\/"},{"@type":"ListItem","position":2,"name":"Yunanca Dilbilgisi Al\u0131\u015ft\u0131rmalar\u0131"}]},{"@type":"WebSite","@id":"https:\/\/talkpal.ai\/tr\/#website","url":"https:\/\/talkpal.ai\/tr\/","name":"Talkpal","description":"AI Language Learning","publisher":{"@id":"https:\/\/talkpal.ai\/tr\/#organization"},"alternateName":"Talkpal AI","potentialAction":[{"@type":"SearchAction","target":{"@type":"EntryPoint","urlTemplate":"https:\/\/talkpal.ai\/tr\/?s={search_term_string}"},"query-input":{"@type":"PropertyValueSpecification","valueRequired":true,"valueName":"search_term_string"}}],"inLanguage":"tr"},{"@type":"Organization","@id":"https:\/\/talkpal.ai\/tr\/#organization","name":"Talkpal, Inc.","alternateName":"Talkpal AI","url":"https:\/\/talkpal.ai\/tr\/","logo":{"@type":"ImageObject","inLanguage":"tr","@id":"https:\/\/talkpal.ai\/tr\/#\/schema\/logo\/image\/","url":"https:\/\/talkpal.ai\/wp-content\/uploads\/2024\/03\/Talkpal-Logo-Icon.png","contentUrl":"https:\/\/talkpal.ai\/wp-content\/uploads\/2024\/03\/Talkpal-Logo-Icon.png","width":2880,"height":2880,"caption":"Talkpal, Inc."},"image":{"@id":"https:\/\/talkpal.ai\/tr\/#\/schema\/logo\/image\/"},"sameAs":["https:\/\/www.facebook.com\/profile.php?id=100090733639311","https:\/\/x.com\/talkpalai","https:\/\/www.linkedin.com\/company\/talkpal\/","https:\/\/www.youtube.com\/@TalkPal\/","https:\/\/www.tiktok.com\/@talkpal","https:\/\/www.instagram.com\/talkpal_ai\/","https:\/\/www.crunchbase.com\/organization\/talkpal-9cde","https:\/\/www.g2.com\/products\/talkpal-for-business\/","https:\/\/www.trustpilot.com\/review\/talkpal.ai","https:\/\/www.capterra.com\/p\/10006800\/TalkPal\/"],"description":"Talkpal is a language learning web and mobile education app, powered by the latest AI technologies, that provides engaging experiences to its customers in many different languages to help them improve their language skills. Users can chat about unlimited amount of topics with the app and use other modes to practice their language learning.","email":"support@talkpal.ai","legalName":"Talkpal, Inc.","foundingDate":"2023-04-03","duns":"118989042","numberOfEmployees":{"@type":"QuantitativeValue","minValue":"11","maxValue":"50"},"publishingPrinciples":"https:\/\/talkpal.ai\/publishing-principles\/","actionableFeedbackPolicy":"https:\/\/talkpal.ai\/actionable-feedback-policy\/","correctionsPolicy":"https:\/\/talkpal.ai\/corrections-policy\/","ethicsPolicy":"https:\/\/talkpal.ai\/ethics-policy\/","diversityPolicy":"https:\/\/talkpal.ai\/diversity-policy\/","diversityStaffingReport":"https:\/\/talkpal.ai\/diversity-policy\/"}]}},"_links":{"self":[{"href":"https:\/\/talkpal.ai\/tr\/wp-json\/wp\/v2\/pages\/162437","targetHints":{"allow":["GET"]}}],"collection":[{"href":"https:\/\/talkpal.ai\/tr\/wp-json\/wp\/v2\/pages"}],"about":[{"href":"https:\/\/talkpal.ai\/tr\/wp-json\/wp\/v2\/types\/page"}],"author":[{"embeddable":true,"href":"https:\/\/talkpal.ai\/tr\/wp-json\/wp\/v2\/users\/6"}],"replies":[{"embeddable":true,"href":"https:\/\/talkpal.ai\/tr\/wp-json\/wp\/v2\/comments?post=162437"}],"version-history":[{"count":0,"href":"https:\/\/talkpal.ai\/tr\/wp-json\/wp\/v2\/pages\/162437\/revisions"}],"wp:featuredmedia":[{"embeddable":true,"href":"https:\/\/talkpal.ai\/tr\/wp-json\/wp\/v2\/media\/112762"}],"wp:attachment":[{"href":"https:\/\/talkpal.ai\/tr\/wp-json\/wp\/v2\/media?parent=162437"}],"curies":[{"name":"wp","href":"https:\/\/api.w.org\/{rel}","templated":true}]}}