{"id":162160,"date":"2023-06-21T14:25:56","date_gmt":"2023-06-21T14:25:56","guid":{"rendered":"http:\/\/talkpal.ai\/ibranice-dilbilgisi-alistirmalari\/"},"modified":"2025-12-17T15:48:00","modified_gmt":"2025-12-17T15:48:00","slug":"ibranice-dilbilgisi-alistirmalari","status":"publish","type":"page","link":"https:\/\/talkpal.ai\/tr\/ibranice-dilbilgisi-alistirmalari\/","title":{"rendered":"\u0130branice Dilbilgisi Al\u0131\u015ft\u0131rmalar\u0131"},"content":{"rendered":"\r\n\r\n\r\n<section class=\"languageChallengeSection\">\r\n    <div class=\"languageInfoWrapper\">\r\n        \r\n        <h1>\u0130branice Dilbilgisi Al\u0131\u015ft\u0131rmalar\u0131<\/h1>\r\n        <p>\u0130branice dilbilgisine dalmaya haz\u0131r m\u0131s\u0131n\u0131z? Bu basit al\u0131\u015ft\u0131rmalar, bu g\u00fczel dili \u00f6\u011frenirken temel konularda rahat olman\u0131za ve \u00f6zg\u00fcveninizi geli\u015ftirmenize yard\u0131mc\u0131 olacakt\u0131r.<\/p>\r\n\r\n                            <a class=\"getStartedHidden\" href=\"https:\/\/app.talkpal.ai\/tr\/signup?lng=\">Hadi ba\u015fla<\/a>\r\n        \r\n    <\/div>\r\n\r\n    <figure>\r\n    <img decoding=\"async\" width=\"768\" height=\"768\" src=\"https:\/\/talkpal.ai\/wp-content\/uploads\/2023\/06\/hebrew-768x768.png\" class=\"languageImage no-lazy\" alt=\"Language learning for proficient communication\" fetchpriority=\"high\" sizes=\"(max-width: 768px) 150px, 768px\" srcset=\"https:\/\/talkpal.ai\/wp-content\/uploads\/2023\/06\/hebrew-768x768.png 768w, https:\/\/talkpal.ai\/wp-content\/uploads\/2023\/06\/hebrew-300x300.png 300w\" \/>\r\n    \r\n\r\n    <\/figure>\r\n\r\n            <a class=\"getStartedVisible\" href=\"https:\/\/app.talkpal.ai\/tr\/signup?lng=\">Hadi ba\u015fla<\/a>\r\n    \r\n<\/section>\r\n\r\n\r\n<!-- <section class=\"grammarSection\">\r\n    <div class=\"grammarLinks\">\r\n            <\/div>\r\n<\/section> -->\r\n\r\n\r\n\r\n\r\n<section class=\"promotionalBanner\">\r\n    <p class=\"promotionalText\">Dil \u00f6\u011frenmenin en etkili yolu<\/p>\r\n    <a class=\"promotionalLink\" href=\"https:\/\/app.talkpal.ai\/tr\/signup?lng=\">Talkpal \u00fccretsiz deneyin<\/a>\r\n<\/section>\n<div class=\"wp-block-group pageContainerStyle\"><div class=\"wp-block-group__inner-container is-layout-constrained wp-block-group-is-layout-constrained\">\n<h2 class=\"wp-block-heading\" id=\"h-hebrew-grammar-topics\">\u0130branice Dilbilgisi Konular\u0131<\/h2>\n\n\n\n<p>\u0130branice, b\u00fcy\u00fck tarihi ve k\u00fclt\u00fcrel \u00f6neme sahip b\u00fcy\u00fcleyici ve eski bir dildir. D\u00fcnyan\u0131n en eski dillerinden biri olarak, zaman i\u00e7inde geli\u015fti ve adapte oldu, bu da onu \u00f6\u011frenmesi hem zor hem de \u00f6d\u00fcllendirici bir dil haline getirdi. \u0130branice&#8217;yi ister dini nedenlerle, ister miras\u0131n\u0131zla ba\u011flant\u0131 kurmak i\u00e7in veya sadece ki\u015fisel geli\u015fim i\u00e7in \u00f6\u011freniyor olun, etkili ileti\u015fim i\u00e7in dilbilgisini anlamak \u00e7ok \u00f6nemlidir. Bu k\u0131lavuzda, dil \u00f6\u011frenme yolculu\u011funuz i\u00e7in sa\u011flam bir temel sa\u011flayarak, ustala\u015fman\u0131z gereken temel \u0130branice dilbilgisi konular\u0131n\u0131 mant\u0131kl\u0131 bir s\u0131rayla ke\u015ffedece\u011fiz.<\/p>\n\n\n\n<h3 class=\"wp-block-heading\" id=\"h-1-nouns\">1. \u0130simler:<\/h3>\n\n\n\n<p>Herhangi bir dilin yap\u0131 ta\u015flar\u0131 olarak, \u0130branice isimleri anlamak \u00e7ok \u00f6nemlidir. \u0130branice&#8217;deki isimlerin cinsiyeti (eril veya di\u015fil) ve say\u0131s\u0131 (tekil, \u00e7o\u011ful ve bazen ikili) vard\u0131r. Cinsiyet ve say\u0131 uyumu kal\u0131plar\u0131n\u0131 \u00f6\u011frenmek, temel c\u00fcmleler kurman\u0131za ve dil yap\u0131s\u0131n\u0131 anlaman\u0131za yard\u0131mc\u0131 olacakt\u0131r.<\/p>\n\n\n\n<h3 class=\"wp-block-heading\" id=\"h-2-articles\">2. Makaleler:<\/h3>\n\n\n\n<p>\u0130branice&#8217;de belirli veya bilinen oldu\u011funu belirtmek i\u00e7in bir ismin ba\u015f\u0131na eklenen &#8220;\u05d4&#8221; (ha) kesin artikeli vard\u0131r. \u0130branice&#8217;de belirsiz artikel yoktur, bu nedenle kesin artikelin ne zaman ve nas\u0131l kullan\u0131laca\u011f\u0131n\u0131 \u00f6\u011frenmek, do\u011fru ileti\u015fim i\u00e7in \u00e7ok \u00f6nemlidir.<\/p>\n\n\n\n<h3 class=\"wp-block-heading\" id=\"h-3-adjectives\">3. S\u0131fatlar:<\/h3>\n\n\n\n<p>\u0130branice s\u0131fatlar, isimler gibi, cinsiyet ve say\u0131 anla\u015fmas\u0131na sahiptir. De\u011fi\u015ftirdikleri ismi takip ederler ve cinsiyet ve say\u0131 konusunda hemfikir olmalar\u0131 gerekir. S\u0131fat anla\u015fmas\u0131n\u0131n kal\u0131plar\u0131n\u0131 ve kurallar\u0131n\u0131 anlamak, \u0130branice&#8217;deki nesneleri ve fikirleri do\u011fru bir \u015fekilde tan\u0131mlaman\u0131za yard\u0131mc\u0131 olacakt\u0131r.<\/p>\n\n\n\n<h3 class=\"wp-block-heading\" id=\"h-4-pronouns-determiners\">4. Zamirler\/Belirleyiciler:<\/h3>\n\n\n\n<p>Zamirler c\u00fcmlelerde isimlerin yerini al\u0131rken, belirleyiciler onlar\u0131 belirtir veya nicelle\u015ftirir. Her ikisi de \u0130branicenizi daha ak\u0131c\u0131 ve do\u011fal hale getirmede \u00e7ok \u00f6nemli bir rol oynar. \u00c7e\u015fitli zamirlere (\u00f6zne, nesne, iyelik) ve belirleyicilere (g\u00f6sterici, soru, belirsiz) hakim olmak, daha karma\u015f\u0131k c\u00fcmleler olu\u015fturman\u0131za ve fikirlerinizi daha etkili bir \u015fekilde aktarman\u0131za yard\u0131mc\u0131 olacakt\u0131r.<\/p>\n\n\n\n<h3 class=\"wp-block-heading\" id=\"h-5-verbs\">5. Fiiller:<\/h3>\n\n\n\n<p>\u0130branice fiiller dilin gramerinin merkezinde yer al\u0131r. \u00dc\u00e7 veya d\u00f6rt \u00fcns\u00fczden olu\u015fan bir k\u00f6k sistemine dayan\u0131rlar ve zaman, ki\u015fi, cinsiyet ve say\u0131ya g\u00f6re \u00e7ekimlenirler. Kendinizi \u00e7e\u015fitli fiil formlar\u0131na ve zamanlar\u0131na al\u0131\u015ft\u0131rmak, eylemleri ve durumlar\u0131 etkili bir \u015fekilde ifade etmenizi sa\u011flayacakt\u0131r.<\/p>\n\n\n\n<h3 class=\"wp-block-heading\" id=\"h-6-tenses\">6. Zamanlar:<\/h3>\n\n\n\n<p>\u0130branice&#8217;nin \u00fc\u00e7 ana zaman\u0131 vard\u0131r: ge\u00e7mi\u015f, \u015fimdiki zaman ve gelecek. Her zaman\u0131n, fiilin k\u00f6k\u00fcne ve \u00f6znenin cinsiyetine ve say\u0131s\u0131na ba\u011fl\u0131 olan belirli \u00e7ekim kurallar\u0131 vard\u0131r. Bu kurallar\u0131 anlamak, eylemlerin zamanlamas\u0131n\u0131 do\u011fru bir \u015fekilde iletmenizi sa\u011flayacakt\u0131r.<\/p>\n\n\n\n<h3 class=\"wp-block-heading\" id=\"h-7-tense-comparison\">7. Gergin Kar\u015f\u0131la\u015ft\u0131rma:<\/h3>\n\n\n\n<p>Etkili ileti\u015fim kurmak i\u00e7in her \u0130branice zaman\u0131n ne zaman ve nas\u0131l kullan\u0131laca\u011f\u0131n\u0131 bilmek \u00f6nemlidir. \u00c7e\u015fitli zamanlar\u0131 kar\u015f\u0131la\u015ft\u0131rmak ve kar\u015f\u0131la\u015ft\u0131rmak, dilin n\u00fcanslar\u0131n\u0131 kavraman\u0131za ve kendinizi daha kesin bir \u015fekilde ifade etmenize yard\u0131mc\u0131 olacakt\u0131r.<\/p>\n\n\n\n<h3 class=\"wp-block-heading\" id=\"h-8-progressive-and-perfect-progressive\">8. \u0130lerici ve M\u00fckemmel \u0130lerici:<\/h3>\n\n\n\n<p>Bu fiil formlar\u0131, devam eden veya tamamlanm\u0131\u015f eylemleri belirtmek i\u00e7in kullan\u0131l\u0131r. Progresif form, halen devam etmekte olan eylemler i\u00e7in kullan\u0131l\u0131rken, m\u00fckemmel progresif bir eylemin tamamlanmas\u0131n\u0131 vurgular. Bu formlar\u0131 anlamak, karma\u015f\u0131k fikirleri ve eylemleri ifade etme yetene\u011finizi geli\u015ftirecektir.<\/p>\n\n\n\n<h3 class=\"wp-block-heading\" id=\"h-9-adverbs\">9. Zarflar:<\/h3>\n\n\n\n<p>Zarflar fiilleri, s\u0131fatlar\u0131 veya di\u011fer zarflar\u0131 de\u011fi\u015ftirerek, a\u00e7\u0131klanan eylem veya nitelik hakk\u0131nda ek bilgi sa\u011flar. \u00c7e\u015fitli \u0130branice zarf t\u00fcrlerini ve bunlar\u0131n nas\u0131l do\u011fru kullan\u0131laca\u011f\u0131n\u0131 \u00f6\u011frenmek, dil becerilerinize \u00e7e\u015fitlilik ve derinlik katacakt\u0131r.<\/p>\n\n\n\n<h3 class=\"wp-block-heading\" id=\"h-10-prepositions\">10. Edatlar:<\/h3>\n\n\n\n<p>Edatlar, zaman, konum veya di\u011fer ba\u011flamlardaki ili\u015fkileri g\u00f6stermek i\u00e7in isimleri, zamirleri veya di\u011fer kelimeleri birbirine ba\u011flar. \u0130branice edatlara hakim olmak, daha karma\u015f\u0131k c\u00fcmleler olu\u015fturman\u0131za ve fikirler aras\u0131ndaki ili\u015fkileri daha net ifade etmenize yard\u0131mc\u0131 olacakt\u0131r.<\/p>\n\n\n\n<h3 class=\"wp-block-heading\" id=\"h-11-conditionals\">11. Ko\u015fullar:<\/h3>\n\n\n\n<p>\u0130branice ko\u015fullar, varsay\u0131msal durumlar\u0131 ve sonu\u00e7lar\u0131n\u0131 ifade etmek i\u00e7in kullan\u0131l\u0131r. \u00c7e\u015fitli ko\u015fullu yap\u0131lar\u0131 (if\/then ifadeleri) \u00f6\u011frenmek, varsay\u0131msal veya belirsiz durumlarda etkili bir \u015fekilde ileti\u015fim kurman\u0131z\u0131 sa\u011flayacakt\u0131r.<\/p>\n\n\n\n<h3 class=\"wp-block-heading\" id=\"h-12-sentences\">12. C\u00fcmleler:<\/h3>\n\n\n\n<p>Son olarak, eksiksiz, tutarl\u0131 c\u00fcmleler olu\u015fturmak i\u00e7in t\u00fcm dilbilgisi bile\u015fenlerini bir araya getirmek, \u0130branice \u00f6\u011frenmenin nihai amac\u0131d\u0131r. D\u00fc\u015f\u00fcncelerinizi ve fikirlerinizi \u0130branice dilinde do\u011fru bir \u015fekilde ileten c\u00fcmleler olu\u015fturmak i\u00e7in isimleri, fiilleri, s\u0131fatlar\u0131 ve di\u011fer unsurlar\u0131 birle\u015ftirme al\u0131\u015ft\u0131rmas\u0131 yap\u0131n.<\/p>\n<\/div><\/div>\n\r\n<section class=\"learnNavigationSection\">\r\n            \r\n        <a href=\"https:\/\/talkpal.ai\/tr\/ibranice-ogren\/\">\r\n            <div class=\"learnNavigationWrapper\">\r\n                <div class=\"learnNavigationContent\">\r\n                    <img decoding=\"async\" src=\"https:\/\/talkpal.ai\/wp-content\/uploads\/2024\/08\/Hebrew.jpg\" alt=\"Israel Flag\">\r\n                    <div>\r\n                        <h4>\u0130branice \u00d6\u011frenimi Hakk\u0131nda<\/h4>\r\n                        <p>\u0130branice dilbilgisi hakk\u0131nda her \u015feyi \u00f6\u011frenin .<\/p>\r\n                    <\/div>\r\n                <\/div>\r\n            <\/div>\r\n        <\/a>\r\n\r\n        \r\n        <a href=\"https:\/\/talkpal.ai\/tr\/ibranice-dilbilgisi\/\">\r\n            <div class=\"learnNavigationWrapper\">\r\n                <div class=\"learnNavigationContent\">\r\n                    <img decoding=\"async\" src=\"https:\/\/talkpal.ai\/wp-content\/uploads\/2024\/08\/Hebrew.jpg\" alt=\"Israel Flag\">\r\n                    <div>\r\n                        <h4>\u0130branice Dilbilgisi Dersleri<\/h4>\r\n                        <p>\u0130branice dilbilgisi al\u0131\u015ft\u0131rmas\u0131 yap\u0131n .<\/p>\r\n                    <\/div>\r\n                <\/div>\r\n            <\/div>\r\n        <\/a>\r\n\r\n        \r\n        <a href=\"https:\/\/talkpal.ai\/vocabulary_language\/hebrew\/\">\r\n            <div class=\"learnNavigationWrapper\">\r\n                <div class=\"learnNavigationContent\">\r\n                    <img decoding=\"async\" src=\"https:\/\/talkpal.ai\/wp-content\/uploads\/2024\/08\/Hebrew.jpg\" alt=\"Israel Flag\">\r\n                    <div>\r\n                        <h4>\u0130branice Kelime Bilgisi<\/h4>\r\n                        <p>\u0130branice kelime da\u011farc\u0131\u011f\u0131n\u0131z\u0131 geni\u015fletin.<\/p>\r\n                    <\/div>\r\n                <\/div>\r\n            <\/div>\r\n        <\/a>\r\n\r\n            <\/section>","protected":false},"excerpt":{"rendered":"<p>\u0130branice Dilbilgisi Konular\u0131 \u0130branice, b\u00fcy\u00fck tarihi ve k\u00fclt\u00fcrel \u00f6neme sahip b\u00fcy\u00fcleyici ve eski bir dildir. D\u00fcnyan\u0131n en eski dillerinden biri olarak, zaman i\u00e7inde geli\u015fti ve adapte oldu, bu da onu \u00f6\u011frenmesi hem zor hem de \u00f6d\u00fcllendirici bir dil haline getirdi. \u0130branice&#8217;yi ister dini nedenlerle, ister miras\u0131n\u0131zla ba\u011flant\u0131 kurmak i\u00e7in veya sadece ki\u015fisel geli\u015fim i\u00e7in \u00f6\u011freniyor [&hellip;]<\/p>\n","protected":false},"author":6,"featured_media":113067,"parent":0,"menu_order":0,"comment_status":"closed","ping_status":"closed","template":"LearningContentPage.php","meta":{"_acf_changed":false,"footnotes":""},"class_list":["post-162160","page","type-page","status-publish","has-post-thumbnail","hentry"],"acf":[],"yoast_head":"<!-- This site is optimized with the Yoast SEO Premium plugin v27.2 (Yoast SEO v27.2) - https:\/\/yoast.com\/product\/yoast-seo-premium-wordpress\/ -->\n<title>\u0130branice Dilbilgisi Al\u0131\u015ft\u0131rmalar\u0131 - Talkpal<\/title>\n<meta name=\"description\" content=\"\u0130branice dilbilginizi geli\u015ftirin - dil becerilerinizi kolayca g\u00fc\u00e7lendirmek i\u00e7in a\u00e7\u0131k, pratik al\u0131\u015ft\u0131rmalarla me\u015fgul olun Talkpal AI.\" \/>\n<meta name=\"robots\" content=\"index, follow, max-snippet:-1, max-image-preview:large, max-video-preview:-1\" \/>\n<link rel=\"canonical\" href=\"https:\/\/talkpal.ai\/tr\/ibranice-dilbilgisi-alistirmalari\/\" \/>\n<meta property=\"og:locale\" content=\"tr_TR\" \/>\n<meta property=\"og:type\" content=\"article\" \/>\n<meta property=\"og:title\" content=\"\u0130branice Dilbilgisi Al\u0131\u015ft\u0131rmalar\u0131\" \/>\n<meta property=\"og:description\" content=\"\u0130branice Dilbilgisi Konular\u0131 \u0130branice, b\u00fcy\u00fck tarihi ve k\u00fclt\u00fcrel \u00f6neme sahip b\u00fcy\u00fcleyici ve eski bir dildir. D\u00fcnyan\u0131n en eski dillerinden biri olarak, zaman\" \/>\n<meta property=\"og:url\" content=\"https:\/\/talkpal.ai\/tr\/ibranice-dilbilgisi-alistirmalari\/\" \/>\n<meta property=\"og:site_name\" content=\"Talkpal\" \/>\n<meta property=\"article:publisher\" content=\"https:\/\/www.facebook.com\/profile.php?id=100090733639311\" \/>\n<meta property=\"article:modified_time\" content=\"2025-12-17T15:48:00+00:00\" \/>\n<meta property=\"og:image\" content=\"https:\/\/talkpal.ai\/wp-content\/uploads\/2023\/05\/israel.png\" \/>\n\t<meta property=\"og:image:width\" content=\"512\" \/>\n\t<meta property=\"og:image:height\" content=\"512\" \/>\n\t<meta property=\"og:image:type\" content=\"image\/png\" \/>\n<meta name=\"twitter:card\" content=\"summary_large_image\" \/>\n<meta name=\"twitter:site\" content=\"@talkpalai\" \/>\n<meta name=\"twitter:label1\" content=\"Tahmini okuma s\u00fcresi\" \/>\n\t<meta name=\"twitter:data1\" content=\"4 dakika\" \/>\n<script type=\"application\/ld+json\" class=\"yoast-schema-graph\">{\"@context\":\"https:\/\/schema.org\",\"@graph\":[{\"@type\":\"WebPage\",\"@id\":\"https:\/\/talkpal.ai\/tr\/ibranice-dilbilgisi-alistirmalari\/\",\"url\":\"https:\/\/talkpal.ai\/tr\/ibranice-dilbilgisi-alistirmalari\/\",\"name\":\"\u0130branice Dilbilgisi Al\u0131\u015ft\u0131rmalar\u0131 - Talkpal\",\"isPartOf\":{\"@id\":\"https:\/\/talkpal.ai\/tr\/#website\"},\"primaryImageOfPage\":{\"@id\":\"https:\/\/talkpal.ai\/tr\/ibranice-dilbilgisi-alistirmalari\/#primaryimage\"},\"image\":{\"@id\":\"https:\/\/talkpal.ai\/tr\/ibranice-dilbilgisi-alistirmalari\/#primaryimage\"},\"thumbnailUrl\":\"https:\/\/talkpal.ai\/wp-content\/uploads\/2023\/05\/israel.png\",\"datePublished\":\"2023-06-21T14:25:56+00:00\",\"dateModified\":\"2025-12-17T15:48:00+00:00\",\"description\":\"\u0130branice dilbilginizi geli\u015ftirin - dil becerilerinizi kolayca g\u00fc\u00e7lendirmek i\u00e7in a\u00e7\u0131k, pratik al\u0131\u015ft\u0131rmalarla me\u015fgul olun Talkpal AI.\",\"breadcrumb\":{\"@id\":\"https:\/\/talkpal.ai\/tr\/ibranice-dilbilgisi-alistirmalari\/#breadcrumb\"},\"inLanguage\":\"tr\",\"potentialAction\":[{\"@type\":\"ReadAction\",\"target\":[\"https:\/\/talkpal.ai\/tr\/ibranice-dilbilgisi-alistirmalari\/\"]}]},{\"@type\":\"ImageObject\",\"inLanguage\":\"tr\",\"@id\":\"https:\/\/talkpal.ai\/tr\/ibranice-dilbilgisi-alistirmalari\/#primaryimage\",\"url\":\"https:\/\/talkpal.ai\/wp-content\/uploads\/2023\/05\/israel.png\",\"contentUrl\":\"https:\/\/talkpal.ai\/wp-content\/uploads\/2023\/05\/israel.png\",\"width\":512,\"height\":512},{\"@type\":\"BreadcrumbList\",\"@id\":\"https:\/\/talkpal.ai\/tr\/ibranice-dilbilgisi-alistirmalari\/#breadcrumb\",\"itemListElement\":[{\"@type\":\"ListItem\",\"position\":1,\"name\":\"Homepage\",\"item\":\"https:\/\/talkpal.ai\/tr\/\"},{\"@type\":\"ListItem\",\"position\":2,\"name\":\"\u0130branice Dilbilgisi Al\u0131\u015ft\u0131rmalar\u0131\"}]},{\"@type\":\"WebSite\",\"@id\":\"https:\/\/talkpal.ai\/tr\/#website\",\"url\":\"https:\/\/talkpal.ai\/tr\/\",\"name\":\"Talkpal\",\"description\":\"AI Language Learning\",\"publisher\":{\"@id\":\"https:\/\/talkpal.ai\/tr\/#organization\"},\"alternateName\":\"Talkpal AI\",\"potentialAction\":[{\"@type\":\"SearchAction\",\"target\":{\"@type\":\"EntryPoint\",\"urlTemplate\":\"https:\/\/talkpal.ai\/tr\/?s={search_term_string}\"},\"query-input\":{\"@type\":\"PropertyValueSpecification\",\"valueRequired\":true,\"valueName\":\"search_term_string\"}}],\"inLanguage\":\"tr\"},{\"@type\":\"Organization\",\"@id\":\"https:\/\/talkpal.ai\/tr\/#organization\",\"name\":\"Talkpal, Inc.\",\"alternateName\":\"Talkpal AI\",\"url\":\"https:\/\/talkpal.ai\/tr\/\",\"logo\":{\"@type\":\"ImageObject\",\"inLanguage\":\"tr\",\"@id\":\"https:\/\/talkpal.ai\/tr\/#\/schema\/logo\/image\/\",\"url\":\"https:\/\/talkpal.ai\/wp-content\/uploads\/2024\/03\/Talkpal-Logo-Icon.png\",\"contentUrl\":\"https:\/\/talkpal.ai\/wp-content\/uploads\/2024\/03\/Talkpal-Logo-Icon.png\",\"width\":2880,\"height\":2880,\"caption\":\"Talkpal, Inc.\"},\"image\":{\"@id\":\"https:\/\/talkpal.ai\/tr\/#\/schema\/logo\/image\/\"},\"sameAs\":[\"https:\/\/www.facebook.com\/profile.php?id=100090733639311\",\"https:\/\/x.com\/talkpalai\",\"https:\/\/www.linkedin.com\/company\/talkpal\/\",\"https:\/\/www.youtube.com\/@TalkPal\/\",\"https:\/\/www.tiktok.com\/@talkpal\",\"https:\/\/www.instagram.com\/talkpal_ai\/\",\"https:\/\/www.crunchbase.com\/organization\/talkpal-9cde\",\"https:\/\/www.g2.com\/products\/talkpal-for-business\/\",\"https:\/\/www.trustpilot.com\/review\/talkpal.ai\",\"https:\/\/www.capterra.com\/p\/10006800\/TalkPal\/\"],\"description\":\"Talkpal is a language learning web and mobile education app, powered by the latest AI technologies, that provides engaging experiences to its customers in many different languages to help them improve their language skills. Users can chat about unlimited amount of topics with the app and use other modes to practice their language learning.\",\"email\":\"support@talkpal.ai\",\"legalName\":\"Talkpal, Inc.\",\"foundingDate\":\"2023-04-03\",\"duns\":\"118989042\",\"numberOfEmployees\":{\"@type\":\"QuantitativeValue\",\"minValue\":\"11\",\"maxValue\":\"50\"},\"publishingPrinciples\":\"https:\/\/talkpal.ai\/publishing-principles\/\",\"actionableFeedbackPolicy\":\"https:\/\/talkpal.ai\/actionable-feedback-policy\/\",\"correctionsPolicy\":\"https:\/\/talkpal.ai\/corrections-policy\/\",\"ethicsPolicy\":\"https:\/\/talkpal.ai\/ethics-policy\/\",\"diversityPolicy\":\"https:\/\/talkpal.ai\/diversity-policy\/\",\"diversityStaffingReport\":\"https:\/\/talkpal.ai\/diversity-policy\/\"}]}<\/script>\n<!-- \/ Yoast SEO Premium plugin. -->","yoast_head_json":{"title":"\u0130branice Dilbilgisi Al\u0131\u015ft\u0131rmalar\u0131 - Talkpal","description":"\u0130branice dilbilginizi geli\u015ftirin - dil becerilerinizi kolayca g\u00fc\u00e7lendirmek i\u00e7in a\u00e7\u0131k, pratik al\u0131\u015ft\u0131rmalarla me\u015fgul olun Talkpal AI.","robots":{"index":"index","follow":"follow","max-snippet":"max-snippet:-1","max-image-preview":"max-image-preview:large","max-video-preview":"max-video-preview:-1"},"canonical":"https:\/\/talkpal.ai\/tr\/ibranice-dilbilgisi-alistirmalari\/","og_locale":"tr_TR","og_type":"article","og_title":"\u0130branice Dilbilgisi Al\u0131\u015ft\u0131rmalar\u0131","og_description":"\u0130branice Dilbilgisi Konular\u0131 \u0130branice, b\u00fcy\u00fck tarihi ve k\u00fclt\u00fcrel \u00f6neme sahip b\u00fcy\u00fcleyici ve eski bir dildir. D\u00fcnyan\u0131n en eski dillerinden biri olarak, zaman","og_url":"https:\/\/talkpal.ai\/tr\/ibranice-dilbilgisi-alistirmalari\/","og_site_name":"Talkpal","article_publisher":"https:\/\/www.facebook.com\/profile.php?id=100090733639311","article_modified_time":"2025-12-17T15:48:00+00:00","og_image":[{"width":512,"height":512,"url":"https:\/\/talkpal.ai\/wp-content\/uploads\/2023\/05\/israel.png","type":"image\/png"}],"twitter_card":"summary_large_image","twitter_site":"@talkpalai","twitter_misc":{"Tahmini okuma s\u00fcresi":"4 dakika"},"schema":{"@context":"https:\/\/schema.org","@graph":[{"@type":"WebPage","@id":"https:\/\/talkpal.ai\/tr\/ibranice-dilbilgisi-alistirmalari\/","url":"https:\/\/talkpal.ai\/tr\/ibranice-dilbilgisi-alistirmalari\/","name":"\u0130branice Dilbilgisi Al\u0131\u015ft\u0131rmalar\u0131 - Talkpal","isPartOf":{"@id":"https:\/\/talkpal.ai\/tr\/#website"},"primaryImageOfPage":{"@id":"https:\/\/talkpal.ai\/tr\/ibranice-dilbilgisi-alistirmalari\/#primaryimage"},"image":{"@id":"https:\/\/talkpal.ai\/tr\/ibranice-dilbilgisi-alistirmalari\/#primaryimage"},"thumbnailUrl":"https:\/\/talkpal.ai\/wp-content\/uploads\/2023\/05\/israel.png","datePublished":"2023-06-21T14:25:56+00:00","dateModified":"2025-12-17T15:48:00+00:00","description":"\u0130branice dilbilginizi geli\u015ftirin - dil becerilerinizi kolayca g\u00fc\u00e7lendirmek i\u00e7in a\u00e7\u0131k, pratik al\u0131\u015ft\u0131rmalarla me\u015fgul olun Talkpal AI.","breadcrumb":{"@id":"https:\/\/talkpal.ai\/tr\/ibranice-dilbilgisi-alistirmalari\/#breadcrumb"},"inLanguage":"tr","potentialAction":[{"@type":"ReadAction","target":["https:\/\/talkpal.ai\/tr\/ibranice-dilbilgisi-alistirmalari\/"]}]},{"@type":"ImageObject","inLanguage":"tr","@id":"https:\/\/talkpal.ai\/tr\/ibranice-dilbilgisi-alistirmalari\/#primaryimage","url":"https:\/\/talkpal.ai\/wp-content\/uploads\/2023\/05\/israel.png","contentUrl":"https:\/\/talkpal.ai\/wp-content\/uploads\/2023\/05\/israel.png","width":512,"height":512},{"@type":"BreadcrumbList","@id":"https:\/\/talkpal.ai\/tr\/ibranice-dilbilgisi-alistirmalari\/#breadcrumb","itemListElement":[{"@type":"ListItem","position":1,"name":"Homepage","item":"https:\/\/talkpal.ai\/tr\/"},{"@type":"ListItem","position":2,"name":"\u0130branice Dilbilgisi Al\u0131\u015ft\u0131rmalar\u0131"}]},{"@type":"WebSite","@id":"https:\/\/talkpal.ai\/tr\/#website","url":"https:\/\/talkpal.ai\/tr\/","name":"Talkpal","description":"AI Language Learning","publisher":{"@id":"https:\/\/talkpal.ai\/tr\/#organization"},"alternateName":"Talkpal AI","potentialAction":[{"@type":"SearchAction","target":{"@type":"EntryPoint","urlTemplate":"https:\/\/talkpal.ai\/tr\/?s={search_term_string}"},"query-input":{"@type":"PropertyValueSpecification","valueRequired":true,"valueName":"search_term_string"}}],"inLanguage":"tr"},{"@type":"Organization","@id":"https:\/\/talkpal.ai\/tr\/#organization","name":"Talkpal, Inc.","alternateName":"Talkpal AI","url":"https:\/\/talkpal.ai\/tr\/","logo":{"@type":"ImageObject","inLanguage":"tr","@id":"https:\/\/talkpal.ai\/tr\/#\/schema\/logo\/image\/","url":"https:\/\/talkpal.ai\/wp-content\/uploads\/2024\/03\/Talkpal-Logo-Icon.png","contentUrl":"https:\/\/talkpal.ai\/wp-content\/uploads\/2024\/03\/Talkpal-Logo-Icon.png","width":2880,"height":2880,"caption":"Talkpal, Inc."},"image":{"@id":"https:\/\/talkpal.ai\/tr\/#\/schema\/logo\/image\/"},"sameAs":["https:\/\/www.facebook.com\/profile.php?id=100090733639311","https:\/\/x.com\/talkpalai","https:\/\/www.linkedin.com\/company\/talkpal\/","https:\/\/www.youtube.com\/@TalkPal\/","https:\/\/www.tiktok.com\/@talkpal","https:\/\/www.instagram.com\/talkpal_ai\/","https:\/\/www.crunchbase.com\/organization\/talkpal-9cde","https:\/\/www.g2.com\/products\/talkpal-for-business\/","https:\/\/www.trustpilot.com\/review\/talkpal.ai","https:\/\/www.capterra.com\/p\/10006800\/TalkPal\/"],"description":"Talkpal is a language learning web and mobile education app, powered by the latest AI technologies, that provides engaging experiences to its customers in many different languages to help them improve their language skills. Users can chat about unlimited amount of topics with the app and use other modes to practice their language learning.","email":"support@talkpal.ai","legalName":"Talkpal, Inc.","foundingDate":"2023-04-03","duns":"118989042","numberOfEmployees":{"@type":"QuantitativeValue","minValue":"11","maxValue":"50"},"publishingPrinciples":"https:\/\/talkpal.ai\/publishing-principles\/","actionableFeedbackPolicy":"https:\/\/talkpal.ai\/actionable-feedback-policy\/","correctionsPolicy":"https:\/\/talkpal.ai\/corrections-policy\/","ethicsPolicy":"https:\/\/talkpal.ai\/ethics-policy\/","diversityPolicy":"https:\/\/talkpal.ai\/diversity-policy\/","diversityStaffingReport":"https:\/\/talkpal.ai\/diversity-policy\/"}]}},"_links":{"self":[{"href":"https:\/\/talkpal.ai\/tr\/wp-json\/wp\/v2\/pages\/162160","targetHints":{"allow":["GET"]}}],"collection":[{"href":"https:\/\/talkpal.ai\/tr\/wp-json\/wp\/v2\/pages"}],"about":[{"href":"https:\/\/talkpal.ai\/tr\/wp-json\/wp\/v2\/types\/page"}],"author":[{"embeddable":true,"href":"https:\/\/talkpal.ai\/tr\/wp-json\/wp\/v2\/users\/6"}],"replies":[{"embeddable":true,"href":"https:\/\/talkpal.ai\/tr\/wp-json\/wp\/v2\/comments?post=162160"}],"version-history":[{"count":0,"href":"https:\/\/talkpal.ai\/tr\/wp-json\/wp\/v2\/pages\/162160\/revisions"}],"wp:featuredmedia":[{"embeddable":true,"href":"https:\/\/talkpal.ai\/tr\/wp-json\/wp\/v2\/media\/113067"}],"wp:attachment":[{"href":"https:\/\/talkpal.ai\/tr\/wp-json\/wp\/v2\/media?parent=162160"}],"curies":[{"name":"wp","href":"https:\/\/api.w.org\/{rel}","templated":true}]}}