{"id":161876,"date":"2023-06-21T14:29:48","date_gmt":"2023-06-21T14:29:48","guid":{"rendered":"http:\/\/talkpal.ai\/macarca-dilbilgisi-alistirmalari\/"},"modified":"2025-12-17T15:49:26","modified_gmt":"2025-12-17T15:49:26","slug":"macarca-dilbilgisi-alistirmalari","status":"publish","type":"page","link":"https:\/\/talkpal.ai\/tr\/macarca-dilbilgisi-alistirmalari\/","title":{"rendered":"Macarca Dilbilgisi Al\u0131\u015ft\u0131rmalar\u0131"},"content":{"rendered":"\r\n\r\n\r\n<section class=\"languageChallengeSection\">\r\n    <div class=\"languageInfoWrapper\">\r\n        \r\n        <h1>Macarca Dilbilgisi Al\u0131\u015ft\u0131rmalar\u0131<\/h1>\r\n        <p>Macarca becerilerinizi g\u00fc\u00e7lendirmeye haz\u0131r m\u0131s\u0131n\u0131z? <a href=\"https:\/\/talkpal.ai\/grammar\/\">Dilbilgisi<\/a> al\u0131\u015ft\u0131rmalar\u0131 yapmak, kelime s\u0131ras\u0131, fiil sonlar\u0131 ve Macarcan\u0131n kendine \u00f6zg\u00fc yap\u0131s\u0131na hakim olmak i\u00e7in harika bir yoldur. Bug\u00fcn Macarca dilbilgisine dal\u0131n ve her al\u0131\u015ft\u0131rmada kendinize olan g\u00fcveninizin ve ak\u0131c\u0131l\u0131\u011f\u0131n\u0131z\u0131n artt\u0131\u011f\u0131n\u0131 g\u00f6r\u00fcn!<\/p>\r\n\r\n                            <a class=\"getStartedHidden\" href=\"https:\/\/app.talkpal.ai\/tr\/signup?lng=\">Hadi ba\u015fla<\/a>\r\n        \r\n    <\/div>\r\n\r\n    <figure>\r\n    <img decoding=\"async\" width=\"768\" height=\"768\" src=\"https:\/\/talkpal.ai\/wp-content\/uploads\/2023\/06\/hungarian-768x768.png\" class=\"languageImage no-lazy\" alt=\"Language learning strategies for advanced learners\" fetchpriority=\"high\" sizes=\"(max-width: 768px) 150px, 768px\" srcset=\"https:\/\/talkpal.ai\/wp-content\/uploads\/2023\/06\/hungarian-768x768.png 768w, https:\/\/talkpal.ai\/wp-content\/uploads\/2023\/06\/hungarian-300x300.png 300w\" \/>\r\n    \r\n\r\n    <\/figure>\r\n\r\n            <a class=\"getStartedVisible\" href=\"https:\/\/app.talkpal.ai\/tr\/signup?lng=\">Hadi ba\u015fla<\/a>\r\n    \r\n<\/section>\r\n\r\n\r\n<!-- <section class=\"grammarSection\">\r\n    <div class=\"grammarLinks\">\r\n            <\/div>\r\n<\/section> -->\r\n\r\n\r\n\r\n\r\n<section class=\"promotionalBanner\">\r\n    <p class=\"promotionalText\">Dil \u00f6\u011frenmenin en etkili yolu<\/p>\r\n    <a class=\"promotionalLink\" href=\"https:\/\/app.talkpal.ai\/tr\/signup?lng=\">Talkpal \u00fccretsiz deneyin<\/a>\r\n<\/section>\n<div class=\"wp-block-group pageContainerStyle\"><div class=\"wp-block-group__inner-container is-layout-constrained wp-block-group-is-layout-constrained\">\n<h2 class=\"wp-block-heading\" id=\"h-hungarian-grammar-topics\">Macarca Dilbilgisi Konular\u0131<\/h2>\n\n\n\n<p>Yeni bir dil \u00f6\u011frenmek heyecan verici ve \u00f6d\u00fcllendirici bir deneyim olabilir. Bununla birlikte, \u00f6zellikle <a href=\"https:\/\/talkpal.ai\/grammar\/\">dilbilgisi<\/a> konular\u0131n\u0131 anlamak ve ustala\u015fmak s\u00f6z konusu oldu\u011funda olduk\u00e7a bunalt\u0131c\u0131 olabilir. Dilbilgisi \u00f6\u011frenmeye y\u00f6nelik iyi yap\u0131land\u0131r\u0131lm\u0131\u015f bir yakla\u015f\u0131m, yeni bir dil edinmede ba\u015far\u0131 i\u00e7in \u00e7ok \u00f6nemlidir. Bu k\u0131lavuzda, dili daha etkili bir \u015fekilde \u00f6\u011frenmenize yard\u0131mc\u0131 olacak bir s\u0131rayla dilbilgisi konular\u0131n\u0131 k\u00fcmeledik. Bu konular\u0131 anlayarak ve ustala\u015farak, hedef dilinizde yetkin olma yolunda ilerleyeceksiniz.<\/p>\n\n\n\n<h3 class=\"wp-block-heading\" id=\"h-1-nouns-and-articles\">1. \u0130simler ve Makaleler<\/h3>\n\n\n\n<p>\u0130simlerin ve artikellerin temellerini anlayarak dil \u00f6\u011frenme yolculu\u011funuza ba\u015flay\u0131n. \u0130simler insanlar\u0131, yerleri, \u015feyleri veya fikirleri temsil eden kelimelerdir. Makaleler, bir ismin \u00f6zg\u00fcll\u00fc\u011f\u00fcn\u00fc belirtmek i\u00e7in kullan\u0131l\u0131r. Bunlar\u0131 \u00f6\u011frenmek, basit c\u00fcmleler kurman\u0131za ve dilin yap\u0131s\u0131n\u0131 anlaman\u0131za yard\u0131mc\u0131 olacakt\u0131r.<\/p>\n\n\n\n<h3 class=\"wp-block-heading\" id=\"h-2-pronouns-determiners\">2. Zamirler\/Belirleyiciler<\/h3>\n\n\n\n<p>Zamirler bir c\u00fcmledeki isimlerin yerini al\u0131r ve tekrar\u0131 \u00f6nlemeye yard\u0131mc\u0131 olurken, belirleyiciler bir ismin miktar\u0131 veya kesinli\u011fi hakk\u0131nda bilgi verir. Bu konulara hakim olmak ak\u0131c\u0131l\u0131\u011f\u0131n\u0131z\u0131 ve anlay\u0131\u015f\u0131n\u0131z\u0131 geli\u015ftirecektir.<\/p>\n\n\n\n<h3 class=\"wp-block-heading\" id=\"h-3-adjectives-and-adverbs\">3. S\u0131fatlar ve Zarflar<\/h3>\n\n\n\n<p>S\u0131fatlar isimleri tan\u0131mlarken, zarflar fiilleri, s\u0131fatlar\u0131 veya di\u011fer zarflar\u0131 de\u011fi\u015ftirir. Bunlar\u0131 \u00f6\u011frenerek c\u00fcmlelerinize daha fazla ayr\u0131nt\u0131 ve netlik katabilir, dil becerilerinizi daha etkileyici ve ilgi \u00e7ekici hale getirebilirsiniz.<\/p>\n\n\n\n<h3 class=\"wp-block-heading\" id=\"h-4-verbs-tenses-and-tense-comparison\">4. Fiiller, Zamanlar ve Zaman Kar\u015f\u0131la\u015ft\u0131rmas\u0131<\/h3>\n\n\n\n<p>Fiiller, eylemleri veya varl\u0131k durumlar\u0131n\u0131 iletir ve zamanlar, bir eylemin ger\u00e7ekle\u015fti\u011fi zaman\u0131 g\u00f6sterir. Zaman kar\u015f\u0131la\u015ft\u0131rmas\u0131n\u0131 anlamak, ge\u00e7mi\u015f, \u015fimdiki ve gelecekteki eylemleri do\u011fru bir \u015fekilde tart\u0131\u015fman\u0131za olanak tan\u0131r.<\/p>\n\n\n\n<h3 class=\"wp-block-heading\" id=\"h-5-progressive-and-perfect-progressive\">5. \u0130lerici ve M\u00fckemmel \u0130lerici<\/h3>\n\n\n\n<p>Progresif zaman, devam eden eylemlere odaklan\u0131rken, m\u00fckemmel progresif zaman, bir eylemin belirli bir zamana kadar olan s\u00fcresini vurgular. Bu zamanlar, karma\u015f\u0131k d\u00fc\u015f\u00fcnceleri ve fikirleri dilde ifade etme yetene\u011finizi geli\u015ftirir.<\/p>\n\n\n\n<h3 class=\"wp-block-heading\" id=\"h-6-conditionals\">6. Ko\u015fullar<\/h3>\n\n\n\n<p>Ko\u015fullar, varsay\u0131msal veya olas\u0131 durumlar\u0131 ve sonu\u00e7lar\u0131n\u0131 tan\u0131mlar. Ko\u015fullara hakim olmak, hedef dilinizde daha incelikli ve ayr\u0131nt\u0131l\u0131 d\u00fc\u015f\u00fcnceleri ifade etmenize yard\u0131mc\u0131 olur.<\/p>\n\n\n\n<h3 class=\"wp-block-heading\" id=\"h-7-prepositions\">7. Edatlar<\/h3>\n\n\n\n<p>Edatlar, bir c\u00fcmledeki s\u00f6zc\u00fckler aras\u0131ndaki konum, y\u00f6n veya zaman gibi ili\u015fkileri g\u00f6sterir. Bu k\u00fc\u00e7\u00fck kelimeler bir c\u00fcmlenin anlam\u0131n\u0131 \u015fekillendirmede \u00f6nemli bir rol oynar.<\/p>\n\n\n\n<h3 class=\"wp-block-heading\" id=\"h-8-sentences\">8. C\u00fcmleler<\/h3>\n\n\n\n<p>Son olarak, c\u00fcmle yap\u0131s\u0131n\u0131 anlamak ve \u00e7e\u015fitli c\u00fcmle t\u00fcrlerini kurabilmek, herhangi bir dilde a\u00e7\u0131k ve etkili ileti\u015fim i\u00e7in \u00e7ok \u00f6nemlidir. Basit, bile\u015fik ve karma\u015f\u0131k c\u00fcmleler kurmay\u0131 \u00f6\u011frenin ve d\u00fc\u015f\u00fcncelerinizi do\u011fru bir \u015fekilde iletmek i\u00e7in \u00e7e\u015fitli c\u00fcmle yap\u0131lar\u0131n\u0131 kullanma al\u0131\u015ft\u0131rmas\u0131 yap\u0131n.<\/p>\n<\/div><\/div>\n\r\n<section class=\"learnNavigationSection\">\r\n            \r\n        <a href=\"https:\/\/talkpal.ai\/tr\/macarca-ogren\/\">\r\n            <div class=\"learnNavigationWrapper\">\r\n                <div class=\"learnNavigationContent\">\r\n                    <img decoding=\"async\" src=\"https:\/\/talkpal.ai\/wp-content\/uploads\/2024\/08\/Hungarian.jpg\" alt=\"Hungarian Flag\">\r\n                    <div>\r\n                        <h4>Macarca \u00d6\u011frenimi Hakk\u0131nda<\/h4>\r\n                        <p>Macarca dilbilgisi hakk\u0131nda her \u015feyi \u00f6\u011frenin .<\/p>\r\n                    <\/div>\r\n                <\/div>\r\n            <\/div>\r\n        <\/a>\r\n\r\n        \r\n        <a href=\"https:\/\/talkpal.ai\/tr\/macarca-dilbilgisi\/\">\r\n            <div class=\"learnNavigationWrapper\">\r\n                <div class=\"learnNavigationContent\">\r\n                    <img decoding=\"async\" src=\"https:\/\/talkpal.ai\/wp-content\/uploads\/2024\/08\/Hungarian.jpg\" alt=\"Hungarian Flag\">\r\n                    <div>\r\n                        <h4>Macarca Dilbilgisi Dersleri<\/h4>\r\n                        <p>Macarca dilbilgisi al\u0131\u015ft\u0131rmas\u0131 yap\u0131n .<\/p>\r\n                    <\/div>\r\n                <\/div>\r\n            <\/div>\r\n        <\/a>\r\n\r\n        \r\n        <a href=\"https:\/\/talkpal.ai\/vocabulary_language\/hungarian\/\">\r\n            <div class=\"learnNavigationWrapper\">\r\n                <div class=\"learnNavigationContent\">\r\n                    <img decoding=\"async\" src=\"https:\/\/talkpal.ai\/wp-content\/uploads\/2024\/08\/Hungarian.jpg\" alt=\"Hungarian Flag\">\r\n                    <div>\r\n                        <h4>Macarca Kelime Bilgisi<\/h4>\r\n                        <p>Macarca kelime da\u011farc\u0131\u011f\u0131n\u0131z\u0131 geni\u015fletin.<\/p>\r\n                    <\/div>\r\n                <\/div>\r\n            <\/div>\r\n        <\/a>\r\n\r\n            <\/section>","protected":false},"excerpt":{"rendered":"<p>Macarca Dilbilgisi Konular\u0131 Yeni bir dil \u00f6\u011frenmek heyecan verici ve \u00f6d\u00fcllendirici bir deneyim olabilir. Bununla birlikte, \u00f6zellikle dilbilgisi konular\u0131n\u0131 anlamak ve ustala\u015fmak s\u00f6z konusu oldu\u011funda olduk\u00e7a bunalt\u0131c\u0131 olabilir. Dilbilgisi \u00f6\u011frenmeye y\u00f6nelik iyi yap\u0131land\u0131r\u0131lm\u0131\u015f bir yakla\u015f\u0131m, yeni bir dil edinmede ba\u015far\u0131 i\u00e7in \u00e7ok \u00f6nemlidir. Bu k\u0131lavuzda, dili daha etkili bir \u015fekilde \u00f6\u011frenmenize yard\u0131mc\u0131 olacak bir s\u0131rayla [&hellip;]<\/p>\n","protected":false},"author":6,"featured_media":113297,"parent":0,"menu_order":0,"comment_status":"closed","ping_status":"closed","template":"LearningContentPage.php","meta":{"_acf_changed":false,"footnotes":""},"class_list":["post-161876","page","type-page","status-publish","has-post-thumbnail","hentry"],"acf":[],"yoast_head":"<!-- This site is optimized with the Yoast SEO Premium plugin v27.2 (Yoast SEO v27.2) - https:\/\/yoast.com\/product\/yoast-seo-premium-wordpress\/ -->\n<title>Macarca Dilbilgisi Al\u0131\u015ft\u0131rmalar\u0131 - Talkpal<\/title>\n<meta name=\"description\" content=\"Macarca dilbilgisi becerilerinizi kolayca geli\u015ftirin - pratik al\u0131\u015ft\u0131rmalar\u0131, interaktif uygulamalar\u0131 tamamlay\u0131n ve ki\u015fiselle\u015ftirilmi\u015f geri bildirim al\u0131n\" \/>\n<meta name=\"robots\" content=\"index, follow, max-snippet:-1, max-image-preview:large, max-video-preview:-1\" \/>\n<link rel=\"canonical\" href=\"https:\/\/talkpal.ai\/tr\/macarca-dilbilgisi-alistirmalari\/\" \/>\n<meta property=\"og:locale\" content=\"tr_TR\" \/>\n<meta property=\"og:type\" content=\"article\" \/>\n<meta property=\"og:title\" content=\"Macarca Dilbilgisi Al\u0131\u015ft\u0131rmalar\u0131\" \/>\n<meta property=\"og:description\" content=\"Macarca Dilbilgisi Konular\u0131 Yeni bir dil \u00f6\u011frenmek heyecan verici ve \u00f6d\u00fcllendirici bir deneyim olabilir. Bununla birlikte, \u00f6zellikle dilbilgisi konular\u0131n\u0131\" \/>\n<meta property=\"og:url\" content=\"https:\/\/talkpal.ai\/tr\/macarca-dilbilgisi-alistirmalari\/\" \/>\n<meta property=\"og:site_name\" content=\"Talkpal\" \/>\n<meta property=\"article:publisher\" content=\"https:\/\/www.facebook.com\/profile.php?id=100090733639311\" \/>\n<meta property=\"article:modified_time\" content=\"2025-12-17T15:49:26+00:00\" \/>\n<meta property=\"og:image\" content=\"https:\/\/talkpal.ai\/wp-content\/uploads\/2023\/05\/Hungarian.png\" \/>\n\t<meta property=\"og:image:width\" content=\"512\" \/>\n\t<meta property=\"og:image:height\" content=\"512\" \/>\n\t<meta property=\"og:image:type\" content=\"image\/png\" \/>\n<meta name=\"twitter:card\" content=\"summary_large_image\" \/>\n<meta name=\"twitter:site\" content=\"@talkpalai\" \/>\n<meta name=\"twitter:label1\" content=\"Tahmini okuma s\u00fcresi\" \/>\n\t<meta name=\"twitter:data1\" content=\"2 dakika\" \/>\n<script type=\"application\/ld+json\" class=\"yoast-schema-graph\">{\"@context\":\"https:\/\/schema.org\",\"@graph\":[{\"@type\":\"WebPage\",\"@id\":\"https:\/\/talkpal.ai\/tr\/macarca-dilbilgisi-alistirmalari\/\",\"url\":\"https:\/\/talkpal.ai\/tr\/macarca-dilbilgisi-alistirmalari\/\",\"name\":\"Macarca Dilbilgisi Al\u0131\u015ft\u0131rmalar\u0131 - Talkpal\",\"isPartOf\":{\"@id\":\"https:\/\/talkpal.ai\/tr\/#website\"},\"primaryImageOfPage\":{\"@id\":\"https:\/\/talkpal.ai\/tr\/macarca-dilbilgisi-alistirmalari\/#primaryimage\"},\"image\":{\"@id\":\"https:\/\/talkpal.ai\/tr\/macarca-dilbilgisi-alistirmalari\/#primaryimage\"},\"thumbnailUrl\":\"https:\/\/talkpal.ai\/wp-content\/uploads\/2023\/05\/Hungarian.png\",\"datePublished\":\"2023-06-21T14:29:48+00:00\",\"dateModified\":\"2025-12-17T15:49:26+00:00\",\"description\":\"Macarca dilbilgisi becerilerinizi kolayca geli\u015ftirin - pratik al\u0131\u015ft\u0131rmalar\u0131, interaktif uygulamalar\u0131 tamamlay\u0131n ve ki\u015fiselle\u015ftirilmi\u015f geri bildirim al\u0131n\",\"breadcrumb\":{\"@id\":\"https:\/\/talkpal.ai\/tr\/macarca-dilbilgisi-alistirmalari\/#breadcrumb\"},\"inLanguage\":\"tr\",\"potentialAction\":[{\"@type\":\"ReadAction\",\"target\":[\"https:\/\/talkpal.ai\/tr\/macarca-dilbilgisi-alistirmalari\/\"]}]},{\"@type\":\"ImageObject\",\"inLanguage\":\"tr\",\"@id\":\"https:\/\/talkpal.ai\/tr\/macarca-dilbilgisi-alistirmalari\/#primaryimage\",\"url\":\"https:\/\/talkpal.ai\/wp-content\/uploads\/2023\/05\/Hungarian.png\",\"contentUrl\":\"https:\/\/talkpal.ai\/wp-content\/uploads\/2023\/05\/Hungarian.png\",\"width\":512,\"height\":512},{\"@type\":\"BreadcrumbList\",\"@id\":\"https:\/\/talkpal.ai\/tr\/macarca-dilbilgisi-alistirmalari\/#breadcrumb\",\"itemListElement\":[{\"@type\":\"ListItem\",\"position\":1,\"name\":\"Homepage\",\"item\":\"https:\/\/talkpal.ai\/tr\/\"},{\"@type\":\"ListItem\",\"position\":2,\"name\":\"Macarca Dilbilgisi Al\u0131\u015ft\u0131rmalar\u0131\"}]},{\"@type\":\"WebSite\",\"@id\":\"https:\/\/talkpal.ai\/tr\/#website\",\"url\":\"https:\/\/talkpal.ai\/tr\/\",\"name\":\"Talkpal\",\"description\":\"AI Language Learning\",\"publisher\":{\"@id\":\"https:\/\/talkpal.ai\/tr\/#organization\"},\"alternateName\":\"Talkpal AI\",\"potentialAction\":[{\"@type\":\"SearchAction\",\"target\":{\"@type\":\"EntryPoint\",\"urlTemplate\":\"https:\/\/talkpal.ai\/tr\/?s={search_term_string}\"},\"query-input\":{\"@type\":\"PropertyValueSpecification\",\"valueRequired\":true,\"valueName\":\"search_term_string\"}}],\"inLanguage\":\"tr\"},{\"@type\":\"Organization\",\"@id\":\"https:\/\/talkpal.ai\/tr\/#organization\",\"name\":\"Talkpal, Inc.\",\"alternateName\":\"Talkpal AI\",\"url\":\"https:\/\/talkpal.ai\/tr\/\",\"logo\":{\"@type\":\"ImageObject\",\"inLanguage\":\"tr\",\"@id\":\"https:\/\/talkpal.ai\/tr\/#\/schema\/logo\/image\/\",\"url\":\"https:\/\/talkpal.ai\/wp-content\/uploads\/2024\/03\/Talkpal-Logo-Icon.png\",\"contentUrl\":\"https:\/\/talkpal.ai\/wp-content\/uploads\/2024\/03\/Talkpal-Logo-Icon.png\",\"width\":2880,\"height\":2880,\"caption\":\"Talkpal, Inc.\"},\"image\":{\"@id\":\"https:\/\/talkpal.ai\/tr\/#\/schema\/logo\/image\/\"},\"sameAs\":[\"https:\/\/www.facebook.com\/profile.php?id=100090733639311\",\"https:\/\/x.com\/talkpalai\",\"https:\/\/www.linkedin.com\/company\/talkpal\/\",\"https:\/\/www.youtube.com\/@TalkPal\/\",\"https:\/\/www.tiktok.com\/@talkpal\",\"https:\/\/www.instagram.com\/talkpal_ai\/\",\"https:\/\/www.crunchbase.com\/organization\/talkpal-9cde\",\"https:\/\/www.g2.com\/products\/talkpal-for-business\/\",\"https:\/\/www.trustpilot.com\/review\/talkpal.ai\",\"https:\/\/www.capterra.com\/p\/10006800\/TalkPal\/\"],\"description\":\"Talkpal is a language learning web and mobile education app, powered by the latest AI technologies, that provides engaging experiences to its customers in many different languages to help them improve their language skills. Users can chat about unlimited amount of topics with the app and use other modes to practice their language learning.\",\"email\":\"support@talkpal.ai\",\"legalName\":\"Talkpal, Inc.\",\"foundingDate\":\"2023-04-03\",\"duns\":\"118989042\",\"numberOfEmployees\":{\"@type\":\"QuantitativeValue\",\"minValue\":\"11\",\"maxValue\":\"50\"},\"publishingPrinciples\":\"https:\/\/talkpal.ai\/publishing-principles\/\",\"actionableFeedbackPolicy\":\"https:\/\/talkpal.ai\/actionable-feedback-policy\/\",\"correctionsPolicy\":\"https:\/\/talkpal.ai\/corrections-policy\/\",\"ethicsPolicy\":\"https:\/\/talkpal.ai\/ethics-policy\/\",\"diversityPolicy\":\"https:\/\/talkpal.ai\/diversity-policy\/\",\"diversityStaffingReport\":\"https:\/\/talkpal.ai\/diversity-policy\/\"}]}<\/script>\n<!-- \/ Yoast SEO Premium plugin. -->","yoast_head_json":{"title":"Macarca Dilbilgisi Al\u0131\u015ft\u0131rmalar\u0131 - Talkpal","description":"Macarca dilbilgisi becerilerinizi kolayca geli\u015ftirin - pratik al\u0131\u015ft\u0131rmalar\u0131, interaktif uygulamalar\u0131 tamamlay\u0131n ve ki\u015fiselle\u015ftirilmi\u015f geri bildirim al\u0131n","robots":{"index":"index","follow":"follow","max-snippet":"max-snippet:-1","max-image-preview":"max-image-preview:large","max-video-preview":"max-video-preview:-1"},"canonical":"https:\/\/talkpal.ai\/tr\/macarca-dilbilgisi-alistirmalari\/","og_locale":"tr_TR","og_type":"article","og_title":"Macarca Dilbilgisi Al\u0131\u015ft\u0131rmalar\u0131","og_description":"Macarca Dilbilgisi Konular\u0131 Yeni bir dil \u00f6\u011frenmek heyecan verici ve \u00f6d\u00fcllendirici bir deneyim olabilir. Bununla birlikte, \u00f6zellikle dilbilgisi konular\u0131n\u0131","og_url":"https:\/\/talkpal.ai\/tr\/macarca-dilbilgisi-alistirmalari\/","og_site_name":"Talkpal","article_publisher":"https:\/\/www.facebook.com\/profile.php?id=100090733639311","article_modified_time":"2025-12-17T15:49:26+00:00","og_image":[{"width":512,"height":512,"url":"https:\/\/talkpal.ai\/wp-content\/uploads\/2023\/05\/Hungarian.png","type":"image\/png"}],"twitter_card":"summary_large_image","twitter_site":"@talkpalai","twitter_misc":{"Tahmini okuma s\u00fcresi":"2 dakika"},"schema":{"@context":"https:\/\/schema.org","@graph":[{"@type":"WebPage","@id":"https:\/\/talkpal.ai\/tr\/macarca-dilbilgisi-alistirmalari\/","url":"https:\/\/talkpal.ai\/tr\/macarca-dilbilgisi-alistirmalari\/","name":"Macarca Dilbilgisi Al\u0131\u015ft\u0131rmalar\u0131 - Talkpal","isPartOf":{"@id":"https:\/\/talkpal.ai\/tr\/#website"},"primaryImageOfPage":{"@id":"https:\/\/talkpal.ai\/tr\/macarca-dilbilgisi-alistirmalari\/#primaryimage"},"image":{"@id":"https:\/\/talkpal.ai\/tr\/macarca-dilbilgisi-alistirmalari\/#primaryimage"},"thumbnailUrl":"https:\/\/talkpal.ai\/wp-content\/uploads\/2023\/05\/Hungarian.png","datePublished":"2023-06-21T14:29:48+00:00","dateModified":"2025-12-17T15:49:26+00:00","description":"Macarca dilbilgisi becerilerinizi kolayca geli\u015ftirin - pratik al\u0131\u015ft\u0131rmalar\u0131, interaktif uygulamalar\u0131 tamamlay\u0131n ve ki\u015fiselle\u015ftirilmi\u015f geri bildirim al\u0131n","breadcrumb":{"@id":"https:\/\/talkpal.ai\/tr\/macarca-dilbilgisi-alistirmalari\/#breadcrumb"},"inLanguage":"tr","potentialAction":[{"@type":"ReadAction","target":["https:\/\/talkpal.ai\/tr\/macarca-dilbilgisi-alistirmalari\/"]}]},{"@type":"ImageObject","inLanguage":"tr","@id":"https:\/\/talkpal.ai\/tr\/macarca-dilbilgisi-alistirmalari\/#primaryimage","url":"https:\/\/talkpal.ai\/wp-content\/uploads\/2023\/05\/Hungarian.png","contentUrl":"https:\/\/talkpal.ai\/wp-content\/uploads\/2023\/05\/Hungarian.png","width":512,"height":512},{"@type":"BreadcrumbList","@id":"https:\/\/talkpal.ai\/tr\/macarca-dilbilgisi-alistirmalari\/#breadcrumb","itemListElement":[{"@type":"ListItem","position":1,"name":"Homepage","item":"https:\/\/talkpal.ai\/tr\/"},{"@type":"ListItem","position":2,"name":"Macarca Dilbilgisi Al\u0131\u015ft\u0131rmalar\u0131"}]},{"@type":"WebSite","@id":"https:\/\/talkpal.ai\/tr\/#website","url":"https:\/\/talkpal.ai\/tr\/","name":"Talkpal","description":"AI Language Learning","publisher":{"@id":"https:\/\/talkpal.ai\/tr\/#organization"},"alternateName":"Talkpal AI","potentialAction":[{"@type":"SearchAction","target":{"@type":"EntryPoint","urlTemplate":"https:\/\/talkpal.ai\/tr\/?s={search_term_string}"},"query-input":{"@type":"PropertyValueSpecification","valueRequired":true,"valueName":"search_term_string"}}],"inLanguage":"tr"},{"@type":"Organization","@id":"https:\/\/talkpal.ai\/tr\/#organization","name":"Talkpal, Inc.","alternateName":"Talkpal AI","url":"https:\/\/talkpal.ai\/tr\/","logo":{"@type":"ImageObject","inLanguage":"tr","@id":"https:\/\/talkpal.ai\/tr\/#\/schema\/logo\/image\/","url":"https:\/\/talkpal.ai\/wp-content\/uploads\/2024\/03\/Talkpal-Logo-Icon.png","contentUrl":"https:\/\/talkpal.ai\/wp-content\/uploads\/2024\/03\/Talkpal-Logo-Icon.png","width":2880,"height":2880,"caption":"Talkpal, Inc."},"image":{"@id":"https:\/\/talkpal.ai\/tr\/#\/schema\/logo\/image\/"},"sameAs":["https:\/\/www.facebook.com\/profile.php?id=100090733639311","https:\/\/x.com\/talkpalai","https:\/\/www.linkedin.com\/company\/talkpal\/","https:\/\/www.youtube.com\/@TalkPal\/","https:\/\/www.tiktok.com\/@talkpal","https:\/\/www.instagram.com\/talkpal_ai\/","https:\/\/www.crunchbase.com\/organization\/talkpal-9cde","https:\/\/www.g2.com\/products\/talkpal-for-business\/","https:\/\/www.trustpilot.com\/review\/talkpal.ai","https:\/\/www.capterra.com\/p\/10006800\/TalkPal\/"],"description":"Talkpal is a language learning web and mobile education app, powered by the latest AI technologies, that provides engaging experiences to its customers in many different languages to help them improve their language skills. Users can chat about unlimited amount of topics with the app and use other modes to practice their language learning.","email":"support@talkpal.ai","legalName":"Talkpal, Inc.","foundingDate":"2023-04-03","duns":"118989042","numberOfEmployees":{"@type":"QuantitativeValue","minValue":"11","maxValue":"50"},"publishingPrinciples":"https:\/\/talkpal.ai\/publishing-principles\/","actionableFeedbackPolicy":"https:\/\/talkpal.ai\/actionable-feedback-policy\/","correctionsPolicy":"https:\/\/talkpal.ai\/corrections-policy\/","ethicsPolicy":"https:\/\/talkpal.ai\/ethics-policy\/","diversityPolicy":"https:\/\/talkpal.ai\/diversity-policy\/","diversityStaffingReport":"https:\/\/talkpal.ai\/diversity-policy\/"}]}},"_links":{"self":[{"href":"https:\/\/talkpal.ai\/tr\/wp-json\/wp\/v2\/pages\/161876","targetHints":{"allow":["GET"]}}],"collection":[{"href":"https:\/\/talkpal.ai\/tr\/wp-json\/wp\/v2\/pages"}],"about":[{"href":"https:\/\/talkpal.ai\/tr\/wp-json\/wp\/v2\/types\/page"}],"author":[{"embeddable":true,"href":"https:\/\/talkpal.ai\/tr\/wp-json\/wp\/v2\/users\/6"}],"replies":[{"embeddable":true,"href":"https:\/\/talkpal.ai\/tr\/wp-json\/wp\/v2\/comments?post=161876"}],"version-history":[{"count":0,"href":"https:\/\/talkpal.ai\/tr\/wp-json\/wp\/v2\/pages\/161876\/revisions"}],"wp:featuredmedia":[{"embeddable":true,"href":"https:\/\/talkpal.ai\/tr\/wp-json\/wp\/v2\/media\/113297"}],"wp:attachment":[{"href":"https:\/\/talkpal.ai\/tr\/wp-json\/wp\/v2\/media?parent=161876"}],"curies":[{"name":"wp","href":"https:\/\/api.w.org\/{rel}","templated":true}]}}