{"id":161859,"date":"2023-06-21T14:50:44","date_gmt":"2023-06-21T14:50:44","guid":{"rendered":"http:\/\/talkpal.ai\/izlandaca-dilbilgisi-alistirmalari\/"},"modified":"2025-12-17T16:08:07","modified_gmt":"2025-12-17T16:08:07","slug":"izlandaca-dilbilgisi-alistirmalari","status":"publish","type":"page","link":"https:\/\/talkpal.ai\/tr\/izlandaca-dilbilgisi-alistirmalari\/","title":{"rendered":"\u0130zlandaca Dilbilgisi Al\u0131\u015ft\u0131rmalar\u0131"},"content":{"rendered":"\r\n\r\n\r\n<section class=\"languageChallengeSection\">\r\n    <div class=\"languageInfoWrapper\">\r\n        \r\n        <h1>\u0130zlandaca Dilbilgisi Al\u0131\u015ft\u0131rmalar\u0131<\/h1>\r\n        <p>\u0130zlandaca becerilerinizi g\u00fc\u00e7lendirmeye haz\u0131r m\u0131s\u0131n\u0131z? Dilbilgisi al\u0131\u015ft\u0131rmalar\u0131 yapmak, c\u00fcmle yap\u0131s\u0131, fiil formlar\u0131 ve \u0130zlanda dilinin benzersiz \u00f6zelliklerine hakim olmak i\u00e7in harika bir yoldur. \u0130zlandaca dilbilgisini ke\u015ffetmeye bug\u00fcn ba\u015flay\u0131n ve her al\u0131\u015ft\u0131rmada kendinize olan g\u00fcveninizin ve ak\u0131c\u0131l\u0131\u011f\u0131n\u0131z\u0131n artmas\u0131n\u0131 izleyin!\n\n<\/p>\r\n\r\n                            <a class=\"getStartedHidden\" href=\"https:\/\/app.talkpal.ai\/tr\/signup?lng=\">Hadi ba\u015fla<\/a>\r\n        \r\n    <\/div>\r\n\r\n    <figure>\r\n    <img decoding=\"async\" width=\"768\" height=\"768\" src=\"https:\/\/talkpal.ai\/wp-content\/uploads\/2023\/06\/Icelandic-768x768.png\" class=\"languageImage no-lazy\" alt=\"Language learning for better job opportunities\" fetchpriority=\"high\" sizes=\"(max-width: 768px) 150px, 768px\" srcset=\"https:\/\/talkpal.ai\/wp-content\/uploads\/2023\/06\/Icelandic-768x768.png 768w, https:\/\/talkpal.ai\/wp-content\/uploads\/2023\/06\/Icelandic-300x300.png 300w\" \/>\r\n    \r\n\r\n    <\/figure>\r\n\r\n            <a class=\"getStartedVisible\" href=\"https:\/\/app.talkpal.ai\/tr\/signup?lng=\">Hadi ba\u015fla<\/a>\r\n    \r\n<\/section>\r\n\r\n\r\n<!-- <section class=\"grammarSection\">\r\n    <div class=\"grammarLinks\">\r\n            <\/div>\r\n<\/section> -->\r\n\r\n\r\n\r\n\r\n<section class=\"promotionalBanner\">\r\n    <p class=\"promotionalText\">Dil \u00f6\u011frenmenin en etkili yolu<\/p>\r\n    <a class=\"promotionalLink\" href=\"https:\/\/app.talkpal.ai\/tr\/signup?lng=\">Talkpal \u00fccretsiz deneyin<\/a>\r\n<\/section>\n<div class=\"wp-block-group pageContainerStyle\"><div class=\"wp-block-group__inner-container is-layout-constrained wp-block-group-is-layout-constrained\">\n<h2 class=\"wp-block-heading\" id=\"h-icelandic-grammar-topics\">\u0130zlandaca Dilbilgisi Konular\u0131<\/h2>\n\n\n\n<p>300.000&#8217;den fazla ki\u015fi taraf\u0131ndan konu\u015fulan bir Kuzey Cermen dili olan \u0130zlandaca, \u0130zlanda&#8217;n\u0131n resmi dilidir. Karma\u015f\u0131k dilbilgisi ve zengin kelime da\u011farc\u0131\u011f\u0131 ile tan\u0131nan \u0130zlandaca, d\u00fcnyan\u0131n her yerinden dil \u00f6\u011frenenleri kendine \u00e7eken benzersiz bir \u00e7ekicili\u011fe sahiptir. K\u00f6kleri Eski \u0130skandinav dillerine dayanan \u0130zlandaca, Viking \u00c7a\u011f\u0131&#8217;na kadar uzanan g\u00fc\u00e7l\u00fc bir edebi gelene\u011fe sahiptir. Bu yaz\u0131da, isimler ve fiiller gibi temel bilgilerden ko\u015fullular ve edatlar gibi daha karma\u015f\u0131k yap\u0131lara kadar bu b\u00fcy\u00fcleyici dili anlaman\u0131za ve ustala\u015fman\u0131za yard\u0131mc\u0131 olacak temel \u0130zlandaca dilbilgisi konular\u0131n\u0131 ke\u015ffedece\u011fiz.<\/p>\n\n\n\n<h3 class=\"wp-block-heading\" id=\"h-1-nouns\">1. \u0130simler<\/h3>\n\n\n\n<p>\u0130nsanlar\u0131, yerleri ve \u015feyleri kapsayan \u0130zlandaca isimlerin temellerini \u00f6\u011frenerek ba\u015flay\u0131n. \u0130zlandaca&#8217;n\u0131n \u00fc\u00e7 gramer cinsiyeti (eril, di\u015fil ve n\u00f6tr) ve d\u00f6rt durumu (nominatif, accusative, dative ve genitive) vard\u0131r. Bu y\u00f6nleri anlamak, konu\u015fman\u0131n di\u011fer b\u00f6l\u00fcmleriyle uygun \u00e7ekim ve anla\u015fma i\u00e7in \u00e7ok \u00f6nemlidir.<\/p>\n\n\n\n<h3 class=\"wp-block-heading\" id=\"h-2-articles\">2. Makaleler<\/h3>\n\n\n\n<p>\u0130zlandaca&#8217;da belirsiz artikeller yoktur, ancak bir ismin sonuna eklenmi\u015f belirli artikeller vard\u0131r. Her cinsiyet ve durum i\u00e7in kesin makaleyi nas\u0131l olu\u015fturaca\u011f\u0131n\u0131z\u0131 \u00f6\u011frenin, \u00e7\u00fcnk\u00fc bu do\u011fru isim kullan\u0131m\u0131na yard\u0131mc\u0131 olacakt\u0131r.<\/p>\n\n\n\n<h3 class=\"wp-block-heading\" id=\"h-3-pronouns-determiners\">3. Zamirler\/Belirleyiciler<\/h3>\n\n\n\n<p>\u0130zlandaca&#8217;da ki\u015fisel, iyelik, d\u00f6n\u00fc\u015fl\u00fc ve i\u015faret zamirlerinin yan\u0131 s\u0131ra niceleyiciler ve soru belirleyiciler bulunur. C\u00fcmlelerde do\u011fru uyum ve kullan\u0131m\u0131 sa\u011flamak i\u00e7in bu zamirleri ve belirleyicileri ve bunlar\u0131n \u00e7ekimlerini \u00f6\u011frenin.<\/p>\n\n\n\n<h3 class=\"wp-block-heading\" id=\"h-4-adjectives\">4. S\u0131fatlar<\/h3>\n\n\n\n<p>\u0130zlandaca&#8217;daki s\u0131fatlar, de\u011fi\u015ftirdikleri isimle cinsiyet, say\u0131 ve durum bak\u0131m\u0131ndan ayn\u0131 fikirde olmal\u0131d\u0131r. S\u0131fatlar i\u00e7in farkl\u0131 \u00e7ekim kal\u0131plar\u0131n\u0131 ve bunlar\u0131n ismin cinsiyetine ve durumuna g\u00f6re nas\u0131l de\u011fi\u015fti\u011fini \u00f6\u011frenin.<\/p>\n\n\n\n<h3 class=\"wp-block-heading\" id=\"h-5-verbs\">5. Fiiller<\/h3>\n\n\n\n<p>\u0130zlandaca fiiller zaman, ruh hali ve sese g\u00f6re \u00e7ekimlenir. \u015eimdiki zaman, ge\u00e7mi\u015f ve gelecek zamanlar\u0131n yan\u0131 s\u0131ra g\u00f6sterge, dilek ve emir kiplerini \u00f6\u011frenerek ba\u015flay\u0131n. Ayr\u0131ca, d\u00fczenli ve d\u00fczensiz fiiller i\u00e7in \u00e7ekim kal\u0131plar\u0131n\u0131 \u00f6\u011frenin.<\/p>\n\n\n\n<h3 class=\"wp-block-heading\" id=\"h-6-tense-comparison\">6. Gergin Kar\u015f\u0131la\u015ft\u0131rma<\/h3>\n\n\n\n<p>Her zaman\u0131n basit ve s\u00fcrekli bi\u00e7imleri aras\u0131ndaki fark\u0131 anlay\u0131n. \u0130zlandaca&#8217;n\u0131n \u0130ngilizce gibi ilerici bir y\u00f6n\u00fc yoktur, bu nedenle di\u011fer yap\u0131lar\u0131 kullanarak devam eden eylemleri nas\u0131l ifade edece\u011finizi \u00f6\u011frenin.<\/p>\n\n\n\n<h3 class=\"wp-block-heading\" id=\"h-7-perfect-progressive\">7. M\u00fckemmel \u0130lerici<\/h3>\n\n\n\n<p>\u0130zlandaca, \u0130ngilizce m\u00fckemmel ilerici zaman\u0131n do\u011frudan bir kar\u015f\u0131l\u0131\u011f\u0131na sahip de\u011fildir. Bununla birlikte, yard\u0131mc\u0131 fiiller ve kat\u0131l\u0131mc\u0131larla \u00e7evresel yap\u0131lar\u0131 kullanarak benzer fikirleri ifade etmeyi \u00f6\u011frenebilirsiniz.<\/p>\n\n\n\n<h3 class=\"wp-block-heading\" id=\"h-8-adverbs\">8. Zarflar<\/h3>\n\n\n\n<p>Zarflar fiilleri, s\u0131fatlar\u0131 ve di\u011fer zarflar\u0131 de\u011fi\u015ftirir. \u0130zlandaca&#8217;daki \u00e7e\u015fitli zarf t\u00fcrlerini ve bunlar\u0131n c\u00fcmle i\u00e7indeki yerle\u015fimlerini \u00f6\u011frenin.<\/p>\n\n\n\n<h3 class=\"wp-block-heading\" id=\"h-9-prepositions\">9. Edatlar<\/h3>\n\n\n\n<p>Edatlar, bir isim veya zamir ile c\u00fcmledeki ba\u015fka bir unsur aras\u0131ndaki ili\u015fkiyi g\u00f6sterir. Do\u011fru kullanmak i\u00e7in en yayg\u0131n \u0130zlandaca edatlar\u0131 ve ilgili durumlar\u0131n\u0131 inceleyin.<\/p>\n\n\n\n<h3 class=\"wp-block-heading\" id=\"h-10-conditionals\">10. Ko\u015fullar<\/h3>\n\n\n\n<p>\u0130zlandaca&#8217;da \u00fc\u00e7 t\u00fcr ko\u015fullu c\u00fcmle vard\u0131r: ger\u00e7ek, ger\u00e7ek d\u0131\u015f\u0131 ve ger\u00e7ek d\u0131\u015f\u0131 ge\u00e7mi\u015f. Varsay\u0131msal durumlar\u0131 ve olas\u0131 sonu\u00e7lar\u0131n\u0131 ifade etmek i\u00e7in bu ko\u015fullar\u0131n yap\u0131s\u0131n\u0131 ve kullan\u0131m\u0131n\u0131 anlay\u0131n.<\/p>\n\n\n\n<h3 class=\"wp-block-heading\" id=\"h-11-sentences\">11. C\u00fcmleler<\/h3>\n\n\n\n<p>Son olarak, bildirim, soru, emir kipi ve \u00fcnlem i\u015fareti gibi farkl\u0131 \u0130zlandaca c\u00fcmle t\u00fcrleri olu\u015fturma al\u0131\u015ft\u0131rmas\u0131 yap\u0131n. Bu, \u0130zlandaca s\u00f6zdizimi ve genel dil yeterlili\u011fi konusunda g\u00fc\u00e7l\u00fc bir temel geli\u015ftirmenize yard\u0131mc\u0131 olacakt\u0131r.<\/p>\n<\/div><\/div>\n\r\n<section class=\"learnNavigationSection\">\r\n            \r\n        <a href=\"https:\/\/talkpal.ai\/tr\/izlandaca-ogren\/\">\r\n            <div class=\"learnNavigationWrapper\">\r\n                <div class=\"learnNavigationContent\">\r\n                    <img decoding=\"async\" src=\"https:\/\/talkpal.ai\/wp-content\/uploads\/2024\/08\/Icelandic.jpg\" alt=\"Iceland Flag\">\r\n                    <div>\r\n                        <h4>Icelandic Learning Hakk\u0131nda<\/h4>\r\n                        <p>\u0130zlandaca dilbilgisi hakk\u0131nda her \u015feyi \u00f6\u011frenin .<\/p>\r\n                    <\/div>\r\n                <\/div>\r\n            <\/div>\r\n        <\/a>\r\n\r\n        \r\n        <a href=\"https:\/\/talkpal.ai\/tr\/izlandaca-dilbilgisi\/\">\r\n            <div class=\"learnNavigationWrapper\">\r\n                <div class=\"learnNavigationContent\">\r\n                    <img decoding=\"async\" src=\"https:\/\/talkpal.ai\/wp-content\/uploads\/2024\/08\/Icelandic.jpg\" alt=\"Iceland Flag\">\r\n                    <div>\r\n                        <h4>\u0130zlandaca Dilbilgisi Dersleri<\/h4>\r\n                        <p>\u0130zlandaca dilbilgisi prati\u011fi yap\u0131n .<\/p>\r\n                    <\/div>\r\n                <\/div>\r\n            <\/div>\r\n        <\/a>\r\n\r\n        \r\n        <a href=\"https:\/\/talkpal.ai\/vocabulary_language\/icelandic\/\">\r\n            <div class=\"learnNavigationWrapper\">\r\n                <div class=\"learnNavigationContent\">\r\n                    <img decoding=\"async\" src=\"https:\/\/talkpal.ai\/wp-content\/uploads\/2024\/08\/Icelandic.jpg\" alt=\"Iceland Flag\">\r\n                    <div>\r\n                        <h4>\u0130zlandaca S\u00f6zc\u00fck Da\u011farc\u0131\u011f\u0131<\/h4>\r\n                        <p>\u0130zlandaca kelime da\u011farc\u0131\u011f\u0131n\u0131z\u0131 geni\u015fletin.<\/p>\r\n                    <\/div>\r\n                <\/div>\r\n            <\/div>\r\n        <\/a>\r\n\r\n            <\/section>","protected":false},"excerpt":{"rendered":"<p>\u0130zlandaca Dilbilgisi Konular\u0131 300.000&#8217;den fazla ki\u015fi taraf\u0131ndan konu\u015fulan bir Kuzey Cermen dili olan \u0130zlandaca, \u0130zlanda&#8217;n\u0131n resmi dilidir. Karma\u015f\u0131k dilbilgisi ve zengin kelime da\u011farc\u0131\u011f\u0131 ile tan\u0131nan \u0130zlandaca, d\u00fcnyan\u0131n her yerinden dil \u00f6\u011frenenleri kendine \u00e7eken benzersiz bir \u00e7ekicili\u011fe sahiptir. K\u00f6kleri Eski \u0130skandinav dillerine dayanan \u0130zlandaca, Viking \u00c7a\u011f\u0131&#8217;na kadar uzanan g\u00fc\u00e7l\u00fc bir edebi gelene\u011fe sahiptir. Bu yaz\u0131da, isimler [&hellip;]<\/p>\n","protected":false},"author":6,"featured_media":113517,"parent":0,"menu_order":0,"comment_status":"closed","ping_status":"closed","template":"LearningContentPage.php","meta":{"_acf_changed":false,"footnotes":""},"class_list":["post-161859","page","type-page","status-publish","has-post-thumbnail","hentry"],"acf":[],"yoast_head":"<!-- This site is optimized with the Yoast SEO Premium plugin v27.2 (Yoast SEO v27.2) - https:\/\/yoast.com\/product\/yoast-seo-premium-wordpress\/ -->\n<title>\u0130zlandaca Dilbilgisi Al\u0131\u015ft\u0131rmalar\u0131 - Talkpal<\/title>\n<meta name=\"description\" content=\"\u0130zlandaca dilbilgisi prati\u011fini kolayca yap\u0131n - al\u0131\u015ft\u0131rmalar, etkile\u015fimli uygulamalar ve an\u0131nda geri bildirim ile becerilerinizi g\u00fc\u00e7lendirin Talkpal AI.\" \/>\n<meta name=\"robots\" content=\"index, follow, max-snippet:-1, max-image-preview:large, max-video-preview:-1\" \/>\n<link rel=\"canonical\" href=\"https:\/\/talkpal.ai\/tr\/izlandaca-dilbilgisi-alistirmalari\/\" \/>\n<meta property=\"og:locale\" content=\"tr_TR\" \/>\n<meta property=\"og:type\" content=\"article\" \/>\n<meta property=\"og:title\" content=\"\u0130zlandaca Dilbilgisi Al\u0131\u015ft\u0131rmalar\u0131\" \/>\n<meta property=\"og:description\" content=\"\u0130zlandaca Dilbilgisi Konular\u0131 300.000&#039;den fazla ki\u015fi taraf\u0131ndan konu\u015fulan bir Kuzey Cermen dili olan \u0130zlandaca, \u0130zlanda&#039;n\u0131n resmi dilidir. Karma\u015f\u0131k\" \/>\n<meta property=\"og:url\" content=\"https:\/\/talkpal.ai\/tr\/izlandaca-dilbilgisi-alistirmalari\/\" \/>\n<meta property=\"og:site_name\" content=\"Talkpal\" \/>\n<meta property=\"article:publisher\" content=\"https:\/\/www.facebook.com\/profile.php?id=100090733639311\" \/>\n<meta property=\"article:modified_time\" content=\"2025-12-17T16:08:07+00:00\" \/>\n<meta property=\"og:image\" content=\"https:\/\/talkpal.ai\/wp-content\/uploads\/2023\/05\/iceland.png\" \/>\n\t<meta property=\"og:image:width\" content=\"512\" \/>\n\t<meta property=\"og:image:height\" content=\"512\" \/>\n\t<meta property=\"og:image:type\" content=\"image\/png\" \/>\n<meta name=\"twitter:card\" content=\"summary_large_image\" \/>\n<meta name=\"twitter:site\" content=\"@talkpalai\" \/>\n<meta name=\"twitter:label1\" content=\"Tahmini okuma s\u00fcresi\" \/>\n\t<meta name=\"twitter:data1\" content=\"3 dakika\" \/>\n<script type=\"application\/ld+json\" class=\"yoast-schema-graph\">{\"@context\":\"https:\/\/schema.org\",\"@graph\":[{\"@type\":\"WebPage\",\"@id\":\"https:\/\/talkpal.ai\/tr\/izlandaca-dilbilgisi-alistirmalari\/\",\"url\":\"https:\/\/talkpal.ai\/tr\/izlandaca-dilbilgisi-alistirmalari\/\",\"name\":\"\u0130zlandaca Dilbilgisi Al\u0131\u015ft\u0131rmalar\u0131 - Talkpal\",\"isPartOf\":{\"@id\":\"https:\/\/talkpal.ai\/tr\/#website\"},\"primaryImageOfPage\":{\"@id\":\"https:\/\/talkpal.ai\/tr\/izlandaca-dilbilgisi-alistirmalari\/#primaryimage\"},\"image\":{\"@id\":\"https:\/\/talkpal.ai\/tr\/izlandaca-dilbilgisi-alistirmalari\/#primaryimage\"},\"thumbnailUrl\":\"https:\/\/talkpal.ai\/wp-content\/uploads\/2023\/05\/iceland.png\",\"datePublished\":\"2023-06-21T14:50:44+00:00\",\"dateModified\":\"2025-12-17T16:08:07+00:00\",\"description\":\"\u0130zlandaca dilbilgisi prati\u011fini kolayca yap\u0131n - al\u0131\u015ft\u0131rmalar, etkile\u015fimli uygulamalar ve an\u0131nda geri bildirim ile becerilerinizi g\u00fc\u00e7lendirin Talkpal AI.\",\"breadcrumb\":{\"@id\":\"https:\/\/talkpal.ai\/tr\/izlandaca-dilbilgisi-alistirmalari\/#breadcrumb\"},\"inLanguage\":\"tr\",\"potentialAction\":[{\"@type\":\"ReadAction\",\"target\":[\"https:\/\/talkpal.ai\/tr\/izlandaca-dilbilgisi-alistirmalari\/\"]}]},{\"@type\":\"ImageObject\",\"inLanguage\":\"tr\",\"@id\":\"https:\/\/talkpal.ai\/tr\/izlandaca-dilbilgisi-alistirmalari\/#primaryimage\",\"url\":\"https:\/\/talkpal.ai\/wp-content\/uploads\/2023\/05\/iceland.png\",\"contentUrl\":\"https:\/\/talkpal.ai\/wp-content\/uploads\/2023\/05\/iceland.png\",\"width\":512,\"height\":512},{\"@type\":\"BreadcrumbList\",\"@id\":\"https:\/\/talkpal.ai\/tr\/izlandaca-dilbilgisi-alistirmalari\/#breadcrumb\",\"itemListElement\":[{\"@type\":\"ListItem\",\"position\":1,\"name\":\"Homepage\",\"item\":\"https:\/\/talkpal.ai\/tr\/\"},{\"@type\":\"ListItem\",\"position\":2,\"name\":\"\u0130zlandaca Dilbilgisi Al\u0131\u015ft\u0131rmalar\u0131\"}]},{\"@type\":\"WebSite\",\"@id\":\"https:\/\/talkpal.ai\/tr\/#website\",\"url\":\"https:\/\/talkpal.ai\/tr\/\",\"name\":\"Talkpal\",\"description\":\"AI Language Learning\",\"publisher\":{\"@id\":\"https:\/\/talkpal.ai\/tr\/#organization\"},\"alternateName\":\"Talkpal AI\",\"potentialAction\":[{\"@type\":\"SearchAction\",\"target\":{\"@type\":\"EntryPoint\",\"urlTemplate\":\"https:\/\/talkpal.ai\/tr\/?s={search_term_string}\"},\"query-input\":{\"@type\":\"PropertyValueSpecification\",\"valueRequired\":true,\"valueName\":\"search_term_string\"}}],\"inLanguage\":\"tr\"},{\"@type\":\"Organization\",\"@id\":\"https:\/\/talkpal.ai\/tr\/#organization\",\"name\":\"Talkpal, Inc.\",\"alternateName\":\"Talkpal AI\",\"url\":\"https:\/\/talkpal.ai\/tr\/\",\"logo\":{\"@type\":\"ImageObject\",\"inLanguage\":\"tr\",\"@id\":\"https:\/\/talkpal.ai\/tr\/#\/schema\/logo\/image\/\",\"url\":\"https:\/\/talkpal.ai\/wp-content\/uploads\/2024\/03\/Talkpal-Logo-Icon.png\",\"contentUrl\":\"https:\/\/talkpal.ai\/wp-content\/uploads\/2024\/03\/Talkpal-Logo-Icon.png\",\"width\":2880,\"height\":2880,\"caption\":\"Talkpal, Inc.\"},\"image\":{\"@id\":\"https:\/\/talkpal.ai\/tr\/#\/schema\/logo\/image\/\"},\"sameAs\":[\"https:\/\/www.facebook.com\/profile.php?id=100090733639311\",\"https:\/\/x.com\/talkpalai\",\"https:\/\/www.linkedin.com\/company\/talkpal\/\",\"https:\/\/www.youtube.com\/@TalkPal\/\",\"https:\/\/www.tiktok.com\/@talkpal\",\"https:\/\/www.instagram.com\/talkpal_ai\/\",\"https:\/\/www.crunchbase.com\/organization\/talkpal-9cde\",\"https:\/\/www.g2.com\/products\/talkpal-for-business\/\",\"https:\/\/www.trustpilot.com\/review\/talkpal.ai\",\"https:\/\/www.capterra.com\/p\/10006800\/TalkPal\/\"],\"description\":\"Talkpal is a language learning web and mobile education app, powered by the latest AI technologies, that provides engaging experiences to its customers in many different languages to help them improve their language skills. Users can chat about unlimited amount of topics with the app and use other modes to practice their language learning.\",\"email\":\"support@talkpal.ai\",\"legalName\":\"Talkpal, Inc.\",\"foundingDate\":\"2023-04-03\",\"duns\":\"118989042\",\"numberOfEmployees\":{\"@type\":\"QuantitativeValue\",\"minValue\":\"11\",\"maxValue\":\"50\"},\"publishingPrinciples\":\"https:\/\/talkpal.ai\/publishing-principles\/\",\"actionableFeedbackPolicy\":\"https:\/\/talkpal.ai\/actionable-feedback-policy\/\",\"correctionsPolicy\":\"https:\/\/talkpal.ai\/corrections-policy\/\",\"ethicsPolicy\":\"https:\/\/talkpal.ai\/ethics-policy\/\",\"diversityPolicy\":\"https:\/\/talkpal.ai\/diversity-policy\/\",\"diversityStaffingReport\":\"https:\/\/talkpal.ai\/diversity-policy\/\"}]}<\/script>\n<!-- \/ Yoast SEO Premium plugin. -->","yoast_head_json":{"title":"\u0130zlandaca Dilbilgisi Al\u0131\u015ft\u0131rmalar\u0131 - Talkpal","description":"\u0130zlandaca dilbilgisi prati\u011fini kolayca yap\u0131n - al\u0131\u015ft\u0131rmalar, etkile\u015fimli uygulamalar ve an\u0131nda geri bildirim ile becerilerinizi g\u00fc\u00e7lendirin Talkpal AI.","robots":{"index":"index","follow":"follow","max-snippet":"max-snippet:-1","max-image-preview":"max-image-preview:large","max-video-preview":"max-video-preview:-1"},"canonical":"https:\/\/talkpal.ai\/tr\/izlandaca-dilbilgisi-alistirmalari\/","og_locale":"tr_TR","og_type":"article","og_title":"\u0130zlandaca Dilbilgisi Al\u0131\u015ft\u0131rmalar\u0131","og_description":"\u0130zlandaca Dilbilgisi Konular\u0131 300.000'den fazla ki\u015fi taraf\u0131ndan konu\u015fulan bir Kuzey Cermen dili olan \u0130zlandaca, \u0130zlanda'n\u0131n resmi dilidir. Karma\u015f\u0131k","og_url":"https:\/\/talkpal.ai\/tr\/izlandaca-dilbilgisi-alistirmalari\/","og_site_name":"Talkpal","article_publisher":"https:\/\/www.facebook.com\/profile.php?id=100090733639311","article_modified_time":"2025-12-17T16:08:07+00:00","og_image":[{"width":512,"height":512,"url":"https:\/\/talkpal.ai\/wp-content\/uploads\/2023\/05\/iceland.png","type":"image\/png"}],"twitter_card":"summary_large_image","twitter_site":"@talkpalai","twitter_misc":{"Tahmini okuma s\u00fcresi":"3 dakika"},"schema":{"@context":"https:\/\/schema.org","@graph":[{"@type":"WebPage","@id":"https:\/\/talkpal.ai\/tr\/izlandaca-dilbilgisi-alistirmalari\/","url":"https:\/\/talkpal.ai\/tr\/izlandaca-dilbilgisi-alistirmalari\/","name":"\u0130zlandaca Dilbilgisi Al\u0131\u015ft\u0131rmalar\u0131 - Talkpal","isPartOf":{"@id":"https:\/\/talkpal.ai\/tr\/#website"},"primaryImageOfPage":{"@id":"https:\/\/talkpal.ai\/tr\/izlandaca-dilbilgisi-alistirmalari\/#primaryimage"},"image":{"@id":"https:\/\/talkpal.ai\/tr\/izlandaca-dilbilgisi-alistirmalari\/#primaryimage"},"thumbnailUrl":"https:\/\/talkpal.ai\/wp-content\/uploads\/2023\/05\/iceland.png","datePublished":"2023-06-21T14:50:44+00:00","dateModified":"2025-12-17T16:08:07+00:00","description":"\u0130zlandaca dilbilgisi prati\u011fini kolayca yap\u0131n - al\u0131\u015ft\u0131rmalar, etkile\u015fimli uygulamalar ve an\u0131nda geri bildirim ile becerilerinizi g\u00fc\u00e7lendirin Talkpal AI.","breadcrumb":{"@id":"https:\/\/talkpal.ai\/tr\/izlandaca-dilbilgisi-alistirmalari\/#breadcrumb"},"inLanguage":"tr","potentialAction":[{"@type":"ReadAction","target":["https:\/\/talkpal.ai\/tr\/izlandaca-dilbilgisi-alistirmalari\/"]}]},{"@type":"ImageObject","inLanguage":"tr","@id":"https:\/\/talkpal.ai\/tr\/izlandaca-dilbilgisi-alistirmalari\/#primaryimage","url":"https:\/\/talkpal.ai\/wp-content\/uploads\/2023\/05\/iceland.png","contentUrl":"https:\/\/talkpal.ai\/wp-content\/uploads\/2023\/05\/iceland.png","width":512,"height":512},{"@type":"BreadcrumbList","@id":"https:\/\/talkpal.ai\/tr\/izlandaca-dilbilgisi-alistirmalari\/#breadcrumb","itemListElement":[{"@type":"ListItem","position":1,"name":"Homepage","item":"https:\/\/talkpal.ai\/tr\/"},{"@type":"ListItem","position":2,"name":"\u0130zlandaca Dilbilgisi Al\u0131\u015ft\u0131rmalar\u0131"}]},{"@type":"WebSite","@id":"https:\/\/talkpal.ai\/tr\/#website","url":"https:\/\/talkpal.ai\/tr\/","name":"Talkpal","description":"AI Language Learning","publisher":{"@id":"https:\/\/talkpal.ai\/tr\/#organization"},"alternateName":"Talkpal AI","potentialAction":[{"@type":"SearchAction","target":{"@type":"EntryPoint","urlTemplate":"https:\/\/talkpal.ai\/tr\/?s={search_term_string}"},"query-input":{"@type":"PropertyValueSpecification","valueRequired":true,"valueName":"search_term_string"}}],"inLanguage":"tr"},{"@type":"Organization","@id":"https:\/\/talkpal.ai\/tr\/#organization","name":"Talkpal, Inc.","alternateName":"Talkpal AI","url":"https:\/\/talkpal.ai\/tr\/","logo":{"@type":"ImageObject","inLanguage":"tr","@id":"https:\/\/talkpal.ai\/tr\/#\/schema\/logo\/image\/","url":"https:\/\/talkpal.ai\/wp-content\/uploads\/2024\/03\/Talkpal-Logo-Icon.png","contentUrl":"https:\/\/talkpal.ai\/wp-content\/uploads\/2024\/03\/Talkpal-Logo-Icon.png","width":2880,"height":2880,"caption":"Talkpal, Inc."},"image":{"@id":"https:\/\/talkpal.ai\/tr\/#\/schema\/logo\/image\/"},"sameAs":["https:\/\/www.facebook.com\/profile.php?id=100090733639311","https:\/\/x.com\/talkpalai","https:\/\/www.linkedin.com\/company\/talkpal\/","https:\/\/www.youtube.com\/@TalkPal\/","https:\/\/www.tiktok.com\/@talkpal","https:\/\/www.instagram.com\/talkpal_ai\/","https:\/\/www.crunchbase.com\/organization\/talkpal-9cde","https:\/\/www.g2.com\/products\/talkpal-for-business\/","https:\/\/www.trustpilot.com\/review\/talkpal.ai","https:\/\/www.capterra.com\/p\/10006800\/TalkPal\/"],"description":"Talkpal is a language learning web and mobile education app, powered by the latest AI technologies, that provides engaging experiences to its customers in many different languages to help them improve their language skills. Users can chat about unlimited amount of topics with the app and use other modes to practice their language learning.","email":"support@talkpal.ai","legalName":"Talkpal, Inc.","foundingDate":"2023-04-03","duns":"118989042","numberOfEmployees":{"@type":"QuantitativeValue","minValue":"11","maxValue":"50"},"publishingPrinciples":"https:\/\/talkpal.ai\/publishing-principles\/","actionableFeedbackPolicy":"https:\/\/talkpal.ai\/actionable-feedback-policy\/","correctionsPolicy":"https:\/\/talkpal.ai\/corrections-policy\/","ethicsPolicy":"https:\/\/talkpal.ai\/ethics-policy\/","diversityPolicy":"https:\/\/talkpal.ai\/diversity-policy\/","diversityStaffingReport":"https:\/\/talkpal.ai\/diversity-policy\/"}]}},"_links":{"self":[{"href":"https:\/\/talkpal.ai\/tr\/wp-json\/wp\/v2\/pages\/161859","targetHints":{"allow":["GET"]}}],"collection":[{"href":"https:\/\/talkpal.ai\/tr\/wp-json\/wp\/v2\/pages"}],"about":[{"href":"https:\/\/talkpal.ai\/tr\/wp-json\/wp\/v2\/types\/page"}],"author":[{"embeddable":true,"href":"https:\/\/talkpal.ai\/tr\/wp-json\/wp\/v2\/users\/6"}],"replies":[{"embeddable":true,"href":"https:\/\/talkpal.ai\/tr\/wp-json\/wp\/v2\/comments?post=161859"}],"version-history":[{"count":0,"href":"https:\/\/talkpal.ai\/tr\/wp-json\/wp\/v2\/pages\/161859\/revisions"}],"wp:featuredmedia":[{"embeddable":true,"href":"https:\/\/talkpal.ai\/tr\/wp-json\/wp\/v2\/media\/113517"}],"wp:attachment":[{"href":"https:\/\/talkpal.ai\/tr\/wp-json\/wp\/v2\/media?parent=161859"}],"curies":[{"name":"wp","href":"https:\/\/api.w.org\/{rel}","templated":true}]}}