{"id":161275,"date":"2023-06-22T07:25:42","date_gmt":"2023-06-22T07:25:42","guid":{"rendered":"http:\/\/talkpal.ai\/endonezyaca-dilbilgisi-alistirmalari\/"},"modified":"2025-12-17T14:53:03","modified_gmt":"2025-12-17T14:53:03","slug":"endonezyaca-dilbilgisi-alistirmalari","status":"publish","type":"page","link":"https:\/\/talkpal.ai\/tr\/endonezyaca-dilbilgisi-alistirmalari\/","title":{"rendered":"Endonezyaca Dilbilgisi Al\u0131\u015ft\u0131rmalar\u0131"},"content":{"rendered":"\r\n\r\n\r\n<section class=\"languageChallengeSection\">\r\n    <div class=\"languageInfoWrapper\">\r\n        \r\n        <h1>Endonezyaca Dilbilgisi Al\u0131\u015ft\u0131rmalar\u0131<\/h1>\r\n        <p>Endonezce&#039;de kendinize olan g\u00fcveninizi art\u0131rmak m\u0131 istiyorsunuz? <a href=\"https:\/\/talkpal.ai\/grammar\/\">Dilbilgisi<\/a> al\u0131\u015ft\u0131rmalar\u0131 c\u00fcmle yap\u0131s\u0131, fiil formlar\u0131 ve daha do\u011fal ileti\u015fim kurman\u0131za yard\u0131mc\u0131 olacak temel kal\u0131plar konusunda uzmanla\u015fmak i\u00e7in harika bir yoldur. <a href=\"https:\/\/talkpal.ai\/tr\/endonezce-ogrenin-hizli-ve-kolay-yontemlerle-baslayin\/\">Endonezce dilbilgisi<\/a> al\u0131\u015ft\u0131rmalar\u0131na bug\u00fcn ba\u015flay\u0131n ve her oturumda becerilerinizin ve anlay\u0131\u015f\u0131n\u0131z\u0131n geli\u015fmesini izleyin!<\/p>\r\n\r\n                            <a class=\"getStartedHidden\" href=\"https:\/\/app.talkpal.ai\/tr\/signup?lng=\">Hadi ba\u015fla<\/a>\r\n        \r\n    <\/div>\r\n\r\n    <figure>\r\n    <img decoding=\"async\" width=\"768\" height=\"768\" src=\"https:\/\/talkpal.ai\/wp-content\/uploads\/2023\/06\/indonesia-768x768.png\" class=\"languageImage no-lazy\" alt=\"Language learning for personal achievement\" fetchpriority=\"high\" sizes=\"(max-width: 768px) 150px, 768px\" srcset=\"https:\/\/talkpal.ai\/wp-content\/uploads\/2023\/06\/indonesia-768x768.png 768w, https:\/\/talkpal.ai\/wp-content\/uploads\/2023\/06\/indonesia-300x300.png 300w\" \/>\r\n    \r\n\r\n    <\/figure>\r\n\r\n            <a class=\"getStartedVisible\" href=\"https:\/\/app.talkpal.ai\/tr\/signup?lng=\">Hadi ba\u015fla<\/a>\r\n    \r\n<\/section>\r\n\r\n\r\n<!-- <section class=\"grammarSection\">\r\n    <div class=\"grammarLinks\">\r\n            <\/div>\r\n<\/section> -->\r\n\r\n\r\n\r\n\r\n<section class=\"promotionalBanner\">\r\n    <p class=\"promotionalText\">Dil \u00f6\u011frenmenin en etkili yolu<\/p>\r\n    <a class=\"promotionalLink\" href=\"https:\/\/app.talkpal.ai\/tr\/signup?lng=\">Talkpal \u00fccretsiz deneyin<\/a>\r\n<\/section>\n<div class=\"wp-block-group pageContainerStyle\"><div class=\"wp-block-group__inner-container is-layout-constrained wp-block-group-is-layout-constrained\">\n<h2 class=\"wp-block-heading\" id=\"h-indonesian-grammar-topics\">Endonezce Dilbilgisi Konular\u0131<\/h2>\n\n\n\n<p>Endonezyaca veya Bahasa Endonezya, Endonezya&#8217;n\u0131n resmi dilidir ve 700&#8217;den fazla konu\u015fulan dile sahip bir \u00fclkede birle\u015ftirici bir dil olarak hizmet eder. Malayca&#8217;n\u0131n standartla\u015ft\u0131r\u0131lm\u0131\u015f bir kayd\u0131 olarak, \u00f6\u011frenmesi kolay bir dilbilgisi sistemine sahip bir Avustronezya dilidir. Endonezce \u00f6\u011frenirken, etkili ileti\u015fim i\u00e7in dilbilgisi kurallar\u0131n\u0131 ve yap\u0131s\u0131n\u0131 anlamak \u00e7ok \u00f6nemlidir. Bu k\u0131lavuzda, zamanlar, fiiller, isimler, artikeller, zamirler, s\u0131fatlar, zarflar, ko\u015fullar, edatlar ve c\u00fcmle yap\u0131s\u0131 gibi \u00e7e\u015fitli Endonezyaca dilbilgisi konular\u0131n\u0131 \u00f6\u011frenme s\u0131ras\u0131na odaklanaca\u011f\u0131z.<\/p>\n\n\n\n<h3 class=\"wp-block-heading\" id=\"h-1-nouns\">1. \u0130simler<\/h3>\n\n\n\n<p>Dilin en basit yap\u0131 ta\u015flar\u0131 olduklar\u0131 i\u00e7in Endonezyaca isimleri \u00f6\u011frenerek ba\u015flay\u0131n. Endonezyaca isimler cinsiyetlendirilmez veya \u00e7o\u011ful de\u011fildir, bu da onlar\u0131 kavramay\u0131 kolayla\u015ft\u0131r\u0131r. Yayg\u0131n isimler ve bunlar\u0131n ba\u011flam i\u00e7indeki kullan\u0131mlar\u0131 hakk\u0131nda bilgi edinin.<\/p>\n\n\n\n<h3 class=\"wp-block-heading\" id=\"h-2-pronouns-determiners\">2. Zamirler\/Belirleyiciler<\/h3>\n\n\n\n<p>\u0130simleri anlad\u0131ktan sonra zamirleri ve belirleyicileri \u00f6\u011frenin. Endonezyaca, \u0130ngilizce e\u015fde\u011ferlerine kar\u015f\u0131l\u0131k gelen \u00e7e\u015fitli \u015fah\u0131s zamirlerine ve iyelik belirleyicilerine sahiptir. C\u00fcmle yap\u0131m\u0131nda temelinizi olu\u015fturmak i\u00e7in bunlar\u0131 farkl\u0131 ba\u011flamlarda kullanma al\u0131\u015ft\u0131rmas\u0131 yap\u0131n.<\/p>\n\n\n\n<h3 class=\"wp-block-heading\" id=\"h-3-adjectives\">3. S\u0131fatlar<\/h3>\n\n\n\n<p>S\u0131fatlar, Endonezyaca&#8217;da isimleri tan\u0131mlamak ve ay\u0131rt etmek i\u00e7in gereklidir. S\u0131fatlar\u0131 basit c\u00fcmlelerde nas\u0131l kullanaca\u011f\u0131n\u0131z\u0131 ve isimlere g\u00f6re yerle\u015fimlerini nas\u0131l anlayaca\u011f\u0131n\u0131z\u0131 \u00f6\u011frenin.<\/p>\n\n\n\n<h3 class=\"wp-block-heading\" id=\"h-4-verbs\">4. Fiiller<\/h3>\n\n\n\n<p>Endonezyaca fiiller \u00e7ekimli de\u011fildir, bu da onlar\u0131 di\u011fer dillere k\u0131yasla nispeten daha kolay \u00f6\u011frenir. Temel fiil bi\u00e7imlerini ve c\u00fcmle i\u00e7indeki kullan\u0131mlar\u0131n\u0131 inceleyin.<\/p>\n\n\n\n<h3 class=\"wp-block-heading\" id=\"h-5-tenses\">5. Zamanlar<\/h3>\n\n\n\n<p>Endonezce&#8217;nin \u0130ngilizce zamanlara do\u011frudan bir kar\u015f\u0131l\u0131\u011f\u0131 yoktur. Bunun yerine, zaman ba\u011flam arac\u0131l\u0131\u011f\u0131yla veya belirli kelimeler kullan\u0131larak ifade edilir. \u00c7e\u015fitli zarflar ve ifadeler kullanarak Endonezyaca ge\u00e7mi\u015f, \u015fimdiki ve gelecekteki olaylar\u0131 nas\u0131l aktaraca\u011f\u0131n\u0131z\u0131 \u00f6\u011frenin.<\/p>\n\n\n\n<h3 class=\"wp-block-heading\" id=\"h-6-tense-comparison-progressive-perfect-progressive\">6. Gergin Kar\u015f\u0131la\u015ft\u0131rma, \u0130lerici, M\u00fckemmel \u0130lerici<\/h3>\n\n\n\n<p>Endonezyaca gergin bir sisteme sahip olmad\u0131\u011f\u0131ndan, zaman kar\u015f\u0131la\u015ft\u0131rmas\u0131, ilerici ve m\u00fckemmel ilerici kavram\u0131n\u0131 anlamak \u00e7ok \u00f6nemlidir. Farkl\u0131 kelimeler ve ifadeler kullanarak bu y\u00f6nleri nas\u0131l ifade edece\u011finizi \u00f6\u011frenin.<\/p>\n\n\n\n<h3 class=\"wp-block-heading\" id=\"h-7-adverbs\">7. Zarflar<\/h3>\n\n\n\n<p>C\u00fcmlelerinize daha fazla ayr\u0131nt\u0131 ve derinlik katmak i\u00e7in Endonezce kelime da\u011farc\u0131\u011f\u0131n\u0131za zarflar ekleyin. Zarf yerle\u015fimini ve kullan\u0131m\u0131n\u0131 d\u00fczenleyen kurallar\u0131 \u00f6\u011frenin.<\/p>\n\n\n\n<h3 class=\"wp-block-heading\" id=\"h-8-prepositions\">8. Edatlar<\/h3>\n\n\n\n<p>Edatlar, bir c\u00fcmledeki kelimeler aras\u0131ndaki ili\u015fkileri belirtmek i\u00e7in kullan\u0131l\u0131r. Yayg\u0131n Endonezya edatlar\u0131n\u0131 ve \u00e7e\u015fitli ba\u011flamlarda kullan\u0131mlar\u0131n\u0131 \u00f6\u011frenin.<\/p>\n\n\n\n<h3 class=\"wp-block-heading\" id=\"h-9-conditionals\">9. Ko\u015fullar<\/h3>\n\n\n\n<p>Endonezyaca&#8217;da varsay\u0131msal durumlar\u0131 ve sonu\u00e7lar\u0131n\u0131 ifade eden ko\u015fullu c\u00fcmleleri inceleyin. &#8220;E\u011fer&#8221; c\u00fcmlelerini ve di\u011fer ko\u015fullu yap\u0131lar\u0131 nas\u0131l olu\u015fturaca\u011f\u0131n\u0131z\u0131 ve kullanaca\u011f\u0131n\u0131z\u0131 \u00f6\u011frenin.<\/p>\n\n\n\n<h3 class=\"wp-block-heading\" id=\"h-10-sentences\">10. C\u00fcmleler<\/h3>\n\n\n\n<p>Son olarak, yukar\u0131da ele al\u0131nan dilbilgisi kurallar\u0131n\u0131 ve konular\u0131n\u0131 kullanarak c\u00fcmle kurma al\u0131\u015ft\u0131rmas\u0131 yap\u0131n. Dildeki genel ileti\u015fim becerilerinizi geli\u015ftirmek i\u00e7in bildirim, soru, emir kipi ve \u00fcnlem i\u015fareti gibi farkl\u0131 Endonezyaca c\u00fcmle t\u00fcrlerini \u00f6\u011frenin.<\/p>\n<\/div><\/div>\n\r\n<section class=\"learnNavigationSection\">\r\n            \r\n        <a href=\"https:\/\/talkpal.ai\/tr\/endonezce-ogren\/\">\r\n            <div class=\"learnNavigationWrapper\">\r\n                <div class=\"learnNavigationContent\">\r\n                    <img decoding=\"async\" src=\"https:\/\/talkpal.ai\/wp-content\/uploads\/2024\/08\/Indonesian.jpg\" alt=\"Indonesian Flag\">\r\n                    <div>\r\n                        <h4>Endonezce \u00d6\u011frenimi Hakk\u0131nda<\/h4>\r\n                        <p>Endonezce dilbilgisi hakk\u0131nda her \u015feyi \u00f6\u011frenin .<\/p>\r\n                    <\/div>\r\n                <\/div>\r\n            <\/div>\r\n        <\/a>\r\n\r\n        \r\n        <a href=\"https:\/\/talkpal.ai\/tr\/endonezyaca-dilbilgisi\/\">\r\n            <div class=\"learnNavigationWrapper\">\r\n                <div class=\"learnNavigationContent\">\r\n                    <img decoding=\"async\" src=\"https:\/\/talkpal.ai\/wp-content\/uploads\/2024\/08\/Indonesian.jpg\" alt=\"Indonesian Flag\">\r\n                    <div>\r\n                        <h4>Endonezce Dilbilgisi Dersleri<\/h4>\r\n                        <p>Endonezce dilbilgisi prati\u011fi yap\u0131n .<\/p>\r\n                    <\/div>\r\n                <\/div>\r\n            <\/div>\r\n        <\/a>\r\n\r\n        \r\n        <a href=\"https:\/\/talkpal.ai\/vocabulary_language\/indonesian\/\">\r\n            <div class=\"learnNavigationWrapper\">\r\n                <div class=\"learnNavigationContent\">\r\n                    <img decoding=\"async\" src=\"https:\/\/talkpal.ai\/wp-content\/uploads\/2024\/08\/Indonesian.jpg\" alt=\"Indonesian Flag\">\r\n                    <div>\r\n                        <h4>Endonezce Kelime Bilgisi<\/h4>\r\n                        <p>Endonezce kelime da\u011farc\u0131\u011f\u0131n\u0131z\u0131 geni\u015fletin.<\/p>\r\n                    <\/div>\r\n                <\/div>\r\n            <\/div>\r\n        <\/a>\r\n\r\n            <\/section>","protected":false},"excerpt":{"rendered":"<p>Endonezce Dilbilgisi Konular\u0131 Endonezyaca veya Bahasa Endonezya, Endonezya&#8217;n\u0131n resmi dilidir ve 700&#8217;den fazla konu\u015fulan dile sahip bir \u00fclkede birle\u015ftirici bir dil olarak hizmet eder. Malayca&#8217;n\u0131n standartla\u015ft\u0131r\u0131lm\u0131\u015f bir kayd\u0131 olarak, \u00f6\u011frenmesi kolay bir dilbilgisi sistemine sahip bir Avustronezya dilidir. Endonezce \u00f6\u011frenirken, etkili ileti\u015fim i\u00e7in dilbilgisi kurallar\u0131n\u0131 ve yap\u0131s\u0131n\u0131 anlamak \u00e7ok \u00f6nemlidir. Bu k\u0131lavuzda, zamanlar, fiiller, isimler, [&hellip;]<\/p>\n","protected":false},"author":6,"featured_media":114050,"parent":0,"menu_order":0,"comment_status":"closed","ping_status":"closed","template":"LearningContentPage.php","meta":{"_acf_changed":false,"footnotes":""},"class_list":["post-161275","page","type-page","status-publish","has-post-thumbnail","hentry"],"acf":[],"yoast_head":"<!-- This site is optimized with the Yoast SEO Premium plugin v27.2 (Yoast SEO v27.2) - https:\/\/yoast.com\/product\/yoast-seo-premium-wordpress\/ -->\n<title>Endonezyaca Dilbilgisi Al\u0131\u015ft\u0131rmalar\u0131 - Talkpal<\/title>\n<meta name=\"description\" content=\"Endonezce dilbilginizi geli\u015ftirin - basit al\u0131\u015ft\u0131rmalar, etkile\u015fimli \u00f6rnekler ve a\u00e7\u0131k geri bildirimlerle pratik yap\u0131n Talkpal AI.\" \/>\n<meta name=\"robots\" content=\"index, follow, max-snippet:-1, max-image-preview:large, max-video-preview:-1\" \/>\n<link rel=\"canonical\" href=\"https:\/\/talkpal.ai\/tr\/endonezyaca-dilbilgisi-alistirmalari\/\" \/>\n<meta property=\"og:locale\" content=\"tr_TR\" \/>\n<meta property=\"og:type\" content=\"article\" \/>\n<meta property=\"og:title\" content=\"Endonezyaca Dilbilgisi Al\u0131\u015ft\u0131rmalar\u0131\" \/>\n<meta property=\"og:description\" content=\"Endonezce Dilbilgisi Konular\u0131 Endonezyaca veya Bahasa Endonezya, Endonezya&#039;n\u0131n resmi dilidir ve 700&#039;den fazla konu\u015fulan dile sahip bir \u00fclkede birle\u015ftirici\" \/>\n<meta property=\"og:url\" content=\"https:\/\/talkpal.ai\/tr\/endonezyaca-dilbilgisi-alistirmalari\/\" \/>\n<meta property=\"og:site_name\" content=\"Talkpal\" \/>\n<meta property=\"article:publisher\" content=\"https:\/\/www.facebook.com\/profile.php?id=100090733639311\" \/>\n<meta property=\"article:modified_time\" content=\"2025-12-17T14:53:03+00:00\" \/>\n<meta property=\"og:image\" content=\"https:\/\/talkpal.ai\/wp-content\/uploads\/2023\/05\/indonesia.png\" \/>\n\t<meta property=\"og:image:width\" content=\"512\" \/>\n\t<meta property=\"og:image:height\" content=\"512\" \/>\n\t<meta property=\"og:image:type\" content=\"image\/png\" \/>\n<meta name=\"twitter:card\" content=\"summary_large_image\" \/>\n<meta name=\"twitter:site\" content=\"@talkpalai\" \/>\n<meta name=\"twitter:label1\" content=\"Tahmini okuma s\u00fcresi\" \/>\n\t<meta name=\"twitter:data1\" content=\"2 dakika\" \/>\n<script type=\"application\/ld+json\" class=\"yoast-schema-graph\">{\"@context\":\"https:\/\/schema.org\",\"@graph\":[{\"@type\":\"WebPage\",\"@id\":\"https:\/\/talkpal.ai\/tr\/endonezyaca-dilbilgisi-alistirmalari\/\",\"url\":\"https:\/\/talkpal.ai\/tr\/endonezyaca-dilbilgisi-alistirmalari\/\",\"name\":\"Endonezyaca Dilbilgisi Al\u0131\u015ft\u0131rmalar\u0131 - Talkpal\",\"isPartOf\":{\"@id\":\"https:\/\/talkpal.ai\/tr\/#website\"},\"primaryImageOfPage\":{\"@id\":\"https:\/\/talkpal.ai\/tr\/endonezyaca-dilbilgisi-alistirmalari\/#primaryimage\"},\"image\":{\"@id\":\"https:\/\/talkpal.ai\/tr\/endonezyaca-dilbilgisi-alistirmalari\/#primaryimage\"},\"thumbnailUrl\":\"https:\/\/talkpal.ai\/wp-content\/uploads\/2023\/05\/indonesia.png\",\"datePublished\":\"2023-06-22T07:25:42+00:00\",\"dateModified\":\"2025-12-17T14:53:03+00:00\",\"description\":\"Endonezce dilbilginizi geli\u015ftirin - basit al\u0131\u015ft\u0131rmalar, etkile\u015fimli \u00f6rnekler ve a\u00e7\u0131k geri bildirimlerle pratik yap\u0131n Talkpal AI.\",\"breadcrumb\":{\"@id\":\"https:\/\/talkpal.ai\/tr\/endonezyaca-dilbilgisi-alistirmalari\/#breadcrumb\"},\"inLanguage\":\"tr\",\"potentialAction\":[{\"@type\":\"ReadAction\",\"target\":[\"https:\/\/talkpal.ai\/tr\/endonezyaca-dilbilgisi-alistirmalari\/\"]}]},{\"@type\":\"ImageObject\",\"inLanguage\":\"tr\",\"@id\":\"https:\/\/talkpal.ai\/tr\/endonezyaca-dilbilgisi-alistirmalari\/#primaryimage\",\"url\":\"https:\/\/talkpal.ai\/wp-content\/uploads\/2023\/05\/indonesia.png\",\"contentUrl\":\"https:\/\/talkpal.ai\/wp-content\/uploads\/2023\/05\/indonesia.png\",\"width\":512,\"height\":512},{\"@type\":\"BreadcrumbList\",\"@id\":\"https:\/\/talkpal.ai\/tr\/endonezyaca-dilbilgisi-alistirmalari\/#breadcrumb\",\"itemListElement\":[{\"@type\":\"ListItem\",\"position\":1,\"name\":\"Homepage\",\"item\":\"https:\/\/talkpal.ai\/tr\/\"},{\"@type\":\"ListItem\",\"position\":2,\"name\":\"Endonezyaca Dilbilgisi Al\u0131\u015ft\u0131rmalar\u0131\"}]},{\"@type\":\"WebSite\",\"@id\":\"https:\/\/talkpal.ai\/tr\/#website\",\"url\":\"https:\/\/talkpal.ai\/tr\/\",\"name\":\"Talkpal\",\"description\":\"AI Language Learning\",\"publisher\":{\"@id\":\"https:\/\/talkpal.ai\/tr\/#organization\"},\"alternateName\":\"Talkpal AI\",\"potentialAction\":[{\"@type\":\"SearchAction\",\"target\":{\"@type\":\"EntryPoint\",\"urlTemplate\":\"https:\/\/talkpal.ai\/tr\/?s={search_term_string}\"},\"query-input\":{\"@type\":\"PropertyValueSpecification\",\"valueRequired\":true,\"valueName\":\"search_term_string\"}}],\"inLanguage\":\"tr\"},{\"@type\":\"Organization\",\"@id\":\"https:\/\/talkpal.ai\/tr\/#organization\",\"name\":\"Talkpal, Inc.\",\"alternateName\":\"Talkpal AI\",\"url\":\"https:\/\/talkpal.ai\/tr\/\",\"logo\":{\"@type\":\"ImageObject\",\"inLanguage\":\"tr\",\"@id\":\"https:\/\/talkpal.ai\/tr\/#\/schema\/logo\/image\/\",\"url\":\"https:\/\/talkpal.ai\/wp-content\/uploads\/2024\/03\/Talkpal-Logo-Icon.png\",\"contentUrl\":\"https:\/\/talkpal.ai\/wp-content\/uploads\/2024\/03\/Talkpal-Logo-Icon.png\",\"width\":2880,\"height\":2880,\"caption\":\"Talkpal, Inc.\"},\"image\":{\"@id\":\"https:\/\/talkpal.ai\/tr\/#\/schema\/logo\/image\/\"},\"sameAs\":[\"https:\/\/www.facebook.com\/profile.php?id=100090733639311\",\"https:\/\/x.com\/talkpalai\",\"https:\/\/www.linkedin.com\/company\/talkpal\/\",\"https:\/\/www.youtube.com\/@TalkPal\/\",\"https:\/\/www.tiktok.com\/@talkpal\",\"https:\/\/www.instagram.com\/talkpal_ai\/\",\"https:\/\/www.crunchbase.com\/organization\/talkpal-9cde\",\"https:\/\/www.g2.com\/products\/talkpal-for-business\/\",\"https:\/\/www.trustpilot.com\/review\/talkpal.ai\",\"https:\/\/www.capterra.com\/p\/10006800\/TalkPal\/\"],\"description\":\"Talkpal is a language learning web and mobile education app, powered by the latest AI technologies, that provides engaging experiences to its customers in many different languages to help them improve their language skills. Users can chat about unlimited amount of topics with the app and use other modes to practice their language learning.\",\"email\":\"support@talkpal.ai\",\"legalName\":\"Talkpal, Inc.\",\"foundingDate\":\"2023-04-03\",\"duns\":\"118989042\",\"numberOfEmployees\":{\"@type\":\"QuantitativeValue\",\"minValue\":\"11\",\"maxValue\":\"50\"},\"publishingPrinciples\":\"https:\/\/talkpal.ai\/publishing-principles\/\",\"actionableFeedbackPolicy\":\"https:\/\/talkpal.ai\/actionable-feedback-policy\/\",\"correctionsPolicy\":\"https:\/\/talkpal.ai\/corrections-policy\/\",\"ethicsPolicy\":\"https:\/\/talkpal.ai\/ethics-policy\/\",\"diversityPolicy\":\"https:\/\/talkpal.ai\/diversity-policy\/\",\"diversityStaffingReport\":\"https:\/\/talkpal.ai\/diversity-policy\/\"}]}<\/script>\n<!-- \/ Yoast SEO Premium plugin. -->","yoast_head_json":{"title":"Endonezyaca Dilbilgisi Al\u0131\u015ft\u0131rmalar\u0131 - Talkpal","description":"Endonezce dilbilginizi geli\u015ftirin - basit al\u0131\u015ft\u0131rmalar, etkile\u015fimli \u00f6rnekler ve a\u00e7\u0131k geri bildirimlerle pratik yap\u0131n Talkpal AI.","robots":{"index":"index","follow":"follow","max-snippet":"max-snippet:-1","max-image-preview":"max-image-preview:large","max-video-preview":"max-video-preview:-1"},"canonical":"https:\/\/talkpal.ai\/tr\/endonezyaca-dilbilgisi-alistirmalari\/","og_locale":"tr_TR","og_type":"article","og_title":"Endonezyaca Dilbilgisi Al\u0131\u015ft\u0131rmalar\u0131","og_description":"Endonezce Dilbilgisi Konular\u0131 Endonezyaca veya Bahasa Endonezya, Endonezya'n\u0131n resmi dilidir ve 700'den fazla konu\u015fulan dile sahip bir \u00fclkede birle\u015ftirici","og_url":"https:\/\/talkpal.ai\/tr\/endonezyaca-dilbilgisi-alistirmalari\/","og_site_name":"Talkpal","article_publisher":"https:\/\/www.facebook.com\/profile.php?id=100090733639311","article_modified_time":"2025-12-17T14:53:03+00:00","og_image":[{"width":512,"height":512,"url":"https:\/\/talkpal.ai\/wp-content\/uploads\/2023\/05\/indonesia.png","type":"image\/png"}],"twitter_card":"summary_large_image","twitter_site":"@talkpalai","twitter_misc":{"Tahmini okuma s\u00fcresi":"2 dakika"},"schema":{"@context":"https:\/\/schema.org","@graph":[{"@type":"WebPage","@id":"https:\/\/talkpal.ai\/tr\/endonezyaca-dilbilgisi-alistirmalari\/","url":"https:\/\/talkpal.ai\/tr\/endonezyaca-dilbilgisi-alistirmalari\/","name":"Endonezyaca Dilbilgisi Al\u0131\u015ft\u0131rmalar\u0131 - Talkpal","isPartOf":{"@id":"https:\/\/talkpal.ai\/tr\/#website"},"primaryImageOfPage":{"@id":"https:\/\/talkpal.ai\/tr\/endonezyaca-dilbilgisi-alistirmalari\/#primaryimage"},"image":{"@id":"https:\/\/talkpal.ai\/tr\/endonezyaca-dilbilgisi-alistirmalari\/#primaryimage"},"thumbnailUrl":"https:\/\/talkpal.ai\/wp-content\/uploads\/2023\/05\/indonesia.png","datePublished":"2023-06-22T07:25:42+00:00","dateModified":"2025-12-17T14:53:03+00:00","description":"Endonezce dilbilginizi geli\u015ftirin - basit al\u0131\u015ft\u0131rmalar, etkile\u015fimli \u00f6rnekler ve a\u00e7\u0131k geri bildirimlerle pratik yap\u0131n Talkpal AI.","breadcrumb":{"@id":"https:\/\/talkpal.ai\/tr\/endonezyaca-dilbilgisi-alistirmalari\/#breadcrumb"},"inLanguage":"tr","potentialAction":[{"@type":"ReadAction","target":["https:\/\/talkpal.ai\/tr\/endonezyaca-dilbilgisi-alistirmalari\/"]}]},{"@type":"ImageObject","inLanguage":"tr","@id":"https:\/\/talkpal.ai\/tr\/endonezyaca-dilbilgisi-alistirmalari\/#primaryimage","url":"https:\/\/talkpal.ai\/wp-content\/uploads\/2023\/05\/indonesia.png","contentUrl":"https:\/\/talkpal.ai\/wp-content\/uploads\/2023\/05\/indonesia.png","width":512,"height":512},{"@type":"BreadcrumbList","@id":"https:\/\/talkpal.ai\/tr\/endonezyaca-dilbilgisi-alistirmalari\/#breadcrumb","itemListElement":[{"@type":"ListItem","position":1,"name":"Homepage","item":"https:\/\/talkpal.ai\/tr\/"},{"@type":"ListItem","position":2,"name":"Endonezyaca Dilbilgisi Al\u0131\u015ft\u0131rmalar\u0131"}]},{"@type":"WebSite","@id":"https:\/\/talkpal.ai\/tr\/#website","url":"https:\/\/talkpal.ai\/tr\/","name":"Talkpal","description":"AI Language Learning","publisher":{"@id":"https:\/\/talkpal.ai\/tr\/#organization"},"alternateName":"Talkpal AI","potentialAction":[{"@type":"SearchAction","target":{"@type":"EntryPoint","urlTemplate":"https:\/\/talkpal.ai\/tr\/?s={search_term_string}"},"query-input":{"@type":"PropertyValueSpecification","valueRequired":true,"valueName":"search_term_string"}}],"inLanguage":"tr"},{"@type":"Organization","@id":"https:\/\/talkpal.ai\/tr\/#organization","name":"Talkpal, Inc.","alternateName":"Talkpal AI","url":"https:\/\/talkpal.ai\/tr\/","logo":{"@type":"ImageObject","inLanguage":"tr","@id":"https:\/\/talkpal.ai\/tr\/#\/schema\/logo\/image\/","url":"https:\/\/talkpal.ai\/wp-content\/uploads\/2024\/03\/Talkpal-Logo-Icon.png","contentUrl":"https:\/\/talkpal.ai\/wp-content\/uploads\/2024\/03\/Talkpal-Logo-Icon.png","width":2880,"height":2880,"caption":"Talkpal, Inc."},"image":{"@id":"https:\/\/talkpal.ai\/tr\/#\/schema\/logo\/image\/"},"sameAs":["https:\/\/www.facebook.com\/profile.php?id=100090733639311","https:\/\/x.com\/talkpalai","https:\/\/www.linkedin.com\/company\/talkpal\/","https:\/\/www.youtube.com\/@TalkPal\/","https:\/\/www.tiktok.com\/@talkpal","https:\/\/www.instagram.com\/talkpal_ai\/","https:\/\/www.crunchbase.com\/organization\/talkpal-9cde","https:\/\/www.g2.com\/products\/talkpal-for-business\/","https:\/\/www.trustpilot.com\/review\/talkpal.ai","https:\/\/www.capterra.com\/p\/10006800\/TalkPal\/"],"description":"Talkpal is a language learning web and mobile education app, powered by the latest AI technologies, that provides engaging experiences to its customers in many different languages to help them improve their language skills. Users can chat about unlimited amount of topics with the app and use other modes to practice their language learning.","email":"support@talkpal.ai","legalName":"Talkpal, Inc.","foundingDate":"2023-04-03","duns":"118989042","numberOfEmployees":{"@type":"QuantitativeValue","minValue":"11","maxValue":"50"},"publishingPrinciples":"https:\/\/talkpal.ai\/publishing-principles\/","actionableFeedbackPolicy":"https:\/\/talkpal.ai\/actionable-feedback-policy\/","correctionsPolicy":"https:\/\/talkpal.ai\/corrections-policy\/","ethicsPolicy":"https:\/\/talkpal.ai\/ethics-policy\/","diversityPolicy":"https:\/\/talkpal.ai\/diversity-policy\/","diversityStaffingReport":"https:\/\/talkpal.ai\/diversity-policy\/"}]}},"_links":{"self":[{"href":"https:\/\/talkpal.ai\/tr\/wp-json\/wp\/v2\/pages\/161275","targetHints":{"allow":["GET"]}}],"collection":[{"href":"https:\/\/talkpal.ai\/tr\/wp-json\/wp\/v2\/pages"}],"about":[{"href":"https:\/\/talkpal.ai\/tr\/wp-json\/wp\/v2\/types\/page"}],"author":[{"embeddable":true,"href":"https:\/\/talkpal.ai\/tr\/wp-json\/wp\/v2\/users\/6"}],"replies":[{"embeddable":true,"href":"https:\/\/talkpal.ai\/tr\/wp-json\/wp\/v2\/comments?post=161275"}],"version-history":[{"count":0,"href":"https:\/\/talkpal.ai\/tr\/wp-json\/wp\/v2\/pages\/161275\/revisions"}],"wp:featuredmedia":[{"embeddable":true,"href":"https:\/\/talkpal.ai\/tr\/wp-json\/wp\/v2\/media\/114050"}],"wp:attachment":[{"href":"https:\/\/talkpal.ai\/tr\/wp-json\/wp\/v2\/media?parent=161275"}],"curies":[{"name":"wp","href":"https:\/\/api.w.org\/{rel}","templated":true}]}}