{"id":161261,"date":"2023-06-22T07:53:19","date_gmt":"2023-06-22T07:53:19","guid":{"rendered":"http:\/\/talkpal.ai\/kannada-dilbilgisi-alistirmalari\/"},"modified":"2025-12-17T15:09:42","modified_gmt":"2025-12-17T15:09:42","slug":"kannada-dilbilgisi-alistirmalari","status":"publish","type":"page","link":"https:\/\/talkpal.ai\/tr\/kannada-dilbilgisi-alistirmalari\/","title":{"rendered":"Kannada Dilbilgisi Al\u0131\u015ft\u0131rmalar\u0131"},"content":{"rendered":"\r\n\r\n\r\n<section class=\"languageChallengeSection\">\r\n    <div class=\"languageInfoWrapper\">\r\n        \r\n        <h1>Kannada Dilbilgisi Al\u0131\u015ft\u0131rmalar\u0131<\/h1>\r\n        <p><a href=\"https:\/\/talkpal.ai\/learn-kannada\/\">Kannada<\/a> becerilerinizi geli\u015ftirmek mi istiyorsunuz? Dilbilgisi al\u0131\u015ft\u0131rmalar\u0131 yapmak, c\u00fcmle yap\u0131s\u0131n\u0131, fiil bi\u00e7imlerini ve Kannada dilinin benzersiz \u00f6zelliklerini \u00f6\u011frenmek i\u00e7in harika bir yoldur. Bug\u00fcn <a href=\"https:\/\/talkpal.ai\/kannada-grammar\/\">Kannada dilbilgisi<\/a> \u00fczerinde \u00e7al\u0131\u015fmaya ba\u015flay\u0131n ve her yeni al\u0131\u015ft\u0131rmada kendinize olan g\u00fcveninizin ve ak\u0131c\u0131l\u0131\u011f\u0131n\u0131z\u0131n artt\u0131\u011f\u0131n\u0131 g\u00f6r\u00fcn!<\/p>\r\n\r\n                            <a class=\"getStartedHidden\" href=\"https:\/\/app.talkpal.ai\/tr\/signup?lng=\">Hadi ba\u015fla<\/a>\r\n        \r\n    <\/div>\r\n\r\n    <figure>\r\n    <img decoding=\"async\" width=\"768\" height=\"768\" src=\"https:\/\/talkpal.ai\/wp-content\/uploads\/2023\/06\/Kannada-768x768.png\" class=\"languageImage no-lazy\" alt=\"Language learning for increased mental flexibility\" fetchpriority=\"high\" sizes=\"(max-width: 768px) 150px, 768px\" srcset=\"https:\/\/talkpal.ai\/wp-content\/uploads\/2023\/06\/Kannada-768x768.png 768w, https:\/\/talkpal.ai\/wp-content\/uploads\/2023\/06\/Kannada-300x300.png 300w\" \/>\r\n    \r\n\r\n    <\/figure>\r\n\r\n            <a class=\"getStartedVisible\" href=\"https:\/\/app.talkpal.ai\/tr\/signup?lng=\">Hadi ba\u015fla<\/a>\r\n    \r\n<\/section>\r\n\r\n\r\n<!-- <section class=\"grammarSection\">\r\n    <div class=\"grammarLinks\">\r\n            <\/div>\r\n<\/section> -->\r\n\r\n\r\n\r\n\r\n<section class=\"promotionalBanner\">\r\n    <p class=\"promotionalText\">Dil \u00f6\u011frenmenin en etkili yolu<\/p>\r\n    <a class=\"promotionalLink\" href=\"https:\/\/app.talkpal.ai\/tr\/signup?lng=\">Talkpal \u00fccretsiz deneyin<\/a>\r\n<\/section>\n<div class=\"wp-block-group pageContainerStyle\"><div class=\"wp-block-group__inner-container is-layout-constrained wp-block-group-is-layout-constrained\">\n<h2 class=\"wp-block-heading\" id=\"h-kannada-grammar-topics\">Kannada Dilbilgisi Konular\u0131<\/h2>\n\n\n\n<p>Kannada, a\u011f\u0131rl\u0131kl\u0131 olarak Hindistan&#8217;\u0131n Karnataka eyaletinde yakla\u015f\u0131k 44 milyon ki\u015fi taraf\u0131ndan konu\u015fulan bir Dravid dilidir. Hindistan&#8217;\u0131n 22 programl\u0131 dilinden biridir ve Karnataka eyaletinin resmi dilidir. Kannada&#8217;y\u0131 \u00f6\u011frenmek sadece Karnataka&#8217;n\u0131n zengin k\u00fclt\u00fcr\u00fcn\u00fc ve tarihini anlamak i\u00e7in gerekli de\u011fildir, ayn\u0131 zamanda yerel halkla etkili ileti\u015fime de yard\u0131mc\u0131 olur. Bu makale, dilde g\u00fc\u00e7l\u00fc bir temel olu\u015fturman\u0131za yard\u0131mc\u0131 olacak \u00e7e\u015fitli <a href=\"https:\/\/talkpal.ai\/kannada-grammar\/\">Kannada dilbilgisi<\/a> konular\u0131n\u0131 \u00f6\u011frenmek i\u00e7in yap\u0131land\u0131r\u0131lm\u0131\u015f bir yakla\u015f\u0131m sa\u011flamay\u0131 ama\u00e7lamaktad\u0131r.<\/p>\n\n\n\n<h3 class=\"wp-block-heading\" id=\"h-1-nouns\">1. \u0130simler<\/h3>\n\n\n\n<p>Herhangi bir dilin yap\u0131 ta\u015flar\u0131 olarak, Kannada&#8217;daki isimler \u00f6nce \u00f6\u011frenmek i\u00e7in gereklidir. Kannada isimleri, ismin \u015feklini etkileyen cinsiyet, say\u0131 ve duruma g\u00f6re farkl\u0131 bi\u00e7imlere sahiptir. \u0130sim formlar\u0131n\u0131n temel kavramlar\u0131n\u0131 ve dildeki kullan\u0131mlar\u0131n\u0131 anlayarak ba\u015flay\u0131n.<\/p>\n\n\n\n<h3 class=\"wp-block-heading\" id=\"h-2-pronouns-determiners\">2. Zamirler\/Belirleyiciler<\/h3>\n\n\n\n<p>Zamirler, c\u00fcmlelerde isimlerin yerini alan kelimelerdir, belirleyiciler ise isimleri de\u011fi\u015ftirir. Kannada&#8217;daki \u00e7e\u015fitli zamir ve belirleyici t\u00fcrleri, kullan\u0131mlar\u0131 ve cinsiyete, say\u0131ya ve duruma ba\u011fl\u0131 olarak nas\u0131l de\u011fi\u015ftiklerini \u00f6\u011frenin.<\/p>\n\n\n\n<h3 class=\"wp-block-heading\" id=\"h-3-articles\">3. Makaleler<\/h3>\n\n\n\n<p>Kannada&#8217;da \u0130ngilizce&#8217;deki gibi artikeller yoktur, ancak ismin kesinli\u011fini belirtmeye yard\u0131mc\u0131 olan benzer kelimeler vard\u0131r. Bu kelimeleri ve Kannada&#8217;daki kullan\u0131mlar\u0131n\u0131 tan\u0131y\u0131n.<\/p>\n\n\n\n<h3 class=\"wp-block-heading\" id=\"h-4-adjectives\">4. S\u0131fatlar<\/h3>\n\n\n\n<p>S\u0131fatlar isimleri tan\u0131mlar ve onlar hakk\u0131nda daha fazla bilgi verir. Kannada&#8217;da s\u0131fatlar\u0131n nas\u0131l olu\u015fturulaca\u011f\u0131n\u0131 ve kullan\u0131laca\u011f\u0131n\u0131 ve bunlar\u0131n isimlerle anla\u015fma kurallar\u0131n\u0131 \u00f6\u011frenin.<\/p>\n\n\n\n<h3 class=\"wp-block-heading\" id=\"h-5-verbs\">5. Fiiller<\/h3>\n\n\n\n<p>Fiiller, \u00f6znenin ne yapt\u0131\u011f\u0131n\u0131 g\u00f6steren eylem s\u00f6zc\u00fckleridir. Kannada&#8217;daki farkl\u0131 fiil t\u00fcrleri, bi\u00e7imleri ve zaman, y\u00f6n ve ruh haline dayal\u0131 \u00e7ekim kurallar\u0131 hakk\u0131nda bilgi edinin.<\/p>\n\n\n\n<h3 class=\"wp-block-heading\" id=\"h-6-tenses\">6. Zamanlar<\/h3>\n\n\n\n<p>Kannada&#8217;daki zamanlar, bir eylemin ne zaman ger\u00e7ekle\u015fti\u011fini ifade etmeye yard\u0131mc\u0131 olur. Ge\u00e7mi\u015f, \u015fimdiki ve gelecek olmak \u00fczere \u00fc\u00e7 ana zaman kipini ve bunlar\u0131n \u00e7e\u015fitli bi\u00e7imlerini \u00f6\u011frenin.<\/p>\n\n\n\n<h3 class=\"wp-block-heading\" id=\"h-7-tense-comparison\">7. Gergin Kar\u015f\u0131la\u015ft\u0131rma<\/h3>\n\n\n\n<p>Kannada&#8217;da farkl\u0131 zamanlardaki eylemleri nas\u0131l kar\u015f\u0131la\u015ft\u0131raca\u011f\u0131n\u0131z\u0131 anlay\u0131n. Bu, daha karma\u015f\u0131k c\u00fcmleler kurman\u0131za ve d\u00fc\u015f\u00fcncelerinizi daha do\u011fru ifade etmenize yard\u0131mc\u0131 olacakt\u0131r.<\/p>\n\n\n\n<h3 class=\"wp-block-heading\" id=\"h-8-progressive-and-perfect-progressive\">8. \u0130lerici ve M\u00fckemmel \u0130lerici<\/h3>\n\n\n\n<p>Kannada fiillerinin bu y\u00f6nleri, devam eden eylemleri veya devam eden ancak \u015fimdi tamamlanm\u0131\u015f eylemleri g\u00f6sterir. Kannada&#8217;da ilerici ve m\u00fckemmel ilerici fiillerin nas\u0131l olu\u015fturulaca\u011f\u0131n\u0131 ve kullan\u0131laca\u011f\u0131n\u0131 \u00f6\u011frenin.<\/p>\n\n\n\n<h3 class=\"wp-block-heading\" id=\"h-9-adverbs\">9. Zarflar<\/h3>\n\n\n\n<p>Zarflar fiiller, s\u0131fatlar veya di\u011fer zarflar hakk\u0131nda ek bilgi sa\u011flar. Kannada&#8217;daki farkl\u0131 zarf t\u00fcrlerini ve bunlar\u0131n c\u00fcmle i\u00e7indeki yerle\u015fimlerini \u00f6\u011frenin.<\/p>\n\n\n\n<h3 class=\"wp-block-heading\" id=\"h-10-conditionals\">10. Ko\u015fullar<\/h3>\n\n\n\n<p>Ko\u015fullar, bir ko\u015fulu ve olas\u0131 sonucunu ifade eden c\u00fcmlelerdir. Uygun fiil formlar\u0131n\u0131 ve ba\u011fla\u00e7lar\u0131 kullanarak Kannada&#8217;da ko\u015fullu c\u00fcmlelerin nas\u0131l olu\u015fturulaca\u011f\u0131n\u0131 ve kullan\u0131laca\u011f\u0131n\u0131 \u00f6\u011frenin.<\/p>\n\n\n\n<h3 class=\"wp-block-heading\" id=\"h-11-prepositions\">11. Edatlar<\/h3>\n\n\n\n<p>Edatlar, bir c\u00fcmledeki isimler veya zamirler ile di\u011fer kelimeler aras\u0131ndaki ili\u015fkileri g\u00f6steren kelimelerdir. Yayg\u0131n Kannada edatlar\u0131n\u0131 ve kullan\u0131mlar\u0131n\u0131 \u00f6\u011frenin.<\/p>\n\n\n\n<h3 class=\"wp-block-heading\" id=\"h-12-sentences\">12. C\u00fcmleler<\/h3>\n\n\n\n<p>Son olarak, Kannada dilinde tam c\u00fcmleler kurmak i\u00e7in \u00f6\u011frendi\u011finiz t\u00fcm dilbilgisi konular\u0131n\u0131 birle\u015ftirerek pratik yap\u0131n. Bu, genel dil yeterlili\u011finizi ve ileti\u015fim becerilerinizi geli\u015ftirmenize yard\u0131mc\u0131 olacakt\u0131r.<\/p>\n<\/div><\/div>\n\r\n<section class=\"learnNavigationSection\">\r\n            \r\n        <a href=\"https:\/\/talkpal.ai\/tr\/kannadayi-ogrenin\/\">\r\n            <div class=\"learnNavigationWrapper\">\r\n                <div class=\"learnNavigationContent\">\r\n                    <img decoding=\"async\" src=\"https:\/\/talkpal.ai\/wp-content\/uploads\/2024\/08\/Kannada.jpg\" alt=\"Indian Simplified Flag\">\r\n                    <div>\r\n                        <h4>Kannada Learning Hakk\u0131nda<\/h4>\r\n                        <p>Kannada dilbilgisi hakk\u0131nda her \u015feyi \u00f6\u011frenin .<\/p>\r\n                    <\/div>\r\n                <\/div>\r\n            <\/div>\r\n        <\/a>\r\n\r\n        \r\n        <a href=\"https:\/\/talkpal.ai\/tr\/kannada-dilbilgisi\/\">\r\n            <div class=\"learnNavigationWrapper\">\r\n                <div class=\"learnNavigationContent\">\r\n                    <img decoding=\"async\" src=\"https:\/\/talkpal.ai\/wp-content\/uploads\/2024\/08\/Kannada.jpg\" alt=\"Indian Simplified Flag\">\r\n                    <div>\r\n                        <h4>Kannada Dilbilgisi Dersleri<\/h4>\r\n                        <p>Kannada dilbilgisi al\u0131\u015ft\u0131rmas\u0131 yap\u0131n .<\/p>\r\n                    <\/div>\r\n                <\/div>\r\n            <\/div>\r\n        <\/a>\r\n\r\n        \r\n        <a href=\"https:\/\/talkpal.ai\/vocabulary_language\/kannada\/\">\r\n            <div class=\"learnNavigationWrapper\">\r\n                <div class=\"learnNavigationContent\">\r\n                    <img decoding=\"async\" src=\"https:\/\/talkpal.ai\/wp-content\/uploads\/2024\/08\/Kannada.jpg\" alt=\"Indian Simplified Flag\">\r\n                    <div>\r\n                        <h4>Kannada S\u00f6zc\u00fck Da\u011farc\u0131\u011f\u0131<\/h4>\r\n                        <p>Kannada kelime da\u011farc\u0131\u011f\u0131n\u0131z\u0131 geni\u015fletin.<\/p>\r\n                    <\/div>\r\n                <\/div>\r\n            <\/div>\r\n        <\/a>\r\n\r\n            <\/section>","protected":false},"excerpt":{"rendered":"<p>Kannada Dilbilgisi Konular\u0131 Kannada, a\u011f\u0131rl\u0131kl\u0131 olarak Hindistan&#8217;\u0131n Karnataka eyaletinde yakla\u015f\u0131k 44 milyon ki\u015fi taraf\u0131ndan konu\u015fulan bir Dravid dilidir. Hindistan&#8217;\u0131n 22 programl\u0131 dilinden biridir ve Karnataka eyaletinin resmi dilidir. Kannada&#8217;y\u0131 \u00f6\u011frenmek sadece Karnataka&#8217;n\u0131n zengin k\u00fclt\u00fcr\u00fcn\u00fc ve tarihini anlamak i\u00e7in gerekli de\u011fildir, ayn\u0131 zamanda yerel halkla etkili ileti\u015fime de yard\u0131mc\u0131 olur. Bu makale, dilde g\u00fc\u00e7l\u00fc bir temel [&hellip;]<\/p>\n","protected":false},"author":6,"featured_media":113641,"parent":0,"menu_order":0,"comment_status":"closed","ping_status":"closed","template":"LearningContentPage.php","meta":{"_acf_changed":false,"footnotes":""},"class_list":["post-161261","page","type-page","status-publish","has-post-thumbnail","hentry"],"acf":[],"yoast_head":"<!-- This site is optimized with the Yoast SEO Premium plugin v27.2 (Yoast SEO v27.2) - https:\/\/yoast.com\/product\/yoast-seo-premium-wordpress\/ -->\n<title>Kannada Dilbilgisi Al\u0131\u015ft\u0131rmalar\u0131 - Talkpal<\/title>\n<meta name=\"description\" content=\"Kannada dilbilginizi g\u00fc\u00e7lendirin - interaktif al\u0131\u015ft\u0131rmalara kat\u0131l\u0131n, c\u00fcmle kal\u0131plar\u0131nda ustala\u015f\u0131n ve ak\u0131c\u0131l\u0131\u011f\u0131n\u0131z\u0131 geli\u015ftirin Talkpal&#039;in yapay zeka \u00f6\u011fretmeni.\" \/>\n<meta name=\"robots\" content=\"index, follow, max-snippet:-1, max-image-preview:large, max-video-preview:-1\" \/>\n<link rel=\"canonical\" href=\"https:\/\/talkpal.ai\/tr\/kannada-dilbilgisi-alistirmalari\/\" \/>\n<meta property=\"og:locale\" content=\"tr_TR\" \/>\n<meta property=\"og:type\" content=\"article\" \/>\n<meta property=\"og:title\" content=\"Kannada Dilbilgisi Al\u0131\u015ft\u0131rmalar\u0131\" \/>\n<meta property=\"og:description\" content=\"Kannada Dilbilgisi Konular\u0131 Kannada, a\u011f\u0131rl\u0131kl\u0131 olarak Hindistan&#039;\u0131n Karnataka eyaletinde yakla\u015f\u0131k 44 milyon ki\u015fi taraf\u0131ndan konu\u015fulan bir Dravid dilidir.\" \/>\n<meta property=\"og:url\" content=\"https:\/\/talkpal.ai\/tr\/kannada-dilbilgisi-alistirmalari\/\" \/>\n<meta property=\"og:site_name\" content=\"Talkpal\" \/>\n<meta property=\"article:publisher\" content=\"https:\/\/www.facebook.com\/profile.php?id=100090733639311\" \/>\n<meta property=\"article:modified_time\" content=\"2025-12-17T15:09:42+00:00\" \/>\n<meta property=\"og:image\" content=\"https:\/\/talkpal.ai\/wp-content\/uploads\/2023\/05\/Kannada-india.png\" \/>\n\t<meta property=\"og:image:width\" content=\"512\" \/>\n\t<meta property=\"og:image:height\" content=\"512\" \/>\n\t<meta property=\"og:image:type\" content=\"image\/png\" \/>\n<meta name=\"twitter:card\" content=\"summary_large_image\" \/>\n<meta name=\"twitter:site\" content=\"@talkpalai\" \/>\n<meta name=\"twitter:label1\" content=\"Tahmini okuma s\u00fcresi\" \/>\n\t<meta name=\"twitter:data1\" content=\"3 dakika\" \/>\n<script type=\"application\/ld+json\" class=\"yoast-schema-graph\">{\"@context\":\"https:\/\/schema.org\",\"@graph\":[{\"@type\":\"WebPage\",\"@id\":\"https:\/\/talkpal.ai\/tr\/kannada-dilbilgisi-alistirmalari\/\",\"url\":\"https:\/\/talkpal.ai\/tr\/kannada-dilbilgisi-alistirmalari\/\",\"name\":\"Kannada Dilbilgisi Al\u0131\u015ft\u0131rmalar\u0131 - Talkpal\",\"isPartOf\":{\"@id\":\"https:\/\/talkpal.ai\/tr\/#website\"},\"primaryImageOfPage\":{\"@id\":\"https:\/\/talkpal.ai\/tr\/kannada-dilbilgisi-alistirmalari\/#primaryimage\"},\"image\":{\"@id\":\"https:\/\/talkpal.ai\/tr\/kannada-dilbilgisi-alistirmalari\/#primaryimage\"},\"thumbnailUrl\":\"https:\/\/talkpal.ai\/wp-content\/uploads\/2023\/05\/Kannada-india.png\",\"datePublished\":\"2023-06-22T07:53:19+00:00\",\"dateModified\":\"2025-12-17T15:09:42+00:00\",\"description\":\"Kannada dilbilginizi g\u00fc\u00e7lendirin - interaktif al\u0131\u015ft\u0131rmalara kat\u0131l\u0131n, c\u00fcmle kal\u0131plar\u0131nda ustala\u015f\u0131n ve ak\u0131c\u0131l\u0131\u011f\u0131n\u0131z\u0131 geli\u015ftirin Talkpal'in yapay zeka \u00f6\u011fretmeni.\",\"breadcrumb\":{\"@id\":\"https:\/\/talkpal.ai\/tr\/kannada-dilbilgisi-alistirmalari\/#breadcrumb\"},\"inLanguage\":\"tr\",\"potentialAction\":[{\"@type\":\"ReadAction\",\"target\":[\"https:\/\/talkpal.ai\/tr\/kannada-dilbilgisi-alistirmalari\/\"]}]},{\"@type\":\"ImageObject\",\"inLanguage\":\"tr\",\"@id\":\"https:\/\/talkpal.ai\/tr\/kannada-dilbilgisi-alistirmalari\/#primaryimage\",\"url\":\"https:\/\/talkpal.ai\/wp-content\/uploads\/2023\/05\/Kannada-india.png\",\"contentUrl\":\"https:\/\/talkpal.ai\/wp-content\/uploads\/2023\/05\/Kannada-india.png\",\"width\":512,\"height\":512},{\"@type\":\"BreadcrumbList\",\"@id\":\"https:\/\/talkpal.ai\/tr\/kannada-dilbilgisi-alistirmalari\/#breadcrumb\",\"itemListElement\":[{\"@type\":\"ListItem\",\"position\":1,\"name\":\"Homepage\",\"item\":\"https:\/\/talkpal.ai\/tr\/\"},{\"@type\":\"ListItem\",\"position\":2,\"name\":\"Kannada Dilbilgisi Al\u0131\u015ft\u0131rmalar\u0131\"}]},{\"@type\":\"WebSite\",\"@id\":\"https:\/\/talkpal.ai\/tr\/#website\",\"url\":\"https:\/\/talkpal.ai\/tr\/\",\"name\":\"Talkpal\",\"description\":\"AI Language Learning\",\"publisher\":{\"@id\":\"https:\/\/talkpal.ai\/tr\/#organization\"},\"alternateName\":\"Talkpal AI\",\"potentialAction\":[{\"@type\":\"SearchAction\",\"target\":{\"@type\":\"EntryPoint\",\"urlTemplate\":\"https:\/\/talkpal.ai\/tr\/?s={search_term_string}\"},\"query-input\":{\"@type\":\"PropertyValueSpecification\",\"valueRequired\":true,\"valueName\":\"search_term_string\"}}],\"inLanguage\":\"tr\"},{\"@type\":\"Organization\",\"@id\":\"https:\/\/talkpal.ai\/tr\/#organization\",\"name\":\"Talkpal, Inc.\",\"alternateName\":\"Talkpal AI\",\"url\":\"https:\/\/talkpal.ai\/tr\/\",\"logo\":{\"@type\":\"ImageObject\",\"inLanguage\":\"tr\",\"@id\":\"https:\/\/talkpal.ai\/tr\/#\/schema\/logo\/image\/\",\"url\":\"https:\/\/talkpal.ai\/wp-content\/uploads\/2024\/03\/Talkpal-Logo-Icon.png\",\"contentUrl\":\"https:\/\/talkpal.ai\/wp-content\/uploads\/2024\/03\/Talkpal-Logo-Icon.png\",\"width\":2880,\"height\":2880,\"caption\":\"Talkpal, Inc.\"},\"image\":{\"@id\":\"https:\/\/talkpal.ai\/tr\/#\/schema\/logo\/image\/\"},\"sameAs\":[\"https:\/\/www.facebook.com\/profile.php?id=100090733639311\",\"https:\/\/x.com\/talkpalai\",\"https:\/\/www.linkedin.com\/company\/talkpal\/\",\"https:\/\/www.youtube.com\/@TalkPal\/\",\"https:\/\/www.tiktok.com\/@talkpal\",\"https:\/\/www.instagram.com\/talkpal_ai\/\",\"https:\/\/www.crunchbase.com\/organization\/talkpal-9cde\",\"https:\/\/www.g2.com\/products\/talkpal-for-business\/\",\"https:\/\/www.trustpilot.com\/review\/talkpal.ai\",\"https:\/\/www.capterra.com\/p\/10006800\/TalkPal\/\"],\"description\":\"Talkpal is a language learning web and mobile education app, powered by the latest AI technologies, that provides engaging experiences to its customers in many different languages to help them improve their language skills. Users can chat about unlimited amount of topics with the app and use other modes to practice their language learning.\",\"email\":\"support@talkpal.ai\",\"legalName\":\"Talkpal, Inc.\",\"foundingDate\":\"2023-04-03\",\"duns\":\"118989042\",\"numberOfEmployees\":{\"@type\":\"QuantitativeValue\",\"minValue\":\"11\",\"maxValue\":\"50\"},\"publishingPrinciples\":\"https:\/\/talkpal.ai\/publishing-principles\/\",\"actionableFeedbackPolicy\":\"https:\/\/talkpal.ai\/actionable-feedback-policy\/\",\"correctionsPolicy\":\"https:\/\/talkpal.ai\/corrections-policy\/\",\"ethicsPolicy\":\"https:\/\/talkpal.ai\/ethics-policy\/\",\"diversityPolicy\":\"https:\/\/talkpal.ai\/diversity-policy\/\",\"diversityStaffingReport\":\"https:\/\/talkpal.ai\/diversity-policy\/\"}]}<\/script>\n<!-- \/ Yoast SEO Premium plugin. -->","yoast_head_json":{"title":"Kannada Dilbilgisi Al\u0131\u015ft\u0131rmalar\u0131 - Talkpal","description":"Kannada dilbilginizi g\u00fc\u00e7lendirin - interaktif al\u0131\u015ft\u0131rmalara kat\u0131l\u0131n, c\u00fcmle kal\u0131plar\u0131nda ustala\u015f\u0131n ve ak\u0131c\u0131l\u0131\u011f\u0131n\u0131z\u0131 geli\u015ftirin Talkpal'in yapay zeka \u00f6\u011fretmeni.","robots":{"index":"index","follow":"follow","max-snippet":"max-snippet:-1","max-image-preview":"max-image-preview:large","max-video-preview":"max-video-preview:-1"},"canonical":"https:\/\/talkpal.ai\/tr\/kannada-dilbilgisi-alistirmalari\/","og_locale":"tr_TR","og_type":"article","og_title":"Kannada Dilbilgisi Al\u0131\u015ft\u0131rmalar\u0131","og_description":"Kannada Dilbilgisi Konular\u0131 Kannada, a\u011f\u0131rl\u0131kl\u0131 olarak Hindistan'\u0131n Karnataka eyaletinde yakla\u015f\u0131k 44 milyon ki\u015fi taraf\u0131ndan konu\u015fulan bir Dravid dilidir.","og_url":"https:\/\/talkpal.ai\/tr\/kannada-dilbilgisi-alistirmalari\/","og_site_name":"Talkpal","article_publisher":"https:\/\/www.facebook.com\/profile.php?id=100090733639311","article_modified_time":"2025-12-17T15:09:42+00:00","og_image":[{"width":512,"height":512,"url":"https:\/\/talkpal.ai\/wp-content\/uploads\/2023\/05\/Kannada-india.png","type":"image\/png"}],"twitter_card":"summary_large_image","twitter_site":"@talkpalai","twitter_misc":{"Tahmini okuma s\u00fcresi":"3 dakika"},"schema":{"@context":"https:\/\/schema.org","@graph":[{"@type":"WebPage","@id":"https:\/\/talkpal.ai\/tr\/kannada-dilbilgisi-alistirmalari\/","url":"https:\/\/talkpal.ai\/tr\/kannada-dilbilgisi-alistirmalari\/","name":"Kannada Dilbilgisi Al\u0131\u015ft\u0131rmalar\u0131 - Talkpal","isPartOf":{"@id":"https:\/\/talkpal.ai\/tr\/#website"},"primaryImageOfPage":{"@id":"https:\/\/talkpal.ai\/tr\/kannada-dilbilgisi-alistirmalari\/#primaryimage"},"image":{"@id":"https:\/\/talkpal.ai\/tr\/kannada-dilbilgisi-alistirmalari\/#primaryimage"},"thumbnailUrl":"https:\/\/talkpal.ai\/wp-content\/uploads\/2023\/05\/Kannada-india.png","datePublished":"2023-06-22T07:53:19+00:00","dateModified":"2025-12-17T15:09:42+00:00","description":"Kannada dilbilginizi g\u00fc\u00e7lendirin - interaktif al\u0131\u015ft\u0131rmalara kat\u0131l\u0131n, c\u00fcmle kal\u0131plar\u0131nda ustala\u015f\u0131n ve ak\u0131c\u0131l\u0131\u011f\u0131n\u0131z\u0131 geli\u015ftirin Talkpal'in yapay zeka \u00f6\u011fretmeni.","breadcrumb":{"@id":"https:\/\/talkpal.ai\/tr\/kannada-dilbilgisi-alistirmalari\/#breadcrumb"},"inLanguage":"tr","potentialAction":[{"@type":"ReadAction","target":["https:\/\/talkpal.ai\/tr\/kannada-dilbilgisi-alistirmalari\/"]}]},{"@type":"ImageObject","inLanguage":"tr","@id":"https:\/\/talkpal.ai\/tr\/kannada-dilbilgisi-alistirmalari\/#primaryimage","url":"https:\/\/talkpal.ai\/wp-content\/uploads\/2023\/05\/Kannada-india.png","contentUrl":"https:\/\/talkpal.ai\/wp-content\/uploads\/2023\/05\/Kannada-india.png","width":512,"height":512},{"@type":"BreadcrumbList","@id":"https:\/\/talkpal.ai\/tr\/kannada-dilbilgisi-alistirmalari\/#breadcrumb","itemListElement":[{"@type":"ListItem","position":1,"name":"Homepage","item":"https:\/\/talkpal.ai\/tr\/"},{"@type":"ListItem","position":2,"name":"Kannada Dilbilgisi Al\u0131\u015ft\u0131rmalar\u0131"}]},{"@type":"WebSite","@id":"https:\/\/talkpal.ai\/tr\/#website","url":"https:\/\/talkpal.ai\/tr\/","name":"Talkpal","description":"AI Language Learning","publisher":{"@id":"https:\/\/talkpal.ai\/tr\/#organization"},"alternateName":"Talkpal AI","potentialAction":[{"@type":"SearchAction","target":{"@type":"EntryPoint","urlTemplate":"https:\/\/talkpal.ai\/tr\/?s={search_term_string}"},"query-input":{"@type":"PropertyValueSpecification","valueRequired":true,"valueName":"search_term_string"}}],"inLanguage":"tr"},{"@type":"Organization","@id":"https:\/\/talkpal.ai\/tr\/#organization","name":"Talkpal, Inc.","alternateName":"Talkpal AI","url":"https:\/\/talkpal.ai\/tr\/","logo":{"@type":"ImageObject","inLanguage":"tr","@id":"https:\/\/talkpal.ai\/tr\/#\/schema\/logo\/image\/","url":"https:\/\/talkpal.ai\/wp-content\/uploads\/2024\/03\/Talkpal-Logo-Icon.png","contentUrl":"https:\/\/talkpal.ai\/wp-content\/uploads\/2024\/03\/Talkpal-Logo-Icon.png","width":2880,"height":2880,"caption":"Talkpal, Inc."},"image":{"@id":"https:\/\/talkpal.ai\/tr\/#\/schema\/logo\/image\/"},"sameAs":["https:\/\/www.facebook.com\/profile.php?id=100090733639311","https:\/\/x.com\/talkpalai","https:\/\/www.linkedin.com\/company\/talkpal\/","https:\/\/www.youtube.com\/@TalkPal\/","https:\/\/www.tiktok.com\/@talkpal","https:\/\/www.instagram.com\/talkpal_ai\/","https:\/\/www.crunchbase.com\/organization\/talkpal-9cde","https:\/\/www.g2.com\/products\/talkpal-for-business\/","https:\/\/www.trustpilot.com\/review\/talkpal.ai","https:\/\/www.capterra.com\/p\/10006800\/TalkPal\/"],"description":"Talkpal is a language learning web and mobile education app, powered by the latest AI technologies, that provides engaging experiences to its customers in many different languages to help them improve their language skills. Users can chat about unlimited amount of topics with the app and use other modes to practice their language learning.","email":"support@talkpal.ai","legalName":"Talkpal, Inc.","foundingDate":"2023-04-03","duns":"118989042","numberOfEmployees":{"@type":"QuantitativeValue","minValue":"11","maxValue":"50"},"publishingPrinciples":"https:\/\/talkpal.ai\/publishing-principles\/","actionableFeedbackPolicy":"https:\/\/talkpal.ai\/actionable-feedback-policy\/","correctionsPolicy":"https:\/\/talkpal.ai\/corrections-policy\/","ethicsPolicy":"https:\/\/talkpal.ai\/ethics-policy\/","diversityPolicy":"https:\/\/talkpal.ai\/diversity-policy\/","diversityStaffingReport":"https:\/\/talkpal.ai\/diversity-policy\/"}]}},"_links":{"self":[{"href":"https:\/\/talkpal.ai\/tr\/wp-json\/wp\/v2\/pages\/161261","targetHints":{"allow":["GET"]}}],"collection":[{"href":"https:\/\/talkpal.ai\/tr\/wp-json\/wp\/v2\/pages"}],"about":[{"href":"https:\/\/talkpal.ai\/tr\/wp-json\/wp\/v2\/types\/page"}],"author":[{"embeddable":true,"href":"https:\/\/talkpal.ai\/tr\/wp-json\/wp\/v2\/users\/6"}],"replies":[{"embeddable":true,"href":"https:\/\/talkpal.ai\/tr\/wp-json\/wp\/v2\/comments?post=161261"}],"version-history":[{"count":0,"href":"https:\/\/talkpal.ai\/tr\/wp-json\/wp\/v2\/pages\/161261\/revisions"}],"wp:featuredmedia":[{"embeddable":true,"href":"https:\/\/talkpal.ai\/tr\/wp-json\/wp\/v2\/media\/113641"}],"wp:attachment":[{"href":"https:\/\/talkpal.ai\/tr\/wp-json\/wp\/v2\/media?parent=161261"}],"curies":[{"name":"wp","href":"https:\/\/api.w.org\/{rel}","templated":true}]}}