{"id":160683,"date":"2023-06-22T08:01:09","date_gmt":"2023-06-22T08:01:09","guid":{"rendered":"http:\/\/talkpal.ai\/kazakca-dilbilgisi-alistirmalari\/"},"modified":"2025-12-17T15:11:34","modified_gmt":"2025-12-17T15:11:34","slug":"kazakca-dilbilgisi-alistirmalari","status":"publish","type":"page","link":"https:\/\/talkpal.ai\/tr\/kazakca-dilbilgisi-alistirmalari\/","title":{"rendered":"Kazak\u00e7a Dilbilgisi Al\u0131\u015ft\u0131rmalar\u0131"},"content":{"rendered":"\r\n\r\n\r\n<section class=\"languageChallengeSection\">\r\n    <div class=\"languageInfoWrapper\">\r\n        \r\n        <h1>Kazak\u00e7a Dilbilgisi Al\u0131\u015ft\u0131rmalar\u0131<\/h1>\r\n        <p>Kazak\u00e7a&#039;da \u00f6zg\u00fcveninizi geli\u015ftirmeye haz\u0131r m\u0131s\u0131n\u0131z? <a href=\"https:\/\/talkpal.ai\/grammar\/\">Dilbilgisi<\/a> al\u0131\u015ft\u0131rmalar\u0131na odaklanmak, c\u00fcmle yap\u0131s\u0131, fiil formlar\u0131 ve temel dil kal\u0131plar\u0131nda uzmanla\u015fmak i\u00e7in harika bir yoldur. <a href=\"https:\/\/talkpal.ai\/kazakh-grammar\/\">Kazak\u00e7a dilbilgisi<\/a> prati\u011fine bug\u00fcn ba\u015flay\u0131n ve anlay\u0131\u015f\u0131n\u0131z\u0131 ad\u0131m ad\u0131m g\u00fc\u00e7lendirirken ger\u00e7ek ilerlemeyi g\u00f6r\u00fcn!<\/p>\r\n\r\n                            <a class=\"getStartedHidden\" href=\"https:\/\/app.talkpal.ai\/tr\/signup?lng=\">Hadi ba\u015fla<\/a>\r\n        \r\n    <\/div>\r\n\r\n    <figure>\r\n    <img decoding=\"async\" width=\"768\" height=\"768\" src=\"https:\/\/talkpal.ai\/wp-content\/uploads\/2023\/06\/Khazak-768x768.png\" class=\"languageImage no-lazy\" alt=\"Language learning for increased negotiation skills\" fetchpriority=\"high\" sizes=\"(max-width: 768px) 150px, 768px\" srcset=\"https:\/\/talkpal.ai\/wp-content\/uploads\/2023\/06\/Khazak-768x768.png 768w, https:\/\/talkpal.ai\/wp-content\/uploads\/2023\/06\/Khazak-300x300.png 300w\" \/>\r\n    \r\n\r\n    <\/figure>\r\n\r\n            <a class=\"getStartedVisible\" href=\"https:\/\/app.talkpal.ai\/tr\/signup?lng=\">Hadi ba\u015fla<\/a>\r\n    \r\n<\/section>\r\n\r\n\r\n<!-- <section class=\"grammarSection\">\r\n    <div class=\"grammarLinks\">\r\n            <\/div>\r\n<\/section> -->\r\n\r\n\r\n\r\n\r\n<section class=\"promotionalBanner\">\r\n    <p class=\"promotionalText\">Dil \u00f6\u011frenmenin en etkili yolu<\/p>\r\n    <a class=\"promotionalLink\" href=\"https:\/\/app.talkpal.ai\/tr\/signup?lng=\">Talkpal \u00fccretsiz deneyin<\/a>\r\n<\/section>\n<div class=\"wp-block-group pageContainerStyle\"><div class=\"wp-block-group__inner-container is-layout-constrained wp-block-group-is-layout-constrained\">\n<h2 class=\"wp-block-heading\" id=\"h-kazakh-grammar-topics\">Kazak\u00e7a Dilbilgisi Konular\u0131<\/h2>\n\n\n\n<p>Yeni bir dil \u00f6\u011frenmek, ki\u015fisel ve profesyonel geli\u015fim i\u00e7in f\u0131rsatlar sunan zorlu <a href=\"https:\/\/talkpal.ai\/locations\/language-courses-in-ama\/\">ama<\/a> \u00f6d\u00fcllendirici bir deneyim olabilir. Dil \u00f6\u011frenenler aras\u0131nda pop\u00fclerlik kazanan dillerden biri, Kazakistan ve \u00e7evresindeki b\u00f6lgelerde milyonlarca insan taraf\u0131ndan konu\u015fulan bir <a href=\"https:\/\/talkpal.ai\/learn-turkish\/\">T\u00fcrk<\/a> dili olan Kazak\u00e7a&#8217;d\u0131r. <a href=\"https:\/\/talkpal.ai\/kazakh-grammar\/\">Kazak\u00e7a dilbilgisi<\/a>, zengin bir yap\u0131ya ve sistematik bir \u00f6\u011frenme yakla\u015f\u0131m\u0131 gerektiren \u00e7e\u015fitli unsurlara sahip benzersizdir. Bu k\u0131lavuzda, zamanlar, isimler, fiiller, artikeller, zamirler, s\u0131fatlar, zarflar, ko\u015fullar, edatlar ve c\u00fcmle yap\u0131lar\u0131 dahil olmak \u00fczere birka\u00e7 temel Kazak\u00e7a dilbilgisi konusunu tart\u0131\u015faca\u011f\u0131z. Bu konular\u0131 \u00f6\u011frenme s\u0131ras\u0131n\u0131 anlayarak, <a href=\"https:\/\/talkpal.ai\/learn-kazakh\/\">Kazak<\/a> diline hakim olma yolculu\u011funuzda etkili bir \u015fekilde ilerleyebilirsiniz.<\/p>\n\n\n\n<h3 class=\"wp-block-heading\" id=\"h-1-nouns\">1. \u0130simler:<\/h3>\n\n\n\n<p>Herhangi bir dilin temeli, isimlerini \u00f6\u011frenmekle ba\u015flar. Kazak\u00e7a&#8217;da isimlerin cinsiyeti yoktur, ancak durumlar\u0131 vard\u0131r. Farkl\u0131 durumlar\u0131 ve i\u015flevlerini anlamak, kelime da\u011farc\u0131\u011f\u0131 olu\u015fturmak ve temel c\u00fcmleler olu\u015fturmak i\u00e7in \u00e7ok \u00f6nemlidir.<\/p>\n\n\n\n<h3 class=\"wp-block-heading\" id=\"h-2-articles\">2. Makaleler:<\/h3>\n\n\n\n<p>Kazak dilinde makaleler mevcut de\u011fildir, bu da \u00f6\u011frencilerin di\u011fer dilbilgisi y\u00f6nlerine odaklanmas\u0131n\u0131 kolayla\u015ft\u0131r\u0131r.<\/p>\n\n\n\n<h3 class=\"wp-block-heading\" id=\"h-3-pronouns-determiners\">3. Zamirler\/Belirleyiciler:<\/h3>\n\n\n\n<p>Bunlar, isimlerin de\u011fi\u015ftirilmesinde ve miktarlar\u0131n\u0131n veya kimliklerinin belirtilmesinde gereklidir. Zamirleri ve belirleyicileri \u00f6\u011frenmek, daha karma\u015f\u0131k c\u00fcmleler olu\u015fturman\u0131za ve genel ak\u0131c\u0131l\u0131\u011f\u0131n\u0131z\u0131 geli\u015ftirmenize yard\u0131mc\u0131 olacakt\u0131r.<\/p>\n\n\n\n<h3 class=\"wp-block-heading\" id=\"h-4-verbs\">4. Fiiller:<\/h3>\n\n\n\n<p>Fiiller herhangi bir dilin bel kemi\u011fidir ve \u00e7ekim kal\u0131plar\u0131n\u0131 \u00f6\u011frenmek \u00e7ok \u00f6nemlidir. Kazak\u00e7a&#8217;da fiiller zaman, ruh hali ve sese g\u00f6re \u00e7ekimlenir. Bu \u00e7ekimlere a\u015fina olmak, eylemleri ve olaylar\u0131 do\u011fru bir \u015fekilde ifade etmenizi sa\u011flayacakt\u0131r.<\/p>\n\n\n\n<h3 class=\"wp-block-heading\" id=\"h-5-tenses\">5. Zamanlar:<\/h3>\n\n\n\n<p>Kazak\u00e7a&#8217;n\u0131n ge\u00e7mi\u015f, \u015fimdiki zaman ve gelecek dahil olmak \u00fczere \u00e7e\u015fitli zamanlar\u0131 vard\u0131r. Bu zamanlar\u0131n nas\u0131l olu\u015fturulaca\u011f\u0131n\u0131 ve do\u011fru kullan\u0131laca\u011f\u0131n\u0131 \u00f6\u011frenmek, eylemlerin ve olaylar\u0131n zaman\u0131n\u0131 aktarmak i\u00e7in \u00e7ok \u00f6nemlidir.<\/p>\n\n\n\n<h3 class=\"wp-block-heading\" id=\"h-6-tense-comparison\">6. Gergin Kar\u015f\u0131la\u015ft\u0131rma:<\/h3>\n\n\n\n<p>Zamanlar aras\u0131ndaki fark\u0131 ve birbirleriyle nas\u0131l etkile\u015fime girdiklerini anlamak, Kazak\u00e7a dilbilgisi anlay\u0131\u015f\u0131n\u0131z\u0131 derinle\u015ftirecektir.<\/p>\n\n\n\n<h3 class=\"wp-block-heading\" id=\"h-7-progressive\">7. \u0130lerici:<\/h3>\n\n\n\n<p>Bu \u00f6zellik, devam eden eylemleri g\u00f6sterir. Kazak\u00e7a&#8217;da ilerici formu \u00f6\u011frenmek, \u015fu anda ger\u00e7ekle\u015fmekte olan veya belirli bir zamanda ger\u00e7ekle\u015fmekte olan eylemleri ifade etmenize yard\u0131mc\u0131 olacakt\u0131r.<\/p>\n\n\n\n<h3 class=\"wp-block-heading\" id=\"h-8-perfect-progressive\">8. M\u00fckemmel \u0130lerici:<\/h3>\n\n\n\n<p>M\u00fckemmel ilerici, ge\u00e7mi\u015fte ba\u015flayan ve hala devam eden bir eylemi belirtmek i\u00e7in m\u00fckemmel ve ilerici y\u00f6nleri birle\u015ftirir. Bu konuda uzmanla\u015fmak, Kazak\u00e7a&#8217;da karma\u015f\u0131k fikirleri ifade etme yetene\u011finizi geli\u015ftirecektir.<\/p>\n\n\n\n<h3 class=\"wp-block-heading\" id=\"h-9-adjectives\">9. S\u0131fatlar:<\/h3>\n\n\n\n<p>S\u0131fatlar, isimlerin niteliklerini ve \u00f6zelliklerini tan\u0131mlar. Kazak\u00e7a&#8217;da s\u0131fatlar\u0131n nas\u0131l do\u011fru kullan\u0131laca\u011f\u0131n\u0131 \u00f6\u011frenmek, kelime da\u011farc\u0131\u011f\u0131n\u0131z\u0131 zenginle\u015ftirecek ve daha ayr\u0131nt\u0131l\u0131 a\u00e7\u0131klamalar yapman\u0131z\u0131 sa\u011flayacakt\u0131r.<\/p>\n\n\n\n<h3 class=\"wp-block-heading\" id=\"h-10-adverbs\">10. Zarflar:<\/h3>\n\n\n\n<p>Zarflar fiilleri, s\u0131fatlar\u0131 ve di\u011fer zarflar\u0131 de\u011fi\u015ftirir. Kazak\u00e7a zarflar ve kullan\u0131mlar\u0131 hakk\u0131nda bilgi edinmek, eylemleri ve olaylar\u0131 daha kesin bir \u015fekilde ifade etme yetene\u011finizi geli\u015ftirecektir.<\/p>\n\n\n\n<h3 class=\"wp-block-heading\" id=\"h-11-conditionals\">11. Ko\u015fullar:<\/h3>\n\n\n\n<p>Ko\u015fullar, varsay\u0131msal durumlar\u0131 ve olas\u0131 sonu\u00e7lar\u0131n\u0131 ifade etmek i\u00e7in kullan\u0131l\u0131r. Kazak\u00e7a&#8217;da ko\u015fullular\u0131n kullan\u0131m\u0131na hakim olmak, karma\u015f\u0131k fikirleri ve varsay\u0131msal senaryolar\u0131 aktarman\u0131za yard\u0131mc\u0131 olacakt\u0131r.<\/p>\n\n\n\n<h3 class=\"wp-block-heading\" id=\"h-12-prepositions\">12. Edatlar:<\/h3>\n\n\n\n<p>Edatlar, bir c\u00fcmledeki isimler aras\u0131ndaki ili\u015fkiyi g\u00f6sterir. Kazak\u00e7a edatlar\u0131 ve i\u015flevlerini \u00f6\u011frenmek, daha karma\u015f\u0131k c\u00fcmleler kurman\u0131za izin verecektir.<\/p>\n\n\n\n<h3 class=\"wp-block-heading\" id=\"h-13-sentences\">13. C\u00fcmleler:<\/h3>\n\n\n\n<p>Son olarak, Kazak diline hakim olmak i\u00e7in c\u00fcmle yap\u0131lar\u0131n\u0131 ve farkl\u0131 dilbilgisi \u00f6\u011felerini birle\u015ftirme kurallar\u0131n\u0131 anlamak \u00e7ok \u00f6nemlidir. Bu bilgi, \u00e7e\u015fitli durumlarda etkili ve do\u011fru bir \u015fekilde ileti\u015fim kurman\u0131z\u0131 sa\u011flayacakt\u0131r.<\/p>\n<\/div><\/div>\n\r\n<section class=\"learnNavigationSection\">\r\n            \r\n        <a href=\"https:\/\/talkpal.ai\/tr\/kazakca-ogren\/\">\r\n            <div class=\"learnNavigationWrapper\">\r\n                <div class=\"learnNavigationContent\">\r\n                    <img decoding=\"async\" src=\"https:\/\/talkpal.ai\/wp-content\/uploads\/2024\/08\/Kazakh.jpg\" alt=\"Kazakh Flag\">\r\n                    <div>\r\n                        <h4>Kazak\u00e7a \u00d6\u011frenimi Hakk\u0131nda<\/h4>\r\n                        <p>Kazak\u00e7a dilbilgisi hakk\u0131nda her \u015feyi \u00f6\u011frenin .<\/p>\r\n                    <\/div>\r\n                <\/div>\r\n            <\/div>\r\n        <\/a>\r\n\r\n        \r\n        <a href=\"https:\/\/talkpal.ai\/tr\/kazakca-dilbilgisi\/\">\r\n            <div class=\"learnNavigationWrapper\">\r\n                <div class=\"learnNavigationContent\">\r\n                    <img decoding=\"async\" src=\"https:\/\/talkpal.ai\/wp-content\/uploads\/2024\/08\/Kazakh.jpg\" alt=\"Kazakh Flag\">\r\n                    <div>\r\n                        <h4>Kazak\u00e7a Dilbilgisi Dersleri<\/h4>\r\n                        <p>Kazak\u00e7a dilbilgisi al\u0131\u015ft\u0131rmas\u0131 yap\u0131n .<\/p>\r\n                    <\/div>\r\n                <\/div>\r\n            <\/div>\r\n        <\/a>\r\n\r\n        \r\n        <a href=\"https:\/\/talkpal.ai\/vocabulary_language\/kazakh\/\">\r\n            <div class=\"learnNavigationWrapper\">\r\n                <div class=\"learnNavigationContent\">\r\n                    <img decoding=\"async\" src=\"https:\/\/talkpal.ai\/wp-content\/uploads\/2024\/08\/Kazakh.jpg\" alt=\"Kazakh Flag\">\r\n                    <div>\r\n                        <h4>Kazak\u00e7a Kelime Bilgisi<\/h4>\r\n                        <p>Kazak\u00e7a kelime da\u011farc\u0131\u011f\u0131n\u0131z\u0131 geni\u015fletin.<\/p>\r\n                    <\/div>\r\n                <\/div>\r\n            <\/div>\r\n        <\/a>\r\n\r\n            <\/section>","protected":false},"excerpt":{"rendered":"<p>Kazak\u00e7a Dilbilgisi Konular\u0131 Yeni bir dil \u00f6\u011frenmek, ki\u015fisel ve profesyonel geli\u015fim i\u00e7in f\u0131rsatlar sunan zorlu ama \u00f6d\u00fcllendirici bir deneyim olabilir. Dil \u00f6\u011frenenler aras\u0131nda pop\u00fclerlik kazanan dillerden biri, Kazakistan ve \u00e7evresindeki b\u00f6lgelerde milyonlarca insan taraf\u0131ndan konu\u015fulan bir T\u00fcrk dili olan Kazak\u00e7a&#8217;d\u0131r. Kazak\u00e7a dilbilgisi, zengin bir yap\u0131ya ve sistematik bir \u00f6\u011frenme yakla\u015f\u0131m\u0131 gerektiren \u00e7e\u015fitli unsurlara sahip benzersizdir. [&hellip;]<\/p>\n","protected":false},"author":6,"featured_media":114184,"parent":0,"menu_order":0,"comment_status":"closed","ping_status":"closed","template":"LearningContentPage.php","meta":{"_acf_changed":false,"footnotes":""},"class_list":["post-160683","page","type-page","status-publish","has-post-thumbnail","hentry"],"acf":[],"yoast_head":"<!-- This site is optimized with the Yoast SEO Premium plugin v27.2 (Yoast SEO v27.2) - https:\/\/yoast.com\/product\/yoast-seo-premium-wordpress\/ -->\n<title>Kazak\u00e7a Dilbilgisi Al\u0131\u015ft\u0131rmalar\u0131 - Talkpal<\/title>\n<meta name=\"description\" content=\"Kazak\u00e7a dilbilgisi becerilerinizi etkili bir \u015fekilde geli\u015ftirin - do\u011frulu\u011fu art\u0131r\u0131n, etkile\u015fimli al\u0131\u015ft\u0131rmalar yap\u0131n ve m\u00fckemmel kullan\u0131m!\" \/>\n<meta name=\"robots\" content=\"index, follow, max-snippet:-1, max-image-preview:large, max-video-preview:-1\" \/>\n<link rel=\"canonical\" href=\"https:\/\/talkpal.ai\/tr\/kazakca-dilbilgisi-alistirmalari\/\" \/>\n<meta property=\"og:locale\" content=\"tr_TR\" \/>\n<meta property=\"og:type\" content=\"article\" \/>\n<meta property=\"og:title\" content=\"Kazak\u00e7a Dilbilgisi Al\u0131\u015ft\u0131rmalar\u0131\" \/>\n<meta property=\"og:description\" content=\"Kazak\u00e7a Dilbilgisi Konular\u0131 Yeni bir dil \u00f6\u011frenmek, ki\u015fisel ve profesyonel geli\u015fim i\u00e7in f\u0131rsatlar sunan zorlu ama \u00f6d\u00fcllendirici bir deneyim olabilir. Dil\" \/>\n<meta property=\"og:url\" content=\"https:\/\/talkpal.ai\/tr\/kazakca-dilbilgisi-alistirmalari\/\" \/>\n<meta property=\"og:site_name\" content=\"Talkpal\" \/>\n<meta property=\"article:publisher\" content=\"https:\/\/www.facebook.com\/profile.php?id=100090733639311\" \/>\n<meta property=\"article:modified_time\" content=\"2025-12-17T15:11:34+00:00\" \/>\n<meta property=\"og:image\" content=\"https:\/\/talkpal.ai\/wp-content\/uploads\/2023\/05\/kazakhstan.png\" \/>\n\t<meta property=\"og:image:width\" content=\"512\" \/>\n\t<meta property=\"og:image:height\" content=\"512\" \/>\n\t<meta property=\"og:image:type\" content=\"image\/png\" \/>\n<meta name=\"twitter:card\" content=\"summary_large_image\" \/>\n<meta name=\"twitter:site\" content=\"@talkpalai\" \/>\n<meta name=\"twitter:label1\" content=\"Tahmini okuma s\u00fcresi\" \/>\n\t<meta name=\"twitter:data1\" content=\"3 dakika\" \/>\n<script type=\"application\/ld+json\" class=\"yoast-schema-graph\">{\"@context\":\"https:\/\/schema.org\",\"@graph\":[{\"@type\":\"WebPage\",\"@id\":\"https:\/\/talkpal.ai\/tr\/kazakca-dilbilgisi-alistirmalari\/\",\"url\":\"https:\/\/talkpal.ai\/tr\/kazakca-dilbilgisi-alistirmalari\/\",\"name\":\"Kazak\u00e7a Dilbilgisi Al\u0131\u015ft\u0131rmalar\u0131 - Talkpal\",\"isPartOf\":{\"@id\":\"https:\/\/talkpal.ai\/tr\/#website\"},\"primaryImageOfPage\":{\"@id\":\"https:\/\/talkpal.ai\/tr\/kazakca-dilbilgisi-alistirmalari\/#primaryimage\"},\"image\":{\"@id\":\"https:\/\/talkpal.ai\/tr\/kazakca-dilbilgisi-alistirmalari\/#primaryimage\"},\"thumbnailUrl\":\"https:\/\/talkpal.ai\/wp-content\/uploads\/2023\/05\/kazakhstan.png\",\"datePublished\":\"2023-06-22T08:01:09+00:00\",\"dateModified\":\"2025-12-17T15:11:34+00:00\",\"description\":\"Kazak\u00e7a dilbilgisi becerilerinizi etkili bir \u015fekilde geli\u015ftirin - do\u011frulu\u011fu art\u0131r\u0131n, etkile\u015fimli al\u0131\u015ft\u0131rmalar yap\u0131n ve m\u00fckemmel kullan\u0131m!\",\"breadcrumb\":{\"@id\":\"https:\/\/talkpal.ai\/tr\/kazakca-dilbilgisi-alistirmalari\/#breadcrumb\"},\"inLanguage\":\"tr\",\"potentialAction\":[{\"@type\":\"ReadAction\",\"target\":[\"https:\/\/talkpal.ai\/tr\/kazakca-dilbilgisi-alistirmalari\/\"]}]},{\"@type\":\"ImageObject\",\"inLanguage\":\"tr\",\"@id\":\"https:\/\/talkpal.ai\/tr\/kazakca-dilbilgisi-alistirmalari\/#primaryimage\",\"url\":\"https:\/\/talkpal.ai\/wp-content\/uploads\/2023\/05\/kazakhstan.png\",\"contentUrl\":\"https:\/\/talkpal.ai\/wp-content\/uploads\/2023\/05\/kazakhstan.png\",\"width\":512,\"height\":512},{\"@type\":\"BreadcrumbList\",\"@id\":\"https:\/\/talkpal.ai\/tr\/kazakca-dilbilgisi-alistirmalari\/#breadcrumb\",\"itemListElement\":[{\"@type\":\"ListItem\",\"position\":1,\"name\":\"Homepage\",\"item\":\"https:\/\/talkpal.ai\/tr\/\"},{\"@type\":\"ListItem\",\"position\":2,\"name\":\"Kazak\u00e7a Dilbilgisi Al\u0131\u015ft\u0131rmalar\u0131\"}]},{\"@type\":\"WebSite\",\"@id\":\"https:\/\/talkpal.ai\/tr\/#website\",\"url\":\"https:\/\/talkpal.ai\/tr\/\",\"name\":\"Talkpal\",\"description\":\"AI Language Learning\",\"publisher\":{\"@id\":\"https:\/\/talkpal.ai\/tr\/#organization\"},\"alternateName\":\"Talkpal AI\",\"potentialAction\":[{\"@type\":\"SearchAction\",\"target\":{\"@type\":\"EntryPoint\",\"urlTemplate\":\"https:\/\/talkpal.ai\/tr\/?s={search_term_string}\"},\"query-input\":{\"@type\":\"PropertyValueSpecification\",\"valueRequired\":true,\"valueName\":\"search_term_string\"}}],\"inLanguage\":\"tr\"},{\"@type\":\"Organization\",\"@id\":\"https:\/\/talkpal.ai\/tr\/#organization\",\"name\":\"Talkpal, Inc.\",\"alternateName\":\"Talkpal AI\",\"url\":\"https:\/\/talkpal.ai\/tr\/\",\"logo\":{\"@type\":\"ImageObject\",\"inLanguage\":\"tr\",\"@id\":\"https:\/\/talkpal.ai\/tr\/#\/schema\/logo\/image\/\",\"url\":\"https:\/\/talkpal.ai\/wp-content\/uploads\/2024\/03\/Talkpal-Logo-Icon.png\",\"contentUrl\":\"https:\/\/talkpal.ai\/wp-content\/uploads\/2024\/03\/Talkpal-Logo-Icon.png\",\"width\":2880,\"height\":2880,\"caption\":\"Talkpal, Inc.\"},\"image\":{\"@id\":\"https:\/\/talkpal.ai\/tr\/#\/schema\/logo\/image\/\"},\"sameAs\":[\"https:\/\/www.facebook.com\/profile.php?id=100090733639311\",\"https:\/\/x.com\/talkpalai\",\"https:\/\/www.linkedin.com\/company\/talkpal\/\",\"https:\/\/www.youtube.com\/@TalkPal\/\",\"https:\/\/www.tiktok.com\/@talkpal\",\"https:\/\/www.instagram.com\/talkpal_ai\/\",\"https:\/\/www.crunchbase.com\/organization\/talkpal-9cde\",\"https:\/\/www.g2.com\/products\/talkpal-for-business\/\",\"https:\/\/www.trustpilot.com\/review\/talkpal.ai\",\"https:\/\/www.capterra.com\/p\/10006800\/TalkPal\/\"],\"description\":\"Talkpal is a language learning web and mobile education app, powered by the latest AI technologies, that provides engaging experiences to its customers in many different languages to help them improve their language skills. Users can chat about unlimited amount of topics with the app and use other modes to practice their language learning.\",\"email\":\"support@talkpal.ai\",\"legalName\":\"Talkpal, Inc.\",\"foundingDate\":\"2023-04-03\",\"duns\":\"118989042\",\"numberOfEmployees\":{\"@type\":\"QuantitativeValue\",\"minValue\":\"11\",\"maxValue\":\"50\"},\"publishingPrinciples\":\"https:\/\/talkpal.ai\/publishing-principles\/\",\"actionableFeedbackPolicy\":\"https:\/\/talkpal.ai\/actionable-feedback-policy\/\",\"correctionsPolicy\":\"https:\/\/talkpal.ai\/corrections-policy\/\",\"ethicsPolicy\":\"https:\/\/talkpal.ai\/ethics-policy\/\",\"diversityPolicy\":\"https:\/\/talkpal.ai\/diversity-policy\/\",\"diversityStaffingReport\":\"https:\/\/talkpal.ai\/diversity-policy\/\"}]}<\/script>\n<!-- \/ Yoast SEO Premium plugin. -->","yoast_head_json":{"title":"Kazak\u00e7a Dilbilgisi Al\u0131\u015ft\u0131rmalar\u0131 - Talkpal","description":"Kazak\u00e7a dilbilgisi becerilerinizi etkili bir \u015fekilde geli\u015ftirin - do\u011frulu\u011fu art\u0131r\u0131n, etkile\u015fimli al\u0131\u015ft\u0131rmalar yap\u0131n ve m\u00fckemmel kullan\u0131m!","robots":{"index":"index","follow":"follow","max-snippet":"max-snippet:-1","max-image-preview":"max-image-preview:large","max-video-preview":"max-video-preview:-1"},"canonical":"https:\/\/talkpal.ai\/tr\/kazakca-dilbilgisi-alistirmalari\/","og_locale":"tr_TR","og_type":"article","og_title":"Kazak\u00e7a Dilbilgisi Al\u0131\u015ft\u0131rmalar\u0131","og_description":"Kazak\u00e7a Dilbilgisi Konular\u0131 Yeni bir dil \u00f6\u011frenmek, ki\u015fisel ve profesyonel geli\u015fim i\u00e7in f\u0131rsatlar sunan zorlu ama \u00f6d\u00fcllendirici bir deneyim olabilir. Dil","og_url":"https:\/\/talkpal.ai\/tr\/kazakca-dilbilgisi-alistirmalari\/","og_site_name":"Talkpal","article_publisher":"https:\/\/www.facebook.com\/profile.php?id=100090733639311","article_modified_time":"2025-12-17T15:11:34+00:00","og_image":[{"width":512,"height":512,"url":"https:\/\/talkpal.ai\/wp-content\/uploads\/2023\/05\/kazakhstan.png","type":"image\/png"}],"twitter_card":"summary_large_image","twitter_site":"@talkpalai","twitter_misc":{"Tahmini okuma s\u00fcresi":"3 dakika"},"schema":{"@context":"https:\/\/schema.org","@graph":[{"@type":"WebPage","@id":"https:\/\/talkpal.ai\/tr\/kazakca-dilbilgisi-alistirmalari\/","url":"https:\/\/talkpal.ai\/tr\/kazakca-dilbilgisi-alistirmalari\/","name":"Kazak\u00e7a Dilbilgisi Al\u0131\u015ft\u0131rmalar\u0131 - Talkpal","isPartOf":{"@id":"https:\/\/talkpal.ai\/tr\/#website"},"primaryImageOfPage":{"@id":"https:\/\/talkpal.ai\/tr\/kazakca-dilbilgisi-alistirmalari\/#primaryimage"},"image":{"@id":"https:\/\/talkpal.ai\/tr\/kazakca-dilbilgisi-alistirmalari\/#primaryimage"},"thumbnailUrl":"https:\/\/talkpal.ai\/wp-content\/uploads\/2023\/05\/kazakhstan.png","datePublished":"2023-06-22T08:01:09+00:00","dateModified":"2025-12-17T15:11:34+00:00","description":"Kazak\u00e7a dilbilgisi becerilerinizi etkili bir \u015fekilde geli\u015ftirin - do\u011frulu\u011fu art\u0131r\u0131n, etkile\u015fimli al\u0131\u015ft\u0131rmalar yap\u0131n ve m\u00fckemmel kullan\u0131m!","breadcrumb":{"@id":"https:\/\/talkpal.ai\/tr\/kazakca-dilbilgisi-alistirmalari\/#breadcrumb"},"inLanguage":"tr","potentialAction":[{"@type":"ReadAction","target":["https:\/\/talkpal.ai\/tr\/kazakca-dilbilgisi-alistirmalari\/"]}]},{"@type":"ImageObject","inLanguage":"tr","@id":"https:\/\/talkpal.ai\/tr\/kazakca-dilbilgisi-alistirmalari\/#primaryimage","url":"https:\/\/talkpal.ai\/wp-content\/uploads\/2023\/05\/kazakhstan.png","contentUrl":"https:\/\/talkpal.ai\/wp-content\/uploads\/2023\/05\/kazakhstan.png","width":512,"height":512},{"@type":"BreadcrumbList","@id":"https:\/\/talkpal.ai\/tr\/kazakca-dilbilgisi-alistirmalari\/#breadcrumb","itemListElement":[{"@type":"ListItem","position":1,"name":"Homepage","item":"https:\/\/talkpal.ai\/tr\/"},{"@type":"ListItem","position":2,"name":"Kazak\u00e7a Dilbilgisi Al\u0131\u015ft\u0131rmalar\u0131"}]},{"@type":"WebSite","@id":"https:\/\/talkpal.ai\/tr\/#website","url":"https:\/\/talkpal.ai\/tr\/","name":"Talkpal","description":"AI Language Learning","publisher":{"@id":"https:\/\/talkpal.ai\/tr\/#organization"},"alternateName":"Talkpal AI","potentialAction":[{"@type":"SearchAction","target":{"@type":"EntryPoint","urlTemplate":"https:\/\/talkpal.ai\/tr\/?s={search_term_string}"},"query-input":{"@type":"PropertyValueSpecification","valueRequired":true,"valueName":"search_term_string"}}],"inLanguage":"tr"},{"@type":"Organization","@id":"https:\/\/talkpal.ai\/tr\/#organization","name":"Talkpal, Inc.","alternateName":"Talkpal AI","url":"https:\/\/talkpal.ai\/tr\/","logo":{"@type":"ImageObject","inLanguage":"tr","@id":"https:\/\/talkpal.ai\/tr\/#\/schema\/logo\/image\/","url":"https:\/\/talkpal.ai\/wp-content\/uploads\/2024\/03\/Talkpal-Logo-Icon.png","contentUrl":"https:\/\/talkpal.ai\/wp-content\/uploads\/2024\/03\/Talkpal-Logo-Icon.png","width":2880,"height":2880,"caption":"Talkpal, Inc."},"image":{"@id":"https:\/\/talkpal.ai\/tr\/#\/schema\/logo\/image\/"},"sameAs":["https:\/\/www.facebook.com\/profile.php?id=100090733639311","https:\/\/x.com\/talkpalai","https:\/\/www.linkedin.com\/company\/talkpal\/","https:\/\/www.youtube.com\/@TalkPal\/","https:\/\/www.tiktok.com\/@talkpal","https:\/\/www.instagram.com\/talkpal_ai\/","https:\/\/www.crunchbase.com\/organization\/talkpal-9cde","https:\/\/www.g2.com\/products\/talkpal-for-business\/","https:\/\/www.trustpilot.com\/review\/talkpal.ai","https:\/\/www.capterra.com\/p\/10006800\/TalkPal\/"],"description":"Talkpal is a language learning web and mobile education app, powered by the latest AI technologies, that provides engaging experiences to its customers in many different languages to help them improve their language skills. Users can chat about unlimited amount of topics with the app and use other modes to practice their language learning.","email":"support@talkpal.ai","legalName":"Talkpal, Inc.","foundingDate":"2023-04-03","duns":"118989042","numberOfEmployees":{"@type":"QuantitativeValue","minValue":"11","maxValue":"50"},"publishingPrinciples":"https:\/\/talkpal.ai\/publishing-principles\/","actionableFeedbackPolicy":"https:\/\/talkpal.ai\/actionable-feedback-policy\/","correctionsPolicy":"https:\/\/talkpal.ai\/corrections-policy\/","ethicsPolicy":"https:\/\/talkpal.ai\/ethics-policy\/","diversityPolicy":"https:\/\/talkpal.ai\/diversity-policy\/","diversityStaffingReport":"https:\/\/talkpal.ai\/diversity-policy\/"}]}},"_links":{"self":[{"href":"https:\/\/talkpal.ai\/tr\/wp-json\/wp\/v2\/pages\/160683","targetHints":{"allow":["GET"]}}],"collection":[{"href":"https:\/\/talkpal.ai\/tr\/wp-json\/wp\/v2\/pages"}],"about":[{"href":"https:\/\/talkpal.ai\/tr\/wp-json\/wp\/v2\/types\/page"}],"author":[{"embeddable":true,"href":"https:\/\/talkpal.ai\/tr\/wp-json\/wp\/v2\/users\/6"}],"replies":[{"embeddable":true,"href":"https:\/\/talkpal.ai\/tr\/wp-json\/wp\/v2\/comments?post=160683"}],"version-history":[{"count":0,"href":"https:\/\/talkpal.ai\/tr\/wp-json\/wp\/v2\/pages\/160683\/revisions"}],"wp:featuredmedia":[{"embeddable":true,"href":"https:\/\/talkpal.ai\/tr\/wp-json\/wp\/v2\/media\/114184"}],"wp:attachment":[{"href":"https:\/\/talkpal.ai\/tr\/wp-json\/wp\/v2\/media?parent=160683"}],"curies":[{"name":"wp","href":"https:\/\/api.w.org\/{rel}","templated":true}]}}