{"id":160369,"date":"2023-06-22T08:07:24","date_gmt":"2023-06-22T08:07:24","guid":{"rendered":"http:\/\/talkpal.ai\/letonca-dilbilgisi-alistirmalari\/"},"modified":"2025-12-17T15:50:30","modified_gmt":"2025-12-17T15:50:30","slug":"letonca-dilbilgisi-alistirmalari","status":"publish","type":"page","link":"https:\/\/talkpal.ai\/tr\/letonca-dilbilgisi-alistirmalari\/","title":{"rendered":"Letonca Dilbilgisi Al\u0131\u015ft\u0131rmalar\u0131"},"content":{"rendered":"\r\n\r\n\r\n<section class=\"languageChallengeSection\">\r\n    <div class=\"languageInfoWrapper\">\r\n        \r\n        <h1>Letonca Dilbilgisi Al\u0131\u015ft\u0131rmalar\u0131<\/h1>\r\n        <p><a href=\"https:\/\/talkpal.ai\/learn-latvian\/\">Letonca<\/a> kullan\u0131rken kendinizi daha g\u00fcvende hissetmek ister misiniz? <a href=\"https:\/\/talkpal.ai\/grammar\/\">Dilbilgisi<\/a> al\u0131\u015ft\u0131rmalar\u0131 yapmak c\u00fcmle yap\u0131s\u0131, fiil formlar\u0131 ve Letonca dilinin kendine \u00f6zg\u00fc kal\u0131plar\u0131na hakim olmak i\u00e7in harika bir yoldur. Letonca dilbilgisini ke\u015ffetmeye bug\u00fcn ba\u015flay\u0131n ve her al\u0131\u015ft\u0131rmada becerilerinizin ve ak\u0131c\u0131l\u0131\u011f\u0131n\u0131z\u0131n geli\u015fti\u011fini g\u00f6r\u00fcn!<\/p>\r\n\r\n                            <a class=\"getStartedHidden\" href=\"https:\/\/app.talkpal.ai\/tr\/signup?lng=\">Hadi ba\u015fla<\/a>\r\n        \r\n    <\/div>\r\n\r\n    <figure>\r\n    <img decoding=\"async\" width=\"768\" height=\"768\" src=\"https:\/\/talkpal.ai\/wp-content\/uploads\/2023\/06\/latvian-768x768.png\" class=\"languageImage no-lazy\" alt=\"Language learning to access more cultures\" fetchpriority=\"high\" sizes=\"(max-width: 768px) 150px, 768px\" srcset=\"https:\/\/talkpal.ai\/wp-content\/uploads\/2023\/06\/latvian-768x768.png 768w, https:\/\/talkpal.ai\/wp-content\/uploads\/2023\/06\/latvian-300x300.png 300w\" \/>\r\n    \r\n\r\n    <\/figure>\r\n\r\n            <a class=\"getStartedVisible\" href=\"https:\/\/app.talkpal.ai\/tr\/signup?lng=\">Hadi ba\u015fla<\/a>\r\n    \r\n<\/section>\r\n\r\n\r\n<!-- <section class=\"grammarSection\">\r\n    <div class=\"grammarLinks\">\r\n            <\/div>\r\n<\/section> -->\r\n\r\n\r\n\r\n\r\n<section class=\"promotionalBanner\">\r\n    <p class=\"promotionalText\">Dil \u00f6\u011frenmenin en etkili yolu<\/p>\r\n    <a class=\"promotionalLink\" href=\"https:\/\/app.talkpal.ai\/tr\/signup?lng=\">Talkpal \u00fccretsiz deneyin<\/a>\r\n<\/section>\n<div class=\"wp-block-group pageContainerStyle\"><div class=\"wp-block-group__inner-container is-layout-constrained wp-block-group-is-layout-constrained\">\n<h2 class=\"wp-block-heading\" id=\"h-latvian-grammar-topics\">Letonca Dilbilgisi Konular\u0131<\/h2>\n\n\n\n<p>Yeni bir dil \u00f6\u011frenmek heyecan verici ve \u00f6d\u00fcllendirici bir deneyim olabilir ve Letonca da bir istisna de\u011fildir. Letonca&#8217;n\u0131n resmi dili ve Balt\u0131k dillerinden biri olan Letonca&#8217;n\u0131n kendine \u00f6zg\u00fc gramer yap\u0131s\u0131 ve onu di\u011fer Avrupa dillerinden ay\u0131ran kurallar\u0131 vard\u0131r. Letonca&#8217;y\u0131 etkili bir \u015fekilde \u00f6\u011frenmek i\u00e7in, \u00e7e\u015fitli dilbilgisi konular\u0131n\u0131 mant\u0131kl\u0131 bir s\u0131rayla anlamak ve ustala\u015fmak \u00f6nemlidir. Bu k\u0131lavuz, dilde g\u00fc\u00e7l\u00fc bir temel olu\u015fturman\u0131za yard\u0131mc\u0131 olmak i\u00e7in zamanlar, fiiller, isimler, artikeller, zamirler, belirleyiciler, s\u0131fatlar, zarflar, ko\u015fullar, edatlar ve c\u00fcmle yap\u0131s\u0131 dahil olmak \u00fczere temel <a href=\"https:\/\/talkpal.ai\/latvian-grammar\/\">Letonca dilbilgisi<\/a> konular\u0131na genel bir bak\u0131\u015f sa\u011flayacakt\u0131r.<\/p>\n\n\n\n<h3 class=\"wp-block-heading\" id=\"h-1-nouns-and-articles\">1. \u0130simler ve Makaleler:<\/h3>\n\n\n\n<p>Letonca&#8217;da isimlerin iki cinsiyeti vard\u0131r: eril ve di\u015fil. Ayr\u0131ca ismin bir c\u00fcmledeki i\u015flevini belirleyen yedi durumu vard\u0131r. Letonca&#8217;da artikeller mevcut de\u011fildir, bu nedenle isim cinsiyetlerini ve durumlar\u0131n\u0131 anlamak do\u011fru ileti\u015fim i\u00e7in \u00e7ok \u00f6nemlidir.<\/p>\n\n\n\n<h3 class=\"wp-block-heading\" id=\"h-2-adjectives\">2. S\u0131fatlar:<\/h3>\n\n\n\n<p>Letonca&#8217;daki s\u0131fatlar, cinsiyet, say\u0131 ve durum bak\u0131m\u0131ndan de\u011fi\u015ftirdikleri isimlerle ayn\u0131 fikirdedir. S\u0131fat \u00e7ekimini \u00f6\u011frenmek, do\u011fru a\u00e7\u0131klamalar ve kar\u015f\u0131la\u015ft\u0131rmalar olu\u015fturmak i\u00e7in \u00f6nemlidir.<\/p>\n\n\n\n<h3 class=\"wp-block-heading\" id=\"h-3-pronouns-and-determiners\">3. Zamirler ve Belirleyiciler:<\/h3>\n\n\n\n<p>Zamirler c\u00fcmlelerde isimlerin yerini al\u0131rken, belirleyiciler isimleri belirtir veya nicelle\u015ftirir. Her ikisi de Letonca dilbilgisinin temel unsurlar\u0131d\u0131r ve do\u011fru c\u00fcmleler kurmak i\u00e7in erkenden \u00f6\u011frenilmelidir.<\/p>\n\n\n\n<h3 class=\"wp-block-heading\" id=\"h-4-verbs-and-tenses\">4. Fiiller ve Zamanlar:<\/h3>\n\n\n\n<p>Letonca fiillerin \u00fc\u00e7 zaman\u0131 vard\u0131r: ge\u00e7mi\u015f, \u015fimdiki zaman ve gelecek. Bu zamanlardaki fiillerin nas\u0131l \u00e7ekilece\u011fini anlamak, eylemleri ve olaylar\u0131 ifade etmek i\u00e7in \u00e7ok \u00f6nemlidir. Ek olarak, fiillerin \u00fc\u00e7 kipi vard\u0131r: g\u00f6sterge, emir kipi ve s\u00fcbjektif.<\/p>\n\n\n\n<h3 class=\"wp-block-heading\" id=\"h-5-progressive-and-perfect-progressive\">5. \u0130lerici ve M\u00fckemmel \u0130lerici:<\/h3>\n\n\n\n<p>Bu y\u00f6nler devam eden veya s\u00fcrekli eylemleri ifade eder. Bunlar\u0131 \u00f6\u011frenmek, devam eden veya belirli bir s\u00fcredir devam eden eylemleri tan\u0131mlaman\u0131za yard\u0131mc\u0131 olacakt\u0131r.<\/p>\n\n\n\n<h3 class=\"wp-block-heading\" id=\"h-6-tense-comparison\">6. Gergin Kar\u015f\u0131la\u015ft\u0131rma:<\/h3>\n\n\n\n<p>Zamanlar\u0131n birbirleriyle nas\u0131l ili\u015fkili oldu\u011funu anlamak, eylemleri ve olaylar\u0131 farkl\u0131 zaman dilimlerinde do\u011fru bir \u015fekilde ifade etmek i\u00e7in \u00e7ok \u00f6nemlidir.<\/p>\n\n\n\n<h3 class=\"wp-block-heading\" id=\"h-7-adverbs\">7. Zarflar:<\/h3>\n\n\n\n<p>Zarflar fiilleri, s\u0131fatlar\u0131 veya di\u011fer zarflar\u0131 de\u011fi\u015ftirerek, a\u00e7\u0131klanan eylem veya nitelik hakk\u0131nda ek bilgi sa\u011flar. C\u00fcmlelerinize ayr\u0131nt\u0131 ve n\u00fcans eklemek i\u00e7in gereklidirler.<\/p>\n\n\n\n<h3 class=\"wp-block-heading\" id=\"h-8-prepositions\">8. Edatlar:<\/h3>\n\n\n\n<p>Edatlar, bir c\u00fcmledeki konum, y\u00f6n veya zaman gibi kelimeler aras\u0131ndaki ili\u015fkiyi g\u00f6sterir. Edatlara hakim olmak, tutarl\u0131 ve anlaml\u0131 c\u00fcmleler kurmak i\u00e7in hayati \u00f6nem ta\u015f\u0131r.<\/p>\n\n\n\n<h3 class=\"wp-block-heading\" id=\"h-9-conditionals\">9. Ko\u015fullar:<\/h3>\n\n\n\n<p>Ko\u015fullu c\u00fcmleler, varsay\u0131msal durumlar\u0131 ve olas\u0131 sonu\u00e7lar\u0131n\u0131 ifade eder. Ko\u015fullu ifadelerin nas\u0131l olu\u015fturulaca\u011f\u0131n\u0131 ve kullan\u0131laca\u011f\u0131n\u0131 \u00f6\u011frenmek, karma\u015f\u0131k fikirleri ve olas\u0131l\u0131klar\u0131 ifade etmek i\u00e7in \u00e7ok \u00f6nemlidir.<\/p>\n\n\n\n<h3 class=\"wp-block-heading\" id=\"h-10-sentences\">10. C\u00fcmleler:<\/h3>\n\n\n\n<p>Letonca c\u00fcmle yap\u0131s\u0131n\u0131, kelime s\u0131ras\u0131n\u0131 ve noktalama i\u015faretlerini anlamak, a\u00e7\u0131k ve do\u011fru ifadeler, sorular ve komutlar olu\u015fturmak i\u00e7in \u00e7ok \u00f6nemlidir. Yukar\u0131da \u00f6zetlenen t\u00fcm dilbilgisi konular\u0131na hakim olarak, Letonca&#8217;da yetkin olma yolunda ilerleyeceksiniz.<\/p>\n<\/div><\/div>\n\r\n<section class=\"learnNavigationSection\">\r\n            \r\n        <a href=\"https:\/\/talkpal.ai\/tr\/letonca-ogren\/\">\r\n            <div class=\"learnNavigationWrapper\">\r\n                <div class=\"learnNavigationContent\">\r\n                    <img decoding=\"async\" src=\"https:\/\/talkpal.ai\/wp-content\/uploads\/2024\/08\/Latvian.jpg\" alt=\"Latvian Flag\">\r\n                    <div>\r\n                        <h4>Letonca \u00d6\u011frenimi Hakk\u0131nda<\/h4>\r\n                        <p>Letonca dilbilgisi hakk\u0131nda her \u015feyi \u00f6\u011frenin .<\/p>\r\n                    <\/div>\r\n                <\/div>\r\n            <\/div>\r\n        <\/a>\r\n\r\n        \r\n        <a href=\"https:\/\/talkpal.ai\/tr\/letonca-dilbilgisi\/\">\r\n            <div class=\"learnNavigationWrapper\">\r\n                <div class=\"learnNavigationContent\">\r\n                    <img decoding=\"async\" src=\"https:\/\/talkpal.ai\/wp-content\/uploads\/2024\/08\/Latvian.jpg\" alt=\"Latvian Flag\">\r\n                    <div>\r\n                        <h4>Letonca Dilbilgisi Dersleri<\/h4>\r\n                        <p>Letonca dilbilgisi al\u0131\u015ft\u0131rmas\u0131 yap\u0131n .<\/p>\r\n                    <\/div>\r\n                <\/div>\r\n            <\/div>\r\n        <\/a>\r\n\r\n        \r\n        <a href=\"https:\/\/talkpal.ai\/vocabulary_language\/latvian\/\">\r\n            <div class=\"learnNavigationWrapper\">\r\n                <div class=\"learnNavigationContent\">\r\n                    <img decoding=\"async\" src=\"https:\/\/talkpal.ai\/wp-content\/uploads\/2024\/08\/Latvian.jpg\" alt=\"Latvian Flag\">\r\n                    <div>\r\n                        <h4>Letonca Kelime Bilgisi<\/h4>\r\n                        <p>Letonca kelime da\u011farc\u0131\u011f\u0131n\u0131z\u0131 geni\u015fletin.<\/p>\r\n                    <\/div>\r\n                <\/div>\r\n            <\/div>\r\n        <\/a>\r\n\r\n            <\/section>","protected":false},"excerpt":{"rendered":"<p>Letonca Dilbilgisi Konular\u0131 Yeni bir dil \u00f6\u011frenmek heyecan verici ve \u00f6d\u00fcllendirici bir deneyim olabilir ve Letonca da bir istisna de\u011fildir. Letonca&#8217;n\u0131n resmi dili ve Balt\u0131k dillerinden biri olan Letonca&#8217;n\u0131n kendine \u00f6zg\u00fc gramer yap\u0131s\u0131 ve onu di\u011fer Avrupa dillerinden ay\u0131ran kurallar\u0131 vard\u0131r. Letonca&#8217;y\u0131 etkili bir \u015fekilde \u00f6\u011frenmek i\u00e7in, \u00e7e\u015fitli dilbilgisi konular\u0131n\u0131 mant\u0131kl\u0131 bir s\u0131rayla anlamak ve [&hellip;]<\/p>\n","protected":false},"author":6,"featured_media":114480,"parent":0,"menu_order":0,"comment_status":"closed","ping_status":"closed","template":"LearningContentPage.php","meta":{"_acf_changed":false,"footnotes":""},"class_list":["post-160369","page","type-page","status-publish","has-post-thumbnail","hentry"],"acf":[],"yoast_head":"<!-- This site is optimized with the Yoast SEO Premium plugin v27.2 (Yoast SEO v27.2) - https:\/\/yoast.com\/product\/yoast-seo-premium-wordpress\/ -->\n<title>Letonca Dilbilgisi Al\u0131\u015ft\u0131rmalar\u0131 - Talkpal<\/title>\n<meta name=\"description\" content=\"Letonca dilbilginizi ilgi \u00e7ekici bir \u015fekilde geli\u015ftirin Talkpal al\u0131\u015ft\u0131rmalar - etkile\u015fimli yapay zeka dersleri ile do\u011frulu\u011fu geli\u015ftirin ve becerileri etkili bir \u015fekilde art\u0131r\u0131n.\" \/>\n<meta name=\"robots\" content=\"index, follow, max-snippet:-1, max-image-preview:large, max-video-preview:-1\" \/>\n<link rel=\"canonical\" href=\"https:\/\/talkpal.ai\/tr\/letonca-dilbilgisi-alistirmalari\/\" \/>\n<meta property=\"og:locale\" content=\"tr_TR\" \/>\n<meta property=\"og:type\" content=\"article\" \/>\n<meta property=\"og:title\" content=\"Letonca Dilbilgisi Al\u0131\u015ft\u0131rmalar\u0131\" \/>\n<meta property=\"og:description\" content=\"Letonca Dilbilgisi Konular\u0131 Yeni bir dil \u00f6\u011frenmek heyecan verici ve \u00f6d\u00fcllendirici bir deneyim olabilir ve Letonca da bir istisna de\u011fildir. Letonca&#039;n\u0131n\" \/>\n<meta property=\"og:url\" content=\"https:\/\/talkpal.ai\/tr\/letonca-dilbilgisi-alistirmalari\/\" \/>\n<meta property=\"og:site_name\" content=\"Talkpal\" \/>\n<meta property=\"article:publisher\" content=\"https:\/\/www.facebook.com\/profile.php?id=100090733639311\" \/>\n<meta property=\"article:modified_time\" content=\"2025-12-17T15:50:30+00:00\" \/>\n<meta property=\"og:image\" content=\"https:\/\/talkpal.ai\/wp-content\/uploads\/2023\/05\/latvia.png\" \/>\n\t<meta property=\"og:image:width\" content=\"512\" \/>\n\t<meta property=\"og:image:height\" content=\"512\" \/>\n\t<meta property=\"og:image:type\" content=\"image\/png\" \/>\n<meta name=\"twitter:card\" content=\"summary_large_image\" \/>\n<meta name=\"twitter:site\" content=\"@talkpalai\" \/>\n<meta name=\"twitter:label1\" content=\"Tahmini okuma s\u00fcresi\" \/>\n\t<meta name=\"twitter:data1\" content=\"3 dakika\" \/>\n<script type=\"application\/ld+json\" class=\"yoast-schema-graph\">{\"@context\":\"https:\/\/schema.org\",\"@graph\":[{\"@type\":\"WebPage\",\"@id\":\"https:\/\/talkpal.ai\/tr\/letonca-dilbilgisi-alistirmalari\/\",\"url\":\"https:\/\/talkpal.ai\/tr\/letonca-dilbilgisi-alistirmalari\/\",\"name\":\"Letonca Dilbilgisi Al\u0131\u015ft\u0131rmalar\u0131 - Talkpal\",\"isPartOf\":{\"@id\":\"https:\/\/talkpal.ai\/tr\/#website\"},\"primaryImageOfPage\":{\"@id\":\"https:\/\/talkpal.ai\/tr\/letonca-dilbilgisi-alistirmalari\/#primaryimage\"},\"image\":{\"@id\":\"https:\/\/talkpal.ai\/tr\/letonca-dilbilgisi-alistirmalari\/#primaryimage\"},\"thumbnailUrl\":\"https:\/\/talkpal.ai\/wp-content\/uploads\/2023\/05\/latvia.png\",\"datePublished\":\"2023-06-22T08:07:24+00:00\",\"dateModified\":\"2025-12-17T15:50:30+00:00\",\"description\":\"Letonca dilbilginizi ilgi \u00e7ekici bir \u015fekilde geli\u015ftirin Talkpal al\u0131\u015ft\u0131rmalar - etkile\u015fimli yapay zeka dersleri ile do\u011frulu\u011fu geli\u015ftirin ve becerileri etkili bir \u015fekilde art\u0131r\u0131n.\",\"breadcrumb\":{\"@id\":\"https:\/\/talkpal.ai\/tr\/letonca-dilbilgisi-alistirmalari\/#breadcrumb\"},\"inLanguage\":\"tr\",\"potentialAction\":[{\"@type\":\"ReadAction\",\"target\":[\"https:\/\/talkpal.ai\/tr\/letonca-dilbilgisi-alistirmalari\/\"]}]},{\"@type\":\"ImageObject\",\"inLanguage\":\"tr\",\"@id\":\"https:\/\/talkpal.ai\/tr\/letonca-dilbilgisi-alistirmalari\/#primaryimage\",\"url\":\"https:\/\/talkpal.ai\/wp-content\/uploads\/2023\/05\/latvia.png\",\"contentUrl\":\"https:\/\/talkpal.ai\/wp-content\/uploads\/2023\/05\/latvia.png\",\"width\":512,\"height\":512},{\"@type\":\"BreadcrumbList\",\"@id\":\"https:\/\/talkpal.ai\/tr\/letonca-dilbilgisi-alistirmalari\/#breadcrumb\",\"itemListElement\":[{\"@type\":\"ListItem\",\"position\":1,\"name\":\"Homepage\",\"item\":\"https:\/\/talkpal.ai\/tr\/\"},{\"@type\":\"ListItem\",\"position\":2,\"name\":\"Letonca Dilbilgisi Al\u0131\u015ft\u0131rmalar\u0131\"}]},{\"@type\":\"WebSite\",\"@id\":\"https:\/\/talkpal.ai\/tr\/#website\",\"url\":\"https:\/\/talkpal.ai\/tr\/\",\"name\":\"Talkpal\",\"description\":\"AI Language Learning\",\"publisher\":{\"@id\":\"https:\/\/talkpal.ai\/tr\/#organization\"},\"alternateName\":\"Talkpal AI\",\"potentialAction\":[{\"@type\":\"SearchAction\",\"target\":{\"@type\":\"EntryPoint\",\"urlTemplate\":\"https:\/\/talkpal.ai\/tr\/?s={search_term_string}\"},\"query-input\":{\"@type\":\"PropertyValueSpecification\",\"valueRequired\":true,\"valueName\":\"search_term_string\"}}],\"inLanguage\":\"tr\"},{\"@type\":\"Organization\",\"@id\":\"https:\/\/talkpal.ai\/tr\/#organization\",\"name\":\"Talkpal, Inc.\",\"alternateName\":\"Talkpal AI\",\"url\":\"https:\/\/talkpal.ai\/tr\/\",\"logo\":{\"@type\":\"ImageObject\",\"inLanguage\":\"tr\",\"@id\":\"https:\/\/talkpal.ai\/tr\/#\/schema\/logo\/image\/\",\"url\":\"https:\/\/talkpal.ai\/wp-content\/uploads\/2024\/03\/Talkpal-Logo-Icon.png\",\"contentUrl\":\"https:\/\/talkpal.ai\/wp-content\/uploads\/2024\/03\/Talkpal-Logo-Icon.png\",\"width\":2880,\"height\":2880,\"caption\":\"Talkpal, Inc.\"},\"image\":{\"@id\":\"https:\/\/talkpal.ai\/tr\/#\/schema\/logo\/image\/\"},\"sameAs\":[\"https:\/\/www.facebook.com\/profile.php?id=100090733639311\",\"https:\/\/x.com\/talkpalai\",\"https:\/\/www.linkedin.com\/company\/talkpal\/\",\"https:\/\/www.youtube.com\/@TalkPal\/\",\"https:\/\/www.tiktok.com\/@talkpal\",\"https:\/\/www.instagram.com\/talkpal_ai\/\",\"https:\/\/www.crunchbase.com\/organization\/talkpal-9cde\",\"https:\/\/www.g2.com\/products\/talkpal-for-business\/\",\"https:\/\/www.trustpilot.com\/review\/talkpal.ai\",\"https:\/\/www.capterra.com\/p\/10006800\/TalkPal\/\"],\"description\":\"Talkpal is a language learning web and mobile education app, powered by the latest AI technologies, that provides engaging experiences to its customers in many different languages to help them improve their language skills. Users can chat about unlimited amount of topics with the app and use other modes to practice their language learning.\",\"email\":\"support@talkpal.ai\",\"legalName\":\"Talkpal, Inc.\",\"foundingDate\":\"2023-04-03\",\"duns\":\"118989042\",\"numberOfEmployees\":{\"@type\":\"QuantitativeValue\",\"minValue\":\"11\",\"maxValue\":\"50\"},\"publishingPrinciples\":\"https:\/\/talkpal.ai\/publishing-principles\/\",\"actionableFeedbackPolicy\":\"https:\/\/talkpal.ai\/actionable-feedback-policy\/\",\"correctionsPolicy\":\"https:\/\/talkpal.ai\/corrections-policy\/\",\"ethicsPolicy\":\"https:\/\/talkpal.ai\/ethics-policy\/\",\"diversityPolicy\":\"https:\/\/talkpal.ai\/diversity-policy\/\",\"diversityStaffingReport\":\"https:\/\/talkpal.ai\/diversity-policy\/\"}]}<\/script>\n<!-- \/ Yoast SEO Premium plugin. -->","yoast_head_json":{"title":"Letonca Dilbilgisi Al\u0131\u015ft\u0131rmalar\u0131 - Talkpal","description":"Letonca dilbilginizi ilgi \u00e7ekici bir \u015fekilde geli\u015ftirin Talkpal al\u0131\u015ft\u0131rmalar - etkile\u015fimli yapay zeka dersleri ile do\u011frulu\u011fu geli\u015ftirin ve becerileri etkili bir \u015fekilde art\u0131r\u0131n.","robots":{"index":"index","follow":"follow","max-snippet":"max-snippet:-1","max-image-preview":"max-image-preview:large","max-video-preview":"max-video-preview:-1"},"canonical":"https:\/\/talkpal.ai\/tr\/letonca-dilbilgisi-alistirmalari\/","og_locale":"tr_TR","og_type":"article","og_title":"Letonca Dilbilgisi Al\u0131\u015ft\u0131rmalar\u0131","og_description":"Letonca Dilbilgisi Konular\u0131 Yeni bir dil \u00f6\u011frenmek heyecan verici ve \u00f6d\u00fcllendirici bir deneyim olabilir ve Letonca da bir istisna de\u011fildir. Letonca'n\u0131n","og_url":"https:\/\/talkpal.ai\/tr\/letonca-dilbilgisi-alistirmalari\/","og_site_name":"Talkpal","article_publisher":"https:\/\/www.facebook.com\/profile.php?id=100090733639311","article_modified_time":"2025-12-17T15:50:30+00:00","og_image":[{"width":512,"height":512,"url":"https:\/\/talkpal.ai\/wp-content\/uploads\/2023\/05\/latvia.png","type":"image\/png"}],"twitter_card":"summary_large_image","twitter_site":"@talkpalai","twitter_misc":{"Tahmini okuma s\u00fcresi":"3 dakika"},"schema":{"@context":"https:\/\/schema.org","@graph":[{"@type":"WebPage","@id":"https:\/\/talkpal.ai\/tr\/letonca-dilbilgisi-alistirmalari\/","url":"https:\/\/talkpal.ai\/tr\/letonca-dilbilgisi-alistirmalari\/","name":"Letonca Dilbilgisi Al\u0131\u015ft\u0131rmalar\u0131 - Talkpal","isPartOf":{"@id":"https:\/\/talkpal.ai\/tr\/#website"},"primaryImageOfPage":{"@id":"https:\/\/talkpal.ai\/tr\/letonca-dilbilgisi-alistirmalari\/#primaryimage"},"image":{"@id":"https:\/\/talkpal.ai\/tr\/letonca-dilbilgisi-alistirmalari\/#primaryimage"},"thumbnailUrl":"https:\/\/talkpal.ai\/wp-content\/uploads\/2023\/05\/latvia.png","datePublished":"2023-06-22T08:07:24+00:00","dateModified":"2025-12-17T15:50:30+00:00","description":"Letonca dilbilginizi ilgi \u00e7ekici bir \u015fekilde geli\u015ftirin Talkpal al\u0131\u015ft\u0131rmalar - etkile\u015fimli yapay zeka dersleri ile do\u011frulu\u011fu geli\u015ftirin ve becerileri etkili bir \u015fekilde art\u0131r\u0131n.","breadcrumb":{"@id":"https:\/\/talkpal.ai\/tr\/letonca-dilbilgisi-alistirmalari\/#breadcrumb"},"inLanguage":"tr","potentialAction":[{"@type":"ReadAction","target":["https:\/\/talkpal.ai\/tr\/letonca-dilbilgisi-alistirmalari\/"]}]},{"@type":"ImageObject","inLanguage":"tr","@id":"https:\/\/talkpal.ai\/tr\/letonca-dilbilgisi-alistirmalari\/#primaryimage","url":"https:\/\/talkpal.ai\/wp-content\/uploads\/2023\/05\/latvia.png","contentUrl":"https:\/\/talkpal.ai\/wp-content\/uploads\/2023\/05\/latvia.png","width":512,"height":512},{"@type":"BreadcrumbList","@id":"https:\/\/talkpal.ai\/tr\/letonca-dilbilgisi-alistirmalari\/#breadcrumb","itemListElement":[{"@type":"ListItem","position":1,"name":"Homepage","item":"https:\/\/talkpal.ai\/tr\/"},{"@type":"ListItem","position":2,"name":"Letonca Dilbilgisi Al\u0131\u015ft\u0131rmalar\u0131"}]},{"@type":"WebSite","@id":"https:\/\/talkpal.ai\/tr\/#website","url":"https:\/\/talkpal.ai\/tr\/","name":"Talkpal","description":"AI Language Learning","publisher":{"@id":"https:\/\/talkpal.ai\/tr\/#organization"},"alternateName":"Talkpal AI","potentialAction":[{"@type":"SearchAction","target":{"@type":"EntryPoint","urlTemplate":"https:\/\/talkpal.ai\/tr\/?s={search_term_string}"},"query-input":{"@type":"PropertyValueSpecification","valueRequired":true,"valueName":"search_term_string"}}],"inLanguage":"tr"},{"@type":"Organization","@id":"https:\/\/talkpal.ai\/tr\/#organization","name":"Talkpal, Inc.","alternateName":"Talkpal AI","url":"https:\/\/talkpal.ai\/tr\/","logo":{"@type":"ImageObject","inLanguage":"tr","@id":"https:\/\/talkpal.ai\/tr\/#\/schema\/logo\/image\/","url":"https:\/\/talkpal.ai\/wp-content\/uploads\/2024\/03\/Talkpal-Logo-Icon.png","contentUrl":"https:\/\/talkpal.ai\/wp-content\/uploads\/2024\/03\/Talkpal-Logo-Icon.png","width":2880,"height":2880,"caption":"Talkpal, Inc."},"image":{"@id":"https:\/\/talkpal.ai\/tr\/#\/schema\/logo\/image\/"},"sameAs":["https:\/\/www.facebook.com\/profile.php?id=100090733639311","https:\/\/x.com\/talkpalai","https:\/\/www.linkedin.com\/company\/talkpal\/","https:\/\/www.youtube.com\/@TalkPal\/","https:\/\/www.tiktok.com\/@talkpal","https:\/\/www.instagram.com\/talkpal_ai\/","https:\/\/www.crunchbase.com\/organization\/talkpal-9cde","https:\/\/www.g2.com\/products\/talkpal-for-business\/","https:\/\/www.trustpilot.com\/review\/talkpal.ai","https:\/\/www.capterra.com\/p\/10006800\/TalkPal\/"],"description":"Talkpal is a language learning web and mobile education app, powered by the latest AI technologies, that provides engaging experiences to its customers in many different languages to help them improve their language skills. Users can chat about unlimited amount of topics with the app and use other modes to practice their language learning.","email":"support@talkpal.ai","legalName":"Talkpal, Inc.","foundingDate":"2023-04-03","duns":"118989042","numberOfEmployees":{"@type":"QuantitativeValue","minValue":"11","maxValue":"50"},"publishingPrinciples":"https:\/\/talkpal.ai\/publishing-principles\/","actionableFeedbackPolicy":"https:\/\/talkpal.ai\/actionable-feedback-policy\/","correctionsPolicy":"https:\/\/talkpal.ai\/corrections-policy\/","ethicsPolicy":"https:\/\/talkpal.ai\/ethics-policy\/","diversityPolicy":"https:\/\/talkpal.ai\/diversity-policy\/","diversityStaffingReport":"https:\/\/talkpal.ai\/diversity-policy\/"}]}},"_links":{"self":[{"href":"https:\/\/talkpal.ai\/tr\/wp-json\/wp\/v2\/pages\/160369","targetHints":{"allow":["GET"]}}],"collection":[{"href":"https:\/\/talkpal.ai\/tr\/wp-json\/wp\/v2\/pages"}],"about":[{"href":"https:\/\/talkpal.ai\/tr\/wp-json\/wp\/v2\/types\/page"}],"author":[{"embeddable":true,"href":"https:\/\/talkpal.ai\/tr\/wp-json\/wp\/v2\/users\/6"}],"replies":[{"embeddable":true,"href":"https:\/\/talkpal.ai\/tr\/wp-json\/wp\/v2\/comments?post=160369"}],"version-history":[{"count":0,"href":"https:\/\/talkpal.ai\/tr\/wp-json\/wp\/v2\/pages\/160369\/revisions"}],"wp:featuredmedia":[{"embeddable":true,"href":"https:\/\/talkpal.ai\/tr\/wp-json\/wp\/v2\/media\/114480"}],"wp:attachment":[{"href":"https:\/\/talkpal.ai\/tr\/wp-json\/wp\/v2\/media?parent=160369"}],"curies":[{"name":"wp","href":"https:\/\/api.w.org\/{rel}","templated":true}]}}