{"id":160073,"date":"2023-06-22T08:24:14","date_gmt":"2023-06-22T08:24:14","guid":{"rendered":"http:\/\/talkpal.ai\/makedonca-dilbilgisi-alistirmalari\/"},"modified":"2025-12-17T15:55:21","modified_gmt":"2025-12-17T15:55:21","slug":"makedonca-dilbilgisi-alistirmalari","status":"publish","type":"page","link":"https:\/\/talkpal.ai\/tr\/makedonca-dilbilgisi-alistirmalari\/","title":{"rendered":"Makedonca Dilbilgisi Al\u0131\u015ft\u0131rmalar\u0131"},"content":{"rendered":"\r\n\r\n\r\n<section class=\"languageChallengeSection\">\r\n    <div class=\"languageInfoWrapper\">\r\n        \r\n        <h1>Makedonca Dilbilgisi Al\u0131\u015ft\u0131rmalar\u0131<\/h1>\r\n        <p>Makedonca konusunda kendinize g\u00fcvenmek mi istiyorsunuz? <a href=\"https:\/\/talkpal.ai\/grammar\/\">Dilbilgisi<\/a> al\u0131\u015ft\u0131rmalar\u0131 yapmak, c\u00fcmle yap\u0131s\u0131n\u0131, fiil bi\u00e7imlerini ve <a href=\"https:\/\/talkpal.ai\/learn-macedonian\/\">Makedon<\/a> dilinin benzersiz \u00f6zelliklerini anlamak i\u00e7in harika bir yoldur. Makedonca dilbilgisini ke\u015ffetmeye bug\u00fcn ba\u015flay\u0131n ve her al\u0131\u015ft\u0131rmada becerilerinizin ve ak\u0131c\u0131l\u0131\u011f\u0131n\u0131z\u0131n artt\u0131\u011f\u0131n\u0131 g\u00f6r\u00fcn!<\/p>\r\n\r\n                            <a class=\"getStartedHidden\" href=\"https:\/\/app.talkpal.ai\/tr\/signup?lng=\">Hadi ba\u015fla<\/a>\r\n        \r\n    <\/div>\r\n\r\n    <figure>\r\n    <img decoding=\"async\" width=\"768\" height=\"768\" src=\"https:\/\/talkpal.ai\/wp-content\/uploads\/2023\/06\/macedonian-768x768.png\" class=\"languageImage no-lazy\" alt=\"Language learning through conversational practice\" fetchpriority=\"high\" sizes=\"(max-width: 768px) 150px, 768px\" srcset=\"https:\/\/talkpal.ai\/wp-content\/uploads\/2023\/06\/macedonian-768x768.png 768w, https:\/\/talkpal.ai\/wp-content\/uploads\/2023\/06\/macedonian-300x300.png 300w\" \/>\r\n    \r\n\r\n    <\/figure>\r\n\r\n            <a class=\"getStartedVisible\" href=\"https:\/\/app.talkpal.ai\/tr\/signup?lng=\">Hadi ba\u015fla<\/a>\r\n    \r\n<\/section>\r\n\r\n\r\n<!-- <section class=\"grammarSection\">\r\n    <div class=\"grammarLinks\">\r\n            <\/div>\r\n<\/section> -->\r\n\r\n\r\n\r\n\r\n<section class=\"promotionalBanner\">\r\n    <p class=\"promotionalText\">Dil \u00f6\u011frenmenin en etkili yolu<\/p>\r\n    <a class=\"promotionalLink\" href=\"https:\/\/app.talkpal.ai\/tr\/signup?lng=\">Talkpal \u00fccretsiz deneyin<\/a>\r\n<\/section>\n<div class=\"wp-block-group pageContainerStyle\"><div class=\"wp-block-group__inner-container is-layout-constrained wp-block-group-is-layout-constrained\">\n<h2 class=\"wp-block-heading\" id=\"h-macedonian-grammar-topics\">Makedonca Dilbilgisi Konular\u0131<\/h2>\n\n\n\n<header id=\"main-header\" data-height-onload=\"80\" data-height-loaded=\"true\" data-fixed-height-onload=\"80\">\n<p>Bir G\u00fcney Slav dili olan Makedonca, Kuzey Makedonya&#8217;n\u0131n resmi dilidir. D\u00fcnya \u00e7ap\u0131nda iki milyondan fazla ki\u015fi taraf\u0131ndan konu\u015fulmaktad\u0131r ve kendine \u00f6zg\u00fc dilbilgisi kurallar\u0131 ve zengin kelime da\u011farc\u0131\u011f\u0131 nedeniyle benzersiz bir dil deneyimi sunmaktad\u0131r. Bu k\u0131lavuz, \u00f6\u011frenme s\u00fcrecinizi kolayla\u015ft\u0131racak bir s\u0131rayla d\u00fczenlenmi\u015f temel <a href=\"https:\/\/talkpal.ai\/tr\/kolay-ve-hizli-makedonca-ogrenmek-icin-en-iyi-yontemler\/\">Makedonca dilbilgisi<\/a> konular\u0131na genel bir bak\u0131\u015f sa\u011flayacakt\u0131r. Zamanlardan c\u00fcmle yap\u0131lar\u0131na kadar, Makedon dilinde ustala\u015fma yolculu\u011funuza ba\u015flaman\u0131za yard\u0131mc\u0131 olacak t\u00fcm gerekli bilgileri ele alaca\u011f\u0131z.<\/p>\n<h3>1. \u0130simler:<\/h3>\n<p>Di\u011fer Slav dilleri gibi, Makedon isimlerinin de \u00fc\u00e7 cinsiyeti vard\u0131r (eril, di\u015fil ve n\u00f6tr) ve b\u00fcy\u00fck\/k\u00fc\u00e7\u00fck harf ve say\u0131 i\u00e7in \u00e7ekilir. Cinsiyeti ve do\u011fru \u00e7ekimleri \u00f6\u011frenmek, dilbilgisi a\u00e7\u0131s\u0131ndan do\u011fru c\u00fcmleler kurmak i\u00e7in \u00e7ok \u00f6nemlidir.<\/p>\n<h3>2. Makaleler:<\/h3>\n<p>Makedon dilinin cinsiyete ve duruma g\u00f6re de\u011fi\u015fen tek bir kesin makalesi vard\u0131r. Makedonca&#8217;da belirsiz artikel yoktur, ancak &#8220;bir&#8221; rakam\u0131 benzer \u015fekilde kullan\u0131labilir.<\/p>\n<h3>3. S\u0131fatlar:<\/h3>\n<p>Makedonca&#8217;daki s\u0131fatlar cinsiyet, say\u0131 ve durum bak\u0131m\u0131ndan de\u011fi\u015ftirdikleri isimlerle uyu\u015furlar. Farkl\u0131 ba\u011flamlarda kullan\u0131lan hem uzun hem de k\u0131sa formlar\u0131 vard\u0131r.<\/p>\n<h3>4. Zamirler\/Belirleyiciler:<\/h3>\n<p>Makedonca, c\u00fcmle kurmada gerekli olan \u00e7e\u015fitli zamirlere ve belirleyicilere sahiptir. \u0130simleri de\u011fi\u015ftirir veya de\u011fi\u015ftirirler ve cinsiyet, say\u0131 ve durum bak\u0131m\u0131ndan onlarla hemfikirdirler.<\/p>\n<h3>5. Fiiller:<\/h3>\n<p>Fiiller Makedonca dilbilgisinin merkezinde yer al\u0131r. Ki\u015fi ve say\u0131 i\u00e7in e\u015flenikler ve \u00e7e\u015fitli zamanlar\u0131, y\u00f6nleri ve ruh halleri var.<\/p>\n<h3>6. Zamanlar:<\/h3>\n<p>Makedonca&#8217;n\u0131n ge\u00e7mi\u015f, \u015fimdiki ve gelecek olmak \u00fczere \u00fc\u00e7 temel zaman\u0131 vard\u0131r. Farkl\u0131 fiil \u00e7ekimleri ve yard\u0131mc\u0131 fiiller kullan\u0131larak olu\u015fturulurlar. Eylemleri ve olaylar\u0131 do\u011fru bir \u015fekilde ifade etmek i\u00e7in her zaman\u0131n olu\u015fumunu ve kullan\u0131m\u0131n\u0131 anlamak \u00f6nemlidir.<\/p>\n<h3>7. Gergin Kar\u015f\u0131la\u015ft\u0131rma:<\/h3>\n<p>Eylemleri ve olaylar\u0131 farkl\u0131 zamanlarda kar\u015f\u0131la\u015ft\u0131rmak, anlam iletmek i\u00e7in \u00e7ok \u00f6nemlidir. Makedonca&#8217;da bu kar\u015f\u0131la\u015ft\u0131rma, belirli fiil bi\u00e7imleri ve yard\u0131mc\u0131 fiiller kullan\u0131larak sa\u011flan\u0131r.<\/p>\n<h3>8. \u0130lerici:<\/h3>\n<p>Makedonca&#8217;daki ilerici y\u00f6n, devam eden eylemleri belirtmek i\u00e7in kullan\u0131l\u0131r. &#8220;To be&#8221; fiilinin \u015fimdiki zaman\u0131 ve ana fiilin \u015fimdiki aktif ortac\u0131 kullan\u0131larak olu\u015fturulur.<\/p>\n<h3>9. M\u00fckemmel \u0130lerici:<\/h3>\n<p>Bu y\u00f6n, ge\u00e7mi\u015fte devam eden ve g\u00fcn\u00fcm\u00fczle ba\u011flant\u0131s\u0131 olan eylemleri tan\u0131mlamak i\u00e7in ilerici ve m\u00fckemmel y\u00f6nleri birle\u015ftirir. &#8220;To be&#8221; fiilinin \u015fimdiki zaman\u0131 ve ana fiilin ge\u00e7mi\u015f aktif ortac\u0131 kullan\u0131larak olu\u015fturulur.<\/p>\n<h3>10. Zarflar:<\/h3>\n<p>Makedonca&#8217;daki zarflar fiilleri, s\u0131fatlar\u0131 veya di\u011fer zarflar\u0131 de\u011fi\u015ftirmek i\u00e7in kullan\u0131l\u0131r. Genellikle formlar\u0131n\u0131 de\u011fi\u015ftirmezler ve tipik sonlar\u0131 ile kolayca tan\u0131nabilirler.<\/p>\n<h3>11. Ko\u015fullar:<\/h3>\n<p>Makedonca&#8217;da \u00fc\u00e7 t\u00fcr ko\u015ful vard\u0131r \u2013 ger\u00e7ek, ger\u00e7ek d\u0131\u015f\u0131 ve potansiyel. Varsay\u0131msal durumlar\u0131 ve sonu\u00e7lar\u0131n\u0131 ifade etmek i\u00e7in kullan\u0131l\u0131rlar.<\/p>\n<h3>12. Edatlar:<\/h3>\n<p>Makedonca&#8217;daki edatlar, kelime \u00f6bekleri ve c\u00fcmleler olu\u015fturmak i\u00e7in gereklidir. Kelimeler aras\u0131ndaki konum, y\u00f6n, zaman veya neden gibi \u00e7e\u015fitli ili\u015fkileri g\u00f6sterirler.<\/p>\n<h3>13. C\u00fcmleler:<\/h3>\n<p>Makedonca c\u00fcmlelerin yap\u0131s\u0131n\u0131 anlamak, etkili ileti\u015fim i\u00e7in \u00e7ok \u00f6nemlidir. Makedonca c\u00fcmleler tipik olarak \u00f6zne-fiil-nesne (SVO) kelime s\u0131ras\u0131n\u0131 takip eder, ancak vurgu ve ba\u011flama ba\u011fl\u0131 olarak farkl\u0131l\u0131klar olabilir.<\/p>\n<\/header>\n\n\n\n<footer> <\/footer>\n<\/div><\/div>\n\r\n<section class=\"learnNavigationSection\">\r\n            \r\n        <a href=\"https:\/\/talkpal.ai\/tr\/makedonca-ogren\/\">\r\n            <div class=\"learnNavigationWrapper\">\r\n                <div class=\"learnNavigationContent\">\r\n                    <img decoding=\"async\" src=\"https:\/\/talkpal.ai\/wp-content\/uploads\/2024\/08\/Macedonian.jpg\" alt=\"Macedonian Flag\">\r\n                    <div>\r\n                        <h4>Makedonca \u00d6\u011frenimi Hakk\u0131nda<\/h4>\r\n                        <p>Makedonca dilbilgisi hakk\u0131nda her \u015feyi \u00f6\u011frenin .<\/p>\r\n                    <\/div>\r\n                <\/div>\r\n            <\/div>\r\n        <\/a>\r\n\r\n        \r\n        <a href=\"https:\/\/talkpal.ai\/tr\/makedonca-dilbilgisi\/\">\r\n            <div class=\"learnNavigationWrapper\">\r\n                <div class=\"learnNavigationContent\">\r\n                    <img decoding=\"async\" src=\"https:\/\/talkpal.ai\/wp-content\/uploads\/2024\/08\/Macedonian.jpg\" alt=\"Macedonian Flag\">\r\n                    <div>\r\n                        <h4>Makedonca Gramer Dersleri<\/h4>\r\n                        <p>Makedonca dilbilgisi al\u0131\u015ft\u0131rmas\u0131 yap\u0131n .<\/p>\r\n                    <\/div>\r\n                <\/div>\r\n            <\/div>\r\n        <\/a>\r\n\r\n        \r\n        <a href=\"https:\/\/talkpal.ai\/vocabulary_language\/macedonian\/\">\r\n            <div class=\"learnNavigationWrapper\">\r\n                <div class=\"learnNavigationContent\">\r\n                    <img decoding=\"async\" src=\"https:\/\/talkpal.ai\/wp-content\/uploads\/2024\/08\/Macedonian.jpg\" alt=\"Macedonian Flag\">\r\n                    <div>\r\n                        <h4>Makedonca Kelime Bilgisi<\/h4>\r\n                        <p>Makedonca kelime da\u011farc\u0131\u011f\u0131n\u0131z\u0131 geni\u015fletin.<\/p>\r\n                    <\/div>\r\n                <\/div>\r\n            <\/div>\r\n        <\/a>\r\n\r\n            <\/section>","protected":false},"excerpt":{"rendered":"<p>Makedonca Dilbilgisi Konular\u0131 Bir G\u00fcney Slav dili olan Makedonca, Kuzey Makedonya&#8217;n\u0131n resmi dilidir. D\u00fcnya \u00e7ap\u0131nda iki milyondan fazla ki\u015fi taraf\u0131ndan konu\u015fulmaktad\u0131r ve kendine \u00f6zg\u00fc dilbilgisi kurallar\u0131 ve zengin kelime da\u011farc\u0131\u011f\u0131 nedeniyle benzersiz bir dil deneyimi sunmaktad\u0131r. Bu k\u0131lavuz, \u00f6\u011frenme s\u00fcrecinizi kolayla\u015ft\u0131racak bir s\u0131rayla d\u00fczenlenmi\u015f temel Makedonca dilbilgisi konular\u0131na genel bir bak\u0131\u015f sa\u011flayacakt\u0131r. Zamanlardan c\u00fcmle yap\u0131lar\u0131na [&hellip;]<\/p>\n","protected":false},"author":6,"featured_media":115561,"parent":0,"menu_order":0,"comment_status":"closed","ping_status":"closed","template":"LearningContentPage.php","meta":{"_acf_changed":false,"footnotes":""},"class_list":["post-160073","page","type-page","status-publish","has-post-thumbnail","hentry"],"acf":[],"yoast_head":"<!-- This site is optimized with the Yoast SEO Premium plugin v27.2 (Yoast SEO v27.2) - https:\/\/yoast.com\/product\/yoast-seo-premium-wordpress\/ -->\n<title>Makedonca Dilbilgisi Al\u0131\u015ft\u0131rmalar\u0131 - Talkpal<\/title>\n<meta name=\"description\" content=\"Makedonca Dilbilgisi Al\u0131\u015ft\u0131rmalar\u0131 ile Makedonca dilbilgisinde uzmanla\u015f\u0131n TalkpalYapay zeka destekli dil \u00f6\u011fretmeniniz.\" \/>\n<meta name=\"robots\" content=\"index, follow, max-snippet:-1, max-image-preview:large, max-video-preview:-1\" \/>\n<link rel=\"canonical\" href=\"https:\/\/talkpal.ai\/tr\/makedonca-dilbilgisi-alistirmalari\/\" \/>\n<meta property=\"og:locale\" content=\"tr_TR\" \/>\n<meta property=\"og:type\" content=\"article\" \/>\n<meta property=\"og:title\" content=\"Makedonca Dilbilgisi Al\u0131\u015ft\u0131rmalar\u0131\" \/>\n<meta property=\"og:description\" content=\"Makedonca Dilbilgisi Konular\u0131 Bir G\u00fcney Slav dili olan Makedonca, Kuzey Makedonya&#039;n\u0131n resmi dilidir. D\u00fcnya \u00e7ap\u0131nda iki milyondan fazla ki\u015fi taraf\u0131ndan\" \/>\n<meta property=\"og:url\" content=\"https:\/\/talkpal.ai\/tr\/makedonca-dilbilgisi-alistirmalari\/\" \/>\n<meta property=\"og:site_name\" content=\"Talkpal\" \/>\n<meta property=\"article:publisher\" content=\"https:\/\/www.facebook.com\/profile.php?id=100090733639311\" \/>\n<meta property=\"article:modified_time\" content=\"2025-12-17T15:55:21+00:00\" \/>\n<meta property=\"og:image\" content=\"https:\/\/talkpal.ai\/wp-content\/uploads\/2023\/05\/republic-of-macedonia.png\" \/>\n\t<meta property=\"og:image:width\" content=\"512\" \/>\n\t<meta property=\"og:image:height\" content=\"512\" \/>\n\t<meta property=\"og:image:type\" content=\"image\/png\" \/>\n<meta name=\"twitter:card\" content=\"summary_large_image\" \/>\n<meta name=\"twitter:site\" content=\"@talkpalai\" \/>\n<meta name=\"twitter:label1\" content=\"Tahmini okuma s\u00fcresi\" \/>\n\t<meta name=\"twitter:data1\" content=\"3 dakika\" \/>\n<script type=\"application\/ld+json\" class=\"yoast-schema-graph\">{\"@context\":\"https:\/\/schema.org\",\"@graph\":[{\"@type\":\"WebPage\",\"@id\":\"https:\/\/talkpal.ai\/tr\/makedonca-dilbilgisi-alistirmalari\/\",\"url\":\"https:\/\/talkpal.ai\/tr\/makedonca-dilbilgisi-alistirmalari\/\",\"name\":\"Makedonca Dilbilgisi Al\u0131\u015ft\u0131rmalar\u0131 - Talkpal\",\"isPartOf\":{\"@id\":\"https:\/\/talkpal.ai\/tr\/#website\"},\"primaryImageOfPage\":{\"@id\":\"https:\/\/talkpal.ai\/tr\/makedonca-dilbilgisi-alistirmalari\/#primaryimage\"},\"image\":{\"@id\":\"https:\/\/talkpal.ai\/tr\/makedonca-dilbilgisi-alistirmalari\/#primaryimage\"},\"thumbnailUrl\":\"https:\/\/talkpal.ai\/wp-content\/uploads\/2023\/05\/republic-of-macedonia.png\",\"datePublished\":\"2023-06-22T08:24:14+00:00\",\"dateModified\":\"2025-12-17T15:55:21+00:00\",\"description\":\"Makedonca Dilbilgisi Al\u0131\u015ft\u0131rmalar\u0131 ile Makedonca dilbilgisinde uzmanla\u015f\u0131n TalkpalYapay zeka destekli dil \u00f6\u011fretmeniniz.\",\"breadcrumb\":{\"@id\":\"https:\/\/talkpal.ai\/tr\/makedonca-dilbilgisi-alistirmalari\/#breadcrumb\"},\"inLanguage\":\"tr\",\"potentialAction\":[{\"@type\":\"ReadAction\",\"target\":[\"https:\/\/talkpal.ai\/tr\/makedonca-dilbilgisi-alistirmalari\/\"]}]},{\"@type\":\"ImageObject\",\"inLanguage\":\"tr\",\"@id\":\"https:\/\/talkpal.ai\/tr\/makedonca-dilbilgisi-alistirmalari\/#primaryimage\",\"url\":\"https:\/\/talkpal.ai\/wp-content\/uploads\/2023\/05\/republic-of-macedonia.png\",\"contentUrl\":\"https:\/\/talkpal.ai\/wp-content\/uploads\/2023\/05\/republic-of-macedonia.png\",\"width\":512,\"height\":512},{\"@type\":\"BreadcrumbList\",\"@id\":\"https:\/\/talkpal.ai\/tr\/makedonca-dilbilgisi-alistirmalari\/#breadcrumb\",\"itemListElement\":[{\"@type\":\"ListItem\",\"position\":1,\"name\":\"Homepage\",\"item\":\"https:\/\/talkpal.ai\/tr\/\"},{\"@type\":\"ListItem\",\"position\":2,\"name\":\"Makedonca Dilbilgisi Al\u0131\u015ft\u0131rmalar\u0131\"}]},{\"@type\":\"WebSite\",\"@id\":\"https:\/\/talkpal.ai\/tr\/#website\",\"url\":\"https:\/\/talkpal.ai\/tr\/\",\"name\":\"Talkpal\",\"description\":\"AI Language Learning\",\"publisher\":{\"@id\":\"https:\/\/talkpal.ai\/tr\/#organization\"},\"alternateName\":\"Talkpal AI\",\"potentialAction\":[{\"@type\":\"SearchAction\",\"target\":{\"@type\":\"EntryPoint\",\"urlTemplate\":\"https:\/\/talkpal.ai\/tr\/?s={search_term_string}\"},\"query-input\":{\"@type\":\"PropertyValueSpecification\",\"valueRequired\":true,\"valueName\":\"search_term_string\"}}],\"inLanguage\":\"tr\"},{\"@type\":\"Organization\",\"@id\":\"https:\/\/talkpal.ai\/tr\/#organization\",\"name\":\"Talkpal, Inc.\",\"alternateName\":\"Talkpal AI\",\"url\":\"https:\/\/talkpal.ai\/tr\/\",\"logo\":{\"@type\":\"ImageObject\",\"inLanguage\":\"tr\",\"@id\":\"https:\/\/talkpal.ai\/tr\/#\/schema\/logo\/image\/\",\"url\":\"https:\/\/talkpal.ai\/wp-content\/uploads\/2024\/03\/Talkpal-Logo-Icon.png\",\"contentUrl\":\"https:\/\/talkpal.ai\/wp-content\/uploads\/2024\/03\/Talkpal-Logo-Icon.png\",\"width\":2880,\"height\":2880,\"caption\":\"Talkpal, Inc.\"},\"image\":{\"@id\":\"https:\/\/talkpal.ai\/tr\/#\/schema\/logo\/image\/\"},\"sameAs\":[\"https:\/\/www.facebook.com\/profile.php?id=100090733639311\",\"https:\/\/x.com\/talkpalai\",\"https:\/\/www.linkedin.com\/company\/talkpal\/\",\"https:\/\/www.youtube.com\/@TalkPal\/\",\"https:\/\/www.tiktok.com\/@talkpal\",\"https:\/\/www.instagram.com\/talkpal_ai\/\",\"https:\/\/www.crunchbase.com\/organization\/talkpal-9cde\",\"https:\/\/www.g2.com\/products\/talkpal-for-business\/\",\"https:\/\/www.trustpilot.com\/review\/talkpal.ai\",\"https:\/\/www.capterra.com\/p\/10006800\/TalkPal\/\"],\"description\":\"Talkpal is a language learning web and mobile education app, powered by the latest AI technologies, that provides engaging experiences to its customers in many different languages to help them improve their language skills. Users can chat about unlimited amount of topics with the app and use other modes to practice their language learning.\",\"email\":\"support@talkpal.ai\",\"legalName\":\"Talkpal, Inc.\",\"foundingDate\":\"2023-04-03\",\"duns\":\"118989042\",\"numberOfEmployees\":{\"@type\":\"QuantitativeValue\",\"minValue\":\"11\",\"maxValue\":\"50\"},\"publishingPrinciples\":\"https:\/\/talkpal.ai\/publishing-principles\/\",\"actionableFeedbackPolicy\":\"https:\/\/talkpal.ai\/actionable-feedback-policy\/\",\"correctionsPolicy\":\"https:\/\/talkpal.ai\/corrections-policy\/\",\"ethicsPolicy\":\"https:\/\/talkpal.ai\/ethics-policy\/\",\"diversityPolicy\":\"https:\/\/talkpal.ai\/diversity-policy\/\",\"diversityStaffingReport\":\"https:\/\/talkpal.ai\/diversity-policy\/\"}]}<\/script>\n<!-- \/ Yoast SEO Premium plugin. -->","yoast_head_json":{"title":"Makedonca Dilbilgisi Al\u0131\u015ft\u0131rmalar\u0131 - Talkpal","description":"Makedonca Dilbilgisi Al\u0131\u015ft\u0131rmalar\u0131 ile Makedonca dilbilgisinde uzmanla\u015f\u0131n TalkpalYapay zeka destekli dil \u00f6\u011fretmeniniz.","robots":{"index":"index","follow":"follow","max-snippet":"max-snippet:-1","max-image-preview":"max-image-preview:large","max-video-preview":"max-video-preview:-1"},"canonical":"https:\/\/talkpal.ai\/tr\/makedonca-dilbilgisi-alistirmalari\/","og_locale":"tr_TR","og_type":"article","og_title":"Makedonca Dilbilgisi Al\u0131\u015ft\u0131rmalar\u0131","og_description":"Makedonca Dilbilgisi Konular\u0131 Bir G\u00fcney Slav dili olan Makedonca, Kuzey Makedonya'n\u0131n resmi dilidir. D\u00fcnya \u00e7ap\u0131nda iki milyondan fazla ki\u015fi taraf\u0131ndan","og_url":"https:\/\/talkpal.ai\/tr\/makedonca-dilbilgisi-alistirmalari\/","og_site_name":"Talkpal","article_publisher":"https:\/\/www.facebook.com\/profile.php?id=100090733639311","article_modified_time":"2025-12-17T15:55:21+00:00","og_image":[{"width":512,"height":512,"url":"https:\/\/talkpal.ai\/wp-content\/uploads\/2023\/05\/republic-of-macedonia.png","type":"image\/png"}],"twitter_card":"summary_large_image","twitter_site":"@talkpalai","twitter_misc":{"Tahmini okuma s\u00fcresi":"3 dakika"},"schema":{"@context":"https:\/\/schema.org","@graph":[{"@type":"WebPage","@id":"https:\/\/talkpal.ai\/tr\/makedonca-dilbilgisi-alistirmalari\/","url":"https:\/\/talkpal.ai\/tr\/makedonca-dilbilgisi-alistirmalari\/","name":"Makedonca Dilbilgisi Al\u0131\u015ft\u0131rmalar\u0131 - Talkpal","isPartOf":{"@id":"https:\/\/talkpal.ai\/tr\/#website"},"primaryImageOfPage":{"@id":"https:\/\/talkpal.ai\/tr\/makedonca-dilbilgisi-alistirmalari\/#primaryimage"},"image":{"@id":"https:\/\/talkpal.ai\/tr\/makedonca-dilbilgisi-alistirmalari\/#primaryimage"},"thumbnailUrl":"https:\/\/talkpal.ai\/wp-content\/uploads\/2023\/05\/republic-of-macedonia.png","datePublished":"2023-06-22T08:24:14+00:00","dateModified":"2025-12-17T15:55:21+00:00","description":"Makedonca Dilbilgisi Al\u0131\u015ft\u0131rmalar\u0131 ile Makedonca dilbilgisinde uzmanla\u015f\u0131n TalkpalYapay zeka destekli dil \u00f6\u011fretmeniniz.","breadcrumb":{"@id":"https:\/\/talkpal.ai\/tr\/makedonca-dilbilgisi-alistirmalari\/#breadcrumb"},"inLanguage":"tr","potentialAction":[{"@type":"ReadAction","target":["https:\/\/talkpal.ai\/tr\/makedonca-dilbilgisi-alistirmalari\/"]}]},{"@type":"ImageObject","inLanguage":"tr","@id":"https:\/\/talkpal.ai\/tr\/makedonca-dilbilgisi-alistirmalari\/#primaryimage","url":"https:\/\/talkpal.ai\/wp-content\/uploads\/2023\/05\/republic-of-macedonia.png","contentUrl":"https:\/\/talkpal.ai\/wp-content\/uploads\/2023\/05\/republic-of-macedonia.png","width":512,"height":512},{"@type":"BreadcrumbList","@id":"https:\/\/talkpal.ai\/tr\/makedonca-dilbilgisi-alistirmalari\/#breadcrumb","itemListElement":[{"@type":"ListItem","position":1,"name":"Homepage","item":"https:\/\/talkpal.ai\/tr\/"},{"@type":"ListItem","position":2,"name":"Makedonca Dilbilgisi Al\u0131\u015ft\u0131rmalar\u0131"}]},{"@type":"WebSite","@id":"https:\/\/talkpal.ai\/tr\/#website","url":"https:\/\/talkpal.ai\/tr\/","name":"Talkpal","description":"AI Language Learning","publisher":{"@id":"https:\/\/talkpal.ai\/tr\/#organization"},"alternateName":"Talkpal AI","potentialAction":[{"@type":"SearchAction","target":{"@type":"EntryPoint","urlTemplate":"https:\/\/talkpal.ai\/tr\/?s={search_term_string}"},"query-input":{"@type":"PropertyValueSpecification","valueRequired":true,"valueName":"search_term_string"}}],"inLanguage":"tr"},{"@type":"Organization","@id":"https:\/\/talkpal.ai\/tr\/#organization","name":"Talkpal, Inc.","alternateName":"Talkpal AI","url":"https:\/\/talkpal.ai\/tr\/","logo":{"@type":"ImageObject","inLanguage":"tr","@id":"https:\/\/talkpal.ai\/tr\/#\/schema\/logo\/image\/","url":"https:\/\/talkpal.ai\/wp-content\/uploads\/2024\/03\/Talkpal-Logo-Icon.png","contentUrl":"https:\/\/talkpal.ai\/wp-content\/uploads\/2024\/03\/Talkpal-Logo-Icon.png","width":2880,"height":2880,"caption":"Talkpal, Inc."},"image":{"@id":"https:\/\/talkpal.ai\/tr\/#\/schema\/logo\/image\/"},"sameAs":["https:\/\/www.facebook.com\/profile.php?id=100090733639311","https:\/\/x.com\/talkpalai","https:\/\/www.linkedin.com\/company\/talkpal\/","https:\/\/www.youtube.com\/@TalkPal\/","https:\/\/www.tiktok.com\/@talkpal","https:\/\/www.instagram.com\/talkpal_ai\/","https:\/\/www.crunchbase.com\/organization\/talkpal-9cde","https:\/\/www.g2.com\/products\/talkpal-for-business\/","https:\/\/www.trustpilot.com\/review\/talkpal.ai","https:\/\/www.capterra.com\/p\/10006800\/TalkPal\/"],"description":"Talkpal is a language learning web and mobile education app, powered by the latest AI technologies, that provides engaging experiences to its customers in many different languages to help them improve their language skills. Users can chat about unlimited amount of topics with the app and use other modes to practice their language learning.","email":"support@talkpal.ai","legalName":"Talkpal, Inc.","foundingDate":"2023-04-03","duns":"118989042","numberOfEmployees":{"@type":"QuantitativeValue","minValue":"11","maxValue":"50"},"publishingPrinciples":"https:\/\/talkpal.ai\/publishing-principles\/","actionableFeedbackPolicy":"https:\/\/talkpal.ai\/actionable-feedback-policy\/","correctionsPolicy":"https:\/\/talkpal.ai\/corrections-policy\/","ethicsPolicy":"https:\/\/talkpal.ai\/ethics-policy\/","diversityPolicy":"https:\/\/talkpal.ai\/diversity-policy\/","diversityStaffingReport":"https:\/\/talkpal.ai\/diversity-policy\/"}]}},"_links":{"self":[{"href":"https:\/\/talkpal.ai\/tr\/wp-json\/wp\/v2\/pages\/160073","targetHints":{"allow":["GET"]}}],"collection":[{"href":"https:\/\/talkpal.ai\/tr\/wp-json\/wp\/v2\/pages"}],"about":[{"href":"https:\/\/talkpal.ai\/tr\/wp-json\/wp\/v2\/types\/page"}],"author":[{"embeddable":true,"href":"https:\/\/talkpal.ai\/tr\/wp-json\/wp\/v2\/users\/6"}],"replies":[{"embeddable":true,"href":"https:\/\/talkpal.ai\/tr\/wp-json\/wp\/v2\/comments?post=160073"}],"version-history":[{"count":0,"href":"https:\/\/talkpal.ai\/tr\/wp-json\/wp\/v2\/pages\/160073\/revisions"}],"wp:featuredmedia":[{"embeddable":true,"href":"https:\/\/talkpal.ai\/tr\/wp-json\/wp\/v2\/media\/115561"}],"wp:attachment":[{"href":"https:\/\/talkpal.ai\/tr\/wp-json\/wp\/v2\/media?parent=160073"}],"curies":[{"name":"wp","href":"https:\/\/api.w.org\/{rel}","templated":true}]}}