{"id":159511,"date":"2023-06-22T08:29:59","date_gmt":"2023-06-22T08:29:59","guid":{"rendered":"http:\/\/talkpal.ai\/malayca-dilbilgisi-alistirmalari\/"},"modified":"2025-12-17T15:07:07","modified_gmt":"2025-12-17T15:07:07","slug":"malayca-dilbilgisi-alistirmalari","status":"publish","type":"page","link":"https:\/\/talkpal.ai\/tr\/malayca-dilbilgisi-alistirmalari\/","title":{"rendered":"Malayca Dilbilgisi Al\u0131\u015ft\u0131rmalar\u0131"},"content":{"rendered":"\r\n\r\n\r\n<section class=\"languageChallengeSection\">\r\n    <div class=\"languageInfoWrapper\">\r\n        \r\n        <h1>Malayca Dilbilgisi Al\u0131\u015ft\u0131rmalar\u0131<\/h1>\r\n        <p>Malayca konusunda daha rahat olmaya haz\u0131r m\u0131s\u0131n\u0131z? <a href=\"https:\/\/talkpal.ai\/grammar\/\">Dilbilgisi<\/a> al\u0131\u015ft\u0131rmalar\u0131 yapmak, c\u00fcmle yap\u0131s\u0131, fiil formlar\u0131 ve dilin benzersiz \u00f6zelliklerine hakim olmak i\u00e7in harika bir yoldur. Malayca dilbilgisini ke\u015ffetmeye bug\u00fcn ba\u015flay\u0131n ve her al\u0131\u015ft\u0131rmada becerilerinizin ve \u00f6zg\u00fcveninizin artt\u0131\u011f\u0131n\u0131 g\u00f6r\u00fcn!<\/p>\r\n\r\n                            <a class=\"getStartedHidden\" href=\"https:\/\/app.talkpal.ai\/tr\/signup?lng=\">Hadi ba\u015fla<\/a>\r\n        \r\n    <\/div>\r\n\r\n    <figure>\r\n    <img decoding=\"async\" width=\"768\" height=\"768\" src=\"https:\/\/talkpal.ai\/wp-content\/uploads\/2023\/06\/malay-768x768.png\" class=\"languageImage no-lazy\" alt=\"Language learning for personal accomplishments\" fetchpriority=\"high\" sizes=\"(max-width: 768px) 150px, 768px\" srcset=\"https:\/\/talkpal.ai\/wp-content\/uploads\/2023\/06\/malay-768x768.png 768w, https:\/\/talkpal.ai\/wp-content\/uploads\/2023\/06\/malay-300x300.png 300w\" \/>\r\n    \r\n\r\n    <\/figure>\r\n\r\n            <a class=\"getStartedVisible\" href=\"https:\/\/app.talkpal.ai\/tr\/signup?lng=\">Hadi ba\u015fla<\/a>\r\n    \r\n<\/section>\r\n\r\n\r\n<!-- <section class=\"grammarSection\">\r\n    <div class=\"grammarLinks\">\r\n            <\/div>\r\n<\/section> -->\r\n\r\n\r\n\r\n\r\n<section class=\"promotionalBanner\">\r\n    <p class=\"promotionalText\">Dil \u00f6\u011frenmenin en etkili yolu<\/p>\r\n    <a class=\"promotionalLink\" href=\"https:\/\/app.talkpal.ai\/tr\/signup?lng=\">Talkpal \u00fccretsiz deneyin<\/a>\r\n<\/section>\n<div class=\"wp-block-group pageContainerStyle\"><div class=\"wp-block-group__inner-container is-layout-constrained wp-block-group-is-layout-constrained\">\n<h2 class=\"wp-block-heading\" id=\"h-malay-grammar-topics\">Malay Dili Dilbilgisi Konular\u0131<\/h2>\n\n\n\n<p><a href=\"https:\/\/talkpal.ai\/learn-malay\/\">Malay<\/a> dilini \u00f6\u011frenmek, Malezya, Endonezya ve kom\u015fu \u00fclkelerin zengin k\u00fclt\u00fcrel miras\u0131n\u0131 anlamak i\u00e7in f\u0131rsatlar sunan zenginle\u015ftirici bir deneyim olabilir. Dil, Avustronezya ailesine aittir ve G\u00fcneydo\u011fu Asya&#8217;da milyonlarca insan taraf\u0131ndan konu\u015fulmaktad\u0131r. Dilbilgisi, bir\u00e7ok Avrupa diline k\u0131yasla nispeten basittir ve bu da onu dil \u00f6\u011frenenler i\u00e7in \u00e7ekici bir se\u00e7im haline getirir. Malayca dilbilgisinin farkl\u0131 y\u00f6nlerine dalmadan \u00f6nce, dili olu\u015fturan temel yap\u0131 ta\u015flar\u0131na a\u015fina olman\u0131z \u00e7ok \u00f6nemlidir. Bu k\u0131lavuzda, dili etkili bir \u015fekilde \u00f6\u011frenmenize yard\u0131mc\u0131 olacak bu konular\u0131 s\u0131rayla inceleyece\u011fiz.<\/p>\n\n\n\n<h3 class=\"wp-block-heading\" id=\"h-1-nouns\">1. \u0130simler:<\/h3>\n\n\n\n<p>\u0130nsanlar\u0131, yerleri, \u015feyleri ve fikirleri temsil eden kelimeler olan Malayca isimleri \u00f6\u011frenmekle ba\u015flay\u0131n. Malayca&#8217;da isimlerin di\u011fer bir\u00e7ok dilde oldu\u011fu gibi cinsiyeti veya \u00e7o\u011ful bi\u00e7imleri yoktur, bu da onlar\u0131 \u00f6\u011frenmeyi kolayla\u015ft\u0131r\u0131r. Yayg\u0131n isimleri ve anlamlar\u0131n\u0131 ezberleyerek kelime da\u011farc\u0131\u011f\u0131n\u0131z\u0131 geli\u015ftirmeye odaklan\u0131n.<\/p>\n\n\n\n<h3 class=\"wp-block-heading\" id=\"h-2-pronouns-determiners\">2. Zamirler\/Belirleyiciler:<\/h3>\n\n\n\n<p>Ard\u0131ndan, isimlere at\u0131fta bulunmak i\u00e7in kullan\u0131lan Malayca zamirleri ve belirleyicileri \u00f6\u011frenin. Zamirler c\u00fcmlelerde isimlerin yerini al\u0131rken, belirleyiciler isim hakk\u0131nda miktar veya iyelik gibi bilgiler sa\u011flar. Ki\u015fi zamirlerini (\u00f6rne\u011fin, &#8220;ben&#8221; i\u00e7in saya ve &#8220;sen&#8221; i\u00e7in kamu) ve iyelik belirte\u00e7lerini (\u00f6rne\u011fin, &#8220;bu&#8221; i\u00e7in ini ve &#8220;\u015fu&#8221; i\u00e7in itu) \u00f6\u011frenin.<\/p>\n\n\n\n<h3 class=\"wp-block-heading\" id=\"h-3-articles\">3. Makaleler:<\/h3>\n\n\n\n<p>\u0130ngilizceden farkl\u0131 olarak Malaycada belirli ya da belirsiz artikeller (\u00f6rne\u011fin, &#8220;the&#8221; ya da &#8220;a\/an&#8221;) yoktur. Bununla birlikte, dilin c\u00fcmlelerde \u00f6zg\u00fcll\u00fck ve genelli\u011fi nas\u0131l g\u00f6sterdi\u011fini anlamak yine de \u00f6nemlidir.<\/p>\n\n\n\n<h3 class=\"wp-block-heading\" id=\"h-4-verbs\">4. Fiiller:<\/h3>\n\n\n\n<p>Fiiller, eylemleri, durumlar\u0131 veya olu\u015fumlar\u0131 ifade ettikleri i\u00e7in Malayca&#8217;da \u00e7ok \u00f6nemlidir. Temel fiil bi\u00e7imlerini ve bunlar\u0131n zaman, ki\u015fi ve say\u0131ya g\u00f6re nas\u0131l \u00e7ekilece\u011fini \u00f6\u011frenin.<\/p>\n\n\n\n<h3 class=\"wp-block-heading\" id=\"h-5-tenses\">5. Zamanlar:<\/h3>\n\n\n\n<p>Malayca, \u0130ngilizce&#8217;den daha az zamana sahiptir ve birincil vurgu ge\u00e7mi\u015f, \u015fimdiki ve gelecekteki eylemlere vurgu yapar. Basit, a\u015famal\u0131 ve m\u00fckemmel zamanlar aras\u0131ndaki farklar\u0131 anlayarak Malayca zaman\u0131 nas\u0131l ifade edece\u011finizi \u00f6\u011frenin.<\/p>\n\n\n\n<h3 class=\"wp-block-heading\" id=\"h-6-adjectives\">6. S\u0131fatlar:<\/h3>\n\n\n\n<p>S\u0131fatlar, isimleri tan\u0131mlar veya de\u011fi\u015ftirir, nitelikleri veya \u00f6zellikleri hakk\u0131nda ek bilgi sa\u011flar. Yayg\u0131n Malay s\u0131fatlar\u0131n\u0131 ve de\u011fi\u015ftirdikleri isme g\u00f6re c\u00fcmlelerde nas\u0131l de\u011fi\u015ftiklerini \u00f6\u011frenin.<\/p>\n\n\n\n<h3 class=\"wp-block-heading\" id=\"h-7-adverbs\">7. Zarflar:<\/h3>\n\n\n\n<p>Zarflar fiilleri, s\u0131fatlar\u0131 veya di\u011fer zarflar\u0131 de\u011fi\u015ftirerek zaman, tarz, yer veya derece hakk\u0131nda bilgi sa\u011flar. Yayg\u0131n Malayca zarflar\u0131 ve c\u00fcmle i\u00e7indeki yerle\u015fimlerini inceleyin.<\/p>\n\n\n\n<h3 class=\"wp-block-heading\" id=\"h-8-prepositions\">8. Edatlar:<\/h3>\n\n\n\n<p>Edatlar, isimleri, zamirleri veya c\u00fcmleleri bir c\u00fcmledeki di\u011fer kelimelere ba\u011flamak i\u00e7in kullan\u0131l\u0131r ve konum, y\u00f6n veya zaman gibi ili\u015fkileri g\u00f6sterir. Yayg\u0131n Malayca edatlar\u0131 ve c\u00fcmle i\u00e7inde nas\u0131l i\u015flev g\u00f6rd\u00fcklerini \u00f6\u011frenin.<\/p>\n\n\n\n<h3 class=\"wp-block-heading\" id=\"h-9-conditionals\">9. Ko\u015fullar:<\/h3>\n\n\n\n<p>Ko\u015fullu c\u00fcmleler, varsay\u0131msal durumlar\u0131 veya ko\u015fullar\u0131 ve bunlar\u0131n olas\u0131 sonu\u00e7lar\u0131n\u0131 ifade eder. Uygun fiil formlar\u0131n\u0131 ve ba\u011fla\u00e7lar\u0131 kullanarak Malayca&#8217;da ko\u015fullu c\u00fcmleler kurmay\u0131 \u00f6\u011frenin.<\/p>\n\n\n\n<h3 class=\"wp-block-heading\" id=\"h-10-sentences\">10. C\u00fcmleler:<\/h3>\n\n\n\n<p>Son olarak, isimleri, zamirleri, fiilleri, s\u0131fatlar\u0131, zarflar\u0131 ve edatlar\u0131 birle\u015ftirerek Malayca c\u00fcmleler kurma al\u0131\u015ft\u0131rmas\u0131 yap\u0131n. \u00d6zne-fiil-nesne gibi temel c\u00fcmle yap\u0131s\u0131n\u0131 anlay\u0131n ve ba\u011fla\u00e7lar ve ba\u011f\u0131l c\u00fcmleler kullanarak karma\u015f\u0131k c\u00fcmleler olu\u015fturma al\u0131\u015ft\u0131rmas\u0131 yap\u0131n.<\/p>\n\n\n\n<p>Bu s\u0131ray\u0131 takip ederek ve her konuyu uygulamak i\u00e7in zaman ay\u0131rarak, Malayca dilbilgisinde g\u00fc\u00e7l\u00fc bir temel olu\u015fturacak ve dilin yetkin bir konu\u015fmac\u0131s\u0131 olma yolunda ilerleyeceksiniz.<\/p>\n<\/div><\/div>\n\r\n<section class=\"learnNavigationSection\">\r\n            \r\n        <a href=\"https:\/\/talkpal.ai\/tr\/malayca-ogren\/\">\r\n            <div class=\"learnNavigationWrapper\">\r\n                <div class=\"learnNavigationContent\">\r\n                    <img decoding=\"async\" src=\"https:\/\/talkpal.ai\/wp-content\/uploads\/2024\/08\/Malay.jpg\" alt=\"Malaysian Flag\">\r\n                    <div>\r\n                        <h4>Malay Learning Hakk\u0131nda<\/h4>\r\n                        <p>Malay dilbilgisi hakk\u0131nda her \u015feyi \u00f6\u011frenin .<\/p>\r\n                    <\/div>\r\n                <\/div>\r\n            <\/div>\r\n        <\/a>\r\n\r\n        \r\n        <a href=\"https:\/\/talkpal.ai\/tr\/malay-dili-bilgisi\/\">\r\n            <div class=\"learnNavigationWrapper\">\r\n                <div class=\"learnNavigationContent\">\r\n                    <img decoding=\"async\" src=\"https:\/\/talkpal.ai\/wp-content\/uploads\/2024\/08\/Malay.jpg\" alt=\"Malaysian Flag\">\r\n                    <div>\r\n                        <h4>Malayca Dilbilgisi Dersleri<\/h4>\r\n                        <p>Malayca dilbilgisi al\u0131\u015ft\u0131rmas\u0131 yap\u0131n .<\/p>\r\n                    <\/div>\r\n                <\/div>\r\n            <\/div>\r\n        <\/a>\r\n\r\n        \r\n        <a href=\"https:\/\/talkpal.ai\/vocabulary_language\/malay\/\">\r\n            <div class=\"learnNavigationWrapper\">\r\n                <div class=\"learnNavigationContent\">\r\n                    <img decoding=\"async\" src=\"https:\/\/talkpal.ai\/wp-content\/uploads\/2024\/08\/Malay.jpg\" alt=\"Malaysian Flag\">\r\n                    <div>\r\n                        <h4>Malayca Kelime Bilgisi<\/h4>\r\n                        <p>Malayca kelime da\u011farc\u0131\u011f\u0131n\u0131z\u0131 geni\u015fletin.<\/p>\r\n                    <\/div>\r\n                <\/div>\r\n            <\/div>\r\n        <\/a>\r\n\r\n            <\/section>","protected":false},"excerpt":{"rendered":"<p>Malay Dili Dilbilgisi Konular\u0131 Malay dilini \u00f6\u011frenmek, Malezya, Endonezya ve kom\u015fu \u00fclkelerin zengin k\u00fclt\u00fcrel miras\u0131n\u0131 anlamak i\u00e7in f\u0131rsatlar sunan zenginle\u015ftirici bir deneyim olabilir. Dil, Avustronezya ailesine aittir ve G\u00fcneydo\u011fu Asya&#8217;da milyonlarca insan taraf\u0131ndan konu\u015fulmaktad\u0131r. Dilbilgisi, bir\u00e7ok Avrupa diline k\u0131yasla nispeten basittir ve bu da onu dil \u00f6\u011frenenler i\u00e7in \u00e7ekici bir se\u00e7im haline getirir. Malayca dilbilgisinin [&hellip;]<\/p>\n","protected":false},"author":6,"featured_media":115721,"parent":0,"menu_order":0,"comment_status":"closed","ping_status":"closed","template":"LearningContentPage.php","meta":{"_acf_changed":false,"footnotes":""},"class_list":["post-159511","page","type-page","status-publish","has-post-thumbnail","hentry"],"acf":[],"yoast_head":"<!-- This site is optimized with the Yoast SEO Premium plugin v27.2 (Yoast SEO v27.2) - https:\/\/yoast.com\/product\/yoast-seo-premium-wordpress\/ -->\n<title>Malayca Dilbilgisi Al\u0131\u015ft\u0131rmalar\u0131 - Talkpal<\/title>\n<meta name=\"description\" content=\"Malayca Dilbilgisi Al\u0131\u015ft\u0131rmalar\u0131 ile dil becerilerinizi geli\u015ftirin. Malay dilini daha iyi anlamak i\u00e7in temel bilgileri \u00f6\u011frenin.\" \/>\n<meta name=\"robots\" content=\"index, follow, max-snippet:-1, max-image-preview:large, max-video-preview:-1\" \/>\n<link rel=\"canonical\" href=\"https:\/\/talkpal.ai\/tr\/malayca-dilbilgisi-alistirmalari\/\" \/>\n<meta property=\"og:locale\" content=\"tr_TR\" \/>\n<meta property=\"og:type\" content=\"article\" \/>\n<meta property=\"og:title\" content=\"Malayca Dilbilgisi Al\u0131\u015ft\u0131rmalar\u0131\" \/>\n<meta property=\"og:description\" content=\"Malay Dili Dilbilgisi Konular\u0131 Malay dilini \u00f6\u011frenmek, Malezya, Endonezya ve kom\u015fu \u00fclkelerin zengin k\u00fclt\u00fcrel miras\u0131n\u0131 anlamak i\u00e7in f\u0131rsatlar sunan\" \/>\n<meta property=\"og:url\" content=\"https:\/\/talkpal.ai\/tr\/malayca-dilbilgisi-alistirmalari\/\" \/>\n<meta property=\"og:site_name\" content=\"Talkpal\" \/>\n<meta property=\"article:publisher\" content=\"https:\/\/www.facebook.com\/profile.php?id=100090733639311\" \/>\n<meta property=\"article:modified_time\" content=\"2025-12-17T15:07:07+00:00\" \/>\n<meta property=\"og:image\" content=\"https:\/\/talkpal.ai\/wp-content\/uploads\/2023\/05\/malaysia.png\" \/>\n\t<meta property=\"og:image:width\" content=\"512\" \/>\n\t<meta property=\"og:image:height\" content=\"512\" \/>\n\t<meta property=\"og:image:type\" content=\"image\/png\" \/>\n<meta name=\"twitter:card\" content=\"summary_large_image\" \/>\n<meta name=\"twitter:site\" content=\"@talkpalai\" \/>\n<meta name=\"twitter:label1\" content=\"Tahmini okuma s\u00fcresi\" \/>\n\t<meta name=\"twitter:data1\" content=\"3 dakika\" \/>\n<script type=\"application\/ld+json\" class=\"yoast-schema-graph\">{\"@context\":\"https:\/\/schema.org\",\"@graph\":[{\"@type\":\"WebPage\",\"@id\":\"https:\/\/talkpal.ai\/tr\/malayca-dilbilgisi-alistirmalari\/\",\"url\":\"https:\/\/talkpal.ai\/tr\/malayca-dilbilgisi-alistirmalari\/\",\"name\":\"Malayca Dilbilgisi Al\u0131\u015ft\u0131rmalar\u0131 - Talkpal\",\"isPartOf\":{\"@id\":\"https:\/\/talkpal.ai\/tr\/#website\"},\"primaryImageOfPage\":{\"@id\":\"https:\/\/talkpal.ai\/tr\/malayca-dilbilgisi-alistirmalari\/#primaryimage\"},\"image\":{\"@id\":\"https:\/\/talkpal.ai\/tr\/malayca-dilbilgisi-alistirmalari\/#primaryimage\"},\"thumbnailUrl\":\"https:\/\/talkpal.ai\/wp-content\/uploads\/2023\/05\/malaysia.png\",\"datePublished\":\"2023-06-22T08:29:59+00:00\",\"dateModified\":\"2025-12-17T15:07:07+00:00\",\"description\":\"Malayca Dilbilgisi Al\u0131\u015ft\u0131rmalar\u0131 ile dil becerilerinizi geli\u015ftirin. Malay dilini daha iyi anlamak i\u00e7in temel bilgileri \u00f6\u011frenin.\",\"breadcrumb\":{\"@id\":\"https:\/\/talkpal.ai\/tr\/malayca-dilbilgisi-alistirmalari\/#breadcrumb\"},\"inLanguage\":\"tr\",\"potentialAction\":[{\"@type\":\"ReadAction\",\"target\":[\"https:\/\/talkpal.ai\/tr\/malayca-dilbilgisi-alistirmalari\/\"]}]},{\"@type\":\"ImageObject\",\"inLanguage\":\"tr\",\"@id\":\"https:\/\/talkpal.ai\/tr\/malayca-dilbilgisi-alistirmalari\/#primaryimage\",\"url\":\"https:\/\/talkpal.ai\/wp-content\/uploads\/2023\/05\/malaysia.png\",\"contentUrl\":\"https:\/\/talkpal.ai\/wp-content\/uploads\/2023\/05\/malaysia.png\",\"width\":512,\"height\":512},{\"@type\":\"BreadcrumbList\",\"@id\":\"https:\/\/talkpal.ai\/tr\/malayca-dilbilgisi-alistirmalari\/#breadcrumb\",\"itemListElement\":[{\"@type\":\"ListItem\",\"position\":1,\"name\":\"Homepage\",\"item\":\"https:\/\/talkpal.ai\/tr\/\"},{\"@type\":\"ListItem\",\"position\":2,\"name\":\"Malayca Dilbilgisi Al\u0131\u015ft\u0131rmalar\u0131\"}]},{\"@type\":\"WebSite\",\"@id\":\"https:\/\/talkpal.ai\/tr\/#website\",\"url\":\"https:\/\/talkpal.ai\/tr\/\",\"name\":\"Talkpal\",\"description\":\"AI Language Learning\",\"publisher\":{\"@id\":\"https:\/\/talkpal.ai\/tr\/#organization\"},\"alternateName\":\"Talkpal AI\",\"potentialAction\":[{\"@type\":\"SearchAction\",\"target\":{\"@type\":\"EntryPoint\",\"urlTemplate\":\"https:\/\/talkpal.ai\/tr\/?s={search_term_string}\"},\"query-input\":{\"@type\":\"PropertyValueSpecification\",\"valueRequired\":true,\"valueName\":\"search_term_string\"}}],\"inLanguage\":\"tr\"},{\"@type\":\"Organization\",\"@id\":\"https:\/\/talkpal.ai\/tr\/#organization\",\"name\":\"Talkpal, Inc.\",\"alternateName\":\"Talkpal AI\",\"url\":\"https:\/\/talkpal.ai\/tr\/\",\"logo\":{\"@type\":\"ImageObject\",\"inLanguage\":\"tr\",\"@id\":\"https:\/\/talkpal.ai\/tr\/#\/schema\/logo\/image\/\",\"url\":\"https:\/\/talkpal.ai\/wp-content\/uploads\/2024\/03\/Talkpal-Logo-Icon.png\",\"contentUrl\":\"https:\/\/talkpal.ai\/wp-content\/uploads\/2024\/03\/Talkpal-Logo-Icon.png\",\"width\":2880,\"height\":2880,\"caption\":\"Talkpal, Inc.\"},\"image\":{\"@id\":\"https:\/\/talkpal.ai\/tr\/#\/schema\/logo\/image\/\"},\"sameAs\":[\"https:\/\/www.facebook.com\/profile.php?id=100090733639311\",\"https:\/\/x.com\/talkpalai\",\"https:\/\/www.linkedin.com\/company\/talkpal\/\",\"https:\/\/www.youtube.com\/@TalkPal\/\",\"https:\/\/www.tiktok.com\/@talkpal\",\"https:\/\/www.instagram.com\/talkpal_ai\/\",\"https:\/\/www.crunchbase.com\/organization\/talkpal-9cde\",\"https:\/\/www.g2.com\/products\/talkpal-for-business\/\",\"https:\/\/www.trustpilot.com\/review\/talkpal.ai\",\"https:\/\/www.capterra.com\/p\/10006800\/TalkPal\/\"],\"description\":\"Talkpal is a language learning web and mobile education app, powered by the latest AI technologies, that provides engaging experiences to its customers in many different languages to help them improve their language skills. Users can chat about unlimited amount of topics with the app and use other modes to practice their language learning.\",\"email\":\"support@talkpal.ai\",\"legalName\":\"Talkpal, Inc.\",\"foundingDate\":\"2023-04-03\",\"duns\":\"118989042\",\"numberOfEmployees\":{\"@type\":\"QuantitativeValue\",\"minValue\":\"11\",\"maxValue\":\"50\"},\"publishingPrinciples\":\"https:\/\/talkpal.ai\/publishing-principles\/\",\"actionableFeedbackPolicy\":\"https:\/\/talkpal.ai\/actionable-feedback-policy\/\",\"correctionsPolicy\":\"https:\/\/talkpal.ai\/corrections-policy\/\",\"ethicsPolicy\":\"https:\/\/talkpal.ai\/ethics-policy\/\",\"diversityPolicy\":\"https:\/\/talkpal.ai\/diversity-policy\/\",\"diversityStaffingReport\":\"https:\/\/talkpal.ai\/diversity-policy\/\"}]}<\/script>\n<!-- \/ Yoast SEO Premium plugin. -->","yoast_head_json":{"title":"Malayca Dilbilgisi Al\u0131\u015ft\u0131rmalar\u0131 - Talkpal","description":"Malayca Dilbilgisi Al\u0131\u015ft\u0131rmalar\u0131 ile dil becerilerinizi geli\u015ftirin. Malay dilini daha iyi anlamak i\u00e7in temel bilgileri \u00f6\u011frenin.","robots":{"index":"index","follow":"follow","max-snippet":"max-snippet:-1","max-image-preview":"max-image-preview:large","max-video-preview":"max-video-preview:-1"},"canonical":"https:\/\/talkpal.ai\/tr\/malayca-dilbilgisi-alistirmalari\/","og_locale":"tr_TR","og_type":"article","og_title":"Malayca Dilbilgisi Al\u0131\u015ft\u0131rmalar\u0131","og_description":"Malay Dili Dilbilgisi Konular\u0131 Malay dilini \u00f6\u011frenmek, Malezya, Endonezya ve kom\u015fu \u00fclkelerin zengin k\u00fclt\u00fcrel miras\u0131n\u0131 anlamak i\u00e7in f\u0131rsatlar sunan","og_url":"https:\/\/talkpal.ai\/tr\/malayca-dilbilgisi-alistirmalari\/","og_site_name":"Talkpal","article_publisher":"https:\/\/www.facebook.com\/profile.php?id=100090733639311","article_modified_time":"2025-12-17T15:07:07+00:00","og_image":[{"width":512,"height":512,"url":"https:\/\/talkpal.ai\/wp-content\/uploads\/2023\/05\/malaysia.png","type":"image\/png"}],"twitter_card":"summary_large_image","twitter_site":"@talkpalai","twitter_misc":{"Tahmini okuma s\u00fcresi":"3 dakika"},"schema":{"@context":"https:\/\/schema.org","@graph":[{"@type":"WebPage","@id":"https:\/\/talkpal.ai\/tr\/malayca-dilbilgisi-alistirmalari\/","url":"https:\/\/talkpal.ai\/tr\/malayca-dilbilgisi-alistirmalari\/","name":"Malayca Dilbilgisi Al\u0131\u015ft\u0131rmalar\u0131 - Talkpal","isPartOf":{"@id":"https:\/\/talkpal.ai\/tr\/#website"},"primaryImageOfPage":{"@id":"https:\/\/talkpal.ai\/tr\/malayca-dilbilgisi-alistirmalari\/#primaryimage"},"image":{"@id":"https:\/\/talkpal.ai\/tr\/malayca-dilbilgisi-alistirmalari\/#primaryimage"},"thumbnailUrl":"https:\/\/talkpal.ai\/wp-content\/uploads\/2023\/05\/malaysia.png","datePublished":"2023-06-22T08:29:59+00:00","dateModified":"2025-12-17T15:07:07+00:00","description":"Malayca Dilbilgisi Al\u0131\u015ft\u0131rmalar\u0131 ile dil becerilerinizi geli\u015ftirin. Malay dilini daha iyi anlamak i\u00e7in temel bilgileri \u00f6\u011frenin.","breadcrumb":{"@id":"https:\/\/talkpal.ai\/tr\/malayca-dilbilgisi-alistirmalari\/#breadcrumb"},"inLanguage":"tr","potentialAction":[{"@type":"ReadAction","target":["https:\/\/talkpal.ai\/tr\/malayca-dilbilgisi-alistirmalari\/"]}]},{"@type":"ImageObject","inLanguage":"tr","@id":"https:\/\/talkpal.ai\/tr\/malayca-dilbilgisi-alistirmalari\/#primaryimage","url":"https:\/\/talkpal.ai\/wp-content\/uploads\/2023\/05\/malaysia.png","contentUrl":"https:\/\/talkpal.ai\/wp-content\/uploads\/2023\/05\/malaysia.png","width":512,"height":512},{"@type":"BreadcrumbList","@id":"https:\/\/talkpal.ai\/tr\/malayca-dilbilgisi-alistirmalari\/#breadcrumb","itemListElement":[{"@type":"ListItem","position":1,"name":"Homepage","item":"https:\/\/talkpal.ai\/tr\/"},{"@type":"ListItem","position":2,"name":"Malayca Dilbilgisi Al\u0131\u015ft\u0131rmalar\u0131"}]},{"@type":"WebSite","@id":"https:\/\/talkpal.ai\/tr\/#website","url":"https:\/\/talkpal.ai\/tr\/","name":"Talkpal","description":"AI Language Learning","publisher":{"@id":"https:\/\/talkpal.ai\/tr\/#organization"},"alternateName":"Talkpal AI","potentialAction":[{"@type":"SearchAction","target":{"@type":"EntryPoint","urlTemplate":"https:\/\/talkpal.ai\/tr\/?s={search_term_string}"},"query-input":{"@type":"PropertyValueSpecification","valueRequired":true,"valueName":"search_term_string"}}],"inLanguage":"tr"},{"@type":"Organization","@id":"https:\/\/talkpal.ai\/tr\/#organization","name":"Talkpal, Inc.","alternateName":"Talkpal AI","url":"https:\/\/talkpal.ai\/tr\/","logo":{"@type":"ImageObject","inLanguage":"tr","@id":"https:\/\/talkpal.ai\/tr\/#\/schema\/logo\/image\/","url":"https:\/\/talkpal.ai\/wp-content\/uploads\/2024\/03\/Talkpal-Logo-Icon.png","contentUrl":"https:\/\/talkpal.ai\/wp-content\/uploads\/2024\/03\/Talkpal-Logo-Icon.png","width":2880,"height":2880,"caption":"Talkpal, Inc."},"image":{"@id":"https:\/\/talkpal.ai\/tr\/#\/schema\/logo\/image\/"},"sameAs":["https:\/\/www.facebook.com\/profile.php?id=100090733639311","https:\/\/x.com\/talkpalai","https:\/\/www.linkedin.com\/company\/talkpal\/","https:\/\/www.youtube.com\/@TalkPal\/","https:\/\/www.tiktok.com\/@talkpal","https:\/\/www.instagram.com\/talkpal_ai\/","https:\/\/www.crunchbase.com\/organization\/talkpal-9cde","https:\/\/www.g2.com\/products\/talkpal-for-business\/","https:\/\/www.trustpilot.com\/review\/talkpal.ai","https:\/\/www.capterra.com\/p\/10006800\/TalkPal\/"],"description":"Talkpal is a language learning web and mobile education app, powered by the latest AI technologies, that provides engaging experiences to its customers in many different languages to help them improve their language skills. Users can chat about unlimited amount of topics with the app and use other modes to practice their language learning.","email":"support@talkpal.ai","legalName":"Talkpal, Inc.","foundingDate":"2023-04-03","duns":"118989042","numberOfEmployees":{"@type":"QuantitativeValue","minValue":"11","maxValue":"50"},"publishingPrinciples":"https:\/\/talkpal.ai\/publishing-principles\/","actionableFeedbackPolicy":"https:\/\/talkpal.ai\/actionable-feedback-policy\/","correctionsPolicy":"https:\/\/talkpal.ai\/corrections-policy\/","ethicsPolicy":"https:\/\/talkpal.ai\/ethics-policy\/","diversityPolicy":"https:\/\/talkpal.ai\/diversity-policy\/","diversityStaffingReport":"https:\/\/talkpal.ai\/diversity-policy\/"}]}},"_links":{"self":[{"href":"https:\/\/talkpal.ai\/tr\/wp-json\/wp\/v2\/pages\/159511","targetHints":{"allow":["GET"]}}],"collection":[{"href":"https:\/\/talkpal.ai\/tr\/wp-json\/wp\/v2\/pages"}],"about":[{"href":"https:\/\/talkpal.ai\/tr\/wp-json\/wp\/v2\/types\/page"}],"author":[{"embeddable":true,"href":"https:\/\/talkpal.ai\/tr\/wp-json\/wp\/v2\/users\/6"}],"replies":[{"embeddable":true,"href":"https:\/\/talkpal.ai\/tr\/wp-json\/wp\/v2\/comments?post=159511"}],"version-history":[{"count":0,"href":"https:\/\/talkpal.ai\/tr\/wp-json\/wp\/v2\/pages\/159511\/revisions"}],"wp:featuredmedia":[{"embeddable":true,"href":"https:\/\/talkpal.ai\/tr\/wp-json\/wp\/v2\/media\/115721"}],"wp:attachment":[{"href":"https:\/\/talkpal.ai\/tr\/wp-json\/wp\/v2\/media?parent=159511"}],"curies":[{"name":"wp","href":"https:\/\/api.w.org\/{rel}","templated":true}]}}