{"id":159242,"date":"2023-06-22T08:37:16","date_gmt":"2023-06-22T08:37:16","guid":{"rendered":"http:\/\/talkpal.ai\/marathi-dilbilgisi-alistirmalari\/"},"modified":"2025-12-17T15:24:08","modified_gmt":"2025-12-17T15:24:08","slug":"marathi-dilbilgisi-alistirmalari","status":"publish","type":"page","link":"https:\/\/talkpal.ai\/tr\/marathi-dilbilgisi-alistirmalari\/","title":{"rendered":"Marathi Dilbilgisi Al\u0131\u015ft\u0131rmalar\u0131"},"content":{"rendered":"\r\n\r\n\r\n<section class=\"languageChallengeSection\">\r\n    <div class=\"languageInfoWrapper\">\r\n        \r\n        <h1>Marathi Dilbilgisi Al\u0131\u015ft\u0131rmalar\u0131<\/h1>\r\n        <p><a href=\"https:\/\/talkpal.ai\/learn-marathi\/\">Marathi<\/a> becerilerinizi g\u00fc\u00e7lendirmeye haz\u0131r m\u0131s\u0131n\u0131z? <a href=\"https:\/\/talkpal.ai\/grammar\/\">Dilbilgisi<\/a> al\u0131\u015ft\u0131rmalar\u0131 yapmak, c\u00fcmle yap\u0131s\u0131, fiil formlar\u0131 ve dilin temel gramer kal\u0131plar\u0131na hakim olmak i\u00e7in m\u00fckemmel bir yoldur. Marathi dilbilgisini ke\u015ffetmeye bug\u00fcn ba\u015flay\u0131n ve her al\u0131\u015ft\u0131rmada kendinize olan g\u00fcveninizin ve ak\u0131c\u0131l\u0131\u011f\u0131n\u0131z\u0131n artmas\u0131n\u0131 izleyin!<\/p>\r\n\r\n                            <a class=\"getStartedHidden\" href=\"https:\/\/app.talkpal.ai\/tr\/signup?lng=\">Hadi ba\u015fla<\/a>\r\n        \r\n    <\/div>\r\n\r\n    <figure>\r\n    <img decoding=\"async\" width=\"768\" height=\"768\" src=\"https:\/\/talkpal.ai\/wp-content\/uploads\/2023\/06\/marathi-768x768.png\" class=\"languageImage no-lazy\" alt=\"Fun ways to make language learning interesting\" fetchpriority=\"high\" sizes=\"(max-width: 768px) 150px, 768px\" srcset=\"https:\/\/talkpal.ai\/wp-content\/uploads\/2023\/06\/marathi-768x768.png 768w, https:\/\/talkpal.ai\/wp-content\/uploads\/2023\/06\/marathi-300x300.png 300w\" \/>\r\n    \r\n\r\n    <\/figure>\r\n\r\n            <a class=\"getStartedVisible\" href=\"https:\/\/app.talkpal.ai\/tr\/signup?lng=\">Hadi ba\u015fla<\/a>\r\n    \r\n<\/section>\r\n\r\n\r\n<!-- <section class=\"grammarSection\">\r\n    <div class=\"grammarLinks\">\r\n            <\/div>\r\n<\/section> -->\r\n\r\n\r\n\r\n\r\n<section class=\"promotionalBanner\">\r\n    <p class=\"promotionalText\">Dil \u00f6\u011frenmenin en etkili yolu<\/p>\r\n    <a class=\"promotionalLink\" href=\"https:\/\/app.talkpal.ai\/tr\/signup?lng=\">Talkpal \u00fccretsiz deneyin<\/a>\r\n<\/section>\n<div class=\"wp-block-group pageContainerStyle\"><div class=\"wp-block-group__inner-container is-layout-constrained wp-block-group-is-layout-constrained\">\n<h2 class=\"wp-block-heading\" id=\"h-marathi-grammar-topics\">Marathi Dilbilgisi Konular\u0131<\/h2>\n\n\n\n<p>Bir Hint-Aryan dili olan Marathi, a\u011f\u0131rl\u0131kl\u0131 olarak Hindistan&#8217;\u0131n Maharashtra eyaletinde konu\u015fulur ve b\u00f6lgenin resmi dilidir. Marathi \u00f6\u011frenmek, zengin bir k\u00fclt\u00fcr, tarih ve edebiyat\u0131n kap\u0131s\u0131n\u0131 a\u00e7t\u0131\u011f\u0131 i\u00e7in zenginle\u015ftirici bir deneyim olabilir. Marathi&#8217;yi etkili bir \u015fekilde \u00f6\u011frenmek i\u00e7in dilbilgisi, kelime bilgisi ve telaffuz gibi dilin \u00e7e\u015fitli y\u00f6nlerine odaklanan yap\u0131land\u0131r\u0131lm\u0131\u015f bir yakla\u015f\u0131ma sahip olmak \u00f6nemlidir. Bu makale, zamanlar, fiiller, isimlerden ba\u015flayarak ve ko\u015fullular ve edatlar gibi daha geli\u015fmi\u015f kavramlara ge\u00e7erek <a href=\"https:\/\/talkpal.ai\/marathi-grammar\/\">Marathi dilbilgisi<\/a> konular\u0131n\u0131 \u00f6\u011frenme dizisinde size rehberlik edecektir.<\/p>\n\n\n\n<h3 class=\"wp-block-heading\" id=\"h-1-tenses\">1. Zamanlar:<\/h3>\n\n\n\n<p>Zamanlar, zamanla ilgili eylemleri veya durumlar\u0131 ifade etmeye yard\u0131mc\u0131 olduklar\u0131 i\u00e7in herhangi bir dilin bel kemi\u011fidir. Marathi&#8217;de ge\u00e7mi\u015f, \u015fimdiki zaman ve gelecek olmak \u00fczere \u00fc\u00e7 temel zaman vard\u0131r. Her zaman, eylemin t\u00fcr\u00fcne (basit, s\u00fcrekli, m\u00fckemmel veya m\u00fckemmel s\u00fcrekli) ba\u011fl\u0131 olarak farkl\u0131 bi\u00e7imlere sahiptir. Basit zamanlar\u0131 \u00f6\u011frenerek ba\u015flay\u0131n ve ard\u0131ndan daha karma\u015f\u0131k olanlara ge\u00e7in.<\/p>\n\n\n\n<h3 class=\"wp-block-heading\" id=\"h-2-tense-comparison\">2. Gergin Kar\u015f\u0131la\u015ft\u0131rma:<\/h3>\n\n\n\n<p>Temel zamanlar\u0131 anlad\u0131ktan sonra, bunlar\u0131 nas\u0131l kar\u015f\u0131la\u015ft\u0131raca\u011f\u0131n\u0131z\u0131 \u00f6\u011frenmek \u00e7ok \u00f6nemlidir. Zaman kar\u015f\u0131la\u015ft\u0131rmas\u0131, ayn\u0131 anda veya farkl\u0131 zaman dilimlerinde meydana gelen birden fazla eylem veya olay hakk\u0131nda konu\u015fman\u0131z\u0131 sa\u011flar. Bu, karma\u015f\u0131k c\u00fcmleler kurmaya ve daha geni\u015f bir fikir yelpazesini ifade etmeye yard\u0131mc\u0131 olur.<\/p>\n\n\n\n<h3 class=\"wp-block-heading\" id=\"h-3-verbs\">3. Fiiller:<\/h3>\n\n\n\n<p>Fiiller, bir c\u00fcmledeki bir eylemi veya durumu temsil eden eylem s\u00f6zc\u00fckleridir. Marathi&#8217;de fiiller zaman, y\u00f6n, ruh hali ve sesi belirtmek i\u00e7in \u00e7ekilir. C\u00fcmle kurma becerilerinizi geli\u015ftirmek i\u00e7in temel fiil \u00e7ekim kurallar\u0131n\u0131 ve \u00e7e\u015fitli fiil bi\u00e7imlerini \u00f6\u011frenin.<\/p>\n\n\n\n<h3 class=\"wp-block-heading\" id=\"h-4-nouns\">4. \u0130simler:<\/h3>\n\n\n\n<p>\u0130simler insanlar\u0131, yerleri, \u015feyleri veya fikirleri temsil eden kelimelerdir. Marathi isimlerinin bir cinsiyeti (eril, di\u015fil veya n\u00f6tr) vard\u0131r ve say\u0131 (tekil veya \u00e7o\u011ful) ve b\u00fcy\u00fck\/k\u00fc\u00e7\u00fck harf (do\u011frudan, e\u011fik veya iyelik) i\u00e7in \u00e7ekilir. Farkl\u0131 isim formlar\u0131n\u0131 ve c\u00fcmle i\u00e7indeki kullan\u0131mlar\u0131n\u0131 \u00f6\u011frenin.<\/p>\n\n\n\n<h3 class=\"wp-block-heading\" id=\"h-5-articles\">5. Makaleler:<\/h3>\n\n\n\n<p>Marathi dilinde &#8216;a&#8217;, &#8216;an&#8217; ya da &#8216;the&#8217; gibi artikeller yoktur. Bununla birlikte, benzer bir amaca hizmet eden i\u015faret zamirleri ve belirleyiciler vard\u0131r. Bir c\u00fcmledeki isimleri belirtmek veya tan\u0131mlamak i\u00e7in bu zamirleri ve belirleyicileri nas\u0131l kullanaca\u011f\u0131n\u0131z\u0131 \u00f6\u011frenin.<\/p>\n\n\n\n<h3 class=\"wp-block-heading\" id=\"h-6-pronouns-determiners\">6. Zamirler\/Belirleyiciler:<\/h3>\n\n\n\n<p>Zamirler, tekrardan ka\u00e7\u0131nmak i\u00e7in isimlerin yerini al\u0131rken, belirleyiciler isimlerin anlam\u0131n\u0131 belirtir veya s\u0131n\u0131rlar. Marathi&#8217;de zamirler ve belirleyiciler, de\u011fi\u015ftirdikleri veya de\u011fi\u015ftirdikleri isimle cinsiyet ve say\u0131 konusunda hemfikirdir. C\u00fcmle yap\u0131n\u0131z\u0131 geli\u015ftirmek i\u00e7in \u00e7e\u015fitli bi\u00e7imleri ve uygun kullan\u0131mlar\u0131n\u0131 \u00f6\u011frenin.<\/p>\n\n\n\n<h3 class=\"wp-block-heading\" id=\"h-7-adjectives\">7. S\u0131fatlar:<\/h3>\n\n\n\n<p>S\u0131fatlar, isimleri tan\u0131mlar veya de\u011fi\u015ftirir, nitelikleri veya nitelikleri hakk\u0131nda ek bilgi sa\u011flar. Marathi&#8217;de s\u0131fatlar, de\u011fi\u015ftirdikleri isimle cinsiyet ve say\u0131 bak\u0131m\u0131ndan hemfikirdir. \u00c7e\u015fitli s\u0131fat bi\u00e7imlerini ve c\u00fcmle i\u00e7inde do\u011fru kullan\u0131mlar\u0131n\u0131 \u00f6\u011frenin.<\/p>\n\n\n\n<h3 class=\"wp-block-heading\" id=\"h-8-adverbs\">8. Zarflar:<\/h3>\n\n\n\n<p>Zarflar, fiiller, s\u0131fatlar veya di\u011fer zarflar hakk\u0131nda ek bilgi sa\u011flayarak bir \u015feyin nas\u0131l, ne zaman, nerede veya ne \u00f6l\u00e7\u00fcde oldu\u011funu a\u00e7\u0131klar. Dil becerilerinizi geli\u015ftirmek i\u00e7in farkl\u0131 zarf t\u00fcrlerini ve bunlar\u0131n c\u00fcmle i\u00e7indeki yerle\u015fimlerini \u00f6\u011frenin.<\/p>\n\n\n\n<h3 class=\"wp-block-heading\" id=\"h-9-conditionals\">9. Ko\u015fullar:<\/h3>\n\n\n\n<p>Ko\u015fullar, varsay\u0131msal durumlar\u0131 veya ko\u015fullar\u0131 ve bunlar\u0131n olas\u0131 sonu\u00e7lar\u0131n\u0131 ifade eder. Marathi&#8217;de \u00fc\u00e7 t\u00fcr ko\u015ful vard\u0131r &#8211; ger\u00e7ek, ger\u00e7ek d\u0131\u015f\u0131 ve kar\u0131\u015f\u0131k. Karma\u015f\u0131k fikirleri ve durumlar\u0131 ifade etmek i\u00e7in her t\u00fcr\u00fcn yap\u0131s\u0131n\u0131 ve kullan\u0131m\u0131n\u0131 \u00f6\u011frenin.<\/p>\n\n\n\n<h3 class=\"wp-block-heading\" id=\"h-10-prepositions\">10. Edatlar:<\/h3>\n\n\n\n<p>Edatlar, isimler (veya zamirler) ile bir c\u00fcmledeki di\u011fer kelimeler aras\u0131ndaki ili\u015fkiyi g\u00f6steren kelimelerdir. Konum, y\u00f6n, zaman veya di\u011fer ili\u015fkileri g\u00f6sterirler. Marathi&#8217;deki yayg\u0131n edatlar\u0131 ve c\u00fcmle i\u00e7indeki kullan\u0131mlar\u0131n\u0131 \u00f6\u011frenin.<\/p>\n\n\n\n<h3 class=\"wp-block-heading\" id=\"h-11-sentences\">11. C\u00fcmleler:<\/h3>\n\n\n\n<p>Son olarak, \u00f6\u011frendi\u011finiz dilbilgisi kurallar\u0131n\u0131 ve kelimeleri kullanarak basit ve karma\u015f\u0131k c\u00fcmleler kurma al\u0131\u015ft\u0131rmas\u0131 yap\u0131n. C\u00fcmle yap\u0131s\u0131na odaklan\u0131n.<\/p>\n<\/div><\/div>\n\r\n<section class=\"learnNavigationSection\">\r\n            \r\n        <a href=\"https:\/\/talkpal.ai\/tr\/marathi-ogren\/\">\r\n            <div class=\"learnNavigationWrapper\">\r\n                <div class=\"learnNavigationContent\">\r\n                    <img decoding=\"async\" src=\"https:\/\/talkpal.ai\/wp-content\/uploads\/2023\/05\/Marathi-india.png\" alt=\"TalkPal Marathi Flag\">\r\n                    <div>\r\n                        <h4>Marathi Learning Hakk\u0131nda<\/h4>\r\n                        <p>Marathi dilbilgisi hakk\u0131nda her \u015feyi \u00f6\u011frenin .<\/p>\r\n                    <\/div>\r\n                <\/div>\r\n            <\/div>\r\n        <\/a>\r\n\r\n        \r\n        <a href=\"https:\/\/talkpal.ai\/tr\/marathi-dilbilgisi\/\">\r\n            <div class=\"learnNavigationWrapper\">\r\n                <div class=\"learnNavigationContent\">\r\n                    <img decoding=\"async\" src=\"https:\/\/talkpal.ai\/wp-content\/uploads\/2023\/05\/Marathi-india.png\" alt=\"TalkPal Marathi Flag\">\r\n                    <div>\r\n                        <h4>Marathi Dilbilgisi Dersleri<\/h4>\r\n                        <p>Marathi dilbilgisi al\u0131\u015ft\u0131rmas\u0131 yap\u0131n .<\/p>\r\n                    <\/div>\r\n                <\/div>\r\n            <\/div>\r\n        <\/a>\r\n\r\n        \r\n        <a href=\"https:\/\/talkpal.ai\/vocabulary_language\/marathi\/\">\r\n            <div class=\"learnNavigationWrapper\">\r\n                <div class=\"learnNavigationContent\">\r\n                    <img decoding=\"async\" src=\"https:\/\/talkpal.ai\/wp-content\/uploads\/2023\/05\/Marathi-india.png\" alt=\"TalkPal Marathi Flag\">\r\n                    <div>\r\n                        <h4>Marathi S\u00f6zc\u00fck Da\u011farc\u0131\u011f\u0131<\/h4>\r\n                        <p>Marathi kelime da\u011farc\u0131\u011f\u0131n\u0131z\u0131 geni\u015fletin.<\/p>\r\n                    <\/div>\r\n                <\/div>\r\n            <\/div>\r\n        <\/a>\r\n\r\n            <\/section>","protected":false},"excerpt":{"rendered":"<p>Marathi Dilbilgisi Konular\u0131 Bir Hint-Aryan dili olan Marathi, a\u011f\u0131rl\u0131kl\u0131 olarak Hindistan&#8217;\u0131n Maharashtra eyaletinde konu\u015fulur ve b\u00f6lgenin resmi dilidir. Marathi \u00f6\u011frenmek, zengin bir k\u00fclt\u00fcr, tarih ve edebiyat\u0131n kap\u0131s\u0131n\u0131 a\u00e7t\u0131\u011f\u0131 i\u00e7in zenginle\u015ftirici bir deneyim olabilir. Marathi&#8217;yi etkili bir \u015fekilde \u00f6\u011frenmek i\u00e7in dilbilgisi, kelime bilgisi ve telaffuz gibi dilin \u00e7e\u015fitli y\u00f6nlerine odaklanan yap\u0131land\u0131r\u0131lm\u0131\u015f bir yakla\u015f\u0131ma sahip olmak \u00f6nemlidir. [&hellip;]<\/p>\n","protected":false},"author":6,"featured_media":116346,"parent":0,"menu_order":0,"comment_status":"closed","ping_status":"closed","template":"LearningContentPage.php","meta":{"_acf_changed":false,"footnotes":""},"class_list":["post-159242","page","type-page","status-publish","has-post-thumbnail","hentry"],"acf":[],"yoast_head":"<!-- This site is optimized with the Yoast SEO Premium plugin v27.2 (Yoast SEO v27.2) - https:\/\/yoast.com\/product\/yoast-seo-premium-wordpress\/ -->\n<title>Marathi Dilbilgisi Al\u0131\u015ft\u0131rmalar\u0131 - Talkpal<\/title>\n<meta name=\"description\" content=\"Her seviyeden \u00f6\u011frenci i\u00e7in tasarlanm\u0131\u015f ilgi \u00e7ekici Marathi dilbilgisi al\u0131\u015ft\u0131rmalar\u0131 ile Marathi dil becerilerinizi geli\u015ftirin.\" \/>\n<meta name=\"robots\" content=\"index, follow, max-snippet:-1, max-image-preview:large, max-video-preview:-1\" \/>\n<link rel=\"canonical\" href=\"https:\/\/talkpal.ai\/tr\/marathi-dilbilgisi-alistirmalari\/\" \/>\n<meta property=\"og:locale\" content=\"tr_TR\" \/>\n<meta property=\"og:type\" content=\"article\" \/>\n<meta property=\"og:title\" content=\"Marathi Dilbilgisi Al\u0131\u015ft\u0131rmalar\u0131\" \/>\n<meta property=\"og:description\" content=\"Marathi Dilbilgisi Konular\u0131 Bir Hint-Aryan dili olan Marathi, a\u011f\u0131rl\u0131kl\u0131 olarak Hindistan&#039;\u0131n Maharashtra eyaletinde konu\u015fulur ve b\u00f6lgenin resmi dilidir.\" \/>\n<meta property=\"og:url\" content=\"https:\/\/talkpal.ai\/tr\/marathi-dilbilgisi-alistirmalari\/\" \/>\n<meta property=\"og:site_name\" content=\"Talkpal\" \/>\n<meta property=\"article:publisher\" content=\"https:\/\/www.facebook.com\/profile.php?id=100090733639311\" \/>\n<meta property=\"article:modified_time\" content=\"2025-12-17T15:24:08+00:00\" \/>\n<meta property=\"og:image\" content=\"https:\/\/talkpal.ai\/wp-content\/uploads\/2023\/05\/Marathi-india.png\" \/>\n\t<meta property=\"og:image:width\" content=\"512\" \/>\n\t<meta property=\"og:image:height\" content=\"512\" \/>\n\t<meta property=\"og:image:type\" content=\"image\/png\" \/>\n<meta name=\"twitter:card\" content=\"summary_large_image\" \/>\n<meta name=\"twitter:site\" content=\"@talkpalai\" \/>\n<meta name=\"twitter:label1\" content=\"Tahmini okuma s\u00fcresi\" \/>\n\t<meta name=\"twitter:data1\" content=\"3 dakika\" \/>\n<script type=\"application\/ld+json\" class=\"yoast-schema-graph\">{\"@context\":\"https:\/\/schema.org\",\"@graph\":[{\"@type\":\"WebPage\",\"@id\":\"https:\/\/talkpal.ai\/tr\/marathi-dilbilgisi-alistirmalari\/\",\"url\":\"https:\/\/talkpal.ai\/tr\/marathi-dilbilgisi-alistirmalari\/\",\"name\":\"Marathi Dilbilgisi Al\u0131\u015ft\u0131rmalar\u0131 - Talkpal\",\"isPartOf\":{\"@id\":\"https:\/\/talkpal.ai\/tr\/#website\"},\"primaryImageOfPage\":{\"@id\":\"https:\/\/talkpal.ai\/tr\/marathi-dilbilgisi-alistirmalari\/#primaryimage\"},\"image\":{\"@id\":\"https:\/\/talkpal.ai\/tr\/marathi-dilbilgisi-alistirmalari\/#primaryimage\"},\"thumbnailUrl\":\"https:\/\/talkpal.ai\/wp-content\/uploads\/2023\/05\/Marathi-india.png\",\"datePublished\":\"2023-06-22T08:37:16+00:00\",\"dateModified\":\"2025-12-17T15:24:08+00:00\",\"description\":\"Her seviyeden \u00f6\u011frenci i\u00e7in tasarlanm\u0131\u015f ilgi \u00e7ekici Marathi dilbilgisi al\u0131\u015ft\u0131rmalar\u0131 ile Marathi dil becerilerinizi geli\u015ftirin.\",\"breadcrumb\":{\"@id\":\"https:\/\/talkpal.ai\/tr\/marathi-dilbilgisi-alistirmalari\/#breadcrumb\"},\"inLanguage\":\"tr\",\"potentialAction\":[{\"@type\":\"ReadAction\",\"target\":[\"https:\/\/talkpal.ai\/tr\/marathi-dilbilgisi-alistirmalari\/\"]}]},{\"@type\":\"ImageObject\",\"inLanguage\":\"tr\",\"@id\":\"https:\/\/talkpal.ai\/tr\/marathi-dilbilgisi-alistirmalari\/#primaryimage\",\"url\":\"https:\/\/talkpal.ai\/wp-content\/uploads\/2023\/05\/Marathi-india.png\",\"contentUrl\":\"https:\/\/talkpal.ai\/wp-content\/uploads\/2023\/05\/Marathi-india.png\",\"width\":512,\"height\":512},{\"@type\":\"BreadcrumbList\",\"@id\":\"https:\/\/talkpal.ai\/tr\/marathi-dilbilgisi-alistirmalari\/#breadcrumb\",\"itemListElement\":[{\"@type\":\"ListItem\",\"position\":1,\"name\":\"Homepage\",\"item\":\"https:\/\/talkpal.ai\/tr\/\"},{\"@type\":\"ListItem\",\"position\":2,\"name\":\"Marathi Dilbilgisi Al\u0131\u015ft\u0131rmalar\u0131\"}]},{\"@type\":\"WebSite\",\"@id\":\"https:\/\/talkpal.ai\/tr\/#website\",\"url\":\"https:\/\/talkpal.ai\/tr\/\",\"name\":\"Talkpal\",\"description\":\"AI Language Learning\",\"publisher\":{\"@id\":\"https:\/\/talkpal.ai\/tr\/#organization\"},\"alternateName\":\"Talkpal AI\",\"potentialAction\":[{\"@type\":\"SearchAction\",\"target\":{\"@type\":\"EntryPoint\",\"urlTemplate\":\"https:\/\/talkpal.ai\/tr\/?s={search_term_string}\"},\"query-input\":{\"@type\":\"PropertyValueSpecification\",\"valueRequired\":true,\"valueName\":\"search_term_string\"}}],\"inLanguage\":\"tr\"},{\"@type\":\"Organization\",\"@id\":\"https:\/\/talkpal.ai\/tr\/#organization\",\"name\":\"Talkpal, Inc.\",\"alternateName\":\"Talkpal AI\",\"url\":\"https:\/\/talkpal.ai\/tr\/\",\"logo\":{\"@type\":\"ImageObject\",\"inLanguage\":\"tr\",\"@id\":\"https:\/\/talkpal.ai\/tr\/#\/schema\/logo\/image\/\",\"url\":\"https:\/\/talkpal.ai\/wp-content\/uploads\/2024\/03\/Talkpal-Logo-Icon.png\",\"contentUrl\":\"https:\/\/talkpal.ai\/wp-content\/uploads\/2024\/03\/Talkpal-Logo-Icon.png\",\"width\":2880,\"height\":2880,\"caption\":\"Talkpal, Inc.\"},\"image\":{\"@id\":\"https:\/\/talkpal.ai\/tr\/#\/schema\/logo\/image\/\"},\"sameAs\":[\"https:\/\/www.facebook.com\/profile.php?id=100090733639311\",\"https:\/\/x.com\/talkpalai\",\"https:\/\/www.linkedin.com\/company\/talkpal\/\",\"https:\/\/www.youtube.com\/@TalkPal\/\",\"https:\/\/www.tiktok.com\/@talkpal\",\"https:\/\/www.instagram.com\/talkpal_ai\/\",\"https:\/\/www.crunchbase.com\/organization\/talkpal-9cde\",\"https:\/\/www.g2.com\/products\/talkpal-for-business\/\",\"https:\/\/www.trustpilot.com\/review\/talkpal.ai\",\"https:\/\/www.capterra.com\/p\/10006800\/TalkPal\/\"],\"description\":\"Talkpal is a language learning web and mobile education app, powered by the latest AI technologies, that provides engaging experiences to its customers in many different languages to help them improve their language skills. Users can chat about unlimited amount of topics with the app and use other modes to practice their language learning.\",\"email\":\"support@talkpal.ai\",\"legalName\":\"Talkpal, Inc.\",\"foundingDate\":\"2023-04-03\",\"duns\":\"118989042\",\"numberOfEmployees\":{\"@type\":\"QuantitativeValue\",\"minValue\":\"11\",\"maxValue\":\"50\"},\"publishingPrinciples\":\"https:\/\/talkpal.ai\/publishing-principles\/\",\"actionableFeedbackPolicy\":\"https:\/\/talkpal.ai\/actionable-feedback-policy\/\",\"correctionsPolicy\":\"https:\/\/talkpal.ai\/corrections-policy\/\",\"ethicsPolicy\":\"https:\/\/talkpal.ai\/ethics-policy\/\",\"diversityPolicy\":\"https:\/\/talkpal.ai\/diversity-policy\/\",\"diversityStaffingReport\":\"https:\/\/talkpal.ai\/diversity-policy\/\"}]}<\/script>\n<!-- \/ Yoast SEO Premium plugin. -->","yoast_head_json":{"title":"Marathi Dilbilgisi Al\u0131\u015ft\u0131rmalar\u0131 - Talkpal","description":"Her seviyeden \u00f6\u011frenci i\u00e7in tasarlanm\u0131\u015f ilgi \u00e7ekici Marathi dilbilgisi al\u0131\u015ft\u0131rmalar\u0131 ile Marathi dil becerilerinizi geli\u015ftirin.","robots":{"index":"index","follow":"follow","max-snippet":"max-snippet:-1","max-image-preview":"max-image-preview:large","max-video-preview":"max-video-preview:-1"},"canonical":"https:\/\/talkpal.ai\/tr\/marathi-dilbilgisi-alistirmalari\/","og_locale":"tr_TR","og_type":"article","og_title":"Marathi Dilbilgisi Al\u0131\u015ft\u0131rmalar\u0131","og_description":"Marathi Dilbilgisi Konular\u0131 Bir Hint-Aryan dili olan Marathi, a\u011f\u0131rl\u0131kl\u0131 olarak Hindistan'\u0131n Maharashtra eyaletinde konu\u015fulur ve b\u00f6lgenin resmi dilidir.","og_url":"https:\/\/talkpal.ai\/tr\/marathi-dilbilgisi-alistirmalari\/","og_site_name":"Talkpal","article_publisher":"https:\/\/www.facebook.com\/profile.php?id=100090733639311","article_modified_time":"2025-12-17T15:24:08+00:00","og_image":[{"width":512,"height":512,"url":"https:\/\/talkpal.ai\/wp-content\/uploads\/2023\/05\/Marathi-india.png","type":"image\/png"}],"twitter_card":"summary_large_image","twitter_site":"@talkpalai","twitter_misc":{"Tahmini okuma s\u00fcresi":"3 dakika"},"schema":{"@context":"https:\/\/schema.org","@graph":[{"@type":"WebPage","@id":"https:\/\/talkpal.ai\/tr\/marathi-dilbilgisi-alistirmalari\/","url":"https:\/\/talkpal.ai\/tr\/marathi-dilbilgisi-alistirmalari\/","name":"Marathi Dilbilgisi Al\u0131\u015ft\u0131rmalar\u0131 - Talkpal","isPartOf":{"@id":"https:\/\/talkpal.ai\/tr\/#website"},"primaryImageOfPage":{"@id":"https:\/\/talkpal.ai\/tr\/marathi-dilbilgisi-alistirmalari\/#primaryimage"},"image":{"@id":"https:\/\/talkpal.ai\/tr\/marathi-dilbilgisi-alistirmalari\/#primaryimage"},"thumbnailUrl":"https:\/\/talkpal.ai\/wp-content\/uploads\/2023\/05\/Marathi-india.png","datePublished":"2023-06-22T08:37:16+00:00","dateModified":"2025-12-17T15:24:08+00:00","description":"Her seviyeden \u00f6\u011frenci i\u00e7in tasarlanm\u0131\u015f ilgi \u00e7ekici Marathi dilbilgisi al\u0131\u015ft\u0131rmalar\u0131 ile Marathi dil becerilerinizi geli\u015ftirin.","breadcrumb":{"@id":"https:\/\/talkpal.ai\/tr\/marathi-dilbilgisi-alistirmalari\/#breadcrumb"},"inLanguage":"tr","potentialAction":[{"@type":"ReadAction","target":["https:\/\/talkpal.ai\/tr\/marathi-dilbilgisi-alistirmalari\/"]}]},{"@type":"ImageObject","inLanguage":"tr","@id":"https:\/\/talkpal.ai\/tr\/marathi-dilbilgisi-alistirmalari\/#primaryimage","url":"https:\/\/talkpal.ai\/wp-content\/uploads\/2023\/05\/Marathi-india.png","contentUrl":"https:\/\/talkpal.ai\/wp-content\/uploads\/2023\/05\/Marathi-india.png","width":512,"height":512},{"@type":"BreadcrumbList","@id":"https:\/\/talkpal.ai\/tr\/marathi-dilbilgisi-alistirmalari\/#breadcrumb","itemListElement":[{"@type":"ListItem","position":1,"name":"Homepage","item":"https:\/\/talkpal.ai\/tr\/"},{"@type":"ListItem","position":2,"name":"Marathi Dilbilgisi Al\u0131\u015ft\u0131rmalar\u0131"}]},{"@type":"WebSite","@id":"https:\/\/talkpal.ai\/tr\/#website","url":"https:\/\/talkpal.ai\/tr\/","name":"Talkpal","description":"AI Language Learning","publisher":{"@id":"https:\/\/talkpal.ai\/tr\/#organization"},"alternateName":"Talkpal AI","potentialAction":[{"@type":"SearchAction","target":{"@type":"EntryPoint","urlTemplate":"https:\/\/talkpal.ai\/tr\/?s={search_term_string}"},"query-input":{"@type":"PropertyValueSpecification","valueRequired":true,"valueName":"search_term_string"}}],"inLanguage":"tr"},{"@type":"Organization","@id":"https:\/\/talkpal.ai\/tr\/#organization","name":"Talkpal, Inc.","alternateName":"Talkpal AI","url":"https:\/\/talkpal.ai\/tr\/","logo":{"@type":"ImageObject","inLanguage":"tr","@id":"https:\/\/talkpal.ai\/tr\/#\/schema\/logo\/image\/","url":"https:\/\/talkpal.ai\/wp-content\/uploads\/2024\/03\/Talkpal-Logo-Icon.png","contentUrl":"https:\/\/talkpal.ai\/wp-content\/uploads\/2024\/03\/Talkpal-Logo-Icon.png","width":2880,"height":2880,"caption":"Talkpal, Inc."},"image":{"@id":"https:\/\/talkpal.ai\/tr\/#\/schema\/logo\/image\/"},"sameAs":["https:\/\/www.facebook.com\/profile.php?id=100090733639311","https:\/\/x.com\/talkpalai","https:\/\/www.linkedin.com\/company\/talkpal\/","https:\/\/www.youtube.com\/@TalkPal\/","https:\/\/www.tiktok.com\/@talkpal","https:\/\/www.instagram.com\/talkpal_ai\/","https:\/\/www.crunchbase.com\/organization\/talkpal-9cde","https:\/\/www.g2.com\/products\/talkpal-for-business\/","https:\/\/www.trustpilot.com\/review\/talkpal.ai","https:\/\/www.capterra.com\/p\/10006800\/TalkPal\/"],"description":"Talkpal is a language learning web and mobile education app, powered by the latest AI technologies, that provides engaging experiences to its customers in many different languages to help them improve their language skills. Users can chat about unlimited amount of topics with the app and use other modes to practice their language learning.","email":"support@talkpal.ai","legalName":"Talkpal, Inc.","foundingDate":"2023-04-03","duns":"118989042","numberOfEmployees":{"@type":"QuantitativeValue","minValue":"11","maxValue":"50"},"publishingPrinciples":"https:\/\/talkpal.ai\/publishing-principles\/","actionableFeedbackPolicy":"https:\/\/talkpal.ai\/actionable-feedback-policy\/","correctionsPolicy":"https:\/\/talkpal.ai\/corrections-policy\/","ethicsPolicy":"https:\/\/talkpal.ai\/ethics-policy\/","diversityPolicy":"https:\/\/talkpal.ai\/diversity-policy\/","diversityStaffingReport":"https:\/\/talkpal.ai\/diversity-policy\/"}]}},"_links":{"self":[{"href":"https:\/\/talkpal.ai\/tr\/wp-json\/wp\/v2\/pages\/159242","targetHints":{"allow":["GET"]}}],"collection":[{"href":"https:\/\/talkpal.ai\/tr\/wp-json\/wp\/v2\/pages"}],"about":[{"href":"https:\/\/talkpal.ai\/tr\/wp-json\/wp\/v2\/types\/page"}],"author":[{"embeddable":true,"href":"https:\/\/talkpal.ai\/tr\/wp-json\/wp\/v2\/users\/6"}],"replies":[{"embeddable":true,"href":"https:\/\/talkpal.ai\/tr\/wp-json\/wp\/v2\/comments?post=159242"}],"version-history":[{"count":0,"href":"https:\/\/talkpal.ai\/tr\/wp-json\/wp\/v2\/pages\/159242\/revisions"}],"wp:featuredmedia":[{"embeddable":true,"href":"https:\/\/talkpal.ai\/tr\/wp-json\/wp\/v2\/media\/116346"}],"wp:attachment":[{"href":"https:\/\/talkpal.ai\/tr\/wp-json\/wp\/v2\/media?parent=159242"}],"curies":[{"name":"wp","href":"https:\/\/api.w.org\/{rel}","templated":true}]}}