{"id":158958,"date":"2023-06-22T08:43:13","date_gmt":"2023-06-22T08:43:13","guid":{"rendered":"http:\/\/talkpal.ai\/maori-dilbilgisi-alistirmalari\/"},"modified":"2025-12-17T14:34:05","modified_gmt":"2025-12-17T14:34:05","slug":"maori-dilbilgisi-alistirmalari","status":"publish","type":"page","link":"https:\/\/talkpal.ai\/tr\/maori-dilbilgisi-alistirmalari\/","title":{"rendered":"Maori Dilbilgisi Al\u0131\u015ft\u0131rmalar\u0131"},"content":{"rendered":"\r\n\r\n\r\n<section class=\"languageChallengeSection\">\r\n    <div class=\"languageInfoWrapper\">\r\n        \r\n        <h1>Maori Dilbilgisi Al\u0131\u015ft\u0131rmalar\u0131<\/h1>\r\n        <p><a href=\"https:\/\/talkpal.ai\/culture\/how-do-i-start-learning-te-reo-maori-as-a-beginner\/\">Te reo M\u0101ori<\/a> becerilerinizi g\u00fc\u00e7lendirmek mi istiyorsunuz? Dilbilgisi al\u0131\u015ft\u0131rmalar\u0131 yapmak, c\u00fcmle yap\u0131s\u0131n\u0131, fiil bi\u00e7imlerini ve dilin temel kal\u0131plar\u0131n\u0131 anlamak i\u00e7in harika bir yoldur. M\u0101ori dilbilgisini ke\u015ffetmeye bug\u00fcn ba\u015flay\u0131n ve her yeni al\u0131\u015ft\u0131rmada kendinize olan g\u00fcveninizin ve yetene\u011finizin artmas\u0131n\u0131 izleyin!<\/p>\r\n\r\n                            <a class=\"getStartedHidden\" href=\"https:\/\/app.talkpal.ai\/tr\/signup?lng=\">Hadi ba\u015fla<\/a>\r\n        \r\n    <\/div>\r\n\r\n    <figure>\r\n    <img decoding=\"async\" width=\"768\" height=\"768\" src=\"https:\/\/talkpal.ai\/wp-content\/uploads\/2023\/06\/maori-768x768.png\" class=\"languageImage no-lazy\" alt=\"Language learning for social and professional settings\" fetchpriority=\"high\" sizes=\"(max-width: 768px) 150px, 768px\" srcset=\"https:\/\/talkpal.ai\/wp-content\/uploads\/2023\/06\/maori-768x768.png 768w, https:\/\/talkpal.ai\/wp-content\/uploads\/2023\/06\/maori-300x300.png 300w\" \/>\r\n    \r\n\r\n    <\/figure>\r\n\r\n            <a class=\"getStartedVisible\" href=\"https:\/\/app.talkpal.ai\/tr\/signup?lng=\">Hadi ba\u015fla<\/a>\r\n    \r\n<\/section>\r\n\r\n\r\n<!-- <section class=\"grammarSection\">\r\n    <div class=\"grammarLinks\">\r\n            <\/div>\r\n<\/section> -->\r\n\r\n\r\n\r\n\r\n<section class=\"promotionalBanner\">\r\n    <p class=\"promotionalText\">Dil \u00f6\u011frenmenin en etkili yolu<\/p>\r\n    <a class=\"promotionalLink\" href=\"https:\/\/app.talkpal.ai\/tr\/signup?lng=\">Talkpal \u00fccretsiz deneyin<\/a>\r\n<\/section>\n<div class=\"wp-block-group pageContainerStyle\"><div class=\"wp-block-group__inner-container is-layout-constrained wp-block-group-is-layout-constrained\">\n<h2 class=\"wp-block-heading\" id=\"h-maori-grammar-topics\">Maori Dilbilgisi Konular\u0131<\/h2>\n\n\n\n<p>Te reo M\u0101ori olarak bilinen <a href=\"https:\/\/talkpal.ai\/learn-maori\/\">Maori<\/a> dili, Yeni Zelanda&#8217;ya \u00f6zg\u00fc bir Do\u011fu Polinezya dilidir. \u00dclkenin resmi dili olarak zengin bir k\u00fclt\u00fcrel miras ve benzersiz dil \u00f6zellikleri ta\u015f\u0131r. Maori dilbilgisini \u00f6\u011frenmek, dili etkili bir \u015fekilde anlamak ve ileti\u015fim kurmak i\u00e7in \u00e7ok \u00f6nemlidir. Bu k\u0131lavuz, \u00f6\u011frenme s\u00fcrecinizi kolayla\u015ft\u0131rmak i\u00e7in tasarlanm\u0131\u015f bir s\u0131rayla d\u00fczenlenmi\u015f \u00f6nemli <a href=\"https:\/\/talkpal.ai\/maori-grammar\/\">Maori dilbilgisi<\/a> konular\u0131na genel bir bak\u0131\u015f sa\u011flar. Zaman ve fiillerden s\u0131fatlara ve edatlara kadar bu k\u0131lavuz, Maori dilbilgisinin temel unsurlar\u0131n\u0131 kavraman\u0131za ve <a href=\"https:\/\/talkpal.ai\/tr\/talkpal-chat-ile-dil-nasil-ogrenilir\/\">dil \u00f6\u011frenme<\/a> yolculu\u011funuza ba\u015flaman\u0131za yard\u0131mc\u0131 olacakt\u0131r.<\/p>\n\n\n\n<h3 class=\"wp-block-heading\" id=\"h-1-tenses\">1. Zamanlar:<\/h3>\n\n\n\n<p>Maori&#8217;de iki ana zaman vard\u0131r &#8211; ge\u00e7mi\u015f ve ge\u00e7mi\u015f olmayan. Ge\u00e7mi\u015f zaman, daha \u00f6nce ger\u00e7ekle\u015fmi\u015f eylemleri veya olaylar\u0131 g\u00f6sterirken, ge\u00e7mi\u015f zaman olmayan zaman hem \u015fimdiki hem de gelecekteki eylemleri kapsar. Bu zamanlar\u0131 anlamak, c\u00fcmle kurmak ve anlam\u0131 do\u011fru bir \u015fekilde iletmek i\u00e7in \u00e7ok \u00f6nemlidir.<\/p>\n\n\n\n<h3 class=\"wp-block-heading\" id=\"h-2-tense-comparison\">2. Gergin Kar\u015f\u0131la\u015ft\u0131rma:<\/h3>\n\n\n\n<p>Maori dilinde zamanlar\u0131 kar\u015f\u0131la\u015ft\u0131r\u0131rken, farkl\u0131 zamanlar\u0131 kullanarak nas\u0131l c\u00fcmle kurulaca\u011f\u0131n\u0131 anlamak ve bunlar aras\u0131nda uygun kar\u015f\u0131la\u015ft\u0131rmalar yapmak \u00e7ok \u00f6nemlidir. Bu bilgi, eylemleri ve olaylar\u0131 \u00e7e\u015fitli zamansal ba\u011flamlarda ifade etmenize yard\u0131mc\u0131 olacakt\u0131r.<\/p>\n\n\n\n<h3 class=\"wp-block-heading\" id=\"h-3-progressive\">3. A\u015famal\u0131:<\/h3>\n\n\n\n<p>Maori&#8217;deki ilerici y\u00f6n, devam eden veya s\u00fcrekli eylemleri g\u00f6sterir. \u0130lerici y\u00f6n\u00fc nas\u0131l kullanaca\u011f\u0131n\u0131z\u0131 \u00f6\u011frenmek, \u015fu anda ger\u00e7ekle\u015fen eylemleri tan\u0131mlaman\u0131za ve ileti\u015fiminize derinlik katman\u0131za olanak tan\u0131r.<\/p>\n\n\n\n<h3 class=\"wp-block-heading\" id=\"h-4-perfect-progressive\">4. M\u00fckemmel \u0130lerici:<\/h3>\n\n\n\n<p>M\u00fckemmel ilerici y\u00f6n, hem m\u00fckemmel hem de ilerici y\u00f6nlerin unsurlar\u0131n\u0131 birle\u015ftirerek, devam eden ancak \u015fimdi tamamlanm\u0131\u015f eylemleri g\u00f6sterir. Bu y\u00f6ne hakim olmak, daha karma\u015f\u0131k fikirleri ve durumlar\u0131 iletmenize yard\u0131mc\u0131 olacakt\u0131r.<\/p>\n\n\n\n<h3 class=\"wp-block-heading\" id=\"h-5-verbs\">5. Fiiller:<\/h3>\n\n\n\n<p>Fiiller, c\u00fcmleler kurmak ve Maori dilinde eylemleri veya olma durumlar\u0131n\u0131 ifade etmek i\u00e7in \u00e7ok \u00f6nemlidir. Fiil \u00e7ekimlerine, yayg\u0131n fiillere ve bunlar\u0131n kullan\u0131m\u0131na a\u015fina olmak, etkili ileti\u015fim i\u00e7in \u00e7ok \u00f6nemlidir.<\/p>\n\n\n\n<h3 class=\"wp-block-heading\" id=\"h-6-nouns\">6. \u0130simler:<\/h3>\n\n\n\n<p>\u0130simler, insanlar\u0131, yerleri, \u015feyleri veya fikirleri temsil eden herhangi bir dilin temelidir. Maori isimlerini \u00f6\u011frenmek, kelime da\u011farc\u0131\u011f\u0131n\u0131z\u0131 geli\u015ftirmenize ve dil hakk\u0131ndaki genel anlay\u0131\u015f\u0131n\u0131z\u0131 geli\u015ftirmenize yard\u0131mc\u0131 olacakt\u0131r.<\/p>\n\n\n\n<h3 class=\"wp-block-heading\" id=\"h-7-articles\">7. Makaleler:<\/h3>\n\n\n\n<p>Maori, bir ismin kesinli\u011fini veya belirsizli\u011fini belirtmek i\u00e7in artikeller kullan\u0131r. Makalelerin kullan\u0131m\u0131n\u0131 anlamak, c\u00fcmleleri net ve kesin bir \u015fekilde kurman\u0131za yard\u0131mc\u0131 olacakt\u0131r.<\/p>\n\n\n\n<h3 class=\"wp-block-heading\" id=\"h-8-pronouns-determiners\">8. Zamirler\/Belirleyiciler:<\/h3>\n\n\n\n<p>Zamirler ve belirleyiciler, Maori dilbilgisinde hayati bir rol oynar ve bir ismin tan\u0131mlanmas\u0131na veya belirtilmesine yard\u0131mc\u0131 olur. Dil becerilerinizi geli\u015ftirmek i\u00e7in \u00e7e\u015fitli zamirler ve belirleyiciler hakk\u0131nda bilgi edinin.<\/p>\n\n\n\n<h3 class=\"wp-block-heading\" id=\"h-9-adjectives\">9. S\u0131fatlar:<\/h3>\n\n\n\n<p>S\u0131fatlar, isimlere a\u00e7\u0131klamalar, nitelikler veya nitelikler sa\u011flar. Maori s\u0131fatlar\u0131n\u0131 \u00f6\u011frenmek, daha ayr\u0131nt\u0131l\u0131 ve incelikli fikirleri ifade etmenizi sa\u011flayacakt\u0131r.<\/p>\n\n\n\n<h3 class=\"wp-block-heading\" id=\"h-10-adverbs\">10. Zarflar:<\/h3>\n\n\n\n<p>Zarflar fiilleri, s\u0131fatlar\u0131 veya di\u011fer zarflar\u0131 de\u011fi\u015ftirerek eylemler veya nitelikler hakk\u0131nda ek bilgi sa\u011flar. Maori zarflar\u0131na hakim olmak, anlam\u0131 daha etkili bir \u015fekilde aktarman\u0131za ve c\u00fcmlelerinize \u00e7e\u015fitlilik katman\u0131za yard\u0131mc\u0131 olacakt\u0131r.<\/p>\n\n\n\n<h3 class=\"wp-block-heading\" id=\"h-11-conditionals\">11. Ko\u015fullar:<\/h3>\n\n\n\n<p>Ko\u015fullar, Maori&#8217;de varsay\u0131msal durumlar\u0131 veya sonu\u00e7lar\u0131 ifade etmek i\u00e7in kullan\u0131l\u0131r. Ko\u015fullu formlar\u0131 anlamak, karma\u015f\u0131k fikirleri ve olas\u0131l\u0131klar\u0131 iletmenize yard\u0131mc\u0131 olacakt\u0131r.<\/p>\n\n\n\n<h3 class=\"wp-block-heading\" id=\"h-12-prepositions\">12. Edatlar:<\/h3>\n\n\n\n<p>Edatlar, konum, y\u00f6n veya zaman gibi kelimeler aras\u0131ndaki ili\u015fkileri belirtmek i\u00e7in gereklidir. Maori edatlar\u0131n\u0131 \u00f6\u011frenmek, daha karma\u015f\u0131k ve anlaml\u0131 c\u00fcmleler kurman\u0131za yard\u0131mc\u0131 olacakt\u0131r.<\/p>\n\n\n\n<h3 class=\"wp-block-heading\" id=\"h-13-sentences\">13. C\u00fcmleler:<\/h3>\n\n\n\n<p>Son olarak, Maori&#8217;de etkili ileti\u015fim i\u00e7in c\u00fcmle yap\u0131s\u0131n\u0131 ve kelime s\u0131ras\u0131n\u0131 anlamak \u00e7ok \u00f6nemlidir. \u00c7e\u015fitli c\u00fcmle kal\u0131plar\u0131n\u0131 tan\u0131y\u0131n ve bu k\u0131lavuzda ele al\u0131nan dilbilgisi konular\u0131n\u0131 kullanarak c\u00fcmle kurma al\u0131\u015ft\u0131rmas\u0131 yap\u0131n.<\/p>\n<\/div><\/div>\n\r\n<section class=\"learnNavigationSection\">\r\n            \r\n        <a href=\"https:\/\/talkpal.ai\/tr\/maori-dili-ogren\/\">\r\n            <div class=\"learnNavigationWrapper\">\r\n                <div class=\"learnNavigationContent\">\r\n                    <img decoding=\"async\" src=\"https:\/\/talkpal.ai\/wp-content\/uploads\/2024\/08\/Maori.jpg\" alt=\"New Zealand Flag\">\r\n                    <div>\r\n                        <h4>Maori Dilbilgisi Dersleri<\/h4>\r\n                        <p>Maori dilbilgisi hakk\u0131nda her \u015feyi \u00f6\u011frenin.<\/p>\r\n                    <\/div>\r\n                <\/div>\r\n            <\/div>\r\n        <\/a>\r\n\r\n        \r\n        <a href=\"https:\/\/talkpal.ai\/tr\/maori-dilbilgisi\/\">\r\n            <div class=\"learnNavigationWrapper\">\r\n                <div class=\"learnNavigationContent\">\r\n                    <img decoding=\"async\" src=\"https:\/\/talkpal.ai\/wp-content\/uploads\/2024\/08\/Maori.jpg\" alt=\"New Zealand Flag\">\r\n                    <div>\r\n                        <h4>Maori Dilbilgisi Dersleri<\/h4>\r\n                        <p>Maori dilbilgisi prati\u011fi yap\u0131n.<\/p>\r\n                    <\/div>\r\n                <\/div>\r\n            <\/div>\r\n        <\/a>\r\n\r\n        \r\n        <a href=\"https:\/\/talkpal.ai\/vocabulary_language\/maori\/\">\r\n            <div class=\"learnNavigationWrapper\">\r\n                <div class=\"learnNavigationContent\">\r\n                    <img decoding=\"async\" src=\"https:\/\/talkpal.ai\/wp-content\/uploads\/2024\/08\/Maori.jpg\" alt=\"New Zealand Flag\">\r\n                    <div>\r\n                        <h4>Maori S\u00f6zc\u00fck Da\u011farc\u0131\u011f\u0131<\/h4>\r\n                        <p>Maori kelime da\u011farc\u0131\u011f\u0131n\u0131z\u0131 geni\u015fletin.<\/p>\r\n                    <\/div>\r\n                <\/div>\r\n            <\/div>\r\n        <\/a>\r\n\r\n            <\/section>","protected":false},"excerpt":{"rendered":"<p>Maori Dilbilgisi Konular\u0131 Te reo M\u0101ori olarak bilinen Maori dili, Yeni Zelanda&#8217;ya \u00f6zg\u00fc bir Do\u011fu Polinezya dilidir. \u00dclkenin resmi dili olarak zengin bir k\u00fclt\u00fcrel miras ve benzersiz dil \u00f6zellikleri ta\u015f\u0131r. Maori dilbilgisini \u00f6\u011frenmek, dili etkili bir \u015fekilde anlamak ve ileti\u015fim kurmak i\u00e7in \u00e7ok \u00f6nemlidir. Bu k\u0131lavuz, \u00f6\u011frenme s\u00fcrecinizi kolayla\u015ft\u0131rmak i\u00e7in tasarlanm\u0131\u015f bir s\u0131rayla d\u00fczenlenmi\u015f \u00f6nemli [&hellip;]<\/p>\n","protected":false},"author":6,"featured_media":116613,"parent":0,"menu_order":0,"comment_status":"closed","ping_status":"closed","template":"LearningContentPage.php","meta":{"_acf_changed":false,"footnotes":""},"class_list":["post-158958","page","type-page","status-publish","has-post-thumbnail","hentry"],"acf":[],"yoast_head":"<!-- This site is optimized with the Yoast SEO Premium plugin v27.2 (Yoast SEO v27.2) - https:\/\/yoast.com\/product\/yoast-seo-premium-wordpress\/ -->\n<title>Maori Dilbilgisi Al\u0131\u015ft\u0131rmalar\u0131 - Talkpal<\/title>\n<meta name=\"description\" content=\"Maori dilindeki anlay\u0131\u015f\u0131n\u0131z\u0131 ve ak\u0131c\u0131l\u0131\u011f\u0131n\u0131z\u0131 art\u0131rmak i\u00e7in tasarlanm\u0131\u015f Maori Dilbilgisi Al\u0131\u015ft\u0131rmalar\u0131 ile dil becerilerinizi geli\u015ftirin.\" \/>\n<meta name=\"robots\" content=\"index, follow, max-snippet:-1, max-image-preview:large, max-video-preview:-1\" \/>\n<link rel=\"canonical\" href=\"https:\/\/talkpal.ai\/tr\/maori-dilbilgisi-alistirmalari\/\" \/>\n<meta property=\"og:locale\" content=\"tr_TR\" \/>\n<meta property=\"og:type\" content=\"article\" \/>\n<meta property=\"og:title\" content=\"Maori Dilbilgisi Al\u0131\u015ft\u0131rmalar\u0131\" \/>\n<meta property=\"og:description\" content=\"Maori Dilbilgisi Konular\u0131 Te reo M\u0101ori olarak bilinen Maori dili, Yeni Zelanda&#039;ya \u00f6zg\u00fc bir Do\u011fu Polinezya dilidir. \u00dclkenin resmi dili olarak zengin bir\" \/>\n<meta property=\"og:url\" content=\"https:\/\/talkpal.ai\/tr\/maori-dilbilgisi-alistirmalari\/\" \/>\n<meta property=\"og:site_name\" content=\"Talkpal\" \/>\n<meta property=\"article:publisher\" content=\"https:\/\/www.facebook.com\/profile.php?id=100090733639311\" \/>\n<meta property=\"article:modified_time\" content=\"2025-12-17T14:34:05+00:00\" \/>\n<meta property=\"og:image\" content=\"https:\/\/talkpal.ai\/wp-content\/uploads\/2023\/05\/Maori-new-zealand.png\" \/>\n\t<meta property=\"og:image:width\" content=\"512\" \/>\n\t<meta property=\"og:image:height\" content=\"512\" \/>\n\t<meta property=\"og:image:type\" content=\"image\/png\" \/>\n<meta name=\"twitter:card\" content=\"summary_large_image\" \/>\n<meta name=\"twitter:site\" content=\"@talkpalai\" \/>\n<meta name=\"twitter:label1\" content=\"Tahmini okuma s\u00fcresi\" \/>\n\t<meta name=\"twitter:data1\" content=\"3 dakika\" \/>\n<script type=\"application\/ld+json\" class=\"yoast-schema-graph\">{\"@context\":\"https:\/\/schema.org\",\"@graph\":[{\"@type\":\"WebPage\",\"@id\":\"https:\/\/talkpal.ai\/tr\/maori-dilbilgisi-alistirmalari\/\",\"url\":\"https:\/\/talkpal.ai\/tr\/maori-dilbilgisi-alistirmalari\/\",\"name\":\"Maori Dilbilgisi Al\u0131\u015ft\u0131rmalar\u0131 - Talkpal\",\"isPartOf\":{\"@id\":\"https:\/\/talkpal.ai\/tr\/#website\"},\"primaryImageOfPage\":{\"@id\":\"https:\/\/talkpal.ai\/tr\/maori-dilbilgisi-alistirmalari\/#primaryimage\"},\"image\":{\"@id\":\"https:\/\/talkpal.ai\/tr\/maori-dilbilgisi-alistirmalari\/#primaryimage\"},\"thumbnailUrl\":\"https:\/\/talkpal.ai\/wp-content\/uploads\/2023\/05\/Maori-new-zealand.png\",\"datePublished\":\"2023-06-22T08:43:13+00:00\",\"dateModified\":\"2025-12-17T14:34:05+00:00\",\"description\":\"Maori dilindeki anlay\u0131\u015f\u0131n\u0131z\u0131 ve ak\u0131c\u0131l\u0131\u011f\u0131n\u0131z\u0131 art\u0131rmak i\u00e7in tasarlanm\u0131\u015f Maori Dilbilgisi Al\u0131\u015ft\u0131rmalar\u0131 ile dil becerilerinizi geli\u015ftirin.\",\"breadcrumb\":{\"@id\":\"https:\/\/talkpal.ai\/tr\/maori-dilbilgisi-alistirmalari\/#breadcrumb\"},\"inLanguage\":\"tr\",\"potentialAction\":[{\"@type\":\"ReadAction\",\"target\":[\"https:\/\/talkpal.ai\/tr\/maori-dilbilgisi-alistirmalari\/\"]}]},{\"@type\":\"ImageObject\",\"inLanguage\":\"tr\",\"@id\":\"https:\/\/talkpal.ai\/tr\/maori-dilbilgisi-alistirmalari\/#primaryimage\",\"url\":\"https:\/\/talkpal.ai\/wp-content\/uploads\/2023\/05\/Maori-new-zealand.png\",\"contentUrl\":\"https:\/\/talkpal.ai\/wp-content\/uploads\/2023\/05\/Maori-new-zealand.png\",\"width\":512,\"height\":512},{\"@type\":\"BreadcrumbList\",\"@id\":\"https:\/\/talkpal.ai\/tr\/maori-dilbilgisi-alistirmalari\/#breadcrumb\",\"itemListElement\":[{\"@type\":\"ListItem\",\"position\":1,\"name\":\"Homepage\",\"item\":\"https:\/\/talkpal.ai\/tr\/\"},{\"@type\":\"ListItem\",\"position\":2,\"name\":\"Maori Dilbilgisi Al\u0131\u015ft\u0131rmalar\u0131\"}]},{\"@type\":\"WebSite\",\"@id\":\"https:\/\/talkpal.ai\/tr\/#website\",\"url\":\"https:\/\/talkpal.ai\/tr\/\",\"name\":\"Talkpal\",\"description\":\"AI Language Learning\",\"publisher\":{\"@id\":\"https:\/\/talkpal.ai\/tr\/#organization\"},\"alternateName\":\"Talkpal AI\",\"potentialAction\":[{\"@type\":\"SearchAction\",\"target\":{\"@type\":\"EntryPoint\",\"urlTemplate\":\"https:\/\/talkpal.ai\/tr\/?s={search_term_string}\"},\"query-input\":{\"@type\":\"PropertyValueSpecification\",\"valueRequired\":true,\"valueName\":\"search_term_string\"}}],\"inLanguage\":\"tr\"},{\"@type\":\"Organization\",\"@id\":\"https:\/\/talkpal.ai\/tr\/#organization\",\"name\":\"Talkpal, Inc.\",\"alternateName\":\"Talkpal AI\",\"url\":\"https:\/\/talkpal.ai\/tr\/\",\"logo\":{\"@type\":\"ImageObject\",\"inLanguage\":\"tr\",\"@id\":\"https:\/\/talkpal.ai\/tr\/#\/schema\/logo\/image\/\",\"url\":\"https:\/\/talkpal.ai\/wp-content\/uploads\/2024\/03\/Talkpal-Logo-Icon.png\",\"contentUrl\":\"https:\/\/talkpal.ai\/wp-content\/uploads\/2024\/03\/Talkpal-Logo-Icon.png\",\"width\":2880,\"height\":2880,\"caption\":\"Talkpal, Inc.\"},\"image\":{\"@id\":\"https:\/\/talkpal.ai\/tr\/#\/schema\/logo\/image\/\"},\"sameAs\":[\"https:\/\/www.facebook.com\/profile.php?id=100090733639311\",\"https:\/\/x.com\/talkpalai\",\"https:\/\/www.linkedin.com\/company\/talkpal\/\",\"https:\/\/www.youtube.com\/@TalkPal\/\",\"https:\/\/www.tiktok.com\/@talkpal\",\"https:\/\/www.instagram.com\/talkpal_ai\/\",\"https:\/\/www.crunchbase.com\/organization\/talkpal-9cde\",\"https:\/\/www.g2.com\/products\/talkpal-for-business\/\",\"https:\/\/www.trustpilot.com\/review\/talkpal.ai\",\"https:\/\/www.capterra.com\/p\/10006800\/TalkPal\/\"],\"description\":\"Talkpal is a language learning web and mobile education app, powered by the latest AI technologies, that provides engaging experiences to its customers in many different languages to help them improve their language skills. Users can chat about unlimited amount of topics with the app and use other modes to practice their language learning.\",\"email\":\"support@talkpal.ai\",\"legalName\":\"Talkpal, Inc.\",\"foundingDate\":\"2023-04-03\",\"duns\":\"118989042\",\"numberOfEmployees\":{\"@type\":\"QuantitativeValue\",\"minValue\":\"11\",\"maxValue\":\"50\"},\"publishingPrinciples\":\"https:\/\/talkpal.ai\/publishing-principles\/\",\"actionableFeedbackPolicy\":\"https:\/\/talkpal.ai\/actionable-feedback-policy\/\",\"correctionsPolicy\":\"https:\/\/talkpal.ai\/corrections-policy\/\",\"ethicsPolicy\":\"https:\/\/talkpal.ai\/ethics-policy\/\",\"diversityPolicy\":\"https:\/\/talkpal.ai\/diversity-policy\/\",\"diversityStaffingReport\":\"https:\/\/talkpal.ai\/diversity-policy\/\"}]}<\/script>\n<!-- \/ Yoast SEO Premium plugin. -->","yoast_head_json":{"title":"Maori Dilbilgisi Al\u0131\u015ft\u0131rmalar\u0131 - Talkpal","description":"Maori dilindeki anlay\u0131\u015f\u0131n\u0131z\u0131 ve ak\u0131c\u0131l\u0131\u011f\u0131n\u0131z\u0131 art\u0131rmak i\u00e7in tasarlanm\u0131\u015f Maori Dilbilgisi Al\u0131\u015ft\u0131rmalar\u0131 ile dil becerilerinizi geli\u015ftirin.","robots":{"index":"index","follow":"follow","max-snippet":"max-snippet:-1","max-image-preview":"max-image-preview:large","max-video-preview":"max-video-preview:-1"},"canonical":"https:\/\/talkpal.ai\/tr\/maori-dilbilgisi-alistirmalari\/","og_locale":"tr_TR","og_type":"article","og_title":"Maori Dilbilgisi Al\u0131\u015ft\u0131rmalar\u0131","og_description":"Maori Dilbilgisi Konular\u0131 Te reo M\u0101ori olarak bilinen Maori dili, Yeni Zelanda'ya \u00f6zg\u00fc bir Do\u011fu Polinezya dilidir. \u00dclkenin resmi dili olarak zengin bir","og_url":"https:\/\/talkpal.ai\/tr\/maori-dilbilgisi-alistirmalari\/","og_site_name":"Talkpal","article_publisher":"https:\/\/www.facebook.com\/profile.php?id=100090733639311","article_modified_time":"2025-12-17T14:34:05+00:00","og_image":[{"width":512,"height":512,"url":"https:\/\/talkpal.ai\/wp-content\/uploads\/2023\/05\/Maori-new-zealand.png","type":"image\/png"}],"twitter_card":"summary_large_image","twitter_site":"@talkpalai","twitter_misc":{"Tahmini okuma s\u00fcresi":"3 dakika"},"schema":{"@context":"https:\/\/schema.org","@graph":[{"@type":"WebPage","@id":"https:\/\/talkpal.ai\/tr\/maori-dilbilgisi-alistirmalari\/","url":"https:\/\/talkpal.ai\/tr\/maori-dilbilgisi-alistirmalari\/","name":"Maori Dilbilgisi Al\u0131\u015ft\u0131rmalar\u0131 - Talkpal","isPartOf":{"@id":"https:\/\/talkpal.ai\/tr\/#website"},"primaryImageOfPage":{"@id":"https:\/\/talkpal.ai\/tr\/maori-dilbilgisi-alistirmalari\/#primaryimage"},"image":{"@id":"https:\/\/talkpal.ai\/tr\/maori-dilbilgisi-alistirmalari\/#primaryimage"},"thumbnailUrl":"https:\/\/talkpal.ai\/wp-content\/uploads\/2023\/05\/Maori-new-zealand.png","datePublished":"2023-06-22T08:43:13+00:00","dateModified":"2025-12-17T14:34:05+00:00","description":"Maori dilindeki anlay\u0131\u015f\u0131n\u0131z\u0131 ve ak\u0131c\u0131l\u0131\u011f\u0131n\u0131z\u0131 art\u0131rmak i\u00e7in tasarlanm\u0131\u015f Maori Dilbilgisi Al\u0131\u015ft\u0131rmalar\u0131 ile dil becerilerinizi geli\u015ftirin.","breadcrumb":{"@id":"https:\/\/talkpal.ai\/tr\/maori-dilbilgisi-alistirmalari\/#breadcrumb"},"inLanguage":"tr","potentialAction":[{"@type":"ReadAction","target":["https:\/\/talkpal.ai\/tr\/maori-dilbilgisi-alistirmalari\/"]}]},{"@type":"ImageObject","inLanguage":"tr","@id":"https:\/\/talkpal.ai\/tr\/maori-dilbilgisi-alistirmalari\/#primaryimage","url":"https:\/\/talkpal.ai\/wp-content\/uploads\/2023\/05\/Maori-new-zealand.png","contentUrl":"https:\/\/talkpal.ai\/wp-content\/uploads\/2023\/05\/Maori-new-zealand.png","width":512,"height":512},{"@type":"BreadcrumbList","@id":"https:\/\/talkpal.ai\/tr\/maori-dilbilgisi-alistirmalari\/#breadcrumb","itemListElement":[{"@type":"ListItem","position":1,"name":"Homepage","item":"https:\/\/talkpal.ai\/tr\/"},{"@type":"ListItem","position":2,"name":"Maori Dilbilgisi Al\u0131\u015ft\u0131rmalar\u0131"}]},{"@type":"WebSite","@id":"https:\/\/talkpal.ai\/tr\/#website","url":"https:\/\/talkpal.ai\/tr\/","name":"Talkpal","description":"AI Language Learning","publisher":{"@id":"https:\/\/talkpal.ai\/tr\/#organization"},"alternateName":"Talkpal AI","potentialAction":[{"@type":"SearchAction","target":{"@type":"EntryPoint","urlTemplate":"https:\/\/talkpal.ai\/tr\/?s={search_term_string}"},"query-input":{"@type":"PropertyValueSpecification","valueRequired":true,"valueName":"search_term_string"}}],"inLanguage":"tr"},{"@type":"Organization","@id":"https:\/\/talkpal.ai\/tr\/#organization","name":"Talkpal, Inc.","alternateName":"Talkpal AI","url":"https:\/\/talkpal.ai\/tr\/","logo":{"@type":"ImageObject","inLanguage":"tr","@id":"https:\/\/talkpal.ai\/tr\/#\/schema\/logo\/image\/","url":"https:\/\/talkpal.ai\/wp-content\/uploads\/2024\/03\/Talkpal-Logo-Icon.png","contentUrl":"https:\/\/talkpal.ai\/wp-content\/uploads\/2024\/03\/Talkpal-Logo-Icon.png","width":2880,"height":2880,"caption":"Talkpal, Inc."},"image":{"@id":"https:\/\/talkpal.ai\/tr\/#\/schema\/logo\/image\/"},"sameAs":["https:\/\/www.facebook.com\/profile.php?id=100090733639311","https:\/\/x.com\/talkpalai","https:\/\/www.linkedin.com\/company\/talkpal\/","https:\/\/www.youtube.com\/@TalkPal\/","https:\/\/www.tiktok.com\/@talkpal","https:\/\/www.instagram.com\/talkpal_ai\/","https:\/\/www.crunchbase.com\/organization\/talkpal-9cde","https:\/\/www.g2.com\/products\/talkpal-for-business\/","https:\/\/www.trustpilot.com\/review\/talkpal.ai","https:\/\/www.capterra.com\/p\/10006800\/TalkPal\/"],"description":"Talkpal is a language learning web and mobile education app, powered by the latest AI technologies, that provides engaging experiences to its customers in many different languages to help them improve their language skills. Users can chat about unlimited amount of topics with the app and use other modes to practice their language learning.","email":"support@talkpal.ai","legalName":"Talkpal, Inc.","foundingDate":"2023-04-03","duns":"118989042","numberOfEmployees":{"@type":"QuantitativeValue","minValue":"11","maxValue":"50"},"publishingPrinciples":"https:\/\/talkpal.ai\/publishing-principles\/","actionableFeedbackPolicy":"https:\/\/talkpal.ai\/actionable-feedback-policy\/","correctionsPolicy":"https:\/\/talkpal.ai\/corrections-policy\/","ethicsPolicy":"https:\/\/talkpal.ai\/ethics-policy\/","diversityPolicy":"https:\/\/talkpal.ai\/diversity-policy\/","diversityStaffingReport":"https:\/\/talkpal.ai\/diversity-policy\/"}]}},"_links":{"self":[{"href":"https:\/\/talkpal.ai\/tr\/wp-json\/wp\/v2\/pages\/158958","targetHints":{"allow":["GET"]}}],"collection":[{"href":"https:\/\/talkpal.ai\/tr\/wp-json\/wp\/v2\/pages"}],"about":[{"href":"https:\/\/talkpal.ai\/tr\/wp-json\/wp\/v2\/types\/page"}],"author":[{"embeddable":true,"href":"https:\/\/talkpal.ai\/tr\/wp-json\/wp\/v2\/users\/6"}],"replies":[{"embeddable":true,"href":"https:\/\/talkpal.ai\/tr\/wp-json\/wp\/v2\/comments?post=158958"}],"version-history":[{"count":0,"href":"https:\/\/talkpal.ai\/tr\/wp-json\/wp\/v2\/pages\/158958\/revisions"}],"wp:featuredmedia":[{"embeddable":true,"href":"https:\/\/talkpal.ai\/tr\/wp-json\/wp\/v2\/media\/116613"}],"wp:attachment":[{"href":"https:\/\/talkpal.ai\/tr\/wp-json\/wp\/v2\/media?parent=158958"}],"curies":[{"name":"wp","href":"https:\/\/api.w.org\/{rel}","templated":true}]}}