{"id":158638,"date":"2023-06-22T08:52:21","date_gmt":"2023-06-22T08:52:21","guid":{"rendered":"http:\/\/talkpal.ai\/nepalce-dilbilgisi-alistirmalari\/"},"modified":"2025-12-17T14:35:08","modified_gmt":"2025-12-17T14:35:08","slug":"nepalce-dilbilgisi-alistirmalari","status":"publish","type":"page","link":"https:\/\/talkpal.ai\/tr\/nepalce-dilbilgisi-alistirmalari\/","title":{"rendered":"Nepalce Dilbilgisi Al\u0131\u015ft\u0131rmalar\u0131"},"content":{"rendered":"\r\n\r\n\r\n<section class=\"languageChallengeSection\">\r\n    <div class=\"languageInfoWrapper\">\r\n        \r\n        <h1>Nepalce Dilbilgisi Al\u0131\u015ft\u0131rmalar\u0131<\/h1>\r\n        <p>Nepalce&#039;de kendinize daha fazla g\u00fcvenmek mi istiyorsunuz? <a href=\"https:\/\/talkpal.ai\/grammar\/\">Dilbilgisi<\/a> al\u0131\u015ft\u0131rmalar\u0131 yapmak, c\u00fcmle yap\u0131s\u0131n\u0131, fiil bi\u00e7imlerini ve dilin kendine \u00f6zg\u00fc kal\u0131plar\u0131n\u0131 anlamak i\u00e7in harika bir yoldur. <a href=\"https:\/\/talkpal.ai\/nepali-grammar\/\">Nepalce dilbilgisi<\/a> \u00fczerinde \u00e7al\u0131\u015fmaya bug\u00fcn ba\u015flay\u0131n ve her al\u0131\u015ft\u0131rmada becerilerinizin ve ak\u0131c\u0131l\u0131\u011f\u0131n\u0131z\u0131n artmas\u0131n\u0131 izleyin!<\/p>\r\n\r\n                            <a class=\"getStartedHidden\" href=\"https:\/\/app.talkpal.ai\/tr\/signup?lng=\">Hadi ba\u015fla<\/a>\r\n        \r\n    <\/div>\r\n\r\n    <figure>\r\n    <img decoding=\"async\" width=\"768\" height=\"768\" src=\"https:\/\/talkpal.ai\/wp-content\/uploads\/2023\/06\/nepali-768x768.png\" class=\"languageImage no-lazy\" alt=\"Practical language learning for real-life application\" fetchpriority=\"high\" sizes=\"(max-width: 768px) 150px, 768px\" srcset=\"https:\/\/talkpal.ai\/wp-content\/uploads\/2023\/06\/nepali-768x768.png 768w, https:\/\/talkpal.ai\/wp-content\/uploads\/2023\/06\/nepali-300x300.png 300w\" \/>\r\n    \r\n\r\n    <\/figure>\r\n\r\n            <a class=\"getStartedVisible\" href=\"https:\/\/app.talkpal.ai\/tr\/signup?lng=\">Hadi ba\u015fla<\/a>\r\n    \r\n<\/section>\r\n\r\n\r\n<!-- <section class=\"grammarSection\">\r\n    <div class=\"grammarLinks\">\r\n            <\/div>\r\n<\/section> -->\r\n\r\n\r\n\r\n\r\n<section class=\"promotionalBanner\">\r\n    <p class=\"promotionalText\">Dil \u00f6\u011frenmenin en etkili yolu<\/p>\r\n    <a class=\"promotionalLink\" href=\"https:\/\/app.talkpal.ai\/tr\/signup?lng=\">Talkpal \u00fccretsiz deneyin<\/a>\r\n<\/section>\n<div class=\"wp-block-group pageContainerStyle\"><div class=\"wp-block-group__inner-container is-layout-constrained wp-block-group-is-layout-constrained\">\n<h2 class=\"wp-block-heading\" id=\"h-nepali-grammar-topics\">Nepalce Dilbilgisi Konular\u0131<\/h2>\n\n\n\n<p>Nepal dilini \u00f6\u011frenmek, Nepal&#8217;in zengin k\u00fclt\u00fcr\u00fcne ve tarihine dalmak isteyen herkes i\u00e7in b\u00fcy\u00fcleyici ve \u00f6d\u00fcllendirici bir deneyim olabilir. Her dilde oldu\u011fu gibi, <a href=\"https:\/\/talkpal.ai\/learn-nepali\/\">Nepalce<\/a> dilbilgisine hakim olmak etkili ileti\u015fim i\u00e7in \u00e7ok \u00f6nemlidir. Bu makale, <a href=\"https:\/\/talkpal.ai\/tr\/talkpal-chat-ile-dil-nasil-ogrenilir\/\">dil \u00f6\u011frenme<\/a> yolculu\u011funuzu kolayla\u015ft\u0131racak bir s\u0131rayla k\u00fcmelenmi\u015f <a href=\"https:\/\/talkpal.ai\/nepali-grammar\/\">Nepalce dilbilgisi<\/a> konular\u0131nda size rehberlik edecektir. Zamanlardan c\u00fcmle yap\u0131lar\u0131na kadar, bu k\u0131lavuz size Nepalce dil becerileriniz i\u00e7in g\u00fc\u00e7l\u00fc bir temel olu\u015fturacak \u00f6nemli dilbilgisi kavramlar\u0131na genel bir bak\u0131\u015f sa\u011flayacakt\u0131r.<\/p>\n\n\n\n<h3 class=\"wp-block-heading\" id=\"h-1-tenses\">1. Zamanlar:<\/h3>\n\n\n\n<p>Zamanlar\u0131 anlamak, bir eylemin veya olay\u0131n zaman\u0131n\u0131 aktarmaya yard\u0131mc\u0131 olduklar\u0131 i\u00e7in herhangi bir dili \u00f6\u011frenmede \u00e7ok \u00f6nemlidir. Nepalce&#8217;de \u00fc\u00e7 ana zaman vard\u0131r: ge\u00e7mi\u015f, \u015fimdi ve gelecek. Her zaman\u0131n, farkl\u0131 zaman dilimlerindeki eylemleri do\u011fru bir \u015fekilde tan\u0131mlamak i\u00e7in a\u015fina olman\u0131z gereken kendi fiil \u00e7ekim kurallar\u0131 vard\u0131r.<\/p>\n\n\n\n<h3 class=\"wp-block-heading\" id=\"h-2-tense-comparison\">2. Gergin Kar\u015f\u0131la\u015ft\u0131rma:<\/h3>\n\n\n\n<p>Nepalce&#8217;deki zamanlar\u0131 kar\u015f\u0131la\u015ft\u0131rmak, dile hakim olman\u0131n \u00e7ok \u00f6nemli bir y\u00f6n\u00fcd\u00fcr. Bu, farkl\u0131 zamanlar\u0131n birbirleriyle nas\u0131l ili\u015fkili oldu\u011funu ve net ileti\u015fim i\u00e7in bunlar\u0131n birlikte nas\u0131l kullan\u0131laca\u011f\u0131n\u0131 anlamay\u0131 i\u00e7erir. Bu, ge\u00e7mi\u015fte, \u015fimdi veya gelecekte meydana gelen olaylar\u0131 tart\u0131\u015f\u0131rken kafa kar\u0131\u015f\u0131kl\u0131\u011f\u0131n\u0131 \u00f6nlemenize yard\u0131mc\u0131 olacakt\u0131r.<\/p>\n\n\n\n<h3 class=\"wp-block-heading\" id=\"h-3-progressive\">3. A\u015famal\u0131:<\/h3>\n\n\n\n<p>Nepalce dilbilgisindeki ilerici y\u00f6n, devam eden eylemleri g\u00f6sterir. Fiillerin a\u015famal\u0131 bi\u00e7imini \u00f6\u011frenmek, \u015fu anda ger\u00e7ekle\u015fmekte olan veya belirli bir zamanda ger\u00e7ekle\u015fmekte olan eylemleri ifade etmek i\u00e7in \u00f6nemlidir. Bu, Nepalce&#8217;de daha dinamik ve ilgi \u00e7ekici konu\u015fmalar olu\u015fturman\u0131za yard\u0131mc\u0131 olacakt\u0131r.<\/p>\n\n\n\n<h3 class=\"wp-block-heading\" id=\"h-4-perfect-progressive\">4. M\u00fckemmel \u0130lerici:<\/h3>\n\n\n\n<p>Bu zaman kipi, m\u00fckemmel ve ilerici zaman kavramlar\u0131n\u0131 birle\u015ftirir. M\u00fckemmel ilerici zaman, ge\u00e7mi\u015fte ba\u015flayan ve ge\u00e7mi\u015fte ba\u015fka bir noktaya kadar devam eden bir eylemi tan\u0131mlamak i\u00e7in kullan\u0131l\u0131r. Bu zamana hakim olmak, ge\u00e7mi\u015f eylemler ve s\u00fcreleri hakk\u0131nda ayr\u0131nt\u0131l\u0131 bilgi vermenizi sa\u011flayacakt\u0131r.<\/p>\n\n\n\n<h3 class=\"wp-block-heading\" id=\"h-5-verbs\">5. Fiiller:<\/h3>\n\n\n\n<p>Fiiller herhangi bir dilin bel kemi\u011fidir ve Nepalce de bir istisna de\u011fildir. Nepalce&#8217;yi etkili bir \u015fekilde konu\u015fmak ve anlamak i\u00e7in farkl\u0131 fiil bi\u00e7imlerini, \u00e7ekimlerini ve c\u00fcmlelerde nas\u0131l i\u015flev g\u00f6rd\u00fcklerini \u00f6\u011frenmek \u00e7ok \u00f6nemlidir.<\/p>\n\n\n\n<h3 class=\"wp-block-heading\" id=\"h-6-nouns\">6. \u0130simler:<\/h3>\n\n\n\n<p>Sa\u011flam bir kelime da\u011farc\u0131\u011f\u0131 olu\u015fturmak i\u00e7in Nepalce isimlerin g\u00fc\u00e7l\u00fc bir \u015fekilde kavranmas\u0131 gerekir. Yayg\u0131n ve \u00f6zel isimlerin yan\u0131 s\u0131ra say\u0131labilir ve say\u0131lamayan isimler hakk\u0131nda bilgi edinmek, konu\u015fmalar\u0131n\u0131zda konu\u015fman\u0131n bu temel k\u0131s\u0131mlar\u0131n\u0131 do\u011fru bir \u015fekilde tan\u0131mlaman\u0131za ve kullanman\u0131za yard\u0131mc\u0131 olacakt\u0131r.<\/p>\n\n\n\n<h3 class=\"wp-block-heading\" id=\"h-7-articles\">7. Makaleler:<\/h3>\n\n\n\n<p>Nepalce&#8217;de makaleler \u0130ngilizce&#8217;deki kadar belirgin de\u011fildir, ancak yine de kullan\u0131mlar\u0131n\u0131 \u00f6\u011frenmek \u00f6nemlidir. Makalelerin kullan\u0131m\u0131nda ustala\u015fmak, konu\u015fmalar\u0131n\u0131zdaki nesneleri, insanlar\u0131 ve kavramlar\u0131 do\u011fru bir \u015fekilde tan\u0131mlaman\u0131za ve tan\u0131mlaman\u0131za yard\u0131mc\u0131 olacakt\u0131r.<\/p>\n\n\n\n<h3 class=\"wp-block-heading\" id=\"h-8-pronouns-determiners\">8. Zamirler\/Belirleyiciler:<\/h3>\n\n\n\n<p>Nepalce zamirleri ve belirleyicileri tan\u0131mak, a\u00e7\u0131k ve \u00f6zl\u00fc ileti\u015fim i\u00e7in \u00e7ok \u00f6nemlidir. Konu\u015fman\u0131n bu b\u00f6l\u00fcmleri, c\u00fcmlelerdeki isimlerin de\u011fi\u015ftirilmesine veya belirtilmesine yard\u0131mc\u0131 olarak konu\u015fmalar\u0131n\u0131z\u0131 daha verimli ve do\u011fal hale getirir.<\/p>\n\n\n\n<h3 class=\"wp-block-heading\" id=\"h-9-adjectives\">9. S\u0131fatlar:<\/h3>\n\n\n\n<p>S\u0131fatlar, Nepalce konu\u015fmalar\u0131n\u0131za derinlik ve ayr\u0131nt\u0131 katmak i\u00e7in \u00e7ok \u00f6nemlidir. S\u0131fatlar\u0131 do\u011fru kullanmay\u0131 \u00f6\u011frenmek, insanlar\u0131, yerleri ve \u015feyleri do\u011fru bir \u015fekilde tan\u0131mlaman\u0131za olanak tan\u0131yarak konu\u015fman\u0131z\u0131 daha ilgi \u00e7ekici ve bilgilendirici hale getirecektir.<\/p>\n\n\n\n<h3 class=\"wp-block-heading\" id=\"h-10-adverbs\">10. Zarflar<\/h3>\n\n\n\n<p>: Nepalce&#8217;de zarflar fiilleri, s\u0131fatlar\u0131 veya di\u011fer zarflar\u0131 de\u011fi\u015ftirmede \u00e7ok \u00f6nemli bir rol oynar. Zarflar\u0131n nas\u0131l kullan\u0131laca\u011f\u0131n\u0131 anlamak, konu\u015fmalar\u0131n\u0131zdaki eylemler, durumlar veya nitelikler hakk\u0131nda ek bilgi sa\u011flaman\u0131za olanak tan\u0131r.<\/p>\n\n\n\n<h3 class=\"wp-block-heading\" id=\"h-11-conditionals\">11. Ko\u015fullar:<\/h3>\n\n\n\n<p>Nepalce ko\u015fullara hakim olmak, varsay\u0131msal durumlar\u0131 ve sonu\u00e7lar\u0131n\u0131 ifade etmenize izin verecektir. Bu, dilde karma\u015f\u0131k, incelikli tart\u0131\u015fmalar olu\u015fturmak i\u00e7in \u00f6nemlidir.<\/p>\n\n\n\n<h3 class=\"wp-block-heading\" id=\"h-12-prepositions\">12. Edatlar:<\/h3>\n\n\n\n<p>Edatlar, bir c\u00fcmledeki kelimeler aras\u0131ndaki ili\u015fkileri belirtmek i\u00e7in gereklidir. Edatlar\u0131n do\u011fru kullan\u0131m\u0131n\u0131 \u00f6\u011frenmek, Nepalce&#8217;de net ve tutarl\u0131 c\u00fcmleler kurman\u0131za yard\u0131mc\u0131 olacakt\u0131r.<\/p>\n\n\n\n<h3 class=\"wp-block-heading\" id=\"h-13-sentences\">13. C\u00fcmleler:<\/h3>\n\n\n\n<p>Son olarak, Nepalce c\u00fcmlelerin yap\u0131s\u0131n\u0131 ve t\u00fcrlerini anlamak, etkili ileti\u015fim i\u00e7in hayati \u00f6nem ta\u015f\u0131r. Basit, bile\u015fik ve karma\u015f\u0131k c\u00fcmleler hakk\u0131nda bilgi edinin ve d\u00fc\u015f\u00fcncelerinizi ve fikirlerinizi dilde iletmek i\u00e7in bunlar\u0131 do\u011fru bir \u015fekilde nas\u0131l olu\u015fturaca\u011f\u0131n\u0131z\u0131 \u00f6\u011frenin.<\/p>\n<\/div><\/div>\n\r\n<section class=\"learnNavigationSection\">\r\n            \r\n        <a href=\"https:\/\/talkpal.ai\/tr\/nepalce-ogren\/\">\r\n            <div class=\"learnNavigationWrapper\">\r\n                <div class=\"learnNavigationContent\">\r\n                    <img decoding=\"async\" src=\"https:\/\/talkpal.ai\/wp-content\/uploads\/2024\/08\/Nepali.jpg\" alt=\"Nepali Flag\">\r\n                    <div>\r\n                        <h4>Nepalce \u00d6\u011frenme Hakk\u0131nda<\/h4>\r\n                        <p>Nepalce dilbilgisi hakk\u0131nda her \u015feyi \u00f6\u011frenin .<\/p>\r\n                    <\/div>\r\n                <\/div>\r\n            <\/div>\r\n        <\/a>\r\n\r\n        \r\n        <a href=\"https:\/\/talkpal.ai\/tr\/nepalce-dilbilgisi\/\">\r\n            <div class=\"learnNavigationWrapper\">\r\n                <div class=\"learnNavigationContent\">\r\n                    <img decoding=\"async\" src=\"https:\/\/talkpal.ai\/wp-content\/uploads\/2024\/08\/Nepali.jpg\" alt=\"Nepali Flag\">\r\n                    <div>\r\n                        <h4>Nepalce Gramer Dersleri<\/h4>\r\n                        <p>Nepalce Dilbilgisi Prati\u011fi Yap\u0131n.<\/p>\r\n                    <\/div>\r\n                <\/div>\r\n            <\/div>\r\n        <\/a>\r\n\r\n        \r\n        <a href=\"https:\/\/talkpal.ai\/vocabulary_language\/nepali\/\">\r\n            <div class=\"learnNavigationWrapper\">\r\n                <div class=\"learnNavigationContent\">\r\n                    <img decoding=\"async\" src=\"https:\/\/talkpal.ai\/wp-content\/uploads\/2024\/08\/Nepali.jpg\" alt=\"Nepali Flag\">\r\n                    <div>\r\n                        <h4>Nepalce S\u00f6zc\u00fck Da\u011farc\u0131\u011f\u0131<\/h4>\r\n                        <p>Nepalce kelime da\u011farc\u0131\u011f\u0131n\u0131z\u0131 geni\u015fletin.<\/p>\r\n                    <\/div>\r\n                <\/div>\r\n            <\/div>\r\n        <\/a>\r\n\r\n            <\/section>","protected":false},"excerpt":{"rendered":"<p>Nepalce Dilbilgisi Konular\u0131 Nepal dilini \u00f6\u011frenmek, Nepal&#8217;in zengin k\u00fclt\u00fcr\u00fcne ve tarihine dalmak isteyen herkes i\u00e7in b\u00fcy\u00fcleyici ve \u00f6d\u00fcllendirici bir deneyim olabilir. Her dilde oldu\u011fu gibi, Nepalce dilbilgisine hakim olmak etkili ileti\u015fim i\u00e7in \u00e7ok \u00f6nemlidir. Bu makale, dil \u00f6\u011frenme yolculu\u011funuzu kolayla\u015ft\u0131racak bir s\u0131rayla k\u00fcmelenmi\u015f Nepalce dilbilgisi konular\u0131nda size rehberlik edecektir. Zamanlardan c\u00fcmle yap\u0131lar\u0131na kadar, bu k\u0131lavuz [&hellip;]<\/p>\n","protected":false},"author":6,"featured_media":116042,"parent":0,"menu_order":0,"comment_status":"closed","ping_status":"closed","template":"LearningContentPage.php","meta":{"_acf_changed":false,"footnotes":""},"class_list":["post-158638","page","type-page","status-publish","has-post-thumbnail","hentry"],"acf":[],"yoast_head":"<!-- This site is optimized with the Yoast SEO Premium plugin v27.2 (Yoast SEO v27.2) - https:\/\/yoast.com\/product\/yoast-seo-premium-wordpress\/ -->\n<title>Nepalce Dilbilgisi Al\u0131\u015ft\u0131rmalar\u0131 - Talkpal<\/title>\n<meta name=\"description\" content=\"Etkili ileti\u015fim i\u00e7in Nepalce Dilbilgisi Al\u0131\u015ft\u0131rmalar\u0131nda ustala\u015f\u0131n. Dil ak\u0131c\u0131l\u0131\u011f\u0131 i\u00e7in zamanlar\u0131 ve c\u00fcmle yap\u0131lar\u0131n\u0131 ke\u015ffedin.\" \/>\n<meta name=\"robots\" content=\"index, follow, max-snippet:-1, max-image-preview:large, max-video-preview:-1\" \/>\n<link rel=\"canonical\" href=\"https:\/\/talkpal.ai\/tr\/nepalce-dilbilgisi-alistirmalari\/\" \/>\n<meta property=\"og:locale\" content=\"tr_TR\" \/>\n<meta property=\"og:type\" content=\"article\" \/>\n<meta property=\"og:title\" content=\"Nepalce Dilbilgisi Al\u0131\u015ft\u0131rmalar\u0131\" \/>\n<meta property=\"og:description\" content=\"Nepalce Dilbilgisi Konular\u0131 Nepal dilini \u00f6\u011frenmek, Nepal&#039;in zengin k\u00fclt\u00fcr\u00fcne ve tarihine dalmak isteyen herkes i\u00e7in b\u00fcy\u00fcleyici ve \u00f6d\u00fcllendirici bir\" \/>\n<meta property=\"og:url\" content=\"https:\/\/talkpal.ai\/tr\/nepalce-dilbilgisi-alistirmalari\/\" \/>\n<meta property=\"og:site_name\" content=\"Talkpal\" \/>\n<meta property=\"article:publisher\" content=\"https:\/\/www.facebook.com\/profile.php?id=100090733639311\" \/>\n<meta property=\"article:modified_time\" content=\"2025-12-17T14:35:08+00:00\" \/>\n<meta property=\"og:image\" content=\"https:\/\/talkpal.ai\/wp-content\/uploads\/2023\/05\/nepal.png\" \/>\n\t<meta property=\"og:image:width\" content=\"512\" \/>\n\t<meta property=\"og:image:height\" content=\"512\" \/>\n\t<meta property=\"og:image:type\" content=\"image\/png\" \/>\n<meta name=\"twitter:card\" content=\"summary_large_image\" \/>\n<meta name=\"twitter:site\" content=\"@talkpalai\" \/>\n<meta name=\"twitter:label1\" content=\"Tahmini okuma s\u00fcresi\" \/>\n\t<meta name=\"twitter:data1\" content=\"4 dakika\" \/>\n<script type=\"application\/ld+json\" class=\"yoast-schema-graph\">{\"@context\":\"https:\/\/schema.org\",\"@graph\":[{\"@type\":\"WebPage\",\"@id\":\"https:\/\/talkpal.ai\/tr\/nepalce-dilbilgisi-alistirmalari\/\",\"url\":\"https:\/\/talkpal.ai\/tr\/nepalce-dilbilgisi-alistirmalari\/\",\"name\":\"Nepalce Dilbilgisi Al\u0131\u015ft\u0131rmalar\u0131 - Talkpal\",\"isPartOf\":{\"@id\":\"https:\/\/talkpal.ai\/tr\/#website\"},\"primaryImageOfPage\":{\"@id\":\"https:\/\/talkpal.ai\/tr\/nepalce-dilbilgisi-alistirmalari\/#primaryimage\"},\"image\":{\"@id\":\"https:\/\/talkpal.ai\/tr\/nepalce-dilbilgisi-alistirmalari\/#primaryimage\"},\"thumbnailUrl\":\"https:\/\/talkpal.ai\/wp-content\/uploads\/2023\/05\/nepal.png\",\"datePublished\":\"2023-06-22T08:52:21+00:00\",\"dateModified\":\"2025-12-17T14:35:08+00:00\",\"description\":\"Etkili ileti\u015fim i\u00e7in Nepalce Dilbilgisi Al\u0131\u015ft\u0131rmalar\u0131nda ustala\u015f\u0131n. Dil ak\u0131c\u0131l\u0131\u011f\u0131 i\u00e7in zamanlar\u0131 ve c\u00fcmle yap\u0131lar\u0131n\u0131 ke\u015ffedin.\",\"breadcrumb\":{\"@id\":\"https:\/\/talkpal.ai\/tr\/nepalce-dilbilgisi-alistirmalari\/#breadcrumb\"},\"inLanguage\":\"tr\",\"potentialAction\":[{\"@type\":\"ReadAction\",\"target\":[\"https:\/\/talkpal.ai\/tr\/nepalce-dilbilgisi-alistirmalari\/\"]}]},{\"@type\":\"ImageObject\",\"inLanguage\":\"tr\",\"@id\":\"https:\/\/talkpal.ai\/tr\/nepalce-dilbilgisi-alistirmalari\/#primaryimage\",\"url\":\"https:\/\/talkpal.ai\/wp-content\/uploads\/2023\/05\/nepal.png\",\"contentUrl\":\"https:\/\/talkpal.ai\/wp-content\/uploads\/2023\/05\/nepal.png\",\"width\":512,\"height\":512},{\"@type\":\"BreadcrumbList\",\"@id\":\"https:\/\/talkpal.ai\/tr\/nepalce-dilbilgisi-alistirmalari\/#breadcrumb\",\"itemListElement\":[{\"@type\":\"ListItem\",\"position\":1,\"name\":\"Homepage\",\"item\":\"https:\/\/talkpal.ai\/tr\/\"},{\"@type\":\"ListItem\",\"position\":2,\"name\":\"Nepalce Dilbilgisi Al\u0131\u015ft\u0131rmalar\u0131\"}]},{\"@type\":\"WebSite\",\"@id\":\"https:\/\/talkpal.ai\/tr\/#website\",\"url\":\"https:\/\/talkpal.ai\/tr\/\",\"name\":\"Talkpal\",\"description\":\"AI Language Learning\",\"publisher\":{\"@id\":\"https:\/\/talkpal.ai\/tr\/#organization\"},\"alternateName\":\"Talkpal AI\",\"potentialAction\":[{\"@type\":\"SearchAction\",\"target\":{\"@type\":\"EntryPoint\",\"urlTemplate\":\"https:\/\/talkpal.ai\/tr\/?s={search_term_string}\"},\"query-input\":{\"@type\":\"PropertyValueSpecification\",\"valueRequired\":true,\"valueName\":\"search_term_string\"}}],\"inLanguage\":\"tr\"},{\"@type\":\"Organization\",\"@id\":\"https:\/\/talkpal.ai\/tr\/#organization\",\"name\":\"Talkpal, Inc.\",\"alternateName\":\"Talkpal AI\",\"url\":\"https:\/\/talkpal.ai\/tr\/\",\"logo\":{\"@type\":\"ImageObject\",\"inLanguage\":\"tr\",\"@id\":\"https:\/\/talkpal.ai\/tr\/#\/schema\/logo\/image\/\",\"url\":\"https:\/\/talkpal.ai\/wp-content\/uploads\/2024\/03\/Talkpal-Logo-Icon.png\",\"contentUrl\":\"https:\/\/talkpal.ai\/wp-content\/uploads\/2024\/03\/Talkpal-Logo-Icon.png\",\"width\":2880,\"height\":2880,\"caption\":\"Talkpal, Inc.\"},\"image\":{\"@id\":\"https:\/\/talkpal.ai\/tr\/#\/schema\/logo\/image\/\"},\"sameAs\":[\"https:\/\/www.facebook.com\/profile.php?id=100090733639311\",\"https:\/\/x.com\/talkpalai\",\"https:\/\/www.linkedin.com\/company\/talkpal\/\",\"https:\/\/www.youtube.com\/@TalkPal\/\",\"https:\/\/www.tiktok.com\/@talkpal\",\"https:\/\/www.instagram.com\/talkpal_ai\/\",\"https:\/\/www.crunchbase.com\/organization\/talkpal-9cde\",\"https:\/\/www.g2.com\/products\/talkpal-for-business\/\",\"https:\/\/www.trustpilot.com\/review\/talkpal.ai\",\"https:\/\/www.capterra.com\/p\/10006800\/TalkPal\/\"],\"description\":\"Talkpal is a language learning web and mobile education app, powered by the latest AI technologies, that provides engaging experiences to its customers in many different languages to help them improve their language skills. Users can chat about unlimited amount of topics with the app and use other modes to practice their language learning.\",\"email\":\"support@talkpal.ai\",\"legalName\":\"Talkpal, Inc.\",\"foundingDate\":\"2023-04-03\",\"duns\":\"118989042\",\"numberOfEmployees\":{\"@type\":\"QuantitativeValue\",\"minValue\":\"11\",\"maxValue\":\"50\"},\"publishingPrinciples\":\"https:\/\/talkpal.ai\/publishing-principles\/\",\"actionableFeedbackPolicy\":\"https:\/\/talkpal.ai\/actionable-feedback-policy\/\",\"correctionsPolicy\":\"https:\/\/talkpal.ai\/corrections-policy\/\",\"ethicsPolicy\":\"https:\/\/talkpal.ai\/ethics-policy\/\",\"diversityPolicy\":\"https:\/\/talkpal.ai\/diversity-policy\/\",\"diversityStaffingReport\":\"https:\/\/talkpal.ai\/diversity-policy\/\"}]}<\/script>\n<!-- \/ Yoast SEO Premium plugin. -->","yoast_head_json":{"title":"Nepalce Dilbilgisi Al\u0131\u015ft\u0131rmalar\u0131 - Talkpal","description":"Etkili ileti\u015fim i\u00e7in Nepalce Dilbilgisi Al\u0131\u015ft\u0131rmalar\u0131nda ustala\u015f\u0131n. Dil ak\u0131c\u0131l\u0131\u011f\u0131 i\u00e7in zamanlar\u0131 ve c\u00fcmle yap\u0131lar\u0131n\u0131 ke\u015ffedin.","robots":{"index":"index","follow":"follow","max-snippet":"max-snippet:-1","max-image-preview":"max-image-preview:large","max-video-preview":"max-video-preview:-1"},"canonical":"https:\/\/talkpal.ai\/tr\/nepalce-dilbilgisi-alistirmalari\/","og_locale":"tr_TR","og_type":"article","og_title":"Nepalce Dilbilgisi Al\u0131\u015ft\u0131rmalar\u0131","og_description":"Nepalce Dilbilgisi Konular\u0131 Nepal dilini \u00f6\u011frenmek, Nepal'in zengin k\u00fclt\u00fcr\u00fcne ve tarihine dalmak isteyen herkes i\u00e7in b\u00fcy\u00fcleyici ve \u00f6d\u00fcllendirici bir","og_url":"https:\/\/talkpal.ai\/tr\/nepalce-dilbilgisi-alistirmalari\/","og_site_name":"Talkpal","article_publisher":"https:\/\/www.facebook.com\/profile.php?id=100090733639311","article_modified_time":"2025-12-17T14:35:08+00:00","og_image":[{"width":512,"height":512,"url":"https:\/\/talkpal.ai\/wp-content\/uploads\/2023\/05\/nepal.png","type":"image\/png"}],"twitter_card":"summary_large_image","twitter_site":"@talkpalai","twitter_misc":{"Tahmini okuma s\u00fcresi":"4 dakika"},"schema":{"@context":"https:\/\/schema.org","@graph":[{"@type":"WebPage","@id":"https:\/\/talkpal.ai\/tr\/nepalce-dilbilgisi-alistirmalari\/","url":"https:\/\/talkpal.ai\/tr\/nepalce-dilbilgisi-alistirmalari\/","name":"Nepalce Dilbilgisi Al\u0131\u015ft\u0131rmalar\u0131 - Talkpal","isPartOf":{"@id":"https:\/\/talkpal.ai\/tr\/#website"},"primaryImageOfPage":{"@id":"https:\/\/talkpal.ai\/tr\/nepalce-dilbilgisi-alistirmalari\/#primaryimage"},"image":{"@id":"https:\/\/talkpal.ai\/tr\/nepalce-dilbilgisi-alistirmalari\/#primaryimage"},"thumbnailUrl":"https:\/\/talkpal.ai\/wp-content\/uploads\/2023\/05\/nepal.png","datePublished":"2023-06-22T08:52:21+00:00","dateModified":"2025-12-17T14:35:08+00:00","description":"Etkili ileti\u015fim i\u00e7in Nepalce Dilbilgisi Al\u0131\u015ft\u0131rmalar\u0131nda ustala\u015f\u0131n. Dil ak\u0131c\u0131l\u0131\u011f\u0131 i\u00e7in zamanlar\u0131 ve c\u00fcmle yap\u0131lar\u0131n\u0131 ke\u015ffedin.","breadcrumb":{"@id":"https:\/\/talkpal.ai\/tr\/nepalce-dilbilgisi-alistirmalari\/#breadcrumb"},"inLanguage":"tr","potentialAction":[{"@type":"ReadAction","target":["https:\/\/talkpal.ai\/tr\/nepalce-dilbilgisi-alistirmalari\/"]}]},{"@type":"ImageObject","inLanguage":"tr","@id":"https:\/\/talkpal.ai\/tr\/nepalce-dilbilgisi-alistirmalari\/#primaryimage","url":"https:\/\/talkpal.ai\/wp-content\/uploads\/2023\/05\/nepal.png","contentUrl":"https:\/\/talkpal.ai\/wp-content\/uploads\/2023\/05\/nepal.png","width":512,"height":512},{"@type":"BreadcrumbList","@id":"https:\/\/talkpal.ai\/tr\/nepalce-dilbilgisi-alistirmalari\/#breadcrumb","itemListElement":[{"@type":"ListItem","position":1,"name":"Homepage","item":"https:\/\/talkpal.ai\/tr\/"},{"@type":"ListItem","position":2,"name":"Nepalce Dilbilgisi Al\u0131\u015ft\u0131rmalar\u0131"}]},{"@type":"WebSite","@id":"https:\/\/talkpal.ai\/tr\/#website","url":"https:\/\/talkpal.ai\/tr\/","name":"Talkpal","description":"AI Language Learning","publisher":{"@id":"https:\/\/talkpal.ai\/tr\/#organization"},"alternateName":"Talkpal AI","potentialAction":[{"@type":"SearchAction","target":{"@type":"EntryPoint","urlTemplate":"https:\/\/talkpal.ai\/tr\/?s={search_term_string}"},"query-input":{"@type":"PropertyValueSpecification","valueRequired":true,"valueName":"search_term_string"}}],"inLanguage":"tr"},{"@type":"Organization","@id":"https:\/\/talkpal.ai\/tr\/#organization","name":"Talkpal, Inc.","alternateName":"Talkpal AI","url":"https:\/\/talkpal.ai\/tr\/","logo":{"@type":"ImageObject","inLanguage":"tr","@id":"https:\/\/talkpal.ai\/tr\/#\/schema\/logo\/image\/","url":"https:\/\/talkpal.ai\/wp-content\/uploads\/2024\/03\/Talkpal-Logo-Icon.png","contentUrl":"https:\/\/talkpal.ai\/wp-content\/uploads\/2024\/03\/Talkpal-Logo-Icon.png","width":2880,"height":2880,"caption":"Talkpal, Inc."},"image":{"@id":"https:\/\/talkpal.ai\/tr\/#\/schema\/logo\/image\/"},"sameAs":["https:\/\/www.facebook.com\/profile.php?id=100090733639311","https:\/\/x.com\/talkpalai","https:\/\/www.linkedin.com\/company\/talkpal\/","https:\/\/www.youtube.com\/@TalkPal\/","https:\/\/www.tiktok.com\/@talkpal","https:\/\/www.instagram.com\/talkpal_ai\/","https:\/\/www.crunchbase.com\/organization\/talkpal-9cde","https:\/\/www.g2.com\/products\/talkpal-for-business\/","https:\/\/www.trustpilot.com\/review\/talkpal.ai","https:\/\/www.capterra.com\/p\/10006800\/TalkPal\/"],"description":"Talkpal is a language learning web and mobile education app, powered by the latest AI technologies, that provides engaging experiences to its customers in many different languages to help them improve their language skills. Users can chat about unlimited amount of topics with the app and use other modes to practice their language learning.","email":"support@talkpal.ai","legalName":"Talkpal, Inc.","foundingDate":"2023-04-03","duns":"118989042","numberOfEmployees":{"@type":"QuantitativeValue","minValue":"11","maxValue":"50"},"publishingPrinciples":"https:\/\/talkpal.ai\/publishing-principles\/","actionableFeedbackPolicy":"https:\/\/talkpal.ai\/actionable-feedback-policy\/","correctionsPolicy":"https:\/\/talkpal.ai\/corrections-policy\/","ethicsPolicy":"https:\/\/talkpal.ai\/ethics-policy\/","diversityPolicy":"https:\/\/talkpal.ai\/diversity-policy\/","diversityStaffingReport":"https:\/\/talkpal.ai\/diversity-policy\/"}]}},"_links":{"self":[{"href":"https:\/\/talkpal.ai\/tr\/wp-json\/wp\/v2\/pages\/158638","targetHints":{"allow":["GET"]}}],"collection":[{"href":"https:\/\/talkpal.ai\/tr\/wp-json\/wp\/v2\/pages"}],"about":[{"href":"https:\/\/talkpal.ai\/tr\/wp-json\/wp\/v2\/types\/page"}],"author":[{"embeddable":true,"href":"https:\/\/talkpal.ai\/tr\/wp-json\/wp\/v2\/users\/6"}],"replies":[{"embeddable":true,"href":"https:\/\/talkpal.ai\/tr\/wp-json\/wp\/v2\/comments?post=158638"}],"version-history":[{"count":0,"href":"https:\/\/talkpal.ai\/tr\/wp-json\/wp\/v2\/pages\/158638\/revisions"}],"wp:featuredmedia":[{"embeddable":true,"href":"https:\/\/talkpal.ai\/tr\/wp-json\/wp\/v2\/media\/116042"}],"wp:attachment":[{"href":"https:\/\/talkpal.ai\/tr\/wp-json\/wp\/v2\/media?parent=158638"}],"curies":[{"name":"wp","href":"https:\/\/api.w.org\/{rel}","templated":true}]}}