{"id":158345,"date":"2023-06-27T08:41:59","date_gmt":"2023-06-27T08:41:59","guid":{"rendered":"http:\/\/talkpal.ai\/norvecce-dilbilgisi-alistirmalari\/"},"modified":"2025-12-17T14:37:32","modified_gmt":"2025-12-17T14:37:32","slug":"norvecce-dilbilgisi-alistirmalari","status":"publish","type":"page","link":"https:\/\/talkpal.ai\/tr\/norvecce-dilbilgisi-alistirmalari\/","title":{"rendered":"Norve\u00e7\u00e7e Dilbilgisi Al\u0131\u015ft\u0131rmalar\u0131"},"content":{"rendered":"\r\n\r\n\r\n<section class=\"languageChallengeSection\">\r\n    <div class=\"languageInfoWrapper\">\r\n        \r\n        <h1>Norve\u00e7\u00e7e Dilbilgisi Al\u0131\u015ft\u0131rmalar\u0131<\/h1>\r\n        <p>Norve\u00e7\u00e7e&#039;de kendinize daha fazla g\u00fcvenmek ister misiniz? Dilbilgisi al\u0131\u015ft\u0131rmalar\u0131 yapmak, c\u00fcmle yap\u0131s\u0131, fiil formlar\u0131 ve <a href=\"https:\/\/talkpal.ai\/learn-norwegian\/\">Norve\u00e7<\/a> dilinin kendine \u00f6zg\u00fc kal\u0131plar\u0131na hakim olmak i\u00e7in harika bir yoldur. <a href=\"https:\/\/talkpal.ai\/norwegian-grammar\/\">Norve\u00e7\u00e7e dilbilgisi<\/a> \u00fczerinde \u00e7al\u0131\u015fmaya bug\u00fcn ba\u015flay\u0131n ve her al\u0131\u015ft\u0131rmada becerilerinizin ve ak\u0131c\u0131l\u0131\u011f\u0131n\u0131z\u0131n artmas\u0131n\u0131 izleyin!\n\n<\/p>\r\n\r\n                            <a class=\"getStartedHidden\" href=\"https:\/\/app.talkpal.ai\/tr\/signup?lng=\">Hadi ba\u015fla<\/a>\r\n        \r\n    <\/div>\r\n\r\n    <figure>\r\n    <img decoding=\"async\" width=\"768\" height=\"768\" src=\"https:\/\/talkpal.ai\/wp-content\/uploads\/2023\/06\/norwegian-768x768.png\" class=\"languageImage no-lazy\" alt=\"Language learning for extensive vocabulary\" fetchpriority=\"high\" sizes=\"(max-width: 768px) 150px, 768px\" srcset=\"https:\/\/talkpal.ai\/wp-content\/uploads\/2023\/06\/norwegian-768x768.png 768w, https:\/\/talkpal.ai\/wp-content\/uploads\/2023\/06\/norwegian-300x300.png 300w\" \/>\r\n    \r\n\r\n    <\/figure>\r\n\r\n            <a class=\"getStartedVisible\" href=\"https:\/\/app.talkpal.ai\/tr\/signup?lng=\">Hadi ba\u015fla<\/a>\r\n    \r\n<\/section>\r\n\r\n\r\n<!-- <section class=\"grammarSection\">\r\n    <div class=\"grammarLinks\">\r\n            <\/div>\r\n<\/section> -->\r\n\r\n\r\n\r\n\r\n<section class=\"promotionalBanner\">\r\n    <p class=\"promotionalText\">Dil \u00f6\u011frenmenin en etkili yolu<\/p>\r\n    <a class=\"promotionalLink\" href=\"https:\/\/app.talkpal.ai\/tr\/signup?lng=\">Talkpal \u00fccretsiz deneyin<\/a>\r\n<\/section>\n<div class=\"wp-block-group pageContainerStyle\"><div class=\"wp-block-group__inner-container is-layout-constrained wp-block-group-is-layout-constrained\">\n<h2 class=\"wp-block-heading\" id=\"h-norwegian-grammar-topics\">Norve\u00e7\u00e7e Dilbilgisi Konular\u0131<\/h2>\n\n\n\n<p>Norve\u00e7\u00e7e \u00f6\u011frenmek, zengin bir k\u00fclt\u00fcrel tarihe, \u00e7arp\u0131c\u0131 manzaralara ve Norve\u00e7&#8217;te benzersiz bir ya\u015fam tarz\u0131na kap\u0131 a\u00e7t\u0131\u011f\u0131 i\u00e7in heyecan verici ve \u00f6d\u00fcllendirici bir deneyim olabilir. Bir Kuzey Cermen dili olan Norve\u00e7\u00e7e, kom\u015fu dilleri \u0130sve\u00e7\u00e7e ve Danca ile bir\u00e7ok benzerli\u011fi payla\u015f\u0131r. Bununla birlikte, kendine \u00f6zg\u00fc dilbilgisi, telaffuzu ve kelime da\u011farc\u0131\u011f\u0131na sahiptir. Bu g\u00fczel dille ba\u015fa \u00e7\u0131kmak i\u00e7in Norve\u00e7\u00e7e dilbilgisini ve \u00e7e\u015fitli bile\u015fenlerini anlamak \u00e7ok \u00f6nemlidir. Bu k\u0131lavuzda, dil \u00f6\u011frenme yolculu\u011funuz i\u00e7in g\u00fc\u00e7l\u00fc bir temel olu\u015fturman\u0131za yard\u0131mc\u0131 olmak \u00fczere zamanlar, fiiller, isimler, artikeller, zamirler, s\u0131fatlar, zarflar, \u015fart c\u00fcmleleri, edatlar ve c\u00fcmleler dahil olmak \u00fczere Norve\u00e7\u00e7e dilbilgisinin temel y\u00f6nlerini inceleyece\u011fiz.<\/p>\n\n\n\n<h3 class=\"wp-block-heading\" id=\"h-1-tenses\">1. Zamanlar:<\/h3>\n\n\n\n<p>Ba\u015flang\u0131\u00e7 noktas\u0131 olarak, Norve\u00e7\u00e7e zamanlar\u0131 anlamaya odaklan\u0131n. Norve\u00e7\u00e7e&#8217;nin \u00fc\u00e7 ana zaman\u0131 vard\u0131r: \u015fimdiki zaman, ge\u00e7mi\u015f ve gelecek, zaman i\u00e7inde farkl\u0131 noktalardaki eylemleri ve olaylar\u0131 ifade etmek i\u00e7in \u00e7ok \u00f6nemlidir. Fiillerin nas\u0131l \u00e7ekildi\u011fini ve \u00e7e\u015fitli zamanlarda nas\u0131l de\u011fi\u015ftiklerini \u00f6\u011frenin.<\/p>\n\n\n\n<h3 class=\"wp-block-heading\" id=\"h-2-tense-comparison\">2. Gergin Kar\u015f\u0131la\u015ft\u0131rma:<\/h3>\n\n\n\n<p>Temel zamanlar\u0131 kavrad\u0131ktan sonra, birbirleriyle nas\u0131l kar\u015f\u0131la\u015ft\u0131r\u0131ld\u0131klar\u0131n\u0131 ve kontrast olu\u015fturduklar\u0131n\u0131 ke\u015ffedin. Bu, anlam n\u00fcanslar\u0131n\u0131 anlaman\u0131za ve anlama ve ileti\u015fim becerilerinizi geli\u015ftirmenize yard\u0131mc\u0131 olacakt\u0131r.<\/p>\n\n\n\n<h3 class=\"wp-block-heading\" id=\"h-3-verbs\">3. Fiiller:<\/h3>\n\n\n\n<p>Norve\u00e7\u00e7e fiiller, c\u00fcmle kurmak ve anlam iletmek i\u00e7in hayati \u00f6nem ta\u015f\u0131r. Farkl\u0131 fiil t\u00fcrleri ve bunlar\u0131n bir c\u00fcmledeki \u00f6zneler ve nesnelerle nas\u0131l etkile\u015fime girdikleri hakk\u0131nda bilgi edinin. Ek olarak, modal fiiller kavram\u0131n\u0131 ve bunlar\u0131n gereklilik, olas\u0131l\u0131k ve y\u00fck\u00fcml\u00fcl\u00fc\u011f\u00fc nas\u0131l ifade ettiklerini anlay\u0131n.<\/p>\n\n\n\n<h3 class=\"wp-block-heading\" id=\"h-4-nouns\">4. \u0130simler:<\/h3>\n\n\n\n<p>Norve\u00e7\u00e7e isimler \u00fc\u00e7 cinsiyete ayr\u0131l\u0131r: eril, di\u015fil ve n\u00f6tr. Bu, makalelerin, s\u0131fatlar\u0131n ve zamirlerin onlarla birlikte kullan\u0131lma \u015feklini etkiler. \u00c7o\u011ful olu\u015fturma kurallar\u0131n\u0131 ve isimlerin belirli ve belirsiz bi\u00e7imlerini \u00f6\u011frenin.<\/p>\n\n\n\n<h3 class=\"wp-block-heading\" id=\"h-5-articles\">5. Makaleler:<\/h3>\n\n\n\n<p>Makaleler, isimlere e\u015flik eden ve cinsiyetlerini ve say\u0131lar\u0131n\u0131 belirten k\u0131sa kelimelerdir. Norve\u00e7\u00e7e, c\u00fcmleleri do\u011fru bir \u015fekilde kurmak i\u00e7in \u00e7ok \u00f6nemli olan belirli ve belirsiz artikellere sahiptir.<\/p>\n\n\n\n<h3 class=\"wp-block-heading\" id=\"h-6-pronouns-determiners\">6. Zamirler\/Belirleyiciler:<\/h3>\n\n\n\n<p>Bu kelimeler isimlerin yerini al\u0131r veya de\u011fi\u015ftirir ve at\u0131fta bulunduklar\u0131 isimle cinsiyet ve say\u0131 olarak ayn\u0131 fikirde olmal\u0131d\u0131rlar. Ki\u015fisel, iyelik, g\u00f6sterici ve ilgi zamirleri dahil olmak \u00fczere \u00e7e\u015fitli zamir ve belirleyici t\u00fcrlerini inceleyin.<\/p>\n\n\n\n<h3 class=\"wp-block-heading\" id=\"h-7-adjectives\">7. S\u0131fatlar:<\/h3>\n\n\n\n<p>S\u0131fatlar isimleri ve zamirleri tan\u0131mlar veya de\u011fi\u015ftirir. De\u011fi\u015ftirdikleri isimlerin cinsiyeti ve say\u0131s\u0131 ile anla\u015fma kurallar\u0131n\u0131 anlayarak s\u0131fatlar\u0131 nas\u0131l do\u011fru kullanaca\u011f\u0131n\u0131z\u0131 \u00f6\u011frenin.<\/p>\n\n\n\n<h3 class=\"wp-block-heading\" id=\"h-8-adverbs\">8. Zarflar:<\/h3>\n\n\n\n<p>Zarflar fiilleri, s\u0131fatlar\u0131 veya di\u011fer zarflar\u0131 de\u011fi\u015ftirerek eylemler veya nitelikler hakk\u0131nda ek bilgi sa\u011flar. Farkl\u0131 zarf t\u00fcrlerini ve bunlar\u0131 c\u00fcmlelerinizde nas\u0131l etkili bir \u015fekilde kullanaca\u011f\u0131n\u0131z\u0131 \u00f6\u011frenin.<\/p>\n\n\n\n<h3 class=\"wp-block-heading\" id=\"h-9-conditionals\">9. Ko\u015fullar:<\/h3>\n\n\n\n<p>Ko\u015fullar, varsay\u0131msal durumlar\u0131 ve sonu\u00e7lar\u0131n\u0131 ifade etmek i\u00e7in kullan\u0131l\u0131r. Farkl\u0131 ko\u015ful t\u00fcrlerini ve do\u011fru fiil formlar\u0131n\u0131 ve ba\u011fla\u00e7lar\u0131 kullanarak bunlar\u0131n nas\u0131l olu\u015fturulaca\u011f\u0131n\u0131 inceleyin.<\/p>\n\n\n\n<h3 class=\"wp-block-heading\" id=\"h-10-prepositions\">10. Edatlar:<\/h3>\n\n\n\n<p>Edatlar, bir c\u00fcmledeki isimler, zamirler ve di\u011fer kelimeler aras\u0131ndaki ili\u015fkileri g\u00f6steren k\u0131sa kelimelerdir. Edatlar\u0131n kullan\u0131m\u0131na hakim olmak, Norve\u00e7\u00e7e&#8217;de do\u011fru c\u00fcmleleri anlamak ve olu\u015fturmak i\u00e7in \u00e7ok \u00f6nemlidir.<\/p>\n\n\n\n<h3 class=\"wp-block-heading\" id=\"h-11-sentences\">11. C\u00fcmleler:<\/h3>\n\n\n\n<p>Son olarak, fiiller, isimler, artikeller, zamirler, s\u0131fatlar, zarflar, ko\u015fullular ve edatlar hakk\u0131ndaki bilginizi birle\u015ftirerek Norve\u00e7\u00e7e c\u00fcmle kurma al\u0131\u015ft\u0131rmas\u0131 yap\u0131n. Farkl\u0131 c\u00fcmle yap\u0131lar\u0131n\u0131 deneyin ve dilde yetkin olmak i\u00e7in sorular, ifadeler ve komutlar olu\u015fturma al\u0131\u015ft\u0131rmas\u0131 yap\u0131n.<\/p>\n<\/div><\/div>\n\r\n<section class=\"learnNavigationSection\">\r\n            \r\n        <a href=\"https:\/\/talkpal.ai\/tr\/norvecce-ogren\/\">\r\n            <div class=\"learnNavigationWrapper\">\r\n                <div class=\"learnNavigationContent\">\r\n                    <img decoding=\"async\" src=\"https:\/\/talkpal.ai\/wp-content\/uploads\/2024\/08\/Norwegian.jpg\" alt=\"Norwegian Flag\">\r\n                    <div>\r\n                        <h4>Norve\u00e7\u00e7e \u00d6\u011frenim Hakk\u0131nda<\/h4>\r\n                        <p>Norve\u00e7\u00e7e dilbilgisi hakk\u0131nda her \u015feyi \u00f6\u011frenin .<\/p>\r\n                    <\/div>\r\n                <\/div>\r\n            <\/div>\r\n        <\/a>\r\n\r\n        \r\n        <a href=\"https:\/\/talkpal.ai\/tr\/norvecce-dilbilgisi\/\">\r\n            <div class=\"learnNavigationWrapper\">\r\n                <div class=\"learnNavigationContent\">\r\n                    <img decoding=\"async\" src=\"https:\/\/talkpal.ai\/wp-content\/uploads\/2024\/08\/Norwegian.jpg\" alt=\"Norwegian Flag\">\r\n                    <div>\r\n                        <h4>Norve\u00e7\u00e7e Gramer Dersleri<\/h4>\r\n                        <p>Norve\u00e7\u00e7e dilbilgisi al\u0131\u015ft\u0131rmas\u0131 yap\u0131n .<\/p>\r\n                    <\/div>\r\n                <\/div>\r\n            <\/div>\r\n        <\/a>\r\n\r\n        \r\n        <a href=\"https:\/\/talkpal.ai\/vocabulary_language\/norwegian\/\">\r\n            <div class=\"learnNavigationWrapper\">\r\n                <div class=\"learnNavigationContent\">\r\n                    <img decoding=\"async\" src=\"https:\/\/talkpal.ai\/wp-content\/uploads\/2024\/08\/Norwegian.jpg\" alt=\"Norwegian Flag\">\r\n                    <div>\r\n                        <h4>Norve\u00e7\u00e7e Kelime Bilgisi<\/h4>\r\n                        <p>Norve\u00e7\u00e7e kelime da\u011farc\u0131\u011f\u0131n\u0131z\u0131 geni\u015fletin.<\/p>\r\n                    <\/div>\r\n                <\/div>\r\n            <\/div>\r\n        <\/a>\r\n\r\n            <\/section>","protected":false},"excerpt":{"rendered":"<p>Norve\u00e7\u00e7e Dilbilgisi Konular\u0131 Norve\u00e7\u00e7e \u00f6\u011frenmek, zengin bir k\u00fclt\u00fcrel tarihe, \u00e7arp\u0131c\u0131 manzaralara ve Norve\u00e7&#8217;te benzersiz bir ya\u015fam tarz\u0131na kap\u0131 a\u00e7t\u0131\u011f\u0131 i\u00e7in heyecan verici ve \u00f6d\u00fcllendirici bir deneyim olabilir. Bir Kuzey Cermen dili olan Norve\u00e7\u00e7e, kom\u015fu dilleri \u0130sve\u00e7\u00e7e ve Danca ile bir\u00e7ok benzerli\u011fi payla\u015f\u0131r. Bununla birlikte, kendine \u00f6zg\u00fc dilbilgisi, telaffuzu ve kelime da\u011farc\u0131\u011f\u0131na sahiptir. Bu g\u00fczel dille [&hellip;]<\/p>\n","protected":false},"author":6,"featured_media":117003,"parent":0,"menu_order":0,"comment_status":"closed","ping_status":"closed","template":"LearningContentPage.php","meta":{"_acf_changed":false,"footnotes":""},"class_list":["post-158345","page","type-page","status-publish","has-post-thumbnail","hentry"],"acf":[],"yoast_head":"<!-- This site is optimized with the Yoast SEO Premium plugin v27.2 (Yoast SEO v27.2) - https:\/\/yoast.com\/product\/yoast-seo-premium-wordpress\/ -->\n<title>Norve\u00e7\u00e7e Dilbilgisi Al\u0131\u015ft\u0131rmalar\u0131 - Talkpal<\/title>\n<meta name=\"description\" content=\"\u0130lgi \u00e7ekici Norve\u00e7\u00e7e dilbilgisi al\u0131\u015ft\u0131rmalar\u0131yla becerilerinizi geli\u015ftirin. Her seviyedeki \u00f6\u011frencinin etkili bir \u015fekilde pratik yapmas\u0131 i\u00e7in m\u00fckemmeldir.\" \/>\n<meta name=\"robots\" content=\"index, follow, max-snippet:-1, max-image-preview:large, max-video-preview:-1\" \/>\n<link rel=\"canonical\" href=\"https:\/\/talkpal.ai\/tr\/norvecce-dilbilgisi-alistirmalari\/\" \/>\n<meta property=\"og:locale\" content=\"tr_TR\" \/>\n<meta property=\"og:type\" content=\"article\" \/>\n<meta property=\"og:title\" content=\"Norve\u00e7\u00e7e Dilbilgisi Al\u0131\u015ft\u0131rmalar\u0131\" \/>\n<meta property=\"og:description\" content=\"Norve\u00e7\u00e7e Dilbilgisi Konular\u0131 Norve\u00e7\u00e7e \u00f6\u011frenmek, zengin bir k\u00fclt\u00fcrel tarihe, \u00e7arp\u0131c\u0131 manzaralara ve Norve\u00e7&#039;te benzersiz bir ya\u015fam tarz\u0131na kap\u0131 a\u00e7t\u0131\u011f\u0131 i\u00e7in\" \/>\n<meta property=\"og:url\" content=\"https:\/\/talkpal.ai\/tr\/norvecce-dilbilgisi-alistirmalari\/\" \/>\n<meta property=\"og:site_name\" content=\"Talkpal\" \/>\n<meta property=\"article:publisher\" content=\"https:\/\/www.facebook.com\/profile.php?id=100090733639311\" \/>\n<meta property=\"article:modified_time\" content=\"2025-12-17T14:37:32+00:00\" \/>\n<meta property=\"og:image\" content=\"https:\/\/talkpal.ai\/wp-content\/uploads\/2023\/05\/norway.png\" \/>\n\t<meta property=\"og:image:width\" content=\"512\" \/>\n\t<meta property=\"og:image:height\" content=\"512\" \/>\n\t<meta property=\"og:image:type\" content=\"image\/png\" \/>\n<meta name=\"twitter:card\" content=\"summary_large_image\" \/>\n<meta name=\"twitter:site\" content=\"@talkpalai\" \/>\n<meta name=\"twitter:label1\" content=\"Tahmini okuma s\u00fcresi\" \/>\n\t<meta name=\"twitter:data1\" content=\"3 dakika\" \/>\n<script type=\"application\/ld+json\" class=\"yoast-schema-graph\">{\"@context\":\"https:\/\/schema.org\",\"@graph\":[{\"@type\":\"WebPage\",\"@id\":\"https:\/\/talkpal.ai\/tr\/norvecce-dilbilgisi-alistirmalari\/\",\"url\":\"https:\/\/talkpal.ai\/tr\/norvecce-dilbilgisi-alistirmalari\/\",\"name\":\"Norve\u00e7\u00e7e Dilbilgisi Al\u0131\u015ft\u0131rmalar\u0131 - Talkpal\",\"isPartOf\":{\"@id\":\"https:\/\/talkpal.ai\/tr\/#website\"},\"primaryImageOfPage\":{\"@id\":\"https:\/\/talkpal.ai\/tr\/norvecce-dilbilgisi-alistirmalari\/#primaryimage\"},\"image\":{\"@id\":\"https:\/\/talkpal.ai\/tr\/norvecce-dilbilgisi-alistirmalari\/#primaryimage\"},\"thumbnailUrl\":\"https:\/\/talkpal.ai\/wp-content\/uploads\/2023\/05\/norway.png\",\"datePublished\":\"2023-06-27T08:41:59+00:00\",\"dateModified\":\"2025-12-17T14:37:32+00:00\",\"description\":\"\u0130lgi \u00e7ekici Norve\u00e7\u00e7e dilbilgisi al\u0131\u015ft\u0131rmalar\u0131yla becerilerinizi geli\u015ftirin. Her seviyedeki \u00f6\u011frencinin etkili bir \u015fekilde pratik yapmas\u0131 i\u00e7in m\u00fckemmeldir.\",\"breadcrumb\":{\"@id\":\"https:\/\/talkpal.ai\/tr\/norvecce-dilbilgisi-alistirmalari\/#breadcrumb\"},\"inLanguage\":\"tr\",\"potentialAction\":[{\"@type\":\"ReadAction\",\"target\":[\"https:\/\/talkpal.ai\/tr\/norvecce-dilbilgisi-alistirmalari\/\"]}]},{\"@type\":\"ImageObject\",\"inLanguage\":\"tr\",\"@id\":\"https:\/\/talkpal.ai\/tr\/norvecce-dilbilgisi-alistirmalari\/#primaryimage\",\"url\":\"https:\/\/talkpal.ai\/wp-content\/uploads\/2023\/05\/norway.png\",\"contentUrl\":\"https:\/\/talkpal.ai\/wp-content\/uploads\/2023\/05\/norway.png\",\"width\":512,\"height\":512},{\"@type\":\"BreadcrumbList\",\"@id\":\"https:\/\/talkpal.ai\/tr\/norvecce-dilbilgisi-alistirmalari\/#breadcrumb\",\"itemListElement\":[{\"@type\":\"ListItem\",\"position\":1,\"name\":\"Homepage\",\"item\":\"https:\/\/talkpal.ai\/tr\/\"},{\"@type\":\"ListItem\",\"position\":2,\"name\":\"Norve\u00e7\u00e7e Dilbilgisi Al\u0131\u015ft\u0131rmalar\u0131\"}]},{\"@type\":\"WebSite\",\"@id\":\"https:\/\/talkpal.ai\/tr\/#website\",\"url\":\"https:\/\/talkpal.ai\/tr\/\",\"name\":\"Talkpal\",\"description\":\"AI Language Learning\",\"publisher\":{\"@id\":\"https:\/\/talkpal.ai\/tr\/#organization\"},\"alternateName\":\"Talkpal AI\",\"potentialAction\":[{\"@type\":\"SearchAction\",\"target\":{\"@type\":\"EntryPoint\",\"urlTemplate\":\"https:\/\/talkpal.ai\/tr\/?s={search_term_string}\"},\"query-input\":{\"@type\":\"PropertyValueSpecification\",\"valueRequired\":true,\"valueName\":\"search_term_string\"}}],\"inLanguage\":\"tr\"},{\"@type\":\"Organization\",\"@id\":\"https:\/\/talkpal.ai\/tr\/#organization\",\"name\":\"Talkpal, Inc.\",\"alternateName\":\"Talkpal AI\",\"url\":\"https:\/\/talkpal.ai\/tr\/\",\"logo\":{\"@type\":\"ImageObject\",\"inLanguage\":\"tr\",\"@id\":\"https:\/\/talkpal.ai\/tr\/#\/schema\/logo\/image\/\",\"url\":\"https:\/\/talkpal.ai\/wp-content\/uploads\/2024\/03\/Talkpal-Logo-Icon.png\",\"contentUrl\":\"https:\/\/talkpal.ai\/wp-content\/uploads\/2024\/03\/Talkpal-Logo-Icon.png\",\"width\":2880,\"height\":2880,\"caption\":\"Talkpal, Inc.\"},\"image\":{\"@id\":\"https:\/\/talkpal.ai\/tr\/#\/schema\/logo\/image\/\"},\"sameAs\":[\"https:\/\/www.facebook.com\/profile.php?id=100090733639311\",\"https:\/\/x.com\/talkpalai\",\"https:\/\/www.linkedin.com\/company\/talkpal\/\",\"https:\/\/www.youtube.com\/@TalkPal\/\",\"https:\/\/www.tiktok.com\/@talkpal\",\"https:\/\/www.instagram.com\/talkpal_ai\/\",\"https:\/\/www.crunchbase.com\/organization\/talkpal-9cde\",\"https:\/\/www.g2.com\/products\/talkpal-for-business\/\",\"https:\/\/www.trustpilot.com\/review\/talkpal.ai\",\"https:\/\/www.capterra.com\/p\/10006800\/TalkPal\/\"],\"description\":\"Talkpal is a language learning web and mobile education app, powered by the latest AI technologies, that provides engaging experiences to its customers in many different languages to help them improve their language skills. Users can chat about unlimited amount of topics with the app and use other modes to practice their language learning.\",\"email\":\"support@talkpal.ai\",\"legalName\":\"Talkpal, Inc.\",\"foundingDate\":\"2023-04-03\",\"duns\":\"118989042\",\"numberOfEmployees\":{\"@type\":\"QuantitativeValue\",\"minValue\":\"11\",\"maxValue\":\"50\"},\"publishingPrinciples\":\"https:\/\/talkpal.ai\/publishing-principles\/\",\"actionableFeedbackPolicy\":\"https:\/\/talkpal.ai\/actionable-feedback-policy\/\",\"correctionsPolicy\":\"https:\/\/talkpal.ai\/corrections-policy\/\",\"ethicsPolicy\":\"https:\/\/talkpal.ai\/ethics-policy\/\",\"diversityPolicy\":\"https:\/\/talkpal.ai\/diversity-policy\/\",\"diversityStaffingReport\":\"https:\/\/talkpal.ai\/diversity-policy\/\"}]}<\/script>\n<!-- \/ Yoast SEO Premium plugin. -->","yoast_head_json":{"title":"Norve\u00e7\u00e7e Dilbilgisi Al\u0131\u015ft\u0131rmalar\u0131 - Talkpal","description":"\u0130lgi \u00e7ekici Norve\u00e7\u00e7e dilbilgisi al\u0131\u015ft\u0131rmalar\u0131yla becerilerinizi geli\u015ftirin. Her seviyedeki \u00f6\u011frencinin etkili bir \u015fekilde pratik yapmas\u0131 i\u00e7in m\u00fckemmeldir.","robots":{"index":"index","follow":"follow","max-snippet":"max-snippet:-1","max-image-preview":"max-image-preview:large","max-video-preview":"max-video-preview:-1"},"canonical":"https:\/\/talkpal.ai\/tr\/norvecce-dilbilgisi-alistirmalari\/","og_locale":"tr_TR","og_type":"article","og_title":"Norve\u00e7\u00e7e Dilbilgisi Al\u0131\u015ft\u0131rmalar\u0131","og_description":"Norve\u00e7\u00e7e Dilbilgisi Konular\u0131 Norve\u00e7\u00e7e \u00f6\u011frenmek, zengin bir k\u00fclt\u00fcrel tarihe, \u00e7arp\u0131c\u0131 manzaralara ve Norve\u00e7'te benzersiz bir ya\u015fam tarz\u0131na kap\u0131 a\u00e7t\u0131\u011f\u0131 i\u00e7in","og_url":"https:\/\/talkpal.ai\/tr\/norvecce-dilbilgisi-alistirmalari\/","og_site_name":"Talkpal","article_publisher":"https:\/\/www.facebook.com\/profile.php?id=100090733639311","article_modified_time":"2025-12-17T14:37:32+00:00","og_image":[{"width":512,"height":512,"url":"https:\/\/talkpal.ai\/wp-content\/uploads\/2023\/05\/norway.png","type":"image\/png"}],"twitter_card":"summary_large_image","twitter_site":"@talkpalai","twitter_misc":{"Tahmini okuma s\u00fcresi":"3 dakika"},"schema":{"@context":"https:\/\/schema.org","@graph":[{"@type":"WebPage","@id":"https:\/\/talkpal.ai\/tr\/norvecce-dilbilgisi-alistirmalari\/","url":"https:\/\/talkpal.ai\/tr\/norvecce-dilbilgisi-alistirmalari\/","name":"Norve\u00e7\u00e7e Dilbilgisi Al\u0131\u015ft\u0131rmalar\u0131 - Talkpal","isPartOf":{"@id":"https:\/\/talkpal.ai\/tr\/#website"},"primaryImageOfPage":{"@id":"https:\/\/talkpal.ai\/tr\/norvecce-dilbilgisi-alistirmalari\/#primaryimage"},"image":{"@id":"https:\/\/talkpal.ai\/tr\/norvecce-dilbilgisi-alistirmalari\/#primaryimage"},"thumbnailUrl":"https:\/\/talkpal.ai\/wp-content\/uploads\/2023\/05\/norway.png","datePublished":"2023-06-27T08:41:59+00:00","dateModified":"2025-12-17T14:37:32+00:00","description":"\u0130lgi \u00e7ekici Norve\u00e7\u00e7e dilbilgisi al\u0131\u015ft\u0131rmalar\u0131yla becerilerinizi geli\u015ftirin. Her seviyedeki \u00f6\u011frencinin etkili bir \u015fekilde pratik yapmas\u0131 i\u00e7in m\u00fckemmeldir.","breadcrumb":{"@id":"https:\/\/talkpal.ai\/tr\/norvecce-dilbilgisi-alistirmalari\/#breadcrumb"},"inLanguage":"tr","potentialAction":[{"@type":"ReadAction","target":["https:\/\/talkpal.ai\/tr\/norvecce-dilbilgisi-alistirmalari\/"]}]},{"@type":"ImageObject","inLanguage":"tr","@id":"https:\/\/talkpal.ai\/tr\/norvecce-dilbilgisi-alistirmalari\/#primaryimage","url":"https:\/\/talkpal.ai\/wp-content\/uploads\/2023\/05\/norway.png","contentUrl":"https:\/\/talkpal.ai\/wp-content\/uploads\/2023\/05\/norway.png","width":512,"height":512},{"@type":"BreadcrumbList","@id":"https:\/\/talkpal.ai\/tr\/norvecce-dilbilgisi-alistirmalari\/#breadcrumb","itemListElement":[{"@type":"ListItem","position":1,"name":"Homepage","item":"https:\/\/talkpal.ai\/tr\/"},{"@type":"ListItem","position":2,"name":"Norve\u00e7\u00e7e Dilbilgisi Al\u0131\u015ft\u0131rmalar\u0131"}]},{"@type":"WebSite","@id":"https:\/\/talkpal.ai\/tr\/#website","url":"https:\/\/talkpal.ai\/tr\/","name":"Talkpal","description":"AI Language Learning","publisher":{"@id":"https:\/\/talkpal.ai\/tr\/#organization"},"alternateName":"Talkpal AI","potentialAction":[{"@type":"SearchAction","target":{"@type":"EntryPoint","urlTemplate":"https:\/\/talkpal.ai\/tr\/?s={search_term_string}"},"query-input":{"@type":"PropertyValueSpecification","valueRequired":true,"valueName":"search_term_string"}}],"inLanguage":"tr"},{"@type":"Organization","@id":"https:\/\/talkpal.ai\/tr\/#organization","name":"Talkpal, Inc.","alternateName":"Talkpal AI","url":"https:\/\/talkpal.ai\/tr\/","logo":{"@type":"ImageObject","inLanguage":"tr","@id":"https:\/\/talkpal.ai\/tr\/#\/schema\/logo\/image\/","url":"https:\/\/talkpal.ai\/wp-content\/uploads\/2024\/03\/Talkpal-Logo-Icon.png","contentUrl":"https:\/\/talkpal.ai\/wp-content\/uploads\/2024\/03\/Talkpal-Logo-Icon.png","width":2880,"height":2880,"caption":"Talkpal, Inc."},"image":{"@id":"https:\/\/talkpal.ai\/tr\/#\/schema\/logo\/image\/"},"sameAs":["https:\/\/www.facebook.com\/profile.php?id=100090733639311","https:\/\/x.com\/talkpalai","https:\/\/www.linkedin.com\/company\/talkpal\/","https:\/\/www.youtube.com\/@TalkPal\/","https:\/\/www.tiktok.com\/@talkpal","https:\/\/www.instagram.com\/talkpal_ai\/","https:\/\/www.crunchbase.com\/organization\/talkpal-9cde","https:\/\/www.g2.com\/products\/talkpal-for-business\/","https:\/\/www.trustpilot.com\/review\/talkpal.ai","https:\/\/www.capterra.com\/p\/10006800\/TalkPal\/"],"description":"Talkpal is a language learning web and mobile education app, powered by the latest AI technologies, that provides engaging experiences to its customers in many different languages to help them improve their language skills. Users can chat about unlimited amount of topics with the app and use other modes to practice their language learning.","email":"support@talkpal.ai","legalName":"Talkpal, Inc.","foundingDate":"2023-04-03","duns":"118989042","numberOfEmployees":{"@type":"QuantitativeValue","minValue":"11","maxValue":"50"},"publishingPrinciples":"https:\/\/talkpal.ai\/publishing-principles\/","actionableFeedbackPolicy":"https:\/\/talkpal.ai\/actionable-feedback-policy\/","correctionsPolicy":"https:\/\/talkpal.ai\/corrections-policy\/","ethicsPolicy":"https:\/\/talkpal.ai\/ethics-policy\/","diversityPolicy":"https:\/\/talkpal.ai\/diversity-policy\/","diversityStaffingReport":"https:\/\/talkpal.ai\/diversity-policy\/"}]}},"_links":{"self":[{"href":"https:\/\/talkpal.ai\/tr\/wp-json\/wp\/v2\/pages\/158345","targetHints":{"allow":["GET"]}}],"collection":[{"href":"https:\/\/talkpal.ai\/tr\/wp-json\/wp\/v2\/pages"}],"about":[{"href":"https:\/\/talkpal.ai\/tr\/wp-json\/wp\/v2\/types\/page"}],"author":[{"embeddable":true,"href":"https:\/\/talkpal.ai\/tr\/wp-json\/wp\/v2\/users\/6"}],"replies":[{"embeddable":true,"href":"https:\/\/talkpal.ai\/tr\/wp-json\/wp\/v2\/comments?post=158345"}],"version-history":[{"count":0,"href":"https:\/\/talkpal.ai\/tr\/wp-json\/wp\/v2\/pages\/158345\/revisions"}],"wp:featuredmedia":[{"embeddable":true,"href":"https:\/\/talkpal.ai\/tr\/wp-json\/wp\/v2\/media\/117003"}],"wp:attachment":[{"href":"https:\/\/talkpal.ai\/tr\/wp-json\/wp\/v2\/media?parent=158345"}],"curies":[{"name":"wp","href":"https:\/\/api.w.org\/{rel}","templated":true}]}}