{"id":158067,"date":"2023-06-27T08:51:37","date_gmt":"2023-06-27T08:51:37","guid":{"rendered":"http:\/\/talkpal.ai\/farsca-gramer-alistirmalari\/"},"modified":"2025-12-17T15:25:42","modified_gmt":"2025-12-17T15:25:42","slug":"farsca-gramer-alistirmalari","status":"publish","type":"page","link":"https:\/\/talkpal.ai\/tr\/farsca-gramer-alistirmalari\/","title":{"rendered":"Fars\u00e7a Gramer Al\u0131\u015ft\u0131rmalar\u0131"},"content":{"rendered":"\r\n\r\n\r\n<section class=\"languageChallengeSection\">\r\n    <div class=\"languageInfoWrapper\">\r\n        \r\n        <h1>Fars\u00e7a Gramer Al\u0131\u015ft\u0131rmalar\u0131<\/h1>\r\n        <p><a href=\"https:\/\/talkpal.ai\/learn-persian\/\">Fars\u00e7a<\/a> becerilerinizi geli\u015ftirmeye haz\u0131r m\u0131s\u0131n\u0131z? Dilbilgisi al\u0131\u015ft\u0131rmalar\u0131 yapmak, c\u00fcmle yap\u0131s\u0131, fiil formlar\u0131 ve Fars\u00e7a dilinin temel kal\u0131plar\u0131na hakim olmak i\u00e7in m\u00fckemmel bir yoldur. <a href=\"https:\/\/talkpal.ai\/persian-grammar\/\">Fars\u00e7a dilbilgisi<\/a> \u00fczerinde \u00e7al\u0131\u015fmaya bug\u00fcn ba\u015flay\u0131n ve her yeni al\u0131\u015ft\u0131rmada anlay\u0131\u015f\u0131n\u0131z\u0131n ve g\u00fcveninizin artmas\u0131n\u0131 izleyin!<\/p>\r\n\r\n                            <a class=\"getStartedHidden\" href=\"https:\/\/app.talkpal.ai\/tr\/signup?lng=\">Hadi ba\u015fla<\/a>\r\n        \r\n    <\/div>\r\n\r\n    <figure>\r\n    <img decoding=\"async\" width=\"768\" height=\"768\" src=\"https:\/\/talkpal.ai\/wp-content\/uploads\/2023\/06\/persian-768x768.png\" class=\"languageImage no-lazy\" alt=\"Language learning to comprehend global news\" fetchpriority=\"high\" sizes=\"(max-width: 768px) 150px, 768px\" srcset=\"https:\/\/talkpal.ai\/wp-content\/uploads\/2023\/06\/persian-768x768.png 768w, https:\/\/talkpal.ai\/wp-content\/uploads\/2023\/06\/persian-300x300.png 300w\" \/>\r\n    \r\n\r\n    <\/figure>\r\n\r\n            <a class=\"getStartedVisible\" href=\"https:\/\/app.talkpal.ai\/tr\/signup?lng=\">Hadi ba\u015fla<\/a>\r\n    \r\n<\/section>\r\n\r\n\r\n<!-- <section class=\"grammarSection\">\r\n    <div class=\"grammarLinks\">\r\n            <\/div>\r\n<\/section> -->\r\n\r\n\r\n\r\n\r\n<section class=\"promotionalBanner\">\r\n    <p class=\"promotionalText\">Dil \u00f6\u011frenmenin en etkili yolu<\/p>\r\n    <a class=\"promotionalLink\" href=\"https:\/\/app.talkpal.ai\/tr\/signup?lng=\">Talkpal \u00fccretsiz deneyin<\/a>\r\n<\/section>\n<div class=\"wp-block-group pageContainerStyle\"><div class=\"wp-block-group__inner-container is-layout-constrained wp-block-group-is-layout-constrained\">\n<h2 class=\"wp-block-heading\" id=\"h-persian-grammar-topics\">Fars\u00e7a Dilbilgisi Konular\u0131<\/h2>\n\n\n\n<p>Fars\u00e7a olarak da bilinen Fars\u00e7a \u00f6\u011frenmek, \u0130ran&#8217;\u0131n ve Fars\u00e7a konu\u015fulan di\u011fer b\u00f6lgelerin zengin k\u00fclt\u00fcr\u00fcn\u00fc ve tarihini anlamak i\u00e7in yeni f\u0131rsatlar sunan heyecan verici ve \u00f6d\u00fcllendirici bir yolculuk olabilir. Bir \u00f6\u011frenci olarak, Fars\u00e7a dilbilgisinin \u00e7e\u015fitli y\u00f6nlerine hakim olmak, dilde g\u00fc\u00e7l\u00fc bir temel olu\u015fturmak i\u00e7in \u00e7ok \u00f6nemlidir. Bu k\u0131lavuzda, \u00f6\u011frenme s\u00fcrecinizi sistematik ve etkili bir \u015fekilde yap\u0131land\u0131rman\u0131za yard\u0131mc\u0131 olmak i\u00e7in zamanlar, fiiller, isimler, artikeller ve di\u011fer temel unsurlar dahil olmak \u00fczere Fars\u00e7a dilbilgisinin farkl\u0131 y\u00f6nlerini ke\u015ffedece\u011fiz.<\/p>\n\n\n\n<h3 class=\"wp-block-heading\" id=\"h-1-nouns\">1. \u0130simler:<\/h3>\n\n\n\n<p>Cinsiyetleri (t\u00fcm Fars\u00e7a isimler cinsiyetsizdir), tekil ve \u00e7o\u011ful formlar\u0131 ve isimler aras\u0131ndaki sahiplik ve ili\u015fkileri g\u00f6stermek i\u00e7in &#8220;ezafe&#8221; kullan\u0131m\u0131 dahil olmak \u00fczere Fars\u00e7a isimlerin temellerini \u00f6\u011frenerek ba\u015flay\u0131n.<\/p>\n\n\n\n<h3 class=\"wp-block-heading\" id=\"h-2-pronouns-determiners\">2. Zamirler\/Belirleyiciler:<\/h3>\n\n\n\n<p>\u0130simlere a\u015fina oldu\u011funuzda, zamirleri ve belirleyicileri \u00f6\u011frenmeye devam edin. Bu, Fars\u00e7a&#8217;da insanlara ve nesnelere nas\u0131l at\u0131fta bulunaca\u011f\u0131n\u0131z\u0131 anlaman\u0131za ve g\u00f6stericileri, iyelik eklerini ve niceleyicileri nas\u0131l kullanaca\u011f\u0131n\u0131z\u0131 anlaman\u0131za yard\u0131mc\u0131 olacakt\u0131r.<\/p>\n\n\n\n<h3 class=\"wp-block-heading\" id=\"h-3-adjectives\">3. S\u0131fatlar:<\/h3>\n\n\n\n<p>Bir c\u00fcmledeki yerle\u015fimleri ve de\u011fi\u015ftirdikleri isimlerle nas\u0131l anla\u015ft\u0131klar\u0131 da dahil olmak \u00fczere s\u0131fatlar\u0131 kullanarak isimleri nas\u0131l tan\u0131mlayaca\u011f\u0131n\u0131z\u0131 \u00f6\u011frenin.<\/p>\n\n\n\n<h3 class=\"wp-block-heading\" id=\"h-4-verbs\">4. Fiiller:<\/h3>\n\n\n\n<p>Fiiller herhangi bir dilin bel kemi\u011fidir ve Fars\u00e7a da bir istisna de\u011fildir. Di\u011fer zamanlara ve ruh hallerine ge\u00e7meden \u00f6nce Fars\u00e7a fiil yap\u0131s\u0131n\u0131 ve basit \u015fimdiki zaman\u0131 anlamakla ba\u015flay\u0131n.<\/p>\n\n\n\n<h3 class=\"wp-block-heading\" id=\"h-5-tense-comparison\">5. Gergin Kar\u015f\u0131la\u015ft\u0131rma:<\/h3>\n\n\n\n<p>Fiillerin temellerini ve basit \u015fimdiki zaman\u0131 \u00f6\u011frendikten sonra, Fars\u00e7a&#8217;da nas\u0131l kullan\u0131ld\u0131klar\u0131n\u0131 anlamak i\u00e7in farkl\u0131 zamanlar\u0131 kar\u015f\u0131la\u015ft\u0131r\u0131n ve kar\u015f\u0131la\u015ft\u0131r\u0131n. Buna ge\u00e7mi\u015f, gelecek ve ko\u015fullu zamanlar dahildir.<\/p>\n\n\n\n<h3 class=\"wp-block-heading\" id=\"h-6-progressive-and-perfect-progressive\">6. \u0130lerici ve M\u00fckemmel \u0130lerici:<\/h3>\n\n\n\n<p>Devam eden veya tamamlanm\u0131\u015f eylemleri ifade etmek i\u00e7in Fars\u00e7a fiillerin ilerici ve m\u00fckemmel ilerici y\u00f6nlerini \u00f6\u011frenin.<\/p>\n\n\n\n<h3 class=\"wp-block-heading\" id=\"h-7-adverbs\">7. Zarflar:<\/h3>\n\n\n\n<p>Zarflar, Fars\u00e7a c\u00fcmlelerinize n\u00fcans ve ba\u011flam eklemek i\u00e7in gereklidir. Yerle\u015fimlerini ve fiilleri, s\u0131fatlar\u0131 ve di\u011fer zarflar\u0131 nas\u0131l de\u011fi\u015ftirdiklerini \u00f6\u011frenin.<\/p>\n\n\n\n<h3 class=\"wp-block-heading\" id=\"h-8-conditionals\">8. Ko\u015fullar:<\/h3>\n\n\n\n<p>Fars\u00e7a ko\u015fullu c\u00fcmleleri \u00f6\u011frenerek varsay\u0131msal durumlar\u0131 ve sonu\u00e7lar\u0131 nas\u0131l ifade edece\u011finizi anlay\u0131n.<\/p>\n\n\n\n<h3 class=\"wp-block-heading\" id=\"h-9-prepositions\">9. Edatlar:<\/h3>\n\n\n\n<p>Edatlar, bir c\u00fcmledeki kelimeler ve ifadeler aras\u0131ndaki ili\u015fkileri g\u00f6stermek i\u00e7in gereklidir. En yayg\u0131n Fars\u00e7a edatlar\u0131 ve bunlar\u0131 nas\u0131l do\u011fru kullanaca\u011f\u0131n\u0131z\u0131 \u00f6\u011frenin.<\/p>\n\n\n\n<h3 class=\"wp-block-heading\" id=\"h-10-sentences\">10. C\u00fcmleler:<\/h3>\n\n\n\n<p>Son olarak, Fars\u00e7a dilbilgisinin t\u00fcm unsurlar\u0131n\u0131 tam c\u00fcmleler olu\u015fturarak bir araya getirme al\u0131\u015ft\u0131rmas\u0131 yap\u0131n. Basit, bile\u015fik ve karma\u015f\u0131k c\u00fcmlelerin yan\u0131 s\u0131ra sorular ve emir c\u00fcmleleri dahil olmak \u00fczere farkl\u0131 c\u00fcmle yap\u0131lar\u0131na odaklan\u0131n.<\/p>\n\n\n\n<p>Fars\u00e7a dilbilgisi konular\u0131n\u0131 \u00f6\u011frenme s\u0131ras\u0131n\u0131 takip ederek, etkili bir \u015fekilde ileti\u015fim kurman\u0131za ve Fars edebiyat\u0131 ve k\u00fclt\u00fcr\u00fcn\u00fcn g\u00fczelli\u011fini takdir etmenize olanak sa\u011flayacak dilde g\u00fc\u00e7l\u00fc bir temel olu\u015fturacaks\u0131n\u0131z.<\/p>\n<\/div><\/div>\n\r\n<section class=\"learnNavigationSection\">\r\n            \r\n        <a href=\"https:\/\/talkpal.ai\/tr\/farsca-ogren\/\">\r\n            <div class=\"learnNavigationWrapper\">\r\n                <div class=\"learnNavigationContent\">\r\n                    <img decoding=\"async\" src=\"https:\/\/talkpal.ai\/wp-content\/uploads\/2024\/08\/Persian.jpg\" alt=\"Persian Flag\">\r\n                    <div>\r\n                        <h4>Persian Learning Hakk\u0131nda<\/h4>\r\n                        <p>Fars\u00e7a dilbilgisi hakk\u0131nda her \u015feyi \u00f6\u011frenin .<\/p>\r\n                    <\/div>\r\n                <\/div>\r\n            <\/div>\r\n        <\/a>\r\n\r\n        \r\n        <a href=\"https:\/\/talkpal.ai\/tr\/farsca-dilbilgisi\/\">\r\n            <div class=\"learnNavigationWrapper\">\r\n                <div class=\"learnNavigationContent\">\r\n                    <img decoding=\"async\" src=\"https:\/\/talkpal.ai\/wp-content\/uploads\/2024\/08\/Persian.jpg\" alt=\"Persian Flag\">\r\n                    <div>\r\n                        <h4>Fars\u00e7a Gramer Dersleri<\/h4>\r\n                        <p>Fars\u00e7a dilbilgisi prati\u011fi yap\u0131n .<\/p>\r\n                    <\/div>\r\n                <\/div>\r\n            <\/div>\r\n        <\/a>\r\n\r\n        \r\n        <a href=\"https:\/\/talkpal.ai\/vocabulary_language\/persian\/\">\r\n            <div class=\"learnNavigationWrapper\">\r\n                <div class=\"learnNavigationContent\">\r\n                    <img decoding=\"async\" src=\"https:\/\/talkpal.ai\/wp-content\/uploads\/2024\/08\/Persian.jpg\" alt=\"Persian Flag\">\r\n                    <div>\r\n                        <h4>Fars\u00e7a Kelime Bilgisi<\/h4>\r\n                        <p>Fars\u00e7a kelime da\u011farc\u0131\u011f\u0131n\u0131z\u0131 geni\u015fletin.<\/p>\r\n                    <\/div>\r\n                <\/div>\r\n            <\/div>\r\n        <\/a>\r\n\r\n            <\/section>","protected":false},"excerpt":{"rendered":"<p>Fars\u00e7a Dilbilgisi Konular\u0131 Fars\u00e7a olarak da bilinen Fars\u00e7a \u00f6\u011frenmek, \u0130ran&#8217;\u0131n ve Fars\u00e7a konu\u015fulan di\u011fer b\u00f6lgelerin zengin k\u00fclt\u00fcr\u00fcn\u00fc ve tarihini anlamak i\u00e7in yeni f\u0131rsatlar sunan heyecan verici ve \u00f6d\u00fcllendirici bir yolculuk olabilir. Bir \u00f6\u011frenci olarak, Fars\u00e7a dilbilgisinin \u00e7e\u015fitli y\u00f6nlerine hakim olmak, dilde g\u00fc\u00e7l\u00fc bir temel olu\u015fturmak i\u00e7in \u00e7ok \u00f6nemlidir. Bu k\u0131lavuzda, \u00f6\u011frenme s\u00fcrecinizi sistematik ve etkili [&hellip;]<\/p>\n","protected":false},"author":6,"featured_media":148629,"parent":0,"menu_order":0,"comment_status":"closed","ping_status":"closed","template":"LearningContentPage.php","meta":{"_acf_changed":false,"footnotes":""},"class_list":["post-158067","page","type-page","status-publish","has-post-thumbnail","hentry"],"acf":[],"yoast_head":"<!-- This site is optimized with the Yoast SEO Premium plugin v27.2 (Yoast SEO v27.2) - https:\/\/yoast.com\/product\/yoast-seo-premium-wordpress\/ -->\n<title>Fars\u00e7a Gramer Al\u0131\u015ft\u0131rmalar\u0131 - Talkpal<\/title>\n<meta name=\"description\" content=\"Dil becerilerinizi g\u00fc\u00e7lendirmek ve Fars\u00e7a konu\u015fulan b\u00f6lgelerin k\u00fclt\u00fcr\u00fcn\u00fc ke\u015ffetmek i\u00e7in Fars\u00e7a Dilbilgisi Al\u0131\u015ft\u0131rmalar\u0131nda ustala\u015f\u0131n.\" \/>\n<meta name=\"robots\" content=\"index, follow, max-snippet:-1, max-image-preview:large, max-video-preview:-1\" \/>\n<link rel=\"canonical\" href=\"https:\/\/talkpal.ai\/tr\/farsca-gramer-alistirmalari\/\" \/>\n<meta property=\"og:locale\" content=\"tr_TR\" \/>\n<meta property=\"og:type\" content=\"article\" \/>\n<meta property=\"og:title\" content=\"Fars\u00e7a Gramer Al\u0131\u015ft\u0131rmalar\u0131\" \/>\n<meta property=\"og:description\" content=\"Fars\u00e7a Dilbilgisi Konular\u0131 Fars\u00e7a olarak da bilinen Fars\u00e7a \u00f6\u011frenmek, \u0130ran&#039;\u0131n ve Fars\u00e7a konu\u015fulan di\u011fer b\u00f6lgelerin zengin k\u00fclt\u00fcr\u00fcn\u00fc ve tarihini anlamak\" \/>\n<meta property=\"og:url\" content=\"https:\/\/talkpal.ai\/tr\/farsca-gramer-alistirmalari\/\" \/>\n<meta property=\"og:site_name\" content=\"Talkpal\" \/>\n<meta property=\"article:publisher\" content=\"https:\/\/www.facebook.com\/profile.php?id=100090733639311\" \/>\n<meta property=\"article:modified_time\" content=\"2025-12-17T15:25:42+00:00\" \/>\n<meta property=\"og:image\" content=\"https:\/\/talkpal.ai\/wp-content\/uploads\/2023\/05\/Persian-iran.png\" \/>\n\t<meta property=\"og:image:width\" content=\"512\" \/>\n\t<meta property=\"og:image:height\" content=\"512\" \/>\n\t<meta property=\"og:image:type\" content=\"image\/png\" \/>\n<meta name=\"twitter:card\" content=\"summary_large_image\" \/>\n<meta name=\"twitter:site\" content=\"@talkpalai\" \/>\n<meta name=\"twitter:label1\" content=\"Tahmini okuma s\u00fcresi\" \/>\n\t<meta name=\"twitter:data1\" content=\"3 dakika\" \/>\n<script type=\"application\/ld+json\" class=\"yoast-schema-graph\">{\"@context\":\"https:\/\/schema.org\",\"@graph\":[{\"@type\":\"WebPage\",\"@id\":\"https:\/\/talkpal.ai\/tr\/farsca-gramer-alistirmalari\/\",\"url\":\"https:\/\/talkpal.ai\/tr\/farsca-gramer-alistirmalari\/\",\"name\":\"Fars\u00e7a Gramer Al\u0131\u015ft\u0131rmalar\u0131 - Talkpal\",\"isPartOf\":{\"@id\":\"https:\/\/talkpal.ai\/tr\/#website\"},\"primaryImageOfPage\":{\"@id\":\"https:\/\/talkpal.ai\/tr\/farsca-gramer-alistirmalari\/#primaryimage\"},\"image\":{\"@id\":\"https:\/\/talkpal.ai\/tr\/farsca-gramer-alistirmalari\/#primaryimage\"},\"thumbnailUrl\":\"https:\/\/talkpal.ai\/wp-content\/uploads\/2023\/05\/Persian-iran.png\",\"datePublished\":\"2023-06-27T08:51:37+00:00\",\"dateModified\":\"2025-12-17T15:25:42+00:00\",\"description\":\"Dil becerilerinizi g\u00fc\u00e7lendirmek ve Fars\u00e7a konu\u015fulan b\u00f6lgelerin k\u00fclt\u00fcr\u00fcn\u00fc ke\u015ffetmek i\u00e7in Fars\u00e7a Dilbilgisi Al\u0131\u015ft\u0131rmalar\u0131nda ustala\u015f\u0131n.\",\"breadcrumb\":{\"@id\":\"https:\/\/talkpal.ai\/tr\/farsca-gramer-alistirmalari\/#breadcrumb\"},\"inLanguage\":\"tr\",\"potentialAction\":[{\"@type\":\"ReadAction\",\"target\":[\"https:\/\/talkpal.ai\/tr\/farsca-gramer-alistirmalari\/\"]}]},{\"@type\":\"ImageObject\",\"inLanguage\":\"tr\",\"@id\":\"https:\/\/talkpal.ai\/tr\/farsca-gramer-alistirmalari\/#primaryimage\",\"url\":\"https:\/\/talkpal.ai\/wp-content\/uploads\/2023\/05\/Persian-iran.png\",\"contentUrl\":\"https:\/\/talkpal.ai\/wp-content\/uploads\/2023\/05\/Persian-iran.png\",\"width\":512,\"height\":512},{\"@type\":\"BreadcrumbList\",\"@id\":\"https:\/\/talkpal.ai\/tr\/farsca-gramer-alistirmalari\/#breadcrumb\",\"itemListElement\":[{\"@type\":\"ListItem\",\"position\":1,\"name\":\"Homepage\",\"item\":\"https:\/\/talkpal.ai\/tr\/\"},{\"@type\":\"ListItem\",\"position\":2,\"name\":\"Fars\u00e7a Gramer Al\u0131\u015ft\u0131rmalar\u0131\"}]},{\"@type\":\"WebSite\",\"@id\":\"https:\/\/talkpal.ai\/tr\/#website\",\"url\":\"https:\/\/talkpal.ai\/tr\/\",\"name\":\"Talkpal\",\"description\":\"AI Language Learning\",\"publisher\":{\"@id\":\"https:\/\/talkpal.ai\/tr\/#organization\"},\"alternateName\":\"Talkpal AI\",\"potentialAction\":[{\"@type\":\"SearchAction\",\"target\":{\"@type\":\"EntryPoint\",\"urlTemplate\":\"https:\/\/talkpal.ai\/tr\/?s={search_term_string}\"},\"query-input\":{\"@type\":\"PropertyValueSpecification\",\"valueRequired\":true,\"valueName\":\"search_term_string\"}}],\"inLanguage\":\"tr\"},{\"@type\":\"Organization\",\"@id\":\"https:\/\/talkpal.ai\/tr\/#organization\",\"name\":\"Talkpal, Inc.\",\"alternateName\":\"Talkpal AI\",\"url\":\"https:\/\/talkpal.ai\/tr\/\",\"logo\":{\"@type\":\"ImageObject\",\"inLanguage\":\"tr\",\"@id\":\"https:\/\/talkpal.ai\/tr\/#\/schema\/logo\/image\/\",\"url\":\"https:\/\/talkpal.ai\/wp-content\/uploads\/2024\/03\/Talkpal-Logo-Icon.png\",\"contentUrl\":\"https:\/\/talkpal.ai\/wp-content\/uploads\/2024\/03\/Talkpal-Logo-Icon.png\",\"width\":2880,\"height\":2880,\"caption\":\"Talkpal, Inc.\"},\"image\":{\"@id\":\"https:\/\/talkpal.ai\/tr\/#\/schema\/logo\/image\/\"},\"sameAs\":[\"https:\/\/www.facebook.com\/profile.php?id=100090733639311\",\"https:\/\/x.com\/talkpalai\",\"https:\/\/www.linkedin.com\/company\/talkpal\/\",\"https:\/\/www.youtube.com\/@TalkPal\/\",\"https:\/\/www.tiktok.com\/@talkpal\",\"https:\/\/www.instagram.com\/talkpal_ai\/\",\"https:\/\/www.crunchbase.com\/organization\/talkpal-9cde\",\"https:\/\/www.g2.com\/products\/talkpal-for-business\/\",\"https:\/\/www.trustpilot.com\/review\/talkpal.ai\",\"https:\/\/www.capterra.com\/p\/10006800\/TalkPal\/\"],\"description\":\"Talkpal is a language learning web and mobile education app, powered by the latest AI technologies, that provides engaging experiences to its customers in many different languages to help them improve their language skills. Users can chat about unlimited amount of topics with the app and use other modes to practice their language learning.\",\"email\":\"support@talkpal.ai\",\"legalName\":\"Talkpal, Inc.\",\"foundingDate\":\"2023-04-03\",\"duns\":\"118989042\",\"numberOfEmployees\":{\"@type\":\"QuantitativeValue\",\"minValue\":\"11\",\"maxValue\":\"50\"},\"publishingPrinciples\":\"https:\/\/talkpal.ai\/publishing-principles\/\",\"actionableFeedbackPolicy\":\"https:\/\/talkpal.ai\/actionable-feedback-policy\/\",\"correctionsPolicy\":\"https:\/\/talkpal.ai\/corrections-policy\/\",\"ethicsPolicy\":\"https:\/\/talkpal.ai\/ethics-policy\/\",\"diversityPolicy\":\"https:\/\/talkpal.ai\/diversity-policy\/\",\"diversityStaffingReport\":\"https:\/\/talkpal.ai\/diversity-policy\/\"}]}<\/script>\n<!-- \/ Yoast SEO Premium plugin. -->","yoast_head_json":{"title":"Fars\u00e7a Gramer Al\u0131\u015ft\u0131rmalar\u0131 - Talkpal","description":"Dil becerilerinizi g\u00fc\u00e7lendirmek ve Fars\u00e7a konu\u015fulan b\u00f6lgelerin k\u00fclt\u00fcr\u00fcn\u00fc ke\u015ffetmek i\u00e7in Fars\u00e7a Dilbilgisi Al\u0131\u015ft\u0131rmalar\u0131nda ustala\u015f\u0131n.","robots":{"index":"index","follow":"follow","max-snippet":"max-snippet:-1","max-image-preview":"max-image-preview:large","max-video-preview":"max-video-preview:-1"},"canonical":"https:\/\/talkpal.ai\/tr\/farsca-gramer-alistirmalari\/","og_locale":"tr_TR","og_type":"article","og_title":"Fars\u00e7a Gramer Al\u0131\u015ft\u0131rmalar\u0131","og_description":"Fars\u00e7a Dilbilgisi Konular\u0131 Fars\u00e7a olarak da bilinen Fars\u00e7a \u00f6\u011frenmek, \u0130ran'\u0131n ve Fars\u00e7a konu\u015fulan di\u011fer b\u00f6lgelerin zengin k\u00fclt\u00fcr\u00fcn\u00fc ve tarihini anlamak","og_url":"https:\/\/talkpal.ai\/tr\/farsca-gramer-alistirmalari\/","og_site_name":"Talkpal","article_publisher":"https:\/\/www.facebook.com\/profile.php?id=100090733639311","article_modified_time":"2025-12-17T15:25:42+00:00","og_image":[{"width":512,"height":512,"url":"https:\/\/talkpal.ai\/wp-content\/uploads\/2023\/05\/Persian-iran.png","type":"image\/png"}],"twitter_card":"summary_large_image","twitter_site":"@talkpalai","twitter_misc":{"Tahmini okuma s\u00fcresi":"3 dakika"},"schema":{"@context":"https:\/\/schema.org","@graph":[{"@type":"WebPage","@id":"https:\/\/talkpal.ai\/tr\/farsca-gramer-alistirmalari\/","url":"https:\/\/talkpal.ai\/tr\/farsca-gramer-alistirmalari\/","name":"Fars\u00e7a Gramer Al\u0131\u015ft\u0131rmalar\u0131 - Talkpal","isPartOf":{"@id":"https:\/\/talkpal.ai\/tr\/#website"},"primaryImageOfPage":{"@id":"https:\/\/talkpal.ai\/tr\/farsca-gramer-alistirmalari\/#primaryimage"},"image":{"@id":"https:\/\/talkpal.ai\/tr\/farsca-gramer-alistirmalari\/#primaryimage"},"thumbnailUrl":"https:\/\/talkpal.ai\/wp-content\/uploads\/2023\/05\/Persian-iran.png","datePublished":"2023-06-27T08:51:37+00:00","dateModified":"2025-12-17T15:25:42+00:00","description":"Dil becerilerinizi g\u00fc\u00e7lendirmek ve Fars\u00e7a konu\u015fulan b\u00f6lgelerin k\u00fclt\u00fcr\u00fcn\u00fc ke\u015ffetmek i\u00e7in Fars\u00e7a Dilbilgisi Al\u0131\u015ft\u0131rmalar\u0131nda ustala\u015f\u0131n.","breadcrumb":{"@id":"https:\/\/talkpal.ai\/tr\/farsca-gramer-alistirmalari\/#breadcrumb"},"inLanguage":"tr","potentialAction":[{"@type":"ReadAction","target":["https:\/\/talkpal.ai\/tr\/farsca-gramer-alistirmalari\/"]}]},{"@type":"ImageObject","inLanguage":"tr","@id":"https:\/\/talkpal.ai\/tr\/farsca-gramer-alistirmalari\/#primaryimage","url":"https:\/\/talkpal.ai\/wp-content\/uploads\/2023\/05\/Persian-iran.png","contentUrl":"https:\/\/talkpal.ai\/wp-content\/uploads\/2023\/05\/Persian-iran.png","width":512,"height":512},{"@type":"BreadcrumbList","@id":"https:\/\/talkpal.ai\/tr\/farsca-gramer-alistirmalari\/#breadcrumb","itemListElement":[{"@type":"ListItem","position":1,"name":"Homepage","item":"https:\/\/talkpal.ai\/tr\/"},{"@type":"ListItem","position":2,"name":"Fars\u00e7a Gramer Al\u0131\u015ft\u0131rmalar\u0131"}]},{"@type":"WebSite","@id":"https:\/\/talkpal.ai\/tr\/#website","url":"https:\/\/talkpal.ai\/tr\/","name":"Talkpal","description":"AI Language Learning","publisher":{"@id":"https:\/\/talkpal.ai\/tr\/#organization"},"alternateName":"Talkpal AI","potentialAction":[{"@type":"SearchAction","target":{"@type":"EntryPoint","urlTemplate":"https:\/\/talkpal.ai\/tr\/?s={search_term_string}"},"query-input":{"@type":"PropertyValueSpecification","valueRequired":true,"valueName":"search_term_string"}}],"inLanguage":"tr"},{"@type":"Organization","@id":"https:\/\/talkpal.ai\/tr\/#organization","name":"Talkpal, Inc.","alternateName":"Talkpal AI","url":"https:\/\/talkpal.ai\/tr\/","logo":{"@type":"ImageObject","inLanguage":"tr","@id":"https:\/\/talkpal.ai\/tr\/#\/schema\/logo\/image\/","url":"https:\/\/talkpal.ai\/wp-content\/uploads\/2024\/03\/Talkpal-Logo-Icon.png","contentUrl":"https:\/\/talkpal.ai\/wp-content\/uploads\/2024\/03\/Talkpal-Logo-Icon.png","width":2880,"height":2880,"caption":"Talkpal, Inc."},"image":{"@id":"https:\/\/talkpal.ai\/tr\/#\/schema\/logo\/image\/"},"sameAs":["https:\/\/www.facebook.com\/profile.php?id=100090733639311","https:\/\/x.com\/talkpalai","https:\/\/www.linkedin.com\/company\/talkpal\/","https:\/\/www.youtube.com\/@TalkPal\/","https:\/\/www.tiktok.com\/@talkpal","https:\/\/www.instagram.com\/talkpal_ai\/","https:\/\/www.crunchbase.com\/organization\/talkpal-9cde","https:\/\/www.g2.com\/products\/talkpal-for-business\/","https:\/\/www.trustpilot.com\/review\/talkpal.ai","https:\/\/www.capterra.com\/p\/10006800\/TalkPal\/"],"description":"Talkpal is a language learning web and mobile education app, powered by the latest AI technologies, that provides engaging experiences to its customers in many different languages to help them improve their language skills. Users can chat about unlimited amount of topics with the app and use other modes to practice their language learning.","email":"support@talkpal.ai","legalName":"Talkpal, Inc.","foundingDate":"2023-04-03","duns":"118989042","numberOfEmployees":{"@type":"QuantitativeValue","minValue":"11","maxValue":"50"},"publishingPrinciples":"https:\/\/talkpal.ai\/publishing-principles\/","actionableFeedbackPolicy":"https:\/\/talkpal.ai\/actionable-feedback-policy\/","correctionsPolicy":"https:\/\/talkpal.ai\/corrections-policy\/","ethicsPolicy":"https:\/\/talkpal.ai\/ethics-policy\/","diversityPolicy":"https:\/\/talkpal.ai\/diversity-policy\/","diversityStaffingReport":"https:\/\/talkpal.ai\/diversity-policy\/"}]}},"_links":{"self":[{"href":"https:\/\/talkpal.ai\/tr\/wp-json\/wp\/v2\/pages\/158067","targetHints":{"allow":["GET"]}}],"collection":[{"href":"https:\/\/talkpal.ai\/tr\/wp-json\/wp\/v2\/pages"}],"about":[{"href":"https:\/\/talkpal.ai\/tr\/wp-json\/wp\/v2\/types\/page"}],"author":[{"embeddable":true,"href":"https:\/\/talkpal.ai\/tr\/wp-json\/wp\/v2\/users\/6"}],"replies":[{"embeddable":true,"href":"https:\/\/talkpal.ai\/tr\/wp-json\/wp\/v2\/comments?post=158067"}],"version-history":[{"count":0,"href":"https:\/\/talkpal.ai\/tr\/wp-json\/wp\/v2\/pages\/158067\/revisions"}],"wp:featuredmedia":[{"embeddable":true,"href":"https:\/\/talkpal.ai\/tr\/wp-json\/wp\/v2\/media\/148629"}],"wp:attachment":[{"href":"https:\/\/talkpal.ai\/tr\/wp-json\/wp\/v2\/media?parent=158067"}],"curies":[{"name":"wp","href":"https:\/\/api.w.org\/{rel}","templated":true}]}}