{"id":157769,"date":"2023-06-27T09:07:34","date_gmt":"2023-06-27T09:07:34","guid":{"rendered":"http:\/\/talkpal.ai\/lehce-dilbilgisi-alistirmalari\/"},"modified":"2025-12-17T09:56:41","modified_gmt":"2025-12-17T09:56:41","slug":"lehce-dilbilgisi-alistirmalari","status":"publish","type":"page","link":"https:\/\/talkpal.ai\/tr\/lehce-dilbilgisi-alistirmalari\/","title":{"rendered":"Leh\u00e7e Dilbilgisi Al\u0131\u015ft\u0131rmalar\u0131"},"content":{"rendered":"\r\n\r\n\r\n<section class=\"languageChallengeSection\">\r\n    <div class=\"languageInfoWrapper\">\r\n        \r\n        <h1>Leh\u00e7e Dilbilgisi Al\u0131\u015ft\u0131rmalar\u0131<\/h1>\r\n        <p><a href=\"https:\/\/talkpal.ai\/learn-polish\/\">Leh\u00e7e<\/a> dil becerilerinizi geli\u015ftirmeye haz\u0131r m\u0131s\u0131n\u0131z? <a href=\"https:\/\/talkpal.ai\/grammar\/\">Dilbilgisi<\/a> al\u0131\u015ft\u0131rmalar\u0131 yapmak c\u00fcmle yap\u0131s\u0131, fiil \u00e7ekimleri ve Leh\u00e7enin kendine \u00f6zg\u00fc kal\u0131plar\u0131 konusunda uzmanla\u015fmak i\u00e7in harika bir yoldur. <a href=\"https:\/\/talkpal.ai\/polish-grammar\/\">Leh\u00e7e dilbilgisi<\/a> \u00fczerinde \u00e7al\u0131\u015fmaya bug\u00fcn ba\u015flay\u0131n ve her al\u0131\u015ft\u0131rmada \u00f6zg\u00fcveninizin ve ak\u0131c\u0131l\u0131\u011f\u0131n\u0131z\u0131n nas\u0131l geli\u015fti\u011fini g\u00f6r\u00fcn!\n\n<\/p>\r\n\r\n                            <a class=\"getStartedHidden\" href=\"https:\/\/app.talkpal.ai\/tr\/signup?lng=\">Hadi ba\u015fla<\/a>\r\n        \r\n    <\/div>\r\n\r\n    <figure>\r\n    <img decoding=\"async\" width=\"768\" height=\"768\" src=\"https:\/\/talkpal.ai\/wp-content\/uploads\/2023\/06\/polish-768x768.png\" class=\"languageImage no-lazy\" alt=\"Practical tips on language learning techniques\" fetchpriority=\"high\" sizes=\"(max-width: 768px) 150px, 768px\" srcset=\"https:\/\/talkpal.ai\/wp-content\/uploads\/2023\/06\/polish-768x768.png 768w, https:\/\/talkpal.ai\/wp-content\/uploads\/2023\/06\/polish-300x300.png 300w\" \/>\r\n    \r\n\r\n    <\/figure>\r\n\r\n            <a class=\"getStartedVisible\" href=\"https:\/\/app.talkpal.ai\/tr\/signup?lng=\">Hadi ba\u015fla<\/a>\r\n    \r\n<\/section>\r\n\r\n\r\n<!-- <section class=\"grammarSection\">\r\n    <div class=\"grammarLinks\">\r\n            <\/div>\r\n<\/section> -->\r\n\r\n\r\n\r\n\r\n<section class=\"promotionalBanner\">\r\n    <p class=\"promotionalText\">Dil \u00f6\u011frenmenin en etkili yolu<\/p>\r\n    <a class=\"promotionalLink\" href=\"https:\/\/app.talkpal.ai\/tr\/signup?lng=\">Talkpal \u00fccretsiz deneyin<\/a>\r\n<\/section>\n<div class=\"wp-block-group pageContainerStyle\"><div class=\"wp-block-group__inner-container is-layout-constrained wp-block-group-is-layout-constrained\">\n<h2 class=\"wp-block-heading\" id=\"h-polish-grammar-topics\">Leh\u00e7e Dilbilgisi Konular\u0131<\/h2>\n\n\n\n<p>Bir Bat\u0131 Slav dili olan Leh\u00e7e, Polonya&#8217;n\u0131n ana dilidir ve d\u00fcnya \u00e7ap\u0131nda milyonlarca insan taraf\u0131ndan konu\u015fulmaktad\u0131r. Karma\u015f\u0131k dilbilgisi sistemi ve benzersiz telaffuzu ile Leh\u00e7e \u00f6\u011frenmek olduk\u00e7a zor <a href=\"https:\/\/talkpal.ai\/locations\/language-courses-in-ama\/\">ama<\/a> ayn\u0131 zamanda \u00f6d\u00fcllendirici olabilir. Dili iyi anlamak ve dile hakim olmak i\u00e7in, dilbilgisi kurallar\u0131n\u0131 yap\u0131land\u0131r\u0131lm\u0131\u015f ve mant\u0131kl\u0131 bir s\u0131rayla \u00f6\u011frenmek \u00e7ok \u00f6nemlidir. Bu k\u0131lavuzda, zamanlar, fiiller, isimler, artikeller, zamirler, s\u0131fatlar, zarflar, ko\u015fullar, edatlar ve c\u00fcmle yap\u0131lar\u0131 gibi Leh\u00e7e&#8217;deki ana dilbilgisi konular\u0131n\u0131 inceleyece\u011fiz. Bu s\u0131ray\u0131 takip ederek, Leh\u00e7e dil becerilerinizi a\u015famal\u0131 olarak geli\u015ftirebilecek ve etkili bir \u015fekilde ileti\u015fim kurabileceksiniz.<\/p>\n\n\n\n<h3 class=\"wp-block-heading\" id=\"h-1-nouns\">1. \u0130simler:<\/h3>\n\n\n\n<p>Leh\u00e7e&#8217;de isimler \u00fc\u00e7 cinsiyete ayr\u0131l\u0131r: eril, di\u015fil ve n\u00f6tr. Ayr\u0131ca yedi vakalar\u0131 vard\u0131r: nominatif, genitive, datif, su\u00e7lay\u0131c\u0131, ara\u00e7sal, konumsal ve vokatif. Cinsiyet ve durum sistemini \u00f6\u011frenmek, c\u00fcmle yap\u0131lar\u0131n\u0131 anlamak ve s\u0131fatlar ve zamirler gibi di\u011fer dilbilgisi \u00f6\u011felerinin do\u011fru bi\u00e7imlerini kullanmak i\u00e7in \u00e7ok \u00f6nemlidir.<\/p>\n\n\n\n<h3 class=\"wp-block-heading\" id=\"h-2-pronouns-determiners\">2. Zamirler\/Belirleyiciler:<\/h3>\n\n\n\n<p>Leh\u00e7e zamirler ve belirleyiciler cinsiyet, say\u0131 ve durum bak\u0131m\u0131ndan isimlerle ayn\u0131 fikirdedir. Ki\u015fisel, iyelik, g\u00f6sterici, soru ve ilgi zamirlerini i\u00e7erirler. Zamirlerin ve belirleyicilerin kullan\u0131m\u0131na hakim olmak, daha karma\u015f\u0131k c\u00fcmleler kurmaya ve kelimeler aras\u0131ndaki \u00e7e\u015fitli ili\u015fkileri ifade etmeye yard\u0131mc\u0131 olur.<\/p>\n\n\n\n<h3 class=\"wp-block-heading\" id=\"h-3-adjectives\">3. S\u0131fatlar:<\/h3>\n\n\n\n<p>Leh\u00e7e&#8217;deki s\u0131fatlar cinsiyet, say\u0131 ve durum bak\u0131m\u0131ndan isimlerle uyumludur. Bu fakt\u00f6rlere ba\u011fl\u0131 olarak farkl\u0131 bi\u00e7imleri vard\u0131r, bu nedenle s\u0131fatlar\u0131n \u00e7ekim kal\u0131plar\u0131n\u0131 \u00f6\u011frenmek, tan\u0131mlay\u0131c\u0131 ifadelerin do\u011fru kullan\u0131m\u0131 ve anla\u015f\u0131lmas\u0131 i\u00e7in \u00e7ok \u00f6nemlidir.<\/p>\n\n\n\n<h3 class=\"wp-block-heading\" id=\"h-4-verbs\">4. Fiiller:<\/h3>\n\n\n\n<p>Leh\u00e7e fiil sistemi \u00fc\u00e7 zamandan olu\u015fur: ge\u00e7mi\u015f, \u015fimdiki zaman ve gelecek. Fiiller ayr\u0131ca g\u00f6r\u00fcn\u00fc\u015fe (m\u00fckemmel veya kusurlu) ve \u00e7ekim kal\u0131plar\u0131na dayal\u0131 olarak farkl\u0131 bi\u00e7imlere sahiptir. Fiil \u00e7ekimi ve y\u00f6n\u00fcn\u00fcn temellerini \u00f6\u011frenmek, \u00e7e\u015fitli zaman dilimlerinde eylemleri, olaylar\u0131 ve durumlar\u0131 ifade etmek i\u00e7in temeldir.<\/p>\n\n\n\n<h3 class=\"wp-block-heading\" id=\"h-5-tense-comparison\">5. Gergin Kar\u015f\u0131la\u015ft\u0131rma:<\/h3>\n\n\n\n<p>Leh\u00e7e&#8217;deki \u00fc\u00e7 zaman aras\u0131ndaki farklar\u0131 ve benzerlikleri anlamak, zaman ili\u015fkilerini do\u011fru bir \u015fekilde ifade etmenizi sa\u011flar. Bu, basit, ilerici ve m\u00fckemmel ilerici formlar\u0131n olu\u015fumunu ve kullan\u0131m\u0131n\u0131 i\u00e7erir.<\/p>\n\n\n\n<h3 class=\"wp-block-heading\" id=\"h-6-adverbs\">6. Zarflar:<\/h3>\n\n\n\n<p>Leh\u00e7e zarflar fiiller, s\u0131fatlar veya di\u011fer zarflar hakk\u0131nda ek bilgi sa\u011flar. Genellikle formlar\u0131n\u0131 de\u011fi\u015ftirmezler, bu da \u00f6\u011frenmelerini nispeten kolayla\u015ft\u0131r\u0131r. Zarflar\u0131n nas\u0131l do\u011fru kullan\u0131laca\u011f\u0131n\u0131 bilmek, dilinizin ifade g\u00fcc\u00fcn\u00fc art\u0131r\u0131r.<\/p>\n\n\n\n<h3 class=\"wp-block-heading\" id=\"h-7-prepositions\">7. Edatlar:<\/h3>\n\n\n\n<p>Leh\u00e7e edatlar belirli durumlar\u0131 y\u00f6netir ve bir c\u00fcmledeki kelimeler aras\u0131ndaki ili\u015fkileri g\u00f6sterir. Edatlar\u0131n ve bunlara kar\u015f\u0131l\u0131k gelen durumlar\u0131n do\u011fru kullan\u0131m\u0131n\u0131 \u00f6\u011frenmek, daha karma\u015f\u0131k c\u00fcmleler kurmak ve kelimeler aras\u0131ndaki \u00e7e\u015fitli ili\u015fkileri ifade etmek i\u00e7in hayati \u00f6nem ta\u015f\u0131r.<\/p>\n\n\n\n<h3 class=\"wp-block-heading\" id=\"h-8-conditionals\">8. Ko\u015fullar:<\/h3>\n\n\n\n<p>Leh\u00e7e&#8217;deki ko\u015fullu c\u00fcmleler, varsay\u0131msal durumlar\u0131 ve sonu\u00e7lar\u0131n\u0131 ifade eder. Genellikle iki yan t\u00fcmceden olu\u015furlar: ko\u015ful (if-yan t\u00fcmcesi) ve sonu\u00e7 (ana yan t\u00fcmce). Ko\u015fullar\u0131n olu\u015fumunu ve kullan\u0131m\u0131n\u0131 \u00f6\u011frenmek, varsay\u0131msal durumlar\u0131 ve sonu\u00e7lar\u0131n\u0131 do\u011fru bir \u015fekilde ifade etmenizi sa\u011flar.<\/p>\n\n\n\n<h3 class=\"wp-block-heading\" id=\"h-9-sentences\">9. C\u00fcmleler:<\/h3>\n\n\n\n<p>Leh\u00e7ede etkili bir \u015fekilde ileti\u015fim kurmak i\u00e7in, bildirme, soru, emir ve \u00fcnlem c\u00fcmleleri dahil olmak \u00fczere temel c\u00fcmle yap\u0131lar\u0131n\u0131 anlamak \u00e7ok \u00f6nemlidir. C\u00fcmle yap\u0131lar\u0131na hakim olmak, Leh\u00e7e&#8217;de d\u00fc\u015f\u00fcnceleri ifade etmeye, soru sormaya, emir vermeye ve duygular\u0131 aktarmaya yard\u0131mc\u0131 olur.<\/p>\n<\/div><\/div>\n\r\n<section class=\"learnNavigationSection\">\r\n            \r\n        <a href=\"https:\/\/talkpal.ai\/tr\/lehce-ogren\/\">\r\n            <div class=\"learnNavigationWrapper\">\r\n                <div class=\"learnNavigationContent\">\r\n                    <img decoding=\"async\" src=\"https:\/\/talkpal.ai\/wp-content\/uploads\/2024\/08\/Polish.jpg\" alt=\"Polish Flag\">\r\n                    <div>\r\n                        <h4>Leh\u00e7e \u00d6\u011frenimi Hakk\u0131nda<\/h4>\r\n                        <p>Leh\u00e7e dilbilgisi hakk\u0131nda her \u015feyi \u00f6\u011frenin.<\/p>\r\n                    <\/div>\r\n                <\/div>\r\n            <\/div>\r\n        <\/a>\r\n\r\n        \r\n        <a href=\"https:\/\/talkpal.ai\/tr\/lehce-dilbilgisi\/\">\r\n            <div class=\"learnNavigationWrapper\">\r\n                <div class=\"learnNavigationContent\">\r\n                    <img decoding=\"async\" src=\"https:\/\/talkpal.ai\/wp-content\/uploads\/2024\/08\/Polish.jpg\" alt=\"Polish Flag\">\r\n                    <div>\r\n                        <h4>Leh\u00e7e Gramer Dersleri<\/h4>\r\n                        <p>Leh\u00e7e dilbilgisi al\u0131\u015ft\u0131rmas\u0131 yap\u0131n.<\/p>\r\n                    <\/div>\r\n                <\/div>\r\n            <\/div>\r\n        <\/a>\r\n\r\n        \r\n        <a href=\"https:\/\/talkpal.ai\/vocabulary_language\/polish\/\">\r\n            <div class=\"learnNavigationWrapper\">\r\n                <div class=\"learnNavigationContent\">\r\n                    <img decoding=\"async\" src=\"https:\/\/talkpal.ai\/wp-content\/uploads\/2024\/08\/Polish.jpg\" alt=\"Polish Flag\">\r\n                    <div>\r\n                        <h4>Leh\u00e7e Kelime Bilgisi<\/h4>\r\n                        <p>Leh\u00e7e kelime da\u011farc\u0131\u011f\u0131n\u0131z\u0131 geni\u015fletin.<\/p>\r\n                    <\/div>\r\n                <\/div>\r\n            <\/div>\r\n        <\/a>\r\n\r\n            <\/section>","protected":false},"excerpt":{"rendered":"<p>Leh\u00e7e Dilbilgisi Konular\u0131 Bir Bat\u0131 Slav dili olan Leh\u00e7e, Polonya&#8217;n\u0131n ana dilidir ve d\u00fcnya \u00e7ap\u0131nda milyonlarca insan taraf\u0131ndan konu\u015fulmaktad\u0131r. Karma\u015f\u0131k dilbilgisi sistemi ve benzersiz telaffuzu ile Leh\u00e7e \u00f6\u011frenmek olduk\u00e7a zor ama ayn\u0131 zamanda \u00f6d\u00fcllendirici olabilir. Dili iyi anlamak ve dile hakim olmak i\u00e7in, dilbilgisi kurallar\u0131n\u0131 yap\u0131land\u0131r\u0131lm\u0131\u015f ve mant\u0131kl\u0131 bir s\u0131rayla \u00f6\u011frenmek \u00e7ok \u00f6nemlidir. Bu k\u0131lavuzda, [&hellip;]<\/p>\n","protected":false},"author":6,"featured_media":117505,"parent":0,"menu_order":0,"comment_status":"closed","ping_status":"closed","template":"LearningContentPage.php","meta":{"_acf_changed":false,"footnotes":""},"class_list":["post-157769","page","type-page","status-publish","has-post-thumbnail","hentry"],"acf":[],"yoast_head":"<!-- This site is optimized with the Yoast SEO Premium plugin v27.2 (Yoast SEO v27.2) - https:\/\/yoast.com\/product\/yoast-seo-premium-wordpress\/ -->\n<title>Leh\u00e7e Dilbilgisi Al\u0131\u015ft\u0131rmalar\u0131 - Talkpal<\/title>\n<meta name=\"description\" content=\"T\u00fcm seviyeler i\u00e7in tasarlanm\u0131\u015f interaktif al\u0131\u015ft\u0131rmalarla Leh\u00e7e dilbilgisinde ustala\u015f\u0131n. Pratik yap\u0131n ve dil becerilerinizi geli\u015ftirin!\" \/>\n<meta name=\"robots\" content=\"index, follow, max-snippet:-1, max-image-preview:large, max-video-preview:-1\" \/>\n<link rel=\"canonical\" href=\"https:\/\/talkpal.ai\/tr\/lehce-dilbilgisi-alistirmalari\/\" \/>\n<meta property=\"og:locale\" content=\"tr_TR\" \/>\n<meta property=\"og:type\" content=\"article\" \/>\n<meta property=\"og:title\" content=\"Leh\u00e7e Dilbilgisi Al\u0131\u015ft\u0131rmalar\u0131\" \/>\n<meta property=\"og:description\" content=\"Leh\u00e7e Dilbilgisi Konular\u0131 Bir Bat\u0131 Slav dili olan Leh\u00e7e, Polonya&#039;n\u0131n ana dilidir ve d\u00fcnya \u00e7ap\u0131nda milyonlarca insan taraf\u0131ndan konu\u015fulmaktad\u0131r. Karma\u015f\u0131k\" \/>\n<meta property=\"og:url\" content=\"https:\/\/talkpal.ai\/tr\/lehce-dilbilgisi-alistirmalari\/\" \/>\n<meta property=\"og:site_name\" content=\"Talkpal\" \/>\n<meta property=\"article:publisher\" content=\"https:\/\/www.facebook.com\/profile.php?id=100090733639311\" \/>\n<meta property=\"article:modified_time\" content=\"2025-12-17T09:56:41+00:00\" \/>\n<meta property=\"og:image\" content=\"https:\/\/talkpal.ai\/wp-content\/uploads\/2023\/05\/poland.png\" \/>\n\t<meta property=\"og:image:width\" content=\"512\" \/>\n\t<meta property=\"og:image:height\" content=\"512\" \/>\n\t<meta property=\"og:image:type\" content=\"image\/png\" \/>\n<meta name=\"twitter:card\" content=\"summary_large_image\" \/>\n<meta name=\"twitter:site\" content=\"@talkpalai\" \/>\n<meta name=\"twitter:label1\" content=\"Tahmini okuma s\u00fcresi\" \/>\n\t<meta name=\"twitter:data1\" content=\"3 dakika\" \/>\n<script type=\"application\/ld+json\" class=\"yoast-schema-graph\">{\"@context\":\"https:\/\/schema.org\",\"@graph\":[{\"@type\":\"WebPage\",\"@id\":\"https:\/\/talkpal.ai\/tr\/lehce-dilbilgisi-alistirmalari\/\",\"url\":\"https:\/\/talkpal.ai\/tr\/lehce-dilbilgisi-alistirmalari\/\",\"name\":\"Leh\u00e7e Dilbilgisi Al\u0131\u015ft\u0131rmalar\u0131 - Talkpal\",\"isPartOf\":{\"@id\":\"https:\/\/talkpal.ai\/tr\/#website\"},\"primaryImageOfPage\":{\"@id\":\"https:\/\/talkpal.ai\/tr\/lehce-dilbilgisi-alistirmalari\/#primaryimage\"},\"image\":{\"@id\":\"https:\/\/talkpal.ai\/tr\/lehce-dilbilgisi-alistirmalari\/#primaryimage\"},\"thumbnailUrl\":\"https:\/\/talkpal.ai\/wp-content\/uploads\/2023\/05\/poland.png\",\"datePublished\":\"2023-06-27T09:07:34+00:00\",\"dateModified\":\"2025-12-17T09:56:41+00:00\",\"description\":\"T\u00fcm seviyeler i\u00e7in tasarlanm\u0131\u015f interaktif al\u0131\u015ft\u0131rmalarla Leh\u00e7e dilbilgisinde ustala\u015f\u0131n. Pratik yap\u0131n ve dil becerilerinizi geli\u015ftirin!\",\"breadcrumb\":{\"@id\":\"https:\/\/talkpal.ai\/tr\/lehce-dilbilgisi-alistirmalari\/#breadcrumb\"},\"inLanguage\":\"tr\",\"potentialAction\":[{\"@type\":\"ReadAction\",\"target\":[\"https:\/\/talkpal.ai\/tr\/lehce-dilbilgisi-alistirmalari\/\"]}]},{\"@type\":\"ImageObject\",\"inLanguage\":\"tr\",\"@id\":\"https:\/\/talkpal.ai\/tr\/lehce-dilbilgisi-alistirmalari\/#primaryimage\",\"url\":\"https:\/\/talkpal.ai\/wp-content\/uploads\/2023\/05\/poland.png\",\"contentUrl\":\"https:\/\/talkpal.ai\/wp-content\/uploads\/2023\/05\/poland.png\",\"width\":512,\"height\":512},{\"@type\":\"BreadcrumbList\",\"@id\":\"https:\/\/talkpal.ai\/tr\/lehce-dilbilgisi-alistirmalari\/#breadcrumb\",\"itemListElement\":[{\"@type\":\"ListItem\",\"position\":1,\"name\":\"Homepage\",\"item\":\"https:\/\/talkpal.ai\/tr\/\"},{\"@type\":\"ListItem\",\"position\":2,\"name\":\"Leh\u00e7e Dilbilgisi Al\u0131\u015ft\u0131rmalar\u0131\"}]},{\"@type\":\"WebSite\",\"@id\":\"https:\/\/talkpal.ai\/tr\/#website\",\"url\":\"https:\/\/talkpal.ai\/tr\/\",\"name\":\"Talkpal\",\"description\":\"AI Language Learning\",\"publisher\":{\"@id\":\"https:\/\/talkpal.ai\/tr\/#organization\"},\"alternateName\":\"Talkpal AI\",\"potentialAction\":[{\"@type\":\"SearchAction\",\"target\":{\"@type\":\"EntryPoint\",\"urlTemplate\":\"https:\/\/talkpal.ai\/tr\/?s={search_term_string}\"},\"query-input\":{\"@type\":\"PropertyValueSpecification\",\"valueRequired\":true,\"valueName\":\"search_term_string\"}}],\"inLanguage\":\"tr\"},{\"@type\":\"Organization\",\"@id\":\"https:\/\/talkpal.ai\/tr\/#organization\",\"name\":\"Talkpal, Inc.\",\"alternateName\":\"Talkpal AI\",\"url\":\"https:\/\/talkpal.ai\/tr\/\",\"logo\":{\"@type\":\"ImageObject\",\"inLanguage\":\"tr\",\"@id\":\"https:\/\/talkpal.ai\/tr\/#\/schema\/logo\/image\/\",\"url\":\"https:\/\/talkpal.ai\/wp-content\/uploads\/2024\/03\/Talkpal-Logo-Icon.png\",\"contentUrl\":\"https:\/\/talkpal.ai\/wp-content\/uploads\/2024\/03\/Talkpal-Logo-Icon.png\",\"width\":2880,\"height\":2880,\"caption\":\"Talkpal, Inc.\"},\"image\":{\"@id\":\"https:\/\/talkpal.ai\/tr\/#\/schema\/logo\/image\/\"},\"sameAs\":[\"https:\/\/www.facebook.com\/profile.php?id=100090733639311\",\"https:\/\/x.com\/talkpalai\",\"https:\/\/www.linkedin.com\/company\/talkpal\/\",\"https:\/\/www.youtube.com\/@TalkPal\/\",\"https:\/\/www.tiktok.com\/@talkpal\",\"https:\/\/www.instagram.com\/talkpal_ai\/\",\"https:\/\/www.crunchbase.com\/organization\/talkpal-9cde\",\"https:\/\/www.g2.com\/products\/talkpal-for-business\/\",\"https:\/\/www.trustpilot.com\/review\/talkpal.ai\",\"https:\/\/www.capterra.com\/p\/10006800\/TalkPal\/\"],\"description\":\"Talkpal is a language learning web and mobile education app, powered by the latest AI technologies, that provides engaging experiences to its customers in many different languages to help them improve their language skills. Users can chat about unlimited amount of topics with the app and use other modes to practice their language learning.\",\"email\":\"support@talkpal.ai\",\"legalName\":\"Talkpal, Inc.\",\"foundingDate\":\"2023-04-03\",\"duns\":\"118989042\",\"numberOfEmployees\":{\"@type\":\"QuantitativeValue\",\"minValue\":\"11\",\"maxValue\":\"50\"},\"publishingPrinciples\":\"https:\/\/talkpal.ai\/publishing-principles\/\",\"actionableFeedbackPolicy\":\"https:\/\/talkpal.ai\/actionable-feedback-policy\/\",\"correctionsPolicy\":\"https:\/\/talkpal.ai\/corrections-policy\/\",\"ethicsPolicy\":\"https:\/\/talkpal.ai\/ethics-policy\/\",\"diversityPolicy\":\"https:\/\/talkpal.ai\/diversity-policy\/\",\"diversityStaffingReport\":\"https:\/\/talkpal.ai\/diversity-policy\/\"}]}<\/script>\n<!-- \/ Yoast SEO Premium plugin. -->","yoast_head_json":{"title":"Leh\u00e7e Dilbilgisi Al\u0131\u015ft\u0131rmalar\u0131 - Talkpal","description":"T\u00fcm seviyeler i\u00e7in tasarlanm\u0131\u015f interaktif al\u0131\u015ft\u0131rmalarla Leh\u00e7e dilbilgisinde ustala\u015f\u0131n. Pratik yap\u0131n ve dil becerilerinizi geli\u015ftirin!","robots":{"index":"index","follow":"follow","max-snippet":"max-snippet:-1","max-image-preview":"max-image-preview:large","max-video-preview":"max-video-preview:-1"},"canonical":"https:\/\/talkpal.ai\/tr\/lehce-dilbilgisi-alistirmalari\/","og_locale":"tr_TR","og_type":"article","og_title":"Leh\u00e7e Dilbilgisi Al\u0131\u015ft\u0131rmalar\u0131","og_description":"Leh\u00e7e Dilbilgisi Konular\u0131 Bir Bat\u0131 Slav dili olan Leh\u00e7e, Polonya'n\u0131n ana dilidir ve d\u00fcnya \u00e7ap\u0131nda milyonlarca insan taraf\u0131ndan konu\u015fulmaktad\u0131r. Karma\u015f\u0131k","og_url":"https:\/\/talkpal.ai\/tr\/lehce-dilbilgisi-alistirmalari\/","og_site_name":"Talkpal","article_publisher":"https:\/\/www.facebook.com\/profile.php?id=100090733639311","article_modified_time":"2025-12-17T09:56:41+00:00","og_image":[{"width":512,"height":512,"url":"https:\/\/talkpal.ai\/wp-content\/uploads\/2023\/05\/poland.png","type":"image\/png"}],"twitter_card":"summary_large_image","twitter_site":"@talkpalai","twitter_misc":{"Tahmini okuma s\u00fcresi":"3 dakika"},"schema":{"@context":"https:\/\/schema.org","@graph":[{"@type":"WebPage","@id":"https:\/\/talkpal.ai\/tr\/lehce-dilbilgisi-alistirmalari\/","url":"https:\/\/talkpal.ai\/tr\/lehce-dilbilgisi-alistirmalari\/","name":"Leh\u00e7e Dilbilgisi Al\u0131\u015ft\u0131rmalar\u0131 - Talkpal","isPartOf":{"@id":"https:\/\/talkpal.ai\/tr\/#website"},"primaryImageOfPage":{"@id":"https:\/\/talkpal.ai\/tr\/lehce-dilbilgisi-alistirmalari\/#primaryimage"},"image":{"@id":"https:\/\/talkpal.ai\/tr\/lehce-dilbilgisi-alistirmalari\/#primaryimage"},"thumbnailUrl":"https:\/\/talkpal.ai\/wp-content\/uploads\/2023\/05\/poland.png","datePublished":"2023-06-27T09:07:34+00:00","dateModified":"2025-12-17T09:56:41+00:00","description":"T\u00fcm seviyeler i\u00e7in tasarlanm\u0131\u015f interaktif al\u0131\u015ft\u0131rmalarla Leh\u00e7e dilbilgisinde ustala\u015f\u0131n. Pratik yap\u0131n ve dil becerilerinizi geli\u015ftirin!","breadcrumb":{"@id":"https:\/\/talkpal.ai\/tr\/lehce-dilbilgisi-alistirmalari\/#breadcrumb"},"inLanguage":"tr","potentialAction":[{"@type":"ReadAction","target":["https:\/\/talkpal.ai\/tr\/lehce-dilbilgisi-alistirmalari\/"]}]},{"@type":"ImageObject","inLanguage":"tr","@id":"https:\/\/talkpal.ai\/tr\/lehce-dilbilgisi-alistirmalari\/#primaryimage","url":"https:\/\/talkpal.ai\/wp-content\/uploads\/2023\/05\/poland.png","contentUrl":"https:\/\/talkpal.ai\/wp-content\/uploads\/2023\/05\/poland.png","width":512,"height":512},{"@type":"BreadcrumbList","@id":"https:\/\/talkpal.ai\/tr\/lehce-dilbilgisi-alistirmalari\/#breadcrumb","itemListElement":[{"@type":"ListItem","position":1,"name":"Homepage","item":"https:\/\/talkpal.ai\/tr\/"},{"@type":"ListItem","position":2,"name":"Leh\u00e7e Dilbilgisi Al\u0131\u015ft\u0131rmalar\u0131"}]},{"@type":"WebSite","@id":"https:\/\/talkpal.ai\/tr\/#website","url":"https:\/\/talkpal.ai\/tr\/","name":"Talkpal","description":"AI Language Learning","publisher":{"@id":"https:\/\/talkpal.ai\/tr\/#organization"},"alternateName":"Talkpal AI","potentialAction":[{"@type":"SearchAction","target":{"@type":"EntryPoint","urlTemplate":"https:\/\/talkpal.ai\/tr\/?s={search_term_string}"},"query-input":{"@type":"PropertyValueSpecification","valueRequired":true,"valueName":"search_term_string"}}],"inLanguage":"tr"},{"@type":"Organization","@id":"https:\/\/talkpal.ai\/tr\/#organization","name":"Talkpal, Inc.","alternateName":"Talkpal AI","url":"https:\/\/talkpal.ai\/tr\/","logo":{"@type":"ImageObject","inLanguage":"tr","@id":"https:\/\/talkpal.ai\/tr\/#\/schema\/logo\/image\/","url":"https:\/\/talkpal.ai\/wp-content\/uploads\/2024\/03\/Talkpal-Logo-Icon.png","contentUrl":"https:\/\/talkpal.ai\/wp-content\/uploads\/2024\/03\/Talkpal-Logo-Icon.png","width":2880,"height":2880,"caption":"Talkpal, Inc."},"image":{"@id":"https:\/\/talkpal.ai\/tr\/#\/schema\/logo\/image\/"},"sameAs":["https:\/\/www.facebook.com\/profile.php?id=100090733639311","https:\/\/x.com\/talkpalai","https:\/\/www.linkedin.com\/company\/talkpal\/","https:\/\/www.youtube.com\/@TalkPal\/","https:\/\/www.tiktok.com\/@talkpal","https:\/\/www.instagram.com\/talkpal_ai\/","https:\/\/www.crunchbase.com\/organization\/talkpal-9cde","https:\/\/www.g2.com\/products\/talkpal-for-business\/","https:\/\/www.trustpilot.com\/review\/talkpal.ai","https:\/\/www.capterra.com\/p\/10006800\/TalkPal\/"],"description":"Talkpal is a language learning web and mobile education app, powered by the latest AI technologies, that provides engaging experiences to its customers in many different languages to help them improve their language skills. Users can chat about unlimited amount of topics with the app and use other modes to practice their language learning.","email":"support@talkpal.ai","legalName":"Talkpal, Inc.","foundingDate":"2023-04-03","duns":"118989042","numberOfEmployees":{"@type":"QuantitativeValue","minValue":"11","maxValue":"50"},"publishingPrinciples":"https:\/\/talkpal.ai\/publishing-principles\/","actionableFeedbackPolicy":"https:\/\/talkpal.ai\/actionable-feedback-policy\/","correctionsPolicy":"https:\/\/talkpal.ai\/corrections-policy\/","ethicsPolicy":"https:\/\/talkpal.ai\/ethics-policy\/","diversityPolicy":"https:\/\/talkpal.ai\/diversity-policy\/","diversityStaffingReport":"https:\/\/talkpal.ai\/diversity-policy\/"}]}},"_links":{"self":[{"href":"https:\/\/talkpal.ai\/tr\/wp-json\/wp\/v2\/pages\/157769","targetHints":{"allow":["GET"]}}],"collection":[{"href":"https:\/\/talkpal.ai\/tr\/wp-json\/wp\/v2\/pages"}],"about":[{"href":"https:\/\/talkpal.ai\/tr\/wp-json\/wp\/v2\/types\/page"}],"author":[{"embeddable":true,"href":"https:\/\/talkpal.ai\/tr\/wp-json\/wp\/v2\/users\/6"}],"replies":[{"embeddable":true,"href":"https:\/\/talkpal.ai\/tr\/wp-json\/wp\/v2\/comments?post=157769"}],"version-history":[{"count":0,"href":"https:\/\/talkpal.ai\/tr\/wp-json\/wp\/v2\/pages\/157769\/revisions"}],"wp:featuredmedia":[{"embeddable":true,"href":"https:\/\/talkpal.ai\/tr\/wp-json\/wp\/v2\/media\/117505"}],"wp:attachment":[{"href":"https:\/\/talkpal.ai\/tr\/wp-json\/wp\/v2\/media?parent=157769"}],"curies":[{"name":"wp","href":"https:\/\/api.w.org\/{rel}","templated":true}]}}