{"id":157486,"date":"2023-06-28T09:53:38","date_gmt":"2023-06-28T09:53:38","guid":{"rendered":"http:\/\/talkpal.ai\/rumence-dilbilgisi-alistirmalari\/"},"modified":"2025-12-17T09:55:21","modified_gmt":"2025-12-17T09:55:21","slug":"rumence-dilbilgisi-alistirmalari","status":"publish","type":"page","link":"https:\/\/talkpal.ai\/tr\/rumence-dilbilgisi-alistirmalari\/","title":{"rendered":"Rumence Dilbilgisi Al\u0131\u015ft\u0131rmalar\u0131"},"content":{"rendered":"\r\n\r\n\r\n<section class=\"languageChallengeSection\">\r\n    <div class=\"languageInfoWrapper\">\r\n        \r\n        <h1>Rumence Dilbilgisi Al\u0131\u015ft\u0131rmalar\u0131<\/h1>\r\n        <p><a href=\"https:\/\/talkpal.ai\/learn-romanian\/\">Romence<\/a> becerilerinizi geli\u015ftirmek ister misiniz? Dilbilgisi al\u0131\u015ft\u0131rmalar\u0131 yapmak, c\u00fcmle yap\u0131s\u0131na, fiil \u00e7ekimlerine ve Romence dilinin benzersiz \u00f6zelliklerine hakim olman\u0131n kesin bir yoludur. <a href=\"https:\/\/talkpal.ai\/romanian-grammar\/\">Romence dilbilgisi<\/a> \u00fczerinde \u00e7al\u0131\u015fmaya bug\u00fcn ba\u015flay\u0131n ve her al\u0131\u015ft\u0131rmada kendinize olan g\u00fcveninizin ve ak\u0131c\u0131l\u0131\u011f\u0131n\u0131z\u0131n artmas\u0131n\u0131 izleyin!\n\n<\/p>\r\n\r\n                            <a class=\"getStartedHidden\" href=\"https:\/\/app.talkpal.ai\/tr\/signup?lng=\">Hadi ba\u015fla<\/a>\r\n        \r\n    <\/div>\r\n\r\n    <figure>\r\n    <img decoding=\"async\" width=\"768\" height=\"768\" src=\"https:\/\/talkpal.ai\/wp-content\/uploads\/2023\/06\/romanian-768x768.png\" class=\"languageImage no-lazy\" alt=\"Language learning for intellectual challenge\" fetchpriority=\"high\" sizes=\"(max-width: 768px) 150px, 768px\" srcset=\"https:\/\/talkpal.ai\/wp-content\/uploads\/2023\/06\/romanian-768x768.png 768w, https:\/\/talkpal.ai\/wp-content\/uploads\/2023\/06\/romanian-300x300.png 300w\" \/>\r\n    \r\n\r\n    <\/figure>\r\n\r\n            <a class=\"getStartedVisible\" href=\"https:\/\/app.talkpal.ai\/tr\/signup?lng=\">Hadi ba\u015fla<\/a>\r\n    \r\n<\/section>\r\n\r\n\r\n<!-- <section class=\"grammarSection\">\r\n    <div class=\"grammarLinks\">\r\n            <\/div>\r\n<\/section> -->\r\n\r\n\r\n\r\n\r\n<section class=\"promotionalBanner\">\r\n    <p class=\"promotionalText\">Dil \u00f6\u011frenmenin en etkili yolu<\/p>\r\n    <a class=\"promotionalLink\" href=\"https:\/\/app.talkpal.ai\/tr\/signup?lng=\">Talkpal \u00fccretsiz deneyin<\/a>\r\n<\/section>\n<div class=\"wp-block-group pageContainerStyle\"><div class=\"wp-block-group__inner-container is-layout-constrained wp-block-group-is-layout-constrained\">\n<h2 class=\"wp-block-heading\" id=\"h-romanian-grammar-topics\">Romence Dilbilgisi Konular\u0131<\/h2>\n\n\n\n<p>Romence \u00f6\u011frenmek, zengin bir k\u00fclt\u00fcr ve tarih hakk\u0131nda fikir veren \u00f6d\u00fcllendirici bir \u00e7abad\u0131r. <a href=\"https:\/\/talkpal.ai\/romanian-grammar\/\">Romence dilbilgisi<\/a> karma\u015f\u0131k olsa da, sistematik bir yakla\u015f\u0131m onu y\u00f6netilebilir hale getirebilir. Anahtar, temel unsurlardan ba\u015flayarak ve yava\u015f yava\u015f ileri konulara do\u011fru ilerleyerek yap\u0131s\u0131n\u0131 ve kurallar\u0131n\u0131 anlamakt\u0131r. Bu k\u0131lavuz, zamanlar, fiiller, isimler, artikeller, zamirler\/belirleyiciler, s\u0131fatlar, zarflar, ko\u015fullar, edatlar ve c\u00fcmle yap\u0131s\u0131na odaklanarak <a href=\"https:\/\/talkpal.ai\/tr\/kolay-ve-hizli-rumence-ogrenmenin-en-etkili-yollari\/\">Rumence dilbilgisi<\/a> \u00f6\u011frenmek i\u00e7in en uygun s\u0131ray\u0131 sa\u011flar.<\/p>\n\n\n\n<h3 class=\"wp-block-heading\" id=\"h-1-nouns\">1. \u0130simler:<\/h3>\n\n\n\n<p>Cinsiyetleri ve durumlar\u0131 olan Rumence isimleri \u00f6\u011frenerek ba\u015flay\u0131n. \u0130sim formlar\u0131na a\u015fina olmak, dilin temellerini anlaman\u0131za yard\u0131mc\u0131 olur.<\/p>\n\n\n\n<h3 class=\"wp-block-heading\" id=\"h-2-articles\">2. Makaleler:<\/h3>\n\n\n\n<p>Ard\u0131ndan, isimlerle kullan\u0131lan makaleler hakk\u0131nda bilgi edinin. Romence, ismin cinsiyeti, say\u0131s\u0131 ve durumu ile uyu\u015fan belirli ve belirsiz artikellere sahiptir.<\/p>\n\n\n\n<h3 class=\"wp-block-heading\" id=\"h-3-adjectives\">3. S\u0131fatlar:<\/h3>\n\n\n\n<p>Romence&#8217;deki s\u0131fatlar, de\u011fi\u015ftirdikleri isimle cinsiyet, say\u0131 ve durum bak\u0131m\u0131ndan hemfikirdir. Bu konuyu \u00f6\u011frenmek, kelime da\u011farc\u0131\u011f\u0131n\u0131 ve c\u00fcmle yap\u0131s\u0131n\u0131 geli\u015ftirmeye yard\u0131mc\u0131 olacakt\u0131r.<\/p>\n\n\n\n<h3 class=\"wp-block-heading\" id=\"h-4-pronouns-determiners\">4. Zamirler\/Belirleyiciler:<\/h3>\n\n\n\n<p>Bunlar isimlerin yerini al\u0131r veya onlara e\u015flik eder. Bunlar\u0131 \u00f6\u011frenmek, tekrardan ka\u00e7\u0131nman\u0131za ve c\u00fcmlelerinizi daha \u00e7e\u015fitli hale getirmenize yard\u0131mc\u0131 olacakt\u0131r.<\/p>\n\n\n\n<h3 class=\"wp-block-heading\" id=\"h-5-verbs\">5. Fiiller:<\/h3>\n\n\n\n<p>Fiiller c\u00fcmlelerin merkezinde yer al\u0131r. Eylemleri veya varolu\u015f durumlar\u0131n\u0131 g\u00f6sterirler. Romence fiiller ruh hali, zaman, ki\u015fi ve say\u0131ya g\u00f6re \u00e7ekimlenir.<\/p>\n\n\n\n<h3 class=\"wp-block-heading\" id=\"h-6-tenses\">6. Zamanlar:<\/h3>\n\n\n\n<p>Romence&#8217;nin ge\u00e7mi\u015f, \u015fimdiki ve gelecekteki eylemleri ifade etmek i\u00e7in birka\u00e7 zaman\u0131 vard\u0131r. Bunlar\u0131 \u015fimdiki, ge\u00e7mi\u015f ve gelecek s\u0131rayla \u00f6\u011frenmek, \u00e7e\u015fitli zaman dilimlerini anlaman\u0131za ve ifade etmenize yard\u0131mc\u0131 olacakt\u0131r.<\/p>\n\n\n\n<h3 class=\"wp-block-heading\" id=\"h-7-tense-comparison\">7. Gergin Kar\u015f\u0131la\u015ft\u0131rma:<\/h3>\n\n\n\n<p>Farkl\u0131 zamanlar\u0131n nas\u0131l kar\u015f\u0131la\u015ft\u0131r\u0131ld\u0131\u011f\u0131n\u0131 ve kar\u015f\u0131la\u015ft\u0131r\u0131ld\u0131\u011f\u0131n\u0131 anlamak, onlar\u0131 do\u011fru kullanman\u0131n anahtar\u0131d\u0131r. Bu ad\u0131m, fiil kullan\u0131m\u0131n\u0131z\u0131 geli\u015ftirmenize yard\u0131mc\u0131 olacakt\u0131r.<\/p>\n\n\n\n<h3 class=\"wp-block-heading\" id=\"h-8-progressive-and-perfect-progressive\">8. \u0130lerici ve M\u00fckemmel \u0130lerici:<\/h3>\n\n\n\n<p>Bunlar, devam eden veya tamamlanm\u0131\u015f eylemleri ifade etmenize izin veren daha geli\u015fmi\u015f fiil formlar\u0131d\u0131r.<\/p>\n\n\n\n<h3 class=\"wp-block-heading\" id=\"h-9-adverbs\">9. Zarflar:<\/h3>\n\n\n\n<p>Zarflar fiilleri, s\u0131fatlar\u0131 veya di\u011fer zarflar\u0131 de\u011fi\u015ftirir. C\u00fcmlelerinize ayr\u0131nt\u0131 ekleyerek tarz\u0131, yeri, zaman\u0131, s\u0131kl\u0131\u011f\u0131, dereceyi ve daha fazlas\u0131n\u0131 ifade etmenizi sa\u011flarlar.<\/p>\n\n\n\n<h3 class=\"wp-block-heading\" id=\"h-10-conditionals\">10. Ko\u015fullar:<\/h3>\n\n\n\n<p>Ko\u015fullar, varsay\u0131msal durumlar\u0131 ve olas\u0131 sonu\u00e7lar\u0131n\u0131 ifade eder. Karma\u015f\u0131k fikirleri ifade etmek i\u00e7in gereklidirler.<\/p>\n\n\n\n<h3 class=\"wp-block-heading\" id=\"h-11-prepositions\">11. Edatlar:<\/h3>\n\n\n\n<p>Edatlar, kelimeleri ve c\u00fcmleleri birbirine ba\u011flayarak ba\u011flam sa\u011flar. Konum, y\u00f6n, zaman ve di\u011fer ili\u015fkileri g\u00f6sterirler.<\/p>\n\n\n\n<h3 class=\"wp-block-heading\" id=\"h-12-sentences\">12. C\u00fcmleler:<\/h3>\n\n\n\n<p>Son olarak, t\u00fcm bu unsurlar\u0131n c\u00fcmleler olu\u015fturmak i\u00e7in nas\u0131l bir araya geldi\u011fini anlamak, Rumence dilbilgisi anlay\u0131\u015f\u0131n\u0131z\u0131 sa\u011flamla\u015ft\u0131racakt\u0131r. Bu son a\u015fama, c\u00fcmle yap\u0131s\u0131, c\u00fcmle t\u00fcrleri ve noktalama i\u015faretleri hakk\u0131nda bilgi edinmeyi i\u00e7erir.<\/p>\n<\/div><\/div>\n\r\n<section class=\"learnNavigationSection\">\r\n            \r\n        <a href=\"https:\/\/talkpal.ai\/tr\/romence-ogren\/\">\r\n            <div class=\"learnNavigationWrapper\">\r\n                <div class=\"learnNavigationContent\">\r\n                    <img decoding=\"async\" src=\"https:\/\/talkpal.ai\/wp-content\/uploads\/2024\/08\/Romanian.jpg\" alt=\"Romanian Flag\">\r\n                    <div>\r\n                        <h4>Rumence \u00d6\u011frenimi Hakk\u0131nda<\/h4>\r\n                        <p>Romence dilbilgisi hakk\u0131nda her \u015feyi \u00f6\u011frenin .<\/p>\r\n                    <\/div>\r\n                <\/div>\r\n            <\/div>\r\n        <\/a>\r\n\r\n        \r\n        <a href=\"https:\/\/talkpal.ai\/tr\/romence-dilbilgisi\/\">\r\n            <div class=\"learnNavigationWrapper\">\r\n                <div class=\"learnNavigationContent\">\r\n                    <img decoding=\"async\" src=\"https:\/\/talkpal.ai\/wp-content\/uploads\/2024\/08\/Romanian.jpg\" alt=\"Romanian Flag\">\r\n                    <div>\r\n                        <h4>Romence Gramer Dersleri<\/h4>\r\n                        <p>Romence dilbilgisi al\u0131\u015ft\u0131rmas\u0131 yap\u0131n .<\/p>\r\n                    <\/div>\r\n                <\/div>\r\n            <\/div>\r\n        <\/a>\r\n\r\n        \r\n        <a href=\"https:\/\/talkpal.ai\/vocabulary_language\/romanian\/\">\r\n            <div class=\"learnNavigationWrapper\">\r\n                <div class=\"learnNavigationContent\">\r\n                    <img decoding=\"async\" src=\"https:\/\/talkpal.ai\/wp-content\/uploads\/2024\/08\/Romanian.jpg\" alt=\"Romanian Flag\">\r\n                    <div>\r\n                        <h4>Romence Kelime Bilgisi<\/h4>\r\n                        <p>Romence kelime da\u011farc\u0131\u011f\u0131n\u0131z\u0131 geni\u015fletin.<\/p>\r\n                    <\/div>\r\n                <\/div>\r\n            <\/div>\r\n        <\/a>\r\n\r\n            <\/section>","protected":false},"excerpt":{"rendered":"<p>Romence Dilbilgisi Konular\u0131 Romence \u00f6\u011frenmek, zengin bir k\u00fclt\u00fcr ve tarih hakk\u0131nda fikir veren \u00f6d\u00fcllendirici bir \u00e7abad\u0131r. Romence dilbilgisi karma\u015f\u0131k olsa da, sistematik bir yakla\u015f\u0131m onu y\u00f6netilebilir hale getirebilir. Anahtar, temel unsurlardan ba\u015flayarak ve yava\u015f yava\u015f ileri konulara do\u011fru ilerleyerek yap\u0131s\u0131n\u0131 ve kurallar\u0131n\u0131 anlamakt\u0131r. Bu k\u0131lavuz, zamanlar, fiiller, isimler, artikeller, zamirler\/belirleyiciler, s\u0131fatlar, zarflar, ko\u015fullar, edatlar ve [&hellip;]<\/p>\n","protected":false},"author":6,"featured_media":117791,"parent":0,"menu_order":0,"comment_status":"closed","ping_status":"closed","template":"LearningContentPage.php","meta":{"_acf_changed":false,"footnotes":""},"class_list":["post-157486","page","type-page","status-publish","has-post-thumbnail","hentry"],"acf":[],"yoast_head":"<!-- This site is optimized with the Yoast SEO Premium plugin v27.2 (Yoast SEO v27.2) - https:\/\/yoast.com\/product\/yoast-seo-premium-wordpress\/ -->\n<title>Rumence Dilbilgisi Al\u0131\u015ft\u0131rmalar\u0131 - Talkpal<\/title>\n<meta name=\"description\" content=\"Hedefe y\u00f6nelik al\u0131\u015ft\u0131rmalarla Romence dilbilgisinde ustala\u015f\u0131n. Romence dilbilgisi al\u0131\u015ft\u0131rmalar\u0131m\u0131z \u00f6\u011frenmeyi sistematik ve etkili hale getirir.\" \/>\n<meta name=\"robots\" content=\"index, follow, max-snippet:-1, max-image-preview:large, max-video-preview:-1\" \/>\n<link rel=\"canonical\" href=\"https:\/\/talkpal.ai\/tr\/rumence-dilbilgisi-alistirmalari\/\" \/>\n<meta property=\"og:locale\" content=\"tr_TR\" \/>\n<meta property=\"og:type\" content=\"article\" \/>\n<meta property=\"og:title\" content=\"Rumence Dilbilgisi Al\u0131\u015ft\u0131rmalar\u0131\" \/>\n<meta property=\"og:description\" content=\"Romence Dilbilgisi Konular\u0131 Romence \u00f6\u011frenmek, zengin bir k\u00fclt\u00fcr ve tarih hakk\u0131nda fikir veren \u00f6d\u00fcllendirici bir \u00e7abad\u0131r. Romence dilbilgisi karma\u015f\u0131k olsa\" \/>\n<meta property=\"og:url\" content=\"https:\/\/talkpal.ai\/tr\/rumence-dilbilgisi-alistirmalari\/\" \/>\n<meta property=\"og:site_name\" content=\"Talkpal\" \/>\n<meta property=\"article:publisher\" content=\"https:\/\/www.facebook.com\/profile.php?id=100090733639311\" \/>\n<meta property=\"article:modified_time\" content=\"2025-12-17T09:55:21+00:00\" \/>\n<meta property=\"og:image\" content=\"https:\/\/talkpal.ai\/wp-content\/uploads\/2023\/05\/romania.png\" \/>\n\t<meta property=\"og:image:width\" content=\"512\" \/>\n\t<meta property=\"og:image:height\" content=\"512\" \/>\n\t<meta property=\"og:image:type\" content=\"image\/png\" \/>\n<meta name=\"twitter:card\" content=\"summary_large_image\" \/>\n<meta name=\"twitter:site\" content=\"@talkpalai\" \/>\n<meta name=\"twitter:label1\" content=\"Tahmini okuma s\u00fcresi\" \/>\n\t<meta name=\"twitter:data1\" content=\"2 dakika\" \/>\n<script type=\"application\/ld+json\" class=\"yoast-schema-graph\">{\"@context\":\"https:\/\/schema.org\",\"@graph\":[{\"@type\":\"WebPage\",\"@id\":\"https:\/\/talkpal.ai\/tr\/rumence-dilbilgisi-alistirmalari\/\",\"url\":\"https:\/\/talkpal.ai\/tr\/rumence-dilbilgisi-alistirmalari\/\",\"name\":\"Rumence Dilbilgisi Al\u0131\u015ft\u0131rmalar\u0131 - Talkpal\",\"isPartOf\":{\"@id\":\"https:\/\/talkpal.ai\/tr\/#website\"},\"primaryImageOfPage\":{\"@id\":\"https:\/\/talkpal.ai\/tr\/rumence-dilbilgisi-alistirmalari\/#primaryimage\"},\"image\":{\"@id\":\"https:\/\/talkpal.ai\/tr\/rumence-dilbilgisi-alistirmalari\/#primaryimage\"},\"thumbnailUrl\":\"https:\/\/talkpal.ai\/wp-content\/uploads\/2023\/05\/romania.png\",\"datePublished\":\"2023-06-28T09:53:38+00:00\",\"dateModified\":\"2025-12-17T09:55:21+00:00\",\"description\":\"Hedefe y\u00f6nelik al\u0131\u015ft\u0131rmalarla Romence dilbilgisinde ustala\u015f\u0131n. Romence dilbilgisi al\u0131\u015ft\u0131rmalar\u0131m\u0131z \u00f6\u011frenmeyi sistematik ve etkili hale getirir.\",\"breadcrumb\":{\"@id\":\"https:\/\/talkpal.ai\/tr\/rumence-dilbilgisi-alistirmalari\/#breadcrumb\"},\"inLanguage\":\"tr\",\"potentialAction\":[{\"@type\":\"ReadAction\",\"target\":[\"https:\/\/talkpal.ai\/tr\/rumence-dilbilgisi-alistirmalari\/\"]}]},{\"@type\":\"ImageObject\",\"inLanguage\":\"tr\",\"@id\":\"https:\/\/talkpal.ai\/tr\/rumence-dilbilgisi-alistirmalari\/#primaryimage\",\"url\":\"https:\/\/talkpal.ai\/wp-content\/uploads\/2023\/05\/romania.png\",\"contentUrl\":\"https:\/\/talkpal.ai\/wp-content\/uploads\/2023\/05\/romania.png\",\"width\":512,\"height\":512},{\"@type\":\"BreadcrumbList\",\"@id\":\"https:\/\/talkpal.ai\/tr\/rumence-dilbilgisi-alistirmalari\/#breadcrumb\",\"itemListElement\":[{\"@type\":\"ListItem\",\"position\":1,\"name\":\"Homepage\",\"item\":\"https:\/\/talkpal.ai\/tr\/\"},{\"@type\":\"ListItem\",\"position\":2,\"name\":\"Rumence Dilbilgisi Al\u0131\u015ft\u0131rmalar\u0131\"}]},{\"@type\":\"WebSite\",\"@id\":\"https:\/\/talkpal.ai\/tr\/#website\",\"url\":\"https:\/\/talkpal.ai\/tr\/\",\"name\":\"Talkpal\",\"description\":\"AI Language Learning\",\"publisher\":{\"@id\":\"https:\/\/talkpal.ai\/tr\/#organization\"},\"alternateName\":\"Talkpal AI\",\"potentialAction\":[{\"@type\":\"SearchAction\",\"target\":{\"@type\":\"EntryPoint\",\"urlTemplate\":\"https:\/\/talkpal.ai\/tr\/?s={search_term_string}\"},\"query-input\":{\"@type\":\"PropertyValueSpecification\",\"valueRequired\":true,\"valueName\":\"search_term_string\"}}],\"inLanguage\":\"tr\"},{\"@type\":\"Organization\",\"@id\":\"https:\/\/talkpal.ai\/tr\/#organization\",\"name\":\"Talkpal, Inc.\",\"alternateName\":\"Talkpal AI\",\"url\":\"https:\/\/talkpal.ai\/tr\/\",\"logo\":{\"@type\":\"ImageObject\",\"inLanguage\":\"tr\",\"@id\":\"https:\/\/talkpal.ai\/tr\/#\/schema\/logo\/image\/\",\"url\":\"https:\/\/talkpal.ai\/wp-content\/uploads\/2024\/03\/Talkpal-Logo-Icon.png\",\"contentUrl\":\"https:\/\/talkpal.ai\/wp-content\/uploads\/2024\/03\/Talkpal-Logo-Icon.png\",\"width\":2880,\"height\":2880,\"caption\":\"Talkpal, Inc.\"},\"image\":{\"@id\":\"https:\/\/talkpal.ai\/tr\/#\/schema\/logo\/image\/\"},\"sameAs\":[\"https:\/\/www.facebook.com\/profile.php?id=100090733639311\",\"https:\/\/x.com\/talkpalai\",\"https:\/\/www.linkedin.com\/company\/talkpal\/\",\"https:\/\/www.youtube.com\/@TalkPal\/\",\"https:\/\/www.tiktok.com\/@talkpal\",\"https:\/\/www.instagram.com\/talkpal_ai\/\",\"https:\/\/www.crunchbase.com\/organization\/talkpal-9cde\",\"https:\/\/www.g2.com\/products\/talkpal-for-business\/\",\"https:\/\/www.trustpilot.com\/review\/talkpal.ai\",\"https:\/\/www.capterra.com\/p\/10006800\/TalkPal\/\"],\"description\":\"Talkpal is a language learning web and mobile education app, powered by the latest AI technologies, that provides engaging experiences to its customers in many different languages to help them improve their language skills. Users can chat about unlimited amount of topics with the app and use other modes to practice their language learning.\",\"email\":\"support@talkpal.ai\",\"legalName\":\"Talkpal, Inc.\",\"foundingDate\":\"2023-04-03\",\"duns\":\"118989042\",\"numberOfEmployees\":{\"@type\":\"QuantitativeValue\",\"minValue\":\"11\",\"maxValue\":\"50\"},\"publishingPrinciples\":\"https:\/\/talkpal.ai\/publishing-principles\/\",\"actionableFeedbackPolicy\":\"https:\/\/talkpal.ai\/actionable-feedback-policy\/\",\"correctionsPolicy\":\"https:\/\/talkpal.ai\/corrections-policy\/\",\"ethicsPolicy\":\"https:\/\/talkpal.ai\/ethics-policy\/\",\"diversityPolicy\":\"https:\/\/talkpal.ai\/diversity-policy\/\",\"diversityStaffingReport\":\"https:\/\/talkpal.ai\/diversity-policy\/\"}]}<\/script>\n<!-- \/ Yoast SEO Premium plugin. -->","yoast_head_json":{"title":"Rumence Dilbilgisi Al\u0131\u015ft\u0131rmalar\u0131 - Talkpal","description":"Hedefe y\u00f6nelik al\u0131\u015ft\u0131rmalarla Romence dilbilgisinde ustala\u015f\u0131n. Romence dilbilgisi al\u0131\u015ft\u0131rmalar\u0131m\u0131z \u00f6\u011frenmeyi sistematik ve etkili hale getirir.","robots":{"index":"index","follow":"follow","max-snippet":"max-snippet:-1","max-image-preview":"max-image-preview:large","max-video-preview":"max-video-preview:-1"},"canonical":"https:\/\/talkpal.ai\/tr\/rumence-dilbilgisi-alistirmalari\/","og_locale":"tr_TR","og_type":"article","og_title":"Rumence Dilbilgisi Al\u0131\u015ft\u0131rmalar\u0131","og_description":"Romence Dilbilgisi Konular\u0131 Romence \u00f6\u011frenmek, zengin bir k\u00fclt\u00fcr ve tarih hakk\u0131nda fikir veren \u00f6d\u00fcllendirici bir \u00e7abad\u0131r. Romence dilbilgisi karma\u015f\u0131k olsa","og_url":"https:\/\/talkpal.ai\/tr\/rumence-dilbilgisi-alistirmalari\/","og_site_name":"Talkpal","article_publisher":"https:\/\/www.facebook.com\/profile.php?id=100090733639311","article_modified_time":"2025-12-17T09:55:21+00:00","og_image":[{"width":512,"height":512,"url":"https:\/\/talkpal.ai\/wp-content\/uploads\/2023\/05\/romania.png","type":"image\/png"}],"twitter_card":"summary_large_image","twitter_site":"@talkpalai","twitter_misc":{"Tahmini okuma s\u00fcresi":"2 dakika"},"schema":{"@context":"https:\/\/schema.org","@graph":[{"@type":"WebPage","@id":"https:\/\/talkpal.ai\/tr\/rumence-dilbilgisi-alistirmalari\/","url":"https:\/\/talkpal.ai\/tr\/rumence-dilbilgisi-alistirmalari\/","name":"Rumence Dilbilgisi Al\u0131\u015ft\u0131rmalar\u0131 - Talkpal","isPartOf":{"@id":"https:\/\/talkpal.ai\/tr\/#website"},"primaryImageOfPage":{"@id":"https:\/\/talkpal.ai\/tr\/rumence-dilbilgisi-alistirmalari\/#primaryimage"},"image":{"@id":"https:\/\/talkpal.ai\/tr\/rumence-dilbilgisi-alistirmalari\/#primaryimage"},"thumbnailUrl":"https:\/\/talkpal.ai\/wp-content\/uploads\/2023\/05\/romania.png","datePublished":"2023-06-28T09:53:38+00:00","dateModified":"2025-12-17T09:55:21+00:00","description":"Hedefe y\u00f6nelik al\u0131\u015ft\u0131rmalarla Romence dilbilgisinde ustala\u015f\u0131n. Romence dilbilgisi al\u0131\u015ft\u0131rmalar\u0131m\u0131z \u00f6\u011frenmeyi sistematik ve etkili hale getirir.","breadcrumb":{"@id":"https:\/\/talkpal.ai\/tr\/rumence-dilbilgisi-alistirmalari\/#breadcrumb"},"inLanguage":"tr","potentialAction":[{"@type":"ReadAction","target":["https:\/\/talkpal.ai\/tr\/rumence-dilbilgisi-alistirmalari\/"]}]},{"@type":"ImageObject","inLanguage":"tr","@id":"https:\/\/talkpal.ai\/tr\/rumence-dilbilgisi-alistirmalari\/#primaryimage","url":"https:\/\/talkpal.ai\/wp-content\/uploads\/2023\/05\/romania.png","contentUrl":"https:\/\/talkpal.ai\/wp-content\/uploads\/2023\/05\/romania.png","width":512,"height":512},{"@type":"BreadcrumbList","@id":"https:\/\/talkpal.ai\/tr\/rumence-dilbilgisi-alistirmalari\/#breadcrumb","itemListElement":[{"@type":"ListItem","position":1,"name":"Homepage","item":"https:\/\/talkpal.ai\/tr\/"},{"@type":"ListItem","position":2,"name":"Rumence Dilbilgisi Al\u0131\u015ft\u0131rmalar\u0131"}]},{"@type":"WebSite","@id":"https:\/\/talkpal.ai\/tr\/#website","url":"https:\/\/talkpal.ai\/tr\/","name":"Talkpal","description":"AI Language Learning","publisher":{"@id":"https:\/\/talkpal.ai\/tr\/#organization"},"alternateName":"Talkpal AI","potentialAction":[{"@type":"SearchAction","target":{"@type":"EntryPoint","urlTemplate":"https:\/\/talkpal.ai\/tr\/?s={search_term_string}"},"query-input":{"@type":"PropertyValueSpecification","valueRequired":true,"valueName":"search_term_string"}}],"inLanguage":"tr"},{"@type":"Organization","@id":"https:\/\/talkpal.ai\/tr\/#organization","name":"Talkpal, Inc.","alternateName":"Talkpal AI","url":"https:\/\/talkpal.ai\/tr\/","logo":{"@type":"ImageObject","inLanguage":"tr","@id":"https:\/\/talkpal.ai\/tr\/#\/schema\/logo\/image\/","url":"https:\/\/talkpal.ai\/wp-content\/uploads\/2024\/03\/Talkpal-Logo-Icon.png","contentUrl":"https:\/\/talkpal.ai\/wp-content\/uploads\/2024\/03\/Talkpal-Logo-Icon.png","width":2880,"height":2880,"caption":"Talkpal, Inc."},"image":{"@id":"https:\/\/talkpal.ai\/tr\/#\/schema\/logo\/image\/"},"sameAs":["https:\/\/www.facebook.com\/profile.php?id=100090733639311","https:\/\/x.com\/talkpalai","https:\/\/www.linkedin.com\/company\/talkpal\/","https:\/\/www.youtube.com\/@TalkPal\/","https:\/\/www.tiktok.com\/@talkpal","https:\/\/www.instagram.com\/talkpal_ai\/","https:\/\/www.crunchbase.com\/organization\/talkpal-9cde","https:\/\/www.g2.com\/products\/talkpal-for-business\/","https:\/\/www.trustpilot.com\/review\/talkpal.ai","https:\/\/www.capterra.com\/p\/10006800\/TalkPal\/"],"description":"Talkpal is a language learning web and mobile education app, powered by the latest AI technologies, that provides engaging experiences to its customers in many different languages to help them improve their language skills. Users can chat about unlimited amount of topics with the app and use other modes to practice their language learning.","email":"support@talkpal.ai","legalName":"Talkpal, Inc.","foundingDate":"2023-04-03","duns":"118989042","numberOfEmployees":{"@type":"QuantitativeValue","minValue":"11","maxValue":"50"},"publishingPrinciples":"https:\/\/talkpal.ai\/publishing-principles\/","actionableFeedbackPolicy":"https:\/\/talkpal.ai\/actionable-feedback-policy\/","correctionsPolicy":"https:\/\/talkpal.ai\/corrections-policy\/","ethicsPolicy":"https:\/\/talkpal.ai\/ethics-policy\/","diversityPolicy":"https:\/\/talkpal.ai\/diversity-policy\/","diversityStaffingReport":"https:\/\/talkpal.ai\/diversity-policy\/"}]}},"_links":{"self":[{"href":"https:\/\/talkpal.ai\/tr\/wp-json\/wp\/v2\/pages\/157486","targetHints":{"allow":["GET"]}}],"collection":[{"href":"https:\/\/talkpal.ai\/tr\/wp-json\/wp\/v2\/pages"}],"about":[{"href":"https:\/\/talkpal.ai\/tr\/wp-json\/wp\/v2\/types\/page"}],"author":[{"embeddable":true,"href":"https:\/\/talkpal.ai\/tr\/wp-json\/wp\/v2\/users\/6"}],"replies":[{"embeddable":true,"href":"https:\/\/talkpal.ai\/tr\/wp-json\/wp\/v2\/comments?post=157486"}],"version-history":[{"count":0,"href":"https:\/\/talkpal.ai\/tr\/wp-json\/wp\/v2\/pages\/157486\/revisions"}],"wp:featuredmedia":[{"embeddable":true,"href":"https:\/\/talkpal.ai\/tr\/wp-json\/wp\/v2\/media\/117791"}],"wp:attachment":[{"href":"https:\/\/talkpal.ai\/tr\/wp-json\/wp\/v2\/media?parent=157486"}],"curies":[{"name":"wp","href":"https:\/\/api.w.org\/{rel}","templated":true}]}}