{"id":157295,"date":"2023-06-28T11:41:23","date_gmt":"2023-06-28T11:41:23","guid":{"rendered":"http:\/\/talkpal.ai\/sirpca-dilbilgisi-alistirmalari\/"},"modified":"2025-12-17T09:58:20","modified_gmt":"2025-12-17T09:58:20","slug":"sirpca-dilbilgisi-alistirmalari","status":"publish","type":"page","link":"https:\/\/talkpal.ai\/tr\/sirpca-dilbilgisi-alistirmalari\/","title":{"rendered":"S\u0131rp\u00e7a Dilbilgisi Al\u0131\u015ft\u0131rmalar\u0131"},"content":{"rendered":"\r\n\r\n\r\n<section class=\"languageChallengeSection\">\r\n    <div class=\"languageInfoWrapper\">\r\n        \r\n        <h1>S\u0131rp\u00e7a Dilbilgisi Al\u0131\u015ft\u0131rmalar\u0131<\/h1>\r\n        <p>S\u0131rp\u00e7ada kendinize daha fazla g\u00fcvenmek ister misiniz? Dilbilgisi al\u0131\u015ft\u0131rmalar\u0131 yapmak c\u00fcmle yap\u0131s\u0131, fiil formlar\u0131 ve S\u0131rp dilinin kendine \u00f6zg\u00fc kurallar\u0131na hakim olmak i\u00e7in harika bir yoldur. <a href=\"https:\/\/talkpal.ai\/serbian-grammar\/\">S\u0131rp\u00e7a dilbilgisi<\/a> \u00fczerinde \u00e7al\u0131\u015fmaya bug\u00fcn ba\u015flay\u0131n ve her al\u0131\u015ft\u0131rmada becerilerinizin ve ak\u0131c\u0131l\u0131\u011f\u0131n\u0131z\u0131n artmas\u0131n\u0131 izleyin!\n\n<\/p>\r\n\r\n                            <a class=\"getStartedHidden\" href=\"https:\/\/app.talkpal.ai\/tr\/signup?lng=\">Hadi ba\u015fla<\/a>\r\n        \r\n    <\/div>\r\n\r\n    <figure>\r\n    <img decoding=\"async\" width=\"768\" height=\"768\" src=\"https:\/\/talkpal.ai\/wp-content\/uploads\/2023\/06\/serbian-768x768.png\" class=\"languageImage no-lazy\" alt=\"Fast-track to fluency with language learning\" fetchpriority=\"high\" sizes=\"(max-width: 768px) 150px, 768px\" srcset=\"https:\/\/talkpal.ai\/wp-content\/uploads\/2023\/06\/serbian-768x768.png 768w, https:\/\/talkpal.ai\/wp-content\/uploads\/2023\/06\/serbian-300x300.png 300w\" \/>\r\n    \r\n\r\n    <\/figure>\r\n\r\n            <a class=\"getStartedVisible\" href=\"https:\/\/app.talkpal.ai\/tr\/signup?lng=\">Hadi ba\u015fla<\/a>\r\n    \r\n<\/section>\r\n\r\n\r\n<!-- <section class=\"grammarSection\">\r\n    <div class=\"grammarLinks\">\r\n            <\/div>\r\n<\/section> -->\r\n\r\n\r\n\r\n\r\n<section class=\"promotionalBanner\">\r\n    <p class=\"promotionalText\">Dil \u00f6\u011frenmenin en etkili yolu<\/p>\r\n    <a class=\"promotionalLink\" href=\"https:\/\/app.talkpal.ai\/tr\/signup?lng=\">Talkpal \u00fccretsiz deneyin<\/a>\r\n<\/section>\n<div class=\"wp-block-group pageContainerStyle\"><div class=\"wp-block-group__inner-container is-layout-constrained wp-block-group-is-layout-constrained\">\n<h2 class=\"wp-block-heading\" id=\"h-serbian-grammar-topics\">S\u0131rp\u00e7a Dilbilgisi Konular\u0131<\/h2>\n\n\n\n<p><a href=\"https:\/\/talkpal.ai\/learn-serbian\/\">S\u0131rp\u00e7a<\/a> \u00f6\u011frenmek, yeni bir k\u00fclt\u00fcrel bak\u0131\u015f a\u00e7\u0131s\u0131 a\u00e7t\u0131\u011f\u0131, zengin bir edebi gelene\u011fe eri\u015fim sa\u011flad\u0131\u011f\u0131 ve Balkanlar&#8217;da seyahat eden veya i\u015f yapanlar i\u00e7in faydal\u0131 olabilece\u011fi i\u00e7in zenginle\u015ftirici bir deneyim olabilir. Bununla birlikte, herhangi bir dil gibi, S\u0131rp\u00e7a&#8217;n\u0131n da \u00f6zellikle dilbilgisinde karma\u015f\u0131kl\u0131klar\u0131 vard\u0131r. G\u00fc\u00e7l\u00fc bir temel olu\u015fturmak i\u00e7in, bir konudan di\u011ferine ge\u00e7i\u015fi kolayla\u015ft\u0131ran bir s\u0131ra izlemek \u00e7ok \u00f6nemlidir.<\/p>\n\n\n\n<h3 class=\"wp-block-heading\" id=\"h-1-nouns\">1. \u0130simler:<\/h3>\n\n\n\n<p>Dilin yap\u0131 ta\u015flar\u0131 olduklar\u0131 i\u00e7in S\u0131rp\u00e7a isimleri anlamakla ba\u015flay\u0131n. Cinsiyete, say\u0131ya ve duruma g\u00f6re de\u011fi\u015firler. S\u0131rp\u00e7ada ismin c\u00fcmledeki rol\u00fcn\u00fc belirleyen yedi durum vard\u0131r.<\/p>\n\n\n\n<h3 class=\"wp-block-heading\" id=\"h-2-articles\">2. Makaleler:<\/h3>\n\n\n\n<p>S\u0131rp\u00e7ada \u0130ngilizce gibi belirli ve belirsiz artikeller yoktur. Bu konsepte erkenden a\u015fina olmak, daha sonra kafa kar\u0131\u015f\u0131kl\u0131\u011f\u0131n\u0131 \u00f6nleyebilir.<\/p>\n\n\n\n<h3 class=\"wp-block-heading\" id=\"h-3-adjectives\">3. S\u0131fatlar:<\/h3>\n\n\n\n<p>S\u0131rp\u00e7a&#8217;daki s\u0131fatlar, cinsiyet, say\u0131 ve durum bak\u0131m\u0131ndan de\u011fi\u015ftirdikleri isimlerle ayn\u0131 fikirdedir. A\u00e7\u0131klay\u0131c\u0131 c\u00fcmleler kurmak i\u00e7in bunlar\u0131 isimlerle birlikte \u00f6\u011frenmek \u00e7ok \u00f6nemlidir.<\/p>\n\n\n\n<h3 class=\"wp-block-heading\" id=\"h-4-pronouns-determiners\">4. Zamirler\/Belirleyiciler:<\/h3>\n\n\n\n<p>Ki\u015fisel, iyelik, g\u00f6sterici ve ilgi zamirleri hakk\u0131nda bilgi edinin. Ayr\u0131ca isimler ve s\u0131fatlar gibi cinsiyete, say\u0131ya ve duruma g\u00f6re de\u011fi\u015firler.<\/p>\n\n\n\n<h3 class=\"wp-block-heading\" id=\"h-5-verbs\">5. Fiiller:<\/h3>\n\n\n\n<p>Fiilleri anlamak, eylemleri g\u00f6sterdikleri i\u00e7in esast\u0131r. S\u0131rp\u00e7a fiiller zaman, ruh hali, g\u00f6r\u00fcn\u00fc\u015f ve ki\u015fiye g\u00f6re \u00e7ekimlenir.<\/p>\n\n\n\n<h3 class=\"wp-block-heading\" id=\"h-6-tenses\">6. Zamanlar:<\/h3>\n\n\n\n<p>S\u0131rp\u00e7a&#8217;n\u0131n farkl\u0131 zamanlar\u0131 vard\u0131r: \u015fimdiki, ge\u00e7mi\u015f ve gelecek. Bu zamanlar\u0131 anlamak, farkl\u0131 zamanlarda meydana gelen eylemleri ifade etmeye yard\u0131mc\u0131 olur.<\/p>\n\n\n\n<h3 class=\"wp-block-heading\" id=\"h-7-tense-comparison\">7. Gergin Kar\u015f\u0131la\u015ft\u0131rma:<\/h3>\n\n\n\n<p>Zamanlar\u0131 kar\u015f\u0131la\u015ft\u0131rmak, S\u0131rp\u00e7a&#8217;da zaman\u0131 ifade etmedeki ince farkl\u0131l\u0131klar\u0131 anlamaya yard\u0131mc\u0131 olur. Fiillerde ustala\u015fmak i\u00e7in \u00e7ok \u00f6nemlidir.<\/p>\n\n\n\n<h3 class=\"wp-block-heading\" id=\"h-8-progressive-and-perfect-progressive\">8. \u0130lerici ve M\u00fckemmel \u0130lerici:<\/h3>\n\n\n\n<p>S\u0131rp\u00e7ada \u0130ngilizce ilerleyen zamanlar\u0131n do\u011frudan bir kar\u015f\u0131l\u0131\u011f\u0131 yoktur, ancak benzer anlamlar\u0131 ifade edebilen y\u00f6nleri (perfective ve imperfective) vard\u0131r.<\/p>\n\n\n\n<h3 class=\"wp-block-heading\" id=\"h-9-adverbs\">9. Zarflar:<\/h3>\n\n\n\n<p>Zarflar fiillere, s\u0131fatlara ve di\u011fer zarflara daha fazla bilgi ekler. Bir eylemin nas\u0131l, ne zaman veya nerede ger\u00e7ekle\u015fti\u011fini a\u00e7\u0131klamak i\u00e7in gereklidirler.<\/p>\n\n\n\n<h3 class=\"wp-block-heading\" id=\"h-10-prepositions\">10. Edatlar:<\/h3>\n\n\n\n<p>S\u0131rp\u00e7a&#8217;da edatlar yer, zaman, y\u00f6n, sebep vb. ifade etmek i\u00e7in kullan\u0131l\u0131r. Belirli bir durumda bir isme ihtiya\u00e7 duyarlar.<\/p>\n\n\n\n<h3 class=\"wp-block-heading\" id=\"h-11-conditionals\">11. Ko\u015fullar:<\/h3>\n\n\n\n<p>S\u0131rp\u00e7a&#8217;da \u00fc\u00e7 t\u00fcr ko\u015ful vard\u0131r ve bunlar olas\u0131, varsay\u0131msal veya ger\u00e7ek d\u0131\u015f\u0131 durumlar\u0131 ifade etmek i\u00e7in kullan\u0131l\u0131r.<\/p>\n\n\n\n<p>12. C\u00fcmleler:<\/p>\n\n\n\n<p>Son olarak, yukar\u0131daki t\u00fcm unsurlar\u0131 birle\u015ftirerek S\u0131rp\u00e7a c\u00fcmlelerin nas\u0131l kurulaca\u011f\u0131n\u0131 anlamak, dilde etkili bir \u015fekilde ileti\u015fim kurmaya ba\u015flamak i\u00e7in \u00e7ok \u00f6nemlidir.<\/p>\n<\/div><\/div>\n\r\n<section class=\"learnNavigationSection\">\r\n            \r\n        <a href=\"https:\/\/talkpal.ai\/tr\/sirpca-ogren\/\">\r\n            <div class=\"learnNavigationWrapper\">\r\n                <div class=\"learnNavigationContent\">\r\n                    <img decoding=\"async\" src=\"https:\/\/talkpal.ai\/wp-content\/uploads\/2024\/08\/Serbian.jpg\" alt=\"Serbian Flag\">\r\n                    <div>\r\n                        <h4>S\u0131rbistan \u00d6\u011frenimi Hakk\u0131nda<\/h4>\r\n                        <p>S\u0131rbistan dilbilgisi hakk\u0131nda her \u015feyi \u00f6\u011frenin.<\/p>\r\n                    <\/div>\r\n                <\/div>\r\n            <\/div>\r\n        <\/a>\r\n\r\n        \r\n        <a href=\"https:\/\/talkpal.ai\/tr\/sirpca-dilbilgisi\/\">\r\n            <div class=\"learnNavigationWrapper\">\r\n                <div class=\"learnNavigationContent\">\r\n                    <img decoding=\"async\" src=\"https:\/\/talkpal.ai\/wp-content\/uploads\/2024\/08\/Serbian.jpg\" alt=\"Serbian Flag\">\r\n                    <div>\r\n                        <h4>S\u0131rp\u00e7a Gramer Dersleri<\/h4>\r\n                        <p>S\u0131rp\u00e7a dilbilgisi prati\u011fi yap\u0131n .<\/p>\r\n                    <\/div>\r\n                <\/div>\r\n            <\/div>\r\n        <\/a>\r\n\r\n        \r\n        <a href=\"https:\/\/talkpal.ai\/vocabulary_language\/serbian\/\">\r\n            <div class=\"learnNavigationWrapper\">\r\n                <div class=\"learnNavigationContent\">\r\n                    <img decoding=\"async\" src=\"https:\/\/talkpal.ai\/wp-content\/uploads\/2024\/08\/Serbian.jpg\" alt=\"Serbian Flag\">\r\n                    <div>\r\n                        <h4>S\u0131rp\u00e7a Kelime Bilgisi<\/h4>\r\n                        <p>S\u0131rp\u00e7a kelime da\u011farc\u0131\u011f\u0131n\u0131z\u0131 geni\u015fletin.<\/p>\r\n                    <\/div>\r\n                <\/div>\r\n            <\/div>\r\n        <\/a>\r\n\r\n            <\/section>","protected":false},"excerpt":{"rendered":"<p>S\u0131rp\u00e7a Dilbilgisi Konular\u0131 S\u0131rp\u00e7a \u00f6\u011frenmek, yeni bir k\u00fclt\u00fcrel bak\u0131\u015f a\u00e7\u0131s\u0131 a\u00e7t\u0131\u011f\u0131, zengin bir edebi gelene\u011fe eri\u015fim sa\u011flad\u0131\u011f\u0131 ve Balkanlar&#8217;da seyahat eden veya i\u015f yapanlar i\u00e7in faydal\u0131 olabilece\u011fi i\u00e7in zenginle\u015ftirici bir deneyim olabilir. Bununla birlikte, herhangi bir dil gibi, S\u0131rp\u00e7a&#8217;n\u0131n da \u00f6zellikle dilbilgisinde karma\u015f\u0131kl\u0131klar\u0131 vard\u0131r. G\u00fc\u00e7l\u00fc bir temel olu\u015fturmak i\u00e7in, bir konudan di\u011ferine ge\u00e7i\u015fi kolayla\u015ft\u0131ran bir [&hellip;]<\/p>\n","protected":false},"author":6,"featured_media":118166,"parent":0,"menu_order":0,"comment_status":"closed","ping_status":"closed","template":"LearningContentPage.php","meta":{"_acf_changed":false,"footnotes":""},"class_list":["post-157295","page","type-page","status-publish","has-post-thumbnail","hentry"],"acf":[],"yoast_head":"<!-- This site is optimized with the Yoast SEO Premium plugin v27.2 (Yoast SEO v27.2) - https:\/\/yoast.com\/product\/yoast-seo-premium-wordpress\/ -->\n<title>S\u0131rp\u00e7a Dilbilgisi Al\u0131\u015ft\u0131rmalar\u0131 - Talkpal<\/title>\n<meta name=\"description\" content=\"Yeterlili\u011finizi geli\u015ftirmek i\u00e7in tasarlanm\u0131\u015f ilgi \u00e7ekici al\u0131\u015ft\u0131rmalarla S\u0131rp\u00e7a dilbilgisi prati\u011fi yap\u0131n. \u0130nteraktif dersleri ke\u015ffedin!\" \/>\n<meta name=\"robots\" content=\"index, follow, max-snippet:-1, max-image-preview:large, max-video-preview:-1\" \/>\n<link rel=\"canonical\" href=\"https:\/\/talkpal.ai\/tr\/sirpca-dilbilgisi-alistirmalari\/\" \/>\n<meta property=\"og:locale\" content=\"tr_TR\" \/>\n<meta property=\"og:type\" content=\"article\" \/>\n<meta property=\"og:title\" content=\"S\u0131rp\u00e7a Dilbilgisi Al\u0131\u015ft\u0131rmalar\u0131\" \/>\n<meta property=\"og:description\" content=\"S\u0131rp\u00e7a Dilbilgisi Konular\u0131 S\u0131rp\u00e7a \u00f6\u011frenmek, yeni bir k\u00fclt\u00fcrel bak\u0131\u015f a\u00e7\u0131s\u0131 a\u00e7t\u0131\u011f\u0131, zengin bir edebi gelene\u011fe eri\u015fim sa\u011flad\u0131\u011f\u0131 ve Balkanlar&#039;da seyahat eden\" \/>\n<meta property=\"og:url\" content=\"https:\/\/talkpal.ai\/tr\/sirpca-dilbilgisi-alistirmalari\/\" \/>\n<meta property=\"og:site_name\" content=\"Talkpal\" \/>\n<meta property=\"article:publisher\" content=\"https:\/\/www.facebook.com\/profile.php?id=100090733639311\" \/>\n<meta property=\"article:modified_time\" content=\"2025-12-17T09:58:20+00:00\" \/>\n<meta property=\"og:image\" content=\"https:\/\/talkpal.ai\/wp-content\/uploads\/2023\/05\/serbia.png\" \/>\n\t<meta property=\"og:image:width\" content=\"512\" \/>\n\t<meta property=\"og:image:height\" content=\"512\" \/>\n\t<meta property=\"og:image:type\" content=\"image\/png\" \/>\n<meta name=\"twitter:card\" content=\"summary_large_image\" \/>\n<meta name=\"twitter:site\" content=\"@talkpalai\" \/>\n<meta name=\"twitter:label1\" content=\"Tahmini okuma s\u00fcresi\" \/>\n\t<meta name=\"twitter:data1\" content=\"2 dakika\" \/>\n<script type=\"application\/ld+json\" class=\"yoast-schema-graph\">{\"@context\":\"https:\/\/schema.org\",\"@graph\":[{\"@type\":\"WebPage\",\"@id\":\"https:\/\/talkpal.ai\/tr\/sirpca-dilbilgisi-alistirmalari\/\",\"url\":\"https:\/\/talkpal.ai\/tr\/sirpca-dilbilgisi-alistirmalari\/\",\"name\":\"S\u0131rp\u00e7a Dilbilgisi Al\u0131\u015ft\u0131rmalar\u0131 - Talkpal\",\"isPartOf\":{\"@id\":\"https:\/\/talkpal.ai\/tr\/#website\"},\"primaryImageOfPage\":{\"@id\":\"https:\/\/talkpal.ai\/tr\/sirpca-dilbilgisi-alistirmalari\/#primaryimage\"},\"image\":{\"@id\":\"https:\/\/talkpal.ai\/tr\/sirpca-dilbilgisi-alistirmalari\/#primaryimage\"},\"thumbnailUrl\":\"https:\/\/talkpal.ai\/wp-content\/uploads\/2023\/05\/serbia.png\",\"datePublished\":\"2023-06-28T11:41:23+00:00\",\"dateModified\":\"2025-12-17T09:58:20+00:00\",\"description\":\"Yeterlili\u011finizi geli\u015ftirmek i\u00e7in tasarlanm\u0131\u015f ilgi \u00e7ekici al\u0131\u015ft\u0131rmalarla S\u0131rp\u00e7a dilbilgisi prati\u011fi yap\u0131n. \u0130nteraktif dersleri ke\u015ffedin!\",\"breadcrumb\":{\"@id\":\"https:\/\/talkpal.ai\/tr\/sirpca-dilbilgisi-alistirmalari\/#breadcrumb\"},\"inLanguage\":\"tr\",\"potentialAction\":[{\"@type\":\"ReadAction\",\"target\":[\"https:\/\/talkpal.ai\/tr\/sirpca-dilbilgisi-alistirmalari\/\"]}]},{\"@type\":\"ImageObject\",\"inLanguage\":\"tr\",\"@id\":\"https:\/\/talkpal.ai\/tr\/sirpca-dilbilgisi-alistirmalari\/#primaryimage\",\"url\":\"https:\/\/talkpal.ai\/wp-content\/uploads\/2023\/05\/serbia.png\",\"contentUrl\":\"https:\/\/talkpal.ai\/wp-content\/uploads\/2023\/05\/serbia.png\",\"width\":512,\"height\":512},{\"@type\":\"BreadcrumbList\",\"@id\":\"https:\/\/talkpal.ai\/tr\/sirpca-dilbilgisi-alistirmalari\/#breadcrumb\",\"itemListElement\":[{\"@type\":\"ListItem\",\"position\":1,\"name\":\"Homepage\",\"item\":\"https:\/\/talkpal.ai\/tr\/\"},{\"@type\":\"ListItem\",\"position\":2,\"name\":\"S\u0131rp\u00e7a Dilbilgisi Al\u0131\u015ft\u0131rmalar\u0131\"}]},{\"@type\":\"WebSite\",\"@id\":\"https:\/\/talkpal.ai\/tr\/#website\",\"url\":\"https:\/\/talkpal.ai\/tr\/\",\"name\":\"Talkpal\",\"description\":\"AI Language Learning\",\"publisher\":{\"@id\":\"https:\/\/talkpal.ai\/tr\/#organization\"},\"alternateName\":\"Talkpal AI\",\"potentialAction\":[{\"@type\":\"SearchAction\",\"target\":{\"@type\":\"EntryPoint\",\"urlTemplate\":\"https:\/\/talkpal.ai\/tr\/?s={search_term_string}\"},\"query-input\":{\"@type\":\"PropertyValueSpecification\",\"valueRequired\":true,\"valueName\":\"search_term_string\"}}],\"inLanguage\":\"tr\"},{\"@type\":\"Organization\",\"@id\":\"https:\/\/talkpal.ai\/tr\/#organization\",\"name\":\"Talkpal, Inc.\",\"alternateName\":\"Talkpal AI\",\"url\":\"https:\/\/talkpal.ai\/tr\/\",\"logo\":{\"@type\":\"ImageObject\",\"inLanguage\":\"tr\",\"@id\":\"https:\/\/talkpal.ai\/tr\/#\/schema\/logo\/image\/\",\"url\":\"https:\/\/talkpal.ai\/wp-content\/uploads\/2024\/03\/Talkpal-Logo-Icon.png\",\"contentUrl\":\"https:\/\/talkpal.ai\/wp-content\/uploads\/2024\/03\/Talkpal-Logo-Icon.png\",\"width\":2880,\"height\":2880,\"caption\":\"Talkpal, Inc.\"},\"image\":{\"@id\":\"https:\/\/talkpal.ai\/tr\/#\/schema\/logo\/image\/\"},\"sameAs\":[\"https:\/\/www.facebook.com\/profile.php?id=100090733639311\",\"https:\/\/x.com\/talkpalai\",\"https:\/\/www.linkedin.com\/company\/talkpal\/\",\"https:\/\/www.youtube.com\/@TalkPal\/\",\"https:\/\/www.tiktok.com\/@talkpal\",\"https:\/\/www.instagram.com\/talkpal_ai\/\",\"https:\/\/www.crunchbase.com\/organization\/talkpal-9cde\",\"https:\/\/www.g2.com\/products\/talkpal-for-business\/\",\"https:\/\/www.trustpilot.com\/review\/talkpal.ai\",\"https:\/\/www.capterra.com\/p\/10006800\/TalkPal\/\"],\"description\":\"Talkpal is a language learning web and mobile education app, powered by the latest AI technologies, that provides engaging experiences to its customers in many different languages to help them improve their language skills. Users can chat about unlimited amount of topics with the app and use other modes to practice their language learning.\",\"email\":\"support@talkpal.ai\",\"legalName\":\"Talkpal, Inc.\",\"foundingDate\":\"2023-04-03\",\"duns\":\"118989042\",\"numberOfEmployees\":{\"@type\":\"QuantitativeValue\",\"minValue\":\"11\",\"maxValue\":\"50\"},\"publishingPrinciples\":\"https:\/\/talkpal.ai\/publishing-principles\/\",\"actionableFeedbackPolicy\":\"https:\/\/talkpal.ai\/actionable-feedback-policy\/\",\"correctionsPolicy\":\"https:\/\/talkpal.ai\/corrections-policy\/\",\"ethicsPolicy\":\"https:\/\/talkpal.ai\/ethics-policy\/\",\"diversityPolicy\":\"https:\/\/talkpal.ai\/diversity-policy\/\",\"diversityStaffingReport\":\"https:\/\/talkpal.ai\/diversity-policy\/\"}]}<\/script>\n<!-- \/ Yoast SEO Premium plugin. -->","yoast_head_json":{"title":"S\u0131rp\u00e7a Dilbilgisi Al\u0131\u015ft\u0131rmalar\u0131 - Talkpal","description":"Yeterlili\u011finizi geli\u015ftirmek i\u00e7in tasarlanm\u0131\u015f ilgi \u00e7ekici al\u0131\u015ft\u0131rmalarla S\u0131rp\u00e7a dilbilgisi prati\u011fi yap\u0131n. \u0130nteraktif dersleri ke\u015ffedin!","robots":{"index":"index","follow":"follow","max-snippet":"max-snippet:-1","max-image-preview":"max-image-preview:large","max-video-preview":"max-video-preview:-1"},"canonical":"https:\/\/talkpal.ai\/tr\/sirpca-dilbilgisi-alistirmalari\/","og_locale":"tr_TR","og_type":"article","og_title":"S\u0131rp\u00e7a Dilbilgisi Al\u0131\u015ft\u0131rmalar\u0131","og_description":"S\u0131rp\u00e7a Dilbilgisi Konular\u0131 S\u0131rp\u00e7a \u00f6\u011frenmek, yeni bir k\u00fclt\u00fcrel bak\u0131\u015f a\u00e7\u0131s\u0131 a\u00e7t\u0131\u011f\u0131, zengin bir edebi gelene\u011fe eri\u015fim sa\u011flad\u0131\u011f\u0131 ve Balkanlar'da seyahat eden","og_url":"https:\/\/talkpal.ai\/tr\/sirpca-dilbilgisi-alistirmalari\/","og_site_name":"Talkpal","article_publisher":"https:\/\/www.facebook.com\/profile.php?id=100090733639311","article_modified_time":"2025-12-17T09:58:20+00:00","og_image":[{"width":512,"height":512,"url":"https:\/\/talkpal.ai\/wp-content\/uploads\/2023\/05\/serbia.png","type":"image\/png"}],"twitter_card":"summary_large_image","twitter_site":"@talkpalai","twitter_misc":{"Tahmini okuma s\u00fcresi":"2 dakika"},"schema":{"@context":"https:\/\/schema.org","@graph":[{"@type":"WebPage","@id":"https:\/\/talkpal.ai\/tr\/sirpca-dilbilgisi-alistirmalari\/","url":"https:\/\/talkpal.ai\/tr\/sirpca-dilbilgisi-alistirmalari\/","name":"S\u0131rp\u00e7a Dilbilgisi Al\u0131\u015ft\u0131rmalar\u0131 - Talkpal","isPartOf":{"@id":"https:\/\/talkpal.ai\/tr\/#website"},"primaryImageOfPage":{"@id":"https:\/\/talkpal.ai\/tr\/sirpca-dilbilgisi-alistirmalari\/#primaryimage"},"image":{"@id":"https:\/\/talkpal.ai\/tr\/sirpca-dilbilgisi-alistirmalari\/#primaryimage"},"thumbnailUrl":"https:\/\/talkpal.ai\/wp-content\/uploads\/2023\/05\/serbia.png","datePublished":"2023-06-28T11:41:23+00:00","dateModified":"2025-12-17T09:58:20+00:00","description":"Yeterlili\u011finizi geli\u015ftirmek i\u00e7in tasarlanm\u0131\u015f ilgi \u00e7ekici al\u0131\u015ft\u0131rmalarla S\u0131rp\u00e7a dilbilgisi prati\u011fi yap\u0131n. \u0130nteraktif dersleri ke\u015ffedin!","breadcrumb":{"@id":"https:\/\/talkpal.ai\/tr\/sirpca-dilbilgisi-alistirmalari\/#breadcrumb"},"inLanguage":"tr","potentialAction":[{"@type":"ReadAction","target":["https:\/\/talkpal.ai\/tr\/sirpca-dilbilgisi-alistirmalari\/"]}]},{"@type":"ImageObject","inLanguage":"tr","@id":"https:\/\/talkpal.ai\/tr\/sirpca-dilbilgisi-alistirmalari\/#primaryimage","url":"https:\/\/talkpal.ai\/wp-content\/uploads\/2023\/05\/serbia.png","contentUrl":"https:\/\/talkpal.ai\/wp-content\/uploads\/2023\/05\/serbia.png","width":512,"height":512},{"@type":"BreadcrumbList","@id":"https:\/\/talkpal.ai\/tr\/sirpca-dilbilgisi-alistirmalari\/#breadcrumb","itemListElement":[{"@type":"ListItem","position":1,"name":"Homepage","item":"https:\/\/talkpal.ai\/tr\/"},{"@type":"ListItem","position":2,"name":"S\u0131rp\u00e7a Dilbilgisi Al\u0131\u015ft\u0131rmalar\u0131"}]},{"@type":"WebSite","@id":"https:\/\/talkpal.ai\/tr\/#website","url":"https:\/\/talkpal.ai\/tr\/","name":"Talkpal","description":"AI Language Learning","publisher":{"@id":"https:\/\/talkpal.ai\/tr\/#organization"},"alternateName":"Talkpal AI","potentialAction":[{"@type":"SearchAction","target":{"@type":"EntryPoint","urlTemplate":"https:\/\/talkpal.ai\/tr\/?s={search_term_string}"},"query-input":{"@type":"PropertyValueSpecification","valueRequired":true,"valueName":"search_term_string"}}],"inLanguage":"tr"},{"@type":"Organization","@id":"https:\/\/talkpal.ai\/tr\/#organization","name":"Talkpal, Inc.","alternateName":"Talkpal AI","url":"https:\/\/talkpal.ai\/tr\/","logo":{"@type":"ImageObject","inLanguage":"tr","@id":"https:\/\/talkpal.ai\/tr\/#\/schema\/logo\/image\/","url":"https:\/\/talkpal.ai\/wp-content\/uploads\/2024\/03\/Talkpal-Logo-Icon.png","contentUrl":"https:\/\/talkpal.ai\/wp-content\/uploads\/2024\/03\/Talkpal-Logo-Icon.png","width":2880,"height":2880,"caption":"Talkpal, Inc."},"image":{"@id":"https:\/\/talkpal.ai\/tr\/#\/schema\/logo\/image\/"},"sameAs":["https:\/\/www.facebook.com\/profile.php?id=100090733639311","https:\/\/x.com\/talkpalai","https:\/\/www.linkedin.com\/company\/talkpal\/","https:\/\/www.youtube.com\/@TalkPal\/","https:\/\/www.tiktok.com\/@talkpal","https:\/\/www.instagram.com\/talkpal_ai\/","https:\/\/www.crunchbase.com\/organization\/talkpal-9cde","https:\/\/www.g2.com\/products\/talkpal-for-business\/","https:\/\/www.trustpilot.com\/review\/talkpal.ai","https:\/\/www.capterra.com\/p\/10006800\/TalkPal\/"],"description":"Talkpal is a language learning web and mobile education app, powered by the latest AI technologies, that provides engaging experiences to its customers in many different languages to help them improve their language skills. Users can chat about unlimited amount of topics with the app and use other modes to practice their language learning.","email":"support@talkpal.ai","legalName":"Talkpal, Inc.","foundingDate":"2023-04-03","duns":"118989042","numberOfEmployees":{"@type":"QuantitativeValue","minValue":"11","maxValue":"50"},"publishingPrinciples":"https:\/\/talkpal.ai\/publishing-principles\/","actionableFeedbackPolicy":"https:\/\/talkpal.ai\/actionable-feedback-policy\/","correctionsPolicy":"https:\/\/talkpal.ai\/corrections-policy\/","ethicsPolicy":"https:\/\/talkpal.ai\/ethics-policy\/","diversityPolicy":"https:\/\/talkpal.ai\/diversity-policy\/","diversityStaffingReport":"https:\/\/talkpal.ai\/diversity-policy\/"}]}},"_links":{"self":[{"href":"https:\/\/talkpal.ai\/tr\/wp-json\/wp\/v2\/pages\/157295","targetHints":{"allow":["GET"]}}],"collection":[{"href":"https:\/\/talkpal.ai\/tr\/wp-json\/wp\/v2\/pages"}],"about":[{"href":"https:\/\/talkpal.ai\/tr\/wp-json\/wp\/v2\/types\/page"}],"author":[{"embeddable":true,"href":"https:\/\/talkpal.ai\/tr\/wp-json\/wp\/v2\/users\/6"}],"replies":[{"embeddable":true,"href":"https:\/\/talkpal.ai\/tr\/wp-json\/wp\/v2\/comments?post=157295"}],"version-history":[{"count":0,"href":"https:\/\/talkpal.ai\/tr\/wp-json\/wp\/v2\/pages\/157295\/revisions"}],"wp:featuredmedia":[{"embeddable":true,"href":"https:\/\/talkpal.ai\/tr\/wp-json\/wp\/v2\/media\/118166"}],"wp:attachment":[{"href":"https:\/\/talkpal.ai\/tr\/wp-json\/wp\/v2\/media?parent=157295"}],"curies":[{"name":"wp","href":"https:\/\/api.w.org\/{rel}","templated":true}]}}