{"id":156542,"date":"2023-06-28T14:00:55","date_gmt":"2023-06-28T14:00:55","guid":{"rendered":"http:\/\/talkpal.ai\/svahili-dilbilgisi-alistirmalari\/"},"modified":"2025-12-17T09:59:22","modified_gmt":"2025-12-17T09:59:22","slug":"svahili-dilbilgisi-alistirmalari","status":"publish","type":"page","link":"https:\/\/talkpal.ai\/tr\/svahili-dilbilgisi-alistirmalari\/","title":{"rendered":"Svahili Dilbilgisi Al\u0131\u015ft\u0131rmalar\u0131"},"content":{"rendered":"\r\n\r\n\r\n<section class=\"languageChallengeSection\">\r\n    <div class=\"languageInfoWrapper\">\r\n        \r\n        <h1>Svahili Dilbilgisi Al\u0131\u015ft\u0131rmalar\u0131<\/h1>\r\n        <p><a href=\"https:\/\/talkpal.ai\/learn-swahili\/\">Svahili<\/a> becerilerinizi g\u00fc\u00e7lendirmeye haz\u0131r m\u0131s\u0131n\u0131z? Odaklanm\u0131\u015f <a href=\"https:\/\/talkpal.ai\/grammar\/\">dilbilgisi<\/a> al\u0131\u015ft\u0131rmalar\u0131 c\u00fcmle yap\u0131s\u0131n\u0131, fiil kal\u0131plar\u0131n\u0131 ve temel kelime formlar\u0131n\u0131 anlamak i\u00e7in m\u00fckemmel bir yoldur. Kendinize g\u00fcvenmek, kelime da\u011farc\u0131\u011f\u0131n\u0131z\u0131 geni\u015fletmek ve her konu\u015fman\u0131n daha do\u011fal bir \u015fekilde akmas\u0131n\u0131 sa\u011flamak i\u00e7in <a href=\"https:\/\/talkpal.ai\/learn-swahili\/\">Swahili<\/a> <a href=\"https:\/\/talkpal.ai\/grammar\/\">dilbilgisi<\/a> prati\u011fine dal\u0131n. Bug\u00fcn pratik yapmaya ba\u015flay\u0131n ve Swahili dilinizin ne kadar h\u0131zl\u0131 geli\u015fti\u011fini g\u00f6r\u00fcn!<\/p>\r\n\r\n                            <a class=\"getStartedHidden\" href=\"https:\/\/app.talkpal.ai\/tr\/signup?lng=\">Hadi ba\u015fla<\/a>\r\n        \r\n    <\/div>\r\n\r\n    <figure>\r\n    <img decoding=\"async\" width=\"768\" height=\"768\" src=\"https:\/\/talkpal.ai\/wp-content\/uploads\/2023\/06\/Swahili-768x768.png\" class=\"languageImage no-lazy\" alt=\"Secrets to master language learning\" fetchpriority=\"high\" sizes=\"(max-width: 768px) 150px, 768px\" srcset=\"https:\/\/talkpal.ai\/wp-content\/uploads\/2023\/06\/Swahili-768x768.png 768w, https:\/\/talkpal.ai\/wp-content\/uploads\/2023\/06\/Swahili-300x300.png 300w\" \/>\r\n    \r\n\r\n    <\/figure>\r\n\r\n            <a class=\"getStartedVisible\" href=\"https:\/\/app.talkpal.ai\/tr\/signup?lng=\">Hadi ba\u015fla<\/a>\r\n    \r\n<\/section>\r\n\r\n\r\n<!-- <section class=\"grammarSection\">\r\n    <div class=\"grammarLinks\">\r\n            <\/div>\r\n<\/section> -->\r\n\r\n\r\n\r\n\r\n<section class=\"promotionalBanner\">\r\n    <p class=\"promotionalText\">Dil \u00f6\u011frenmenin en etkili yolu<\/p>\r\n    <a class=\"promotionalLink\" href=\"https:\/\/app.talkpal.ai\/tr\/signup?lng=\">Talkpal \u00fccretsiz deneyin<\/a>\r\n<\/section>\n<div class=\"wp-block-group pageContainerStyle\"><div class=\"wp-block-group__inner-container is-layout-constrained wp-block-group-is-layout-constrained\">\n<h2 class=\"wp-block-heading\" id=\"h-swahili-grammar-topics\">Svahili Dilbilgisi Konular\u0131<\/h2>\n\n\n\n<p>Swahili \u00f6\u011frenmek, Afrika&#8217;da en \u00e7ok konu\u015fulan dillerden birine heyecan verici bir yolculuktur. \u00d6ncelikle Do\u011fu Afrika&#8217;da konu\u015fulan ve d\u00fcnya \u00e7ap\u0131nda tahmini 50-100 milyon konu\u015fmac\u0131s\u0131 olan bir Bantu dilidir. Swahili&#8217;nin dilbilgisi kendine \u00f6zg\u00fcd\u00fcr ve dil yap\u0131s\u0131na b\u00fcy\u00fcleyici bir bak\u0131\u015f a\u00e7\u0131s\u0131 sunar. Swahili&#8217;yi verimli bir \u015fekilde \u00f6\u011frenmek i\u00e7in zamanlar, fiiller, isimler, artikeller, zamirler\/belirleyiciler, s\u0131fatlar, zarflar, ko\u015fullar, edatlar ve c\u00fcmle yap\u0131s\u0131 gibi temel dilbilgisi konular\u0131na odaklanan yap\u0131land\u0131r\u0131lm\u0131\u015f bir yakla\u015f\u0131m izlemek \u00e7ok \u00f6nemlidir. Bu bile\u015fenlerin her biri, dili anlaman\u0131n ve ustala\u015fman\u0131n ayr\u0131lmaz bir par\u00e7as\u0131d\u0131r.<\/p>\n\n\n\n<h3 class=\"wp-block-heading\" id=\"h-1-nouns\">1. \u0130simler:<\/h3>\n\n\n\n<p>Swahili isimlerini \u00f6\u011frenmekle ba\u015flay\u0131n. Swahili dilinde isimler, kendileriyle ilgili s\u0131fatlar\u0131n, zamirlerin ve fiillerin bi\u00e7imini etkileyen isim s\u0131n\u0131flar\u0131na g\u00f6re s\u0131n\u0131fland\u0131r\u0131l\u0131r. Bu isim s\u0131n\u0131flar\u0131n\u0131 anlamak, Swahili dilbilgisinin di\u011fer y\u00f6nlerini \u00f6\u011frenmenin temelidir.<\/p>\n\n\n\n<h3 class=\"wp-block-heading\" id=\"h-2-articles\">2. Makaleler:<\/h3>\n\n\n\n<p>\u0130simleri kavrad\u0131ktan sonra artikellere ge\u00e7in. Svahilice&#8217;de &#8220;a&#8221;, &#8220;an&#8221; veya &#8220;the&#8221; gibi belirli veya belirsiz artikeller yoktur. Bununla birlikte, isim s\u0131n\u0131f\u0131 sistemi de benzer bir rol oynar, bu nedenle bu konuda uzmanla\u015fmak \u00f6nemlidir.<\/p>\n\n\n\n<h3 class=\"wp-block-heading\" id=\"h-3-pronouns-determiners\">3. Zamirler\/Belirleyiciler:<\/h3>\n\n\n\n<p>Swahili dilinde zamirler ve belirleyiciler, at\u0131fta bulunduklar\u0131 ismin isim s\u0131n\u0131f\u0131na g\u00f6re de\u011fi\u015fir. Bu de\u011fi\u015fiklikleri \u00f6\u011frenmek, tam c\u00fcmleler kurmaya yard\u0131mc\u0131 olacakt\u0131r.<\/p>\n\n\n\n<h3 class=\"wp-block-heading\" id=\"h-4-adjectives\">4. S\u0131fatlar:<\/h3>\n\n\n\n<p>Swahili s\u0131fatlar\u0131, tan\u0131mlad\u0131klar\u0131 isimle ayn\u0131 fikirdedir. Bu, s\u0131fat\u0131n ismin s\u0131n\u0131f\u0131na uyacak \u015fekilde bi\u00e7im de\u011fi\u015ftirdi\u011fi anlam\u0131na gelir. Bunu anlamak c\u00fcmle yap\u0131n\u0131z\u0131 geli\u015ftirecektir.<\/p>\n\n\n\n<h3 class=\"wp-block-heading\" id=\"h-5-verbs\">5. Fiiller:<\/h3>\n\n\n\n<p>Swahili fiilleri, eylemleri ve durumlar\u0131 ifade etmek i\u00e7in gereklidir. Ayr\u0131ca gerginlik, a\u00e7\u0131 ve ruh hali bilgilerini de ta\u015f\u0131rlar. Fiil \u00e7ekimi kurallar\u0131n\u0131 bilmek etkili ileti\u015fim i\u00e7in \u00e7ok \u00f6nemlidir.<\/p>\n\n\n\n<h3 class=\"wp-block-heading\" id=\"h-6-tenses\">6. Zamanlar:<\/h3>\n\n\n\n<p>Zamanlar\u0131 anlamak, farkl\u0131 zamanlarda meydana gelen olaylar\u0131 iletmenin anahtar\u0131d\u0131r. Swahili&#8217;nin ge\u00e7mi\u015f, \u015fimdiki ve gelecekteki olaylar i\u00e7in farkl\u0131 zamanlar\u0131 vard\u0131r.<\/p>\n\n\n\n<h3 class=\"wp-block-heading\" id=\"h-7-tense-comparison\">7. Gergin Kar\u015f\u0131la\u015ft\u0131rma:<\/h3>\n\n\n\n<p>Temel zamanlar\u0131 anlad\u0131ktan sonra, bunlar\u0131 nas\u0131l kar\u015f\u0131la\u015ft\u0131raca\u011f\u0131n\u0131z\u0131 \u00f6\u011frenmeniz gerekir. Bu, karma\u015f\u0131k d\u00fc\u015f\u00fcnceleri ve durumlar\u0131 ifade etmenize yard\u0131mc\u0131 olacakt\u0131r.<\/p>\n\n\n\n<h3 class=\"wp-block-heading\" id=\"h-8-progressive-and-perfect-progressive\">8. \u0130lerici ve M\u00fckemmel \u0130lerici:<\/h3>\n\n\n\n<p>Zamanlar\u0131n bu y\u00f6nleri, devam eden eylemleri veya tamamlanm\u0131\u015f eylemleri ifade eder. Bunlar\u0131 anlamak, Swahili dilindeki ifade yeteneklerinizi zenginle\u015ftirecektir.<\/p>\n\n\n\n<h3 class=\"wp-block-heading\" id=\"h-9-adverbs\">9. Zarflar:<\/h3>\n\n\n\n<p>Zarflar fiilleri, s\u0131fatlar\u0131 ve di\u011fer zarflar\u0131 de\u011fi\u015ftirir. Eylemler, nitelikler veya di\u011fer ko\u015fullar hakk\u0131nda ek bilgi sa\u011flarlar.<\/p>\n\n\n\n<h3 class=\"wp-block-heading\" id=\"h-10-conditionals\">10. Ko\u015fullar:<\/h3>\n\n\n\n<p>Ko\u015fullar, olaylar aras\u0131ndaki varsay\u0131msal durumlar\u0131 veya ba\u011f\u0131ml\u0131l\u0131klar\u0131 ifade eder. Swahili dilinde geli\u015fmi\u015f ileti\u015fim i\u00e7in kullan\u0131\u015fl\u0131d\u0131rlar.<\/p>\n\n\n\n<h3 class=\"wp-block-heading\" id=\"h-11-prepositions\">11. Edatlar:<\/h3>\n\n\n\n<p>Edatlar, c\u00fcmlenin konum, y\u00f6n, zaman, neden vb. gibi farkl\u0131 b\u00f6l\u00fcmleri aras\u0131ndaki ili\u015fkileri ifade etmenizi sa\u011flar.<\/p>\n\n\n\n<h3 class=\"wp-block-heading\" id=\"h-12-sentences\">12. C\u00fcmleler:<\/h3>\n\n\n\n<p>Son olarak, konu\u015fman\u0131n \u00f6\u011frenilen t\u00fcm k\u0131s\u0131mlar\u0131n\u0131 kullanarak c\u00fcmlelerin nas\u0131l kurulaca\u011f\u0131n\u0131 anlamak, Swahili \u00f6\u011frenme yolculu\u011funuzun doruk noktas\u0131d\u0131r. Tam d\u00fc\u015f\u00fcnceler olu\u015fturmak i\u00e7in kelimeleri ve c\u00fcmleleri d\u00fczenlemeyi i\u00e7erir.<\/p>\n<\/div><\/div>\n\r\n<section class=\"learnNavigationSection\">\r\n            \r\n        <a href=\"https:\/\/talkpal.ai\/tr\/svahili-dili-ogren\/\">\r\n            <div class=\"learnNavigationWrapper\">\r\n                <div class=\"learnNavigationContent\">\r\n                    <img decoding=\"async\" src=\"https:\/\/talkpal.ai\/wp-content\/uploads\/2024\/08\/Swahili.jpg\" alt=\"Kenya and Tanzania Flags\">\r\n                    <div>\r\n                        <h4>Svahili \u00d6\u011frenimi Hakk\u0131nda<\/h4>\r\n                        <p>Swahili dilbilgisi hakk\u0131nda her \u015feyi \u00f6\u011frenin .<\/p>\r\n                    <\/div>\r\n                <\/div>\r\n            <\/div>\r\n        <\/a>\r\n\r\n        \r\n        <a href=\"https:\/\/talkpal.ai\/tr\/svahili-dilbilgisi\/\">\r\n            <div class=\"learnNavigationWrapper\">\r\n                <div class=\"learnNavigationContent\">\r\n                    <img decoding=\"async\" src=\"https:\/\/talkpal.ai\/wp-content\/uploads\/2024\/08\/Swahili.jpg\" alt=\"Kenya and Tanzania Flags\">\r\n                    <div>\r\n                        <h4>Svahili Dilbilgisi Dersleri<\/h4>\r\n                        <p>Swahili dilbilgisi al\u0131\u015ft\u0131rmas\u0131 yap\u0131n .<\/p>\r\n                    <\/div>\r\n                <\/div>\r\n            <\/div>\r\n        <\/a>\r\n\r\n        \r\n        <a href=\"https:\/\/talkpal.ai\/vocabulary_language\/swahili\/\">\r\n            <div class=\"learnNavigationWrapper\">\r\n                <div class=\"learnNavigationContent\">\r\n                    <img decoding=\"async\" src=\"https:\/\/talkpal.ai\/wp-content\/uploads\/2024\/08\/Swahili.jpg\" alt=\"Kenya and Tanzania Flags\">\r\n                    <div>\r\n                        <h4>Svahili S\u00f6zc\u00fck Da\u011farc\u0131\u011f\u0131<\/h4>\r\n                        <p>Svahili kelime da\u011farc\u0131\u011f\u0131n\u0131z\u0131 geni\u015fletin.<\/p>\r\n                    <\/div>\r\n                <\/div>\r\n            <\/div>\r\n        <\/a>\r\n\r\n            <\/section>","protected":false},"excerpt":{"rendered":"<p>Svahili Dilbilgisi Konular\u0131 Swahili \u00f6\u011frenmek, Afrika&#8217;da en \u00e7ok konu\u015fulan dillerden birine heyecan verici bir yolculuktur. \u00d6ncelikle Do\u011fu Afrika&#8217;da konu\u015fulan ve d\u00fcnya \u00e7ap\u0131nda tahmini 50-100 milyon konu\u015fmac\u0131s\u0131 olan bir Bantu dilidir. Swahili&#8217;nin dilbilgisi kendine \u00f6zg\u00fcd\u00fcr ve dil yap\u0131s\u0131na b\u00fcy\u00fcleyici bir bak\u0131\u015f a\u00e7\u0131s\u0131 sunar. Swahili&#8217;yi verimli bir \u015fekilde \u00f6\u011frenmek i\u00e7in zamanlar, fiiller, isimler, artikeller, zamirler\/belirleyiciler, s\u0131fatlar, zarflar, [&hellip;]<\/p>\n","protected":false},"author":6,"featured_media":119161,"parent":0,"menu_order":0,"comment_status":"closed","ping_status":"closed","template":"LearningContentPage.php","meta":{"_acf_changed":false,"footnotes":""},"class_list":["post-156542","page","type-page","status-publish","has-post-thumbnail","hentry"],"acf":[],"yoast_head":"<!-- This site is optimized with the Yoast SEO Premium plugin v27.2 (Yoast SEO v27.2) - https:\/\/yoast.com\/product\/yoast-seo-premium-wordpress\/ -->\n<title>Svahili Dilbilgisi Al\u0131\u015ft\u0131rmalar\u0131 - Talkpal<\/title>\n<meta name=\"description\" content=\"Dil becerilerinizi geli\u015ftirmek ve Svahili anlay\u0131\u015f\u0131n\u0131z\u0131 iyile\u015ftirmek i\u00e7in ilgi \u00e7ekici Svahili dilbilgisi al\u0131\u015ft\u0131rmalar\u0131n\u0131 ke\u015ffedin.\" \/>\n<meta name=\"robots\" content=\"index, follow, max-snippet:-1, max-image-preview:large, max-video-preview:-1\" \/>\n<link rel=\"canonical\" href=\"https:\/\/talkpal.ai\/tr\/svahili-dilbilgisi-alistirmalari\/\" \/>\n<meta property=\"og:locale\" content=\"tr_TR\" \/>\n<meta property=\"og:type\" content=\"article\" \/>\n<meta property=\"og:title\" content=\"Svahili Dilbilgisi Al\u0131\u015ft\u0131rmalar\u0131\" \/>\n<meta property=\"og:description\" content=\"Svahili Dilbilgisi Konular\u0131 Swahili \u00f6\u011frenmek, Afrika&#039;da en \u00e7ok konu\u015fulan dillerden birine heyecan verici bir yolculuktur. \u00d6ncelikle Do\u011fu Afrika&#039;da\" \/>\n<meta property=\"og:url\" content=\"https:\/\/talkpal.ai\/tr\/svahili-dilbilgisi-alistirmalari\/\" \/>\n<meta property=\"og:site_name\" content=\"Talkpal\" \/>\n<meta property=\"article:publisher\" content=\"https:\/\/www.facebook.com\/profile.php?id=100090733639311\" \/>\n<meta property=\"article:modified_time\" content=\"2025-12-17T09:59:22+00:00\" \/>\n<meta property=\"og:image\" content=\"https:\/\/talkpal.ai\/wp-content\/uploads\/2023\/05\/Swahili-tanzania.png\" \/>\n\t<meta property=\"og:image:width\" content=\"512\" \/>\n\t<meta property=\"og:image:height\" content=\"512\" \/>\n\t<meta property=\"og:image:type\" content=\"image\/png\" \/>\n<meta name=\"twitter:card\" content=\"summary_large_image\" \/>\n<meta name=\"twitter:site\" content=\"@talkpalai\" \/>\n<meta name=\"twitter:label1\" content=\"Tahmini okuma s\u00fcresi\" \/>\n\t<meta name=\"twitter:data1\" content=\"3 dakika\" \/>\n<script type=\"application\/ld+json\" class=\"yoast-schema-graph\">{\"@context\":\"https:\/\/schema.org\",\"@graph\":[{\"@type\":\"WebPage\",\"@id\":\"https:\/\/talkpal.ai\/tr\/svahili-dilbilgisi-alistirmalari\/\",\"url\":\"https:\/\/talkpal.ai\/tr\/svahili-dilbilgisi-alistirmalari\/\",\"name\":\"Svahili Dilbilgisi Al\u0131\u015ft\u0131rmalar\u0131 - Talkpal\",\"isPartOf\":{\"@id\":\"https:\/\/talkpal.ai\/tr\/#website\"},\"primaryImageOfPage\":{\"@id\":\"https:\/\/talkpal.ai\/tr\/svahili-dilbilgisi-alistirmalari\/#primaryimage\"},\"image\":{\"@id\":\"https:\/\/talkpal.ai\/tr\/svahili-dilbilgisi-alistirmalari\/#primaryimage\"},\"thumbnailUrl\":\"https:\/\/talkpal.ai\/wp-content\/uploads\/2023\/05\/Swahili-tanzania.png\",\"datePublished\":\"2023-06-28T14:00:55+00:00\",\"dateModified\":\"2025-12-17T09:59:22+00:00\",\"description\":\"Dil becerilerinizi geli\u015ftirmek ve Svahili anlay\u0131\u015f\u0131n\u0131z\u0131 iyile\u015ftirmek i\u00e7in ilgi \u00e7ekici Svahili dilbilgisi al\u0131\u015ft\u0131rmalar\u0131n\u0131 ke\u015ffedin.\",\"breadcrumb\":{\"@id\":\"https:\/\/talkpal.ai\/tr\/svahili-dilbilgisi-alistirmalari\/#breadcrumb\"},\"inLanguage\":\"tr\",\"potentialAction\":[{\"@type\":\"ReadAction\",\"target\":[\"https:\/\/talkpal.ai\/tr\/svahili-dilbilgisi-alistirmalari\/\"]}]},{\"@type\":\"ImageObject\",\"inLanguage\":\"tr\",\"@id\":\"https:\/\/talkpal.ai\/tr\/svahili-dilbilgisi-alistirmalari\/#primaryimage\",\"url\":\"https:\/\/talkpal.ai\/wp-content\/uploads\/2023\/05\/Swahili-tanzania.png\",\"contentUrl\":\"https:\/\/talkpal.ai\/wp-content\/uploads\/2023\/05\/Swahili-tanzania.png\",\"width\":512,\"height\":512},{\"@type\":\"BreadcrumbList\",\"@id\":\"https:\/\/talkpal.ai\/tr\/svahili-dilbilgisi-alistirmalari\/#breadcrumb\",\"itemListElement\":[{\"@type\":\"ListItem\",\"position\":1,\"name\":\"Homepage\",\"item\":\"https:\/\/talkpal.ai\/tr\/\"},{\"@type\":\"ListItem\",\"position\":2,\"name\":\"Svahili Dilbilgisi Al\u0131\u015ft\u0131rmalar\u0131\"}]},{\"@type\":\"WebSite\",\"@id\":\"https:\/\/talkpal.ai\/tr\/#website\",\"url\":\"https:\/\/talkpal.ai\/tr\/\",\"name\":\"Talkpal\",\"description\":\"AI Language Learning\",\"publisher\":{\"@id\":\"https:\/\/talkpal.ai\/tr\/#organization\"},\"alternateName\":\"Talkpal AI\",\"potentialAction\":[{\"@type\":\"SearchAction\",\"target\":{\"@type\":\"EntryPoint\",\"urlTemplate\":\"https:\/\/talkpal.ai\/tr\/?s={search_term_string}\"},\"query-input\":{\"@type\":\"PropertyValueSpecification\",\"valueRequired\":true,\"valueName\":\"search_term_string\"}}],\"inLanguage\":\"tr\"},{\"@type\":\"Organization\",\"@id\":\"https:\/\/talkpal.ai\/tr\/#organization\",\"name\":\"Talkpal, Inc.\",\"alternateName\":\"Talkpal AI\",\"url\":\"https:\/\/talkpal.ai\/tr\/\",\"logo\":{\"@type\":\"ImageObject\",\"inLanguage\":\"tr\",\"@id\":\"https:\/\/talkpal.ai\/tr\/#\/schema\/logo\/image\/\",\"url\":\"https:\/\/talkpal.ai\/wp-content\/uploads\/2024\/03\/Talkpal-Logo-Icon.png\",\"contentUrl\":\"https:\/\/talkpal.ai\/wp-content\/uploads\/2024\/03\/Talkpal-Logo-Icon.png\",\"width\":2880,\"height\":2880,\"caption\":\"Talkpal, Inc.\"},\"image\":{\"@id\":\"https:\/\/talkpal.ai\/tr\/#\/schema\/logo\/image\/\"},\"sameAs\":[\"https:\/\/www.facebook.com\/profile.php?id=100090733639311\",\"https:\/\/x.com\/talkpalai\",\"https:\/\/www.linkedin.com\/company\/talkpal\/\",\"https:\/\/www.youtube.com\/@TalkPal\/\",\"https:\/\/www.tiktok.com\/@talkpal\",\"https:\/\/www.instagram.com\/talkpal_ai\/\",\"https:\/\/www.crunchbase.com\/organization\/talkpal-9cde\",\"https:\/\/www.g2.com\/products\/talkpal-for-business\/\",\"https:\/\/www.trustpilot.com\/review\/talkpal.ai\",\"https:\/\/www.capterra.com\/p\/10006800\/TalkPal\/\"],\"description\":\"Talkpal is a language learning web and mobile education app, powered by the latest AI technologies, that provides engaging experiences to its customers in many different languages to help them improve their language skills. Users can chat about unlimited amount of topics with the app and use other modes to practice their language learning.\",\"email\":\"support@talkpal.ai\",\"legalName\":\"Talkpal, Inc.\",\"foundingDate\":\"2023-04-03\",\"duns\":\"118989042\",\"numberOfEmployees\":{\"@type\":\"QuantitativeValue\",\"minValue\":\"11\",\"maxValue\":\"50\"},\"publishingPrinciples\":\"https:\/\/talkpal.ai\/publishing-principles\/\",\"actionableFeedbackPolicy\":\"https:\/\/talkpal.ai\/actionable-feedback-policy\/\",\"correctionsPolicy\":\"https:\/\/talkpal.ai\/corrections-policy\/\",\"ethicsPolicy\":\"https:\/\/talkpal.ai\/ethics-policy\/\",\"diversityPolicy\":\"https:\/\/talkpal.ai\/diversity-policy\/\",\"diversityStaffingReport\":\"https:\/\/talkpal.ai\/diversity-policy\/\"}]}<\/script>\n<!-- \/ Yoast SEO Premium plugin. -->","yoast_head_json":{"title":"Svahili Dilbilgisi Al\u0131\u015ft\u0131rmalar\u0131 - Talkpal","description":"Dil becerilerinizi geli\u015ftirmek ve Svahili anlay\u0131\u015f\u0131n\u0131z\u0131 iyile\u015ftirmek i\u00e7in ilgi \u00e7ekici Svahili dilbilgisi al\u0131\u015ft\u0131rmalar\u0131n\u0131 ke\u015ffedin.","robots":{"index":"index","follow":"follow","max-snippet":"max-snippet:-1","max-image-preview":"max-image-preview:large","max-video-preview":"max-video-preview:-1"},"canonical":"https:\/\/talkpal.ai\/tr\/svahili-dilbilgisi-alistirmalari\/","og_locale":"tr_TR","og_type":"article","og_title":"Svahili Dilbilgisi Al\u0131\u015ft\u0131rmalar\u0131","og_description":"Svahili Dilbilgisi Konular\u0131 Swahili \u00f6\u011frenmek, Afrika'da en \u00e7ok konu\u015fulan dillerden birine heyecan verici bir yolculuktur. \u00d6ncelikle Do\u011fu Afrika'da","og_url":"https:\/\/talkpal.ai\/tr\/svahili-dilbilgisi-alistirmalari\/","og_site_name":"Talkpal","article_publisher":"https:\/\/www.facebook.com\/profile.php?id=100090733639311","article_modified_time":"2025-12-17T09:59:22+00:00","og_image":[{"width":512,"height":512,"url":"https:\/\/talkpal.ai\/wp-content\/uploads\/2023\/05\/Swahili-tanzania.png","type":"image\/png"}],"twitter_card":"summary_large_image","twitter_site":"@talkpalai","twitter_misc":{"Tahmini okuma s\u00fcresi":"3 dakika"},"schema":{"@context":"https:\/\/schema.org","@graph":[{"@type":"WebPage","@id":"https:\/\/talkpal.ai\/tr\/svahili-dilbilgisi-alistirmalari\/","url":"https:\/\/talkpal.ai\/tr\/svahili-dilbilgisi-alistirmalari\/","name":"Svahili Dilbilgisi Al\u0131\u015ft\u0131rmalar\u0131 - Talkpal","isPartOf":{"@id":"https:\/\/talkpal.ai\/tr\/#website"},"primaryImageOfPage":{"@id":"https:\/\/talkpal.ai\/tr\/svahili-dilbilgisi-alistirmalari\/#primaryimage"},"image":{"@id":"https:\/\/talkpal.ai\/tr\/svahili-dilbilgisi-alistirmalari\/#primaryimage"},"thumbnailUrl":"https:\/\/talkpal.ai\/wp-content\/uploads\/2023\/05\/Swahili-tanzania.png","datePublished":"2023-06-28T14:00:55+00:00","dateModified":"2025-12-17T09:59:22+00:00","description":"Dil becerilerinizi geli\u015ftirmek ve Svahili anlay\u0131\u015f\u0131n\u0131z\u0131 iyile\u015ftirmek i\u00e7in ilgi \u00e7ekici Svahili dilbilgisi al\u0131\u015ft\u0131rmalar\u0131n\u0131 ke\u015ffedin.","breadcrumb":{"@id":"https:\/\/talkpal.ai\/tr\/svahili-dilbilgisi-alistirmalari\/#breadcrumb"},"inLanguage":"tr","potentialAction":[{"@type":"ReadAction","target":["https:\/\/talkpal.ai\/tr\/svahili-dilbilgisi-alistirmalari\/"]}]},{"@type":"ImageObject","inLanguage":"tr","@id":"https:\/\/talkpal.ai\/tr\/svahili-dilbilgisi-alistirmalari\/#primaryimage","url":"https:\/\/talkpal.ai\/wp-content\/uploads\/2023\/05\/Swahili-tanzania.png","contentUrl":"https:\/\/talkpal.ai\/wp-content\/uploads\/2023\/05\/Swahili-tanzania.png","width":512,"height":512},{"@type":"BreadcrumbList","@id":"https:\/\/talkpal.ai\/tr\/svahili-dilbilgisi-alistirmalari\/#breadcrumb","itemListElement":[{"@type":"ListItem","position":1,"name":"Homepage","item":"https:\/\/talkpal.ai\/tr\/"},{"@type":"ListItem","position":2,"name":"Svahili Dilbilgisi Al\u0131\u015ft\u0131rmalar\u0131"}]},{"@type":"WebSite","@id":"https:\/\/talkpal.ai\/tr\/#website","url":"https:\/\/talkpal.ai\/tr\/","name":"Talkpal","description":"AI Language Learning","publisher":{"@id":"https:\/\/talkpal.ai\/tr\/#organization"},"alternateName":"Talkpal AI","potentialAction":[{"@type":"SearchAction","target":{"@type":"EntryPoint","urlTemplate":"https:\/\/talkpal.ai\/tr\/?s={search_term_string}"},"query-input":{"@type":"PropertyValueSpecification","valueRequired":true,"valueName":"search_term_string"}}],"inLanguage":"tr"},{"@type":"Organization","@id":"https:\/\/talkpal.ai\/tr\/#organization","name":"Talkpal, Inc.","alternateName":"Talkpal AI","url":"https:\/\/talkpal.ai\/tr\/","logo":{"@type":"ImageObject","inLanguage":"tr","@id":"https:\/\/talkpal.ai\/tr\/#\/schema\/logo\/image\/","url":"https:\/\/talkpal.ai\/wp-content\/uploads\/2024\/03\/Talkpal-Logo-Icon.png","contentUrl":"https:\/\/talkpal.ai\/wp-content\/uploads\/2024\/03\/Talkpal-Logo-Icon.png","width":2880,"height":2880,"caption":"Talkpal, Inc."},"image":{"@id":"https:\/\/talkpal.ai\/tr\/#\/schema\/logo\/image\/"},"sameAs":["https:\/\/www.facebook.com\/profile.php?id=100090733639311","https:\/\/x.com\/talkpalai","https:\/\/www.linkedin.com\/company\/talkpal\/","https:\/\/www.youtube.com\/@TalkPal\/","https:\/\/www.tiktok.com\/@talkpal","https:\/\/www.instagram.com\/talkpal_ai\/","https:\/\/www.crunchbase.com\/organization\/talkpal-9cde","https:\/\/www.g2.com\/products\/talkpal-for-business\/","https:\/\/www.trustpilot.com\/review\/talkpal.ai","https:\/\/www.capterra.com\/p\/10006800\/TalkPal\/"],"description":"Talkpal is a language learning web and mobile education app, powered by the latest AI technologies, that provides engaging experiences to its customers in many different languages to help them improve their language skills. Users can chat about unlimited amount of topics with the app and use other modes to practice their language learning.","email":"support@talkpal.ai","legalName":"Talkpal, Inc.","foundingDate":"2023-04-03","duns":"118989042","numberOfEmployees":{"@type":"QuantitativeValue","minValue":"11","maxValue":"50"},"publishingPrinciples":"https:\/\/talkpal.ai\/publishing-principles\/","actionableFeedbackPolicy":"https:\/\/talkpal.ai\/actionable-feedback-policy\/","correctionsPolicy":"https:\/\/talkpal.ai\/corrections-policy\/","ethicsPolicy":"https:\/\/talkpal.ai\/ethics-policy\/","diversityPolicy":"https:\/\/talkpal.ai\/diversity-policy\/","diversityStaffingReport":"https:\/\/talkpal.ai\/diversity-policy\/"}]}},"_links":{"self":[{"href":"https:\/\/talkpal.ai\/tr\/wp-json\/wp\/v2\/pages\/156542","targetHints":{"allow":["GET"]}}],"collection":[{"href":"https:\/\/talkpal.ai\/tr\/wp-json\/wp\/v2\/pages"}],"about":[{"href":"https:\/\/talkpal.ai\/tr\/wp-json\/wp\/v2\/types\/page"}],"author":[{"embeddable":true,"href":"https:\/\/talkpal.ai\/tr\/wp-json\/wp\/v2\/users\/6"}],"replies":[{"embeddable":true,"href":"https:\/\/talkpal.ai\/tr\/wp-json\/wp\/v2\/comments?post=156542"}],"version-history":[{"count":0,"href":"https:\/\/talkpal.ai\/tr\/wp-json\/wp\/v2\/pages\/156542\/revisions"}],"wp:featuredmedia":[{"embeddable":true,"href":"https:\/\/talkpal.ai\/tr\/wp-json\/wp\/v2\/media\/119161"}],"wp:attachment":[{"href":"https:\/\/talkpal.ai\/tr\/wp-json\/wp\/v2\/media?parent=156542"}],"curies":[{"name":"wp","href":"https:\/\/api.w.org\/{rel}","templated":true}]}}