{"id":155970,"date":"2023-07-05T10:17:13","date_gmt":"2023-07-05T10:17:13","guid":{"rendered":"http:\/\/talkpal.ai\/tamilce-dilbilgisi-alistirmalari\/"},"modified":"2025-12-17T15:01:23","modified_gmt":"2025-12-17T15:01:23","slug":"tamilce-dilbilgisi-alistirmalari","status":"publish","type":"page","link":"https:\/\/talkpal.ai\/tr\/tamilce-dilbilgisi-alistirmalari\/","title":{"rendered":"Tamilce Dilbilgisi Al\u0131\u015ft\u0131rmalar\u0131"},"content":{"rendered":"\r\n\r\n\r\n<section class=\"languageChallengeSection\">\r\n    <div class=\"languageInfoWrapper\">\r\n        \r\n        <h1>Tamilce Dilbilgisi Al\u0131\u015ft\u0131rmalar\u0131<\/h1>\r\n        <p>Tamilce&#039;de ustala\u015fmak istiyorsan\u0131z, hedefe y\u00f6nelik al\u0131\u015ft\u0131rmalarla <a href=\"https:\/\/talkpal.ai\/grammar\/\">dilbilgisi<\/a> prati\u011fi yapmak yolculu\u011funuzda \u00f6nemli bir ad\u0131md\u0131r. Bug\u00fcn ba\u015flay\u0131n, yeni dilbilgisi kal\u0131plar\u0131yla kendinize meydan okuyun ve Tamilce becerilerinizin her al\u0131\u015ft\u0131rmada geli\u015fmesini izleyin!<\/p>\r\n\r\n                            <a class=\"getStartedHidden\" href=\"https:\/\/app.talkpal.ai\/tr\/signup?lng=\">Hadi ba\u015fla<\/a>\r\n        \r\n    <\/div>\r\n\r\n    <figure>\r\n    <img decoding=\"async\" width=\"768\" height=\"768\" src=\"https:\/\/talkpal.ai\/wp-content\/uploads\/2023\/06\/tamil-768x768.png\" class=\"languageImage no-lazy\" alt=\"Language learning for enhanced creativity\" fetchpriority=\"high\" sizes=\"(max-width: 768px) 150px, 768px\" srcset=\"https:\/\/talkpal.ai\/wp-content\/uploads\/2023\/06\/tamil-768x768.png 768w, https:\/\/talkpal.ai\/wp-content\/uploads\/2023\/06\/tamil-300x300.png 300w\" \/>\r\n    \r\n\r\n    <\/figure>\r\n\r\n            <a class=\"getStartedVisible\" href=\"https:\/\/app.talkpal.ai\/tr\/signup?lng=\">Hadi ba\u015fla<\/a>\r\n    \r\n<\/section>\r\n\r\n\r\n<!-- <section class=\"grammarSection\">\r\n    <div class=\"grammarLinks\">\r\n            <\/div>\r\n<\/section> -->\r\n\r\n\r\n\r\n\r\n<section class=\"promotionalBanner\">\r\n    <p class=\"promotionalText\">Dil \u00f6\u011frenmenin en etkili yolu<\/p>\r\n    <a class=\"promotionalLink\" href=\"https:\/\/app.talkpal.ai\/tr\/signup?lng=\">Talkpal \u00fccretsiz deneyin<\/a>\r\n<\/section>\n<div class=\"wp-block-group pageContainerStyle\"><div class=\"wp-block-group__inner-container is-layout-constrained wp-block-group-is-layout-constrained\">\n<h2 class=\"wp-block-heading\" id=\"h-tamil-grammar-topics\">Tamilce Dilbilgisi Konular\u0131<\/h2>\n\n\n\n<p>Tamilce, \u00f6ncelikle G\u00fcney Hindistan ve Sri Lanka&#8217;da konu\u015fulan canl\u0131 ve zengin bir dildir. E\u015fsiz senaryosu ve karma\u015f\u0131k dilbilgisi sistemi ile bilinir. Tamilce \u00f6\u011frenmek b\u00fcy\u00fcleyici bir deneyim olabilir, ancak dilbilgisini anlamak i\u00e7in yap\u0131land\u0131r\u0131lm\u0131\u015f bir yakla\u015f\u0131m gerektirir. Bu, zamanlar\u0131, fiilleri, isimleri, artikeller, zamirleri\/belirleyicileri, s\u0131fatlar\u0131, zarflar\u0131, ko\u015fullar\u0131, edatlar\u0131 ve c\u00fcmle yap\u0131lar\u0131n\u0131 anlamay\u0131 i\u00e7erir.<\/p>\n\n\n\n<h3 class=\"wp-block-heading\" id=\"h-1-nouns\">1. \u0130simler:<\/h3>\n\n\n\n<p>Tamilce \u00f6\u011freniminize isimlerle ba\u015flay\u0131n, \u00e7\u00fcnk\u00fc bunlar herhangi bir dilin yap\u0131 ta\u015flar\u0131d\u0131r. Tamilce&#8217;de isimler iki kategoriye ayr\u0131l\u0131r: uyirmei (ya\u015fayan) ve mei (ya\u015famayan). Ayr\u0131ca say\u0131ya ve duruma g\u00f6re farkl\u0131 \u00e7ekimleri vard\u0131r.<\/p>\n\n\n\n<h3 class=\"wp-block-heading\" id=\"h-2-pronouns-determiners\">2. Zamirler\/Belirleyiciler:<\/h3>\n\n\n\n<p>\u0130simlere hakim olduktan sonra zamirlere ve belirleyicilere ge\u00e7in. Daha \u00f6nce bahsedilen veya kolayca tan\u0131mlanan birine veya bir \u015feye at\u0131fta bulunmak i\u00e7in kullan\u0131l\u0131rlar. Tamilce&#8217;de zamirler cinsiyetten ba\u011f\u0131ms\u0131zd\u0131r ve say\u0131 ve b\u00fcy\u00fck\/k\u00fc\u00e7\u00fck harf i\u00e7in \u00e7ekimlidir.<\/p>\n\n\n\n<h3 class=\"wp-block-heading\" id=\"h-3-verbs\">3. Fiiller:<\/h3>\n\n\n\n<p>Tamilce&#8217;deki fiiller iki kategoriye ayr\u0131l\u0131r: ge\u00e7i\u015fli ve ge\u00e7i\u015fsiz fiiller. Bir c\u00fcmledeki eylemi ifade ettikleri i\u00e7in nas\u0131l \u00e7al\u0131\u015ft\u0131klar\u0131n\u0131 anlamak \u00e7ok \u00f6nemlidir.<\/p>\n\n\n\n<h3 class=\"wp-block-heading\" id=\"h-4-tenses\">4. Zamanlar:<\/h3>\n\n\n\n<p>Tamil&#8217;in \u00fc\u00e7 temel zaman\u0131 vard\u0131r: ge\u00e7mi\u015f, \u015fimdi ve gelecek. Her zaman\u0131n tekil ve \u00e7o\u011ful oldu\u011fu kadar farkl\u0131 ki\u015filer i\u00e7in de farkl\u0131 bi\u00e7imleri vard\u0131r. Bu de\u011fi\u015fiklikleri anlamak, do\u011fru c\u00fcmle olu\u015fumu i\u00e7in \u00f6nemlidir.<\/p>\n\n\n\n<h3 class=\"wp-block-heading\" id=\"h-5-tense-comparison\">5. Gergin Kar\u015f\u0131la\u015ft\u0131rma:<\/h3>\n\n\n\n<p>Temel zamanlar\u0131 anlad\u0131ktan sonra, zaman kar\u015f\u0131la\u015ft\u0131rmas\u0131na ge\u00e7ebilirsiniz. Bu, ileri d\u00fczey dil kullan\u0131m\u0131 i\u00e7in \u00e7ok \u00f6nemli olan farkl\u0131 zamanlardaki farkl\u0131 eylemlerin kar\u015f\u0131la\u015ft\u0131r\u0131lmas\u0131n\u0131 gerektirir.<\/p>\n\n\n\n<h3 class=\"wp-block-heading\" id=\"h-6-adjectives\">6. S\u0131fatlar:<\/h3>\n\n\n\n<p>Tamilce&#8217;deki s\u0131fatlar, \u0130ngilizce&#8217;de oldu\u011fu gibi, isimleri tan\u0131mlar veya de\u011fi\u015ftirir. Durum, say\u0131 ve cinsiyet olarak de\u011fi\u015ftirdikleri isimle hemfikirdirler.<\/p>\n\n\n\n<h3 class=\"wp-block-heading\" id=\"h-7-articles\">7. Makaleler:<\/h3>\n\n\n\n<p>Tamilcede &#8216;a&#8217;, &#8216;an&#8217; ya da &#8216;the&#8217; gibi belirli ya da belirsiz artikeller yoktur. Ancak, bunlar\u0131n nas\u0131l de\u011fi\u015ftirilece\u011fini anlamak c\u00fcmle olu\u015fumu i\u00e7in \u00f6nemlidir.<\/p>\n\n\n\n<h3 class=\"wp-block-heading\" id=\"h-8-adverbs\">8. Zarflar:<\/h3>\n\n\n\n<p>Zarflar fiilleri, s\u0131fatlar\u0131 veya di\u011fer zarflar\u0131 de\u011fi\u015ftirir. Bir tav\u0131r, yer, zaman, s\u0131kl\u0131k, derece ve daha fazlas\u0131n\u0131 ifade edebilirler.<\/p>\n\n\n\n<h3 class=\"wp-block-heading\" id=\"h-9-prepositions\">9. Edatlar:<\/h3>\n\n\n\n<p>Edatlar, isimleri, zamirleri veya c\u00fcmleleri bir c\u00fcmle i\u00e7indeki di\u011fer kelimelere ba\u011flamak i\u00e7in kullan\u0131l\u0131r. Yer, y\u00f6n, zaman, tarz, sebep ve derece ili\u015fkilerini ifade ederler.<\/p>\n\n\n\n<h3 class=\"wp-block-heading\" id=\"h-10-conditionals\">10. Ko\u015fullar:<\/h3>\n\n\n\n<p>Ko\u015fullular, varsay\u0131msal durumlar\u0131 ve sonu\u00e7lar\u0131n\u0131 ifade eden c\u00fcmlelerdir. Tamilce&#8217;de ko\u015fullar, belirli fiil formlar\u0131 ve ba\u011fla\u00e7lardan olu\u015fur.<\/p>\n\n\n\n<h3 class=\"wp-block-heading\" id=\"h-11-progressive-and-perfect-progressive\">11. \u0130lerici ve M\u00fckemmel \u0130lerici:<\/h3>\n\n\n\n<p>Bunlar, devam eden eylemleri veya devam eden ancak \u015fimdi tamamlanm\u0131\u015f eylemleri ifade eden zamanlar\u0131n y\u00f6nleridir. Eylemlerin s\u00fcresini ve s\u00fcreklili\u011fini ifade etmek i\u00e7in gereklidirler.<\/p>\n\n\n\n<h3 class=\"wp-block-heading\" id=\"h-12-sentences\">12. C\u00fcmleler:<\/h3>\n\n\n\n<p>Son olarak, Tamilce&#8217;deki c\u00fcmlelerin yap\u0131s\u0131n\u0131 anlamak \u00f6nemlidir. Tamilce, \u00d6zne-Nesne-Fiil (SOV) kelime s\u0131ras\u0131n\u0131 takip eder. Ayr\u0131ca, bile\u015fik ve karma\u015f\u0131k c\u00fcmleleri anlamak, dile genel hakimiyetinizi geli\u015ftirecektir.<\/p>\n<\/div><\/div>\n\r\n<section class=\"learnNavigationSection\">\r\n            \r\n        <a href=\"https:\/\/talkpal.ai\/tr\/tamilce-ogren\/\">\r\n            <div class=\"learnNavigationWrapper\">\r\n                <div class=\"learnNavigationContent\">\r\n                    <img decoding=\"async\" src=\"https:\/\/talkpal.ai\/wp-content\/uploads\/2024\/08\/Tamil.jpg\" alt=\"Indian Simplified Flag\">\r\n                    <div>\r\n                        <h4>Tamil \u00d6\u011frenimi Hakk\u0131nda<\/h4>\r\n                        <p>Tamilce dilbilgisi hakk\u0131nda her \u015feyi \u00f6\u011frenin .<\/p>\r\n                    <\/div>\r\n                <\/div>\r\n            <\/div>\r\n        <\/a>\r\n\r\n        \r\n        <a href=\"https:\/\/talkpal.ai\/tr\/tamilce-dilbilgisi\/\">\r\n            <div class=\"learnNavigationWrapper\">\r\n                <div class=\"learnNavigationContent\">\r\n                    <img decoding=\"async\" src=\"https:\/\/talkpal.ai\/wp-content\/uploads\/2024\/08\/Tamil.jpg\" alt=\"Indian Simplified Flag\">\r\n                    <div>\r\n                        <h4>Tamilce Dilbilgisi Dersleri<\/h4>\r\n                        <p>Tamilce dilbilgisi al\u0131\u015ft\u0131rmas\u0131 yap\u0131n .<\/p>\r\n                    <\/div>\r\n                <\/div>\r\n            <\/div>\r\n        <\/a>\r\n\r\n        \r\n        <a href=\"https:\/\/talkpal.ai\/vocabulary_language\/tamil\/\">\r\n            <div class=\"learnNavigationWrapper\">\r\n                <div class=\"learnNavigationContent\">\r\n                    <img decoding=\"async\" src=\"https:\/\/talkpal.ai\/wp-content\/uploads\/2024\/08\/Tamil.jpg\" alt=\"Indian Simplified Flag\">\r\n                    <div>\r\n                        <h4>Tamilce Kelime Bilgisi<\/h4>\r\n                        <p>Tamilce kelime da\u011farc\u0131\u011f\u0131n\u0131z\u0131 geni\u015fletin.<\/p>\r\n                    <\/div>\r\n                <\/div>\r\n            <\/div>\r\n        <\/a>\r\n\r\n            <\/section>","protected":false},"excerpt":{"rendered":"<p>Tamilce Dilbilgisi Konular\u0131 Tamilce, \u00f6ncelikle G\u00fcney Hindistan ve Sri Lanka&#8217;da konu\u015fulan canl\u0131 ve zengin bir dildir. E\u015fsiz senaryosu ve karma\u015f\u0131k dilbilgisi sistemi ile bilinir. Tamilce \u00f6\u011frenmek b\u00fcy\u00fcleyici bir deneyim olabilir, ancak dilbilgisini anlamak i\u00e7in yap\u0131land\u0131r\u0131lm\u0131\u015f bir yakla\u015f\u0131m gerektirir. Bu, zamanlar\u0131, fiilleri, isimleri, artikeller, zamirleri\/belirleyicileri, s\u0131fatlar\u0131, zarflar\u0131, ko\u015fullar\u0131, edatlar\u0131 ve c\u00fcmle yap\u0131lar\u0131n\u0131 anlamay\u0131 i\u00e7erir. 1. \u0130simler: [&hellip;]<\/p>\n","protected":false},"author":6,"featured_media":120221,"parent":0,"menu_order":0,"comment_status":"closed","ping_status":"closed","template":"LearningContentPage.php","meta":{"_acf_changed":false,"footnotes":""},"class_list":["post-155970","page","type-page","status-publish","has-post-thumbnail","hentry"],"acf":[],"yoast_head":"<!-- This site is optimized with the Yoast SEO Premium plugin v27.2 (Yoast SEO v27.2) - https:\/\/yoast.com\/product\/yoast-seo-premium-wordpress\/ -->\n<title>Tamilce Dilbilgisi Al\u0131\u015ft\u0131rmalar\u0131 - Talkpal<\/title>\n<meta name=\"description\" content=\"Dil becerilerinizi geli\u015ftirmek ve anlamay\u0131 art\u0131rmak i\u00e7in etkili Tamilce Dilbilgisi Al\u0131\u015ft\u0131rmalar\u0131n\u0131 ke\u015ffedin.\" \/>\n<meta name=\"robots\" content=\"index, follow, max-snippet:-1, max-image-preview:large, max-video-preview:-1\" \/>\n<link rel=\"canonical\" href=\"https:\/\/talkpal.ai\/tr\/tamilce-dilbilgisi-alistirmalari\/\" \/>\n<meta property=\"og:locale\" content=\"tr_TR\" \/>\n<meta property=\"og:type\" content=\"article\" \/>\n<meta property=\"og:title\" content=\"Tamilce Dilbilgisi Al\u0131\u015ft\u0131rmalar\u0131\" \/>\n<meta property=\"og:description\" content=\"Tamilce Dilbilgisi Konular\u0131 Tamilce, \u00f6ncelikle G\u00fcney Hindistan ve Sri Lanka&#039;da konu\u015fulan canl\u0131 ve zengin bir dildir. E\u015fsiz senaryosu ve karma\u015f\u0131k\" \/>\n<meta property=\"og:url\" content=\"https:\/\/talkpal.ai\/tr\/tamilce-dilbilgisi-alistirmalari\/\" \/>\n<meta property=\"og:site_name\" content=\"Talkpal\" \/>\n<meta property=\"article:publisher\" content=\"https:\/\/www.facebook.com\/profile.php?id=100090733639311\" \/>\n<meta property=\"article:modified_time\" content=\"2025-12-17T15:01:23+00:00\" \/>\n<meta property=\"og:image\" content=\"https:\/\/talkpal.ai\/wp-content\/uploads\/2023\/05\/Tamil-india.png\" \/>\n\t<meta property=\"og:image:width\" content=\"512\" \/>\n\t<meta property=\"og:image:height\" content=\"512\" \/>\n\t<meta property=\"og:image:type\" content=\"image\/png\" \/>\n<meta name=\"twitter:card\" content=\"summary_large_image\" \/>\n<meta name=\"twitter:site\" content=\"@talkpalai\" \/>\n<meta name=\"twitter:label1\" content=\"Tahmini okuma s\u00fcresi\" \/>\n\t<meta name=\"twitter:data1\" content=\"2 dakika\" \/>\n<script type=\"application\/ld+json\" class=\"yoast-schema-graph\">{\"@context\":\"https:\/\/schema.org\",\"@graph\":[{\"@type\":\"WebPage\",\"@id\":\"https:\/\/talkpal.ai\/tr\/tamilce-dilbilgisi-alistirmalari\/\",\"url\":\"https:\/\/talkpal.ai\/tr\/tamilce-dilbilgisi-alistirmalari\/\",\"name\":\"Tamilce Dilbilgisi Al\u0131\u015ft\u0131rmalar\u0131 - Talkpal\",\"isPartOf\":{\"@id\":\"https:\/\/talkpal.ai\/tr\/#website\"},\"primaryImageOfPage\":{\"@id\":\"https:\/\/talkpal.ai\/tr\/tamilce-dilbilgisi-alistirmalari\/#primaryimage\"},\"image\":{\"@id\":\"https:\/\/talkpal.ai\/tr\/tamilce-dilbilgisi-alistirmalari\/#primaryimage\"},\"thumbnailUrl\":\"https:\/\/talkpal.ai\/wp-content\/uploads\/2023\/05\/Tamil-india.png\",\"datePublished\":\"2023-07-05T10:17:13+00:00\",\"dateModified\":\"2025-12-17T15:01:23+00:00\",\"description\":\"Dil becerilerinizi geli\u015ftirmek ve anlamay\u0131 art\u0131rmak i\u00e7in etkili Tamilce Dilbilgisi Al\u0131\u015ft\u0131rmalar\u0131n\u0131 ke\u015ffedin.\",\"breadcrumb\":{\"@id\":\"https:\/\/talkpal.ai\/tr\/tamilce-dilbilgisi-alistirmalari\/#breadcrumb\"},\"inLanguage\":\"tr\",\"potentialAction\":[{\"@type\":\"ReadAction\",\"target\":[\"https:\/\/talkpal.ai\/tr\/tamilce-dilbilgisi-alistirmalari\/\"]}]},{\"@type\":\"ImageObject\",\"inLanguage\":\"tr\",\"@id\":\"https:\/\/talkpal.ai\/tr\/tamilce-dilbilgisi-alistirmalari\/#primaryimage\",\"url\":\"https:\/\/talkpal.ai\/wp-content\/uploads\/2023\/05\/Tamil-india.png\",\"contentUrl\":\"https:\/\/talkpal.ai\/wp-content\/uploads\/2023\/05\/Tamil-india.png\",\"width\":512,\"height\":512},{\"@type\":\"BreadcrumbList\",\"@id\":\"https:\/\/talkpal.ai\/tr\/tamilce-dilbilgisi-alistirmalari\/#breadcrumb\",\"itemListElement\":[{\"@type\":\"ListItem\",\"position\":1,\"name\":\"Homepage\",\"item\":\"https:\/\/talkpal.ai\/tr\/\"},{\"@type\":\"ListItem\",\"position\":2,\"name\":\"Tamilce Dilbilgisi Al\u0131\u015ft\u0131rmalar\u0131\"}]},{\"@type\":\"WebSite\",\"@id\":\"https:\/\/talkpal.ai\/tr\/#website\",\"url\":\"https:\/\/talkpal.ai\/tr\/\",\"name\":\"Talkpal\",\"description\":\"AI Language Learning\",\"publisher\":{\"@id\":\"https:\/\/talkpal.ai\/tr\/#organization\"},\"alternateName\":\"Talkpal AI\",\"potentialAction\":[{\"@type\":\"SearchAction\",\"target\":{\"@type\":\"EntryPoint\",\"urlTemplate\":\"https:\/\/talkpal.ai\/tr\/?s={search_term_string}\"},\"query-input\":{\"@type\":\"PropertyValueSpecification\",\"valueRequired\":true,\"valueName\":\"search_term_string\"}}],\"inLanguage\":\"tr\"},{\"@type\":\"Organization\",\"@id\":\"https:\/\/talkpal.ai\/tr\/#organization\",\"name\":\"Talkpal, Inc.\",\"alternateName\":\"Talkpal AI\",\"url\":\"https:\/\/talkpal.ai\/tr\/\",\"logo\":{\"@type\":\"ImageObject\",\"inLanguage\":\"tr\",\"@id\":\"https:\/\/talkpal.ai\/tr\/#\/schema\/logo\/image\/\",\"url\":\"https:\/\/talkpal.ai\/wp-content\/uploads\/2024\/03\/Talkpal-Logo-Icon.png\",\"contentUrl\":\"https:\/\/talkpal.ai\/wp-content\/uploads\/2024\/03\/Talkpal-Logo-Icon.png\",\"width\":2880,\"height\":2880,\"caption\":\"Talkpal, Inc.\"},\"image\":{\"@id\":\"https:\/\/talkpal.ai\/tr\/#\/schema\/logo\/image\/\"},\"sameAs\":[\"https:\/\/www.facebook.com\/profile.php?id=100090733639311\",\"https:\/\/x.com\/talkpalai\",\"https:\/\/www.linkedin.com\/company\/talkpal\/\",\"https:\/\/www.youtube.com\/@TalkPal\/\",\"https:\/\/www.tiktok.com\/@talkpal\",\"https:\/\/www.instagram.com\/talkpal_ai\/\",\"https:\/\/www.crunchbase.com\/organization\/talkpal-9cde\",\"https:\/\/www.g2.com\/products\/talkpal-for-business\/\",\"https:\/\/www.trustpilot.com\/review\/talkpal.ai\",\"https:\/\/www.capterra.com\/p\/10006800\/TalkPal\/\"],\"description\":\"Talkpal is a language learning web and mobile education app, powered by the latest AI technologies, that provides engaging experiences to its customers in many different languages to help them improve their language skills. Users can chat about unlimited amount of topics with the app and use other modes to practice their language learning.\",\"email\":\"support@talkpal.ai\",\"legalName\":\"Talkpal, Inc.\",\"foundingDate\":\"2023-04-03\",\"duns\":\"118989042\",\"numberOfEmployees\":{\"@type\":\"QuantitativeValue\",\"minValue\":\"11\",\"maxValue\":\"50\"},\"publishingPrinciples\":\"https:\/\/talkpal.ai\/publishing-principles\/\",\"actionableFeedbackPolicy\":\"https:\/\/talkpal.ai\/actionable-feedback-policy\/\",\"correctionsPolicy\":\"https:\/\/talkpal.ai\/corrections-policy\/\",\"ethicsPolicy\":\"https:\/\/talkpal.ai\/ethics-policy\/\",\"diversityPolicy\":\"https:\/\/talkpal.ai\/diversity-policy\/\",\"diversityStaffingReport\":\"https:\/\/talkpal.ai\/diversity-policy\/\"}]}<\/script>\n<!-- \/ Yoast SEO Premium plugin. -->","yoast_head_json":{"title":"Tamilce Dilbilgisi Al\u0131\u015ft\u0131rmalar\u0131 - Talkpal","description":"Dil becerilerinizi geli\u015ftirmek ve anlamay\u0131 art\u0131rmak i\u00e7in etkili Tamilce Dilbilgisi Al\u0131\u015ft\u0131rmalar\u0131n\u0131 ke\u015ffedin.","robots":{"index":"index","follow":"follow","max-snippet":"max-snippet:-1","max-image-preview":"max-image-preview:large","max-video-preview":"max-video-preview:-1"},"canonical":"https:\/\/talkpal.ai\/tr\/tamilce-dilbilgisi-alistirmalari\/","og_locale":"tr_TR","og_type":"article","og_title":"Tamilce Dilbilgisi Al\u0131\u015ft\u0131rmalar\u0131","og_description":"Tamilce Dilbilgisi Konular\u0131 Tamilce, \u00f6ncelikle G\u00fcney Hindistan ve Sri Lanka'da konu\u015fulan canl\u0131 ve zengin bir dildir. E\u015fsiz senaryosu ve karma\u015f\u0131k","og_url":"https:\/\/talkpal.ai\/tr\/tamilce-dilbilgisi-alistirmalari\/","og_site_name":"Talkpal","article_publisher":"https:\/\/www.facebook.com\/profile.php?id=100090733639311","article_modified_time":"2025-12-17T15:01:23+00:00","og_image":[{"width":512,"height":512,"url":"https:\/\/talkpal.ai\/wp-content\/uploads\/2023\/05\/Tamil-india.png","type":"image\/png"}],"twitter_card":"summary_large_image","twitter_site":"@talkpalai","twitter_misc":{"Tahmini okuma s\u00fcresi":"2 dakika"},"schema":{"@context":"https:\/\/schema.org","@graph":[{"@type":"WebPage","@id":"https:\/\/talkpal.ai\/tr\/tamilce-dilbilgisi-alistirmalari\/","url":"https:\/\/talkpal.ai\/tr\/tamilce-dilbilgisi-alistirmalari\/","name":"Tamilce Dilbilgisi Al\u0131\u015ft\u0131rmalar\u0131 - Talkpal","isPartOf":{"@id":"https:\/\/talkpal.ai\/tr\/#website"},"primaryImageOfPage":{"@id":"https:\/\/talkpal.ai\/tr\/tamilce-dilbilgisi-alistirmalari\/#primaryimage"},"image":{"@id":"https:\/\/talkpal.ai\/tr\/tamilce-dilbilgisi-alistirmalari\/#primaryimage"},"thumbnailUrl":"https:\/\/talkpal.ai\/wp-content\/uploads\/2023\/05\/Tamil-india.png","datePublished":"2023-07-05T10:17:13+00:00","dateModified":"2025-12-17T15:01:23+00:00","description":"Dil becerilerinizi geli\u015ftirmek ve anlamay\u0131 art\u0131rmak i\u00e7in etkili Tamilce Dilbilgisi Al\u0131\u015ft\u0131rmalar\u0131n\u0131 ke\u015ffedin.","breadcrumb":{"@id":"https:\/\/talkpal.ai\/tr\/tamilce-dilbilgisi-alistirmalari\/#breadcrumb"},"inLanguage":"tr","potentialAction":[{"@type":"ReadAction","target":["https:\/\/talkpal.ai\/tr\/tamilce-dilbilgisi-alistirmalari\/"]}]},{"@type":"ImageObject","inLanguage":"tr","@id":"https:\/\/talkpal.ai\/tr\/tamilce-dilbilgisi-alistirmalari\/#primaryimage","url":"https:\/\/talkpal.ai\/wp-content\/uploads\/2023\/05\/Tamil-india.png","contentUrl":"https:\/\/talkpal.ai\/wp-content\/uploads\/2023\/05\/Tamil-india.png","width":512,"height":512},{"@type":"BreadcrumbList","@id":"https:\/\/talkpal.ai\/tr\/tamilce-dilbilgisi-alistirmalari\/#breadcrumb","itemListElement":[{"@type":"ListItem","position":1,"name":"Homepage","item":"https:\/\/talkpal.ai\/tr\/"},{"@type":"ListItem","position":2,"name":"Tamilce Dilbilgisi Al\u0131\u015ft\u0131rmalar\u0131"}]},{"@type":"WebSite","@id":"https:\/\/talkpal.ai\/tr\/#website","url":"https:\/\/talkpal.ai\/tr\/","name":"Talkpal","description":"AI Language Learning","publisher":{"@id":"https:\/\/talkpal.ai\/tr\/#organization"},"alternateName":"Talkpal AI","potentialAction":[{"@type":"SearchAction","target":{"@type":"EntryPoint","urlTemplate":"https:\/\/talkpal.ai\/tr\/?s={search_term_string}"},"query-input":{"@type":"PropertyValueSpecification","valueRequired":true,"valueName":"search_term_string"}}],"inLanguage":"tr"},{"@type":"Organization","@id":"https:\/\/talkpal.ai\/tr\/#organization","name":"Talkpal, Inc.","alternateName":"Talkpal AI","url":"https:\/\/talkpal.ai\/tr\/","logo":{"@type":"ImageObject","inLanguage":"tr","@id":"https:\/\/talkpal.ai\/tr\/#\/schema\/logo\/image\/","url":"https:\/\/talkpal.ai\/wp-content\/uploads\/2024\/03\/Talkpal-Logo-Icon.png","contentUrl":"https:\/\/talkpal.ai\/wp-content\/uploads\/2024\/03\/Talkpal-Logo-Icon.png","width":2880,"height":2880,"caption":"Talkpal, Inc."},"image":{"@id":"https:\/\/talkpal.ai\/tr\/#\/schema\/logo\/image\/"},"sameAs":["https:\/\/www.facebook.com\/profile.php?id=100090733639311","https:\/\/x.com\/talkpalai","https:\/\/www.linkedin.com\/company\/talkpal\/","https:\/\/www.youtube.com\/@TalkPal\/","https:\/\/www.tiktok.com\/@talkpal","https:\/\/www.instagram.com\/talkpal_ai\/","https:\/\/www.crunchbase.com\/organization\/talkpal-9cde","https:\/\/www.g2.com\/products\/talkpal-for-business\/","https:\/\/www.trustpilot.com\/review\/talkpal.ai","https:\/\/www.capterra.com\/p\/10006800\/TalkPal\/"],"description":"Talkpal is a language learning web and mobile education app, powered by the latest AI technologies, that provides engaging experiences to its customers in many different languages to help them improve their language skills. Users can chat about unlimited amount of topics with the app and use other modes to practice their language learning.","email":"support@talkpal.ai","legalName":"Talkpal, Inc.","foundingDate":"2023-04-03","duns":"118989042","numberOfEmployees":{"@type":"QuantitativeValue","minValue":"11","maxValue":"50"},"publishingPrinciples":"https:\/\/talkpal.ai\/publishing-principles\/","actionableFeedbackPolicy":"https:\/\/talkpal.ai\/actionable-feedback-policy\/","correctionsPolicy":"https:\/\/talkpal.ai\/corrections-policy\/","ethicsPolicy":"https:\/\/talkpal.ai\/ethics-policy\/","diversityPolicy":"https:\/\/talkpal.ai\/diversity-policy\/","diversityStaffingReport":"https:\/\/talkpal.ai\/diversity-policy\/"}]}},"_links":{"self":[{"href":"https:\/\/talkpal.ai\/tr\/wp-json\/wp\/v2\/pages\/155970","targetHints":{"allow":["GET"]}}],"collection":[{"href":"https:\/\/talkpal.ai\/tr\/wp-json\/wp\/v2\/pages"}],"about":[{"href":"https:\/\/talkpal.ai\/tr\/wp-json\/wp\/v2\/types\/page"}],"author":[{"embeddable":true,"href":"https:\/\/talkpal.ai\/tr\/wp-json\/wp\/v2\/users\/6"}],"replies":[{"embeddable":true,"href":"https:\/\/talkpal.ai\/tr\/wp-json\/wp\/v2\/comments?post=155970"}],"version-history":[{"count":0,"href":"https:\/\/talkpal.ai\/tr\/wp-json\/wp\/v2\/pages\/155970\/revisions"}],"wp:featuredmedia":[{"embeddable":true,"href":"https:\/\/talkpal.ai\/tr\/wp-json\/wp\/v2\/media\/120221"}],"wp:attachment":[{"href":"https:\/\/talkpal.ai\/tr\/wp-json\/wp\/v2\/media?parent=155970"}],"curies":[{"name":"wp","href":"https:\/\/api.w.org\/{rel}","templated":true}]}}