{"id":155122,"date":"2023-07-05T10:41:01","date_gmt":"2023-07-05T10:41:01","guid":{"rendered":"http:\/\/talkpal.ai\/urduca-dilbilgisi-alistirmalari\/"},"modified":"2025-12-17T15:21:20","modified_gmt":"2025-12-17T15:21:20","slug":"urduca-dilbilgisi-alistirmalari","status":"publish","type":"page","link":"https:\/\/talkpal.ai\/tr\/urduca-dilbilgisi-alistirmalari\/","title":{"rendered":"Urduca Dilbilgisi Al\u0131\u015ft\u0131rmalar\u0131"},"content":{"rendered":"\r\n\r\n\r\n<section class=\"languageChallengeSection\">\r\n    <div class=\"languageInfoWrapper\">\r\n        \r\n        <h1>Urduca Dilbilgisi Al\u0131\u015ft\u0131rmalar\u0131<\/h1>\r\n        <p><a href=\"https:\/\/talkpal.ai\/learn-urdu\/\">Urduca<\/a> kullan\u0131rken kendinize daha fazla g\u00fcvenmek ister misiniz? Dilbilgisi al\u0131\u015ft\u0131rmalar\u0131 yapmak, c\u00fcmle yap\u0131s\u0131, fiil formlar\u0131 ve Urdu dilinin benzersiz \u00f6zelliklerine hakim olmak i\u00e7in harika bir yoldur. Urduca dilbilginiz \u00fczerinde bug\u00fcn \u00e7al\u0131\u015fmaya ba\u015flay\u0131n ve her al\u0131\u015ft\u0131rmada anlay\u0131\u015f\u0131n\u0131z\u0131n ve ak\u0131c\u0131l\u0131\u011f\u0131n\u0131z\u0131n geli\u015fmesini izleyin!<\/p>\r\n\r\n                            <a class=\"getStartedHidden\" href=\"https:\/\/app.talkpal.ai\/tr\/signup?lng=\">Hadi ba\u015fla<\/a>\r\n        \r\n    <\/div>\r\n\r\n    <figure>\r\n    <img decoding=\"async\" width=\"768\" height=\"768\" src=\"https:\/\/talkpal.ai\/wp-content\/uploads\/2023\/06\/urdu-768x768.png\" class=\"languageImage no-lazy\" alt=\"Language learning for global understanding\" fetchpriority=\"high\" sizes=\"(max-width: 768px) 150px, 768px\" srcset=\"https:\/\/talkpal.ai\/wp-content\/uploads\/2023\/06\/urdu-768x768.png 768w, https:\/\/talkpal.ai\/wp-content\/uploads\/2023\/06\/urdu-300x300.png 300w\" \/>\r\n    \r\n\r\n    <\/figure>\r\n\r\n            <a class=\"getStartedVisible\" href=\"https:\/\/app.talkpal.ai\/tr\/signup?lng=\">Hadi ba\u015fla<\/a>\r\n    \r\n<\/section>\r\n\r\n\r\n<!-- <section class=\"grammarSection\">\r\n    <div class=\"grammarLinks\">\r\n            <\/div>\r\n<\/section> -->\r\n\r\n\r\n\r\n\r\n<section class=\"promotionalBanner\">\r\n    <p class=\"promotionalText\">Dil \u00f6\u011frenmenin en etkili yolu<\/p>\r\n    <a class=\"promotionalLink\" href=\"https:\/\/app.talkpal.ai\/tr\/signup?lng=\">Talkpal \u00fccretsiz deneyin<\/a>\r\n<\/section>\n<div class=\"wp-block-group pageContainerStyle\"><div class=\"wp-block-group__inner-container is-layout-constrained wp-block-group-is-layout-constrained\">\n<h2 class=\"wp-block-heading\" id=\"h-urdu-grammar-topics\">Urduca Dilbilgisi Konular\u0131<\/h2>\n\n\n\n<p>\u00c7e\u015fitli ifadeler, derin anlamlar ve karma\u015f\u0131k bir gramer yap\u0131s\u0131 ile zenginle\u015ftirilmi\u015f bir dil olan Urduca \u00f6\u011frenmek b\u00fcy\u00fcleyici bir yolculuk olabilir. Ancak, gramerine hakim olmak sistematik bir yakla\u015f\u0131m gerektirir. A\u015fa\u011f\u0131da, dili kolay ve verimli bir \u015fekilde \u00f6\u011frenmenize yard\u0131mc\u0131 olmak i\u00e7in <a href=\"https:\/\/talkpal.ai\/urdu-grammar\/\">Urduca dilbilgisi<\/a> konular\u0131n\u0131n \u00f6nerilen bir dizisi ve k\u0131sa a\u00e7\u0131klamas\u0131 bulunmaktad\u0131r.<\/p>\n\n\n\n<h3 class=\"wp-block-heading\" id=\"h-1-nouns\">1. \u0130simler:<\/h3>\n\n\n\n<p>Urduca&#8217;da isimlerin veya &#8220;ism &#8220;lerin tan\u0131mlanmas\u0131yla ba\u015flay\u0131n ve c\u00fcmlelerin temelini nas\u0131l olu\u015fturduklar\u0131n\u0131 anlay\u0131n. Yayg\u0131n, uygun, say\u0131labilir ve say\u0131lamayan isimleri tan\u0131mlamay\u0131 \u00f6\u011frenin.<\/p>\n\n\n\n<h3 class=\"wp-block-heading\" id=\"h-2-pronouns-determiners\">2. Zamirler\/Belirleyiciler:<\/h3>\n\n\n\n<p>Zamirlerin veya &#8220;zaameer&#8221; ve belirte\u00e7lerin veya &#8220;muarref&#8221; yan\u0131na ge\u00e7in. Bir c\u00fcmledeki isimlerin yerini al\u0131rlar ve s\u0131ras\u0131yla m\u00fclkiyet, miktar veya kimli\u011fi belirtirler.<\/p>\n\n\n\n<h3 class=\"wp-block-heading\" id=\"h-3-articles\">3. Makaleler:<\/h3>\n\n\n\n<p>Urduca&#8217;da makale kavram\u0131 \u0130ngilizce&#8217;deki kadar \u00f6n planda de\u011fildir. Yine de, belirli postpozisyonlar bi\u00e7imindeki ince varolu\u015flar\u0131n\u0131 anlamak \u00f6nemlidir.<\/p>\n\n\n\n<h3 class=\"wp-block-heading\" id=\"h-4-adjectives\">4. S\u0131fatlar:<\/h3>\n\n\n\n<p>S\u0131fatlar veya &#8220;sift&#8221; isimleri tan\u0131mlar veya de\u011fi\u015ftirir. C\u00fcmlelerdeki yerle\u015fimlerini ve de\u011fi\u015ftirdikleri isimlerle uyumlar\u0131n\u0131 \u00f6\u011frenin.<\/p>\n\n\n\n<h3 class=\"wp-block-heading\" id=\"h-5-verbs\">5. Fiiller:<\/h3>\n\n\n\n<p>Fiiller veya &#8220;ba\u015far\u0131s\u0131zl\u0131k&#8221; c\u00fcmle yap\u0131s\u0131 i\u00e7in temeldir. Farkl\u0131 fiil t\u00fcrlerini ve \u00e7ekim kurallar\u0131n\u0131 \u00f6\u011frenin.<\/p>\n\n\n\n<h3 class=\"wp-block-heading\" id=\"h-6-adverbs\">6. Zarflar:<\/h3>\n\n\n\n<p>Zarflar veya &#8220;h\u0101l&#8221; fiilleri, s\u0131fatlar\u0131 veya di\u011fer zarflar\u0131 de\u011fi\u015ftirir. Yerle\u015fimlerini ve farkl\u0131 t\u00fcrlerini anlay\u0131n.<\/p>\n\n\n\n<h3 class=\"wp-block-heading\" id=\"h-7-prepositions\">7. Edatlar:<\/h3>\n\n\n\n<p>Edatlar veya &#8220;harf-e-jarr&#8221; isimleri veya zamirleri c\u00fcmledeki di\u011fer kelimelere ba\u011flar. Y\u00f6n, yer, zaman, sebep, tarz ve miktar gibi \u00e7e\u015fitli ili\u015fkileri ifade ederler.<\/p>\n\n\n\n<h3 class=\"wp-block-heading\" id=\"h-8-tenses\">8. Zamanlar:<\/h3>\n\n\n\n<p>Zamanlar veya &#8220;zam\u0101n&#8221; bir eylemin ne zaman ger\u00e7ekle\u015fti\u011fini g\u00f6sterir. Urduca&#8217;da \u00fc\u00e7 temel zaman vard\u0131r: Ge\u00e7mi\u015f, \u015eimdi ve Gelecek, her birinin kendi alt t\u00fcrleri vard\u0131r.<\/p>\n\n\n\n<h3 class=\"wp-block-heading\" id=\"h-9-tense-comparison\">9. Gergin Kar\u015f\u0131la\u015ft\u0131rma:<\/h3>\n\n\n\n<p>Farkl\u0131 zamanlardaki benzer c\u00fcmle yap\u0131lar\u0131 aras\u0131ndaki ince anlam farkl\u0131l\u0131klar\u0131n\u0131 anlamak i\u00e7in zamanlar\u0131 kar\u015f\u0131la\u015ft\u0131rmay\u0131 \u00f6\u011frenin.<\/p>\n\n\n\n<h3 class=\"wp-block-heading\" id=\"h-10-progressive\">10. \u0130lerici:<\/h3>\n\n\n\n<p>A\u015famal\u0131 zaman, devam eden eylemleri g\u00f6sterir. Bu kavram Urduca&#8217;da yard\u0131mc\u0131 fiiller kullan\u0131larak ifade edilir.<\/p>\n\n\n\n<h3 class=\"wp-block-heading\" id=\"h-11-perfect-progressive\">11. M\u00fckemmel \u0130lerici:<\/h3>\n\n\n\n<p>Perfect Progressive tense, ge\u00e7mi\u015fte ba\u015flayan, bir s\u00fcre devam eden ve hala devam eden bir eylemi ifade eder. Urduca&#8217;da bu, yard\u0131mc\u0131 fiillerin bir kombinasyonu ile ifade edilir.<\/p>\n\n\n\n<h3 class=\"wp-block-heading\" id=\"h-12-conditionals\">12. Ko\u015fullar:<\/h3>\n\n\n\n<p>Ko\u015ful c\u00fcmleleri veya &#8220;shartia&#8221; varsay\u0131msal durumlar\u0131 ve bunlar\u0131n olas\u0131 sonu\u00e7lar\u0131n\u0131 ifade eder. Bu karma\u015f\u0131k c\u00fcmleler, fiillerin ve zamanlar\u0131n iyi bir \u015fekilde kavranmas\u0131n\u0131 gerektirir.<\/p>\n\n\n\n<h3 class=\"wp-block-heading\" id=\"h-13-sentences\">13. C\u00fcmleler:<\/h3>\n\n\n\n<p>Son olarak, t\u00fcm bu kavramlar\u0131 c\u00fcmleler veya &#8220;jumley&#8221; olu\u015fturmak i\u00e7in uygulay\u0131n. Urduca&#8217;daki farkl\u0131 c\u00fcmle t\u00fcrlerini ve yap\u0131lar\u0131n\u0131 anlay\u0131n.<\/p>\n<\/div><\/div>\n\r\n<section class=\"learnNavigationSection\">\r\n            \r\n        <a href=\"https:\/\/talkpal.ai\/tr\/urduca-ogren\/\">\r\n            <div class=\"learnNavigationWrapper\">\r\n                <div class=\"learnNavigationContent\">\r\n                    <img decoding=\"async\" src=\"https:\/\/talkpal.ai\/wp-content\/uploads\/2024\/08\/Urdu.jpg\" alt=\"Pakistani Flag\">\r\n                    <div>\r\n                        <h4>Urduca \u00d6\u011frenimi Hakk\u0131nda<\/h4>\r\n                        <p>Urduca dilbilgisi hakk\u0131nda her \u015feyi \u00f6\u011frenin .<\/p>\r\n                    <\/div>\r\n                <\/div>\r\n            <\/div>\r\n        <\/a>\r\n\r\n        \r\n        <a href=\"https:\/\/talkpal.ai\/tr\/urduca-dilbilgisi\/\">\r\n            <div class=\"learnNavigationWrapper\">\r\n                <div class=\"learnNavigationContent\">\r\n                    <img decoding=\"async\" src=\"https:\/\/talkpal.ai\/wp-content\/uploads\/2024\/08\/Urdu.jpg\" alt=\"Pakistani Flag\">\r\n                    <div>\r\n                        <h4>Urduca Gramer Dersleri<\/h4>\r\n                        <p>Urduca dilbilgisi al\u0131\u015ft\u0131rmas\u0131 yap\u0131n .<\/p>\r\n                    <\/div>\r\n                <\/div>\r\n            <\/div>\r\n        <\/a>\r\n\r\n        \r\n        <a href=\"https:\/\/talkpal.ai\/vocabulary_language\/urdu\/\">\r\n            <div class=\"learnNavigationWrapper\">\r\n                <div class=\"learnNavigationContent\">\r\n                    <img decoding=\"async\" src=\"https:\/\/talkpal.ai\/wp-content\/uploads\/2024\/08\/Urdu.jpg\" alt=\"Pakistani Flag\">\r\n                    <div>\r\n                        <h4>Urduca Kelime Bilgisi<\/h4>\r\n                        <p>Urduca kelime da\u011farc\u0131\u011f\u0131n\u0131z\u0131 geni\u015fletin.<\/p>\r\n                    <\/div>\r\n                <\/div>\r\n            <\/div>\r\n        <\/a>\r\n\r\n            <\/section>","protected":false},"excerpt":{"rendered":"<p>Urduca Dilbilgisi Konular\u0131 \u00c7e\u015fitli ifadeler, derin anlamlar ve karma\u015f\u0131k bir gramer yap\u0131s\u0131 ile zenginle\u015ftirilmi\u015f bir dil olan Urduca \u00f6\u011frenmek b\u00fcy\u00fcleyici bir yolculuk olabilir. Ancak, gramerine hakim olmak sistematik bir yakla\u015f\u0131m gerektirir. A\u015fa\u011f\u0131da, dili kolay ve verimli bir \u015fekilde \u00f6\u011frenmenize yard\u0131mc\u0131 olmak i\u00e7in Urduca dilbilgisi konular\u0131n\u0131n \u00f6nerilen bir dizisi ve k\u0131sa a\u00e7\u0131klamas\u0131 bulunmaktad\u0131r. 1. \u0130simler: Urduca&#8217;da [&hellip;]<\/p>\n","protected":false},"author":6,"featured_media":121410,"parent":0,"menu_order":0,"comment_status":"closed","ping_status":"closed","template":"LearningContentPage.php","meta":{"_acf_changed":false,"footnotes":""},"class_list":["post-155122","page","type-page","status-publish","has-post-thumbnail","hentry"],"acf":[],"yoast_head":"<!-- This site is optimized with the Yoast SEO Premium plugin v27.2 (Yoast SEO v27.2) - https:\/\/yoast.com\/product\/yoast-seo-premium-wordpress\/ -->\n<title>Urduca Dilbilgisi Al\u0131\u015ft\u0131rmalar\u0131 - Talkpal<\/title>\n<meta name=\"description\" content=\"\u0130simler, zamirler ve daha fazlas\u0131 hakk\u0131nda anlay\u0131\u015f\u0131n\u0131z\u0131 geli\u015ftirmek i\u00e7in kapsaml\u0131 Urduca dilbilgisi al\u0131\u015ft\u0131rmalar\u0131m\u0131zla Urduca&#039;da ustala\u015f\u0131n.\" \/>\n<meta name=\"robots\" content=\"index, follow, max-snippet:-1, max-image-preview:large, max-video-preview:-1\" \/>\n<link rel=\"canonical\" href=\"https:\/\/talkpal.ai\/tr\/urduca-dilbilgisi-alistirmalari\/\" \/>\n<meta property=\"og:locale\" content=\"tr_TR\" \/>\n<meta property=\"og:type\" content=\"article\" \/>\n<meta property=\"og:title\" content=\"Urduca Dilbilgisi Al\u0131\u015ft\u0131rmalar\u0131\" \/>\n<meta property=\"og:description\" content=\"Urduca Dilbilgisi Konular\u0131 \u00c7e\u015fitli ifadeler, derin anlamlar ve karma\u015f\u0131k bir gramer yap\u0131s\u0131 ile zenginle\u015ftirilmi\u015f bir dil olan Urduca \u00f6\u011frenmek b\u00fcy\u00fcleyici\" \/>\n<meta property=\"og:url\" content=\"https:\/\/talkpal.ai\/tr\/urduca-dilbilgisi-alistirmalari\/\" \/>\n<meta property=\"og:site_name\" content=\"Talkpal\" \/>\n<meta property=\"article:publisher\" content=\"https:\/\/www.facebook.com\/profile.php?id=100090733639311\" \/>\n<meta property=\"article:modified_time\" content=\"2025-12-17T15:21:20+00:00\" \/>\n<meta property=\"og:image\" content=\"https:\/\/talkpal.ai\/wp-content\/uploads\/2023\/05\/Urdu-pakistan.png\" \/>\n\t<meta property=\"og:image:width\" content=\"512\" \/>\n\t<meta property=\"og:image:height\" content=\"512\" \/>\n\t<meta property=\"og:image:type\" content=\"image\/png\" \/>\n<meta name=\"twitter:card\" content=\"summary_large_image\" \/>\n<meta name=\"twitter:site\" content=\"@talkpalai\" \/>\n<meta name=\"twitter:label1\" content=\"Tahmini okuma s\u00fcresi\" \/>\n\t<meta name=\"twitter:data1\" content=\"2 dakika\" \/>\n<script type=\"application\/ld+json\" class=\"yoast-schema-graph\">{\"@context\":\"https:\/\/schema.org\",\"@graph\":[{\"@type\":\"WebPage\",\"@id\":\"https:\/\/talkpal.ai\/tr\/urduca-dilbilgisi-alistirmalari\/\",\"url\":\"https:\/\/talkpal.ai\/tr\/urduca-dilbilgisi-alistirmalari\/\",\"name\":\"Urduca Dilbilgisi Al\u0131\u015ft\u0131rmalar\u0131 - Talkpal\",\"isPartOf\":{\"@id\":\"https:\/\/talkpal.ai\/tr\/#website\"},\"primaryImageOfPage\":{\"@id\":\"https:\/\/talkpal.ai\/tr\/urduca-dilbilgisi-alistirmalari\/#primaryimage\"},\"image\":{\"@id\":\"https:\/\/talkpal.ai\/tr\/urduca-dilbilgisi-alistirmalari\/#primaryimage\"},\"thumbnailUrl\":\"https:\/\/talkpal.ai\/wp-content\/uploads\/2023\/05\/Urdu-pakistan.png\",\"datePublished\":\"2023-07-05T10:41:01+00:00\",\"dateModified\":\"2025-12-17T15:21:20+00:00\",\"description\":\"\u0130simler, zamirler ve daha fazlas\u0131 hakk\u0131nda anlay\u0131\u015f\u0131n\u0131z\u0131 geli\u015ftirmek i\u00e7in kapsaml\u0131 Urduca dilbilgisi al\u0131\u015ft\u0131rmalar\u0131m\u0131zla Urduca'da ustala\u015f\u0131n.\",\"breadcrumb\":{\"@id\":\"https:\/\/talkpal.ai\/tr\/urduca-dilbilgisi-alistirmalari\/#breadcrumb\"},\"inLanguage\":\"tr\",\"potentialAction\":[{\"@type\":\"ReadAction\",\"target\":[\"https:\/\/talkpal.ai\/tr\/urduca-dilbilgisi-alistirmalari\/\"]}]},{\"@type\":\"ImageObject\",\"inLanguage\":\"tr\",\"@id\":\"https:\/\/talkpal.ai\/tr\/urduca-dilbilgisi-alistirmalari\/#primaryimage\",\"url\":\"https:\/\/talkpal.ai\/wp-content\/uploads\/2023\/05\/Urdu-pakistan.png\",\"contentUrl\":\"https:\/\/talkpal.ai\/wp-content\/uploads\/2023\/05\/Urdu-pakistan.png\",\"width\":512,\"height\":512},{\"@type\":\"BreadcrumbList\",\"@id\":\"https:\/\/talkpal.ai\/tr\/urduca-dilbilgisi-alistirmalari\/#breadcrumb\",\"itemListElement\":[{\"@type\":\"ListItem\",\"position\":1,\"name\":\"Homepage\",\"item\":\"https:\/\/talkpal.ai\/tr\/\"},{\"@type\":\"ListItem\",\"position\":2,\"name\":\"Urduca Dilbilgisi Al\u0131\u015ft\u0131rmalar\u0131\"}]},{\"@type\":\"WebSite\",\"@id\":\"https:\/\/talkpal.ai\/tr\/#website\",\"url\":\"https:\/\/talkpal.ai\/tr\/\",\"name\":\"Talkpal\",\"description\":\"AI Language Learning\",\"publisher\":{\"@id\":\"https:\/\/talkpal.ai\/tr\/#organization\"},\"alternateName\":\"Talkpal AI\",\"potentialAction\":[{\"@type\":\"SearchAction\",\"target\":{\"@type\":\"EntryPoint\",\"urlTemplate\":\"https:\/\/talkpal.ai\/tr\/?s={search_term_string}\"},\"query-input\":{\"@type\":\"PropertyValueSpecification\",\"valueRequired\":true,\"valueName\":\"search_term_string\"}}],\"inLanguage\":\"tr\"},{\"@type\":\"Organization\",\"@id\":\"https:\/\/talkpal.ai\/tr\/#organization\",\"name\":\"Talkpal, Inc.\",\"alternateName\":\"Talkpal AI\",\"url\":\"https:\/\/talkpal.ai\/tr\/\",\"logo\":{\"@type\":\"ImageObject\",\"inLanguage\":\"tr\",\"@id\":\"https:\/\/talkpal.ai\/tr\/#\/schema\/logo\/image\/\",\"url\":\"https:\/\/talkpal.ai\/wp-content\/uploads\/2024\/03\/Talkpal-Logo-Icon.png\",\"contentUrl\":\"https:\/\/talkpal.ai\/wp-content\/uploads\/2024\/03\/Talkpal-Logo-Icon.png\",\"width\":2880,\"height\":2880,\"caption\":\"Talkpal, Inc.\"},\"image\":{\"@id\":\"https:\/\/talkpal.ai\/tr\/#\/schema\/logo\/image\/\"},\"sameAs\":[\"https:\/\/www.facebook.com\/profile.php?id=100090733639311\",\"https:\/\/x.com\/talkpalai\",\"https:\/\/www.linkedin.com\/company\/talkpal\/\",\"https:\/\/www.youtube.com\/@TalkPal\/\",\"https:\/\/www.tiktok.com\/@talkpal\",\"https:\/\/www.instagram.com\/talkpal_ai\/\",\"https:\/\/www.crunchbase.com\/organization\/talkpal-9cde\",\"https:\/\/www.g2.com\/products\/talkpal-for-business\/\",\"https:\/\/www.trustpilot.com\/review\/talkpal.ai\",\"https:\/\/www.capterra.com\/p\/10006800\/TalkPal\/\"],\"description\":\"Talkpal is a language learning web and mobile education app, powered by the latest AI technologies, that provides engaging experiences to its customers in many different languages to help them improve their language skills. Users can chat about unlimited amount of topics with the app and use other modes to practice their language learning.\",\"email\":\"support@talkpal.ai\",\"legalName\":\"Talkpal, Inc.\",\"foundingDate\":\"2023-04-03\",\"duns\":\"118989042\",\"numberOfEmployees\":{\"@type\":\"QuantitativeValue\",\"minValue\":\"11\",\"maxValue\":\"50\"},\"publishingPrinciples\":\"https:\/\/talkpal.ai\/publishing-principles\/\",\"actionableFeedbackPolicy\":\"https:\/\/talkpal.ai\/actionable-feedback-policy\/\",\"correctionsPolicy\":\"https:\/\/talkpal.ai\/corrections-policy\/\",\"ethicsPolicy\":\"https:\/\/talkpal.ai\/ethics-policy\/\",\"diversityPolicy\":\"https:\/\/talkpal.ai\/diversity-policy\/\",\"diversityStaffingReport\":\"https:\/\/talkpal.ai\/diversity-policy\/\"}]}<\/script>\n<!-- \/ Yoast SEO Premium plugin. -->","yoast_head_json":{"title":"Urduca Dilbilgisi Al\u0131\u015ft\u0131rmalar\u0131 - Talkpal","description":"\u0130simler, zamirler ve daha fazlas\u0131 hakk\u0131nda anlay\u0131\u015f\u0131n\u0131z\u0131 geli\u015ftirmek i\u00e7in kapsaml\u0131 Urduca dilbilgisi al\u0131\u015ft\u0131rmalar\u0131m\u0131zla Urduca'da ustala\u015f\u0131n.","robots":{"index":"index","follow":"follow","max-snippet":"max-snippet:-1","max-image-preview":"max-image-preview:large","max-video-preview":"max-video-preview:-1"},"canonical":"https:\/\/talkpal.ai\/tr\/urduca-dilbilgisi-alistirmalari\/","og_locale":"tr_TR","og_type":"article","og_title":"Urduca Dilbilgisi Al\u0131\u015ft\u0131rmalar\u0131","og_description":"Urduca Dilbilgisi Konular\u0131 \u00c7e\u015fitli ifadeler, derin anlamlar ve karma\u015f\u0131k bir gramer yap\u0131s\u0131 ile zenginle\u015ftirilmi\u015f bir dil olan Urduca \u00f6\u011frenmek b\u00fcy\u00fcleyici","og_url":"https:\/\/talkpal.ai\/tr\/urduca-dilbilgisi-alistirmalari\/","og_site_name":"Talkpal","article_publisher":"https:\/\/www.facebook.com\/profile.php?id=100090733639311","article_modified_time":"2025-12-17T15:21:20+00:00","og_image":[{"width":512,"height":512,"url":"https:\/\/talkpal.ai\/wp-content\/uploads\/2023\/05\/Urdu-pakistan.png","type":"image\/png"}],"twitter_card":"summary_large_image","twitter_site":"@talkpalai","twitter_misc":{"Tahmini okuma s\u00fcresi":"2 dakika"},"schema":{"@context":"https:\/\/schema.org","@graph":[{"@type":"WebPage","@id":"https:\/\/talkpal.ai\/tr\/urduca-dilbilgisi-alistirmalari\/","url":"https:\/\/talkpal.ai\/tr\/urduca-dilbilgisi-alistirmalari\/","name":"Urduca Dilbilgisi Al\u0131\u015ft\u0131rmalar\u0131 - Talkpal","isPartOf":{"@id":"https:\/\/talkpal.ai\/tr\/#website"},"primaryImageOfPage":{"@id":"https:\/\/talkpal.ai\/tr\/urduca-dilbilgisi-alistirmalari\/#primaryimage"},"image":{"@id":"https:\/\/talkpal.ai\/tr\/urduca-dilbilgisi-alistirmalari\/#primaryimage"},"thumbnailUrl":"https:\/\/talkpal.ai\/wp-content\/uploads\/2023\/05\/Urdu-pakistan.png","datePublished":"2023-07-05T10:41:01+00:00","dateModified":"2025-12-17T15:21:20+00:00","description":"\u0130simler, zamirler ve daha fazlas\u0131 hakk\u0131nda anlay\u0131\u015f\u0131n\u0131z\u0131 geli\u015ftirmek i\u00e7in kapsaml\u0131 Urduca dilbilgisi al\u0131\u015ft\u0131rmalar\u0131m\u0131zla Urduca'da ustala\u015f\u0131n.","breadcrumb":{"@id":"https:\/\/talkpal.ai\/tr\/urduca-dilbilgisi-alistirmalari\/#breadcrumb"},"inLanguage":"tr","potentialAction":[{"@type":"ReadAction","target":["https:\/\/talkpal.ai\/tr\/urduca-dilbilgisi-alistirmalari\/"]}]},{"@type":"ImageObject","inLanguage":"tr","@id":"https:\/\/talkpal.ai\/tr\/urduca-dilbilgisi-alistirmalari\/#primaryimage","url":"https:\/\/talkpal.ai\/wp-content\/uploads\/2023\/05\/Urdu-pakistan.png","contentUrl":"https:\/\/talkpal.ai\/wp-content\/uploads\/2023\/05\/Urdu-pakistan.png","width":512,"height":512},{"@type":"BreadcrumbList","@id":"https:\/\/talkpal.ai\/tr\/urduca-dilbilgisi-alistirmalari\/#breadcrumb","itemListElement":[{"@type":"ListItem","position":1,"name":"Homepage","item":"https:\/\/talkpal.ai\/tr\/"},{"@type":"ListItem","position":2,"name":"Urduca Dilbilgisi Al\u0131\u015ft\u0131rmalar\u0131"}]},{"@type":"WebSite","@id":"https:\/\/talkpal.ai\/tr\/#website","url":"https:\/\/talkpal.ai\/tr\/","name":"Talkpal","description":"AI Language Learning","publisher":{"@id":"https:\/\/talkpal.ai\/tr\/#organization"},"alternateName":"Talkpal AI","potentialAction":[{"@type":"SearchAction","target":{"@type":"EntryPoint","urlTemplate":"https:\/\/talkpal.ai\/tr\/?s={search_term_string}"},"query-input":{"@type":"PropertyValueSpecification","valueRequired":true,"valueName":"search_term_string"}}],"inLanguage":"tr"},{"@type":"Organization","@id":"https:\/\/talkpal.ai\/tr\/#organization","name":"Talkpal, Inc.","alternateName":"Talkpal AI","url":"https:\/\/talkpal.ai\/tr\/","logo":{"@type":"ImageObject","inLanguage":"tr","@id":"https:\/\/talkpal.ai\/tr\/#\/schema\/logo\/image\/","url":"https:\/\/talkpal.ai\/wp-content\/uploads\/2024\/03\/Talkpal-Logo-Icon.png","contentUrl":"https:\/\/talkpal.ai\/wp-content\/uploads\/2024\/03\/Talkpal-Logo-Icon.png","width":2880,"height":2880,"caption":"Talkpal, Inc."},"image":{"@id":"https:\/\/talkpal.ai\/tr\/#\/schema\/logo\/image\/"},"sameAs":["https:\/\/www.facebook.com\/profile.php?id=100090733639311","https:\/\/x.com\/talkpalai","https:\/\/www.linkedin.com\/company\/talkpal\/","https:\/\/www.youtube.com\/@TalkPal\/","https:\/\/www.tiktok.com\/@talkpal","https:\/\/www.instagram.com\/talkpal_ai\/","https:\/\/www.crunchbase.com\/organization\/talkpal-9cde","https:\/\/www.g2.com\/products\/talkpal-for-business\/","https:\/\/www.trustpilot.com\/review\/talkpal.ai","https:\/\/www.capterra.com\/p\/10006800\/TalkPal\/"],"description":"Talkpal is a language learning web and mobile education app, powered by the latest AI technologies, that provides engaging experiences to its customers in many different languages to help them improve their language skills. Users can chat about unlimited amount of topics with the app and use other modes to practice their language learning.","email":"support@talkpal.ai","legalName":"Talkpal, Inc.","foundingDate":"2023-04-03","duns":"118989042","numberOfEmployees":{"@type":"QuantitativeValue","minValue":"11","maxValue":"50"},"publishingPrinciples":"https:\/\/talkpal.ai\/publishing-principles\/","actionableFeedbackPolicy":"https:\/\/talkpal.ai\/actionable-feedback-policy\/","correctionsPolicy":"https:\/\/talkpal.ai\/corrections-policy\/","ethicsPolicy":"https:\/\/talkpal.ai\/ethics-policy\/","diversityPolicy":"https:\/\/talkpal.ai\/diversity-policy\/","diversityStaffingReport":"https:\/\/talkpal.ai\/diversity-policy\/"}]}},"_links":{"self":[{"href":"https:\/\/talkpal.ai\/tr\/wp-json\/wp\/v2\/pages\/155122","targetHints":{"allow":["GET"]}}],"collection":[{"href":"https:\/\/talkpal.ai\/tr\/wp-json\/wp\/v2\/pages"}],"about":[{"href":"https:\/\/talkpal.ai\/tr\/wp-json\/wp\/v2\/types\/page"}],"author":[{"embeddable":true,"href":"https:\/\/talkpal.ai\/tr\/wp-json\/wp\/v2\/users\/6"}],"replies":[{"embeddable":true,"href":"https:\/\/talkpal.ai\/tr\/wp-json\/wp\/v2\/comments?post=155122"}],"version-history":[{"count":0,"href":"https:\/\/talkpal.ai\/tr\/wp-json\/wp\/v2\/pages\/155122\/revisions"}],"wp:featuredmedia":[{"embeddable":true,"href":"https:\/\/talkpal.ai\/tr\/wp-json\/wp\/v2\/media\/121410"}],"wp:attachment":[{"href":"https:\/\/talkpal.ai\/tr\/wp-json\/wp\/v2\/media?parent=155122"}],"curies":[{"name":"wp","href":"https:\/\/api.w.org\/{rel}","templated":true}]}}