{"id":154239,"date":"2023-06-16T11:18:42","date_gmt":"2023-06-16T11:18:42","guid":{"rendered":"http:\/\/talkpal.ai\/afrikanca-dilbilgisi-alistirmalari\/"},"modified":"2025-05-23T14:05:51","modified_gmt":"2025-05-23T14:05:51","slug":"afrikanca-dilbilgisi-alistirmalari","status":"publish","type":"page","link":"https:\/\/talkpal.ai\/tr\/afrikanca-dilbilgisi-alistirmalari\/","title":{"rendered":"Afrikanca Dilbilgisi Al\u0131\u015ft\u0131rmalar\u0131"},"content":{"rendered":"\r\n\r\n\r\n<section class=\"languageChallengeSection\">\r\n    <div class=\"languageInfoWrapper\">\r\n        \r\n        <h1>Afrikanca Dilbilgisi Al\u0131\u015ft\u0131rmalar\u0131<\/h1>\r\n        <p>Afrikanca becerilerinizi geli\u015ftirmeye haz\u0131r m\u0131s\u0131n\u0131z? Dilbilgisi al\u0131\u015ft\u0131rmalar\u0131 yapmak, c\u00fcmle yap\u0131s\u0131, fiil formlar\u0131 ve Afrikaans dilinin benzersiz \u00f6zelliklerine hakim olmak i\u00e7in harika bir yoldur. <a href=\"https:\/\/talkpal.ai\/es\/gramatica-afrikaans\/\">Afrikanca dilbilgisi<\/a> \u00fczerinde \u00e7al\u0131\u015fmaya bug\u00fcn ba\u015flay\u0131n ve her al\u0131\u015ft\u0131rmada kendinize olan g\u00fcveninizin ve ak\u0131c\u0131l\u0131\u011f\u0131n\u0131z\u0131n artmas\u0131n\u0131 izleyin!\n\n<\/p>\r\n\r\n                            <a class=\"getStartedHidden\" href=\"https:\/\/app.talkpal.ai\/tr\/signup?lng=\">Hadi ba\u015fla<\/a>\r\n        \r\n    <\/div>\r\n\r\n    <figure>\r\n    <img decoding=\"async\" width=\"768\" height=\"768\" src=\"https:\/\/talkpal.ai\/wp-content\/uploads\/2023\/06\/afrikaans-768x768.png\" class=\"languageImage no-lazy\" alt=\"Language learning for improved focus\" fetchpriority=\"high\" sizes=\"(max-width: 768px) 150px, 768px\" srcset=\"https:\/\/talkpal.ai\/wp-content\/uploads\/2023\/06\/afrikaans-768x768.png 768w, https:\/\/talkpal.ai\/wp-content\/uploads\/2023\/06\/afrikaans-300x300.png 300w\" \/>\r\n    \r\n\r\n    <\/figure>\r\n\r\n            <a class=\"getStartedVisible\" href=\"https:\/\/app.talkpal.ai\/tr\/signup?lng=\">Hadi ba\u015fla<\/a>\r\n    \r\n<\/section>\r\n\r\n\r\n<!-- <section class=\"grammarSection\">\r\n    <div class=\"grammarLinks\">\r\n            <\/div>\r\n<\/section> -->\r\n\r\n\r\n\r\n\r\n<section class=\"promotionalBanner\">\r\n    <p class=\"promotionalText\">Dil \u00f6\u011frenmenin en etkili yolu<\/p>\r\n    <a class=\"promotionalLink\" href=\"https:\/\/app.talkpal.ai\/tr\/signup?lng=\">Talkpal \u00fccretsiz deneyin<\/a>\r\n<\/section>\n<div class=\"wp-block-group pageContainerStyle\"><div class=\"wp-block-group__inner-container is-layout-constrained wp-block-group-is-layout-constrained\">\n<h2 class=\"wp-block-heading\" id=\"h-afrikaans-grammar-topics\">Afrikanca Dilbilgisi Konular\u0131<\/h2>\n\n\n\n<p>Bir Bat\u0131 Cermen dili olan Afrikaanca, G\u00fcney Afrika&#8217;n\u0131n on bir resmi dilinden biridir ve yakla\u015f\u0131k 6 milyon ki\u015fi taraf\u0131ndan konu\u015fulmaktad\u0131r. Afrikaanca \u00f6\u011frenmek, yaln\u0131zca G\u00fcney Afrika&#8217;da de\u011fil, Namibya&#8217;da ve daha az \u00f6l\u00e7\u00fcde Zimbabve ve Botsvana&#8217;da da konu\u015fuldu\u011fu i\u00e7in zenginle\u015ftirici ve \u00f6d\u00fcllendirici bir deneyim olabilir. Basitle\u015ftirilmi\u015f bir dilbilgisine sahip oldu\u011fu ve \u0130ngilizce ve Hollandaca ile bir\u00e7ok kelimeyi payla\u015ft\u0131\u011f\u0131 i\u00e7in dilin \u00f6\u011frenilmesi \u00f6zellikle \u0130ngilizce konu\u015fanlar i\u00e7in nispeten kolayd\u0131r. Bu k\u0131lavuzda, dili ak\u0131c\u0131 bir \u015fekilde konu\u015fmak ve anlamak i\u00e7in ustala\u015fman\u0131z gereken temel Afrikanca dilbilgisi konular\u0131n\u0131 ele alaca\u011f\u0131z.<\/p>\n\n\n\n<h3 class=\"wp-block-heading\" id=\"h-1-nouns-and-articles\">1. \u0130simler ve Makaleler:<\/h3>\n\n\n\n<p>Afrikaanca&#8217;da isimlerin cinsiyeti yoktur, bu da di\u011fer Cermen dillerine k\u0131yasla \u00f6\u011frenmeyi kolayla\u015ft\u0131r\u0131r. Artikeller de basittir; &#8216;die&#8217; belirli artikel, &#8216;n&#8217; veya &#8216;een&#8217; ise belirsiz artikeldir.<\/p>\n\n\n\n<h3 class=\"wp-block-heading\" id=\"h-2-pronouns-determiners\">2. Zamirler\/Belirleyiciler:<\/h3>\n\n\n\n<p>Zamirler, isimlerin yerini alan ve bir c\u00fcmlede tekrardan ka\u00e7\u0131nmaya yard\u0131mc\u0131 olan kelimelerdir. Afrikaanca, c\u00fcmle kurmada gerekli olan ki\u015fisel, iyelik, g\u00f6sterici ve soru zamirlerine sahiptir.<\/p>\n\n\n\n<h3 class=\"wp-block-heading\" id=\"h-3-adjectives\">3. S\u0131fatlar:<\/h3>\n\n\n\n<p>S\u0131fatlar isimleri tan\u0131mlar veya de\u011fi\u015ftirir. Afrikaanca&#8217;da genellikle isimden \u00f6nce gelirler ve onunla say\u0131 olarak anla\u015f\u0131rlar. Cinsiyet anla\u015fmas\u0131 yoktur, bu da \u00f6\u011frenmeyi kolayla\u015ft\u0131r\u0131r.<\/p>\n\n\n\n<h3 class=\"wp-block-heading\" id=\"h-4-verbs\">4. Fiiller:<\/h3>\n\n\n\n<p>Fiiller eylem s\u00f6zc\u00fckleridir ve c\u00fcmle kurmada esast\u0131r. Afrikanca&#8217;da fiiller \u00f6zneye g\u00f6re \u00e7ekimlenmez, bu da \u00f6\u011frenmeyi di\u011fer dillerden daha kolay hale getirir. D\u00fczenli fiiller basit bir kal\u0131b\u0131 takip ederken, d\u00fczensiz fiillerin ezberlenmesi gerekir.<\/p>\n\n\n\n<h3 class=\"wp-block-heading\" id=\"h-5-tenses-and-tense-comparison\">5. Zaman ve Zaman Kar\u015f\u0131la\u015ft\u0131rmas\u0131:<\/h3>\n\n\n\n<p>Afrikaanca&#8217;n\u0131n \u00fc\u00e7 ana zaman\u0131 vard\u0131r: ge\u00e7mi\u015f, \u015fimdi ve gelecek. Bu zamanlar\u0131n nas\u0131l olu\u015fturulaca\u011f\u0131n\u0131 ve kar\u015f\u0131la\u015ft\u0131r\u0131laca\u011f\u0131n\u0131 \u00f6\u011frenmek, dili anlamak ve konu\u015fmak i\u00e7in \u00e7ok \u00f6nemlidir.<\/p>\n\n\n\n<h3 class=\"wp-block-heading\" id=\"h-6-progressive-and-perfect-progressive\">6. \u0130lerici ve M\u00fckemmel \u0130lerici:<\/h3>\n\n\n\n<p>A\u015famal\u0131 zaman, devam eden eylemleri tan\u0131mlamak i\u00e7in kullan\u0131l\u0131rken, m\u00fckemmel ilerici, tamamlanm\u0131\u015f eylemleri g\u00f6sterir. Bu zamanlar\u0131 \u00f6\u011frenmek, eylemleri net bir \u015fekilde ifade etmeye yard\u0131mc\u0131 olur.<\/p>\n\n\n\n<h3 class=\"wp-block-heading\" id=\"h-7-adverbs\">7. Zarflar:<\/h3>\n\n\n\n<p>Zarflar fiilleri, s\u0131fatlar\u0131 veya di\u011fer zarflar\u0131 de\u011fi\u015ftirerek eylem, nitelik veya tarz hakk\u0131nda daha fazla bilgi sa\u011flar. C\u00fcmlelerinize detay katmak i\u00e7in \u00f6nemlidirler.<\/p>\n\n\n\n<h3 class=\"wp-block-heading\" id=\"h-8-prepositions\">8. Edatlar:<\/h3>\n\n\n\n<p>Edatlar, isimler veya zamirler ile c\u00fcmledeki di\u011fer kelimeler aras\u0131ndaki ili\u015fkiyi g\u00f6steren kelimelerdir. Konum, y\u00f6n, zaman ve di\u011fer ili\u015fkileri ifade etmek i\u00e7in \u00e7ok \u00f6nemlidirler.<\/p>\n\n\n\n<h3 class=\"wp-block-heading\" id=\"h-9-conditionals\">9. Ko\u015fullar:<\/h3>\n\n\n\n<p>Ko\u015fullu c\u00fcmleler, bir ko\u015fulun yerine getirilmesine ba\u011fl\u0131 olan bir eylemi veya durumu ifade eder. Ko\u015fullar\u0131 \u00f6\u011frenmek, varsay\u0131msal durumlar\u0131 ve sonu\u00e7lar\u0131 ifade etmenize yard\u0131mc\u0131 olur.<\/p>\n\n\n\n<h3 class=\"wp-block-heading\" id=\"h-10-sentences\">10. C\u00fcmleler:<\/h3>\n\n\n\n<p>Afrikanca c\u00fcmlelerin yap\u0131s\u0131n\u0131 anlamak, kendi c\u00fcmlelerinizi olu\u015fturmak ve ba\u015fkalar\u0131n\u0131n ne dedi\u011fini anlamak i\u00e7in \u00e7ok \u00f6nemlidir. Yukar\u0131da bahsedilen t\u00fcm dilbilgisi bile\u015fenlerini nas\u0131l kullanaca\u011f\u0131n\u0131z\u0131 bilmek, net ve tutarl\u0131 c\u00fcmleler olu\u015fturman\u0131za yard\u0131mc\u0131 olacakt\u0131r.<\/p>\n<\/div><\/div>\n\r\n<section class=\"learnNavigationSection\">\r\n            \r\n        <a href=\"https:\/\/talkpal.ai\/tr\/afrikanca-ogren\/\">\r\n            <div class=\"learnNavigationWrapper\">\r\n                <div class=\"learnNavigationContent\">\r\n                    <img decoding=\"async\" src=\"https:\/\/talkpal.ai\/wp-content\/uploads\/2024\/08\/Afrikaans.jpg\" alt=\"South Africa Flag\">\r\n                    <div>\r\n                        <h4>Afrikaans Learning Hakk\u0131nda<\/h4>\r\n                        <p>Afrikanca dilbilgisi hakk\u0131nda her \u015feyi \u00f6\u011frenin .<\/p>\r\n                    <\/div>\r\n                <\/div>\r\n            <\/div>\r\n        <\/a>\r\n\r\n        \r\n        <a href=\"https:\/\/talkpal.ai\/tr\/afrikanca-dilbilgisi\/\">\r\n            <div class=\"learnNavigationWrapper\">\r\n                <div class=\"learnNavigationContent\">\r\n                    <img decoding=\"async\" src=\"https:\/\/talkpal.ai\/wp-content\/uploads\/2024\/08\/Afrikaans.jpg\" alt=\"South Africa Flag\">\r\n                    <div>\r\n                        <h4>Afrikanca Gramer Dersleri<\/h4>\r\n                        <p>Afrikanca dilbilgisi al\u0131\u015ft\u0131rmas\u0131 yap\u0131n .<\/p>\r\n                    <\/div>\r\n                <\/div>\r\n            <\/div>\r\n        <\/a>\r\n\r\n        \r\n        <a href=\"https:\/\/talkpal.ai\/vocabulary_language\/afrikaans\/\">\r\n            <div class=\"learnNavigationWrapper\">\r\n                <div class=\"learnNavigationContent\">\r\n                    <img decoding=\"async\" src=\"https:\/\/talkpal.ai\/wp-content\/uploads\/2024\/08\/Afrikaans.jpg\" alt=\"South Africa Flag\">\r\n                    <div>\r\n                        <h4>Afrikanca Kelime Bilgisi<\/h4>\r\n                        <p>Afrikanca kelime da\u011farc\u0131\u011f\u0131n\u0131z\u0131 geni\u015fletin.<\/p>\r\n                    <\/div>\r\n                <\/div>\r\n            <\/div>\r\n        <\/a>\r\n\r\n            <\/section>","protected":false},"excerpt":{"rendered":"<p>Afrikanca Dilbilgisi Konular\u0131 Bir Bat\u0131 Cermen dili olan Afrikaanca, G\u00fcney Afrika&#8217;n\u0131n on bir resmi dilinden biridir ve yakla\u015f\u0131k 6 milyon ki\u015fi taraf\u0131ndan konu\u015fulmaktad\u0131r. Afrikaanca \u00f6\u011frenmek, yaln\u0131zca G\u00fcney Afrika&#8217;da de\u011fil, Namibya&#8217;da ve daha az \u00f6l\u00e7\u00fcde Zimbabve ve Botsvana&#8217;da da konu\u015fuldu\u011fu i\u00e7in zenginle\u015ftirici ve \u00f6d\u00fcllendirici bir deneyim olabilir. Basitle\u015ftirilmi\u015f bir dilbilgisine sahip oldu\u011fu ve \u0130ngilizce ve Hollandaca [&hellip;]<\/p>\n","protected":false},"author":6,"featured_media":108848,"parent":0,"menu_order":0,"comment_status":"closed","ping_status":"closed","template":"LearningContentPage.php","meta":{"_acf_changed":false,"footnotes":""},"class_list":["post-154239","page","type-page","status-publish","has-post-thumbnail","hentry"],"acf":[],"yoast_head":"<!-- This site is optimized with the Yoast SEO Premium plugin v27.2 (Yoast SEO v27.2) - https:\/\/yoast.com\/product\/yoast-seo-premium-wordpress\/ -->\n<title>Afrikanca Dilbilgisi Al\u0131\u015ft\u0131rmalar\u0131 - Talkpal<\/title>\n<meta name=\"description\" content=\"Dil becerilerinizi ve ak\u0131c\u0131l\u0131\u011f\u0131n\u0131z\u0131 geli\u015ftirmek i\u00e7in tasarlanm\u0131\u015f ilgi \u00e7ekici Afrikanca Dilbilgisi Al\u0131\u015ft\u0131rmalar\u0131 ile Afrikanca&#039;da ustala\u015f\u0131n.\" \/>\n<meta name=\"robots\" content=\"index, follow, max-snippet:-1, max-image-preview:large, max-video-preview:-1\" \/>\n<link rel=\"canonical\" href=\"https:\/\/talkpal.ai\/tr\/afrikanca-dilbilgisi-alistirmalari\/\" \/>\n<meta property=\"og:locale\" content=\"tr_TR\" \/>\n<meta property=\"og:type\" content=\"article\" \/>\n<meta property=\"og:title\" content=\"Afrikanca Dilbilgisi Al\u0131\u015ft\u0131rmalar\u0131\" \/>\n<meta property=\"og:description\" content=\"Afrikanca Dilbilgisi Konular\u0131 Bir Bat\u0131 Cermen dili olan Afrikaanca, G\u00fcney Afrika&#039;n\u0131n on bir resmi dilinden biridir ve yakla\u015f\u0131k 6 milyon ki\u015fi taraf\u0131ndan\" \/>\n<meta property=\"og:url\" content=\"https:\/\/talkpal.ai\/tr\/afrikanca-dilbilgisi-alistirmalari\/\" \/>\n<meta property=\"og:site_name\" content=\"Talkpal\" \/>\n<meta property=\"article:publisher\" content=\"https:\/\/www.facebook.com\/profile.php?id=100090733639311\" \/>\n<meta property=\"article:modified_time\" content=\"2025-05-23T14:05:51+00:00\" \/>\n<meta property=\"og:image\" content=\"https:\/\/talkpal.ai\/wp-content\/uploads\/2023\/05\/south-africa.png\" \/>\n\t<meta property=\"og:image:width\" content=\"512\" \/>\n\t<meta property=\"og:image:height\" content=\"512\" \/>\n\t<meta property=\"og:image:type\" content=\"image\/png\" \/>\n<meta name=\"twitter:card\" content=\"summary_large_image\" \/>\n<meta name=\"twitter:site\" content=\"@talkpalai\" \/>\n<meta name=\"twitter:label1\" content=\"Tahmini okuma s\u00fcresi\" \/>\n\t<meta name=\"twitter:data1\" content=\"2 dakika\" \/>\n<script type=\"application\/ld+json\" class=\"yoast-schema-graph\">{\"@context\":\"https:\/\/schema.org\",\"@graph\":[{\"@type\":\"WebPage\",\"@id\":\"https:\/\/talkpal.ai\/tr\/afrikanca-dilbilgisi-alistirmalari\/\",\"url\":\"https:\/\/talkpal.ai\/tr\/afrikanca-dilbilgisi-alistirmalari\/\",\"name\":\"Afrikanca Dilbilgisi Al\u0131\u015ft\u0131rmalar\u0131 - Talkpal\",\"isPartOf\":{\"@id\":\"https:\/\/talkpal.ai\/tr\/#website\"},\"primaryImageOfPage\":{\"@id\":\"https:\/\/talkpal.ai\/tr\/afrikanca-dilbilgisi-alistirmalari\/#primaryimage\"},\"image\":{\"@id\":\"https:\/\/talkpal.ai\/tr\/afrikanca-dilbilgisi-alistirmalari\/#primaryimage\"},\"thumbnailUrl\":\"https:\/\/talkpal.ai\/wp-content\/uploads\/2023\/05\/south-africa.png\",\"datePublished\":\"2023-06-16T11:18:42+00:00\",\"dateModified\":\"2025-05-23T14:05:51+00:00\",\"description\":\"Dil becerilerinizi ve ak\u0131c\u0131l\u0131\u011f\u0131n\u0131z\u0131 geli\u015ftirmek i\u00e7in tasarlanm\u0131\u015f ilgi \u00e7ekici Afrikanca Dilbilgisi Al\u0131\u015ft\u0131rmalar\u0131 ile Afrikanca'da ustala\u015f\u0131n.\",\"breadcrumb\":{\"@id\":\"https:\/\/talkpal.ai\/tr\/afrikanca-dilbilgisi-alistirmalari\/#breadcrumb\"},\"inLanguage\":\"tr\",\"potentialAction\":[{\"@type\":\"ReadAction\",\"target\":[\"https:\/\/talkpal.ai\/tr\/afrikanca-dilbilgisi-alistirmalari\/\"]}]},{\"@type\":\"ImageObject\",\"inLanguage\":\"tr\",\"@id\":\"https:\/\/talkpal.ai\/tr\/afrikanca-dilbilgisi-alistirmalari\/#primaryimage\",\"url\":\"https:\/\/talkpal.ai\/wp-content\/uploads\/2023\/05\/south-africa.png\",\"contentUrl\":\"https:\/\/talkpal.ai\/wp-content\/uploads\/2023\/05\/south-africa.png\",\"width\":512,\"height\":512},{\"@type\":\"BreadcrumbList\",\"@id\":\"https:\/\/talkpal.ai\/tr\/afrikanca-dilbilgisi-alistirmalari\/#breadcrumb\",\"itemListElement\":[{\"@type\":\"ListItem\",\"position\":1,\"name\":\"Homepage\",\"item\":\"https:\/\/talkpal.ai\/tr\/\"},{\"@type\":\"ListItem\",\"position\":2,\"name\":\"Afrikanca Dilbilgisi Al\u0131\u015ft\u0131rmalar\u0131\"}]},{\"@type\":\"WebSite\",\"@id\":\"https:\/\/talkpal.ai\/tr\/#website\",\"url\":\"https:\/\/talkpal.ai\/tr\/\",\"name\":\"Talkpal\",\"description\":\"AI Language Learning\",\"publisher\":{\"@id\":\"https:\/\/talkpal.ai\/tr\/#organization\"},\"alternateName\":\"Talkpal AI\",\"potentialAction\":[{\"@type\":\"SearchAction\",\"target\":{\"@type\":\"EntryPoint\",\"urlTemplate\":\"https:\/\/talkpal.ai\/tr\/?s={search_term_string}\"},\"query-input\":{\"@type\":\"PropertyValueSpecification\",\"valueRequired\":true,\"valueName\":\"search_term_string\"}}],\"inLanguage\":\"tr\"},{\"@type\":\"Organization\",\"@id\":\"https:\/\/talkpal.ai\/tr\/#organization\",\"name\":\"Talkpal, Inc.\",\"alternateName\":\"Talkpal AI\",\"url\":\"https:\/\/talkpal.ai\/tr\/\",\"logo\":{\"@type\":\"ImageObject\",\"inLanguage\":\"tr\",\"@id\":\"https:\/\/talkpal.ai\/tr\/#\/schema\/logo\/image\/\",\"url\":\"https:\/\/talkpal.ai\/wp-content\/uploads\/2024\/03\/Talkpal-Logo-Icon.png\",\"contentUrl\":\"https:\/\/talkpal.ai\/wp-content\/uploads\/2024\/03\/Talkpal-Logo-Icon.png\",\"width\":2880,\"height\":2880,\"caption\":\"Talkpal, Inc.\"},\"image\":{\"@id\":\"https:\/\/talkpal.ai\/tr\/#\/schema\/logo\/image\/\"},\"sameAs\":[\"https:\/\/www.facebook.com\/profile.php?id=100090733639311\",\"https:\/\/x.com\/talkpalai\",\"https:\/\/www.linkedin.com\/company\/talkpal\/\",\"https:\/\/www.youtube.com\/@TalkPal\/\",\"https:\/\/www.tiktok.com\/@talkpal\",\"https:\/\/www.instagram.com\/talkpal_ai\/\",\"https:\/\/www.crunchbase.com\/organization\/talkpal-9cde\",\"https:\/\/www.g2.com\/products\/talkpal-for-business\/\",\"https:\/\/www.trustpilot.com\/review\/talkpal.ai\",\"https:\/\/www.capterra.com\/p\/10006800\/TalkPal\/\"],\"description\":\"Talkpal is a language learning web and mobile education app, powered by the latest AI technologies, that provides engaging experiences to its customers in many different languages to help them improve their language skills. Users can chat about unlimited amount of topics with the app and use other modes to practice their language learning.\",\"email\":\"support@talkpal.ai\",\"legalName\":\"Talkpal, Inc.\",\"foundingDate\":\"2023-04-03\",\"duns\":\"118989042\",\"numberOfEmployees\":{\"@type\":\"QuantitativeValue\",\"minValue\":\"11\",\"maxValue\":\"50\"},\"publishingPrinciples\":\"https:\/\/talkpal.ai\/publishing-principles\/\",\"actionableFeedbackPolicy\":\"https:\/\/talkpal.ai\/actionable-feedback-policy\/\",\"correctionsPolicy\":\"https:\/\/talkpal.ai\/corrections-policy\/\",\"ethicsPolicy\":\"https:\/\/talkpal.ai\/ethics-policy\/\",\"diversityPolicy\":\"https:\/\/talkpal.ai\/diversity-policy\/\",\"diversityStaffingReport\":\"https:\/\/talkpal.ai\/diversity-policy\/\"}]}<\/script>\n<!-- \/ Yoast SEO Premium plugin. -->","yoast_head_json":{"title":"Afrikanca Dilbilgisi Al\u0131\u015ft\u0131rmalar\u0131 - Talkpal","description":"Dil becerilerinizi ve ak\u0131c\u0131l\u0131\u011f\u0131n\u0131z\u0131 geli\u015ftirmek i\u00e7in tasarlanm\u0131\u015f ilgi \u00e7ekici Afrikanca Dilbilgisi Al\u0131\u015ft\u0131rmalar\u0131 ile Afrikanca'da ustala\u015f\u0131n.","robots":{"index":"index","follow":"follow","max-snippet":"max-snippet:-1","max-image-preview":"max-image-preview:large","max-video-preview":"max-video-preview:-1"},"canonical":"https:\/\/talkpal.ai\/tr\/afrikanca-dilbilgisi-alistirmalari\/","og_locale":"tr_TR","og_type":"article","og_title":"Afrikanca Dilbilgisi Al\u0131\u015ft\u0131rmalar\u0131","og_description":"Afrikanca Dilbilgisi Konular\u0131 Bir Bat\u0131 Cermen dili olan Afrikaanca, G\u00fcney Afrika'n\u0131n on bir resmi dilinden biridir ve yakla\u015f\u0131k 6 milyon ki\u015fi taraf\u0131ndan","og_url":"https:\/\/talkpal.ai\/tr\/afrikanca-dilbilgisi-alistirmalari\/","og_site_name":"Talkpal","article_publisher":"https:\/\/www.facebook.com\/profile.php?id=100090733639311","article_modified_time":"2025-05-23T14:05:51+00:00","og_image":[{"width":512,"height":512,"url":"https:\/\/talkpal.ai\/wp-content\/uploads\/2023\/05\/south-africa.png","type":"image\/png"}],"twitter_card":"summary_large_image","twitter_site":"@talkpalai","twitter_misc":{"Tahmini okuma s\u00fcresi":"2 dakika"},"schema":{"@context":"https:\/\/schema.org","@graph":[{"@type":"WebPage","@id":"https:\/\/talkpal.ai\/tr\/afrikanca-dilbilgisi-alistirmalari\/","url":"https:\/\/talkpal.ai\/tr\/afrikanca-dilbilgisi-alistirmalari\/","name":"Afrikanca Dilbilgisi Al\u0131\u015ft\u0131rmalar\u0131 - Talkpal","isPartOf":{"@id":"https:\/\/talkpal.ai\/tr\/#website"},"primaryImageOfPage":{"@id":"https:\/\/talkpal.ai\/tr\/afrikanca-dilbilgisi-alistirmalari\/#primaryimage"},"image":{"@id":"https:\/\/talkpal.ai\/tr\/afrikanca-dilbilgisi-alistirmalari\/#primaryimage"},"thumbnailUrl":"https:\/\/talkpal.ai\/wp-content\/uploads\/2023\/05\/south-africa.png","datePublished":"2023-06-16T11:18:42+00:00","dateModified":"2025-05-23T14:05:51+00:00","description":"Dil becerilerinizi ve ak\u0131c\u0131l\u0131\u011f\u0131n\u0131z\u0131 geli\u015ftirmek i\u00e7in tasarlanm\u0131\u015f ilgi \u00e7ekici Afrikanca Dilbilgisi Al\u0131\u015ft\u0131rmalar\u0131 ile Afrikanca'da ustala\u015f\u0131n.","breadcrumb":{"@id":"https:\/\/talkpal.ai\/tr\/afrikanca-dilbilgisi-alistirmalari\/#breadcrumb"},"inLanguage":"tr","potentialAction":[{"@type":"ReadAction","target":["https:\/\/talkpal.ai\/tr\/afrikanca-dilbilgisi-alistirmalari\/"]}]},{"@type":"ImageObject","inLanguage":"tr","@id":"https:\/\/talkpal.ai\/tr\/afrikanca-dilbilgisi-alistirmalari\/#primaryimage","url":"https:\/\/talkpal.ai\/wp-content\/uploads\/2023\/05\/south-africa.png","contentUrl":"https:\/\/talkpal.ai\/wp-content\/uploads\/2023\/05\/south-africa.png","width":512,"height":512},{"@type":"BreadcrumbList","@id":"https:\/\/talkpal.ai\/tr\/afrikanca-dilbilgisi-alistirmalari\/#breadcrumb","itemListElement":[{"@type":"ListItem","position":1,"name":"Homepage","item":"https:\/\/talkpal.ai\/tr\/"},{"@type":"ListItem","position":2,"name":"Afrikanca Dilbilgisi Al\u0131\u015ft\u0131rmalar\u0131"}]},{"@type":"WebSite","@id":"https:\/\/talkpal.ai\/tr\/#website","url":"https:\/\/talkpal.ai\/tr\/","name":"Talkpal","description":"AI Language Learning","publisher":{"@id":"https:\/\/talkpal.ai\/tr\/#organization"},"alternateName":"Talkpal AI","potentialAction":[{"@type":"SearchAction","target":{"@type":"EntryPoint","urlTemplate":"https:\/\/talkpal.ai\/tr\/?s={search_term_string}"},"query-input":{"@type":"PropertyValueSpecification","valueRequired":true,"valueName":"search_term_string"}}],"inLanguage":"tr"},{"@type":"Organization","@id":"https:\/\/talkpal.ai\/tr\/#organization","name":"Talkpal, Inc.","alternateName":"Talkpal AI","url":"https:\/\/talkpal.ai\/tr\/","logo":{"@type":"ImageObject","inLanguage":"tr","@id":"https:\/\/talkpal.ai\/tr\/#\/schema\/logo\/image\/","url":"https:\/\/talkpal.ai\/wp-content\/uploads\/2024\/03\/Talkpal-Logo-Icon.png","contentUrl":"https:\/\/talkpal.ai\/wp-content\/uploads\/2024\/03\/Talkpal-Logo-Icon.png","width":2880,"height":2880,"caption":"Talkpal, Inc."},"image":{"@id":"https:\/\/talkpal.ai\/tr\/#\/schema\/logo\/image\/"},"sameAs":["https:\/\/www.facebook.com\/profile.php?id=100090733639311","https:\/\/x.com\/talkpalai","https:\/\/www.linkedin.com\/company\/talkpal\/","https:\/\/www.youtube.com\/@TalkPal\/","https:\/\/www.tiktok.com\/@talkpal","https:\/\/www.instagram.com\/talkpal_ai\/","https:\/\/www.crunchbase.com\/organization\/talkpal-9cde","https:\/\/www.g2.com\/products\/talkpal-for-business\/","https:\/\/www.trustpilot.com\/review\/talkpal.ai","https:\/\/www.capterra.com\/p\/10006800\/TalkPal\/"],"description":"Talkpal is a language learning web and mobile education app, powered by the latest AI technologies, that provides engaging experiences to its customers in many different languages to help them improve their language skills. Users can chat about unlimited amount of topics with the app and use other modes to practice their language learning.","email":"support@talkpal.ai","legalName":"Talkpal, Inc.","foundingDate":"2023-04-03","duns":"118989042","numberOfEmployees":{"@type":"QuantitativeValue","minValue":"11","maxValue":"50"},"publishingPrinciples":"https:\/\/talkpal.ai\/publishing-principles\/","actionableFeedbackPolicy":"https:\/\/talkpal.ai\/actionable-feedback-policy\/","correctionsPolicy":"https:\/\/talkpal.ai\/corrections-policy\/","ethicsPolicy":"https:\/\/talkpal.ai\/ethics-policy\/","diversityPolicy":"https:\/\/talkpal.ai\/diversity-policy\/","diversityStaffingReport":"https:\/\/talkpal.ai\/diversity-policy\/"}]}},"_links":{"self":[{"href":"https:\/\/talkpal.ai\/tr\/wp-json\/wp\/v2\/pages\/154239","targetHints":{"allow":["GET"]}}],"collection":[{"href":"https:\/\/talkpal.ai\/tr\/wp-json\/wp\/v2\/pages"}],"about":[{"href":"https:\/\/talkpal.ai\/tr\/wp-json\/wp\/v2\/types\/page"}],"author":[{"embeddable":true,"href":"https:\/\/talkpal.ai\/tr\/wp-json\/wp\/v2\/users\/6"}],"replies":[{"embeddable":true,"href":"https:\/\/talkpal.ai\/tr\/wp-json\/wp\/v2\/comments?post=154239"}],"version-history":[{"count":0,"href":"https:\/\/talkpal.ai\/tr\/wp-json\/wp\/v2\/pages\/154239\/revisions"}],"wp:featuredmedia":[{"embeddable":true,"href":"https:\/\/talkpal.ai\/tr\/wp-json\/wp\/v2\/media\/108848"}],"wp:attachment":[{"href":"https:\/\/talkpal.ai\/tr\/wp-json\/wp\/v2\/media?parent=154239"}],"curies":[{"name":"wp","href":"https:\/\/api.w.org\/{rel}","templated":true}]}}