{"id":153693,"date":"2023-05-14T14:25:05","date_gmt":"2023-05-14T14:25:05","guid":{"rendered":"http:\/\/talkpal.ai\/svahili-dilbilgisi\/"},"modified":"2025-12-13T15:50:01","modified_gmt":"2025-12-13T15:50:01","slug":"svahili-dilbilgisi","status":"publish","type":"page","link":"https:\/\/talkpal.ai\/tr\/svahili-dilbilgisi\/","title":{"rendered":"Svahili Dilbilgisi"},"content":{"rendered":"\r\n\r\n\r\n<section class=\"languageChallengeSection\">\r\n    <div class=\"languageInfoWrapper\">\r\n        \r\n        <h1>Svahili Dilbilgisi<\/h1>\r\n        <p><a href=\"https:\/\/talkpal.ai\/learn-swahili\/\">Swahili<\/a> dilbilgisinin s\u0131rlar\u0131n\u0131 a\u00e7\u0131\u011fa \u00e7\u0131kar\u0131n ve ilgi \u00e7ekici dersler ve ger\u00e7ek hayattan \u00f6rneklerle dil becerilerinizi geli\u015ftirin. C\u00fcmle yap\u0131s\u0131, fiil kal\u0131plar\u0131 ve temel <a href=\"https:\/\/talkpal.ai\/grammar\/\">dilbilgisi<\/a> kurallar\u0131n\u0131n temellerine dal\u0131n. Anlad\u0131\u011f\u0131n\u0131z\u0131 peki\u015ftirmek i\u00e7in tasarlanm\u0131\u015f interaktif al\u0131\u015ft\u0131rmalarla \u00f6\u011frendiklerinizi uygulay\u0131n. <a href=\"https:\/\/talkpal.ai\/learn-swahili\/\">Svahili<\/a> dilbilgisinde ustala\u015fmaya bug\u00fcn ba\u015flay\u0131n ve daha g\u00fcvenli ileti\u015fim kurun!<\/p>\r\n\r\n                            <a class=\"getStartedHidden\" href=\"https:\/\/app.talkpal.ai\/tr\/signup?lng=\">Hadi ba\u015fla<\/a>\r\n        \r\n    <\/div>\r\n\r\n    <figure>\r\n    <img decoding=\"async\" width=\"768\" height=\"768\" src=\"https:\/\/talkpal.ai\/wp-content\/uploads\/2023\/06\/Swahili-768x768.png\" class=\"languageImage no-lazy\" alt=\"Secrets to master language learning\" fetchpriority=\"high\" sizes=\"(max-width: 768px) 150px, 768px\" srcset=\"https:\/\/talkpal.ai\/wp-content\/uploads\/2023\/06\/Swahili-768x768.png 768w, https:\/\/talkpal.ai\/wp-content\/uploads\/2023\/06\/Swahili-300x300.png 300w\" \/>\r\n    \r\n\r\n    <\/figure>\r\n\r\n            <a class=\"getStartedVisible\" href=\"https:\/\/app.talkpal.ai\/tr\/signup?lng=\">Hadi ba\u015fla<\/a>\r\n    \r\n<\/section>\r\n<section class=\"promotionalBanner\">\r\n    <p class=\"promotionalText\">Dil \u00f6\u011frenmenin en etkili yolu<\/p>\r\n    <a class=\"promotionalLink\" href=\"https:\/\/app.talkpal.ai\/tr\/signup?lng=\">Talkpal \u00fccretsiz deneyin<\/a>\r\n<\/section>\n<div class=\"wp-block-group pageContainerStyle\"><div class=\"wp-block-group__inner-container is-layout-constrained wp-block-group-is-layout-constrained\">\n<h2 class=\"wp-block-heading\" id=\"h-swahili-grammar-demystifying-the-linguistic-adventure\">Swahili Dilbilgisi: Dilsel Maceran\u0131n Gizemini \u00c7\u00f6zmek<\/h2>\n\n\n\n<p>Svahili dilbilgisi &#8211; davetkar <a href=\"https:\/\/talkpal.ai\/locations\/language-courses-in-ama\/\">ama<\/a> esrarengiz, ak\u0131c\u0131 ama merak uyand\u0131r\u0131c\u0131, canl\u0131 ama b\u00fcy\u00fcleyici. Swahili diline dil yolculu\u011funuza \u00e7\u0131karken, hayranl\u0131k ve belirsizli\u011fin bir kar\u0131\u015f\u0131m\u0131yla kar\u015f\u0131la\u015fabilirsiniz. \u00dcz\u00fclmeyin, dil fanati\u011fi dostlar\u0131! Bu heyecan verici dilsel sularda gezinmenize yard\u0131mc\u0131 olmak i\u00e7in buraday\u0131z!<\/p>\n\n\n\n<p>Bu makalede, Swahili dilbilgisine kapsaml\u0131 bir genel bak\u0131\u015f sunaca\u011f\u0131z, temel bile\u015fenleri ke\u015ffedece\u011fiz, a\u00e7\u0131klamalar ve \u00f6rnekler sunaca\u011f\u0131z ve karma\u015f\u0131kl\u0131klar\u0131 basitle\u015ftirece\u011fiz. \u00d6yleyse, Swahili dilinin b\u00fcy\u00fcs\u00fcn\u00fc a\u00e7\u0131\u011fa \u00e7\u0131karal\u0131m ve dilbilgisinin gizemlerini ortaya \u00e7\u0131karal\u0131m!<\/p>\n\n\n\n<h3 class=\"wp-block-heading\" id=\"h-1-noun-classes-from-people-to-abstract-ideas\">1. \u0130sim S\u0131n\u0131flar\u0131: \u0130nsanlardan Soyut Fikirlere<\/h3>\n\n\n\n<p><a href=\"https:\/\/talkpal.ai\/swahili-grammar\/\">Swahili dilbilgisi<\/a>, ay\u0131rt edici ancak temel bir isim s\u0131n\u0131fland\u0131rma sistemi etraf\u0131nda d\u00f6ner. \u0130simler, anlamlar\u0131na veya \u00f6zelliklerine g\u00f6re farkl\u0131 s\u0131n\u0131flar halinde d\u00fczenlenir ve her s\u0131n\u0131f\u0131n belirli bir \u00f6neki vard\u0131r. Bu korkutucu g\u00f6r\u00fcnse de, isimler, s\u0131fatlar ve fiiller aras\u0131nda anla\u015fma olu\u015fturmada \u00e7ok \u00f6nemlidir.<\/p>\n\n\n\n<p>Bu s\u00fcreci basitle\u015ftirmek i\u00e7in, en yayg\u0131n isim s\u0131n\u0131flar\u0131na odaklanarak ba\u015flay\u0131n:<\/p>\n\n\n\n<p><strong>&#8211; S\u0131n\u0131f 1: \u0130nsanlar (\u00f6rn. mtu &#8211; ki\u015fi)<\/strong><\/p>\n\n\n\n<p><strong>&#8211; S\u0131n\u0131f 2: S\u0131n\u0131f 1 isimlerin \u00e7o\u011fullar\u0131 (\u00f6rne\u011fin, watu &#8211; insanlar)<\/strong><\/p>\n\n\n\n<p><strong>&#8211; S\u0131n\u0131f 3: A\u011fa\u00e7lar, bitkiler ve soyut isimler (\u00f6r. mti &#8211; a\u011fa\u00e7)<\/strong><\/p>\n\n\n\n<p><strong>&#8211; S\u0131n\u0131f 4: Cans\u0131z nesneler ve soyut isimler (\u00f6rn. kiti &#8211; sandalye)<\/strong><\/p>\n\n\n\n<p>Unutmay\u0131n, pratik yapmak m\u00fckemmelle\u015ftirir ve isim s\u0131n\u0131flar\u0131n\u0131 anlamak zamanla daha kolay hale gelecektir!<\/p>\n\n\n\n<h3 class=\"wp-block-heading\" id=\"h-2-adjectives-from-basic-to-intricate-agreement\">2. S\u0131fatlar: Temelden Karma\u015f\u0131k Anla\u015fmaya<\/h3>\n\n\n\n<p>Swahili dilindeki s\u0131fatlar, de\u011fi\u015ftirdikleri isim s\u0131n\u0131f\u0131 ve say\u0131s\u0131 ile ayn\u0131 fikirdedir. Sonu\u00e7 olarak, s\u0131fatlar\u0131n farkl\u0131 isim s\u0131n\u0131flar\u0131na kar\u015f\u0131l\u0131k gelen birden fazla \u00f6neki vard\u0131r. \u0130yi haber \u015fu ki, bir\u00e7ok s\u0131fat ayn\u0131 k\u00f6k kelimeyi payla\u015f\u0131yor ve bu da onlar\u0131 \u00f6\u011frenmeyi daha y\u00f6netilebilir hale getiriyor.<\/p>\n\n\n\n<p>\u00d6rne\u011fin, &#8220;-refu&#8221; k\u00f6k\u00fc &#8220;uzun&#8221; anlam\u0131na gelir. \u0130sim s\u0131n\u0131f\u0131na ba\u011fl\u0131 olarak, &#8220;mrefu&#8221; (S\u0131n\u0131f 1), &#8220;wazuri&#8221; (S\u0131n\u0131f 2), &#8220;jurefu&#8221; (S\u0131n\u0131f 3) vb. olarak g\u00f6r\u00fcnebilir. Pratik yaparak, s\u0131fat-isim anla\u015fmas\u0131n\u0131 kavramak \u00e7ocuk oyunca\u011f\u0131 olacak!<\/p>\n\n\n\n<h3 class=\"wp-block-heading\" id=\"h-3-verbs-tense-subject-and-object\">3. Fiiller: Zaman, \u00d6zne ve Nesne<\/h3>\n\n\n\n<p>Swahili fiilleri, zaman, \u00f6zne ve nesneyi tek bir d\u00fczg\u00fcn pakette kompakt bir \u015fekilde ileten verimli \u0130svi\u00e7re Ordusu b\u0131\u00e7aklar\u0131 gibidir. Fiil k\u00f6k\u00fcne zaman belirte\u00e7leri eklenerek zamanlar olu\u015fturulurken, \u00f6zne ve nesne belirte\u00e7leri eyleme kimin dahil oldu\u011funu ifade eder.<\/p>\n\n\n\n<p>\u00d6rne\u011fin, &#8220;-soma&#8221; k\u00f6k\u00fc &#8220;okumak&#8221; anlam\u0131na gelir. \u00c7e\u015fitli \u00f6n ekler ve son ekler ekleyerek \u00e7ok say\u0131da varyasyon olu\u015fturabilirsiniz: &#8220;anasoma&#8221; (o okuyor), &#8220;alisoma&#8221; (o okudu) veya &#8220;atasoma&#8221; (o okuyacak).<\/p>\n\n\n\n<h3 class=\"wp-block-heading\" id=\"h-4-word-order-subject-verb-object-for-clarity\">4. Kelime s\u0131ras\u0131: netlik i\u00e7in \u00f6zne-fiil-nesne<\/h3>\n\n\n\n<p>Swahili, \u0130ngilizce&#8217;ye benzer basit ama net bir \u00d6zne-Fiil-Nesne (SVO) kelime s\u0131ras\u0131n\u0131 takip eder ve bu da c\u00fcmle yap\u0131s\u0131n\u0131 daha az g\u00f6z korkutucu hale getirir. \u00d6rne\u011fin, &#8220;Mwanafunzi anasoma kitabu&#8221; do\u011frudan &#8220;\u00d6\u011frenci (\u00f6zne) kitap (fiil) okuyor (nesne)&#8221; anlam\u0131na gelir.<\/p>\n\n\n\n<h3 class=\"wp-block-heading\" id=\"h-5-embrace-the-challenges-practice-is-key\">5. Zorluklar\u0131 Kucaklay\u0131n: Pratik Anahtard\u0131r<\/h3>\n\n\n\n<p>Swahili dilbilgisine dalmak ilk ba\u015fta biraz bunalt\u0131c\u0131 gelebilir. Ancak sab\u0131r, pratik ve azmin ba\u015far\u0131n\u0131n s\u0131rlar\u0131 oldu\u011funu unutmay\u0131n. Anlama ve g\u00fcveninizi geli\u015ftirmek i\u00e7in okuma, yazma, dinleme ve konu\u015fma yoluyla dille etkile\u015fim kurun.<\/p>\n\n\n\n<p>Peki, Swahili dilbilgisinin harikalar\u0131n\u0131 ke\u015ffetmeye haz\u0131r m\u0131s\u0131n\u0131z? Karma\u015f\u0131kl\u0131klar\u0131n\u0131 kucaklay\u0131n, n\u00fcanslar\u0131n tad\u0131n\u0131 \u00e7\u0131kar\u0131n ve \u00f6zveri ve co\u015fkuyla Swahili dilinin ger\u00e7ek g\u00fczelli\u011fini ortaya \u00e7\u0131karabilece\u011finizi unutmay\u0131n. Bahati njema! (\u0130yi \u015fanslar!)<\/p>\n<\/div><\/div>\n\r\n<section class=\"learnNavigationSection\">\r\n            \r\n        <a href=\"https:\/\/talkpal.ai\/tr\/svahili-dili-ogren\/\">\r\n            <div class=\"learnNavigationWrapper\">\r\n                <div class=\"learnNavigationContent\">\r\n                    <img decoding=\"async\" src=\"https:\/\/talkpal.ai\/wp-content\/uploads\/2024\/08\/Swahili.jpg\" alt=\"Kenya and Tanzania Flags\">\r\n                    <div>\r\n                        <h4>Svahili \u00d6\u011frenimi Hakk\u0131nda<\/h4>\r\n                        <p>Swahili dilbilgisi hakk\u0131nda her \u015feyi \u00f6\u011frenin .<\/p>\r\n                    <\/div>\r\n                <\/div>\r\n            <\/div>\r\n        <\/a>\r\n\r\n        \r\n        <a href=\"https:\/\/talkpal.ai\/tr\/svahili-dilbilgisi-alistirmalari\/\">\r\n            <div class=\"learnNavigationWrapper\">\r\n                <div class=\"learnNavigationContent\">\r\n                    <img decoding=\"async\" src=\"https:\/\/talkpal.ai\/wp-content\/uploads\/2024\/08\/Swahili.jpg\" alt=\"Kenya and Tanzania Flags\">\r\n                    <div>\r\n                        <h4>Svahili Dilbilgisi Al\u0131\u015ft\u0131rmas\u0131<\/h4>\r\n                        <p>Swahili dilbilgisi al\u0131\u015ft\u0131rmas\u0131 yap\u0131n .<\/p>\r\n                    <\/div>\r\n                <\/div>\r\n            <\/div>\r\n        <\/a>\r\n\r\n        \r\n        <a href=\"https:\/\/talkpal.ai\/vocabulary_language\/swahili\/\">\r\n            <div class=\"learnNavigationWrapper\">\r\n                <div class=\"learnNavigationContent\">\r\n                    <img decoding=\"async\" src=\"https:\/\/talkpal.ai\/wp-content\/uploads\/2024\/08\/Swahili.jpg\" alt=\"Kenya and Tanzania Flags\">\r\n                    <div>\r\n                        <h4>Svahili S\u00f6zc\u00fck Da\u011farc\u0131\u011f\u0131<\/h4>\r\n                        <p>Svahili kelime da\u011farc\u0131\u011f\u0131n\u0131z\u0131 geni\u015fletin.<\/p>\r\n                    <\/div>\r\n                <\/div>\r\n            <\/div>\r\n        <\/a>\r\n\r\n            <\/section>","protected":false},"excerpt":{"rendered":"<p>Swahili Dilbilgisi: Dilsel Maceran\u0131n Gizemini \u00c7\u00f6zmek Svahili dilbilgisi &#8211; davetkar ama esrarengiz, ak\u0131c\u0131 ama merak uyand\u0131r\u0131c\u0131, canl\u0131 ama b\u00fcy\u00fcleyici. Swahili diline dil yolculu\u011funuza \u00e7\u0131karken, hayranl\u0131k ve belirsizli\u011fin bir kar\u0131\u015f\u0131m\u0131yla kar\u015f\u0131la\u015fabilirsiniz. \u00dcz\u00fclmeyin, dil fanati\u011fi dostlar\u0131! Bu heyecan verici dilsel sularda gezinmenize yard\u0131mc\u0131 olmak i\u00e7in buraday\u0131z! Bu makalede, Swahili dilbilgisine kapsaml\u0131 bir genel bak\u0131\u015f sunaca\u011f\u0131z, temel bile\u015fenleri [&hellip;]<\/p>\n","protected":false},"author":1,"featured_media":119161,"parent":0,"menu_order":0,"comment_status":"closed","ping_status":"closed","template":"LearningContentPage.php","meta":{"_acf_changed":false,"footnotes":""},"class_list":["post-153693","page","type-page","status-publish","has-post-thumbnail","hentry"],"acf":[],"yoast_head":"<!-- This site is optimized with the Yoast SEO Premium plugin v27.2 (Yoast SEO v27.2) - https:\/\/yoast.com\/product\/yoast-seo-premium-wordpress\/ -->\n<title>Svahili Dilbilgisi - Talkpal<\/title>\n<meta name=\"description\" content=\"Kapsaml\u0131 rehberimiz ile Svahili dilbilgisinin s\u0131rlar\u0131n\u0131 \u00e7\u00f6z\u00fcn! Benzersiz isim s\u0131n\u0131flar\u0131n\u0131 ve temel bile\u015fenlerini ke\u015ffedin.\" \/>\n<meta name=\"robots\" content=\"index, follow, max-snippet:-1, max-image-preview:large, max-video-preview:-1\" \/>\n<link rel=\"canonical\" href=\"https:\/\/talkpal.ai\/tr\/svahili-dilbilgisi\/\" \/>\n<meta property=\"og:locale\" content=\"tr_TR\" \/>\n<meta property=\"og:type\" content=\"article\" \/>\n<meta property=\"og:title\" content=\"Svahili Dilbilgisi\" \/>\n<meta property=\"og:description\" content=\"Swahili Dilbilgisi: Dilsel Maceran\u0131n Gizemini \u00c7\u00f6zmek Svahili dilbilgisi - davetkar ama esrarengiz, ak\u0131c\u0131 ama merak uyand\u0131r\u0131c\u0131, canl\u0131 ama b\u00fcy\u00fcleyici.\" \/>\n<meta property=\"og:url\" content=\"https:\/\/talkpal.ai\/tr\/svahili-dilbilgisi\/\" \/>\n<meta property=\"og:site_name\" content=\"Talkpal\" \/>\n<meta property=\"article:publisher\" content=\"https:\/\/www.facebook.com\/profile.php?id=100090733639311\" \/>\n<meta property=\"article:modified_time\" content=\"2025-12-13T15:50:01+00:00\" \/>\n<meta property=\"og:image\" content=\"https:\/\/talkpal.ai\/wp-content\/uploads\/2023\/05\/Swahili-tanzania.png\" \/>\n\t<meta property=\"og:image:width\" content=\"512\" \/>\n\t<meta property=\"og:image:height\" content=\"512\" \/>\n\t<meta property=\"og:image:type\" content=\"image\/png\" \/>\n<meta name=\"twitter:card\" content=\"summary_large_image\" \/>\n<meta name=\"twitter:site\" content=\"@talkpalai\" \/>\n<meta name=\"twitter:label1\" content=\"Tahmini okuma s\u00fcresi\" \/>\n\t<meta name=\"twitter:data1\" content=\"3 dakika\" \/>\n<script type=\"application\/ld+json\" class=\"yoast-schema-graph\">{\"@context\":\"https:\/\/schema.org\",\"@graph\":[{\"@type\":\"WebPage\",\"@id\":\"https:\/\/talkpal.ai\/tr\/svahili-dilbilgisi\/\",\"url\":\"https:\/\/talkpal.ai\/tr\/svahili-dilbilgisi\/\",\"name\":\"Svahili Dilbilgisi - Talkpal\",\"isPartOf\":{\"@id\":\"https:\/\/talkpal.ai\/tr\/#website\"},\"primaryImageOfPage\":{\"@id\":\"https:\/\/talkpal.ai\/tr\/svahili-dilbilgisi\/#primaryimage\"},\"image\":{\"@id\":\"https:\/\/talkpal.ai\/tr\/svahili-dilbilgisi\/#primaryimage\"},\"thumbnailUrl\":\"https:\/\/talkpal.ai\/wp-content\/uploads\/2023\/05\/Swahili-tanzania.png\",\"datePublished\":\"2023-05-14T14:25:05+00:00\",\"dateModified\":\"2025-12-13T15:50:01+00:00\",\"description\":\"Kapsaml\u0131 rehberimiz ile Svahili dilbilgisinin s\u0131rlar\u0131n\u0131 \u00e7\u00f6z\u00fcn! Benzersiz isim s\u0131n\u0131flar\u0131n\u0131 ve temel bile\u015fenlerini ke\u015ffedin.\",\"breadcrumb\":{\"@id\":\"https:\/\/talkpal.ai\/tr\/svahili-dilbilgisi\/#breadcrumb\"},\"inLanguage\":\"tr\",\"potentialAction\":[{\"@type\":\"ReadAction\",\"target\":[\"https:\/\/talkpal.ai\/tr\/svahili-dilbilgisi\/\"]}]},{\"@type\":\"ImageObject\",\"inLanguage\":\"tr\",\"@id\":\"https:\/\/talkpal.ai\/tr\/svahili-dilbilgisi\/#primaryimage\",\"url\":\"https:\/\/talkpal.ai\/wp-content\/uploads\/2023\/05\/Swahili-tanzania.png\",\"contentUrl\":\"https:\/\/talkpal.ai\/wp-content\/uploads\/2023\/05\/Swahili-tanzania.png\",\"width\":512,\"height\":512},{\"@type\":\"BreadcrumbList\",\"@id\":\"https:\/\/talkpal.ai\/tr\/svahili-dilbilgisi\/#breadcrumb\",\"itemListElement\":[{\"@type\":\"ListItem\",\"position\":1,\"name\":\"Homepage\",\"item\":\"https:\/\/talkpal.ai\/tr\/\"},{\"@type\":\"ListItem\",\"position\":2,\"name\":\"Svahili Dilbilgisi\"}]},{\"@type\":\"WebSite\",\"@id\":\"https:\/\/talkpal.ai\/tr\/#website\",\"url\":\"https:\/\/talkpal.ai\/tr\/\",\"name\":\"Talkpal\",\"description\":\"AI Language Learning\",\"publisher\":{\"@id\":\"https:\/\/talkpal.ai\/tr\/#organization\"},\"alternateName\":\"Talkpal AI\",\"potentialAction\":[{\"@type\":\"SearchAction\",\"target\":{\"@type\":\"EntryPoint\",\"urlTemplate\":\"https:\/\/talkpal.ai\/tr\/?s={search_term_string}\"},\"query-input\":{\"@type\":\"PropertyValueSpecification\",\"valueRequired\":true,\"valueName\":\"search_term_string\"}}],\"inLanguage\":\"tr\"},{\"@type\":\"Organization\",\"@id\":\"https:\/\/talkpal.ai\/tr\/#organization\",\"name\":\"Talkpal, Inc.\",\"alternateName\":\"Talkpal AI\",\"url\":\"https:\/\/talkpal.ai\/tr\/\",\"logo\":{\"@type\":\"ImageObject\",\"inLanguage\":\"tr\",\"@id\":\"https:\/\/talkpal.ai\/tr\/#\/schema\/logo\/image\/\",\"url\":\"https:\/\/talkpal.ai\/wp-content\/uploads\/2024\/03\/Talkpal-Logo-Icon.png\",\"contentUrl\":\"https:\/\/talkpal.ai\/wp-content\/uploads\/2024\/03\/Talkpal-Logo-Icon.png\",\"width\":2880,\"height\":2880,\"caption\":\"Talkpal, Inc.\"},\"image\":{\"@id\":\"https:\/\/talkpal.ai\/tr\/#\/schema\/logo\/image\/\"},\"sameAs\":[\"https:\/\/www.facebook.com\/profile.php?id=100090733639311\",\"https:\/\/x.com\/talkpalai\",\"https:\/\/www.linkedin.com\/company\/talkpal\/\",\"https:\/\/www.youtube.com\/@TalkPal\/\",\"https:\/\/www.tiktok.com\/@talkpal\",\"https:\/\/www.instagram.com\/talkpal_ai\/\",\"https:\/\/www.crunchbase.com\/organization\/talkpal-9cde\",\"https:\/\/www.g2.com\/products\/talkpal-for-business\/\",\"https:\/\/www.trustpilot.com\/review\/talkpal.ai\",\"https:\/\/www.capterra.com\/p\/10006800\/TalkPal\/\"],\"description\":\"Talkpal is a language learning web and mobile education app, powered by the latest AI technologies, that provides engaging experiences to its customers in many different languages to help them improve their language skills. Users can chat about unlimited amount of topics with the app and use other modes to practice their language learning.\",\"email\":\"support@talkpal.ai\",\"legalName\":\"Talkpal, Inc.\",\"foundingDate\":\"2023-04-03\",\"duns\":\"118989042\",\"numberOfEmployees\":{\"@type\":\"QuantitativeValue\",\"minValue\":\"11\",\"maxValue\":\"50\"},\"publishingPrinciples\":\"https:\/\/talkpal.ai\/publishing-principles\/\",\"actionableFeedbackPolicy\":\"https:\/\/talkpal.ai\/actionable-feedback-policy\/\",\"correctionsPolicy\":\"https:\/\/talkpal.ai\/corrections-policy\/\",\"ethicsPolicy\":\"https:\/\/talkpal.ai\/ethics-policy\/\",\"diversityPolicy\":\"https:\/\/talkpal.ai\/diversity-policy\/\",\"diversityStaffingReport\":\"https:\/\/talkpal.ai\/diversity-policy\/\"}]}<\/script>\n<!-- \/ Yoast SEO Premium plugin. -->","yoast_head_json":{"title":"Svahili Dilbilgisi - Talkpal","description":"Kapsaml\u0131 rehberimiz ile Svahili dilbilgisinin s\u0131rlar\u0131n\u0131 \u00e7\u00f6z\u00fcn! Benzersiz isim s\u0131n\u0131flar\u0131n\u0131 ve temel bile\u015fenlerini ke\u015ffedin.","robots":{"index":"index","follow":"follow","max-snippet":"max-snippet:-1","max-image-preview":"max-image-preview:large","max-video-preview":"max-video-preview:-1"},"canonical":"https:\/\/talkpal.ai\/tr\/svahili-dilbilgisi\/","og_locale":"tr_TR","og_type":"article","og_title":"Svahili Dilbilgisi","og_description":"Swahili Dilbilgisi: Dilsel Maceran\u0131n Gizemini \u00c7\u00f6zmek Svahili dilbilgisi - davetkar ama esrarengiz, ak\u0131c\u0131 ama merak uyand\u0131r\u0131c\u0131, canl\u0131 ama b\u00fcy\u00fcleyici.","og_url":"https:\/\/talkpal.ai\/tr\/svahili-dilbilgisi\/","og_site_name":"Talkpal","article_publisher":"https:\/\/www.facebook.com\/profile.php?id=100090733639311","article_modified_time":"2025-12-13T15:50:01+00:00","og_image":[{"width":512,"height":512,"url":"https:\/\/talkpal.ai\/wp-content\/uploads\/2023\/05\/Swahili-tanzania.png","type":"image\/png"}],"twitter_card":"summary_large_image","twitter_site":"@talkpalai","twitter_misc":{"Tahmini okuma s\u00fcresi":"3 dakika"},"schema":{"@context":"https:\/\/schema.org","@graph":[{"@type":"WebPage","@id":"https:\/\/talkpal.ai\/tr\/svahili-dilbilgisi\/","url":"https:\/\/talkpal.ai\/tr\/svahili-dilbilgisi\/","name":"Svahili Dilbilgisi - Talkpal","isPartOf":{"@id":"https:\/\/talkpal.ai\/tr\/#website"},"primaryImageOfPage":{"@id":"https:\/\/talkpal.ai\/tr\/svahili-dilbilgisi\/#primaryimage"},"image":{"@id":"https:\/\/talkpal.ai\/tr\/svahili-dilbilgisi\/#primaryimage"},"thumbnailUrl":"https:\/\/talkpal.ai\/wp-content\/uploads\/2023\/05\/Swahili-tanzania.png","datePublished":"2023-05-14T14:25:05+00:00","dateModified":"2025-12-13T15:50:01+00:00","description":"Kapsaml\u0131 rehberimiz ile Svahili dilbilgisinin s\u0131rlar\u0131n\u0131 \u00e7\u00f6z\u00fcn! Benzersiz isim s\u0131n\u0131flar\u0131n\u0131 ve temel bile\u015fenlerini ke\u015ffedin.","breadcrumb":{"@id":"https:\/\/talkpal.ai\/tr\/svahili-dilbilgisi\/#breadcrumb"},"inLanguage":"tr","potentialAction":[{"@type":"ReadAction","target":["https:\/\/talkpal.ai\/tr\/svahili-dilbilgisi\/"]}]},{"@type":"ImageObject","inLanguage":"tr","@id":"https:\/\/talkpal.ai\/tr\/svahili-dilbilgisi\/#primaryimage","url":"https:\/\/talkpal.ai\/wp-content\/uploads\/2023\/05\/Swahili-tanzania.png","contentUrl":"https:\/\/talkpal.ai\/wp-content\/uploads\/2023\/05\/Swahili-tanzania.png","width":512,"height":512},{"@type":"BreadcrumbList","@id":"https:\/\/talkpal.ai\/tr\/svahili-dilbilgisi\/#breadcrumb","itemListElement":[{"@type":"ListItem","position":1,"name":"Homepage","item":"https:\/\/talkpal.ai\/tr\/"},{"@type":"ListItem","position":2,"name":"Svahili Dilbilgisi"}]},{"@type":"WebSite","@id":"https:\/\/talkpal.ai\/tr\/#website","url":"https:\/\/talkpal.ai\/tr\/","name":"Talkpal","description":"AI Language Learning","publisher":{"@id":"https:\/\/talkpal.ai\/tr\/#organization"},"alternateName":"Talkpal AI","potentialAction":[{"@type":"SearchAction","target":{"@type":"EntryPoint","urlTemplate":"https:\/\/talkpal.ai\/tr\/?s={search_term_string}"},"query-input":{"@type":"PropertyValueSpecification","valueRequired":true,"valueName":"search_term_string"}}],"inLanguage":"tr"},{"@type":"Organization","@id":"https:\/\/talkpal.ai\/tr\/#organization","name":"Talkpal, Inc.","alternateName":"Talkpal AI","url":"https:\/\/talkpal.ai\/tr\/","logo":{"@type":"ImageObject","inLanguage":"tr","@id":"https:\/\/talkpal.ai\/tr\/#\/schema\/logo\/image\/","url":"https:\/\/talkpal.ai\/wp-content\/uploads\/2024\/03\/Talkpal-Logo-Icon.png","contentUrl":"https:\/\/talkpal.ai\/wp-content\/uploads\/2024\/03\/Talkpal-Logo-Icon.png","width":2880,"height":2880,"caption":"Talkpal, Inc."},"image":{"@id":"https:\/\/talkpal.ai\/tr\/#\/schema\/logo\/image\/"},"sameAs":["https:\/\/www.facebook.com\/profile.php?id=100090733639311","https:\/\/x.com\/talkpalai","https:\/\/www.linkedin.com\/company\/talkpal\/","https:\/\/www.youtube.com\/@TalkPal\/","https:\/\/www.tiktok.com\/@talkpal","https:\/\/www.instagram.com\/talkpal_ai\/","https:\/\/www.crunchbase.com\/organization\/talkpal-9cde","https:\/\/www.g2.com\/products\/talkpal-for-business\/","https:\/\/www.trustpilot.com\/review\/talkpal.ai","https:\/\/www.capterra.com\/p\/10006800\/TalkPal\/"],"description":"Talkpal is a language learning web and mobile education app, powered by the latest AI technologies, that provides engaging experiences to its customers in many different languages to help them improve their language skills. Users can chat about unlimited amount of topics with the app and use other modes to practice their language learning.","email":"support@talkpal.ai","legalName":"Talkpal, Inc.","foundingDate":"2023-04-03","duns":"118989042","numberOfEmployees":{"@type":"QuantitativeValue","minValue":"11","maxValue":"50"},"publishingPrinciples":"https:\/\/talkpal.ai\/publishing-principles\/","actionableFeedbackPolicy":"https:\/\/talkpal.ai\/actionable-feedback-policy\/","correctionsPolicy":"https:\/\/talkpal.ai\/corrections-policy\/","ethicsPolicy":"https:\/\/talkpal.ai\/ethics-policy\/","diversityPolicy":"https:\/\/talkpal.ai\/diversity-policy\/","diversityStaffingReport":"https:\/\/talkpal.ai\/diversity-policy\/"}]}},"_links":{"self":[{"href":"https:\/\/talkpal.ai\/tr\/wp-json\/wp\/v2\/pages\/153693","targetHints":{"allow":["GET"]}}],"collection":[{"href":"https:\/\/talkpal.ai\/tr\/wp-json\/wp\/v2\/pages"}],"about":[{"href":"https:\/\/talkpal.ai\/tr\/wp-json\/wp\/v2\/types\/page"}],"author":[{"embeddable":true,"href":"https:\/\/talkpal.ai\/tr\/wp-json\/wp\/v2\/users\/1"}],"replies":[{"embeddable":true,"href":"https:\/\/talkpal.ai\/tr\/wp-json\/wp\/v2\/comments?post=153693"}],"version-history":[{"count":0,"href":"https:\/\/talkpal.ai\/tr\/wp-json\/wp\/v2\/pages\/153693\/revisions"}],"wp:featuredmedia":[{"embeddable":true,"href":"https:\/\/talkpal.ai\/tr\/wp-json\/wp\/v2\/media\/119161"}],"wp:attachment":[{"href":"https:\/\/talkpal.ai\/tr\/wp-json\/wp\/v2\/media?parent=153693"}],"curies":[{"name":"wp","href":"https:\/\/api.w.org\/{rel}","templated":true}]}}