{"id":153497,"date":"2023-05-14T14:24:42","date_gmt":"2023-05-14T14:24:42","guid":{"rendered":"http:\/\/talkpal.ai\/tayca-dilbilgisi\/"},"modified":"2025-12-13T15:46:23","modified_gmt":"2025-12-13T15:46:23","slug":"tayca-dilbilgisi","status":"publish","type":"page","link":"https:\/\/talkpal.ai\/tr\/tayca-dilbilgisi\/","title":{"rendered":"Tayca Dilbilgisi"},"content":{"rendered":"\r\n\r\n\r\n<section class=\"languageChallengeSection\">\r\n    <div class=\"languageInfoWrapper\">\r\n        \r\n        <h1>Tayca Dilbilgisi<\/h1>\r\n        <p>Tayca gramerini \u00f6\u011frenin ve hem mant\u0131kl\u0131 hem de etkileyici bir dilin g\u00fczelli\u011fini deneyimleyin. Yolculu\u011funuza ba\u015flay\u0131n ve b\u00fcy\u00fcleyici bir d\u00fc\u015f\u00fcnme ve konu\u015fma bi\u00e7iminin kap\u0131s\u0131n\u0131 aralay\u0131n!<\/p>\r\n\r\n                            <a class=\"getStartedHidden\" href=\"https:\/\/app.talkpal.ai\/tr\/signup?lng=\">Hadi ba\u015fla<\/a>\r\n        \r\n    <\/div>\r\n\r\n    <figure>\r\n    <img decoding=\"async\" width=\"768\" height=\"768\" src=\"https:\/\/talkpal.ai\/wp-content\/uploads\/2023\/06\/thai-768x768.png\" class=\"languageImage no-lazy\" alt=\"Language learning for improved thought process\" fetchpriority=\"high\" sizes=\"(max-width: 768px) 150px, 768px\" srcset=\"https:\/\/talkpal.ai\/wp-content\/uploads\/2023\/06\/thai-768x768.png 768w, https:\/\/talkpal.ai\/wp-content\/uploads\/2023\/06\/thai-300x300.png 300w\" \/>\r\n    \r\n\r\n    <\/figure>\r\n\r\n            <a class=\"getStartedVisible\" href=\"https:\/\/app.talkpal.ai\/tr\/signup?lng=\">Hadi ba\u015fla<\/a>\r\n    \r\n<\/section>\r\n<section class=\"promotionalBanner\">\r\n    <p class=\"promotionalText\">Dil \u00f6\u011frenmenin en etkili yolu<\/p>\r\n    <a class=\"promotionalLink\" href=\"https:\/\/app.talkpal.ai\/tr\/signup?lng=\">Talkpal \u00fccretsiz deneyin<\/a>\r\n<\/section>\n<div class=\"wp-block-group pageContainerStyle\"><div class=\"wp-block-group__inner-container is-layout-constrained wp-block-group-is-layout-constrained\">\n<h2 class=\"wp-block-heading\" id=\"h-thai-grammar-exploring-a-unique-linguistic-world\">Tayca Dilbilgisi: E\u015fsiz Bir Dil D\u00fcnyas\u0131n\u0131 Ke\u015ffetmek<\/h2>\n\n\n\n<p><a href=\"https:\/\/talkpal.ai\/learn-thai\/\">Tay<\/a> <a href=\"https:\/\/talkpal.ai\/grammar\/\">dilbilgisi<\/a> &#8211; g\u00f6r\u00fcn\u00fc\u015fte esrarengiz, egzotik ve b\u00fcy\u00fcleyici. Tay dilini \u00f6\u011frenme yolculu\u011funuza \u00e7\u0131karken, kendinizi beklenmedik bir \u015fekilde dilbilgisinin b\u00fcy\u00fcs\u00fcne kap\u0131lm\u0131\u015f bulabilirsiniz. Korkmay\u0131n, dilbilimci dostlar\u0131m! Bu b\u00fcy\u00fcleyici macerada rehberlik ve destek sunmak i\u00e7in buraday\u0131z!<\/p>\n\n\n\n<p>Bu makalede, Tayca dilbilgisinin temel y\u00f6nlerini inceliyor, temel kavramlar\u0131 par\u00e7al\u0131yor, kurallar\u0131 a\u00e7\u0131kl\u0131yor ve hatta karma\u015f\u0131kl\u0131klar\u0131 basitle\u015ftiriyoruz. <a href=\"https:\/\/talkpal.ai\/thai-grammar\/\">Tayca dilbilgisi<\/a> \u00fczerindeki perdeyi kald\u0131r\u0131rken bize kat\u0131l\u0131n ve bu harika e\u015fsiz dile olan tutkunuzu ate\u015fleyin!<\/p>\n\n\n\n<h3 class=\"wp-block-heading\" id=\"h-1-nouns-no-plurals-no-genders-no-worries\">1. \u0130simler: \u00c7o\u011ful Yok, Cinsiyet Yok, Endi\u015fe Yok!<\/h3>\n\n\n\n<p>Tay dilbilgisinin g\u00fczelli\u011fi, isimlerle ilgili sadeli\u011finde yatmaktad\u0131r. Tayca isimlerin cinsiyeti veya \u00e7o\u011ful bi\u00e7imleri yoktur, bu da kullan\u0131mlar\u0131n\u0131 ve anla\u015f\u0131lmalar\u0131n\u0131 kolayla\u015ft\u0131r\u0131r. \u00c7o\u011fullu\u011fu belirtmek i\u00e7in &#8220;\u00e7ok&#8221; (\u0e21\u0e32\u0e01, m\u00e2ak) veya &#8220;baz\u0131&#8221; (\u0e1a\u0e49\u0e32\u0e07, b\u00e2ang) gibi bir miktar s\u00f6zc\u00fc\u011f\u00fc eklemeniz veya \u00e7o\u011ful anlam\u0131 vurgulamak i\u00e7in ismi tekrarlaman\u0131z yeterlidir.<\/p>\n\n\n\n<h3 class=\"wp-block-heading\" id=\"h-2-pronouns-choose-wisely-based-on-politeness\">2. Zamirler: Nezakete Dayal\u0131 Ak\u0131ll\u0131ca Se\u00e7im Yap\u0131n<\/h3>\n\n\n\n<p>Tay dilbilgisinde sayg\u0131 ve al\u00e7akg\u00f6n\u00fcll\u00fcl\u00fck g\u00f6stermek i\u00e7in uygun zamiri se\u00e7mek \u00e7ok \u00f6nemlidir. Tayca zamirler konu\u015fmac\u0131n\u0131n ve dinleyicinin cinsiyetine, ya\u015f\u0131na ve ili\u015fkisine g\u00f6re de\u011fi\u015fir. \u00d6rne\u011fin, &#8220;\u0e09\u0e31\u0e19&#8221; (ch\u0103n) yayg\u0131n bir gayri resmi birinci \u015fah\u0131s zamiri iken, &#8220;\u0e1c\u0e21&#8221; (p\u014fm) erkekler taraf\u0131ndan daha resmi durumlarda s\u0131kl\u0131kla kullan\u0131l\u0131r.<\/p>\n\n\n\n<p>Nezaketi elden b\u0131rakmamak i\u00e7in &#8220;siz&#8221; i\u00e7in &#8220;\u0e04\u0e38\u0e13&#8221; (kun) ve &#8220;o\/onlar&#8221; i\u00e7in &#8220;\u0e40\u0e02\u0e32&#8221; (k\u0103o) kullan\u0131n.<\/p>\n\n\n\n<h3 class=\"wp-block-heading\" id=\"h-3-verbs-no-conjugation-or-tenses-only-particles\">3. Fiiller: Fiil \u00e7ekimi veya zaman yok, sadece par\u00e7ac\u0131klar<\/h3>\n\n\n\n<p>Tay dilbilgisinde fiiller zaman, ruh hali veya konudan ba\u011f\u0131ms\u0131z olarak de\u011fi\u015fmeden kal\u0131r. Bunun yerine Tayca, c\u00fcmlenin zaman\u0131n\u0131 veya tutumunu belirtmek i\u00e7in par\u00e7ac\u0131klar olarak bilinen basit kelimelere g\u00fcvenir. Bu par\u00e7ac\u0131klar c\u00fcmlenin sonuna yerle\u015ftirilir.<\/p>\n\n\n\n<p>\u00d6rne\u011fin, &#8220;\u0e41\u0e25\u0e49\u0e27&#8221; (l\u00e1ew) par\u00e7ac\u0131\u011f\u0131 ge\u00e7mi\u015f zaman\u0131 veya tamamlanm\u0131\u015f eylemi g\u00f6sterir ve &#8220;\u0e01\u0e33\u0e25\u0e31\u0e07&#8221; (gam-lang) devam eden eylemler i\u00e7in kullan\u0131l\u0131r. Bu nedenle, &#8220;\u0e40\u0e02\u0e32\u0e01\u0e34\u0e19&#8221; (k\u0103o gin) &#8220;yiyor&#8221; anlam\u0131na gelirken, &#8220;\u0e40\u0e02\u0e32\u0e01\u0e34\u0e19\u0e41\u0e25\u0e49\u0e27&#8221; (k\u0103o gin l\u00e1ew) &#8220;yedi&#8221; anlam\u0131na gelir.<\/p>\n\n\n\n<h3 class=\"wp-block-heading\" id=\"h-4-sentence-structure-clear-and-straightforward\">4. C\u00fcmle Yap\u0131s\u0131: A\u00e7\u0131k ve anla\u015f\u0131l\u0131r<\/h3>\n\n\n\n<p><a href=\"https:\/\/talkpal.ai\/thai-grammar\/\">Tayca dilbilgisi<\/a>, \u0130ngilizce&#8217;ye benzer bir \u00d6zne-Fiil-Nesne (SVO) c\u00fcmle yap\u0131s\u0131n\u0131 takip eder ve bu da \u0130ngilizce konu\u015fanlar i\u00e7in anlamay\u0131 kolayla\u015ft\u0131r\u0131r. Ana kural, s\u0131fatlar\u0131n, zarflar\u0131n ve di\u011fer tan\u0131mlay\u0131c\u0131 kelimelerin tan\u0131mlad\u0131klar\u0131 isim veya fiili takip etmesidir.<\/p>\n\n\n\n<p>\u00d6rne\u011fin, &#8220;\u0e1c\u0e21\u0e0a\u0e2d\u0e1a\u0e2b\u0e19\u0e31\u0e07\u0e2a\u0e37\u0e2d\u0e19\u0e35\u0e49&#8221; (p\u014fm ch\u00e2wp n\u0103ng s\u011bu n\u00e9e) &#8220;Ben (\u00f6zne) bu kitab\u0131 (nesne) seviyorum (fiil)&#8221; anlam\u0131na gelir.<\/p>\n\n\n\n<h3 class=\"wp-block-heading\" id=\"h-5-immerse-yourself-in-thai-practice-makes-perfect\">5. Kendinizi Tayca&#8217;ya B\u0131rak\u0131n: Pratik Yapmak M\u00fckemmelle\u015ftirir<\/h3>\n\n\n\n<p>Tayca dilbilgisini anlamak ve ustala\u015fmak ba\u015flang\u0131\u00e7ta zor g\u00f6r\u00fcnebilir, ancak anahtar sebat ve tutarl\u0131 uygulamad\u0131r. Kendinizi dile kapt\u0131rarak, okuyarak, yazarak, dinleyerek ve anadili \u0130ngilizce olan ki\u015filerle sohbet ederek t\u00fcm duyular\u0131n\u0131z\u0131 harekete ge\u00e7irin. Tayca dilbilgisine ne kadar \u00e7ok maruz kal\u0131rsan\u0131z, bu egzotik kavramlar o kadar tan\u0131d\u0131k ve rahat hissedecektir.<\/p>\n\n\n\n<p>Peki, Tayca dilbilgisinin b\u00fcy\u00fcleyici d\u00fcnyas\u0131na dalmaya haz\u0131r m\u0131s\u0131n\u0131z? Tay dilbilgisinin zorlu\u011funu ve benzersiz \u00f6zelliklerini kucaklay\u0131n ve zaman, \u00f6zveri ve macera duygusuyla Tay dilinin b\u00fcy\u00fcleyici g\u00fczelli\u011finin kilidini a\u00e7abilirsiniz.<\/p>\n<\/div><\/div>\n\r\n<section class=\"learnNavigationSection\">\r\n            \r\n        <a href=\"https:\/\/talkpal.ai\/tr\/tayca-ogren\/\">\r\n            <div class=\"learnNavigationWrapper\">\r\n                <div class=\"learnNavigationContent\">\r\n                    <img decoding=\"async\" src=\"https:\/\/talkpal.ai\/wp-content\/uploads\/2024\/08\/Thai.jpg\" alt=\"Thai Flag\">\r\n                    <div>\r\n                        <h4>Thai Learning Hakk\u0131nda<\/h4>\r\n                        <p>Tayca dilbilgisi hakk\u0131nda her \u015feyi \u00f6\u011frenin .<\/p>\r\n                    <\/div>\r\n                <\/div>\r\n            <\/div>\r\n        <\/a>\r\n\r\n        \r\n        <a href=\"https:\/\/talkpal.ai\/tr\/tayca-dilbilgisi-alistirmalari\/\">\r\n            <div class=\"learnNavigationWrapper\">\r\n                <div class=\"learnNavigationContent\">\r\n                    <img decoding=\"async\" src=\"https:\/\/talkpal.ai\/wp-content\/uploads\/2024\/08\/Thai.jpg\" alt=\"Thai Flag\">\r\n                    <div>\r\n                        <h4>Tayca Dilbilgisi Al\u0131\u015ft\u0131rmas\u0131<\/h4>\r\n                        <p>Tayca dilbilgisi al\u0131\u015ft\u0131rmas\u0131 yap\u0131n .<\/p>\r\n                    <\/div>\r\n                <\/div>\r\n            <\/div>\r\n        <\/a>\r\n\r\n        \r\n        <a href=\"https:\/\/talkpal.ai\/vocabulary_language\/thai\/\">\r\n            <div class=\"learnNavigationWrapper\">\r\n                <div class=\"learnNavigationContent\">\r\n                    <img decoding=\"async\" src=\"https:\/\/talkpal.ai\/wp-content\/uploads\/2024\/08\/Thai.jpg\" alt=\"Thai Flag\">\r\n                    <div>\r\n                        <h4>Tayca Kelime Bilgisi<\/h4>\r\n                        <p>Tayca kelime da\u011farc\u0131\u011f\u0131n\u0131z\u0131 geni\u015fletin.<\/p>\r\n                    <\/div>\r\n                <\/div>\r\n            <\/div>\r\n        <\/a>\r\n\r\n            <\/section>","protected":false},"excerpt":{"rendered":"<p>Tayca Dilbilgisi: E\u015fsiz Bir Dil D\u00fcnyas\u0131n\u0131 Ke\u015ffetmek Tay dilbilgisi &#8211; g\u00f6r\u00fcn\u00fc\u015fte esrarengiz, egzotik ve b\u00fcy\u00fcleyici. Tay dilini \u00f6\u011frenme yolculu\u011funuza \u00e7\u0131karken, kendinizi beklenmedik bir \u015fekilde dilbilgisinin b\u00fcy\u00fcs\u00fcne kap\u0131lm\u0131\u015f bulabilirsiniz. Korkmay\u0131n, dilbilimci dostlar\u0131m! Bu b\u00fcy\u00fcleyici macerada rehberlik ve destek sunmak i\u00e7in buraday\u0131z! Bu makalede, Tayca dilbilgisinin temel y\u00f6nlerini inceliyor, temel kavramlar\u0131 par\u00e7al\u0131yor, kurallar\u0131 a\u00e7\u0131kl\u0131yor ve hatta karma\u015f\u0131kl\u0131klar\u0131 [&hellip;]<\/p>\n","protected":false},"author":1,"featured_media":120703,"parent":0,"menu_order":0,"comment_status":"closed","ping_status":"closed","template":"LearningContentPage.php","meta":{"_acf_changed":false,"footnotes":""},"class_list":["post-153497","page","type-page","status-publish","has-post-thumbnail","hentry"],"acf":[],"yoast_head":"<!-- This site is optimized with the Yoast SEO Premium plugin v27.2 (Yoast SEO v27.2) - https:\/\/yoast.com\/product\/yoast-seo-premium-wordpress\/ -->\n<title>Tayca Dilbilgisi - Talkpal<\/title>\n<meta name=\"description\" content=\"Tay dilbilgisinin b\u00fcy\u00fcleyici d\u00fcnyas\u0131n\u0131 ke\u015ffedin. \u00d6\u011frenmeyi keyifli hale getiren sadeli\u011fini ve benzersiz \u00f6zelliklerini ke\u015ffedin.\" \/>\n<meta name=\"robots\" content=\"index, follow, max-snippet:-1, max-image-preview:large, max-video-preview:-1\" \/>\n<link rel=\"canonical\" href=\"https:\/\/talkpal.ai\/tr\/tayca-dilbilgisi\/\" \/>\n<meta property=\"og:locale\" content=\"tr_TR\" \/>\n<meta property=\"og:type\" content=\"article\" \/>\n<meta property=\"og:title\" content=\"Tayca Dilbilgisi\" \/>\n<meta property=\"og:description\" content=\"Tayca Dilbilgisi: E\u015fsiz Bir Dil D\u00fcnyas\u0131n\u0131 Ke\u015ffetmek Tay dilbilgisi - g\u00f6r\u00fcn\u00fc\u015fte esrarengiz, egzotik ve b\u00fcy\u00fcleyici. Tay dilini \u00f6\u011frenme yolculu\u011funuza\" \/>\n<meta property=\"og:url\" content=\"https:\/\/talkpal.ai\/tr\/tayca-dilbilgisi\/\" \/>\n<meta property=\"og:site_name\" content=\"Talkpal\" \/>\n<meta property=\"article:publisher\" content=\"https:\/\/www.facebook.com\/profile.php?id=100090733639311\" \/>\n<meta property=\"article:modified_time\" content=\"2025-12-13T15:46:23+00:00\" \/>\n<meta property=\"og:image\" content=\"https:\/\/talkpal.ai\/wp-content\/uploads\/2023\/05\/thailand.png\" \/>\n\t<meta property=\"og:image:width\" content=\"512\" \/>\n\t<meta property=\"og:image:height\" content=\"512\" \/>\n\t<meta property=\"og:image:type\" content=\"image\/png\" \/>\n<meta name=\"twitter:card\" content=\"summary_large_image\" \/>\n<meta name=\"twitter:site\" content=\"@talkpalai\" \/>\n<meta name=\"twitter:label1\" content=\"Tahmini okuma s\u00fcresi\" \/>\n\t<meta name=\"twitter:data1\" content=\"3 dakika\" \/>\n<script type=\"application\/ld+json\" class=\"yoast-schema-graph\">{\"@context\":\"https:\/\/schema.org\",\"@graph\":[{\"@type\":\"WebPage\",\"@id\":\"https:\/\/talkpal.ai\/tr\/tayca-dilbilgisi\/\",\"url\":\"https:\/\/talkpal.ai\/tr\/tayca-dilbilgisi\/\",\"name\":\"Tayca Dilbilgisi - Talkpal\",\"isPartOf\":{\"@id\":\"https:\/\/talkpal.ai\/tr\/#website\"},\"primaryImageOfPage\":{\"@id\":\"https:\/\/talkpal.ai\/tr\/tayca-dilbilgisi\/#primaryimage\"},\"image\":{\"@id\":\"https:\/\/talkpal.ai\/tr\/tayca-dilbilgisi\/#primaryimage\"},\"thumbnailUrl\":\"https:\/\/talkpal.ai\/wp-content\/uploads\/2023\/05\/thailand.png\",\"datePublished\":\"2023-05-14T14:24:42+00:00\",\"dateModified\":\"2025-12-13T15:46:23+00:00\",\"description\":\"Tay dilbilgisinin b\u00fcy\u00fcleyici d\u00fcnyas\u0131n\u0131 ke\u015ffedin. \u00d6\u011frenmeyi keyifli hale getiren sadeli\u011fini ve benzersiz \u00f6zelliklerini ke\u015ffedin.\",\"breadcrumb\":{\"@id\":\"https:\/\/talkpal.ai\/tr\/tayca-dilbilgisi\/#breadcrumb\"},\"inLanguage\":\"tr\",\"potentialAction\":[{\"@type\":\"ReadAction\",\"target\":[\"https:\/\/talkpal.ai\/tr\/tayca-dilbilgisi\/\"]}]},{\"@type\":\"ImageObject\",\"inLanguage\":\"tr\",\"@id\":\"https:\/\/talkpal.ai\/tr\/tayca-dilbilgisi\/#primaryimage\",\"url\":\"https:\/\/talkpal.ai\/wp-content\/uploads\/2023\/05\/thailand.png\",\"contentUrl\":\"https:\/\/talkpal.ai\/wp-content\/uploads\/2023\/05\/thailand.png\",\"width\":512,\"height\":512},{\"@type\":\"BreadcrumbList\",\"@id\":\"https:\/\/talkpal.ai\/tr\/tayca-dilbilgisi\/#breadcrumb\",\"itemListElement\":[{\"@type\":\"ListItem\",\"position\":1,\"name\":\"Homepage\",\"item\":\"https:\/\/talkpal.ai\/tr\/\"},{\"@type\":\"ListItem\",\"position\":2,\"name\":\"Tayca Dilbilgisi\"}]},{\"@type\":\"WebSite\",\"@id\":\"https:\/\/talkpal.ai\/tr\/#website\",\"url\":\"https:\/\/talkpal.ai\/tr\/\",\"name\":\"Talkpal\",\"description\":\"AI Language Learning\",\"publisher\":{\"@id\":\"https:\/\/talkpal.ai\/tr\/#organization\"},\"alternateName\":\"Talkpal AI\",\"potentialAction\":[{\"@type\":\"SearchAction\",\"target\":{\"@type\":\"EntryPoint\",\"urlTemplate\":\"https:\/\/talkpal.ai\/tr\/?s={search_term_string}\"},\"query-input\":{\"@type\":\"PropertyValueSpecification\",\"valueRequired\":true,\"valueName\":\"search_term_string\"}}],\"inLanguage\":\"tr\"},{\"@type\":\"Organization\",\"@id\":\"https:\/\/talkpal.ai\/tr\/#organization\",\"name\":\"Talkpal, Inc.\",\"alternateName\":\"Talkpal AI\",\"url\":\"https:\/\/talkpal.ai\/tr\/\",\"logo\":{\"@type\":\"ImageObject\",\"inLanguage\":\"tr\",\"@id\":\"https:\/\/talkpal.ai\/tr\/#\/schema\/logo\/image\/\",\"url\":\"https:\/\/talkpal.ai\/wp-content\/uploads\/2024\/03\/Talkpal-Logo-Icon.png\",\"contentUrl\":\"https:\/\/talkpal.ai\/wp-content\/uploads\/2024\/03\/Talkpal-Logo-Icon.png\",\"width\":2880,\"height\":2880,\"caption\":\"Talkpal, Inc.\"},\"image\":{\"@id\":\"https:\/\/talkpal.ai\/tr\/#\/schema\/logo\/image\/\"},\"sameAs\":[\"https:\/\/www.facebook.com\/profile.php?id=100090733639311\",\"https:\/\/x.com\/talkpalai\",\"https:\/\/www.linkedin.com\/company\/talkpal\/\",\"https:\/\/www.youtube.com\/@TalkPal\/\",\"https:\/\/www.tiktok.com\/@talkpal\",\"https:\/\/www.instagram.com\/talkpal_ai\/\",\"https:\/\/www.crunchbase.com\/organization\/talkpal-9cde\",\"https:\/\/www.g2.com\/products\/talkpal-for-business\/\",\"https:\/\/www.trustpilot.com\/review\/talkpal.ai\",\"https:\/\/www.capterra.com\/p\/10006800\/TalkPal\/\"],\"description\":\"Talkpal is a language learning web and mobile education app, powered by the latest AI technologies, that provides engaging experiences to its customers in many different languages to help them improve their language skills. Users can chat about unlimited amount of topics with the app and use other modes to practice their language learning.\",\"email\":\"support@talkpal.ai\",\"legalName\":\"Talkpal, Inc.\",\"foundingDate\":\"2023-04-03\",\"duns\":\"118989042\",\"numberOfEmployees\":{\"@type\":\"QuantitativeValue\",\"minValue\":\"11\",\"maxValue\":\"50\"},\"publishingPrinciples\":\"https:\/\/talkpal.ai\/publishing-principles\/\",\"actionableFeedbackPolicy\":\"https:\/\/talkpal.ai\/actionable-feedback-policy\/\",\"correctionsPolicy\":\"https:\/\/talkpal.ai\/corrections-policy\/\",\"ethicsPolicy\":\"https:\/\/talkpal.ai\/ethics-policy\/\",\"diversityPolicy\":\"https:\/\/talkpal.ai\/diversity-policy\/\",\"diversityStaffingReport\":\"https:\/\/talkpal.ai\/diversity-policy\/\"}]}<\/script>\n<!-- \/ Yoast SEO Premium plugin. -->","yoast_head_json":{"title":"Tayca Dilbilgisi - Talkpal","description":"Tay dilbilgisinin b\u00fcy\u00fcleyici d\u00fcnyas\u0131n\u0131 ke\u015ffedin. \u00d6\u011frenmeyi keyifli hale getiren sadeli\u011fini ve benzersiz \u00f6zelliklerini ke\u015ffedin.","robots":{"index":"index","follow":"follow","max-snippet":"max-snippet:-1","max-image-preview":"max-image-preview:large","max-video-preview":"max-video-preview:-1"},"canonical":"https:\/\/talkpal.ai\/tr\/tayca-dilbilgisi\/","og_locale":"tr_TR","og_type":"article","og_title":"Tayca Dilbilgisi","og_description":"Tayca Dilbilgisi: E\u015fsiz Bir Dil D\u00fcnyas\u0131n\u0131 Ke\u015ffetmek Tay dilbilgisi - g\u00f6r\u00fcn\u00fc\u015fte esrarengiz, egzotik ve b\u00fcy\u00fcleyici. Tay dilini \u00f6\u011frenme yolculu\u011funuza","og_url":"https:\/\/talkpal.ai\/tr\/tayca-dilbilgisi\/","og_site_name":"Talkpal","article_publisher":"https:\/\/www.facebook.com\/profile.php?id=100090733639311","article_modified_time":"2025-12-13T15:46:23+00:00","og_image":[{"width":512,"height":512,"url":"https:\/\/talkpal.ai\/wp-content\/uploads\/2023\/05\/thailand.png","type":"image\/png"}],"twitter_card":"summary_large_image","twitter_site":"@talkpalai","twitter_misc":{"Tahmini okuma s\u00fcresi":"3 dakika"},"schema":{"@context":"https:\/\/schema.org","@graph":[{"@type":"WebPage","@id":"https:\/\/talkpal.ai\/tr\/tayca-dilbilgisi\/","url":"https:\/\/talkpal.ai\/tr\/tayca-dilbilgisi\/","name":"Tayca Dilbilgisi - Talkpal","isPartOf":{"@id":"https:\/\/talkpal.ai\/tr\/#website"},"primaryImageOfPage":{"@id":"https:\/\/talkpal.ai\/tr\/tayca-dilbilgisi\/#primaryimage"},"image":{"@id":"https:\/\/talkpal.ai\/tr\/tayca-dilbilgisi\/#primaryimage"},"thumbnailUrl":"https:\/\/talkpal.ai\/wp-content\/uploads\/2023\/05\/thailand.png","datePublished":"2023-05-14T14:24:42+00:00","dateModified":"2025-12-13T15:46:23+00:00","description":"Tay dilbilgisinin b\u00fcy\u00fcleyici d\u00fcnyas\u0131n\u0131 ke\u015ffedin. \u00d6\u011frenmeyi keyifli hale getiren sadeli\u011fini ve benzersiz \u00f6zelliklerini ke\u015ffedin.","breadcrumb":{"@id":"https:\/\/talkpal.ai\/tr\/tayca-dilbilgisi\/#breadcrumb"},"inLanguage":"tr","potentialAction":[{"@type":"ReadAction","target":["https:\/\/talkpal.ai\/tr\/tayca-dilbilgisi\/"]}]},{"@type":"ImageObject","inLanguage":"tr","@id":"https:\/\/talkpal.ai\/tr\/tayca-dilbilgisi\/#primaryimage","url":"https:\/\/talkpal.ai\/wp-content\/uploads\/2023\/05\/thailand.png","contentUrl":"https:\/\/talkpal.ai\/wp-content\/uploads\/2023\/05\/thailand.png","width":512,"height":512},{"@type":"BreadcrumbList","@id":"https:\/\/talkpal.ai\/tr\/tayca-dilbilgisi\/#breadcrumb","itemListElement":[{"@type":"ListItem","position":1,"name":"Homepage","item":"https:\/\/talkpal.ai\/tr\/"},{"@type":"ListItem","position":2,"name":"Tayca Dilbilgisi"}]},{"@type":"WebSite","@id":"https:\/\/talkpal.ai\/tr\/#website","url":"https:\/\/talkpal.ai\/tr\/","name":"Talkpal","description":"AI Language Learning","publisher":{"@id":"https:\/\/talkpal.ai\/tr\/#organization"},"alternateName":"Talkpal AI","potentialAction":[{"@type":"SearchAction","target":{"@type":"EntryPoint","urlTemplate":"https:\/\/talkpal.ai\/tr\/?s={search_term_string}"},"query-input":{"@type":"PropertyValueSpecification","valueRequired":true,"valueName":"search_term_string"}}],"inLanguage":"tr"},{"@type":"Organization","@id":"https:\/\/talkpal.ai\/tr\/#organization","name":"Talkpal, Inc.","alternateName":"Talkpal AI","url":"https:\/\/talkpal.ai\/tr\/","logo":{"@type":"ImageObject","inLanguage":"tr","@id":"https:\/\/talkpal.ai\/tr\/#\/schema\/logo\/image\/","url":"https:\/\/talkpal.ai\/wp-content\/uploads\/2024\/03\/Talkpal-Logo-Icon.png","contentUrl":"https:\/\/talkpal.ai\/wp-content\/uploads\/2024\/03\/Talkpal-Logo-Icon.png","width":2880,"height":2880,"caption":"Talkpal, Inc."},"image":{"@id":"https:\/\/talkpal.ai\/tr\/#\/schema\/logo\/image\/"},"sameAs":["https:\/\/www.facebook.com\/profile.php?id=100090733639311","https:\/\/x.com\/talkpalai","https:\/\/www.linkedin.com\/company\/talkpal\/","https:\/\/www.youtube.com\/@TalkPal\/","https:\/\/www.tiktok.com\/@talkpal","https:\/\/www.instagram.com\/talkpal_ai\/","https:\/\/www.crunchbase.com\/organization\/talkpal-9cde","https:\/\/www.g2.com\/products\/talkpal-for-business\/","https:\/\/www.trustpilot.com\/review\/talkpal.ai","https:\/\/www.capterra.com\/p\/10006800\/TalkPal\/"],"description":"Talkpal is a language learning web and mobile education app, powered by the latest AI technologies, that provides engaging experiences to its customers in many different languages to help them improve their language skills. Users can chat about unlimited amount of topics with the app and use other modes to practice their language learning.","email":"support@talkpal.ai","legalName":"Talkpal, Inc.","foundingDate":"2023-04-03","duns":"118989042","numberOfEmployees":{"@type":"QuantitativeValue","minValue":"11","maxValue":"50"},"publishingPrinciples":"https:\/\/talkpal.ai\/publishing-principles\/","actionableFeedbackPolicy":"https:\/\/talkpal.ai\/actionable-feedback-policy\/","correctionsPolicy":"https:\/\/talkpal.ai\/corrections-policy\/","ethicsPolicy":"https:\/\/talkpal.ai\/ethics-policy\/","diversityPolicy":"https:\/\/talkpal.ai\/diversity-policy\/","diversityStaffingReport":"https:\/\/talkpal.ai\/diversity-policy\/"}]}},"_links":{"self":[{"href":"https:\/\/talkpal.ai\/tr\/wp-json\/wp\/v2\/pages\/153497","targetHints":{"allow":["GET"]}}],"collection":[{"href":"https:\/\/talkpal.ai\/tr\/wp-json\/wp\/v2\/pages"}],"about":[{"href":"https:\/\/talkpal.ai\/tr\/wp-json\/wp\/v2\/types\/page"}],"author":[{"embeddable":true,"href":"https:\/\/talkpal.ai\/tr\/wp-json\/wp\/v2\/users\/1"}],"replies":[{"embeddable":true,"href":"https:\/\/talkpal.ai\/tr\/wp-json\/wp\/v2\/comments?post=153497"}],"version-history":[{"count":0,"href":"https:\/\/talkpal.ai\/tr\/wp-json\/wp\/v2\/pages\/153497\/revisions"}],"wp:featuredmedia":[{"embeddable":true,"href":"https:\/\/talkpal.ai\/tr\/wp-json\/wp\/v2\/media\/120703"}],"wp:attachment":[{"href":"https:\/\/talkpal.ai\/tr\/wp-json\/wp\/v2\/media?parent=153497"}],"curies":[{"name":"wp","href":"https:\/\/api.w.org\/{rel}","templated":true}]}}