{"id":152794,"date":"2023-05-14T14:23:21","date_gmt":"2023-05-14T14:23:21","guid":{"rendered":"http:\/\/talkpal.ai\/tagalogca-dilbilgisi\/"},"modified":"2025-12-17T15:38:19","modified_gmt":"2025-12-17T15:38:19","slug":"tagalogca-dilbilgisi","status":"publish","type":"page","link":"https:\/\/talkpal.ai\/tr\/tagalogca-dilbilgisi\/","title":{"rendered":"Tagalogca Dilbilgisi"},"content":{"rendered":"\r\n\r\n\r\n<section class=\"languageChallengeSection\">\r\n    <div class=\"languageInfoWrapper\">\r\n        \r\n        <h1>Tagalogca Dilbilgisi<\/h1>\r\n        <p>Tagalogca \u00f6\u011frenmek i\u00e7in heyecanl\u0131 m\u0131s\u0131n\u0131z? Benzersiz fiil odak sistemlerinin, esnek c\u00fcmle s\u0131ras\u0131n\u0131n ve yard\u0131mc\u0131 par\u00e7ac\u0131klar\u0131n ilgin\u00e7 oldu\u011fu kadar etkileyici bir dil olu\u015fturdu\u011fu Tagalogca dilbilgisini ke\u015ffedin. Yolculu\u011funuza \u015fimdi ba\u015flay\u0131n &#8211; Tagalogca dilbilgisine hakim olmak, g\u00fcvenle ileti\u015fim kurman\u0131za ve kendinizi Filipinler&#039;in canl\u0131 k\u00fclt\u00fcr\u00fcne kapt\u0131rman\u0131za yard\u0131mc\u0131 olacakt\u0131r!<\/p>\r\n\r\n                            <a class=\"getStartedHidden\" href=\"https:\/\/app.talkpal.ai\/tr\/signup?lng=\">Hadi ba\u015fla<\/a>\r\n        \r\n    <\/div>\r\n\r\n    <figure>\r\n    <img decoding=\"async\" width=\"768\" height=\"768\" src=\"https:\/\/talkpal.ai\/wp-content\/uploads\/2023\/06\/tagalog-768x768.png\" class=\"languageImage no-lazy\" alt=\"Overcoming challenges in language learning\" fetchpriority=\"high\" sizes=\"(max-width: 768px) 150px, 768px\" srcset=\"https:\/\/talkpal.ai\/wp-content\/uploads\/2023\/06\/tagalog-768x768.png 768w, https:\/\/talkpal.ai\/wp-content\/uploads\/2023\/06\/tagalog-300x300.png 300w\" \/>\r\n    \r\n\r\n    <\/figure>\r\n\r\n            <a class=\"getStartedVisible\" href=\"https:\/\/app.talkpal.ai\/tr\/signup?lng=\">Hadi ba\u015fla<\/a>\r\n    \r\n<\/section>\r\n<section class=\"promotionalBanner\">\r\n    <p class=\"promotionalText\">Dil \u00f6\u011frenmenin en etkili yolu<\/p>\r\n    <a class=\"promotionalLink\" href=\"https:\/\/app.talkpal.ai\/tr\/signup?lng=\">Talkpal \u00fccretsiz deneyin<\/a>\r\n<\/section>\n<div class=\"wp-block-group pageContainerStyle\"><div class=\"wp-block-group__inner-container is-layout-constrained wp-block-group-is-layout-constrained\">\n<h1 class=\"wp-block-heading\" id=\"h-tagalog-grammar-get-to-know-the-heart-of-filipino-language\">Tagalogca Dilbilgisi: Filipin Dilinin Kalbini Tan\u0131y\u0131n<\/h1>\n\n\n\n<p>Filipinler&#8217;in ulusal dili olan Filipince&#8217;nin temeli olan Tagalogca, d\u00fcnya \u00e7ap\u0131nda milyonlarca insan taraf\u0131ndan konu\u015fulmaktad\u0131r. Tagalog&#8217;u \u00f6\u011frenmek i\u00e7in \u00f6nce karma\u015f\u0131k ve b\u00fcy\u00fcleyici dilbilgisini anlamal\u0131s\u0131n\u0131z. Bu yaz\u0131da, Tagalogca dilbilgisinin temel y\u00f6nlerini inceleyece\u011fiz ve bu g\u00fczel dili konu\u015fkan ve arkada\u015f\u00e7a bir \u015fekilde takdir etmenize yard\u0131mc\u0131 olaca\u011f\u0131z.<\/p>\n\n\n\n<h3 class=\"wp-block-heading\" id=\"h-1-nouns-genderless-countable-and-uncountable\">1. \u0130simler \u2013 Cinsiyetsiz, Say\u0131labilir ve Say\u0131lamaz<\/h3>\n\n\n\n<p>Tagalog&#8217;da isimler (pangngalan) cinsiyete g\u00f6re kategorize edilmez, bu da di\u011fer baz\u0131 dillere g\u00f6re y\u00f6netilmesini kolayla\u015ft\u0131r\u0131r. Yayg\u0131n isimler insanlara, hayvanlara, yerlere, \u015feylere veya fikirlere at\u0131fta bulunur ve \u00f6zel isimler belirli isimleri belirtir. Hem say\u0131labilen (tahanan, &#8220;ev&#8221; anlam\u0131na gelir) hem de say\u0131lamayan isimlerle (tubig, &#8220;su&#8221; anlam\u0131na gelir) kar\u015f\u0131la\u015facaks\u0131n\u0131z. \u0130simler ayr\u0131ca &#8220;mga&#8221; gibi belirli i\u015faretler eklenerek \u00e7o\u011ful formlara d\u00f6n\u00fc\u015ft\u00fcr\u00fclebilir.<\/p>\n\n\n\n<h3 class=\"wp-block-heading\" id=\"h-2-adjectives-describing-with-flair\">2. S\u0131fatlar \u2013 Yetenekle Tan\u0131mlamak<\/h3>\n\n\n\n<p>S\u0131fatlar (pang-uri), Tagalog&#8217;da s\u0131fatlar\u0131 kullanman\u0131n \u00e7e\u015fitli yollar\u0131yla birlikte isimler hakk\u0131nda daha fazla bilgi sa\u011flar. \u0130simlerin kar\u015f\u0131la\u015ft\u0131r\u0131lmas\u0131, kar\u015f\u0131la\u015ft\u0131rmal\u0131 ve \u00fcst\u00fcnl\u00fck dereceleri olu\u015fturmak i\u00e7in &#8220;mas&#8221; ve &#8220;pinaka&#8221; belirte\u00e7leri kullan\u0131larak s\u0131fatlar arac\u0131l\u0131\u011f\u0131yla ger\u00e7ekle\u015ftirilir. \u00d6rne\u011fin, &#8220;maganda&#8221; &#8220;g\u00fczel&#8221; anlam\u0131na gelirken, &#8220;mas maganda&#8221; &#8220;daha g\u00fczel&#8221; ve &#8220;pinakamaganda&#8221; &#8220;en g\u00fczel&#8221; anlam\u0131na gelir.<\/p>\n\n\n\n<h3 class=\"wp-block-heading\" id=\"h-3-pronouns-keeping-it-personal\">3. Zamirler \u2013 Ki\u015fisel Tutmak<\/h3>\n\n\n\n<p><a href=\"https:\/\/talkpal.ai\/tagalog-grammar\/\">Tagalogca dilbilgisi<\/a> ki\u015fisel, iyelik, g\u00f6sterici, soru ve ilgi zamirlerinden olu\u015fur. Ki\u015fi zamirleri \u00fc\u00e7 durumda gelir: nominatif (\u00f6zneyi g\u00f6steren), genitive (m\u00fclkiyeti g\u00f6steren) ve accusative (nesneyi g\u00f6steren). &#8220;ito&#8221; (bu) ve &#8220;iyan&#8221; (\u015fu) gibi i\u015faret zamirleri belirli \u015feylere i\u015faret etmek i\u00e7in kullan\u0131l\u0131rken, soru zamirleri soru sormak i\u00e7in kullan\u0131l\u0131r.<\/p>\n\n\n\n<h3 class=\"wp-block-heading\" id=\"h-4-verbs-conjugation-and-focus\">4. Fiiller \u2013 Fiil \u00c7ekimi ve Odaklanma<\/h3>\n\n\n\n<p>Tagalogca fiiller (pandiwa) c\u00fcmle yap\u0131m\u0131nda hayati bir rol oynar ve \u00e7ekimleri farkl\u0131d\u0131r. Tagalogca&#8217;daki fiil \u00e7ekimleri zaman de\u011fi\u015fiklikleri yerine y\u00f6n de\u011fi\u015fikliklerini i\u00e7erir. \u00dc\u00e7 fiil y\u00f6n\u00fc vard\u0131r: tamamlanm\u0131\u015f (m\u00fckemmel), tamamlanmam\u0131\u015f (kusurlu) ve d\u00fc\u015f\u00fcn\u00fclm\u00fc\u015f (gelecek).  <\/p>\n\n\n\n<p>Ayr\u0131ca <a href=\"https:\/\/talkpal.ai\/learn-tagalog\/\">Tagalog<\/a>, fiillerle ilgili benzersiz bir odak sistemine sahiptir. Bu sistemde fiil formu, eylemin nesnesi, \u00f6znesi veya y\u00f6n\u00fc gibi c\u00fcmlenin hangi b\u00f6l\u00fcm\u00fcne odaklan\u0131ld\u0131\u011f\u0131na ba\u011fl\u0131 olarak de\u011fi\u015fir. &#8220;um-&#8220;, &#8220;mag-&#8221; ve &#8220;-in&#8221; gibi anahtar i\u015faretleyiciler, c\u00fcmlelerdeki \u00e7e\u015fitli n\u00fcanslar\u0131 aktarmaya yard\u0131mc\u0131 olur.<\/p>\n\n\n\n<h3 class=\"wp-block-heading\" id=\"h-5-embracing-the-journey\">5. Yolculu\u011fu Kucaklamak<\/h3>\n\n\n\n<p>Tagalogca dilbilgisi \u00f6\u011frenmek zaman, \u00e7aba ve biraz sab\u0131r gerektirir. Bununla birlikte, benzersizli\u011fi, bir kez ustala\u015f\u0131ld\u0131\u011f\u0131nda, Filipin k\u00fclt\u00fcr\u00fc ve miras\u0131 hakk\u0131nda benzersiz bilgiler sa\u011flar. A\u00e7\u0131k fikirli olun, s\u00fcrekli pratik yap\u0131n ve konu\u015furken hata yapmaktan korkmay\u0131n.<\/p>\n\n\n\n<p>Tagalog dilbilgisinin n\u00fcanslar\u0131na daha derinlemesine dald\u0131\u011f\u0131n\u0131zda, sundu\u011fu canl\u0131l\u0131\u011f\u0131n ve zenginli\u011fin tad\u0131n\u0131 \u00e7\u0131karmak i\u00e7in zaman ay\u0131r\u0131n. Bu dili ger\u00e7ekten ola\u011fan\u00fcst\u00fc k\u0131lan karma\u015f\u0131kl\u0131klar hakk\u0131ndaki anlay\u0131\u015f\u0131n\u0131z\u0131n tad\u0131n\u0131 \u00e7\u0131kar\u0131n. Maligayang pag-aaral\u2014mutlu \u00f6\u011frenme!<\/p>\n<\/div><\/div>\n\r\n<section class=\"learnNavigationSection\">\r\n            \r\n        <a href=\"https:\/\/talkpal.ai\/tr\/tagalogca-ogren\/\">\r\n            <div class=\"learnNavigationWrapper\">\r\n                <div class=\"learnNavigationContent\">\r\n                    <img decoding=\"async\" src=\"https:\/\/talkpal.ai\/wp-content\/uploads\/2024\/08\/Tagalog.jpg\" alt=\"Philippines Flag\">\r\n                    <div>\r\n                        <h4>Tagalogca \u00d6\u011frenimi Hakk\u0131nda<\/h4>\r\n                        <p>Tagalogca dilbilgisi hakk\u0131nda her \u015feyi \u00f6\u011frenin .<\/p>\r\n                    <\/div>\r\n                <\/div>\r\n            <\/div>\r\n        <\/a>\r\n\r\n        \r\n        <a href=\"https:\/\/talkpal.ai\/tr\/tagalogca-dilbilgisi-alistirmalari\/\">\r\n            <div class=\"learnNavigationWrapper\">\r\n                <div class=\"learnNavigationContent\">\r\n                    <img decoding=\"async\" src=\"https:\/\/talkpal.ai\/wp-content\/uploads\/2024\/08\/Tagalog.jpg\" alt=\"Philippines Flag\">\r\n                    <div>\r\n                        <h4>Tagalog Dilbilgisi Al\u0131\u015ft\u0131rmas\u0131<\/h4>\r\n                        <p>Tagalogca dilbilgisi al\u0131\u015ft\u0131rmas\u0131 yap\u0131n .<\/p>\r\n                    <\/div>\r\n                <\/div>\r\n            <\/div>\r\n        <\/a>\r\n\r\n        \r\n        <a href=\"https:\/\/talkpal.ai\/vocabulary_language\/tagalog\/\">\r\n            <div class=\"learnNavigationWrapper\">\r\n                <div class=\"learnNavigationContent\">\r\n                    <img decoding=\"async\" src=\"https:\/\/talkpal.ai\/wp-content\/uploads\/2024\/08\/Tagalog.jpg\" alt=\"Philippines Flag\">\r\n                    <div>\r\n                        <h4>Tagalogca Kelime Bilgisi<\/h4>\r\n                        <p>Tagalogca kelime da\u011farc\u0131\u011f\u0131n\u0131z\u0131 geni\u015fletin.<\/p>\r\n                    <\/div>\r\n                <\/div>\r\n            <\/div>\r\n        <\/a>\r\n\r\n            <\/section>","protected":false},"excerpt":{"rendered":"<p>Tagalogca Dilbilgisi: Filipin Dilinin Kalbini Tan\u0131y\u0131n Filipinler&#8217;in ulusal dili olan Filipince&#8217;nin temeli olan Tagalogca, d\u00fcnya \u00e7ap\u0131nda milyonlarca insan taraf\u0131ndan konu\u015fulmaktad\u0131r. Tagalog&#8217;u \u00f6\u011frenmek i\u00e7in \u00f6nce karma\u015f\u0131k ve b\u00fcy\u00fcleyici dilbilgisini anlamal\u0131s\u0131n\u0131z. Bu yaz\u0131da, Tagalogca dilbilgisinin temel y\u00f6nlerini inceleyece\u011fiz ve bu g\u00fczel dili konu\u015fkan ve arkada\u015f\u00e7a bir \u015fekilde takdir etmenize yard\u0131mc\u0131 olaca\u011f\u0131z. 1. \u0130simler \u2013 Cinsiyetsiz, Say\u0131labilir ve [&hellip;]<\/p>\n","protected":false},"author":1,"featured_media":119973,"parent":0,"menu_order":0,"comment_status":"closed","ping_status":"closed","template":"LearningContentPage.php","meta":{"_acf_changed":false,"footnotes":""},"class_list":["post-152794","page","type-page","status-publish","has-post-thumbnail","hentry"],"acf":[],"yoast_head":"<!-- This site is optimized with the Yoast SEO Premium plugin v27.2 (Yoast SEO v27.2) - https:\/\/yoast.com\/product\/yoast-seo-premium-wordpress\/ -->\n<title>Tagalogca Dilbilgisi - Talkpal<\/title>\n<meta name=\"description\" content=\"Tagalogca dilbilgisi temellerini ke\u015ffedin ve bu g\u00fczel dili basit ve samimi bir \u015fekilde nas\u0131l takdir edece\u011finizi \u00f6\u011frenin.\" \/>\n<meta name=\"robots\" content=\"index, follow, max-snippet:-1, max-image-preview:large, max-video-preview:-1\" \/>\n<link rel=\"canonical\" href=\"https:\/\/talkpal.ai\/tr\/tagalogca-dilbilgisi\/\" \/>\n<meta property=\"og:locale\" content=\"tr_TR\" \/>\n<meta property=\"og:type\" content=\"article\" \/>\n<meta property=\"og:title\" content=\"Tagalogca Dilbilgisi\" \/>\n<meta property=\"og:description\" content=\"Tagalogca Dilbilgisi: Filipin Dilinin Kalbini Tan\u0131y\u0131n Filipinler&#039;in ulusal dili olan Filipince&#039;nin temeli olan Tagalogca, d\u00fcnya \u00e7ap\u0131nda milyonlarca insan\" \/>\n<meta property=\"og:url\" content=\"https:\/\/talkpal.ai\/tr\/tagalogca-dilbilgisi\/\" \/>\n<meta property=\"og:site_name\" content=\"Talkpal\" \/>\n<meta property=\"article:publisher\" content=\"https:\/\/www.facebook.com\/profile.php?id=100090733639311\" \/>\n<meta property=\"article:modified_time\" content=\"2025-12-17T15:38:19+00:00\" \/>\n<meta property=\"og:image\" content=\"https:\/\/talkpal.ai\/wp-content\/uploads\/2023\/05\/Tagalog-philippines.png\" \/>\n\t<meta property=\"og:image:width\" content=\"512\" \/>\n\t<meta property=\"og:image:height\" content=\"512\" \/>\n\t<meta property=\"og:image:type\" content=\"image\/png\" \/>\n<meta name=\"twitter:card\" content=\"summary_large_image\" \/>\n<meta name=\"twitter:site\" content=\"@talkpalai\" \/>\n<meta name=\"twitter:label1\" content=\"Tahmini okuma s\u00fcresi\" \/>\n\t<meta name=\"twitter:data1\" content=\"3 dakika\" \/>\n<script type=\"application\/ld+json\" class=\"yoast-schema-graph\">{\"@context\":\"https:\/\/schema.org\",\"@graph\":[{\"@type\":\"WebPage\",\"@id\":\"https:\/\/talkpal.ai\/tr\/tagalogca-dilbilgisi\/\",\"url\":\"https:\/\/talkpal.ai\/tr\/tagalogca-dilbilgisi\/\",\"name\":\"Tagalogca Dilbilgisi - Talkpal\",\"isPartOf\":{\"@id\":\"https:\/\/talkpal.ai\/tr\/#website\"},\"primaryImageOfPage\":{\"@id\":\"https:\/\/talkpal.ai\/tr\/tagalogca-dilbilgisi\/#primaryimage\"},\"image\":{\"@id\":\"https:\/\/talkpal.ai\/tr\/tagalogca-dilbilgisi\/#primaryimage\"},\"thumbnailUrl\":\"https:\/\/talkpal.ai\/wp-content\/uploads\/2023\/05\/Tagalog-philippines.png\",\"datePublished\":\"2023-05-14T14:23:21+00:00\",\"dateModified\":\"2025-12-17T15:38:19+00:00\",\"description\":\"Tagalogca dilbilgisi temellerini ke\u015ffedin ve bu g\u00fczel dili basit ve samimi bir \u015fekilde nas\u0131l takdir edece\u011finizi \u00f6\u011frenin.\",\"breadcrumb\":{\"@id\":\"https:\/\/talkpal.ai\/tr\/tagalogca-dilbilgisi\/#breadcrumb\"},\"inLanguage\":\"tr\",\"potentialAction\":[{\"@type\":\"ReadAction\",\"target\":[\"https:\/\/talkpal.ai\/tr\/tagalogca-dilbilgisi\/\"]}]},{\"@type\":\"ImageObject\",\"inLanguage\":\"tr\",\"@id\":\"https:\/\/talkpal.ai\/tr\/tagalogca-dilbilgisi\/#primaryimage\",\"url\":\"https:\/\/talkpal.ai\/wp-content\/uploads\/2023\/05\/Tagalog-philippines.png\",\"contentUrl\":\"https:\/\/talkpal.ai\/wp-content\/uploads\/2023\/05\/Tagalog-philippines.png\",\"width\":512,\"height\":512},{\"@type\":\"BreadcrumbList\",\"@id\":\"https:\/\/talkpal.ai\/tr\/tagalogca-dilbilgisi\/#breadcrumb\",\"itemListElement\":[{\"@type\":\"ListItem\",\"position\":1,\"name\":\"Homepage\",\"item\":\"https:\/\/talkpal.ai\/tr\/\"},{\"@type\":\"ListItem\",\"position\":2,\"name\":\"Tagalogca Dilbilgisi\"}]},{\"@type\":\"WebSite\",\"@id\":\"https:\/\/talkpal.ai\/tr\/#website\",\"url\":\"https:\/\/talkpal.ai\/tr\/\",\"name\":\"Talkpal\",\"description\":\"AI Language Learning\",\"publisher\":{\"@id\":\"https:\/\/talkpal.ai\/tr\/#organization\"},\"alternateName\":\"Talkpal AI\",\"potentialAction\":[{\"@type\":\"SearchAction\",\"target\":{\"@type\":\"EntryPoint\",\"urlTemplate\":\"https:\/\/talkpal.ai\/tr\/?s={search_term_string}\"},\"query-input\":{\"@type\":\"PropertyValueSpecification\",\"valueRequired\":true,\"valueName\":\"search_term_string\"}}],\"inLanguage\":\"tr\"},{\"@type\":\"Organization\",\"@id\":\"https:\/\/talkpal.ai\/tr\/#organization\",\"name\":\"Talkpal, Inc.\",\"alternateName\":\"Talkpal AI\",\"url\":\"https:\/\/talkpal.ai\/tr\/\",\"logo\":{\"@type\":\"ImageObject\",\"inLanguage\":\"tr\",\"@id\":\"https:\/\/talkpal.ai\/tr\/#\/schema\/logo\/image\/\",\"url\":\"https:\/\/talkpal.ai\/wp-content\/uploads\/2024\/03\/Talkpal-Logo-Icon.png\",\"contentUrl\":\"https:\/\/talkpal.ai\/wp-content\/uploads\/2024\/03\/Talkpal-Logo-Icon.png\",\"width\":2880,\"height\":2880,\"caption\":\"Talkpal, Inc.\"},\"image\":{\"@id\":\"https:\/\/talkpal.ai\/tr\/#\/schema\/logo\/image\/\"},\"sameAs\":[\"https:\/\/www.facebook.com\/profile.php?id=100090733639311\",\"https:\/\/x.com\/talkpalai\",\"https:\/\/www.linkedin.com\/company\/talkpal\/\",\"https:\/\/www.youtube.com\/@TalkPal\/\",\"https:\/\/www.tiktok.com\/@talkpal\",\"https:\/\/www.instagram.com\/talkpal_ai\/\",\"https:\/\/www.crunchbase.com\/organization\/talkpal-9cde\",\"https:\/\/www.g2.com\/products\/talkpal-for-business\/\",\"https:\/\/www.trustpilot.com\/review\/talkpal.ai\",\"https:\/\/www.capterra.com\/p\/10006800\/TalkPal\/\"],\"description\":\"Talkpal is a language learning web and mobile education app, powered by the latest AI technologies, that provides engaging experiences to its customers in many different languages to help them improve their language skills. Users can chat about unlimited amount of topics with the app and use other modes to practice their language learning.\",\"email\":\"support@talkpal.ai\",\"legalName\":\"Talkpal, Inc.\",\"foundingDate\":\"2023-04-03\",\"duns\":\"118989042\",\"numberOfEmployees\":{\"@type\":\"QuantitativeValue\",\"minValue\":\"11\",\"maxValue\":\"50\"},\"publishingPrinciples\":\"https:\/\/talkpal.ai\/publishing-principles\/\",\"actionableFeedbackPolicy\":\"https:\/\/talkpal.ai\/actionable-feedback-policy\/\",\"correctionsPolicy\":\"https:\/\/talkpal.ai\/corrections-policy\/\",\"ethicsPolicy\":\"https:\/\/talkpal.ai\/ethics-policy\/\",\"diversityPolicy\":\"https:\/\/talkpal.ai\/diversity-policy\/\",\"diversityStaffingReport\":\"https:\/\/talkpal.ai\/diversity-policy\/\"}]}<\/script>\n<!-- \/ Yoast SEO Premium plugin. -->","yoast_head_json":{"title":"Tagalogca Dilbilgisi - Talkpal","description":"Tagalogca dilbilgisi temellerini ke\u015ffedin ve bu g\u00fczel dili basit ve samimi bir \u015fekilde nas\u0131l takdir edece\u011finizi \u00f6\u011frenin.","robots":{"index":"index","follow":"follow","max-snippet":"max-snippet:-1","max-image-preview":"max-image-preview:large","max-video-preview":"max-video-preview:-1"},"canonical":"https:\/\/talkpal.ai\/tr\/tagalogca-dilbilgisi\/","og_locale":"tr_TR","og_type":"article","og_title":"Tagalogca Dilbilgisi","og_description":"Tagalogca Dilbilgisi: Filipin Dilinin Kalbini Tan\u0131y\u0131n Filipinler'in ulusal dili olan Filipince'nin temeli olan Tagalogca, d\u00fcnya \u00e7ap\u0131nda milyonlarca insan","og_url":"https:\/\/talkpal.ai\/tr\/tagalogca-dilbilgisi\/","og_site_name":"Talkpal","article_publisher":"https:\/\/www.facebook.com\/profile.php?id=100090733639311","article_modified_time":"2025-12-17T15:38:19+00:00","og_image":[{"width":512,"height":512,"url":"https:\/\/talkpal.ai\/wp-content\/uploads\/2023\/05\/Tagalog-philippines.png","type":"image\/png"}],"twitter_card":"summary_large_image","twitter_site":"@talkpalai","twitter_misc":{"Tahmini okuma s\u00fcresi":"3 dakika"},"schema":{"@context":"https:\/\/schema.org","@graph":[{"@type":"WebPage","@id":"https:\/\/talkpal.ai\/tr\/tagalogca-dilbilgisi\/","url":"https:\/\/talkpal.ai\/tr\/tagalogca-dilbilgisi\/","name":"Tagalogca Dilbilgisi - Talkpal","isPartOf":{"@id":"https:\/\/talkpal.ai\/tr\/#website"},"primaryImageOfPage":{"@id":"https:\/\/talkpal.ai\/tr\/tagalogca-dilbilgisi\/#primaryimage"},"image":{"@id":"https:\/\/talkpal.ai\/tr\/tagalogca-dilbilgisi\/#primaryimage"},"thumbnailUrl":"https:\/\/talkpal.ai\/wp-content\/uploads\/2023\/05\/Tagalog-philippines.png","datePublished":"2023-05-14T14:23:21+00:00","dateModified":"2025-12-17T15:38:19+00:00","description":"Tagalogca dilbilgisi temellerini ke\u015ffedin ve bu g\u00fczel dili basit ve samimi bir \u015fekilde nas\u0131l takdir edece\u011finizi \u00f6\u011frenin.","breadcrumb":{"@id":"https:\/\/talkpal.ai\/tr\/tagalogca-dilbilgisi\/#breadcrumb"},"inLanguage":"tr","potentialAction":[{"@type":"ReadAction","target":["https:\/\/talkpal.ai\/tr\/tagalogca-dilbilgisi\/"]}]},{"@type":"ImageObject","inLanguage":"tr","@id":"https:\/\/talkpal.ai\/tr\/tagalogca-dilbilgisi\/#primaryimage","url":"https:\/\/talkpal.ai\/wp-content\/uploads\/2023\/05\/Tagalog-philippines.png","contentUrl":"https:\/\/talkpal.ai\/wp-content\/uploads\/2023\/05\/Tagalog-philippines.png","width":512,"height":512},{"@type":"BreadcrumbList","@id":"https:\/\/talkpal.ai\/tr\/tagalogca-dilbilgisi\/#breadcrumb","itemListElement":[{"@type":"ListItem","position":1,"name":"Homepage","item":"https:\/\/talkpal.ai\/tr\/"},{"@type":"ListItem","position":2,"name":"Tagalogca Dilbilgisi"}]},{"@type":"WebSite","@id":"https:\/\/talkpal.ai\/tr\/#website","url":"https:\/\/talkpal.ai\/tr\/","name":"Talkpal","description":"AI Language Learning","publisher":{"@id":"https:\/\/talkpal.ai\/tr\/#organization"},"alternateName":"Talkpal AI","potentialAction":[{"@type":"SearchAction","target":{"@type":"EntryPoint","urlTemplate":"https:\/\/talkpal.ai\/tr\/?s={search_term_string}"},"query-input":{"@type":"PropertyValueSpecification","valueRequired":true,"valueName":"search_term_string"}}],"inLanguage":"tr"},{"@type":"Organization","@id":"https:\/\/talkpal.ai\/tr\/#organization","name":"Talkpal, Inc.","alternateName":"Talkpal AI","url":"https:\/\/talkpal.ai\/tr\/","logo":{"@type":"ImageObject","inLanguage":"tr","@id":"https:\/\/talkpal.ai\/tr\/#\/schema\/logo\/image\/","url":"https:\/\/talkpal.ai\/wp-content\/uploads\/2024\/03\/Talkpal-Logo-Icon.png","contentUrl":"https:\/\/talkpal.ai\/wp-content\/uploads\/2024\/03\/Talkpal-Logo-Icon.png","width":2880,"height":2880,"caption":"Talkpal, Inc."},"image":{"@id":"https:\/\/talkpal.ai\/tr\/#\/schema\/logo\/image\/"},"sameAs":["https:\/\/www.facebook.com\/profile.php?id=100090733639311","https:\/\/x.com\/talkpalai","https:\/\/www.linkedin.com\/company\/talkpal\/","https:\/\/www.youtube.com\/@TalkPal\/","https:\/\/www.tiktok.com\/@talkpal","https:\/\/www.instagram.com\/talkpal_ai\/","https:\/\/www.crunchbase.com\/organization\/talkpal-9cde","https:\/\/www.g2.com\/products\/talkpal-for-business\/","https:\/\/www.trustpilot.com\/review\/talkpal.ai","https:\/\/www.capterra.com\/p\/10006800\/TalkPal\/"],"description":"Talkpal is a language learning web and mobile education app, powered by the latest AI technologies, that provides engaging experiences to its customers in many different languages to help them improve their language skills. Users can chat about unlimited amount of topics with the app and use other modes to practice their language learning.","email":"support@talkpal.ai","legalName":"Talkpal, Inc.","foundingDate":"2023-04-03","duns":"118989042","numberOfEmployees":{"@type":"QuantitativeValue","minValue":"11","maxValue":"50"},"publishingPrinciples":"https:\/\/talkpal.ai\/publishing-principles\/","actionableFeedbackPolicy":"https:\/\/talkpal.ai\/actionable-feedback-policy\/","correctionsPolicy":"https:\/\/talkpal.ai\/corrections-policy\/","ethicsPolicy":"https:\/\/talkpal.ai\/ethics-policy\/","diversityPolicy":"https:\/\/talkpal.ai\/diversity-policy\/","diversityStaffingReport":"https:\/\/talkpal.ai\/diversity-policy\/"}]}},"_links":{"self":[{"href":"https:\/\/talkpal.ai\/tr\/wp-json\/wp\/v2\/pages\/152794","targetHints":{"allow":["GET"]}}],"collection":[{"href":"https:\/\/talkpal.ai\/tr\/wp-json\/wp\/v2\/pages"}],"about":[{"href":"https:\/\/talkpal.ai\/tr\/wp-json\/wp\/v2\/types\/page"}],"author":[{"embeddable":true,"href":"https:\/\/talkpal.ai\/tr\/wp-json\/wp\/v2\/users\/1"}],"replies":[{"embeddable":true,"href":"https:\/\/talkpal.ai\/tr\/wp-json\/wp\/v2\/comments?post=152794"}],"version-history":[{"count":0,"href":"https:\/\/talkpal.ai\/tr\/wp-json\/wp\/v2\/pages\/152794\/revisions"}],"wp:featuredmedia":[{"embeddable":true,"href":"https:\/\/talkpal.ai\/tr\/wp-json\/wp\/v2\/media\/119973"}],"wp:attachment":[{"href":"https:\/\/talkpal.ai\/tr\/wp-json\/wp\/v2\/media?parent=152794"}],"curies":[{"name":"wp","href":"https:\/\/api.w.org\/{rel}","templated":true}]}}