{"id":152459,"date":"2023-05-14T14:23:00","date_gmt":"2023-05-14T14:23:00","guid":{"rendered":"http:\/\/talkpal.ai\/vietnamca-dilbilgisi\/"},"modified":"2025-12-12T11:04:03","modified_gmt":"2025-12-12T11:04:03","slug":"vietnamca-dilbilgisi","status":"publish","type":"page","link":"https:\/\/talkpal.ai\/tr\/vietnamca-dilbilgisi\/","title":{"rendered":"Vietnamca Dilbilgisi"},"content":{"rendered":"\r\n\r\n\r\n<section class=\"languageChallengeSection\">\r\n    <div class=\"languageInfoWrapper\">\r\n        \r\n        <h1>Vietnamca Dilbilgisi<\/h1>\r\n        <p>Vietnamca dilbilgisi basitli\u011fi ve mant\u0131ksal yap\u0131s\u0131yla bilinir, bu da onu yeni \u00f6\u011frenenler i\u00e7in ula\u015f\u0131labilir k\u0131lar. Romal\u0131la\u015ft\u0131r\u0131lm\u0131\u015f alfabe, fiil \u00e7ekimleri ve minimum \u00e7o\u011ful kullan\u0131m\u0131 ile \u00f6\u011frenciler h\u0131zl\u0131 bir \u015fekilde kelime bilgisi ve konu\u015fma becerileri geli\u015ftirmeye odaklanabilirler. Vietnamcay\u0131 ke\u015ffetmek sadece dili \u00f6\u011frenmekle ilgili de\u011fildir &#8211; ayn\u0131 zamanda \u00fclkenin zengin k\u00fclt\u00fcr\u00fcne ve tarihine de bir pencere a\u00e7ar.<\/p>\r\n\r\n                            <a class=\"getStartedHidden\" href=\"https:\/\/app.talkpal.ai\/tr\/signup?lng=\">Hadi ba\u015fla<\/a>\r\n        \r\n    <\/div>\r\n\r\n    <figure>\r\n    <img decoding=\"async\" width=\"768\" height=\"768\" src=\"https:\/\/talkpal.ai\/wp-content\/uploads\/2023\/06\/vietnamese-768x768.png\" class=\"languageImage no-lazy\" alt=\"Language learning for extensive cultural knowledge\" fetchpriority=\"high\" sizes=\"(max-width: 768px) 150px, 768px\" srcset=\"https:\/\/talkpal.ai\/wp-content\/uploads\/2023\/06\/vietnamese-768x768.png 768w, https:\/\/talkpal.ai\/wp-content\/uploads\/2023\/06\/vietnamese-300x300.png 300w\" \/>\r\n    \r\n\r\n    <\/figure>\r\n\r\n            <a class=\"getStartedVisible\" href=\"https:\/\/app.talkpal.ai\/tr\/signup?lng=\">Hadi ba\u015fla<\/a>\r\n    \r\n<\/section>\r\n<section class=\"promotionalBanner\">\r\n    <p class=\"promotionalText\">Dil \u00f6\u011frenmenin en etkili yolu<\/p>\r\n    <a class=\"promotionalLink\" href=\"https:\/\/app.talkpal.ai\/tr\/signup?lng=\">Talkpal \u00fccretsiz deneyin<\/a>\r\n<\/section>\n<div class=\"wp-block-group pageContainerStyle\"><div class=\"wp-block-group__inner-container is-layout-constrained wp-block-group-is-layout-constrained\">\n<h2 class=\"wp-block-heading\" id=\"h-the-intricacies-of-vietnamese-grammar-an-engaging-exploration\">Vietnamca Dilbilgisinin Karma\u015f\u0131kl\u0131klar\u0131: \u0130lgi \u00c7ekici Bir Ke\u015fif<\/h2>\n\n\n\n<p>Derin tarihi k\u00f6kleri ve e\u015fsiz k\u00fclt\u00fcrel zemini ile Vietnam dili, hem dilbilimciler hem de dil \u00f6\u011frenenler i\u00e7in cazip bir macera sunuyor. Vietnamca dilbilgisi ba\u015flang\u0131\u00e7ta bir meydan okuma olarak ortaya \u00e7\u0131ksa da, basit mant\u0131\u011f\u0131 ve tutarl\u0131l\u0131\u011f\u0131 heyecan verici bir \u00f6\u011frenme deneyiminin yolunu a\u00e7ar. \u00d6yleyse, Vietnamca dilbilgisinin \u00f6zelliklerini ara\u015ft\u0131r\u0131rken ilgi \u00e7ekici bir dilsel yolculu\u011fa haz\u0131rlan\u0131n.<\/p>\n\n\n\n<h3 class=\"wp-block-heading\" id=\"h-1-the-alphabet-a-gift-from-the-past\">1. Alfabe: Ge\u00e7mi\u015ften Bir Hediye<\/h3>\n\n\n\n<p>29 harften olu\u015fan Vietnam alfabesi, Portekizce ve Frans\u0131zca ba\u015flang\u0131\u00e7lar\u0131 ile esas olarak Latin alfabesinden t\u00fcremi\u015ftir. Qu\u1ed1c Ng\u1eef yaz\u0131s\u0131 sayesinde, Romanize alfabeye ge\u00e7i\u015f, alfabeyi di\u011fer Latin tabanl\u0131 dilleri konu\u015fanlar i\u00e7in tan\u0131d\u0131k ve kolay eri\u015filebilir hale getirdi. Bu, yeni ba\u015flayanlar i\u00e7in dilin benzersiz seslerine ve telaffuzuna odaklanmalar\u0131 i\u00e7in sorunsuz bir giri\u015f noktas\u0131 sa\u011flar.<\/p>\n\n\n\n<h3 class=\"wp-block-heading\" id=\"h-2-tones-vietnamese-s-musical-notation\">2. Tonlar: Vietnamca&#8217;n\u0131n M\u00fczik Notasyonu<\/h3>\n\n\n\n<p>Vietnamca, \u00e7e\u015fitli aksan i\u015faretlerini kullanarak bir kelimenin anlam\u0131n\u0131 de\u011fi\u015ftiren alt\u0131 farkl\u0131 tona sahip tonlu bir dildir. Bu tonlarda ustal\u0131k kazanmak zor olabilir, ancak dile m\u00fczikalite ve n\u00fcans katar ve bu da onu daha da b\u00fcy\u00fcleyici k\u0131lar. Sab\u0131r ve pratik, Vietnamca&#8217;n\u0131n melodik g\u00fczelli\u011fini tam olarak takdir etmenizi sa\u011flayarak onu m\u00fckemmel hale getirecektir.<\/p>\n\n\n\n<h3 class=\"wp-block-heading\" id=\"h-3-word-order-unraveling-the-vietnamese-sentence-structure\">3. Kelime S\u0131ras\u0131: Vietnamca C\u00fcmle Yap\u0131s\u0131n\u0131 \u00c7\u00f6zme<\/h3>\n\n\n\n<p>Neyse ki, Vietnamca kelime s\u0131ras\u0131, tan\u0131d\u0131k \u00d6zne-Fiil-Nesne (SVO) bi\u00e7imini takip ederek olduk\u00e7a basittir. Bu eri\u015filebilir yap\u0131, \u0130ngilizce konu\u015fanlar\u0131n dilbilimde b\u00fcy\u00fck bir de\u011fi\u015fim ya\u015famadan Vietnamca c\u00fcmleler kurmas\u0131n\u0131 kolayla\u015ft\u0131r\u0131r. &#8220;T\u00f4i y\u00eau Vi\u1ec7t Nam!&#8221; \u00f6rne\u011fini ele alal\u0131m. (Vietnam&#8217;\u0131 seviyorum!) \u00f6rne\u011fini ele alal\u0131m; burada her iki dil de paralel yap\u0131lar\u0131 payla\u015fmaktad\u0131r.<\/p>\n\n\n\n<h3 class=\"wp-block-heading\" id=\"h-4-no-more-plural-nouns-or-verb-conjugations\">4. Art\u0131k \u00e7o\u011ful isimler veya fiil \u00e7ekimleri yok<\/h3>\n\n\n\n<p>Vietnamca&#8217;da isimler \u00e7o\u011fullu\u011fu belirtmek i\u00e7in bi\u00e7imlerini de\u011fi\u015ftirmez ve fiiller zaman veya konudan ba\u011f\u0131ms\u0131z olarak tutarl\u0131 kal\u0131r. Bu ilk ba\u015fta kafa kar\u0131\u015ft\u0131r\u0131c\u0131 g\u00f6r\u00fcnse de, dilbilgisi kurallar\u0131n\u0131n \u00f6\u011frenilmesini \u00f6nemli \u00f6l\u00e7\u00fcde basitle\u015ftirir. Bunun yerine, ba\u011flam ve ek kelimelerin kullan\u0131m\u0131 c\u00fcmlenin anlam\u0131n\u0131 netle\u015ftirir. Bu nedenle, konjugasyon zorlu\u011funa veda ederken rahat bir nefes al\u0131n.<\/p>\n\n\n\n<h3 class=\"wp-block-heading\" id=\"h-5-immerse-yourself-in-the-vietnamese-mindset\">5. Kendinizi Vietnam Zihniyetine B\u0131rak\u0131n<\/h3>\n\n\n\n<p>Vietnamca \u00f6\u011frenmek sadece dilbilgisine hakim olmakla ilgili de\u011fildir &#8211; ayn\u0131 zamanda dili \u015fekillendiren k\u00fclt\u00fcrel, tarihi ve sosyal ba\u011flamlar\u0131 da kucaklamakla ilgilidir. Ana dili Vietnamca olan ki\u015filerle ileti\u015fim kurun, Vietnam edebiyat\u0131n\u0131 ve sanat\u0131n\u0131 ke\u015ffedin ve \u00fclkenin de\u011ferleri ve gelenekleriyle ba\u011flant\u0131 kurmaya \u00e7al\u0131\u015f\u0131n. Bu b\u00fct\u00fcnsel yakla\u015f\u0131m sadece dil becerilerinizi geli\u015ftirmekle kalmayacak, ayn\u0131 zamanda Vietnam&#8217;\u0131n \u00e7ok y\u00f6nl\u00fc g\u00fczelli\u011fi hakk\u0131ndaki anlay\u0131\u015f\u0131n\u0131z\u0131 da derinle\u015ftirecektir.<\/p>\n\n\n\n<h3 class=\"wp-block-heading\" id=\"h-in-conclusion-relish-the-charm-of-vietnamese-grammar\">Sonu\u00e7 olarak: Vietnamca Dilbilgisinin Cazibesinin Tad\u0131na Var\u0131n<\/h3>\n\n\n\n<p>Vietnamca dilbilgisi y\u00fczeyde kafa kar\u0131\u015ft\u0131r\u0131c\u0131 g\u00f6r\u00fcnse de, b\u00fcy\u00fcleyici yap\u0131s\u0131 ve do\u011fal sadeli\u011fi, \u00f6\u011frencileri \u00f6d\u00fcllendirici bir dil yolculu\u011funa \u00e7\u0131kmaya davet ediyor. Vietnamca d\u00fcnyas\u0131na dald\u0131\u011f\u0131n\u0131zda, gramerinin zarafetine ve g\u00fczelli\u011fine ve y\u00fczy\u0131llar boyunca dili \u015fekillendiren zengin k\u00fclt\u00fcrel dokuya hayran kalacaks\u0131n\u0131z. \u00d6yleyse devam edin ve bu b\u00fcy\u00fcleyici dilin dilsel manzaras\u0131nda gezinirken Vietnamca dilbilgisinin harikalar\u0131n\u0131 ke\u015ffedin.<\/p>\n<\/div><\/div>\n\r\n<section class=\"learnNavigationSection\">\r\n            \r\n        <a href=\"https:\/\/talkpal.ai\/tr\/vietnamca-ogren\/\">\r\n            <div class=\"learnNavigationWrapper\">\r\n                <div class=\"learnNavigationContent\">\r\n                    <img decoding=\"async\" src=\"https:\/\/talkpal.ai\/wp-content\/uploads\/2024\/08\/Vietnamese.jpg\" alt=\"Vietnamise Flag\">\r\n                    <div>\r\n                        <h4>Vietnamca \u00d6\u011frenimi Hakk\u0131nda<\/h4>\r\n                        <p>Vietnamca dilbilgisi hakk\u0131nda her \u015feyi \u00f6\u011frenin .<\/p>\r\n                    <\/div>\r\n                <\/div>\r\n            <\/div>\r\n        <\/a>\r\n\r\n        \r\n        <a href=\"https:\/\/talkpal.ai\/tr\/vietnamca-dilbilgisi-alistirmalari\/\">\r\n            <div class=\"learnNavigationWrapper\">\r\n                <div class=\"learnNavigationContent\">\r\n                    <img decoding=\"async\" src=\"https:\/\/talkpal.ai\/wp-content\/uploads\/2024\/08\/Vietnamese.jpg\" alt=\"Vietnamise Flag\">\r\n                    <div>\r\n                        <h4>Vietnamca Dilbilgisi Al\u0131\u015ft\u0131rmas\u0131<\/h4>\r\n                        <p>Vietnamca dilbilgisi al\u0131\u015ft\u0131rmas\u0131 yap\u0131n .<\/p>\r\n                    <\/div>\r\n                <\/div>\r\n            <\/div>\r\n        <\/a>\r\n\r\n        \r\n        <a href=\"https:\/\/talkpal.ai\/vocabulary_language\/vietnamese\/\">\r\n            <div class=\"learnNavigationWrapper\">\r\n                <div class=\"learnNavigationContent\">\r\n                    <img decoding=\"async\" src=\"https:\/\/talkpal.ai\/wp-content\/uploads\/2024\/08\/Vietnamese.jpg\" alt=\"Vietnamise Flag\">\r\n                    <div>\r\n                        <h4>Vietnamca Kelime Bilgisi<\/h4>\r\n                        <p>Vietnamca kelime da\u011farc\u0131\u011f\u0131n\u0131z\u0131 geni\u015fletin.<\/p>\r\n                    <\/div>\r\n                <\/div>\r\n            <\/div>\r\n        <\/a>\r\n\r\n            <\/section>","protected":false},"excerpt":{"rendered":"<p>Vietnamca Dilbilgisinin Karma\u015f\u0131kl\u0131klar\u0131: \u0130lgi \u00c7ekici Bir Ke\u015fif Derin tarihi k\u00f6kleri ve e\u015fsiz k\u00fclt\u00fcrel zemini ile Vietnam dili, hem dilbilimciler hem de dil \u00f6\u011frenenler i\u00e7in cazip bir macera sunuyor. Vietnamca dilbilgisi ba\u015flang\u0131\u00e7ta bir meydan okuma olarak ortaya \u00e7\u0131ksa da, basit mant\u0131\u011f\u0131 ve tutarl\u0131l\u0131\u011f\u0131 heyecan verici bir \u00f6\u011frenme deneyiminin yolunu a\u00e7ar. \u00d6yleyse, Vietnamca dilbilgisinin \u00f6zelliklerini ara\u015ft\u0131r\u0131rken ilgi [&hellip;]<\/p>\n","protected":false},"author":1,"featured_media":120687,"parent":0,"menu_order":0,"comment_status":"closed","ping_status":"closed","template":"LearningContentPage.php","meta":{"_acf_changed":false,"footnotes":""},"class_list":["post-152459","page","type-page","status-publish","has-post-thumbnail","hentry"],"acf":[],"yoast_head":"<!-- This site is optimized with the Yoast SEO Premium plugin v27.2 (Yoast SEO v27.2) - https:\/\/yoast.com\/product\/yoast-seo-premium-wordpress\/ -->\n<title>Vietnamca Dilbilgisi - Talkpal<\/title>\n<meta name=\"description\" content=\"Vietnamca dilbilgisinin b\u00fcy\u00fcleyici y\u00f6nlerini ke\u015ffedin ve bu e\u015fsiz dili \u00f6\u011frenmenin keyfini \u00e7\u0131kar\u0131n.\" \/>\n<meta name=\"robots\" content=\"index, follow, max-snippet:-1, max-image-preview:large, max-video-preview:-1\" \/>\n<link rel=\"canonical\" href=\"https:\/\/talkpal.ai\/tr\/vietnamca-dilbilgisi\/\" \/>\n<meta property=\"og:locale\" content=\"tr_TR\" \/>\n<meta property=\"og:type\" content=\"article\" \/>\n<meta property=\"og:title\" content=\"Vietnamca Dilbilgisi\" \/>\n<meta property=\"og:description\" content=\"Vietnamca Dilbilgisinin Karma\u015f\u0131kl\u0131klar\u0131: \u0130lgi \u00c7ekici Bir Ke\u015fif Derin tarihi k\u00f6kleri ve e\u015fsiz k\u00fclt\u00fcrel zemini ile Vietnam dili, hem dilbilimciler hem de\" \/>\n<meta property=\"og:url\" content=\"https:\/\/talkpal.ai\/tr\/vietnamca-dilbilgisi\/\" \/>\n<meta property=\"og:site_name\" content=\"Talkpal\" \/>\n<meta property=\"article:publisher\" content=\"https:\/\/www.facebook.com\/profile.php?id=100090733639311\" \/>\n<meta property=\"article:modified_time\" content=\"2025-12-12T11:04:03+00:00\" \/>\n<meta property=\"og:image\" content=\"https:\/\/talkpal.ai\/wp-content\/uploads\/2023\/05\/vietnam.png\" \/>\n\t<meta property=\"og:image:width\" content=\"512\" \/>\n\t<meta property=\"og:image:height\" content=\"512\" \/>\n\t<meta property=\"og:image:type\" content=\"image\/png\" \/>\n<meta name=\"twitter:card\" content=\"summary_large_image\" \/>\n<meta name=\"twitter:site\" content=\"@talkpalai\" \/>\n<meta name=\"twitter:label1\" content=\"Tahmini okuma s\u00fcresi\" \/>\n\t<meta name=\"twitter:data1\" content=\"3 dakika\" \/>\n<script type=\"application\/ld+json\" class=\"yoast-schema-graph\">{\"@context\":\"https:\/\/schema.org\",\"@graph\":[{\"@type\":\"WebPage\",\"@id\":\"https:\/\/talkpal.ai\/tr\/vietnamca-dilbilgisi\/\",\"url\":\"https:\/\/talkpal.ai\/tr\/vietnamca-dilbilgisi\/\",\"name\":\"Vietnamca Dilbilgisi - Talkpal\",\"isPartOf\":{\"@id\":\"https:\/\/talkpal.ai\/tr\/#website\"},\"primaryImageOfPage\":{\"@id\":\"https:\/\/talkpal.ai\/tr\/vietnamca-dilbilgisi\/#primaryimage\"},\"image\":{\"@id\":\"https:\/\/talkpal.ai\/tr\/vietnamca-dilbilgisi\/#primaryimage\"},\"thumbnailUrl\":\"https:\/\/talkpal.ai\/wp-content\/uploads\/2023\/05\/vietnam.png\",\"datePublished\":\"2023-05-14T14:23:00+00:00\",\"dateModified\":\"2025-12-12T11:04:03+00:00\",\"description\":\"Vietnamca dilbilgisinin b\u00fcy\u00fcleyici y\u00f6nlerini ke\u015ffedin ve bu e\u015fsiz dili \u00f6\u011frenmenin keyfini \u00e7\u0131kar\u0131n.\",\"breadcrumb\":{\"@id\":\"https:\/\/talkpal.ai\/tr\/vietnamca-dilbilgisi\/#breadcrumb\"},\"inLanguage\":\"tr\",\"potentialAction\":[{\"@type\":\"ReadAction\",\"target\":[\"https:\/\/talkpal.ai\/tr\/vietnamca-dilbilgisi\/\"]}]},{\"@type\":\"ImageObject\",\"inLanguage\":\"tr\",\"@id\":\"https:\/\/talkpal.ai\/tr\/vietnamca-dilbilgisi\/#primaryimage\",\"url\":\"https:\/\/talkpal.ai\/wp-content\/uploads\/2023\/05\/vietnam.png\",\"contentUrl\":\"https:\/\/talkpal.ai\/wp-content\/uploads\/2023\/05\/vietnam.png\",\"width\":512,\"height\":512},{\"@type\":\"BreadcrumbList\",\"@id\":\"https:\/\/talkpal.ai\/tr\/vietnamca-dilbilgisi\/#breadcrumb\",\"itemListElement\":[{\"@type\":\"ListItem\",\"position\":1,\"name\":\"Homepage\",\"item\":\"https:\/\/talkpal.ai\/tr\/\"},{\"@type\":\"ListItem\",\"position\":2,\"name\":\"Vietnamca Dilbilgisi\"}]},{\"@type\":\"WebSite\",\"@id\":\"https:\/\/talkpal.ai\/tr\/#website\",\"url\":\"https:\/\/talkpal.ai\/tr\/\",\"name\":\"Talkpal\",\"description\":\"AI Language Learning\",\"publisher\":{\"@id\":\"https:\/\/talkpal.ai\/tr\/#organization\"},\"alternateName\":\"Talkpal AI\",\"potentialAction\":[{\"@type\":\"SearchAction\",\"target\":{\"@type\":\"EntryPoint\",\"urlTemplate\":\"https:\/\/talkpal.ai\/tr\/?s={search_term_string}\"},\"query-input\":{\"@type\":\"PropertyValueSpecification\",\"valueRequired\":true,\"valueName\":\"search_term_string\"}}],\"inLanguage\":\"tr\"},{\"@type\":\"Organization\",\"@id\":\"https:\/\/talkpal.ai\/tr\/#organization\",\"name\":\"Talkpal, Inc.\",\"alternateName\":\"Talkpal AI\",\"url\":\"https:\/\/talkpal.ai\/tr\/\",\"logo\":{\"@type\":\"ImageObject\",\"inLanguage\":\"tr\",\"@id\":\"https:\/\/talkpal.ai\/tr\/#\/schema\/logo\/image\/\",\"url\":\"https:\/\/talkpal.ai\/wp-content\/uploads\/2024\/03\/Talkpal-Logo-Icon.png\",\"contentUrl\":\"https:\/\/talkpal.ai\/wp-content\/uploads\/2024\/03\/Talkpal-Logo-Icon.png\",\"width\":2880,\"height\":2880,\"caption\":\"Talkpal, Inc.\"},\"image\":{\"@id\":\"https:\/\/talkpal.ai\/tr\/#\/schema\/logo\/image\/\"},\"sameAs\":[\"https:\/\/www.facebook.com\/profile.php?id=100090733639311\",\"https:\/\/x.com\/talkpalai\",\"https:\/\/www.linkedin.com\/company\/talkpal\/\",\"https:\/\/www.youtube.com\/@TalkPal\/\",\"https:\/\/www.tiktok.com\/@talkpal\",\"https:\/\/www.instagram.com\/talkpal_ai\/\",\"https:\/\/www.crunchbase.com\/organization\/talkpal-9cde\",\"https:\/\/www.g2.com\/products\/talkpal-for-business\/\",\"https:\/\/www.trustpilot.com\/review\/talkpal.ai\",\"https:\/\/www.capterra.com\/p\/10006800\/TalkPal\/\"],\"description\":\"Talkpal is a language learning web and mobile education app, powered by the latest AI technologies, that provides engaging experiences to its customers in many different languages to help them improve their language skills. Users can chat about unlimited amount of topics with the app and use other modes to practice their language learning.\",\"email\":\"support@talkpal.ai\",\"legalName\":\"Talkpal, Inc.\",\"foundingDate\":\"2023-04-03\",\"duns\":\"118989042\",\"numberOfEmployees\":{\"@type\":\"QuantitativeValue\",\"minValue\":\"11\",\"maxValue\":\"50\"},\"publishingPrinciples\":\"https:\/\/talkpal.ai\/publishing-principles\/\",\"actionableFeedbackPolicy\":\"https:\/\/talkpal.ai\/actionable-feedback-policy\/\",\"correctionsPolicy\":\"https:\/\/talkpal.ai\/corrections-policy\/\",\"ethicsPolicy\":\"https:\/\/talkpal.ai\/ethics-policy\/\",\"diversityPolicy\":\"https:\/\/talkpal.ai\/diversity-policy\/\",\"diversityStaffingReport\":\"https:\/\/talkpal.ai\/diversity-policy\/\"}]}<\/script>\n<!-- \/ Yoast SEO Premium plugin. -->","yoast_head_json":{"title":"Vietnamca Dilbilgisi - Talkpal","description":"Vietnamca dilbilgisinin b\u00fcy\u00fcleyici y\u00f6nlerini ke\u015ffedin ve bu e\u015fsiz dili \u00f6\u011frenmenin keyfini \u00e7\u0131kar\u0131n.","robots":{"index":"index","follow":"follow","max-snippet":"max-snippet:-1","max-image-preview":"max-image-preview:large","max-video-preview":"max-video-preview:-1"},"canonical":"https:\/\/talkpal.ai\/tr\/vietnamca-dilbilgisi\/","og_locale":"tr_TR","og_type":"article","og_title":"Vietnamca Dilbilgisi","og_description":"Vietnamca Dilbilgisinin Karma\u015f\u0131kl\u0131klar\u0131: \u0130lgi \u00c7ekici Bir Ke\u015fif Derin tarihi k\u00f6kleri ve e\u015fsiz k\u00fclt\u00fcrel zemini ile Vietnam dili, hem dilbilimciler hem de","og_url":"https:\/\/talkpal.ai\/tr\/vietnamca-dilbilgisi\/","og_site_name":"Talkpal","article_publisher":"https:\/\/www.facebook.com\/profile.php?id=100090733639311","article_modified_time":"2025-12-12T11:04:03+00:00","og_image":[{"width":512,"height":512,"url":"https:\/\/talkpal.ai\/wp-content\/uploads\/2023\/05\/vietnam.png","type":"image\/png"}],"twitter_card":"summary_large_image","twitter_site":"@talkpalai","twitter_misc":{"Tahmini okuma s\u00fcresi":"3 dakika"},"schema":{"@context":"https:\/\/schema.org","@graph":[{"@type":"WebPage","@id":"https:\/\/talkpal.ai\/tr\/vietnamca-dilbilgisi\/","url":"https:\/\/talkpal.ai\/tr\/vietnamca-dilbilgisi\/","name":"Vietnamca Dilbilgisi - Talkpal","isPartOf":{"@id":"https:\/\/talkpal.ai\/tr\/#website"},"primaryImageOfPage":{"@id":"https:\/\/talkpal.ai\/tr\/vietnamca-dilbilgisi\/#primaryimage"},"image":{"@id":"https:\/\/talkpal.ai\/tr\/vietnamca-dilbilgisi\/#primaryimage"},"thumbnailUrl":"https:\/\/talkpal.ai\/wp-content\/uploads\/2023\/05\/vietnam.png","datePublished":"2023-05-14T14:23:00+00:00","dateModified":"2025-12-12T11:04:03+00:00","description":"Vietnamca dilbilgisinin b\u00fcy\u00fcleyici y\u00f6nlerini ke\u015ffedin ve bu e\u015fsiz dili \u00f6\u011frenmenin keyfini \u00e7\u0131kar\u0131n.","breadcrumb":{"@id":"https:\/\/talkpal.ai\/tr\/vietnamca-dilbilgisi\/#breadcrumb"},"inLanguage":"tr","potentialAction":[{"@type":"ReadAction","target":["https:\/\/talkpal.ai\/tr\/vietnamca-dilbilgisi\/"]}]},{"@type":"ImageObject","inLanguage":"tr","@id":"https:\/\/talkpal.ai\/tr\/vietnamca-dilbilgisi\/#primaryimage","url":"https:\/\/talkpal.ai\/wp-content\/uploads\/2023\/05\/vietnam.png","contentUrl":"https:\/\/talkpal.ai\/wp-content\/uploads\/2023\/05\/vietnam.png","width":512,"height":512},{"@type":"BreadcrumbList","@id":"https:\/\/talkpal.ai\/tr\/vietnamca-dilbilgisi\/#breadcrumb","itemListElement":[{"@type":"ListItem","position":1,"name":"Homepage","item":"https:\/\/talkpal.ai\/tr\/"},{"@type":"ListItem","position":2,"name":"Vietnamca Dilbilgisi"}]},{"@type":"WebSite","@id":"https:\/\/talkpal.ai\/tr\/#website","url":"https:\/\/talkpal.ai\/tr\/","name":"Talkpal","description":"AI Language Learning","publisher":{"@id":"https:\/\/talkpal.ai\/tr\/#organization"},"alternateName":"Talkpal AI","potentialAction":[{"@type":"SearchAction","target":{"@type":"EntryPoint","urlTemplate":"https:\/\/talkpal.ai\/tr\/?s={search_term_string}"},"query-input":{"@type":"PropertyValueSpecification","valueRequired":true,"valueName":"search_term_string"}}],"inLanguage":"tr"},{"@type":"Organization","@id":"https:\/\/talkpal.ai\/tr\/#organization","name":"Talkpal, Inc.","alternateName":"Talkpal AI","url":"https:\/\/talkpal.ai\/tr\/","logo":{"@type":"ImageObject","inLanguage":"tr","@id":"https:\/\/talkpal.ai\/tr\/#\/schema\/logo\/image\/","url":"https:\/\/talkpal.ai\/wp-content\/uploads\/2024\/03\/Talkpal-Logo-Icon.png","contentUrl":"https:\/\/talkpal.ai\/wp-content\/uploads\/2024\/03\/Talkpal-Logo-Icon.png","width":2880,"height":2880,"caption":"Talkpal, Inc."},"image":{"@id":"https:\/\/talkpal.ai\/tr\/#\/schema\/logo\/image\/"},"sameAs":["https:\/\/www.facebook.com\/profile.php?id=100090733639311","https:\/\/x.com\/talkpalai","https:\/\/www.linkedin.com\/company\/talkpal\/","https:\/\/www.youtube.com\/@TalkPal\/","https:\/\/www.tiktok.com\/@talkpal","https:\/\/www.instagram.com\/talkpal_ai\/","https:\/\/www.crunchbase.com\/organization\/talkpal-9cde","https:\/\/www.g2.com\/products\/talkpal-for-business\/","https:\/\/www.trustpilot.com\/review\/talkpal.ai","https:\/\/www.capterra.com\/p\/10006800\/TalkPal\/"],"description":"Talkpal is a language learning web and mobile education app, powered by the latest AI technologies, that provides engaging experiences to its customers in many different languages to help them improve their language skills. Users can chat about unlimited amount of topics with the app and use other modes to practice their language learning.","email":"support@talkpal.ai","legalName":"Talkpal, Inc.","foundingDate":"2023-04-03","duns":"118989042","numberOfEmployees":{"@type":"QuantitativeValue","minValue":"11","maxValue":"50"},"publishingPrinciples":"https:\/\/talkpal.ai\/publishing-principles\/","actionableFeedbackPolicy":"https:\/\/talkpal.ai\/actionable-feedback-policy\/","correctionsPolicy":"https:\/\/talkpal.ai\/corrections-policy\/","ethicsPolicy":"https:\/\/talkpal.ai\/ethics-policy\/","diversityPolicy":"https:\/\/talkpal.ai\/diversity-policy\/","diversityStaffingReport":"https:\/\/talkpal.ai\/diversity-policy\/"}]}},"_links":{"self":[{"href":"https:\/\/talkpal.ai\/tr\/wp-json\/wp\/v2\/pages\/152459","targetHints":{"allow":["GET"]}}],"collection":[{"href":"https:\/\/talkpal.ai\/tr\/wp-json\/wp\/v2\/pages"}],"about":[{"href":"https:\/\/talkpal.ai\/tr\/wp-json\/wp\/v2\/types\/page"}],"author":[{"embeddable":true,"href":"https:\/\/talkpal.ai\/tr\/wp-json\/wp\/v2\/users\/1"}],"replies":[{"embeddable":true,"href":"https:\/\/talkpal.ai\/tr\/wp-json\/wp\/v2\/comments?post=152459"}],"version-history":[{"count":0,"href":"https:\/\/talkpal.ai\/tr\/wp-json\/wp\/v2\/pages\/152459\/revisions"}],"wp:featuredmedia":[{"embeddable":true,"href":"https:\/\/talkpal.ai\/tr\/wp-json\/wp\/v2\/media\/120687"}],"wp:attachment":[{"href":"https:\/\/talkpal.ai\/tr\/wp-json\/wp\/v2\/media?parent=152459"}],"curies":[{"name":"wp","href":"https:\/\/api.w.org\/{rel}","templated":true}]}}