{"id":152180,"date":"2023-05-14T14:22:39","date_gmt":"2023-05-14T14:22:39","guid":{"rendered":"http:\/\/talkpal.ai\/urduca-dilbilgisi\/"},"modified":"2025-12-11T16:25:07","modified_gmt":"2025-12-11T16:25:07","slug":"urduca-dilbilgisi","status":"publish","type":"page","link":"https:\/\/talkpal.ai\/tr\/urduca-dilbilgisi\/","title":{"rendered":"Urduca Dilbilgisi"},"content":{"rendered":"\r\n\r\n\r\n<section class=\"languageChallengeSection\">\r\n    <div class=\"languageInfoWrapper\">\r\n        \r\n        <h1>Urduca Dilbilgisi<\/h1>\r\n        <p><a href=\"https:\/\/talkpal.ai\/learn-urdu\/\">Urduca<\/a> \u00f6\u011frenmek ister misiniz? Zarif yaz\u0131n\u0131n, cinsiyetlendirilmi\u015f isimlerin ve <a href=\"https:\/\/talkpal.ai\/talkpal-discount-for-influencers-or-content-creators\/\">etkileyici<\/a> fiil bi\u00e7imlerinin hem \u015fiirsel hem de pratik bir dil yaratt\u0131\u011f\u0131 Urduca dilbilgisine dal\u0131n. Urduca yolculu\u011funuza bug\u00fcn ba\u015flay\u0131n &#8211; dilbilgisinde ustala\u015fmak ileti\u015fim i\u00e7in yeni yollar a\u00e7acak ve sizi G\u00fcney Asya&#039;n\u0131n zengin edebi ve k\u00fclt\u00fcrel geleneklerine derinden ba\u011flayacak!<\/p>\r\n\r\n                            <a class=\"getStartedHidden\" href=\"https:\/\/app.talkpal.ai\/tr\/signup?lng=\">Hadi ba\u015fla<\/a>\r\n        \r\n    <\/div>\r\n\r\n    <figure>\r\n    <img decoding=\"async\" width=\"768\" height=\"768\" src=\"https:\/\/talkpal.ai\/wp-content\/uploads\/2023\/06\/urdu-768x768.png\" class=\"languageImage no-lazy\" alt=\"Language learning for global understanding\" fetchpriority=\"high\" sizes=\"(max-width: 768px) 150px, 768px\" srcset=\"https:\/\/talkpal.ai\/wp-content\/uploads\/2023\/06\/urdu-768x768.png 768w, https:\/\/talkpal.ai\/wp-content\/uploads\/2023\/06\/urdu-300x300.png 300w\" \/>\r\n    \r\n\r\n    <\/figure>\r\n\r\n            <a class=\"getStartedVisible\" href=\"https:\/\/app.talkpal.ai\/tr\/signup?lng=\">Hadi ba\u015fla<\/a>\r\n    \r\n<\/section>\r\n<section class=\"promotionalBanner\">\r\n    <p class=\"promotionalText\">Dil \u00f6\u011frenmenin en etkili yolu<\/p>\r\n    <a class=\"promotionalLink\" href=\"https:\/\/app.talkpal.ai\/tr\/signup?lng=\">Talkpal \u00fccretsiz deneyin<\/a>\r\n<\/section>\n<div class=\"wp-block-group pageContainerStyle\"><div class=\"wp-block-group__inner-container is-layout-constrained wp-block-group-is-layout-constrained\">\n<h2 class=\"wp-block-heading\" id=\"h-urdu-grammar-exploring-the-beauty-and-intricacies-of-the-indo-aryan-language\">Urduca Dilbilgisi: Hint-Aryan Dilinin G\u00fczelli\u011fini ve Karma\u015f\u0131kl\u0131klar\u0131n\u0131 Ke\u015ffetmek<\/h2>\n\n\n\n<p><a href=\"https:\/\/talkpal.ai\/talkpal-discount-for-language-enthusiasts\/\">Dil merakl\u0131lar\u0131<\/a> ve merakl\u0131 \u00f6\u011frenenler, Urduca dilbilgisinin b\u00fcy\u00fcleyici d\u00fcnyas\u0131na dalmaya haz\u0131r m\u0131s\u0131n\u0131z? Bir Hint-Aryan dili olan Urduca, Pakistan&#8217;\u0131n ulusal dili ve Hindistan&#8217;\u0131n resmi dillerinden biridir. D\u00fcnya \u00e7ap\u0131nda yakla\u015f\u0131k 70 milyon konu\u015fmac\u0131 ile Urduca sadece zengin ve etkileyici bir dil de\u011fil, ayn\u0131 zamanda canl\u0131 bir k\u00fclt\u00fcr ve tarihe k\u00f6pr\u00fcd\u00fcr. Bu makalede, Urduca dilbilgisinin benzersiz y\u00f6nlerini inceleyecek ve onu di\u011fer dillerden ay\u0131ran \u00f6zellikleri ke\u015ffedece\u011fiz.<\/p>\n\n\n\n<h3 class=\"wp-block-heading\" id=\"h-script-and-pronunciation-the-elegant-nastaliq\">Senaryo ve Telaffuz: Zarif Nastaliq<\/h3>\n\n\n\n<p>Urduca yaz\u0131s\u0131, sa\u011fdan <a href=\"https:\/\/talkpal.ai\/locations\/language-courses-in-sola\/\">sola<\/a> yaz\u0131lan ve okunan <a href=\"https:\/\/talkpal.ai\/learn-persian\/\">Fars\u00e7a<\/a>-Arap\u00e7a Nastaliq tarz\u0131na dayanmaktad\u0131r. Sesli harfler ve telaffuz i\u00e7in ek aksan i\u015faretleri olan 38 harften olu\u015fan Nastaliq yaz\u0131s\u0131 hem zarif hem de ak\u0131c\u0131d\u0131r. Yaz\u0131y\u0131 \u00f6\u011frenmek ve Urduca seslerin telaffuzunda ustala\u015fmak, dilin gramerini anlamaya y\u00f6nelik ilk ad\u0131m\u0131n\u0131z olacakt\u0131r.<\/p>\n\n\n\n<h3 class=\"wp-block-heading\" id=\"h-nouns-and-pronouns-exploring-gender-number-and-case\">\u0130simler ve Zamirler: Cinsiyet, Say\u0131 ve Durumu Ke\u015ffetmek<\/h3>\n\n\n\n<p>Urduca isimler cinsiyete (eril veya di\u015fil), say\u0131ya (tekil veya \u00e7o\u011ful) ve duruma (do\u011frudan veya e\u011fik) g\u00f6re s\u0131n\u0131fland\u0131r\u0131l\u0131r. Dilde artikeller (&#8216;a&#8217; veya &#8216;the&#8217; gibi) bulunmaz, bunun yerine kesinli\u011fi ifade etmek i\u00e7in ba\u011flama g\u00fcvenilir. Urduca zamirler ayr\u0131ca cinsiyet, say\u0131 ve durum ayr\u0131mlar\u0131n\u0131 takip eder ve \u00e7e\u015fitli nezaket ve a\u015final\u0131k bi\u00e7imlerine sahiptir.<\/p>\n\n\n\n<h3 class=\"wp-block-heading\" id=\"h-postpositions-and-cases-urdu-s-unique-approach-to-indicating-relationships\">Edatlar ve Durumlar: Urduca&#8217;n\u0131n \u0130li\u015fkileri G\u00f6stermeye Y\u00f6nelik Benzersiz Yakla\u015f\u0131m\u0131<\/h3>\n\n\n\n<p>Urduca, edatlar yerine edatlar\u0131 kullan\u0131r &#8211; y\u00f6nettikleri isimlerden sonra gelen kelimeler. Bu ay\u0131rt edici \u00f6zellik dilin her yerinde g\u00f6r\u00fclebilir ve b\u00fcy\u00fck\/k\u00fc\u00e7\u00fck harf i\u015faretlerini \u00f6nemli \u00f6l\u00e7\u00fcde etkiler. Urduca&#8217;n\u0131n do\u011frudan ve e\u011fik olmak \u00fczere iki durumu, kelimeler aras\u0131ndaki ili\u015fkileri belirtmek i\u00e7in edatlarla birlikte kullan\u0131l\u0131r.<\/p>\n\n\n\n<h3 class=\"wp-block-heading\" id=\"h-harnessing-the-power-of-verbs-tense-aspect-and-moods\">Fiillerin G\u00fcc\u00fcnden Yararlanmak: Zaman, A\u00e7\u0131 ve Ruh Halleri<\/h3>\n\n\n\n<p>Urduca fiiller, \u00e7e\u015fitli zamanlar\u0131 (ge\u00e7mi\u015f, \u015fimdiki zaman ve gelecek), y\u00f6nleri (m\u00fckemmel, kusurlu ve al\u0131\u015f\u0131lm\u0131\u015f) ve ruh halleri (g\u00f6sterge, emir kipi ve s\u00fcbjektif) ile b\u00fcy\u00fcleyicidir. Dil ayr\u0131ca, zaman i\u00e7indeki n\u00fcanslar\u0131 ifade etmek ve eylemlerin tamamlanmas\u0131n\u0131 sa\u011flamak i\u00e7in bile\u015fik zamanlar olu\u015fturmak i\u00e7in yard\u0131mc\u0131 fiilleri kapsaml\u0131 bir \u015fekilde kullan\u0131r.<\/p>\n\n\n\n<p>Fiiller ayn\u0131 zamanda cinsiyet ve say\u0131 a\u00e7\u0131s\u0131ndan da \u00f6zneleriyle ayn\u0131 fikirdedir ve bu da Urduca dilbilgisine karma\u015f\u0131kl\u0131k ve zenginlik katmanlar\u0131 ekler.<\/p>\n\n\n\n<h3 class=\"wp-block-heading\" id=\"h-adjectives-adverbs-and-more-adding-color-to-your-language\">S\u0131fatlar, Zarflar ve Daha Fazlas\u0131: Dilinize Renk Katmak<\/h3>\n\n\n\n<p>Urduca s\u0131fatlar genellikle de\u011fi\u015ftirdikleri isimleri takip eder ve cinsiyet ve say\u0131 a\u00e7\u0131s\u0131ndan onlarla ayn\u0131 fikirdedir. S\u0131fatlar, kar\u015f\u0131la\u015ft\u0131rmalar ve \u00fcst\u00fcnl\u00fckler kullan\u0131larak yo\u011funla\u015ft\u0131r\u0131labilir ve a\u00e7\u0131klamalara derinlik katabilir. S\u0131fatlardan t\u00fcretilen veya ba\u011f\u0131ms\u0131z olarak var olan Urduca zarflar da dilde hayati bir rol oynar ve zaman, tarz, yer ve derece hakk\u0131nda bilgi sa\u011flar.<\/p>\n\n\n\n<p><a href=\"https:\/\/talkpal.ai\/urdu-grammar\/\">Urduca dilbilgisi<\/a>, zengin, anlaml\u0131 ve etkileyici c\u00fcmleler kurman\u0131za yard\u0131mc\u0131 olan \u00e7ok say\u0131da ba\u011fla\u00e7, \u00fcnlem, par\u00e7ac\u0131k ve daha fazlas\u0131na sahiptir.<\/p>\n\n\n\n<h3 class=\"wp-block-heading\" id=\"h-embracing-the-world-of-urdu-grammar\">Urduca Dilbilgisi D\u00fcnyas\u0131n\u0131 Kucaklamak<\/h3>\n\n\n\n<p>Urduca dilbilgisi ba\u015flang\u0131\u00e7ta karma\u015f\u0131k g\u00f6r\u00fcnebilir, ancak kendinizi onun inceliklerine kapt\u0131rd\u0131\u011f\u0131n\u0131zda, dilin g\u00fczellik ve ifade ile dolup ta\u015ft\u0131\u011f\u0131n\u0131 g\u00f6receksiniz. Urduca \u00f6\u011frenmek sadece Hint-Aryan dil ailesini anlaman\u0131z\u0131 geli\u015ftirmekle kalmayacak, ayn\u0131 zamanda b\u00fcy\u00fcleyici bir k\u00fclt\u00fcr, edebiyat ve tarihle ba\u011flant\u0131 kurman\u0131za da yard\u0131mc\u0131 olacakt\u0131r.<\/p>\n\n\n\n<p>\u00d6yleyse neden Urduca dilbilgisi \u00f6\u011frenmenin heyecan verici yolculu\u011funa \u00e7\u0131km\u0131yorsunuz? Adanm\u0131\u015fl\u0131k ve merakla, k\u0131sa s\u00fcre sonra kendinizi anadili \u0130ngilizce olan ki\u015filerle sohbet ederken, bu g\u00fc\u00e7l\u00fc dilde fikir ve hikaye al\u0131\u015fveri\u015finde bulunurken bulabilirsiniz. Mutlu \u00f6\u011frenme!<\/p>\n<\/div><\/div>\n\r\n<section class=\"learnNavigationSection\">\r\n            \r\n        <a href=\"https:\/\/talkpal.ai\/tr\/urduca-ogren\/\">\r\n            <div class=\"learnNavigationWrapper\">\r\n                <div class=\"learnNavigationContent\">\r\n                    <img decoding=\"async\" src=\"https:\/\/talkpal.ai\/wp-content\/uploads\/2024\/08\/Urdu.jpg\" alt=\"Pakistani Flag\">\r\n                    <div>\r\n                        <h4>Urduca \u00d6\u011frenimi Hakk\u0131nda<\/h4>\r\n                        <p>Urduca dilbilgisi hakk\u0131nda her \u015feyi \u00f6\u011frenin .<\/p>\r\n                    <\/div>\r\n                <\/div>\r\n            <\/div>\r\n        <\/a>\r\n\r\n        \r\n        <a href=\"https:\/\/talkpal.ai\/tr\/urduca-dilbilgisi-alistirmalari\/\">\r\n            <div class=\"learnNavigationWrapper\">\r\n                <div class=\"learnNavigationContent\">\r\n                    <img decoding=\"async\" src=\"https:\/\/talkpal.ai\/wp-content\/uploads\/2024\/08\/Urdu.jpg\" alt=\"Pakistani Flag\">\r\n                    <div>\r\n                        <h4>Urduca Dilbilgisi Al\u0131\u015ft\u0131rmas\u0131<\/h4>\r\n                        <p>Urduca dilbilgisi al\u0131\u015ft\u0131rmas\u0131 yap\u0131n .<\/p>\r\n                    <\/div>\r\n                <\/div>\r\n            <\/div>\r\n        <\/a>\r\n\r\n        \r\n        <a href=\"https:\/\/talkpal.ai\/vocabulary_language\/urdu\/\">\r\n            <div class=\"learnNavigationWrapper\">\r\n                <div class=\"learnNavigationContent\">\r\n                    <img decoding=\"async\" src=\"https:\/\/talkpal.ai\/wp-content\/uploads\/2024\/08\/Urdu.jpg\" alt=\"Pakistani Flag\">\r\n                    <div>\r\n                        <h4>Urduca Kelime Bilgisi<\/h4>\r\n                        <p>Urduca kelime da\u011farc\u0131\u011f\u0131n\u0131z\u0131 geni\u015fletin.<\/p>\r\n                    <\/div>\r\n                <\/div>\r\n            <\/div>\r\n        <\/a>\r\n\r\n            <\/section>","protected":false},"excerpt":{"rendered":"<p>Urduca Dilbilgisi: Hint-Aryan Dilinin G\u00fczelli\u011fini ve Karma\u015f\u0131kl\u0131klar\u0131n\u0131 Ke\u015ffetmek Dil merakl\u0131lar\u0131 ve merakl\u0131 \u00f6\u011frenenler, Urduca dilbilgisinin b\u00fcy\u00fcleyici d\u00fcnyas\u0131na dalmaya haz\u0131r m\u0131s\u0131n\u0131z? Bir Hint-Aryan dili olan Urduca, Pakistan&#8217;\u0131n ulusal dili ve Hindistan&#8217;\u0131n resmi dillerinden biridir. D\u00fcnya \u00e7ap\u0131nda yakla\u015f\u0131k 70 milyon konu\u015fmac\u0131 ile Urduca sadece zengin ve etkileyici bir dil de\u011fil, ayn\u0131 zamanda canl\u0131 bir k\u00fclt\u00fcr ve tarihe [&hellip;]<\/p>\n","protected":false},"author":1,"featured_media":121410,"parent":0,"menu_order":0,"comment_status":"closed","ping_status":"closed","template":"LearningContentPage.php","meta":{"_acf_changed":false,"footnotes":""},"class_list":["post-152180","page","type-page","status-publish","has-post-thumbnail","hentry"],"acf":[],"yoast_head":"<!-- This site is optimized with the Yoast SEO Premium plugin v27.2 (Yoast SEO v27.2) - https:\/\/yoast.com\/product\/yoast-seo-premium-wordpress\/ -->\n<title>Urduca Dilbilgisi - Talkpal<\/title>\n<meta name=\"description\" content=\"Urduca dilbilgisinin g\u00fczelli\u011finin kilidini a\u00e7\u0131n. E\u015fsiz y\u00f6nlerini, senaryosunu ve k\u00fclt\u00fcr ve tarihle nas\u0131l ba\u011flant\u0131l\u0131 oldu\u011funu ke\u015ffedin.\" \/>\n<meta name=\"robots\" content=\"index, follow, max-snippet:-1, max-image-preview:large, max-video-preview:-1\" \/>\n<link rel=\"canonical\" href=\"https:\/\/talkpal.ai\/tr\/urduca-dilbilgisi\/\" \/>\n<meta property=\"og:locale\" content=\"tr_TR\" \/>\n<meta property=\"og:type\" content=\"article\" \/>\n<meta property=\"og:title\" content=\"Urduca Dilbilgisi\" \/>\n<meta property=\"og:description\" content=\"Urduca Dilbilgisi: Hint-Aryan Dilinin G\u00fczelli\u011fini ve Karma\u015f\u0131kl\u0131klar\u0131n\u0131 Ke\u015ffetmek Dil merakl\u0131lar\u0131 ve merakl\u0131 \u00f6\u011frenenler, Urduca dilbilgisinin b\u00fcy\u00fcleyici\" \/>\n<meta property=\"og:url\" content=\"https:\/\/talkpal.ai\/tr\/urduca-dilbilgisi\/\" \/>\n<meta property=\"og:site_name\" content=\"Talkpal\" \/>\n<meta property=\"article:publisher\" content=\"https:\/\/www.facebook.com\/profile.php?id=100090733639311\" \/>\n<meta property=\"article:modified_time\" content=\"2025-12-11T16:25:07+00:00\" \/>\n<meta property=\"og:image\" content=\"https:\/\/talkpal.ai\/wp-content\/uploads\/2023\/05\/Urdu-pakistan.png\" \/>\n\t<meta property=\"og:image:width\" content=\"512\" \/>\n\t<meta property=\"og:image:height\" content=\"512\" \/>\n\t<meta property=\"og:image:type\" content=\"image\/png\" \/>\n<meta name=\"twitter:card\" content=\"summary_large_image\" \/>\n<meta name=\"twitter:site\" content=\"@talkpalai\" \/>\n<meta name=\"twitter:label1\" content=\"Tahmini okuma s\u00fcresi\" \/>\n\t<meta name=\"twitter:data1\" content=\"3 dakika\" \/>\n<script type=\"application\/ld+json\" class=\"yoast-schema-graph\">{\"@context\":\"https:\/\/schema.org\",\"@graph\":[{\"@type\":\"WebPage\",\"@id\":\"https:\/\/talkpal.ai\/tr\/urduca-dilbilgisi\/\",\"url\":\"https:\/\/talkpal.ai\/tr\/urduca-dilbilgisi\/\",\"name\":\"Urduca Dilbilgisi - Talkpal\",\"isPartOf\":{\"@id\":\"https:\/\/talkpal.ai\/tr\/#website\"},\"primaryImageOfPage\":{\"@id\":\"https:\/\/talkpal.ai\/tr\/urduca-dilbilgisi\/#primaryimage\"},\"image\":{\"@id\":\"https:\/\/talkpal.ai\/tr\/urduca-dilbilgisi\/#primaryimage\"},\"thumbnailUrl\":\"https:\/\/talkpal.ai\/wp-content\/uploads\/2023\/05\/Urdu-pakistan.png\",\"datePublished\":\"2023-05-14T14:22:39+00:00\",\"dateModified\":\"2025-12-11T16:25:07+00:00\",\"description\":\"Urduca dilbilgisinin g\u00fczelli\u011finin kilidini a\u00e7\u0131n. E\u015fsiz y\u00f6nlerini, senaryosunu ve k\u00fclt\u00fcr ve tarihle nas\u0131l ba\u011flant\u0131l\u0131 oldu\u011funu ke\u015ffedin.\",\"breadcrumb\":{\"@id\":\"https:\/\/talkpal.ai\/tr\/urduca-dilbilgisi\/#breadcrumb\"},\"inLanguage\":\"tr\",\"potentialAction\":[{\"@type\":\"ReadAction\",\"target\":[\"https:\/\/talkpal.ai\/tr\/urduca-dilbilgisi\/\"]}]},{\"@type\":\"ImageObject\",\"inLanguage\":\"tr\",\"@id\":\"https:\/\/talkpal.ai\/tr\/urduca-dilbilgisi\/#primaryimage\",\"url\":\"https:\/\/talkpal.ai\/wp-content\/uploads\/2023\/05\/Urdu-pakistan.png\",\"contentUrl\":\"https:\/\/talkpal.ai\/wp-content\/uploads\/2023\/05\/Urdu-pakistan.png\",\"width\":512,\"height\":512},{\"@type\":\"BreadcrumbList\",\"@id\":\"https:\/\/talkpal.ai\/tr\/urduca-dilbilgisi\/#breadcrumb\",\"itemListElement\":[{\"@type\":\"ListItem\",\"position\":1,\"name\":\"Homepage\",\"item\":\"https:\/\/talkpal.ai\/tr\/\"},{\"@type\":\"ListItem\",\"position\":2,\"name\":\"Urduca Dilbilgisi\"}]},{\"@type\":\"WebSite\",\"@id\":\"https:\/\/talkpal.ai\/tr\/#website\",\"url\":\"https:\/\/talkpal.ai\/tr\/\",\"name\":\"Talkpal\",\"description\":\"AI Language Learning\",\"publisher\":{\"@id\":\"https:\/\/talkpal.ai\/tr\/#organization\"},\"alternateName\":\"Talkpal AI\",\"potentialAction\":[{\"@type\":\"SearchAction\",\"target\":{\"@type\":\"EntryPoint\",\"urlTemplate\":\"https:\/\/talkpal.ai\/tr\/?s={search_term_string}\"},\"query-input\":{\"@type\":\"PropertyValueSpecification\",\"valueRequired\":true,\"valueName\":\"search_term_string\"}}],\"inLanguage\":\"tr\"},{\"@type\":\"Organization\",\"@id\":\"https:\/\/talkpal.ai\/tr\/#organization\",\"name\":\"Talkpal, Inc.\",\"alternateName\":\"Talkpal AI\",\"url\":\"https:\/\/talkpal.ai\/tr\/\",\"logo\":{\"@type\":\"ImageObject\",\"inLanguage\":\"tr\",\"@id\":\"https:\/\/talkpal.ai\/tr\/#\/schema\/logo\/image\/\",\"url\":\"https:\/\/talkpal.ai\/wp-content\/uploads\/2024\/03\/Talkpal-Logo-Icon.png\",\"contentUrl\":\"https:\/\/talkpal.ai\/wp-content\/uploads\/2024\/03\/Talkpal-Logo-Icon.png\",\"width\":2880,\"height\":2880,\"caption\":\"Talkpal, Inc.\"},\"image\":{\"@id\":\"https:\/\/talkpal.ai\/tr\/#\/schema\/logo\/image\/\"},\"sameAs\":[\"https:\/\/www.facebook.com\/profile.php?id=100090733639311\",\"https:\/\/x.com\/talkpalai\",\"https:\/\/www.linkedin.com\/company\/talkpal\/\",\"https:\/\/www.youtube.com\/@TalkPal\/\",\"https:\/\/www.tiktok.com\/@talkpal\",\"https:\/\/www.instagram.com\/talkpal_ai\/\",\"https:\/\/www.crunchbase.com\/organization\/talkpal-9cde\",\"https:\/\/www.g2.com\/products\/talkpal-for-business\/\",\"https:\/\/www.trustpilot.com\/review\/talkpal.ai\",\"https:\/\/www.capterra.com\/p\/10006800\/TalkPal\/\"],\"description\":\"Talkpal is a language learning web and mobile education app, powered by the latest AI technologies, that provides engaging experiences to its customers in many different languages to help them improve their language skills. Users can chat about unlimited amount of topics with the app and use other modes to practice their language learning.\",\"email\":\"support@talkpal.ai\",\"legalName\":\"Talkpal, Inc.\",\"foundingDate\":\"2023-04-03\",\"duns\":\"118989042\",\"numberOfEmployees\":{\"@type\":\"QuantitativeValue\",\"minValue\":\"11\",\"maxValue\":\"50\"},\"publishingPrinciples\":\"https:\/\/talkpal.ai\/publishing-principles\/\",\"actionableFeedbackPolicy\":\"https:\/\/talkpal.ai\/actionable-feedback-policy\/\",\"correctionsPolicy\":\"https:\/\/talkpal.ai\/corrections-policy\/\",\"ethicsPolicy\":\"https:\/\/talkpal.ai\/ethics-policy\/\",\"diversityPolicy\":\"https:\/\/talkpal.ai\/diversity-policy\/\",\"diversityStaffingReport\":\"https:\/\/talkpal.ai\/diversity-policy\/\"}]}<\/script>\n<!-- \/ Yoast SEO Premium plugin. -->","yoast_head_json":{"title":"Urduca Dilbilgisi - Talkpal","description":"Urduca dilbilgisinin g\u00fczelli\u011finin kilidini a\u00e7\u0131n. E\u015fsiz y\u00f6nlerini, senaryosunu ve k\u00fclt\u00fcr ve tarihle nas\u0131l ba\u011flant\u0131l\u0131 oldu\u011funu ke\u015ffedin.","robots":{"index":"index","follow":"follow","max-snippet":"max-snippet:-1","max-image-preview":"max-image-preview:large","max-video-preview":"max-video-preview:-1"},"canonical":"https:\/\/talkpal.ai\/tr\/urduca-dilbilgisi\/","og_locale":"tr_TR","og_type":"article","og_title":"Urduca Dilbilgisi","og_description":"Urduca Dilbilgisi: Hint-Aryan Dilinin G\u00fczelli\u011fini ve Karma\u015f\u0131kl\u0131klar\u0131n\u0131 Ke\u015ffetmek Dil merakl\u0131lar\u0131 ve merakl\u0131 \u00f6\u011frenenler, Urduca dilbilgisinin b\u00fcy\u00fcleyici","og_url":"https:\/\/talkpal.ai\/tr\/urduca-dilbilgisi\/","og_site_name":"Talkpal","article_publisher":"https:\/\/www.facebook.com\/profile.php?id=100090733639311","article_modified_time":"2025-12-11T16:25:07+00:00","og_image":[{"width":512,"height":512,"url":"https:\/\/talkpal.ai\/wp-content\/uploads\/2023\/05\/Urdu-pakistan.png","type":"image\/png"}],"twitter_card":"summary_large_image","twitter_site":"@talkpalai","twitter_misc":{"Tahmini okuma s\u00fcresi":"3 dakika"},"schema":{"@context":"https:\/\/schema.org","@graph":[{"@type":"WebPage","@id":"https:\/\/talkpal.ai\/tr\/urduca-dilbilgisi\/","url":"https:\/\/talkpal.ai\/tr\/urduca-dilbilgisi\/","name":"Urduca Dilbilgisi - Talkpal","isPartOf":{"@id":"https:\/\/talkpal.ai\/tr\/#website"},"primaryImageOfPage":{"@id":"https:\/\/talkpal.ai\/tr\/urduca-dilbilgisi\/#primaryimage"},"image":{"@id":"https:\/\/talkpal.ai\/tr\/urduca-dilbilgisi\/#primaryimage"},"thumbnailUrl":"https:\/\/talkpal.ai\/wp-content\/uploads\/2023\/05\/Urdu-pakistan.png","datePublished":"2023-05-14T14:22:39+00:00","dateModified":"2025-12-11T16:25:07+00:00","description":"Urduca dilbilgisinin g\u00fczelli\u011finin kilidini a\u00e7\u0131n. E\u015fsiz y\u00f6nlerini, senaryosunu ve k\u00fclt\u00fcr ve tarihle nas\u0131l ba\u011flant\u0131l\u0131 oldu\u011funu ke\u015ffedin.","breadcrumb":{"@id":"https:\/\/talkpal.ai\/tr\/urduca-dilbilgisi\/#breadcrumb"},"inLanguage":"tr","potentialAction":[{"@type":"ReadAction","target":["https:\/\/talkpal.ai\/tr\/urduca-dilbilgisi\/"]}]},{"@type":"ImageObject","inLanguage":"tr","@id":"https:\/\/talkpal.ai\/tr\/urduca-dilbilgisi\/#primaryimage","url":"https:\/\/talkpal.ai\/wp-content\/uploads\/2023\/05\/Urdu-pakistan.png","contentUrl":"https:\/\/talkpal.ai\/wp-content\/uploads\/2023\/05\/Urdu-pakistan.png","width":512,"height":512},{"@type":"BreadcrumbList","@id":"https:\/\/talkpal.ai\/tr\/urduca-dilbilgisi\/#breadcrumb","itemListElement":[{"@type":"ListItem","position":1,"name":"Homepage","item":"https:\/\/talkpal.ai\/tr\/"},{"@type":"ListItem","position":2,"name":"Urduca Dilbilgisi"}]},{"@type":"WebSite","@id":"https:\/\/talkpal.ai\/tr\/#website","url":"https:\/\/talkpal.ai\/tr\/","name":"Talkpal","description":"AI Language Learning","publisher":{"@id":"https:\/\/talkpal.ai\/tr\/#organization"},"alternateName":"Talkpal AI","potentialAction":[{"@type":"SearchAction","target":{"@type":"EntryPoint","urlTemplate":"https:\/\/talkpal.ai\/tr\/?s={search_term_string}"},"query-input":{"@type":"PropertyValueSpecification","valueRequired":true,"valueName":"search_term_string"}}],"inLanguage":"tr"},{"@type":"Organization","@id":"https:\/\/talkpal.ai\/tr\/#organization","name":"Talkpal, Inc.","alternateName":"Talkpal AI","url":"https:\/\/talkpal.ai\/tr\/","logo":{"@type":"ImageObject","inLanguage":"tr","@id":"https:\/\/talkpal.ai\/tr\/#\/schema\/logo\/image\/","url":"https:\/\/talkpal.ai\/wp-content\/uploads\/2024\/03\/Talkpal-Logo-Icon.png","contentUrl":"https:\/\/talkpal.ai\/wp-content\/uploads\/2024\/03\/Talkpal-Logo-Icon.png","width":2880,"height":2880,"caption":"Talkpal, Inc."},"image":{"@id":"https:\/\/talkpal.ai\/tr\/#\/schema\/logo\/image\/"},"sameAs":["https:\/\/www.facebook.com\/profile.php?id=100090733639311","https:\/\/x.com\/talkpalai","https:\/\/www.linkedin.com\/company\/talkpal\/","https:\/\/www.youtube.com\/@TalkPal\/","https:\/\/www.tiktok.com\/@talkpal","https:\/\/www.instagram.com\/talkpal_ai\/","https:\/\/www.crunchbase.com\/organization\/talkpal-9cde","https:\/\/www.g2.com\/products\/talkpal-for-business\/","https:\/\/www.trustpilot.com\/review\/talkpal.ai","https:\/\/www.capterra.com\/p\/10006800\/TalkPal\/"],"description":"Talkpal is a language learning web and mobile education app, powered by the latest AI technologies, that provides engaging experiences to its customers in many different languages to help them improve their language skills. Users can chat about unlimited amount of topics with the app and use other modes to practice their language learning.","email":"support@talkpal.ai","legalName":"Talkpal, Inc.","foundingDate":"2023-04-03","duns":"118989042","numberOfEmployees":{"@type":"QuantitativeValue","minValue":"11","maxValue":"50"},"publishingPrinciples":"https:\/\/talkpal.ai\/publishing-principles\/","actionableFeedbackPolicy":"https:\/\/talkpal.ai\/actionable-feedback-policy\/","correctionsPolicy":"https:\/\/talkpal.ai\/corrections-policy\/","ethicsPolicy":"https:\/\/talkpal.ai\/ethics-policy\/","diversityPolicy":"https:\/\/talkpal.ai\/diversity-policy\/","diversityStaffingReport":"https:\/\/talkpal.ai\/diversity-policy\/"}]}},"_links":{"self":[{"href":"https:\/\/talkpal.ai\/tr\/wp-json\/wp\/v2\/pages\/152180","targetHints":{"allow":["GET"]}}],"collection":[{"href":"https:\/\/talkpal.ai\/tr\/wp-json\/wp\/v2\/pages"}],"about":[{"href":"https:\/\/talkpal.ai\/tr\/wp-json\/wp\/v2\/types\/page"}],"author":[{"embeddable":true,"href":"https:\/\/talkpal.ai\/tr\/wp-json\/wp\/v2\/users\/1"}],"replies":[{"embeddable":true,"href":"https:\/\/talkpal.ai\/tr\/wp-json\/wp\/v2\/comments?post=152180"}],"version-history":[{"count":0,"href":"https:\/\/talkpal.ai\/tr\/wp-json\/wp\/v2\/pages\/152180\/revisions"}],"wp:featuredmedia":[{"embeddable":true,"href":"https:\/\/talkpal.ai\/tr\/wp-json\/wp\/v2\/media\/121410"}],"wp:attachment":[{"href":"https:\/\/talkpal.ai\/tr\/wp-json\/wp\/v2\/media?parent=152180"}],"curies":[{"name":"wp","href":"https:\/\/api.w.org\/{rel}","templated":true}]}}