{"id":152069,"date":"2023-05-14T14:22:16","date_gmt":"2023-05-14T14:22:16","guid":{"rendered":"http:\/\/talkpal.ai\/tamilce-dilbilgisi\/"},"modified":"2025-12-12T11:01:31","modified_gmt":"2025-12-12T11:01:31","slug":"tamilce-dilbilgisi","status":"publish","type":"page","link":"https:\/\/talkpal.ai\/tr\/tamilce-dilbilgisi\/","title":{"rendered":"Tamilce Dilbilgisi"},"content":{"rendered":"\r\n\r\n\r\n<section class=\"languageChallengeSection\">\r\n    <div class=\"languageInfoWrapper\">\r\n        \r\n        <h1>Tamilce Dilbilgisi<\/h1>\r\n        <p><a href=\"https:\/\/talkpal.ai\/grammar\/\">Dilbilgisi<\/a> temellerini ve ileri d\u00fczey kavramlar\u0131 \u00f6\u011frenerek Tamilce becerilerinizi bir \u00fcst seviyeye ta\u015f\u0131y\u0131n. Kendinize g\u00fcveninizi art\u0131rmak i\u00e7in tasarlanm\u0131\u015f net a\u00e7\u0131klamalar\u0131, pratik \u00f6rnekleri ve etkile\u015fimli al\u0131\u015ft\u0131rmalar\u0131 ke\u015ffedin. C\u00fcmle yap\u0131s\u0131, fiil \u00e7ekimleri ve temel kurallar hakk\u0131nda bilgi edinmeye bug\u00fcn ba\u015flay\u0131n. Tamilce&#039;yi do\u011fru ve kolay bir \u015fekilde konu\u015fma ve yazma yolculu\u011funuza ba\u015flay\u0131n!<\/p>\r\n\r\n                            <a class=\"getStartedHidden\" href=\"https:\/\/app.talkpal.ai\/tr\/signup?lng=\">Hadi ba\u015fla<\/a>\r\n        \r\n    <\/div>\r\n\r\n    <figure>\r\n    <img decoding=\"async\" width=\"768\" height=\"768\" src=\"https:\/\/talkpal.ai\/wp-content\/uploads\/2023\/06\/tamil-768x768.png\" class=\"languageImage no-lazy\" alt=\"Language learning for enhanced creativity\" fetchpriority=\"high\" sizes=\"(max-width: 768px) 150px, 768px\" srcset=\"https:\/\/talkpal.ai\/wp-content\/uploads\/2023\/06\/tamil-768x768.png 768w, https:\/\/talkpal.ai\/wp-content\/uploads\/2023\/06\/tamil-300x300.png 300w\" \/>\r\n    \r\n\r\n    <\/figure>\r\n\r\n            <a class=\"getStartedVisible\" href=\"https:\/\/app.talkpal.ai\/tr\/signup?lng=\">Hadi ba\u015fla<\/a>\r\n    \r\n<\/section>\r\n<section class=\"promotionalBanner\">\r\n    <p class=\"promotionalText\">Dil \u00f6\u011frenmenin en etkili yolu<\/p>\r\n    <a class=\"promotionalLink\" href=\"https:\/\/app.talkpal.ai\/tr\/signup?lng=\">Talkpal \u00fccretsiz deneyin<\/a>\r\n<\/section>\n<div class=\"wp-block-group pageContainerStyle\"><div class=\"wp-block-group__inner-container is-layout-constrained wp-block-group-is-layout-constrained\">\n<h2 class=\"wp-block-heading\" id=\"h-tamil-grammar-understanding-the-richness-of-the-tamil-language\">Tamil Dilbilgisi: Tamil Dilinin Zenginli\u011fini Anlamak<\/h2>\n\n\n\n<p>D\u00fcnyan\u0131n ya\u015fayan en eski dillerinden biri olan Tamilceyi \u00f6\u011frenmeye ba\u015flad\u0131\u011f\u0131n\u0131zda, gramerinin karma\u015f\u0131kl\u0131\u011f\u0131n\u0131 ve zenginli\u011fini \u00e7\u00f6zmek \u00e7ok \u00f6nemlidir. 2.000 y\u0131l \u00f6ncesine dayanan yaz\u0131l\u0131 bir gelene\u011fe sahip olan Tamilce, d\u00fcnya \u00e7ap\u0131nda 70 milyon konu\u015fmac\u0131n\u0131n ana dili olmaya devam ediyor. Ba\u015flaman\u0131za yard\u0131mc\u0131 olmak i\u00e7in bu makale, Tamilce dilbilgisinin baz\u0131 \u00f6nemli y\u00f6nlerini konu\u015fma ve gayri resmi bir yakla\u015f\u0131mla \u00f6zetlemektedir.<\/p>\n\n\n\n<h3 class=\"wp-block-heading\" id=\"h-1-nouns-classifications-and-cases\">1. \u0130simler \u2013 S\u0131n\u0131fland\u0131rmalar ve Durumlar<\/h3>\n\n\n\n<p><a href=\"https:\/\/talkpal.ai\/learn-tamil\/\">Tamil<\/a> dilbilgisinin \u00f6nemli bir y\u00f6n\u00fc, cinsiyete (eril, di\u015fil ve n\u00f6tr), say\u0131ya (tekil ve \u00e7o\u011ful) ve duruma (nominatif, su\u00e7lay\u0131c\u0131, dative, genitive, locative, instrumental, comitative, abessif ve vocative) g\u00f6re s\u0131n\u0131fland\u0131r\u0131lan isimleridir. Bu \u00e7ok zor g\u00f6r\u00fcnse de, c\u00fcmlelerdeki kelimeler aras\u0131ndaki ili\u015fkileri anlamak ve Tamil&#8217;in i\u00e7sel mant\u0131\u011f\u0131n\u0131 \u00e7\u00f6zmek i\u00e7in \u00e7ok \u00f6nemlidir.<\/p>\n\n\n\n<p>\u00d6rne\u011fin, Tamil dilinde &#8220;kitap&#8221; kelimesi &#8220;\u0baa\u0bc1\u0ba4\u0bcd\u0ba4\u0b95\u0bae\u0bcd&#8221; (puththakam) \u015feklindedir. &#8220;Kitab\u0131 okudum&#8221; demek i\u00e7in, kitab\u0131n eylemin nesnesi oldu\u011funu ima eden su\u00e7lay\u0131c\u0131 durum kullan\u0131rs\u0131n\u0131z: &#8220;\u0ba8\u0bbe\u0ba9\u0bcd \u0baa\u0bc1\u0ba4\u0bcd\u0b95\u0ba4\u0bcd\u0bc8 \u0bb5\u0bbe\u0b9a\u0bbf\u0b95\u0bcd\u0b95\u0bbf\u0ba9\u0bcd\u0bb1\u0bc7\u0ba9\u0bcd&#8221; (Naan puththakaththai vaasikkiren).<\/p>\n\n\n\n<h3 class=\"wp-block-heading\" id=\"h-2-adjectives-and-pronouns-consistent-harmony\">2. S\u0131fatlar ve Zamirler \u2013 Tutarl\u0131 Uyum<\/h3>\n\n\n\n<p>Tamilce&#8217;de s\u0131fatlar (\u0baa\u0ba3\u0bcd\u0baa\u0bc1\u0b9f\u0bc8\u0bae\u0bc8) ve zamirler (\u0ba4\u0ba9\u0bbf\u0baa\u0bcd\u0baa\u0bca\u0bb0\u0bc1\u0bb3\u0bcd) \u00e7ok \u00f6nemli bir kurala uyar: de\u011fi\u015ftirdikleri isimlerle cinsiyet ve say\u0131 olarak ayn\u0131 fikirde olmal\u0131d\u0131rlar. Bu tutarl\u0131l\u0131k, dilsel uyumu te\u015fvik eder ve ifadenin netli\u011fini art\u0131r\u0131r.<\/p>\n\n\n\n<h3 class=\"wp-block-heading\" id=\"h-3-verbs-conjugation-and-tenses\">3. Fiiller \u2013 Fiil \u00c7ekimleri ve Zamanlar\u0131<\/h3>\n\n\n\n<p>Tamil fiilleri, c\u00fcmlelerin \u015fekillenmesinde \u00e7ok \u00f6nemli bir rol oynar. Fiiller ki\u015fi, say\u0131, zaman, ses ve ruh haline g\u00f6re \u00e7ekime u\u011frar. Tamil&#8217;in \u00fc\u00e7 ana zaman\u0131 (ge\u00e7mi\u015f, \u015fimdi ve gelecek) ve \u00fc\u00e7 ruh hali (g\u00f6sterge, emir kipi ve s\u00fcbjektif) vard\u0131r. Konjugasyon ilk ba\u015fta g\u00f6z korkutucu g\u00f6r\u00fcnebilir, ancak bunda ustala\u015fmak \u00e7ok say\u0131da duyguyu, eylemi ve n\u00fcans\u0131 ifade etmenize yard\u0131mc\u0131 olacakt\u0131r.<\/p>\n\n\n\n<h3 class=\"wp-block-heading\" id=\"h-4-sentence-structure-word-order-and-agreement\">4. C\u00fcmle Yap\u0131s\u0131 \u2013 Kelime S\u0131ras\u0131 ve Anla\u015fma<\/h3>\n\n\n\n<p>Tamilce, bir \u00d6zne-Nesne-Fiil (SOV) kelime s\u0131ras\u0131n\u0131 takip eder, bu da onu \u00d6zne-Fiil-Nesne (SVO) yap\u0131s\u0131n\u0131 izleyen \u0130ngilizce&#8217;den farkl\u0131 k\u0131lar. Ayr\u0131ca, Tamil dilbilgisi, isimler, s\u0131fatlar ve zamirler aras\u0131nda tutarl\u0131l\u0131k sa\u011flayan kelime anla\u015fmas\u0131n\u0131 vurgular.<\/p>\n\n\n\n<p>\u00d6rne\u011fin, Tamil dilinde &#8220;O bir elma yiyor&#8221; c\u00fcmlesi &#8220;\u0b85\u0bb5\u0bb3\u0bcd \u0b92\u0bb0\u0bc1 \u0b86\u0baa\u0bcd\u0baa\u0bbf\u0bb3\u0bcd \u0b9a\u0bbe\u0baa\u0bcd\u0baa\u0bbf\u0b9f\u0bc1\u0b95\u0bbf\u0bb1\u0bbe\u0bb3\u0bcd&#8221; (Ava\u1e37 oru \u0101ppi\u1e37 s\u0101ppi\u1e6dugi\u1e5f\u0101\u1e37) \u015feklinde yaz\u0131l\u0131r, burada isim ve fiil cinsiyet ve say\u0131 bak\u0131m\u0131ndan ayn\u0131d\u0131r.<\/p>\n\n\n\n<h3 class=\"wp-block-heading\" id=\"h-5-embrace-the-journey\">5. Yolculu\u011fu Kucaklay\u0131n<\/h3>\n\n\n\n<p>Tamilce dilbilgisi \u00f6\u011frenmek zor olabilir, ancak canl\u0131 bir edebi gelene\u011fe ve zengin bir k\u00fclt\u00fcrel mirasa a\u00e7\u0131lan bir kap\u0131 sunar. Unutmay\u0131n, her seferinde bir ad\u0131m atmak ve Tamil dilini bu kadar \u00f6zel k\u0131lan incelikleri takdir etmek \u00e7ok \u00f6nemlidir.<\/p>\n\n\n\n<p>Tamil dilbilgisinin karma\u015f\u0131kl\u0131\u011f\u0131n\u0131 ke\u015ffederken, d\u00fczenli olarak pratik yapt\u0131\u011f\u0131n\u0131zdan, anadili \u0130ngilizce olan ki\u015filerle ileti\u015fim kurdu\u011funuzdan ve kendinize kar\u015f\u0131 sab\u0131rl\u0131 oldu\u011funuzdan emin olun. \u00d6zveri ile bu kadim dilin g\u00fczelli\u011fini ve zenginli\u011fini ortaya \u00e7\u0131karacaks\u0131n\u0131z. \u0b87\u0ba9\u0bbf\u0baf \u0b95\u0bb1\u0bcd\u0bb1\u0bb2\u0bcd &#8211; Iniy ka\u1e5f\u1e5fal (mutlu \u00f6\u011frenme)!<\/p>\n<\/div><\/div>\n\r\n<section class=\"learnNavigationSection\">\r\n            \r\n        <a href=\"https:\/\/talkpal.ai\/tr\/tamilce-ogren\/\">\r\n            <div class=\"learnNavigationWrapper\">\r\n                <div class=\"learnNavigationContent\">\r\n                    <img decoding=\"async\" src=\"https:\/\/talkpal.ai\/wp-content\/uploads\/2024\/08\/Tamil.jpg\" alt=\"Indian Simplified Flag\">\r\n                    <div>\r\n                        <h4>Tamil \u00d6\u011frenimi Hakk\u0131nda<\/h4>\r\n                        <p>Tamilce dilbilgisi hakk\u0131nda her \u015feyi \u00f6\u011frenin .<\/p>\r\n                    <\/div>\r\n                <\/div>\r\n            <\/div>\r\n        <\/a>\r\n\r\n        \r\n        <a href=\"https:\/\/talkpal.ai\/tr\/tamilce-dilbilgisi-alistirmalari\/\">\r\n            <div class=\"learnNavigationWrapper\">\r\n                <div class=\"learnNavigationContent\">\r\n                    <img decoding=\"async\" src=\"https:\/\/talkpal.ai\/wp-content\/uploads\/2024\/08\/Tamil.jpg\" alt=\"Indian Simplified Flag\">\r\n                    <div>\r\n                        <h4>Tamilce Dilbilgisi Al\u0131\u015ft\u0131rmas\u0131<\/h4>\r\n                        <p>Tamilce dilbilgisi al\u0131\u015ft\u0131rmas\u0131 yap\u0131n .<\/p>\r\n                    <\/div>\r\n                <\/div>\r\n            <\/div>\r\n        <\/a>\r\n\r\n        \r\n        <a href=\"https:\/\/talkpal.ai\/vocabulary_language\/tamil\/\">\r\n            <div class=\"learnNavigationWrapper\">\r\n                <div class=\"learnNavigationContent\">\r\n                    <img decoding=\"async\" src=\"https:\/\/talkpal.ai\/wp-content\/uploads\/2024\/08\/Tamil.jpg\" alt=\"Indian Simplified Flag\">\r\n                    <div>\r\n                        <h4>Tamilce Kelime Bilgisi<\/h4>\r\n                        <p>Tamilce kelime da\u011farc\u0131\u011f\u0131n\u0131z\u0131 geni\u015fletin.<\/p>\r\n                    <\/div>\r\n                <\/div>\r\n            <\/div>\r\n        <\/a>\r\n\r\n            <\/section>","protected":false},"excerpt":{"rendered":"<p>Tamil Dilbilgisi: Tamil Dilinin Zenginli\u011fini Anlamak D\u00fcnyan\u0131n ya\u015fayan en eski dillerinden biri olan Tamilceyi \u00f6\u011frenmeye ba\u015flad\u0131\u011f\u0131n\u0131zda, gramerinin karma\u015f\u0131kl\u0131\u011f\u0131n\u0131 ve zenginli\u011fini \u00e7\u00f6zmek \u00e7ok \u00f6nemlidir. 2.000 y\u0131l \u00f6ncesine dayanan yaz\u0131l\u0131 bir gelene\u011fe sahip olan Tamilce, d\u00fcnya \u00e7ap\u0131nda 70 milyon konu\u015fmac\u0131n\u0131n ana dili olmaya devam ediyor. Ba\u015flaman\u0131za yard\u0131mc\u0131 olmak i\u00e7in bu makale, Tamilce dilbilgisinin baz\u0131 \u00f6nemli y\u00f6nlerini konu\u015fma [&hellip;]<\/p>\n","protected":false},"author":1,"featured_media":120221,"parent":0,"menu_order":0,"comment_status":"closed","ping_status":"closed","template":"LearningContentPage.php","meta":{"_acf_changed":false,"footnotes":""},"class_list":["post-152069","page","type-page","status-publish","has-post-thumbnail","hentry"],"acf":[],"yoast_head":"<!-- This site is optimized with the Yoast SEO Premium plugin v27.2 (Yoast SEO v27.2) - https:\/\/yoast.com\/product\/yoast-seo-premium-wordpress\/ -->\n<title>Tamilce Dilbilgisi - Talkpal<\/title>\n<meta name=\"description\" content=\"Tamil dilbilgisinin temellerini ke\u015ffedin ve bu zengin dil hakk\u0131ndaki anlay\u0131\u015f\u0131n\u0131z\u0131 geli\u015ftirin.\" \/>\n<meta name=\"robots\" content=\"index, follow, max-snippet:-1, max-image-preview:large, max-video-preview:-1\" \/>\n<link rel=\"canonical\" href=\"https:\/\/talkpal.ai\/tr\/tamilce-dilbilgisi\/\" \/>\n<meta property=\"og:locale\" content=\"tr_TR\" \/>\n<meta property=\"og:type\" content=\"article\" \/>\n<meta property=\"og:title\" content=\"Tamilce Dilbilgisi\" \/>\n<meta property=\"og:description\" content=\"Tamil Dilbilgisi: Tamil Dilinin Zenginli\u011fini Anlamak D\u00fcnyan\u0131n ya\u015fayan en eski dillerinden biri olan Tamilceyi \u00f6\u011frenmeye ba\u015flad\u0131\u011f\u0131n\u0131zda, gramerinin\" \/>\n<meta property=\"og:url\" content=\"https:\/\/talkpal.ai\/tr\/tamilce-dilbilgisi\/\" \/>\n<meta property=\"og:site_name\" content=\"Talkpal\" \/>\n<meta property=\"article:publisher\" content=\"https:\/\/www.facebook.com\/profile.php?id=100090733639311\" \/>\n<meta property=\"article:modified_time\" content=\"2025-12-12T11:01:31+00:00\" \/>\n<meta property=\"og:image\" content=\"https:\/\/talkpal.ai\/wp-content\/uploads\/2023\/05\/Tamil-india.png\" \/>\n\t<meta property=\"og:image:width\" content=\"512\" \/>\n\t<meta property=\"og:image:height\" content=\"512\" \/>\n\t<meta property=\"og:image:type\" content=\"image\/png\" \/>\n<meta name=\"twitter:card\" content=\"summary_large_image\" \/>\n<meta name=\"twitter:site\" content=\"@talkpalai\" \/>\n<meta name=\"twitter:label1\" content=\"Tahmini okuma s\u00fcresi\" \/>\n\t<meta name=\"twitter:data1\" content=\"3 dakika\" \/>\n<script type=\"application\/ld+json\" class=\"yoast-schema-graph\">{\"@context\":\"https:\/\/schema.org\",\"@graph\":[{\"@type\":\"WebPage\",\"@id\":\"https:\/\/talkpal.ai\/tr\/tamilce-dilbilgisi\/\",\"url\":\"https:\/\/talkpal.ai\/tr\/tamilce-dilbilgisi\/\",\"name\":\"Tamilce Dilbilgisi - Talkpal\",\"isPartOf\":{\"@id\":\"https:\/\/talkpal.ai\/tr\/#website\"},\"primaryImageOfPage\":{\"@id\":\"https:\/\/talkpal.ai\/tr\/tamilce-dilbilgisi\/#primaryimage\"},\"image\":{\"@id\":\"https:\/\/talkpal.ai\/tr\/tamilce-dilbilgisi\/#primaryimage\"},\"thumbnailUrl\":\"https:\/\/talkpal.ai\/wp-content\/uploads\/2023\/05\/Tamil-india.png\",\"datePublished\":\"2023-05-14T14:22:16+00:00\",\"dateModified\":\"2025-12-12T11:01:31+00:00\",\"description\":\"Tamil dilbilgisinin temellerini ke\u015ffedin ve bu zengin dil hakk\u0131ndaki anlay\u0131\u015f\u0131n\u0131z\u0131 geli\u015ftirin.\",\"breadcrumb\":{\"@id\":\"https:\/\/talkpal.ai\/tr\/tamilce-dilbilgisi\/#breadcrumb\"},\"inLanguage\":\"tr\",\"potentialAction\":[{\"@type\":\"ReadAction\",\"target\":[\"https:\/\/talkpal.ai\/tr\/tamilce-dilbilgisi\/\"]}]},{\"@type\":\"ImageObject\",\"inLanguage\":\"tr\",\"@id\":\"https:\/\/talkpal.ai\/tr\/tamilce-dilbilgisi\/#primaryimage\",\"url\":\"https:\/\/talkpal.ai\/wp-content\/uploads\/2023\/05\/Tamil-india.png\",\"contentUrl\":\"https:\/\/talkpal.ai\/wp-content\/uploads\/2023\/05\/Tamil-india.png\",\"width\":512,\"height\":512},{\"@type\":\"BreadcrumbList\",\"@id\":\"https:\/\/talkpal.ai\/tr\/tamilce-dilbilgisi\/#breadcrumb\",\"itemListElement\":[{\"@type\":\"ListItem\",\"position\":1,\"name\":\"Homepage\",\"item\":\"https:\/\/talkpal.ai\/tr\/\"},{\"@type\":\"ListItem\",\"position\":2,\"name\":\"Tamilce Dilbilgisi\"}]},{\"@type\":\"WebSite\",\"@id\":\"https:\/\/talkpal.ai\/tr\/#website\",\"url\":\"https:\/\/talkpal.ai\/tr\/\",\"name\":\"Talkpal\",\"description\":\"AI Language Learning\",\"publisher\":{\"@id\":\"https:\/\/talkpal.ai\/tr\/#organization\"},\"alternateName\":\"Talkpal AI\",\"potentialAction\":[{\"@type\":\"SearchAction\",\"target\":{\"@type\":\"EntryPoint\",\"urlTemplate\":\"https:\/\/talkpal.ai\/tr\/?s={search_term_string}\"},\"query-input\":{\"@type\":\"PropertyValueSpecification\",\"valueRequired\":true,\"valueName\":\"search_term_string\"}}],\"inLanguage\":\"tr\"},{\"@type\":\"Organization\",\"@id\":\"https:\/\/talkpal.ai\/tr\/#organization\",\"name\":\"Talkpal, Inc.\",\"alternateName\":\"Talkpal AI\",\"url\":\"https:\/\/talkpal.ai\/tr\/\",\"logo\":{\"@type\":\"ImageObject\",\"inLanguage\":\"tr\",\"@id\":\"https:\/\/talkpal.ai\/tr\/#\/schema\/logo\/image\/\",\"url\":\"https:\/\/talkpal.ai\/wp-content\/uploads\/2024\/03\/Talkpal-Logo-Icon.png\",\"contentUrl\":\"https:\/\/talkpal.ai\/wp-content\/uploads\/2024\/03\/Talkpal-Logo-Icon.png\",\"width\":2880,\"height\":2880,\"caption\":\"Talkpal, Inc.\"},\"image\":{\"@id\":\"https:\/\/talkpal.ai\/tr\/#\/schema\/logo\/image\/\"},\"sameAs\":[\"https:\/\/www.facebook.com\/profile.php?id=100090733639311\",\"https:\/\/x.com\/talkpalai\",\"https:\/\/www.linkedin.com\/company\/talkpal\/\",\"https:\/\/www.youtube.com\/@TalkPal\/\",\"https:\/\/www.tiktok.com\/@talkpal\",\"https:\/\/www.instagram.com\/talkpal_ai\/\",\"https:\/\/www.crunchbase.com\/organization\/talkpal-9cde\",\"https:\/\/www.g2.com\/products\/talkpal-for-business\/\",\"https:\/\/www.trustpilot.com\/review\/talkpal.ai\",\"https:\/\/www.capterra.com\/p\/10006800\/TalkPal\/\"],\"description\":\"Talkpal is a language learning web and mobile education app, powered by the latest AI technologies, that provides engaging experiences to its customers in many different languages to help them improve their language skills. Users can chat about unlimited amount of topics with the app and use other modes to practice their language learning.\",\"email\":\"support@talkpal.ai\",\"legalName\":\"Talkpal, Inc.\",\"foundingDate\":\"2023-04-03\",\"duns\":\"118989042\",\"numberOfEmployees\":{\"@type\":\"QuantitativeValue\",\"minValue\":\"11\",\"maxValue\":\"50\"},\"publishingPrinciples\":\"https:\/\/talkpal.ai\/publishing-principles\/\",\"actionableFeedbackPolicy\":\"https:\/\/talkpal.ai\/actionable-feedback-policy\/\",\"correctionsPolicy\":\"https:\/\/talkpal.ai\/corrections-policy\/\",\"ethicsPolicy\":\"https:\/\/talkpal.ai\/ethics-policy\/\",\"diversityPolicy\":\"https:\/\/talkpal.ai\/diversity-policy\/\",\"diversityStaffingReport\":\"https:\/\/talkpal.ai\/diversity-policy\/\"}]}<\/script>\n<!-- \/ Yoast SEO Premium plugin. -->","yoast_head_json":{"title":"Tamilce Dilbilgisi - Talkpal","description":"Tamil dilbilgisinin temellerini ke\u015ffedin ve bu zengin dil hakk\u0131ndaki anlay\u0131\u015f\u0131n\u0131z\u0131 geli\u015ftirin.","robots":{"index":"index","follow":"follow","max-snippet":"max-snippet:-1","max-image-preview":"max-image-preview:large","max-video-preview":"max-video-preview:-1"},"canonical":"https:\/\/talkpal.ai\/tr\/tamilce-dilbilgisi\/","og_locale":"tr_TR","og_type":"article","og_title":"Tamilce Dilbilgisi","og_description":"Tamil Dilbilgisi: Tamil Dilinin Zenginli\u011fini Anlamak D\u00fcnyan\u0131n ya\u015fayan en eski dillerinden biri olan Tamilceyi \u00f6\u011frenmeye ba\u015flad\u0131\u011f\u0131n\u0131zda, gramerinin","og_url":"https:\/\/talkpal.ai\/tr\/tamilce-dilbilgisi\/","og_site_name":"Talkpal","article_publisher":"https:\/\/www.facebook.com\/profile.php?id=100090733639311","article_modified_time":"2025-12-12T11:01:31+00:00","og_image":[{"width":512,"height":512,"url":"https:\/\/talkpal.ai\/wp-content\/uploads\/2023\/05\/Tamil-india.png","type":"image\/png"}],"twitter_card":"summary_large_image","twitter_site":"@talkpalai","twitter_misc":{"Tahmini okuma s\u00fcresi":"3 dakika"},"schema":{"@context":"https:\/\/schema.org","@graph":[{"@type":"WebPage","@id":"https:\/\/talkpal.ai\/tr\/tamilce-dilbilgisi\/","url":"https:\/\/talkpal.ai\/tr\/tamilce-dilbilgisi\/","name":"Tamilce Dilbilgisi - Talkpal","isPartOf":{"@id":"https:\/\/talkpal.ai\/tr\/#website"},"primaryImageOfPage":{"@id":"https:\/\/talkpal.ai\/tr\/tamilce-dilbilgisi\/#primaryimage"},"image":{"@id":"https:\/\/talkpal.ai\/tr\/tamilce-dilbilgisi\/#primaryimage"},"thumbnailUrl":"https:\/\/talkpal.ai\/wp-content\/uploads\/2023\/05\/Tamil-india.png","datePublished":"2023-05-14T14:22:16+00:00","dateModified":"2025-12-12T11:01:31+00:00","description":"Tamil dilbilgisinin temellerini ke\u015ffedin ve bu zengin dil hakk\u0131ndaki anlay\u0131\u015f\u0131n\u0131z\u0131 geli\u015ftirin.","breadcrumb":{"@id":"https:\/\/talkpal.ai\/tr\/tamilce-dilbilgisi\/#breadcrumb"},"inLanguage":"tr","potentialAction":[{"@type":"ReadAction","target":["https:\/\/talkpal.ai\/tr\/tamilce-dilbilgisi\/"]}]},{"@type":"ImageObject","inLanguage":"tr","@id":"https:\/\/talkpal.ai\/tr\/tamilce-dilbilgisi\/#primaryimage","url":"https:\/\/talkpal.ai\/wp-content\/uploads\/2023\/05\/Tamil-india.png","contentUrl":"https:\/\/talkpal.ai\/wp-content\/uploads\/2023\/05\/Tamil-india.png","width":512,"height":512},{"@type":"BreadcrumbList","@id":"https:\/\/talkpal.ai\/tr\/tamilce-dilbilgisi\/#breadcrumb","itemListElement":[{"@type":"ListItem","position":1,"name":"Homepage","item":"https:\/\/talkpal.ai\/tr\/"},{"@type":"ListItem","position":2,"name":"Tamilce Dilbilgisi"}]},{"@type":"WebSite","@id":"https:\/\/talkpal.ai\/tr\/#website","url":"https:\/\/talkpal.ai\/tr\/","name":"Talkpal","description":"AI Language Learning","publisher":{"@id":"https:\/\/talkpal.ai\/tr\/#organization"},"alternateName":"Talkpal AI","potentialAction":[{"@type":"SearchAction","target":{"@type":"EntryPoint","urlTemplate":"https:\/\/talkpal.ai\/tr\/?s={search_term_string}"},"query-input":{"@type":"PropertyValueSpecification","valueRequired":true,"valueName":"search_term_string"}}],"inLanguage":"tr"},{"@type":"Organization","@id":"https:\/\/talkpal.ai\/tr\/#organization","name":"Talkpal, Inc.","alternateName":"Talkpal AI","url":"https:\/\/talkpal.ai\/tr\/","logo":{"@type":"ImageObject","inLanguage":"tr","@id":"https:\/\/talkpal.ai\/tr\/#\/schema\/logo\/image\/","url":"https:\/\/talkpal.ai\/wp-content\/uploads\/2024\/03\/Talkpal-Logo-Icon.png","contentUrl":"https:\/\/talkpal.ai\/wp-content\/uploads\/2024\/03\/Talkpal-Logo-Icon.png","width":2880,"height":2880,"caption":"Talkpal, Inc."},"image":{"@id":"https:\/\/talkpal.ai\/tr\/#\/schema\/logo\/image\/"},"sameAs":["https:\/\/www.facebook.com\/profile.php?id=100090733639311","https:\/\/x.com\/talkpalai","https:\/\/www.linkedin.com\/company\/talkpal\/","https:\/\/www.youtube.com\/@TalkPal\/","https:\/\/www.tiktok.com\/@talkpal","https:\/\/www.instagram.com\/talkpal_ai\/","https:\/\/www.crunchbase.com\/organization\/talkpal-9cde","https:\/\/www.g2.com\/products\/talkpal-for-business\/","https:\/\/www.trustpilot.com\/review\/talkpal.ai","https:\/\/www.capterra.com\/p\/10006800\/TalkPal\/"],"description":"Talkpal is a language learning web and mobile education app, powered by the latest AI technologies, that provides engaging experiences to its customers in many different languages to help them improve their language skills. Users can chat about unlimited amount of topics with the app and use other modes to practice their language learning.","email":"support@talkpal.ai","legalName":"Talkpal, Inc.","foundingDate":"2023-04-03","duns":"118989042","numberOfEmployees":{"@type":"QuantitativeValue","minValue":"11","maxValue":"50"},"publishingPrinciples":"https:\/\/talkpal.ai\/publishing-principles\/","actionableFeedbackPolicy":"https:\/\/talkpal.ai\/actionable-feedback-policy\/","correctionsPolicy":"https:\/\/talkpal.ai\/corrections-policy\/","ethicsPolicy":"https:\/\/talkpal.ai\/ethics-policy\/","diversityPolicy":"https:\/\/talkpal.ai\/diversity-policy\/","diversityStaffingReport":"https:\/\/talkpal.ai\/diversity-policy\/"}]}},"_links":{"self":[{"href":"https:\/\/talkpal.ai\/tr\/wp-json\/wp\/v2\/pages\/152069","targetHints":{"allow":["GET"]}}],"collection":[{"href":"https:\/\/talkpal.ai\/tr\/wp-json\/wp\/v2\/pages"}],"about":[{"href":"https:\/\/talkpal.ai\/tr\/wp-json\/wp\/v2\/types\/page"}],"author":[{"embeddable":true,"href":"https:\/\/talkpal.ai\/tr\/wp-json\/wp\/v2\/users\/1"}],"replies":[{"embeddable":true,"href":"https:\/\/talkpal.ai\/tr\/wp-json\/wp\/v2\/comments?post=152069"}],"version-history":[{"count":0,"href":"https:\/\/talkpal.ai\/tr\/wp-json\/wp\/v2\/pages\/152069\/revisions"}],"wp:featuredmedia":[{"embeddable":true,"href":"https:\/\/talkpal.ai\/tr\/wp-json\/wp\/v2\/media\/120221"}],"wp:attachment":[{"href":"https:\/\/talkpal.ai\/tr\/wp-json\/wp\/v2\/media?parent=152069"}],"curies":[{"name":"wp","href":"https:\/\/api.w.org\/{rel}","templated":true}]}}