{"id":150636,"date":"2023-05-14T14:20:10","date_gmt":"2023-05-14T14:20:10","guid":{"rendered":"http:\/\/talkpal.ai\/slovence-dilbilgisi\/"},"modified":"2025-12-12T11:14:13","modified_gmt":"2025-12-12T11:14:13","slug":"slovence-dilbilgisi","status":"publish","type":"page","link":"https:\/\/talkpal.ai\/tr\/slovence-dilbilgisi\/","title":{"rendered":"Slovence Dilbilgisi"},"content":{"rendered":"\r\n\r\n\r\n<section class=\"languageChallengeSection\">\r\n    <div class=\"languageInfoWrapper\">\r\n        \r\n        <h1>Slovence Dilbilgisi<\/h1>\r\n        <p>Temel dilbilgisi kurallar\u0131nda ustala\u015farak Slovence dilinin kendine \u00f6zg\u00fc cazibesini ortaya \u00e7\u0131kar\u0131n. Slovence dilbilgisini sa\u011flam bir \u015fekilde kavrayarak, ana dili Slovence olan ki\u015filerle ba\u011flant\u0131 kurabilecek ve \u00fclkenin zengin k\u00fclt\u00fcrel miras\u0131n\u0131 daha iyi takdir edebileceksiniz. <a href=\"https:\/\/talkpal.ai\/tr\/slovence-ogrenmenin-en-kolay-ve-hizli-yollari\/\">Slovence dilbilgisi<\/a> \u00f6\u011frenmeye bug\u00fcn ba\u015flay\u0131n ve ak\u0131c\u0131 \u015fekilde konu\u015fmaya do\u011fru ilk ad\u0131m\u0131n\u0131z\u0131 at\u0131n!<\/p>\r\n\r\n                            <a class=\"getStartedHidden\" href=\"https:\/\/app.talkpal.ai\/tr\/signup?lng=\">Hadi ba\u015fla<\/a>\r\n        \r\n    <\/div>\r\n\r\n    <figure>\r\n    <img decoding=\"async\" width=\"768\" height=\"768\" src=\"https:\/\/talkpal.ai\/wp-content\/uploads\/2023\/06\/slovenian-768x768.png\" class=\"languageImage no-lazy\" alt=\"Language learning for broader perspectives\" fetchpriority=\"high\" sizes=\"(max-width: 768px) 150px, 768px\" srcset=\"https:\/\/talkpal.ai\/wp-content\/uploads\/2023\/06\/slovenian-768x768.png 768w, https:\/\/talkpal.ai\/wp-content\/uploads\/2023\/06\/slovenian-300x300.png 300w\" \/>\r\n    \r\n\r\n    <\/figure>\r\n\r\n            <a class=\"getStartedVisible\" href=\"https:\/\/app.talkpal.ai\/tr\/signup?lng=\">Hadi ba\u015fla<\/a>\r\n    \r\n<\/section>\r\n<section class=\"promotionalBanner\">\r\n    <p class=\"promotionalText\">Dil \u00f6\u011frenmenin en etkili yolu<\/p>\r\n    <a class=\"promotionalLink\" href=\"https:\/\/app.talkpal.ai\/tr\/signup?lng=\">Talkpal \u00fccretsiz deneyin<\/a>\r\n<\/section>\n<div class=\"wp-block-group pageContainerStyle\"><div class=\"wp-block-group__inner-container is-layout-constrained wp-block-group-is-layout-constrained\">\n<h1 class=\"wp-block-heading\" id=\"h-slovenian-grammar-a-short-introduction-for-language-lovers\">Slovence Dilbilgisi: Dil Severler \u0130\u00e7in K\u0131sa Bir Giri\u015f<\/h1>\n\n\n\n<p>\u00c7arp\u0131c\u0131 bir Slav dili olan Slovence&#8217;nin b\u00fcy\u00fcleyici d\u00fcnyas\u0131na dalmaya haz\u0131r m\u0131s\u0131n\u0131z? Bir ziyafete haz\u0131r olun! Bu k\u0131sa k\u0131lavuz, bu b\u00fcy\u00fcleyici dili anlamak ve ustala\u015fmak i\u00e7in gerekli olan Slovence dilbilgisi hakk\u0131nda size bir fikir verecektir. \u00d6yleyse, bu dilbilimsel maceraya at\u0131lal\u0131m ve Slovence dilbilgisinin inceliklerini ad\u0131m ad\u0131m ke\u015ffedelim.<\/p>\n\n\n\n<p>Slovence olarak da bilinen Slovence, a\u011f\u0131rl\u0131kl\u0131 olarak Slovenya&#8217;da yakla\u015f\u0131k 2,5 milyon ki\u015fi taraf\u0131ndan konu\u015fulmaktad\u0131r. Bir G\u00fcney Slav dili olarak, S\u0131rp\u00e7a, H\u0131rvat\u00e7a ve Bulgarca gibi yak\u0131n akrabalar\u0131yla \u00e7e\u015fitli \u00f6zellikleri payla\u015f\u0131r. Bununla birlikte, Slovence benzersiz k\u0131vr\u0131mlar\u0131na ve yetene\u011fine sahiptir.<\/p>\n\n\n\n<p>Daha fazla uzatmadan, Slovence dilbilgisinin temel y\u00f6nlerini inceleyelim:<\/p>\n\n\n\n<h3 class=\"wp-block-heading\" id=\"h-1-nouns-and-cases\">1. \u0130simler ve Durumlar:<\/h3>\n\n\n\n<p>Slovence isimler \u00fc\u00e7 cinsiyette gelir \u2013 eril, di\u015fil ve n\u00f6tr. Her isim alt\u0131 Sloven durumundan birinde kullan\u0131labilir: nominatif, genitive, dative, accusative, locative ve instrumental. Bu durumlar farkl\u0131 dilbilgisel i\u015flevleri veya kelimeler aras\u0131ndaki ili\u015fkileri ifade eder, bu nedenle ba\u011flam i\u00e7inde do\u011fru kullan\u0131mlar\u0131n\u0131 \u00f6\u011frenmek \u00e7ok \u00f6nemlidir.<\/p>\n\n\n\n<h3 class=\"wp-block-heading\" id=\"h-2-articles\">2. Makaleler:<\/h3>\n\n\n\n<p>\u0130\u015fte size iyi haberler &#8211; Slovence&#8217;de &#8220;the&#8221; veya &#8220;a&#8221; gibi artikeller kullan\u0131lmaz! Bunun yerine, anlam, vakalar ve kelime s\u0131ras\u0131 kullan\u0131larak aktar\u0131l\u0131r. Bu, \u00f6zellikle karma\u015f\u0131k madde sistemlerine sahip dillere al\u0131\u015f\u0131k de\u011filseniz, Slovence \u00f6\u011frenme deneyiminizi biraz daha kolayla\u015ft\u0131rabilir.<\/p>\n\n\n\n<h3 class=\"wp-block-heading\" id=\"h-3-adjectives\">3. S\u0131fatlar:<\/h3>\n\n\n\n<p>T\u0131pk\u0131 isimler gibi, Slovence&#8217;deki s\u0131fatlar da de\u011fi\u015ftirdikleri isimle cinsiyet, say\u0131 ve durum bak\u0131m\u0131ndan hemfikirdir. Bu durum s\u0131fat kullan\u0131m\u0131n\u0131 \u0130ngilizceye g\u00f6re biraz daha karma\u015f\u0131k hale getirmektedir, ancak korkmay\u0131n &#8211; pratik yaparak k\u0131sa s\u00fcrede Slovence s\u0131fatlarda ustala\u015facaks\u0131n\u0131z!<\/p>\n\n\n\n<h3 class=\"wp-block-heading\" id=\"h-4-verbs\">4. Fiiller:<\/h3>\n\n\n\n<p>Slovence \u00fc\u00e7 kademeli bir fiil sistemine sahiptir: mastar formunda biten fiil k\u00f6k\u00fcne ba\u011fl\u0131 olarak \u00fc\u00e7 \u00e7ekim grubu. Slovence fiiller, iki \u00f6zneye veya nesneye at\u0131fta bulunurken kullan\u0131lan benzersiz ikili form da dahil olmak \u00fczere \u00e7e\u015fitli zamanlara ve ruh hallerine sahiptir. Dil becerilerinize g\u00fcvenmek i\u00e7in Slovence fiil \u00e7ekimlerini \u00f6\u011frenmek ve uygulamak i\u00e7in biraz zaman harcamaya haz\u0131r olun.<\/p>\n\n\n\n<h3 class=\"wp-block-heading\" id=\"h-5-word-order\">5. Kelime S\u0131ras\u0131:<\/h3>\n\n\n\n<p>Slovence genellikle \u0130ngilizce konu\u015fanlar\u0131n a\u015fina olmas\u0131 gereken bir \u00f6zne-fiil-nesne (SVO) kelime s\u0131ras\u0131n\u0131 takip eder. Bununla birlikte, dil belirli bir esnekli\u011fe sahiptir ve kelime s\u0131ras\u0131n\u0131 de\u011fi\u015ftirerek c\u00fcmlenin belirli k\u0131s\u0131mlar\u0131n\u0131 vurgulaman\u0131za olanak tan\u0131r. Kar\u0131\u015f\u0131kl\u0131\u011f\u0131 \u00f6nlemek ve ama\u00e7lanan anlam\u0131 iletmek i\u00e7in vakalar\u0131 do\u011fru kullanmak \u00e7ok \u00f6nemlidir.<\/p>\n\n\n\n<h3 class=\"wp-block-heading\" id=\"h-6-pronouns-and-prepositions\">6. Zamirler ve Edatlar:<\/h3>\n\n\n\n<p>Slovence zamirler, dilin di\u011fer unsurlar\u0131 gibi cinsiyet, say\u0131 ve durumdan etkilenir. Ki\u015fisel, sahiplenici, g\u00f6sterici ve refleksif gibi \u00e7e\u015fitli bi\u00e7imlerde gelirler. Slovence edatlara a\u015fina olmak, daha karma\u015f\u0131k c\u00fcmleler olu\u015fturmak i\u00e7in kelimeleri ve c\u00fcmleleri birbirine ba\u011flaman\u0131za da yard\u0131mc\u0131 olacakt\u0131r.<\/p>\n\n\n\n<p>Art\u0131k Slovence dilbilgisi hakk\u0131nda temel bir anlay\u0131\u015fa sahipsiniz! Herhangi bir dilde yetkin olman\u0131n \u00f6zveri ve pratik gerektirdi\u011fini unutmay\u0131n. Zorluklar\u0131 kucaklay\u0131n ve hatalar\u0131n\u0131zdan ders almaktan \u00e7ekinmeyin. Unutmay\u0131n, yeni bir dil \u00f6\u011frenmek, unutulmaz deneyimler ve \u00f6d\u00fcllendirici ke\u015fiflerle dolu heyecan verici bir yolculuktur. Sre\u010dno!<\/p>\n<\/div><\/div>\n\r\n<section class=\"learnNavigationSection\">\r\n            \r\n        <a href=\"https:\/\/talkpal.ai\/tr\/slovence-ogren\/\">\r\n            <div class=\"learnNavigationWrapper\">\r\n                <div class=\"learnNavigationContent\">\r\n                    <img decoding=\"async\" src=\"https:\/\/talkpal.ai\/wp-content\/uploads\/2024\/08\/Slovenian.jpg\" alt=\"Slovenian Flag\">\r\n                    <div>\r\n                        <h4>Slovence \u00d6\u011frenim Hakk\u0131nda<\/h4>\r\n                        <p>Slovence dilbilgisi hakk\u0131nda her \u015feyi \u00f6\u011frenin .<\/p>\r\n                    <\/div>\r\n                <\/div>\r\n            <\/div>\r\n        <\/a>\r\n\r\n        \r\n        <a href=\"https:\/\/talkpal.ai\/tr\/slovence-dilbilgisi-alistirmalari\/\">\r\n            <div class=\"learnNavigationWrapper\">\r\n                <div class=\"learnNavigationContent\">\r\n                    <img decoding=\"async\" src=\"https:\/\/talkpal.ai\/wp-content\/uploads\/2024\/08\/Slovenian.jpg\" alt=\"Slovenian Flag\">\r\n                    <div>\r\n                        <h4>Slovence Dilbilgisi Al\u0131\u015ft\u0131rmas\u0131<\/h4>\r\n                        <p>Slovence dilbilgisi al\u0131\u015ft\u0131rmas\u0131 yap\u0131n .<\/p>\r\n                    <\/div>\r\n                <\/div>\r\n            <\/div>\r\n        <\/a>\r\n\r\n        \r\n        <a href=\"https:\/\/talkpal.ai\/vocabulary_language\/slovenian\/\">\r\n            <div class=\"learnNavigationWrapper\">\r\n                <div class=\"learnNavigationContent\">\r\n                    <img decoding=\"async\" src=\"https:\/\/talkpal.ai\/wp-content\/uploads\/2024\/08\/Slovenian.jpg\" alt=\"Slovenian Flag\">\r\n                    <div>\r\n                        <h4>Slovence Kelime Bilgisi<\/h4>\r\n                        <p>Slovence kelime da\u011farc\u0131\u011f\u0131n\u0131z\u0131 geni\u015fletin.<\/p>\r\n                    <\/div>\r\n                <\/div>\r\n            <\/div>\r\n        <\/a>\r\n\r\n            <\/section>","protected":false},"excerpt":{"rendered":"<p>Slovence Dilbilgisi: Dil Severler \u0130\u00e7in K\u0131sa Bir Giri\u015f \u00c7arp\u0131c\u0131 bir Slav dili olan Slovence&#8217;nin b\u00fcy\u00fcleyici d\u00fcnyas\u0131na dalmaya haz\u0131r m\u0131s\u0131n\u0131z? Bir ziyafete haz\u0131r olun! Bu k\u0131sa k\u0131lavuz, bu b\u00fcy\u00fcleyici dili anlamak ve ustala\u015fmak i\u00e7in gerekli olan Slovence dilbilgisi hakk\u0131nda size bir fikir verecektir. \u00d6yleyse, bu dilbilimsel maceraya at\u0131lal\u0131m ve Slovence dilbilgisinin inceliklerini ad\u0131m ad\u0131m ke\u015ffedelim. Slovence [&hellip;]<\/p>\n","protected":false},"author":1,"featured_media":119655,"parent":0,"menu_order":0,"comment_status":"closed","ping_status":"closed","template":"LearningContentPage.php","meta":{"_acf_changed":false,"footnotes":""},"class_list":["post-150636","page","type-page","status-publish","has-post-thumbnail","hentry"],"acf":[],"yoast_head":"<!-- This site is optimized with the Yoast SEO Premium plugin v27.2 (Yoast SEO v27.2) - https:\/\/yoast.com\/product\/yoast-seo-premium-wordpress\/ -->\n<title>Slovence Dilbilgisi - Talkpal<\/title>\n<meta name=\"description\" content=\"Daha iyi dil becerileri ve anlay\u0131\u015f i\u00e7in Slovence Dilbilgisinin inceliklerini ke\u015ffedin. Dilbilgisi sanat\u0131nda bug\u00fcn ustala\u015f\u0131n.\" \/>\n<meta name=\"robots\" content=\"index, follow, max-snippet:-1, max-image-preview:large, max-video-preview:-1\" \/>\n<link rel=\"canonical\" href=\"https:\/\/talkpal.ai\/tr\/slovence-dilbilgisi\/\" \/>\n<meta property=\"og:locale\" content=\"tr_TR\" \/>\n<meta property=\"og:type\" content=\"article\" \/>\n<meta property=\"og:title\" content=\"Slovence Dilbilgisi\" \/>\n<meta property=\"og:description\" content=\"Slovence Dilbilgisi: Dil Severler \u0130\u00e7in K\u0131sa Bir Giri\u015f \u00c7arp\u0131c\u0131 bir Slav dili olan Slovence&#039;nin b\u00fcy\u00fcleyici d\u00fcnyas\u0131na dalmaya haz\u0131r m\u0131s\u0131n\u0131z? Bir ziyafete\" \/>\n<meta property=\"og:url\" content=\"https:\/\/talkpal.ai\/tr\/slovence-dilbilgisi\/\" \/>\n<meta property=\"og:site_name\" content=\"Talkpal\" \/>\n<meta property=\"article:publisher\" content=\"https:\/\/www.facebook.com\/profile.php?id=100090733639311\" \/>\n<meta property=\"article:modified_time\" content=\"2025-12-12T11:14:13+00:00\" \/>\n<meta property=\"og:image\" content=\"https:\/\/talkpal.ai\/wp-content\/uploads\/2023\/05\/slovenia.png\" \/>\n\t<meta property=\"og:image:width\" content=\"512\" \/>\n\t<meta property=\"og:image:height\" content=\"512\" \/>\n\t<meta property=\"og:image:type\" content=\"image\/png\" \/>\n<meta name=\"twitter:card\" content=\"summary_large_image\" \/>\n<meta name=\"twitter:site\" content=\"@talkpalai\" \/>\n<meta name=\"twitter:label1\" content=\"Tahmini okuma s\u00fcresi\" \/>\n\t<meta name=\"twitter:data1\" content=\"3 dakika\" \/>\n<script type=\"application\/ld+json\" class=\"yoast-schema-graph\">{\"@context\":\"https:\/\/schema.org\",\"@graph\":[{\"@type\":\"WebPage\",\"@id\":\"https:\/\/talkpal.ai\/tr\/slovence-dilbilgisi\/\",\"url\":\"https:\/\/talkpal.ai\/tr\/slovence-dilbilgisi\/\",\"name\":\"Slovence Dilbilgisi - Talkpal\",\"isPartOf\":{\"@id\":\"https:\/\/talkpal.ai\/tr\/#website\"},\"primaryImageOfPage\":{\"@id\":\"https:\/\/talkpal.ai\/tr\/slovence-dilbilgisi\/#primaryimage\"},\"image\":{\"@id\":\"https:\/\/talkpal.ai\/tr\/slovence-dilbilgisi\/#primaryimage\"},\"thumbnailUrl\":\"https:\/\/talkpal.ai\/wp-content\/uploads\/2023\/05\/slovenia.png\",\"datePublished\":\"2023-05-14T14:20:10+00:00\",\"dateModified\":\"2025-12-12T11:14:13+00:00\",\"description\":\"Daha iyi dil becerileri ve anlay\u0131\u015f i\u00e7in Slovence Dilbilgisinin inceliklerini ke\u015ffedin. Dilbilgisi sanat\u0131nda bug\u00fcn ustala\u015f\u0131n.\",\"breadcrumb\":{\"@id\":\"https:\/\/talkpal.ai\/tr\/slovence-dilbilgisi\/#breadcrumb\"},\"inLanguage\":\"tr\",\"potentialAction\":[{\"@type\":\"ReadAction\",\"target\":[\"https:\/\/talkpal.ai\/tr\/slovence-dilbilgisi\/\"]}]},{\"@type\":\"ImageObject\",\"inLanguage\":\"tr\",\"@id\":\"https:\/\/talkpal.ai\/tr\/slovence-dilbilgisi\/#primaryimage\",\"url\":\"https:\/\/talkpal.ai\/wp-content\/uploads\/2023\/05\/slovenia.png\",\"contentUrl\":\"https:\/\/talkpal.ai\/wp-content\/uploads\/2023\/05\/slovenia.png\",\"width\":512,\"height\":512},{\"@type\":\"BreadcrumbList\",\"@id\":\"https:\/\/talkpal.ai\/tr\/slovence-dilbilgisi\/#breadcrumb\",\"itemListElement\":[{\"@type\":\"ListItem\",\"position\":1,\"name\":\"Homepage\",\"item\":\"https:\/\/talkpal.ai\/tr\/\"},{\"@type\":\"ListItem\",\"position\":2,\"name\":\"Slovence Dilbilgisi\"}]},{\"@type\":\"WebSite\",\"@id\":\"https:\/\/talkpal.ai\/tr\/#website\",\"url\":\"https:\/\/talkpal.ai\/tr\/\",\"name\":\"Talkpal\",\"description\":\"AI Language Learning\",\"publisher\":{\"@id\":\"https:\/\/talkpal.ai\/tr\/#organization\"},\"alternateName\":\"Talkpal AI\",\"potentialAction\":[{\"@type\":\"SearchAction\",\"target\":{\"@type\":\"EntryPoint\",\"urlTemplate\":\"https:\/\/talkpal.ai\/tr\/?s={search_term_string}\"},\"query-input\":{\"@type\":\"PropertyValueSpecification\",\"valueRequired\":true,\"valueName\":\"search_term_string\"}}],\"inLanguage\":\"tr\"},{\"@type\":\"Organization\",\"@id\":\"https:\/\/talkpal.ai\/tr\/#organization\",\"name\":\"Talkpal, Inc.\",\"alternateName\":\"Talkpal AI\",\"url\":\"https:\/\/talkpal.ai\/tr\/\",\"logo\":{\"@type\":\"ImageObject\",\"inLanguage\":\"tr\",\"@id\":\"https:\/\/talkpal.ai\/tr\/#\/schema\/logo\/image\/\",\"url\":\"https:\/\/talkpal.ai\/wp-content\/uploads\/2024\/03\/Talkpal-Logo-Icon.png\",\"contentUrl\":\"https:\/\/talkpal.ai\/wp-content\/uploads\/2024\/03\/Talkpal-Logo-Icon.png\",\"width\":2880,\"height\":2880,\"caption\":\"Talkpal, Inc.\"},\"image\":{\"@id\":\"https:\/\/talkpal.ai\/tr\/#\/schema\/logo\/image\/\"},\"sameAs\":[\"https:\/\/www.facebook.com\/profile.php?id=100090733639311\",\"https:\/\/x.com\/talkpalai\",\"https:\/\/www.linkedin.com\/company\/talkpal\/\",\"https:\/\/www.youtube.com\/@TalkPal\/\",\"https:\/\/www.tiktok.com\/@talkpal\",\"https:\/\/www.instagram.com\/talkpal_ai\/\",\"https:\/\/www.crunchbase.com\/organization\/talkpal-9cde\",\"https:\/\/www.g2.com\/products\/talkpal-for-business\/\",\"https:\/\/www.trustpilot.com\/review\/talkpal.ai\",\"https:\/\/www.capterra.com\/p\/10006800\/TalkPal\/\"],\"description\":\"Talkpal is a language learning web and mobile education app, powered by the latest AI technologies, that provides engaging experiences to its customers in many different languages to help them improve their language skills. Users can chat about unlimited amount of topics with the app and use other modes to practice their language learning.\",\"email\":\"support@talkpal.ai\",\"legalName\":\"Talkpal, Inc.\",\"foundingDate\":\"2023-04-03\",\"duns\":\"118989042\",\"numberOfEmployees\":{\"@type\":\"QuantitativeValue\",\"minValue\":\"11\",\"maxValue\":\"50\"},\"publishingPrinciples\":\"https:\/\/talkpal.ai\/publishing-principles\/\",\"actionableFeedbackPolicy\":\"https:\/\/talkpal.ai\/actionable-feedback-policy\/\",\"correctionsPolicy\":\"https:\/\/talkpal.ai\/corrections-policy\/\",\"ethicsPolicy\":\"https:\/\/talkpal.ai\/ethics-policy\/\",\"diversityPolicy\":\"https:\/\/talkpal.ai\/diversity-policy\/\",\"diversityStaffingReport\":\"https:\/\/talkpal.ai\/diversity-policy\/\"}]}<\/script>\n<!-- \/ Yoast SEO Premium plugin. -->","yoast_head_json":{"title":"Slovence Dilbilgisi - Talkpal","description":"Daha iyi dil becerileri ve anlay\u0131\u015f i\u00e7in Slovence Dilbilgisinin inceliklerini ke\u015ffedin. Dilbilgisi sanat\u0131nda bug\u00fcn ustala\u015f\u0131n.","robots":{"index":"index","follow":"follow","max-snippet":"max-snippet:-1","max-image-preview":"max-image-preview:large","max-video-preview":"max-video-preview:-1"},"canonical":"https:\/\/talkpal.ai\/tr\/slovence-dilbilgisi\/","og_locale":"tr_TR","og_type":"article","og_title":"Slovence Dilbilgisi","og_description":"Slovence Dilbilgisi: Dil Severler \u0130\u00e7in K\u0131sa Bir Giri\u015f \u00c7arp\u0131c\u0131 bir Slav dili olan Slovence'nin b\u00fcy\u00fcleyici d\u00fcnyas\u0131na dalmaya haz\u0131r m\u0131s\u0131n\u0131z? Bir ziyafete","og_url":"https:\/\/talkpal.ai\/tr\/slovence-dilbilgisi\/","og_site_name":"Talkpal","article_publisher":"https:\/\/www.facebook.com\/profile.php?id=100090733639311","article_modified_time":"2025-12-12T11:14:13+00:00","og_image":[{"width":512,"height":512,"url":"https:\/\/talkpal.ai\/wp-content\/uploads\/2023\/05\/slovenia.png","type":"image\/png"}],"twitter_card":"summary_large_image","twitter_site":"@talkpalai","twitter_misc":{"Tahmini okuma s\u00fcresi":"3 dakika"},"schema":{"@context":"https:\/\/schema.org","@graph":[{"@type":"WebPage","@id":"https:\/\/talkpal.ai\/tr\/slovence-dilbilgisi\/","url":"https:\/\/talkpal.ai\/tr\/slovence-dilbilgisi\/","name":"Slovence Dilbilgisi - Talkpal","isPartOf":{"@id":"https:\/\/talkpal.ai\/tr\/#website"},"primaryImageOfPage":{"@id":"https:\/\/talkpal.ai\/tr\/slovence-dilbilgisi\/#primaryimage"},"image":{"@id":"https:\/\/talkpal.ai\/tr\/slovence-dilbilgisi\/#primaryimage"},"thumbnailUrl":"https:\/\/talkpal.ai\/wp-content\/uploads\/2023\/05\/slovenia.png","datePublished":"2023-05-14T14:20:10+00:00","dateModified":"2025-12-12T11:14:13+00:00","description":"Daha iyi dil becerileri ve anlay\u0131\u015f i\u00e7in Slovence Dilbilgisinin inceliklerini ke\u015ffedin. Dilbilgisi sanat\u0131nda bug\u00fcn ustala\u015f\u0131n.","breadcrumb":{"@id":"https:\/\/talkpal.ai\/tr\/slovence-dilbilgisi\/#breadcrumb"},"inLanguage":"tr","potentialAction":[{"@type":"ReadAction","target":["https:\/\/talkpal.ai\/tr\/slovence-dilbilgisi\/"]}]},{"@type":"ImageObject","inLanguage":"tr","@id":"https:\/\/talkpal.ai\/tr\/slovence-dilbilgisi\/#primaryimage","url":"https:\/\/talkpal.ai\/wp-content\/uploads\/2023\/05\/slovenia.png","contentUrl":"https:\/\/talkpal.ai\/wp-content\/uploads\/2023\/05\/slovenia.png","width":512,"height":512},{"@type":"BreadcrumbList","@id":"https:\/\/talkpal.ai\/tr\/slovence-dilbilgisi\/#breadcrumb","itemListElement":[{"@type":"ListItem","position":1,"name":"Homepage","item":"https:\/\/talkpal.ai\/tr\/"},{"@type":"ListItem","position":2,"name":"Slovence Dilbilgisi"}]},{"@type":"WebSite","@id":"https:\/\/talkpal.ai\/tr\/#website","url":"https:\/\/talkpal.ai\/tr\/","name":"Talkpal","description":"AI Language Learning","publisher":{"@id":"https:\/\/talkpal.ai\/tr\/#organization"},"alternateName":"Talkpal AI","potentialAction":[{"@type":"SearchAction","target":{"@type":"EntryPoint","urlTemplate":"https:\/\/talkpal.ai\/tr\/?s={search_term_string}"},"query-input":{"@type":"PropertyValueSpecification","valueRequired":true,"valueName":"search_term_string"}}],"inLanguage":"tr"},{"@type":"Organization","@id":"https:\/\/talkpal.ai\/tr\/#organization","name":"Talkpal, Inc.","alternateName":"Talkpal AI","url":"https:\/\/talkpal.ai\/tr\/","logo":{"@type":"ImageObject","inLanguage":"tr","@id":"https:\/\/talkpal.ai\/tr\/#\/schema\/logo\/image\/","url":"https:\/\/talkpal.ai\/wp-content\/uploads\/2024\/03\/Talkpal-Logo-Icon.png","contentUrl":"https:\/\/talkpal.ai\/wp-content\/uploads\/2024\/03\/Talkpal-Logo-Icon.png","width":2880,"height":2880,"caption":"Talkpal, Inc."},"image":{"@id":"https:\/\/talkpal.ai\/tr\/#\/schema\/logo\/image\/"},"sameAs":["https:\/\/www.facebook.com\/profile.php?id=100090733639311","https:\/\/x.com\/talkpalai","https:\/\/www.linkedin.com\/company\/talkpal\/","https:\/\/www.youtube.com\/@TalkPal\/","https:\/\/www.tiktok.com\/@talkpal","https:\/\/www.instagram.com\/talkpal_ai\/","https:\/\/www.crunchbase.com\/organization\/talkpal-9cde","https:\/\/www.g2.com\/products\/talkpal-for-business\/","https:\/\/www.trustpilot.com\/review\/talkpal.ai","https:\/\/www.capterra.com\/p\/10006800\/TalkPal\/"],"description":"Talkpal is a language learning web and mobile education app, powered by the latest AI technologies, that provides engaging experiences to its customers in many different languages to help them improve their language skills. Users can chat about unlimited amount of topics with the app and use other modes to practice their language learning.","email":"support@talkpal.ai","legalName":"Talkpal, Inc.","foundingDate":"2023-04-03","duns":"118989042","numberOfEmployees":{"@type":"QuantitativeValue","minValue":"11","maxValue":"50"},"publishingPrinciples":"https:\/\/talkpal.ai\/publishing-principles\/","actionableFeedbackPolicy":"https:\/\/talkpal.ai\/actionable-feedback-policy\/","correctionsPolicy":"https:\/\/talkpal.ai\/corrections-policy\/","ethicsPolicy":"https:\/\/talkpal.ai\/ethics-policy\/","diversityPolicy":"https:\/\/talkpal.ai\/diversity-policy\/","diversityStaffingReport":"https:\/\/talkpal.ai\/diversity-policy\/"}]}},"_links":{"self":[{"href":"https:\/\/talkpal.ai\/tr\/wp-json\/wp\/v2\/pages\/150636","targetHints":{"allow":["GET"]}}],"collection":[{"href":"https:\/\/talkpal.ai\/tr\/wp-json\/wp\/v2\/pages"}],"about":[{"href":"https:\/\/talkpal.ai\/tr\/wp-json\/wp\/v2\/types\/page"}],"author":[{"embeddable":true,"href":"https:\/\/talkpal.ai\/tr\/wp-json\/wp\/v2\/users\/1"}],"replies":[{"embeddable":true,"href":"https:\/\/talkpal.ai\/tr\/wp-json\/wp\/v2\/comments?post=150636"}],"version-history":[{"count":0,"href":"https:\/\/talkpal.ai\/tr\/wp-json\/wp\/v2\/pages\/150636\/revisions"}],"wp:featuredmedia":[{"embeddable":true,"href":"https:\/\/talkpal.ai\/tr\/wp-json\/wp\/v2\/media\/119655"}],"wp:attachment":[{"href":"https:\/\/talkpal.ai\/tr\/wp-json\/wp\/v2\/media?parent=150636"}],"curies":[{"name":"wp","href":"https:\/\/api.w.org\/{rel}","templated":true}]}}