{"id":150134,"date":"2023-05-14T14:19:49","date_gmt":"2023-05-14T14:19:49","guid":{"rendered":"http:\/\/talkpal.ai\/slovakca-dilbilgisi\/"},"modified":"2025-12-12T11:09:28","modified_gmt":"2025-12-12T11:09:28","slug":"slovakca-dilbilgisi","status":"publish","type":"page","link":"https:\/\/talkpal.ai\/tr\/slovakca-dilbilgisi\/","title":{"rendered":"Slovak\u00e7a Dilbilgisi"},"content":{"rendered":"\r\n\r\n\r\n<section class=\"languageChallengeSection\">\r\n    <div class=\"languageInfoWrapper\">\r\n        \r\n        <h1>Slovak\u00e7a Dilbilgisi<\/h1>\r\n        <p>Slovak\u00e7a dilinin temel gramer kurallar\u0131n\u0131 \u00f6\u011frenerek bu dilin g\u00fczelli\u011fini ke\u015ffedin. Slovak\u00e7a dilbilgisini anlamak, g\u00fcvenle ileti\u015fim kurman\u0131za ve Slovakya&#039;n\u0131n zengin gelenekleriyle daha derin bir ba\u011f kurman\u0131za yard\u0131mc\u0131 olacakt\u0131r. Yolculu\u011funuza bug\u00fcn ba\u015flay\u0131n ve Slovak\u00e7a&#039;da ustala\u015fmak i\u00e7in ilk ad\u0131m\u0131 at\u0131n!\n\n<\/p>\r\n\r\n                            <a class=\"getStartedHidden\" href=\"https:\/\/app.talkpal.ai\/tr\/signup?lng=\">Hadi ba\u015fla<\/a>\r\n        \r\n    <\/div>\r\n\r\n    <figure>\r\n    <img decoding=\"async\" width=\"768\" height=\"768\" src=\"https:\/\/talkpal.ai\/wp-content\/uploads\/2023\/06\/slovak-768x768.png\" class=\"languageImage no-lazy\" alt=\"Language learning for cross-cultural competence\" fetchpriority=\"high\" sizes=\"(max-width: 768px) 150px, 768px\" srcset=\"https:\/\/talkpal.ai\/wp-content\/uploads\/2023\/06\/slovak-768x768.png 768w, https:\/\/talkpal.ai\/wp-content\/uploads\/2023\/06\/slovak-300x300.png 300w\" \/>\r\n    \r\n\r\n    <\/figure>\r\n\r\n            <a class=\"getStartedVisible\" href=\"https:\/\/app.talkpal.ai\/tr\/signup?lng=\">Hadi ba\u015fla<\/a>\r\n    \r\n<\/section>\r\n<section class=\"promotionalBanner\">\r\n    <p class=\"promotionalText\">Dil \u00f6\u011frenmenin en etkili yolu<\/p>\r\n    <a class=\"promotionalLink\" href=\"https:\/\/app.talkpal.ai\/tr\/signup?lng=\">Talkpal \u00fccretsiz deneyin<\/a>\r\n<\/section>\n<div class=\"wp-block-group pageContainerStyle\"><div class=\"wp-block-group__inner-container is-layout-constrained wp-block-group-is-layout-constrained\">\n<h2 class=\"wp-block-heading\" id=\"h-slovak-grammar-the-key-to-unlocking-a-beautiful-language\">Slovak\u00e7a Dilbilgisi: G\u00fczel Bir Dilin Kilidini A\u00e7man\u0131n Anahtar\u0131<\/h2>\n\n\n\n<p>Slovak\u00e7a \u00f6\u011frenmeyi mi planl\u0131yorsunuz yoksa sadece benzersiz gramerini mi merak ediyorsunuz? Do\u011fru yerdesiniz! <a href=\"https:\/\/talkpal.ai\/slovak-grammar\/\">Slovak\u00e7a dilbilgisi<\/a> ilk bak\u0131\u015fta korkutucu g\u00f6r\u00fcnebilir, ancak endi\u015felenmeyin &#8211; asl\u0131nda olduk\u00e7a mant\u0131kl\u0131 ve y\u00f6netilebilir. Bu makalede, Slovak\u00e7a dilbilgisini daha iyi anlaman\u0131za ve g\u00fczelli\u011fini takdir etmenize yard\u0131mc\u0131 olmak i\u00e7in dilbilgisinin inceliklerini ke\u015ffedece\u011fiz.<\/p>\n\n\n\n<p>\u0130lk olarak, biraz arka planla ba\u015flayal\u0131m. Slovak\u00e7a, \u00f6ncelikle Slovakya&#8217;da konu\u015fulan bir Bat\u0131 Slav dilidir, ancak \u00e7evre \u00fclkelerde de konu\u015fmac\u0131lar bulabilirsiniz. Bir Slav dili olarak, \u00c7ek\u00e7e ve Leh\u00e7e gibi b\u00f6lgedeki di\u011fer dillerle bir\u00e7ok benzerli\u011fi payla\u015f\u0131r. Ancak, onu di\u011ferlerinden ay\u0131ran kendine \u00f6zg\u00fc dilbilgisi kurallar\u0131 ve kullan\u0131m kal\u0131plar\u0131 vard\u0131r.<\/p>\n\n\n\n<p>\u015eimdi Slovak\u00e7a dilbilgisinin en \u00f6nemli y\u00f6nlerinden baz\u0131lar\u0131na dalal\u0131m.<\/p>\n\n\n\n<h3 class=\"wp-block-heading\" id=\"h-1-nouns-and-their-cases\">1. \u0130simler ve durumlar\u0131<\/h3>\n\n\n\n<p>Slovak\u00e7a dilbilgisinin en \u00e7arp\u0131c\u0131 \u00f6zelliklerinden biri karma\u015f\u0131k durum sistemidir. Almanca ya da Rus\u00e7a biliyorsan\u0131z, neden bahsetti\u011fimizi anlayacaks\u0131n\u0131z: Slovak\u00e7a isimler c\u00fcmle i\u00e7indeki i\u015flevlerine g\u00f6re bi\u00e7im de\u011fi\u015ftirirler. Yedi durumla (nominatif, genitif, datif, akuzatif, lokatif, enstr\u00fcmantal ve vokatif), bu ilk ba\u015fta bunalt\u0131c\u0131 g\u00f6r\u00fcnebilir, ancak pes etmeyin! Bir kez al\u0131\u015ft\u0131\u011f\u0131n\u0131zda, inan\u0131lmaz derecede mant\u0131kl\u0131 ve hatta e\u011flenceli.<\/p>\n\n\n\n<p>\u00d6rnek olarak &#8220;chlapec&#8221; (o\u011flan) ismini ele alal\u0131m. Bir eylemin \u00f6znesi, nesnesi veya al\u0131c\u0131s\u0131 olmas\u0131na ba\u011fl\u0131 olarak &#8220;chlapca,&#8221; &#8220;chlapcovi,&#8221; &#8220;chlapcom,&#8221; vb. olarak de\u011fi\u015febilir. Sonlar ismin cinsiyetine (eril, di\u015fil veya n\u00f6tr) de ba\u011fl\u0131d\u0131r ve dile daha da fazla \u00e7e\u015fitlilik kazand\u0131r\u0131r.<\/p>\n\n\n\n<h3 class=\"wp-block-heading\" id=\"h-2-verb-conjugation-and-tenses\">2. Fiil \u00e7ekimi ve zamanlar\u0131<\/h3>\n\n\n\n<p>Slovak\u00e7a fiiller, \u00f6znenin ki\u015fisine ve say\u0131s\u0131na (tekil veya \u00e7o\u011ful) g\u00f6re sonlar\u0131n\u0131 de\u011fi\u015ftirir. \u00d6rne\u011fin, &#8220;vidie\u0165&#8221; (g\u00f6rmek) fiili &#8220;vid\u00edm&#8221; (g\u00f6r\u00fcyorum), &#8220;vid\u00ed\u0161&#8221; (g\u00f6r\u00fcyorsun), &#8220;vidia&#8221; (g\u00f6r\u00fcyorlar) ve di\u011ferlerine d\u00f6n\u00fc\u015febilir.<\/p>\n\n\n\n<p>Slovak\u00e7a&#8217;n\u0131n \u00fc\u00e7 ana zaman\u0131 vard\u0131r: ge\u00e7mi\u015f, \u015fimdi ve gelecek. \u0130lgin\u00e7 olan \u015fey, \u0130ngilizce&#8217;den farkl\u0131 olarak, Slovak\u00e7a&#8217;n\u0131n bu zamanlar\u0131 olu\u015fturmak i\u00e7in tipik olarak yard\u0131mc\u0131 fiiller kullanmamas\u0131d\u0131r. Bunun yerine, fiil sonlar\u0131 de\u011fi\u015ftirilerek olu\u015fturulurlar. \u00d6rne\u011fin, &#8220;g\u00f6r\u00fcyorum&#8221; &#8220;vid\u00edm&#8221;, &#8220;g\u00f6rd\u00fcm&#8221; &#8220;videl som&#8221; ve &#8220;g\u00f6rece\u011fim&#8221; &#8220;uvid\u00edm &#8220;dir.<\/p>\n\n\n\n<h3 class=\"wp-block-heading\" id=\"h-3-sentence-structure-and-word-order\">3. C\u00fcmle yap\u0131s\u0131 ve kelime s\u0131ras\u0131<\/h3>\n\n\n\n<p>Slovak\u00e7a, isim durumu ve fiil \u00e7ekim sistemi sayesinde nispeten esnek bir kelime s\u0131ras\u0131na sahiptir. Bu, \u0130ngilizceden farkl\u0131 olarak, anlam\u0131n\u0131 de\u011fi\u015ftirmeden kelimeleri bir c\u00fcmle i\u00e7inde farkl\u0131 konumlara yerle\u015ftirebilece\u011finiz anlam\u0131na gelir &#8211; \u00f6rne\u011fin, &#8220;chlapec vid\u00ed psa&#8221; (\u00e7ocuk k\u00f6pe\u011fi g\u00f6r\u00fcr) ayn\u0131 zamanda &#8220;psa vid\u00ed chlapec&#8221; olabilir ve yine de ayn\u0131 anlama sahiptir.<\/p>\n\n\n\n<p>Bununla birlikte, Slovak\u00e7a&#8217;daki en yayg\u0131n kelime s\u0131ras\u0131 \u00f6zne-fiil-nesne veya SVO&#8217;dur. Bu, \u0130ngilizceye benzer ve \u00f6\u011frenciler i\u00e7in harika bir ba\u015flang\u0131\u00e7 noktas\u0131d\u0131r. Dil konusunda daha rahat <a href=\"https:\/\/talkpal.ai\/locations\/language-courses-in-rahat\/\">hale<\/a> geldik\u00e7e, c\u00fcmlelerinize vurgu veya n\u00fcans eklemek i\u00e7in farkl\u0131 kelime s\u0131ralar\u0131n\u0131 deneyebilirsiniz.<\/p>\n\n\n\n<h3 class=\"wp-block-heading\" id=\"h-4-adjectives-and-adverbs\">4. S\u0131fatlar ve zarflar<\/h3>\n\n\n\n<p>Di\u011fer bir\u00e7ok dilde oldu\u011fu gibi Slovak\u00e7a&#8217;da da s\u0131fatlar ve zarflar isim ve fiilleri tan\u0131mlamak i\u00e7in kullan\u0131l\u0131r. Bununla birlikte, i\u015fleri biraz daha karma\u015f\u0131k hale getirebilecek kendi dava s\u00f6zle\u015fmeleri ve cinsiyet s\u00f6zle\u015fmesi kurallar\u0131 da vard\u0131r. Neyse ki, isim durumlar\u0131na ve fiil \u00e7ekimlerine hakim oldu\u011funuzda, bu kurallar daha do\u011fal bir \u015fekilde gelecektir.<\/p>\n\n\n\n<p>Peki, Slovak\u00e7a dilbilgisiyle u\u011fra\u015fmaya haz\u0131r m\u0131s\u0131n\u0131z? Do\u011fru zihniyet ve kaynaklarla Slovak\u00e7a \u00f6\u011frenmek, zengin bir k\u00fclt\u00fcre ve g\u00fczel bir \u00fclkeye kap\u0131 a\u00e7abilecek \u00f6d\u00fcllendirici bir deneyimdir. Ad\u0131m ad\u0131m ilerleyin, d\u00fczenli olarak pratik yap\u0131n ve hata yapmaktan korkmay\u0131n &#8211; sonu\u00e7ta hepimiz bu \u015fekilde \u00f6\u011freniyoruz. Ve\u013ea \u0161\u0165astia! (\u0130yi \u015fanslar!)<\/p>\n<\/div><\/div>\n\r\n<section class=\"learnNavigationSection\">\r\n            \r\n        <a href=\"https:\/\/talkpal.ai\/tr\/slovakca-ogren\/\">\r\n            <div class=\"learnNavigationWrapper\">\r\n                <div class=\"learnNavigationContent\">\r\n                    <img decoding=\"async\" src=\"https:\/\/talkpal.ai\/wp-content\/uploads\/2024\/08\/Slovak.jpg\" alt=\"Slovak Flag\">\r\n                    <div>\r\n                        <h4>Slovak\u00e7a \u00d6\u011frenimi Hakk\u0131nda<\/h4>\r\n                        <p>Slovak\u00e7a dilbilgisi hakk\u0131nda her \u015feyi \u00f6\u011frenin .<\/p>\r\n                    <\/div>\r\n                <\/div>\r\n            <\/div>\r\n        <\/a>\r\n\r\n        \r\n        <a href=\"https:\/\/talkpal.ai\/tr\/slovakca-dilbilgisi-alistirmalari\/\">\r\n            <div class=\"learnNavigationWrapper\">\r\n                <div class=\"learnNavigationContent\">\r\n                    <img decoding=\"async\" src=\"https:\/\/talkpal.ai\/wp-content\/uploads\/2024\/08\/Slovak.jpg\" alt=\"Slovak Flag\">\r\n                    <div>\r\n                        <h4>Slovak\u00e7a Dilbilgisi Al\u0131\u015ft\u0131rmas\u0131<\/h4>\r\n                        <p>Slovak\u00e7a dilbilgisi al\u0131\u015ft\u0131rmas\u0131 yap\u0131n .<\/p>\r\n                    <\/div>\r\n                <\/div>\r\n            <\/div>\r\n        <\/a>\r\n\r\n        \r\n        <a href=\"https:\/\/talkpal.ai\/vocabulary_language\/slovak\/\">\r\n            <div class=\"learnNavigationWrapper\">\r\n                <div class=\"learnNavigationContent\">\r\n                    <img decoding=\"async\" src=\"https:\/\/talkpal.ai\/wp-content\/uploads\/2024\/08\/Slovak.jpg\" alt=\"Slovak Flag\">\r\n                    <div>\r\n                        <h4>Slovak\u00e7a Kelime Bilgisi<\/h4>\r\n                        <p>Slovak\u00e7a kelime da\u011farc\u0131\u011f\u0131n\u0131z\u0131 geni\u015fletin.<\/p>\r\n                    <\/div>\r\n                <\/div>\r\n            <\/div>\r\n        <\/a>\r\n\r\n            <\/section>","protected":false},"excerpt":{"rendered":"<p>Slovak\u00e7a Dilbilgisi: G\u00fczel Bir Dilin Kilidini A\u00e7man\u0131n Anahtar\u0131 Slovak\u00e7a \u00f6\u011frenmeyi mi planl\u0131yorsunuz yoksa sadece benzersiz gramerini mi merak ediyorsunuz? Do\u011fru yerdesiniz! Slovak\u00e7a dilbilgisi ilk bak\u0131\u015fta korkutucu g\u00f6r\u00fcnebilir, ancak endi\u015felenmeyin &#8211; asl\u0131nda olduk\u00e7a mant\u0131kl\u0131 ve y\u00f6netilebilir. Bu makalede, Slovak\u00e7a dilbilgisini daha iyi anlaman\u0131za ve g\u00fczelli\u011fini takdir etmenize yard\u0131mc\u0131 olmak i\u00e7in dilbilgisinin inceliklerini ke\u015ffedece\u011fiz. \u0130lk olarak, biraz [&hellip;]<\/p>\n","protected":false},"author":1,"featured_media":118992,"parent":0,"menu_order":0,"comment_status":"closed","ping_status":"closed","template":"LearningContentPage.php","meta":{"_acf_changed":false,"footnotes":""},"class_list":["post-150134","page","type-page","status-publish","has-post-thumbnail","hentry"],"acf":[],"yoast_head":"<!-- This site is optimized with the Yoast SEO Premium plugin v27.2 (Yoast SEO v27.2) - https:\/\/yoast.com\/product\/yoast-seo-premium-wordpress\/ -->\n<title>Slovak\u00e7a Dilbilgisi - Talkpal<\/title>\n<meta name=\"description\" content=\"Net a\u00e7\u0131klamalar, pratik \u00f6rnekler ve interaktif al\u0131\u015ft\u0131rmalarla Slovak\u00e7a dilbilgisinde ustala\u015f\u0131n. Becerilerinizi geli\u015ftirin!\" \/>\n<meta name=\"robots\" content=\"index, follow, max-snippet:-1, max-image-preview:large, max-video-preview:-1\" \/>\n<link rel=\"canonical\" href=\"https:\/\/talkpal.ai\/tr\/slovakca-dilbilgisi\/\" \/>\n<meta property=\"og:locale\" content=\"tr_TR\" \/>\n<meta property=\"og:type\" content=\"article\" \/>\n<meta property=\"og:title\" content=\"Slovak\u00e7a Dilbilgisi\" \/>\n<meta property=\"og:description\" content=\"Slovak\u00e7a Dilbilgisi: G\u00fczel Bir Dilin Kilidini A\u00e7man\u0131n Anahtar\u0131 Slovak\u00e7a \u00f6\u011frenmeyi mi planl\u0131yorsunuz yoksa sadece benzersiz gramerini mi merak ediyorsunuz?\" \/>\n<meta property=\"og:url\" content=\"https:\/\/talkpal.ai\/tr\/slovakca-dilbilgisi\/\" \/>\n<meta property=\"og:site_name\" content=\"Talkpal\" \/>\n<meta property=\"article:publisher\" content=\"https:\/\/www.facebook.com\/profile.php?id=100090733639311\" \/>\n<meta property=\"article:modified_time\" content=\"2025-12-12T11:09:28+00:00\" \/>\n<meta property=\"og:image\" content=\"https:\/\/talkpal.ai\/wp-content\/uploads\/2023\/05\/slovakia.png\" \/>\n\t<meta property=\"og:image:width\" content=\"512\" \/>\n\t<meta property=\"og:image:height\" content=\"512\" \/>\n\t<meta property=\"og:image:type\" content=\"image\/png\" \/>\n<meta name=\"twitter:card\" content=\"summary_large_image\" \/>\n<meta name=\"twitter:site\" content=\"@talkpalai\" \/>\n<meta name=\"twitter:label1\" content=\"Tahmini okuma s\u00fcresi\" \/>\n\t<meta name=\"twitter:data1\" content=\"3 dakika\" \/>\n<script type=\"application\/ld+json\" class=\"yoast-schema-graph\">{\"@context\":\"https:\/\/schema.org\",\"@graph\":[{\"@type\":\"WebPage\",\"@id\":\"https:\/\/talkpal.ai\/tr\/slovakca-dilbilgisi\/\",\"url\":\"https:\/\/talkpal.ai\/tr\/slovakca-dilbilgisi\/\",\"name\":\"Slovak\u00e7a Dilbilgisi - Talkpal\",\"isPartOf\":{\"@id\":\"https:\/\/talkpal.ai\/tr\/#website\"},\"primaryImageOfPage\":{\"@id\":\"https:\/\/talkpal.ai\/tr\/slovakca-dilbilgisi\/#primaryimage\"},\"image\":{\"@id\":\"https:\/\/talkpal.ai\/tr\/slovakca-dilbilgisi\/#primaryimage\"},\"thumbnailUrl\":\"https:\/\/talkpal.ai\/wp-content\/uploads\/2023\/05\/slovakia.png\",\"datePublished\":\"2023-05-14T14:19:49+00:00\",\"dateModified\":\"2025-12-12T11:09:28+00:00\",\"description\":\"Net a\u00e7\u0131klamalar, pratik \u00f6rnekler ve interaktif al\u0131\u015ft\u0131rmalarla Slovak\u00e7a dilbilgisinde ustala\u015f\u0131n. Becerilerinizi geli\u015ftirin!\",\"breadcrumb\":{\"@id\":\"https:\/\/talkpal.ai\/tr\/slovakca-dilbilgisi\/#breadcrumb\"},\"inLanguage\":\"tr\",\"potentialAction\":[{\"@type\":\"ReadAction\",\"target\":[\"https:\/\/talkpal.ai\/tr\/slovakca-dilbilgisi\/\"]}]},{\"@type\":\"ImageObject\",\"inLanguage\":\"tr\",\"@id\":\"https:\/\/talkpal.ai\/tr\/slovakca-dilbilgisi\/#primaryimage\",\"url\":\"https:\/\/talkpal.ai\/wp-content\/uploads\/2023\/05\/slovakia.png\",\"contentUrl\":\"https:\/\/talkpal.ai\/wp-content\/uploads\/2023\/05\/slovakia.png\",\"width\":512,\"height\":512},{\"@type\":\"BreadcrumbList\",\"@id\":\"https:\/\/talkpal.ai\/tr\/slovakca-dilbilgisi\/#breadcrumb\",\"itemListElement\":[{\"@type\":\"ListItem\",\"position\":1,\"name\":\"Homepage\",\"item\":\"https:\/\/talkpal.ai\/tr\/\"},{\"@type\":\"ListItem\",\"position\":2,\"name\":\"Slovak\u00e7a Dilbilgisi\"}]},{\"@type\":\"WebSite\",\"@id\":\"https:\/\/talkpal.ai\/tr\/#website\",\"url\":\"https:\/\/talkpal.ai\/tr\/\",\"name\":\"Talkpal\",\"description\":\"AI Language Learning\",\"publisher\":{\"@id\":\"https:\/\/talkpal.ai\/tr\/#organization\"},\"alternateName\":\"Talkpal AI\",\"potentialAction\":[{\"@type\":\"SearchAction\",\"target\":{\"@type\":\"EntryPoint\",\"urlTemplate\":\"https:\/\/talkpal.ai\/tr\/?s={search_term_string}\"},\"query-input\":{\"@type\":\"PropertyValueSpecification\",\"valueRequired\":true,\"valueName\":\"search_term_string\"}}],\"inLanguage\":\"tr\"},{\"@type\":\"Organization\",\"@id\":\"https:\/\/talkpal.ai\/tr\/#organization\",\"name\":\"Talkpal, Inc.\",\"alternateName\":\"Talkpal AI\",\"url\":\"https:\/\/talkpal.ai\/tr\/\",\"logo\":{\"@type\":\"ImageObject\",\"inLanguage\":\"tr\",\"@id\":\"https:\/\/talkpal.ai\/tr\/#\/schema\/logo\/image\/\",\"url\":\"https:\/\/talkpal.ai\/wp-content\/uploads\/2024\/03\/Talkpal-Logo-Icon.png\",\"contentUrl\":\"https:\/\/talkpal.ai\/wp-content\/uploads\/2024\/03\/Talkpal-Logo-Icon.png\",\"width\":2880,\"height\":2880,\"caption\":\"Talkpal, Inc.\"},\"image\":{\"@id\":\"https:\/\/talkpal.ai\/tr\/#\/schema\/logo\/image\/\"},\"sameAs\":[\"https:\/\/www.facebook.com\/profile.php?id=100090733639311\",\"https:\/\/x.com\/talkpalai\",\"https:\/\/www.linkedin.com\/company\/talkpal\/\",\"https:\/\/www.youtube.com\/@TalkPal\/\",\"https:\/\/www.tiktok.com\/@talkpal\",\"https:\/\/www.instagram.com\/talkpal_ai\/\",\"https:\/\/www.crunchbase.com\/organization\/talkpal-9cde\",\"https:\/\/www.g2.com\/products\/talkpal-for-business\/\",\"https:\/\/www.trustpilot.com\/review\/talkpal.ai\",\"https:\/\/www.capterra.com\/p\/10006800\/TalkPal\/\"],\"description\":\"Talkpal is a language learning web and mobile education app, powered by the latest AI technologies, that provides engaging experiences to its customers in many different languages to help them improve their language skills. Users can chat about unlimited amount of topics with the app and use other modes to practice their language learning.\",\"email\":\"support@talkpal.ai\",\"legalName\":\"Talkpal, Inc.\",\"foundingDate\":\"2023-04-03\",\"duns\":\"118989042\",\"numberOfEmployees\":{\"@type\":\"QuantitativeValue\",\"minValue\":\"11\",\"maxValue\":\"50\"},\"publishingPrinciples\":\"https:\/\/talkpal.ai\/publishing-principles\/\",\"actionableFeedbackPolicy\":\"https:\/\/talkpal.ai\/actionable-feedback-policy\/\",\"correctionsPolicy\":\"https:\/\/talkpal.ai\/corrections-policy\/\",\"ethicsPolicy\":\"https:\/\/talkpal.ai\/ethics-policy\/\",\"diversityPolicy\":\"https:\/\/talkpal.ai\/diversity-policy\/\",\"diversityStaffingReport\":\"https:\/\/talkpal.ai\/diversity-policy\/\"}]}<\/script>\n<!-- \/ Yoast SEO Premium plugin. -->","yoast_head_json":{"title":"Slovak\u00e7a Dilbilgisi - Talkpal","description":"Net a\u00e7\u0131klamalar, pratik \u00f6rnekler ve interaktif al\u0131\u015ft\u0131rmalarla Slovak\u00e7a dilbilgisinde ustala\u015f\u0131n. Becerilerinizi geli\u015ftirin!","robots":{"index":"index","follow":"follow","max-snippet":"max-snippet:-1","max-image-preview":"max-image-preview:large","max-video-preview":"max-video-preview:-1"},"canonical":"https:\/\/talkpal.ai\/tr\/slovakca-dilbilgisi\/","og_locale":"tr_TR","og_type":"article","og_title":"Slovak\u00e7a Dilbilgisi","og_description":"Slovak\u00e7a Dilbilgisi: G\u00fczel Bir Dilin Kilidini A\u00e7man\u0131n Anahtar\u0131 Slovak\u00e7a \u00f6\u011frenmeyi mi planl\u0131yorsunuz yoksa sadece benzersiz gramerini mi merak ediyorsunuz?","og_url":"https:\/\/talkpal.ai\/tr\/slovakca-dilbilgisi\/","og_site_name":"Talkpal","article_publisher":"https:\/\/www.facebook.com\/profile.php?id=100090733639311","article_modified_time":"2025-12-12T11:09:28+00:00","og_image":[{"width":512,"height":512,"url":"https:\/\/talkpal.ai\/wp-content\/uploads\/2023\/05\/slovakia.png","type":"image\/png"}],"twitter_card":"summary_large_image","twitter_site":"@talkpalai","twitter_misc":{"Tahmini okuma s\u00fcresi":"3 dakika"},"schema":{"@context":"https:\/\/schema.org","@graph":[{"@type":"WebPage","@id":"https:\/\/talkpal.ai\/tr\/slovakca-dilbilgisi\/","url":"https:\/\/talkpal.ai\/tr\/slovakca-dilbilgisi\/","name":"Slovak\u00e7a Dilbilgisi - Talkpal","isPartOf":{"@id":"https:\/\/talkpal.ai\/tr\/#website"},"primaryImageOfPage":{"@id":"https:\/\/talkpal.ai\/tr\/slovakca-dilbilgisi\/#primaryimage"},"image":{"@id":"https:\/\/talkpal.ai\/tr\/slovakca-dilbilgisi\/#primaryimage"},"thumbnailUrl":"https:\/\/talkpal.ai\/wp-content\/uploads\/2023\/05\/slovakia.png","datePublished":"2023-05-14T14:19:49+00:00","dateModified":"2025-12-12T11:09:28+00:00","description":"Net a\u00e7\u0131klamalar, pratik \u00f6rnekler ve interaktif al\u0131\u015ft\u0131rmalarla Slovak\u00e7a dilbilgisinde ustala\u015f\u0131n. Becerilerinizi geli\u015ftirin!","breadcrumb":{"@id":"https:\/\/talkpal.ai\/tr\/slovakca-dilbilgisi\/#breadcrumb"},"inLanguage":"tr","potentialAction":[{"@type":"ReadAction","target":["https:\/\/talkpal.ai\/tr\/slovakca-dilbilgisi\/"]}]},{"@type":"ImageObject","inLanguage":"tr","@id":"https:\/\/talkpal.ai\/tr\/slovakca-dilbilgisi\/#primaryimage","url":"https:\/\/talkpal.ai\/wp-content\/uploads\/2023\/05\/slovakia.png","contentUrl":"https:\/\/talkpal.ai\/wp-content\/uploads\/2023\/05\/slovakia.png","width":512,"height":512},{"@type":"BreadcrumbList","@id":"https:\/\/talkpal.ai\/tr\/slovakca-dilbilgisi\/#breadcrumb","itemListElement":[{"@type":"ListItem","position":1,"name":"Homepage","item":"https:\/\/talkpal.ai\/tr\/"},{"@type":"ListItem","position":2,"name":"Slovak\u00e7a Dilbilgisi"}]},{"@type":"WebSite","@id":"https:\/\/talkpal.ai\/tr\/#website","url":"https:\/\/talkpal.ai\/tr\/","name":"Talkpal","description":"AI Language Learning","publisher":{"@id":"https:\/\/talkpal.ai\/tr\/#organization"},"alternateName":"Talkpal AI","potentialAction":[{"@type":"SearchAction","target":{"@type":"EntryPoint","urlTemplate":"https:\/\/talkpal.ai\/tr\/?s={search_term_string}"},"query-input":{"@type":"PropertyValueSpecification","valueRequired":true,"valueName":"search_term_string"}}],"inLanguage":"tr"},{"@type":"Organization","@id":"https:\/\/talkpal.ai\/tr\/#organization","name":"Talkpal, Inc.","alternateName":"Talkpal AI","url":"https:\/\/talkpal.ai\/tr\/","logo":{"@type":"ImageObject","inLanguage":"tr","@id":"https:\/\/talkpal.ai\/tr\/#\/schema\/logo\/image\/","url":"https:\/\/talkpal.ai\/wp-content\/uploads\/2024\/03\/Talkpal-Logo-Icon.png","contentUrl":"https:\/\/talkpal.ai\/wp-content\/uploads\/2024\/03\/Talkpal-Logo-Icon.png","width":2880,"height":2880,"caption":"Talkpal, Inc."},"image":{"@id":"https:\/\/talkpal.ai\/tr\/#\/schema\/logo\/image\/"},"sameAs":["https:\/\/www.facebook.com\/profile.php?id=100090733639311","https:\/\/x.com\/talkpalai","https:\/\/www.linkedin.com\/company\/talkpal\/","https:\/\/www.youtube.com\/@TalkPal\/","https:\/\/www.tiktok.com\/@talkpal","https:\/\/www.instagram.com\/talkpal_ai\/","https:\/\/www.crunchbase.com\/organization\/talkpal-9cde","https:\/\/www.g2.com\/products\/talkpal-for-business\/","https:\/\/www.trustpilot.com\/review\/talkpal.ai","https:\/\/www.capterra.com\/p\/10006800\/TalkPal\/"],"description":"Talkpal is a language learning web and mobile education app, powered by the latest AI technologies, that provides engaging experiences to its customers in many different languages to help them improve their language skills. Users can chat about unlimited amount of topics with the app and use other modes to practice their language learning.","email":"support@talkpal.ai","legalName":"Talkpal, Inc.","foundingDate":"2023-04-03","duns":"118989042","numberOfEmployees":{"@type":"QuantitativeValue","minValue":"11","maxValue":"50"},"publishingPrinciples":"https:\/\/talkpal.ai\/publishing-principles\/","actionableFeedbackPolicy":"https:\/\/talkpal.ai\/actionable-feedback-policy\/","correctionsPolicy":"https:\/\/talkpal.ai\/corrections-policy\/","ethicsPolicy":"https:\/\/talkpal.ai\/ethics-policy\/","diversityPolicy":"https:\/\/talkpal.ai\/diversity-policy\/","diversityStaffingReport":"https:\/\/talkpal.ai\/diversity-policy\/"}]}},"_links":{"self":[{"href":"https:\/\/talkpal.ai\/tr\/wp-json\/wp\/v2\/pages\/150134","targetHints":{"allow":["GET"]}}],"collection":[{"href":"https:\/\/talkpal.ai\/tr\/wp-json\/wp\/v2\/pages"}],"about":[{"href":"https:\/\/talkpal.ai\/tr\/wp-json\/wp\/v2\/types\/page"}],"author":[{"embeddable":true,"href":"https:\/\/talkpal.ai\/tr\/wp-json\/wp\/v2\/users\/1"}],"replies":[{"embeddable":true,"href":"https:\/\/talkpal.ai\/tr\/wp-json\/wp\/v2\/comments?post=150134"}],"version-history":[{"count":0,"href":"https:\/\/talkpal.ai\/tr\/wp-json\/wp\/v2\/pages\/150134\/revisions"}],"wp:featuredmedia":[{"embeddable":true,"href":"https:\/\/talkpal.ai\/tr\/wp-json\/wp\/v2\/media\/118992"}],"wp:attachment":[{"href":"https:\/\/talkpal.ai\/tr\/wp-json\/wp\/v2\/media?parent=150134"}],"curies":[{"name":"wp","href":"https:\/\/api.w.org\/{rel}","templated":true}]}}