{"id":149743,"date":"2023-05-14T14:19:26","date_gmt":"2023-05-14T14:19:26","guid":{"rendered":"http:\/\/talkpal.ai\/sirpca-dilbilgisi\/"},"modified":"2025-12-17T15:36:09","modified_gmt":"2025-12-17T15:36:09","slug":"sirpca-dilbilgisi","status":"publish","type":"page","link":"https:\/\/talkpal.ai\/tr\/sirpca-dilbilgisi\/","title":{"rendered":"S\u0131rp\u00e7a Dilbilgisi"},"content":{"rendered":"\r\n\r\n\r\n<section class=\"languageChallengeSection\">\r\n    <div class=\"languageInfoWrapper\">\r\n        \r\n        <h1>S\u0131rp\u00e7a Dilbilgisi<\/h1>\r\n        <p>Rus dili maceran\u0131za ba\u015flay\u0131n ve zengin bir k\u00fclt\u00fcr ve tarihin kap\u0131lar\u0131n\u0131 aralay\u0131n. Rus\u00e7a dilbilgisi ve kelime bilgisine hakim olmak seyahat, kariyer ve ileti\u015fim f\u0131rsatlar\u0131n\u0131z\u0131 geli\u015ftirecektir. Bug\u00fcn Rus\u00e7a \u00f6\u011frenmeye ba\u015flay\u0131n ve ak\u0131c\u0131l\u0131\u011fa do\u011fru ilk ad\u0131m\u0131 at\u0131n!\n\n<\/p>\r\n\r\n                            <a class=\"getStartedHidden\" href=\"https:\/\/app.talkpal.ai\/tr\/signup?lng=\">Hadi ba\u015fla<\/a>\r\n        \r\n    <\/div>\r\n\r\n    <figure>\r\n    <img decoding=\"async\" width=\"768\" height=\"768\" src=\"https:\/\/talkpal.ai\/wp-content\/uploads\/2023\/06\/serbian-768x768.png\" class=\"languageImage no-lazy\" alt=\"Fast-track to fluency with language learning\" fetchpriority=\"high\" sizes=\"(max-width: 768px) 150px, 768px\" srcset=\"https:\/\/talkpal.ai\/wp-content\/uploads\/2023\/06\/serbian-768x768.png 768w, https:\/\/talkpal.ai\/wp-content\/uploads\/2023\/06\/serbian-300x300.png 300w\" \/>\r\n    \r\n\r\n    <\/figure>\r\n\r\n            <a class=\"getStartedVisible\" href=\"https:\/\/app.talkpal.ai\/tr\/signup?lng=\">Hadi ba\u015fla<\/a>\r\n    \r\n<\/section>\r\n<section class=\"promotionalBanner\">\r\n    <p class=\"promotionalText\">Dil \u00f6\u011frenmenin en etkili yolu<\/p>\r\n    <a class=\"promotionalLink\" href=\"https:\/\/app.talkpal.ai\/tr\/signup?lng=\">Talkpal \u00fccretsiz deneyin<\/a>\r\n<\/section>\n<div class=\"wp-block-group pageContainerStyle\"><div class=\"wp-block-group__inner-container is-layout-constrained wp-block-group-is-layout-constrained\">\n<h1 class=\"wp-block-heading\" id=\"h-serbian-grammar-unraveling-the-intricacies-of-the-south-slavic-language\">S\u0131rp\u00e7a Dilbilgisi: G\u00fcney Slav Dilinin Karma\u015f\u0131kl\u0131klar\u0131n\u0131 \u00c7\u00f6zmek<\/h1>\n\n\n\n<p>T\u00fcm dil merakl\u0131lar\u0131na ve Balkan merakl\u0131lar\u0131na sesleniyoruz! <a href=\"https:\/\/talkpal.ai\/serbian-grammar\/\">S\u0131rp\u00e7a dilbilgisi<\/a> d\u00fcnyas\u0131na dalmay\u0131 hi\u00e7 d\u00fc\u015f\u00fcnd\u00fcn\u00fcz m\u00fc? Bir G\u00fcney Slav dili olan <a href=\"https:\/\/talkpal.ai\/learn-serbian\/\">S\u0131rp\u00e7a<\/a>, S\u0131rbistan&#8217;\u0131n resmi dili ve Bosna Hersek&#8217;in resmi dillerinden biridir. Yakla\u015f\u0131k 9 milyon anadili ile bu ilgi \u00e7ekici dil, H\u0131rvat\u00e7a, Bo\u015fnak\u00e7a ve Karada\u011fca ile benzerlikler payla\u015f\u0131yor, ancak onu farkl\u0131 k\u0131lan ay\u0131rt edici \u00f6zelliklere sahip. Bu yaz\u0131da, S\u0131rp\u00e7a dilbilgisinin b\u00fcy\u00fcleyici y\u00f6nlerini ke\u015ffedece\u011fiz.<\/p>\n\n\n\n<h3 class=\"wp-block-heading\" id=\"h-the-dual-alphabet-cyrillic-and-latin\">\u00c7ift Alfabe: Kiril ve Latin<\/h3>\n\n\n\n<p>S\u0131rp\u00e7a hakk\u0131nda fark edece\u011finiz ilk \u015feylerden biri iki alfabe kullanmas\u0131d\u0131r: Kiril ve Latin. 30 harften olu\u015fan S\u0131rp Kiril alfabesi, 1818&#8217;de dilbilimci Vuk Karad\u017ei\u0107 taraf\u0131ndan standartla\u015ft\u0131r\u0131lm\u0131\u015ft\u0131r ve \u00fclkenin resmi alfabesidir. Bununla birlikte, yine 30 harften olu\u015fan Latin alfabesi, \u00f6zellikle dijital ileti\u015fim ve gayri resmi ba\u011flamlar i\u00e7in yayg\u0131n olarak kullan\u0131lmaktad\u0131r. \u0130ki alfabenin kullan\u0131lmas\u0131 S\u0131rp\u00e7a&#8217;ya benzersiz, \u00e7ok y\u00f6nl\u00fc bir karakter kazand\u0131r\u0131r.<\/p>\n\n\n\n<h3 class=\"wp-block-heading\" id=\"h-the-building-blocks-nouns-pronouns-and-cases\">Yap\u0131 Ta\u015flar\u0131: \u0130simler, Zamirler ve Durumlar<\/h3>\n\n\n\n<p>Di\u011fer Slav dilleri gibi, <a href=\"https:\/\/talkpal.ai\/serbian-grammar\/\">S\u0131rp\u00e7a dilbilgisi<\/a> de kelimelerin sonlar\u0131n\u0131 gramer i\u015flevlerine g\u00f6re de\u011fi\u015ftirdi\u011fi \u00e7ekim etraf\u0131nda d\u00f6ner. Bu en \u00e7ok isimlerde, zamirlerde ve s\u0131fatlarda belirgindir. S\u0131rbistan&#8217;da yedi vaka var:<\/p>\n\n\n\n<p><strong>1. Nominatif &#8211; bir c\u00fcmlenin \u00f6znesini belirtir<\/strong><\/p>\n\n\n\n<p><strong>2. Genitif &#8211; sahiplik, olumsuzlama nesnesi veya partitif anlam g\u00f6sterir<\/strong><\/p>\n\n\n\n<p><strong>3. Datif &#8211; dolayl\u0131 nesneyi i\u015faretler<\/strong><\/p>\n\n\n\n<p><strong>4. Su\u00e7lay\u0131c\u0131 &#8211; do\u011frudan nesneyi ifade eder<\/strong><\/p>\n\n\n\n<p><strong>5. Vokatif &#8211; birine hitap etmek veya \u00e7a\u011f\u0131rmak i\u00e7in kullan\u0131l\u0131r<\/strong><\/p>\n\n\n\n<p><strong>6. Ara\u00e7sal &#8211; bir eylemin ara\u00e7lar\u0131n\u0131 veya y\u00f6ntemini ifade eder<\/strong><\/p>\n\n\n\n<p><strong>7. Lokatif &#8211; belirli edatlar\u0131n yerini veya nesnesini belirtir<\/strong><\/p>\n\n\n\n<p>S\u0131rp\u00e7a isimlerin \u00fc\u00e7 cinsiyeti (eril, di\u015fil ve n\u00f6tr) ve iki say\u0131s\u0131 (tekil ve \u00e7o\u011ful) vard\u0131r. Her cinsiyet ve say\u0131 i\u00e7in \u00f6zel sonlar duruma g\u00f6re de\u011fi\u015fir, bu nedenle dilbilgisi a\u00e7\u0131s\u0131ndan do\u011fru c\u00fcmleler kurmak i\u00e7in bu sonlar\u0131 ezberlemek \u00e7ok \u00f6nemlidir.<\/p>\n\n\n\n<h3 class=\"wp-block-heading\" id=\"h-get-moving-with-verbs-tenses-aspects-and-moods\">Fiillerle Hareket Edin: Zamanlar, Y\u00f6nler ve Ruh Halleri<\/h3>\n\n\n\n<p>S\u0131rp\u00e7a fiiller, zamanlar\u0131 (ge\u00e7mi\u015f, \u015fimdiki zaman ve gelecek), y\u00f6nleri (m\u00fckemmel ve kusurlu) ve ruh halleri (belirte\u00e7, emir kipi ve ko\u015fullu) ile b\u00fcy\u00fcleyici karma\u015f\u0131kl\u0131klar sergiler. Aspect, bir eylemin tamamlanm\u0131\u015f (m\u00fckemmel) veya devam eden (kusurlu) olarak g\u00f6r\u00fcl\u00fcp g\u00f6r\u00fclmedi\u011fini ifade etti\u011fi i\u00e7in S\u0131rp\u00e7a fiillerde \u00f6nemli bir rol oynar. Bir\u00e7ok fiil, genellikle belirli \u00f6nekler veya sonekler kullan\u0131larak farkl\u0131 y\u00f6nleri g\u00f6steren \u00e7iftler halinde gelir.<\/p>\n\n\n\n<h3 class=\"wp-block-heading\" id=\"h-adjectives-adverbs-and-all-that-jazz\">S\u0131fatlar, zarflar ve t\u00fcm o caz<\/h3>\n\n\n\n<p>S\u0131rp\u00e7a s\u0131fatlar, cinsiyet, say\u0131 ve durum a\u00e7\u0131s\u0131ndan de\u011fi\u015ftirdikleri isimlerle ayn\u0131 fikirdedir. Ayr\u0131ca, de\u011fi\u015fen derecelerde nitelikleri ifade etmek i\u00e7in kar\u015f\u0131la\u015ft\u0131rmal\u0131 ve \u00fcst\u00fcn formlara sahiptirler. Ayr\u0131ca, zarflar genellikle s\u0131fatlardan t\u00fcretilir ve zaman, tarz, yer ve derece gibi \u00e7e\u015fitli anlamlar ta\u015f\u0131r.<\/p>\n\n\n\n<p>S\u0131rp dili ayr\u0131ca dilin g\u00fczelli\u011fine katk\u0131da bulunan ve karma\u015f\u0131k, anlaml\u0131 c\u00fcmleler olu\u015fturmaya yard\u0131mc\u0131 olan bir dizi ba\u011fla\u00e7, edat, say\u0131 ve par\u00e7ac\u0131\u011fa sahiptir.<\/p>\n\n\n\n<h3 class=\"wp-block-heading\" id=\"h-embracing-the-world-of-serbian-grammar\">S\u0131rp\u00e7a Dilbilgisi D\u00fcnyas\u0131n\u0131 Kucaklamak<\/h3>\n\n\n\n<p>S\u0131rp\u00e7a dilbilgisi ilk bak\u0131\u015fta bunalt\u0131c\u0131 g\u00f6r\u00fcnebilir. Bununla birlikte, vakalar, y\u00f6nler ve dilsel tuhafl\u0131klardan olu\u015fan zengin manzaras\u0131n\u0131n derinliklerine indik\u00e7e, canl\u0131 ve etkileyici bir dil ortaya \u00e7\u0131karacaks\u0131n\u0131z. S\u0131rp\u00e7a \u00f6\u011frenmek, yaln\u0131zca Slav dil ailesini anlaman\u0131z\u0131 sa\u011flamakla kalmayacak, ayn\u0131 zamanda b\u00fcy\u00fcleyici bir tarih ve k\u00fclt\u00fcrle ba\u011flant\u0131 kurman\u0131za da yard\u0131mc\u0131 olacakt\u0131r.<\/p>\n\n\n\n<p>\u00d6yleyse neden S\u0131rp\u00e7a dilbilgisini daha fazla ke\u015ffetme zorlu\u011funu \u00fcstlenmiyorsunuz? Sebat ve tutkuyla, bir g\u00fcn kendinizi Belgrad sokaklar\u0131nda dola\u015f\u0131rken, yerel halkla kendi ana dillerinde canl\u0131 sohbetler yaparken bulabilirsiniz. Mutlu \u00f6\u011frenme!<\/p>\n<\/div><\/div>\n\r\n<section class=\"learnNavigationSection\">\r\n            \r\n        <a href=\"https:\/\/talkpal.ai\/tr\/sirpca-ogren\/\">\r\n            <div class=\"learnNavigationWrapper\">\r\n                <div class=\"learnNavigationContent\">\r\n                    <img decoding=\"async\" src=\"https:\/\/talkpal.ai\/wp-content\/uploads\/2024\/08\/Serbian.jpg\" alt=\"Serbian Flag\">\r\n                    <div>\r\n                        <h4>S\u0131rbistan \u00d6\u011frenimi Hakk\u0131nda<\/h4>\r\n                        <p>S\u0131rbistan dilbilgisi hakk\u0131nda her \u015feyi \u00f6\u011frenin.<\/p>\r\n                    <\/div>\r\n                <\/div>\r\n            <\/div>\r\n        <\/a>\r\n\r\n        \r\n        <a href=\"https:\/\/talkpal.ai\/tr\/sirpca-dilbilgisi-alistirmalari\/\">\r\n            <div class=\"learnNavigationWrapper\">\r\n                <div class=\"learnNavigationContent\">\r\n                    <img decoding=\"async\" src=\"https:\/\/talkpal.ai\/wp-content\/uploads\/2024\/08\/Serbian.jpg\" alt=\"Serbian Flag\">\r\n                    <div>\r\n                        <h4>S\u0131rp\u00e7a Dilbilgisi Al\u0131\u015ft\u0131rmas\u0131<\/h4>\r\n                        <p>S\u0131rp\u00e7a dilbilgisi prati\u011fi yap\u0131n .<\/p>\r\n                    <\/div>\r\n                <\/div>\r\n            <\/div>\r\n        <\/a>\r\n\r\n        \r\n        <a href=\"https:\/\/talkpal.ai\/vocabulary_language\/serbian\/\">\r\n            <div class=\"learnNavigationWrapper\">\r\n                <div class=\"learnNavigationContent\">\r\n                    <img decoding=\"async\" src=\"https:\/\/talkpal.ai\/wp-content\/uploads\/2024\/08\/Serbian.jpg\" alt=\"Serbian Flag\">\r\n                    <div>\r\n                        <h4>S\u0131rp\u00e7a Kelime Bilgisi<\/h4>\r\n                        <p>S\u0131rp\u00e7a kelime da\u011farc\u0131\u011f\u0131n\u0131z\u0131 geni\u015fletin.<\/p>\r\n                    <\/div>\r\n                <\/div>\r\n            <\/div>\r\n        <\/a>\r\n\r\n            <\/section>","protected":false},"excerpt":{"rendered":"<p>S\u0131rp\u00e7a Dilbilgisi: G\u00fcney Slav Dilinin Karma\u015f\u0131kl\u0131klar\u0131n\u0131 \u00c7\u00f6zmek T\u00fcm dil merakl\u0131lar\u0131na ve Balkan merakl\u0131lar\u0131na sesleniyoruz! S\u0131rp\u00e7a dilbilgisi d\u00fcnyas\u0131na dalmay\u0131 hi\u00e7 d\u00fc\u015f\u00fcnd\u00fcn\u00fcz m\u00fc? Bir G\u00fcney Slav dili olan S\u0131rp\u00e7a, S\u0131rbistan&#8217;\u0131n resmi dili ve Bosna Hersek&#8217;in resmi dillerinden biridir. Yakla\u015f\u0131k 9 milyon anadili ile bu ilgi \u00e7ekici dil, H\u0131rvat\u00e7a, Bo\u015fnak\u00e7a ve Karada\u011fca ile benzerlikler payla\u015f\u0131yor, ancak onu farkl\u0131 [&hellip;]<\/p>\n","protected":false},"author":1,"featured_media":118166,"parent":0,"menu_order":0,"comment_status":"closed","ping_status":"closed","template":"LearningContentPage.php","meta":{"_acf_changed":false,"footnotes":""},"class_list":["post-149743","page","type-page","status-publish","has-post-thumbnail","hentry"],"acf":[],"yoast_head":"<!-- This site is optimized with the Yoast SEO Premium plugin v27.2 (Yoast SEO v27.2) - https:\/\/yoast.com\/product\/yoast-seo-premium-wordpress\/ -->\n<title>S\u0131rp\u00e7a Dilbilgisi - Talkpal<\/title>\n<meta name=\"description\" content=\"S\u0131rp\u00e7a gramerinin inceliklerini ke\u015ffedin ve onu di\u011fer Balkan dillerinden ay\u0131ran benzersiz \u00f6zellikleri ke\u015ffedin.\" \/>\n<meta name=\"robots\" content=\"index, follow, max-snippet:-1, max-image-preview:large, max-video-preview:-1\" \/>\n<link rel=\"canonical\" href=\"https:\/\/talkpal.ai\/tr\/sirpca-dilbilgisi\/\" \/>\n<meta property=\"og:locale\" content=\"tr_TR\" \/>\n<meta property=\"og:type\" content=\"article\" \/>\n<meta property=\"og:title\" content=\"S\u0131rp\u00e7a Dilbilgisi\" \/>\n<meta property=\"og:description\" content=\"S\u0131rp\u00e7a Dilbilgisi: G\u00fcney Slav Dilinin Karma\u015f\u0131kl\u0131klar\u0131n\u0131 \u00c7\u00f6zmek T\u00fcm dil merakl\u0131lar\u0131na ve Balkan merakl\u0131lar\u0131na sesleniyoruz! S\u0131rp\u00e7a dilbilgisi d\u00fcnyas\u0131na\" \/>\n<meta property=\"og:url\" content=\"https:\/\/talkpal.ai\/tr\/sirpca-dilbilgisi\/\" \/>\n<meta property=\"og:site_name\" content=\"Talkpal\" \/>\n<meta property=\"article:publisher\" content=\"https:\/\/www.facebook.com\/profile.php?id=100090733639311\" \/>\n<meta property=\"article:modified_time\" content=\"2025-12-17T15:36:09+00:00\" \/>\n<meta property=\"og:image\" content=\"https:\/\/talkpal.ai\/wp-content\/uploads\/2023\/05\/serbia.png\" \/>\n\t<meta property=\"og:image:width\" content=\"512\" \/>\n\t<meta property=\"og:image:height\" content=\"512\" \/>\n\t<meta property=\"og:image:type\" content=\"image\/png\" \/>\n<meta name=\"twitter:card\" content=\"summary_large_image\" \/>\n<meta name=\"twitter:site\" content=\"@talkpalai\" \/>\n<meta name=\"twitter:label1\" content=\"Tahmini okuma s\u00fcresi\" \/>\n\t<meta name=\"twitter:data1\" content=\"3 dakika\" \/>\n<script type=\"application\/ld+json\" class=\"yoast-schema-graph\">{\"@context\":\"https:\/\/schema.org\",\"@graph\":[{\"@type\":\"WebPage\",\"@id\":\"https:\/\/talkpal.ai\/tr\/sirpca-dilbilgisi\/\",\"url\":\"https:\/\/talkpal.ai\/tr\/sirpca-dilbilgisi\/\",\"name\":\"S\u0131rp\u00e7a Dilbilgisi - Talkpal\",\"isPartOf\":{\"@id\":\"https:\/\/talkpal.ai\/tr\/#website\"},\"primaryImageOfPage\":{\"@id\":\"https:\/\/talkpal.ai\/tr\/sirpca-dilbilgisi\/#primaryimage\"},\"image\":{\"@id\":\"https:\/\/talkpal.ai\/tr\/sirpca-dilbilgisi\/#primaryimage\"},\"thumbnailUrl\":\"https:\/\/talkpal.ai\/wp-content\/uploads\/2023\/05\/serbia.png\",\"datePublished\":\"2023-05-14T14:19:26+00:00\",\"dateModified\":\"2025-12-17T15:36:09+00:00\",\"description\":\"S\u0131rp\u00e7a gramerinin inceliklerini ke\u015ffedin ve onu di\u011fer Balkan dillerinden ay\u0131ran benzersiz \u00f6zellikleri ke\u015ffedin.\",\"breadcrumb\":{\"@id\":\"https:\/\/talkpal.ai\/tr\/sirpca-dilbilgisi\/#breadcrumb\"},\"inLanguage\":\"tr\",\"potentialAction\":[{\"@type\":\"ReadAction\",\"target\":[\"https:\/\/talkpal.ai\/tr\/sirpca-dilbilgisi\/\"]}]},{\"@type\":\"ImageObject\",\"inLanguage\":\"tr\",\"@id\":\"https:\/\/talkpal.ai\/tr\/sirpca-dilbilgisi\/#primaryimage\",\"url\":\"https:\/\/talkpal.ai\/wp-content\/uploads\/2023\/05\/serbia.png\",\"contentUrl\":\"https:\/\/talkpal.ai\/wp-content\/uploads\/2023\/05\/serbia.png\",\"width\":512,\"height\":512},{\"@type\":\"BreadcrumbList\",\"@id\":\"https:\/\/talkpal.ai\/tr\/sirpca-dilbilgisi\/#breadcrumb\",\"itemListElement\":[{\"@type\":\"ListItem\",\"position\":1,\"name\":\"Homepage\",\"item\":\"https:\/\/talkpal.ai\/tr\/\"},{\"@type\":\"ListItem\",\"position\":2,\"name\":\"S\u0131rp\u00e7a Dilbilgisi\"}]},{\"@type\":\"WebSite\",\"@id\":\"https:\/\/talkpal.ai\/tr\/#website\",\"url\":\"https:\/\/talkpal.ai\/tr\/\",\"name\":\"Talkpal\",\"description\":\"AI Language Learning\",\"publisher\":{\"@id\":\"https:\/\/talkpal.ai\/tr\/#organization\"},\"alternateName\":\"Talkpal AI\",\"potentialAction\":[{\"@type\":\"SearchAction\",\"target\":{\"@type\":\"EntryPoint\",\"urlTemplate\":\"https:\/\/talkpal.ai\/tr\/?s={search_term_string}\"},\"query-input\":{\"@type\":\"PropertyValueSpecification\",\"valueRequired\":true,\"valueName\":\"search_term_string\"}}],\"inLanguage\":\"tr\"},{\"@type\":\"Organization\",\"@id\":\"https:\/\/talkpal.ai\/tr\/#organization\",\"name\":\"Talkpal, Inc.\",\"alternateName\":\"Talkpal AI\",\"url\":\"https:\/\/talkpal.ai\/tr\/\",\"logo\":{\"@type\":\"ImageObject\",\"inLanguage\":\"tr\",\"@id\":\"https:\/\/talkpal.ai\/tr\/#\/schema\/logo\/image\/\",\"url\":\"https:\/\/talkpal.ai\/wp-content\/uploads\/2024\/03\/Talkpal-Logo-Icon.png\",\"contentUrl\":\"https:\/\/talkpal.ai\/wp-content\/uploads\/2024\/03\/Talkpal-Logo-Icon.png\",\"width\":2880,\"height\":2880,\"caption\":\"Talkpal, Inc.\"},\"image\":{\"@id\":\"https:\/\/talkpal.ai\/tr\/#\/schema\/logo\/image\/\"},\"sameAs\":[\"https:\/\/www.facebook.com\/profile.php?id=100090733639311\",\"https:\/\/x.com\/talkpalai\",\"https:\/\/www.linkedin.com\/company\/talkpal\/\",\"https:\/\/www.youtube.com\/@TalkPal\/\",\"https:\/\/www.tiktok.com\/@talkpal\",\"https:\/\/www.instagram.com\/talkpal_ai\/\",\"https:\/\/www.crunchbase.com\/organization\/talkpal-9cde\",\"https:\/\/www.g2.com\/products\/talkpal-for-business\/\",\"https:\/\/www.trustpilot.com\/review\/talkpal.ai\",\"https:\/\/www.capterra.com\/p\/10006800\/TalkPal\/\"],\"description\":\"Talkpal is a language learning web and mobile education app, powered by the latest AI technologies, that provides engaging experiences to its customers in many different languages to help them improve their language skills. Users can chat about unlimited amount of topics with the app and use other modes to practice their language learning.\",\"email\":\"support@talkpal.ai\",\"legalName\":\"Talkpal, Inc.\",\"foundingDate\":\"2023-04-03\",\"duns\":\"118989042\",\"numberOfEmployees\":{\"@type\":\"QuantitativeValue\",\"minValue\":\"11\",\"maxValue\":\"50\"},\"publishingPrinciples\":\"https:\/\/talkpal.ai\/publishing-principles\/\",\"actionableFeedbackPolicy\":\"https:\/\/talkpal.ai\/actionable-feedback-policy\/\",\"correctionsPolicy\":\"https:\/\/talkpal.ai\/corrections-policy\/\",\"ethicsPolicy\":\"https:\/\/talkpal.ai\/ethics-policy\/\",\"diversityPolicy\":\"https:\/\/talkpal.ai\/diversity-policy\/\",\"diversityStaffingReport\":\"https:\/\/talkpal.ai\/diversity-policy\/\"}]}<\/script>\n<!-- \/ Yoast SEO Premium plugin. -->","yoast_head_json":{"title":"S\u0131rp\u00e7a Dilbilgisi - Talkpal","description":"S\u0131rp\u00e7a gramerinin inceliklerini ke\u015ffedin ve onu di\u011fer Balkan dillerinden ay\u0131ran benzersiz \u00f6zellikleri ke\u015ffedin.","robots":{"index":"index","follow":"follow","max-snippet":"max-snippet:-1","max-image-preview":"max-image-preview:large","max-video-preview":"max-video-preview:-1"},"canonical":"https:\/\/talkpal.ai\/tr\/sirpca-dilbilgisi\/","og_locale":"tr_TR","og_type":"article","og_title":"S\u0131rp\u00e7a Dilbilgisi","og_description":"S\u0131rp\u00e7a Dilbilgisi: G\u00fcney Slav Dilinin Karma\u015f\u0131kl\u0131klar\u0131n\u0131 \u00c7\u00f6zmek T\u00fcm dil merakl\u0131lar\u0131na ve Balkan merakl\u0131lar\u0131na sesleniyoruz! S\u0131rp\u00e7a dilbilgisi d\u00fcnyas\u0131na","og_url":"https:\/\/talkpal.ai\/tr\/sirpca-dilbilgisi\/","og_site_name":"Talkpal","article_publisher":"https:\/\/www.facebook.com\/profile.php?id=100090733639311","article_modified_time":"2025-12-17T15:36:09+00:00","og_image":[{"width":512,"height":512,"url":"https:\/\/talkpal.ai\/wp-content\/uploads\/2023\/05\/serbia.png","type":"image\/png"}],"twitter_card":"summary_large_image","twitter_site":"@talkpalai","twitter_misc":{"Tahmini okuma s\u00fcresi":"3 dakika"},"schema":{"@context":"https:\/\/schema.org","@graph":[{"@type":"WebPage","@id":"https:\/\/talkpal.ai\/tr\/sirpca-dilbilgisi\/","url":"https:\/\/talkpal.ai\/tr\/sirpca-dilbilgisi\/","name":"S\u0131rp\u00e7a Dilbilgisi - Talkpal","isPartOf":{"@id":"https:\/\/talkpal.ai\/tr\/#website"},"primaryImageOfPage":{"@id":"https:\/\/talkpal.ai\/tr\/sirpca-dilbilgisi\/#primaryimage"},"image":{"@id":"https:\/\/talkpal.ai\/tr\/sirpca-dilbilgisi\/#primaryimage"},"thumbnailUrl":"https:\/\/talkpal.ai\/wp-content\/uploads\/2023\/05\/serbia.png","datePublished":"2023-05-14T14:19:26+00:00","dateModified":"2025-12-17T15:36:09+00:00","description":"S\u0131rp\u00e7a gramerinin inceliklerini ke\u015ffedin ve onu di\u011fer Balkan dillerinden ay\u0131ran benzersiz \u00f6zellikleri ke\u015ffedin.","breadcrumb":{"@id":"https:\/\/talkpal.ai\/tr\/sirpca-dilbilgisi\/#breadcrumb"},"inLanguage":"tr","potentialAction":[{"@type":"ReadAction","target":["https:\/\/talkpal.ai\/tr\/sirpca-dilbilgisi\/"]}]},{"@type":"ImageObject","inLanguage":"tr","@id":"https:\/\/talkpal.ai\/tr\/sirpca-dilbilgisi\/#primaryimage","url":"https:\/\/talkpal.ai\/wp-content\/uploads\/2023\/05\/serbia.png","contentUrl":"https:\/\/talkpal.ai\/wp-content\/uploads\/2023\/05\/serbia.png","width":512,"height":512},{"@type":"BreadcrumbList","@id":"https:\/\/talkpal.ai\/tr\/sirpca-dilbilgisi\/#breadcrumb","itemListElement":[{"@type":"ListItem","position":1,"name":"Homepage","item":"https:\/\/talkpal.ai\/tr\/"},{"@type":"ListItem","position":2,"name":"S\u0131rp\u00e7a Dilbilgisi"}]},{"@type":"WebSite","@id":"https:\/\/talkpal.ai\/tr\/#website","url":"https:\/\/talkpal.ai\/tr\/","name":"Talkpal","description":"AI Language Learning","publisher":{"@id":"https:\/\/talkpal.ai\/tr\/#organization"},"alternateName":"Talkpal AI","potentialAction":[{"@type":"SearchAction","target":{"@type":"EntryPoint","urlTemplate":"https:\/\/talkpal.ai\/tr\/?s={search_term_string}"},"query-input":{"@type":"PropertyValueSpecification","valueRequired":true,"valueName":"search_term_string"}}],"inLanguage":"tr"},{"@type":"Organization","@id":"https:\/\/talkpal.ai\/tr\/#organization","name":"Talkpal, Inc.","alternateName":"Talkpal AI","url":"https:\/\/talkpal.ai\/tr\/","logo":{"@type":"ImageObject","inLanguage":"tr","@id":"https:\/\/talkpal.ai\/tr\/#\/schema\/logo\/image\/","url":"https:\/\/talkpal.ai\/wp-content\/uploads\/2024\/03\/Talkpal-Logo-Icon.png","contentUrl":"https:\/\/talkpal.ai\/wp-content\/uploads\/2024\/03\/Talkpal-Logo-Icon.png","width":2880,"height":2880,"caption":"Talkpal, Inc."},"image":{"@id":"https:\/\/talkpal.ai\/tr\/#\/schema\/logo\/image\/"},"sameAs":["https:\/\/www.facebook.com\/profile.php?id=100090733639311","https:\/\/x.com\/talkpalai","https:\/\/www.linkedin.com\/company\/talkpal\/","https:\/\/www.youtube.com\/@TalkPal\/","https:\/\/www.tiktok.com\/@talkpal","https:\/\/www.instagram.com\/talkpal_ai\/","https:\/\/www.crunchbase.com\/organization\/talkpal-9cde","https:\/\/www.g2.com\/products\/talkpal-for-business\/","https:\/\/www.trustpilot.com\/review\/talkpal.ai","https:\/\/www.capterra.com\/p\/10006800\/TalkPal\/"],"description":"Talkpal is a language learning web and mobile education app, powered by the latest AI technologies, that provides engaging experiences to its customers in many different languages to help them improve their language skills. Users can chat about unlimited amount of topics with the app and use other modes to practice their language learning.","email":"support@talkpal.ai","legalName":"Talkpal, Inc.","foundingDate":"2023-04-03","duns":"118989042","numberOfEmployees":{"@type":"QuantitativeValue","minValue":"11","maxValue":"50"},"publishingPrinciples":"https:\/\/talkpal.ai\/publishing-principles\/","actionableFeedbackPolicy":"https:\/\/talkpal.ai\/actionable-feedback-policy\/","correctionsPolicy":"https:\/\/talkpal.ai\/corrections-policy\/","ethicsPolicy":"https:\/\/talkpal.ai\/ethics-policy\/","diversityPolicy":"https:\/\/talkpal.ai\/diversity-policy\/","diversityStaffingReport":"https:\/\/talkpal.ai\/diversity-policy\/"}]}},"_links":{"self":[{"href":"https:\/\/talkpal.ai\/tr\/wp-json\/wp\/v2\/pages\/149743","targetHints":{"allow":["GET"]}}],"collection":[{"href":"https:\/\/talkpal.ai\/tr\/wp-json\/wp\/v2\/pages"}],"about":[{"href":"https:\/\/talkpal.ai\/tr\/wp-json\/wp\/v2\/types\/page"}],"author":[{"embeddable":true,"href":"https:\/\/talkpal.ai\/tr\/wp-json\/wp\/v2\/users\/1"}],"replies":[{"embeddable":true,"href":"https:\/\/talkpal.ai\/tr\/wp-json\/wp\/v2\/comments?post=149743"}],"version-history":[{"count":0,"href":"https:\/\/talkpal.ai\/tr\/wp-json\/wp\/v2\/pages\/149743\/revisions"}],"wp:featuredmedia":[{"embeddable":true,"href":"https:\/\/talkpal.ai\/tr\/wp-json\/wp\/v2\/media\/118166"}],"wp:attachment":[{"href":"https:\/\/talkpal.ai\/tr\/wp-json\/wp\/v2\/media?parent=149743"}],"curies":[{"name":"wp","href":"https:\/\/api.w.org\/{rel}","templated":true}]}}