{"id":149302,"date":"2023-05-14T14:19:07","date_gmt":"2023-05-14T14:19:07","guid":{"rendered":"http:\/\/talkpal.ai\/romence-dilbilgisi\/"},"modified":"2025-12-17T15:33:58","modified_gmt":"2025-12-17T15:33:58","slug":"romence-dilbilgisi","status":"publish","type":"page","link":"https:\/\/talkpal.ai\/tr\/romence-dilbilgisi\/","title":{"rendered":"Romence Dilbilgisi"},"content":{"rendered":"\r\n\r\n\r\n<section class=\"languageChallengeSection\">\r\n    <div class=\"languageInfoWrapper\">\r\n        \r\n        <h1>Romence Dilbilgisi<\/h1>\r\n        <p><a href=\"https:\/\/talkpal.ai\/learn-romanian\/\">Romence<\/a> dilinin temel gramer kurallar\u0131n\u0131 \u00f6\u011frenerek dilin g\u00fczelli\u011fini ke\u015ffedin. Romence dilbilgisine hakim olmak, g\u00fcvenle ileti\u015fim kurman\u0131za ve Romanya&#039;n\u0131n zengin k\u00fclt\u00fcr\u00fc ve tarihiyle ba\u011flant\u0131 kurman\u0131za yard\u0131mc\u0131 olacakt\u0131r. Romence dilbilgisi \u00e7al\u0131\u015fmaya bug\u00fcn ba\u015flay\u0131n ve ak\u0131c\u0131 konu\u015fmaya do\u011fru ilk ad\u0131m\u0131n\u0131z\u0131 at\u0131n!<\/p>\r\n\r\n                            <a class=\"getStartedHidden\" href=\"https:\/\/app.talkpal.ai\/tr\/signup?lng=\">Hadi ba\u015fla<\/a>\r\n        \r\n    <\/div>\r\n\r\n    <figure>\r\n    <img decoding=\"async\" width=\"768\" height=\"768\" src=\"https:\/\/talkpal.ai\/wp-content\/uploads\/2023\/06\/romanian-768x768.png\" class=\"languageImage no-lazy\" alt=\"Language learning for intellectual challenge\" fetchpriority=\"high\" sizes=\"(max-width: 768px) 150px, 768px\" srcset=\"https:\/\/talkpal.ai\/wp-content\/uploads\/2023\/06\/romanian-768x768.png 768w, https:\/\/talkpal.ai\/wp-content\/uploads\/2023\/06\/romanian-300x300.png 300w\" \/>\r\n    \r\n\r\n    <\/figure>\r\n\r\n            <a class=\"getStartedVisible\" href=\"https:\/\/app.talkpal.ai\/tr\/signup?lng=\">Hadi ba\u015fla<\/a>\r\n    \r\n<\/section>\r\n<section class=\"promotionalBanner\">\r\n    <p class=\"promotionalText\">Dil \u00f6\u011frenmenin en etkili yolu<\/p>\r\n    <a class=\"promotionalLink\" href=\"https:\/\/app.talkpal.ai\/tr\/signup?lng=\">Talkpal \u00fccretsiz deneyin<\/a>\r\n<\/section>\n<div class=\"wp-block-group pageContainerStyle\"><div class=\"wp-block-group__inner-container is-layout-constrained wp-block-group-is-layout-constrained\">\n<h2 class=\"wp-block-heading\" id=\"h-unraveling-the-mysteries-of-romanian-grammar\">Rumence Dilbilgisinin Gizemlerini \u00c7\u00f6zmek<\/h2>\n\n\n\n<p>Do\u011fu Avrupa&#8217;da konu\u015fulan tek <a href=\"https:\/\/talkpal.ai\/locations\/language-courses-in-roman\/\">Roman<\/a> dili olan Romence, benzersiz ve ilgin\u00e7 bir dil yolculu\u011fu sunuyor. Hem Latin hem de Slav d\u00fcnyalar\u0131n\u0131n k\u00fclt\u00fcrel miras\u0131n\u0131 bir araya getiren Romence, b\u00fcy\u00fcleyici bir tarihe ve ke\u015ffedilecek heyecan verici bir gramer sistemine sahiptir. \u0130ster \u00e7ok dilli bir merakl\u0131 olun ister sadece yeni bir dil maceras\u0131 ar\u0131yor olun, kemerlerinizi ba\u011flay\u0131n ve Romence dilbilgisinin g\u00fczelli\u011fini ke\u015ffetmeye haz\u0131r olun!<\/p>\n\n\n\n<h3 class=\"wp-block-heading\" id=\"h-1-the-alphabet-a-familiar-friend-with-a-twist\">1. Alfabe: S\u00fcrprizli Tan\u0131d\u0131k Bir Arkada\u015f<\/h3>\n\n\n\n<p>Romen alfabesi, 31 harften olu\u015fan Latin alfabesine dayanmaktad\u0131r. Neyse ki \u0130ngilizce konu\u015fanlar i\u00e7in, belirli Romence sesleri temsil etmek i\u00e7in sadece birka\u00e7 ekstra karakter ile \u0130ngilizce alfabeye olduk\u00e7a benzer. Biraz pratikle, temel bilgilerde ustala\u015fmak (ad\u0131n\u0131z\u0131 hecelemek veya sokak tabelalar\u0131n\u0131 okumak gibi) \u00e7ocuk oyunca\u011f\u0131 olacak!<\/p>\n\n\n\n<h3 class=\"wp-block-heading\" id=\"h-2-nouns-meet-cases-the-dynamic-duo\">2. \u0130simler Vakalarla Bulu\u015fuyor: Dinamik \u0130kili<\/h3>\n\n\n\n<p>Rumence isimler \u00fc\u00e7 cinsiyete ayr\u0131l\u0131r (eril, di\u015fil ve n\u00f6tr) ve gramer durumuna ba\u011fl\u0131 olarak bi\u00e7im de\u011fi\u015ftirirler (nominatif, genitive, dative, accusative veya vocative). Bu ilk ba\u015fta g\u00f6z korkutucu g\u00f6r\u00fcnse de, bu sistem Romence&#8217;ye c\u00fcmle kurmada n\u00fcans ve yarat\u0131c\u0131l\u0131\u011fa izin veren bir zenginlik vererek dil yolculu\u011funuzu daha da \u00f6d\u00fcllendirici hale getiriyor.<\/p>\n\n\n\n<h3 class=\"wp-block-heading\" id=\"h-3-verbs-conjugating-your-way-to-success\">3. Fiiller: Ba\u015far\u0131ya Giden Yolda \u00c7ekimleme<\/h3>\n\n\n\n<p>Romence fiil \u00e7ekimi, isim \u00e7ekiminden biraz daha basit olsa da, yine de \u00e7ok y\u00f6nl\u00fc bir s\u00fcre\u00e7tir. Fiiller zaman, kip, ses ve \u00f6znenin ki\u015fi ve say\u0131s\u0131na ba\u011fl\u0131 olarak bi\u00e7im de\u011fi\u015ftirir. \u0130nce ayarl\u0131 bir enstr\u00fcman gibi, Rumence fiiller \u00e7ok \u00e7e\u015fitli eylemleri, duygular\u0131 ve niyetleri ileterek hem kesin hem de \u015fiirsel ifadeye izin verebilir.<\/p>\n\n\n\n<h3 class=\"wp-block-heading\" id=\"h-4-flexible-word-order-shuffle-the-sentences\">4. Esnek Kelime S\u0131ras\u0131: C\u00fcmleleri Kar\u0131\u015ft\u0131r\u0131n<\/h3>\n\n\n\n<p>Romence, kelime s\u0131ras\u0131 s\u00f6z konusu oldu\u011funda olduk\u00e7a esnektir ve konular\u0131, fiilleri ve nesneleri anlamdan \u00f6d\u00fcn vermeden \u00e7e\u015fitli \u015fekillerde d\u00fczenlemenize olanak tan\u0131r. Bu esneklik vurgu ekleyebilir, kontrastlar yaratabilir veya sadece konu\u015fmay\u0131 daha ilgi \u00e7ekici hale getirebilir. Rumence&#8217;de daha yetkin hale geldik\u00e7e, ayn\u0131 \u015feyi s\u00f6ylemenin farkl\u0131 yollar\u0131n\u0131 deneyerek e\u011flenecek ve her durum i\u00e7in m\u00fckemmel tonu bulacaks\u0131n\u0131z.<\/p>\n\n\n\n<h3 class=\"wp-block-heading\" id=\"h-5-wading-deeper-language-through-culture\">5. Daha Derine Girmek: K\u00fclt\u00fcr Yoluyla Dil<\/h3>\n\n\n\n<p>Romence&#8217;yi ger\u00e7ekten takdir etmek i\u00e7in, dili \u015fekillendiren k\u00fclt\u00fcre, tarihe ve zihniyete daha derinden dalmal\u0131s\u0131n\u0131z. Anadili \u0130ngilizce olan ki\u015filerle etkile\u015fim kurun, Romen edebiyat\u0131n\u0131 ke\u015ffedin ve kendinizi yerel gelenek ve g\u00f6reneklere b\u0131rak\u0131n. Bunu yaparken, yaln\u0131zca dil yeterlili\u011finizi geli\u015ftirmekle kalmayacak, ayn\u0131 zamanda Romanya k\u00fclt\u00fcr\u00fcn\u00fcn \u00e7ok y\u00f6nl\u00fc g\u00fczelli\u011fini de ke\u015ffedeceksiniz.<\/p>\n\n\n\n<h3 class=\"wp-block-heading\" id=\"h-in-conclusion-embrace-the-magic-of-romanian-grammar\">Sonu\u00e7 olarak: Rumence dilbilgisinin b\u00fcy\u00fcs\u00fcn\u00fc kucaklay\u0131n<\/h3>\n\n\n\n<p>Romence dilbilgisi ilk ba\u015fta bir muamma gibi g\u00f6r\u00fcnebilir, ancak zaman, sab\u0131r ve dile kar\u015f\u0131 yo\u011fun bir ilgi ile bu ola\u011fan\u00fcst\u00fc dil hazinesinin s\u0131rlar\u0131n\u0131 \u00e7\u00f6zeceksiniz. \u00d6yleyse neden bekleyelim? Romence yolculu\u011funuza bug\u00fcn ba\u015flay\u0131n ve gramerinin, k\u00fclt\u00fcr\u00fcn\u00fcn ve size a\u00e7t\u0131\u011f\u0131 b\u00fcy\u00fcleyici d\u00fcnyan\u0131n g\u00fczelli\u011finin tad\u0131n\u0131 \u00e7\u0131kar\u0131n.<\/p>\n<\/div><\/div>\n\r\n<section class=\"learnNavigationSection\">\r\n            \r\n        <a href=\"https:\/\/talkpal.ai\/tr\/romence-ogren\/\">\r\n            <div class=\"learnNavigationWrapper\">\r\n                <div class=\"learnNavigationContent\">\r\n                    <img decoding=\"async\" src=\"https:\/\/talkpal.ai\/wp-content\/uploads\/2024\/08\/Romanian.jpg\" alt=\"Romanian Flag\">\r\n                    <div>\r\n                        <h4>Rumence \u00d6\u011frenimi Hakk\u0131nda<\/h4>\r\n                        <p>Romence dilbilgisi hakk\u0131nda her \u015feyi \u00f6\u011frenin .<\/p>\r\n                    <\/div>\r\n                <\/div>\r\n            <\/div>\r\n        <\/a>\r\n\r\n        \r\n        <a href=\"https:\/\/talkpal.ai\/tr\/rumence-dilbilgisi-alistirmalari\/\">\r\n            <div class=\"learnNavigationWrapper\">\r\n                <div class=\"learnNavigationContent\">\r\n                    <img decoding=\"async\" src=\"https:\/\/talkpal.ai\/wp-content\/uploads\/2024\/08\/Romanian.jpg\" alt=\"Romanian Flag\">\r\n                    <div>\r\n                        <h4>Romence Dilbilgisi Al\u0131\u015ft\u0131rmas\u0131<\/h4>\r\n                        <p>Romence dilbilgisi al\u0131\u015ft\u0131rmas\u0131 yap\u0131n .<\/p>\r\n                    <\/div>\r\n                <\/div>\r\n            <\/div>\r\n        <\/a>\r\n\r\n        \r\n        <a href=\"https:\/\/talkpal.ai\/vocabulary_language\/romanian\/\">\r\n            <div class=\"learnNavigationWrapper\">\r\n                <div class=\"learnNavigationContent\">\r\n                    <img decoding=\"async\" src=\"https:\/\/talkpal.ai\/wp-content\/uploads\/2024\/08\/Romanian.jpg\" alt=\"Romanian Flag\">\r\n                    <div>\r\n                        <h4>Romence Kelime Bilgisi<\/h4>\r\n                        <p>Romence kelime da\u011farc\u0131\u011f\u0131n\u0131z\u0131 geni\u015fletin.<\/p>\r\n                    <\/div>\r\n                <\/div>\r\n            <\/div>\r\n        <\/a>\r\n\r\n            <\/section>","protected":false},"excerpt":{"rendered":"<p>Rumence Dilbilgisinin Gizemlerini \u00c7\u00f6zmek Do\u011fu Avrupa&#8217;da konu\u015fulan tek Roman dili olan Romence, benzersiz ve ilgin\u00e7 bir dil yolculu\u011fu sunuyor. Hem Latin hem de Slav d\u00fcnyalar\u0131n\u0131n k\u00fclt\u00fcrel miras\u0131n\u0131 bir araya getiren Romence, b\u00fcy\u00fcleyici bir tarihe ve ke\u015ffedilecek heyecan verici bir gramer sistemine sahiptir. \u0130ster \u00e7ok dilli bir merakl\u0131 olun ister sadece yeni bir dil maceras\u0131 ar\u0131yor [&hellip;]<\/p>\n","protected":false},"author":1,"featured_media":117791,"parent":0,"menu_order":0,"comment_status":"closed","ping_status":"closed","template":"LearningContentPage.php","meta":{"_acf_changed":false,"footnotes":""},"class_list":["post-149302","page","type-page","status-publish","has-post-thumbnail","hentry"],"acf":[],"yoast_head":"<!-- This site is optimized with the Yoast SEO Premium plugin v27.2 (Yoast SEO v27.2) - https:\/\/yoast.com\/product\/yoast-seo-premium-wordpress\/ -->\n<title>Romence Dilbilgisi - Talkpal<\/title>\n<meta name=\"description\" content=\"Romence dilbilgisinin b\u00fcy\u00fcleyici d\u00fcnyas\u0131n\u0131 ke\u015ffedin ve bu g\u00fczel Roman dilinin benzersiz \u00f6zelliklerini ke\u015ffedin.\" \/>\n<meta name=\"robots\" content=\"index, follow, max-snippet:-1, max-image-preview:large, max-video-preview:-1\" \/>\n<link rel=\"canonical\" href=\"https:\/\/talkpal.ai\/tr\/romence-dilbilgisi\/\" \/>\n<meta property=\"og:locale\" content=\"tr_TR\" \/>\n<meta property=\"og:type\" content=\"article\" \/>\n<meta property=\"og:title\" content=\"Romence Dilbilgisi\" \/>\n<meta property=\"og:description\" content=\"Rumence Dilbilgisinin Gizemlerini \u00c7\u00f6zmek Do\u011fu Avrupa&#039;da konu\u015fulan tek Roman dili olan Romence, benzersiz ve ilgin\u00e7 bir dil yolculu\u011fu sunuyor. Hem Latin\" \/>\n<meta property=\"og:url\" content=\"https:\/\/talkpal.ai\/tr\/romence-dilbilgisi\/\" \/>\n<meta property=\"og:site_name\" content=\"Talkpal\" \/>\n<meta property=\"article:publisher\" content=\"https:\/\/www.facebook.com\/profile.php?id=100090733639311\" \/>\n<meta property=\"article:modified_time\" content=\"2025-12-17T15:33:58+00:00\" \/>\n<meta property=\"og:image\" content=\"https:\/\/talkpal.ai\/wp-content\/uploads\/2023\/05\/romania.png\" \/>\n\t<meta property=\"og:image:width\" content=\"512\" \/>\n\t<meta property=\"og:image:height\" content=\"512\" \/>\n\t<meta property=\"og:image:type\" content=\"image\/png\" \/>\n<meta name=\"twitter:card\" content=\"summary_large_image\" \/>\n<meta name=\"twitter:site\" content=\"@talkpalai\" \/>\n<meta name=\"twitter:label1\" content=\"Tahmini okuma s\u00fcresi\" \/>\n\t<meta name=\"twitter:data1\" content=\"3 dakika\" \/>\n<script type=\"application\/ld+json\" class=\"yoast-schema-graph\">{\"@context\":\"https:\/\/schema.org\",\"@graph\":[{\"@type\":\"WebPage\",\"@id\":\"https:\/\/talkpal.ai\/tr\/romence-dilbilgisi\/\",\"url\":\"https:\/\/talkpal.ai\/tr\/romence-dilbilgisi\/\",\"name\":\"Romence Dilbilgisi - Talkpal\",\"isPartOf\":{\"@id\":\"https:\/\/talkpal.ai\/tr\/#website\"},\"primaryImageOfPage\":{\"@id\":\"https:\/\/talkpal.ai\/tr\/romence-dilbilgisi\/#primaryimage\"},\"image\":{\"@id\":\"https:\/\/talkpal.ai\/tr\/romence-dilbilgisi\/#primaryimage\"},\"thumbnailUrl\":\"https:\/\/talkpal.ai\/wp-content\/uploads\/2023\/05\/romania.png\",\"datePublished\":\"2023-05-14T14:19:07+00:00\",\"dateModified\":\"2025-12-17T15:33:58+00:00\",\"description\":\"Romence dilbilgisinin b\u00fcy\u00fcleyici d\u00fcnyas\u0131n\u0131 ke\u015ffedin ve bu g\u00fczel Roman dilinin benzersiz \u00f6zelliklerini ke\u015ffedin.\",\"breadcrumb\":{\"@id\":\"https:\/\/talkpal.ai\/tr\/romence-dilbilgisi\/#breadcrumb\"},\"inLanguage\":\"tr\",\"potentialAction\":[{\"@type\":\"ReadAction\",\"target\":[\"https:\/\/talkpal.ai\/tr\/romence-dilbilgisi\/\"]}]},{\"@type\":\"ImageObject\",\"inLanguage\":\"tr\",\"@id\":\"https:\/\/talkpal.ai\/tr\/romence-dilbilgisi\/#primaryimage\",\"url\":\"https:\/\/talkpal.ai\/wp-content\/uploads\/2023\/05\/romania.png\",\"contentUrl\":\"https:\/\/talkpal.ai\/wp-content\/uploads\/2023\/05\/romania.png\",\"width\":512,\"height\":512},{\"@type\":\"BreadcrumbList\",\"@id\":\"https:\/\/talkpal.ai\/tr\/romence-dilbilgisi\/#breadcrumb\",\"itemListElement\":[{\"@type\":\"ListItem\",\"position\":1,\"name\":\"Homepage\",\"item\":\"https:\/\/talkpal.ai\/tr\/\"},{\"@type\":\"ListItem\",\"position\":2,\"name\":\"Romence Dilbilgisi\"}]},{\"@type\":\"WebSite\",\"@id\":\"https:\/\/talkpal.ai\/tr\/#website\",\"url\":\"https:\/\/talkpal.ai\/tr\/\",\"name\":\"Talkpal\",\"description\":\"AI Language Learning\",\"publisher\":{\"@id\":\"https:\/\/talkpal.ai\/tr\/#organization\"},\"alternateName\":\"Talkpal AI\",\"potentialAction\":[{\"@type\":\"SearchAction\",\"target\":{\"@type\":\"EntryPoint\",\"urlTemplate\":\"https:\/\/talkpal.ai\/tr\/?s={search_term_string}\"},\"query-input\":{\"@type\":\"PropertyValueSpecification\",\"valueRequired\":true,\"valueName\":\"search_term_string\"}}],\"inLanguage\":\"tr\"},{\"@type\":\"Organization\",\"@id\":\"https:\/\/talkpal.ai\/tr\/#organization\",\"name\":\"Talkpal, Inc.\",\"alternateName\":\"Talkpal AI\",\"url\":\"https:\/\/talkpal.ai\/tr\/\",\"logo\":{\"@type\":\"ImageObject\",\"inLanguage\":\"tr\",\"@id\":\"https:\/\/talkpal.ai\/tr\/#\/schema\/logo\/image\/\",\"url\":\"https:\/\/talkpal.ai\/wp-content\/uploads\/2024\/03\/Talkpal-Logo-Icon.png\",\"contentUrl\":\"https:\/\/talkpal.ai\/wp-content\/uploads\/2024\/03\/Talkpal-Logo-Icon.png\",\"width\":2880,\"height\":2880,\"caption\":\"Talkpal, Inc.\"},\"image\":{\"@id\":\"https:\/\/talkpal.ai\/tr\/#\/schema\/logo\/image\/\"},\"sameAs\":[\"https:\/\/www.facebook.com\/profile.php?id=100090733639311\",\"https:\/\/x.com\/talkpalai\",\"https:\/\/www.linkedin.com\/company\/talkpal\/\",\"https:\/\/www.youtube.com\/@TalkPal\/\",\"https:\/\/www.tiktok.com\/@talkpal\",\"https:\/\/www.instagram.com\/talkpal_ai\/\",\"https:\/\/www.crunchbase.com\/organization\/talkpal-9cde\",\"https:\/\/www.g2.com\/products\/talkpal-for-business\/\",\"https:\/\/www.trustpilot.com\/review\/talkpal.ai\",\"https:\/\/www.capterra.com\/p\/10006800\/TalkPal\/\"],\"description\":\"Talkpal is a language learning web and mobile education app, powered by the latest AI technologies, that provides engaging experiences to its customers in many different languages to help them improve their language skills. Users can chat about unlimited amount of topics with the app and use other modes to practice their language learning.\",\"email\":\"support@talkpal.ai\",\"legalName\":\"Talkpal, Inc.\",\"foundingDate\":\"2023-04-03\",\"duns\":\"118989042\",\"numberOfEmployees\":{\"@type\":\"QuantitativeValue\",\"minValue\":\"11\",\"maxValue\":\"50\"},\"publishingPrinciples\":\"https:\/\/talkpal.ai\/publishing-principles\/\",\"actionableFeedbackPolicy\":\"https:\/\/talkpal.ai\/actionable-feedback-policy\/\",\"correctionsPolicy\":\"https:\/\/talkpal.ai\/corrections-policy\/\",\"ethicsPolicy\":\"https:\/\/talkpal.ai\/ethics-policy\/\",\"diversityPolicy\":\"https:\/\/talkpal.ai\/diversity-policy\/\",\"diversityStaffingReport\":\"https:\/\/talkpal.ai\/diversity-policy\/\"}]}<\/script>\n<!-- \/ Yoast SEO Premium plugin. -->","yoast_head_json":{"title":"Romence Dilbilgisi - Talkpal","description":"Romence dilbilgisinin b\u00fcy\u00fcleyici d\u00fcnyas\u0131n\u0131 ke\u015ffedin ve bu g\u00fczel Roman dilinin benzersiz \u00f6zelliklerini ke\u015ffedin.","robots":{"index":"index","follow":"follow","max-snippet":"max-snippet:-1","max-image-preview":"max-image-preview:large","max-video-preview":"max-video-preview:-1"},"canonical":"https:\/\/talkpal.ai\/tr\/romence-dilbilgisi\/","og_locale":"tr_TR","og_type":"article","og_title":"Romence Dilbilgisi","og_description":"Rumence Dilbilgisinin Gizemlerini \u00c7\u00f6zmek Do\u011fu Avrupa'da konu\u015fulan tek Roman dili olan Romence, benzersiz ve ilgin\u00e7 bir dil yolculu\u011fu sunuyor. Hem Latin","og_url":"https:\/\/talkpal.ai\/tr\/romence-dilbilgisi\/","og_site_name":"Talkpal","article_publisher":"https:\/\/www.facebook.com\/profile.php?id=100090733639311","article_modified_time":"2025-12-17T15:33:58+00:00","og_image":[{"width":512,"height":512,"url":"https:\/\/talkpal.ai\/wp-content\/uploads\/2023\/05\/romania.png","type":"image\/png"}],"twitter_card":"summary_large_image","twitter_site":"@talkpalai","twitter_misc":{"Tahmini okuma s\u00fcresi":"3 dakika"},"schema":{"@context":"https:\/\/schema.org","@graph":[{"@type":"WebPage","@id":"https:\/\/talkpal.ai\/tr\/romence-dilbilgisi\/","url":"https:\/\/talkpal.ai\/tr\/romence-dilbilgisi\/","name":"Romence Dilbilgisi - Talkpal","isPartOf":{"@id":"https:\/\/talkpal.ai\/tr\/#website"},"primaryImageOfPage":{"@id":"https:\/\/talkpal.ai\/tr\/romence-dilbilgisi\/#primaryimage"},"image":{"@id":"https:\/\/talkpal.ai\/tr\/romence-dilbilgisi\/#primaryimage"},"thumbnailUrl":"https:\/\/talkpal.ai\/wp-content\/uploads\/2023\/05\/romania.png","datePublished":"2023-05-14T14:19:07+00:00","dateModified":"2025-12-17T15:33:58+00:00","description":"Romence dilbilgisinin b\u00fcy\u00fcleyici d\u00fcnyas\u0131n\u0131 ke\u015ffedin ve bu g\u00fczel Roman dilinin benzersiz \u00f6zelliklerini ke\u015ffedin.","breadcrumb":{"@id":"https:\/\/talkpal.ai\/tr\/romence-dilbilgisi\/#breadcrumb"},"inLanguage":"tr","potentialAction":[{"@type":"ReadAction","target":["https:\/\/talkpal.ai\/tr\/romence-dilbilgisi\/"]}]},{"@type":"ImageObject","inLanguage":"tr","@id":"https:\/\/talkpal.ai\/tr\/romence-dilbilgisi\/#primaryimage","url":"https:\/\/talkpal.ai\/wp-content\/uploads\/2023\/05\/romania.png","contentUrl":"https:\/\/talkpal.ai\/wp-content\/uploads\/2023\/05\/romania.png","width":512,"height":512},{"@type":"BreadcrumbList","@id":"https:\/\/talkpal.ai\/tr\/romence-dilbilgisi\/#breadcrumb","itemListElement":[{"@type":"ListItem","position":1,"name":"Homepage","item":"https:\/\/talkpal.ai\/tr\/"},{"@type":"ListItem","position":2,"name":"Romence Dilbilgisi"}]},{"@type":"WebSite","@id":"https:\/\/talkpal.ai\/tr\/#website","url":"https:\/\/talkpal.ai\/tr\/","name":"Talkpal","description":"AI Language Learning","publisher":{"@id":"https:\/\/talkpal.ai\/tr\/#organization"},"alternateName":"Talkpal AI","potentialAction":[{"@type":"SearchAction","target":{"@type":"EntryPoint","urlTemplate":"https:\/\/talkpal.ai\/tr\/?s={search_term_string}"},"query-input":{"@type":"PropertyValueSpecification","valueRequired":true,"valueName":"search_term_string"}}],"inLanguage":"tr"},{"@type":"Organization","@id":"https:\/\/talkpal.ai\/tr\/#organization","name":"Talkpal, Inc.","alternateName":"Talkpal AI","url":"https:\/\/talkpal.ai\/tr\/","logo":{"@type":"ImageObject","inLanguage":"tr","@id":"https:\/\/talkpal.ai\/tr\/#\/schema\/logo\/image\/","url":"https:\/\/talkpal.ai\/wp-content\/uploads\/2024\/03\/Talkpal-Logo-Icon.png","contentUrl":"https:\/\/talkpal.ai\/wp-content\/uploads\/2024\/03\/Talkpal-Logo-Icon.png","width":2880,"height":2880,"caption":"Talkpal, Inc."},"image":{"@id":"https:\/\/talkpal.ai\/tr\/#\/schema\/logo\/image\/"},"sameAs":["https:\/\/www.facebook.com\/profile.php?id=100090733639311","https:\/\/x.com\/talkpalai","https:\/\/www.linkedin.com\/company\/talkpal\/","https:\/\/www.youtube.com\/@TalkPal\/","https:\/\/www.tiktok.com\/@talkpal","https:\/\/www.instagram.com\/talkpal_ai\/","https:\/\/www.crunchbase.com\/organization\/talkpal-9cde","https:\/\/www.g2.com\/products\/talkpal-for-business\/","https:\/\/www.trustpilot.com\/review\/talkpal.ai","https:\/\/www.capterra.com\/p\/10006800\/TalkPal\/"],"description":"Talkpal is a language learning web and mobile education app, powered by the latest AI technologies, that provides engaging experiences to its customers in many different languages to help them improve their language skills. Users can chat about unlimited amount of topics with the app and use other modes to practice their language learning.","email":"support@talkpal.ai","legalName":"Talkpal, Inc.","foundingDate":"2023-04-03","duns":"118989042","numberOfEmployees":{"@type":"QuantitativeValue","minValue":"11","maxValue":"50"},"publishingPrinciples":"https:\/\/talkpal.ai\/publishing-principles\/","actionableFeedbackPolicy":"https:\/\/talkpal.ai\/actionable-feedback-policy\/","correctionsPolicy":"https:\/\/talkpal.ai\/corrections-policy\/","ethicsPolicy":"https:\/\/talkpal.ai\/ethics-policy\/","diversityPolicy":"https:\/\/talkpal.ai\/diversity-policy\/","diversityStaffingReport":"https:\/\/talkpal.ai\/diversity-policy\/"}]}},"_links":{"self":[{"href":"https:\/\/talkpal.ai\/tr\/wp-json\/wp\/v2\/pages\/149302","targetHints":{"allow":["GET"]}}],"collection":[{"href":"https:\/\/talkpal.ai\/tr\/wp-json\/wp\/v2\/pages"}],"about":[{"href":"https:\/\/talkpal.ai\/tr\/wp-json\/wp\/v2\/types\/page"}],"author":[{"embeddable":true,"href":"https:\/\/talkpal.ai\/tr\/wp-json\/wp\/v2\/users\/1"}],"replies":[{"embeddable":true,"href":"https:\/\/talkpal.ai\/tr\/wp-json\/wp\/v2\/comments?post=149302"}],"version-history":[{"count":0,"href":"https:\/\/talkpal.ai\/tr\/wp-json\/wp\/v2\/pages\/149302\/revisions"}],"wp:featuredmedia":[{"embeddable":true,"href":"https:\/\/talkpal.ai\/tr\/wp-json\/wp\/v2\/media\/117791"}],"wp:attachment":[{"href":"https:\/\/talkpal.ai\/tr\/wp-json\/wp\/v2\/media?parent=149302"}],"curies":[{"name":"wp","href":"https:\/\/api.w.org\/{rel}","templated":true}]}}