{"id":148943,"date":"2023-05-14T14:18:46","date_gmt":"2023-05-14T14:18:46","guid":{"rendered":"http:\/\/talkpal.ai\/lehce-dilbilgisi\/"},"modified":"2025-12-17T17:14:29","modified_gmt":"2025-12-17T17:14:29","slug":"lehce-dilbilgisi","status":"publish","type":"page","link":"https:\/\/talkpal.ai\/tr\/lehce-dilbilgisi\/","title":{"rendered":"Leh\u00e7e Dilbilgisi"},"content":{"rendered":"\r\n\r\n\r\n<section class=\"languageChallengeSection\">\r\n    <div class=\"languageInfoWrapper\">\r\n        \r\n        <h1>Leh\u00e7e Dilbilgisi<\/h1>\r\n        <p><a href=\"https:\/\/talkpal.ai\/learn-polish\/\">Leh\u00e7e<\/a> gramerinin b\u00fcy\u00fcleyici d\u00fcnyas\u0131na dal\u0131n ve Orta Avrupa&#039;n\u0131n en yayg\u0131n konu\u015fulan dillerinden birinin temellerini ke\u015ffedin. Temel kurallar\u0131 \u00f6\u011frenerek daha etkili ileti\u015fim kuracak ve Polonya k\u00fclt\u00fcr\u00fcn\u00fc daha iyi anlayacaks\u0131n\u0131z. <a href=\"https:\/\/talkpal.ai\/polish-grammar\/\">Leh\u00e7e dilbilgisi<\/a> \u00f6\u011frenmeye bug\u00fcn ba\u015flay\u0131n ve ak\u0131c\u0131 konu\u015fmaya do\u011fru ilk ad\u0131m\u0131n\u0131z\u0131 at\u0131n!<\/p>\r\n\r\n                            <a class=\"getStartedHidden\" href=\"https:\/\/app.talkpal.ai\/tr\/signup?lng=\">Hadi ba\u015fla<\/a>\r\n        \r\n    <\/div>\r\n\r\n    <figure>\r\n    <img decoding=\"async\" width=\"768\" height=\"768\" src=\"https:\/\/talkpal.ai\/wp-content\/uploads\/2023\/06\/polish-768x768.png\" class=\"languageImage no-lazy\" alt=\"Practical tips on language learning techniques\" fetchpriority=\"high\" sizes=\"(max-width: 768px) 150px, 768px\" srcset=\"https:\/\/talkpal.ai\/wp-content\/uploads\/2023\/06\/polish-768x768.png 768w, https:\/\/talkpal.ai\/wp-content\/uploads\/2023\/06\/polish-300x300.png 300w\" \/>\r\n    \r\n\r\n    <\/figure>\r\n\r\n            <a class=\"getStartedVisible\" href=\"https:\/\/app.talkpal.ai\/tr\/signup?lng=\">Hadi ba\u015fla<\/a>\r\n    \r\n<\/section>\r\n<section class=\"promotionalBanner\">\r\n    <p class=\"promotionalText\">Dil \u00f6\u011frenmenin en etkili yolu<\/p>\r\n    <a class=\"promotionalLink\" href=\"https:\/\/app.talkpal.ai\/tr\/signup?lng=\">Talkpal \u00fccretsiz deneyin<\/a>\r\n<\/section>\n<div class=\"wp-block-group pageContainerStyle\"><div class=\"wp-block-group__inner-container is-layout-constrained wp-block-group-is-layout-constrained\">\n<h2 class=\"wp-block-heading\" id=\"h-breaking-down-the-puzzle-of-polish-grammar\">Leh\u00e7e Dilbilgisi Bulmacas\u0131n\u0131 Y\u0131kmak<\/h2>\n\n\n\n<p>Bir Slav dili olan Leh\u00e7e, benzersiz bir dil maceras\u0131 arayan dil \u00f6\u011frenenler i\u00e7in hem zorlu hem de \u00f6d\u00fcllendiricidir. Leh\u00e7e&#8217;ye dalarken, dilin zenginli\u011fini tamamlayan b\u00fcy\u00fcleyici bir tarih ve k\u00fclt\u00fcr\u00fc ortaya \u00e7\u0131karacaks\u0131n\u0131z. <a href=\"https:\/\/talkpal.ai\/polish-grammar\/\">Leh\u00e7e dilbilgisi<\/a> karma\u015f\u0131k g\u00f6r\u00fcnse de, onu y\u00f6netilebilir \u00f6\u011felere ay\u0131rmak, \u00f6\u011frenme s\u00fcrecini daha eri\u015filebilir hale getirir. Bu makale, sizi Leh\u00e7e dilbilgisinin b\u00fcy\u00fcleyici d\u00fcnyas\u0131yla tan\u0131\u015ft\u0131rmay\u0131 ve karma\u015f\u0131kl\u0131klar\u0131yla nas\u0131l ba\u015fa \u00e7\u0131kaca\u011f\u0131n\u0131z konusunda rehberlik sa\u011flamay\u0131 ama\u00e7lamaktad\u0131r.<\/p>\n\n\n\n<h3 class=\"wp-block-heading\" id=\"h-1-noun-gender-and-cases\">1. \u0130sim Cinsiyeti ve Durumlar\u0131<\/h3>\n\n\n\n<p>Leh\u00e7e isimler, kendilerine e\u015flik eden s\u0131fatlar\u0131n, zamirlerin ve fiillerin bi\u00e7imlerini etkileyen eril, di\u015fil ve n\u00f6tr olmak \u00fczere dilbilgisel cinsiyetlere sahiptir. Ayr\u0131ca, Leh\u00e7e&#8217;nin yedi gramer durumu vard\u0131r: nominatif, genitive, dative, accusative, instrumental, locative ve vocative. Cinsiyet ve vaka sistemine a\u015fina olmak, do\u011fru Leh\u00e7e c\u00fcmleleri anlamak ve olu\u015fturmak i\u00e7in \u00e7ok \u00f6nemlidir.<\/p>\n\n\n\n<h3 class=\"wp-block-heading\" id=\"h-2-verb-conjugation-person-tense-and-aspect\">2. Fiil \u00c7ekimi: Ki\u015fi, Zaman ve Y\u00f6n<\/h3>\n\n\n\n<p>Leh\u00e7e fiiller zaman, y\u00f6n ve ki\u015fiye (birinci, ikinci veya \u00fc\u00e7\u00fcnc\u00fc) g\u00f6re \u00e7ekimlenmelidir. \u00dc\u00e7 ana zaman vard\u0131r: \u015fimdi, ge\u00e7mi\u015f ve gelecek. Ek olarak, Leh\u00e7e fiillerin iki y\u00f6n\u00fc vard\u0131r: m\u00fckemmelle\u015ftirici (tamamlanm\u0131\u015f eylemler i\u00e7in) ve kusurlu (devam eden veya al\u0131\u015fkanl\u0131kla ger\u00e7ekle\u015ftirilen eylemler i\u00e7in). Bu \u00e7ekim kurallar\u0131na hakim olmak, Leh\u00e7e&#8217;deki s\u00f6zl\u00fc ileti\u015fim becerilerinizi \u00f6nemli \u00f6l\u00e7\u00fcde geli\u015ftirecektir.<\/p>\n\n\n\n<h3 class=\"wp-block-heading\" id=\"h-3-adjectives-agreement-and-placement\">3. S\u0131fatlar: Anla\u015fma ve Yerle\u015ftirme<\/h3>\n\n\n\n<p>Leh\u00e7e s\u0131fatlar, cinsiyet, say\u0131 ve durumla ilgili olarak de\u011fi\u015ftirdikleri isimle ayn\u0131 fikirde olmal\u0131d\u0131r. S\u0131fatlar tipik olarak isimden \u00f6nce gelir ve c\u00fcmle i\u00e7in temel tan\u0131mlay\u0131c\u0131 ba\u011flam sa\u011flar.<\/p>\n\n\n\n<p>\u00d6rnekler:<\/p>\n\n\n\n<p>&#8211; czerwona sukienka (k\u0131rm\u0131z\u0131 bir elbise)<\/p>\n\n\n\n<p>&#8211; pi\u0119kny ogr\u00f3d (g\u00fczel bir bah\u00e7e)<\/p>\n\n\n\n<h3 class=\"wp-block-heading\" id=\"h-4-pronouns-types-and-uses\">4. Zamirler: T\u00fcrleri ve Kullan\u0131mlar\u0131<\/h3>\n\n\n\n<p>Leh\u00e7e zamirler, ki\u015fisel, iyelik, d\u00f6n\u00fc\u015fl\u00fc, g\u00f6sterici ve soru zamirleri dahil olmak \u00fczere \u00e7e\u015fitli bi\u00e7imlerde gelir. Bu zamirleri nas\u0131l ve ne zaman kullanaca\u011f\u0131n\u0131z\u0131 anlamak, Leh\u00e7e dilbilginizi daha do\u011fru hale getirecek ve genel dil becerilerinizi geli\u015ftirecektir.<\/p>\n\n\n\n<h3 class=\"wp-block-heading\" id=\"h-5-negation-conveying-the-opposite\">5. Olumsuzlama: Tersini Iletmek<\/h3>\n\n\n\n<p>Leh\u00e7e dilbilgisinde olumsuzlama, fiillerin, s\u0131fatlar\u0131n, zarflar\u0131n veya zamirlerin \u00f6n\u00fcne &#8220;nie&#8221; s\u00f6zc\u00fc\u011f\u00fc eklenerek yap\u0131l\u0131r. Bununla birlikte, ek bir edat veya farkl\u0131 bir isim formu gerektirebilecek isimlerle c\u00fcmleleri olumsuzlamak i\u00e7in belirli kurallar ge\u00e7erlidir. Bu olumsuzlama kal\u0131plar\u0131n\u0131 tan\u0131mak, ama\u00e7lad\u0131\u011f\u0131n\u0131z anlam\u0131 Leh\u00e7e&#8217;de net bir \u015fekilde iletmenize yard\u0131mc\u0131 olacakt\u0131r.<\/p>\n\n\n\n<h3 class=\"wp-block-heading\" id=\"h-6-engage-with-the-language\">6. Dil ile Etkile\u015fim Kurun<\/h3>\n\n\n\n<p>Leh\u00e7e dilbilgisini kavraman\u0131n ve i\u00e7selle\u015ftirmenin en etkili yolu, dille d\u00fczenli olarak etkile\u015fim kurmakt\u0131r. Polonya edebiyat\u0131n\u0131 okumaktan, Leh\u00e7e filmler izlemekten veya anadili \u0130ngilizce olan ki\u015filerle aktif olarak sohbet etmekten, kendinizi \u00e7e\u015fitli ba\u011flamlara kapt\u0131rmak, kelime da\u011farc\u0131\u011f\u0131n\u0131z\u0131 geni\u015fletirken dilbilgisi anlay\u0131\u015f\u0131n\u0131z\u0131 g\u00fc\u00e7lendirecektir.<\/p>\n\n\n\n<h3 class=\"wp-block-heading\" id=\"h-conclusion\">Sonu\u00e7<\/h3>\n\n\n\n<p>Leh\u00e7e dilbilgisi dolamba\u00e7l\u0131 g\u00f6r\u00fcnse de, s\u00fcrekli olarak pratik yapmak ve ad\u0131m ad\u0131m ele almak, bu e\u015fsiz dilde yetkin olman\u0131za yard\u0131mc\u0131 olacakt\u0131r. Leh\u00e7e dil yolculu\u011funuza ba\u015flarken bu zorlu\u011fu kucaklay\u0131n ve yak\u0131nda kendinizi dilbilgisinin inceliklerini g\u00fcvenle \u00e7\u00f6zerken bulacaks\u0131n\u0131z. \u00c7al\u0131\u015fmalar\u0131n\u0131zda iyi \u015fanslar ve Leh\u00e7e dilbilgisinin katmanlar\u0131n\u0131 ke\u015ffetmenin tad\u0131n\u0131 \u00e7\u0131kar\u0131n!<\/p>\n<\/div><\/div>\n\r\n<section class=\"learnNavigationSection\">\r\n            \r\n        <a href=\"https:\/\/talkpal.ai\/tr\/lehce-ogren\/\">\r\n            <div class=\"learnNavigationWrapper\">\r\n                <div class=\"learnNavigationContent\">\r\n                    <img decoding=\"async\" src=\"https:\/\/talkpal.ai\/wp-content\/uploads\/2024\/08\/Polish.jpg\" alt=\"Polish Flag\">\r\n                    <div>\r\n                        <h4>Leh\u00e7e \u00d6\u011frenimi Hakk\u0131nda<\/h4>\r\n                        <p>Leh\u00e7e dilbilgisi hakk\u0131nda her \u015feyi \u00f6\u011frenin.<\/p>\r\n                    <\/div>\r\n                <\/div>\r\n            <\/div>\r\n        <\/a>\r\n\r\n        \r\n        <a href=\"https:\/\/talkpal.ai\/tr\/lehce-dilbilgisi-alistirmalari\/\">\r\n            <div class=\"learnNavigationWrapper\">\r\n                <div class=\"learnNavigationContent\">\r\n                    <img decoding=\"async\" src=\"https:\/\/talkpal.ai\/wp-content\/uploads\/2024\/08\/Polish.jpg\" alt=\"Polish Flag\">\r\n                    <div>\r\n                        <h4>Leh\u00e7e Dilbilgisi Al\u0131\u015ft\u0131rmas\u0131<\/h4>\r\n                        <p>Leh\u00e7e dilbilgisi al\u0131\u015ft\u0131rmas\u0131 yap\u0131n.<\/p>\r\n                    <\/div>\r\n                <\/div>\r\n            <\/div>\r\n        <\/a>\r\n\r\n        \r\n        <a href=\"https:\/\/talkpal.ai\/vocabulary_language\/polish\/\">\r\n            <div class=\"learnNavigationWrapper\">\r\n                <div class=\"learnNavigationContent\">\r\n                    <img decoding=\"async\" src=\"https:\/\/talkpal.ai\/wp-content\/uploads\/2024\/08\/Polish.jpg\" alt=\"Polish Flag\">\r\n                    <div>\r\n                        <h4>Leh\u00e7e Kelime Bilgisi<\/h4>\r\n                        <p>Leh\u00e7e kelime da\u011farc\u0131\u011f\u0131n\u0131z\u0131 geni\u015fletin.<\/p>\r\n                    <\/div>\r\n                <\/div>\r\n            <\/div>\r\n        <\/a>\r\n\r\n            <\/section>","protected":false},"excerpt":{"rendered":"<p>Leh\u00e7e Dilbilgisi Bulmacas\u0131n\u0131 Y\u0131kmak Bir Slav dili olan Leh\u00e7e, benzersiz bir dil maceras\u0131 arayan dil \u00f6\u011frenenler i\u00e7in hem zorlu hem de \u00f6d\u00fcllendiricidir. Leh\u00e7e&#8217;ye dalarken, dilin zenginli\u011fini tamamlayan b\u00fcy\u00fcleyici bir tarih ve k\u00fclt\u00fcr\u00fc ortaya \u00e7\u0131karacaks\u0131n\u0131z. Leh\u00e7e dilbilgisi karma\u015f\u0131k g\u00f6r\u00fcnse de, onu y\u00f6netilebilir \u00f6\u011felere ay\u0131rmak, \u00f6\u011frenme s\u00fcrecini daha eri\u015filebilir hale getirir. Bu makale, sizi Leh\u00e7e dilbilgisinin b\u00fcy\u00fcleyici [&hellip;]<\/p>\n","protected":false},"author":1,"featured_media":117505,"parent":0,"menu_order":0,"comment_status":"closed","ping_status":"closed","template":"LearningContentPage.php","meta":{"_acf_changed":false,"footnotes":""},"class_list":["post-148943","page","type-page","status-publish","has-post-thumbnail","hentry"],"acf":[],"yoast_head":"<!-- This site is optimized with the Yoast SEO Premium plugin v27.2 (Yoast SEO v27.2) - https:\/\/yoast.com\/product\/yoast-seo-premium-wordpress\/ -->\n<title>Leh\u00e7e Dilbilgisi - Talkpal<\/title>\n<meta name=\"description\" content=\"T\u00fcm \u00f6\u011frenme seviyeleri i\u00e7in tasarlanm\u0131\u015f interaktif al\u0131\u015ft\u0131rmalarla Leh\u00e7e dilbilgisinde ustala\u015f\u0131n. Leh\u00e7e becerilerinizi geli\u015ftirin!\" \/>\n<meta name=\"robots\" content=\"index, follow, max-snippet:-1, max-image-preview:large, max-video-preview:-1\" \/>\n<link rel=\"canonical\" href=\"https:\/\/talkpal.ai\/tr\/lehce-dilbilgisi\/\" \/>\n<meta property=\"og:locale\" content=\"tr_TR\" \/>\n<meta property=\"og:type\" content=\"article\" \/>\n<meta property=\"og:title\" content=\"Leh\u00e7e Dilbilgisi\" \/>\n<meta property=\"og:description\" content=\"Leh\u00e7e Dilbilgisi Bulmacas\u0131n\u0131 Y\u0131kmak Bir Slav dili olan Leh\u00e7e, benzersiz bir dil maceras\u0131 arayan dil \u00f6\u011frenenler i\u00e7in hem zorlu hem de \u00f6d\u00fcllendiricidir.\" \/>\n<meta property=\"og:url\" content=\"https:\/\/talkpal.ai\/tr\/lehce-dilbilgisi\/\" \/>\n<meta property=\"og:site_name\" content=\"Talkpal\" \/>\n<meta property=\"article:publisher\" content=\"https:\/\/www.facebook.com\/profile.php?id=100090733639311\" \/>\n<meta property=\"article:modified_time\" content=\"2025-12-17T17:14:29+00:00\" \/>\n<meta property=\"og:image\" content=\"https:\/\/talkpal.ai\/wp-content\/uploads\/2023\/05\/poland.png\" \/>\n\t<meta property=\"og:image:width\" content=\"512\" \/>\n\t<meta property=\"og:image:height\" content=\"512\" \/>\n\t<meta property=\"og:image:type\" content=\"image\/png\" \/>\n<meta name=\"twitter:card\" content=\"summary_large_image\" \/>\n<meta name=\"twitter:site\" content=\"@talkpalai\" \/>\n<meta name=\"twitter:label1\" content=\"Tahmini okuma s\u00fcresi\" \/>\n\t<meta name=\"twitter:data1\" content=\"3 dakika\" \/>\n<script type=\"application\/ld+json\" class=\"yoast-schema-graph\">{\"@context\":\"https:\/\/schema.org\",\"@graph\":[{\"@type\":\"WebPage\",\"@id\":\"https:\/\/talkpal.ai\/tr\/lehce-dilbilgisi\/\",\"url\":\"https:\/\/talkpal.ai\/tr\/lehce-dilbilgisi\/\",\"name\":\"Leh\u00e7e Dilbilgisi - Talkpal\",\"isPartOf\":{\"@id\":\"https:\/\/talkpal.ai\/tr\/#website\"},\"primaryImageOfPage\":{\"@id\":\"https:\/\/talkpal.ai\/tr\/lehce-dilbilgisi\/#primaryimage\"},\"image\":{\"@id\":\"https:\/\/talkpal.ai\/tr\/lehce-dilbilgisi\/#primaryimage\"},\"thumbnailUrl\":\"https:\/\/talkpal.ai\/wp-content\/uploads\/2023\/05\/poland.png\",\"datePublished\":\"2023-05-14T14:18:46+00:00\",\"dateModified\":\"2025-12-17T17:14:29+00:00\",\"description\":\"T\u00fcm \u00f6\u011frenme seviyeleri i\u00e7in tasarlanm\u0131\u015f interaktif al\u0131\u015ft\u0131rmalarla Leh\u00e7e dilbilgisinde ustala\u015f\u0131n. Leh\u00e7e becerilerinizi geli\u015ftirin!\",\"breadcrumb\":{\"@id\":\"https:\/\/talkpal.ai\/tr\/lehce-dilbilgisi\/#breadcrumb\"},\"inLanguage\":\"tr\",\"potentialAction\":[{\"@type\":\"ReadAction\",\"target\":[\"https:\/\/talkpal.ai\/tr\/lehce-dilbilgisi\/\"]}]},{\"@type\":\"ImageObject\",\"inLanguage\":\"tr\",\"@id\":\"https:\/\/talkpal.ai\/tr\/lehce-dilbilgisi\/#primaryimage\",\"url\":\"https:\/\/talkpal.ai\/wp-content\/uploads\/2023\/05\/poland.png\",\"contentUrl\":\"https:\/\/talkpal.ai\/wp-content\/uploads\/2023\/05\/poland.png\",\"width\":512,\"height\":512},{\"@type\":\"BreadcrumbList\",\"@id\":\"https:\/\/talkpal.ai\/tr\/lehce-dilbilgisi\/#breadcrumb\",\"itemListElement\":[{\"@type\":\"ListItem\",\"position\":1,\"name\":\"Homepage\",\"item\":\"https:\/\/talkpal.ai\/tr\/\"},{\"@type\":\"ListItem\",\"position\":2,\"name\":\"Leh\u00e7e Dilbilgisi\"}]},{\"@type\":\"WebSite\",\"@id\":\"https:\/\/talkpal.ai\/tr\/#website\",\"url\":\"https:\/\/talkpal.ai\/tr\/\",\"name\":\"Talkpal\",\"description\":\"AI Language Learning\",\"publisher\":{\"@id\":\"https:\/\/talkpal.ai\/tr\/#organization\"},\"alternateName\":\"Talkpal AI\",\"potentialAction\":[{\"@type\":\"SearchAction\",\"target\":{\"@type\":\"EntryPoint\",\"urlTemplate\":\"https:\/\/talkpal.ai\/tr\/?s={search_term_string}\"},\"query-input\":{\"@type\":\"PropertyValueSpecification\",\"valueRequired\":true,\"valueName\":\"search_term_string\"}}],\"inLanguage\":\"tr\"},{\"@type\":\"Organization\",\"@id\":\"https:\/\/talkpal.ai\/tr\/#organization\",\"name\":\"Talkpal, Inc.\",\"alternateName\":\"Talkpal AI\",\"url\":\"https:\/\/talkpal.ai\/tr\/\",\"logo\":{\"@type\":\"ImageObject\",\"inLanguage\":\"tr\",\"@id\":\"https:\/\/talkpal.ai\/tr\/#\/schema\/logo\/image\/\",\"url\":\"https:\/\/talkpal.ai\/wp-content\/uploads\/2024\/03\/Talkpal-Logo-Icon.png\",\"contentUrl\":\"https:\/\/talkpal.ai\/wp-content\/uploads\/2024\/03\/Talkpal-Logo-Icon.png\",\"width\":2880,\"height\":2880,\"caption\":\"Talkpal, Inc.\"},\"image\":{\"@id\":\"https:\/\/talkpal.ai\/tr\/#\/schema\/logo\/image\/\"},\"sameAs\":[\"https:\/\/www.facebook.com\/profile.php?id=100090733639311\",\"https:\/\/x.com\/talkpalai\",\"https:\/\/www.linkedin.com\/company\/talkpal\/\",\"https:\/\/www.youtube.com\/@TalkPal\/\",\"https:\/\/www.tiktok.com\/@talkpal\",\"https:\/\/www.instagram.com\/talkpal_ai\/\",\"https:\/\/www.crunchbase.com\/organization\/talkpal-9cde\",\"https:\/\/www.g2.com\/products\/talkpal-for-business\/\",\"https:\/\/www.trustpilot.com\/review\/talkpal.ai\",\"https:\/\/www.capterra.com\/p\/10006800\/TalkPal\/\"],\"description\":\"Talkpal is a language learning web and mobile education app, powered by the latest AI technologies, that provides engaging experiences to its customers in many different languages to help them improve their language skills. Users can chat about unlimited amount of topics with the app and use other modes to practice their language learning.\",\"email\":\"support@talkpal.ai\",\"legalName\":\"Talkpal, Inc.\",\"foundingDate\":\"2023-04-03\",\"duns\":\"118989042\",\"numberOfEmployees\":{\"@type\":\"QuantitativeValue\",\"minValue\":\"11\",\"maxValue\":\"50\"},\"publishingPrinciples\":\"https:\/\/talkpal.ai\/publishing-principles\/\",\"actionableFeedbackPolicy\":\"https:\/\/talkpal.ai\/actionable-feedback-policy\/\",\"correctionsPolicy\":\"https:\/\/talkpal.ai\/corrections-policy\/\",\"ethicsPolicy\":\"https:\/\/talkpal.ai\/ethics-policy\/\",\"diversityPolicy\":\"https:\/\/talkpal.ai\/diversity-policy\/\",\"diversityStaffingReport\":\"https:\/\/talkpal.ai\/diversity-policy\/\"}]}<\/script>\n<!-- \/ Yoast SEO Premium plugin. -->","yoast_head_json":{"title":"Leh\u00e7e Dilbilgisi - Talkpal","description":"T\u00fcm \u00f6\u011frenme seviyeleri i\u00e7in tasarlanm\u0131\u015f interaktif al\u0131\u015ft\u0131rmalarla Leh\u00e7e dilbilgisinde ustala\u015f\u0131n. Leh\u00e7e becerilerinizi geli\u015ftirin!","robots":{"index":"index","follow":"follow","max-snippet":"max-snippet:-1","max-image-preview":"max-image-preview:large","max-video-preview":"max-video-preview:-1"},"canonical":"https:\/\/talkpal.ai\/tr\/lehce-dilbilgisi\/","og_locale":"tr_TR","og_type":"article","og_title":"Leh\u00e7e Dilbilgisi","og_description":"Leh\u00e7e Dilbilgisi Bulmacas\u0131n\u0131 Y\u0131kmak Bir Slav dili olan Leh\u00e7e, benzersiz bir dil maceras\u0131 arayan dil \u00f6\u011frenenler i\u00e7in hem zorlu hem de \u00f6d\u00fcllendiricidir.","og_url":"https:\/\/talkpal.ai\/tr\/lehce-dilbilgisi\/","og_site_name":"Talkpal","article_publisher":"https:\/\/www.facebook.com\/profile.php?id=100090733639311","article_modified_time":"2025-12-17T17:14:29+00:00","og_image":[{"width":512,"height":512,"url":"https:\/\/talkpal.ai\/wp-content\/uploads\/2023\/05\/poland.png","type":"image\/png"}],"twitter_card":"summary_large_image","twitter_site":"@talkpalai","twitter_misc":{"Tahmini okuma s\u00fcresi":"3 dakika"},"schema":{"@context":"https:\/\/schema.org","@graph":[{"@type":"WebPage","@id":"https:\/\/talkpal.ai\/tr\/lehce-dilbilgisi\/","url":"https:\/\/talkpal.ai\/tr\/lehce-dilbilgisi\/","name":"Leh\u00e7e Dilbilgisi - Talkpal","isPartOf":{"@id":"https:\/\/talkpal.ai\/tr\/#website"},"primaryImageOfPage":{"@id":"https:\/\/talkpal.ai\/tr\/lehce-dilbilgisi\/#primaryimage"},"image":{"@id":"https:\/\/talkpal.ai\/tr\/lehce-dilbilgisi\/#primaryimage"},"thumbnailUrl":"https:\/\/talkpal.ai\/wp-content\/uploads\/2023\/05\/poland.png","datePublished":"2023-05-14T14:18:46+00:00","dateModified":"2025-12-17T17:14:29+00:00","description":"T\u00fcm \u00f6\u011frenme seviyeleri i\u00e7in tasarlanm\u0131\u015f interaktif al\u0131\u015ft\u0131rmalarla Leh\u00e7e dilbilgisinde ustala\u015f\u0131n. Leh\u00e7e becerilerinizi geli\u015ftirin!","breadcrumb":{"@id":"https:\/\/talkpal.ai\/tr\/lehce-dilbilgisi\/#breadcrumb"},"inLanguage":"tr","potentialAction":[{"@type":"ReadAction","target":["https:\/\/talkpal.ai\/tr\/lehce-dilbilgisi\/"]}]},{"@type":"ImageObject","inLanguage":"tr","@id":"https:\/\/talkpal.ai\/tr\/lehce-dilbilgisi\/#primaryimage","url":"https:\/\/talkpal.ai\/wp-content\/uploads\/2023\/05\/poland.png","contentUrl":"https:\/\/talkpal.ai\/wp-content\/uploads\/2023\/05\/poland.png","width":512,"height":512},{"@type":"BreadcrumbList","@id":"https:\/\/talkpal.ai\/tr\/lehce-dilbilgisi\/#breadcrumb","itemListElement":[{"@type":"ListItem","position":1,"name":"Homepage","item":"https:\/\/talkpal.ai\/tr\/"},{"@type":"ListItem","position":2,"name":"Leh\u00e7e Dilbilgisi"}]},{"@type":"WebSite","@id":"https:\/\/talkpal.ai\/tr\/#website","url":"https:\/\/talkpal.ai\/tr\/","name":"Talkpal","description":"AI Language Learning","publisher":{"@id":"https:\/\/talkpal.ai\/tr\/#organization"},"alternateName":"Talkpal AI","potentialAction":[{"@type":"SearchAction","target":{"@type":"EntryPoint","urlTemplate":"https:\/\/talkpal.ai\/tr\/?s={search_term_string}"},"query-input":{"@type":"PropertyValueSpecification","valueRequired":true,"valueName":"search_term_string"}}],"inLanguage":"tr"},{"@type":"Organization","@id":"https:\/\/talkpal.ai\/tr\/#organization","name":"Talkpal, Inc.","alternateName":"Talkpal AI","url":"https:\/\/talkpal.ai\/tr\/","logo":{"@type":"ImageObject","inLanguage":"tr","@id":"https:\/\/talkpal.ai\/tr\/#\/schema\/logo\/image\/","url":"https:\/\/talkpal.ai\/wp-content\/uploads\/2024\/03\/Talkpal-Logo-Icon.png","contentUrl":"https:\/\/talkpal.ai\/wp-content\/uploads\/2024\/03\/Talkpal-Logo-Icon.png","width":2880,"height":2880,"caption":"Talkpal, Inc."},"image":{"@id":"https:\/\/talkpal.ai\/tr\/#\/schema\/logo\/image\/"},"sameAs":["https:\/\/www.facebook.com\/profile.php?id=100090733639311","https:\/\/x.com\/talkpalai","https:\/\/www.linkedin.com\/company\/talkpal\/","https:\/\/www.youtube.com\/@TalkPal\/","https:\/\/www.tiktok.com\/@talkpal","https:\/\/www.instagram.com\/talkpal_ai\/","https:\/\/www.crunchbase.com\/organization\/talkpal-9cde","https:\/\/www.g2.com\/products\/talkpal-for-business\/","https:\/\/www.trustpilot.com\/review\/talkpal.ai","https:\/\/www.capterra.com\/p\/10006800\/TalkPal\/"],"description":"Talkpal is a language learning web and mobile education app, powered by the latest AI technologies, that provides engaging experiences to its customers in many different languages to help them improve their language skills. Users can chat about unlimited amount of topics with the app and use other modes to practice their language learning.","email":"support@talkpal.ai","legalName":"Talkpal, Inc.","foundingDate":"2023-04-03","duns":"118989042","numberOfEmployees":{"@type":"QuantitativeValue","minValue":"11","maxValue":"50"},"publishingPrinciples":"https:\/\/talkpal.ai\/publishing-principles\/","actionableFeedbackPolicy":"https:\/\/talkpal.ai\/actionable-feedback-policy\/","correctionsPolicy":"https:\/\/talkpal.ai\/corrections-policy\/","ethicsPolicy":"https:\/\/talkpal.ai\/ethics-policy\/","diversityPolicy":"https:\/\/talkpal.ai\/diversity-policy\/","diversityStaffingReport":"https:\/\/talkpal.ai\/diversity-policy\/"}]}},"_links":{"self":[{"href":"https:\/\/talkpal.ai\/tr\/wp-json\/wp\/v2\/pages\/148943","targetHints":{"allow":["GET"]}}],"collection":[{"href":"https:\/\/talkpal.ai\/tr\/wp-json\/wp\/v2\/pages"}],"about":[{"href":"https:\/\/talkpal.ai\/tr\/wp-json\/wp\/v2\/types\/page"}],"author":[{"embeddable":true,"href":"https:\/\/talkpal.ai\/tr\/wp-json\/wp\/v2\/users\/1"}],"replies":[{"embeddable":true,"href":"https:\/\/talkpal.ai\/tr\/wp-json\/wp\/v2\/comments?post=148943"}],"version-history":[{"count":0,"href":"https:\/\/talkpal.ai\/tr\/wp-json\/wp\/v2\/pages\/148943\/revisions"}],"wp:featuredmedia":[{"embeddable":true,"href":"https:\/\/talkpal.ai\/tr\/wp-json\/wp\/v2\/media\/117505"}],"wp:attachment":[{"href":"https:\/\/talkpal.ai\/tr\/wp-json\/wp\/v2\/media?parent=148943"}],"curies":[{"name":"wp","href":"https:\/\/api.w.org\/{rel}","templated":true}]}}