{"id":148623,"date":"2023-05-14T14:18:22","date_gmt":"2023-05-14T14:18:22","guid":{"rendered":"http:\/\/talkpal.ai\/farsca-dilbilgisi\/"},"modified":"2025-12-12T10:35:48","modified_gmt":"2025-12-12T10:35:48","slug":"farsca-dilbilgisi","status":"publish","type":"page","link":"https:\/\/talkpal.ai\/tr\/farsca-dilbilgisi\/","title":{"rendered":"Fars\u00e7a Dilbilgisi"},"content":{"rendered":"\r\n\r\n\r\n<section class=\"languageChallengeSection\">\r\n    <div class=\"languageInfoWrapper\">\r\n        \r\n        <h1>Fars\u00e7a Dilbilgisi<\/h1>\r\n        <p><a href=\"https:\/\/talkpal.ai\/learn-persian\/\">Fars\u00e7a<\/a>&#039;y\u0131 merak ediyor musunuz? Basitli\u011fi ile tan\u0131nan Fars\u00e7a dilbilgisini ke\u015ffedin &#8211; isim cinsiyeti yok, basit fiil \u00e7ekimleri ve esnek c\u00fcmle yap\u0131s\u0131 onu canland\u0131r\u0131c\u0131 bir \u015fekilde eri\u015filebilir k\u0131l\u0131yor. Fars\u00e7a maceran\u0131za bug\u00fcn ba\u015flay\u0131n &#8211; dilbilgisinde ustala\u015fmak ileti\u015fim i\u00e7in yeni f\u0131rsatlar\u0131n kilidini a\u00e7acak ve sizi \u0130ran&#039;\u0131n ve \u00f6tesinin zengin \u015fiir ve k\u00fclt\u00fcr\u00fcne \u00e7ekecek!<\/p>\r\n\r\n                            <a class=\"getStartedHidden\" href=\"https:\/\/app.talkpal.ai\/tr\/signup?lng=\">Hadi ba\u015fla<\/a>\r\n        \r\n    <\/div>\r\n\r\n    <figure>\r\n    <img decoding=\"async\" width=\"768\" height=\"768\" src=\"https:\/\/talkpal.ai\/wp-content\/uploads\/2023\/06\/persian-768x768.png\" class=\"languageImage no-lazy\" alt=\"Language learning to comprehend global news\" fetchpriority=\"high\" sizes=\"(max-width: 768px) 150px, 768px\" srcset=\"https:\/\/talkpal.ai\/wp-content\/uploads\/2023\/06\/persian-768x768.png 768w, https:\/\/talkpal.ai\/wp-content\/uploads\/2023\/06\/persian-300x300.png 300w\" \/>\r\n    \r\n\r\n    <\/figure>\r\n\r\n            <a class=\"getStartedVisible\" href=\"https:\/\/app.talkpal.ai\/tr\/signup?lng=\">Hadi ba\u015fla<\/a>\r\n    \r\n<\/section>\r\n<section class=\"promotionalBanner\">\r\n    <p class=\"promotionalText\">Dil \u00f6\u011frenmenin en etkili yolu<\/p>\r\n    <a class=\"promotionalLink\" href=\"https:\/\/app.talkpal.ai\/tr\/signup?lng=\">Talkpal \u00fccretsiz deneyin<\/a>\r\n<\/section>\n<div class=\"wp-block-group pageContainerStyle\"><div class=\"wp-block-group__inner-container is-layout-constrained wp-block-group-is-layout-constrained\">\n<h2 class=\"wp-block-heading\" id=\"h-mastering-persian-grammar-your-ultimate-guide\">Fars\u00e7a Dilbilgisinde Ustala\u015fmak: En \u0130yi Rehberiniz<\/h2>\n\n\n\n<p>Selam, dil merakl\u0131lar\u0131! Fars\u00e7a dilbilgisi d\u00fcnyas\u0131na bir yolculu\u011fa \u00e7\u0131kmaya haz\u0131r m\u0131s\u0131n\u0131z? Do\u011fru yere geldiniz. Anla\u015f\u0131lmas\u0131 kolay bilgiler ve sohbet \u00fcslubu ile dolu bu makale, Fars\u00e7a dilbilgisinin b\u00fcy\u00fcleyici d\u00fcnyas\u0131nda size rehberlik edecek. Yak\u0131nda, c\u00fcmleler kurabilecek ve anadili \u0130ngilizce olan ki\u015filerle anlaml\u0131 konu\u015fmalar yapabileceksiniz. \u00d6yleyse, Fars\u00e7a dilbilgisinin s\u0131rlar\u0131n\u0131 \u00e7\u00f6zmeye ba\u015flayal\u0131m!<\/p>\n\n\n\n<p><strong>Ama \u00f6nce, neden Fars\u00e7a dilbilgisi?<\/strong><\/p>\n\n\n\n<p>Fars\u00e7a \u00f6\u011freniyorsan\u0131z, ak\u0131c\u0131 bir \u015fekilde konu\u015fmak, okumak ve yazmak i\u00e7in dilbilgisinde g\u00fc\u00e7l\u00fc bir temel \u015fartt\u0131r. Fars\u00e7a dilbilgisi ba\u015flang\u0131\u00e7ta karma\u015f\u0131k g\u00f6r\u00fcnse de, daha k\u00fc\u00e7\u00fck, daha y\u00f6netilebilir b\u00f6l\u00fcmlere ay\u0131rd\u0131\u011f\u0131n\u0131zda daha ula\u015f\u0131labilir hale gelir. \u00d6yleyse, Fars\u00e7a dilbilgisinde ustala\u015fma yolculu\u011funuza ba\u015flayal\u0131m!<\/p>\n\n\n\n<h3 class=\"wp-block-heading\" id=\"h-1-nouns-gender-and-number\">1. \u0130simler, cinsiyet ve say\u0131<\/h3>\n\n\n\n<p>Fars\u00e7ada isimlerin cinsiyeti yoktur, bu da onu di\u011fer bir\u00e7ok dilden daha basit hale getirir. \u0130simlerin tekil hali ayn\u0131 kal\u0131rken, \u00e7o\u011ful hali tipik olarak &#8220;-\u0647\u0627&#8221; veya &#8220;-\u0627\u0646&#8221; ile biter. Mesela:<\/p>\n\n\n\n<p>&#8211; \u06a9\u062a\u0627\u0628 (ket\u0101b &#8211; kitap)<\/p>\n\n\n\n<p>&#8211; \u06a9\u062a\u0627\u0628\u0647\u0627 (ket\u0101b-h\u0101 &#8211; kitaplar)<\/p>\n\n\n\n<h3 class=\"wp-block-heading\" id=\"h-2-adjectives-agreement-and-definite-articles\">2. S\u0131fatlar, anla\u015fma ve belirli makaleler<\/h3>\n\n\n\n<p>Fars\u00e7ada s\u0131fatlar genellikle de\u011fi\u015ftirdikleri ismi takip eder ve cinsiyet ya da say\u0131 bak\u0131m\u0131ndan uyu\u015fmalar\u0131 gerekmez. Mesela:<\/p>\n\n\n\n<p><strong>&#8211; \u062e\u0627\u0646\u0647 \u0628\u0632\u0631\u06af (kh\u0101ne bozorg &#8211; b\u00fcy\u00fck ev)<\/strong><\/p>\n\n\n\n<p><strong>&#8211; \u0645\u0646\u0632\u0644 \u06a9\u0648\u0686\u06a9 (manzel kuchak &#8211; k\u00fc\u00e7\u00fck ev)<\/strong><\/p>\n\n\n\n<p>Fars\u00e7ada belirli artikel yoktur, ancak belirsiz artikel tekil kelimeler i\u00e7in &#8220;-\u06cc&#8221; (i) son eki olarak eklenir.<\/p>\n\n\n\n<h3 class=\"wp-block-heading\" id=\"h-3-verbs-tense-and-conjugation\">3. Fiiller, zaman ve \u00e7ekim<\/h3>\n\n\n\n<p>Fars\u00e7a fiiller dilbilgisinde kritik bir rol oynar ve c\u00fcmle kurmak i\u00e7in gereklidir. Her fiilin, konuyla zaman ve anla\u015fmay\u0131 belirtmek i\u00e7in \u00e7e\u015fitli \u00f6nekler ve soneklerle birle\u015fen bir k\u00f6k\u00fc vard\u0131r.<\/p>\n\n\n\n<p>Size k\u0131sa bir genel bak\u0131\u015f sunmak i\u00e7in, \u015fimdiki zamandaki d\u00fczenli fiilleri tart\u0131\u015fal\u0131m:<\/p>\n\n\n\n<p><strong>&#8211; \u0645\u0646 \u0645\u06cc\u062e\u0648\u0627\u0646\u0645 (men mikh\u0101nam &#8211; okudum)<\/strong><\/p>\n\n\n\n<p><strong>&#8211; \u062a\u0648 \u0645\u06cc\u062e\u0648\u0627\u0646\u06cc (to mikh\u0101ni &#8211; okudunuz, gayri resmi)<\/strong><\/p>\n\n\n\n<p><strong>&#8211; \u0627\u0648 \u0645\u06cc\u062e\u0648\u0627\u0646\u062f (u mikh\u0101nad &#8211; o okur)<\/strong><\/p>\n\n\n\n<p>Unutmay\u0131n, bu sadece ba\u015flang\u0131\u00e7! Fars\u00e7a dilbilgisinin derinliklerine indik\u00e7e \u00e7e\u015fitli di\u011fer zamanlar, d\u00fczensiz fiiller ve inceliklerle kar\u015f\u0131la\u015facaks\u0131n\u0131z.<\/p>\n\n\n\n<h3 class=\"wp-block-heading\" id=\"h-4-pronouns-prepositions-and-more\">4. Zamirler, edatlar ve daha fazlas\u0131!<\/h3>\n\n\n\n<p>Fars\u00e7a dilbilgisi zamirler (\u0645\u0646, \u062a\u0648, \u0627\u0648, vb.), edatlar (\u0628\u0647, \u0627\u0632, \u062f\u0631, vb.) ve deyimsel ifadeler gibi di\u011fer bile\u015fenleri de kapsar. Her bir unsurda ad\u0131m ad\u0131m ustala\u015fmak, Fars\u00e7ada kapsaml\u0131 bir ak\u0131c\u0131l\u0131k elde etmenin anahtar\u0131d\u0131r.<\/p>\n\n\n\n<p>Sonu\u00e7 olarak, Fars\u00e7a dilbilgisinde ustala\u015fman\u0131n kestirme bir yolu yoktur. Israr, pratik ve sab\u0131r gerektirir. Bununla birlikte, bir kez inceliklerini kavrad\u0131\u011f\u0131n\u0131zda, Fars\u00e7a konu\u015fman\u0131n n\u00fcanslar\u0131n\u0131 takdir etmek, Fars\u00e7a konu\u015fulan b\u00f6lgelerin zengin k\u00fclt\u00fcr\u00fcn\u00fc ve tarihini ke\u015ffetmek ve dile olan sevginizi derinle\u015ftirmek i\u00e7in iyi bir donan\u0131ma sahip olacaks\u0131n\u0131z. \u0645\u0648\u0641\u0642 \u0628\u0627\u0634\u06cc\u062f (movaffagh b\u0101shid &#8211; iyi \u015fanslar)!<\/p>\n<\/div><\/div>\n\r\n<section class=\"learnNavigationSection\">\r\n            \r\n        <a href=\"https:\/\/talkpal.ai\/tr\/farsca-ogren\/\">\r\n            <div class=\"learnNavigationWrapper\">\r\n                <div class=\"learnNavigationContent\">\r\n                    <img decoding=\"async\" src=\"https:\/\/talkpal.ai\/wp-content\/uploads\/2024\/08\/Persian.jpg\" alt=\"Persian Flag\">\r\n                    <div>\r\n                        <h4>Persian Learning Hakk\u0131nda<\/h4>\r\n                        <p>Fars\u00e7a dilbilgisi hakk\u0131nda her \u015feyi \u00f6\u011frenin .<\/p>\r\n                    <\/div>\r\n                <\/div>\r\n            <\/div>\r\n        <\/a>\r\n\r\n        \r\n        <a href=\"https:\/\/talkpal.ai\/tr\/farsca-gramer-alistirmalari\/\">\r\n            <div class=\"learnNavigationWrapper\">\r\n                <div class=\"learnNavigationContent\">\r\n                    <img decoding=\"async\" src=\"https:\/\/talkpal.ai\/wp-content\/uploads\/2024\/08\/Persian.jpg\" alt=\"Persian Flag\">\r\n                    <div>\r\n                        <h4>Fars\u00e7a Dilbilgisi Al\u0131\u015ft\u0131rmas\u0131<\/h4>\r\n                        <p>Fars\u00e7a dilbilgisi prati\u011fi yap\u0131n .<\/p>\r\n                    <\/div>\r\n                <\/div>\r\n            <\/div>\r\n        <\/a>\r\n\r\n        \r\n        <a href=\"https:\/\/talkpal.ai\/vocabulary_language\/persian\/\">\r\n            <div class=\"learnNavigationWrapper\">\r\n                <div class=\"learnNavigationContent\">\r\n                    <img decoding=\"async\" src=\"https:\/\/talkpal.ai\/wp-content\/uploads\/2024\/08\/Persian.jpg\" alt=\"Persian Flag\">\r\n                    <div>\r\n                        <h4>Fars\u00e7a Kelime Bilgisi<\/h4>\r\n                        <p>Fars\u00e7a kelime da\u011farc\u0131\u011f\u0131n\u0131z\u0131 geni\u015fletin.<\/p>\r\n                    <\/div>\r\n                <\/div>\r\n            <\/div>\r\n        <\/a>\r\n\r\n            <\/section>","protected":false},"excerpt":{"rendered":"<p>Fars\u00e7a Dilbilgisinde Ustala\u015fmak: En \u0130yi Rehberiniz Selam, dil merakl\u0131lar\u0131! Fars\u00e7a dilbilgisi d\u00fcnyas\u0131na bir yolculu\u011fa \u00e7\u0131kmaya haz\u0131r m\u0131s\u0131n\u0131z? Do\u011fru yere geldiniz. Anla\u015f\u0131lmas\u0131 kolay bilgiler ve sohbet \u00fcslubu ile dolu bu makale, Fars\u00e7a dilbilgisinin b\u00fcy\u00fcleyici d\u00fcnyas\u0131nda size rehberlik edecek. Yak\u0131nda, c\u00fcmleler kurabilecek ve anadili \u0130ngilizce olan ki\u015filerle anlaml\u0131 konu\u015fmalar yapabileceksiniz. \u00d6yleyse, Fars\u00e7a dilbilgisinin s\u0131rlar\u0131n\u0131 \u00e7\u00f6zmeye ba\u015flayal\u0131m! Ama [&hellip;]<\/p>\n","protected":false},"author":1,"featured_media":148629,"parent":0,"menu_order":0,"comment_status":"closed","ping_status":"closed","template":"LearningContentPage.php","meta":{"_acf_changed":false,"footnotes":""},"class_list":["post-148623","page","type-page","status-publish","has-post-thumbnail","hentry"],"acf":[],"yoast_head":"<!-- This site is optimized with the Yoast SEO Premium plugin v27.2 (Yoast SEO v27.2) - https:\/\/yoast.com\/product\/yoast-seo-premium-wordpress\/ -->\n<title>Fars\u00e7a Dilbilgisi - Talkpal<\/title>\n<meta name=\"description\" content=\"Fars\u00e7a dilindeki anlay\u0131\u015f\u0131n\u0131z\u0131 ve ak\u0131c\u0131l\u0131\u011f\u0131n\u0131z\u0131 geli\u015ftirmek i\u00e7in Fars\u00e7a Dilbilgisinin inceliklerini ke\u015ffedin.\" \/>\n<meta name=\"robots\" content=\"index, follow, max-snippet:-1, max-image-preview:large, max-video-preview:-1\" \/>\n<link rel=\"canonical\" href=\"https:\/\/talkpal.ai\/tr\/farsca-dilbilgisi\/\" \/>\n<meta property=\"og:locale\" content=\"tr_TR\" \/>\n<meta property=\"og:type\" content=\"article\" \/>\n<meta property=\"og:title\" content=\"Fars\u00e7a Dilbilgisi\" \/>\n<meta property=\"og:description\" content=\"Fars\u00e7a Dilbilgisinde Ustala\u015fmak: En \u0130yi Rehberiniz Selam, dil merakl\u0131lar\u0131! Fars\u00e7a dilbilgisi d\u00fcnyas\u0131na bir yolculu\u011fa \u00e7\u0131kmaya haz\u0131r m\u0131s\u0131n\u0131z? Do\u011fru yere\" \/>\n<meta property=\"og:url\" content=\"https:\/\/talkpal.ai\/tr\/farsca-dilbilgisi\/\" \/>\n<meta property=\"og:site_name\" content=\"Talkpal\" \/>\n<meta property=\"article:publisher\" content=\"https:\/\/www.facebook.com\/profile.php?id=100090733639311\" \/>\n<meta property=\"article:modified_time\" content=\"2025-12-12T10:35:48+00:00\" \/>\n<meta property=\"og:image\" content=\"https:\/\/talkpal.ai\/wp-content\/uploads\/2023\/05\/Persian-iran.png\" \/>\n\t<meta property=\"og:image:width\" content=\"512\" \/>\n\t<meta property=\"og:image:height\" content=\"512\" \/>\n\t<meta property=\"og:image:type\" content=\"image\/png\" \/>\n<meta name=\"twitter:card\" content=\"summary_large_image\" \/>\n<meta name=\"twitter:site\" content=\"@talkpalai\" \/>\n<meta name=\"twitter:label1\" content=\"Tahmini okuma s\u00fcresi\" \/>\n\t<meta name=\"twitter:data1\" content=\"2 dakika\" \/>\n<script type=\"application\/ld+json\" class=\"yoast-schema-graph\">{\"@context\":\"https:\/\/schema.org\",\"@graph\":[{\"@type\":\"WebPage\",\"@id\":\"https:\/\/talkpal.ai\/tr\/farsca-dilbilgisi\/\",\"url\":\"https:\/\/talkpal.ai\/tr\/farsca-dilbilgisi\/\",\"name\":\"Fars\u00e7a Dilbilgisi - Talkpal\",\"isPartOf\":{\"@id\":\"https:\/\/talkpal.ai\/tr\/#website\"},\"primaryImageOfPage\":{\"@id\":\"https:\/\/talkpal.ai\/tr\/farsca-dilbilgisi\/#primaryimage\"},\"image\":{\"@id\":\"https:\/\/talkpal.ai\/tr\/farsca-dilbilgisi\/#primaryimage\"},\"thumbnailUrl\":\"https:\/\/talkpal.ai\/wp-content\/uploads\/2023\/05\/Persian-iran.png\",\"datePublished\":\"2023-05-14T14:18:22+00:00\",\"dateModified\":\"2025-12-12T10:35:48+00:00\",\"description\":\"Fars\u00e7a dilindeki anlay\u0131\u015f\u0131n\u0131z\u0131 ve ak\u0131c\u0131l\u0131\u011f\u0131n\u0131z\u0131 geli\u015ftirmek i\u00e7in Fars\u00e7a Dilbilgisinin inceliklerini ke\u015ffedin.\",\"breadcrumb\":{\"@id\":\"https:\/\/talkpal.ai\/tr\/farsca-dilbilgisi\/#breadcrumb\"},\"inLanguage\":\"tr\",\"potentialAction\":[{\"@type\":\"ReadAction\",\"target\":[\"https:\/\/talkpal.ai\/tr\/farsca-dilbilgisi\/\"]}]},{\"@type\":\"ImageObject\",\"inLanguage\":\"tr\",\"@id\":\"https:\/\/talkpal.ai\/tr\/farsca-dilbilgisi\/#primaryimage\",\"url\":\"https:\/\/talkpal.ai\/wp-content\/uploads\/2023\/05\/Persian-iran.png\",\"contentUrl\":\"https:\/\/talkpal.ai\/wp-content\/uploads\/2023\/05\/Persian-iran.png\",\"width\":512,\"height\":512},{\"@type\":\"BreadcrumbList\",\"@id\":\"https:\/\/talkpal.ai\/tr\/farsca-dilbilgisi\/#breadcrumb\",\"itemListElement\":[{\"@type\":\"ListItem\",\"position\":1,\"name\":\"Homepage\",\"item\":\"https:\/\/talkpal.ai\/tr\/\"},{\"@type\":\"ListItem\",\"position\":2,\"name\":\"Fars\u00e7a Dilbilgisi\"}]},{\"@type\":\"WebSite\",\"@id\":\"https:\/\/talkpal.ai\/tr\/#website\",\"url\":\"https:\/\/talkpal.ai\/tr\/\",\"name\":\"Talkpal\",\"description\":\"AI Language Learning\",\"publisher\":{\"@id\":\"https:\/\/talkpal.ai\/tr\/#organization\"},\"alternateName\":\"Talkpal AI\",\"potentialAction\":[{\"@type\":\"SearchAction\",\"target\":{\"@type\":\"EntryPoint\",\"urlTemplate\":\"https:\/\/talkpal.ai\/tr\/?s={search_term_string}\"},\"query-input\":{\"@type\":\"PropertyValueSpecification\",\"valueRequired\":true,\"valueName\":\"search_term_string\"}}],\"inLanguage\":\"tr\"},{\"@type\":\"Organization\",\"@id\":\"https:\/\/talkpal.ai\/tr\/#organization\",\"name\":\"Talkpal, Inc.\",\"alternateName\":\"Talkpal AI\",\"url\":\"https:\/\/talkpal.ai\/tr\/\",\"logo\":{\"@type\":\"ImageObject\",\"inLanguage\":\"tr\",\"@id\":\"https:\/\/talkpal.ai\/tr\/#\/schema\/logo\/image\/\",\"url\":\"https:\/\/talkpal.ai\/wp-content\/uploads\/2024\/03\/Talkpal-Logo-Icon.png\",\"contentUrl\":\"https:\/\/talkpal.ai\/wp-content\/uploads\/2024\/03\/Talkpal-Logo-Icon.png\",\"width\":2880,\"height\":2880,\"caption\":\"Talkpal, Inc.\"},\"image\":{\"@id\":\"https:\/\/talkpal.ai\/tr\/#\/schema\/logo\/image\/\"},\"sameAs\":[\"https:\/\/www.facebook.com\/profile.php?id=100090733639311\",\"https:\/\/x.com\/talkpalai\",\"https:\/\/www.linkedin.com\/company\/talkpal\/\",\"https:\/\/www.youtube.com\/@TalkPal\/\",\"https:\/\/www.tiktok.com\/@talkpal\",\"https:\/\/www.instagram.com\/talkpal_ai\/\",\"https:\/\/www.crunchbase.com\/organization\/talkpal-9cde\",\"https:\/\/www.g2.com\/products\/talkpal-for-business\/\",\"https:\/\/www.trustpilot.com\/review\/talkpal.ai\",\"https:\/\/www.capterra.com\/p\/10006800\/TalkPal\/\"],\"description\":\"Talkpal is a language learning web and mobile education app, powered by the latest AI technologies, that provides engaging experiences to its customers in many different languages to help them improve their language skills. Users can chat about unlimited amount of topics with the app and use other modes to practice their language learning.\",\"email\":\"support@talkpal.ai\",\"legalName\":\"Talkpal, Inc.\",\"foundingDate\":\"2023-04-03\",\"duns\":\"118989042\",\"numberOfEmployees\":{\"@type\":\"QuantitativeValue\",\"minValue\":\"11\",\"maxValue\":\"50\"},\"publishingPrinciples\":\"https:\/\/talkpal.ai\/publishing-principles\/\",\"actionableFeedbackPolicy\":\"https:\/\/talkpal.ai\/actionable-feedback-policy\/\",\"correctionsPolicy\":\"https:\/\/talkpal.ai\/corrections-policy\/\",\"ethicsPolicy\":\"https:\/\/talkpal.ai\/ethics-policy\/\",\"diversityPolicy\":\"https:\/\/talkpal.ai\/diversity-policy\/\",\"diversityStaffingReport\":\"https:\/\/talkpal.ai\/diversity-policy\/\"}]}<\/script>\n<!-- \/ Yoast SEO Premium plugin. -->","yoast_head_json":{"title":"Fars\u00e7a Dilbilgisi - Talkpal","description":"Fars\u00e7a dilindeki anlay\u0131\u015f\u0131n\u0131z\u0131 ve ak\u0131c\u0131l\u0131\u011f\u0131n\u0131z\u0131 geli\u015ftirmek i\u00e7in Fars\u00e7a Dilbilgisinin inceliklerini ke\u015ffedin.","robots":{"index":"index","follow":"follow","max-snippet":"max-snippet:-1","max-image-preview":"max-image-preview:large","max-video-preview":"max-video-preview:-1"},"canonical":"https:\/\/talkpal.ai\/tr\/farsca-dilbilgisi\/","og_locale":"tr_TR","og_type":"article","og_title":"Fars\u00e7a Dilbilgisi","og_description":"Fars\u00e7a Dilbilgisinde Ustala\u015fmak: En \u0130yi Rehberiniz Selam, dil merakl\u0131lar\u0131! Fars\u00e7a dilbilgisi d\u00fcnyas\u0131na bir yolculu\u011fa \u00e7\u0131kmaya haz\u0131r m\u0131s\u0131n\u0131z? Do\u011fru yere","og_url":"https:\/\/talkpal.ai\/tr\/farsca-dilbilgisi\/","og_site_name":"Talkpal","article_publisher":"https:\/\/www.facebook.com\/profile.php?id=100090733639311","article_modified_time":"2025-12-12T10:35:48+00:00","og_image":[{"width":512,"height":512,"url":"https:\/\/talkpal.ai\/wp-content\/uploads\/2023\/05\/Persian-iran.png","type":"image\/png"}],"twitter_card":"summary_large_image","twitter_site":"@talkpalai","twitter_misc":{"Tahmini okuma s\u00fcresi":"2 dakika"},"schema":{"@context":"https:\/\/schema.org","@graph":[{"@type":"WebPage","@id":"https:\/\/talkpal.ai\/tr\/farsca-dilbilgisi\/","url":"https:\/\/talkpal.ai\/tr\/farsca-dilbilgisi\/","name":"Fars\u00e7a Dilbilgisi - Talkpal","isPartOf":{"@id":"https:\/\/talkpal.ai\/tr\/#website"},"primaryImageOfPage":{"@id":"https:\/\/talkpal.ai\/tr\/farsca-dilbilgisi\/#primaryimage"},"image":{"@id":"https:\/\/talkpal.ai\/tr\/farsca-dilbilgisi\/#primaryimage"},"thumbnailUrl":"https:\/\/talkpal.ai\/wp-content\/uploads\/2023\/05\/Persian-iran.png","datePublished":"2023-05-14T14:18:22+00:00","dateModified":"2025-12-12T10:35:48+00:00","description":"Fars\u00e7a dilindeki anlay\u0131\u015f\u0131n\u0131z\u0131 ve ak\u0131c\u0131l\u0131\u011f\u0131n\u0131z\u0131 geli\u015ftirmek i\u00e7in Fars\u00e7a Dilbilgisinin inceliklerini ke\u015ffedin.","breadcrumb":{"@id":"https:\/\/talkpal.ai\/tr\/farsca-dilbilgisi\/#breadcrumb"},"inLanguage":"tr","potentialAction":[{"@type":"ReadAction","target":["https:\/\/talkpal.ai\/tr\/farsca-dilbilgisi\/"]}]},{"@type":"ImageObject","inLanguage":"tr","@id":"https:\/\/talkpal.ai\/tr\/farsca-dilbilgisi\/#primaryimage","url":"https:\/\/talkpal.ai\/wp-content\/uploads\/2023\/05\/Persian-iran.png","contentUrl":"https:\/\/talkpal.ai\/wp-content\/uploads\/2023\/05\/Persian-iran.png","width":512,"height":512},{"@type":"BreadcrumbList","@id":"https:\/\/talkpal.ai\/tr\/farsca-dilbilgisi\/#breadcrumb","itemListElement":[{"@type":"ListItem","position":1,"name":"Homepage","item":"https:\/\/talkpal.ai\/tr\/"},{"@type":"ListItem","position":2,"name":"Fars\u00e7a Dilbilgisi"}]},{"@type":"WebSite","@id":"https:\/\/talkpal.ai\/tr\/#website","url":"https:\/\/talkpal.ai\/tr\/","name":"Talkpal","description":"AI Language Learning","publisher":{"@id":"https:\/\/talkpal.ai\/tr\/#organization"},"alternateName":"Talkpal AI","potentialAction":[{"@type":"SearchAction","target":{"@type":"EntryPoint","urlTemplate":"https:\/\/talkpal.ai\/tr\/?s={search_term_string}"},"query-input":{"@type":"PropertyValueSpecification","valueRequired":true,"valueName":"search_term_string"}}],"inLanguage":"tr"},{"@type":"Organization","@id":"https:\/\/talkpal.ai\/tr\/#organization","name":"Talkpal, Inc.","alternateName":"Talkpal AI","url":"https:\/\/talkpal.ai\/tr\/","logo":{"@type":"ImageObject","inLanguage":"tr","@id":"https:\/\/talkpal.ai\/tr\/#\/schema\/logo\/image\/","url":"https:\/\/talkpal.ai\/wp-content\/uploads\/2024\/03\/Talkpal-Logo-Icon.png","contentUrl":"https:\/\/talkpal.ai\/wp-content\/uploads\/2024\/03\/Talkpal-Logo-Icon.png","width":2880,"height":2880,"caption":"Talkpal, Inc."},"image":{"@id":"https:\/\/talkpal.ai\/tr\/#\/schema\/logo\/image\/"},"sameAs":["https:\/\/www.facebook.com\/profile.php?id=100090733639311","https:\/\/x.com\/talkpalai","https:\/\/www.linkedin.com\/company\/talkpal\/","https:\/\/www.youtube.com\/@TalkPal\/","https:\/\/www.tiktok.com\/@talkpal","https:\/\/www.instagram.com\/talkpal_ai\/","https:\/\/www.crunchbase.com\/organization\/talkpal-9cde","https:\/\/www.g2.com\/products\/talkpal-for-business\/","https:\/\/www.trustpilot.com\/review\/talkpal.ai","https:\/\/www.capterra.com\/p\/10006800\/TalkPal\/"],"description":"Talkpal is a language learning web and mobile education app, powered by the latest AI technologies, that provides engaging experiences to its customers in many different languages to help them improve their language skills. Users can chat about unlimited amount of topics with the app and use other modes to practice their language learning.","email":"support@talkpal.ai","legalName":"Talkpal, Inc.","foundingDate":"2023-04-03","duns":"118989042","numberOfEmployees":{"@type":"QuantitativeValue","minValue":"11","maxValue":"50"},"publishingPrinciples":"https:\/\/talkpal.ai\/publishing-principles\/","actionableFeedbackPolicy":"https:\/\/talkpal.ai\/actionable-feedback-policy\/","correctionsPolicy":"https:\/\/talkpal.ai\/corrections-policy\/","ethicsPolicy":"https:\/\/talkpal.ai\/ethics-policy\/","diversityPolicy":"https:\/\/talkpal.ai\/diversity-policy\/","diversityStaffingReport":"https:\/\/talkpal.ai\/diversity-policy\/"}]}},"_links":{"self":[{"href":"https:\/\/talkpal.ai\/tr\/wp-json\/wp\/v2\/pages\/148623","targetHints":{"allow":["GET"]}}],"collection":[{"href":"https:\/\/talkpal.ai\/tr\/wp-json\/wp\/v2\/pages"}],"about":[{"href":"https:\/\/talkpal.ai\/tr\/wp-json\/wp\/v2\/types\/page"}],"author":[{"embeddable":true,"href":"https:\/\/talkpal.ai\/tr\/wp-json\/wp\/v2\/users\/1"}],"replies":[{"embeddable":true,"href":"https:\/\/talkpal.ai\/tr\/wp-json\/wp\/v2\/comments?post=148623"}],"version-history":[{"count":0,"href":"https:\/\/talkpal.ai\/tr\/wp-json\/wp\/v2\/pages\/148623\/revisions"}],"wp:featuredmedia":[{"embeddable":true,"href":"https:\/\/talkpal.ai\/tr\/wp-json\/wp\/v2\/media\/148629"}],"wp:attachment":[{"href":"https:\/\/talkpal.ai\/tr\/wp-json\/wp\/v2\/media?parent=148623"}],"curies":[{"name":"wp","href":"https:\/\/api.w.org\/{rel}","templated":true}]}}