{"id":148342,"date":"2023-05-14T14:13:06","date_gmt":"2023-05-14T14:13:06","guid":{"rendered":"http:\/\/talkpal.ai\/norvecce-dilbilgisi\/"},"modified":"2025-12-17T17:01:27","modified_gmt":"2025-12-17T17:01:27","slug":"norvecce-dilbilgisi","status":"publish","type":"page","link":"https:\/\/talkpal.ai\/tr\/norvecce-dilbilgisi\/","title":{"rendered":"Norve\u00e7\u00e7e Dilbilgisi"},"content":{"rendered":"\r\n\r\n\r\n<section class=\"languageChallengeSection\">\r\n    <div class=\"languageInfoWrapper\">\r\n        \r\n        <h1>Norve\u00e7\u00e7e Dilbilgisi<\/h1>\r\n        <p>Norve\u00e7\u00e7e dilbilgisinin temellerini ke\u015ffedin ve \u0130skandinavya&#039;n\u0131n en g\u00fczel dillerinden birinde g\u00fcvenle ileti\u015fim kurma becerisinin kilidini a\u00e7\u0131n. Norve\u00e7\u00e7e dilbilgisini anlamak, yeni k\u00fclt\u00fcrel deneyimlere ve anlaml\u0131 sohbetlere kap\u0131 a\u00e7acakt\u0131r. Norve\u00e7\u00e7e dilbilgisi \u00f6\u011frenmeye bug\u00fcn ba\u015flay\u0131n ve ak\u0131c\u0131 konu\u015fmaya do\u011fru ilk ad\u0131m\u0131n\u0131z\u0131 at\u0131n!<\/p>\r\n\r\n                            <a class=\"getStartedHidden\" href=\"https:\/\/app.talkpal.ai\/tr\/signup?lng=\">Hadi ba\u015fla<\/a>\r\n        \r\n    <\/div>\r\n\r\n    <figure>\r\n    <img decoding=\"async\" width=\"768\" height=\"768\" src=\"https:\/\/talkpal.ai\/wp-content\/uploads\/2023\/06\/norwegian-768x768.png\" class=\"languageImage no-lazy\" alt=\"Language learning for extensive vocabulary\" fetchpriority=\"high\" sizes=\"(max-width: 768px) 150px, 768px\" srcset=\"https:\/\/talkpal.ai\/wp-content\/uploads\/2023\/06\/norwegian-768x768.png 768w, https:\/\/talkpal.ai\/wp-content\/uploads\/2023\/06\/norwegian-300x300.png 300w\" \/>\r\n    \r\n\r\n    <\/figure>\r\n\r\n            <a class=\"getStartedVisible\" href=\"https:\/\/app.talkpal.ai\/tr\/signup?lng=\">Hadi ba\u015fla<\/a>\r\n    \r\n<\/section>\r\n<section class=\"promotionalBanner\">\r\n    <p class=\"promotionalText\">Dil \u00f6\u011frenmenin en etkili yolu<\/p>\r\n    <a class=\"promotionalLink\" href=\"https:\/\/app.talkpal.ai\/tr\/signup?lng=\">Talkpal \u00fccretsiz deneyin<\/a>\r\n<\/section>\n<div class=\"wp-block-group pageContainerStyle\"><div class=\"wp-block-group__inner-container is-layout-constrained wp-block-group-is-layout-constrained\">\n<h2 class=\"wp-block-heading\" id=\"h-dive-into-norwegian-grammar-a-comprehensive-guide\">Norve\u00e7\u00e7e Dilbilgisine Dal\u0131n: Kapsaml\u0131 Bir K\u0131lavuz<\/h2>\n\n\n\n<p>B\u00fcy\u00fcleyici ve <a href=\"https:\/\/talkpal.ai\/talkpal-discount-for-influencers-or-content-creators\/\">etkileyici<\/a> bir dil olan Norve\u00e7\u00e7e, dil \u00f6\u011frenenlere <a href=\"https:\/\/talkpal.ai\/learn-norwegian\/\">Norve\u00e7<\/a>&#8217;in zengin k\u00fclt\u00fcrel ve tarihi miras\u0131n\u0131 ke\u015ffetmeleri i\u00e7in e\u015fsiz bir f\u0131rsat sunuyor. \u0130yi haber \u015fu ki, Norve\u00e7\u00e7e dilbilgisi \u0130ngilizce ile baz\u0131 benzerlikler payla\u015f\u0131yor ve bu da onu \u00f6\u011frenmek i\u00e7in eri\u015filebilir bir dil haline getiriyor. Bu makale, Norve\u00e7\u00e7e dilbilgisinin temel y\u00f6nleri konusunda size rehberlik edecek, g\u00fc\u00e7l\u00fc bir temel olu\u015fturman\u0131z\u0131 ve dili g\u00fcvenle kavraman\u0131z\u0131 sa\u011flayacakt\u0131r.<\/p>\n\n\n\n<h3 class=\"wp-block-heading\" id=\"h-1-embracing-norwegian-nouns-and-articles\">1. Norve\u00e7\u00e7e \u0130simleri ve Makaleleri Kucaklamak<\/h3>\n\n\n\n<p>Norve\u00e7\u00e7e isimler, \u0130ngilizce meslekta\u015flar\u0131 gibi, insanlar\u0131, yerleri, \u015feyleri veya fikirleri temsil eder. \u00dc\u00e7 cinsiyete ayr\u0131l\u0131rlar: eril, di\u015fil ve n\u00f6tr. Cinsiyet, ismin sonunu ve hangi artikellerle e\u015fle\u015ftirilmesi gerekti\u011fini belirlemede kritik \u00f6neme sahiptir.<\/p>\n\n\n\n<p>Norve\u00e7\u00e7e&#8217;de iki t\u00fcr makale vard\u0131r: kesin ve belirsiz. Belirli artikeller isimlerin sonunda ek olarak g\u00f6r\u00fcn\u00fcrken, belgisiz artikeller isimlerden \u00f6nce gelen ayr\u0131 kelimelerdir. Makaleler cinsiyet ve say\u0131 olarak isimlerle uyumlu olmal\u0131d\u0131r.<\/p>\n\n\n\n<p><strong>&#8211; Belirli artikeller: -en (eril), -a (di\u015fil), -et (n\u00f6tr)<\/strong><\/p>\n\n\n\n<p><strong>&#8211; Belirsiz artikeller: en (eril), ei (di\u015fil), et (n\u00f6tr)<\/strong><\/p>\n\n\n\n<h3 class=\"wp-block-heading\" id=\"h-2-mastering-norwegian-verbs-conjugation-and-tenses\">2. Norve\u00e7\u00e7e Fiillerde Ustala\u015fmak: Fiil \u00c7ekimi ve Zamanlar<\/h3>\n\n\n\n<p>Norve\u00e7\u00e7e fiiller, di\u011fer bir\u00e7ok dilden daha az \u00e7ekime sahip olduklar\u0131 i\u00e7in \u00f6\u011frenilmesi nispeten kolayd\u0131r. Fiiller zaman ve ruh haline g\u00f6re \u00e7ekimlenir. Norve\u00e7\u00e7e fiiller \u00f6ncelikle her biri kendi \u00e7ekim d\u00fczenine sahip d\u00f6rt gruba ayr\u0131l\u0131r. Bununla birlikte, iyi haber \u015fu ki, di\u011fer bir\u00e7ok dilin aksine, Norve\u00e7\u00e7e fiiller \u00f6zneye veya say\u0131ya g\u00f6re bi\u00e7imlerini de\u011fi\u015ftirmiyor.<\/p>\n\n\n\n<p>Norve\u00e7\u00e7e&#8217;de \u0130ngilizce&#8217;den daha az zaman vard\u0131r ve yaln\u0131zca \u00fc\u00e7 zaman vard\u0131r: \u015fimdiki zaman, ge\u00e7mi\u015f zaman ve ge\u00e7mi\u015f zaman kipi. \u015eimdiki zaman, \u015fimdiki ve gelecekteki olaylar\u0131 ifade etmek i\u00e7in kullan\u0131l\u0131rken, ge\u00e7mi\u015f zaman tamamlanm\u0131\u015f eylemleri ifade eder ve ge\u00e7mi\u015f zaman, ge\u00e7mi\u015fte belirli bir noktadan \u00f6nce meydana gelen deneyim veya durumlar\u0131 g\u00f6sterir.<\/p>\n\n\n\n<h3 class=\"wp-block-heading\" id=\"h-3-expressing-yourself-with-norwegian-adjectives-and-adverbs\">3. Kendinizi Norve\u00e7\u00e7e S\u0131fatlar ve Zarflarla \u0130fade Etmek<\/h3>\n\n\n\n<p>S\u0131fatlar\u0131 etkili bir \u015fekilde kullanmak, kendinizi Norve\u00e7\u00e7e ifade etme yetene\u011finizi geli\u015ftirir. S\u0131fatlar, isimlerin niteliklerini veya \u00f6zelliklerini tan\u0131mlar ve cinsiyet ve say\u0131 olarak isimlerle ayn\u0131 fikirde olmalar\u0131 gerekir. Norve\u00e7\u00e7e&#8217;de s\u0131fatlar genellikle tan\u0131mlad\u0131klar\u0131 isimden \u00f6nce gelir.<\/p>\n\n\n\n<p>Norve\u00e7\u00e7e zarflar fiilleri, s\u0131fatlar\u0131 veya di\u011fer zarflar\u0131 de\u011fi\u015ftirir. Bir eylemin nas\u0131l, ne zaman, nerede ve ne \u00f6l\u00e7\u00fcde ger\u00e7ekle\u015fti\u011fi hakk\u0131nda bilgi aktar\u0131rlar. S\u0131fatlar\u0131n aksine, zarflar, cinsiyete veya a\u00e7\u0131klanan isimlerin say\u0131s\u0131na bak\u0131lmaks\u0131z\u0131n ayn\u0131 kal\u0131r.<\/p>\n\n\n\n<h3 class=\"wp-block-heading\" id=\"h-4-constructing-sentences-with-norwegian-pronouns-and-word-order\">4. Norve\u00e7\u00e7e Zamirler ve Kelime S\u0131ras\u0131 ile C\u00fcmle Kurma<\/h3>\n\n\n\n<p>Norve\u00e7\u00e7e zamirler isimlerin yerini al\u0131r ve genellikle cinsiyet, say\u0131 ve durum bak\u0131m\u0131ndan temsil ettikleri isimle ayn\u0131 fikirdedir. Norve\u00e7\u00e7e&#8217;de ki\u015fisel, iyelik, g\u00f6sterici, d\u00f6n\u00fc\u015fl\u00fc, g\u00f6receli ve soru zamirleri dahil olmak \u00fczere \u00e7e\u015fitli zamirler vard\u0131r.<\/p>\n\n\n\n<p>Norve\u00e7\u00e7e c\u00fcmle yap\u0131s\u0131, \u0130ngilizce&#8217;ye benzer \u015fekilde \u00f6zne-fiil-nesne (SVO) s\u0131ras\u0131n\u0131 takip eder. Bununla birlikte, fiilin tipik olarak ana c\u00fcmlelerde ikinci s\u0131ray\u0131 i\u015fgal etti\u011fi bir Fiil-saniye (V2) kural\u0131 da kullan\u0131r. Norve\u00e7\u00e7e kelime s\u0131ras\u0131n\u0131 anlamak ve uygulamak, dilde ak\u0131c\u0131l\u0131k elde etmek i\u00e7in \u00e7ok \u00f6nemlidir.<\/p>\n\n\n\n<h3 class=\"wp-block-heading\" id=\"h-conclusion\">Sonu\u00e7<\/h3>\n\n\n\n<p>Norve\u00e7\u00e7e dilbilgisinde ak\u0131c\u0131l\u0131\u011fa ula\u015fmak, \u00f6zveri, pratik ve dilin benzersiz \u00f6zelliklerini ke\u015ffetmek i\u00e7in a\u00e7\u0131k bir zihin gerektirir. \u0130ster Norve\u00e7&#8217;in k\u00fclt\u00fcr\u00fcne dalmakla ilgilenin, ister yeni bir dil \u00f6\u011frenmeye hevesli olun, Norve\u00e7\u00e7e dilbilgisine hakim olmak ba\u015far\u0131l\u0131 bir ileti\u015fimin temelini olu\u015fturur. Norve\u00e7\u00e7e isimleri, fiilleri, s\u0131fatlar\u0131 ve kelime s\u0131ras\u0131n\u0131 ara\u015ft\u0131r\u0131rken, s\u00fcrecin tad\u0131n\u0131 \u00e7\u0131karmay\u0131 ve sizi bekleyen zengin dilsel deneyimlere de\u011fer vermeyi unutmay\u0131n. Lykke til!<\/p>\n<\/div><\/div>\n\r\n<section class=\"learnNavigationSection\">\r\n            \r\n        <a href=\"https:\/\/talkpal.ai\/tr\/norvecce-ogren\/\">\r\n            <div class=\"learnNavigationWrapper\">\r\n                <div class=\"learnNavigationContent\">\r\n                    <img decoding=\"async\" src=\"https:\/\/talkpal.ai\/wp-content\/uploads\/2024\/08\/Norwegian.jpg\" alt=\"Norwegian Flag\">\r\n                    <div>\r\n                        <h4>Norve\u00e7\u00e7e \u00d6\u011frenim Hakk\u0131nda<\/h4>\r\n                        <p>Norve\u00e7\u00e7e dilbilgisi hakk\u0131nda her \u015feyi \u00f6\u011frenin .<\/p>\r\n                    <\/div>\r\n                <\/div>\r\n            <\/div>\r\n        <\/a>\r\n\r\n        \r\n        <a href=\"https:\/\/talkpal.ai\/tr\/norvecce-dilbilgisi-alistirmalari\/\">\r\n            <div class=\"learnNavigationWrapper\">\r\n                <div class=\"learnNavigationContent\">\r\n                    <img decoding=\"async\" src=\"https:\/\/talkpal.ai\/wp-content\/uploads\/2024\/08\/Norwegian.jpg\" alt=\"Norwegian Flag\">\r\n                    <div>\r\n                        <h4>Norve\u00e7\u00e7e Dilbilgisi Al\u0131\u015ft\u0131rmas\u0131<\/h4>\r\n                        <p>Norve\u00e7\u00e7e dilbilgisi al\u0131\u015ft\u0131rmas\u0131 yap\u0131n .<\/p>\r\n                    <\/div>\r\n                <\/div>\r\n            <\/div>\r\n        <\/a>\r\n\r\n        \r\n        <a href=\"https:\/\/talkpal.ai\/vocabulary_language\/norwegian\/\">\r\n            <div class=\"learnNavigationWrapper\">\r\n                <div class=\"learnNavigationContent\">\r\n                    <img decoding=\"async\" src=\"https:\/\/talkpal.ai\/wp-content\/uploads\/2024\/08\/Norwegian.jpg\" alt=\"Norwegian Flag\">\r\n                    <div>\r\n                        <h4>Norve\u00e7\u00e7e Kelime Bilgisi<\/h4>\r\n                        <p>Norve\u00e7\u00e7e kelime da\u011farc\u0131\u011f\u0131n\u0131z\u0131 geni\u015fletin.<\/p>\r\n                    <\/div>\r\n                <\/div>\r\n            <\/div>\r\n        <\/a>\r\n\r\n            <\/section>","protected":false},"excerpt":{"rendered":"<p>Norve\u00e7\u00e7e Dilbilgisine Dal\u0131n: Kapsaml\u0131 Bir K\u0131lavuz B\u00fcy\u00fcleyici ve etkileyici bir dil olan Norve\u00e7\u00e7e, dil \u00f6\u011frenenlere Norve\u00e7&#8217;in zengin k\u00fclt\u00fcrel ve tarihi miras\u0131n\u0131 ke\u015ffetmeleri i\u00e7in e\u015fsiz bir f\u0131rsat sunuyor. \u0130yi haber \u015fu ki, Norve\u00e7\u00e7e dilbilgisi \u0130ngilizce ile baz\u0131 benzerlikler payla\u015f\u0131yor ve bu da onu \u00f6\u011frenmek i\u00e7in eri\u015filebilir bir dil haline getiriyor. Bu makale, Norve\u00e7\u00e7e dilbilgisinin temel y\u00f6nleri [&hellip;]<\/p>\n","protected":false},"author":1,"featured_media":117003,"parent":0,"menu_order":0,"comment_status":"closed","ping_status":"closed","template":"LearningContentPage.php","meta":{"_acf_changed":false,"footnotes":""},"class_list":["post-148342","page","type-page","status-publish","has-post-thumbnail","hentry"],"acf":[],"yoast_head":"<!-- This site is optimized with the Yoast SEO Premium plugin v27.2 (Yoast SEO v27.2) - https:\/\/yoast.com\/product\/yoast-seo-premium-wordpress\/ -->\n<title>Norve\u00e7\u00e7e Dilbilgisi - Talkpal<\/title>\n<meta name=\"description\" content=\"Norve\u00e7\u00e7e dilbilgisinin inceliklerini ke\u015ffedin ve dil becerilerinizi bir \u00fcst seviyeye ta\u015f\u0131y\u0131n.\" \/>\n<meta name=\"robots\" content=\"index, follow, max-snippet:-1, max-image-preview:large, max-video-preview:-1\" \/>\n<link rel=\"canonical\" href=\"https:\/\/talkpal.ai\/tr\/norvecce-dilbilgisi\/\" \/>\n<meta property=\"og:locale\" content=\"tr_TR\" \/>\n<meta property=\"og:type\" content=\"article\" \/>\n<meta property=\"og:title\" content=\"Norve\u00e7\u00e7e Dilbilgisi\" \/>\n<meta property=\"og:description\" content=\"Norve\u00e7\u00e7e Dilbilgisine Dal\u0131n: Kapsaml\u0131 Bir K\u0131lavuz B\u00fcy\u00fcleyici ve etkileyici bir dil olan Norve\u00e7\u00e7e, dil \u00f6\u011frenenlere Norve\u00e7&#039;in zengin k\u00fclt\u00fcrel ve tarihi\" \/>\n<meta property=\"og:url\" content=\"https:\/\/talkpal.ai\/tr\/norvecce-dilbilgisi\/\" \/>\n<meta property=\"og:site_name\" content=\"Talkpal\" \/>\n<meta property=\"article:publisher\" content=\"https:\/\/www.facebook.com\/profile.php?id=100090733639311\" \/>\n<meta property=\"article:modified_time\" content=\"2025-12-17T17:01:27+00:00\" \/>\n<meta property=\"og:image\" content=\"https:\/\/talkpal.ai\/wp-content\/uploads\/2023\/05\/norway.png\" \/>\n\t<meta property=\"og:image:width\" content=\"512\" \/>\n\t<meta property=\"og:image:height\" content=\"512\" \/>\n\t<meta property=\"og:image:type\" content=\"image\/png\" \/>\n<meta name=\"twitter:card\" content=\"summary_large_image\" \/>\n<meta name=\"twitter:site\" content=\"@talkpalai\" \/>\n<meta name=\"twitter:label1\" content=\"Tahmini okuma s\u00fcresi\" \/>\n\t<meta name=\"twitter:data1\" content=\"3 dakika\" \/>\n<script type=\"application\/ld+json\" class=\"yoast-schema-graph\">{\"@context\":\"https:\/\/schema.org\",\"@graph\":[{\"@type\":\"WebPage\",\"@id\":\"https:\/\/talkpal.ai\/tr\/norvecce-dilbilgisi\/\",\"url\":\"https:\/\/talkpal.ai\/tr\/norvecce-dilbilgisi\/\",\"name\":\"Norve\u00e7\u00e7e Dilbilgisi - Talkpal\",\"isPartOf\":{\"@id\":\"https:\/\/talkpal.ai\/tr\/#website\"},\"primaryImageOfPage\":{\"@id\":\"https:\/\/talkpal.ai\/tr\/norvecce-dilbilgisi\/#primaryimage\"},\"image\":{\"@id\":\"https:\/\/talkpal.ai\/tr\/norvecce-dilbilgisi\/#primaryimage\"},\"thumbnailUrl\":\"https:\/\/talkpal.ai\/wp-content\/uploads\/2023\/05\/norway.png\",\"datePublished\":\"2023-05-14T14:13:06+00:00\",\"dateModified\":\"2025-12-17T17:01:27+00:00\",\"description\":\"Norve\u00e7\u00e7e dilbilgisinin inceliklerini ke\u015ffedin ve dil becerilerinizi bir \u00fcst seviyeye ta\u015f\u0131y\u0131n.\",\"breadcrumb\":{\"@id\":\"https:\/\/talkpal.ai\/tr\/norvecce-dilbilgisi\/#breadcrumb\"},\"inLanguage\":\"tr\",\"potentialAction\":[{\"@type\":\"ReadAction\",\"target\":[\"https:\/\/talkpal.ai\/tr\/norvecce-dilbilgisi\/\"]}]},{\"@type\":\"ImageObject\",\"inLanguage\":\"tr\",\"@id\":\"https:\/\/talkpal.ai\/tr\/norvecce-dilbilgisi\/#primaryimage\",\"url\":\"https:\/\/talkpal.ai\/wp-content\/uploads\/2023\/05\/norway.png\",\"contentUrl\":\"https:\/\/talkpal.ai\/wp-content\/uploads\/2023\/05\/norway.png\",\"width\":512,\"height\":512},{\"@type\":\"BreadcrumbList\",\"@id\":\"https:\/\/talkpal.ai\/tr\/norvecce-dilbilgisi\/#breadcrumb\",\"itemListElement\":[{\"@type\":\"ListItem\",\"position\":1,\"name\":\"Homepage\",\"item\":\"https:\/\/talkpal.ai\/tr\/\"},{\"@type\":\"ListItem\",\"position\":2,\"name\":\"Norve\u00e7\u00e7e Dilbilgisi\"}]},{\"@type\":\"WebSite\",\"@id\":\"https:\/\/talkpal.ai\/tr\/#website\",\"url\":\"https:\/\/talkpal.ai\/tr\/\",\"name\":\"Talkpal\",\"description\":\"AI Language Learning\",\"publisher\":{\"@id\":\"https:\/\/talkpal.ai\/tr\/#organization\"},\"alternateName\":\"Talkpal AI\",\"potentialAction\":[{\"@type\":\"SearchAction\",\"target\":{\"@type\":\"EntryPoint\",\"urlTemplate\":\"https:\/\/talkpal.ai\/tr\/?s={search_term_string}\"},\"query-input\":{\"@type\":\"PropertyValueSpecification\",\"valueRequired\":true,\"valueName\":\"search_term_string\"}}],\"inLanguage\":\"tr\"},{\"@type\":\"Organization\",\"@id\":\"https:\/\/talkpal.ai\/tr\/#organization\",\"name\":\"Talkpal, Inc.\",\"alternateName\":\"Talkpal AI\",\"url\":\"https:\/\/talkpal.ai\/tr\/\",\"logo\":{\"@type\":\"ImageObject\",\"inLanguage\":\"tr\",\"@id\":\"https:\/\/talkpal.ai\/tr\/#\/schema\/logo\/image\/\",\"url\":\"https:\/\/talkpal.ai\/wp-content\/uploads\/2024\/03\/Talkpal-Logo-Icon.png\",\"contentUrl\":\"https:\/\/talkpal.ai\/wp-content\/uploads\/2024\/03\/Talkpal-Logo-Icon.png\",\"width\":2880,\"height\":2880,\"caption\":\"Talkpal, Inc.\"},\"image\":{\"@id\":\"https:\/\/talkpal.ai\/tr\/#\/schema\/logo\/image\/\"},\"sameAs\":[\"https:\/\/www.facebook.com\/profile.php?id=100090733639311\",\"https:\/\/x.com\/talkpalai\",\"https:\/\/www.linkedin.com\/company\/talkpal\/\",\"https:\/\/www.youtube.com\/@TalkPal\/\",\"https:\/\/www.tiktok.com\/@talkpal\",\"https:\/\/www.instagram.com\/talkpal_ai\/\",\"https:\/\/www.crunchbase.com\/organization\/talkpal-9cde\",\"https:\/\/www.g2.com\/products\/talkpal-for-business\/\",\"https:\/\/www.trustpilot.com\/review\/talkpal.ai\",\"https:\/\/www.capterra.com\/p\/10006800\/TalkPal\/\"],\"description\":\"Talkpal is a language learning web and mobile education app, powered by the latest AI technologies, that provides engaging experiences to its customers in many different languages to help them improve their language skills. Users can chat about unlimited amount of topics with the app and use other modes to practice their language learning.\",\"email\":\"support@talkpal.ai\",\"legalName\":\"Talkpal, Inc.\",\"foundingDate\":\"2023-04-03\",\"duns\":\"118989042\",\"numberOfEmployees\":{\"@type\":\"QuantitativeValue\",\"minValue\":\"11\",\"maxValue\":\"50\"},\"publishingPrinciples\":\"https:\/\/talkpal.ai\/publishing-principles\/\",\"actionableFeedbackPolicy\":\"https:\/\/talkpal.ai\/actionable-feedback-policy\/\",\"correctionsPolicy\":\"https:\/\/talkpal.ai\/corrections-policy\/\",\"ethicsPolicy\":\"https:\/\/talkpal.ai\/ethics-policy\/\",\"diversityPolicy\":\"https:\/\/talkpal.ai\/diversity-policy\/\",\"diversityStaffingReport\":\"https:\/\/talkpal.ai\/diversity-policy\/\"}]}<\/script>\n<!-- \/ Yoast SEO Premium plugin. -->","yoast_head_json":{"title":"Norve\u00e7\u00e7e Dilbilgisi - Talkpal","description":"Norve\u00e7\u00e7e dilbilgisinin inceliklerini ke\u015ffedin ve dil becerilerinizi bir \u00fcst seviyeye ta\u015f\u0131y\u0131n.","robots":{"index":"index","follow":"follow","max-snippet":"max-snippet:-1","max-image-preview":"max-image-preview:large","max-video-preview":"max-video-preview:-1"},"canonical":"https:\/\/talkpal.ai\/tr\/norvecce-dilbilgisi\/","og_locale":"tr_TR","og_type":"article","og_title":"Norve\u00e7\u00e7e Dilbilgisi","og_description":"Norve\u00e7\u00e7e Dilbilgisine Dal\u0131n: Kapsaml\u0131 Bir K\u0131lavuz B\u00fcy\u00fcleyici ve etkileyici bir dil olan Norve\u00e7\u00e7e, dil \u00f6\u011frenenlere Norve\u00e7'in zengin k\u00fclt\u00fcrel ve tarihi","og_url":"https:\/\/talkpal.ai\/tr\/norvecce-dilbilgisi\/","og_site_name":"Talkpal","article_publisher":"https:\/\/www.facebook.com\/profile.php?id=100090733639311","article_modified_time":"2025-12-17T17:01:27+00:00","og_image":[{"width":512,"height":512,"url":"https:\/\/talkpal.ai\/wp-content\/uploads\/2023\/05\/norway.png","type":"image\/png"}],"twitter_card":"summary_large_image","twitter_site":"@talkpalai","twitter_misc":{"Tahmini okuma s\u00fcresi":"3 dakika"},"schema":{"@context":"https:\/\/schema.org","@graph":[{"@type":"WebPage","@id":"https:\/\/talkpal.ai\/tr\/norvecce-dilbilgisi\/","url":"https:\/\/talkpal.ai\/tr\/norvecce-dilbilgisi\/","name":"Norve\u00e7\u00e7e Dilbilgisi - Talkpal","isPartOf":{"@id":"https:\/\/talkpal.ai\/tr\/#website"},"primaryImageOfPage":{"@id":"https:\/\/talkpal.ai\/tr\/norvecce-dilbilgisi\/#primaryimage"},"image":{"@id":"https:\/\/talkpal.ai\/tr\/norvecce-dilbilgisi\/#primaryimage"},"thumbnailUrl":"https:\/\/talkpal.ai\/wp-content\/uploads\/2023\/05\/norway.png","datePublished":"2023-05-14T14:13:06+00:00","dateModified":"2025-12-17T17:01:27+00:00","description":"Norve\u00e7\u00e7e dilbilgisinin inceliklerini ke\u015ffedin ve dil becerilerinizi bir \u00fcst seviyeye ta\u015f\u0131y\u0131n.","breadcrumb":{"@id":"https:\/\/talkpal.ai\/tr\/norvecce-dilbilgisi\/#breadcrumb"},"inLanguage":"tr","potentialAction":[{"@type":"ReadAction","target":["https:\/\/talkpal.ai\/tr\/norvecce-dilbilgisi\/"]}]},{"@type":"ImageObject","inLanguage":"tr","@id":"https:\/\/talkpal.ai\/tr\/norvecce-dilbilgisi\/#primaryimage","url":"https:\/\/talkpal.ai\/wp-content\/uploads\/2023\/05\/norway.png","contentUrl":"https:\/\/talkpal.ai\/wp-content\/uploads\/2023\/05\/norway.png","width":512,"height":512},{"@type":"BreadcrumbList","@id":"https:\/\/talkpal.ai\/tr\/norvecce-dilbilgisi\/#breadcrumb","itemListElement":[{"@type":"ListItem","position":1,"name":"Homepage","item":"https:\/\/talkpal.ai\/tr\/"},{"@type":"ListItem","position":2,"name":"Norve\u00e7\u00e7e Dilbilgisi"}]},{"@type":"WebSite","@id":"https:\/\/talkpal.ai\/tr\/#website","url":"https:\/\/talkpal.ai\/tr\/","name":"Talkpal","description":"AI Language Learning","publisher":{"@id":"https:\/\/talkpal.ai\/tr\/#organization"},"alternateName":"Talkpal AI","potentialAction":[{"@type":"SearchAction","target":{"@type":"EntryPoint","urlTemplate":"https:\/\/talkpal.ai\/tr\/?s={search_term_string}"},"query-input":{"@type":"PropertyValueSpecification","valueRequired":true,"valueName":"search_term_string"}}],"inLanguage":"tr"},{"@type":"Organization","@id":"https:\/\/talkpal.ai\/tr\/#organization","name":"Talkpal, Inc.","alternateName":"Talkpal AI","url":"https:\/\/talkpal.ai\/tr\/","logo":{"@type":"ImageObject","inLanguage":"tr","@id":"https:\/\/talkpal.ai\/tr\/#\/schema\/logo\/image\/","url":"https:\/\/talkpal.ai\/wp-content\/uploads\/2024\/03\/Talkpal-Logo-Icon.png","contentUrl":"https:\/\/talkpal.ai\/wp-content\/uploads\/2024\/03\/Talkpal-Logo-Icon.png","width":2880,"height":2880,"caption":"Talkpal, Inc."},"image":{"@id":"https:\/\/talkpal.ai\/tr\/#\/schema\/logo\/image\/"},"sameAs":["https:\/\/www.facebook.com\/profile.php?id=100090733639311","https:\/\/x.com\/talkpalai","https:\/\/www.linkedin.com\/company\/talkpal\/","https:\/\/www.youtube.com\/@TalkPal\/","https:\/\/www.tiktok.com\/@talkpal","https:\/\/www.instagram.com\/talkpal_ai\/","https:\/\/www.crunchbase.com\/organization\/talkpal-9cde","https:\/\/www.g2.com\/products\/talkpal-for-business\/","https:\/\/www.trustpilot.com\/review\/talkpal.ai","https:\/\/www.capterra.com\/p\/10006800\/TalkPal\/"],"description":"Talkpal is a language learning web and mobile education app, powered by the latest AI technologies, that provides engaging experiences to its customers in many different languages to help them improve their language skills. Users can chat about unlimited amount of topics with the app and use other modes to practice their language learning.","email":"support@talkpal.ai","legalName":"Talkpal, Inc.","foundingDate":"2023-04-03","duns":"118989042","numberOfEmployees":{"@type":"QuantitativeValue","minValue":"11","maxValue":"50"},"publishingPrinciples":"https:\/\/talkpal.ai\/publishing-principles\/","actionableFeedbackPolicy":"https:\/\/talkpal.ai\/actionable-feedback-policy\/","correctionsPolicy":"https:\/\/talkpal.ai\/corrections-policy\/","ethicsPolicy":"https:\/\/talkpal.ai\/ethics-policy\/","diversityPolicy":"https:\/\/talkpal.ai\/diversity-policy\/","diversityStaffingReport":"https:\/\/talkpal.ai\/diversity-policy\/"}]}},"_links":{"self":[{"href":"https:\/\/talkpal.ai\/tr\/wp-json\/wp\/v2\/pages\/148342","targetHints":{"allow":["GET"]}}],"collection":[{"href":"https:\/\/talkpal.ai\/tr\/wp-json\/wp\/v2\/pages"}],"about":[{"href":"https:\/\/talkpal.ai\/tr\/wp-json\/wp\/v2\/types\/page"}],"author":[{"embeddable":true,"href":"https:\/\/talkpal.ai\/tr\/wp-json\/wp\/v2\/users\/1"}],"replies":[{"embeddable":true,"href":"https:\/\/talkpal.ai\/tr\/wp-json\/wp\/v2\/comments?post=148342"}],"version-history":[{"count":0,"href":"https:\/\/talkpal.ai\/tr\/wp-json\/wp\/v2\/pages\/148342\/revisions"}],"wp:featuredmedia":[{"embeddable":true,"href":"https:\/\/talkpal.ai\/tr\/wp-json\/wp\/v2\/media\/117003"}],"wp:attachment":[{"href":"https:\/\/talkpal.ai\/tr\/wp-json\/wp\/v2\/media?parent=148342"}],"curies":[{"name":"wp","href":"https:\/\/api.w.org\/{rel}","templated":true}]}}