{"id":1481669,"date":"2025-11-27T16:58:10","date_gmt":"2025-11-27T16:58:10","guid":{"rendered":"https:\/\/talkpal.ai\/talkpal-sevgililer-gunu-indirimi\/"},"modified":"2026-01-22T14:49:14","modified_gmt":"2026-01-22T14:49:14","slug":"talkpal-sevgililer-gunu-indirimi","status":"publish","type":"page","link":"https:\/\/talkpal.ai\/tr\/talkpal-sevgililer-gunu-indirimi\/","title":{"rendered":"Talkpal Sevgililer G\u00fcn\u00fc \u0130ndirimi"},"content":{"rendered":"<section class=\"languageChallengeSection\">\r\n    <div class=\"languageInfoWrapper\">\r\n        \r\n        <h1>Talkpal Sevgililer G\u00fcn\u00fc \u0130ndirimi<\/h1>\r\n        <p>Dil becerilerinizi g\u00fc\u00e7lendirmeye haz\u0131r m\u0131s\u0131n\u0131z? Bu Sevgililer G\u00fcn\u00fc&#039;nde Talkpal, daha h\u0131zl\u0131 ve ak\u0131ll\u0131 \u00f6\u011frenmenizi sa\u011flamak i\u00e7in \u00f6zel %79 indirim sunuyor. T\u00fcm premium \u00f6zellikleri a\u00e7\u0131n, yapay zeka ile ger\u00e7ek sohbetler yap\u0131n ve ak\u0131c\u0131l\u0131\u011f\u0131 yar\u0131 maliyetle geli\u015ftirin.<\/p>\r\n\r\n                    <a class=\"getStartedHidden\" href=\"https:\/\/app.talkpal.ai\/signup?discount=50\">\r\n                \u0130ndirim al\u0131n            <\/a>\r\n            <\/div>\r\n\r\n            <figure>\r\n            <img decoding=\"async\" class=\"no-lazy\" src=\"https:\/\/talkpal.ai\/wp-content\/uploads\/2026\/01\/group-with-phone-in-circle.webp\" alt=\"\" fetchpriority=\"high\" \/>\r\n        <\/figure>\r\n        \r\n                    <a class=\"getStartedVisible\" href=\"https:\/\/app.talkpal.ai\/signup?discount=50\">\r\n                \u0130ndirim al\u0131n            <\/a>\r\n        <\/section><section class=\"featureSection\">\r\n    <div class=\"featureIntroduce\">\r\n        <a class=\"introduceLink\" href=\"https:\/\/app.talkpal.ai\/tr\/signup?lng=\">\r\n            <img decoding=\"async\" src=\"https:\/\/talkpal.ai\/wp-content\/themes\/talkpal\/assets\/img\/Sparkle.svg\" alt=\"\" \/>En geli\u015fmi\u015f\n  AI<\/a>\r\n        <h3 class=\"featureTitle\">Talkpal fark\u0131<\/h3>\r\n    <\/div>\r\n            <div class=\"introduceWrapper\">\r\n                            <a class=\"introducCard\" href=\"https:\/\/app.talkpal.ai\/tr\/signup?lng=\">\r\n\r\n                    \r\n                                                <img decoding=\"async\" src=\"https:\/\/talkpal.ai\/wp-content\/uploads\/2025\/05\/Immersive_conversations.png\" alt=\"Immersive Conversation Screenshot\" \/>\r\n                        <h4 class=\"introduceTitle\">Ki\u015fiselle\u015ftirilmi\u015f E\u011fitim<\/h4>\r\n                        <p class=\"cardText\">Her \u00f6\u011frenenin yolu farkl\u0131d\u0131r; seyahat, i\u015f ve yo\u011fun programlar da bu arada. Talkpal, geli\u015fmi\u015f yapay zekay\u0131 kullanarak milyonlarca \u00e7al\u0131\u015fma deseninden \u00f6\u011frenir ve size \u00f6zel ki\u015fiselle\u015ftirilmi\u015f, verimli ve ilgi \u00e7ekici deneyimler yarat\u0131r.<\/p>\r\n                    \r\n                <\/a>\r\n                            <a class=\"introducCard\" href=\"https:\/\/app.talkpal.ai\/tr\/signup?lng=\">\r\n\r\n                    \r\n                                                <img decoding=\"async\" src=\"https:\/\/talkpal.ai\/wp-content\/uploads\/2025\/05\/Realtime_feedback.png\" alt=\"Feedback Screenshot\" \/>\r\n                        <h4 class=\"introduceTitle\">Son Teknoloji<\/h4>\r\n                        <p class=\"cardText\">Misyonumuz, ileri teknoloji yapay zekay\u0131 kan\u0131tlanm\u0131\u015f \u00f6\u011fretim y\u00f6ntemleriyle birle\u015ftirerek ki\u015fiselle\u015ftirilmi\u015f dil \u00f6\u011frenimini herkese eri\u015filebilir k\u0131lmakt\u0131r. Bu Sevgililer G\u00fcn\u00fc&#039;nde, her zamankinden daha eri\u015filebilir. Talkpal ile, hayat\u0131n sizi nereye g\u00f6t\u00fcr\u00fcrse g\u00f6t\u00fcrs\u00fcn, h\u0131z\u0131n\u0131za, ya\u015fam tarz\u0131n\u0131za ve hedeflerinize uyarlanan ki\u015fiye \u00f6zel bir yolculuk elde edersiniz.<\/p>\r\n                    \r\n                <\/a>\r\n                            <a class=\"introducCard\" href=\"https:\/\/app.talkpal.ai\/tr\/signup?lng=\">\r\n\r\n                    \r\n                                                <img decoding=\"async\" src=\"https:\/\/talkpal.ai\/wp-content\/uploads\/2025\/05\/Personalization.png\" alt=\"Personalization Screenshot\" \/>\r\n                        <h4 class=\"introduceTitle\">\u00d6\u011frenmeyi E\u011flenceli Hale Getirmek<\/h4>\r\n                        <p class=\"cardText\">Dil \u00f6\u011freniminin keyifli ve motive edici olmas\u0131 gerekti\u011fine inan\u0131yoruz. Bu y\u00fczden Talkpal sizi me\u015fgul ve ilham veriyor, bu y\u00fczden ders \u00e7al\u0131\u015fmak gibi de\u011fil, daha \u00e7ok bir macera gibi hissettiriyor. D\u00fcnya \u00e7ap\u0131nda binlerce \u00f6\u011frenciye kat\u0131l\u0131n ve Sevgililer G\u00fcn\u00fc teklifimizden faydalanarak bir sonraki dilinizi ustala\u015fmaya ba\u015flay\u0131n.<\/p>\r\n                    \r\n                <\/a>\r\n                            <\/div>\r\n                     <a class=\"featureSectionLink\" href=\"https:\/\/app.talkpal.ai\/signup?discount=50\">\r\n                \u0130ndirim al\u0131n            <\/a>\r\n                \r\n<\/section>\r\n\r\n\r\n<section class=\"smartFunSection\">\r\n            \r\n            <div class=\"smartFunCard\">\r\n                <div class=\"smartFunWrapper\"><img decoding=\"async\" src=\"https:\/\/talkpal.ai\/wp-content\/uploads\/2025\/05\/1.png\" alt=\"Learning Stats Screenshot\"><\/div>\r\n                <h3>Size \u00f6zel<\/h3>\r\n                <p>Talkpal, seviyenize ve h\u0131z\u0131n\u0131za uygun ki\u015fiselle\u015ftirilmi\u015f oturumlar sunmak i\u00e7in yapay zeka odakl\u0131 teknoloji kullan\u0131yor. Her ders ihtiya\u00e7lar\u0131n\u0131z\u0131 kar\u015f\u0131lar ve ister yurt i\u00e7inde ister yurt d\u0131\u015f\u0131nda olsan\u0131z da istikrarl\u0131 ilerleme kaydetmenize yard\u0131mc\u0131 olur.<\/p>\r\n            <\/div>\r\n\r\n        \r\n            <div class=\"smartFunCard\">\r\n                <div class=\"smartFunWrapper\"><img decoding=\"async\" src=\"https:\/\/talkpal.ai\/wp-content\/uploads\/2025\/05\/2.png\" alt=\"Pronunciation Score Screenshot\"><\/div>\r\n                <h3>Etkili ve Verimli<\/h3>\r\n                <p>Talkpal ile okuma, dinleme ve konu\u015fma becerilerinizi verimli bir \u015fekilde g\u00fc\u00e7lendirin. Yenilik\u00e7i ara\u00e7lar\u0131m\u0131z, her t\u00fcrl\u00fc programa sahip olan \u00f6\u011frenciler i\u00e7in dil e\u011fitimini hem etkili hem de keyifli hale getirir.<\/p>\r\n            <\/div>\r\n\r\n        \r\n            <div class=\"smartFunCard\">\r\n                <div class=\"smartFunWrapper\"><img decoding=\"async\" src=\"https:\/\/talkpal.ai\/wp-content\/uploads\/2025\/05\/3.png\" alt=\"Chat Topics Screenshot\"><\/div>\r\n                <h3>Ba\u011fl\u0131l\u0131\u011f\u0131n\u0131z\u0131 Koruyun<\/h3>\r\n                <p>Platform, oyunla\u015ft\u0131r\u0131lm\u0131\u015f unsurlar\u0131, ilgi \u00e7ekici zorluklar\u0131 ve d\u00fc\u015f\u00fcnd\u00fcr\u00fcc\u00fc uyar\u0131lar\u0131 harmanlayarak sizi motive ve tutarl\u0131 kal\u0131yor. Talkpal ile dil \u00f6\u011frenme e\u011flenceli bir g\u00fcnl\u00fck al\u0131\u015fkanl\u0131k haline geliyor, ba\u015fka bir zorunluluk de\u011fil.<\/p>\r\n            <\/div>\r\n\r\n        \r\n            <div class=\"smartFunCard\">\r\n                <div class=\"smartFunWrapper\"><img decoding=\"async\" src=\"https:\/\/talkpal.ai\/wp-content\/uploads\/2025\/05\/4.png\" alt=\"Dashboard Screenshot\"><\/div>\r\n                <h3>\u00d6\u011frenmenin tad\u0131n\u0131 \u00e7\u0131kar\u0131n<\/h3>\r\n                <p>Yeni bir dili ustal\u0131kla \u00f6\u011frenmek s\u0131k\u0131c\u0131 olmak zorunda de\u011fil. Talkpal, \u00f6\u011frenmeyi g\u00fcn\u00fcn\u00fcz\u00fcn keyifli bir par\u00e7as\u0131 haline getirmek i\u00e7in etkile\u015fimli egzersizler, canl\u0131 karakterler ve ne\u015feli yapay zeka sohbetleri sunuyor. Sevgililer G\u00fcn\u00fc %79 indirimini sabitleyin ve bug\u00fcn ba\u015flay\u0131n.<\/p>\r\n            <\/div>\r\n\r\n            \r\n<\/section>\r\n\r\n<section class=\"promotionalBanner\">\r\n    <p class=\"promotionalText\">Talkpal Sevgililer G\u00fcn\u00fc \u0130ndirimi &#8211; \u0130ndirimli fiyatla \u00f6\u011frenmeye ba\u015flay\u0131n<\/p>\r\n                <a class=\"promotionalLink\" href=\"https:\/\/app.talkpal.ai\/signup?discount=50\">\r\n                \u0130ndirim al\u0131n            <\/a>\r\n            \r\n<\/section>","protected":false},"excerpt":{"rendered":"","protected":false},"author":20,"featured_media":0,"parent":0,"menu_order":0,"comment_status":"closed","ping_status":"closed","template":"LearningContentPage.php","meta":{"_acf_changed":false,"footnotes":""},"class_list":["post-1481669","page","type-page","status-publish","hentry"],"acf":[],"yoast_head":"<!-- This site is optimized with the Yoast SEO Premium plugin v27.2 (Yoast SEO v27.2) - https:\/\/yoast.com\/product\/yoast-seo-premium-wordpress\/ -->\n<title>Talkpal Sevgililer G\u00fcn\u00fc \u0130ndirimi - Talkpal<\/title>\n<meta name=\"description\" content=\"Talkpal Premium&#039;da Sevgililer G\u00fcn\u00fc indiriminizi talep edin ve yapay zeka ile yeni bir dil \u00f6\u011frenmeye ba\u015flay\u0131n.\" \/>\n<meta name=\"robots\" content=\"index, follow, max-snippet:-1, max-image-preview:large, max-video-preview:-1\" \/>\n<link rel=\"canonical\" href=\"https:\/\/talkpal.ai\/tr\/talkpal-sevgililer-gunu-indirimi\/\" \/>\n<meta property=\"og:locale\" content=\"tr_TR\" \/>\n<meta property=\"og:type\" content=\"article\" \/>\n<meta property=\"og:title\" content=\"Talkpal Sevgililer G\u00fcn\u00fc \u0130ndirimi\" \/>\n<meta property=\"og:url\" content=\"https:\/\/talkpal.ai\/tr\/talkpal-sevgililer-gunu-indirimi\/\" \/>\n<meta property=\"og:site_name\" content=\"Talkpal\" \/>\n<meta property=\"article:publisher\" content=\"https:\/\/www.facebook.com\/profile.php?id=100090733639311\" \/>\n<meta property=\"article:modified_time\" content=\"2026-01-22T14:49:14+00:00\" \/>\n<meta property=\"og:image\" content=\"https:\/\/talkpal.ai\/wp-content\/uploads\/2025\/02\/Progress-tab-16_9.png\" \/>\n\t<meta property=\"og:image:width\" content=\"2880\" \/>\n\t<meta property=\"og:image:height\" content=\"1620\" \/>\n\t<meta property=\"og:image:type\" content=\"image\/png\" \/>\n<meta name=\"twitter:card\" content=\"summary_large_image\" \/>\n<meta name=\"twitter:site\" content=\"@talkpalai\" \/>\n<script type=\"application\/ld+json\" class=\"yoast-schema-graph\">{\"@context\":\"https:\/\/schema.org\",\"@graph\":[{\"@type\":\"WebPage\",\"@id\":\"https:\/\/talkpal.ai\/tr\/talkpal-sevgililer-gunu-indirimi\/\",\"url\":\"https:\/\/talkpal.ai\/tr\/talkpal-sevgililer-gunu-indirimi\/\",\"name\":\"Talkpal Sevgililer G\u00fcn\u00fc \u0130ndirimi - Talkpal\",\"isPartOf\":{\"@id\":\"https:\/\/talkpal.ai\/tr\/#website\"},\"datePublished\":\"2025-11-27T16:58:10+00:00\",\"dateModified\":\"2026-01-22T14:49:14+00:00\",\"description\":\"Talkpal Premium'da Sevgililer G\u00fcn\u00fc indiriminizi talep edin ve yapay zeka ile yeni bir dil \u00f6\u011frenmeye ba\u015flay\u0131n.\",\"breadcrumb\":{\"@id\":\"https:\/\/talkpal.ai\/tr\/talkpal-sevgililer-gunu-indirimi\/#breadcrumb\"},\"inLanguage\":\"tr\",\"potentialAction\":[{\"@type\":\"ReadAction\",\"target\":[\"https:\/\/talkpal.ai\/tr\/talkpal-sevgililer-gunu-indirimi\/\"]}]},{\"@type\":\"BreadcrumbList\",\"@id\":\"https:\/\/talkpal.ai\/tr\/talkpal-sevgililer-gunu-indirimi\/#breadcrumb\",\"itemListElement\":[{\"@type\":\"ListItem\",\"position\":1,\"name\":\"Homepage\",\"item\":\"https:\/\/talkpal.ai\/tr\/\"},{\"@type\":\"ListItem\",\"position\":2,\"name\":\"Talkpal Sevgililer G\u00fcn\u00fc \u0130ndirimi\"}]},{\"@type\":\"WebSite\",\"@id\":\"https:\/\/talkpal.ai\/tr\/#website\",\"url\":\"https:\/\/talkpal.ai\/tr\/\",\"name\":\"Talkpal\",\"description\":\"AI Language Learning\",\"publisher\":{\"@id\":\"https:\/\/talkpal.ai\/tr\/#organization\"},\"alternateName\":\"Talkpal AI\",\"potentialAction\":[{\"@type\":\"SearchAction\",\"target\":{\"@type\":\"EntryPoint\",\"urlTemplate\":\"https:\/\/talkpal.ai\/tr\/?s={search_term_string}\"},\"query-input\":{\"@type\":\"PropertyValueSpecification\",\"valueRequired\":true,\"valueName\":\"search_term_string\"}}],\"inLanguage\":\"tr\"},{\"@type\":\"Organization\",\"@id\":\"https:\/\/talkpal.ai\/tr\/#organization\",\"name\":\"Talkpal, Inc.\",\"alternateName\":\"Talkpal AI\",\"url\":\"https:\/\/talkpal.ai\/tr\/\",\"logo\":{\"@type\":\"ImageObject\",\"inLanguage\":\"tr\",\"@id\":\"https:\/\/talkpal.ai\/tr\/#\/schema\/logo\/image\/\",\"url\":\"https:\/\/talkpal.ai\/wp-content\/uploads\/2024\/03\/Talkpal-Logo-Icon.png\",\"contentUrl\":\"https:\/\/talkpal.ai\/wp-content\/uploads\/2024\/03\/Talkpal-Logo-Icon.png\",\"width\":2880,\"height\":2880,\"caption\":\"Talkpal, Inc.\"},\"image\":{\"@id\":\"https:\/\/talkpal.ai\/tr\/#\/schema\/logo\/image\/\"},\"sameAs\":[\"https:\/\/www.facebook.com\/profile.php?id=100090733639311\",\"https:\/\/x.com\/talkpalai\",\"https:\/\/www.linkedin.com\/company\/talkpal\/\",\"https:\/\/www.youtube.com\/@TalkPal\/\",\"https:\/\/www.tiktok.com\/@talkpal\",\"https:\/\/www.instagram.com\/talkpal_ai\/\",\"https:\/\/www.crunchbase.com\/organization\/talkpal-9cde\",\"https:\/\/www.g2.com\/products\/talkpal-for-business\/\",\"https:\/\/www.trustpilot.com\/review\/talkpal.ai\",\"https:\/\/www.capterra.com\/p\/10006800\/TalkPal\/\"],\"description\":\"Talkpal is a language learning web and mobile education app, powered by the latest AI technologies, that provides engaging experiences to its customers in many different languages to help them improve their language skills. Users can chat about unlimited amount of topics with the app and use other modes to practice their language learning.\",\"email\":\"support@talkpal.ai\",\"legalName\":\"Talkpal, Inc.\",\"foundingDate\":\"2023-04-03\",\"duns\":\"118989042\",\"numberOfEmployees\":{\"@type\":\"QuantitativeValue\",\"minValue\":\"11\",\"maxValue\":\"50\"},\"publishingPrinciples\":\"https:\/\/talkpal.ai\/publishing-principles\/\",\"actionableFeedbackPolicy\":\"https:\/\/talkpal.ai\/actionable-feedback-policy\/\",\"correctionsPolicy\":\"https:\/\/talkpal.ai\/corrections-policy\/\",\"ethicsPolicy\":\"https:\/\/talkpal.ai\/ethics-policy\/\",\"diversityPolicy\":\"https:\/\/talkpal.ai\/diversity-policy\/\",\"diversityStaffingReport\":\"https:\/\/talkpal.ai\/diversity-policy\/\"}]}<\/script>\n<!-- \/ Yoast SEO Premium plugin. -->","yoast_head_json":{"title":"Talkpal Sevgililer G\u00fcn\u00fc \u0130ndirimi - Talkpal","description":"Talkpal Premium'da Sevgililer G\u00fcn\u00fc indiriminizi talep edin ve yapay zeka ile yeni bir dil \u00f6\u011frenmeye ba\u015flay\u0131n.","robots":{"index":"index","follow":"follow","max-snippet":"max-snippet:-1","max-image-preview":"max-image-preview:large","max-video-preview":"max-video-preview:-1"},"canonical":"https:\/\/talkpal.ai\/tr\/talkpal-sevgililer-gunu-indirimi\/","og_locale":"tr_TR","og_type":"article","og_title":"Talkpal Sevgililer G\u00fcn\u00fc \u0130ndirimi","og_url":"https:\/\/talkpal.ai\/tr\/talkpal-sevgililer-gunu-indirimi\/","og_site_name":"Talkpal","article_publisher":"https:\/\/www.facebook.com\/profile.php?id=100090733639311","article_modified_time":"2026-01-22T14:49:14+00:00","og_image":[{"width":2880,"height":1620,"url":"https:\/\/talkpal.ai\/wp-content\/uploads\/2025\/02\/Progress-tab-16_9.png","type":"image\/png"}],"twitter_card":"summary_large_image","twitter_site":"@talkpalai","schema":{"@context":"https:\/\/schema.org","@graph":[{"@type":"WebPage","@id":"https:\/\/talkpal.ai\/tr\/talkpal-sevgililer-gunu-indirimi\/","url":"https:\/\/talkpal.ai\/tr\/talkpal-sevgililer-gunu-indirimi\/","name":"Talkpal Sevgililer G\u00fcn\u00fc \u0130ndirimi - Talkpal","isPartOf":{"@id":"https:\/\/talkpal.ai\/tr\/#website"},"datePublished":"2025-11-27T16:58:10+00:00","dateModified":"2026-01-22T14:49:14+00:00","description":"Talkpal Premium'da Sevgililer G\u00fcn\u00fc indiriminizi talep edin ve yapay zeka ile yeni bir dil \u00f6\u011frenmeye ba\u015flay\u0131n.","breadcrumb":{"@id":"https:\/\/talkpal.ai\/tr\/talkpal-sevgililer-gunu-indirimi\/#breadcrumb"},"inLanguage":"tr","potentialAction":[{"@type":"ReadAction","target":["https:\/\/talkpal.ai\/tr\/talkpal-sevgililer-gunu-indirimi\/"]}]},{"@type":"BreadcrumbList","@id":"https:\/\/talkpal.ai\/tr\/talkpal-sevgililer-gunu-indirimi\/#breadcrumb","itemListElement":[{"@type":"ListItem","position":1,"name":"Homepage","item":"https:\/\/talkpal.ai\/tr\/"},{"@type":"ListItem","position":2,"name":"Talkpal Sevgililer G\u00fcn\u00fc \u0130ndirimi"}]},{"@type":"WebSite","@id":"https:\/\/talkpal.ai\/tr\/#website","url":"https:\/\/talkpal.ai\/tr\/","name":"Talkpal","description":"AI Language Learning","publisher":{"@id":"https:\/\/talkpal.ai\/tr\/#organization"},"alternateName":"Talkpal AI","potentialAction":[{"@type":"SearchAction","target":{"@type":"EntryPoint","urlTemplate":"https:\/\/talkpal.ai\/tr\/?s={search_term_string}"},"query-input":{"@type":"PropertyValueSpecification","valueRequired":true,"valueName":"search_term_string"}}],"inLanguage":"tr"},{"@type":"Organization","@id":"https:\/\/talkpal.ai\/tr\/#organization","name":"Talkpal, Inc.","alternateName":"Talkpal AI","url":"https:\/\/talkpal.ai\/tr\/","logo":{"@type":"ImageObject","inLanguage":"tr","@id":"https:\/\/talkpal.ai\/tr\/#\/schema\/logo\/image\/","url":"https:\/\/talkpal.ai\/wp-content\/uploads\/2024\/03\/Talkpal-Logo-Icon.png","contentUrl":"https:\/\/talkpal.ai\/wp-content\/uploads\/2024\/03\/Talkpal-Logo-Icon.png","width":2880,"height":2880,"caption":"Talkpal, Inc."},"image":{"@id":"https:\/\/talkpal.ai\/tr\/#\/schema\/logo\/image\/"},"sameAs":["https:\/\/www.facebook.com\/profile.php?id=100090733639311","https:\/\/x.com\/talkpalai","https:\/\/www.linkedin.com\/company\/talkpal\/","https:\/\/www.youtube.com\/@TalkPal\/","https:\/\/www.tiktok.com\/@talkpal","https:\/\/www.instagram.com\/talkpal_ai\/","https:\/\/www.crunchbase.com\/organization\/talkpal-9cde","https:\/\/www.g2.com\/products\/talkpal-for-business\/","https:\/\/www.trustpilot.com\/review\/talkpal.ai","https:\/\/www.capterra.com\/p\/10006800\/TalkPal\/"],"description":"Talkpal is a language learning web and mobile education app, powered by the latest AI technologies, that provides engaging experiences to its customers in many different languages to help them improve their language skills. Users can chat about unlimited amount of topics with the app and use other modes to practice their language learning.","email":"support@talkpal.ai","legalName":"Talkpal, Inc.","foundingDate":"2023-04-03","duns":"118989042","numberOfEmployees":{"@type":"QuantitativeValue","minValue":"11","maxValue":"50"},"publishingPrinciples":"https:\/\/talkpal.ai\/publishing-principles\/","actionableFeedbackPolicy":"https:\/\/talkpal.ai\/actionable-feedback-policy\/","correctionsPolicy":"https:\/\/talkpal.ai\/corrections-policy\/","ethicsPolicy":"https:\/\/talkpal.ai\/ethics-policy\/","diversityPolicy":"https:\/\/talkpal.ai\/diversity-policy\/","diversityStaffingReport":"https:\/\/talkpal.ai\/diversity-policy\/"}]}},"_links":{"self":[{"href":"https:\/\/talkpal.ai\/tr\/wp-json\/wp\/v2\/pages\/1481669","targetHints":{"allow":["GET"]}}],"collection":[{"href":"https:\/\/talkpal.ai\/tr\/wp-json\/wp\/v2\/pages"}],"about":[{"href":"https:\/\/talkpal.ai\/tr\/wp-json\/wp\/v2\/types\/page"}],"author":[{"embeddable":true,"href":"https:\/\/talkpal.ai\/tr\/wp-json\/wp\/v2\/users\/20"}],"replies":[{"embeddable":true,"href":"https:\/\/talkpal.ai\/tr\/wp-json\/wp\/v2\/comments?post=1481669"}],"version-history":[{"count":0,"href":"https:\/\/talkpal.ai\/tr\/wp-json\/wp\/v2\/pages\/1481669\/revisions"}],"wp:attachment":[{"href":"https:\/\/talkpal.ai\/tr\/wp-json\/wp\/v2\/media?parent=1481669"}],"curies":[{"name":"wp","href":"https:\/\/api.w.org\/{rel}","templated":true}]}}