{"id":147992,"date":"2023-05-14T14:12:45","date_gmt":"2023-05-14T14:12:45","guid":{"rendered":"http:\/\/talkpal.ai\/nepalce-dilbilgisi\/"},"modified":"2025-12-17T16:58:23","modified_gmt":"2025-12-17T16:58:23","slug":"nepalce-dilbilgisi","status":"publish","type":"page","link":"https:\/\/talkpal.ai\/tr\/nepalce-dilbilgisi\/","title":{"rendered":"Nepalce Dilbilgisi"},"content":{"rendered":"\r\n\r\n\r\n<section class=\"languageChallengeSection\">\r\n    <div class=\"languageInfoWrapper\">\r\n        \r\n        <h1>Nepalce Dilbilgisi<\/h1>\r\n        <p>Nepalce&#039;yi merak ediyor musunuz? Cinsiyetlendirilmi\u015f isimler, edatlar ve dili hem etkileyici hem de ilgi \u00e7ekici k\u0131lan esnek bir c\u00fcmle yap\u0131s\u0131 i\u00e7eren <a href=\"https:\/\/talkpal.ai\/learn-nepali\/\">Nepalce<\/a> dilbilgisini ke\u015ffedin. Bug\u00fcn \u00f6\u011frenmeye ba\u015flay\u0131n &#8211; Nepalce dilbilgisinde ustala\u015fmak anlaml\u0131 sohbetlerin kilidini a\u00e7acak ve sizi Nepal&#039;in \u00e7e\u015fitli k\u00fclt\u00fcrleri ve gelenekleriyle bulu\u015fturacak!<\/p>\r\n\r\n                            <a class=\"getStartedHidden\" href=\"https:\/\/app.talkpal.ai\/tr\/signup?lng=\">Hadi ba\u015fla<\/a>\r\n        \r\n    <\/div>\r\n\r\n    <figure>\r\n    <img decoding=\"async\" width=\"768\" height=\"768\" src=\"https:\/\/talkpal.ai\/wp-content\/uploads\/2023\/06\/nepali-768x768.png\" class=\"languageImage no-lazy\" alt=\"Practical language learning for real-life application\" fetchpriority=\"high\" sizes=\"(max-width: 768px) 150px, 768px\" srcset=\"https:\/\/talkpal.ai\/wp-content\/uploads\/2023\/06\/nepali-768x768.png 768w, https:\/\/talkpal.ai\/wp-content\/uploads\/2023\/06\/nepali-300x300.png 300w\" \/>\r\n    \r\n\r\n    <\/figure>\r\n\r\n            <a class=\"getStartedVisible\" href=\"https:\/\/app.talkpal.ai\/tr\/signup?lng=\">Hadi ba\u015fla<\/a>\r\n    \r\n<\/section>\r\n<section class=\"promotionalBanner\">\r\n    <p class=\"promotionalText\">Dil \u00f6\u011frenmenin en etkili yolu<\/p>\r\n    <a class=\"promotionalLink\" href=\"https:\/\/app.talkpal.ai\/tr\/signup?lng=\">Talkpal \u00fccretsiz deneyin<\/a>\r\n<\/section>\n<div class=\"wp-block-group pageContainerStyle\"><div class=\"wp-block-group__inner-container is-layout-constrained wp-block-group-is-layout-constrained\">\n<h2 class=\"wp-block-heading\" id=\"h-delving-into-the-richness-of-nepali-grammar-an-insightful-guide\">Nepalce Dilbilgisinin Zenginli\u011fini Ara\u015ft\u0131rmak: Anlay\u0131\u015fl\u0131 Bir K\u0131lavuz<\/h2>\n\n\n\n<p>Nepal ve kom\u015fu b\u00f6lgelerde 25 milyondan fazla insan taraf\u0131ndan konu\u015fulan bir Hint-Aryan dili olan Nepalce, G\u00fcney Asya&#8217;n\u0131n k\u00fclt\u00fcrel zenginli\u011fini ve dil \u00e7e\u015fitlili\u011fini sergileyen keyifli bir dildir. Nepalce&#8217;de etkili bir \u015fekilde ileti\u015fim kurmak ve g\u00fczelli\u011fini ger\u00e7ekten takdir etmek i\u00e7in gramerini anlamak gerekir. Bu yaz\u0131da, Nepalce dilbilgisinin temel y\u00f6nlerine genel bir bak\u0131\u015f sunaca\u011f\u0131z ve bu b\u00fcy\u00fcleyici dilde ustala\u015fman\u0131za yard\u0131mc\u0131 olacak pratik ipu\u00e7lar\u0131 sunaca\u011f\u0131z.<\/p>\n\n\n\n<h3 class=\"wp-block-heading\" id=\"h-key-aspects-of-nepali-grammar\">Nepalce Dilbilgisinin Temel Y\u00f6nleri:<\/h3>\n\n\n\n<p><a href=\"https:\/\/talkpal.ai\/nepali-grammar\/\">Nepalce dilbilgisi<\/a> ba\u015flang\u0131\u00e7ta zor g\u00f6r\u00fcnebilir, ancak zaman ve pratikle bunu anlayabilirsiniz. Kendinizi tan\u0131mak i\u00e7in Nepalce dilbilgisinin baz\u0131 temel bile\u015fenleri \u015funlard\u0131r:<\/p>\n\n\n\n<p><strong>1. \u0130simler:<\/strong> Nepalce isimlerin dilbilgisel cinsiyeti yoktur, bu da her ismin cinsiyetini ezberlemeye gerek olmad\u0131\u011f\u0131 i\u00e7in \u00f6\u011frencilerin i\u015fini kolayla\u015ft\u0131r\u0131r. Bununla birlikte, isimler say\u0131 (tekil ve \u00e7o\u011ful) ve durum (nominatif, genitive, dative vb.) i\u00e7in \u00e7ekilir.<\/p>\n\n\n\n<p><strong>2. Zamirler<\/strong> : Nepalce&#8217;deki \u015fah\u0131s zamirlerinin \u00fc\u00e7 bi\u00e7imi vard\u0131r: \u00f6znel, nesnel ve iyelik. At\u0131fta bulunduklar\u0131 isimle say\u0131 a\u00e7\u0131s\u0131ndan hemfikirdirler, ancak cinsiyet a\u00e7\u0131s\u0131ndan de\u011fil. Formalite d\u00fczeyine (kibar, tan\u0131d\u0131k veya samimi) ba\u011fl\u0131 olarak farkl\u0131 zamirler ve fiil \u00e7ekim bi\u00e7imleri de vard\u0131r.<\/p>\n\n\n\n<p><strong>3. Fiiller:<\/strong> Nepalce fiiller zaman (\u015fimdiki zaman, ge\u00e7mi\u015f ve gelecek), ruh hali (g\u00f6sterge, emir kipi veya dilek kipi) ve y\u00f6n (s\u00fcrekli, m\u00fckemmel veya basit) i\u00e7in \u00e7ekilir. \u00d6znenin resmiyet d\u00fczeyine ba\u011fl\u0131 olarak farkl\u0131 fiil \u00e7ekim kal\u0131plar\u0131 da vard\u0131r.<\/p>\n\n\n\n<p><strong>4. S\u0131fatlar ve zarflar:<\/strong> Nepalce&#8217;deki s\u0131fatlar genellikle de\u011fi\u015ftirdikleri ismi takip eder ve say\u0131 ve durum olarak anla\u015f\u0131rlar. Zarflar ek bilgi sa\u011flamak i\u00e7in kullan\u0131labilir ve genellikle bi\u00e7imlerini de\u011fi\u015ftirmez.<\/p>\n\n\n\n<p><strong>5. C\u00fcmle yap\u0131s\u0131:<\/strong> Tipik Nepalce c\u00fcmle yap\u0131s\u0131 \u00d6zne-Nesne-Fiil (SOV) s\u0131ras\u0131n\u0131 takip eder. Bununla birlikte, kelime s\u0131ras\u0131, vurguya ve ba\u011flama ba\u011fl\u0131 olarak esnek olabilir.<\/p>\n\n\n\n<h3 class=\"wp-block-heading\" id=\"h-tips-for-learning-nepali-grammar\">Nepalce Dilbilgisi \u00d6\u011frenmek \u0130\u00e7in \u0130pu\u00e7lar\u0131:<\/h3>\n\n\n\n<p>Nepalce dilbilgisi \u00f6\u011frenme yolculu\u011funuzu daha sorunsuz hale getirmek i\u00e7in baz\u0131 etkili stratejiler:<\/p>\n\n\n\n<p><strong>1. Temel bilgilerle ba\u015flay\u0131n:<\/strong> \u0130sim durumlar\u0131, zamirler ve fiil \u00e7ekimi gibi Nepalce dilbilgisinin temellerini \u00f6\u011frenmeye odaklan\u0131n. Anlay\u0131\u015f\u0131n\u0131z artt\u0131k\u00e7a, yava\u015f yava\u015f daha karma\u015f\u0131k yap\u0131lar\u0131 ve kurallar\u0131 dahil edin.<\/p>\n\n\n\n<p><strong>2. D\u00fczenli olarak pratik yap\u0131n:<\/strong> Yeni bir dil \u00f6\u011frenirken tutarl\u0131l\u0131k \u00e7ok \u00f6nemlidir. Nepalce dilbilgisi al\u0131\u015ft\u0131rmalar\u0131, okuma ve yazma prati\u011fi yapmak i\u00e7in her g\u00fcn veya haftada belirli zamanlar ay\u0131r\u0131n.<\/p>\n\n\n\n<p><strong>3. Yerel kaynaklar\u0131 kullan\u0131n:<\/strong> Kendinizi edebiyat, haber makaleleri ve podcast&#8217;ler gibi otantik Nepal materyallerine b\u0131rak\u0131n. Bu, yaln\u0131zca Nepalce dilbilgisini ba\u011flam i\u00e7inde anlaman\u0131za yard\u0131mc\u0131 olmakla kalmayacak, ayn\u0131 zamanda genel dil becerilerinizi de geli\u015ftirecektir.<\/p>\n\n\n\n<p>4. Anadili <strong>\u0130ngilizce olan ki\u015filerle ba\u011flant\u0131 kurun: Anadili<\/strong> Nepalce olan ki\u015filerle sohbet etmek, ger\u00e7ek hayattaki durumlarda dilbilgisi prati\u011fi yapman\u0131za ve de\u011ferli geri bildirimler alman\u0131za olanak tan\u0131r. Nepalce konu\u015fan ki\u015filerle ba\u011flant\u0131 kurmak i\u00e7in dil de\u011fi\u015fim gruplar\u0131na veya \u00e7evrimi\u00e7i forumlara kat\u0131lmay\u0131 d\u00fc\u015f\u00fcn\u00fcn.<\/p>\n\n\n\n<p><strong>5. Sab\u0131rl\u0131 ve \u0131srarc\u0131 olun:<\/strong> Yeni bir dil \u00f6\u011frenmenin zaman, azim ve sab\u0131r gerektirdi\u011fini unutmay\u0131n. Zorluklar\u0131 kucaklay\u0131n ve yol boyunca ilerlemenizi kutlay\u0131n.<\/p>\n\n\n\n<h3 class=\"wp-block-heading\" id=\"h-conclusion\">Son:<\/h3>\n\n\n\n<p>Nepalce dilbilgisi, benzersiz \u00f6zellikleri ve Hint-Aryan dil ailesiyle olan ba\u011flant\u0131lar\u0131yla, b\u00fcy\u00fcleyici bir dilsel yolculuk sunuyor. Temel y\u00f6nlerini anlayarak ve pratik ipu\u00e7lar\u0131m\u0131z\u0131 takip ederek, dilsel yeterlili\u011fe giden yolu a\u00e7acak ve Nepal dilini daha derin bir \u015fekilde takdir edeceksiniz. \u00d6yleyse, co\u015fku ve merakla ilerleyin ve Nepal&#8217;in dil hazinelerini kucaklay\u0131n!<\/p>\n<\/div><\/div>\n\r\n<section class=\"learnNavigationSection\">\r\n            \r\n        <a href=\"https:\/\/talkpal.ai\/tr\/nepalce-ogren\/\">\r\n            <div class=\"learnNavigationWrapper\">\r\n                <div class=\"learnNavigationContent\">\r\n                    <img decoding=\"async\" src=\"https:\/\/talkpal.ai\/wp-content\/uploads\/2024\/08\/Nepali.jpg\" alt=\"Nepali Flag\">\r\n                    <div>\r\n                        <h4>Nepalce \u00d6\u011frenme Hakk\u0131nda<\/h4>\r\n                        <p>Nepalce dilbilgisi hakk\u0131nda her \u015feyi \u00f6\u011frenin .<\/p>\r\n                    <\/div>\r\n                <\/div>\r\n            <\/div>\r\n        <\/a>\r\n\r\n        \r\n        <a href=\"https:\/\/talkpal.ai\/tr\/nepalce-dilbilgisi-alistirmalari\/\">\r\n            <div class=\"learnNavigationWrapper\">\r\n                <div class=\"learnNavigationContent\">\r\n                    <img decoding=\"async\" src=\"https:\/\/talkpal.ai\/wp-content\/uploads\/2024\/08\/Nepali.jpg\" alt=\"Nepali Flag\">\r\n                    <div>\r\n                        <h4>Nepalce Dilbilgisi Al\u0131\u015ft\u0131rmas\u0131<\/h4>\r\n                        <p>Nepalce dilbilgisi al\u0131\u015ft\u0131rmas\u0131 yap\u0131n .<\/p>\r\n                    <\/div>\r\n                <\/div>\r\n            <\/div>\r\n        <\/a>\r\n\r\n        \r\n        <a href=\"https:\/\/talkpal.ai\/vocabulary_language\/nepali\/\">\r\n            <div class=\"learnNavigationWrapper\">\r\n                <div class=\"learnNavigationContent\">\r\n                    <img decoding=\"async\" src=\"https:\/\/talkpal.ai\/wp-content\/uploads\/2024\/08\/Nepali.jpg\" alt=\"Nepali Flag\">\r\n                    <div>\r\n                        <h4>Nepalce S\u00f6zc\u00fck Da\u011farc\u0131\u011f\u0131<\/h4>\r\n                        <p>Nepalce kelime da\u011farc\u0131\u011f\u0131n\u0131z\u0131 geni\u015fletin.<\/p>\r\n                    <\/div>\r\n                <\/div>\r\n            <\/div>\r\n        <\/a>\r\n\r\n            <\/section>","protected":false},"excerpt":{"rendered":"<p>Nepalce Dilbilgisinin Zenginli\u011fini Ara\u015ft\u0131rmak: Anlay\u0131\u015fl\u0131 Bir K\u0131lavuz Nepal ve kom\u015fu b\u00f6lgelerde 25 milyondan fazla insan taraf\u0131ndan konu\u015fulan bir Hint-Aryan dili olan Nepalce, G\u00fcney Asya&#8217;n\u0131n k\u00fclt\u00fcrel zenginli\u011fini ve dil \u00e7e\u015fitlili\u011fini sergileyen keyifli bir dildir. Nepalce&#8217;de etkili bir \u015fekilde ileti\u015fim kurmak ve g\u00fczelli\u011fini ger\u00e7ekten takdir etmek i\u00e7in gramerini anlamak gerekir. Bu yaz\u0131da, Nepalce dilbilgisinin temel y\u00f6nlerine genel [&hellip;]<\/p>\n","protected":false},"author":1,"featured_media":116042,"parent":0,"menu_order":0,"comment_status":"closed","ping_status":"closed","template":"LearningContentPage.php","meta":{"_acf_changed":false,"footnotes":""},"class_list":["post-147992","page","type-page","status-publish","has-post-thumbnail","hentry"],"acf":[],"yoast_head":"<!-- This site is optimized with the Yoast SEO Premium plugin v27.2 (Yoast SEO v27.2) - https:\/\/yoast.com\/product\/yoast-seo-premium-wordpress\/ -->\n<title>Nepalce Dilbilgisi - Talkpal<\/title>\n<meta name=\"description\" content=\"Nepalce dilbilgisini ke\u015ffedin ve a\u00e7\u0131k ve \u00f6zl\u00fc a\u00e7\u0131klamalarla dil anlay\u0131\u015f\u0131n\u0131z\u0131 geli\u015ftirin.\" \/>\n<meta name=\"robots\" content=\"index, follow, max-snippet:-1, max-image-preview:large, max-video-preview:-1\" \/>\n<link rel=\"canonical\" href=\"https:\/\/talkpal.ai\/tr\/nepalce-dilbilgisi\/\" \/>\n<meta property=\"og:locale\" content=\"tr_TR\" \/>\n<meta property=\"og:type\" content=\"article\" \/>\n<meta property=\"og:title\" content=\"Nepalce Dilbilgisi\" \/>\n<meta property=\"og:description\" content=\"Nepalce Dilbilgisinin Zenginli\u011fini Ara\u015ft\u0131rmak: Anlay\u0131\u015fl\u0131 Bir K\u0131lavuz Nepal ve kom\u015fu b\u00f6lgelerde 25 milyondan fazla insan taraf\u0131ndan konu\u015fulan bir\" \/>\n<meta property=\"og:url\" content=\"https:\/\/talkpal.ai\/tr\/nepalce-dilbilgisi\/\" \/>\n<meta property=\"og:site_name\" content=\"Talkpal\" \/>\n<meta property=\"article:publisher\" content=\"https:\/\/www.facebook.com\/profile.php?id=100090733639311\" \/>\n<meta property=\"article:modified_time\" content=\"2025-12-17T16:58:23+00:00\" \/>\n<meta property=\"og:image\" content=\"https:\/\/talkpal.ai\/wp-content\/uploads\/2023\/05\/nepal.png\" \/>\n\t<meta property=\"og:image:width\" content=\"512\" \/>\n\t<meta property=\"og:image:height\" content=\"512\" \/>\n\t<meta property=\"og:image:type\" content=\"image\/png\" \/>\n<meta name=\"twitter:card\" content=\"summary_large_image\" \/>\n<meta name=\"twitter:site\" content=\"@talkpalai\" \/>\n<meta name=\"twitter:label1\" content=\"Tahmini okuma s\u00fcresi\" \/>\n\t<meta name=\"twitter:data1\" content=\"3 dakika\" \/>\n<script type=\"application\/ld+json\" class=\"yoast-schema-graph\">{\"@context\":\"https:\/\/schema.org\",\"@graph\":[{\"@type\":\"WebPage\",\"@id\":\"https:\/\/talkpal.ai\/tr\/nepalce-dilbilgisi\/\",\"url\":\"https:\/\/talkpal.ai\/tr\/nepalce-dilbilgisi\/\",\"name\":\"Nepalce Dilbilgisi - Talkpal\",\"isPartOf\":{\"@id\":\"https:\/\/talkpal.ai\/tr\/#website\"},\"primaryImageOfPage\":{\"@id\":\"https:\/\/talkpal.ai\/tr\/nepalce-dilbilgisi\/#primaryimage\"},\"image\":{\"@id\":\"https:\/\/talkpal.ai\/tr\/nepalce-dilbilgisi\/#primaryimage\"},\"thumbnailUrl\":\"https:\/\/talkpal.ai\/wp-content\/uploads\/2023\/05\/nepal.png\",\"datePublished\":\"2023-05-14T14:12:45+00:00\",\"dateModified\":\"2025-12-17T16:58:23+00:00\",\"description\":\"Nepalce dilbilgisini ke\u015ffedin ve a\u00e7\u0131k ve \u00f6zl\u00fc a\u00e7\u0131klamalarla dil anlay\u0131\u015f\u0131n\u0131z\u0131 geli\u015ftirin.\",\"breadcrumb\":{\"@id\":\"https:\/\/talkpal.ai\/tr\/nepalce-dilbilgisi\/#breadcrumb\"},\"inLanguage\":\"tr\",\"potentialAction\":[{\"@type\":\"ReadAction\",\"target\":[\"https:\/\/talkpal.ai\/tr\/nepalce-dilbilgisi\/\"]}]},{\"@type\":\"ImageObject\",\"inLanguage\":\"tr\",\"@id\":\"https:\/\/talkpal.ai\/tr\/nepalce-dilbilgisi\/#primaryimage\",\"url\":\"https:\/\/talkpal.ai\/wp-content\/uploads\/2023\/05\/nepal.png\",\"contentUrl\":\"https:\/\/talkpal.ai\/wp-content\/uploads\/2023\/05\/nepal.png\",\"width\":512,\"height\":512},{\"@type\":\"BreadcrumbList\",\"@id\":\"https:\/\/talkpal.ai\/tr\/nepalce-dilbilgisi\/#breadcrumb\",\"itemListElement\":[{\"@type\":\"ListItem\",\"position\":1,\"name\":\"Homepage\",\"item\":\"https:\/\/talkpal.ai\/tr\/\"},{\"@type\":\"ListItem\",\"position\":2,\"name\":\"Nepalce Dilbilgisi\"}]},{\"@type\":\"WebSite\",\"@id\":\"https:\/\/talkpal.ai\/tr\/#website\",\"url\":\"https:\/\/talkpal.ai\/tr\/\",\"name\":\"Talkpal\",\"description\":\"AI Language Learning\",\"publisher\":{\"@id\":\"https:\/\/talkpal.ai\/tr\/#organization\"},\"alternateName\":\"Talkpal AI\",\"potentialAction\":[{\"@type\":\"SearchAction\",\"target\":{\"@type\":\"EntryPoint\",\"urlTemplate\":\"https:\/\/talkpal.ai\/tr\/?s={search_term_string}\"},\"query-input\":{\"@type\":\"PropertyValueSpecification\",\"valueRequired\":true,\"valueName\":\"search_term_string\"}}],\"inLanguage\":\"tr\"},{\"@type\":\"Organization\",\"@id\":\"https:\/\/talkpal.ai\/tr\/#organization\",\"name\":\"Talkpal, Inc.\",\"alternateName\":\"Talkpal AI\",\"url\":\"https:\/\/talkpal.ai\/tr\/\",\"logo\":{\"@type\":\"ImageObject\",\"inLanguage\":\"tr\",\"@id\":\"https:\/\/talkpal.ai\/tr\/#\/schema\/logo\/image\/\",\"url\":\"https:\/\/talkpal.ai\/wp-content\/uploads\/2024\/03\/Talkpal-Logo-Icon.png\",\"contentUrl\":\"https:\/\/talkpal.ai\/wp-content\/uploads\/2024\/03\/Talkpal-Logo-Icon.png\",\"width\":2880,\"height\":2880,\"caption\":\"Talkpal, Inc.\"},\"image\":{\"@id\":\"https:\/\/talkpal.ai\/tr\/#\/schema\/logo\/image\/\"},\"sameAs\":[\"https:\/\/www.facebook.com\/profile.php?id=100090733639311\",\"https:\/\/x.com\/talkpalai\",\"https:\/\/www.linkedin.com\/company\/talkpal\/\",\"https:\/\/www.youtube.com\/@TalkPal\/\",\"https:\/\/www.tiktok.com\/@talkpal\",\"https:\/\/www.instagram.com\/talkpal_ai\/\",\"https:\/\/www.crunchbase.com\/organization\/talkpal-9cde\",\"https:\/\/www.g2.com\/products\/talkpal-for-business\/\",\"https:\/\/www.trustpilot.com\/review\/talkpal.ai\",\"https:\/\/www.capterra.com\/p\/10006800\/TalkPal\/\"],\"description\":\"Talkpal is a language learning web and mobile education app, powered by the latest AI technologies, that provides engaging experiences to its customers in many different languages to help them improve their language skills. Users can chat about unlimited amount of topics with the app and use other modes to practice their language learning.\",\"email\":\"support@talkpal.ai\",\"legalName\":\"Talkpal, Inc.\",\"foundingDate\":\"2023-04-03\",\"duns\":\"118989042\",\"numberOfEmployees\":{\"@type\":\"QuantitativeValue\",\"minValue\":\"11\",\"maxValue\":\"50\"},\"publishingPrinciples\":\"https:\/\/talkpal.ai\/publishing-principles\/\",\"actionableFeedbackPolicy\":\"https:\/\/talkpal.ai\/actionable-feedback-policy\/\",\"correctionsPolicy\":\"https:\/\/talkpal.ai\/corrections-policy\/\",\"ethicsPolicy\":\"https:\/\/talkpal.ai\/ethics-policy\/\",\"diversityPolicy\":\"https:\/\/talkpal.ai\/diversity-policy\/\",\"diversityStaffingReport\":\"https:\/\/talkpal.ai\/diversity-policy\/\"}]}<\/script>\n<!-- \/ Yoast SEO Premium plugin. -->","yoast_head_json":{"title":"Nepalce Dilbilgisi - Talkpal","description":"Nepalce dilbilgisini ke\u015ffedin ve a\u00e7\u0131k ve \u00f6zl\u00fc a\u00e7\u0131klamalarla dil anlay\u0131\u015f\u0131n\u0131z\u0131 geli\u015ftirin.","robots":{"index":"index","follow":"follow","max-snippet":"max-snippet:-1","max-image-preview":"max-image-preview:large","max-video-preview":"max-video-preview:-1"},"canonical":"https:\/\/talkpal.ai\/tr\/nepalce-dilbilgisi\/","og_locale":"tr_TR","og_type":"article","og_title":"Nepalce Dilbilgisi","og_description":"Nepalce Dilbilgisinin Zenginli\u011fini Ara\u015ft\u0131rmak: Anlay\u0131\u015fl\u0131 Bir K\u0131lavuz Nepal ve kom\u015fu b\u00f6lgelerde 25 milyondan fazla insan taraf\u0131ndan konu\u015fulan bir","og_url":"https:\/\/talkpal.ai\/tr\/nepalce-dilbilgisi\/","og_site_name":"Talkpal","article_publisher":"https:\/\/www.facebook.com\/profile.php?id=100090733639311","article_modified_time":"2025-12-17T16:58:23+00:00","og_image":[{"width":512,"height":512,"url":"https:\/\/talkpal.ai\/wp-content\/uploads\/2023\/05\/nepal.png","type":"image\/png"}],"twitter_card":"summary_large_image","twitter_site":"@talkpalai","twitter_misc":{"Tahmini okuma s\u00fcresi":"3 dakika"},"schema":{"@context":"https:\/\/schema.org","@graph":[{"@type":"WebPage","@id":"https:\/\/talkpal.ai\/tr\/nepalce-dilbilgisi\/","url":"https:\/\/talkpal.ai\/tr\/nepalce-dilbilgisi\/","name":"Nepalce Dilbilgisi - Talkpal","isPartOf":{"@id":"https:\/\/talkpal.ai\/tr\/#website"},"primaryImageOfPage":{"@id":"https:\/\/talkpal.ai\/tr\/nepalce-dilbilgisi\/#primaryimage"},"image":{"@id":"https:\/\/talkpal.ai\/tr\/nepalce-dilbilgisi\/#primaryimage"},"thumbnailUrl":"https:\/\/talkpal.ai\/wp-content\/uploads\/2023\/05\/nepal.png","datePublished":"2023-05-14T14:12:45+00:00","dateModified":"2025-12-17T16:58:23+00:00","description":"Nepalce dilbilgisini ke\u015ffedin ve a\u00e7\u0131k ve \u00f6zl\u00fc a\u00e7\u0131klamalarla dil anlay\u0131\u015f\u0131n\u0131z\u0131 geli\u015ftirin.","breadcrumb":{"@id":"https:\/\/talkpal.ai\/tr\/nepalce-dilbilgisi\/#breadcrumb"},"inLanguage":"tr","potentialAction":[{"@type":"ReadAction","target":["https:\/\/talkpal.ai\/tr\/nepalce-dilbilgisi\/"]}]},{"@type":"ImageObject","inLanguage":"tr","@id":"https:\/\/talkpal.ai\/tr\/nepalce-dilbilgisi\/#primaryimage","url":"https:\/\/talkpal.ai\/wp-content\/uploads\/2023\/05\/nepal.png","contentUrl":"https:\/\/talkpal.ai\/wp-content\/uploads\/2023\/05\/nepal.png","width":512,"height":512},{"@type":"BreadcrumbList","@id":"https:\/\/talkpal.ai\/tr\/nepalce-dilbilgisi\/#breadcrumb","itemListElement":[{"@type":"ListItem","position":1,"name":"Homepage","item":"https:\/\/talkpal.ai\/tr\/"},{"@type":"ListItem","position":2,"name":"Nepalce Dilbilgisi"}]},{"@type":"WebSite","@id":"https:\/\/talkpal.ai\/tr\/#website","url":"https:\/\/talkpal.ai\/tr\/","name":"Talkpal","description":"AI Language Learning","publisher":{"@id":"https:\/\/talkpal.ai\/tr\/#organization"},"alternateName":"Talkpal AI","potentialAction":[{"@type":"SearchAction","target":{"@type":"EntryPoint","urlTemplate":"https:\/\/talkpal.ai\/tr\/?s={search_term_string}"},"query-input":{"@type":"PropertyValueSpecification","valueRequired":true,"valueName":"search_term_string"}}],"inLanguage":"tr"},{"@type":"Organization","@id":"https:\/\/talkpal.ai\/tr\/#organization","name":"Talkpal, Inc.","alternateName":"Talkpal AI","url":"https:\/\/talkpal.ai\/tr\/","logo":{"@type":"ImageObject","inLanguage":"tr","@id":"https:\/\/talkpal.ai\/tr\/#\/schema\/logo\/image\/","url":"https:\/\/talkpal.ai\/wp-content\/uploads\/2024\/03\/Talkpal-Logo-Icon.png","contentUrl":"https:\/\/talkpal.ai\/wp-content\/uploads\/2024\/03\/Talkpal-Logo-Icon.png","width":2880,"height":2880,"caption":"Talkpal, Inc."},"image":{"@id":"https:\/\/talkpal.ai\/tr\/#\/schema\/logo\/image\/"},"sameAs":["https:\/\/www.facebook.com\/profile.php?id=100090733639311","https:\/\/x.com\/talkpalai","https:\/\/www.linkedin.com\/company\/talkpal\/","https:\/\/www.youtube.com\/@TalkPal\/","https:\/\/www.tiktok.com\/@talkpal","https:\/\/www.instagram.com\/talkpal_ai\/","https:\/\/www.crunchbase.com\/organization\/talkpal-9cde","https:\/\/www.g2.com\/products\/talkpal-for-business\/","https:\/\/www.trustpilot.com\/review\/talkpal.ai","https:\/\/www.capterra.com\/p\/10006800\/TalkPal\/"],"description":"Talkpal is a language learning web and mobile education app, powered by the latest AI technologies, that provides engaging experiences to its customers in many different languages to help them improve their language skills. Users can chat about unlimited amount of topics with the app and use other modes to practice their language learning.","email":"support@talkpal.ai","legalName":"Talkpal, Inc.","foundingDate":"2023-04-03","duns":"118989042","numberOfEmployees":{"@type":"QuantitativeValue","minValue":"11","maxValue":"50"},"publishingPrinciples":"https:\/\/talkpal.ai\/publishing-principles\/","actionableFeedbackPolicy":"https:\/\/talkpal.ai\/actionable-feedback-policy\/","correctionsPolicy":"https:\/\/talkpal.ai\/corrections-policy\/","ethicsPolicy":"https:\/\/talkpal.ai\/ethics-policy\/","diversityPolicy":"https:\/\/talkpal.ai\/diversity-policy\/","diversityStaffingReport":"https:\/\/talkpal.ai\/diversity-policy\/"}]}},"_links":{"self":[{"href":"https:\/\/talkpal.ai\/tr\/wp-json\/wp\/v2\/pages\/147992","targetHints":{"allow":["GET"]}}],"collection":[{"href":"https:\/\/talkpal.ai\/tr\/wp-json\/wp\/v2\/pages"}],"about":[{"href":"https:\/\/talkpal.ai\/tr\/wp-json\/wp\/v2\/types\/page"}],"author":[{"embeddable":true,"href":"https:\/\/talkpal.ai\/tr\/wp-json\/wp\/v2\/users\/1"}],"replies":[{"embeddable":true,"href":"https:\/\/talkpal.ai\/tr\/wp-json\/wp\/v2\/comments?post=147992"}],"version-history":[{"count":0,"href":"https:\/\/talkpal.ai\/tr\/wp-json\/wp\/v2\/pages\/147992\/revisions"}],"wp:featuredmedia":[{"embeddable":true,"href":"https:\/\/talkpal.ai\/tr\/wp-json\/wp\/v2\/media\/116042"}],"wp:attachment":[{"href":"https:\/\/talkpal.ai\/tr\/wp-json\/wp\/v2\/media?parent=147992"}],"curies":[{"name":"wp","href":"https:\/\/api.w.org\/{rel}","templated":true}]}}