{"id":147709,"date":"2023-05-14T14:12:25","date_gmt":"2023-05-14T14:12:25","guid":{"rendered":"http:\/\/talkpal.ai\/maori-dilbilgisi\/"},"modified":"2025-12-17T16:43:26","modified_gmt":"2025-12-17T16:43:26","slug":"maori-dilbilgisi","status":"publish","type":"page","link":"https:\/\/talkpal.ai\/tr\/maori-dilbilgisi\/","title":{"rendered":"Maori Dilbilgisi"},"content":{"rendered":"\r\n\r\n\r\n<section class=\"languageChallengeSection\">\r\n    <div class=\"languageInfoWrapper\">\r\n        \r\n        <h1>Maori Dilbilgisi<\/h1>\r\n        <p>M\u0101ori \u00f6\u011frenmeye hevesli misiniz? Basitli\u011fi, artikel kullan\u0131m\u0131 ve anlam\u0131 \u015fekillendirmek i\u00e7in par\u00e7ac\u0131klar\u0131n \u00f6nemli rol\u00fcyle bilinen M\u0101ori dilbilgisini ke\u015ffedin. Bug\u00fcn ba\u015flay\u0131n &#8211; M\u0101ori dilbilgisinde ustala\u015fmak, dilin zengin miras\u0131 ve Aotearoa Yeni Zelanda&#039;n\u0131n canl\u0131 k\u00fclt\u00fcr\u00fc ile daha derin bir ba\u011f kurman\u0131za yard\u0131mc\u0131 olacakt\u0131r!<\/p>\r\n\r\n                            <a class=\"getStartedHidden\" href=\"https:\/\/app.talkpal.ai\/tr\/signup?lng=\">Hadi ba\u015fla<\/a>\r\n        \r\n    <\/div>\r\n\r\n    <figure>\r\n    <img decoding=\"async\" width=\"768\" height=\"768\" src=\"https:\/\/talkpal.ai\/wp-content\/uploads\/2023\/06\/maori-768x768.png\" class=\"languageImage no-lazy\" alt=\"Language learning for social and professional settings\" fetchpriority=\"high\" sizes=\"(max-width: 768px) 150px, 768px\" srcset=\"https:\/\/talkpal.ai\/wp-content\/uploads\/2023\/06\/maori-768x768.png 768w, https:\/\/talkpal.ai\/wp-content\/uploads\/2023\/06\/maori-300x300.png 300w\" \/>\r\n    \r\n\r\n    <\/figure>\r\n\r\n            <a class=\"getStartedVisible\" href=\"https:\/\/app.talkpal.ai\/tr\/signup?lng=\">Hadi ba\u015fla<\/a>\r\n    \r\n<\/section>\r\n<section class=\"promotionalBanner\">\r\n    <p class=\"promotionalText\">Dil \u00f6\u011frenmenin en etkili yolu<\/p>\r\n    <a class=\"promotionalLink\" href=\"https:\/\/app.talkpal.ai\/tr\/signup?lng=\">Talkpal \u00fccretsiz deneyin<\/a>\r\n<\/section>\n<div class=\"wp-block-group pageContainerStyle\"><div class=\"wp-block-group__inner-container is-layout-constrained wp-block-group-is-layout-constrained\">\n<h2 class=\"wp-block-heading\" id=\"h-maori-grammar-your-ticket-to-a-vibrant-bicultural-world\">Maori Dilbilgisi: Canl\u0131 \u0130ki K\u00fclt\u00fcrl\u00fc Bir D\u00fcnyaya Biletiniz<\/h2>\n\n\n\n<p>Kia ora! Maori dilinin harika d\u00fcnyas\u0131na ho\u015f geldiniz. Yeni Zelanda&#8217;n\u0131n yerli dili olan Maori ya da te reo Maori, kadim bir k\u00fclt\u00fcr ve bu k\u00fclt\u00fcr\u00fc konu\u015fan canl\u0131 bir toplulukla ba\u011flant\u0131 kurman\u0131z i\u00e7in size e\u015fsiz bir f\u0131rsat sunuyor. Her dilde oldu\u011fu gibi <a href=\"https:\/\/talkpal.ai\/maori-grammar\/\">Maori dilbilgisi<\/a> de zorlay\u0131c\u0131 g\u00f6r\u00fcnebilir, ancak endi\u015felenmeyin! Bu yeni ba\u015flayanlar i\u00e7in uygun k\u0131lavuz, g\u00f6rsel olarak ilgi \u00e7ekici ve bilgilendirici bir yolculuk i\u00e7in Maori dilbilgisinin temel bile\u015fenlerini basitle\u015ftirecektir.<\/p>\n\n\n\n<h3 class=\"wp-block-heading\" id=\"h-1-starting-with-the-basics-maori-alphabet-and-pronunciation\">1. Temel Bilgilerle Ba\u015flamak: Maori Alfabesi ve Telaffuzu<\/h3>\n\n\n\n<p>Maori, yaln\u0131zca 15 harften olu\u015fan de\u011fi\u015ftirilmi\u015f bir Latin alfabesi kullan\u0131r: be\u015f sesli harf (a, e, i, o ve u) ve on \u00fcns\u00fcz (h, k, m, n, p, r, t, w, ng ve wh). Bu harflere ve farkl\u0131 telaffuzlar\u0131na a\u015fina olun, \u00e7\u00fcnk\u00fc sonraki t\u00fcm Maori dilbilgisi \u00f6\u011frenimi i\u00e7in zemin haz\u0131rlarlar.<\/p>\n\n\n\n<h3 class=\"wp-block-heading\" id=\"h-2-exploring-maori-sentence-structure\">2. Maori C\u00fcmle Yap\u0131s\u0131n\u0131 Ke\u015ffetmek<\/h3>\n\n\n\n<p>\u00d6z\u00fcnde, Maori dilbilgisi basit bir \u00f6zne-fiil (-nesne) yap\u0131s\u0131n\u0131 takip eder ve fiil tipik olarak \u00f6zneden \u00f6nce gelir. Bu yap\u0131y\u0131 anlaman\u0131n en net yolu, onu \u00e7al\u0131\u015f\u0131rken g\u00f6rmektir:<\/p>\n\n\n\n<p><strong>\u0130ngilizce: \u00c7ocuk oyun oynuyor.<\/strong><\/p>\n\n\n\n<p><strong>Maori dili: Kei te t\u0101karo te tamaiti.<\/strong><\/p>\n\n\n\n<p>Maori dilinde fiilin zaman\u0131 par\u00e7ac\u0131klar\u0131n birle\u015fimiyle ya da c\u00fcmleye bir zaman g\u00f6stergesi eklenerek belirtilir.<\/p>\n\n\n\n<h3 class=\"wp-block-heading\" id=\"h-3-demystifying-particles-building-blocks-of-maori-grammar\">3. Par\u00e7ac\u0131klar\u0131n Gizemini \u00c7\u00f6zmek: Maori Dilbilgisinin Yap\u0131 Ta\u015flar\u0131<\/h3>\n\n\n\n<p>Par\u00e7ac\u0131klar, tutarl\u0131 ve etkileyici c\u00fcmleler olu\u015fturmak i\u00e7in kelimeleri ve c\u00fcmleleri birbirine ba\u011flayarak Maori dilbilgisinde \u00e7ok \u00f6nemli bir rol oynar. Yeni ba\u015flayan biri olarak, birka\u00e7 temel par\u00e7ac\u0131\u011f\u0131 anlamaya odaklan\u0131n:<\/p>\n\n\n\n<p><strong>&#8211; Kia: komutlar, dilekler ve bir eylemin amac\u0131n\u0131 belirtmek i\u00e7in kullan\u0131l\u0131r.<\/strong><\/p>\n\n\n\n<p><strong>&#8211; Kei: s\u00fcrekli zaman olu\u015fturmak i\u00e7in kullan\u0131l\u0131r.<\/strong><\/p>\n\n\n\n<p><strong>&#8211; Ko: bir c\u00fcmlenin \u00f6znesini i\u015faret etmek i\u00e7in kullan\u0131l\u0131r.<\/strong><\/p>\n\n\n\n<h3 class=\"wp-block-heading\" id=\"h-4-getting-to-know-maori-pronouns\">4. Maori Zamirlerini Tan\u0131mak<\/h3>\n\n\n\n<p>Maori dilindeki zamirler isimlerin yerini al\u0131r ve konu\u015fmalar\u0131n\u0131z\u0131n do\u011fal ve ak\u0131c\u0131 kalmas\u0131na yard\u0131mc\u0131 olur. Yeni ba\u015flayan biri olarak, ki\u015fisel ve iyelik zamirlerini anlamaya odaklan\u0131n:<\/p>\n\n\n\n<p>Ki\u015fi zamirleri: ahau (ben), koe (sen, tekil), ia (o\/o), t\u0101ua (biz, konu\u015fulan ki\u015fi dahil), m\u0101ua (biz, konu\u015fulan ki\u015fi hari\u00e7), koutou (sen, \u00e7o\u011ful), r\u0101tau (onlar)<\/p>\n\n\n\n<p>\u0130yelik zamirleri: taku\/t\u014dku (benim), t\u014du (sizin, tekil), t\u014dna (onun), t\u014d t\u0101ua (bizim, konu\u015fmac\u0131 ve dinleyici dahil), t\u014d m\u0101ua (bizim, konu\u015fmac\u0131 ve bir ba\u015fkas\u0131), t\u014d koutou (sizin, \u00e7o\u011ful), t\u014d r\u0101tau (onlar\u0131n)<\/p>\n\n\n\n<h3 class=\"wp-block-heading\" id=\"h-5-navigating-maori-nouns-and-adjectives\">5. Maori \u0130simleri ve S\u0131fatlar\u0131nda Gezinme<\/h3>\n\n\n\n<p>Maori isimleri ve s\u0131fatlar\u0131 basit dilbilgisi kurallar\u0131na uyar ve yeni ba\u015flayanlar\u0131n anlamas\u0131n\u0131 kolayla\u015ft\u0131r\u0131r. S\u0131fatlar genellikle tan\u0131mlad\u0131klar\u0131 ismi takip eder ve isim \u00e7o\u011fullar\u0131 basit\u00e7e isimden \u00f6nce bir par\u00e7ac\u0131k olan &#8220;ng\u0101&#8221; eklemeyi i\u00e7erir. Mesela:<\/p>\n\n\n\n<p><strong>Te whare nui &#8211; &#8220;b\u00fcy\u00fck ev&#8221;<\/strong><\/p>\n\n\n\n<p><strong>Ng\u0101 tamariki &#8211; &#8220;\u00e7ocuklar&#8221;<\/strong><\/p>\n\n\n\n<p>\u0130\u015fte ald\u0131n! Maori dilbilgisinde ustala\u015fmak ve Maori dili ve k\u00fclt\u00fcr\u00fc ile yolculu\u011funuzu zenginle\u015ftirmek i\u00e7in ilk ad\u0131mlar\u0131 att\u0131n\u0131z. Ba\u015far\u0131 i\u00e7in pratik, azim ve dald\u0131rman\u0131n gerekli oldu\u011funu unutmay\u0131n, bu nedenle anadili \u0130ngilizce olan ki\u015filerle etkile\u015fim kurun, Maori metinlerini ke\u015ffedin ve dil temelinizi g\u00fc\u00e7lendirin. Kia kaha! (G\u00fc\u00e7l\u00fc ol!)<\/p>\n<\/div><\/div>\n\r\n<section class=\"learnNavigationSection\">\r\n            \r\n        <a href=\"https:\/\/talkpal.ai\/tr\/maori-dili-ogren\/\">\r\n            <div class=\"learnNavigationWrapper\">\r\n                <div class=\"learnNavigationContent\">\r\n                    <img decoding=\"async\" src=\"https:\/\/talkpal.ai\/wp-content\/uploads\/2024\/08\/Maori.jpg\" alt=\"New Zealand Flag\">\r\n                    <div>\r\n                        <h4>Maori Dilbilgisi Dersleri<\/h4>\r\n                        <p>Maori dilbilgisi hakk\u0131nda her \u015feyi \u00f6\u011frenin.<\/p>\r\n                    <\/div>\r\n                <\/div>\r\n            <\/div>\r\n        <\/a>\r\n\r\n        \r\n        <a href=\"https:\/\/talkpal.ai\/tr\/maori-dilbilgisi-alistirmalari\/\">\r\n            <div class=\"learnNavigationWrapper\">\r\n                <div class=\"learnNavigationContent\">\r\n                    <img decoding=\"async\" src=\"https:\/\/talkpal.ai\/wp-content\/uploads\/2024\/08\/Maori.jpg\" alt=\"New Zealand Flag\">\r\n                    <div>\r\n                        <h4>Maori Dilbilgisi Al\u0131\u015ft\u0131rmas\u0131<\/h4>\r\n                        <p>Maori dilbilgisi prati\u011fi yap\u0131n.<\/p>\r\n                    <\/div>\r\n                <\/div>\r\n            <\/div>\r\n        <\/a>\r\n\r\n        \r\n        <a href=\"https:\/\/talkpal.ai\/vocabulary_language\/maori\/\">\r\n            <div class=\"learnNavigationWrapper\">\r\n                <div class=\"learnNavigationContent\">\r\n                    <img decoding=\"async\" src=\"https:\/\/talkpal.ai\/wp-content\/uploads\/2024\/08\/Maori.jpg\" alt=\"New Zealand Flag\">\r\n                    <div>\r\n                        <h4>Maori S\u00f6zc\u00fck Da\u011farc\u0131\u011f\u0131<\/h4>\r\n                        <p>Maori kelime da\u011farc\u0131\u011f\u0131n\u0131z\u0131 geni\u015fletin.<\/p>\r\n                    <\/div>\r\n                <\/div>\r\n            <\/div>\r\n        <\/a>\r\n\r\n            <\/section>","protected":false},"excerpt":{"rendered":"<p>Maori Dilbilgisi: Canl\u0131 \u0130ki K\u00fclt\u00fcrl\u00fc Bir D\u00fcnyaya Biletiniz Kia ora! Maori dilinin harika d\u00fcnyas\u0131na ho\u015f geldiniz. Yeni Zelanda&#8217;n\u0131n yerli dili olan Maori ya da te reo Maori, kadim bir k\u00fclt\u00fcr ve bu k\u00fclt\u00fcr\u00fc konu\u015fan canl\u0131 bir toplulukla ba\u011flant\u0131 kurman\u0131z i\u00e7in size e\u015fsiz bir f\u0131rsat sunuyor. Her dilde oldu\u011fu gibi Maori dilbilgisi de zorlay\u0131c\u0131 g\u00f6r\u00fcnebilir, ancak [&hellip;]<\/p>\n","protected":false},"author":1,"featured_media":116613,"parent":0,"menu_order":0,"comment_status":"closed","ping_status":"closed","template":"LearningContentPage.php","meta":{"_acf_changed":false,"footnotes":""},"class_list":["post-147709","page","type-page","status-publish","has-post-thumbnail","hentry"],"acf":[],"yoast_head":"<!-- This site is optimized with the Yoast SEO Premium plugin v27.2 (Yoast SEO v27.2) - https:\/\/yoast.com\/product\/yoast-seo-premium-wordpress\/ -->\n<title>Maori Dilbilgisi - Talkpal<\/title>\n<meta name=\"description\" content=\"Yeni ba\u015flayanlara uygun rehberimizle Maori dilbilgisinin temellerini ke\u015ffedin. Te reo Maori&#039;nin 15 harfini ve temel kurallar\u0131n\u0131 ke\u015ffedin.\" \/>\n<meta name=\"robots\" content=\"index, follow, max-snippet:-1, max-image-preview:large, max-video-preview:-1\" \/>\n<link rel=\"canonical\" href=\"https:\/\/talkpal.ai\/tr\/maori-dilbilgisi\/\" \/>\n<meta property=\"og:locale\" content=\"tr_TR\" \/>\n<meta property=\"og:type\" content=\"article\" \/>\n<meta property=\"og:title\" content=\"Maori Dilbilgisi\" \/>\n<meta property=\"og:description\" content=\"Maori Dilbilgisi: Canl\u0131 \u0130ki K\u00fclt\u00fcrl\u00fc Bir D\u00fcnyaya Biletiniz Kia ora! Maori dilinin harika d\u00fcnyas\u0131na ho\u015f geldiniz. Yeni Zelanda&#039;n\u0131n yerli dili olan Maori ya\" \/>\n<meta property=\"og:url\" content=\"https:\/\/talkpal.ai\/tr\/maori-dilbilgisi\/\" \/>\n<meta property=\"og:site_name\" content=\"Talkpal\" \/>\n<meta property=\"article:publisher\" content=\"https:\/\/www.facebook.com\/profile.php?id=100090733639311\" \/>\n<meta property=\"article:modified_time\" content=\"2025-12-17T16:43:26+00:00\" \/>\n<meta property=\"og:image\" content=\"https:\/\/talkpal.ai\/wp-content\/uploads\/2023\/05\/Maori-new-zealand.png\" \/>\n\t<meta property=\"og:image:width\" content=\"512\" \/>\n\t<meta property=\"og:image:height\" content=\"512\" \/>\n\t<meta property=\"og:image:type\" content=\"image\/png\" \/>\n<meta name=\"twitter:card\" content=\"summary_large_image\" \/>\n<meta name=\"twitter:site\" content=\"@talkpalai\" \/>\n<meta name=\"twitter:label1\" content=\"Tahmini okuma s\u00fcresi\" \/>\n\t<meta name=\"twitter:data1\" content=\"3 dakika\" \/>\n<script type=\"application\/ld+json\" class=\"yoast-schema-graph\">{\"@context\":\"https:\/\/schema.org\",\"@graph\":[{\"@type\":\"WebPage\",\"@id\":\"https:\/\/talkpal.ai\/tr\/maori-dilbilgisi\/\",\"url\":\"https:\/\/talkpal.ai\/tr\/maori-dilbilgisi\/\",\"name\":\"Maori Dilbilgisi - Talkpal\",\"isPartOf\":{\"@id\":\"https:\/\/talkpal.ai\/tr\/#website\"},\"primaryImageOfPage\":{\"@id\":\"https:\/\/talkpal.ai\/tr\/maori-dilbilgisi\/#primaryimage\"},\"image\":{\"@id\":\"https:\/\/talkpal.ai\/tr\/maori-dilbilgisi\/#primaryimage\"},\"thumbnailUrl\":\"https:\/\/talkpal.ai\/wp-content\/uploads\/2023\/05\/Maori-new-zealand.png\",\"datePublished\":\"2023-05-14T14:12:25+00:00\",\"dateModified\":\"2025-12-17T16:43:26+00:00\",\"description\":\"Yeni ba\u015flayanlara uygun rehberimizle Maori dilbilgisinin temellerini ke\u015ffedin. Te reo Maori'nin 15 harfini ve temel kurallar\u0131n\u0131 ke\u015ffedin.\",\"breadcrumb\":{\"@id\":\"https:\/\/talkpal.ai\/tr\/maori-dilbilgisi\/#breadcrumb\"},\"inLanguage\":\"tr\",\"potentialAction\":[{\"@type\":\"ReadAction\",\"target\":[\"https:\/\/talkpal.ai\/tr\/maori-dilbilgisi\/\"]}]},{\"@type\":\"ImageObject\",\"inLanguage\":\"tr\",\"@id\":\"https:\/\/talkpal.ai\/tr\/maori-dilbilgisi\/#primaryimage\",\"url\":\"https:\/\/talkpal.ai\/wp-content\/uploads\/2023\/05\/Maori-new-zealand.png\",\"contentUrl\":\"https:\/\/talkpal.ai\/wp-content\/uploads\/2023\/05\/Maori-new-zealand.png\",\"width\":512,\"height\":512},{\"@type\":\"BreadcrumbList\",\"@id\":\"https:\/\/talkpal.ai\/tr\/maori-dilbilgisi\/#breadcrumb\",\"itemListElement\":[{\"@type\":\"ListItem\",\"position\":1,\"name\":\"Homepage\",\"item\":\"https:\/\/talkpal.ai\/tr\/\"},{\"@type\":\"ListItem\",\"position\":2,\"name\":\"Maori Dilbilgisi\"}]},{\"@type\":\"WebSite\",\"@id\":\"https:\/\/talkpal.ai\/tr\/#website\",\"url\":\"https:\/\/talkpal.ai\/tr\/\",\"name\":\"Talkpal\",\"description\":\"AI Language Learning\",\"publisher\":{\"@id\":\"https:\/\/talkpal.ai\/tr\/#organization\"},\"alternateName\":\"Talkpal AI\",\"potentialAction\":[{\"@type\":\"SearchAction\",\"target\":{\"@type\":\"EntryPoint\",\"urlTemplate\":\"https:\/\/talkpal.ai\/tr\/?s={search_term_string}\"},\"query-input\":{\"@type\":\"PropertyValueSpecification\",\"valueRequired\":true,\"valueName\":\"search_term_string\"}}],\"inLanguage\":\"tr\"},{\"@type\":\"Organization\",\"@id\":\"https:\/\/talkpal.ai\/tr\/#organization\",\"name\":\"Talkpal, Inc.\",\"alternateName\":\"Talkpal AI\",\"url\":\"https:\/\/talkpal.ai\/tr\/\",\"logo\":{\"@type\":\"ImageObject\",\"inLanguage\":\"tr\",\"@id\":\"https:\/\/talkpal.ai\/tr\/#\/schema\/logo\/image\/\",\"url\":\"https:\/\/talkpal.ai\/wp-content\/uploads\/2024\/03\/Talkpal-Logo-Icon.png\",\"contentUrl\":\"https:\/\/talkpal.ai\/wp-content\/uploads\/2024\/03\/Talkpal-Logo-Icon.png\",\"width\":2880,\"height\":2880,\"caption\":\"Talkpal, Inc.\"},\"image\":{\"@id\":\"https:\/\/talkpal.ai\/tr\/#\/schema\/logo\/image\/\"},\"sameAs\":[\"https:\/\/www.facebook.com\/profile.php?id=100090733639311\",\"https:\/\/x.com\/talkpalai\",\"https:\/\/www.linkedin.com\/company\/talkpal\/\",\"https:\/\/www.youtube.com\/@TalkPal\/\",\"https:\/\/www.tiktok.com\/@talkpal\",\"https:\/\/www.instagram.com\/talkpal_ai\/\",\"https:\/\/www.crunchbase.com\/organization\/talkpal-9cde\",\"https:\/\/www.g2.com\/products\/talkpal-for-business\/\",\"https:\/\/www.trustpilot.com\/review\/talkpal.ai\",\"https:\/\/www.capterra.com\/p\/10006800\/TalkPal\/\"],\"description\":\"Talkpal is a language learning web and mobile education app, powered by the latest AI technologies, that provides engaging experiences to its customers in many different languages to help them improve their language skills. Users can chat about unlimited amount of topics with the app and use other modes to practice their language learning.\",\"email\":\"support@talkpal.ai\",\"legalName\":\"Talkpal, Inc.\",\"foundingDate\":\"2023-04-03\",\"duns\":\"118989042\",\"numberOfEmployees\":{\"@type\":\"QuantitativeValue\",\"minValue\":\"11\",\"maxValue\":\"50\"},\"publishingPrinciples\":\"https:\/\/talkpal.ai\/publishing-principles\/\",\"actionableFeedbackPolicy\":\"https:\/\/talkpal.ai\/actionable-feedback-policy\/\",\"correctionsPolicy\":\"https:\/\/talkpal.ai\/corrections-policy\/\",\"ethicsPolicy\":\"https:\/\/talkpal.ai\/ethics-policy\/\",\"diversityPolicy\":\"https:\/\/talkpal.ai\/diversity-policy\/\",\"diversityStaffingReport\":\"https:\/\/talkpal.ai\/diversity-policy\/\"}]}<\/script>\n<!-- \/ Yoast SEO Premium plugin. -->","yoast_head_json":{"title":"Maori Dilbilgisi - Talkpal","description":"Yeni ba\u015flayanlara uygun rehberimizle Maori dilbilgisinin temellerini ke\u015ffedin. Te reo Maori'nin 15 harfini ve temel kurallar\u0131n\u0131 ke\u015ffedin.","robots":{"index":"index","follow":"follow","max-snippet":"max-snippet:-1","max-image-preview":"max-image-preview:large","max-video-preview":"max-video-preview:-1"},"canonical":"https:\/\/talkpal.ai\/tr\/maori-dilbilgisi\/","og_locale":"tr_TR","og_type":"article","og_title":"Maori Dilbilgisi","og_description":"Maori Dilbilgisi: Canl\u0131 \u0130ki K\u00fclt\u00fcrl\u00fc Bir D\u00fcnyaya Biletiniz Kia ora! Maori dilinin harika d\u00fcnyas\u0131na ho\u015f geldiniz. Yeni Zelanda'n\u0131n yerli dili olan Maori ya","og_url":"https:\/\/talkpal.ai\/tr\/maori-dilbilgisi\/","og_site_name":"Talkpal","article_publisher":"https:\/\/www.facebook.com\/profile.php?id=100090733639311","article_modified_time":"2025-12-17T16:43:26+00:00","og_image":[{"width":512,"height":512,"url":"https:\/\/talkpal.ai\/wp-content\/uploads\/2023\/05\/Maori-new-zealand.png","type":"image\/png"}],"twitter_card":"summary_large_image","twitter_site":"@talkpalai","twitter_misc":{"Tahmini okuma s\u00fcresi":"3 dakika"},"schema":{"@context":"https:\/\/schema.org","@graph":[{"@type":"WebPage","@id":"https:\/\/talkpal.ai\/tr\/maori-dilbilgisi\/","url":"https:\/\/talkpal.ai\/tr\/maori-dilbilgisi\/","name":"Maori Dilbilgisi - Talkpal","isPartOf":{"@id":"https:\/\/talkpal.ai\/tr\/#website"},"primaryImageOfPage":{"@id":"https:\/\/talkpal.ai\/tr\/maori-dilbilgisi\/#primaryimage"},"image":{"@id":"https:\/\/talkpal.ai\/tr\/maori-dilbilgisi\/#primaryimage"},"thumbnailUrl":"https:\/\/talkpal.ai\/wp-content\/uploads\/2023\/05\/Maori-new-zealand.png","datePublished":"2023-05-14T14:12:25+00:00","dateModified":"2025-12-17T16:43:26+00:00","description":"Yeni ba\u015flayanlara uygun rehberimizle Maori dilbilgisinin temellerini ke\u015ffedin. Te reo Maori'nin 15 harfini ve temel kurallar\u0131n\u0131 ke\u015ffedin.","breadcrumb":{"@id":"https:\/\/talkpal.ai\/tr\/maori-dilbilgisi\/#breadcrumb"},"inLanguage":"tr","potentialAction":[{"@type":"ReadAction","target":["https:\/\/talkpal.ai\/tr\/maori-dilbilgisi\/"]}]},{"@type":"ImageObject","inLanguage":"tr","@id":"https:\/\/talkpal.ai\/tr\/maori-dilbilgisi\/#primaryimage","url":"https:\/\/talkpal.ai\/wp-content\/uploads\/2023\/05\/Maori-new-zealand.png","contentUrl":"https:\/\/talkpal.ai\/wp-content\/uploads\/2023\/05\/Maori-new-zealand.png","width":512,"height":512},{"@type":"BreadcrumbList","@id":"https:\/\/talkpal.ai\/tr\/maori-dilbilgisi\/#breadcrumb","itemListElement":[{"@type":"ListItem","position":1,"name":"Homepage","item":"https:\/\/talkpal.ai\/tr\/"},{"@type":"ListItem","position":2,"name":"Maori Dilbilgisi"}]},{"@type":"WebSite","@id":"https:\/\/talkpal.ai\/tr\/#website","url":"https:\/\/talkpal.ai\/tr\/","name":"Talkpal","description":"AI Language Learning","publisher":{"@id":"https:\/\/talkpal.ai\/tr\/#organization"},"alternateName":"Talkpal AI","potentialAction":[{"@type":"SearchAction","target":{"@type":"EntryPoint","urlTemplate":"https:\/\/talkpal.ai\/tr\/?s={search_term_string}"},"query-input":{"@type":"PropertyValueSpecification","valueRequired":true,"valueName":"search_term_string"}}],"inLanguage":"tr"},{"@type":"Organization","@id":"https:\/\/talkpal.ai\/tr\/#organization","name":"Talkpal, Inc.","alternateName":"Talkpal AI","url":"https:\/\/talkpal.ai\/tr\/","logo":{"@type":"ImageObject","inLanguage":"tr","@id":"https:\/\/talkpal.ai\/tr\/#\/schema\/logo\/image\/","url":"https:\/\/talkpal.ai\/wp-content\/uploads\/2024\/03\/Talkpal-Logo-Icon.png","contentUrl":"https:\/\/talkpal.ai\/wp-content\/uploads\/2024\/03\/Talkpal-Logo-Icon.png","width":2880,"height":2880,"caption":"Talkpal, Inc."},"image":{"@id":"https:\/\/talkpal.ai\/tr\/#\/schema\/logo\/image\/"},"sameAs":["https:\/\/www.facebook.com\/profile.php?id=100090733639311","https:\/\/x.com\/talkpalai","https:\/\/www.linkedin.com\/company\/talkpal\/","https:\/\/www.youtube.com\/@TalkPal\/","https:\/\/www.tiktok.com\/@talkpal","https:\/\/www.instagram.com\/talkpal_ai\/","https:\/\/www.crunchbase.com\/organization\/talkpal-9cde","https:\/\/www.g2.com\/products\/talkpal-for-business\/","https:\/\/www.trustpilot.com\/review\/talkpal.ai","https:\/\/www.capterra.com\/p\/10006800\/TalkPal\/"],"description":"Talkpal is a language learning web and mobile education app, powered by the latest AI technologies, that provides engaging experiences to its customers in many different languages to help them improve their language skills. Users can chat about unlimited amount of topics with the app and use other modes to practice their language learning.","email":"support@talkpal.ai","legalName":"Talkpal, Inc.","foundingDate":"2023-04-03","duns":"118989042","numberOfEmployees":{"@type":"QuantitativeValue","minValue":"11","maxValue":"50"},"publishingPrinciples":"https:\/\/talkpal.ai\/publishing-principles\/","actionableFeedbackPolicy":"https:\/\/talkpal.ai\/actionable-feedback-policy\/","correctionsPolicy":"https:\/\/talkpal.ai\/corrections-policy\/","ethicsPolicy":"https:\/\/talkpal.ai\/ethics-policy\/","diversityPolicy":"https:\/\/talkpal.ai\/diversity-policy\/","diversityStaffingReport":"https:\/\/talkpal.ai\/diversity-policy\/"}]}},"_links":{"self":[{"href":"https:\/\/talkpal.ai\/tr\/wp-json\/wp\/v2\/pages\/147709","targetHints":{"allow":["GET"]}}],"collection":[{"href":"https:\/\/talkpal.ai\/tr\/wp-json\/wp\/v2\/pages"}],"about":[{"href":"https:\/\/talkpal.ai\/tr\/wp-json\/wp\/v2\/types\/page"}],"author":[{"embeddable":true,"href":"https:\/\/talkpal.ai\/tr\/wp-json\/wp\/v2\/users\/1"}],"replies":[{"embeddable":true,"href":"https:\/\/talkpal.ai\/tr\/wp-json\/wp\/v2\/comments?post=147709"}],"version-history":[{"count":0,"href":"https:\/\/talkpal.ai\/tr\/wp-json\/wp\/v2\/pages\/147709\/revisions"}],"wp:featuredmedia":[{"embeddable":true,"href":"https:\/\/talkpal.ai\/tr\/wp-json\/wp\/v2\/media\/116613"}],"wp:attachment":[{"href":"https:\/\/talkpal.ai\/tr\/wp-json\/wp\/v2\/media?parent=147709"}],"curies":[{"name":"wp","href":"https:\/\/api.w.org\/{rel}","templated":true}]}}