{"id":1474964,"date":"2025-11-11T16:21:06","date_gmt":"2025-11-11T16:21:06","guid":{"rendered":"https:\/\/talkpal.ai\/birmanya-dilbilgisi-alistirmalari\/"},"modified":"2025-12-30T15:23:37","modified_gmt":"2025-12-30T15:23:37","slug":"birmanya-dilbilgisi-alistirmalari","status":"publish","type":"page","link":"https:\/\/talkpal.ai\/tr\/birmanya-dilbilgisi-alistirmalari\/","title":{"rendered":"Birmanya Dilbilgisi Al\u0131\u015ft\u0131rmalar\u0131"},"content":{"rendered":"\r\n\r\n\r\n<section class=\"languageChallengeSection\">\r\n    <div class=\"languageInfoWrapper\">\r\n        \r\n        <h1>Birmanya Dilbilgisi Al\u0131\u015ft\u0131rmalar\u0131<\/h1>\r\n        <p>Birmanca dilbilgisine dalmaya haz\u0131r m\u0131s\u0131n\u0131z? Birka\u00e7 temel pratik yapmak, bu e\u015fsiz ve g\u00fczel dile al\u0131\u015fman\u0131za yard\u0131mc\u0131 olacakt\u0131r. Kendinize g\u00fcveninizi art\u0131rmak ve bu arada biraz e\u011flenmek i\u00e7in bu egzersizleri deneyin!<\/p>\r\n\r\n                            <a class=\"getStartedHidden\" href=\"https:\/\/app.talkpal.ai\/tr\/signup?lng=\">Hadi ba\u015fla<\/a>\r\n        \r\n    <\/div>\r\n\r\n    <figure>\r\n    <img decoding=\"async\" width=\"768\" height=\"768\" src=\"https:\/\/talkpal.ai\/wp-content\/uploads\/2023\/06\/welsh-768x768.png\" class=\"languageImage no-lazy\" alt=\"Language learning for better cognitive abilities\" fetchpriority=\"high\" sizes=\"(max-width: 768px) 150px, 768px\" srcset=\"https:\/\/talkpal.ai\/wp-content\/uploads\/2023\/06\/welsh-768x768.png 768w, https:\/\/talkpal.ai\/wp-content\/uploads\/2023\/06\/welsh-300x300.png 300w\" \/>\r\n    \r\n\r\n    <\/figure>\r\n\r\n            <a class=\"getStartedVisible\" href=\"https:\/\/app.talkpal.ai\/tr\/signup?lng=\">Hadi ba\u015fla<\/a>\r\n    \r\n<\/section><section class=\"promotionalBanner\">\r\n    <p class=\"promotionalText\">Dil \u00f6\u011frenmenin en etkili yolu<\/p>\r\n    <a class=\"promotionalLink\" href=\"https:\/\/app.talkpal.ai\/tr\/signup?lng=\">Talkpal \u00fccretsiz deneyin<\/a>\r\n<\/section>\n<div class=\"wp-block-group pageContainerStyle\"><div class=\"wp-block-group__inner-container is-layout-constrained wp-block-group-is-layout-constrained\">\n<h2 class=\"wp-block-heading\" id=\"h-burmese-grammar-topics\">Birmanya Dilbilgisi Konular\u0131<\/h2>\n\n\n\n<p><a href=\"https:\/\/talkpal.ai\/tr\/yeni-bir-dil-ogrenirken-kacinilmasi-gereken-en-buyuk-hatalar\/\">Yeni bir dil \u00f6\u011frenmek<\/a> zorlu <a href=\"https:\/\/talkpal.ai\/locations\/language-courses-in-ama\/\">ama<\/a> \u00f6d\u00fcllendirici bir \u00e7aba olabilir. \u00c7o\u011funlukla Myanmar&#8217;da konu\u015fulan bir \u00c7in-Tibet dili olan Birmanca da bir istisna de\u011fildir. E\u015fsiz \u00f6zellikleri ve yap\u0131lar\u0131 ile Birmanca <a href=\"https:\/\/talkpal.ai\/tr\/egitim-icin-talkpal\/\">\u00f6\u011frenmek<\/a> , dilbilgisini anlamak i\u00e7in sistematik bir yakla\u015f\u0131m gerektirir. Bu k\u0131lavuz, <a href=\"https:\/\/talkpal.ai\/tr\/birmanya-dilbilgisi\/\">Birmanca dilbilgisinin<\/a> temel alanlar\u0131n\u0131, isimler ve artikeller gibi temel bilgilerden ba\u015flayarak ve zamanlar ve c\u00fcmle yap\u0131s\u0131 gibi daha karma\u015f\u0131k alanlara do\u011fru ilerleyerek <a href=\"https:\/\/talkpal.ai\/tr\/dil-ogrenimi-icin-yapay-zeka-chatbotu\/\">dil \u00f6\u011frenimi<\/a> i\u00e7in mant\u0131ksal bir s\u0131rayla \u00f6zetlemektedir.<\/p>\n\n\n\n<h3 class=\"wp-block-heading\" id=\"h-1-nouns\">1. \u0130simler:<\/h3>\n\n\n\n<p>Birmanca dil yolculu\u011funuza isimleri \u00f6\u011frenerek ba\u015flay\u0131n. Bu, ortak ve \u00f6zel isimleri anlamay\u0131, \u00e7o\u011fullu\u011fun zorunlu \u00e7ekim yerine belirte\u00e7lerle nas\u0131l g\u00f6sterildi\u011fini ve s\u0131n\u0131fland\u0131r\u0131c\u0131lar\u0131n say\u0131larla nas\u0131l e\u015fle\u015fti\u011fini i\u00e7erir.<\/p>\n\n\n\n<h3 class=\"wp-block-heading\" id=\"h-2-articles\">2. Makaleler:<\/h3>\n\n\n\n<p>Birmanya dilindeki makaleler <a href=\"https:\/\/talkpal.ai\/ai-english-speaking-practice\/\">\u0130ngilizce&#8217;den<\/a> farkl\u0131 kullan\u0131l\u0131r. Birmanca&#8217;n\u0131n belirli ve belirsiz artikeller yoktur, bu nedenle kesinlik ba\u011flam veya g\u00f6stericilerle g\u00f6sterilir ve belirsiz bir anlam genellikle bir veya di\u011fer par\u00e7ac\u0131klarla aktar\u0131l\u0131r.<\/p>\n\n\n\n<h3 class=\"wp-block-heading\" id=\"h-3-adjectives\">3. S\u0131fatlar:<\/h3>\n\n\n\n<p>Birmanca&#8217;daki s\u0131fatlar, isimlerle \u0130ngilizce&#8217;den farkl\u0131 \u015fekilde etkile\u015fime girer. Genellikle dura\u011fan fiiller olarak i\u015flev g\u00f6r\u00fcrler ve genellikle konu\u015fma dilinde isimden sonra veya daha resmi tarzlarda nitelik belirteci olan isimden \u00f6nce g\u00f6r\u00fcn\u00fcrler ve ayr\u0131ca derece s\u00f6zc\u00fckleri ve i\u00e7in i\u015faretleyici ile kar\u015f\u0131la\u015ft\u0131rmalar\u0131n yan\u0131 s\u0131ra \u00f6zel bi\u00e7imlerle \u00fcst\u00fcnl\u00fck ifadelerinin nas\u0131l olu\u015fturulaca\u011f\u0131n\u0131 da \u00f6\u011freneceksiniz.<\/p>\n\n\n\n<h3 class=\"wp-block-heading\" id=\"h-4-pronouns-determiners\">4. Zamirler\/Belirleyiciler:<\/h3>\n\n\n\n<p>Birmanca&#8217;da ronounlar ve belirleyiciler \u00f6nemlidir; nezaket ve formalite d\u00fczeylerini yans\u0131t\u0131rlar ve isimleri de\u011fi\u015ftirebilir veya onlar\u0131 \u015fu ve bu gibi g\u00f6stericilerle, niceli\u011fi say\u0131lar art\u0131 s\u0131n\u0131fland\u0131r\u0131c\u0131larla ve sahiplik iyelik par\u00e7ac\u0131klar\u0131yla belirtebilirler.<\/p>\n\n\n\n<h3 class=\"wp-block-heading\" id=\"h-5-verbs\">5. Fiiller:<\/h3>\n\n\n\n<p>Birmanya fiilleri ki\u015fi veya say\u0131 i\u00e7in \u00e7ekimlenmez. Bunun yerine, zaman, g\u00f6r\u00fcn\u00fc\u015f, ruh hali, kutupluluk ve nezaket belirte\u00e7ler ve c\u00fcmle sonu par\u00e7ac\u0131klar\u0131yla ifade edilir, bu nedenle temel fiil g\u00f6vdeleri ve g\u00fcnl\u00fck konu\u015fmada kullan\u0131lan temel par\u00e7ac\u0131klarla ba\u015flay\u0131n.<\/p>\n\n\n\n<h3 class=\"wp-block-heading\" id=\"h-6-tenses\">6. Zamanlar:<\/h3>\n\n\n\n<p>Fiil kal\u0131plar\u0131nda ustala\u015ft\u0131ktan sonra, Birmanca&#8217;n\u0131n zaman ve g\u00f6r\u00fcn\u00fc\u015f\u00fc nas\u0131l ele ald\u0131\u011f\u0131n\u0131 daha derinlemesine inceleyin. Birmanca, genellikle zaman ifadeleriyle birlikte \u015fimdiyi, ge\u00e7mi\u015fi, gelece\u011fi, tamamlanmay\u0131 ve niyeti ay\u0131rt etmek i\u00e7in g\u00f6r\u00fcn\u00fc\u015f belirte\u00e7lerine ve c\u00fcmle sonu par\u00e7ac\u0131klar\u0131na g\u00fcvenir.<\/p>\n\n\n\n<h3 class=\"wp-block-heading\" id=\"h-7-tense-comparison\">7. Gergin Kar\u015f\u0131la\u015ft\u0131rma:<\/h3>\n\n\n\n<p>Birmanca&#8217;da zaman ve g\u00f6r\u00fcn\u00fc\u015f\u00fc kar\u015f\u0131la\u015ft\u0131rmak, olaylar\u0131n s\u0131ras\u0131n\u0131 ve do\u011fas\u0131n\u0131 anlamaya yard\u0131mc\u0131 olur. Devam eden, tamamlanan, al\u0131\u015f\u0131lm\u0131\u015f ve ama\u00e7lanan eylemlerin nas\u0131l ifade edildi\u011fini g\u00f6rmek i\u00e7in ayn\u0131 fiili farkl\u0131 par\u00e7ac\u0131klar ve zaman ifadeleriyle kar\u015f\u0131la\u015ft\u0131r\u0131n.<\/p>\n\n\n\n<h3 class=\"wp-block-heading\" id=\"h-8-progressive\">8. \u0130lerici:<\/h3>\n\n\n\n<p>Birmanca&#8217;da ilerici, devam eden eylemleri ifade etmek i\u00e7in kullan\u0131l\u0131r. Fiile ili\u015ftirilmi\u015f a\u015famal\u0131 bir i\u015faretleyici ile olu\u015fturulur ve uygun bir c\u00fcmle-son par\u00e7ac\u0131\u011f\u0131 ile tamamlan\u0131r.<\/p>\n\n\n\n<h3 class=\"wp-block-heading\" id=\"h-9-perfect-progressive\">9. M\u00fckemmel \u0130lerici:<\/h3>\n\n\n\n<p>Bu anlam, belirli bir noktaya kadar devam eden eylemleri ifade etmek i\u00e7in kullan\u0131l\u0131r. Birmanca&#8217;da, tek bir \u00f6zel bi\u00e7im yerine, a\u015famal\u0131 olan\u0131 s\u00fcrekli veya tamamlay\u0131c\u0131 belirte\u00e7ler ve s\u00fcre ifadeleriyle birle\u015ftirerek aktar\u0131l\u0131r.<\/p>\n\n\n\n<h3 class=\"wp-block-heading\" id=\"h-10-conditionals\">10. Ko\u015fullar:<\/h3>\n\n\n\n<p>Ko\u015fullar, varsay\u0131msal durumlar\u0131 ve olas\u0131 sonu\u00e7lar\u0131n\u0131 ifade eder. Birmanca&#8217;da protasiste ko\u015fullu bir i\u015faretleyici ve sonu\u00e7 c\u00fcmlesinde uygun c\u00fcmle-son par\u00e7ac\u0131klar\u0131 ile olu\u015fturulurlar ve dil becerilerinize n\u00fcans katacak dilbilgisinin \u00f6nemli bir par\u00e7as\u0131d\u0131rlar.<\/p>\n\n\n\n<h3 class=\"wp-block-heading\" id=\"h-11-adverbs\">11. Zarflar:<\/h3>\n\n\n\n<p>Birmanca&#8217;daki zarflar fiilleri, s\u0131fatlar\u0131 veya di\u011fer zarflar\u0131 de\u011fi\u015ftirir. Genellikle fiil c\u00fcmlesinden \u00f6nce g\u00f6r\u00fcn\u00fcrler ve genellikle \u00f6zel par\u00e7ac\u0131klar veya sabit zarflar kullanarak tarz, yer, zaman, derece ve daha fazlas\u0131 hakk\u0131nda bilgi sa\u011flarlar.<\/p>\n\n\n\n<h3 class=\"wp-block-heading\" id=\"h-12-prepositions\">12. Edatlar:<\/h3>\n\n\n\n<p>Edatlar kelimeleri ve c\u00fcmleleri birbirine ba\u011flar. Birmanca, edatlar yerine edatlar kullan\u0131r ve bunlar zaman, yer, y\u00f6n, e\u015flik ve daha fazlas\u0131n\u0131n ili\u015fkilerini ifade etmek i\u00e7in ismi takip eder.<\/p>\n\n\n\n<h3 class=\"wp-block-heading\" id=\"h-13-sentences\">13. C\u00fcmleler:<\/h3>\n\n\n\n<p>Son olarak, c\u00fcmle kurma al\u0131\u015ft\u0131rmas\u0131 yap\u0131n. Birmanca genellikle \u00f6zne nesnesi fiilidir ve c\u00fcmle-son par\u00e7ac\u0131klar\u0131na ve konu-yorum yap\u0131s\u0131na dayan\u0131r, bu nedenle bu ad\u0131m, do\u011fru ve do\u011fal Birmanca olu\u015fturmak i\u00e7in daha \u00f6nce \u00f6\u011frenilen t\u00fcm dilbilgisi noktalar\u0131n\u0131 ba\u011flam i\u00e7inde kullanmay\u0131 i\u00e7erir.<\/p>\n<\/div><\/div>\n\r\n<section class=\"learnNavigationSection\">\r\n            \r\n        <a href=\"https:\/\/talkpal.ai\/tr\/birmanca-ogrenin\/\">\r\n            <div class=\"learnNavigationWrapper\">\r\n                <div class=\"learnNavigationContent\">\r\n                    <img decoding=\"async\" src=\"https:\/\/talkpal.ai\/wp-content\/uploads\/2025\/11\/Myanmar.png\" alt=\"Myanmar Flag\">\r\n                    <div>\r\n                        <h4>Birmanya \u00d6\u011frenimi Hakk\u0131nda<\/h4>\r\n                        <p>Birmanya Dilbilgisi hakk\u0131nda her \u015feyi \u00f6\u011frenin.<\/p>\r\n                    <\/div>\r\n                <\/div>\r\n            <\/div>\r\n        <\/a>\r\n\r\n        \r\n        <a href=\"https:\/\/talkpal.ai\/tr\/birmanya-dilbilgisi\/\">\r\n            <div class=\"learnNavigationWrapper\">\r\n                <div class=\"learnNavigationContent\">\r\n                    <img decoding=\"async\" src=\"https:\/\/talkpal.ai\/wp-content\/uploads\/2025\/11\/Myanmar.png\" alt=\"Myanmar Flag\">\r\n                    <div>\r\n                        <h4>Birmanya Dilbilgisi Dersleri<\/h4>\r\n                        <p>Birmanca dilbilgisi prati\u011fi yap\u0131n.<\/p>\r\n                    <\/div>\r\n                <\/div>\r\n            <\/div>\r\n        <\/a>\r\n\r\n            <\/section>","protected":false},"excerpt":{"rendered":"<p>Birmanya Dilbilgisi Konular\u0131 Yeni bir dil \u00f6\u011frenmek zorlu ama \u00f6d\u00fcllendirici bir \u00e7aba olabilir. \u00c7o\u011funlukla Myanmar&#8217;da konu\u015fulan bir \u00c7in-Tibet dili olan Birmanca da bir istisna de\u011fildir. E\u015fsiz \u00f6zellikleri ve yap\u0131lar\u0131 ile Birmanca \u00f6\u011frenmek , dilbilgisini anlamak i\u00e7in sistematik bir yakla\u015f\u0131m gerektirir. Bu k\u0131lavuz, Birmanca dilbilgisinin temel alanlar\u0131n\u0131, isimler ve artikeller gibi temel bilgilerden ba\u015flayarak ve zamanlar [&hellip;]<\/p>\n","protected":false},"author":20,"featured_media":0,"parent":0,"menu_order":0,"comment_status":"closed","ping_status":"closed","template":"LearningContentPage.php","meta":{"_acf_changed":false,"footnotes":""},"class_list":["post-1474964","page","type-page","status-publish","hentry"],"acf":[],"yoast_head":"<!-- This site is optimized with the Yoast SEO Premium plugin v27.2 (Yoast SEO v27.2) - https:\/\/yoast.com\/product\/yoast-seo-premium-wordpress\/ -->\n<title>Birmanya Dilbilgisi Al\u0131\u015ft\u0131rmalar\u0131 - Talkpal<\/title>\n<meta name=\"description\" content=\"Dil yeterlili\u011finizi art\u0131rmak i\u00e7in isimleri, fiilleri ve zamanlar\u0131 kapsayan kapsaml\u0131 dilbilgisi al\u0131\u015ft\u0131rmalar\u0131yla Birmanca&#039;da ustala\u015f\u0131n.\" \/>\n<meta name=\"robots\" content=\"index, follow, max-snippet:-1, max-image-preview:large, max-video-preview:-1\" \/>\n<link rel=\"canonical\" href=\"https:\/\/talkpal.ai\/tr\/birmanya-dilbilgisi-alistirmalari\/\" \/>\n<meta property=\"og:locale\" content=\"tr_TR\" \/>\n<meta property=\"og:type\" content=\"article\" \/>\n<meta property=\"og:title\" content=\"Birmanya Dilbilgisi Al\u0131\u015ft\u0131rmalar\u0131\" \/>\n<meta property=\"og:description\" content=\"Birmanya Dilbilgisi Konular\u0131 Yeni bir dil \u00f6\u011frenmek zorlu ama \u00f6d\u00fcllendirici bir \u00e7aba olabilir. \u00c7o\u011funlukla Myanmar&#039;da konu\u015fulan bir \u00c7in-Tibet dili olan\" \/>\n<meta property=\"og:url\" content=\"https:\/\/talkpal.ai\/tr\/birmanya-dilbilgisi-alistirmalari\/\" \/>\n<meta property=\"og:site_name\" content=\"Talkpal\" \/>\n<meta property=\"article:publisher\" content=\"https:\/\/www.facebook.com\/profile.php?id=100090733639311\" \/>\n<meta property=\"article:modified_time\" content=\"2025-12-30T15:23:37+00:00\" \/>\n<meta property=\"og:image\" content=\"https:\/\/talkpal.ai\/wp-content\/uploads\/2025\/02\/Progress-tab-16_9.png\" \/>\n\t<meta property=\"og:image:width\" content=\"2880\" \/>\n\t<meta property=\"og:image:height\" content=\"1620\" \/>\n\t<meta property=\"og:image:type\" content=\"image\/png\" \/>\n<meta name=\"twitter:card\" content=\"summary_large_image\" \/>\n<meta name=\"twitter:site\" content=\"@talkpalai\" \/>\n<meta name=\"twitter:label1\" content=\"Tahmini okuma s\u00fcresi\" \/>\n\t<meta name=\"twitter:data1\" content=\"4 dakika\" \/>\n<script type=\"application\/ld+json\" class=\"yoast-schema-graph\">{\"@context\":\"https:\/\/schema.org\",\"@graph\":[{\"@type\":\"WebPage\",\"@id\":\"https:\/\/talkpal.ai\/tr\/birmanya-dilbilgisi-alistirmalari\/\",\"url\":\"https:\/\/talkpal.ai\/tr\/birmanya-dilbilgisi-alistirmalari\/\",\"name\":\"Birmanya Dilbilgisi Al\u0131\u015ft\u0131rmalar\u0131 - Talkpal\",\"isPartOf\":{\"@id\":\"https:\/\/talkpal.ai\/tr\/#website\"},\"datePublished\":\"2025-11-11T16:21:06+00:00\",\"dateModified\":\"2025-12-30T15:23:37+00:00\",\"description\":\"Dil yeterlili\u011finizi art\u0131rmak i\u00e7in isimleri, fiilleri ve zamanlar\u0131 kapsayan kapsaml\u0131 dilbilgisi al\u0131\u015ft\u0131rmalar\u0131yla Birmanca'da ustala\u015f\u0131n.\",\"breadcrumb\":{\"@id\":\"https:\/\/talkpal.ai\/tr\/birmanya-dilbilgisi-alistirmalari\/#breadcrumb\"},\"inLanguage\":\"tr\",\"potentialAction\":[{\"@type\":\"ReadAction\",\"target\":[\"https:\/\/talkpal.ai\/tr\/birmanya-dilbilgisi-alistirmalari\/\"]}]},{\"@type\":\"BreadcrumbList\",\"@id\":\"https:\/\/talkpal.ai\/tr\/birmanya-dilbilgisi-alistirmalari\/#breadcrumb\",\"itemListElement\":[{\"@type\":\"ListItem\",\"position\":1,\"name\":\"Homepage\",\"item\":\"https:\/\/talkpal.ai\/tr\/\"},{\"@type\":\"ListItem\",\"position\":2,\"name\":\"Birmanya Dilbilgisi Al\u0131\u015ft\u0131rmalar\u0131\"}]},{\"@type\":\"WebSite\",\"@id\":\"https:\/\/talkpal.ai\/tr\/#website\",\"url\":\"https:\/\/talkpal.ai\/tr\/\",\"name\":\"Talkpal\",\"description\":\"AI Language Learning\",\"publisher\":{\"@id\":\"https:\/\/talkpal.ai\/tr\/#organization\"},\"alternateName\":\"Talkpal AI\",\"potentialAction\":[{\"@type\":\"SearchAction\",\"target\":{\"@type\":\"EntryPoint\",\"urlTemplate\":\"https:\/\/talkpal.ai\/tr\/?s={search_term_string}\"},\"query-input\":{\"@type\":\"PropertyValueSpecification\",\"valueRequired\":true,\"valueName\":\"search_term_string\"}}],\"inLanguage\":\"tr\"},{\"@type\":\"Organization\",\"@id\":\"https:\/\/talkpal.ai\/tr\/#organization\",\"name\":\"Talkpal, Inc.\",\"alternateName\":\"Talkpal AI\",\"url\":\"https:\/\/talkpal.ai\/tr\/\",\"logo\":{\"@type\":\"ImageObject\",\"inLanguage\":\"tr\",\"@id\":\"https:\/\/talkpal.ai\/tr\/#\/schema\/logo\/image\/\",\"url\":\"https:\/\/talkpal.ai\/wp-content\/uploads\/2024\/03\/Talkpal-Logo-Icon.png\",\"contentUrl\":\"https:\/\/talkpal.ai\/wp-content\/uploads\/2024\/03\/Talkpal-Logo-Icon.png\",\"width\":2880,\"height\":2880,\"caption\":\"Talkpal, Inc.\"},\"image\":{\"@id\":\"https:\/\/talkpal.ai\/tr\/#\/schema\/logo\/image\/\"},\"sameAs\":[\"https:\/\/www.facebook.com\/profile.php?id=100090733639311\",\"https:\/\/x.com\/talkpalai\",\"https:\/\/www.linkedin.com\/company\/talkpal\/\",\"https:\/\/www.youtube.com\/@TalkPal\/\",\"https:\/\/www.tiktok.com\/@talkpal\",\"https:\/\/www.instagram.com\/talkpal_ai\/\",\"https:\/\/www.crunchbase.com\/organization\/talkpal-9cde\",\"https:\/\/www.g2.com\/products\/talkpal-for-business\/\",\"https:\/\/www.trustpilot.com\/review\/talkpal.ai\",\"https:\/\/www.capterra.com\/p\/10006800\/TalkPal\/\"],\"description\":\"Talkpal is a language learning web and mobile education app, powered by the latest AI technologies, that provides engaging experiences to its customers in many different languages to help them improve their language skills. Users can chat about unlimited amount of topics with the app and use other modes to practice their language learning.\",\"email\":\"support@talkpal.ai\",\"legalName\":\"Talkpal, Inc.\",\"foundingDate\":\"2023-04-03\",\"duns\":\"118989042\",\"numberOfEmployees\":{\"@type\":\"QuantitativeValue\",\"minValue\":\"11\",\"maxValue\":\"50\"},\"publishingPrinciples\":\"https:\/\/talkpal.ai\/publishing-principles\/\",\"actionableFeedbackPolicy\":\"https:\/\/talkpal.ai\/actionable-feedback-policy\/\",\"correctionsPolicy\":\"https:\/\/talkpal.ai\/corrections-policy\/\",\"ethicsPolicy\":\"https:\/\/talkpal.ai\/ethics-policy\/\",\"diversityPolicy\":\"https:\/\/talkpal.ai\/diversity-policy\/\",\"diversityStaffingReport\":\"https:\/\/talkpal.ai\/diversity-policy\/\"}]}<\/script>\n<!-- \/ Yoast SEO Premium plugin. -->","yoast_head_json":{"title":"Birmanya Dilbilgisi Al\u0131\u015ft\u0131rmalar\u0131 - Talkpal","description":"Dil yeterlili\u011finizi art\u0131rmak i\u00e7in isimleri, fiilleri ve zamanlar\u0131 kapsayan kapsaml\u0131 dilbilgisi al\u0131\u015ft\u0131rmalar\u0131yla Birmanca'da ustala\u015f\u0131n.","robots":{"index":"index","follow":"follow","max-snippet":"max-snippet:-1","max-image-preview":"max-image-preview:large","max-video-preview":"max-video-preview:-1"},"canonical":"https:\/\/talkpal.ai\/tr\/birmanya-dilbilgisi-alistirmalari\/","og_locale":"tr_TR","og_type":"article","og_title":"Birmanya Dilbilgisi Al\u0131\u015ft\u0131rmalar\u0131","og_description":"Birmanya Dilbilgisi Konular\u0131 Yeni bir dil \u00f6\u011frenmek zorlu ama \u00f6d\u00fcllendirici bir \u00e7aba olabilir. \u00c7o\u011funlukla Myanmar'da konu\u015fulan bir \u00c7in-Tibet dili olan","og_url":"https:\/\/talkpal.ai\/tr\/birmanya-dilbilgisi-alistirmalari\/","og_site_name":"Talkpal","article_publisher":"https:\/\/www.facebook.com\/profile.php?id=100090733639311","article_modified_time":"2025-12-30T15:23:37+00:00","og_image":[{"width":2880,"height":1620,"url":"https:\/\/talkpal.ai\/wp-content\/uploads\/2025\/02\/Progress-tab-16_9.png","type":"image\/png"}],"twitter_card":"summary_large_image","twitter_site":"@talkpalai","twitter_misc":{"Tahmini okuma s\u00fcresi":"4 dakika"},"schema":{"@context":"https:\/\/schema.org","@graph":[{"@type":"WebPage","@id":"https:\/\/talkpal.ai\/tr\/birmanya-dilbilgisi-alistirmalari\/","url":"https:\/\/talkpal.ai\/tr\/birmanya-dilbilgisi-alistirmalari\/","name":"Birmanya Dilbilgisi Al\u0131\u015ft\u0131rmalar\u0131 - Talkpal","isPartOf":{"@id":"https:\/\/talkpal.ai\/tr\/#website"},"datePublished":"2025-11-11T16:21:06+00:00","dateModified":"2025-12-30T15:23:37+00:00","description":"Dil yeterlili\u011finizi art\u0131rmak i\u00e7in isimleri, fiilleri ve zamanlar\u0131 kapsayan kapsaml\u0131 dilbilgisi al\u0131\u015ft\u0131rmalar\u0131yla Birmanca'da ustala\u015f\u0131n.","breadcrumb":{"@id":"https:\/\/talkpal.ai\/tr\/birmanya-dilbilgisi-alistirmalari\/#breadcrumb"},"inLanguage":"tr","potentialAction":[{"@type":"ReadAction","target":["https:\/\/talkpal.ai\/tr\/birmanya-dilbilgisi-alistirmalari\/"]}]},{"@type":"BreadcrumbList","@id":"https:\/\/talkpal.ai\/tr\/birmanya-dilbilgisi-alistirmalari\/#breadcrumb","itemListElement":[{"@type":"ListItem","position":1,"name":"Homepage","item":"https:\/\/talkpal.ai\/tr\/"},{"@type":"ListItem","position":2,"name":"Birmanya Dilbilgisi Al\u0131\u015ft\u0131rmalar\u0131"}]},{"@type":"WebSite","@id":"https:\/\/talkpal.ai\/tr\/#website","url":"https:\/\/talkpal.ai\/tr\/","name":"Talkpal","description":"AI Language Learning","publisher":{"@id":"https:\/\/talkpal.ai\/tr\/#organization"},"alternateName":"Talkpal AI","potentialAction":[{"@type":"SearchAction","target":{"@type":"EntryPoint","urlTemplate":"https:\/\/talkpal.ai\/tr\/?s={search_term_string}"},"query-input":{"@type":"PropertyValueSpecification","valueRequired":true,"valueName":"search_term_string"}}],"inLanguage":"tr"},{"@type":"Organization","@id":"https:\/\/talkpal.ai\/tr\/#organization","name":"Talkpal, Inc.","alternateName":"Talkpal AI","url":"https:\/\/talkpal.ai\/tr\/","logo":{"@type":"ImageObject","inLanguage":"tr","@id":"https:\/\/talkpal.ai\/tr\/#\/schema\/logo\/image\/","url":"https:\/\/talkpal.ai\/wp-content\/uploads\/2024\/03\/Talkpal-Logo-Icon.png","contentUrl":"https:\/\/talkpal.ai\/wp-content\/uploads\/2024\/03\/Talkpal-Logo-Icon.png","width":2880,"height":2880,"caption":"Talkpal, Inc."},"image":{"@id":"https:\/\/talkpal.ai\/tr\/#\/schema\/logo\/image\/"},"sameAs":["https:\/\/www.facebook.com\/profile.php?id=100090733639311","https:\/\/x.com\/talkpalai","https:\/\/www.linkedin.com\/company\/talkpal\/","https:\/\/www.youtube.com\/@TalkPal\/","https:\/\/www.tiktok.com\/@talkpal","https:\/\/www.instagram.com\/talkpal_ai\/","https:\/\/www.crunchbase.com\/organization\/talkpal-9cde","https:\/\/www.g2.com\/products\/talkpal-for-business\/","https:\/\/www.trustpilot.com\/review\/talkpal.ai","https:\/\/www.capterra.com\/p\/10006800\/TalkPal\/"],"description":"Talkpal is a language learning web and mobile education app, powered by the latest AI technologies, that provides engaging experiences to its customers in many different languages to help them improve their language skills. Users can chat about unlimited amount of topics with the app and use other modes to practice their language learning.","email":"support@talkpal.ai","legalName":"Talkpal, Inc.","foundingDate":"2023-04-03","duns":"118989042","numberOfEmployees":{"@type":"QuantitativeValue","minValue":"11","maxValue":"50"},"publishingPrinciples":"https:\/\/talkpal.ai\/publishing-principles\/","actionableFeedbackPolicy":"https:\/\/talkpal.ai\/actionable-feedback-policy\/","correctionsPolicy":"https:\/\/talkpal.ai\/corrections-policy\/","ethicsPolicy":"https:\/\/talkpal.ai\/ethics-policy\/","diversityPolicy":"https:\/\/talkpal.ai\/diversity-policy\/","diversityStaffingReport":"https:\/\/talkpal.ai\/diversity-policy\/"}]}},"_links":{"self":[{"href":"https:\/\/talkpal.ai\/tr\/wp-json\/wp\/v2\/pages\/1474964","targetHints":{"allow":["GET"]}}],"collection":[{"href":"https:\/\/talkpal.ai\/tr\/wp-json\/wp\/v2\/pages"}],"about":[{"href":"https:\/\/talkpal.ai\/tr\/wp-json\/wp\/v2\/types\/page"}],"author":[{"embeddable":true,"href":"https:\/\/talkpal.ai\/tr\/wp-json\/wp\/v2\/users\/20"}],"replies":[{"embeddable":true,"href":"https:\/\/talkpal.ai\/tr\/wp-json\/wp\/v2\/comments?post=1474964"}],"version-history":[{"count":0,"href":"https:\/\/talkpal.ai\/tr\/wp-json\/wp\/v2\/pages\/1474964\/revisions"}],"wp:attachment":[{"href":"https:\/\/talkpal.ai\/tr\/wp-json\/wp\/v2\/media?parent=1474964"}],"curies":[{"name":"wp","href":"https:\/\/api.w.org\/{rel}","templated":true}]}}