{"id":1474868,"date":"2025-11-11T15:06:48","date_gmt":"2025-11-11T15:06:48","guid":{"rendered":"https:\/\/talkpal.ai\/assamca-dilbilgisi-alistirmalari\/"},"modified":"2025-12-30T15:22:33","modified_gmt":"2025-12-30T15:22:33","slug":"assamca-dilbilgisi-alistirmalari","status":"publish","type":"page","link":"https:\/\/talkpal.ai\/tr\/assamca-dilbilgisi-alistirmalari\/","title":{"rendered":"Assamca Dilbilgisi Al\u0131\u015ft\u0131rmalar\u0131"},"content":{"rendered":"\r\n\r\n\r\n<section class=\"languageChallengeSection\">\r\n    <div class=\"languageInfoWrapper\">\r\n        \r\n        <h1>Assamca Dilbilgisi Al\u0131\u015ft\u0131rmalar\u0131<\/h1>\r\n        <p><a href=\"https:\/\/talkpal.ai\/learn-assamese\/\">Assamca<\/a> dilbilgisine dalmaya haz\u0131r m\u0131s\u0131n\u0131z? Birka\u00e7 temel pratik yapmak, bu e\u015fsiz ve g\u00fczel dile al\u0131\u015fman\u0131za yard\u0131mc\u0131 olacakt\u0131r. Kendinize g\u00fcveninizi art\u0131rmak ve bu arada biraz e\u011flenmek i\u00e7in bu egzersizleri deneyin!<\/p>\r\n\r\n                            <a class=\"getStartedHidden\" href=\"https:\/\/app.talkpal.ai\/tr\/signup?lng=\">Hadi ba\u015fla<\/a>\r\n        \r\n    <\/div>\r\n\r\n    <figure>\r\n    <img decoding=\"async\" width=\"768\" height=\"768\" src=\"https:\/\/talkpal.ai\/wp-content\/uploads\/2023\/06\/welsh-768x768.png\" class=\"languageImage no-lazy\" alt=\"Language learning for better cognitive abilities\" fetchpriority=\"high\" sizes=\"(max-width: 768px) 150px, 768px\" srcset=\"https:\/\/talkpal.ai\/wp-content\/uploads\/2023\/06\/welsh-768x768.png 768w, https:\/\/talkpal.ai\/wp-content\/uploads\/2023\/06\/welsh-300x300.png 300w\" \/>\r\n    \r\n\r\n    <\/figure>\r\n\r\n            <a class=\"getStartedVisible\" href=\"https:\/\/app.talkpal.ai\/tr\/signup?lng=\">Hadi ba\u015fla<\/a>\r\n    \r\n<\/section><section class=\"promotionalBanner\">\r\n    <p class=\"promotionalText\">Dil \u00f6\u011frenmenin en etkili yolu<\/p>\r\n    <a class=\"promotionalLink\" href=\"https:\/\/app.talkpal.ai\/tr\/signup?lng=\">Talkpal \u00fccretsiz deneyin<\/a>\r\n<\/section>\n<div class=\"wp-block-group pageContainerStyle\"><div class=\"wp-block-group__inner-container is-layout-constrained wp-block-group-is-layout-constrained\">\n<h2 class=\"wp-block-heading\" id=\"h-assamese-grammar-topics\">Assamca Dilbilgisi Konular\u0131<\/h2>\n\n\n\n<p><a href=\"https:\/\/talkpal.ai\/tr\/yeni-bir-dil-ogrenirken-kacinilmasi-gereken-en-buyuk-hatalar\/\">Yeni bir dil \u00f6\u011frenmek<\/a> zorlu <a href=\"https:\/\/talkpal.ai\/locations\/language-courses-in-ama\/\">ama<\/a> \u00f6d\u00fcllendirici bir \u00e7aba olabilir. \u00c7o\u011funlukla <a href=\"https:\/\/talkpal.ai\/learn-assamese\/\">Assam<\/a> ve kom\u015fu b\u00f6lgelerde konu\u015fulan bir Hint-Aryan dili olan Assam dili de bir istisna de\u011fildir. Kendine \u00f6zg\u00fc \u00f6zellikleri ve yap\u0131lar\u0131 ile Assamca <a href=\"https:\/\/talkpal.ai\/tr\/egitim-icin-talkpal\/\">\u00f6\u011frenmek<\/a> , dilbilgisini anlamak i\u00e7in sistematik bir yakla\u015f\u0131mdan yararlan\u0131r. Bu k\u0131lavuz, <a href=\"https:\/\/talkpal.ai\/tr\/assam-dilbilgisi\/\">Assam dilbilgisinin<\/a> temel alanlar\u0131n\u0131, isimler ve belirleyiciler gibi temel bilgilerden ba\u015flayarak ve zamanlar ve c\u00fcmle yap\u0131s\u0131 gibi daha karma\u015f\u0131k alanlara do\u011fru ilerleyerek <a href=\"https:\/\/talkpal.ai\/tr\/dil-ogrenimi-icin-yapay-zeka-chatbotu\/\">dil \u00f6\u011frenimi<\/a> i\u00e7in mant\u0131ksal bir s\u0131rayla \u00f6zetlemektedir.<\/p>\n\n\n\n<h3 class=\"wp-block-heading\" id=\"h-1-nouns\">1. \u0130simler:<\/h3>\n\n\n\n<p>\u0130simleri \u00f6\u011frenerek Assam dili yolculu\u011funuza ba\u015flay\u0131n. Bu, ortak ve \u00f6zel isimleri, say\u0131labilir ve say\u0131lamayan isimleri, \u00e7o\u011fullar\u0131n nas\u0131l olu\u015ftu\u011funu ve say\u0131 s\u0131n\u0131fland\u0131r\u0131c\u0131lar\u0131n\u0131n rol\u00fcn\u00fc anlamay\u0131 i\u00e7erir. Assamca&#8217;n\u0131n gramer cinsiyeti yoktur.<\/p>\n\n\n\n<h3 class=\"wp-block-heading\" id=\"h-2-articles\">2. Makaleler:<\/h3>\n\n\n\n<p>Assamca, <a href=\"https:\/\/talkpal.ai\/ai-english-speaking-practice\/\">\u0130ngilizce<\/a> gibi belirli veya belirsiz artikeller kullanmaz. Kesinlik ve belirsizlik, ba\u011flam, g\u00f6stericiler ve belirsiz bir belirte\u00e7 gibi i\u015flev g\u00f6ren say\u0131 arac\u0131l\u0131\u011f\u0131yla ifade edilir. Bu kal\u0131plar\u0131 anlamak c\u00fcmle kurmada \u00e7ok \u00f6nemlidir.<\/p>\n\n\n\n<h3 class=\"wp-block-heading\" id=\"h-3-adjectives\">3. S\u0131fatlar:<\/h3>\n\n\n\n<p>Assamca&#8217;da s\u0131fatlar genellikle de\u011fi\u015ftirdikleri isimlerden \u00f6nce gelir. S\u0131fatlar\u0131n nitelik ve y\u00fcklem konumlar\u0131nda nas\u0131l kullan\u0131ld\u0131\u011f\u0131n\u0131, cinsiyet i\u00e7in ayn\u0131 fikirde olmad\u0131klar\u0131n\u0131 ve par\u00e7ac\u0131klar veya perifrastik yap\u0131lar kullanarak kar\u015f\u0131la\u015ft\u0131rma ve \u00fcst\u00fcnl\u00fck ifadelerinin nas\u0131l olu\u015fturulaca\u011f\u0131n\u0131 \u00f6\u011frenin.<\/p>\n\n\n\n<h3 class=\"wp-block-heading\" id=\"h-4-pronouns-determiners\">4. Zamirler\/Belirleyiciler:<\/h3>\n\n\n\n<p>Assamca&#8217;da zamirler ve belirleyiciler \u00f6nemlidir. Say\u0131 ayr\u0131mlar\u0131 ve formalite veya onur d\u00fczeyleri de dahil olmak \u00fczere ki\u015fisel, g\u00f6sterici, soru ve iyelik zamirlerini inceleyin. Miktar belirleyicilerini ve say\u0131sal s\u0131n\u0131fland\u0131r\u0131c\u0131lar\u0131n kullan\u0131m\u0131n\u0131 \u00f6\u011frenin.<\/p>\n\n\n\n<h3 class=\"wp-block-heading\" id=\"h-5-verbs\">5. Fiiller:<\/h3>\n\n\n\n<p>Assamca fiiller zamana, g\u00f6r\u00fcn\u00fc\u015fe, ruh haline, ki\u015fiye ve bazen de onurland\u0131rma d\u00fczeyine g\u00f6re bi\u00e7im de\u011fi\u015ftirir. Temel \u015fimdiki formlarla ba\u015flay\u0131n ve yava\u015f yava\u015f ge\u00e7mi\u015f ve gelece\u011fi, orta\u00e7lar ve fiil isimleri gibi sonlu olmayan formlarla birlikte ke\u015ffedin.<\/p>\n\n\n\n<h3 class=\"wp-block-heading\" id=\"h-6-tenses\">6. Zamanlar:<\/h3>\n\n\n\n<p>Fiil formlar\u0131nda ustala\u015ft\u0131ktan sonra, Assam zaman\u0131 ve g\u00f6r\u00fcn\u00fc\u015f\u00fcn\u00fc daha derinlemesine inceleyin. \u015eimdi, ge\u00e7mi\u015f ve gelece\u011fin m\u00fckemmelle\u015ftirici ve ilerici gibi y\u00f6nlerle nas\u0131l birle\u015fti\u011fini ve bunlar\u0131n farkl\u0131 ba\u011flamlarda nas\u0131l kullan\u0131ld\u0131\u011f\u0131n\u0131 anlay\u0131n.<\/p>\n\n\n\n<h3 class=\"wp-block-heading\" id=\"h-7-tense-comparison\">7. Gergin Kar\u015f\u0131la\u015ft\u0131rma:<\/h3>\n\n\n\n<p>Assamca&#8217;da zamanlar\u0131 ve y\u00f6nleri kar\u015f\u0131la\u015ft\u0131rmak, olaylar\u0131n s\u0131ras\u0131n\u0131 ve n\u00fcans\u0131n\u0131 anlamaya yard\u0131mc\u0131 olur. Ayn\u0131 fiili zamanlar ve y\u00f6nler aras\u0131nda kar\u015f\u0131la\u015ft\u0131rmak, kullan\u0131m\u0131n daha net anla\u015f\u0131lmas\u0131n\u0131 sa\u011flayacakt\u0131r.<\/p>\n\n\n\n<h3 class=\"wp-block-heading\" id=\"h-8-progressive\">8. \u0130lerici:<\/h3>\n\n\n\n<p>Assamca&#8217;daki ilerici y\u00f6n, devam eden eylemleri ifade eder. Genellikle olmak fiilinin uygun bi\u00e7imleriyle birlikte bir fiil kat\u0131l\u0131mc\u0131s\u0131 ile olu\u015fturulur.<\/p>\n\n\n\n<h3 class=\"wp-block-heading\" id=\"h-9-perfect-progressive\">9. M\u00fckemmel \u0130lerici:<\/h3>\n\n\n\n<p>Bu y\u00f6n, belirli bir noktaya kadar devam eden eylemleri ifade eder. Assamca&#8217;da, bir referans zaman\u0131na kadar s\u00fcreklili\u011fi belirtmek i\u00e7in olmak fiilinin yard\u0131mc\u0131 bi\u00e7imleriyle birlikte kat\u0131l\u0131mc\u0131 formlar kullan\u0131larak olu\u015fturulur.<\/p>\n\n\n\n<h3 class=\"wp-block-heading\" id=\"h-10-conditionals\">10. Ko\u015fullar:<\/h3>\n\n\n\n<p>Ko\u015fullar, varsay\u0131msal durumlar\u0131 ve olas\u0131 sonu\u00e7lar\u0131n\u0131 ifade eder. Farkl\u0131 zamanlar\u0131n ve y\u00f6nlerin anlam\u0131 ve nezaketi nas\u0131l etkiledi\u011fi gibi ba\u011fla\u00e7lar\u0131 kullanarak ko\u015fullu yap\u0131lar\u0131 \u00f6\u011frenin.<\/p>\n\n\n\n<h3 class=\"wp-block-heading\" id=\"h-11-adverbs\">11. Zarflar:<\/h3>\n\n\n\n<p>Assamca&#8217;daki zarflar fiilleri, s\u0131fatlar\u0131 veya di\u011fer zarflar\u0131 de\u011fi\u015ftirir. Bir\u00e7ok zarf anlam\u0131 da edat c\u00fcmleleri arac\u0131l\u0131\u011f\u0131yla ifade edilir. Tarz, yer, zaman, derece ve daha fazlas\u0131 hakk\u0131nda bilgi sa\u011flarlar.<\/p>\n\n\n\n<h3 class=\"wp-block-heading\" id=\"h-12-prepositions\">12. Edatlar:<\/h3>\n\n\n\n<p>Assamca, edatlardan ziyade \u00f6ncelikle ismi takip eden edatlar\u0131 kullan\u0131r. Bu \u00f6\u011feler kelimeleri ve c\u00fcmleleri birbirine ba\u011flar ve zaman, yer, y\u00f6n, sahiplik ve daha fazlas\u0131n\u0131n ili\u015fkilerini ifade eder.<\/p>\n\n\n\n<h3 class=\"wp-block-heading\" id=\"h-13-sentences\">13. C\u00fcmleler:<\/h3>\n\n\n\n<p>Son olarak, c\u00fcmle kurma al\u0131\u015ft\u0131rmas\u0131 yap\u0131n. Assamca tipik olarak bir \u00d6zne Nesne Fiil s\u0131ras\u0131n\u0131 takip eder, edatlar kullan\u0131r ve olumsuzlama ve vurgu i\u00e7in kal\u0131plar belirlemi\u015ftir. Daha \u00f6nce \u00f6\u011frenilen t\u00fcm gramer konular\u0131n\u0131 ba\u011flam i\u00e7inde uygulamak, Assam dilinin kapsaml\u0131 bir \u015fekilde anla\u015f\u0131lmas\u0131n\u0131 sa\u011flayacakt\u0131r.<\/p>\n<\/div><\/div>\n\r\n<section class=\"learnNavigationSection\">\r\n            \r\n        <a href=\"https:\/\/talkpal.ai\/tr\/assamca-ogrenin\/\">\r\n            <div class=\"learnNavigationWrapper\">\r\n                <div class=\"learnNavigationContent\">\r\n                    <img decoding=\"async\" src=\"https:\/\/talkpal.ai\/wp-content\/uploads\/2025\/11\/Assamese.png\" alt=\"Indian Simplified Flag\">\r\n                    <div>\r\n                        <h4>Assamca \u00d6\u011frenme Hakk\u0131nda<\/h4>\r\n                        <p>Assam Dilbilgisi hakk\u0131nda her \u015feyi \u00f6\u011frenin.<\/p>\r\n                    <\/div>\r\n                <\/div>\r\n            <\/div>\r\n        <\/a>\r\n\r\n        \r\n        <a href=\"https:\/\/talkpal.ai\/tr\/assam-dilbilgisi\/\">\r\n            <div class=\"learnNavigationWrapper\">\r\n                <div class=\"learnNavigationContent\">\r\n                    <img decoding=\"async\" src=\"https:\/\/talkpal.ai\/wp-content\/uploads\/2025\/11\/Assamese.png\" alt=\"Indian Simplified Flag\">\r\n                    <div>\r\n                        <h4>Assamca Dilbilgisi Dersleri<\/h4>\r\n                        <p>Assamca dilbilgisi prati\u011fi yap\u0131n.<\/p>\r\n                    <\/div>\r\n                <\/div>\r\n            <\/div>\r\n        <\/a>\r\n\r\n            <\/section>","protected":false},"excerpt":{"rendered":"<p>Assamca Dilbilgisi Konular\u0131 Yeni bir dil \u00f6\u011frenmek zorlu ama \u00f6d\u00fcllendirici bir \u00e7aba olabilir. \u00c7o\u011funlukla Assam ve kom\u015fu b\u00f6lgelerde konu\u015fulan bir Hint-Aryan dili olan Assam dili de bir istisna de\u011fildir. Kendine \u00f6zg\u00fc \u00f6zellikleri ve yap\u0131lar\u0131 ile Assamca \u00f6\u011frenmek , dilbilgisini anlamak i\u00e7in sistematik bir yakla\u015f\u0131mdan yararlan\u0131r. Bu k\u0131lavuz, Assam dilbilgisinin temel alanlar\u0131n\u0131, isimler ve belirleyiciler gibi [&hellip;]<\/p>\n","protected":false},"author":20,"featured_media":0,"parent":0,"menu_order":0,"comment_status":"closed","ping_status":"closed","template":"LearningContentPage.php","meta":{"_acf_changed":false,"footnotes":""},"class_list":["post-1474868","page","type-page","status-publish","hentry"],"acf":[],"yoast_head":"<!-- This site is optimized with the Yoast SEO Premium plugin v27.2 (Yoast SEO v27.2) - https:\/\/yoast.com\/product\/yoast-seo-premium-wordpress\/ -->\n<title>Assamca Dilbilgisi Al\u0131\u015ft\u0131rmalar\u0131 - Talkpal<\/title>\n<meta name=\"description\" content=\"Bug\u00fcn yeterlili\u011finizi ve dil becerilerinizi etkili bir \u015fekilde art\u0131rmak i\u00e7in tasarlanm\u0131\u015f etkile\u015fimli al\u0131\u015ft\u0131rmalarla Assamca dilbilgisinde ustala\u015f\u0131n.\" \/>\n<meta name=\"robots\" content=\"index, follow, max-snippet:-1, max-image-preview:large, max-video-preview:-1\" \/>\n<link rel=\"canonical\" href=\"https:\/\/talkpal.ai\/tr\/assamca-dilbilgisi-alistirmalari\/\" \/>\n<meta property=\"og:locale\" content=\"tr_TR\" \/>\n<meta property=\"og:type\" content=\"article\" \/>\n<meta property=\"og:title\" content=\"Assamca Dilbilgisi Al\u0131\u015ft\u0131rmalar\u0131\" \/>\n<meta property=\"og:description\" content=\"Assamca Dilbilgisi Konular\u0131 Yeni bir dil \u00f6\u011frenmek zorlu ama \u00f6d\u00fcllendirici bir \u00e7aba olabilir. \u00c7o\u011funlukla Assam ve kom\u015fu b\u00f6lgelerde konu\u015fulan bir Hint-Aryan\" \/>\n<meta property=\"og:url\" content=\"https:\/\/talkpal.ai\/tr\/assamca-dilbilgisi-alistirmalari\/\" \/>\n<meta property=\"og:site_name\" content=\"Talkpal\" \/>\n<meta property=\"article:publisher\" content=\"https:\/\/www.facebook.com\/profile.php?id=100090733639311\" \/>\n<meta property=\"article:modified_time\" content=\"2025-12-30T15:22:33+00:00\" \/>\n<meta property=\"og:image\" content=\"https:\/\/talkpal.ai\/wp-content\/uploads\/2025\/02\/Progress-tab-16_9.png\" \/>\n\t<meta property=\"og:image:width\" content=\"2880\" \/>\n\t<meta property=\"og:image:height\" content=\"1620\" \/>\n\t<meta property=\"og:image:type\" content=\"image\/png\" \/>\n<meta name=\"twitter:card\" content=\"summary_large_image\" \/>\n<meta name=\"twitter:site\" content=\"@talkpalai\" \/>\n<meta name=\"twitter:label1\" content=\"Tahmini okuma s\u00fcresi\" \/>\n\t<meta name=\"twitter:data1\" content=\"3 dakika\" \/>\n<script type=\"application\/ld+json\" class=\"yoast-schema-graph\">{\"@context\":\"https:\/\/schema.org\",\"@graph\":[{\"@type\":\"WebPage\",\"@id\":\"https:\/\/talkpal.ai\/tr\/assamca-dilbilgisi-alistirmalari\/\",\"url\":\"https:\/\/talkpal.ai\/tr\/assamca-dilbilgisi-alistirmalari\/\",\"name\":\"Assamca Dilbilgisi Al\u0131\u015ft\u0131rmalar\u0131 - Talkpal\",\"isPartOf\":{\"@id\":\"https:\/\/talkpal.ai\/tr\/#website\"},\"datePublished\":\"2025-11-11T15:06:48+00:00\",\"dateModified\":\"2025-12-30T15:22:33+00:00\",\"description\":\"Bug\u00fcn yeterlili\u011finizi ve dil becerilerinizi etkili bir \u015fekilde art\u0131rmak i\u00e7in tasarlanm\u0131\u015f etkile\u015fimli al\u0131\u015ft\u0131rmalarla Assamca dilbilgisinde ustala\u015f\u0131n.\",\"breadcrumb\":{\"@id\":\"https:\/\/talkpal.ai\/tr\/assamca-dilbilgisi-alistirmalari\/#breadcrumb\"},\"inLanguage\":\"tr\",\"potentialAction\":[{\"@type\":\"ReadAction\",\"target\":[\"https:\/\/talkpal.ai\/tr\/assamca-dilbilgisi-alistirmalari\/\"]}]},{\"@type\":\"BreadcrumbList\",\"@id\":\"https:\/\/talkpal.ai\/tr\/assamca-dilbilgisi-alistirmalari\/#breadcrumb\",\"itemListElement\":[{\"@type\":\"ListItem\",\"position\":1,\"name\":\"Homepage\",\"item\":\"https:\/\/talkpal.ai\/tr\/\"},{\"@type\":\"ListItem\",\"position\":2,\"name\":\"Assamca Dilbilgisi Al\u0131\u015ft\u0131rmalar\u0131\"}]},{\"@type\":\"WebSite\",\"@id\":\"https:\/\/talkpal.ai\/tr\/#website\",\"url\":\"https:\/\/talkpal.ai\/tr\/\",\"name\":\"Talkpal\",\"description\":\"AI Language Learning\",\"publisher\":{\"@id\":\"https:\/\/talkpal.ai\/tr\/#organization\"},\"alternateName\":\"Talkpal AI\",\"potentialAction\":[{\"@type\":\"SearchAction\",\"target\":{\"@type\":\"EntryPoint\",\"urlTemplate\":\"https:\/\/talkpal.ai\/tr\/?s={search_term_string}\"},\"query-input\":{\"@type\":\"PropertyValueSpecification\",\"valueRequired\":true,\"valueName\":\"search_term_string\"}}],\"inLanguage\":\"tr\"},{\"@type\":\"Organization\",\"@id\":\"https:\/\/talkpal.ai\/tr\/#organization\",\"name\":\"Talkpal, Inc.\",\"alternateName\":\"Talkpal AI\",\"url\":\"https:\/\/talkpal.ai\/tr\/\",\"logo\":{\"@type\":\"ImageObject\",\"inLanguage\":\"tr\",\"@id\":\"https:\/\/talkpal.ai\/tr\/#\/schema\/logo\/image\/\",\"url\":\"https:\/\/talkpal.ai\/wp-content\/uploads\/2024\/03\/Talkpal-Logo-Icon.png\",\"contentUrl\":\"https:\/\/talkpal.ai\/wp-content\/uploads\/2024\/03\/Talkpal-Logo-Icon.png\",\"width\":2880,\"height\":2880,\"caption\":\"Talkpal, Inc.\"},\"image\":{\"@id\":\"https:\/\/talkpal.ai\/tr\/#\/schema\/logo\/image\/\"},\"sameAs\":[\"https:\/\/www.facebook.com\/profile.php?id=100090733639311\",\"https:\/\/x.com\/talkpalai\",\"https:\/\/www.linkedin.com\/company\/talkpal\/\",\"https:\/\/www.youtube.com\/@TalkPal\/\",\"https:\/\/www.tiktok.com\/@talkpal\",\"https:\/\/www.instagram.com\/talkpal_ai\/\",\"https:\/\/www.crunchbase.com\/organization\/talkpal-9cde\",\"https:\/\/www.g2.com\/products\/talkpal-for-business\/\",\"https:\/\/www.trustpilot.com\/review\/talkpal.ai\",\"https:\/\/www.capterra.com\/p\/10006800\/TalkPal\/\"],\"description\":\"Talkpal is a language learning web and mobile education app, powered by the latest AI technologies, that provides engaging experiences to its customers in many different languages to help them improve their language skills. Users can chat about unlimited amount of topics with the app and use other modes to practice their language learning.\",\"email\":\"support@talkpal.ai\",\"legalName\":\"Talkpal, Inc.\",\"foundingDate\":\"2023-04-03\",\"duns\":\"118989042\",\"numberOfEmployees\":{\"@type\":\"QuantitativeValue\",\"minValue\":\"11\",\"maxValue\":\"50\"},\"publishingPrinciples\":\"https:\/\/talkpal.ai\/publishing-principles\/\",\"actionableFeedbackPolicy\":\"https:\/\/talkpal.ai\/actionable-feedback-policy\/\",\"correctionsPolicy\":\"https:\/\/talkpal.ai\/corrections-policy\/\",\"ethicsPolicy\":\"https:\/\/talkpal.ai\/ethics-policy\/\",\"diversityPolicy\":\"https:\/\/talkpal.ai\/diversity-policy\/\",\"diversityStaffingReport\":\"https:\/\/talkpal.ai\/diversity-policy\/\"}]}<\/script>\n<!-- \/ Yoast SEO Premium plugin. -->","yoast_head_json":{"title":"Assamca Dilbilgisi Al\u0131\u015ft\u0131rmalar\u0131 - Talkpal","description":"Bug\u00fcn yeterlili\u011finizi ve dil becerilerinizi etkili bir \u015fekilde art\u0131rmak i\u00e7in tasarlanm\u0131\u015f etkile\u015fimli al\u0131\u015ft\u0131rmalarla Assamca dilbilgisinde ustala\u015f\u0131n.","robots":{"index":"index","follow":"follow","max-snippet":"max-snippet:-1","max-image-preview":"max-image-preview:large","max-video-preview":"max-video-preview:-1"},"canonical":"https:\/\/talkpal.ai\/tr\/assamca-dilbilgisi-alistirmalari\/","og_locale":"tr_TR","og_type":"article","og_title":"Assamca Dilbilgisi Al\u0131\u015ft\u0131rmalar\u0131","og_description":"Assamca Dilbilgisi Konular\u0131 Yeni bir dil \u00f6\u011frenmek zorlu ama \u00f6d\u00fcllendirici bir \u00e7aba olabilir. \u00c7o\u011funlukla Assam ve kom\u015fu b\u00f6lgelerde konu\u015fulan bir Hint-Aryan","og_url":"https:\/\/talkpal.ai\/tr\/assamca-dilbilgisi-alistirmalari\/","og_site_name":"Talkpal","article_publisher":"https:\/\/www.facebook.com\/profile.php?id=100090733639311","article_modified_time":"2025-12-30T15:22:33+00:00","og_image":[{"width":2880,"height":1620,"url":"https:\/\/talkpal.ai\/wp-content\/uploads\/2025\/02\/Progress-tab-16_9.png","type":"image\/png"}],"twitter_card":"summary_large_image","twitter_site":"@talkpalai","twitter_misc":{"Tahmini okuma s\u00fcresi":"3 dakika"},"schema":{"@context":"https:\/\/schema.org","@graph":[{"@type":"WebPage","@id":"https:\/\/talkpal.ai\/tr\/assamca-dilbilgisi-alistirmalari\/","url":"https:\/\/talkpal.ai\/tr\/assamca-dilbilgisi-alistirmalari\/","name":"Assamca Dilbilgisi Al\u0131\u015ft\u0131rmalar\u0131 - Talkpal","isPartOf":{"@id":"https:\/\/talkpal.ai\/tr\/#website"},"datePublished":"2025-11-11T15:06:48+00:00","dateModified":"2025-12-30T15:22:33+00:00","description":"Bug\u00fcn yeterlili\u011finizi ve dil becerilerinizi etkili bir \u015fekilde art\u0131rmak i\u00e7in tasarlanm\u0131\u015f etkile\u015fimli al\u0131\u015ft\u0131rmalarla Assamca dilbilgisinde ustala\u015f\u0131n.","breadcrumb":{"@id":"https:\/\/talkpal.ai\/tr\/assamca-dilbilgisi-alistirmalari\/#breadcrumb"},"inLanguage":"tr","potentialAction":[{"@type":"ReadAction","target":["https:\/\/talkpal.ai\/tr\/assamca-dilbilgisi-alistirmalari\/"]}]},{"@type":"BreadcrumbList","@id":"https:\/\/talkpal.ai\/tr\/assamca-dilbilgisi-alistirmalari\/#breadcrumb","itemListElement":[{"@type":"ListItem","position":1,"name":"Homepage","item":"https:\/\/talkpal.ai\/tr\/"},{"@type":"ListItem","position":2,"name":"Assamca Dilbilgisi Al\u0131\u015ft\u0131rmalar\u0131"}]},{"@type":"WebSite","@id":"https:\/\/talkpal.ai\/tr\/#website","url":"https:\/\/talkpal.ai\/tr\/","name":"Talkpal","description":"AI Language Learning","publisher":{"@id":"https:\/\/talkpal.ai\/tr\/#organization"},"alternateName":"Talkpal AI","potentialAction":[{"@type":"SearchAction","target":{"@type":"EntryPoint","urlTemplate":"https:\/\/talkpal.ai\/tr\/?s={search_term_string}"},"query-input":{"@type":"PropertyValueSpecification","valueRequired":true,"valueName":"search_term_string"}}],"inLanguage":"tr"},{"@type":"Organization","@id":"https:\/\/talkpal.ai\/tr\/#organization","name":"Talkpal, Inc.","alternateName":"Talkpal AI","url":"https:\/\/talkpal.ai\/tr\/","logo":{"@type":"ImageObject","inLanguage":"tr","@id":"https:\/\/talkpal.ai\/tr\/#\/schema\/logo\/image\/","url":"https:\/\/talkpal.ai\/wp-content\/uploads\/2024\/03\/Talkpal-Logo-Icon.png","contentUrl":"https:\/\/talkpal.ai\/wp-content\/uploads\/2024\/03\/Talkpal-Logo-Icon.png","width":2880,"height":2880,"caption":"Talkpal, Inc."},"image":{"@id":"https:\/\/talkpal.ai\/tr\/#\/schema\/logo\/image\/"},"sameAs":["https:\/\/www.facebook.com\/profile.php?id=100090733639311","https:\/\/x.com\/talkpalai","https:\/\/www.linkedin.com\/company\/talkpal\/","https:\/\/www.youtube.com\/@TalkPal\/","https:\/\/www.tiktok.com\/@talkpal","https:\/\/www.instagram.com\/talkpal_ai\/","https:\/\/www.crunchbase.com\/organization\/talkpal-9cde","https:\/\/www.g2.com\/products\/talkpal-for-business\/","https:\/\/www.trustpilot.com\/review\/talkpal.ai","https:\/\/www.capterra.com\/p\/10006800\/TalkPal\/"],"description":"Talkpal is a language learning web and mobile education app, powered by the latest AI technologies, that provides engaging experiences to its customers in many different languages to help them improve their language skills. Users can chat about unlimited amount of topics with the app and use other modes to practice their language learning.","email":"support@talkpal.ai","legalName":"Talkpal, Inc.","foundingDate":"2023-04-03","duns":"118989042","numberOfEmployees":{"@type":"QuantitativeValue","minValue":"11","maxValue":"50"},"publishingPrinciples":"https:\/\/talkpal.ai\/publishing-principles\/","actionableFeedbackPolicy":"https:\/\/talkpal.ai\/actionable-feedback-policy\/","correctionsPolicy":"https:\/\/talkpal.ai\/corrections-policy\/","ethicsPolicy":"https:\/\/talkpal.ai\/ethics-policy\/","diversityPolicy":"https:\/\/talkpal.ai\/diversity-policy\/","diversityStaffingReport":"https:\/\/talkpal.ai\/diversity-policy\/"}]}},"_links":{"self":[{"href":"https:\/\/talkpal.ai\/tr\/wp-json\/wp\/v2\/pages\/1474868","targetHints":{"allow":["GET"]}}],"collection":[{"href":"https:\/\/talkpal.ai\/tr\/wp-json\/wp\/v2\/pages"}],"about":[{"href":"https:\/\/talkpal.ai\/tr\/wp-json\/wp\/v2\/types\/page"}],"author":[{"embeddable":true,"href":"https:\/\/talkpal.ai\/tr\/wp-json\/wp\/v2\/users\/20"}],"replies":[{"embeddable":true,"href":"https:\/\/talkpal.ai\/tr\/wp-json\/wp\/v2\/comments?post=1474868"}],"version-history":[{"count":0,"href":"https:\/\/talkpal.ai\/tr\/wp-json\/wp\/v2\/pages\/1474868\/revisions"}],"wp:attachment":[{"href":"https:\/\/talkpal.ai\/tr\/wp-json\/wp\/v2\/media?parent=1474868"}],"curies":[{"name":"wp","href":"https:\/\/api.w.org\/{rel}","templated":true}]}}