{"id":1474848,"date":"2025-11-11T15:06:39","date_gmt":"2025-11-11T15:06:39","guid":{"rendered":"https:\/\/talkpal.ai\/assam-dilbilgisi\/"},"modified":"2025-12-30T15:40:35","modified_gmt":"2025-12-30T15:40:35","slug":"assam-dilbilgisi","status":"publish","type":"page","link":"https:\/\/talkpal.ai\/tr\/assam-dilbilgisi\/","title":{"rendered":"Assam Dilbilgisi"},"content":{"rendered":"\r\n\r\n\r\n<section class=\"languageChallengeSection\">\r\n    <div class=\"languageInfoWrapper\">\r\n        \r\n        <h1>Assam Dilbilgisi<\/h1>\r\n        <p>Assamca dilbilgisi ilk ba\u015fta zor g\u00f6r\u00fcnebilir, ancak benzersiz \u00f6zellikleri dili \u00f6\u011frenmeyi \u00f6d\u00fcllendirici bir deneyim haline getirir. Alfabesini, mutasyonlar\u0131n\u0131 ve dilbilgisi kurallar\u0131n\u0131 ke\u015ffederek zengin bir dil gelene\u011fi hakk\u0131nda fikir sahibi olacaks\u0131n\u0131z. Yolculu\u011funuza ba\u015flay\u0131n ve Assam&#039;\u0131n g\u00fczelli\u011fini ke\u015ffedin!<\/p>\r\n\r\n                            <a class=\"getStartedHidden\" href=\"https:\/\/app.talkpal.ai\/tr\/signup?lng=\">Hadi ba\u015fla<\/a>\r\n        \r\n    <\/div>\r\n\r\n    <figure>\r\n    <img decoding=\"async\" width=\"768\" height=\"768\" src=\"https:\/\/talkpal.ai\/wp-content\/uploads\/2023\/06\/welsh-768x768.png\" class=\"languageImage no-lazy\" alt=\"Language learning for better cognitive abilities\" fetchpriority=\"high\" sizes=\"(max-width: 768px) 150px, 768px\" srcset=\"https:\/\/talkpal.ai\/wp-content\/uploads\/2023\/06\/welsh-768x768.png 768w, https:\/\/talkpal.ai\/wp-content\/uploads\/2023\/06\/welsh-300x300.png 300w\" \/>\r\n    \r\n\r\n    <\/figure>\r\n\r\n            <a class=\"getStartedVisible\" href=\"https:\/\/app.talkpal.ai\/tr\/signup?lng=\">Hadi ba\u015fla<\/a>\r\n    \r\n<\/section><section class=\"promotionalBanner\">\r\n    <p class=\"promotionalText\">Dil \u00f6\u011frenmenin en etkili yolu<\/p>\r\n    <a class=\"promotionalLink\" href=\"https:\/\/app.talkpal.ai\/tr\/signup?lng=\">Talkpal \u00fccretsiz deneyin<\/a>\r\n<\/section>\n<div class=\"wp-block-group pageContainerStyle\"><div class=\"wp-block-group__inner-container is-layout-constrained wp-block-group-is-layout-constrained\">\n<h2 class=\"wp-block-heading\" id=\"h-navigating-the-intricacies-of-assamese-grammar\">Assam Dilbilgisinin \u0130nceliklerinde Gezinmek<\/h2>\n\n\n\n<p>Zengin bir tarihe ve k\u00fclt\u00fcrel \u00f6neme sahip bir Hint-Aryan dili olan <a href=\"https:\/\/talkpal.ai\/tr\/assamca-ogrenin\/\">Assamca<\/a>, benzersiz gramer sistemini ke\u015ffetmeye istekli olanlar i\u00e7in heyecan verici bir dil deneyimi sunuyor. <a href=\"https:\/\/talkpal.ai\/learn-assamese\/\">Assam<\/a> diyar\u0131na ad\u0131m att\u0131\u011f\u0131n\u0131zda, yaln\u0131zca dil repertuar\u0131n\u0131z\u0131 zenginle\u015ftirmekle kalmayacak, ayn\u0131 zamanda b\u00fcy\u00fcleyici bir k\u00fclt\u00fcrel yolculu\u011fu da kucaklayacaks\u0131n\u0131z. Assamca dilbilgisi ilk ba\u015fta karma\u015f\u0131k g\u00f6r\u00fcnse de, onu temel bile\u015fenlere ay\u0131rmak, dili \u00f6\u011frenmeyi daha ula\u015f\u0131labilir hale getirir. Bu yaz\u0131da, Assam dilbilgisinin b\u00fcy\u00fcleyici d\u00fcnyas\u0131n\u0131 ke\u015ffedece\u011fiz ve karma\u015f\u0131kl\u0131klar\u0131nda nas\u0131l ustala\u015faca\u011f\u0131n\u0131za dair ipu\u00e7lar\u0131 verece\u011fiz.<\/p>\n\n\n\n<h3 class=\"wp-block-heading\" id=\"h-1-assamese-alphabet-and-phonetics\">1. Assam Alfabesi ve Fonetik<\/h3>\n\n\n\n<p>Assam yaz\u0131 sistemi Do\u011fu Nagari alfabesini kullan\u0131r ve \u09f0 ra ve \u09f1 wa gibi ay\u0131rt edici karakterler ve ses de\u011ferlerinin yan\u0131 s\u0131ra \u00fcns\u00fcz k\u00fcmeleri ve sesli harf aksanlar\u0131 i\u00e7erir. Assamca dilbilgisini \u00f6\u011frenmek i\u00e7in, Assamca okuma ve yazma prati\u011fi yaparak bu yaz\u0131ya ve foneti\u011fine a\u015fina olmak \u00e7ok \u00f6nemlidir.<\/p>\n\n\n\n<h3 class=\"wp-block-heading\" id=\"h-2-sandhi-and-sound-changes-a-peculiar-assamese-feature\">2. Sandhi ve Ses De\u011fi\u015fiklikleri: Kendine \u00d6zg\u00fc Bir Assam \u00d6zelli\u011fi<\/h3>\n\n\n\n<p>Assamca&#8217;n\u0131n \u00e7arp\u0131c\u0131 bir y\u00f6n\u00fc, kelimeler birle\u015fti\u011finde veya son ekler eklendi\u011finde ortaya \u00e7\u0131kan sandhi ve fonolojik de\u011fi\u015fimlerin rol\u00fcd\u00fcr. Konu\u015fma dilinde schwa silme, sesli harfler aras\u0131na kayma ekleme ve durum belirte\u00e7leri ve soneklerin alternatif bi\u00e7imleri gibi s\u00fcre\u00e7lerle kar\u015f\u0131la\u015facaks\u0131n\u0131z, \u00f6rne\u011fin tamlama i\u00e7in -or veya -ar ve akuzatif veya datif i\u00e7in -ok veya -ak. Bu de\u011fi\u015fikliklerin ne zaman ve nas\u0131l meydana geldi\u011fini anlamak, Assamca&#8217;da do\u011fru ve do\u011fal ileti\u015fim i\u00e7in hayati \u00f6neme sahiptir.<\/p>\n\n\n\n<h3 class=\"wp-block-heading\" id=\"h-3-nouns-and-pronouns-number-classifiers-and-cases\">3. \u0130simler ve Zamirler: Say\u0131, S\u0131n\u0131fland\u0131r\u0131c\u0131lar ve Durumlar<\/h3>\n\n\n\n<p>Assam isimlerinin dilbilgisel cinsiyeti yoktur, ancak say\u0131 ve kesinlik \u00e7o\u011ful belirte\u00e7ler ve s\u0131n\u0131fland\u0131r\u0131c\u0131lar arac\u0131l\u0131\u011f\u0131yla ifade edilir. Yayg\u0131n \u00e7o\u011ful belirte\u00e7ler aras\u0131nda -bor ve -bilak bulunurken, -ta, -khon ve -zoni gibi s\u0131n\u0131fland\u0131r\u0131c\u0131lar rakam veya kesinlik i\u00e7eren isim tamlamalar\u0131nda s\u0131k g\u00f6r\u00fcl\u00fcr. Assamca, tamlayan -veya veya -ar, akuzatif veya datif -ok veya -ak, konumsal -at veya -ot, ara\u00e7sal veya etken -e, ablatif -pora ve komitatif logot dahil olmak \u00fczere edatlar ve durum belirte\u00e7leri kullan\u0131r. Zamirler, moi I, toi veya tumi veya apuni u gibi farkl\u0131 d\u00fczeylerde a\u015final\u0131k ve nezaket i\u00e7eren ki\u015fisel bi\u00e7imleri ve ami we ve teolok they gibi \u00e7o\u011fullarla se he veya she&#8217;yi i\u00e7erir. \u0130yelik bi\u00e7imleri tamlamayla yap\u0131l\u0131r, \u00f6rne\u011fin mur my, tomar ur, apunar your kibar, tar onun. D\u00f6n\u00fc\u015fl\u00fc nij ve nijeke, eita this ve seita bunu g\u00f6sterir ve kune who, ki what, kot where ve ketiya when gibi sorular \u00f6\u011frenmek i\u00e7in gereklidir.<\/p>\n\n\n\n<h3 class=\"wp-block-heading\" id=\"h-4-verbs-structure-and-conjugation\">4. Fiiller: Yap\u0131 ve \u00c7ekim<\/h3>\n\n\n\n<p>Assamca fiiller zaman, g\u00f6r\u00fcn\u00fc\u015f, ruh hali ve kutupluluk i\u00e7in genellikle yard\u0131mc\u0131 maddelerle i\u015faretlenir ve s\u0131n\u0131rl\u0131 bir uyum g\u00f6sterir. Temel zamanlar, ilerici ve m\u00fckemmeliyet gibi y\u00f6nlerin yan\u0131 s\u0131ra \u015fimdiki zaman, ge\u00e7mi\u015f ve gelecek&#8217;tir. Olumsuzlama tipik olarak fiilden veya yard\u0131mc\u0131dan \u00f6nce na kullan\u0131r ve olumsuz varolu\u015fsal nai&#8217;dir. Zorunluluklar nezaket d\u00fczeyine g\u00f6re de\u011fi\u015fir, \u00f6rne\u011fin kor do, kora veya korun kibar. Temel \u00e7ekim kal\u0131plar\u0131n\u0131 ve yard\u0131mc\u0131lar\u0131n g\u00f6r\u00fcn\u00fc\u015f\u00fc nas\u0131l ifade etti\u011fini \u00f6\u011frenmek, Assamca&#8217;da etkili bir \u015fekilde ileti\u015fim kurma yetene\u011finizi b\u00fcy\u00fck \u00f6l\u00e7\u00fcde geli\u015ftirecektir.<\/p>\n\n\n\n<h3 class=\"wp-block-heading\" id=\"h-5-adjectives-agreement-and-placement\">5. S\u0131fatlar: Anla\u015fma ve Yerle\u015ftirme<\/h3>\n\n\n\n<p>n Assam dilbilgisi, s\u0131fatlar tipik olarak de\u011fi\u015ftirdikleri isimden \u00f6nce gelir ve isimle cinsiyet veya say\u0131 bak\u0131m\u0131ndan uyu\u015fmaz. Kar\u015f\u0131la\u015ft\u0131rma dereceleri genellikle zarflar ve perifrastik yap\u0131larla olu\u015fturulur, \u00f6rne\u011fin daha fazlas\u0131 i\u00e7in besi ve vurgu i\u00e7in \u00e7ok belirte\u00e7leri kullan\u0131l\u0131r. Ortak kal\u0131plar\u0131 \u00f6\u011frenmek, g\u00fcnl\u00fck konu\u015fmada do\u011fal g\u00f6r\u00fcnmenize yard\u0131mc\u0131 olacakt\u0131r.  <\/p>\n\n\n\n<p><strong>\u00d6rnekler:<\/strong><\/p>\n\n\n\n<p><strong>\u2013 Dangor Morom (B\u00fcy\u00fck A\u015fk)<\/strong><\/p>\n\n\n\n<p><strong>\u2013 Xoru Sishu-Bilak (K\u00fc\u00e7\u00fck \u00c7ocuklar)<\/strong><\/p>\n\n\n\n<h3 class=\"wp-block-heading\" id=\"h-6-engaging-with-the-language\">6. Dil ile \u0130lgi Kurmak<\/h3>\n\n\n\n<p>Assamca dilbilgisini tam olarak anlaman\u0131n ve i\u00e7selle\u015ftirmenin en etkili yolu, dille tutarl\u0131 bir \u015fekilde etkile\u015fim kurmakt\u0131r. Assam edebiyat\u0131 okuyarak, Assam filmleri veya televizyon dizileri izleyerek, Assam haberlerini veya radyosunu dinleyerek ve anadili \u0130ngilizce olan ki\u015filerle aktif olarak ileti\u015fim kurarak, kelime da\u011farc\u0131\u011f\u0131n\u0131z\u0131 geni\u015fletirken dilbilgisi anlay\u0131\u015f\u0131n\u0131z\u0131 g\u00fc\u00e7lendireceksiniz.<\/p>\n\n\n\n<h3 class=\"wp-block-heading\" id=\"h-conclusion\">Sonu\u00e7<\/h3>\n\n\n\n<p>Assamca dilbilgisi karma\u015f\u0131k g\u00f6r\u00fcnse de, \u00f6zveri, pratik ve co\u015fku ile bu g\u00fczel dilde yetkin hale gelebilirsiniz. Temel kurallara odaklanarak ve farkl\u0131 ba\u011flamlarda dille etkile\u015fime ge\u00e7erek, Assamca <a href=\"https:\/\/talkpal.ai\/tr\/dilbilgisi\/\">dilbilgisi becerilerinizi<\/a> h\u0131zla geli\u015ftireceksiniz. Assamca dil yolculu\u011funuzda Xubheccha (iyi \u015fanslar) ve Assamca dilbilgisinin zengin ve b\u00fcy\u00fcleyici d\u00fcnyas\u0131n\u0131 \u00e7\u00f6zmenin tad\u0131n\u0131 \u00e7\u0131kar\u0131n!<\/p>\n<\/div><\/div>\n\r\n<section class=\"learnNavigationSection\">\r\n            \r\n        <a href=\"https:\/\/talkpal.ai\/tr\/assamca-ogrenin\/\">\r\n            <div class=\"learnNavigationWrapper\">\r\n                <div class=\"learnNavigationContent\">\r\n                    <img decoding=\"async\" src=\"https:\/\/talkpal.ai\/wp-content\/uploads\/2025\/11\/Assamese.png\" alt=\"Indian Simplified Flag\">\r\n                    <div>\r\n                        <h4>Assamca \u00d6\u011frenme Hakk\u0131nda<\/h4>\r\n                        <p>Assam Dilbilgisi hakk\u0131nda her \u015feyi \u00f6\u011frenin.<\/p>\r\n                    <\/div>\r\n                <\/div>\r\n            <\/div>\r\n        <\/a>\r\n\r\n        \r\n        <a href=\"https:\/\/talkpal.ai\/tr\/assamca-dilbilgisi-alistirmalari\/\">\r\n            <div class=\"learnNavigationWrapper\">\r\n                <div class=\"learnNavigationContent\">\r\n                    <img decoding=\"async\" src=\"https:\/\/talkpal.ai\/wp-content\/uploads\/2025\/11\/Assamese.png\" alt=\"Indian Simplified Flag\">\r\n                    <div>\r\n                        <h4>Assamca Dilbilgisi Al\u0131\u015ft\u0131rmas\u0131<\/h4>\r\n                        <p>Assamca dilbilgisi prati\u011fi yap\u0131n.<\/p>\r\n                    <\/div>\r\n                <\/div>\r\n            <\/div>\r\n        <\/a>\r\n\r\n            <\/section>","protected":false},"excerpt":{"rendered":"<p>Assam Dilbilgisinin \u0130nceliklerinde Gezinmek Zengin bir tarihe ve k\u00fclt\u00fcrel \u00f6neme sahip bir Hint-Aryan dili olan Assamca, benzersiz gramer sistemini ke\u015ffetmeye istekli olanlar i\u00e7in heyecan verici bir dil deneyimi sunuyor. Assam diyar\u0131na ad\u0131m att\u0131\u011f\u0131n\u0131zda, yaln\u0131zca dil repertuar\u0131n\u0131z\u0131 zenginle\u015ftirmekle kalmayacak, ayn\u0131 zamanda b\u00fcy\u00fcleyici bir k\u00fclt\u00fcrel yolculu\u011fu da kucaklayacaks\u0131n\u0131z. Assamca dilbilgisi ilk ba\u015fta karma\u015f\u0131k g\u00f6r\u00fcnse de, onu temel [&hellip;]<\/p>\n","protected":false},"author":20,"featured_media":0,"parent":0,"menu_order":0,"comment_status":"closed","ping_status":"closed","template":"LearningContentPage.php","meta":{"_acf_changed":false,"footnotes":""},"class_list":["post-1474848","page","type-page","status-publish","hentry"],"acf":[],"yoast_head":"<!-- This site is optimized with the Yoast SEO Premium plugin v27.2 (Yoast SEO v27.2) - https:\/\/yoast.com\/product\/yoast-seo-premium-wordpress\/ -->\n<title>Assam Dilbilgisi - Talkpal<\/title>\n<meta name=\"description\" content=\"Yeterlili\u011finizi art\u0131rmak ve bug\u00fcn mutlak bir g\u00fcvenle konu\u015fmak i\u00e7in Talkpal AI ile Assamca dilbilgisinin inceliklerinde ustala\u015f\u0131n.\" \/>\n<meta name=\"robots\" content=\"index, follow, max-snippet:-1, max-image-preview:large, max-video-preview:-1\" \/>\n<link rel=\"canonical\" href=\"https:\/\/talkpal.ai\/tr\/assam-dilbilgisi\/\" \/>\n<meta property=\"og:locale\" content=\"tr_TR\" \/>\n<meta property=\"og:type\" content=\"article\" \/>\n<meta property=\"og:title\" content=\"Assam Dilbilgisi\" \/>\n<meta property=\"og:description\" content=\"Assam Dilbilgisinin \u0130nceliklerinde Gezinmek Zengin bir tarihe ve k\u00fclt\u00fcrel \u00f6neme sahip bir Hint-Aryan dili olan Assamca, benzersiz gramer sistemini\" \/>\n<meta property=\"og:url\" content=\"https:\/\/talkpal.ai\/tr\/assam-dilbilgisi\/\" \/>\n<meta property=\"og:site_name\" content=\"Talkpal\" \/>\n<meta property=\"article:publisher\" content=\"https:\/\/www.facebook.com\/profile.php?id=100090733639311\" \/>\n<meta property=\"article:modified_time\" content=\"2025-12-30T15:40:35+00:00\" \/>\n<meta property=\"og:image\" content=\"https:\/\/talkpal.ai\/wp-content\/uploads\/2025\/02\/Progress-tab-16_9.png\" \/>\n\t<meta property=\"og:image:width\" content=\"2880\" \/>\n\t<meta property=\"og:image:height\" content=\"1620\" \/>\n\t<meta property=\"og:image:type\" content=\"image\/png\" \/>\n<meta name=\"twitter:card\" content=\"summary_large_image\" \/>\n<meta name=\"twitter:site\" content=\"@talkpalai\" \/>\n<meta name=\"twitter:label1\" content=\"Tahmini okuma s\u00fcresi\" \/>\n\t<meta name=\"twitter:data1\" content=\"4 dakika\" \/>\n<script type=\"application\/ld+json\" class=\"yoast-schema-graph\">{\"@context\":\"https:\/\/schema.org\",\"@graph\":[{\"@type\":\"WebPage\",\"@id\":\"https:\/\/talkpal.ai\/tr\/assam-dilbilgisi\/\",\"url\":\"https:\/\/talkpal.ai\/tr\/assam-dilbilgisi\/\",\"name\":\"Assam Dilbilgisi - Talkpal\",\"isPartOf\":{\"@id\":\"https:\/\/talkpal.ai\/tr\/#website\"},\"datePublished\":\"2025-11-11T15:06:39+00:00\",\"dateModified\":\"2025-12-30T15:40:35+00:00\",\"description\":\"Yeterlili\u011finizi art\u0131rmak ve bug\u00fcn mutlak bir g\u00fcvenle konu\u015fmak i\u00e7in Talkpal AI ile Assamca dilbilgisinin inceliklerinde ustala\u015f\u0131n.\",\"breadcrumb\":{\"@id\":\"https:\/\/talkpal.ai\/tr\/assam-dilbilgisi\/#breadcrumb\"},\"inLanguage\":\"tr\",\"potentialAction\":[{\"@type\":\"ReadAction\",\"target\":[\"https:\/\/talkpal.ai\/tr\/assam-dilbilgisi\/\"]}]},{\"@type\":\"BreadcrumbList\",\"@id\":\"https:\/\/talkpal.ai\/tr\/assam-dilbilgisi\/#breadcrumb\",\"itemListElement\":[{\"@type\":\"ListItem\",\"position\":1,\"name\":\"Homepage\",\"item\":\"https:\/\/talkpal.ai\/tr\/\"},{\"@type\":\"ListItem\",\"position\":2,\"name\":\"Assam Dilbilgisi\"}]},{\"@type\":\"WebSite\",\"@id\":\"https:\/\/talkpal.ai\/tr\/#website\",\"url\":\"https:\/\/talkpal.ai\/tr\/\",\"name\":\"Talkpal\",\"description\":\"AI Language Learning\",\"publisher\":{\"@id\":\"https:\/\/talkpal.ai\/tr\/#organization\"},\"alternateName\":\"Talkpal AI\",\"potentialAction\":[{\"@type\":\"SearchAction\",\"target\":{\"@type\":\"EntryPoint\",\"urlTemplate\":\"https:\/\/talkpal.ai\/tr\/?s={search_term_string}\"},\"query-input\":{\"@type\":\"PropertyValueSpecification\",\"valueRequired\":true,\"valueName\":\"search_term_string\"}}],\"inLanguage\":\"tr\"},{\"@type\":\"Organization\",\"@id\":\"https:\/\/talkpal.ai\/tr\/#organization\",\"name\":\"Talkpal, Inc.\",\"alternateName\":\"Talkpal AI\",\"url\":\"https:\/\/talkpal.ai\/tr\/\",\"logo\":{\"@type\":\"ImageObject\",\"inLanguage\":\"tr\",\"@id\":\"https:\/\/talkpal.ai\/tr\/#\/schema\/logo\/image\/\",\"url\":\"https:\/\/talkpal.ai\/wp-content\/uploads\/2024\/03\/Talkpal-Logo-Icon.png\",\"contentUrl\":\"https:\/\/talkpal.ai\/wp-content\/uploads\/2024\/03\/Talkpal-Logo-Icon.png\",\"width\":2880,\"height\":2880,\"caption\":\"Talkpal, Inc.\"},\"image\":{\"@id\":\"https:\/\/talkpal.ai\/tr\/#\/schema\/logo\/image\/\"},\"sameAs\":[\"https:\/\/www.facebook.com\/profile.php?id=100090733639311\",\"https:\/\/x.com\/talkpalai\",\"https:\/\/www.linkedin.com\/company\/talkpal\/\",\"https:\/\/www.youtube.com\/@TalkPal\/\",\"https:\/\/www.tiktok.com\/@talkpal\",\"https:\/\/www.instagram.com\/talkpal_ai\/\",\"https:\/\/www.crunchbase.com\/organization\/talkpal-9cde\",\"https:\/\/www.g2.com\/products\/talkpal-for-business\/\",\"https:\/\/www.trustpilot.com\/review\/talkpal.ai\",\"https:\/\/www.capterra.com\/p\/10006800\/TalkPal\/\"],\"description\":\"Talkpal is a language learning web and mobile education app, powered by the latest AI technologies, that provides engaging experiences to its customers in many different languages to help them improve their language skills. Users can chat about unlimited amount of topics with the app and use other modes to practice their language learning.\",\"email\":\"support@talkpal.ai\",\"legalName\":\"Talkpal, Inc.\",\"foundingDate\":\"2023-04-03\",\"duns\":\"118989042\",\"numberOfEmployees\":{\"@type\":\"QuantitativeValue\",\"minValue\":\"11\",\"maxValue\":\"50\"},\"publishingPrinciples\":\"https:\/\/talkpal.ai\/publishing-principles\/\",\"actionableFeedbackPolicy\":\"https:\/\/talkpal.ai\/actionable-feedback-policy\/\",\"correctionsPolicy\":\"https:\/\/talkpal.ai\/corrections-policy\/\",\"ethicsPolicy\":\"https:\/\/talkpal.ai\/ethics-policy\/\",\"diversityPolicy\":\"https:\/\/talkpal.ai\/diversity-policy\/\",\"diversityStaffingReport\":\"https:\/\/talkpal.ai\/diversity-policy\/\"}]}<\/script>\n<!-- \/ Yoast SEO Premium plugin. -->","yoast_head_json":{"title":"Assam Dilbilgisi - Talkpal","description":"Yeterlili\u011finizi art\u0131rmak ve bug\u00fcn mutlak bir g\u00fcvenle konu\u015fmak i\u00e7in Talkpal AI ile Assamca dilbilgisinin inceliklerinde ustala\u015f\u0131n.","robots":{"index":"index","follow":"follow","max-snippet":"max-snippet:-1","max-image-preview":"max-image-preview:large","max-video-preview":"max-video-preview:-1"},"canonical":"https:\/\/talkpal.ai\/tr\/assam-dilbilgisi\/","og_locale":"tr_TR","og_type":"article","og_title":"Assam Dilbilgisi","og_description":"Assam Dilbilgisinin \u0130nceliklerinde Gezinmek Zengin bir tarihe ve k\u00fclt\u00fcrel \u00f6neme sahip bir Hint-Aryan dili olan Assamca, benzersiz gramer sistemini","og_url":"https:\/\/talkpal.ai\/tr\/assam-dilbilgisi\/","og_site_name":"Talkpal","article_publisher":"https:\/\/www.facebook.com\/profile.php?id=100090733639311","article_modified_time":"2025-12-30T15:40:35+00:00","og_image":[{"width":2880,"height":1620,"url":"https:\/\/talkpal.ai\/wp-content\/uploads\/2025\/02\/Progress-tab-16_9.png","type":"image\/png"}],"twitter_card":"summary_large_image","twitter_site":"@talkpalai","twitter_misc":{"Tahmini okuma s\u00fcresi":"4 dakika"},"schema":{"@context":"https:\/\/schema.org","@graph":[{"@type":"WebPage","@id":"https:\/\/talkpal.ai\/tr\/assam-dilbilgisi\/","url":"https:\/\/talkpal.ai\/tr\/assam-dilbilgisi\/","name":"Assam Dilbilgisi - Talkpal","isPartOf":{"@id":"https:\/\/talkpal.ai\/tr\/#website"},"datePublished":"2025-11-11T15:06:39+00:00","dateModified":"2025-12-30T15:40:35+00:00","description":"Yeterlili\u011finizi art\u0131rmak ve bug\u00fcn mutlak bir g\u00fcvenle konu\u015fmak i\u00e7in Talkpal AI ile Assamca dilbilgisinin inceliklerinde ustala\u015f\u0131n.","breadcrumb":{"@id":"https:\/\/talkpal.ai\/tr\/assam-dilbilgisi\/#breadcrumb"},"inLanguage":"tr","potentialAction":[{"@type":"ReadAction","target":["https:\/\/talkpal.ai\/tr\/assam-dilbilgisi\/"]}]},{"@type":"BreadcrumbList","@id":"https:\/\/talkpal.ai\/tr\/assam-dilbilgisi\/#breadcrumb","itemListElement":[{"@type":"ListItem","position":1,"name":"Homepage","item":"https:\/\/talkpal.ai\/tr\/"},{"@type":"ListItem","position":2,"name":"Assam Dilbilgisi"}]},{"@type":"WebSite","@id":"https:\/\/talkpal.ai\/tr\/#website","url":"https:\/\/talkpal.ai\/tr\/","name":"Talkpal","description":"AI Language Learning","publisher":{"@id":"https:\/\/talkpal.ai\/tr\/#organization"},"alternateName":"Talkpal AI","potentialAction":[{"@type":"SearchAction","target":{"@type":"EntryPoint","urlTemplate":"https:\/\/talkpal.ai\/tr\/?s={search_term_string}"},"query-input":{"@type":"PropertyValueSpecification","valueRequired":true,"valueName":"search_term_string"}}],"inLanguage":"tr"},{"@type":"Organization","@id":"https:\/\/talkpal.ai\/tr\/#organization","name":"Talkpal, Inc.","alternateName":"Talkpal AI","url":"https:\/\/talkpal.ai\/tr\/","logo":{"@type":"ImageObject","inLanguage":"tr","@id":"https:\/\/talkpal.ai\/tr\/#\/schema\/logo\/image\/","url":"https:\/\/talkpal.ai\/wp-content\/uploads\/2024\/03\/Talkpal-Logo-Icon.png","contentUrl":"https:\/\/talkpal.ai\/wp-content\/uploads\/2024\/03\/Talkpal-Logo-Icon.png","width":2880,"height":2880,"caption":"Talkpal, Inc."},"image":{"@id":"https:\/\/talkpal.ai\/tr\/#\/schema\/logo\/image\/"},"sameAs":["https:\/\/www.facebook.com\/profile.php?id=100090733639311","https:\/\/x.com\/talkpalai","https:\/\/www.linkedin.com\/company\/talkpal\/","https:\/\/www.youtube.com\/@TalkPal\/","https:\/\/www.tiktok.com\/@talkpal","https:\/\/www.instagram.com\/talkpal_ai\/","https:\/\/www.crunchbase.com\/organization\/talkpal-9cde","https:\/\/www.g2.com\/products\/talkpal-for-business\/","https:\/\/www.trustpilot.com\/review\/talkpal.ai","https:\/\/www.capterra.com\/p\/10006800\/TalkPal\/"],"description":"Talkpal is a language learning web and mobile education app, powered by the latest AI technologies, that provides engaging experiences to its customers in many different languages to help them improve their language skills. Users can chat about unlimited amount of topics with the app and use other modes to practice their language learning.","email":"support@talkpal.ai","legalName":"Talkpal, Inc.","foundingDate":"2023-04-03","duns":"118989042","numberOfEmployees":{"@type":"QuantitativeValue","minValue":"11","maxValue":"50"},"publishingPrinciples":"https:\/\/talkpal.ai\/publishing-principles\/","actionableFeedbackPolicy":"https:\/\/talkpal.ai\/actionable-feedback-policy\/","correctionsPolicy":"https:\/\/talkpal.ai\/corrections-policy\/","ethicsPolicy":"https:\/\/talkpal.ai\/ethics-policy\/","diversityPolicy":"https:\/\/talkpal.ai\/diversity-policy\/","diversityStaffingReport":"https:\/\/talkpal.ai\/diversity-policy\/"}]}},"_links":{"self":[{"href":"https:\/\/talkpal.ai\/tr\/wp-json\/wp\/v2\/pages\/1474848","targetHints":{"allow":["GET"]}}],"collection":[{"href":"https:\/\/talkpal.ai\/tr\/wp-json\/wp\/v2\/pages"}],"about":[{"href":"https:\/\/talkpal.ai\/tr\/wp-json\/wp\/v2\/types\/page"}],"author":[{"embeddable":true,"href":"https:\/\/talkpal.ai\/tr\/wp-json\/wp\/v2\/users\/20"}],"replies":[{"embeddable":true,"href":"https:\/\/talkpal.ai\/tr\/wp-json\/wp\/v2\/comments?post=1474848"}],"version-history":[{"count":0,"href":"https:\/\/talkpal.ai\/tr\/wp-json\/wp\/v2\/pages\/1474848\/revisions"}],"wp:attachment":[{"href":"https:\/\/talkpal.ai\/tr\/wp-json\/wp\/v2\/media?parent=1474848"}],"curies":[{"name":"wp","href":"https:\/\/api.w.org\/{rel}","templated":true}]}}